{"id":46795,"date":"2025-06-16T05:48:40","date_gmt":"2025-06-15T21:48:40","guid":{"rendered":"https:\/\/demostore.ai\/?post_type=product&#038;p=46795"},"modified":"2026-02-17T22:41:59","modified_gmt":"2026-02-17T14:41:59","slug":"macbook-air","status":"publish","type":"product","link":"https:\/\/demostore.ai\/vi\/san-pham\/macbook-air\/","title":{"rendered":"MacBook Air"},"content":{"rendered":"<section data-wtai-block-id=\"wtai_product_description_features\" class=\"wtai-section wtai-features-section\">\n<h2>\u0110i\u1ec3m N\u1ed5i B\u1eadt S\u1ea3n Ph\u1ea9m<\/h2>\n<ul>\n<li>Thi\u1ebft k\u1ebf si\u00eau m\u1ecfng nh\u1eb9 v\u1edbi v\u1ecf nh\u00f4m nguy\u00ean kh\u1ed1i, logo Apple s\u00e1ng b\u00f3ng n\u1ed5i b\u1eadt, d\u1ec5 d\u00e0ng c\u1ea7m n\u1eafm v\u00e0 di chuy\u1ec3n.<\/li>\n<li>Chip Apple M-series m\u1edbi \u0111em l\u1ea1i hi\u1ec7u n\u0103ng m\u1ea1nh m\u1ebd v\u1edbi kh\u1ea3 n\u0103ng x\u1eed l\u00fd m\u01b0\u1ee3t m\u00e0 \u0111a t\u00e1c v\u1ee5, ti\u1ebft ki\u1ec7m \u0111i\u1ec7n.<\/li>\n<li>M\u00e0n h\u00ecnh Liquid Retina 13.6 inch s\u1eafc n\u00e9t, m\u00e0u s\u1eafc s\u1ed1ng \u0111\u1ed9ng, t\u00edch h\u1ee3p c\u00f4ng ngh\u1ec7 True Tone b\u1ea3o v\u1ec7 m\u1eaft.<\/li>\n<li>Th\u1eddi l\u01b0\u1ee3ng pin d\u00e0i l\u00ean \u0111\u1ebfn 18 gi\u1edd gi\u00fap l\u00e0m vi\u1ec7c ho\u1eb7c h\u1ecdc t\u1eadp c\u1ea3 ng\u00e0y m\u00e0 kh\u00f4ng c\u1ea7n s\u1ea1c li\u00ean t\u1ee5c.<\/li>\n<li>B\u1ea3o m\u1eadt v\u00e2n tay Touch ID, b\u00e0n ph\u00edm Magic Keyboard c\u00f3 \u0111\u00e8n n\u1ec1n, trackpad Force Touch r\u1ed9ng r\u00e3i h\u1ed7 tr\u1ee3 thao t\u00e1c \u0111a \u0111i\u1ec3m.<\/li>\n<\/ul>\n<\/section>\n<div data-wtai-block-id=\"wtai_product_description_image_1753694476277\" class=\"wtai-section wtai-image_1753694476277-section\">\n<figure class=\"wtai-image-p wtai-align-center\" style=\"text-align:center\"><img decoding=\"async\" src=\"https:\/\/demostore.ai\/wp-content\/uploads\/2025\/06\/Laptop-2-scaled-1-600x510.png\" alt=\"MacBook Air m\u00e0u b\u1ea1c, m\u00e0n h\u00ecnh m\u1edf, hi\u1ec3n th\u1ecb b\u00e0n ph\u00edm v\u00e0 trackpad tr\u00ean trang s\u1ea3n ph\u1ea9m.\" srcset=\"https:\/\/demostore.ai\/wp-content\/uploads\/2025\/06\/Laptop-2-scaled-1.png 1000w, https:\/\/demostore.ai\/wp-content\/uploads\/2025\/06\/Laptop-2-scaled-1-300x255.png 300w, https:\/\/demostore.ai\/wp-content\/uploads\/2025\/06\/Laptop-2-scaled-1-768x653.png 768w, https:\/\/demostore.ai\/wp-content\/uploads\/2025\/06\/Laptop-2-scaled-1-600x510.png 600w\"><figcaption>\n<p>Thi\u1ebft k\u1ebf nguy\u00ean kh\u1ed1i si\u00eau m\u1ecfng, s\u1eafc n\u00e9t v\u1edbi vi\u1ec1n m\u00e0n h\u00ecnh \u0111en hi\u1ec7n \u0111\u1ea1i v\u00e0 touchpad r\u1ed9ng.<\/p>\n<\/figcaption><\/figure>\n<\/p><\/div>\n<section data-wtai-block-id=\"wtai_product_description_advantages\" class=\"wtai-section wtai-advantages-section\">\n<h2>\u01afu Th\u1ebf V\u01b0\u1ee3t Tr\u1ed9i<\/h2>\n<p><em>MacBook Air mang l\u1ea1i tr\u1ea3i nghi\u1ec7m s\u1eed d\u1ee5ng c\u1ef1c k\u1ef3 nh\u1eb9 nh\u00e0ng nh\u1edd thi\u1ebft k\u1ebf m\u1ecfng g\u1ecdn v\u00e0 kh\u1ed1i l\u01b0\u1ee3ng th\u1ea5p, r\u1ea5t th\u00edch h\u1ee3p cho ng\u01b0\u1eddi th\u01b0\u1eddng xuy\u00ean di chuy\u1ec3n, c\u1ea7n m\u1ed9t thi\u1ebft b\u1ecb g\u1ecdn v\u00e0 b\u1ec1n.<\/em><\/p>\n<p><em>Hi\u1ec7u n\u0103ng \u1ed5n \u0111\u1ecbnh c\u1ee7a d\u00f2ng chip Apple M-series \u0111\u00e1p \u1ee9ng tr\u01a1n tru m\u1ecdi t\u00e1c v\u1ee5 h\u1eb1ng ng\u00e0y nh\u01b0 l\u01b0\u1edbt web, h\u1ecdp online, x\u1eed l\u00fd v\u0103n b\u1ea3n, c\u0169ng c\u00f3 th\u1ec3 ch\u1ec9nh s\u1eeda h\u00ecnh \u1ea3nh hay video c\u01a1 b\u1ea3n m\u00e0 kh\u00f4ng b\u1ecb gi\u1eadt lag.<\/em><\/p>\n<p><em>M\u00e0n h\u00ecnh ch\u1ea5t l\u01b0\u1ee3ng cao cho ph\u00e9p theo d\u00f5i n\u1ed9i dung, l\u00e0m vi\u1ec7c v\u00e0 gi\u1ea3i tr\u00ed trong th\u1eddi gian d\u00e0i m\u00e0 kh\u00f4ng g\u00e2y m\u1ecfi m\u1eaft, \u0111\u1ed3ng th\u1eddi mang l\u1ea1i h\u00ecnh \u1ea3nh r\u00f5 n\u00e9t, m\u00e0u s\u1eafc ch\u00e2n th\u1ef1c.<\/em><\/p>\n<p><em>Th\u1eddi l\u01b0\u1ee3ng pin k\u00e9o d\u00e0i l\u00e0m gi\u1ea3m lo l\u1eafng khi qu\u00ean s\u1ea1c, h\u1ed7 tr\u1ee3 c\u00e1c bu\u1ed5i h\u1ecdp, h\u1ecdc online ho\u1eb7c l\u00e0m vi\u1ec7c ngo\u00e0i tr\u1eddi li\u00ean t\u1ee5c m\u00e0 kh\u00f4ng c\u1ea7n t\u00ecm ngu\u1ed3n \u0111i\u1ec7n.<\/em><\/p>\n<p><em>T\u00edch h\u1ee3p b\u1ea3o m\u1eadt v\u00e2n tay, micro l\u1ecdc ti\u1ebfng v\u00e0 camera s\u1eafc n\u00e9t gi\u00fap t\u1ed1i \u01b0u an ninh l\u1eabn tr\u1ea3i nghi\u1ec7m g\u1ecdi video ch\u1ea5t l\u01b0\u1ee3ng.<\/em><\/p>\n<\/section>\n<section data-wtai-block-id=\"wtai_product_description_benefits\" class=\"wtai-section wtai-benefits-section\">\n<h3>L\u1ee3i \u00cdch Khi S\u1eed D\u1ee5ng<\/h3>\n<ul>\n<li>Di chuy\u1ec3n th\u01b0\u1eddng xuy\u00ean kh\u00f4ng c\u00f2n m\u1ec7t m\u1ecfi nh\u1edd m\u00e1y si\u00eau nh\u1eb9, g\u1ecdn g\u00e0ng, d\u1ec5 mang theo b\u00ean ng\u01b0\u1eddi c\u1ea3 ng\u00e0y.<\/li>\n<li>T\u0103ng hi\u1ec7u qu\u1ea3 c\u00f4ng vi\u1ec7c nh\u1edd kh\u1ea3 n\u0103ng x\u1eed l\u00fd nhanh ch\u00f3ng c\u00e1c t\u00e1c v\u1ee5 v\u0103n ph\u00f2ng, h\u1ecdc t\u1eadp, k\u1ec3 c\u1ea3 ch\u1ec9nh s\u1eeda \u1ea3nh\/video \u1edf m\u1ee9c c\u01a1 b\u1ea3n.<\/li>\n<li>Gi\u1ea3i tr\u00ed v\u00e0 h\u1ecdc t\u1eadp tho\u1ea3i m\u00e1i h\u01a1n nh\u1edd m\u00e0n h\u00ecnh \u0111\u1eb9p, hi\u1ec3n th\u1ecb s\u1eafc n\u00e9t v\u00e0 gi\u1ea3m ch\u00f3i gi\u00fap gi\u1ea3m m\u1ecfi m\u1eaft.<\/li>\n<li>Lo l\u1eafng v\u1ec1 b\u1ea3o m\u1eadt \u0111\u01b0\u1ee3c gi\u1ea3i quy\u1ebft b\u1eb1ng h\u1ec7 th\u1ed1ng nh\u1eadn di\u1ec7n v\u00e2n tay Touch ID, v\u1eeba nhanh v\u1eeba an to\u00e0n cho d\u1eef li\u1ec7u c\u00e1 nh\u00e2n.<\/li>\n<\/ul>\n<\/section>\n<section data-wtai-block-id=\"wtai_product_description_use_cases\" class=\"wtai-section wtai-use_cases-section\">\n<h3>T\u00ecnh Hu\u1ed1ng \u1ee8ng D\u1ee5ng<\/h3>\n<ol>\n<li>L\u00e0m vi\u1ec7c di \u0111\u1ed9ng, h\u1ed9i h\u1ecdp tr\u1ef1c tuy\u1ebfn t\u1eeb xa ho\u1eb7c di chuy\u1ec3n li\u00ean t\u1ee5c nh\u1edd pin l\u00e2u, m\u00e1y nh\u1eb9.<\/li>\n<li>H\u1ecdc online, so\u1ea1n th\u1ea3o v\u0103n b\u1ea3n, l\u1eadp tr\u00ecnh c\u01a1 b\u1ea3n ho\u1eb7c nghi\u00ean c\u1ee9u t\u00e0i li\u1ec7u t\u1ea1i nh\u00e0, v\u0103n ph\u00f2ng, qu\u00e1n c\u00e0 ph\u00ea.<\/li>\n<li>Ch\u1ec9nh s\u1eeda h\u00ecnh \u1ea3nh, video c\u01a1 b\u1ea3n ho\u1eb7c s\u00e1ng t\u1ea1o n\u1ed9i dung s\u1ed1 tr\u00ean c\u00e1c n\u1ec1n t\u1ea3ng ph\u1ed5 bi\u1ebfn.<\/li>\n<li>Tr\u00ecnh chi\u1ebfu b\u00e0i thuy\u1ebft tr\u00ecnh, b\u00e1o c\u00e1o ho\u1eb7c tham gia s\u1ef1 ki\u1ec7n, workshop linh ho\u1ea1t nh\u1edd d\u1ec5 k\u1ebft n\u1ed1i m\u00e0n h\u00ecnh ngo\u00e0i.<\/li>\n<li>Xem phim, nghe nh\u1ea1c, gi\u1ea3i tr\u00ed c\u00e1 nh\u00e2n v\u1edbi m\u00e0n h\u00ecnh \u0111\u1eb9p v\u00e0 \u00e2m thanh s\u1ed1ng \u0111\u1ed9ng, kh\u00f4ng gi\u00e1n \u0111o\u1ea1n v\u00ec pin y\u1ebfu.<\/li>\n<\/ol>\n<\/section>\n<div data-wtai-block-id=\"wtai_product_description_image_1\" class=\"wtai-section wtai-image_1-section\">\n<figure class=\"wtai-image-p wtai-align-center\" style=\"text-align:center\"><img decoding=\"async\" src=\"https:\/\/demostore.ai\/wp-content\/uploads\/2025\/06\/Laptop-1-scaled-1-600x384.png\" alt=\"MacBook Air m\u00e0u b\u1ea1c v\u1edbi logo Apple n\u1eb1m \u1edf gi\u1eefa n\u1eafp m\u00e1y, thi\u1ebft k\u1ebf m\u1ecfng nh\u1eb9 hi\u1ec7n \u0111\u1ea1i.\" srcset=\"https:\/\/demostore.ai\/wp-content\/uploads\/2025\/06\/Laptop-1-scaled-1.png 1000w, https:\/\/demostore.ai\/wp-content\/uploads\/2025\/06\/Laptop-1-scaled-1-300x192.png 300w, https:\/\/demostore.ai\/wp-content\/uploads\/2025\/06\/Laptop-1-scaled-1-768x492.png 768w, https:\/\/demostore.ai\/wp-content\/uploads\/2025\/06\/Laptop-1-scaled-1-600x384.png 600w\"><\/figure>\n<\/p><\/div>\n<section data-wtai-block-id=\"wtai_product_description_technical_specifications\" class=\"wtai-section wtai-technical_specifications-section\">\n<h2>Th\u00f4ng S\u1ed1 K\u1ef9 Thu\u1eadt<\/h2>\n<ul>\n<li><strong>Chip x\u1eed l\u00fd<\/strong>: Apple M2 (ho\u1eb7c t\u00f9y phi\u00ean b\u1ea3n m\u1edbi M3, M4)<\/li>\n<li><strong>CPU<\/strong>: 8 l\u00f5i (4 hi\u1ec7u n\u0103ng + 4 ti\u1ebft ki\u1ec7m \u0111i\u1ec7n)<\/li>\n<li><strong>GPU<\/strong>: 8 ho\u1eb7c 10 l\u00f5i (t\u00f9y phi\u00ean b\u1ea3n)<\/li>\n<li><strong>RAM<\/strong>: 8 GB, 16 GB ho\u1eb7c 24 GB LPDDR5<\/li>\n<li><strong>\u1ed4 c\u1ee9ng SSD<\/strong>: 256 GB, 512 GB, 1 TB, 2 TB<\/li>\n<li><strong>M\u00e0n h\u00ecnh<\/strong>: 13.6&quot; Liquid Retina, 2560 \u00d7 1664 px, 224 ppi<\/li>\n<li><strong>\u0110\u1ed9 s\u00e1ng<\/strong>: 500 nit, h\u1ed7 tr\u1ee3 DCI-P3, True Tone<\/li>\n<li><strong>Camera<\/strong>: FaceTime HD 1080p<\/li>\n<li><strong>\u00c2m thanh<\/strong>: 4 loa, mic 3 micr\u00f4, h\u1ed7 tr\u1ee3 Dolby Atmos<\/li>\n<li><strong>Pin<\/strong>: D\u00f9ng \u0111\u1ebfn 18 gi\u1edd ph\u00e1t video, 15 gi\u1edd l\u01b0\u1edbt web<\/li>\n<li><strong>C\u1ed5ng k\u1ebft n\u1ed1i<\/strong>: 2 Thunderbolt 4 (USB-C), jack 3.5mm<\/li>\n<li><strong>K\u1ebft n\u1ed1i kh\u00f4ng d\u00e2y<\/strong>: Wi-Fi 6, Bluetooth 5.3<\/li>\n<li><strong>Tr\u1ecdng l\u01b0\u1ee3ng<\/strong>: 1.24 kg<\/li>\n<li><strong>K\u00edch th\u01b0\u1edbc<\/strong>: 304.1 mm \u00d7 215 mm \u00d7 11.3 mm<\/li>\n<li><strong>B\u1ea3o m\u1eadt<\/strong>: Touch ID t\u00edch h\u1ee3p tr\u00ean b\u00e0n ph\u00edm<\/li>\n<\/ul>\n<\/section>\n<div data-wtai-block-id=\"wtai_product_description_image_1753694484745\" class=\"wtai-section wtai-image_1753694484745-section\">\n<figure class=\"wtai-image-p wtai-align-center\" style=\"text-align:center\"><img decoding=\"async\" src=\"https:\/\/demostore.ai\/wp-content\/uploads\/2025\/06\/Laptop-4-scaled-1-600x522.png\" alt=\"MacBook Air \u0111ang m\u1edf, hi\u1ec3n th\u1ecb m\u00e0n h\u00ecnh v\u1edbi h\u00ecnh n\u1ec1n r\u1eebng c\u00e2y, b\u00e0n ph\u00edm v\u00e0 touchpad r\u00f5 n\u00e9t.\" srcset=\"https:\/\/demostore.ai\/wp-content\/uploads\/2025\/06\/Laptop-4-scaled-1.png 1000w, https:\/\/demostore.ai\/wp-content\/uploads\/2025\/06\/Laptop-4-scaled-1-300x261.png 300w, https:\/\/demostore.ai\/wp-content\/uploads\/2025\/06\/Laptop-4-scaled-1-768x668.png 768w, https:\/\/demostore.ai\/wp-content\/uploads\/2025\/06\/Laptop-4-scaled-1-600x522.png 600w\"><figcaption>\n<p>M\u00e0n h\u00ecnh Retina hi\u1ec3n th\u1ecb h\u00ecnh \u1ea3nh s\u1ed1ng \u0111\u1ed9ng c\u00f9ng m\u00e0u s\u1eafc t\u1ef1 nhi\u00ean, c\u1ef1c k\u1ef3 ph\u00f9 h\u1ee3p cho c\u00f4ng vi\u1ec7c s\u00e1ng t\u1ea1o.<\/p>\n<\/figcaption><\/figure>\n<\/p><\/div>\n<section data-wtai-block-id=\"wtai_product_description_faqs\" class=\"wtai-section wtai-faqs-section\">\n<h2>C\u00e2u H\u1ecfi Th\u01b0\u1eddng G\u1eb7p<\/h2>\n<p><strong>MacBook Air ph\u00f9 h\u1ee3p v\u1edbi nh\u1eefng ai?<\/strong> <br \/> MacBook Air ph\u00f9 h\u1ee3p cho sinh vi\u00ean, nh\u00e2n vi\u00ean v\u0103n ph\u00f2ng, ng\u01b0\u1eddi l\u00e0m s\u00e1ng t\u1ea1o n\u1ed9i dung c\u01a1 b\u1ea3n, ho\u1eb7c b\u1ea5t k\u1ef3 ai c\u1ea7n laptop nh\u1eb9 nh\u00e0ng, pin l\u00e2u.<\/p>\n<p><strong>M\u00e1y c\u00f3 th\u1ec3 ch\u1ec9nh s\u1eeda video ho\u1eb7c \u1ea3nh chuy\u00ean nghi\u1ec7p kh\u00f4ng?<\/strong> <br \/> MacBook Air \u0111\u00e1p \u1ee9ng t\u1ed1t ch\u1ec9nh s\u1eeda h\u00ecnh \u1ea3nh v\u00e0 video m\u1ee9c \u0111\u1ed9 nh\u1eb9. N\u1ebfu c\u1ea7n x\u1eed l\u00fd d\u1ef1 \u00e1n n\u1eb7ng, b\u1ea1n n\u00ean xem x\u00e9t d\u00f2ng MacBook Pro c\u1ea5u h\u00ecnh cao h\u01a1n.<\/p>\n<p><strong>MacBook Air c\u00f3 d\u1ec5 mang theo kh\u00f4ng?<\/strong> <br \/> M\u00e1y \u0111\u01b0\u1ee3c thi\u1ebft k\u1ebf c\u1ef1c k\u1ef3 m\u1ecfng nh\u1eb9, ch\u1ec9 1.24 kg v\u00e0 r\u1ea5t g\u1ecdn, ph\u00f9 h\u1ee3p v\u1edbi m\u1ecdi lo\u1ea1i balo, t\u00fai x\u00e1ch.<\/p>\n<p><strong>L\u00e0m sao \u0111\u1ec3 t\u1ed1i \u01b0u h\u00f3a pin cho MacBook Air?<\/strong> <br \/> N\u00ean gi\u1ea3m \u0111\u1ed9 s\u00e1ng m\u00e0n h\u00ecnh, \u0111\u00f3ng b\u1edbt \u1ee9ng d\u1ee5ng ch\u1ea1y n\u1ec1n v\u00e0 ch\u1ec9 s\u1ea1c khi c\u1ea7n \u0111\u1ec3 k\u00e9o d\u00e0i tu\u1ed5i th\u1ecd pin.<\/p>\n<p><strong>M\u00e1y c\u00f3 n\u00e2ng c\u1ea5p \u0111\u01b0\u1ee3c RAM hay \u1ed5 c\u1ee9ng kh\u00f4ng?<\/strong> <br \/> MacBook Air kh\u00f4ng h\u1ed7 tr\u1ee3 n\u00e2ng c\u1ea5p RAM v\u00e0 SSD sau khi mua, b\u1ea1n c\u1ea7n ch\u1ecdn c\u1ea5u h\u00ecnh ph\u00f9 h\u1ee3p tr\u01b0\u1edbc khi \u0111\u1eb7t h\u00e0ng.<\/p>\n<\/section>\n<div data-wtai-block-id=\"wtai_product_description_conclusion\" class=\"wtai-section wtai-conclusion-section\">\n<p><strong>MacBook Air l\u00e0 l\u1ef1a ch\u1ecdn ho\u00e0n h\u1ea3o n\u1ebfu b\u1ea1n c\u1ea7n m\u1ed9t chi\u1ebfc laptop ti\u1ec7n l\u1ee3i, hi\u1ec7u n\u0103ng t\u1ed1t v\u00e0 lu\u00f4n s\u1eb5n s\u00e0ng \u0111\u1ed3ng h\u00e0nh t\u1eeb c\u00f4ng vi\u1ec7c \u0111\u1ebfn gi\u1ea3i tr\u00ed.<\/strong> <strong>Thi\u1ebft k\u1ebf sang tr\u1ecdng c\u00f9ng th\u1eddi l\u01b0\u1ee3ng pin \u1ed5n \u0111\u1ecbnh gi\u00fap b\u1ea1n y\u00ean t\u00e2m s\u1eed d\u1ee5ng m\u1ecdi l\u00fac, m\u1ecdi n\u01a1i. \u0110\u1eebng ch\u1ea7n ch\u1eeb n\u1ebfu mu\u1ed1n n\u00e2ng t\u1ea7m tr\u1ea3i nghi\u1ec7m c\u00f4ng ngh\u1ec7 ngay h\u00f4m nay.<\/strong><\/p>\n<\/p><\/div>\n","protected":false},"excerpt":{"rendered":"<div data-wtai-block-id=\"wtai_excerpt_subtitle\" class=\"wtai-section wtai-subtitle-section\">\n<p><em><strong>Si\u00eau m\u1ecfng, nh\u1eb9, sang \u2013 chu\u1ea9n laptop cho m\u1ecdi phong c\u00e1ch s\u1ed1ng hi\u1ec7n \u0111\u1ea1i<\/strong><\/em><\/p>\n<\/p><\/div>\n<div data-wtai-block-id=\"wtai_excerpt_introduction\" class=\"wtai-section wtai-introduction-section\">\n<p>L\u01b0\u1edbt qua thi\u1ebft k\u1ebf nguy\u00ean kh\u1ed1i c\u00f9ng logo Apple \u0111\u1eb7c tr\u01b0ng, ai c\u0169ng nh\u1eadn ra s\u1ee9c h\u00fat c\u1ee7a d\u00f2ng m\u00e1y t\u00ednh n\u00e0y. \u0110\u00e2y l\u00e0 l\u1ef1a ch\u1ecdn linh ho\u1ea1t cho nhi\u1ec1u th\u1ebf h\u1ec7 \u2013 t\u1eeb d\u00e2n c\u00f4ng s\u1edf \u0111\u1ebfn b\u1ea1n tr\u1ebb hay di chuy\u1ec3n \u2013 khi c\u1ea7n m\u1ed9t thi\u1ebft b\u1ecb v\u1eeba th\u1eddi trang v\u1eeba m\u1ea1nh m\u1ebd. Thi\u1ebft k\u1ebf m\u1ecfng nh\u1eb9 gi\u00fap vi\u1ec7c mang theo d\u1ec5 d\u00e0ng, giao di\u1ec7n tr\u1ef1c quan v\u00e0 hi\u1ec7u su\u1ea5t m\u01b0\u1ee3t m\u00e0 n\u00e2ng t\u1ea7m tr\u1ea3i nghi\u1ec7m c\u00f4ng vi\u1ec7c, h\u1ecdc t\u1eadp l\u1eabn gi\u1ea3i tr\u00ed. \u0110\u00e1p \u1ee9ng nhanh c\u00e1c nhu c\u1ea7u th\u01b0\u1eddng ng\u00e0y, chi\u1ebfc laptop n\u00e0y h\u00f2a tr\u1ecdn gi\u1eefa ti\u1ec7n \u00edch, hi\u1ec7u qu\u1ea3 v\u00e0 phong c\u00e1ch hi\u1ec7n \u0111\u1ea1i.<\/p>\n<\/p><\/div>\n","protected":false},"featured_media":19772,"comment_status":"open","ping_status":"closed","template":"","meta":[],"product_brand":[],"product_cat":[245],"product_tag":[],"class_list":{"0":"post-46795","1":"product","2":"type-product","3":"status-publish","4":"has-post-thumbnail","6":"product_cat-dien-tu","8":"first","9":"instock","10":"shipping-taxable","11":"purchasable","12":"product-type-simple"},"bundled_by":[],"bundle_stock_status":"instock","bundle_stock_quantity":null,"bundle_virtual":false,"bundle_layout":"","bundle_add_to_cart_form_location":"","bundle_editable_in_cart":false,"bundle_sold_individually_context":"","bundle_item_grouping":"","bundle_min_size":"","bundle_max_size":"","bundle_price":[],"bundled_items":[],"bundle_sell_ids":[],"yoast_head":"<!-- This site is optimized with the Yoast SEO plugin v25.2 - https:\/\/yoast.com\/wordpress\/plugins\/seo\/ -->\n<title>Grab MacBook Air Chinh Ph\u1ee5c M\u1ecdi C\u00f4ng Vi\u1ec7c H\u1ecdc T\u1eadp<\/title>\n<meta name=\"description\" content=\"Kh\u00e1m ph\u00e1 MacBook Air v\u1edbi thi\u1ebft k\u1ebf si\u00eau m\u1ecfng nh\u1eb9, chip Apple M-series m\u1ea1nh m\u1ebd, m\u00e0n h\u00ecnh s\u1eafc n\u00e9t v\u00e0 pin b\u1ec1n b\u1ec9. L\u1ef1a ch\u1ecdn t\u1ed1i \u01b0u cho nhi\u1ec1u nhu c\u1ea7u s\u1eed d\u1ee5ng.\" \/>\n<meta name=\"robots\" content=\"index, follow, max-snippet:-1, max-image-preview:large, max-video-preview:-1\" \/>\n<link rel=\"canonical\" href=\"https:\/\/demostore.ai\/vi\/san-pham\/macbook-air\/\" \/>\n<meta property=\"og:type\" content=\"article\" \/>\n<meta property=\"og:title\" content=\"Grab MacBook Air Chinh Ph\u1ee5c M\u1ecdi C\u00f4ng Vi\u1ec7c H\u1ecdc T\u1eadp\" \/>\n<meta property=\"og:description\" content=\"\u1ea4n t\u01b0\u1ee3ng v\u1edbi MacBook Air thi\u1ebft k\u1ebf nh\u00f4m nguy\u00ean kh\u1ed1i, chip Apple m\u1ea1nh m\u1ebd, pin l\u00e2u, m\u00e0n h\u00ecnh r\u00f5 n\u00e9t. Gi\u1ea3i ph\u00e1p l\u00fd t\u01b0\u1edfng cho h\u1ecdc t\u1eadp, l\u00e0m vi\u1ec7c v\u00e0 gi\u1ea3i tr\u00ed di \u0111\u1ed9ng.\" \/>\n<meta property=\"og:url\" content=\"https:\/\/demostore.ai\/vi\/san-pham\/macbook-air\/\" \/>\n<meta property=\"og:site_name\" content=\"Trendy Thread\" \/>\n<meta property=\"article:modified_time\" content=\"2026-02-17T14:41:59+00:00\" \/>\n<meta property=\"og:image\" content=\"https:\/\/demostore.ai\/wp-content\/uploads\/2025\/06\/Laptop-1-scaled-1.png\" \/>\n\t<meta property=\"og:image:width\" content=\"1000\" \/>\n\t<meta property=\"og:image:height\" content=\"640\" \/>\n\t<meta property=\"og:image:type\" content=\"image\/png\" \/>\n<meta name=\"twitter:card\" content=\"summary_large_image\" \/>\n<meta name=\"twitter:title\" content=\"Grab MacBook Air Chinh Ph\u1ee5c M\u1ecdi C\u00f4ng Vi\u1ec7c H\u1ecdc T\u1eadp\" \/>\n<meta name=\"twitter:description\" content=\"\u1ea4n t\u01b0\u1ee3ng v\u1edbi MacBook Air thi\u1ebft k\u1ebf nh\u00f4m nguy\u00ean kh\u1ed1i, chip Apple m\u1ea1nh m\u1ebd, pin l\u00e2u, m\u00e0n h\u00ecnh r\u00f5 n\u00e9t. Gi\u1ea3i ph\u00e1p l\u00fd t\u01b0\u1edfng cho h\u1ecdc t\u1eadp, l\u00e0m vi\u1ec7c v\u00e0 gi\u1ea3i tr\u00ed di \u0111\u1ed9ng.\" \/>\n<meta name=\"twitter:label1\" content=\"\u01af\u1edbc t\u00ednh th\u1eddi gian \u0111\u1ecdc\" \/>\n\t<meta name=\"twitter:data1\" content=\"1 ph\u00fat\" \/>\n<script type=\"application\/ld+json\" class=\"yoast-schema-graph\">{\"@context\":\"https:\/\/schema.org\",\"@graph\":[{\"@type\":\"WebPage\",\"@id\":\"https:\/\/demostore.ai\/vi\/san-pham\/macbook-air\/\",\"url\":\"https:\/\/demostore.ai\/vi\/san-pham\/macbook-air\/\",\"name\":\"Grab MacBook Air Chinh Ph\u1ee5c M\u1ecdi C\u00f4ng Vi\u1ec7c H\u1ecdc T\u1eadp\",\"isPartOf\":{\"@id\":\"https:\/\/demostore.ai\/vi\/#website\"},\"primaryImageOfPage\":{\"@id\":\"https:\/\/demostore.ai\/vi\/san-pham\/macbook-air\/#primaryimage\"},\"image\":{\"@id\":\"https:\/\/demostore.ai\/vi\/san-pham\/macbook-air\/#primaryimage\"},\"thumbnailUrl\":\"https:\/\/demostore.ai\/wp-content\/uploads\/2025\/06\/Laptop-1-scaled-1.png\",\"datePublished\":\"2025-06-15T21:48:40+00:00\",\"dateModified\":\"2026-02-17T14:41:59+00:00\",\"description\":\"Kh\u00e1m ph\u00e1 MacBook Air v\u1edbi thi\u1ebft k\u1ebf si\u00eau m\u1ecfng nh\u1eb9, chip Apple M-series m\u1ea1nh m\u1ebd, m\u00e0n h\u00ecnh s\u1eafc n\u00e9t v\u00e0 pin b\u1ec1n b\u1ec9. L\u1ef1a ch\u1ecdn t\u1ed1i \u01b0u cho nhi\u1ec1u nhu c\u1ea7u s\u1eed d\u1ee5ng.\",\"breadcrumb\":{\"@id\":\"https:\/\/demostore.ai\/vi\/san-pham\/macbook-air\/#breadcrumb\"},\"inLanguage\":\"vi\",\"potentialAction\":[{\"@type\":\"ReadAction\",\"target\":[\"https:\/\/demostore.ai\/vi\/san-pham\/macbook-air\/\"]}]},{\"@type\":\"ImageObject\",\"inLanguage\":\"vi\",\"@id\":\"https:\/\/demostore.ai\/vi\/san-pham\/macbook-air\/#primaryimage\",\"url\":\"https:\/\/demostore.ai\/wp-content\/uploads\/2025\/06\/Laptop-1-scaled-1.png\",\"contentUrl\":\"https:\/\/demostore.ai\/wp-content\/uploads\/2025\/06\/Laptop-1-scaled-1.png\",\"width\":1000,\"height\":640,\"caption\":\"MacBook Air m\u00e0u b\u1ea1c v\u1edbi logo Apple n\u1eb1m \u1edf gi\u1eefa n\u1eafp m\u00e1y, thi\u1ebft k\u1ebf m\u1ecfng nh\u1eb9 hi\u1ec7n \u0111\u1ea1i.\"},{\"@type\":\"BreadcrumbList\",\"@id\":\"https:\/\/demostore.ai\/vi\/san-pham\/macbook-air\/#breadcrumb\",\"itemListElement\":[{\"@type\":\"ListItem\",\"position\":1,\"name\":\"Trang ch\u1ee7\",\"item\":\"https:\/\/demostore.ai\/vi\/\"},{\"@type\":\"ListItem\",\"position\":2,\"name\":\"C\u1eeda h\u00e0ng\",\"item\":\"https:\/\/demostore.ai\/vi\/cua-hang\/\"},{\"@type\":\"ListItem\",\"position\":3,\"name\":\"MacBook Air\"}]},{\"@type\":\"WebSite\",\"@id\":\"https:\/\/demostore.ai\/vi\/#website\",\"url\":\"https:\/\/demostore.ai\/vi\/\",\"name\":\"Trendy Thread\",\"description\":\"C\u1eeda h\u00e0ng demo WriteText.ai\",\"publisher\":{\"@id\":\"https:\/\/demostore.ai\/vi\/#organization\"},\"potentialAction\":[{\"@type\":\"SearchAction\",\"target\":{\"@type\":\"EntryPoint\",\"urlTemplate\":\"https:\/\/demostore.ai\/vi\/?s={search_term_string}\"},\"query-input\":{\"@type\":\"PropertyValueSpecification\",\"valueRequired\":true,\"valueName\":\"search_term_string\"}}],\"inLanguage\":\"vi\"},{\"@type\":\"Organization\",\"@id\":\"https:\/\/demostore.ai\/vi\/#organization\",\"name\":\"WriteText.ai\",\"url\":\"https:\/\/demostore.ai\/vi\/\",\"logo\":{\"@type\":\"ImageObject\",\"inLanguage\":\"vi\",\"@id\":\"https:\/\/demostore.ai\/vi\/#\/schema\/logo\/image\/\",\"url\":\"https:\/\/demostore.ai\/wp-content\/uploads\/2025\/10\/writetext_logo.webp\",\"contentUrl\":\"https:\/\/demostore.ai\/wp-content\/uploads\/2025\/10\/writetext_logo.webp\",\"width\":200,\"height\":34,\"caption\":\"WriteText.ai\"},\"image\":{\"@id\":\"https:\/\/demostore.ai\/vi\/#\/schema\/logo\/image\/\"}}]}<\/script>\n<!-- \/ Yoast SEO plugin. -->","yoast_head_json":{"title":"Grab MacBook Air Chinh Ph\u1ee5c M\u1ecdi C\u00f4ng Vi\u1ec7c H\u1ecdc T\u1eadp","description":"Kh\u00e1m ph\u00e1 MacBook Air v\u1edbi thi\u1ebft k\u1ebf si\u00eau m\u1ecfng nh\u1eb9, chip Apple M-series m\u1ea1nh m\u1ebd, m\u00e0n h\u00ecnh s\u1eafc n\u00e9t v\u00e0 pin b\u1ec1n b\u1ec9. L\u1ef1a ch\u1ecdn t\u1ed1i \u01b0u cho nhi\u1ec1u nhu c\u1ea7u s\u1eed d\u1ee5ng.","robots":{"index":"index","follow":"follow","max-snippet":"max-snippet:-1","max-image-preview":"max-image-preview:large","max-video-preview":"max-video-preview:-1"},"canonical":"https:\/\/demostore.ai\/vi\/san-pham\/macbook-air\/","og_type":"article","og_title":"Grab MacBook Air Chinh Ph\u1ee5c M\u1ecdi C\u00f4ng Vi\u1ec7c H\u1ecdc T\u1eadp","og_description":"\u1ea4n t\u01b0\u1ee3ng v\u1edbi MacBook Air thi\u1ebft k\u1ebf nh\u00f4m nguy\u00ean kh\u1ed1i, chip Apple m\u1ea1nh m\u1ebd, pin l\u00e2u, m\u00e0n h\u00ecnh r\u00f5 n\u00e9t. Gi\u1ea3i ph\u00e1p l\u00fd t\u01b0\u1edfng cho h\u1ecdc t\u1eadp, l\u00e0m vi\u1ec7c v\u00e0 gi\u1ea3i tr\u00ed di \u0111\u1ed9ng.","og_url":"https:\/\/demostore.ai\/vi\/san-pham\/macbook-air\/","og_site_name":"Trendy Thread","article_modified_time":"2026-02-17T14:41:59+00:00","og_image":[{"width":1000,"height":640,"url":"https:\/\/demostore.ai\/wp-content\/uploads\/2025\/06\/Laptop-1-scaled-1.png","type":"image\/png"}],"twitter_card":"summary_large_image","twitter_title":"Grab MacBook Air Chinh Ph\u1ee5c M\u1ecdi C\u00f4ng Vi\u1ec7c H\u1ecdc T\u1eadp","twitter_description":"\u1ea4n t\u01b0\u1ee3ng v\u1edbi MacBook Air thi\u1ebft k\u1ebf nh\u00f4m nguy\u00ean kh\u1ed1i, chip Apple m\u1ea1nh m\u1ebd, pin l\u00e2u, m\u00e0n h\u00ecnh r\u00f5 n\u00e9t. Gi\u1ea3i ph\u00e1p l\u00fd t\u01b0\u1edfng cho h\u1ecdc t\u1eadp, l\u00e0m vi\u1ec7c v\u00e0 gi\u1ea3i tr\u00ed di \u0111\u1ed9ng.","twitter_misc":{"\u01af\u1edbc t\u00ednh th\u1eddi gian \u0111\u1ecdc":"1 ph\u00fat"},"schema":{"@context":"https:\/\/schema.org","@graph":[{"@type":"WebPage","@id":"https:\/\/demostore.ai\/vi\/san-pham\/macbook-air\/","url":"https:\/\/demostore.ai\/vi\/san-pham\/macbook-air\/","name":"Grab MacBook Air Chinh Ph\u1ee5c M\u1ecdi C\u00f4ng Vi\u1ec7c H\u1ecdc T\u1eadp","isPartOf":{"@id":"https:\/\/demostore.ai\/vi\/#website"},"primaryImageOfPage":{"@id":"https:\/\/demostore.ai\/vi\/san-pham\/macbook-air\/#primaryimage"},"image":{"@id":"https:\/\/demostore.ai\/vi\/san-pham\/macbook-air\/#primaryimage"},"thumbnailUrl":"https:\/\/demostore.ai\/wp-content\/uploads\/2025\/06\/Laptop-1-scaled-1.png","datePublished":"2025-06-15T21:48:40+00:00","dateModified":"2026-02-17T14:41:59+00:00","description":"Kh\u00e1m ph\u00e1 MacBook Air v\u1edbi thi\u1ebft k\u1ebf si\u00eau m\u1ecfng nh\u1eb9, chip Apple M-series m\u1ea1nh m\u1ebd, m\u00e0n h\u00ecnh s\u1eafc n\u00e9t v\u00e0 pin b\u1ec1n b\u1ec9. L\u1ef1a ch\u1ecdn t\u1ed1i \u01b0u cho nhi\u1ec1u nhu c\u1ea7u s\u1eed d\u1ee5ng.","breadcrumb":{"@id":"https:\/\/demostore.ai\/vi\/san-pham\/macbook-air\/#breadcrumb"},"inLanguage":"vi","potentialAction":[{"@type":"ReadAction","target":["https:\/\/demostore.ai\/vi\/san-pham\/macbook-air\/"]}]},{"@type":"ImageObject","inLanguage":"vi","@id":"https:\/\/demostore.ai\/vi\/san-pham\/macbook-air\/#primaryimage","url":"https:\/\/demostore.ai\/wp-content\/uploads\/2025\/06\/Laptop-1-scaled-1.png","contentUrl":"https:\/\/demostore.ai\/wp-content\/uploads\/2025\/06\/Laptop-1-scaled-1.png","width":1000,"height":640,"caption":"MacBook Air m\u00e0u b\u1ea1c v\u1edbi logo Apple n\u1eb1m \u1edf gi\u1eefa n\u1eafp m\u00e1y, thi\u1ebft k\u1ebf m\u1ecfng nh\u1eb9 hi\u1ec7n \u0111\u1ea1i."},{"@type":"BreadcrumbList","@id":"https:\/\/demostore.ai\/vi\/san-pham\/macbook-air\/#breadcrumb","itemListElement":[{"@type":"ListItem","position":1,"name":"Trang ch\u1ee7","item":"https:\/\/demostore.ai\/vi\/"},{"@type":"ListItem","position":2,"name":"C\u1eeda h\u00e0ng","item":"https:\/\/demostore.ai\/vi\/cua-hang\/"},{"@type":"ListItem","position":3,"name":"MacBook Air"}]},{"@type":"WebSite","@id":"https:\/\/demostore.ai\/vi\/#website","url":"https:\/\/demostore.ai\/vi\/","name":"Trendy Thread","description":"C\u1eeda h\u00e0ng demo WriteText.ai","publisher":{"@id":"https:\/\/demostore.ai\/vi\/#organization"},"potentialAction":[{"@type":"SearchAction","target":{"@type":"EntryPoint","urlTemplate":"https:\/\/demostore.ai\/vi\/?s={search_term_string}"},"query-input":{"@type":"PropertyValueSpecification","valueRequired":true,"valueName":"search_term_string"}}],"inLanguage":"vi"},{"@type":"Organization","@id":"https:\/\/demostore.ai\/vi\/#organization","name":"WriteText.ai","url":"https:\/\/demostore.ai\/vi\/","logo":{"@type":"ImageObject","inLanguage":"vi","@id":"https:\/\/demostore.ai\/vi\/#\/schema\/logo\/image\/","url":"https:\/\/demostore.ai\/wp-content\/uploads\/2025\/10\/writetext_logo.webp","contentUrl":"https:\/\/demostore.ai\/wp-content\/uploads\/2025\/10\/writetext_logo.webp","width":200,"height":34,"caption":"WriteText.ai"},"image":{"@id":"https:\/\/demostore.ai\/vi\/#\/schema\/logo\/image\/"}}]}},"_links":{"self":[{"href":"https:\/\/demostore.ai\/vi\/wp-json\/wp\/v2\/product\/46795","targetHints":{"allow":["GET"]}}],"collection":[{"href":"https:\/\/demostore.ai\/vi\/wp-json\/wp\/v2\/product"}],"about":[{"href":"https:\/\/demostore.ai\/vi\/wp-json\/wp\/v2\/types\/product"}],"replies":[{"embeddable":true,"href":"https:\/\/demostore.ai\/vi\/wp-json\/wp\/v2\/comments?post=46795"}],"wp:featuredmedia":[{"embeddable":true,"href":"https:\/\/demostore.ai\/vi\/wp-json\/wp\/v2\/media\/19772"}],"wp:attachment":[{"href":"https:\/\/demostore.ai\/vi\/wp-json\/wp\/v2\/media?parent=46795"}],"wp:term":[{"taxonomy":"product_brand","embeddable":true,"href":"https:\/\/demostore.ai\/vi\/wp-json\/wp\/v2\/product_brand?post=46795"},{"taxonomy":"product_cat","embeddable":true,"href":"https:\/\/demostore.ai\/vi\/wp-json\/wp\/v2\/product_cat?post=46795"},{"taxonomy":"product_tag","embeddable":true,"href":"https:\/\/demostore.ai\/vi\/wp-json\/wp\/v2\/product_tag?post=46795"}],"curies":[{"name":"wp","href":"https:\/\/api.w.org\/{rel}","templated":true}]}}