{"id":46733,"date":"2025-06-16T08:03:01","date_gmt":"2025-06-16T00:03:01","guid":{"rendered":"https:\/\/demostore.ai\/?post_type=product&#038;p=46733"},"modified":"2026-02-18T10:46:49","modified_gmt":"2026-02-18T02:46:49","slug":"lego-technic-42090","status":"publish","type":"product","link":"https:\/\/demostore.ai\/vi\/san-pham\/lego-technic-42090\/","title":{"rendered":"LEGO Technic 42090"},"content":{"rendered":"<section data-wtai-block-id=\"wtai_product_description_features\" class=\"wtai-section wtai-features-section\">\n<h2>T\u00ednh N\u0103ng N\u1ed5i B\u1eadt<\/h2>\n<ul>\n<li><strong>Thi\u1ebft k\u1ebf c\u00e1 t\u00ednh m\u1ea1nh m\u1ebd<\/strong>: M\u00f4 h\u00ecnh xe t\u1ea3i \u0111\u1ecba h\u00ecnh v\u1edbi d\u00e0n l\u1ed1p l\u1edbn, tem l\u1eeda n\u1ed5i b\u1eadt, c\u1ea3n tr\u01b0\u1edbc ch\u1eafc ch\u1eafn v\u00e0 t\u00f4ng x\u00e1m-\u0111en mang \u0111\u1eadm ch\u1ea5t t\u1ed1c \u0111\u1ed9.<\/li>\n<li><strong>\u0110\u1ed9ng c\u01a1 k\u00e9o-th\u1ea3 (pull-back)<\/strong>: Trang b\u1ecb \u0111\u1ed9ng c\u01a1 k\u00e9o-th\u1ea3 gi\u00fap xe ph\u00f3ng v\u1ec1 ph\u00eda tr\u01b0\u1edbc ch\u1ec9 sau m\u1ed9t thao t\u00e1c l\u00f9i \u0111\u01a1n gi\u1ea3n.<\/li>\n<li><strong>L\u1eafp gh\u00e9p linh ho\u1ea1t, tr\u1ea3i nghi\u1ec7m t\u01b0\u01a1ng t\u00e1c<\/strong>: Bao g\u1ed3m 128 chi ti\u1ebft cho ph\u00e9p t\u1ef1 tay x\u00e2y d\u1ef1ng v\u00e0 n\u00e2ng cao c\u1ea3m gi\u00e1c th\u00e0nh t\u1ef1u khi ho\u00e0n thi\u1ec7n.<\/li>\n<li><strong>K\u1ebft h\u1ee3p s\u00e1ng t\u1ea1o v\u1edbi s\u1ea3n ph\u1ea9m kh\u00e1c<\/strong>: C\u00f3 th\u1ec3 gh\u00e9p \u0111\u00f4i c\u00f9ng b\u1ed9 LEGO Technic 42091 \u0111\u1ec3 t\u1ea1o ra m\u00f4 h\u00ecnh \u201cUltimate 4&#215;4\u201d \u0111\u1ed9c \u0111\u00e1o v\u00e0 k\u00edch th\u00edch tr\u00ed s\u00e1ng t\u1ea1o.<\/li>\n<li><strong>H\u1ed7 tr\u1ee3 ph\u00e1t tri\u1ec3n t\u01b0 duy k\u1ef9 thu\u1eadt<\/strong>: G\u00f3p ph\u1ea7n r\u00e8n luy\u1ec7n t\u01b0 duy logic, ph\u1ed1i h\u1ee3p tay-m\u1eaft v\u00e0 m\u1edf r\u1ed9ng hi\u1ec3u bi\u1ebft v\u1ec1 c\u01a1 h\u1ecdc cho ng\u01b0\u1eddi ch\u01a1i.<\/li>\n<\/ul>\n<\/section>\n<div data-wtai-block-id=\"wtai_product_description_image_1\" class=\"wtai-section wtai-image_1-section\">\n<figure class=\"wtai-image-p wtai-align-center\" style=\"text-align:center\"><img decoding=\"async\" src=\"https:\/\/demostore.ai\/wp-content\/uploads\/2025\/06\/LEGO-Car-set-2-600x418.png\" alt=\"B\u1ed9 legos LEGO Technic 42090 xe \u0111\u1ecba h\u00ecnh, th\u00edch h\u1ee3p cho tr\u1ebb em y\u00eau l\u1eafp r\u00e1p m\u00f4 h\u00ecnh chuy\u1ec3n \u0111\u1ed9ng.\" srcset=\"https:\/\/demostore.ai\/wp-content\/uploads\/2025\/06\/LEGO-Car-set-2.png 1000w, https:\/\/demostore.ai\/wp-content\/uploads\/2025\/06\/LEGO-Car-set-2-300x209.png 300w, https:\/\/demostore.ai\/wp-content\/uploads\/2025\/06\/LEGO-Car-set-2-768x535.png 768w, https:\/\/demostore.ai\/wp-content\/uploads\/2025\/06\/LEGO-Car-set-2-600x418.png 600w\"><figcaption>\n<p>Thi\u1ebft k\u1ebf m\u1ea1nh m\u1ebd v\u1edbi s\u00e1u b\u00e1nh l\u1edbn, b\u1ed9 m\u00e0u \u0111en xanh v\u00e0 chi ti\u1ebft \u0111\u1ed9ng c\u01a1 n\u1ed5i b\u1eadt ngay l\u1eadp t\u1ee9c thu h\u00fat \u00e1nh nh\u00ecn.<\/p>\n<\/figcaption><\/figure>\n<\/p><\/div>\n<section data-wtai-block-id=\"wtai_product_description_technical_specifications\" class=\"wtai-section wtai-technical_specifications-section\">\n<h3>Chi Ti\u1ebft S\u1ea3n Ph\u1ea9m<\/h3>\n<ul>\n<li><strong>D\u00f2ng s\u1ea3n ph\u1ea9m<\/strong>: LEGO Technic<\/li>\n<li><strong>S\u1ed1 m\u1eabu (Model Number)<\/strong>: 42090<\/li>\n<li><strong>S\u1ed1 l\u01b0\u1ee3ng chi ti\u1ebft<\/strong>: 128 chi ti\u1ebft<\/li>\n<li><strong>\u0110\u1ed9ng c\u01a1<\/strong>: K\u00e9o-th\u1ea3 (Pull-back Motor)<\/li>\n<li><strong>\u0110\u1ed9 tu\u1ed5i khuy\u1ebfn ngh\u1ecb<\/strong>: T\u1eeb 7 tu\u1ed5i tr\u1edf l\u00ean<\/li>\n<li><strong>K\u00edch th\u01b0\u1edbc ho\u00e0n thi\u1ec7n<\/strong>: D\u00e0i 6&quot;, R\u1ed9ng 3&quot;, Cao 2&quot;<\/li>\n<li><strong>M\u00e0u s\u1eafc ch\u1ee7 \u0111\u1ea1o<\/strong>: X\u00e1m, \u0111en, \u0111\u1ecf v\u1edbi ho\u1ea1 ti\u1ebft l\u1eeda<\/li>\n<li><strong>Kh\u1ea3 n\u0103ng k\u1ebft h\u1ee3p<\/strong>: Gh\u00e9p \u0111\u01b0\u1ee3c v\u1edbi LEGO Technic 42091 \u0111\u1ec3 t\u1ea1o m\u00f4 h\u00ecnh m\u1edbi<\/li>\n<\/ul>\n<\/section>\n<section data-wtai-block-id=\"wtai_product_description_custom_1\" class=\"wtai-section wtai-custom_1-section\">\n<h2>Ai s\u1ebd y\u00eau th\u00edch LEGO Technic 42090 v\u00e0 khi n\u00e0o n\u00ean ch\u1ecdn s\u1ea3n ph\u1ea9m n\u00e0y?<\/h2>\n<ul>\n<li><strong>Tr\u1ebb t\u1eeb 7 tu\u1ed5i tr\u1edf l\u00ean<\/strong> \u2013 L\u00fd t\u01b0\u1edfng \u0111\u1ec3 r\u00e8n luy\u1ec7n t\u01b0 duy l\u1eafp r\u00e1p v\u00e0 kh\u00e1m ph\u00e1 k\u1ef9 thu\u1eadt.<\/li>\n<li><strong>Ho\u1ea1t \u0111\u1ed9ng nh\u00f3m t\u1ea1i tr\u01b0\u1eddng ho\u1eb7c doanh nghi\u1ec7p<\/strong> \u2013 V\u1eeba gi\u1ea3i tr\u00ed v\u1eeba x\u00e2y d\u1ef1ng teamwork qua l\u1eafp r\u00e1p m\u00f4 h\u00ecnh xe \u0111\u1ecba h\u00ecnh.<\/li>\n<li><strong>Qu\u00e0 t\u1eb7ng sinh nh\u1eadt ho\u1eb7c d\u1ecbp \u0111\u1eb7c bi\u1ec7t<\/strong> \u2013 Thi\u1ebft k\u1ebf m\u1ea1nh m\u1ebd, \u0111\u1ed9ng c\u01a1 k\u00e9o th\u1ea3 t\u1ea1o b\u1ea5t ng\u1edd th\u00fa v\u1ecb.<\/li>\n<\/ul>\n<\/section>\n<section data-wtai-block-id=\"wtai_product_description_custom_2\" class=\"wtai-section wtai-custom_2-section\">\n<h2>Gi\u1edbi thi\u1ec7u v\u1ec1 \u0111\u1ed9i ng\u0169 s\u00e1ng t\u1ea1o LEGO Technic<\/h2>\n<p>LEGO Technic 42090 \u0111\u01b0\u1ee3c ph\u00e1t tri\u1ec3n b\u1edfi \u0111\u1ed9i ng\u0169 thi\u1ebft k\u1ebf gi\u00e0u kinh nghi\u1ec7m c\u1ee7a LEGO, n\u1ed5i ti\u1ebfng v\u1edbi c\u00e1c s\u1ea3n ph\u1ea9m m\u00f4 h\u00ecnh k\u1ef9 thu\u1eadt \u1ea5n t\u01b0\u1ee3ng v\u00e0 s\u00e1ng t\u1ea1o.<\/p>\n<p>\u0110\u1ed9i ng\u0169 n\u00e0y t\u1eadp trung v\u00e0o vi\u1ec7c k\u1ebft h\u1ee3p y\u1ebfu t\u1ed1 k\u1ef9 thu\u1eadt v\u1edbi tr\u00f2 ch\u01a1i v\u1eadn \u0111\u1ed9ng, t\u1ea1o ra nh\u1eefng m\u1eabu xe mang \u0111\u1eadm ch\u1ea5t m\u1ea1nh m\u1ebd v\u00e0 l\u00f4i cu\u1ed1n.<\/p>\n<p>\u0110i\u1ec3m chung trong c\u00e1c d\u1ef1 \u00e1n c\u1ee7a h\u1ecd l\u00e0 kh\u1ea3 n\u0103ng mang l\u1ea1i tr\u1ea3i nghi\u1ec7m l\u1eafp r\u00e1p th\u1ef1c t\u1ebf, truy\u1ec1n c\u1ea3m h\u1ee9ng cho c\u1ea3 tr\u1ebb em l\u1eabn ng\u01b0\u1eddi l\u1edbn y\u00eau th\u00edch k\u1ef9 thu\u1eadt.<\/p>\n<p>LEGO Technic 42090 thu h\u00fat ng\u01b0\u1eddi ch\u01a1i nh\u1edd thi\u1ebft k\u1ebf xe \u0111\u1ecba h\u00ecnh m\u1ea1nh m\u1ebd, c\u01a1 ch\u1ebf k\u00e9o th\u1ea3 hi\u1ec7n \u0111\u1ea1i v\u00e0 phong c\u00e1ch m\u00f4 ph\u1ecfng xe \u0111ua \u0111\u1ea7y c\u00e1 t\u00ednh.<\/p>\n<p>C\u00e1c s\u1ea3n ph\u1ea9m c\u1ee7a \u0111\u1ed9i ng\u0169 n\u00e0y lu\u00f4n \u0111\u01b0\u1ee3c \u0111\u00e1nh gi\u00e1 cao b\u1edfi s\u1ef1 c\u00e2n b\u1eb1ng gi\u1eefa gi\u1ea3i tr\u00ed, gi\u00e1o d\u1ee5c v\u00e0 t\u00ednh \u1ee9ng d\u1ee5ng th\u1ef1c ti\u1ec5n.<\/p>\n<\/section>\n<section data-wtai-block-id=\"wtai_product_description_faqs\" class=\"wtai-section wtai-faqs-section\">\n<h2>C\u00e2u H\u1ecfi Th\u01b0\u1eddng G\u1eb7p<\/h2>\n<p><strong>B\u1ed9 LEGO Technic 42090 ph\u00f9 h\u1ee3p v\u1edbi \u0111\u1ed9 tu\u1ed5i n\u00e0o?<\/strong><\/p>\n<p>S\u1ea3n ph\u1ea9m ph\u00f9 h\u1ee3p cho ng\u01b0\u1eddi ch\u01a1i t\u1eeb 7 tu\u1ed5i tr\u1edf l\u00ean, \u0111\u1eb7c bi\u1ec7t l\u00fd t\u01b0\u1edfng cho nh\u1eefng ai y\u00eau th\u00edch l\u1eafp gh\u00e9p m\u00f4 h\u00ecnh xe \u0111\u1ecba h\u00ecnh v\u00e0 kh\u00e1m ph\u00e1 c\u01a1 ch\u1ebf chuy\u1ec3n \u0111\u1ed9ng.<\/p>\n<p><strong>Xe ho\u1ea1t \u0111\u1ed9ng nh\u01b0 th\u1ebf n\u00e0o?<\/strong><\/p>\n<p>V\u1edbi \u0111\u1ed9ng c\u01a1 k\u00e9o-th\u1ea3 (pull-back), ch\u1ec9 c\u1ea7n k\u00e9o xe v\u1ec1 ph\u00eda sau \u0111\u1ec3 l\u00ean c\u00f3t r\u1ed3i th\u1ea3 tay, xe s\u1ebd t\u1ef1 lao v\u1ec1 ph\u00eda tr\u01b0\u1edbc m\u00e0 kh\u00f4ng c\u1ea7n pin hay ngu\u1ed3n \u0111i\u1ec7n.<\/p>\n<p><strong>C\u00f3 th\u1ec3 k\u1ebft h\u1ee3p LEGO Technic 42090 v\u1edbi m\u1eabu n\u00e0o kh\u00e1c?<\/strong><\/p>\n<p>B\u1ea1n c\u00f3 th\u1ec3 k\u1ebft h\u1ee3p v\u1edbi b\u1ed9 LEGO Technic 42091 \u0111\u1ec3 t\u1ea1o th\u00e0nh m\u00f4 h\u00ecnh \u201cUltimate 4&#215;4\u201d l\u1edbn h\u01a1n, t\u0103ng tr\u1ea3i nghi\u1ec7m s\u00e1ng t\u1ea1o v\u00e0 ch\u01a1i nh\u00f3m.<\/p>\n<p><strong>B\u1ed9 n\u00e0y c\u00f3 d\u1ec5 l\u1eafp r\u00e1p kh\u00f4ng?<\/strong><\/p>\n<p>V\u1edbi 128 chi ti\u1ebft v\u00e0 h\u01b0\u1edbng d\u1eabn minh ho\u1ea1 r\u00f5 r\u00e0ng, vi\u1ec7c l\u1eafp r\u00e1p kh\u00e1 d\u1ec5 d\u00e0ng, ph\u00f9 h\u1ee3p c\u1ea3 cho ng\u01b0\u1eddi l\u1edbn m\u1edbi b\u1eaft \u0111\u1ea7u v\u1edbi LEGO Technic.<\/p>\n<\/section>\n<section data-wtai-block-id=\"wtai_product_description_conclusion\" class=\"wtai-section wtai-conclusion-section\">\n<h3>Kh\u00e1m Ph\u00e1 S\u1ee9c H\u00fat C\u1ee7a LEGO Technic 42090<\/h3>\n<p><strong>LEGO Technic 42090 kh\u00f4ng ch\u1ec9 l\u00e0 m\u00f3n \u0111\u1ed3 ch\u01a1i gi\u1ea3i tr\u00ed m\u00e0 c\u00f2n l\u00e0 c\u00e1ch th\u1ee9c th\u00f4ng minh \u0111\u1ec3 r\u00e8n luy\u1ec7n \u00f3c s\u00e1ng t\u1ea1o v\u00e0 k\u1ef9 n\u0103ng k\u1ef9 thu\u1eadt.<\/strong> <strong>Thi\u1ebft k\u1ebf \u0111\u1eadm ch\u1ea5t th\u1ec3 thao c\u00f9ng \u0111\u1ed9ng c\u01a1 k\u00e9o-th\u1ea3 \u0111\u1eb7c th\u00f9 mang l\u1ea1i tr\u1ea3i nghi\u1ec7m ch\u01a1i m\u1edbi m\u1ebb, h\u1ea5p d\u1eabn cho m\u1ecdi l\u1ee9a tu\u1ed5i.<\/strong> <strong>\u0110\u1eebng b\u1ecf l\u1ee1 c\u01a1 h\u1ed9i s\u1edf h\u1eefu m\u00f4 h\u00ecnh n\u00e0y trong b\u1ed9 s\u01b0u t\u1eadp c\u1ee7a m\u00ecnh h\u00f4m nay, v\u00e0 mang v\u1ec1 tr\u1ea3i nghi\u1ec7m l\u1eafp r\u00e1p th\u00fa v\u1ecb \u0111\u00fang chu\u1ea9n k\u1ef9 thu\u1eadt.<\/strong><\/p>\n<\/section>\n","protected":false},"excerpt":{"rendered":"<div data-wtai-block-id=\"wtai_excerpt_subtitle\" class=\"wtai-section wtai-subtitle-section\">\n<p><em><strong>B\u1ea3n l\u0129nh \u0111\u01b0\u1eddng \u0111ua, s\u1eb5n s\u00e0ng b\u1ee9t ph\u00e1 \u2013 Thi\u1ebft k\u1ebf \u0111\u1ea7u xe t\u00e1o b\u1ea1o \u0111\u1eadm ch\u1ea5t Technic.<\/strong><\/em><\/p>\n<\/p><\/div>\n<div data-wtai-block-id=\"wtai_excerpt_introduction\" class=\"wtai-section wtai-introduction-section\">\n<p>Tho\u1ea1t nh\u00ecn, LEGO Technic 42090 \u0111\u00e3 t\u1ea1o \u1ea5n t\u01b0\u1ee3ng m\u1ea1nh v\u1edbi ki\u1ec3u d\u00e1ng xe t\u1ea3i \u0111\u1ecba h\u00ecnh h\u1ea7m h\u1ed1, t\u00f4ng x\u00e1m \u0111en ph\u1ed1i h\u1ecda ti\u1ebft l\u1eeda c\u1ef1c ch\u1ea5t v\u00e0 b\u00e1nh xe ngo\u1ea1i c\u1ee1. \u0110\u00e2y l\u00e0 m\u00f4 h\u00ecnh l\u1eafp r\u00e1p d\u00e0nh cho c\u00e1c t\u00e2m h\u1ed3n y\u00eau s\u00e1ng t\u1ea1o, ph\u00f9 h\u1ee3p v\u1edbi c\u00e1c \u0111\u01a1n v\u1ecb gi\u00e1o d\u1ee5c, doanh nghi\u1ec7p ho\u1eb7c t\u1ed5 ch\u1ee9c \u0111\u00e0o t\u1ea1o k\u1ef9 n\u0103ng STEM cho th\u1ebf h\u1ec7 tr\u01b0\u1edfng th\u00e0nh v\u00e0 c\u1ea3 nh\u1eefng ng\u01b0\u1eddi c\u00f3 ni\u1ec1m \u0111am m\u00ea v\u1edbi k\u1ef9 thu\u1eadt c\u1ed5 \u0111i\u1ec3n. Thi\u1ebft k\u1ebf \u0111\u1ed9ng c\u01a1 k\u00e9o l\u00f9i cho ph\u00e9p xe t\u0103ng t\u1ed1c m\u1ea1nh m\u1ebd, v\u1eeba gi\u00e0u t\u00ednh tr\u00ecnh di\u1ec5n v\u1eeba mang gi\u00e1 tr\u1ecb tr\u1ea3i nghi\u1ec7m th\u1ef1c t\u1ebf r\u00f5 r\u1ec7t.<\/p>\n<\/p><\/div>\n","protected":false},"featured_media":18689,"comment_status":"open","ping_status":"closed","template":"","meta":[],"product_brand":[],"product_cat":[196],"product_tag":[],"class_list":{"0":"post-46733","1":"product","2":"type-product","3":"status-publish","4":"has-post-thumbnail","6":"product_cat-sach-truyen-thong","8":"first","9":"instock","10":"shipping-taxable","11":"purchasable","12":"product-type-simple"},"bundled_by":[],"bundle_stock_status":"instock","bundle_stock_quantity":null,"bundle_virtual":false,"bundle_layout":"","bundle_add_to_cart_form_location":"","bundle_editable_in_cart":false,"bundle_sold_individually_context":"","bundle_item_grouping":"","bundle_min_size":"","bundle_max_size":"","bundle_price":[],"bundled_items":[],"bundle_sell_ids":[],"yoast_head":"<!-- This site is optimized with the Yoast SEO plugin v25.2 - https:\/\/yoast.com\/wordpress\/plugins\/seo\/ -->\n<title>Get LEGO Technic 42090 Cho Tr\u1ea3i Nghi\u1ec7m \u0110ua Xe Tuy\u1ec7t \u0110\u1ec9nh<\/title>\n<meta name=\"description\" content=\"S\u1ef1 k\u1ebft h\u1ee3p gi\u1eefa l\u1eafp gh\u00e9p k\u1ef9 thu\u1eadt v\u00e0 \u0111\u1ed9ng c\u01a1 k\u00e9o-th\u1ea3 t\u1ea1o n\u00ean LEGO Technic 42090. M\u00f4 h\u00ecnh xe t\u1ea3i \u0111\u1ecba h\u00ecnh l\u00fd t\u01b0\u1edfng \u0111\u1ec3 tr\u1ea3i nghi\u1ec7m t\u1ed1c \u0111\u1ed9 v\u00e0 n\u00e2ng cao t\u01b0 duy.\" \/>\n<meta name=\"robots\" content=\"index, follow, max-snippet:-1, max-image-preview:large, max-video-preview:-1\" \/>\n<link rel=\"canonical\" href=\"https:\/\/demostore.ai\/vi\/san-pham\/lego-technic-42090\/\" \/>\n<meta property=\"og:type\" content=\"article\" \/>\n<meta property=\"og:title\" content=\"Get LEGO Technic 42090 Cho Tr\u1ea3i Nghi\u1ec7m \u0110ua Xe Tuy\u1ec7t \u0110\u1ec9nh\" \/>\n<meta property=\"og:description\" content=\"Thi\u1ebft k\u1ebf c\u00e1 t\u00ednh, \u0111\u1ed9ng c\u01a1 k\u00e9o-th\u1ea3 n\u1ed5i b\u1eadt, LEGO Technic 42090 l\u00e0 l\u1ef1a ch\u1ecdn \u01b0u vi\u1ec7t cho tr\u1ea3i nghi\u1ec7m m\u00f4 h\u00ecnh xe \u0111\u1ecba h\u00ecnh v\u00e0 ph\u00e1t tri\u1ec3n t\u01b0 duy s\u00e1ng t\u1ea1o. Kh\u00e1m ph\u00e1 ngay s\u1ef1 kh\u00e1c bi\u1ec7t.\" \/>\n<meta property=\"og:url\" content=\"https:\/\/demostore.ai\/vi\/san-pham\/lego-technic-42090\/\" \/>\n<meta property=\"og:site_name\" content=\"Trendy Thread\" \/>\n<meta property=\"article:modified_time\" content=\"2026-02-18T02:46:49+00:00\" \/>\n<meta property=\"og:image\" content=\"https:\/\/demostore.ai\/wp-content\/uploads\/2025\/06\/LEGO-Car-set-1.png\" \/>\n\t<meta property=\"og:image:width\" content=\"1000\" \/>\n\t<meta property=\"og:image:height\" content=\"696\" \/>\n\t<meta property=\"og:image:type\" content=\"image\/png\" \/>\n<meta name=\"twitter:card\" content=\"summary_large_image\" \/>\n<meta name=\"twitter:title\" content=\"Get LEGO Technic 42090 Cho Tr\u1ea3i Nghi\u1ec7m \u0110ua Xe Tuy\u1ec7t \u0110\u1ec9nh\" \/>\n<meta name=\"twitter:description\" content=\"Thi\u1ebft k\u1ebf c\u00e1 t\u00ednh, \u0111\u1ed9ng c\u01a1 k\u00e9o-th\u1ea3 n\u1ed5i b\u1eadt, LEGO Technic 42090 l\u00e0 l\u1ef1a ch\u1ecdn \u01b0u vi\u1ec7t cho tr\u1ea3i nghi\u1ec7m m\u00f4 h\u00ecnh xe \u0111\u1ecba h\u00ecnh v\u00e0 ph\u00e1t tri\u1ec3n t\u01b0 duy s\u00e1ng t\u1ea1o. Kh\u00e1m ph\u00e1 ngay s\u1ef1 kh\u00e1c bi\u1ec7t.\" \/>\n<meta name=\"twitter:label1\" content=\"\u01af\u1edbc t\u00ednh th\u1eddi gian \u0111\u1ecdc\" \/>\n\t<meta name=\"twitter:data1\" content=\"1 ph\u00fat\" \/>\n<script type=\"application\/ld+json\" class=\"yoast-schema-graph\">{\"@context\":\"https:\/\/schema.org\",\"@graph\":[{\"@type\":\"WebPage\",\"@id\":\"https:\/\/demostore.ai\/vi\/san-pham\/lego-technic-42090\/\",\"url\":\"https:\/\/demostore.ai\/vi\/san-pham\/lego-technic-42090\/\",\"name\":\"Get LEGO Technic 42090 Cho Tr\u1ea3i Nghi\u1ec7m \u0110ua Xe Tuy\u1ec7t \u0110\u1ec9nh\",\"isPartOf\":{\"@id\":\"https:\/\/demostore.ai\/vi\/#website\"},\"primaryImageOfPage\":{\"@id\":\"https:\/\/demostore.ai\/vi\/san-pham\/lego-technic-42090\/#primaryimage\"},\"image\":{\"@id\":\"https:\/\/demostore.ai\/vi\/san-pham\/lego-technic-42090\/#primaryimage\"},\"thumbnailUrl\":\"https:\/\/demostore.ai\/wp-content\/uploads\/2025\/06\/LEGO-Car-set-1.png\",\"datePublished\":\"2025-06-16T00:03:01+00:00\",\"dateModified\":\"2026-02-18T02:46:49+00:00\",\"description\":\"S\u1ef1 k\u1ebft h\u1ee3p gi\u1eefa l\u1eafp gh\u00e9p k\u1ef9 thu\u1eadt v\u00e0 \u0111\u1ed9ng c\u01a1 k\u00e9o-th\u1ea3 t\u1ea1o n\u00ean LEGO Technic 42090. M\u00f4 h\u00ecnh xe t\u1ea3i \u0111\u1ecba h\u00ecnh l\u00fd t\u01b0\u1edfng \u0111\u1ec3 tr\u1ea3i nghi\u1ec7m t\u1ed1c \u0111\u1ed9 v\u00e0 n\u00e2ng cao t\u01b0 duy.\",\"breadcrumb\":{\"@id\":\"https:\/\/demostore.ai\/vi\/san-pham\/lego-technic-42090\/#breadcrumb\"},\"inLanguage\":\"vi\",\"potentialAction\":[{\"@type\":\"ReadAction\",\"target\":[\"https:\/\/demostore.ai\/vi\/san-pham\/lego-technic-42090\/\"]}]},{\"@type\":\"ImageObject\",\"inLanguage\":\"vi\",\"@id\":\"https:\/\/demostore.ai\/vi\/san-pham\/lego-technic-42090\/#primaryimage\",\"url\":\"https:\/\/demostore.ai\/wp-content\/uploads\/2025\/06\/LEGO-Car-set-1.png\",\"contentUrl\":\"https:\/\/demostore.ai\/wp-content\/uploads\/2025\/06\/LEGO-Car-set-1.png\",\"width\":1000,\"height\":696,\"caption\":\"B\u1ed9 legos LEGO Technic 42090 xe t\u1ea3i, th\u00edch h\u1ee3p cho tr\u1ebb t\u1eeb 7 tu\u1ed5i tr\u1edf l\u00ean, t\u00ednh n\u0103ng k\u00e9o th\u1ea3 h\u1ea5p d\u1eabn.\"},{\"@type\":\"BreadcrumbList\",\"@id\":\"https:\/\/demostore.ai\/vi\/san-pham\/lego-technic-42090\/#breadcrumb\",\"itemListElement\":[{\"@type\":\"ListItem\",\"position\":1,\"name\":\"Trang ch\u1ee7\",\"item\":\"https:\/\/demostore.ai\/vi\/\"},{\"@type\":\"ListItem\",\"position\":2,\"name\":\"C\u1eeda h\u00e0ng\",\"item\":\"https:\/\/demostore.ai\/vi\/cua-hang\/\"},{\"@type\":\"ListItem\",\"position\":3,\"name\":\"LEGO Technic 42090\"}]},{\"@type\":\"WebSite\",\"@id\":\"https:\/\/demostore.ai\/vi\/#website\",\"url\":\"https:\/\/demostore.ai\/vi\/\",\"name\":\"Trendy Thread\",\"description\":\"C\u1eeda h\u00e0ng demo WriteText.ai\",\"publisher\":{\"@id\":\"https:\/\/demostore.ai\/vi\/#organization\"},\"potentialAction\":[{\"@type\":\"SearchAction\",\"target\":{\"@type\":\"EntryPoint\",\"urlTemplate\":\"https:\/\/demostore.ai\/vi\/?s={search_term_string}\"},\"query-input\":{\"@type\":\"PropertyValueSpecification\",\"valueRequired\":true,\"valueName\":\"search_term_string\"}}],\"inLanguage\":\"vi\"},{\"@type\":\"Organization\",\"@id\":\"https:\/\/demostore.ai\/vi\/#organization\",\"name\":\"WriteText.ai\",\"url\":\"https:\/\/demostore.ai\/vi\/\",\"logo\":{\"@type\":\"ImageObject\",\"inLanguage\":\"vi\",\"@id\":\"https:\/\/demostore.ai\/vi\/#\/schema\/logo\/image\/\",\"url\":\"https:\/\/demostore.ai\/wp-content\/uploads\/2025\/10\/writetext_logo.webp\",\"contentUrl\":\"https:\/\/demostore.ai\/wp-content\/uploads\/2025\/10\/writetext_logo.webp\",\"width\":200,\"height\":34,\"caption\":\"WriteText.ai\"},\"image\":{\"@id\":\"https:\/\/demostore.ai\/vi\/#\/schema\/logo\/image\/\"}}]}<\/script>\n<!-- \/ Yoast SEO plugin. -->","yoast_head_json":{"title":"Get LEGO Technic 42090 Cho Tr\u1ea3i Nghi\u1ec7m \u0110ua Xe Tuy\u1ec7t \u0110\u1ec9nh","description":"S\u1ef1 k\u1ebft h\u1ee3p gi\u1eefa l\u1eafp gh\u00e9p k\u1ef9 thu\u1eadt v\u00e0 \u0111\u1ed9ng c\u01a1 k\u00e9o-th\u1ea3 t\u1ea1o n\u00ean LEGO Technic 42090. M\u00f4 h\u00ecnh xe t\u1ea3i \u0111\u1ecba h\u00ecnh l\u00fd t\u01b0\u1edfng \u0111\u1ec3 tr\u1ea3i nghi\u1ec7m t\u1ed1c \u0111\u1ed9 v\u00e0 n\u00e2ng cao t\u01b0 duy.","robots":{"index":"index","follow":"follow","max-snippet":"max-snippet:-1","max-image-preview":"max-image-preview:large","max-video-preview":"max-video-preview:-1"},"canonical":"https:\/\/demostore.ai\/vi\/san-pham\/lego-technic-42090\/","og_type":"article","og_title":"Get LEGO Technic 42090 Cho Tr\u1ea3i Nghi\u1ec7m \u0110ua Xe Tuy\u1ec7t \u0110\u1ec9nh","og_description":"Thi\u1ebft k\u1ebf c\u00e1 t\u00ednh, \u0111\u1ed9ng c\u01a1 k\u00e9o-th\u1ea3 n\u1ed5i b\u1eadt, LEGO Technic 42090 l\u00e0 l\u1ef1a ch\u1ecdn \u01b0u vi\u1ec7t cho tr\u1ea3i nghi\u1ec7m m\u00f4 h\u00ecnh xe \u0111\u1ecba h\u00ecnh v\u00e0 ph\u00e1t tri\u1ec3n t\u01b0 duy s\u00e1ng t\u1ea1o. Kh\u00e1m ph\u00e1 ngay s\u1ef1 kh\u00e1c bi\u1ec7t.","og_url":"https:\/\/demostore.ai\/vi\/san-pham\/lego-technic-42090\/","og_site_name":"Trendy Thread","article_modified_time":"2026-02-18T02:46:49+00:00","og_image":[{"width":1000,"height":696,"url":"https:\/\/demostore.ai\/wp-content\/uploads\/2025\/06\/LEGO-Car-set-1.png","type":"image\/png"}],"twitter_card":"summary_large_image","twitter_title":"Get LEGO Technic 42090 Cho Tr\u1ea3i Nghi\u1ec7m \u0110ua Xe Tuy\u1ec7t \u0110\u1ec9nh","twitter_description":"Thi\u1ebft k\u1ebf c\u00e1 t\u00ednh, \u0111\u1ed9ng c\u01a1 k\u00e9o-th\u1ea3 n\u1ed5i b\u1eadt, LEGO Technic 42090 l\u00e0 l\u1ef1a ch\u1ecdn \u01b0u vi\u1ec7t cho tr\u1ea3i nghi\u1ec7m m\u00f4 h\u00ecnh xe \u0111\u1ecba h\u00ecnh v\u00e0 ph\u00e1t tri\u1ec3n t\u01b0 duy s\u00e1ng t\u1ea1o. Kh\u00e1m ph\u00e1 ngay s\u1ef1 kh\u00e1c bi\u1ec7t.","twitter_misc":{"\u01af\u1edbc t\u00ednh th\u1eddi gian \u0111\u1ecdc":"1 ph\u00fat"},"schema":{"@context":"https:\/\/schema.org","@graph":[{"@type":"WebPage","@id":"https:\/\/demostore.ai\/vi\/san-pham\/lego-technic-42090\/","url":"https:\/\/demostore.ai\/vi\/san-pham\/lego-technic-42090\/","name":"Get LEGO Technic 42090 Cho Tr\u1ea3i Nghi\u1ec7m \u0110ua Xe Tuy\u1ec7t \u0110\u1ec9nh","isPartOf":{"@id":"https:\/\/demostore.ai\/vi\/#website"},"primaryImageOfPage":{"@id":"https:\/\/demostore.ai\/vi\/san-pham\/lego-technic-42090\/#primaryimage"},"image":{"@id":"https:\/\/demostore.ai\/vi\/san-pham\/lego-technic-42090\/#primaryimage"},"thumbnailUrl":"https:\/\/demostore.ai\/wp-content\/uploads\/2025\/06\/LEGO-Car-set-1.png","datePublished":"2025-06-16T00:03:01+00:00","dateModified":"2026-02-18T02:46:49+00:00","description":"S\u1ef1 k\u1ebft h\u1ee3p gi\u1eefa l\u1eafp gh\u00e9p k\u1ef9 thu\u1eadt v\u00e0 \u0111\u1ed9ng c\u01a1 k\u00e9o-th\u1ea3 t\u1ea1o n\u00ean LEGO Technic 42090. M\u00f4 h\u00ecnh xe t\u1ea3i \u0111\u1ecba h\u00ecnh l\u00fd t\u01b0\u1edfng \u0111\u1ec3 tr\u1ea3i nghi\u1ec7m t\u1ed1c \u0111\u1ed9 v\u00e0 n\u00e2ng cao t\u01b0 duy.","breadcrumb":{"@id":"https:\/\/demostore.ai\/vi\/san-pham\/lego-technic-42090\/#breadcrumb"},"inLanguage":"vi","potentialAction":[{"@type":"ReadAction","target":["https:\/\/demostore.ai\/vi\/san-pham\/lego-technic-42090\/"]}]},{"@type":"ImageObject","inLanguage":"vi","@id":"https:\/\/demostore.ai\/vi\/san-pham\/lego-technic-42090\/#primaryimage","url":"https:\/\/demostore.ai\/wp-content\/uploads\/2025\/06\/LEGO-Car-set-1.png","contentUrl":"https:\/\/demostore.ai\/wp-content\/uploads\/2025\/06\/LEGO-Car-set-1.png","width":1000,"height":696,"caption":"B\u1ed9 legos LEGO Technic 42090 xe t\u1ea3i, th\u00edch h\u1ee3p cho tr\u1ebb t\u1eeb 7 tu\u1ed5i tr\u1edf l\u00ean, t\u00ednh n\u0103ng k\u00e9o th\u1ea3 h\u1ea5p d\u1eabn."},{"@type":"BreadcrumbList","@id":"https:\/\/demostore.ai\/vi\/san-pham\/lego-technic-42090\/#breadcrumb","itemListElement":[{"@type":"ListItem","position":1,"name":"Trang ch\u1ee7","item":"https:\/\/demostore.ai\/vi\/"},{"@type":"ListItem","position":2,"name":"C\u1eeda h\u00e0ng","item":"https:\/\/demostore.ai\/vi\/cua-hang\/"},{"@type":"ListItem","position":3,"name":"LEGO Technic 42090"}]},{"@type":"WebSite","@id":"https:\/\/demostore.ai\/vi\/#website","url":"https:\/\/demostore.ai\/vi\/","name":"Trendy Thread","description":"C\u1eeda h\u00e0ng demo WriteText.ai","publisher":{"@id":"https:\/\/demostore.ai\/vi\/#organization"},"potentialAction":[{"@type":"SearchAction","target":{"@type":"EntryPoint","urlTemplate":"https:\/\/demostore.ai\/vi\/?s={search_term_string}"},"query-input":{"@type":"PropertyValueSpecification","valueRequired":true,"valueName":"search_term_string"}}],"inLanguage":"vi"},{"@type":"Organization","@id":"https:\/\/demostore.ai\/vi\/#organization","name":"WriteText.ai","url":"https:\/\/demostore.ai\/vi\/","logo":{"@type":"ImageObject","inLanguage":"vi","@id":"https:\/\/demostore.ai\/vi\/#\/schema\/logo\/image\/","url":"https:\/\/demostore.ai\/wp-content\/uploads\/2025\/10\/writetext_logo.webp","contentUrl":"https:\/\/demostore.ai\/wp-content\/uploads\/2025\/10\/writetext_logo.webp","width":200,"height":34,"caption":"WriteText.ai"},"image":{"@id":"https:\/\/demostore.ai\/vi\/#\/schema\/logo\/image\/"}}]}},"_links":{"self":[{"href":"https:\/\/demostore.ai\/vi\/wp-json\/wp\/v2\/product\/46733","targetHints":{"allow":["GET"]}}],"collection":[{"href":"https:\/\/demostore.ai\/vi\/wp-json\/wp\/v2\/product"}],"about":[{"href":"https:\/\/demostore.ai\/vi\/wp-json\/wp\/v2\/types\/product"}],"replies":[{"embeddable":true,"href":"https:\/\/demostore.ai\/vi\/wp-json\/wp\/v2\/comments?post=46733"}],"wp:featuredmedia":[{"embeddable":true,"href":"https:\/\/demostore.ai\/vi\/wp-json\/wp\/v2\/media\/18689"}],"wp:attachment":[{"href":"https:\/\/demostore.ai\/vi\/wp-json\/wp\/v2\/media?parent=46733"}],"wp:term":[{"taxonomy":"product_brand","embeddable":true,"href":"https:\/\/demostore.ai\/vi\/wp-json\/wp\/v2\/product_brand?post=46733"},{"taxonomy":"product_cat","embeddable":true,"href":"https:\/\/demostore.ai\/vi\/wp-json\/wp\/v2\/product_cat?post=46733"},{"taxonomy":"product_tag","embeddable":true,"href":"https:\/\/demostore.ai\/vi\/wp-json\/wp\/v2\/product_tag?post=46733"}],"curies":[{"name":"wp","href":"https:\/\/api.w.org\/{rel}","templated":true}]}}