{"id":39230,"date":"2025-06-16T07:58:41","date_gmt":"2025-06-15T23:58:41","guid":{"rendered":"https:\/\/demostore.ai\/?post_type=product&#038;p=39230"},"modified":"2026-02-18T10:46:39","modified_gmt":"2026-02-18T02:46:39","slug":"funko-pop-one-piece-samurai-brook","status":"publish","type":"product","link":"https:\/\/demostore.ai\/vi\/san-pham\/funko-pop-one-piece-samurai-brook\/","title":{"rendered":"Funko Pop! One Piece &#8211; Samurai Brook"},"content":{"rendered":"<section data-wtai-block-id=\"wtai_product_description_features\" class=\"wtai-section wtai-features-section\">\n<h2>\u0110i\u1ec3m N\u1ed5i B\u1eadt S\u1ea3n Ph\u1ea9m<\/h2>\n<ul>\n<li>Phi\u00ean b\u1ea3n gi\u1edbi h\u1ea1n \u0111\u1ed9c quy\u1ec1n Funko: C\u00f3 tem &#8216;Funko Exclusive&#8217; ch\u00ednh h\u00e3ng l\u00e0 m\u00f3n s\u01b0u t\u1ea7m n\u1ed5i b\u1eadt cho b\u1ea5t k\u1ef3 b\u1ed9 s\u01b0u t\u1eadp n\u00e0o.<\/li>\n<li>Thi\u1ebft k\u1ebf nh\u00e2n v\u1eadt Samurai Brook \u0111\u1eb7c tr\u01b0ng: L\u1ea5y c\u1ea3m h\u1ee9ng tr\u1ef1c ti\u1ebfp t\u1eeb One Piece v\u1edbi trang ph\u1ee5c samurai v\u00e0 chi ti\u1ebft \u0111\u1ea7u l\u00e2u s\u1ed1ng \u0111\u1ed9ng.<\/li>\n<li>Ch\u1ea5t li\u1ec7u vinyl cao c\u1ea5p: \u0110\u1ea3m b\u1ea3o \u0111\u1ed9 b\u1ec1n l\u00e2u d\u00e0i c\u00f9ng kh\u1ea3 n\u0103ng tr\u01b0ng b\u00e0y linh ho\u1ea1t tr\u00ean b\u00e0n l\u00e0m vi\u1ec7c, gi\u00e1 s\u00e1ch ho\u1eb7c t\u1ee7 k\u00ednh.<\/li>\n<li>\u0110\u00f3ng h\u1ed9p nh\u1ef1a trong su\u1ed1t: Gi\u1eef nguy\u00ean t\u00ecnh tr\u1ea1ng s\u1ea3n ph\u1ea9m, ch\u1ed1ng b\u1ee5i b\u00e1m, b\u1ea3o v\u1ec7 khi v\u1eadn chuy\u1ec3n hay tr\u01b0ng b\u00e0y l\u00e2u d\u00e0i.<\/li>\n<li>K\u00edch th\u01b0\u1edbc nh\u1ecf g\u1ecdn chu\u1ea9n Pop!: D\u1ec5 d\u00e0ng s\u1eafp x\u1ebfp c\u00f9ng c\u00e1c m\u1eabu Funko kh\u00e1c ho\u1eb7c tr\u01b0ng b\u00e0y \u0111\u1ed9c l\u1eadp cho kh\u00f4ng gian th\u00eam hi\u1ec7n \u0111\u1ea1i.<\/li>\n<\/ul>\n<\/section>\n<div data-wtai-block-id=\"wtai_product_description_image_1\" class=\"wtai-section wtai-image_1-section\">\n<figure class=\"wtai-image-p wtai-align-center\" style=\"text-align:center\"><img decoding=\"async\" src=\"https:\/\/demostore.ai\/wp-content\/uploads\/2025\/06\/Funko-Pop-figure-2-600x600.png\" alt=\"H\u00ecnh \u1ea3nh h\u1ed9p Funko Pop! One Piece \u2013 Samurai Brook v\u1edbi c\u00e1c nh\u00e2n v\u1eadt n\u1ed5i ti\u1ebfng t\u1eeb anime One Piece.\" srcset=\"https:\/\/demostore.ai\/wp-content\/uploads\/2025\/06\/Funko-Pop-figure-2.png 1000w, https:\/\/demostore.ai\/wp-content\/uploads\/2025\/06\/Funko-Pop-figure-2-300x300.png 300w, https:\/\/demostore.ai\/wp-content\/uploads\/2025\/06\/Funko-Pop-figure-2-150x150.png 150w, https:\/\/demostore.ai\/wp-content\/uploads\/2025\/06\/Funko-Pop-figure-2-768x768.png 768w, https:\/\/demostore.ai\/wp-content\/uploads\/2025\/06\/Funko-Pop-figure-2-600x600.png 600w, https:\/\/demostore.ai\/wp-content\/uploads\/2025\/06\/Funko-Pop-figure-2-250x250.png 250w\"><figcaption>\n<p>H\u00ecnh \u1ea3nh m\u1eb7t sau h\u1ed9p cho th\u1ea5y c\u00e1c phi\u00ean b\u1ea3n nh\u00e2n v\u1eadt One Piece chi ti\u1ebft v\u1edbi m\u00e0u s\u1eafc n\u1ed5i b\u1eadt.<\/p>\n<\/figcaption><\/figure>\n<\/p><\/div>\n<section data-wtai-block-id=\"wtai_product_description_technical_specifications\" class=\"wtai-section wtai-technical_specifications-section\">\n<h3>Chi ti\u1ebft<\/h3>\n<ul>\n<li>T\u00ean s\u1ea3n ph\u1ea9m: Funko Pop! One Piece \u2013 Samurai Brook<\/li>\n<li>D\u00f2ng s\u1ea3n ph\u1ea9m: Pop! Animation s\u1ed1 1129<\/li>\n<li>Ch\u1ea5t li\u1ec7u: Vinyl<\/li>\n<li>K\u00edch th\u01b0\u1edbc: 3.94&quot; (10 cm)<\/li>\n<li>Thi\u1ebft k\u1ebf: Nh\u00e2n v\u1eadt Brook phi\u00ean b\u1ea3n Samurai, l\u1ea5y t\u1eeb One Piece<\/li>\n<li>Nh\u00e3n tem: Funko 2023 Wondrous Convention Exclusive<\/li>\n<li>M\u00e0u s\u1eafc: \u0110en, tr\u1eafng, \u0111\u1ecf v\u00e0 nhi\u1ec1u chi ti\u1ebft m\u00e0u s\u1eafc n\u1ed5i b\u1eadt<\/li>\n<li>\u0110\u00f3ng g\u00f3i: H\u1ed9p nh\u1ef1a trong su\u1ed1t, chuy\u00ean d\u1ee5ng tr\u01b0ng b\u00e0y<\/li>\n<\/ul>\n<\/section>\n<section data-wtai-block-id=\"wtai_product_description_custom_1\" class=\"wtai-section wtai-custom_1-section\">\n<h2>Nh\u1eefng \u0111\u1ed1i t\u01b0\u1ee3ng v\u00e0 t\u00ecnh hu\u1ed1ng ph\u00f9 h\u1ee3p v\u1edbi Funko Pop! One Piece \u2013 Samurai Brook<\/h2>\n<ul>\n<li><strong>Doanh nghi\u1ec7p kinh doanh qu\u00e0 t\u1eb7ng<\/strong>: S\u1ea3n ph\u1ea9m \u0111\u1ed9c quy\u1ec1n, n\u1ed5i b\u1eadt cho b\u1ed9 s\u01b0u t\u1eadp doanh nghi\u1ec7p.<\/li>\n<li><strong>Nh\u00e0 s\u01b0u t\u1ea7m m\u00f4 h\u00ecnh cao c\u1ea5p<\/strong>: Thi\u1ebft k\u1ebf samurai \u0111\u1ed9c \u0111\u00e1o, s\u1ed1 l\u01b0\u1ee3ng gi\u1edbi h\u1ea1n h\u1ea5p d\u1eabn.<\/li>\n<li><strong>Ng\u01b0\u1eddi h\u00e2m m\u1ed9 One Piece l\u00e2u n\u0103m<\/strong>: Brook samurai phi\u00ean b\u1ea3n gi\u1edbi h\u1ea1n, \u0111i\u1ec3m nh\u1ea5n tinh t\u1ebf cho kh\u00f4ng gian l\u00e0m vi\u1ec7c.<\/li>\n<\/ul>\n<\/section>\n<section data-wtai-block-id=\"wtai_product_description_custom_2\" class=\"wtai-section wtai-custom_2-section\">\n<h2>\u0110\u00f4i n\u00e9t v\u1ec1 t\u00e1c gi\u1ea3 Eiichir\u014d Oda \u2013 Cha \u0111\u1ebb c\u1ee7a One Piece<\/h2>\n<p>Eiichir\u014d Oda l\u00e0 mangaka \u0111\u1ee9ng sau One Piece, b\u1ed9 truy\u1ec7n tranh n\u1ed5i ti\u1ebfng to\u00e0n c\u1ea7u v\u00e0 l\u00e0 ngu\u1ed3n c\u1ea3m h\u1ee9ng cho lo\u1ea1t nh\u00e2n v\u1eadt th\u00fa v\u1ecb nh\u01b0 Brook.<\/p>\n<p>Sinh n\u0103m 1975 t\u1ea1i Nh\u1eadt B\u1ea3n, Oda b\u00e9n duy\u00ean v\u1edbi ngh\u1ec1 t\u1eeb r\u1ea5t s\u1edbm nh\u1edd ni\u1ec1m \u0111am m\u00ea s\u00e1ng t\u1ea1o v\u00e0 nh\u1eefng c\u00e2u chuy\u1ec7n phi\u00eau l\u01b0u \u0111\u1ed9c \u0111\u00e1o.<\/p>\n<p>One Piece ghi d\u1ea5u \u1ea5n m\u1ea1nh m\u1ebd nh\u1edd c\u1ed1t truy\u1ec7n h\u1ea5p d\u1eabn, nh\u00e2n v\u1eadt c\u00e1 t\u00ednh v\u00e0 th\u1ebf gi\u1edbi h\u1ea3i t\u1eb7c \u0111\u1ea7y s\u1eafc m\u00e0u do Oda x\u00e2y d\u1ef1ng.<\/p>\n<p>Nh\u1eefng nh\u00e2n v\u1eadt nh\u01b0 Samurai Brook kh\u00f4ng ch\u1ec9 g\u00e2y \u1ea5n t\u01b0\u1ee3ng v\u1ec1 t\u1ea1o h\u00ecnh m\u00e0 c\u00f2n ch\u1ee9a \u0111\u1ef1ng chi\u1ec1u s\u00e2u v\u1ec1 c\u1ea3m x\u00fac v\u00e0 phong c\u00e1ch ngh\u1ec7 thu\u1eadt ri\u00eang bi\u1ec7t.<\/p>\n<p>T\u00e1c ph\u1ea9m c\u1ee7a Oda lu\u00f4n thu h\u00fat c\u1ed9ng \u0111\u1ed3ng y\u00eau gi\u1ea3i tr\u00ed nh\u1edd s\u1ef1 pha tr\u1ed9n gi\u1eefa h\u00e0i h\u01b0\u1edbc, tinh th\u1ea7n \u0111\u1ed3ng \u0111\u1ed9i v\u00e0 nh\u1eefng b\u00e0i h\u1ecdc v\u01b0\u1ee3t th\u1eddi gian.<\/p>\n<\/section>\n<section data-wtai-block-id=\"wtai_product_description_faqs\" class=\"wtai-section wtai-faqs-section\">\n<h2>Nh\u1eefng C\u00e2u H\u1ecfi Th\u01b0\u1eddng G\u1eb7p<\/h2>\n<p><strong>Phi\u00ean b\u1ea3n Samurai Brook n\u00e0y c\u00f3 hi\u1ebfm kh\u00f4ng?<\/strong><\/p>\n<p>\u0110\u00e2y l\u00e0 phi\u00ean b\u1ea3n Funko Exclusive, s\u1ea3n xu\u1ea5t gi\u1edbi h\u1ea1n, r\u1ea5t \u0111\u00e1ng gi\u00e1 d\u00e0nh cho nh\u00e0 s\u01b0u t\u1eadp ho\u1eb7c c\u00e1c doanh nghi\u1ec7p mu\u1ed1n l\u00e0m qu\u00e0 t\u1eb7ng t\u1ea1o \u1ea5n t\u01b0\u1ee3ng.<\/p>\n<p><strong>S\u1ea3n ph\u1ea9m n\u00e0y ph\u00f9 h\u1ee3p \u0111\u1eb7t \u1edf \u0111\u00e2u?<\/strong><\/p>\n<p>B\u1ea1n c\u00f3 th\u1ec3 tr\u01b0ng b\u00e0y t\u1ea1i b\u00e0n l\u00e0m vi\u1ec7c, ph\u00f2ng h\u1ecdp nh\u1ecf, qu\u1ea7y l\u1ec5 t\u00e2n ho\u1eb7c tr\u00ean gi\u00e1 s\u00e1ch. Ki\u1ec3u d\u00e1ng nh\u1ecf g\u1ecdn v\u00e0 \u0111\u00f3ng h\u1ed9p \u0111\u1eb9p m\u1eaft gi\u00fap ph\u00f9 h\u1ee3p nhi\u1ec1u kh\u00f4ng gian.<\/p>\n<p><strong>S\u1ea3n ph\u1ea9m n\u00e0y l\u00e0m b\u1eb1ng ch\u1ea5t li\u1ec7u g\u00ec?<\/strong><\/p>\n<p>M\u00f4 h\u00ecnh \u0111\u01b0\u1ee3c l\u00e0m ho\u00e0n to\u00e0n t\u1eeb nh\u1ef1a vinyl cao c\u1ea5p, r\u1ea5t b\u1ec1n m\u00e0u v\u00e0 b\u1ea3o qu\u1ea3n \u0111\u01b0\u1ee3c l\u00e2u khi \u0111\u1eb7t trong h\u1ed9p nh\u1ef1a chuy\u00ean d\u1ee5ng.<\/p>\n<p><strong>C\u00e1ch b\u1ea3o qu\u1ea3n m\u00f4 h\u00ecnh hi\u1ec7u qu\u1ea3 nh\u1ea5t l\u00e0 g\u00ec?<\/strong><\/p>\n<p>N\u00ean gi\u1eef nguy\u00ean s\u1ea3n ph\u1ea9m trong h\u1ed9p nh\u1ef1a trong su\u1ed1t, \u0111\u1eb7t n\u01a1i kh\u00f4 r\u00e1o, tr\u00e1nh \u00e1nh n\u1eafng tr\u1ef1c ti\u1ebfp v\u00e0 kh\u00f4ng \u0111\u1ec3 g\u1ea7n ngu\u1ed3n nhi\u1ec7t nh\u1eb1m duy tr\u00ec m\u00e0u s\u1eafc c\u00f9ng h\u00ecnh d\u00e1ng l\u00e2u d\u00e0i.<\/p>\n<\/section>\n<section data-wtai-block-id=\"wtai_product_description_conclusion\" class=\"wtai-section wtai-conclusion-section\">\n<h3>S\u1eb5n S\u00e0ng S\u1edf H\u1eefu Ngay<\/h3>\n<p><strong>Samurai Brook phi\u00ean b\u1ea3n Funko Exclusive l\u00e0 l\u1ef1a ch\u1ecdn tinh t\u1ebf cho kh\u00f4ng gian l\u00e0m vi\u1ec7c hi\u1ec7n \u0111\u1ea1i ho\u1eb7c ph\u00f2ng s\u01b0u t\u1ea7m chuy\u00ean nghi\u1ec7p.<\/strong> <strong>Thi\u1ebft k\u1ebf s\u1eafc n\u00e9t, h\u1ed9p tr\u01b0ng b\u00e0y sang tr\u1ecdng c\u00f9ng s\u1ed1 l\u01b0\u1ee3ng gi\u1edbi h\u1ea1n gi\u00fap s\u1ea3n ph\u1ea9m lu\u00f4n gi\u1eef tr\u1ecdn gi\u00e1 tr\u1ecb s\u01b0u t\u1ea7m.<\/strong> <strong>\u0110\u1eebng b\u1ecf l\u1ee1 c\u01a1 h\u1ed9i l\u00e0m m\u1edbi kh\u00f4ng gian ho\u1eb7c t\u0103ng \u0111i\u1ec3m nh\u1ea5n c\u00e1 nh\u00e2n v\u1edbi m\u1ed9t m\u1eabu \u0111\u1ed9c quy\u1ec1n \u2013 ch\u1ecdn ngay h\u00f4m nay.<\/strong><\/p>\n<\/section>\n","protected":false},"excerpt":{"rendered":"<div data-wtai-block-id=\"wtai_excerpt_subtitle\" class=\"wtai-section wtai-subtitle-section\">\n<p><em><strong>M\u1ed9t bi\u1ec3u t\u01b0\u1ee3ng samurai \u0111\u1ed9c \u0111\u00e1o d\u00e0nh cho d\u00e2n s\u01b0u t\u1ea7m \u0111am m\u00ea One Piece.<\/strong><\/em><\/p>\n<\/p><\/div>\n<div data-wtai-block-id=\"wtai_excerpt_introduction\" class=\"wtai-section wtai-introduction-section\">\n<p>Khi nh\u1eafc \u0111\u1ebfn th\u1ebf gi\u1edbi anime \u0111\u00ecnh \u0111\u00e1m, m\u1ed9t m\u00f3n s\u01b0u t\u1eadp nho nh\u1ecf l\u1ea1i ghi d\u1ea5u \u1ea5n \u0111\u1eb7c bi\u1ec7t\u2014\u0111\u00f3 ch\u00ednh l\u00e0 Funko Pop! One Piece \u2013 Samurai Brook. S\u1ea3n ph\u1ea9m n\u00e0y kh\u00f4ng ch\u1ec9 l\u00e0 m\u00f4 h\u00ecnh vinyl miniature, m\u00e0 c\u00f2n l\u00e0 \u0111i\u1ec3m nh\u1ea5n th\u1ea9m m\u1ef9 cho g\u00f3c l\u00e0m vi\u1ec7c, ph\u00f2ng h\u1ecdp hay c\u1ea3 kh\u00f4ng gian c\u1eeda h\u00e0ng. V\u1edbi thi\u1ebft k\u1ebf s\u1eafc n\u00e9t, h\u00ecnh \u1ea3nh Samurai Brook n\u1ed5i b\u1eadt trong h\u1ed9p tr\u01b0ng b\u00e0y, ph\u00f9 h\u1ee3p v\u1edbi s\u1edf th\u00edch s\u01b0u t\u1ea7m nghi\u00eam t\u00fac l\u1eabn kh\u00f4ng gian trang tr\u00ed mang t\u00ednh c\u00e1 nh\u00e2n h\u00f3a, d\u1ec5 t\u1ea1o thi\u1ec7n c\u1ea3m trong nh\u1eefng l\u1ea7n h\u1ee3p t\u00e1c hay trao \u0111\u1ed5i l\u01b0u ni\u1ec7m trong m\u00f4i tr\u01b0\u1eddng doanh nghi\u1ec7p.<\/p>\n<\/p><\/div>\n","protected":false},"featured_media":18145,"comment_status":"open","ping_status":"closed","template":"","meta":[],"product_brand":[],"product_cat":[196],"product_tag":[],"class_list":{"0":"post-39230","1":"product","2":"type-product","3":"status-publish","4":"has-post-thumbnail","6":"product_cat-sach-truyen-thong","8":"first","9":"instock","10":"shipping-taxable","11":"purchasable","12":"product-type-simple"},"bundled_by":[],"bundle_stock_status":"instock","bundle_stock_quantity":null,"bundle_virtual":false,"bundle_layout":"","bundle_add_to_cart_form_location":"","bundle_editable_in_cart":false,"bundle_sold_individually_context":"","bundle_item_grouping":"","bundle_min_size":"","bundle_max_size":"","bundle_price":[],"bundled_items":[],"bundle_sell_ids":[],"yoast_head":"<!-- This site is optimized with the Yoast SEO plugin v25.2 - https:\/\/yoast.com\/wordpress\/plugins\/seo\/ -->\n<title>Grab Funko Pop One Piece Samurai Brook Phi\u00ean B\u1ea3n Gi\u1edbi H\u1ea1n<\/title>\n<meta name=\"description\" content=\"Tuy\u1ec7t ph\u1ea9m s\u01b0u t\u1ea7m v\u1edbi nh\u00e2n v\u1eadt Samurai Brook \u0111\u1ed9c quy\u1ec1n t\u1eeb Funko Pop! One Piece. Thi\u1ebft k\u1ebf n\u1ed5i b\u1eadt, ch\u1ea5t li\u1ec7u vinyl b\u1ec1n m\u00e0u, \u0111\u00f3ng h\u1ed9p \u0111\u1eb9p m\u1eaft, l\u00fd t\u01b0\u1edfng trang tr\u00ed.\" \/>\n<meta name=\"robots\" content=\"index, follow, max-snippet:-1, max-image-preview:large, max-video-preview:-1\" \/>\n<link rel=\"canonical\" href=\"https:\/\/demostore.ai\/vi\/san-pham\/funko-pop-one-piece-samurai-brook\/\" \/>\n<meta property=\"og:type\" content=\"article\" \/>\n<meta property=\"og:title\" content=\"Grab Funko Pop One Piece Samurai Brook Phi\u00ean B\u1ea3n Gi\u1edbi H\u1ea1n\" \/>\n<meta property=\"og:description\" content=\"Kh\u00e1m ph\u00e1 m\u00f4 h\u00ecnh Funko Pop! One Piece \u2013 Samurai Brook phi\u00ean b\u1ea3n gi\u1edbi h\u1ea1n th\u1ef1c s\u1ef1 g\u00e2y ch\u00fa \u00fd. Thi\u1ebft k\u1ebf nh\u00e2n v\u1eadt samurai, ch\u1ea5t li\u1ec7u vinyl b\u1ec1n \u0111\u1eb9p, h\u1ed9p tr\u01b0ng b\u00e0y trong su\u1ed1t sang tr\u1ecdng, th\u00edch h\u1ee3p l\u00e0m qu\u00e0 t\u1eb7ng ho\u1eb7c trang tr\u00ed kh\u00f4ng gian chuy\u00ean nghi\u1ec7p.\" \/>\n<meta property=\"og:url\" content=\"https:\/\/demostore.ai\/vi\/san-pham\/funko-pop-one-piece-samurai-brook\/\" \/>\n<meta property=\"og:site_name\" content=\"Trendy Thread\" \/>\n<meta property=\"article:modified_time\" content=\"2026-02-18T02:46:39+00:00\" \/>\n<meta property=\"og:image\" content=\"https:\/\/demostore.ai\/wp-content\/uploads\/2025\/06\/Funko-Pop-figure-1.png\" \/>\n\t<meta property=\"og:image:width\" content=\"1000\" \/>\n\t<meta property=\"og:image:height\" content=\"1000\" \/>\n\t<meta property=\"og:image:type\" content=\"image\/png\" \/>\n<meta name=\"twitter:card\" content=\"summary_large_image\" \/>\n<meta name=\"twitter:title\" content=\"Grab Funko Pop One Piece Samurai Brook Phi\u00ean B\u1ea3n Gi\u1edbi H\u1ea1n\" \/>\n<meta name=\"twitter:description\" content=\"Kh\u00e1m ph\u00e1 m\u00f4 h\u00ecnh Funko Pop! One Piece \u2013 Samurai Brook phi\u00ean b\u1ea3n gi\u1edbi h\u1ea1n th\u1ef1c s\u1ef1 g\u00e2y ch\u00fa \u00fd. Thi\u1ebft k\u1ebf nh\u00e2n v\u1eadt samurai, ch\u1ea5t li\u1ec7u vinyl b\u1ec1n \u0111\u1eb9p, h\u1ed9p tr\u01b0ng b\u00e0y trong su\u1ed1t sang tr\u1ecdng, th\u00edch h\u1ee3p l\u00e0m qu\u00e0 t\u1eb7ng ho\u1eb7c trang tr\u00ed kh\u00f4ng gian chuy\u00ean nghi\u1ec7p.\" \/>\n<meta name=\"twitter:label1\" content=\"\u01af\u1edbc t\u00ednh th\u1eddi gian \u0111\u1ecdc\" \/>\n\t<meta name=\"twitter:data1\" content=\"1 ph\u00fat\" \/>\n<script type=\"application\/ld+json\" class=\"yoast-schema-graph\">{\"@context\":\"https:\/\/schema.org\",\"@graph\":[{\"@type\":\"WebPage\",\"@id\":\"https:\/\/demostore.ai\/vi\/san-pham\/funko-pop-one-piece-samurai-brook\/\",\"url\":\"https:\/\/demostore.ai\/vi\/san-pham\/funko-pop-one-piece-samurai-brook\/\",\"name\":\"Grab Funko Pop One Piece Samurai Brook Phi\u00ean B\u1ea3n Gi\u1edbi H\u1ea1n\",\"isPartOf\":{\"@id\":\"https:\/\/demostore.ai\/vi\/#website\"},\"primaryImageOfPage\":{\"@id\":\"https:\/\/demostore.ai\/vi\/san-pham\/funko-pop-one-piece-samurai-brook\/#primaryimage\"},\"image\":{\"@id\":\"https:\/\/demostore.ai\/vi\/san-pham\/funko-pop-one-piece-samurai-brook\/#primaryimage\"},\"thumbnailUrl\":\"https:\/\/demostore.ai\/wp-content\/uploads\/2025\/06\/Funko-Pop-figure-1.png\",\"datePublished\":\"2025-06-15T23:58:41+00:00\",\"dateModified\":\"2026-02-18T02:46:39+00:00\",\"description\":\"Tuy\u1ec7t ph\u1ea9m s\u01b0u t\u1ea7m v\u1edbi nh\u00e2n v\u1eadt Samurai Brook \u0111\u1ed9c quy\u1ec1n t\u1eeb Funko Pop! One Piece. Thi\u1ebft k\u1ebf n\u1ed5i b\u1eadt, ch\u1ea5t li\u1ec7u vinyl b\u1ec1n m\u00e0u, \u0111\u00f3ng h\u1ed9p \u0111\u1eb9p m\u1eaft, l\u00fd t\u01b0\u1edfng trang tr\u00ed.\",\"breadcrumb\":{\"@id\":\"https:\/\/demostore.ai\/vi\/san-pham\/funko-pop-one-piece-samurai-brook\/#breadcrumb\"},\"inLanguage\":\"vi\",\"potentialAction\":[{\"@type\":\"ReadAction\",\"target\":[\"https:\/\/demostore.ai\/vi\/san-pham\/funko-pop-one-piece-samurai-brook\/\"]}]},{\"@type\":\"ImageObject\",\"inLanguage\":\"vi\",\"@id\":\"https:\/\/demostore.ai\/vi\/san-pham\/funko-pop-one-piece-samurai-brook\/#primaryimage\",\"url\":\"https:\/\/demostore.ai\/wp-content\/uploads\/2025\/06\/Funko-Pop-figure-1.png\",\"contentUrl\":\"https:\/\/demostore.ai\/wp-content\/uploads\/2025\/06\/Funko-Pop-figure-1.png\",\"width\":1000,\"height\":1000,\"caption\":\"M\u00f4 h\u00ecnh Funko Pop! One Piece Samurai Brook phi\u00ean b\u1ea3n \u0111\u1eb7c bi\u1ec7t, h\u1ed9p \u0111\u1ef1ng minh ho\u1ea1 nh\u00e2n v\u1eadt trong anime.\"},{\"@type\":\"BreadcrumbList\",\"@id\":\"https:\/\/demostore.ai\/vi\/san-pham\/funko-pop-one-piece-samurai-brook\/#breadcrumb\",\"itemListElement\":[{\"@type\":\"ListItem\",\"position\":1,\"name\":\"Trang ch\u1ee7\",\"item\":\"https:\/\/demostore.ai\/vi\/\"},{\"@type\":\"ListItem\",\"position\":2,\"name\":\"C\u1eeda h\u00e0ng\",\"item\":\"https:\/\/demostore.ai\/vi\/cua-hang\/\"},{\"@type\":\"ListItem\",\"position\":3,\"name\":\"Funko Pop! One Piece &#8211; Samurai Brook\"}]},{\"@type\":\"WebSite\",\"@id\":\"https:\/\/demostore.ai\/vi\/#website\",\"url\":\"https:\/\/demostore.ai\/vi\/\",\"name\":\"Trendy Thread\",\"description\":\"C\u1eeda h\u00e0ng demo WriteText.ai\",\"publisher\":{\"@id\":\"https:\/\/demostore.ai\/vi\/#organization\"},\"potentialAction\":[{\"@type\":\"SearchAction\",\"target\":{\"@type\":\"EntryPoint\",\"urlTemplate\":\"https:\/\/demostore.ai\/vi\/?s={search_term_string}\"},\"query-input\":{\"@type\":\"PropertyValueSpecification\",\"valueRequired\":true,\"valueName\":\"search_term_string\"}}],\"inLanguage\":\"vi\"},{\"@type\":\"Organization\",\"@id\":\"https:\/\/demostore.ai\/vi\/#organization\",\"name\":\"WriteText.ai\",\"url\":\"https:\/\/demostore.ai\/vi\/\",\"logo\":{\"@type\":\"ImageObject\",\"inLanguage\":\"vi\",\"@id\":\"https:\/\/demostore.ai\/vi\/#\/schema\/logo\/image\/\",\"url\":\"https:\/\/demostore.ai\/wp-content\/uploads\/2025\/10\/writetext_logo.webp\",\"contentUrl\":\"https:\/\/demostore.ai\/wp-content\/uploads\/2025\/10\/writetext_logo.webp\",\"width\":200,\"height\":34,\"caption\":\"WriteText.ai\"},\"image\":{\"@id\":\"https:\/\/demostore.ai\/vi\/#\/schema\/logo\/image\/\"}}]}<\/script>\n<!-- \/ Yoast SEO plugin. -->","yoast_head_json":{"title":"Grab Funko Pop One Piece Samurai Brook Phi\u00ean B\u1ea3n Gi\u1edbi H\u1ea1n","description":"Tuy\u1ec7t ph\u1ea9m s\u01b0u t\u1ea7m v\u1edbi nh\u00e2n v\u1eadt Samurai Brook \u0111\u1ed9c quy\u1ec1n t\u1eeb Funko Pop! One Piece. Thi\u1ebft k\u1ebf n\u1ed5i b\u1eadt, ch\u1ea5t li\u1ec7u vinyl b\u1ec1n m\u00e0u, \u0111\u00f3ng h\u1ed9p \u0111\u1eb9p m\u1eaft, l\u00fd t\u01b0\u1edfng trang tr\u00ed.","robots":{"index":"index","follow":"follow","max-snippet":"max-snippet:-1","max-image-preview":"max-image-preview:large","max-video-preview":"max-video-preview:-1"},"canonical":"https:\/\/demostore.ai\/vi\/san-pham\/funko-pop-one-piece-samurai-brook\/","og_type":"article","og_title":"Grab Funko Pop One Piece Samurai Brook Phi\u00ean B\u1ea3n Gi\u1edbi H\u1ea1n","og_description":"Kh\u00e1m ph\u00e1 m\u00f4 h\u00ecnh Funko Pop! One Piece \u2013 Samurai Brook phi\u00ean b\u1ea3n gi\u1edbi h\u1ea1n th\u1ef1c s\u1ef1 g\u00e2y ch\u00fa \u00fd. Thi\u1ebft k\u1ebf nh\u00e2n v\u1eadt samurai, ch\u1ea5t li\u1ec7u vinyl b\u1ec1n \u0111\u1eb9p, h\u1ed9p tr\u01b0ng b\u00e0y trong su\u1ed1t sang tr\u1ecdng, th\u00edch h\u1ee3p l\u00e0m qu\u00e0 t\u1eb7ng ho\u1eb7c trang tr\u00ed kh\u00f4ng gian chuy\u00ean nghi\u1ec7p.","og_url":"https:\/\/demostore.ai\/vi\/san-pham\/funko-pop-one-piece-samurai-brook\/","og_site_name":"Trendy Thread","article_modified_time":"2026-02-18T02:46:39+00:00","og_image":[{"width":1000,"height":1000,"url":"https:\/\/demostore.ai\/wp-content\/uploads\/2025\/06\/Funko-Pop-figure-1.png","type":"image\/png"}],"twitter_card":"summary_large_image","twitter_title":"Grab Funko Pop One Piece Samurai Brook Phi\u00ean B\u1ea3n Gi\u1edbi H\u1ea1n","twitter_description":"Kh\u00e1m ph\u00e1 m\u00f4 h\u00ecnh Funko Pop! One Piece \u2013 Samurai Brook phi\u00ean b\u1ea3n gi\u1edbi h\u1ea1n th\u1ef1c s\u1ef1 g\u00e2y ch\u00fa \u00fd. Thi\u1ebft k\u1ebf nh\u00e2n v\u1eadt samurai, ch\u1ea5t li\u1ec7u vinyl b\u1ec1n \u0111\u1eb9p, h\u1ed9p tr\u01b0ng b\u00e0y trong su\u1ed1t sang tr\u1ecdng, th\u00edch h\u1ee3p l\u00e0m qu\u00e0 t\u1eb7ng ho\u1eb7c trang tr\u00ed kh\u00f4ng gian chuy\u00ean nghi\u1ec7p.","twitter_misc":{"\u01af\u1edbc t\u00ednh th\u1eddi gian \u0111\u1ecdc":"1 ph\u00fat"},"schema":{"@context":"https:\/\/schema.org","@graph":[{"@type":"WebPage","@id":"https:\/\/demostore.ai\/vi\/san-pham\/funko-pop-one-piece-samurai-brook\/","url":"https:\/\/demostore.ai\/vi\/san-pham\/funko-pop-one-piece-samurai-brook\/","name":"Grab Funko Pop One Piece Samurai Brook Phi\u00ean B\u1ea3n Gi\u1edbi H\u1ea1n","isPartOf":{"@id":"https:\/\/demostore.ai\/vi\/#website"},"primaryImageOfPage":{"@id":"https:\/\/demostore.ai\/vi\/san-pham\/funko-pop-one-piece-samurai-brook\/#primaryimage"},"image":{"@id":"https:\/\/demostore.ai\/vi\/san-pham\/funko-pop-one-piece-samurai-brook\/#primaryimage"},"thumbnailUrl":"https:\/\/demostore.ai\/wp-content\/uploads\/2025\/06\/Funko-Pop-figure-1.png","datePublished":"2025-06-15T23:58:41+00:00","dateModified":"2026-02-18T02:46:39+00:00","description":"Tuy\u1ec7t ph\u1ea9m s\u01b0u t\u1ea7m v\u1edbi nh\u00e2n v\u1eadt Samurai Brook \u0111\u1ed9c quy\u1ec1n t\u1eeb Funko Pop! One Piece. Thi\u1ebft k\u1ebf n\u1ed5i b\u1eadt, ch\u1ea5t li\u1ec7u vinyl b\u1ec1n m\u00e0u, \u0111\u00f3ng h\u1ed9p \u0111\u1eb9p m\u1eaft, l\u00fd t\u01b0\u1edfng trang tr\u00ed.","breadcrumb":{"@id":"https:\/\/demostore.ai\/vi\/san-pham\/funko-pop-one-piece-samurai-brook\/#breadcrumb"},"inLanguage":"vi","potentialAction":[{"@type":"ReadAction","target":["https:\/\/demostore.ai\/vi\/san-pham\/funko-pop-one-piece-samurai-brook\/"]}]},{"@type":"ImageObject","inLanguage":"vi","@id":"https:\/\/demostore.ai\/vi\/san-pham\/funko-pop-one-piece-samurai-brook\/#primaryimage","url":"https:\/\/demostore.ai\/wp-content\/uploads\/2025\/06\/Funko-Pop-figure-1.png","contentUrl":"https:\/\/demostore.ai\/wp-content\/uploads\/2025\/06\/Funko-Pop-figure-1.png","width":1000,"height":1000,"caption":"M\u00f4 h\u00ecnh Funko Pop! One Piece Samurai Brook phi\u00ean b\u1ea3n \u0111\u1eb7c bi\u1ec7t, h\u1ed9p \u0111\u1ef1ng minh ho\u1ea1 nh\u00e2n v\u1eadt trong anime."},{"@type":"BreadcrumbList","@id":"https:\/\/demostore.ai\/vi\/san-pham\/funko-pop-one-piece-samurai-brook\/#breadcrumb","itemListElement":[{"@type":"ListItem","position":1,"name":"Trang ch\u1ee7","item":"https:\/\/demostore.ai\/vi\/"},{"@type":"ListItem","position":2,"name":"C\u1eeda h\u00e0ng","item":"https:\/\/demostore.ai\/vi\/cua-hang\/"},{"@type":"ListItem","position":3,"name":"Funko Pop! One Piece &#8211; Samurai Brook"}]},{"@type":"WebSite","@id":"https:\/\/demostore.ai\/vi\/#website","url":"https:\/\/demostore.ai\/vi\/","name":"Trendy Thread","description":"C\u1eeda h\u00e0ng demo WriteText.ai","publisher":{"@id":"https:\/\/demostore.ai\/vi\/#organization"},"potentialAction":[{"@type":"SearchAction","target":{"@type":"EntryPoint","urlTemplate":"https:\/\/demostore.ai\/vi\/?s={search_term_string}"},"query-input":{"@type":"PropertyValueSpecification","valueRequired":true,"valueName":"search_term_string"}}],"inLanguage":"vi"},{"@type":"Organization","@id":"https:\/\/demostore.ai\/vi\/#organization","name":"WriteText.ai","url":"https:\/\/demostore.ai\/vi\/","logo":{"@type":"ImageObject","inLanguage":"vi","@id":"https:\/\/demostore.ai\/vi\/#\/schema\/logo\/image\/","url":"https:\/\/demostore.ai\/wp-content\/uploads\/2025\/10\/writetext_logo.webp","contentUrl":"https:\/\/demostore.ai\/wp-content\/uploads\/2025\/10\/writetext_logo.webp","width":200,"height":34,"caption":"WriteText.ai"},"image":{"@id":"https:\/\/demostore.ai\/vi\/#\/schema\/logo\/image\/"}}]}},"_links":{"self":[{"href":"https:\/\/demostore.ai\/vi\/wp-json\/wp\/v2\/product\/39230","targetHints":{"allow":["GET"]}}],"collection":[{"href":"https:\/\/demostore.ai\/vi\/wp-json\/wp\/v2\/product"}],"about":[{"href":"https:\/\/demostore.ai\/vi\/wp-json\/wp\/v2\/types\/product"}],"replies":[{"embeddable":true,"href":"https:\/\/demostore.ai\/vi\/wp-json\/wp\/v2\/comments?post=39230"}],"wp:featuredmedia":[{"embeddable":true,"href":"https:\/\/demostore.ai\/vi\/wp-json\/wp\/v2\/media\/18145"}],"wp:attachment":[{"href":"https:\/\/demostore.ai\/vi\/wp-json\/wp\/v2\/media?parent=39230"}],"wp:term":[{"taxonomy":"product_brand","embeddable":true,"href":"https:\/\/demostore.ai\/vi\/wp-json\/wp\/v2\/product_brand?post=39230"},{"taxonomy":"product_cat","embeddable":true,"href":"https:\/\/demostore.ai\/vi\/wp-json\/wp\/v2\/product_cat?post=39230"},{"taxonomy":"product_tag","embeddable":true,"href":"https:\/\/demostore.ai\/vi\/wp-json\/wp\/v2\/product_tag?post=39230"}],"curies":[{"name":"wp","href":"https:\/\/api.w.org\/{rel}","templated":true}]}}