{"id":39208,"date":"2025-07-28T06:51:18","date_gmt":"2025-07-27T22:51:18","guid":{"rendered":"https:\/\/demostore.ai\/?post_type=product&#038;p=39208"},"modified":"2026-02-18T10:27:15","modified_gmt":"2026-02-18T02:27:15","slug":"tram-cai-bac-hoa-tiet-san-ho","status":"publish","type":"product","link":"https:\/\/demostore.ai\/vi\/san-pham\/tram-cai-bac-hoa-tiet-san-ho\/","title":{"rendered":"Tr\u00e2m C\u00e0i B\u1ea1c H\u1ecda Ti\u1ebft San H\u00f4"},"content":{"rendered":"<section data-wtai-block-id=\"wtai_product_description_features\" class=\"wtai-section wtai-features-section\">\n<h2>\u0110\u1eb7c \u0110i\u1ec3m N\u1ed5i B\u1eadt C\u1ee7a Tr\u00e2m C\u00e0i B\u1ea1c H\u1ecda Ti\u1ebft San H\u00f4<\/h2>\n<ul>\n<li><strong>Ch\u1ea5t li\u1ec7u:<\/strong> B\u1ea1c cao c\u1ea5p mang l\u1ea1i \u0111\u1ed9 s\u00e1ng b\u00f3ng l\u00e2u d\u00e0i v\u00e0 an to\u00e0n cho da.<\/li>\n<li><strong>Thi\u1ebft k\u1ebf:<\/strong> H\u1ecda ti\u1ebft san h\u00f4 c\u00e1ch \u0111i\u1ec7u tinh t\u1ebf, t\u1ea1o \u0111i\u1ec3m nh\u1ea5n c\u1ed5 \u0111i\u1ec3n v\u00e0 sang tr\u1ecdng.<\/li>\n<li><strong>Trang tr\u00ed:<\/strong> \u0110\u00ednh ng\u1ecdc trai nh\u00e2n t\u1ea1o \u1edf trung t\u00e2m, t\u00f4n l\u00ean v\u1ebb \u0111\u1eb9p thanh l\u1ecbch, n\u1eef t\u00ednh.<\/li>\n<li><strong>B\u1ec1 m\u1eb7t ho\u00e0n thi\u1ec7n:<\/strong> \u0110\u01b0\u1ee3c \u0111\u00e1nh b\u00f3ng k\u1ef9 l\u01b0\u1ee1ng k\u1ebft h\u1ee3p x\u1eed l\u00fd t\u1ea1o v\u00e2n b\u1ec1 m\u1eb7t s\u1ed1ng \u0111\u1ed9ng nh\u01b0 san h\u00f4 t\u1ef1 nhi\u00ean.<\/li>\n<li><strong>Ki\u1ec3u d\u00e1ng:<\/strong> H\u00ecnh tr\u00f2n v\u1edbi c\u00e1c nh\u00e1nh san h\u00f4 \u00f4m l\u1ea5y vi\u00ean ng\u1ecdc trai, ph\u00f9 h\u1ee3p nhi\u1ec1u phong c\u00e1ch t\u00f3c.<\/li>\n<li><strong>Ngh\u1ec7 thu\u1eadt ch\u1ebf t\u00e1c:<\/strong> S\u1ea3n xu\u1ea5t b\u1eb1ng k\u1ef9 thu\u1eadt th\u1ee7 c\u00f4ng tinh x\u1ea3o, ch\u00fa tr\u1ecdng t\u1eebng chi ti\u1ebft nh\u1ecf.<\/li>\n<\/ul>\n<\/section>\n<div data-wtai-block-id=\"wtai_product_description_image_1753853427907\" class=\"wtai-section wtai-image_1753853427907-section\">\n<figure class=\"wtai-image-p wtai-align-center\" style=\"text-align:center\"><img decoding=\"async\" src=\"https:\/\/demostore.ai\/wp-content\/uploads\/2025\/07\/2-Silver-Coral-Brooch-with-Pearl-and-Zirconia-Crystal-Accents-2-600x178.png\" alt=\"Tr\u00e2m c\u00e0i b\u1ea1c h\u1ecda ti\u1ebft san h\u00f4 \u0111\u00ednh ng\u1ecdc trai sang tr\u1ecdng, thi\u1ebft k\u1ebf tinh x\u1ea3o.\" srcset=\"https:\/\/demostore.ai\/wp-content\/uploads\/2025\/07\/2-Silver-Coral-Brooch-with-Pearl-and-Zirconia-Crystal-Accents-2.png 1000w, https:\/\/demostore.ai\/wp-content\/uploads\/2025\/07\/2-Silver-Coral-Brooch-with-Pearl-and-Zirconia-Crystal-Accents-2-300x89.png 300w, https:\/\/demostore.ai\/wp-content\/uploads\/2025\/07\/2-Silver-Coral-Brooch-with-Pearl-and-Zirconia-Crystal-Accents-2-768x228.png 768w, https:\/\/demostore.ai\/wp-content\/uploads\/2025\/07\/2-Silver-Coral-Brooch-with-Pearl-and-Zirconia-Crystal-Accents-2-600x178.png 600w\"><figcaption>\n<p>Vi\u00ean ng\u1ecdc trai s\u00e1ng b\u00f3ng n\u1ed5i b\u1eadt tr\u00ean n\u1ec1n b\u1ea1c t\u1ea1o h\u00ecnh san h\u00f4 m\u1ec1m m\u1ea1i, cu\u1ed1n h\u00fat.<\/p>\n<\/figcaption><\/figure>\n<\/p><\/div>\n<section data-wtai-block-id=\"wtai_product_description_use_cases\" class=\"wtai-section wtai-use_cases-section\">\n<h2>\u1ee8ng D\u1ee5ng Ph\u00f9 H\u1ee3p V\u00e0 M\u1eb9o Ph\u1ed1i \u0110\u1ed3<\/h2>\n<ul>\n<li>Ph\u00f9 h\u1ee3p khi tham d\u1ef1 ti\u1ec7c sang tr\u1ecdng ho\u1eb7c c\u00e1c bu\u1ed5i l\u1ec5 truy\u1ec1n th\u1ed1ng v\u1edbi trang ph\u1ee5c \u00e1o d\u00e0i, \u0111\u1ea7m d\u00e0i.<\/li>\n<li>T\u1ea1o \u0111i\u1ec3m nh\u1ea5n khi \u0111i l\u00e0m, g\u1eb7p g\u1ee1 v\u1edbi phong c\u00e1ch l\u1ecbch s\u1ef1 v\u00e0 tinh t\u1ebf, ch\u1ec9 c\u1ea7n k\u1eb9p nh\u1eb9 tr\u00ean t\u00f3c b\u00fai th\u1ea5p.<\/li>\n<li>Ho\u00e0n thi\u1ec7n set \u0111\u1ed3 h\u1eb9n h\u00f2 ho\u1eb7c d\u1ea1o ph\u1ed1 b\u1eb1ng c\u00e1ch ph\u1ed1i c\u00f9ng ki\u1ec3u t\u00f3c th\u1ea3 s\u00f3ng ho\u1eb7c t\u00f3c t\u1ebft c\u1ed5 \u0111i\u1ec3n.<\/li>\n<li>D\u00f9ng l\u00e0m ph\u1ee5 ki\u1ec7n c\u00e0i kh\u0103n, \u00e1o vest ho\u1eb7c t\u00fai x\u00e1ch \u0111\u1ec3 t\u0103ng s\u1ef1 n\u1ed5i b\u1eadt c\u00e1 nh\u00e2n.<\/li>\n<li>K\u1ebft h\u1ee3p v\u1edbi khuy\u00ean tai b\u1ea1c ho\u1eb7c d\u00e2y chuy\u1ec1n ng\u1ecdc trai \u0111\u1ec3 t\u1ea1o phong c\u00e1ch \u0111\u1ed3ng b\u1ed9, c\u1ed5 \u0111i\u1ec3n.<\/li>\n<\/ul>\n<\/section>\n<section data-wtai-block-id=\"wtai_product_description_custom_1754204236758\" class=\"wtai-section wtai-custom_1754204236758-section\">\n<h2>Khi N\u00e0o N\u00ean S\u1eed D\u1ee5ng Tr\u00e2m C\u00e0i B\u1ea1c H\u1ecda Ti\u1ebft San H\u00f4?<\/h2>\n<ul>\n<li><strong>D\u1ef1 ti\u1ec7c ho\u1eb7c s\u1ef1 ki\u1ec7n trang tr\u1ecdng<\/strong>: T\u1ea1o \u0111i\u1ec3m nh\u1ea5n duy\u00ean d\u00e1ng cho m\u00e1i t\u00f3c khi xu\u1ea5t hi\u1ec7n trong c\u00e1c bu\u1ed5i ti\u1ec7c c\u01b0\u1edbi, d\u1ea1 h\u1ed9i, hay c\u00e1c s\u1ef1 ki\u1ec7n quan tr\u1ecdng.<\/li>\n<li><strong>Phong c\u00e1ch th\u01b0\u1eddng ng\u00e0y t\u1ed1i gi\u1ea3n<\/strong>: L\u00e0m m\u1edbi di\u1ec7n m\u1ea1o v\u1edbi m\u1ed9t m\u00f3n ph\u1ee5 ki\u1ec7n thanh l\u1ecbch, d\u1ec5 k\u1ebft h\u1ee3p c\u00f9ng nhi\u1ec1u ki\u1ec3u trang ph\u1ee5c \u0111i l\u00e0m ho\u1eb7c d\u1ea1o ph\u1ed1.<\/li>\n<li><strong>L\u00e0m qu\u00e0 t\u1eb7ng \u00fd ngh\u0129a<\/strong>: Th\u00edch h\u1ee3p d\u00e0nh t\u1eb7ng ng\u01b0\u1eddi th\u00e2n, b\u1ea1n b\u00e8 v\u00e0o c\u00e1c d\u1ecbp sinh nh\u1eadt, k\u1ef7 ni\u1ec7m ho\u1eb7c ng\u00e0y l\u1ec5 \u0111\u1eb7c bi\u1ec7t \u0111\u1ec3 b\u00e0y t\u1ecf s\u1ef1 quan t\u00e2m.<\/li>\n<li><strong>B\u1ed5 sung cho trang ph\u1ee5c truy\u1ec1n th\u1ed1ng<\/strong>: Ho\u00e0n thi\u1ec7n v\u1ebb \u0111\u1eb9p d\u1ecbu d\u00e0ng khi k\u1ebft h\u1ee3p c\u00f9ng \u00e1o d\u00e0i, \u00e1o b\u00e0 ba ho\u1eb7c nh\u1eefng b\u1ed9 trang ph\u1ee5c mang \u0111\u1eadm n\u00e9t v\u0103n h\u00f3a Vi\u1ec7t.<\/li>\n<li><strong>Ch\u1ee5p \u1ea3nh ngh\u1ec7 thu\u1eadt ho\u1eb7c lookbook<\/strong>: Ph\u1ee5 ki\u1ec7n l\u00fd t\u01b0\u1edfng \u0111\u1ec3 t\u1ea1o d\u1ea5u \u1ea5n c\u00e1 t\u00ednh, t\u00f4n vinh phong c\u00e1ch c\u00e1 nh\u00e2n trong c\u00e1c b\u1ed9 h\u00ecnh chuy\u00ean nghi\u1ec7p.<\/li>\n<li><strong>\u0110i l\u1ec5, d\u1ef1 h\u1ed9i ho\u1eb7c d\u1ecbp v\u0103n h\u00f3a<\/strong>: G\u1ee3i l\u00ean n\u00e9t duy\u00ean d\u00e1ng, trang tr\u1ecdng khi tham gia c\u00e1c ho\u1ea1t \u0111\u1ed9ng l\u1ec5 h\u1ed9i, s\u1ef1 ki\u1ec7n c\u1ed9ng \u0111\u1ed3ng, h\u1ecdp m\u1eb7t gia \u0111\u00ecnh.<\/li>\n<\/ul>\n<\/section>\n<section data-wtai-block-id=\"wtai_product_description_custom_1753164383380\" class=\"wtai-section wtai-custom_1753164383380-section\">\n<h3>H\u01b0\u1edbng D\u1eabn B\u1ea3o Qu\u1ea3n Tr\u00e2m C\u00e0i B\u1ea1c H\u1ecda Ti\u1ebft San H\u00f4<\/h3>\n<ul>\n<li>Lau nh\u1eb9 tr\u00e2m b\u1eb1ng kh\u0103n m\u1ec1m sau m\u1ed7i l\u1ea7n s\u1eed d\u1ee5ng \u0111\u1ec3 gi\u1eef b\u1ec1 m\u1eb7t b\u1ea1c s\u00e1ng b\u00f3ng v\u00e0 b\u1ea3o v\u1ec7 h\u1ecda ti\u1ebft san h\u00f4 kh\u1ecfi b\u1ee5i b\u1ea9n.<\/li>\n<li>Tr\u00e1nh ti\u1ebfp x\u00fac v\u1edbi n\u01b0\u1edbc, m\u1ef9 ph\u1ea9m ho\u1eb7c h\u00f3a ch\u1ea5t; lu\u00f4n th\u00e1o tr\u00e2m ra tr\u01b0\u1edbc khi g\u1ed9i \u0111\u1ea7u ho\u1eb7c x\u1ecbt n\u01b0\u1edbc hoa \u0111\u1ec3 kh\u00f4ng \u1ea3nh h\u01b0\u1edfng \u0111\u1ebfn m\u00e0u s\u1eafc v\u00e0 \u0111\u1ed9 b\u1ec1n c\u1ee7a b\u1ea1c c\u00f9ng san h\u00f4.<\/li>\n<li>C\u1ea5t gi\u1eef tr\u00e2m \u1edf n\u01a1i kh\u00f4 r\u00e1o, tr\u00e1nh \u00e1nh n\u1eafng tr\u1ef1c ti\u1ebfp v\u00e0 kh\u00f4ng \u0111\u1ec3 c\u00f9ng c\u00e1c trang s\u1ee9c kh\u00e1c nh\u1eb1m h\u1ea1n ch\u1ebf tr\u1ea7y x\u01b0\u1edbc v\u00e0 oxi h\u00f3a.<\/li>\n<\/ul>\n<\/section>\n<div data-wtai-block-id=\"wtai_product_description_image_1753853450366\" class=\"wtai-section wtai-image_1753853450366-section\">\n<figure class=\"wtai-image-p wtai-align-center\" style=\"text-align:center\"><img decoding=\"async\" src=\"https:\/\/demostore.ai\/wp-content\/uploads\/2025\/07\/4-Silver-Coral-Brooch-with-Pearl-and-Zirconia-Crystal-Accents-600x379.png\" alt=\"Tr\u00e2m c\u00e0i b\u1ea1c h\u1ecda ti\u1ebft san h\u00f4 \u0111\u00ednh ng\u1ecdc trai, thi\u1ebft k\u1ebf tinh x\u1ea3o, sang tr\u1ecdng.\" srcset=\"https:\/\/demostore.ai\/wp-content\/uploads\/2025\/07\/4-Silver-Coral-Brooch-with-Pearl-and-Zirconia-Crystal-Accents.png 848w, https:\/\/demostore.ai\/wp-content\/uploads\/2025\/07\/4-Silver-Coral-Brooch-with-Pearl-and-Zirconia-Crystal-Accents-300x190.png 300w, https:\/\/demostore.ai\/wp-content\/uploads\/2025\/07\/4-Silver-Coral-Brooch-with-Pearl-and-Zirconia-Crystal-Accents-768x485.png 768w, https:\/\/demostore.ai\/wp-content\/uploads\/2025\/07\/4-Silver-Coral-Brooch-with-Pearl-and-Zirconia-Crystal-Accents-600x379.png 600w\"><figcaption>\n<p>Thi\u1ebft k\u1ebf c\u00e0i t\u00f3c m\u00f4 ph\u1ecfng nh\u00e1nh san h\u00f4, \u0111i\u1ec3m nh\u1ea5n vi\u00ean ng\u1ecdc trai l\u1ea5p l\u00e1nh sang tr\u1ecdng.<\/p>\n<\/figcaption><\/figure>\n<\/p><\/div>\n<section data-wtai-block-id=\"wtai_product_description_faqs\" class=\"wtai-section wtai-faqs-section\">\n<h2>M\u1ed9t S\u1ed1 C\u00e2u H\u1ecfi Th\u01b0\u1eddng G\u1eb7p<\/h2>\n<p><strong>Tr\u00e2m c\u00e0i b\u1ea1c c\u00f3 d\u1ec5 b\u1ecb x\u1ec9n m\u00e0u kh\u00f4ng?<\/strong> <br \/> N\u1ebfu b\u1ea3o qu\u1ea3n \u0111\u00fang c\u00e1ch, tr\u00e1nh h\u00f3a ch\u1ea5t v\u00e0 n\u01b0\u1edbc, s\u1ea3n ph\u1ea9m s\u1ebd gi\u1eef \u0111\u01b0\u1ee3c \u0111\u1ed9 s\u00e1ng l\u00e2u.<\/p>\n<p><strong>Ng\u1ecdc trai tr\u00ean tr\u00e2m c\u00f3 d\u1ec5 bong tr\u00f3c?<\/strong> <br \/> Ng\u1ecdc trai \u0111\u01b0\u1ee3c g\u1eafn ch\u1eafc ch\u1eafn nh\u01b0ng n\u00ean h\u1ea1n ch\u1ebf va \u0111\u1eadp \u0111\u1ec3 gi\u1eef v\u1ebb \u0111\u1eb9p l\u00e2u d\u00e0i.<\/p>\n<p><strong>C\u00f3 th\u1ec3 d\u00f9ng tr\u00e2m cho m\u1ecdi lo\u1ea1i t\u00f3c kh\u00f4ng?<\/strong> <br \/> Tr\u00e2m ph\u00f9 h\u1ee3p c\u1ea3 t\u00f3c d\u00e0y v\u00e0 t\u00f3c m\u1ecfng nh\u1edd thi\u1ebft k\u1ebf nh\u1eb9, \u00f4m s\u00e1t t\u00f3c.<\/p>\n<p><strong>Tr\u00e2m c\u00e0i th\u00edch h\u1ee3p l\u00e0m qu\u00e0 t\u1eb7ng kh\u00f4ng?<\/strong> <br \/> Thi\u1ebft k\u1ebf sang tr\u1ecdng, \u00fd ngh\u0129a ph\u00f9 h\u1ee3p \u0111\u1ec3 t\u1eb7ng b\u1ea1n g\u00e1i, m\u1eb9, ch\u1ecb em trong nh\u1eefng d\u1ecbp \u0111\u1eb7c bi\u1ec7t.<\/p>\n<\/section>\n<section data-wtai-block-id=\"wtai_product_description_conclusion\" class=\"wtai-section wtai-conclusion-section\">\n<h2>S\u1edf H\u1eefu Ph\u1ee5 Ki\u1ec7n \u0110\u1eb3ng C\u1ea5p Ri\u00eang<\/h2>\n<p><strong>Tr\u00e2m c\u00e0i b\u1ea1c h\u1ecda ti\u1ebft san h\u00f4 mang \u0111\u1ebfn s\u1ef1 giao h\u00f2a gi\u1eefa ngh\u1ec7 thu\u1eadt th\u1ee7 c\u00f4ng v\u00e0 xu h\u01b0\u1edbng trang s\u1ee9c c\u1ed5 \u0111i\u1ec3n.<\/strong> <strong>M\u1ed7i chi ti\u1ebft \u0111\u01b0\u1ee3c ch\u0103m ch\u00fat t\u1ec9 m\u1ec9 gi\u00fap b\u1ea1n t\u1ecfa s\u00e1ng v\u00e0 th\u1ec3 hi\u1ec7n d\u1ea5u \u1ea5n c\u00e1 nh\u00e2n ri\u00eang bi\u1ec7t.<\/strong> <strong>\u0110\u1eebng b\u1ecf l\u1ee1 c\u01a1 h\u1ed9i s\u1edf h\u1eefu m\u00f3n ph\u1ee5 ki\u1ec7n l\u00e0m n\u1ed5i b\u1eadt phong c\u00e1ch v\u00e0 v\u1ebb \u0111\u1eb9p tinh t\u1ebf c\u1ee7a b\u1ea1n ngay h\u00f4m nay.<\/strong><\/p>\n<\/section>\n","protected":false},"excerpt":{"rendered":"<div data-wtai-block-id=\"wtai_excerpt_subtitle\" class=\"wtai-section wtai-subtitle-section\">\n<p><em><strong>V\u1ebb \u0111\u1eb9p thanh nh\u00e3, l\u1ea5p l\u00e1nh t\u1ef1 nhi\u00ean, t\u1ecfa s\u00e1ng t\u1eebng kho\u1ea3nh kh\u1eafc<\/strong><\/em><\/p>\n<\/p><\/div>\n<div data-wtai-block-id=\"wtai_excerpt_introduction\" class=\"wtai-section wtai-introduction-section\">\n<p>\u0110\u00f4i khi, ch\u1ec9 m\u1ed9t \u0111i\u1ec3m nh\u1ea5n nh\u1ecf c\u0169ng c\u00f3 th\u1ec3 t\u1ea1o n\u00ean kh\u00ed ch\u1ea5t kh\u00e1c bi\u1ec7t cho ch\u1ee7 nh\u00e2n. L\u1ea5y c\u1ea3m h\u1ee9ng t\u1eeb san h\u00f4 \u0111\u1ea1i d\u01b0\u01a1ng, thi\u1ebft k\u1ebf tr\u00e2m c\u00e0i b\u1ea1c v\u1edbi h\u1ecda ti\u1ebft m\u1ec1m m\u1ea1i h\u00f2a quy\u1ec7n c\u00f9ng vi\u00ean ng\u1ecdc trai s\u00e1ng n\u1ed5i b\u1eadt gi\u00fap t\u00f4n l\u00ean n\u00e9t thanh l\u1ecbch m\u00e0 kh\u00f4ng k\u00e9m ph\u1ea7n quy\u1ebfn r\u0169. D\u00f9 k\u1ebft h\u1ee3p c\u00f9ng trang ph\u1ee5c truy\u1ec1n th\u1ed1ng hay hi\u1ec7n \u0111\u1ea1i, m\u00f3n ph\u1ee5 ki\u1ec7n n\u00e0y d\u1ec5 d\u00e0ng \u0111\u1ed3ng h\u00e0nh c\u00f9ng ph\u00e1i \u0111\u1eb9p qua m\u1ecdi ch\u1eb7ng \u0111\u01b0\u1eddng c\u1ee7a cu\u1ed9c s\u1ed1ng, tr\u1edf th\u00e0nh bi\u1ec3u t\u01b0\u1ee3ng tinh t\u1ebf v\u00e0 l\u01b0u gi\u1eef nh\u1eefng k\u1ef7 ni\u1ec7m ng\u1ecdt ng\u00e0o kh\u00f3 qu\u00ean.<\/p>\n<\/p><\/div>\n","protected":false},"featured_media":32072,"comment_status":"open","ping_status":"closed","template":"","meta":[],"product_brand":[],"product_cat":[318],"product_tag":[],"class_list":{"0":"post-39208","1":"product","2":"type-product","3":"status-publish","4":"has-post-thumbnail","6":"product_cat-trang-suc","8":"first","9":"instock","10":"shipping-taxable","11":"purchasable","12":"product-type-simple"},"bundled_by":[],"bundle_stock_status":"instock","bundle_stock_quantity":null,"bundle_virtual":false,"bundle_layout":"","bundle_add_to_cart_form_location":"","bundle_editable_in_cart":false,"bundle_sold_individually_context":"","bundle_item_grouping":"","bundle_min_size":"","bundle_max_size":"","bundle_price":[],"bundled_items":[],"bundle_sell_ids":[],"yoast_head":"<!-- This site is optimized with the Yoast SEO plugin v25.2 - https:\/\/yoast.com\/wordpress\/plugins\/seo\/ -->\n<title>Buy Tram Cai Bac Hoa Tiet San Ho Dang Cap Phu Kien Nu Tinh<\/title>\n<meta name=\"description\" content=\"Tinh hoa ch\u1ebf t\u00e1c th\u1ee7 c\u00f4ng k\u1ebft h\u1ee3p b\u1ea1c cao c\u1ea5p v\u00e0 ng\u1ecdc trai trung t\u00e2m, tr\u00e2m c\u00e0i h\u1ecda ti\u1ebft san h\u00f4 gi\u00fap t\u1ea1o \u0111i\u1ec3m nh\u1ea5n cho nhi\u1ec1u phong c\u00e1ch, ph\u00f9 h\u1ee3p d\u00f9ng \u0111i ti\u1ec7c, l\u00e0m qu\u00e0 t\u1eb7ng sang tr\u1ecdng.\" \/>\n<meta name=\"robots\" content=\"index, follow, max-snippet:-1, max-image-preview:large, max-video-preview:-1\" \/>\n<link rel=\"canonical\" href=\"https:\/\/demostore.ai\/vi\/san-pham\/tram-cai-bac-hoa-tiet-san-ho\/\" \/>\n<meta property=\"og:type\" content=\"article\" \/>\n<meta property=\"og:title\" content=\"Buy Tram Cai Bac Hoa Tiet San Ho Dang Cap Phu Kien Nu Tinh\" \/>\n<meta property=\"og:description\" content=\"Phong v\u1ecb c\u1ed5 \u0111i\u1ec3n k\u1ebft h\u1ee3p n\u00e9t hi\u1ec7n \u0111\u1ea1i, tr\u00e2m c\u00e0i b\u1ea1c h\u1ecda ti\u1ebft san h\u00f4 \u0111\u00ednh ng\u1ecdc trai n\u1ed5i b\u1eadt nh\u1edd s\u1ef1 t\u1ec9 m\u1ec9 trong t\u1eebng chi ti\u1ebft, mang \u0111\u1ebfn s\u1ee9c h\u00fat ri\u00eang cho c\u00e1c phong c\u00e1ch d\u1ef1 ti\u1ec7c, d\u1ea1o ph\u1ed1 hay l\u00e0m qu\u00e0 t\u1eb7ng.\" \/>\n<meta property=\"og:url\" content=\"https:\/\/demostore.ai\/vi\/san-pham\/tram-cai-bac-hoa-tiet-san-ho\/\" \/>\n<meta property=\"og:site_name\" content=\"Trendy Thread\" \/>\n<meta property=\"article:modified_time\" content=\"2026-02-18T02:27:15+00:00\" \/>\n<meta property=\"og:image\" content=\"https:\/\/demostore.ai\/wp-content\/uploads\/2025\/07\/1-Silver-Coral-Brooch-with-Pearl-and-Zirconia-Crystal-Accents-1.png\" \/>\n\t<meta property=\"og:image:width\" content=\"1000\" \/>\n\t<meta property=\"og:image:height\" content=\"412\" \/>\n\t<meta property=\"og:image:type\" content=\"image\/png\" \/>\n<meta name=\"twitter:card\" content=\"summary_large_image\" \/>\n<meta name=\"twitter:title\" content=\"Buy Tram Cai Bac Hoa Tiet San Ho Dang Cap Phu Kien Nu Tinh\" \/>\n<meta name=\"twitter:description\" content=\"Phong v\u1ecb c\u1ed5 \u0111i\u1ec3n k\u1ebft h\u1ee3p n\u00e9t hi\u1ec7n \u0111\u1ea1i, tr\u00e2m c\u00e0i b\u1ea1c h\u1ecda ti\u1ebft san h\u00f4 \u0111\u00ednh ng\u1ecdc trai n\u1ed5i b\u1eadt nh\u1edd s\u1ef1 t\u1ec9 m\u1ec9 trong t\u1eebng chi ti\u1ebft, mang \u0111\u1ebfn s\u1ee9c h\u00fat ri\u00eang cho c\u00e1c phong c\u00e1ch d\u1ef1 ti\u1ec7c, d\u1ea1o ph\u1ed1 hay l\u00e0m qu\u00e0 t\u1eb7ng.\" \/>\n<meta name=\"twitter:label1\" content=\"\u01af\u1edbc t\u00ednh th\u1eddi gian \u0111\u1ecdc\" \/>\n\t<meta name=\"twitter:data1\" content=\"1 ph\u00fat\" \/>\n<script type=\"application\/ld+json\" class=\"yoast-schema-graph\">{\"@context\":\"https:\/\/schema.org\",\"@graph\":[{\"@type\":\"WebPage\",\"@id\":\"https:\/\/demostore.ai\/vi\/san-pham\/tram-cai-bac-hoa-tiet-san-ho\/\",\"url\":\"https:\/\/demostore.ai\/vi\/san-pham\/tram-cai-bac-hoa-tiet-san-ho\/\",\"name\":\"Buy Tram Cai Bac Hoa Tiet San Ho Dang Cap Phu Kien Nu Tinh\",\"isPartOf\":{\"@id\":\"https:\/\/demostore.ai\/vi\/#website\"},\"primaryImageOfPage\":{\"@id\":\"https:\/\/demostore.ai\/vi\/san-pham\/tram-cai-bac-hoa-tiet-san-ho\/#primaryimage\"},\"image\":{\"@id\":\"https:\/\/demostore.ai\/vi\/san-pham\/tram-cai-bac-hoa-tiet-san-ho\/#primaryimage\"},\"thumbnailUrl\":\"https:\/\/demostore.ai\/wp-content\/uploads\/2025\/07\/1-Silver-Coral-Brooch-with-Pearl-and-Zirconia-Crystal-Accents-1.png\",\"datePublished\":\"2025-07-27T22:51:18+00:00\",\"dateModified\":\"2026-02-18T02:27:15+00:00\",\"description\":\"Tinh hoa ch\u1ebf t\u00e1c th\u1ee7 c\u00f4ng k\u1ebft h\u1ee3p b\u1ea1c cao c\u1ea5p v\u00e0 ng\u1ecdc trai trung t\u00e2m, tr\u00e2m c\u00e0i h\u1ecda ti\u1ebft san h\u00f4 gi\u00fap t\u1ea1o \u0111i\u1ec3m nh\u1ea5n cho nhi\u1ec1u phong c\u00e1ch, ph\u00f9 h\u1ee3p d\u00f9ng \u0111i ti\u1ec7c, l\u00e0m qu\u00e0 t\u1eb7ng sang tr\u1ecdng.\",\"breadcrumb\":{\"@id\":\"https:\/\/demostore.ai\/vi\/san-pham\/tram-cai-bac-hoa-tiet-san-ho\/#breadcrumb\"},\"inLanguage\":\"vi\",\"potentialAction\":[{\"@type\":\"ReadAction\",\"target\":[\"https:\/\/demostore.ai\/vi\/san-pham\/tram-cai-bac-hoa-tiet-san-ho\/\"]}]},{\"@type\":\"ImageObject\",\"inLanguage\":\"vi\",\"@id\":\"https:\/\/demostore.ai\/vi\/san-pham\/tram-cai-bac-hoa-tiet-san-ho\/#primaryimage\",\"url\":\"https:\/\/demostore.ai\/wp-content\/uploads\/2025\/07\/1-Silver-Coral-Brooch-with-Pearl-and-Zirconia-Crystal-Accents-1.png\",\"contentUrl\":\"https:\/\/demostore.ai\/wp-content\/uploads\/2025\/07\/1-Silver-Coral-Brooch-with-Pearl-and-Zirconia-Crystal-Accents-1.png\",\"width\":1000,\"height\":412,\"caption\":\"Tr\u00e2m c\u00e0i b\u1ea1c h\u1ecda ti\u1ebft san h\u00f4, \u0111\u00ednh ng\u1ecdc trai tr\u1eafng \u1edf trung t\u00e2m, thi\u1ebft k\u1ebf tinh x\u1ea3o.\"},{\"@type\":\"BreadcrumbList\",\"@id\":\"https:\/\/demostore.ai\/vi\/san-pham\/tram-cai-bac-hoa-tiet-san-ho\/#breadcrumb\",\"itemListElement\":[{\"@type\":\"ListItem\",\"position\":1,\"name\":\"Trang ch\u1ee7\",\"item\":\"https:\/\/demostore.ai\/vi\/\"},{\"@type\":\"ListItem\",\"position\":2,\"name\":\"C\u1eeda h\u00e0ng\",\"item\":\"https:\/\/demostore.ai\/vi\/cua-hang\/\"},{\"@type\":\"ListItem\",\"position\":3,\"name\":\"Tr\u00e2m C\u00e0i B\u1ea1c H\u1ecda Ti\u1ebft San H\u00f4\"}]},{\"@type\":\"WebSite\",\"@id\":\"https:\/\/demostore.ai\/vi\/#website\",\"url\":\"https:\/\/demostore.ai\/vi\/\",\"name\":\"Trendy Thread\",\"description\":\"C\u1eeda h\u00e0ng demo WriteText.ai\",\"publisher\":{\"@id\":\"https:\/\/demostore.ai\/vi\/#organization\"},\"potentialAction\":[{\"@type\":\"SearchAction\",\"target\":{\"@type\":\"EntryPoint\",\"urlTemplate\":\"https:\/\/demostore.ai\/vi\/?s={search_term_string}\"},\"query-input\":{\"@type\":\"PropertyValueSpecification\",\"valueRequired\":true,\"valueName\":\"search_term_string\"}}],\"inLanguage\":\"vi\"},{\"@type\":\"Organization\",\"@id\":\"https:\/\/demostore.ai\/vi\/#organization\",\"name\":\"WriteText.ai\",\"url\":\"https:\/\/demostore.ai\/vi\/\",\"logo\":{\"@type\":\"ImageObject\",\"inLanguage\":\"vi\",\"@id\":\"https:\/\/demostore.ai\/vi\/#\/schema\/logo\/image\/\",\"url\":\"https:\/\/demostore.ai\/wp-content\/uploads\/2025\/10\/writetext_logo.webp\",\"contentUrl\":\"https:\/\/demostore.ai\/wp-content\/uploads\/2025\/10\/writetext_logo.webp\",\"width\":200,\"height\":34,\"caption\":\"WriteText.ai\"},\"image\":{\"@id\":\"https:\/\/demostore.ai\/vi\/#\/schema\/logo\/image\/\"}}]}<\/script>\n<!-- \/ Yoast SEO plugin. -->","yoast_head_json":{"title":"Buy Tram Cai Bac Hoa Tiet San Ho Dang Cap Phu Kien Nu Tinh","description":"Tinh hoa ch\u1ebf t\u00e1c th\u1ee7 c\u00f4ng k\u1ebft h\u1ee3p b\u1ea1c cao c\u1ea5p v\u00e0 ng\u1ecdc trai trung t\u00e2m, tr\u00e2m c\u00e0i h\u1ecda ti\u1ebft san h\u00f4 gi\u00fap t\u1ea1o \u0111i\u1ec3m nh\u1ea5n cho nhi\u1ec1u phong c\u00e1ch, ph\u00f9 h\u1ee3p d\u00f9ng \u0111i ti\u1ec7c, l\u00e0m qu\u00e0 t\u1eb7ng sang tr\u1ecdng.","robots":{"index":"index","follow":"follow","max-snippet":"max-snippet:-1","max-image-preview":"max-image-preview:large","max-video-preview":"max-video-preview:-1"},"canonical":"https:\/\/demostore.ai\/vi\/san-pham\/tram-cai-bac-hoa-tiet-san-ho\/","og_type":"article","og_title":"Buy Tram Cai Bac Hoa Tiet San Ho Dang Cap Phu Kien Nu Tinh","og_description":"Phong v\u1ecb c\u1ed5 \u0111i\u1ec3n k\u1ebft h\u1ee3p n\u00e9t hi\u1ec7n \u0111\u1ea1i, tr\u00e2m c\u00e0i b\u1ea1c h\u1ecda ti\u1ebft san h\u00f4 \u0111\u00ednh ng\u1ecdc trai n\u1ed5i b\u1eadt nh\u1edd s\u1ef1 t\u1ec9 m\u1ec9 trong t\u1eebng chi ti\u1ebft, mang \u0111\u1ebfn s\u1ee9c h\u00fat ri\u00eang cho c\u00e1c phong c\u00e1ch d\u1ef1 ti\u1ec7c, d\u1ea1o ph\u1ed1 hay l\u00e0m qu\u00e0 t\u1eb7ng.","og_url":"https:\/\/demostore.ai\/vi\/san-pham\/tram-cai-bac-hoa-tiet-san-ho\/","og_site_name":"Trendy Thread","article_modified_time":"2026-02-18T02:27:15+00:00","og_image":[{"width":1000,"height":412,"url":"https:\/\/demostore.ai\/wp-content\/uploads\/2025\/07\/1-Silver-Coral-Brooch-with-Pearl-and-Zirconia-Crystal-Accents-1.png","type":"image\/png"}],"twitter_card":"summary_large_image","twitter_title":"Buy Tram Cai Bac Hoa Tiet San Ho Dang Cap Phu Kien Nu Tinh","twitter_description":"Phong v\u1ecb c\u1ed5 \u0111i\u1ec3n k\u1ebft h\u1ee3p n\u00e9t hi\u1ec7n \u0111\u1ea1i, tr\u00e2m c\u00e0i b\u1ea1c h\u1ecda ti\u1ebft san h\u00f4 \u0111\u00ednh ng\u1ecdc trai n\u1ed5i b\u1eadt nh\u1edd s\u1ef1 t\u1ec9 m\u1ec9 trong t\u1eebng chi ti\u1ebft, mang \u0111\u1ebfn s\u1ee9c h\u00fat ri\u00eang cho c\u00e1c phong c\u00e1ch d\u1ef1 ti\u1ec7c, d\u1ea1o ph\u1ed1 hay l\u00e0m qu\u00e0 t\u1eb7ng.","twitter_misc":{"\u01af\u1edbc t\u00ednh th\u1eddi gian \u0111\u1ecdc":"1 ph\u00fat"},"schema":{"@context":"https:\/\/schema.org","@graph":[{"@type":"WebPage","@id":"https:\/\/demostore.ai\/vi\/san-pham\/tram-cai-bac-hoa-tiet-san-ho\/","url":"https:\/\/demostore.ai\/vi\/san-pham\/tram-cai-bac-hoa-tiet-san-ho\/","name":"Buy Tram Cai Bac Hoa Tiet San Ho Dang Cap Phu Kien Nu Tinh","isPartOf":{"@id":"https:\/\/demostore.ai\/vi\/#website"},"primaryImageOfPage":{"@id":"https:\/\/demostore.ai\/vi\/san-pham\/tram-cai-bac-hoa-tiet-san-ho\/#primaryimage"},"image":{"@id":"https:\/\/demostore.ai\/vi\/san-pham\/tram-cai-bac-hoa-tiet-san-ho\/#primaryimage"},"thumbnailUrl":"https:\/\/demostore.ai\/wp-content\/uploads\/2025\/07\/1-Silver-Coral-Brooch-with-Pearl-and-Zirconia-Crystal-Accents-1.png","datePublished":"2025-07-27T22:51:18+00:00","dateModified":"2026-02-18T02:27:15+00:00","description":"Tinh hoa ch\u1ebf t\u00e1c th\u1ee7 c\u00f4ng k\u1ebft h\u1ee3p b\u1ea1c cao c\u1ea5p v\u00e0 ng\u1ecdc trai trung t\u00e2m, tr\u00e2m c\u00e0i h\u1ecda ti\u1ebft san h\u00f4 gi\u00fap t\u1ea1o \u0111i\u1ec3m nh\u1ea5n cho nhi\u1ec1u phong c\u00e1ch, ph\u00f9 h\u1ee3p d\u00f9ng \u0111i ti\u1ec7c, l\u00e0m qu\u00e0 t\u1eb7ng sang tr\u1ecdng.","breadcrumb":{"@id":"https:\/\/demostore.ai\/vi\/san-pham\/tram-cai-bac-hoa-tiet-san-ho\/#breadcrumb"},"inLanguage":"vi","potentialAction":[{"@type":"ReadAction","target":["https:\/\/demostore.ai\/vi\/san-pham\/tram-cai-bac-hoa-tiet-san-ho\/"]}]},{"@type":"ImageObject","inLanguage":"vi","@id":"https:\/\/demostore.ai\/vi\/san-pham\/tram-cai-bac-hoa-tiet-san-ho\/#primaryimage","url":"https:\/\/demostore.ai\/wp-content\/uploads\/2025\/07\/1-Silver-Coral-Brooch-with-Pearl-and-Zirconia-Crystal-Accents-1.png","contentUrl":"https:\/\/demostore.ai\/wp-content\/uploads\/2025\/07\/1-Silver-Coral-Brooch-with-Pearl-and-Zirconia-Crystal-Accents-1.png","width":1000,"height":412,"caption":"Tr\u00e2m c\u00e0i b\u1ea1c h\u1ecda ti\u1ebft san h\u00f4, \u0111\u00ednh ng\u1ecdc trai tr\u1eafng \u1edf trung t\u00e2m, thi\u1ebft k\u1ebf tinh x\u1ea3o."},{"@type":"BreadcrumbList","@id":"https:\/\/demostore.ai\/vi\/san-pham\/tram-cai-bac-hoa-tiet-san-ho\/#breadcrumb","itemListElement":[{"@type":"ListItem","position":1,"name":"Trang ch\u1ee7","item":"https:\/\/demostore.ai\/vi\/"},{"@type":"ListItem","position":2,"name":"C\u1eeda h\u00e0ng","item":"https:\/\/demostore.ai\/vi\/cua-hang\/"},{"@type":"ListItem","position":3,"name":"Tr\u00e2m C\u00e0i B\u1ea1c H\u1ecda Ti\u1ebft San H\u00f4"}]},{"@type":"WebSite","@id":"https:\/\/demostore.ai\/vi\/#website","url":"https:\/\/demostore.ai\/vi\/","name":"Trendy Thread","description":"C\u1eeda h\u00e0ng demo WriteText.ai","publisher":{"@id":"https:\/\/demostore.ai\/vi\/#organization"},"potentialAction":[{"@type":"SearchAction","target":{"@type":"EntryPoint","urlTemplate":"https:\/\/demostore.ai\/vi\/?s={search_term_string}"},"query-input":{"@type":"PropertyValueSpecification","valueRequired":true,"valueName":"search_term_string"}}],"inLanguage":"vi"},{"@type":"Organization","@id":"https:\/\/demostore.ai\/vi\/#organization","name":"WriteText.ai","url":"https:\/\/demostore.ai\/vi\/","logo":{"@type":"ImageObject","inLanguage":"vi","@id":"https:\/\/demostore.ai\/vi\/#\/schema\/logo\/image\/","url":"https:\/\/demostore.ai\/wp-content\/uploads\/2025\/10\/writetext_logo.webp","contentUrl":"https:\/\/demostore.ai\/wp-content\/uploads\/2025\/10\/writetext_logo.webp","width":200,"height":34,"caption":"WriteText.ai"},"image":{"@id":"https:\/\/demostore.ai\/vi\/#\/schema\/logo\/image\/"}}]}},"_links":{"self":[{"href":"https:\/\/demostore.ai\/vi\/wp-json\/wp\/v2\/product\/39208","targetHints":{"allow":["GET"]}}],"collection":[{"href":"https:\/\/demostore.ai\/vi\/wp-json\/wp\/v2\/product"}],"about":[{"href":"https:\/\/demostore.ai\/vi\/wp-json\/wp\/v2\/types\/product"}],"replies":[{"embeddable":true,"href":"https:\/\/demostore.ai\/vi\/wp-json\/wp\/v2\/comments?post=39208"}],"wp:featuredmedia":[{"embeddable":true,"href":"https:\/\/demostore.ai\/vi\/wp-json\/wp\/v2\/media\/32072"}],"wp:attachment":[{"href":"https:\/\/demostore.ai\/vi\/wp-json\/wp\/v2\/media?parent=39208"}],"wp:term":[{"taxonomy":"product_brand","embeddable":true,"href":"https:\/\/demostore.ai\/vi\/wp-json\/wp\/v2\/product_brand?post=39208"},{"taxonomy":"product_cat","embeddable":true,"href":"https:\/\/demostore.ai\/vi\/wp-json\/wp\/v2\/product_cat?post=39208"},{"taxonomy":"product_tag","embeddable":true,"href":"https:\/\/demostore.ai\/vi\/wp-json\/wp\/v2\/product_tag?post=39208"}],"curies":[{"name":"wp","href":"https:\/\/api.w.org\/{rel}","templated":true}]}}