{"id":39188,"date":"2025-06-13T08:34:21","date_gmt":"2025-06-13T00:34:21","guid":{"rendered":"https:\/\/demostore.ai\/?post_type=product&#038;p=39188"},"modified":"2026-02-17T17:58:32","modified_gmt":"2026-02-17T09:58:32","slug":"nuoc-hoa-hong-duong-am-ponds-huong-dua-hau","status":"publish","type":"product","link":"https:\/\/demostore.ai\/vi\/san-pham\/nuoc-hoa-hong-duong-am-ponds-huong-dua-hau\/","title":{"rendered":"N\u01b0\u1edbc hoa h\u1ed3ng d\u01b0\u1ee1ng \u1ea9m Pond&#8217;s h\u01b0\u01a1ng d\u01b0a h\u1ea5u"},"content":{"rendered":"<section data-wtai-block-id=\"wtai_product_description_features\" class=\"wtai-section wtai-features-section\">\n<h2>\u0110i\u1ec3m N\u1ed5i B\u1eadt S\u1ea3n Ph\u1ea9m<\/h2>\n<ul>\n<li><strong>D\u01b0\u1ee1ng \u1ea9m s\u00e2u<\/strong> cho l\u00e0n da m\u1ec1m m\u1ea1i, t\u01b0\u01a1i m\u00e1t su\u1ed1t ng\u00e0y d\u00e0i.<\/li>\n<li><strong>L\u00e0m d\u1ecbu t\u1ee9c th\u00ec<\/strong>, gi\u00fap gi\u1ea3m c\u1ea3m gi\u00e1c kh\u00f4 c\u0103ng sau khi r\u1eeda m\u1eb7t.<\/li>\n<li><strong>L\u00e0m s\u00e1ng v\u00e0 \u0111\u1ec1u m\u00e0u<\/strong>, mang l\u1ea1i hi\u1ec7u \u1ee9ng da c\u0103ng b\u00f3ng, r\u1ea1ng r\u1ee1 t\u1ef1 nhi\u00ean.<\/li>\n<li><strong>Ch\u1ed1ng oxy h\u00f3a<\/strong> t\u1eeb chi\u1ebft xu\u1ea5t d\u01b0a h\u1ea5u gi\u00fap b\u1ea3o v\u1ec7 da kh\u1ecfi t\u00e1c h\u1ea1i m\u00f4i tr\u01b0\u1eddng.<\/li>\n<li><strong>Niacinamide<\/strong> h\u1ed7 tr\u1ee3 l\u00e0m s\u00e1ng v\u00e0 c\u1ea3i thi\u1ec7n s\u1ee9c s\u1ed1ng cho l\u00e0n da.<\/li>\n<li><strong>Panthenol (Vitamin B5)<\/strong> g\u00f3p ph\u1ea7n t\u0103ng c\u01b0\u1eddng \u0111\u1ed9 \u1ea9m v\u00e0 ph\u1ee5c h\u1ed3i da.<\/li>\n<li><strong>Tocopheryl Acetate (Vitamin E)<\/strong> gi\u00fap da m\u1ec1m m\u1ecbn v\u00e0 h\u1ea1n ch\u1ebf m\u1ea5t n\u01b0\u1edbc.<\/li>\n<li><strong>K\u1ebft c\u1ea5u m\u1ecfng nh\u1eb9, th\u1ea9m th\u1ea5u nhanh<\/strong>, kh\u00f4ng g\u00e2y nh\u1eddn r\u00edt, ph\u00f9 h\u1ee3p m\u1ecdi lo\u1ea1i da.<\/li>\n<\/ul>\n<\/section>\n<div data-wtai-block-id=\"wtai_product_description_image_1753694499291\" class=\"wtai-section wtai-image_1753694499291-section\">\n<figure class=\"wtai-image-p wtai-align-center\" style=\"text-align:center\"><img decoding=\"async\" src=\"https:\/\/demostore.ai\/wp-content\/uploads\/2025\/06\/Toner-4-scaled-1.png\" alt=\"Chai n\u01b0\u1edbc hoa h\u1ed3ng d\u01b0\u1ee1ng \u1ea9m Pond&#039;s h\u01b0\u01a1ng d\u01b0a h\u1ea5u, n\u1eafp m\u00e0u \u0111\u1ecf cam, d\u00e0nh cho ch\u0103m s\u00f3c da.\" srcset=\"https:\/\/demostore.ai\/wp-content\/uploads\/2025\/06\/Toner-4-scaled-1.png 575w, https:\/\/demostore.ai\/wp-content\/uploads\/2025\/06\/Toner-4-scaled-1-173x300.png 173w\"><figcaption>\n<p>L\u1ecd toner v\u1edbi s\u1eafc h\u1ed3ng t\u01b0\u01a1i t\u1eafn, ho\u1ea1 ti\u1ebft d\u01b0a h\u1ea5u n\u1ed5i b\u1eadt t\u1ea1o c\u1ea3m gi\u00e1c t\u01b0\u01a1i m\u00e1t ngay t\u1eeb \u00e1nh nh\u00ecn \u0111\u1ea7u ti\u00ean.<\/p>\n<\/figcaption><\/figure>\n<\/p><\/div>\n<section data-wtai-block-id=\"wtai_product_description_benefits\" class=\"wtai-section wtai-benefits-section\">\n<h2>L\u00fd Do B\u1ea1n S\u1ebd Y\u00eau Th\u00edch<\/h2>\n<ul>\n<li>Gi\u00fap l\u00e0m d\u1ecbu da ngay t\u1ee9c th\u00ec, gi\u1ea3m c\u1ea3m gi\u00e1c kh\u00f4 c\u0103ng.<\/li>\n<li>D\u01b0\u1ee1ng \u1ea9m s\u00e2u, t\u1ea1o n\u1ec1n da m\u1ecbn m\u01b0\u1ee3t d\u1ec5 trang \u0111i\u1ec3m.<\/li>\n<li>Gi\u00fap l\u00e0n da s\u00e1ng kh\u1ecfe, \u0111\u1ec1u m\u00e0u, t\u01b0\u01a1i tr\u1ebb m\u1ed7i ng\u00e0y.<\/li>\n<li>\u0110em l\u1ea1i c\u1ea3m gi\u00e1c t\u01b0\u01a1i m\u00e1t, n\u00e2ng t\u1ea7m tr\u1ea3i nghi\u1ec7m ch\u0103m s\u00f3c c\u00e1 nh\u00e2n.<\/li>\n<li>H\u1ed7 tr\u1ee3 b\u1ea3o v\u1ec7 da kh\u1ecfi t\u00e1c \u0111\u1ed9ng x\u1ea5u t\u1eeb m\u00f4i tr\u01b0\u1eddng v\u00e0 stress.<\/li>\n<\/ul>\n<\/section>\n<section data-wtai-block-id=\"wtai_product_description_use_cases\" class=\"wtai-section wtai-use_cases-section\">\n<h3>C\u00e1ch S\u1eed D\u1ee5ng Trong Chu Tr\u00ecnh Ch\u0103m S\u00f3c<\/h3>\n<ol>\n<li>D\u00f9ng s\u00e1ng v\u00e0 t\u1ed1i ngay sau khi l\u00e0m s\u1ea1ch da.<\/li>\n<li>\u0110\u1ed5 s\u1ea3n ph\u1ea9m ra b\u00f4ng t\u1ea9y trang ho\u1eb7c tay s\u1ea1ch, thoa nh\u1eb9 nh\u00e0ng l\u00ean da m\u1eb7t.<\/li>\n<li>V\u1ed7 nh\u1eb9 \u0111\u1ec3 toner th\u1ea9m th\u1ea5u s\u00e2u v\u00e0o da.<\/li>\n<li>Ti\u1ebfp t\u1ee5c c\u00e1c b\u01b0\u1edbc serum v\u00e0 kem d\u01b0\u1ee1ng th\u00f4ng th\u01b0\u1eddng.<\/li>\n<li>D\u00f9ng tr\u01b0\u1edbc khi trang \u0111i\u1ec3m \u0111\u1ec3 t\u0103ng hi\u1ec7u qu\u1ea3 n\u1ec1n m\u1ecbn m\u00e0ng, l\u00e2u tr\u00f4i.<\/li>\n<li>C\u00f3 th\u1ec3 d\u00f9ng b\u1ea5t c\u1ee9 khi n\u00e0o da c\u1ea3m th\u1ea5y m\u1ec7t m\u1ecfi ho\u1eb7c thi\u1ebfu n\u01b0\u1edbc.<\/li>\n<li>L\u00fd t\u01b0\u1edfng cho m\u1ecdi lo\u1ea1i da, \u0111\u1eb7c bi\u1ec7t l\u00e0 da kh\u00f4, da thi\u1ebfu s\u1ee9c s\u1ed1ng.<\/li>\n<li>Mang theo khi di chuy\u1ec3n \u0111\u1ec3 c\u1ea5p \u1ea9m nhanh, ch\u1ed1ng kh\u00f4 da do m\u00e1y l\u1ea1nh.<\/li>\n<\/ol>\n<\/section>\n<section data-wtai-block-id=\"wtai_product_description_technical_specifications\" class=\"wtai-section wtai-technical_specifications-section\">\n<h3>Th\u00f4ng S\u1ed1 Chi Ti\u1ebft<\/h3>\n<ul>\n<li><strong>Dung t\u00edch<\/strong>: 230 ml<\/li>\n<li><strong>K\u1ebft c\u1ea5u<\/strong>: L\u1ecfng, trong su\u1ed1t, th\u1ea9m th\u1ea5u nhanh<\/li>\n<li><strong>M\u00f9i h\u01b0\u01a1ng<\/strong>: D\u01b0a h\u1ea5u t\u01b0\u01a1i m\u00e1t, nh\u1eb9 nh\u00e0ng<\/li>\n<li><strong>Bao b\u00ec<\/strong>: Chai nh\u1ef1a tr\u1ee5 tr\u00f2n, n\u1eafp h\u1ed3ng, thi\u1ebft k\u1ebf tr\u1ebb trung<\/li>\n<\/ul>\n<\/section>\n<section data-wtai-block-id=\"wtai_product_description_custom_1753167803027\" class=\"wtai-section wtai-custom_1753167803027-section\">\n<h2>Nh\u1eefng m\u1ed1i quan t\u00e2m v\u1ec1 da v\u00e0 lo\u1ea1i da ph\u00f9 h\u1ee3p<\/h2>\n<ul>\n<li><strong>Da kh\u00f4<\/strong>: B\u1ed5 sung \u0111\u1ed9 \u1ea9m gi\u00fap da c\u0103ng m\u1ecbn t\u1ef1 nhi\u00ean<\/li>\n<li><strong>Da d\u1ea7u<\/strong>: C\u00f4ng th\u1ee9c nh\u1eb9, kh\u00f4ng g\u00e2y b\u00f3ng nh\u1eddn<\/li>\n<li><strong>Da h\u1ed7n h\u1ee3p<\/strong>: D\u01b0\u1ee1ng \u1ea9m c\u00e2n b\u1eb1ng, kh\u00f4ng b\u00ed da<\/li>\n<li><strong>Da thi\u1ebfu s\u1ee9c s\u1ed1ng<\/strong>: L\u00e0m m\u1ec1m, gi\u00fap da t\u01b0\u01a1i t\u1eafn h\u01a1n<\/li>\n<li><strong>Da nh\u1ea1y c\u1ea3m<\/strong>: Nh\u1eb9 d\u1ecbu, an to\u00e0n cho l\u00e0n da y\u1ebfu<\/li>\n<li><strong>Da bong tr\u00f3c, thi\u1ebfu n\u01b0\u1edbc<\/strong>: H\u1ed7 tr\u1ee3 ph\u1ee5c h\u1ed3i da m\u1ecbn m\u00e0ng<\/li>\n<\/ul>\n<\/section>\n<section data-wtai-block-id=\"wtai_product_description_custom_1754200971412\" class=\"wtai-section wtai-custom_1754200971412-section\">\n<h2>Th\u00e0nh ph\u1ea7n c\u1ee7a N\u01b0\u1edbc hoa h\u1ed3ng d\u01b0\u1ee1ng \u1ea9m Pond\u2019s h\u01b0\u01a1ng d\u01b0a h\u1ea5u<\/h2>\n<p>Water, 1,2-Hexanediol, Glycerin, Tocopheryl Acetate, Sodium Hyaluronate, Sodium Hyaluronate Crosspolymer, Hydrolyzed Sodium Hyaluronate, Sodium Acetylated Hyaluronate, Citrullus Lanatus Fruit Extract, Panthenol, Niacinamide, Hydroxyethyl Urea, Urea, PEG-6 Caprylic\/Capric Glycerides, Propylene Glycol, Ethylhexylglycerin, Pentylene Glycol, Sodium Chloride, Potassium Chloride, Perfume, Trideceth-9, PEG-40 Hydrogenated Castor Oil, Ammonium Lactate, Cetrimonium Chloride, Cetylpyridinium Chloride, Ethanolamine, Benzophenone-4, Tetrasodium EDTA, Phenoxyethanol, Citric Acid, Propanediol.<\/p>\n<\/section>\n<section data-wtai-block-id=\"wtai_product_description_faqs\" class=\"wtai-section wtai-faqs-section\">\n<h2>C\u00e2u H\u1ecfi Th\u01b0\u1eddng G\u1eb7p<\/h2>\n<p><strong>S\u1ea3n ph\u1ea9m c\u00f3 ph\u00f9 h\u1ee3p cho da nh\u1ea1y c\u1ea3m kh\u00f4ng?<\/strong> <br \/> Toner c\u00f3 b\u1ea3ng th\u00e0nh ph\u1ea7n d\u1ecbu nh\u1eb9, th\u00edch h\u1ee3p v\u1edbi \u0111a s\u1ed1 lo\u1ea1i da, k\u1ec3 c\u1ea3 da nh\u1ea1y c\u1ea3m.<\/p>\n<p><strong>C\u00f3 th\u1ec3 k\u1ebft h\u1ee3p toner v\u1edbi vitamin C, AHA ho\u1eb7c BHA kh\u00f4ng?<\/strong> <br \/> C\u00f3 th\u1ec3 k\u1ebft h\u1ee3p, nh\u01b0ng n\u00ean d\u00f9ng c\u00e1ch b\u01b0\u1edbc \u0111\u1ec3 da quen d\u1ea7n v\u00e0 tr\u00e1nh k\u00edch \u1ee9ng.<\/p>\n<p><strong>Sau bao l\u00e2u s\u1eed d\u1ee5ng c\u00f3 th\u1ec3 th\u1ea5y hi\u1ec7u qu\u1ea3 r\u00f5 r\u1ec7t?<\/strong> <br \/> N\u1ebfu d\u00f9ng \u0111\u1ec1u, sau kho\u1ea3ng 1\u20132 tu\u1ea7n b\u1ea1n s\u1ebd th\u1ea5y da m\u1ec1m m\u1ecbn v\u00e0 t\u01b0\u01a1i s\u00e1ng h\u01a1n.<\/p>\n<p><strong>N\u00ean b\u1ea3o qu\u1ea3n s\u1ea3n ph\u1ea9m nh\u01b0 th\u1ebf n\u00e0o?<\/strong> <br \/> B\u1ea3o qu\u1ea3n n\u01a1i kh\u00f4 r\u00e1o, tr\u00e1nh \u00e1nh n\u1eafng tr\u1ef1c ti\u1ebfp \u0111\u1ec3 gi\u1eef ch\u1ea5t l\u01b0\u1ee3ng t\u1ed1i \u01b0u.<\/p>\n<p><strong>Toner d\u01b0a h\u1ea5u c\u00f3 g\u00e2y nh\u1eddn d\u00ednh kh\u00f4ng?<\/strong> <br \/> K\u1ebft c\u1ea5u l\u1ecfng nh\u1eb9, th\u1ea9m th\u1ea5u nhanh, kh\u00f4ng g\u00e2y nh\u1eddn r\u00edt hay b\u1ebft d\u00ednh tr\u00ean da.<\/p>\n<\/section>\n<section data-wtai-block-id=\"wtai_product_description_conclusion\" class=\"wtai-section wtai-conclusion-section\">\n<h2>S\u1eb5n S\u00e0ng Tr\u1ea3i Nghi\u1ec7m L\u00e0n Da Ng\u1eadm N\u01b0\u1edbc T\u01b0\u01a1i M\u00e1t<\/h2>\n<p><em><strong>N\u01b0\u1edbc hoa h\u1ed3ng Pond\u2019s h\u01b0\u01a1ng d\u01b0a h\u1ea5u \u0111em l\u1ea1i b\u01b0\u1edbc ch\u0103m s\u00f3c m\u1ec1m d\u1ecbu v\u00e0 r\u1ea1ng r\u1ee1 cho l\u00e0n da m\u1ed7i ng\u00e0y.<\/strong><\/em> <em><strong>Kh\u00e1m ph\u00e1 ngay \u0111\u1ec3 c\u1ea3m nh\u1eadn l\u00e0n da c\u0103ng b\u00f3ng, m\u1ecbn m\u00e0ng v\u00e0 lu\u00f4n tr\u00e0n \u0111\u1ea7y s\u1ee9c s\u1ed1ng h\u00f4m nay.<\/strong><\/em><\/p>\n<\/section>\n","protected":false},"excerpt":{"rendered":"<div data-wtai-block-id=\"wtai_excerpt_subtitle\" class=\"wtai-section wtai-subtitle-section\">\n<p><em><strong>T\u01b0\u01a1i m\u00e1t l\u00e0n da, c\u1ea5p \u1ea9m t\u1ee9c th\u00ec c\u00f9ng h\u01b0\u01a1ng d\u01b0a h\u1ea5u ng\u1ecdt l\u00e0nh<\/strong><\/em><\/p>\n<\/p><\/div>\n<div data-wtai-block-id=\"wtai_excerpt_introduction\" class=\"wtai-section wtai-introduction-section\">\n<p>Kho\u1ea3nh kh\u1eafc ch\u1ea1m nh\u1eb9 l\u00e0n da sau m\u1ed7i l\u1ea7n r\u1eeda m\u1eb7t tr\u1edf n\u00ean d\u1ec5 ch\u1ecbu v\u00e0 th\u01b0 gi\u00e3n h\u01a1n bao gi\u1edd h\u1ebft. N\u01b0\u1edbc hoa h\u1ed3ng d\u01b0\u1ee1ng \u1ea9m Pond\u2019s h\u01b0\u01a1ng d\u01b0a h\u1ea5u kh\u00f4ng ch\u1ec9 mang l\u1ea1i c\u1ea3m gi\u00e1c s\u1ea3ng kho\u00e1i nh\u1edd h\u01b0\u01a1ng th\u01a1m d\u1ecbu ng\u1ecdt, m\u00e0 c\u00f2n gi\u00fap ph\u1ee5c h\u1ed3i \u0111\u1ed9 \u1ea9m t\u1ef1 nhi\u00ean, nu\u00f4i d\u01b0\u1ee1ng da lu\u00f4n m\u1ec1m m\u1ea1i v\u00e0 s\u00e1ng m\u1ecbn. Ch\u1ea5t toner m\u1ecfng nh\u1eb9 trong su\u1ed1t, th\u1ea5m nhanh kh\u00f4ng b\u1ebft d\u00ednh, len l\u1ecfi l\u00e0m d\u1ecbu t\u1eebng l\u1ed7 ch\u00e2n l\u00f4ng. S\u1ea3n ph\u1ea9m gi\u00fap l\u00e0n da tr\u1edf n\u00ean c\u0103ng b\u00f3ng, \u0111\u1ea7y s\u1ee9c s\u1ed1ng, s\u1eb5n s\u00e0ng \u0111\u00f3n nh\u1eadn nh\u1eefng b\u01b0\u1edbc ch\u0103m s\u00f3c ti\u1ebfp theo. \u0110\u00e2y l\u00e0 l\u1ef1a ch\u1ecdn l\u00fd t\u01b0\u1edfng cho nh\u1eefng ai y\u00eau th\u00edch c\u1ea3m gi\u00e1c t\u01b0\u01a1i m\u00e1t, nh\u1eb9 nh\u00e0ng sau m\u1ed7i ng\u00e0y d\u00e0i.<\/p>\n<\/p><\/div>\n","protected":false},"featured_media":16288,"comment_status":"open","ping_status":"closed","template":"","meta":[],"product_brand":[],"product_cat":[252],"product_tag":[],"class_list":{"0":"post-39188","1":"product","2":"type-product","3":"status-publish","4":"has-post-thumbnail","6":"product_cat-lam-dep-suc-khoe","8":"first","9":"instock","10":"shipping-taxable","11":"purchasable","12":"product-type-simple"},"bundled_by":[],"bundle_stock_status":"instock","bundle_stock_quantity":null,"bundle_virtual":false,"bundle_layout":"","bundle_add_to_cart_form_location":"","bundle_editable_in_cart":false,"bundle_sold_individually_context":"","bundle_item_grouping":"","bundle_min_size":"","bundle_max_size":"","bundle_price":[],"bundled_items":[],"bundle_sell_ids":[],"yoast_head":"<!-- This site is optimized with the Yoast SEO plugin v25.2 - https:\/\/yoast.com\/wordpress\/plugins\/seo\/ -->\n<title>Get N\u01b0\u1edbc Hoa H\u1ed3ng D\u01b0\u1ee1ng \u1ea8m Pond&#039;s H\u01b0\u01a1ng D\u01b0a H\u1ea5u R\u1ea1ng R\u1ee1<\/title>\n<meta name=\"description\" content=\"L\u00e0n da t\u01b0\u01a1i m\u00e1t, c\u0103ng tr\u00e0n s\u1ee9c s\u1ed1ng v\u1edbi n\u01b0\u1edbc hoa h\u1ed3ng Pond\u2019s h\u01b0\u01a1ng d\u01b0a h\u1ea5u. Toner c\u1ea5p \u1ea9m, d\u1ecbu nh\u1eb9, h\u1ed7 tr\u1ee3 s\u00e1ng da v\u00e0 b\u1ea3o v\u1ec7 tr\u01b0\u1edbc t\u00e1c h\u1ea1i m\u00f4i tr\u01b0\u1eddng.\" \/>\n<meta name=\"robots\" content=\"index, follow, max-snippet:-1, max-image-preview:large, max-video-preview:-1\" \/>\n<link rel=\"canonical\" href=\"https:\/\/demostore.ai\/vi\/san-pham\/nuoc-hoa-hong-duong-am-ponds-huong-dua-hau\/\" \/>\n<meta property=\"og:type\" content=\"article\" \/>\n<meta property=\"og:title\" content=\"Get N\u01b0\u1edbc Hoa H\u1ed3ng D\u01b0\u1ee1ng \u1ea8m Pond&#039;s H\u01b0\u01a1ng D\u01b0a H\u1ea5u R\u1ea1ng R\u1ee1\" \/>\n<meta property=\"og:description\" content=\"Ch\u1ea1m v\u00e0o l\u00e0n da c\u0103ng m\u1ecdng v\u1edbi Pond\u2019s h\u01b0\u01a1ng d\u01b0a h\u1ea5u. Toner d\u01b0\u1ee1ng \u1ea9m d\u1ecbu nh\u1eb9, gi\u00fap \u0111\u1ec1u m\u00e0u v\u00e0 t\u0103ng s\u1ee9c s\u1ed1ng. Hi\u1ec7u \u1ee9ng t\u1ef1 nhi\u00ean, th\u00edch h\u1ee3p m\u1ecdi lo\u1ea1i da, ph\u00f9 h\u1ee3p m\u1ecdi chu tr\u00ecnh l\u00e0m \u0111\u1eb9p.\" \/>\n<meta property=\"og:url\" content=\"https:\/\/demostore.ai\/vi\/san-pham\/nuoc-hoa-hong-duong-am-ponds-huong-dua-hau\/\" \/>\n<meta property=\"og:site_name\" content=\"Trendy Thread\" \/>\n<meta property=\"article:modified_time\" content=\"2026-02-17T09:58:32+00:00\" \/>\n<meta property=\"og:image\" content=\"https:\/\/demostore.ai\/wp-content\/uploads\/2025\/06\/Toner-1-scaled-1.png\" \/>\n\t<meta property=\"og:image:width\" content=\"390\" \/>\n\t<meta property=\"og:image:height\" content=\"1000\" \/>\n\t<meta property=\"og:image:type\" content=\"image\/png\" \/>\n<meta name=\"twitter:card\" content=\"summary_large_image\" \/>\n<meta name=\"twitter:title\" content=\"Get N\u01b0\u1edbc Hoa H\u1ed3ng D\u01b0\u1ee1ng \u1ea8m Pond&#039;s H\u01b0\u01a1ng D\u01b0a H\u1ea5u R\u1ea1ng R\u1ee1\" \/>\n<meta name=\"twitter:description\" content=\"Ch\u1ea1m v\u00e0o l\u00e0n da c\u0103ng m\u1ecdng v\u1edbi Pond\u2019s h\u01b0\u01a1ng d\u01b0a h\u1ea5u. Toner d\u01b0\u1ee1ng \u1ea9m d\u1ecbu nh\u1eb9, gi\u00fap \u0111\u1ec1u m\u00e0u v\u00e0 t\u0103ng s\u1ee9c s\u1ed1ng. Hi\u1ec7u \u1ee9ng t\u1ef1 nhi\u00ean, th\u00edch h\u1ee3p m\u1ecdi lo\u1ea1i da, ph\u00f9 h\u1ee3p m\u1ecdi chu tr\u00ecnh l\u00e0m \u0111\u1eb9p.\" \/>\n<meta name=\"twitter:label1\" content=\"\u01af\u1edbc t\u00ednh th\u1eddi gian \u0111\u1ecdc\" \/>\n\t<meta name=\"twitter:data1\" content=\"1 ph\u00fat\" \/>\n<script type=\"application\/ld+json\" class=\"yoast-schema-graph\">{\"@context\":\"https:\/\/schema.org\",\"@graph\":[{\"@type\":\"WebPage\",\"@id\":\"https:\/\/demostore.ai\/vi\/san-pham\/nuoc-hoa-hong-duong-am-ponds-huong-dua-hau\/\",\"url\":\"https:\/\/demostore.ai\/vi\/san-pham\/nuoc-hoa-hong-duong-am-ponds-huong-dua-hau\/\",\"name\":\"Get N\u01b0\u1edbc Hoa H\u1ed3ng D\u01b0\u1ee1ng \u1ea8m Pond's H\u01b0\u01a1ng D\u01b0a H\u1ea5u R\u1ea1ng R\u1ee1\",\"isPartOf\":{\"@id\":\"https:\/\/demostore.ai\/vi\/#website\"},\"primaryImageOfPage\":{\"@id\":\"https:\/\/demostore.ai\/vi\/san-pham\/nuoc-hoa-hong-duong-am-ponds-huong-dua-hau\/#primaryimage\"},\"image\":{\"@id\":\"https:\/\/demostore.ai\/vi\/san-pham\/nuoc-hoa-hong-duong-am-ponds-huong-dua-hau\/#primaryimage\"},\"thumbnailUrl\":\"https:\/\/demostore.ai\/wp-content\/uploads\/2025\/06\/Toner-1-scaled-1.png\",\"datePublished\":\"2025-06-13T00:34:21+00:00\",\"dateModified\":\"2026-02-17T09:58:32+00:00\",\"description\":\"L\u00e0n da t\u01b0\u01a1i m\u00e1t, c\u0103ng tr\u00e0n s\u1ee9c s\u1ed1ng v\u1edbi n\u01b0\u1edbc hoa h\u1ed3ng Pond\u2019s h\u01b0\u01a1ng d\u01b0a h\u1ea5u. Toner c\u1ea5p \u1ea9m, d\u1ecbu nh\u1eb9, h\u1ed7 tr\u1ee3 s\u00e1ng da v\u00e0 b\u1ea3o v\u1ec7 tr\u01b0\u1edbc t\u00e1c h\u1ea1i m\u00f4i tr\u01b0\u1eddng.\",\"breadcrumb\":{\"@id\":\"https:\/\/demostore.ai\/vi\/san-pham\/nuoc-hoa-hong-duong-am-ponds-huong-dua-hau\/#breadcrumb\"},\"inLanguage\":\"vi\",\"potentialAction\":[{\"@type\":\"ReadAction\",\"target\":[\"https:\/\/demostore.ai\/vi\/san-pham\/nuoc-hoa-hong-duong-am-ponds-huong-dua-hau\/\"]}]},{\"@type\":\"ImageObject\",\"inLanguage\":\"vi\",\"@id\":\"https:\/\/demostore.ai\/vi\/san-pham\/nuoc-hoa-hong-duong-am-ponds-huong-dua-hau\/#primaryimage\",\"url\":\"https:\/\/demostore.ai\/wp-content\/uploads\/2025\/06\/Toner-1-scaled-1.png\",\"contentUrl\":\"https:\/\/demostore.ai\/wp-content\/uploads\/2025\/06\/Toner-1-scaled-1.png\",\"width\":390,\"height\":1000,\"caption\":\"Chai n\u01b0\u1edbc hoa h\u1ed3ng d\u01b0\u1ee1ng \u1ea9m Pond\u2019s h\u01b0\u01a1ng d\u01b0a h\u1ea5u, thi\u1ebft k\u1ebf m\u00e0u h\u1ed3ng t\u01b0\u01a1i m\u00e1t, dung t\u00edch 150ml.\"},{\"@type\":\"BreadcrumbList\",\"@id\":\"https:\/\/demostore.ai\/vi\/san-pham\/nuoc-hoa-hong-duong-am-ponds-huong-dua-hau\/#breadcrumb\",\"itemListElement\":[{\"@type\":\"ListItem\",\"position\":1,\"name\":\"Trang ch\u1ee7\",\"item\":\"https:\/\/demostore.ai\/vi\/\"},{\"@type\":\"ListItem\",\"position\":2,\"name\":\"C\u1eeda h\u00e0ng\",\"item\":\"https:\/\/demostore.ai\/vi\/cua-hang\/\"},{\"@type\":\"ListItem\",\"position\":3,\"name\":\"N\u01b0\u1edbc hoa h\u1ed3ng d\u01b0\u1ee1ng \u1ea9m Pond&#8217;s h\u01b0\u01a1ng d\u01b0a h\u1ea5u\"}]},{\"@type\":\"WebSite\",\"@id\":\"https:\/\/demostore.ai\/vi\/#website\",\"url\":\"https:\/\/demostore.ai\/vi\/\",\"name\":\"Trendy Thread\",\"description\":\"C\u1eeda h\u00e0ng demo WriteText.ai\",\"publisher\":{\"@id\":\"https:\/\/demostore.ai\/vi\/#organization\"},\"potentialAction\":[{\"@type\":\"SearchAction\",\"target\":{\"@type\":\"EntryPoint\",\"urlTemplate\":\"https:\/\/demostore.ai\/vi\/?s={search_term_string}\"},\"query-input\":{\"@type\":\"PropertyValueSpecification\",\"valueRequired\":true,\"valueName\":\"search_term_string\"}}],\"inLanguage\":\"vi\"},{\"@type\":\"Organization\",\"@id\":\"https:\/\/demostore.ai\/vi\/#organization\",\"name\":\"WriteText.ai\",\"url\":\"https:\/\/demostore.ai\/vi\/\",\"logo\":{\"@type\":\"ImageObject\",\"inLanguage\":\"vi\",\"@id\":\"https:\/\/demostore.ai\/vi\/#\/schema\/logo\/image\/\",\"url\":\"https:\/\/demostore.ai\/wp-content\/uploads\/2025\/10\/writetext_logo.webp\",\"contentUrl\":\"https:\/\/demostore.ai\/wp-content\/uploads\/2025\/10\/writetext_logo.webp\",\"width\":200,\"height\":34,\"caption\":\"WriteText.ai\"},\"image\":{\"@id\":\"https:\/\/demostore.ai\/vi\/#\/schema\/logo\/image\/\"}}]}<\/script>\n<!-- \/ Yoast SEO plugin. -->","yoast_head_json":{"title":"Get N\u01b0\u1edbc Hoa H\u1ed3ng D\u01b0\u1ee1ng \u1ea8m Pond's H\u01b0\u01a1ng D\u01b0a H\u1ea5u R\u1ea1ng R\u1ee1","description":"L\u00e0n da t\u01b0\u01a1i m\u00e1t, c\u0103ng tr\u00e0n s\u1ee9c s\u1ed1ng v\u1edbi n\u01b0\u1edbc hoa h\u1ed3ng Pond\u2019s h\u01b0\u01a1ng d\u01b0a h\u1ea5u. Toner c\u1ea5p \u1ea9m, d\u1ecbu nh\u1eb9, h\u1ed7 tr\u1ee3 s\u00e1ng da v\u00e0 b\u1ea3o v\u1ec7 tr\u01b0\u1edbc t\u00e1c h\u1ea1i m\u00f4i tr\u01b0\u1eddng.","robots":{"index":"index","follow":"follow","max-snippet":"max-snippet:-1","max-image-preview":"max-image-preview:large","max-video-preview":"max-video-preview:-1"},"canonical":"https:\/\/demostore.ai\/vi\/san-pham\/nuoc-hoa-hong-duong-am-ponds-huong-dua-hau\/","og_type":"article","og_title":"Get N\u01b0\u1edbc Hoa H\u1ed3ng D\u01b0\u1ee1ng \u1ea8m Pond's H\u01b0\u01a1ng D\u01b0a H\u1ea5u R\u1ea1ng R\u1ee1","og_description":"Ch\u1ea1m v\u00e0o l\u00e0n da c\u0103ng m\u1ecdng v\u1edbi Pond\u2019s h\u01b0\u01a1ng d\u01b0a h\u1ea5u. Toner d\u01b0\u1ee1ng \u1ea9m d\u1ecbu nh\u1eb9, gi\u00fap \u0111\u1ec1u m\u00e0u v\u00e0 t\u0103ng s\u1ee9c s\u1ed1ng. Hi\u1ec7u \u1ee9ng t\u1ef1 nhi\u00ean, th\u00edch h\u1ee3p m\u1ecdi lo\u1ea1i da, ph\u00f9 h\u1ee3p m\u1ecdi chu tr\u00ecnh l\u00e0m \u0111\u1eb9p.","og_url":"https:\/\/demostore.ai\/vi\/san-pham\/nuoc-hoa-hong-duong-am-ponds-huong-dua-hau\/","og_site_name":"Trendy Thread","article_modified_time":"2026-02-17T09:58:32+00:00","og_image":[{"width":390,"height":1000,"url":"https:\/\/demostore.ai\/wp-content\/uploads\/2025\/06\/Toner-1-scaled-1.png","type":"image\/png"}],"twitter_card":"summary_large_image","twitter_title":"Get N\u01b0\u1edbc Hoa H\u1ed3ng D\u01b0\u1ee1ng \u1ea8m Pond's H\u01b0\u01a1ng D\u01b0a H\u1ea5u R\u1ea1ng R\u1ee1","twitter_description":"Ch\u1ea1m v\u00e0o l\u00e0n da c\u0103ng m\u1ecdng v\u1edbi Pond\u2019s h\u01b0\u01a1ng d\u01b0a h\u1ea5u. Toner d\u01b0\u1ee1ng \u1ea9m d\u1ecbu nh\u1eb9, gi\u00fap \u0111\u1ec1u m\u00e0u v\u00e0 t\u0103ng s\u1ee9c s\u1ed1ng. Hi\u1ec7u \u1ee9ng t\u1ef1 nhi\u00ean, th\u00edch h\u1ee3p m\u1ecdi lo\u1ea1i da, ph\u00f9 h\u1ee3p m\u1ecdi chu tr\u00ecnh l\u00e0m \u0111\u1eb9p.","twitter_misc":{"\u01af\u1edbc t\u00ednh th\u1eddi gian \u0111\u1ecdc":"1 ph\u00fat"},"schema":{"@context":"https:\/\/schema.org","@graph":[{"@type":"WebPage","@id":"https:\/\/demostore.ai\/vi\/san-pham\/nuoc-hoa-hong-duong-am-ponds-huong-dua-hau\/","url":"https:\/\/demostore.ai\/vi\/san-pham\/nuoc-hoa-hong-duong-am-ponds-huong-dua-hau\/","name":"Get N\u01b0\u1edbc Hoa H\u1ed3ng D\u01b0\u1ee1ng \u1ea8m Pond's H\u01b0\u01a1ng D\u01b0a H\u1ea5u R\u1ea1ng R\u1ee1","isPartOf":{"@id":"https:\/\/demostore.ai\/vi\/#website"},"primaryImageOfPage":{"@id":"https:\/\/demostore.ai\/vi\/san-pham\/nuoc-hoa-hong-duong-am-ponds-huong-dua-hau\/#primaryimage"},"image":{"@id":"https:\/\/demostore.ai\/vi\/san-pham\/nuoc-hoa-hong-duong-am-ponds-huong-dua-hau\/#primaryimage"},"thumbnailUrl":"https:\/\/demostore.ai\/wp-content\/uploads\/2025\/06\/Toner-1-scaled-1.png","datePublished":"2025-06-13T00:34:21+00:00","dateModified":"2026-02-17T09:58:32+00:00","description":"L\u00e0n da t\u01b0\u01a1i m\u00e1t, c\u0103ng tr\u00e0n s\u1ee9c s\u1ed1ng v\u1edbi n\u01b0\u1edbc hoa h\u1ed3ng Pond\u2019s h\u01b0\u01a1ng d\u01b0a h\u1ea5u. Toner c\u1ea5p \u1ea9m, d\u1ecbu nh\u1eb9, h\u1ed7 tr\u1ee3 s\u00e1ng da v\u00e0 b\u1ea3o v\u1ec7 tr\u01b0\u1edbc t\u00e1c h\u1ea1i m\u00f4i tr\u01b0\u1eddng.","breadcrumb":{"@id":"https:\/\/demostore.ai\/vi\/san-pham\/nuoc-hoa-hong-duong-am-ponds-huong-dua-hau\/#breadcrumb"},"inLanguage":"vi","potentialAction":[{"@type":"ReadAction","target":["https:\/\/demostore.ai\/vi\/san-pham\/nuoc-hoa-hong-duong-am-ponds-huong-dua-hau\/"]}]},{"@type":"ImageObject","inLanguage":"vi","@id":"https:\/\/demostore.ai\/vi\/san-pham\/nuoc-hoa-hong-duong-am-ponds-huong-dua-hau\/#primaryimage","url":"https:\/\/demostore.ai\/wp-content\/uploads\/2025\/06\/Toner-1-scaled-1.png","contentUrl":"https:\/\/demostore.ai\/wp-content\/uploads\/2025\/06\/Toner-1-scaled-1.png","width":390,"height":1000,"caption":"Chai n\u01b0\u1edbc hoa h\u1ed3ng d\u01b0\u1ee1ng \u1ea9m Pond\u2019s h\u01b0\u01a1ng d\u01b0a h\u1ea5u, thi\u1ebft k\u1ebf m\u00e0u h\u1ed3ng t\u01b0\u01a1i m\u00e1t, dung t\u00edch 150ml."},{"@type":"BreadcrumbList","@id":"https:\/\/demostore.ai\/vi\/san-pham\/nuoc-hoa-hong-duong-am-ponds-huong-dua-hau\/#breadcrumb","itemListElement":[{"@type":"ListItem","position":1,"name":"Trang ch\u1ee7","item":"https:\/\/demostore.ai\/vi\/"},{"@type":"ListItem","position":2,"name":"C\u1eeda h\u00e0ng","item":"https:\/\/demostore.ai\/vi\/cua-hang\/"},{"@type":"ListItem","position":3,"name":"N\u01b0\u1edbc hoa h\u1ed3ng d\u01b0\u1ee1ng \u1ea9m Pond&#8217;s h\u01b0\u01a1ng d\u01b0a h\u1ea5u"}]},{"@type":"WebSite","@id":"https:\/\/demostore.ai\/vi\/#website","url":"https:\/\/demostore.ai\/vi\/","name":"Trendy Thread","description":"C\u1eeda h\u00e0ng demo WriteText.ai","publisher":{"@id":"https:\/\/demostore.ai\/vi\/#organization"},"potentialAction":[{"@type":"SearchAction","target":{"@type":"EntryPoint","urlTemplate":"https:\/\/demostore.ai\/vi\/?s={search_term_string}"},"query-input":{"@type":"PropertyValueSpecification","valueRequired":true,"valueName":"search_term_string"}}],"inLanguage":"vi"},{"@type":"Organization","@id":"https:\/\/demostore.ai\/vi\/#organization","name":"WriteText.ai","url":"https:\/\/demostore.ai\/vi\/","logo":{"@type":"ImageObject","inLanguage":"vi","@id":"https:\/\/demostore.ai\/vi\/#\/schema\/logo\/image\/","url":"https:\/\/demostore.ai\/wp-content\/uploads\/2025\/10\/writetext_logo.webp","contentUrl":"https:\/\/demostore.ai\/wp-content\/uploads\/2025\/10\/writetext_logo.webp","width":200,"height":34,"caption":"WriteText.ai"},"image":{"@id":"https:\/\/demostore.ai\/vi\/#\/schema\/logo\/image\/"}}]}},"_links":{"self":[{"href":"https:\/\/demostore.ai\/vi\/wp-json\/wp\/v2\/product\/39188","targetHints":{"allow":["GET"]}}],"collection":[{"href":"https:\/\/demostore.ai\/vi\/wp-json\/wp\/v2\/product"}],"about":[{"href":"https:\/\/demostore.ai\/vi\/wp-json\/wp\/v2\/types\/product"}],"replies":[{"embeddable":true,"href":"https:\/\/demostore.ai\/vi\/wp-json\/wp\/v2\/comments?post=39188"}],"wp:featuredmedia":[{"embeddable":true,"href":"https:\/\/demostore.ai\/vi\/wp-json\/wp\/v2\/media\/16288"}],"wp:attachment":[{"href":"https:\/\/demostore.ai\/vi\/wp-json\/wp\/v2\/media?parent=39188"}],"wp:term":[{"taxonomy":"product_brand","embeddable":true,"href":"https:\/\/demostore.ai\/vi\/wp-json\/wp\/v2\/product_brand?post=39188"},{"taxonomy":"product_cat","embeddable":true,"href":"https:\/\/demostore.ai\/vi\/wp-json\/wp\/v2\/product_cat?post=39188"},{"taxonomy":"product_tag","embeddable":true,"href":"https:\/\/demostore.ai\/vi\/wp-json\/wp\/v2\/product_tag?post=39188"}],"curies":[{"name":"wp","href":"https:\/\/api.w.org\/{rel}","templated":true}]}}