{"id":38984,"date":"2025-06-16T07:11:33","date_gmt":"2025-06-15T23:11:33","guid":{"rendered":"https:\/\/demostore.ai\/?post_type=product&#038;p=38984"},"modified":"2026-02-17T22:51:29","modified_gmt":"2026-02-17T14:51:29","slug":"petrol-ao-khoac-denim","status":"publish","type":"product","link":"https:\/\/demostore.ai\/vi\/san-pham\/petrol-ao-khoac-denim\/","title":{"rendered":"Petrol \u00c1o Kho\u00e1c Denim"},"content":{"rendered":"<section data-wtai-block-id=\"wtai_product_description_features\" class=\"wtai-section wtai-features-section\">\n<h2>Chi Ti\u1ebft S\u1ea3n Ph\u1ea9m<\/h2>\n<ul>\n<li>Ch\u1ea5t li\u1ec7u <strong>denim cao c\u1ea5p<\/strong> v\u1edbi t\u1ec9 l\u1ec7 82% cotton, 16% polyester t\u00e1i ch\u1ebf v\u00e0 2% elastane cho \u0111\u1ed9 b\u1ec1n v\u00e0 \u0111\u1ed9 co gi\u00e3n nh\u1eb9.<\/li>\n<li>Thi\u1ebft k\u1ebf <strong>ki\u1ec3u jacket trucker<\/strong> chu\u1ea9n M\u1ef9, c\u1ed5 b\u1ebb \u0111\u1ee9ng form v\u00e0 phong c\u00e1ch tr\u1ebb trung, c\u00e1 t\u00ednh.<\/li>\n<li>Gam m\u00e0u <strong>denim xanh nh\u1ea1t<\/strong> ph\u1ed1i wash nh\u1eb9 t\u1ea1o hi\u1ec7u \u1ee9ng c\u1ed5 \u0111i\u1ec3n v\u00e0 d\u1ec5 ph\u1ed1i \u0111\u1ed3.<\/li>\n<li>C\u00e0i \u00e1o b\u1eb1ng <strong>d\u00e3y n\u00fat kim lo\u1ea1i<\/strong> n\u1ed5i b\u1eadt, ch\u1eafc ch\u1eafn, d\u1ec5 thao t\u00e1c khi m\u1eb7c ho\u1eb7c th\u00e1o.<\/li>\n<li>C\u00f3 <strong>2 t\u00fai ng\u1ef1c n\u1eafp c\u00e0i<\/strong> logo Petrol v\u00e0 2 t\u00fai b\u00ean h\u00f4ng r\u1ed9ng r\u00e3i \u0111\u1ef1ng \u0111i\u1ec7n tho\u1ea1i, v\u00ed hay v\u1eadt d\u1ee5ng c\u1ea7n thi\u1ebft.<\/li>\n<li>\u0110\u01b0\u1eddng ch\u1ec9 <strong>may d\u00e0y d\u1eb7n<\/strong> n\u1ed5i b\u1eadt, t\u0103ng \u0111\u1ed9 b\u1ec1n cho \u00e1o v\u00e0 gi\u1eef phom chu\u1ea9n d\u00f9 m\u1eb7c l\u00e2u.<\/li>\n<li>Form <strong>unisex<\/strong> d\u1ec5 m\u1eb7c, ph\u00f9 h\u1ee3p nhi\u1ec1u d\u00e1ng ng\u01b0\u1eddi t\u1eeb nam t\u1edbi n\u1eef, t\u1ea1o s\u1ef1 s\u00e0nh \u0111i\u1ec7u cho m\u1ecdi th\u1ebf h\u1ec7.<\/li>\n<li>Tay \u00e1o <strong>d\u00e0i<\/strong> c\u00f3 khuy c\u00e0i v\u00e0 lai \u00e1o v\u1eeba v\u1eb7n gi\u00fap gi\u1eef nhi\u1ec7t t\u1ed1t khi \u0111i ngo\u00e0i tr\u1eddi.<\/li>\n<li>Logo Petrol n\u1ed5i b\u1eadt ngay t\u00fai ng\u1ef1c t\u1ea1o \u0111i\u1ec3m nh\u1ea5n th\u01b0\u01a1ng hi\u1ec7u v\u00e0 t\u0103ng \u0111\u1ed9 nh\u1eadn di\u1ec7n.<\/li>\n<\/ul>\n<\/section>\n<div data-wtai-block-id=\"wtai_product_description_image_1753694415199\" class=\"wtai-section wtai-image_1753694415199-section\">\n<figure class=\"wtai-image-p wtai-align-center\" style=\"text-align:center\"><img decoding=\"async\" src=\"https:\/\/demostore.ai\/wp-content\/uploads\/2025\/06\/Denim-jacket-2-scaled-1-600x867.png\" alt=\"\u00c1o kho\u00e1c denim Petrol m\u00e0u xanh, d\u00e1ng d\u00e0i tay, m\u1eb7t sau v\u1edbi \u0111\u01b0\u1eddng may ch\u1eafc ch\u1eafn v\u00e0 thi\u1ebft k\u1ebf hi\u1ec7n \u0111\u1ea1i.\" srcset=\"https:\/\/demostore.ai\/wp-content\/uploads\/2025\/06\/Denim-jacket-2-scaled-1.png 692w, https:\/\/demostore.ai\/wp-content\/uploads\/2025\/06\/Denim-jacket-2-scaled-1-208x300.png 208w, https:\/\/demostore.ai\/wp-content\/uploads\/2025\/06\/Denim-jacket-2-scaled-1-600x867.png 600w\"><figcaption>\n<p>Form d\u00e1ng \u0111\u1ee9ng form chu\u1ea9n, v\u1ea3i denim xanh b\u1ea1c m\u00e0u th\u1eddi th\u01b0\u1ee3ng chu\u1ea9n ch\u1ea5t \u0111\u01b0\u1eddng ph\u1ed1 tr\u1ebb.<\/p>\n<\/figcaption><\/figure>\n<\/p><\/div>\n<section data-wtai-block-id=\"wtai_product_description_benefits\" class=\"wtai-section wtai-benefits-section\">\n<h2>L\u00fd Do B\u1ea1n S\u1ebd Y\u00eau Th\u00edch<\/h2>\n<ul>\n<li>Ki\u1ec3u d\u00e1ng \u0111a n\u0103ng gi\u00fap b\u1ea1n t\u1ef1 tin ph\u1ed1i \u0111\u1ed3, t\u1eeb n\u0103ng \u0111\u1ed9ng \u0111\u1ebfn c\u00e1 t\u00ednh m\u00e0 kh\u00f4ng bao gi\u1edd s\u1ee3 l\u1ed7i m\u1ed1t.<\/li>\n<li>Ch\u1ea5t li\u1ec7u denim b\u1ec1n b\u1ec9 b\u1ea3o v\u1ec7 c\u01a1 th\u1ec3 tr\u01b0\u1edbc gi\u00f3 nh\u1eb9, th\u1eddi ti\u1ebft thay \u0111\u1ed5i hay c\u00e1c ho\u1ea1t \u0111\u1ed9ng ngo\u00e0i tr\u1eddi.<\/li>\n<li>Nhi\u1ec1u t\u00fai ti\u1ec7n \u00edch gi\u00fap b\u1ea1n \u0111\u1ef1ng v\u1eadt d\u1ee5ng nh\u1ecf g\u1ecdn khi \u0111i h\u1ecdc, \u0111i ch\u01a1i m\u00e0 kh\u00f4ng c\u1ea7n th\u00eam t\u00fai ph\u1ee5.<\/li>\n<li>Kh\u1ea3 n\u0103ng gi\u1eef phom v\u00e0 co gi\u00e3n nh\u1eb9 cho c\u1ea3m gi\u00e1c v\u1eeba v\u1eb7n, d\u1ec5 ch\u1ecbu c\u1ea3 ng\u00e0y, d\u1ec5 v\u1eadn \u0111\u1ed9ng kh\u00f4ng g\u00f2 b\u00f3.<\/li>\n<li>Logo th\u01b0\u01a1ng hi\u1ec7u n\u1ed5i b\u1eadt mang l\u1ea1i ni\u1ec1m t\u1ef1 h\u00e0o tr\u1ebb trung, cho b\u1ea1n th\u00eam ch\u1ea5t ri\u00eang m\u1ed7i khi xu\u1ea5t hi\u1ec7n.<\/li>\n<\/ul>\n<\/section>\n<section data-wtai-block-id=\"wtai_product_description_use_cases\" class=\"wtai-section wtai-use_cases-section\">\n<h2>D\u1ecbp N\u00e0o M\u1eb7c \u0110\u1ec1u H\u1ee3p<\/h2>\n<p>\u00c1o kho\u00e1c denim n\u00e0y l\u00e0 l\u1ef1a ch\u1ecdn l\u00fd t\u01b0\u1edfng cho c\u00e1c bu\u1ed5i c\u00e0 ph\u00ea cu\u1ed1i tu\u1ea7n, d\u1ea1o ph\u1ed1 t\u1ed1i, ho\u1eb7c picnic ngo\u00e0i tr\u1eddi. B\u1ea1n c\u00f3 th\u1ec3 layer ngo\u00e0i \u00e1o thun ho\u1eb7c s\u01a1 mi, k\u1ebft h\u1ee3p c\u00f9ng jean ho\u1eb7c jogger t\u1ea1o phong c\u00e1ch ri\u00eang. \u0110\u1eb7c bi\u1ec7t, n\u00f3 ph\u00f9 h\u1ee3p cho m\u1ecdi gi\u1edbi t\u00ednh v\u00e0 m\u1ecdi \u0111\u1ed9 tu\u1ed5i, gi\u00fap b\u1ea1n v\u1eeba tho\u1ea3i m\u00e1i v\u1eeba th\u1eddi th\u01b0\u1ee3ng \u1edf b\u1ea5t c\u1ee9 \u0111\u00e2u.<\/p>\n<\/section>\n<section data-wtai-block-id=\"wtai_product_description_custom_1754271650908\" class=\"wtai-section wtai-custom_1754271650908-section\">\n<h2>H\u01b0\u1edbng D\u1eabn B\u1ea3o Qu\u1ea3n \u00c1o Kho\u00e1c Denim Petrol Lu\u00f4n Nh\u01b0 M\u1edbi<\/h2>\n<ul>\n<li>Gi\u1eb7t tay ho\u1eb7c m\u00e1y \u1edf ch\u1ebf \u0111\u1ed9 nh\u1eb9, l\u1ed9n tr\u00e1i \u00e1o, ch\u1ec9 d\u00f9ng x\u00e0 ph\u00f2ng d\u1ecbu nh\u1eb9.<\/li>\n<li>Ph\u01a1i \u00e1o \u1edf n\u01a1i tho\u00e1ng, tr\u00e1nh n\u1eafng g\u1eaft tr\u1ef1c ti\u1ebfp \u0111\u1ec3 gi\u1eef m\u00e0u denim lu\u00f4n b\u1ec1n.<\/li>\n<li>\u1ee6i m\u1eb7t tr\u00e1i \u00e1o v\u1edbi nhi\u1ec7t \u0111\u1ed9 th\u1ea5p n\u1ebfu c\u1ea7n, h\u1ea1n ch\u1ebf \u1ee7i l\u00ean logo v\u00e0 chi ti\u1ebft th\u00eau.<\/li>\n<li>Treo \u00e1o b\u1eb1ng m\u00f3c ch\u1eafc ho\u1eb7c g\u1ea5p g\u1ecdn \u0111\u1ec3 gi\u1eef form, tr\u00e1nh d\u1ed3n \u00e1o \u1edf n\u01a1i \u1ea9m th\u1ea5p.<\/li>\n<li>Kh\u00f4ng d\u00f9ng thu\u1ed1c t\u1ea9y hay n\u01b0\u1edbc x\u1ea3, tr\u00e1nh v\u1eaft m\u1ea1nh ho\u1eb7c \u0111\u1ec3 \u00e1o denim b\u1ecb \u1ea9m l\u00e2u.<\/li>\n<\/ul>\n<\/section>\n<section data-wtai-block-id=\"wtai_product_description_custom_1754281021097\" class=\"wtai-section wtai-custom_1754281021097-section\">\n<h2>Th\u00f4ng tin b\u1ec1n v\u1eefng v\u1ec1 Petrol \u00c1o Kho\u00e1c Denim<\/h2>\n<h3>Ch\u1ea5t li\u1ec7u<\/h3>\n<p>\u2022 Denim t\u1eeb 82% cotton t\u1ef1 nhi\u00ean, h\u1ed7 tr\u1ee3 gi\u1ea3m t\u00e1c \u0111\u1ed9ng m\u00f4i tr\u01b0\u1eddng \u2022 16% polyester t\u00e1i ch\u1ebf, h\u01b0\u1edbng \u0111\u1ebfn ti\u00eau ch\u00ed xanh v\u00e0 ti\u1ebft ki\u1ec7m t\u00e0i nguy\u00ean \u2022 Th\u00e0nh ph\u1ea7n \u0111\u01b0\u1ee3c ki\u1ec3m \u0111\u1ecbnh ch\u1ea5t l\u01b0\u1ee3ng b\u1edfi th\u01b0\u01a1ng hi\u1ec7u qu\u1ed1c t\u1ebf Petrol<\/p>\n<h3>Linh ki\u1ec7n<\/h3>\n<p>\u2022 N\u00fat b\u1ea5m kim lo\u1ea1i kh\u00f4ng ch\u1ee9a ch\u00ec, an to\u00e0n cho l\u00e0n da \u2022 C\u00e1c chi ti\u1ebft \u0111\u01b0\u1eddng ch\u1ec9 b\u1ec1n v\u1eefng, h\u1ea1n ch\u1ebf r\u00e1ch s\u1eddn, k\u00e9o d\u00e0i tu\u1ed5i th\u1ecd \u2022 Nh\u00e3n v\u1ea3i in logo Petrol s\u1eed d\u1ee5ng in kh\u00f4ng ch\u1ee9a h\u00f3a ch\u1ea5t \u0111\u1ed9c h\u1ea1i<\/p>\n<h3>\u0110\u00f3ng g\u00f3i<\/h3>\n<p>\u2022 Bao b\u00ec \u0111\u01a1n gi\u1ea3n, gi\u1ea3m t\u1ed1i \u0111a nh\u1ef1a s\u1eed d\u1ee5ng m\u1ed9t l\u1ea7n \u2022 T\u1ea5t c\u1ea3 th\u00f9ng \u0111\u00f3ng g\u00f3i \u0111\u1ec1u c\u00f3 th\u1ec3 t\u00e1i ch\u1ebf ho\u00e0n to\u00e0n \u2022 Nh\u00e0 s\u1ea3n xu\u1ea5t cam k\u1ebft gi\u1ea3m l\u01b0\u1ee3ng r\u00e1c th\u1ea3i bao b\u00ec nh\u1ef1a trong v\u1eadn chuy\u1ec3n<\/p>\n<\/section>\n<div data-wtai-block-id=\"wtai_product_description_image_1753694424568\" class=\"wtai-section wtai-image_1753694424568-section\">\n<figure class=\"wtai-image-p wtai-align-center\" style=\"text-align:center\"><img decoding=\"async\" src=\"https:\/\/demostore.ai\/wp-content\/uploads\/2025\/06\/Denim-jacket-4-scaled-1-600x511.png\" alt=\"\u00c1o kho\u00e1c denim Petrol m\u00e0u xanh nh\u1ea1t, t\u00fai \u00e1o ng\u1ef1c c\u00f3 logo th\u01b0\u01a1ng hi\u1ec7u, ki\u1ec3u d\u00e1ng tr\u1ebb trung.\" srcset=\"https:\/\/demostore.ai\/wp-content\/uploads\/2025\/06\/Denim-jacket-4-scaled-1.png 1000w, https:\/\/demostore.ai\/wp-content\/uploads\/2025\/06\/Denim-jacket-4-scaled-1-300x256.png 300w, https:\/\/demostore.ai\/wp-content\/uploads\/2025\/06\/Denim-jacket-4-scaled-1-768x654.png 768w, https:\/\/demostore.ai\/wp-content\/uploads\/2025\/06\/Denim-jacket-4-scaled-1-600x511.png 600w\"><figcaption>\n<p>Chi ti\u1ebft logo PETROL n\u1ed5i b\u1eadt mix c\u00f9ng ch\u1ea5t v\u1ea3i denim xanh b\u1ea1c c\u1ef1c b\u1eaft trend.<\/p>\n<\/figcaption><\/figure>\n<\/p><\/div>\n<section data-wtai-block-id=\"wtai_product_description_faqs\" class=\"wtai-section wtai-faqs-section\">\n<h2>Gi\u1ea3i \u0110\u00e1p Nhanh<\/h2>\n<p><strong>\u00c1o kho\u00e1c denim n\u00e0y c\u00f3 v\u1eeba v\u1edbi c\u1ea3 nam v\u00e0 n\u1eef kh\u00f4ng?<\/strong> <br \/> C\u00f3, \u00e1o thi\u1ebft k\u1ebf unisex v\u1edbi form regular ph\u00f9 h\u1ee3p cho c\u1ea3 nam l\u1eabn n\u1eef, d\u1ec5 ph\u1ed1i \u0111\u1ed3 v\u00e0 che khuy\u1ebft \u0111i\u1ec3m.<\/p>\n<p><strong>Ch\u1ea5t v\u1ea3i denim c\u00f3 g\u00e2y n\u00f3ng b\u00ed kh\u00f4ng?<\/strong> <br \/> Ch\u1ea5t li\u1ec7u denim pha cotton v\u00e0 elastane tho\u00e1ng kh\u00ed, co gi\u00e3n nh\u1eb9 n\u00ean m\u1eb7c d\u1ec5 ch\u1ecbu k\u1ec3 c\u1ea3 nh\u1eefng ng\u00e0y oi b\u1ee9c nh\u1eb9.<\/p>\n<p><strong>\u00c1o n\u00e0y th\u00edch h\u1ee3p nh\u1ea5t cho m\u00f9a n\u00e0o?<\/strong> <br \/> Ph\u00f9 h\u1ee3p nh\u1ea5t v\u00e0o m\u00f9a thu, m\u00f9a xu\u00e2n ho\u1eb7c nh\u1eefng bu\u1ed5i chi\u1ec1u t\u1ed1i tr\u1eddi m\u00e1t, v\u1eeba gi\u1eef \u1ea5m nh\u1eb9 v\u1eeba th\u1eddi trang.<\/p>\n<p><strong>L\u00e0m sao v\u1ec7 sinh \u00e1o \u0111\u1ec3 gi\u1eef phom \u0111\u1eb9p?<\/strong> <br \/> N\u00ean gi\u1eb7t m\u00e1y \u1edf ch\u1ebf \u0111\u1ed9 nh\u1eb9 v\u1edbi n\u01b0\u1edbc l\u1ea1nh, tr\u00e1nh t\u1ea9y m\u1ea1nh, ph\u01a1i n\u01a1i tho\u00e1ng m\u00e1t \u0111\u1ec3 gi\u1eef m\u00e0u v\u00e0 ch\u1ea5t v\u1ea3i l\u00e2u b\u1ec1n.<\/p>\n<\/section>\n<section data-wtai-block-id=\"wtai_product_description_conclusion\" class=\"wtai-section wtai-conclusion-section\">\n<h2>S\u1eb5n S\u00e0ng Kh\u00e1m Ph\u00e1 Phong C\u00e1ch Denim?<\/h2>\n<p><strong>B\u1ea1n s\u1ebd kh\u00f4ng mu\u1ed1n r\u1eddi m\u1eaft kh\u1ecfi Petrol \u00c1o Kho\u00e1c Denim b\u1edfi s\u1ef1 ti\u1ec7n d\u1ee5ng, trendy v\u00e0 ch\u1ea5t ri\u00eang r\u00f5 n\u00e9t. M\u1ed7i chi ti\u1ebft \u0111\u1ec1u ch\u0103m ch\u00fat mang \u0111\u1ebfn tr\u1ea3i nghi\u1ec7m th\u1eadt x\u1ee9ng \u0111\u00e1ng cho m\u1ecdi outfit.<\/strong> <strong>\u0110\u1eebng ch\u1ea7n ch\u1eeb v\u00ec m\u1eabu denim n\u00e0y lu\u00f4n \u0111\u01b0\u1ee3c s\u0103n \u0111\u00f3n m\u1ed7i m\u00f9a! S\u1eafm ngay h\u00f4m nay \u0111\u1ec3 kh\u1eb3ng \u0111\u1ecbnh phong c\u00e1ch c\u00e1 nh\u00e2n ki\u1ec3u m\u1edbi, tr\u1ebb trung \u2013 c\u00e1 t\u00ednh v\u00e0 c\u1ef1c k\u1ef3 d\u1ec5 ph\u1ed1i.<\/strong><\/p>\n<\/section>\n","protected":false},"excerpt":{"rendered":"<div data-wtai-block-id=\"wtai_excerpt_subtitle\" class=\"wtai-section wtai-subtitle-section\">\n<p><em><strong>Ch\u1ea5t denim b\u1ec1n b\u1ec9, form kho\u1ebb kho\u1eafn \u2013 cu\u1ed1n h\u00fat m\u1ed7i l\u1ea7n ra ph\u1ed1<\/strong><\/em><\/p>\n<\/p><\/div>\n<div data-wtai-block-id=\"wtai_excerpt_introduction\" class=\"wtai-section wtai-introduction-section\">\n<p>C\u1ee9 m\u1ed9t chi\u1ebfc \u00e1o kho\u00e1c denim chu\u1ea9n m\u00ea l\u00e0 c\u1ee9 ph\u1ea3i k\u1ec3 \u0111\u1ebfn Petrol \u00c1o Kho\u00e1c Denim m\u1edbi \u0111\u01b0\u1ee3c. Thi\u1ebft k\u1ebf ki\u1ec3u d\u00e1ng trucker c\u1ed5 \u0111i\u1ec3n c\u1ed9ng th\u00eam m\u00e0u xanh wash c\u1ef1c ch\u1ea5t, item n\u00e0y \u0111\u1eadm t\u00ednh streetwear m\u00e0 v\u1eabn gi\u1eef n\u00e9t t\u1ed1i gi\u1ea3n. Ch\u1ea5t li\u1ec7u denim cotton pha polyester co gi\u00e3n nh\u1eb9, cho c\u1ea3m gi\u00e1c d\u1ec5 ch\u1ecbu, kh\u00f4ng h\u1ec1 g\u00f2 b\u00f3. T\u1eeb nh\u1eefng ng\u00e0y m\u00e1t tr\u1eddi c\u1ea7n g\u00ec \u0111\u00f3 kho\u00e1c ngo\u00e0i, \u0111\u1ebfn l\u00fac ph\u1ed1i \u0111\u1ed3 \u0111i ch\u01a1i cu\u1ed1i tu\u1ea7n hay \u0111i ph\u01b0\u1ee3t c\u00f9ng b\u1ea1n b\u00e8, chi\u1ebfc \u00e1o n\u00e0y lu\u00f4n gi\u00fap b\u1ea1n t\u1ef1 tin, n\u00e2ng phong c\u00e1ch c\u00e1 nh\u00e2n l\u00ean m\u1ed9t level m\u1edbi m\u00e0 ch\u1eb3ng s\u1ee3 b\u1ecb l\u1ed7i m\u1ed1t. S\u1ef1 l\u1ef1a ch\u1ecdn v\u1eeba n\u0103ng \u0111\u1ed9ng, v\u1eeba tho\u1ea3i m\u00e1i \u0111\u1ec3 lu\u00f4n n\u1ed5i b\u1eadt c\u00f9ng c\u00e1 t\u00ednh ri\u00eang.<\/p>\n<\/p><\/div>\n","protected":false},"featured_media":21823,"comment_status":"open","ping_status":"closed","template":"","meta":[],"product_brand":[],"product_cat":[177],"product_tag":[],"class_list":{"0":"post-38984","1":"product","2":"type-product","3":"status-publish","4":"has-post-thumbnail","6":"product_cat-thoi-trang","8":"first","9":"instock","10":"shipping-taxable","11":"purchasable","12":"product-type-simple"},"bundled_by":[],"bundle_stock_status":"instock","bundle_stock_quantity":null,"bundle_virtual":false,"bundle_layout":"","bundle_add_to_cart_form_location":"","bundle_editable_in_cart":false,"bundle_sold_individually_context":"","bundle_item_grouping":"","bundle_min_size":"","bundle_max_size":"","bundle_price":[],"bundled_items":[],"bundle_sell_ids":[],"yoast_head":"<!-- This site is optimized with the Yoast SEO plugin v25.2 - https:\/\/yoast.com\/wordpress\/plugins\/seo\/ -->\n<title>Get Petrol \u00c1o Kho\u00e1c Denim \u0110\u1ec9nh Cao Phong C\u00e1ch<\/title>\n<meta name=\"description\" content=\"Phong c\u00e1ch denim c\u1ed5 \u0111i\u1ec3n pha ch\u1ea5t hi\u1ec7n \u0111\u1ea1i v\u1edbi Petrol \u00c1o Kho\u00e1c Denim. Ch\u1ea5t li\u1ec7u b\u1ec1n b\u1ec9, nhi\u1ec1u t\u00fai ti\u1ec7n, d\u1ec5 ph\u1ed1i \u0111a d\u1ea1ng ki\u1ec3u. Ph\u00f9 h\u1ee3p m\u1ecdi d\u1ecbp.\" \/>\n<meta name=\"robots\" content=\"index, follow, max-snippet:-1, max-image-preview:large, max-video-preview:-1\" \/>\n<link rel=\"canonical\" href=\"https:\/\/demostore.ai\/vi\/san-pham\/petrol-ao-khoac-denim\/\" \/>\n<meta property=\"og:type\" content=\"article\" \/>\n<meta property=\"og:title\" content=\"Get Petrol \u00c1o Kho\u00e1c Denim \u0110\u1ec9nh Cao Phong C\u00e1ch\" \/>\n<meta property=\"og:description\" content=\"\u1ea4n t\u01b0\u1ee3ng ngay t\u1eeb c\u00e1i nh\u00ecn \u0111\u1ea7u ti\u00ean v\u1edbi Petrol \u00c1o Kho\u00e1c Denim! Ki\u1ec3u d\u00e1ng trucker kinh \u0111i\u1ec3n, ch\u1ea5t v\u1ea3i denim b\u1ec1n ch\u1eafc, thi\u1ebft k\u1ebf ti\u1ec7n \u0111a n\u0103ng cho m\u1ecdi \u0111\u1ed9 tu\u1ed5i, ph\u00e1i nam v\u00e0 n\u1eef \u0111\u1ec1u di\u1ec7n \u0111\u1eb9p \u0111i h\u1ecdc, \u0111i ch\u01a1i hay d\u1ea1o ph\u1ed1 c\u1ef1c ch\u1ea5t.\" \/>\n<meta property=\"og:url\" content=\"https:\/\/demostore.ai\/vi\/san-pham\/petrol-ao-khoac-denim\/\" \/>\n<meta property=\"og:site_name\" content=\"Trendy Thread\" \/>\n<meta property=\"article:modified_time\" content=\"2026-02-17T14:51:29+00:00\" \/>\n<meta property=\"og:image\" content=\"https:\/\/demostore.ai\/wp-content\/uploads\/2025\/06\/Denim-jacket-1-scaled-1.png\" \/>\n\t<meta property=\"og:image:width\" content=\"882\" \/>\n\t<meta property=\"og:image:height\" content=\"1000\" \/>\n\t<meta property=\"og:image:type\" content=\"image\/png\" \/>\n<meta name=\"twitter:card\" content=\"summary_large_image\" \/>\n<meta name=\"twitter:title\" content=\"Get Petrol \u00c1o Kho\u00e1c Denim \u0110\u1ec9nh Cao Phong C\u00e1ch\" \/>\n<meta name=\"twitter:description\" content=\"\u1ea4n t\u01b0\u1ee3ng ngay t\u1eeb c\u00e1i nh\u00ecn \u0111\u1ea7u ti\u00ean v\u1edbi Petrol \u00c1o Kho\u00e1c Denim! Ki\u1ec3u d\u00e1ng trucker kinh \u0111i\u1ec3n, ch\u1ea5t v\u1ea3i denim b\u1ec1n ch\u1eafc, thi\u1ebft k\u1ebf ti\u1ec7n \u0111a n\u0103ng cho m\u1ecdi \u0111\u1ed9 tu\u1ed5i, ph\u00e1i nam v\u00e0 n\u1eef \u0111\u1ec1u di\u1ec7n \u0111\u1eb9p \u0111i h\u1ecdc, \u0111i ch\u01a1i hay d\u1ea1o ph\u1ed1 c\u1ef1c ch\u1ea5t.\" \/>\n<meta name=\"twitter:label1\" content=\"\u01af\u1edbc t\u00ednh th\u1eddi gian \u0111\u1ecdc\" \/>\n\t<meta name=\"twitter:data1\" content=\"1 ph\u00fat\" \/>\n<script type=\"application\/ld+json\" class=\"yoast-schema-graph\">{\"@context\":\"https:\/\/schema.org\",\"@graph\":[{\"@type\":\"WebPage\",\"@id\":\"https:\/\/demostore.ai\/vi\/san-pham\/petrol-ao-khoac-denim\/\",\"url\":\"https:\/\/demostore.ai\/vi\/san-pham\/petrol-ao-khoac-denim\/\",\"name\":\"Get Petrol \u00c1o Kho\u00e1c Denim \u0110\u1ec9nh Cao Phong C\u00e1ch\",\"isPartOf\":{\"@id\":\"https:\/\/demostore.ai\/vi\/#website\"},\"primaryImageOfPage\":{\"@id\":\"https:\/\/demostore.ai\/vi\/san-pham\/petrol-ao-khoac-denim\/#primaryimage\"},\"image\":{\"@id\":\"https:\/\/demostore.ai\/vi\/san-pham\/petrol-ao-khoac-denim\/#primaryimage\"},\"thumbnailUrl\":\"https:\/\/demostore.ai\/wp-content\/uploads\/2025\/06\/Denim-jacket-1-scaled-1.png\",\"datePublished\":\"2025-06-15T23:11:33+00:00\",\"dateModified\":\"2026-02-17T14:51:29+00:00\",\"description\":\"Phong c\u00e1ch denim c\u1ed5 \u0111i\u1ec3n pha ch\u1ea5t hi\u1ec7n \u0111\u1ea1i v\u1edbi Petrol \u00c1o Kho\u00e1c Denim. Ch\u1ea5t li\u1ec7u b\u1ec1n b\u1ec9, nhi\u1ec1u t\u00fai ti\u1ec7n, d\u1ec5 ph\u1ed1i \u0111a d\u1ea1ng ki\u1ec3u. Ph\u00f9 h\u1ee3p m\u1ecdi d\u1ecbp.\",\"breadcrumb\":{\"@id\":\"https:\/\/demostore.ai\/vi\/san-pham\/petrol-ao-khoac-denim\/#breadcrumb\"},\"inLanguage\":\"vi\",\"potentialAction\":[{\"@type\":\"ReadAction\",\"target\":[\"https:\/\/demostore.ai\/vi\/san-pham\/petrol-ao-khoac-denim\/\"]}]},{\"@type\":\"ImageObject\",\"inLanguage\":\"vi\",\"@id\":\"https:\/\/demostore.ai\/vi\/san-pham\/petrol-ao-khoac-denim\/#primaryimage\",\"url\":\"https:\/\/demostore.ai\/wp-content\/uploads\/2025\/06\/Denim-jacket-1-scaled-1.png\",\"contentUrl\":\"https:\/\/demostore.ai\/wp-content\/uploads\/2025\/06\/Denim-jacket-1-scaled-1.png\",\"width\":882,\"height\":1000,\"caption\":\"\u00c1o kho\u00e1c denim xanh nh\u1ea1t Petrol, thi\u1ebft k\u1ebf tr\u1ebb trung, t\u00fai ng\u1ef1c c\u00e0i n\u00fat, ph\u00f9 h\u1ee3p cho th\u1eddi trang n\u0103ng \u0111\u1ed9ng.\"},{\"@type\":\"BreadcrumbList\",\"@id\":\"https:\/\/demostore.ai\/vi\/san-pham\/petrol-ao-khoac-denim\/#breadcrumb\",\"itemListElement\":[{\"@type\":\"ListItem\",\"position\":1,\"name\":\"Trang ch\u1ee7\",\"item\":\"https:\/\/demostore.ai\/vi\/\"},{\"@type\":\"ListItem\",\"position\":2,\"name\":\"C\u1eeda h\u00e0ng\",\"item\":\"https:\/\/demostore.ai\/vi\/cua-hang\/\"},{\"@type\":\"ListItem\",\"position\":3,\"name\":\"Petrol \u00c1o Kho\u00e1c Denim\"}]},{\"@type\":\"WebSite\",\"@id\":\"https:\/\/demostore.ai\/vi\/#website\",\"url\":\"https:\/\/demostore.ai\/vi\/\",\"name\":\"Trendy Thread\",\"description\":\"C\u1eeda h\u00e0ng demo WriteText.ai\",\"publisher\":{\"@id\":\"https:\/\/demostore.ai\/vi\/#organization\"},\"potentialAction\":[{\"@type\":\"SearchAction\",\"target\":{\"@type\":\"EntryPoint\",\"urlTemplate\":\"https:\/\/demostore.ai\/vi\/?s={search_term_string}\"},\"query-input\":{\"@type\":\"PropertyValueSpecification\",\"valueRequired\":true,\"valueName\":\"search_term_string\"}}],\"inLanguage\":\"vi\"},{\"@type\":\"Organization\",\"@id\":\"https:\/\/demostore.ai\/vi\/#organization\",\"name\":\"WriteText.ai\",\"url\":\"https:\/\/demostore.ai\/vi\/\",\"logo\":{\"@type\":\"ImageObject\",\"inLanguage\":\"vi\",\"@id\":\"https:\/\/demostore.ai\/vi\/#\/schema\/logo\/image\/\",\"url\":\"https:\/\/demostore.ai\/wp-content\/uploads\/2025\/10\/writetext_logo.webp\",\"contentUrl\":\"https:\/\/demostore.ai\/wp-content\/uploads\/2025\/10\/writetext_logo.webp\",\"width\":200,\"height\":34,\"caption\":\"WriteText.ai\"},\"image\":{\"@id\":\"https:\/\/demostore.ai\/vi\/#\/schema\/logo\/image\/\"}}]}<\/script>\n<!-- \/ Yoast SEO plugin. -->","yoast_head_json":{"title":"Get Petrol \u00c1o Kho\u00e1c Denim \u0110\u1ec9nh Cao Phong C\u00e1ch","description":"Phong c\u00e1ch denim c\u1ed5 \u0111i\u1ec3n pha ch\u1ea5t hi\u1ec7n \u0111\u1ea1i v\u1edbi Petrol \u00c1o Kho\u00e1c Denim. Ch\u1ea5t li\u1ec7u b\u1ec1n b\u1ec9, nhi\u1ec1u t\u00fai ti\u1ec7n, d\u1ec5 ph\u1ed1i \u0111a d\u1ea1ng ki\u1ec3u. Ph\u00f9 h\u1ee3p m\u1ecdi d\u1ecbp.","robots":{"index":"index","follow":"follow","max-snippet":"max-snippet:-1","max-image-preview":"max-image-preview:large","max-video-preview":"max-video-preview:-1"},"canonical":"https:\/\/demostore.ai\/vi\/san-pham\/petrol-ao-khoac-denim\/","og_type":"article","og_title":"Get Petrol \u00c1o Kho\u00e1c Denim \u0110\u1ec9nh Cao Phong C\u00e1ch","og_description":"\u1ea4n t\u01b0\u1ee3ng ngay t\u1eeb c\u00e1i nh\u00ecn \u0111\u1ea7u ti\u00ean v\u1edbi Petrol \u00c1o Kho\u00e1c Denim! Ki\u1ec3u d\u00e1ng trucker kinh \u0111i\u1ec3n, ch\u1ea5t v\u1ea3i denim b\u1ec1n ch\u1eafc, thi\u1ebft k\u1ebf ti\u1ec7n \u0111a n\u0103ng cho m\u1ecdi \u0111\u1ed9 tu\u1ed5i, ph\u00e1i nam v\u00e0 n\u1eef \u0111\u1ec1u di\u1ec7n \u0111\u1eb9p \u0111i h\u1ecdc, \u0111i ch\u01a1i hay d\u1ea1o ph\u1ed1 c\u1ef1c ch\u1ea5t.","og_url":"https:\/\/demostore.ai\/vi\/san-pham\/petrol-ao-khoac-denim\/","og_site_name":"Trendy Thread","article_modified_time":"2026-02-17T14:51:29+00:00","og_image":[{"width":882,"height":1000,"url":"https:\/\/demostore.ai\/wp-content\/uploads\/2025\/06\/Denim-jacket-1-scaled-1.png","type":"image\/png"}],"twitter_card":"summary_large_image","twitter_title":"Get Petrol \u00c1o Kho\u00e1c Denim \u0110\u1ec9nh Cao Phong C\u00e1ch","twitter_description":"\u1ea4n t\u01b0\u1ee3ng ngay t\u1eeb c\u00e1i nh\u00ecn \u0111\u1ea7u ti\u00ean v\u1edbi Petrol \u00c1o Kho\u00e1c Denim! Ki\u1ec3u d\u00e1ng trucker kinh \u0111i\u1ec3n, ch\u1ea5t v\u1ea3i denim b\u1ec1n ch\u1eafc, thi\u1ebft k\u1ebf ti\u1ec7n \u0111a n\u0103ng cho m\u1ecdi \u0111\u1ed9 tu\u1ed5i, ph\u00e1i nam v\u00e0 n\u1eef \u0111\u1ec1u di\u1ec7n \u0111\u1eb9p \u0111i h\u1ecdc, \u0111i ch\u01a1i hay d\u1ea1o ph\u1ed1 c\u1ef1c ch\u1ea5t.","twitter_misc":{"\u01af\u1edbc t\u00ednh th\u1eddi gian \u0111\u1ecdc":"1 ph\u00fat"},"schema":{"@context":"https:\/\/schema.org","@graph":[{"@type":"WebPage","@id":"https:\/\/demostore.ai\/vi\/san-pham\/petrol-ao-khoac-denim\/","url":"https:\/\/demostore.ai\/vi\/san-pham\/petrol-ao-khoac-denim\/","name":"Get Petrol \u00c1o Kho\u00e1c Denim \u0110\u1ec9nh Cao Phong C\u00e1ch","isPartOf":{"@id":"https:\/\/demostore.ai\/vi\/#website"},"primaryImageOfPage":{"@id":"https:\/\/demostore.ai\/vi\/san-pham\/petrol-ao-khoac-denim\/#primaryimage"},"image":{"@id":"https:\/\/demostore.ai\/vi\/san-pham\/petrol-ao-khoac-denim\/#primaryimage"},"thumbnailUrl":"https:\/\/demostore.ai\/wp-content\/uploads\/2025\/06\/Denim-jacket-1-scaled-1.png","datePublished":"2025-06-15T23:11:33+00:00","dateModified":"2026-02-17T14:51:29+00:00","description":"Phong c\u00e1ch denim c\u1ed5 \u0111i\u1ec3n pha ch\u1ea5t hi\u1ec7n \u0111\u1ea1i v\u1edbi Petrol \u00c1o Kho\u00e1c Denim. Ch\u1ea5t li\u1ec7u b\u1ec1n b\u1ec9, nhi\u1ec1u t\u00fai ti\u1ec7n, d\u1ec5 ph\u1ed1i \u0111a d\u1ea1ng ki\u1ec3u. Ph\u00f9 h\u1ee3p m\u1ecdi d\u1ecbp.","breadcrumb":{"@id":"https:\/\/demostore.ai\/vi\/san-pham\/petrol-ao-khoac-denim\/#breadcrumb"},"inLanguage":"vi","potentialAction":[{"@type":"ReadAction","target":["https:\/\/demostore.ai\/vi\/san-pham\/petrol-ao-khoac-denim\/"]}]},{"@type":"ImageObject","inLanguage":"vi","@id":"https:\/\/demostore.ai\/vi\/san-pham\/petrol-ao-khoac-denim\/#primaryimage","url":"https:\/\/demostore.ai\/wp-content\/uploads\/2025\/06\/Denim-jacket-1-scaled-1.png","contentUrl":"https:\/\/demostore.ai\/wp-content\/uploads\/2025\/06\/Denim-jacket-1-scaled-1.png","width":882,"height":1000,"caption":"\u00c1o kho\u00e1c denim xanh nh\u1ea1t Petrol, thi\u1ebft k\u1ebf tr\u1ebb trung, t\u00fai ng\u1ef1c c\u00e0i n\u00fat, ph\u00f9 h\u1ee3p cho th\u1eddi trang n\u0103ng \u0111\u1ed9ng."},{"@type":"BreadcrumbList","@id":"https:\/\/demostore.ai\/vi\/san-pham\/petrol-ao-khoac-denim\/#breadcrumb","itemListElement":[{"@type":"ListItem","position":1,"name":"Trang ch\u1ee7","item":"https:\/\/demostore.ai\/vi\/"},{"@type":"ListItem","position":2,"name":"C\u1eeda h\u00e0ng","item":"https:\/\/demostore.ai\/vi\/cua-hang\/"},{"@type":"ListItem","position":3,"name":"Petrol \u00c1o Kho\u00e1c Denim"}]},{"@type":"WebSite","@id":"https:\/\/demostore.ai\/vi\/#website","url":"https:\/\/demostore.ai\/vi\/","name":"Trendy Thread","description":"C\u1eeda h\u00e0ng demo WriteText.ai","publisher":{"@id":"https:\/\/demostore.ai\/vi\/#organization"},"potentialAction":[{"@type":"SearchAction","target":{"@type":"EntryPoint","urlTemplate":"https:\/\/demostore.ai\/vi\/?s={search_term_string}"},"query-input":{"@type":"PropertyValueSpecification","valueRequired":true,"valueName":"search_term_string"}}],"inLanguage":"vi"},{"@type":"Organization","@id":"https:\/\/demostore.ai\/vi\/#organization","name":"WriteText.ai","url":"https:\/\/demostore.ai\/vi\/","logo":{"@type":"ImageObject","inLanguage":"vi","@id":"https:\/\/demostore.ai\/vi\/#\/schema\/logo\/image\/","url":"https:\/\/demostore.ai\/wp-content\/uploads\/2025\/10\/writetext_logo.webp","contentUrl":"https:\/\/demostore.ai\/wp-content\/uploads\/2025\/10\/writetext_logo.webp","width":200,"height":34,"caption":"WriteText.ai"},"image":{"@id":"https:\/\/demostore.ai\/vi\/#\/schema\/logo\/image\/"}}]}},"_links":{"self":[{"href":"https:\/\/demostore.ai\/vi\/wp-json\/wp\/v2\/product\/38984","targetHints":{"allow":["GET"]}}],"collection":[{"href":"https:\/\/demostore.ai\/vi\/wp-json\/wp\/v2\/product"}],"about":[{"href":"https:\/\/demostore.ai\/vi\/wp-json\/wp\/v2\/types\/product"}],"replies":[{"embeddable":true,"href":"https:\/\/demostore.ai\/vi\/wp-json\/wp\/v2\/comments?post=38984"}],"wp:featuredmedia":[{"embeddable":true,"href":"https:\/\/demostore.ai\/vi\/wp-json\/wp\/v2\/media\/21823"}],"wp:attachment":[{"href":"https:\/\/demostore.ai\/vi\/wp-json\/wp\/v2\/media?parent=38984"}],"wp:term":[{"taxonomy":"product_brand","embeddable":true,"href":"https:\/\/demostore.ai\/vi\/wp-json\/wp\/v2\/product_brand?post=38984"},{"taxonomy":"product_cat","embeddable":true,"href":"https:\/\/demostore.ai\/vi\/wp-json\/wp\/v2\/product_cat?post=38984"},{"taxonomy":"product_tag","embeddable":true,"href":"https:\/\/demostore.ai\/vi\/wp-json\/wp\/v2\/product_tag?post=38984"}],"curies":[{"name":"wp","href":"https:\/\/api.w.org\/{rel}","templated":true}]}}