{"id":38822,"date":"2025-06-13T08:49:49","date_gmt":"2025-06-13T00:49:49","guid":{"rendered":"https:\/\/demostore.ai\/?post_type=product&#038;p=38822"},"modified":"2026-02-17T17:58:26","modified_gmt":"2026-02-17T09:58:26","slug":"ponds-kem-duong-am-dua-hau-dang-gel","status":"publish","type":"product","link":"https:\/\/demostore.ai\/vi\/san-pham\/ponds-kem-duong-am-dua-hau-dang-gel\/","title":{"rendered":"Pond&#8217;s Kem D\u01b0\u1ee1ng \u1ea8m D\u01b0a H\u1ea5u D\u1ea1ng Gel"},"content":{"rendered":"<section data-wtai-block-id=\"wtai_product_description_features\" class=\"wtai-section wtai-features-section\">\n<h2>\u0110i\u1ec3m N\u1ed5i B\u1eadt S\u1ea3n Ph\u1ea9m<\/h2>\n<ul>\n<li><strong>C\u1ea5p \u1ea9m k\u00e9o d\u00e0i 24 gi\u1edd<\/strong> gi\u00fap da lu\u00f4n m\u1ec1m m\u1ea1i, kh\u00f4ng kh\u00f4 c\u0103ng trong su\u1ed1t ng\u00e0y d\u00e0i.<\/li>\n<li><strong>C\u1ea3m gi\u00e1c t\u01b0\u01a1i m\u00e1t t\u1ee9c th\u00ec<\/strong> nh\u1edd v\u00e0o k\u1ebft c\u1ea5u gel nh\u1eb9, m\u1ecfng v\u00e0 kh\u00f4ng nh\u1eddn r\u00edt.<\/li>\n<li><strong>L\u00e0m d\u1ecbu v\u00e0 ph\u1ee5c h\u1ed3i da<\/strong> nh\u1edd chi\u1ebft xu\u1ea5t d\u01b0a h\u1ea5u gi\u00e0u vitamin v\u00e0 d\u01b0\u1ee1ng ch\u1ea5t t\u1ef1 nhi\u00ean.<\/li>\n<li><strong>Gi\u00fap da s\u0103n ch\u1eafc v\u00e0 r\u1ea1ng r\u1ee1<\/strong> th\u00f4ng qua s\u1ef1 k\u1ebft h\u1ee3p c\u1ee7a niacinamide, gi\u00fap h\u1ed7 tr\u1ee3 \u0111\u1ec1u m\u00e0u da.<\/li>\n<li><strong>Ch\u1ee9a Vitamin E<\/strong> gi\u00fap b\u1ea3o v\u1ec7 da kh\u1ecfi t\u00e1c \u0111\u1ed9ng c\u1ee7a m\u00f4i tr\u01b0\u1eddng v\u00e0 duy tr\u00ec v\u1ebb ngo\u00e0i m\u1ecbn m\u00e0ng.<\/li>\n<li><strong>Kh\u00f4ng ch\u1ee9a d\u1ea7u \u2013 ph\u00f9 h\u1ee3p m\u1ecdi lo\u1ea1i da<\/strong>, h\u1ea1n ch\u1ebf t\u1eafc ngh\u1ebdn l\u1ed7 ch\u00e2n l\u00f4ng v\u00e0 ng\u1eeba m\u1ee5n.<\/li>\n<li><strong>D\u1ea1ng gel th\u1ea9m th\u1ea5u nhanh<\/strong> kh\u00f4ng \u0111\u1ec3 l\u1ea1i c\u1ea3m gi\u00e1c b\u00ed b\u00e1ch hay b\u1ebft d\u00ednh sau khi d\u00f9ng.<\/li>\n<li><strong>Bao b\u00ec thu\u1ef7 tinh sang tr\u1ecdng<\/strong>, thi\u1ebft k\u1ebf nh\u1ecf g\u1ecdn, d\u1ec5 d\u00e0ng mang theo khi di chuy\u1ec3n.<\/li>\n<\/ul>\n<\/section>\n<div data-wtai-block-id=\"wtai_product_description_image_1753694499291\" class=\"wtai-section wtai-image_1753694499291-section\">\n<figure class=\"wtai-image-p wtai-align-center\" style=\"text-align:center\"><img decoding=\"async\" src=\"https:\/\/demostore.ai\/wp-content\/uploads\/2025\/06\/Moisturizer-4-scaled-1-600x372.png\" alt=\"H\u0169 kem d\u01b0\u1ee1ng \u1ea9m Pond\u2019s d\u01b0a h\u1ea5u d\u1ea1ng gel, n\u1eafp m\u1edf, d\u00e0nh cho da m\u1eb7t.\" srcset=\"https:\/\/demostore.ai\/wp-content\/uploads\/2025\/06\/Moisturizer-4-scaled-1.png 1000w, https:\/\/demostore.ai\/wp-content\/uploads\/2025\/06\/Moisturizer-4-scaled-1-300x186.png 300w, https:\/\/demostore.ai\/wp-content\/uploads\/2025\/06\/Moisturizer-4-scaled-1-768x476.png 768w, https:\/\/demostore.ai\/wp-content\/uploads\/2025\/06\/Moisturizer-4-scaled-1-600x372.png 600w\"><figcaption>\n<p>H\u0169 th\u1ee7y tinh trong su\u1ed1t cho c\u1ea3m gi\u00e1c cao c\u1ea5p, d\u1ec5 d\u00e0ng nh\u00ecn th\u1ea5y gel d\u01b0\u1ee1ng m\u00e0u h\u1ed3ng nh\u1ea1t b\u00ean trong.<\/p>\n<\/figcaption><\/figure>\n<\/p><\/div>\n<section data-wtai-block-id=\"wtai_product_description_benefits\" class=\"wtai-section wtai-benefits-section\">\n<h2>L\u00fd Do B\u1ea1n S\u1ebd Y\u00eau Th\u00edch<\/h2>\n<ul>\n<li>Da c\u0103ng m\u1ecdng v\u00e0 t\u01b0\u01a1i s\u00e1ng r\u00f5 r\u1ec7t ch\u1ec9 sau m\u1ed9t th\u1eddi gian ng\u1eafn s\u1eed d\u1ee5ng.<\/li>\n<li>T\u1ef1 tin v\u1edbi l\u00e0n da kh\u00f4ng b\u00f3ng d\u1ea7u, tho\u00e1ng nh\u1eb9 su\u1ed1t c\u1ea3 ng\u00e0y.<\/li>\n<li>C\u1ea3m nh\u1eadn s\u1ef1 d\u1ec5 ch\u1ecbu, m\u00e1t l\u1ea1nh v\u00e0 t\u1ee9c th\u00ec ngay khi thoa l\u00ean.<\/li>\n<li>Gi\u1ea3m c\u1ea3m gi\u00e1c kh\u00f4 r\u00e1p, l\u00e0n da lu\u00f4n \u0111\u01b0\u1ee3c c\u1ea5p n\u01b0\u1edbc \u0111\u1ea7y \u0111\u1ee7.<\/li>\n<li>L\u00e0n da t\u01b0\u01a1i tr\u1ebb, r\u1ea1ng r\u1ee1 gi\u00fap b\u1ea1n lu\u00f4n n\u1ed5i b\u1eadt m\u1ecdi l\u00fac.<\/li>\n<\/ul>\n<\/section>\n<section data-wtai-block-id=\"wtai_product_description_use_cases\" class=\"wtai-section wtai-use_cases-section\">\n<h3>C\u00e1ch K\u1ebft H\u1ee3p Trong Chu Tr\u00ecnh L\u00e0m \u0110\u1eb9p<\/h3>\n<ol>\n<li>L\u00e0m s\u1ea1ch da m\u1eb7t k\u1ef9 v\u00e0o bu\u1ed5i s\u00e1ng tr\u01b0\u1edbc khi thoa gel d\u01b0\u1ee1ng \u1ea9m.<\/li>\n<li>L\u1ea5y m\u1ed9t l\u01b0\u1ee3ng gel v\u1eeba \u0111\u1ee7, ch\u1ea5m \u0111\u1ec1u l\u00ean tr\u00e1n, m\u00e1, c\u1eb1m v\u00e0 m\u0169i.<\/li>\n<li>Nh\u1eb9 nh\u00e0ng massage s\u1ea3n ph\u1ea9m l\u00ean to\u00e0n b\u1ed9 khu\u00f4n m\u1eb7t v\u00e0 c\u1ed5 \u0111\u1ebfn khi th\u1ea5m h\u1ebft.<\/li>\n<li>S\u1eed d\u1ee5ng tr\u01b0\u1edbc l\u1edbp kem ch\u1ed1ng n\u1eafng \u0111\u1ec3 b\u1ea3o v\u1ec7 da tr\u1ecdn v\u1eb9n v\u00e0o ban ng\u00e0y.<\/li>\n<li>K\u1ebft h\u1ee3p v\u00e0o bu\u1ed5i t\u1ed1i, sau b\u01b0\u1edbc serum, gi\u00fap ph\u1ee5c h\u1ed3i da qua \u0111\u00eam.<\/li>\n<li>C\u00f3 th\u1ec3 d\u00f9ng nh\u01b0 l\u1edbp n\u1ec1n tr\u01b0\u1edbc trang \u0111i\u1ec3m cho l\u1edbp n\u1ec1n m\u1ecbn m\u01b0\u1edbt.<\/li>\n<li>Mang theo l\u1ecd nh\u1ecf \u0111\u1ec3 d\u01b0\u1ee1ng l\u1ea1i da khi l\u00e0m vi\u1ec7c \u0111i\u1ec1u h\u00f2a ho\u1eb7c di chuy\u1ec3n ngo\u00e0i tr\u1eddi.<\/li>\n<li>Duy tr\u00ec s\u1eed d\u1ee5ng m\u1ed7i ng\u00e0y \u0111\u1ec3 c\u1ea3m nh\u1eadn hi\u1ec7u qu\u1ea3 d\u01b0\u1ee1ng \u1ea9m v\u00e0 r\u1ea1ng r\u1ee1 l\u00e2u d\u00e0i.<\/li>\n<\/ol>\n<\/section>\n<section data-wtai-block-id=\"wtai_product_description_technical_specifications\" class=\"wtai-section wtai-technical_specifications-section\">\n<h3>Chi Ti\u1ebft S\u1ea3n Ph\u1ea9m<\/h3>\n<ul>\n<li><strong>K\u1ebft c\u1ea5u<\/strong>: Gel trong, m\u00e0u h\u1ed3ng nh\u1ea1t, kh\u00f4ng nh\u1eddn d\u00ednh<\/li>\n<li><strong>Dung t\u00edch<\/strong>: 50 ml<\/li>\n<li><strong>Th\u00e0nh ph\u1ea7n n\u1ed5i b\u1eadt<\/strong>: D\u01b0a h\u1ea5u, Niacinamide, Vitamin E<\/li>\n<li><strong>Bao b\u00ec<\/strong>: L\u1ecd th\u1ee7y tinh sang tr\u1ecdng, n\u1eafp nh\u1ef1a tr\u1eafng ti\u1ec7n l\u1ee3i<\/li>\n<\/ul>\n<\/section>\n<section data-wtai-block-id=\"wtai_product_description_custom_1753167803027\" class=\"wtai-section wtai-custom_1753167803027-section\">\n<h2>C\u00e1c v\u1ea5n \u0111\u1ec1 da v\u00e0 lo\u1ea1i da ph\u00f9 h\u1ee3p v\u1edbi Pond\u2019s Kem D\u01b0\u1ee1ng \u1ea8m D\u01b0a H\u1ea5u D\u1ea1ng Gel<\/h2>\n<ul>\n<li><strong>Da thi\u1ebfu n\u01b0\u1edbc<\/strong>: D\u01b0\u1ee1ng \u1ea9m nhanh, gi\u00fap da c\u0103ng m\u1ecdng su\u1ed1t ng\u00e0y d\u00e0i.<\/li>\n<li><strong>Da x\u1ec9n m\u00e0u<\/strong>: Cho l\u00e0n da v\u1ebb ngo\u00e0i t\u01b0\u01a1i s\u00e1ng, r\u1ea1ng r\u1ee1 h\u01a1n.<\/li>\n<li><strong>Da kh\u00f4ng \u0111\u1ec1u m\u00e0u<\/strong>: H\u1ed7 tr\u1ee3 c\u1ea3i thi\u1ec7n \u0111\u1ed9 \u0111\u1ec1u m\u00e0u tr\u00ean khu\u00f4n m\u1eb7t.<\/li>\n<li><strong>Da d\u1ea7u, d\u1ec5 n\u1ed5i m\u1ee5n<\/strong>: Ch\u1ea5t gel nh\u1eb9 th\u1ea5m nhanh, kh\u00f4ng g\u00e2y nh\u1eddn r\u00edt.<\/li>\n<li><strong>Da kh\u00f4 v\u00e0 r\u1ea5t kh\u00f4<\/strong>: Nu\u00f4i d\u01b0\u1ee1ng s\u00e2u, gi\u00fap da m\u1ec1m m\u1ea1i t\u1ee9c th\u00ec.<\/li>\n<li><strong>M\u1ecdi lo\u1ea1i da<\/strong>: Ph\u00f9 h\u1ee3p v\u1edbi c\u1ea3 da nh\u1ea1y c\u1ea3m, khuy\u00ean th\u1eed tr\u00ean v\u00f9ng nh\u1ecf tr\u01b0\u1edbc.<\/li>\n<\/ul>\n<\/section>\n<section data-wtai-block-id=\"wtai_product_description_custom_1754200971412\" class=\"wtai-section wtai-custom_1754200971412-section\">\n<h2>Th\u00e0nh ph\u1ea7n c\u1ee7a Pond\u2019s Kem D\u01b0\u1ee1ng \u1ea8m D\u01b0a H\u1ea5u D\u1ea1ng Gel<\/h2>\n<p>Water (Aqua), Dimethicone, Glycerin, Butylene Glycol, Ammonium Acryloyldimethyltaurate\/VP Copolymer, Isohexadecane, Dimethicone\/Vinyl Dimethicone Crosspolymer, Caprylic\/Capric Triglyceride, Phenoxyethanol, Ammonium Acryloyldimethyltaurate\/Beheneth-25 Methacrylate Crosspolymer, Cetearyl Alcohol, Allantoin, Benzophenone-4, Linoleamidopropyl PG-Dimonium Chloride Phosphate, Propylene Glycol, Tocopheryl Acetate, Stearic Acid, Niacinamide, Fragrance (Parfum), Dimethiconol, Sodium PCA, BHT, Disodium EDTA, Cetearyl Glucoside, PEG-4 Laurate, Propanediol, Sodium Hydroxide, T-Butyl Alcohol, C12-14 Pareth-12, Iodopropynyl Butylcarbamate, Hydroxystearic Acid, Citrullus Lanatus (Watermelon) Fruit Extract, Arachidic Acid, Palmitic Acid, Sodium Ascorbyl Phosphate, Glucose, Chlorphenesin, Benzyl Alcohol, Benzyl Salicylate, Citronellol, Hexyl Cinnamal, Limonene, Linalool, Red 4 (CI 14700).<\/p>\n<\/section>\n<section data-wtai-block-id=\"wtai_product_description_faqs\" class=\"wtai-section wtai-faqs-section\">\n<h2>C\u00e2u H\u1ecfi Th\u01b0\u1eddng G\u1eb7p<\/h2>\n<p><strong>S\u1ea3n ph\u1ea9m c\u00f3 ph\u00f9 h\u1ee3p v\u1edbi da d\u1ea7u ho\u1eb7c da nh\u1ea1y c\u1ea3m kh\u00f4ng?<\/strong> <br \/> K\u1ebft c\u1ea5u gel kh\u00f4ng d\u1ea7u ph\u00f9 h\u1ee3p nhi\u1ec1u lo\u1ea1i da, k\u1ec3 c\u1ea3 da d\u1ea7u ho\u1eb7c nh\u1ea1y c\u1ea3m.<\/p>\n<p><strong>C\u00f3 d\u00f9ng k\u1ebft h\u1ee3p v\u1edbi serum ho\u1eb7c c\u00e1c ho\u1ea1t ch\u1ea5t kh\u00e1c \u0111\u01b0\u1ee3c kh\u00f4ng?<\/strong> <br \/> Gel n\u00e0y c\u00f3 th\u1ec3 d\u00f9ng sau b\u01b0\u1edbc serum, ph\u00f9 h\u1ee3p v\u1edbi c\u00e1c quy tr\u00ecnh d\u01b0\u1ee1ng da \u0111a t\u1ea7ng.<\/p>\n<p><strong>Sau bao l\u00e2u s\u1ebd th\u1ea5y da c\u1ea3i thi\u1ec7n r\u00f5 r\u1ec7t?<\/strong> <br \/> Th\u00f4ng th\u01b0\u1eddng b\u1ea1n s\u1ebd c\u1ea3m nh\u1eadn da m\u1ec1m, \u1ea9m v\u00e0 m\u1ecbn ngay sau v\u00e0i l\u1ea7n s\u1eed d\u1ee5ng \u0111\u1ec1u \u0111\u1eb7n.<\/p>\n<p><strong>B\u1ea3o qu\u1ea3n s\u1ea3n ph\u1ea9m nh\u01b0 th\u1ebf n\u00e0o \u0111\u1ec3 gi\u1eef hi\u1ec7u qu\u1ea3 t\u1ed1t nh\u1ea5t?<\/strong> <br \/> \u0110\u1eb7t n\u01a1i tho\u00e1ng m\u00e1t, tr\u00e1nh \u00e1nh n\u1eafng tr\u1ef1c ti\u1ebfp v\u00e0 lu\u00f4n \u0111\u1eady k\u00edn n\u1eafp sau khi d\u00f9ng.<\/p>\n<p><strong>D\u00f9ng ng\u00e0y m\u1ea5y l\u1ea7n l\u00e0 h\u1ee3p l\u00fd?<\/strong> <br \/> B\u1ea1n c\u00f3 th\u1ec3 d\u00f9ng s\u00e1ng v\u00e0 t\u1ed1i m\u1ed7i ng\u00e0y \u0111\u1ec3 t\u1ed1i \u01b0u hi\u1ec7u qu\u1ea3 d\u01b0\u1ee1ng \u1ea9m.<\/p>\n<\/section>\n<section data-wtai-block-id=\"wtai_product_description_conclusion\" class=\"wtai-section wtai-conclusion-section\">\n<h2>Ch\u1ea1m \u0110\u1ebfn N\u00e9t R\u1ea1ng R\u1ee1 C\u1ee7a B\u1ea1n<\/h2>\n<p><em><strong>\u0110\u1ec3 l\u00e0n da lu\u00f4n c\u0103ng m\u1ecdng, kh\u1ecfe kho\u1eafn v\u00e0 r\u1ea1ng r\u1ee1, d\u01b0\u1ee1ng \u1ea9m \u0111\u00fang c\u00e1ch l\u00e0 \u0111i\u1ec1u kh\u00f4ng th\u1ec3 b\u1ecf qua.<\/strong><\/em> <em><strong>Pond&#8217;s Kem D\u01b0\u1ee1ng \u1ea8m D\u01b0a H\u1ea5u D\u1ea1ng Gel ch\u00ednh l\u00e0 l\u1ef1a ch\u1ecdn l\u00fd t\u01b0\u1edfng gi\u00fap b\u1ea1n ho\u00e0n thi\u1ec7n chu tr\u00ecnh ch\u0103m s\u00f3c da m\u1ed7i ng\u00e0y.<\/strong><\/em> <em><strong>\u0110\u1eebng ch\u1edd \u0111\u1ee3i \u0111\u1ec3 c\u1ea3m nh\u1eadn s\u1ef1 thay \u0111\u1ed5i t\u01b0\u01a1i m\u1edbi, t\u1ef1 tin to\u1ea3 s\u00e1ng t\u1eeb h\u00f4m nay.<\/strong><\/em><\/p>\n<\/section>\n","protected":false},"excerpt":{"rendered":"<div data-wtai-block-id=\"wtai_excerpt_subtitle\" class=\"wtai-section wtai-subtitle-section\">\n<p><em><strong>C\u1ea5p \u1ea9m m\u00e1t l\u1ea1nh, l\u00e0n da c\u0103ng m\u1ecdng su\u1ed1t ng\u00e0y d\u00e0i<\/strong><\/em><\/p>\n<\/p><\/div>\n<div data-wtai-block-id=\"wtai_excerpt_introduction\" class=\"wtai-section wtai-introduction-section\">\n<p>S\u1ebd th\u1eadt tuy\u1ec7t khi m\u1ed7i ng\u00e0y b\u1ea1n \u0111\u1ec1u c\u1ea3m nh\u1eadn l\u00e0n da t\u01b0\u01a1i m\u1edbi v\u00e0 c\u0103ng tr\u00e0n s\u1ee9c s\u1ed1ng. Pond\u2019s Kem D\u01b0\u1ee1ng \u1ea8m D\u01b0a H\u1ea5u D\u1ea1ng Gel mang \u0111\u1ebfn tr\u1ea3i nghi\u1ec7m c\u1ea5p \u1ea9m d\u1ecbu nh\u1eb9 t\u1eeb thi\u00ean nhi\u00ean, th\u1ea9m th\u1ea5u t\u1ee9c th\u00ec v\u00e0 kh\u00f4ng h\u1ec1 g\u00e2y n\u1eb7ng m\u1eb7t. Ch\u1ea5t gel m\u00e1t l\u1ea1nh h\u00f2a quy\u1ec7n tinh ch\u1ea5t d\u01b0a h\u1ea5u gi\u00fap l\u00e0m d\u1ecbu v\u00e0 l\u00e0m \u0111\u1ea7y s\u1ee9c s\u1ed1ng cho da, cho b\u1ea1n t\u1ef1 tin khoe l\u00e0n da r\u1ea1ng r\u1ee1 d\u00f9 ng\u00e0y n\u1eafng hanh hay \u0111\u00eam d\u00e0i. S\u1ef1 k\u1ebft h\u1ee3p gi\u1eefa c\u1ea3m gi\u00e1c d\u1ec5 ch\u1ecbu v\u00e0 hi\u1ec7u qu\u1ea3 nhanh ch\u00f3ng bi\u1ebfn m\u1ed7i l\u1ea7n d\u01b0\u1ee1ng da th\u00e0nh kho\u1ea3nh kh\u1eafc th\u01b0 gi\u00e3n, n\u1ea1p n\u0103ng l\u01b0\u1ee3ng \u0111\u00fang ch\u1ea5t tr\u1ebb trung, hi\u1ec7n \u0111\u1ea1i.<\/p>\n<\/p><\/div>\n","protected":false},"featured_media":16868,"comment_status":"open","ping_status":"closed","template":"","meta":[],"product_brand":[],"product_cat":[252],"product_tag":[],"class_list":{"0":"post-38822","1":"product","2":"type-product","3":"status-publish","4":"has-post-thumbnail","6":"product_cat-lam-dep-suc-khoe","8":"first","9":"instock","10":"shipping-taxable","11":"purchasable","12":"product-type-simple"},"bundled_by":[],"bundle_stock_status":"instock","bundle_stock_quantity":null,"bundle_virtual":false,"bundle_layout":"","bundle_add_to_cart_form_location":"","bundle_editable_in_cart":false,"bundle_sold_individually_context":"","bundle_item_grouping":"","bundle_min_size":"","bundle_max_size":"","bundle_price":[],"bundled_items":[],"bundle_sell_ids":[],"yoast_head":"<!-- This site is optimized with the Yoast SEO plugin v25.2 - https:\/\/yoast.com\/wordpress\/plugins\/seo\/ -->\n<title>Best Pond&#039;s Kem D\u01b0\u1ee1ng \u1ea8m D\u01b0a H\u1ea5u D\u1ea1ng Gel Cho L\u00e0n Da \u1ea8m M\u1ecbn<\/title>\n<meta name=\"description\" content=\"C\u1ea3m gi\u00e1c t\u01b0\u01a1i m\u00e1t t\u1eeb chi\u1ebft xu\u1ea5t d\u01b0a h\u1ea5u k\u1ebft h\u1ee3p c\u00f9ng vitamin E gi\u00fap d\u01b0\u1ee1ng \u1ea9m t\u1ed1i \u01b0u, c\u1ea5p n\u01b0\u1edbc, nu\u00f4i d\u01b0\u1ee1ng l\u00e0n da m\u1ec1m m\u1ecbn r\u1ea1ng r\u1ee1 su\u1ed1t ng\u00e0y d\u00e0i.\" \/>\n<meta name=\"robots\" content=\"index, follow, max-snippet:-1, max-image-preview:large, max-video-preview:-1\" \/>\n<link rel=\"canonical\" href=\"https:\/\/demostore.ai\/vi\/san-pham\/ponds-kem-duong-am-dua-hau-dang-gel\/\" \/>\n<meta property=\"og:type\" content=\"article\" \/>\n<meta property=\"og:title\" content=\"Best Pond&#039;s Kem D\u01b0\u1ee1ng \u1ea8m D\u01b0a H\u1ea5u D\u1ea1ng Gel Cho L\u00e0n Da \u1ea8m M\u1ecbn\" \/>\n<meta property=\"og:description\" content=\"H\u01a1i th\u1edf t\u01b0\u01a1i m\u00e1t v\u1edbi Pond&#039;s Kem D\u01b0\u1ee1ng \u1ea8m D\u01b0a H\u1ea5u D\u1ea1ng Gel gi\u00fap da \u1ea9m m\u1ecbn, m\u00e1t l\u1ea1nh v\u00e0 lu\u00f4n r\u1ea1ng r\u1ee1 nh\u1edd k\u1ebft c\u1ea5u gel nh\u1eb9, vitamin E v\u00e0 d\u01b0a h\u1ea5u t\u1ef1 nhi\u00ean.\" \/>\n<meta property=\"og:url\" content=\"https:\/\/demostore.ai\/vi\/san-pham\/ponds-kem-duong-am-dua-hau-dang-gel\/\" \/>\n<meta property=\"og:site_name\" content=\"Trendy Thread\" \/>\n<meta property=\"article:modified_time\" content=\"2026-02-17T09:58:26+00:00\" \/>\n<meta property=\"og:image\" content=\"https:\/\/demostore.ai\/wp-content\/uploads\/2025\/06\/Moisturizer-1-scaled-1.png\" \/>\n\t<meta property=\"og:image:width\" content=\"1000\" \/>\n\t<meta property=\"og:image:height\" content=\"1000\" \/>\n\t<meta property=\"og:image:type\" content=\"image\/png\" \/>\n<meta name=\"twitter:card\" content=\"summary_large_image\" \/>\n<meta name=\"twitter:title\" content=\"Best Pond&#039;s Kem D\u01b0\u1ee1ng \u1ea8m D\u01b0a H\u1ea5u D\u1ea1ng Gel Cho L\u00e0n Da \u1ea8m M\u1ecbn\" \/>\n<meta name=\"twitter:description\" content=\"H\u01a1i th\u1edf t\u01b0\u01a1i m\u00e1t v\u1edbi Pond&#039;s Kem D\u01b0\u1ee1ng \u1ea8m D\u01b0a H\u1ea5u D\u1ea1ng Gel gi\u00fap da \u1ea9m m\u1ecbn, m\u00e1t l\u1ea1nh v\u00e0 lu\u00f4n r\u1ea1ng r\u1ee1 nh\u1edd k\u1ebft c\u1ea5u gel nh\u1eb9, vitamin E v\u00e0 d\u01b0a h\u1ea5u t\u1ef1 nhi\u00ean.\" \/>\n<meta name=\"twitter:label1\" content=\"\u01af\u1edbc t\u00ednh th\u1eddi gian \u0111\u1ecdc\" \/>\n\t<meta name=\"twitter:data1\" content=\"1 ph\u00fat\" \/>\n<script type=\"application\/ld+json\" class=\"yoast-schema-graph\">{\"@context\":\"https:\/\/schema.org\",\"@graph\":[{\"@type\":\"WebPage\",\"@id\":\"https:\/\/demostore.ai\/vi\/san-pham\/ponds-kem-duong-am-dua-hau-dang-gel\/\",\"url\":\"https:\/\/demostore.ai\/vi\/san-pham\/ponds-kem-duong-am-dua-hau-dang-gel\/\",\"name\":\"Best Pond's Kem D\u01b0\u1ee1ng \u1ea8m D\u01b0a H\u1ea5u D\u1ea1ng Gel Cho L\u00e0n Da \u1ea8m M\u1ecbn\",\"isPartOf\":{\"@id\":\"https:\/\/demostore.ai\/vi\/#website\"},\"primaryImageOfPage\":{\"@id\":\"https:\/\/demostore.ai\/vi\/san-pham\/ponds-kem-duong-am-dua-hau-dang-gel\/#primaryimage\"},\"image\":{\"@id\":\"https:\/\/demostore.ai\/vi\/san-pham\/ponds-kem-duong-am-dua-hau-dang-gel\/#primaryimage\"},\"thumbnailUrl\":\"https:\/\/demostore.ai\/wp-content\/uploads\/2025\/06\/Moisturizer-1-scaled-1.png\",\"datePublished\":\"2025-06-13T00:49:49+00:00\",\"dateModified\":\"2026-02-17T09:58:26+00:00\",\"description\":\"C\u1ea3m gi\u00e1c t\u01b0\u01a1i m\u00e1t t\u1eeb chi\u1ebft xu\u1ea5t d\u01b0a h\u1ea5u k\u1ebft h\u1ee3p c\u00f9ng vitamin E gi\u00fap d\u01b0\u1ee1ng \u1ea9m t\u1ed1i \u01b0u, c\u1ea5p n\u01b0\u1edbc, nu\u00f4i d\u01b0\u1ee1ng l\u00e0n da m\u1ec1m m\u1ecbn r\u1ea1ng r\u1ee1 su\u1ed1t ng\u00e0y d\u00e0i.\",\"breadcrumb\":{\"@id\":\"https:\/\/demostore.ai\/vi\/san-pham\/ponds-kem-duong-am-dua-hau-dang-gel\/#breadcrumb\"},\"inLanguage\":\"vi\",\"potentialAction\":[{\"@type\":\"ReadAction\",\"target\":[\"https:\/\/demostore.ai\/vi\/san-pham\/ponds-kem-duong-am-dua-hau-dang-gel\/\"]}]},{\"@type\":\"ImageObject\",\"inLanguage\":\"vi\",\"@id\":\"https:\/\/demostore.ai\/vi\/san-pham\/ponds-kem-duong-am-dua-hau-dang-gel\/#primaryimage\",\"url\":\"https:\/\/demostore.ai\/wp-content\/uploads\/2025\/06\/Moisturizer-1-scaled-1.png\",\"contentUrl\":\"https:\/\/demostore.ai\/wp-content\/uploads\/2025\/06\/Moisturizer-1-scaled-1.png\",\"width\":1000,\"height\":1000,\"caption\":\"H\u0169 Pond\u2019s Kem D\u01b0\u1ee1ng \u1ea8m D\u01b0a H\u1ea5u d\u1ea1ng gel v\u1edbi n\u1eafp tr\u1eafng, nh\u00e3n ghi r\u00f5 th\u00e0nh ph\u1ea7n v\u00e0 c\u00f4ng d\u1ee5ng.\"},{\"@type\":\"BreadcrumbList\",\"@id\":\"https:\/\/demostore.ai\/vi\/san-pham\/ponds-kem-duong-am-dua-hau-dang-gel\/#breadcrumb\",\"itemListElement\":[{\"@type\":\"ListItem\",\"position\":1,\"name\":\"Trang ch\u1ee7\",\"item\":\"https:\/\/demostore.ai\/vi\/\"},{\"@type\":\"ListItem\",\"position\":2,\"name\":\"C\u1eeda h\u00e0ng\",\"item\":\"https:\/\/demostore.ai\/vi\/cua-hang\/\"},{\"@type\":\"ListItem\",\"position\":3,\"name\":\"Pond&#8217;s Kem D\u01b0\u1ee1ng \u1ea8m D\u01b0a H\u1ea5u D\u1ea1ng Gel\"}]},{\"@type\":\"WebSite\",\"@id\":\"https:\/\/demostore.ai\/vi\/#website\",\"url\":\"https:\/\/demostore.ai\/vi\/\",\"name\":\"Trendy Thread\",\"description\":\"C\u1eeda h\u00e0ng demo WriteText.ai\",\"publisher\":{\"@id\":\"https:\/\/demostore.ai\/vi\/#organization\"},\"potentialAction\":[{\"@type\":\"SearchAction\",\"target\":{\"@type\":\"EntryPoint\",\"urlTemplate\":\"https:\/\/demostore.ai\/vi\/?s={search_term_string}\"},\"query-input\":{\"@type\":\"PropertyValueSpecification\",\"valueRequired\":true,\"valueName\":\"search_term_string\"}}],\"inLanguage\":\"vi\"},{\"@type\":\"Organization\",\"@id\":\"https:\/\/demostore.ai\/vi\/#organization\",\"name\":\"WriteText.ai\",\"url\":\"https:\/\/demostore.ai\/vi\/\",\"logo\":{\"@type\":\"ImageObject\",\"inLanguage\":\"vi\",\"@id\":\"https:\/\/demostore.ai\/vi\/#\/schema\/logo\/image\/\",\"url\":\"https:\/\/demostore.ai\/wp-content\/uploads\/2025\/10\/writetext_logo.webp\",\"contentUrl\":\"https:\/\/demostore.ai\/wp-content\/uploads\/2025\/10\/writetext_logo.webp\",\"width\":200,\"height\":34,\"caption\":\"WriteText.ai\"},\"image\":{\"@id\":\"https:\/\/demostore.ai\/vi\/#\/schema\/logo\/image\/\"}}]}<\/script>\n<!-- \/ Yoast SEO plugin. -->","yoast_head_json":{"title":"Best Pond's Kem D\u01b0\u1ee1ng \u1ea8m D\u01b0a H\u1ea5u D\u1ea1ng Gel Cho L\u00e0n Da \u1ea8m M\u1ecbn","description":"C\u1ea3m gi\u00e1c t\u01b0\u01a1i m\u00e1t t\u1eeb chi\u1ebft xu\u1ea5t d\u01b0a h\u1ea5u k\u1ebft h\u1ee3p c\u00f9ng vitamin E gi\u00fap d\u01b0\u1ee1ng \u1ea9m t\u1ed1i \u01b0u, c\u1ea5p n\u01b0\u1edbc, nu\u00f4i d\u01b0\u1ee1ng l\u00e0n da m\u1ec1m m\u1ecbn r\u1ea1ng r\u1ee1 su\u1ed1t ng\u00e0y d\u00e0i.","robots":{"index":"index","follow":"follow","max-snippet":"max-snippet:-1","max-image-preview":"max-image-preview:large","max-video-preview":"max-video-preview:-1"},"canonical":"https:\/\/demostore.ai\/vi\/san-pham\/ponds-kem-duong-am-dua-hau-dang-gel\/","og_type":"article","og_title":"Best Pond's Kem D\u01b0\u1ee1ng \u1ea8m D\u01b0a H\u1ea5u D\u1ea1ng Gel Cho L\u00e0n Da \u1ea8m M\u1ecbn","og_description":"H\u01a1i th\u1edf t\u01b0\u01a1i m\u00e1t v\u1edbi Pond's Kem D\u01b0\u1ee1ng \u1ea8m D\u01b0a H\u1ea5u D\u1ea1ng Gel gi\u00fap da \u1ea9m m\u1ecbn, m\u00e1t l\u1ea1nh v\u00e0 lu\u00f4n r\u1ea1ng r\u1ee1 nh\u1edd k\u1ebft c\u1ea5u gel nh\u1eb9, vitamin E v\u00e0 d\u01b0a h\u1ea5u t\u1ef1 nhi\u00ean.","og_url":"https:\/\/demostore.ai\/vi\/san-pham\/ponds-kem-duong-am-dua-hau-dang-gel\/","og_site_name":"Trendy Thread","article_modified_time":"2026-02-17T09:58:26+00:00","og_image":[{"width":1000,"height":1000,"url":"https:\/\/demostore.ai\/wp-content\/uploads\/2025\/06\/Moisturizer-1-scaled-1.png","type":"image\/png"}],"twitter_card":"summary_large_image","twitter_title":"Best Pond's Kem D\u01b0\u1ee1ng \u1ea8m D\u01b0a H\u1ea5u D\u1ea1ng Gel Cho L\u00e0n Da \u1ea8m M\u1ecbn","twitter_description":"H\u01a1i th\u1edf t\u01b0\u01a1i m\u00e1t v\u1edbi Pond's Kem D\u01b0\u1ee1ng \u1ea8m D\u01b0a H\u1ea5u D\u1ea1ng Gel gi\u00fap da \u1ea9m m\u1ecbn, m\u00e1t l\u1ea1nh v\u00e0 lu\u00f4n r\u1ea1ng r\u1ee1 nh\u1edd k\u1ebft c\u1ea5u gel nh\u1eb9, vitamin E v\u00e0 d\u01b0a h\u1ea5u t\u1ef1 nhi\u00ean.","twitter_misc":{"\u01af\u1edbc t\u00ednh th\u1eddi gian \u0111\u1ecdc":"1 ph\u00fat"},"schema":{"@context":"https:\/\/schema.org","@graph":[{"@type":"WebPage","@id":"https:\/\/demostore.ai\/vi\/san-pham\/ponds-kem-duong-am-dua-hau-dang-gel\/","url":"https:\/\/demostore.ai\/vi\/san-pham\/ponds-kem-duong-am-dua-hau-dang-gel\/","name":"Best Pond's Kem D\u01b0\u1ee1ng \u1ea8m D\u01b0a H\u1ea5u D\u1ea1ng Gel Cho L\u00e0n Da \u1ea8m M\u1ecbn","isPartOf":{"@id":"https:\/\/demostore.ai\/vi\/#website"},"primaryImageOfPage":{"@id":"https:\/\/demostore.ai\/vi\/san-pham\/ponds-kem-duong-am-dua-hau-dang-gel\/#primaryimage"},"image":{"@id":"https:\/\/demostore.ai\/vi\/san-pham\/ponds-kem-duong-am-dua-hau-dang-gel\/#primaryimage"},"thumbnailUrl":"https:\/\/demostore.ai\/wp-content\/uploads\/2025\/06\/Moisturizer-1-scaled-1.png","datePublished":"2025-06-13T00:49:49+00:00","dateModified":"2026-02-17T09:58:26+00:00","description":"C\u1ea3m gi\u00e1c t\u01b0\u01a1i m\u00e1t t\u1eeb chi\u1ebft xu\u1ea5t d\u01b0a h\u1ea5u k\u1ebft h\u1ee3p c\u00f9ng vitamin E gi\u00fap d\u01b0\u1ee1ng \u1ea9m t\u1ed1i \u01b0u, c\u1ea5p n\u01b0\u1edbc, nu\u00f4i d\u01b0\u1ee1ng l\u00e0n da m\u1ec1m m\u1ecbn r\u1ea1ng r\u1ee1 su\u1ed1t ng\u00e0y d\u00e0i.","breadcrumb":{"@id":"https:\/\/demostore.ai\/vi\/san-pham\/ponds-kem-duong-am-dua-hau-dang-gel\/#breadcrumb"},"inLanguage":"vi","potentialAction":[{"@type":"ReadAction","target":["https:\/\/demostore.ai\/vi\/san-pham\/ponds-kem-duong-am-dua-hau-dang-gel\/"]}]},{"@type":"ImageObject","inLanguage":"vi","@id":"https:\/\/demostore.ai\/vi\/san-pham\/ponds-kem-duong-am-dua-hau-dang-gel\/#primaryimage","url":"https:\/\/demostore.ai\/wp-content\/uploads\/2025\/06\/Moisturizer-1-scaled-1.png","contentUrl":"https:\/\/demostore.ai\/wp-content\/uploads\/2025\/06\/Moisturizer-1-scaled-1.png","width":1000,"height":1000,"caption":"H\u0169 Pond\u2019s Kem D\u01b0\u1ee1ng \u1ea8m D\u01b0a H\u1ea5u d\u1ea1ng gel v\u1edbi n\u1eafp tr\u1eafng, nh\u00e3n ghi r\u00f5 th\u00e0nh ph\u1ea7n v\u00e0 c\u00f4ng d\u1ee5ng."},{"@type":"BreadcrumbList","@id":"https:\/\/demostore.ai\/vi\/san-pham\/ponds-kem-duong-am-dua-hau-dang-gel\/#breadcrumb","itemListElement":[{"@type":"ListItem","position":1,"name":"Trang ch\u1ee7","item":"https:\/\/demostore.ai\/vi\/"},{"@type":"ListItem","position":2,"name":"C\u1eeda h\u00e0ng","item":"https:\/\/demostore.ai\/vi\/cua-hang\/"},{"@type":"ListItem","position":3,"name":"Pond&#8217;s Kem D\u01b0\u1ee1ng \u1ea8m D\u01b0a H\u1ea5u D\u1ea1ng Gel"}]},{"@type":"WebSite","@id":"https:\/\/demostore.ai\/vi\/#website","url":"https:\/\/demostore.ai\/vi\/","name":"Trendy Thread","description":"C\u1eeda h\u00e0ng demo WriteText.ai","publisher":{"@id":"https:\/\/demostore.ai\/vi\/#organization"},"potentialAction":[{"@type":"SearchAction","target":{"@type":"EntryPoint","urlTemplate":"https:\/\/demostore.ai\/vi\/?s={search_term_string}"},"query-input":{"@type":"PropertyValueSpecification","valueRequired":true,"valueName":"search_term_string"}}],"inLanguage":"vi"},{"@type":"Organization","@id":"https:\/\/demostore.ai\/vi\/#organization","name":"WriteText.ai","url":"https:\/\/demostore.ai\/vi\/","logo":{"@type":"ImageObject","inLanguage":"vi","@id":"https:\/\/demostore.ai\/vi\/#\/schema\/logo\/image\/","url":"https:\/\/demostore.ai\/wp-content\/uploads\/2025\/10\/writetext_logo.webp","contentUrl":"https:\/\/demostore.ai\/wp-content\/uploads\/2025\/10\/writetext_logo.webp","width":200,"height":34,"caption":"WriteText.ai"},"image":{"@id":"https:\/\/demostore.ai\/vi\/#\/schema\/logo\/image\/"}}]}},"_links":{"self":[{"href":"https:\/\/demostore.ai\/vi\/wp-json\/wp\/v2\/product\/38822","targetHints":{"allow":["GET"]}}],"collection":[{"href":"https:\/\/demostore.ai\/vi\/wp-json\/wp\/v2\/product"}],"about":[{"href":"https:\/\/demostore.ai\/vi\/wp-json\/wp\/v2\/types\/product"}],"replies":[{"embeddable":true,"href":"https:\/\/demostore.ai\/vi\/wp-json\/wp\/v2\/comments?post=38822"}],"wp:featuredmedia":[{"embeddable":true,"href":"https:\/\/demostore.ai\/vi\/wp-json\/wp\/v2\/media\/16868"}],"wp:attachment":[{"href":"https:\/\/demostore.ai\/vi\/wp-json\/wp\/v2\/media?parent=38822"}],"wp:term":[{"taxonomy":"product_brand","embeddable":true,"href":"https:\/\/demostore.ai\/vi\/wp-json\/wp\/v2\/product_brand?post=38822"},{"taxonomy":"product_cat","embeddable":true,"href":"https:\/\/demostore.ai\/vi\/wp-json\/wp\/v2\/product_cat?post=38822"},{"taxonomy":"product_tag","embeddable":true,"href":"https:\/\/demostore.ai\/vi\/wp-json\/wp\/v2\/product_tag?post=38822"}],"curies":[{"name":"wp","href":"https:\/\/api.w.org\/{rel}","templated":true}]}}