{"id":38761,"date":"2025-06-13T08:54:18","date_gmt":"2025-06-13T00:54:18","guid":{"rendered":"https:\/\/demostore.ai\/?post_type=product&#038;p=38761"},"modified":"2026-02-17T17:58:20","modified_gmt":"2026-02-17T09:58:20","slug":"megan-mat-na-lot-than-hoat-tinh","status":"publish","type":"product","link":"https:\/\/demostore.ai\/vi\/san-pham\/megan-mat-na-lot-than-hoat-tinh\/","title":{"rendered":"Megan M\u1eb7t N\u1ea1 L\u1ed9t Than Ho\u1ea1t T\u00ednh"},"content":{"rendered":"<section data-wtai-block-id=\"wtai_product_description_features\" class=\"wtai-section wtai-features-section\">\n<h2>\u0110i\u1ec3m N\u1ed5i B\u1eadt S\u1ea3n Ph\u1ea9m<\/h2>\n<ul>\n<li>Hi\u1ec7u qu\u1ea3 l\u00e0m s\u1ea1ch s\u00e2u v\u00e0 lo\u1ea1i b\u1ecf b\u00e3 nh\u1eddn, m\u1ee5n \u0111\u1ea7u \u0111en gi\u00fap l\u00e0n da th\u00f4ng tho\u00e1ng ngay sau m\u1ed7i l\u1ea7n s\u1eed d\u1ee5ng.<\/li>\n<li>C\u00f4ng d\u1ee5ng d\u01b0\u1ee1ng s\u00e1ng v\u00e0 l\u00e0m \u0111\u1ec1u m\u00e0u da, h\u1ed7 tr\u1ee3 gi\u1ea3m thi\u1ec3u th\u00e2m, x\u1ec9n m\u00e0u do b\u1ee5i b\u1ea9n t\u00edch t\u1ee5.<\/li>\n<li>C\u1ea3m gi\u00e1c d\u1ecbu m\u00e1t v\u00e0 se kh\u00edt l\u1ed7 ch\u00e2n l\u00f4ng ngay sau khi l\u1ed9t m\u1eb7t n\u1ea1.<\/li>\n<li>Kh\u1ea3 n\u0103ng ki\u1ec1m d\u1ea7u t\u1ed1t, mang l\u1ea1i b\u1ec1 m\u1eb7t da m\u1ecbn m\u00e0ng v\u00e0 s\u1ea1ch b\u00f3ng h\u01a1n.<\/li>\n<li>Ch\u1ee9a than ho\u1ea1t t\u00ednh gi\u00fap h\u00fat s\u1ea1ch b\u1ee5i b\u1ea9n, d\u1ea7u th\u1eeba hi\u1ec7u qu\u1ea3 t\u1eeb s\u00e2u trong l\u1ed7 ch\u00e2n l\u00f4ng.<\/li>\n<li>Niacinamide (vitamin B3) gi\u00fap l\u00e0m s\u00e1ng da v\u00e0 c\u1ea3i thi\u1ec7n b\u1ec1 m\u1eb7t da r\u00f5 r\u1ec7t.<\/li>\n<li>Chi\u1ebft xu\u1ea5t c\u00e2y ph\u1ec9 h\u1ed7 tr\u1ee3 l\u00e0m d\u1ecbu, h\u1ea1n ch\u1ebf k\u00edch \u1ee9ng v\u00e0 gi\u1ea3m m\u1ea9n \u0111\u1ecf.<\/li>\n<li>Thi\u1ebft k\u1ebf d\u1ea1ng tu\u00fdp nh\u1ecf g\u1ecdn ti\u1ec7n l\u1ee3i, d\u1ec5 d\u00e0ng mang theo v\u00e0 b\u1ea3o qu\u1ea3n.<\/li>\n<\/ul>\n<\/section>\n<div data-wtai-block-id=\"wtai_product_description_image_1753694499291\" class=\"wtai-section wtai-image_1753694499291-section\">\n<figure class=\"wtai-image-p wtai-align-center\" style=\"text-align:center\"><img decoding=\"async\" src=\"https:\/\/demostore.ai\/wp-content\/uploads\/2025\/06\/Face-mask-4-scaled-1-600x900.png\" alt=\"Tu\u00fdp Megan M\u1eb7t N\u1ea1 L\u1ed9t Than Ho\u1ea1t T\u00ednh \u0111ang \u0111\u01b0\u1ee3c m\u1edf n\u1eafp, gel m\u1eb7t n\u1ea1 m\u00e0u \u0111en ch\u1ea3y ra.\" srcset=\"https:\/\/demostore.ai\/wp-content\/uploads\/2025\/06\/Face-mask-4-scaled-1.png 667w, https:\/\/demostore.ai\/wp-content\/uploads\/2025\/06\/Face-mask-4-scaled-1-200x300.png 200w, https:\/\/demostore.ai\/wp-content\/uploads\/2025\/06\/Face-mask-4-scaled-1-600x900.png 600w\"><figcaption>\n<p>K\u1ebft c\u1ea5u gel m\u00e0u \u0111en \u0111\u1eb7c s\u00e1nh d\u1ec5 d\u00e0ng l\u1ea5y ra t\u1eeb tu\u00fdp, v\u1eeba s\u1ea1ch v\u1eeba cu\u1ed1n h\u00fat.<\/p>\n<\/figcaption><\/figure>\n<\/p><\/div>\n<section data-wtai-block-id=\"wtai_product_description_benefits\" class=\"wtai-section wtai-benefits-section\">\n<h2>V\u00ec Sao B\u1ea1n S\u1ebd Y\u00eau Th\u00edch<\/h2>\n<ul>\n<li>Da s\u00e1ng m\u1ecbn v\u00e0 c\u0103ng kh\u1ecfe ch\u1ec9 sau v\u00e0i l\u1ea7n s\u1eed d\u1ee5ng.<\/li>\n<li>L\u1ed7 ch\u00e2n l\u00f4ng \u0111\u01b0\u1ee3c l\u00e0m s\u1ea1ch, b\u1ec1 m\u1eb7t da \u0111\u1ec1u m\u00e0u h\u01a1n.<\/li>\n<li>C\u1ea3m gi\u00e1c nh\u1eb9 m\u1eb7t, d\u1ec5 ch\u1ecbu v\u00e0 kh\u00f4ng nh\u1eddn r\u00edt sau khi l\u1ed9t.<\/li>\n<li>T\u0103ng s\u1ef1 t\u1ef1 tin khi da lu\u00f4n t\u01b0\u01a1i t\u1eafn, kh\u00f4ng b\u00f3ng d\u1ea7u.<\/li>\n<li>Gi\u1ea3m h\u1eb3n m\u1ee5n \u0111\u1ea7u \u0111en v\u00e0 b\u00e3 nh\u1eddn v\u00f9ng ch\u1eef T.<\/li>\n<\/ul>\n<\/section>\n<section data-wtai-block-id=\"wtai_product_description_use_cases\" class=\"wtai-section wtai-use_cases-section\">\n<h3>C\u00e1ch \u0110\u01b0a V\u00e0o Chu Tr\u00ecnh Ch\u0103m S\u00f3c Da<\/h3>\n<ol>\n<li>R\u1eeda s\u1ea1ch m\u1eb7t v\u00e0 lau kh\u00f4 ho\u00e0n to\u00e0n tr\u01b0\u1edbc khi d\u00f9ng m\u1eb7t n\u1ea1.<\/li>\n<li>Thoa m\u1ed9t l\u1edbp v\u1eeba \u0111\u1ee7 l\u00ean v\u00f9ng da c\u1ea7n l\u00e0m s\u1ea1ch nh\u01b0 m\u0169i, c\u1eb1m, tr\u00e1n.<\/li>\n<li>\u0110\u1ee3i m\u1eb7t n\u1ea1 kh\u00f4 ho\u00e0n to\u00e0n trong kho\u1ea3ng 15\u201320 ph\u00fat \u0111\u1ec3 \u0111\u1ea1t hi\u1ec7u qu\u1ea3 t\u1ed1t nh\u1ea5t.<\/li>\n<li>Nh\u1eb9 nh\u00e0ng l\u1ed9t m\u1eb7t n\u1ea1 t\u1eeb d\u01b0\u1edbi l\u00ean \u0111\u1ec3 l\u1ea5y \u0111i b\u00e3 nh\u1eddn v\u00e0 t\u1ebf b\u00e0o ch\u1ebft.<\/li>\n<li>D\u00f9ng 1\u20132 l\u1ea7n m\u1ed7i tu\u1ea7n, kh\u00f4ng n\u00ean l\u1ea1m d\u1ee5ng \u0111\u1ec3 tr\u00e1nh kh\u00f4 da.<\/li>\n<li>K\u1ebft h\u1ee3p sau khi t\u1ea9y trang bu\u1ed5i t\u1ed1i ho\u1eb7c tr\u01b0\u1edbc khi d\u01b0\u1ee1ng da chuy\u00ean s\u00e2u.<\/li>\n<li>Ph\u00f9 h\u1ee3p cho c\u1ea3 nam v\u00e0 n\u1eef c\u00f3 l\u00e0n da d\u1ea7u, h\u1ed7n h\u1ee3p ho\u1eb7c th\u01b0\u1eddng xuy\u00ean b\u00edt t\u1eafc l\u1ed7 ch\u00e2n l\u00f4ng.<\/li>\n<li>Lu\u00f4n s\u1eed d\u1ee5ng kem d\u01b0\u1ee1ng \u1ea9m ngay sau b\u01b0\u1edbc l\u1ed9t m\u1eb7t n\u1ea1 \u0111\u1ec3 b\u1ed5 sung \u0111\u1ed9 \u1ea9m cho da.<\/li>\n<\/ol>\n<\/section>\n<section data-wtai-block-id=\"wtai_product_description_technical_specifications\" class=\"wtai-section wtai-technical_specifications-section\">\n<h3>Th\u00f4ng Tin Chi Ti\u1ebft<\/h3>\n<ul>\n<li><strong>Th\u1ec3 t\u00edch<\/strong>: 50 ml<\/li>\n<li><strong>D\u1ea1ng b\u00e0o ch\u1ebf<\/strong>: Gel l\u1ed9t (peel-off)<\/li>\n<li><strong>Th\u00e0nh ph\u1ea7n ch\u00ednh<\/strong>: Than ho\u1ea1t t\u00ednh, Niacinamide, chi\u1ebft xu\u1ea5t c\u00e2y ph\u1ec9<\/li>\n<li><strong>Bao b\u00ec<\/strong>: Tu\u00fdp nh\u1ef1a m\u00e0u \u0111en hi\u1ec7n \u0111\u1ea1i, tr\u1ecdng l\u01b0\u1ee3ng nh\u1eb9<\/li>\n<\/ul>\n<\/section>\n<section data-wtai-block-id=\"wtai_product_description_custom_1753167803027\" class=\"wtai-section wtai-custom_1753167803027-section\">\n<h2>Nh\u1eefng v\u1ea5n \u0111\u1ec1 da s\u1ea3n ph\u1ea9m gi\u1ea3i quy\u1ebft v\u00e0 lo\u1ea1i da ph\u00f9 h\u1ee3p<\/h2>\n<ul>\n<li><strong>Da d\u1ea7u<\/strong>: Ki\u1ec3m so\u00e1t b\u00f3ng nh\u1eddn v\u00e0 h\u00fat s\u1ea1ch l\u01b0\u1ee3ng d\u1ea7u th\u1eeba.<\/li>\n<li><strong>Da h\u1ed7n h\u1ee3p<\/strong>: L\u00e0m s\u1ea1ch s\u00e2u c\u00e1c v\u00f9ng ti\u1ebft nhi\u1ec1u d\u1ea7u.<\/li>\n<li><strong>Da th\u01b0\u1eddng<\/strong>: Mang l\u1ea1i c\u1ea3m gi\u00e1c s\u1ea1ch tho\u00e1ng, kh\u00f4ng kh\u00f4 c\u0103ng.<\/li>\n<li><strong>Da x\u1ec9n m\u00e0u<\/strong>: Lo\u1ea1i b\u1ecf l\u1edbp t\u1ebf b\u00e0o ch\u1ebft cho da s\u00e1ng m\u1ecbn h\u01a1n.<\/li>\n<li><strong>Da nhi\u1ec1u m\u1ee5n \u0111\u1ea7u \u0111en<\/strong>: H\u1ed7 tr\u1ee3 h\u00fat s\u1ea1ch m\u1ee5n \u0111\u1ea7u \u0111en v\u00f9ng m\u0169i, c\u1eb1m.<\/li>\n<li><strong>Da nh\u1ea1y c\u1ea3m<\/strong>: N\u00ean th\u1eed tr\u01b0\u1edbc l\u00ean v\u00f9ng nh\u1ecf \u0111\u1ec3 tr\u00e1nh k\u00edch \u1ee9ng.<\/li>\n<\/ul>\n<\/section>\n<section data-wtai-block-id=\"wtai_product_description_custom_1754200971412\" class=\"wtai-section wtai-custom_1754200971412-section\">\n<h2>Th\u00e0nh ph\u1ea7n c\u1ee7a Megan M\u1eb7t N\u1ea1 L\u1ed9t Than Ho\u1ea1t T\u00ednh<\/h2>\n<p>Water, Polyvinyl Alcohol, Alcohol Denat., Propylene Glycol, Charcoal Powder, Hamamelis Virginiana (Witch Hazel) Leaf Extract, Dipotassium Glycyrrhizate, Niacinamide, Phenoxyethanol, Xanthan Gum, Fragrance.<\/p>\n<\/section>\n<section data-wtai-block-id=\"wtai_product_description_faqs\" class=\"wtai-section wtai-faqs-section\">\n<h2>Gi\u1ea3i \u0110\u00e1p Th\u1eafc M\u1eafc Th\u01b0\u1eddng G\u1eb7p<\/h2>\n<p><strong>M\u1eb7t n\u1ea1 n\u00e0y c\u00f3 ph\u00f9 h\u1ee3p v\u1edbi da nh\u1ea1y c\u1ea3m kh\u00f4ng?<\/strong> <br \/> S\u1ea3n ph\u1ea9m c\u00f3 th\u1ec3 h\u01a1i kh\u00f4 ho\u1eb7c g\u00e2y ch\u00e2m ch\u00edch nh\u1eb9 n\u00ean h\u00e3y th\u1eed tr\u01b0\u1edbc tr\u00ean v\u00f9ng da nh\u1ecf.<\/p>\n<p><strong>C\u00f3 th\u1ec3 k\u1ebft h\u1ee3p v\u1edbi serum ho\u1eb7c kem d\u01b0\u1ee1ng ch\u1ee9a active \u0111\u01b0\u1ee3c kh\u00f4ng?<\/strong> <br \/> N\u00ean s\u1eed d\u1ee5ng serum ho\u1eb7c d\u01b0\u1ee1ng \u1ea9m sau khi l\u1ed9t m\u1eb7t n\u1ea1, tr\u00e1nh d\u00f9ng chung v\u1edbi acids m\u1ea1nh.<\/p>\n<p><strong>M\u1ea5t bao l\u00e2u \u0111\u1ec3 th\u1ea5y hi\u1ec7u qu\u1ea3 r\u00f5 r\u1ec7t?<\/strong> <br \/> Sau 1\u20132 l\u1ea7n da s\u1ebd s\u1ea1ch h\u01a1n, hi\u1ec7u qu\u1ea3 s\u00e1ng da r\u00f5 d\u1ea7n sau 2\u20133 tu\u1ea7n.<\/p>\n<p><strong>C\u00e1ch b\u1ea3o qu\u1ea3n s\u1ea3n ph\u1ea9m t\u1ed1t nh\u1ea5t?<\/strong> <br \/> \u0110\u1ec3 n\u01a1i kh\u00f4 r\u00e1o, tr\u00e1nh \u00e1nh n\u1eafng v\u00e0 \u0111\u00f3ng ch\u1eb7t n\u1eafp sau m\u1ed7i l\u1ea7n d\u00f9ng.<\/p>\n<p><strong>M\u1eb7t n\u1ea1 c\u00f3 l\u00e0m r\u00e1t ho\u1eb7c \u0111\u1ecf da kh\u00f4ng?<\/strong> <br \/> C\u00f3 th\u1ec3 g\u00e2y kh\u00f3 ch\u1ecbu nh\u1eb9 khi l\u1ed9t, h\u00e3y ng\u01b0ng d\u00f9ng n\u1ebfu th\u1ea5y k\u00edch \u1ee9ng k\u00e9o d\u00e0i.<\/p>\n<\/section>\n<section data-wtai-block-id=\"wtai_product_description_conclusion\" class=\"wtai-section wtai-conclusion-section\">\n<h2>Tr\u1ea3i Nghi\u1ec7m L\u00e0n Da S\u00e1ng Kh\u1ecfe Ngay H\u00f4m Nay<\/h2>\n<p><em><strong>Megan M\u1eb7t N\u1ea1 L\u1ed9t Than Ho\u1ea1t T\u00ednh gi\u00fap b\u1ea1n l\u00e0m s\u1ea1ch v\u00e0 d\u01b0\u1ee1ng s\u00e1ng da ch\u1ec9 trong v\u00e0i ph\u00fat.<\/strong><\/em> <em><strong>C\u1ea3m nh\u1eadn ngay s\u1ef1 thay \u0111\u1ed5i v\u00e0 t\u1ef1 tin v\u1edbi l\u00e0n da m\u1ecbn m\u00e0ng, t\u01b0\u01a1i t\u1eafn m\u1ed7i ng\u00e0y.<\/strong><\/em> <em><strong>\u0110\u1eebng ch\u1ea7n ch\u1eeb, l\u00e0m m\u1edbi tr\u1ea3i nghi\u1ec7m skincare c\u1ee7a b\u1ea1n t\u1eeb h\u00f4m nay.<\/strong><\/em><\/p>\n<\/section>\n","protected":false},"excerpt":{"rendered":"<div data-wtai-block-id=\"wtai_excerpt_subtitle\" class=\"wtai-section wtai-subtitle-section\">\n<p><em><strong>B\u01b0\u1edbc l\u00e0m s\u1ea1ch s\u00e2u, l\u00e0n da t\u01b0\u01a1i s\u00e1ng v\u00e0 m\u1ecbn m\u00e0ng ch\u1ec9 trong v\u00e0i ph\u00fat.<\/strong><\/em><\/p>\n<\/p><\/div>\n<div data-wtai-block-id=\"wtai_excerpt_introduction\" class=\"wtai-section wtai-introduction-section\">\n<p>C\u1ea3m gi\u00e1c \u0111\u1eb9p b\u1eaft \u0111\u1ea7u t\u1eeb s\u1ef1 t\u1ef1 tin trong t\u1eebng kho\u1ea3nh kh\u1eafc ch\u0103m s\u00f3c b\u1ea3n th\u00e2n. Megan M\u1eb7t N\u1ea1 L\u1ed9t Than Ho\u1ea1t T\u00ednh l\u00e0 l\u1ef1a ch\u1ecdn y\u00eau th\u00edch c\u1ee7a nhi\u1ec1u ph\u1ee5 n\u1eef hi\u1ec7n \u0111\u1ea1i khi mu\u1ed1n l\u00e0m s\u1ea1ch s\u00e2u v\u00e0 kh\u00f4i ph\u1ee5c s\u1ef1 t\u01b0\u01a1i s\u00e1ng cho l\u00e0n da. S\u1ef1 k\u1ebft h\u1ee3p gi\u1eefa than ho\u1ea1t t\u00ednh v\u00e0 niacinamide gi\u00fap cu\u1ed1n tr\u00f4i b\u00e3 nh\u1eddn, lo\u1ea1i b\u1ecf m\u1ee5n \u0111\u1ea7u \u0111en, mang l\u1ea1i c\u1ea3m gi\u00e1c s\u1ea3ng kho\u00e1i, s\u00e1ng m\u1ecbn r\u00f5 r\u1ec7t ngay sau l\u1ea7n s\u1eed d\u1ee5ng \u0111\u1ea7u ti\u00ean. Kho\u1ea3nh kh\u1eafc th\u01b0 gi\u00e3n c\u00f9ng m\u1eb7t n\u1ea1 l\u1ed9t kh\u00f4ng ch\u1ec9 gi\u00fap da th\u00f4ng tho\u00e1ng m\u00e0 c\u00f2n gi\u00fap b\u1ea1n c\u1ea3m nh\u1eadn tr\u1ecdn v\u1eb9n gi\u00e1 tr\u1ecb c\u1ee7a vi\u1ec7c t\u1ef1 ch\u0103m s\u00f3c m\u1ed7i ng\u00e0y.<\/p>\n<\/p><\/div>\n","protected":false},"featured_media":16159,"comment_status":"open","ping_status":"closed","template":"","meta":[],"product_brand":[],"product_cat":[252],"product_tag":[],"class_list":{"0":"post-38761","1":"product","2":"type-product","3":"status-publish","4":"has-post-thumbnail","6":"product_cat-lam-dep-suc-khoe","8":"first","9":"instock","10":"shipping-taxable","11":"purchasable","12":"product-type-simple"},"bundled_by":[],"bundle_stock_status":"instock","bundle_stock_quantity":null,"bundle_virtual":false,"bundle_layout":"","bundle_add_to_cart_form_location":"","bundle_editable_in_cart":false,"bundle_sold_individually_context":"","bundle_item_grouping":"","bundle_min_size":"","bundle_max_size":"","bundle_price":[],"bundled_items":[],"bundle_sell_ids":[],"yoast_head":"<!-- This site is optimized with the Yoast SEO plugin v25.2 - https:\/\/yoast.com\/wordpress\/plugins\/seo\/ -->\n<title>Top-Rated Megan M\u1eb7t N\u1ea1 L\u1ed9t Than Ho\u1ea1t T\u00ednh Cho L\u00e0n Da S\u1ea1ch S\u00e1ng<\/title>\n<meta name=\"description\" content=\"C\u1ea3m h\u1ee9ng t\u1eeb s\u1ee9c m\u1ea1nh than ho\u1ea1t t\u00ednh, m\u1eb7t n\u1ea1 l\u1ed9t Megan l\u00e0m s\u1ea1ch s\u00e2u, gi\u1ea3m b\u00e3 nh\u1eddn v\u00e0 m\u1ee5n \u0111\u1ea7u \u0111en, mang \u0111\u1ebfn l\u00e0n da s\u00e1ng, m\u1ec1m m\u01b0\u1ee3t m\u1ed7i ng\u00e0y.\" \/>\n<meta name=\"robots\" content=\"index, follow, max-snippet:-1, max-image-preview:large, max-video-preview:-1\" \/>\n<link rel=\"canonical\" href=\"https:\/\/demostore.ai\/vi\/san-pham\/megan-mat-na-lot-than-hoat-tinh\/\" \/>\n<meta property=\"og:type\" content=\"article\" \/>\n<meta property=\"og:title\" content=\"Top-Rated Megan M\u1eb7t N\u1ea1 L\u1ed9t Than Ho\u1ea1t T\u00ednh Cho L\u00e0n Da S\u1ea1ch S\u00e1ng\" \/>\n<meta property=\"og:description\" content=\"C\u1ea3m h\u1ee9ng t\u1eeb c\u00f4ng ngh\u1ec7 ch\u0103m s\u00f3c da hi\u1ec7n \u0111\u1ea1i, Megan M\u1eb7t N\u1ea1 L\u1ed9t Than Ho\u1ea1t T\u00ednh l\u00e0m s\u1ea1ch s\u00e2u, h\u00fat b\u00e3 nh\u1eddn, lo\u1ea1i b\u1ecf m\u1ee5n \u0111\u1ea7u \u0111en cho l\u00e0n da s\u00e1ng m\u1ecbn t\u1ee9c th\u00ec.\" \/>\n<meta property=\"og:url\" content=\"https:\/\/demostore.ai\/vi\/san-pham\/megan-mat-na-lot-than-hoat-tinh\/\" \/>\n<meta property=\"og:site_name\" content=\"Trendy Thread\" \/>\n<meta property=\"article:modified_time\" content=\"2026-02-17T09:58:20+00:00\" \/>\n<meta property=\"og:image\" content=\"https:\/\/demostore.ai\/wp-content\/uploads\/2025\/06\/Face-mask-1-scaled-1.png\" \/>\n\t<meta property=\"og:image:width\" content=\"829\" \/>\n\t<meta property=\"og:image:height\" content=\"1000\" \/>\n\t<meta property=\"og:image:type\" content=\"image\/png\" \/>\n<meta name=\"twitter:card\" content=\"summary_large_image\" \/>\n<meta name=\"twitter:title\" content=\"Top-Rated Megan M\u1eb7t N\u1ea1 L\u1ed9t Than Ho\u1ea1t T\u00ednh Cho L\u00e0n Da S\u1ea1ch S\u00e1ng\" \/>\n<meta name=\"twitter:description\" content=\"C\u1ea3m h\u1ee9ng t\u1eeb c\u00f4ng ngh\u1ec7 ch\u0103m s\u00f3c da hi\u1ec7n \u0111\u1ea1i, Megan M\u1eb7t N\u1ea1 L\u1ed9t Than Ho\u1ea1t T\u00ednh l\u00e0m s\u1ea1ch s\u00e2u, h\u00fat b\u00e3 nh\u1eddn, lo\u1ea1i b\u1ecf m\u1ee5n \u0111\u1ea7u \u0111en cho l\u00e0n da s\u00e1ng m\u1ecbn t\u1ee9c th\u00ec.\" \/>\n<meta name=\"twitter:label1\" content=\"\u01af\u1edbc t\u00ednh th\u1eddi gian \u0111\u1ecdc\" \/>\n\t<meta name=\"twitter:data1\" content=\"1 ph\u00fat\" \/>\n<script type=\"application\/ld+json\" class=\"yoast-schema-graph\">{\"@context\":\"https:\/\/schema.org\",\"@graph\":[{\"@type\":\"WebPage\",\"@id\":\"https:\/\/demostore.ai\/vi\/san-pham\/megan-mat-na-lot-than-hoat-tinh\/\",\"url\":\"https:\/\/demostore.ai\/vi\/san-pham\/megan-mat-na-lot-than-hoat-tinh\/\",\"name\":\"Top-Rated Megan M\u1eb7t N\u1ea1 L\u1ed9t Than Ho\u1ea1t T\u00ednh Cho L\u00e0n Da S\u1ea1ch S\u00e1ng\",\"isPartOf\":{\"@id\":\"https:\/\/demostore.ai\/vi\/#website\"},\"primaryImageOfPage\":{\"@id\":\"https:\/\/demostore.ai\/vi\/san-pham\/megan-mat-na-lot-than-hoat-tinh\/#primaryimage\"},\"image\":{\"@id\":\"https:\/\/demostore.ai\/vi\/san-pham\/megan-mat-na-lot-than-hoat-tinh\/#primaryimage\"},\"thumbnailUrl\":\"https:\/\/demostore.ai\/wp-content\/uploads\/2025\/06\/Face-mask-1-scaled-1.png\",\"datePublished\":\"2025-06-13T00:54:18+00:00\",\"dateModified\":\"2026-02-17T09:58:20+00:00\",\"description\":\"C\u1ea3m h\u1ee9ng t\u1eeb s\u1ee9c m\u1ea1nh than ho\u1ea1t t\u00ednh, m\u1eb7t n\u1ea1 l\u1ed9t Megan l\u00e0m s\u1ea1ch s\u00e2u, gi\u1ea3m b\u00e3 nh\u1eddn v\u00e0 m\u1ee5n \u0111\u1ea7u \u0111en, mang \u0111\u1ebfn l\u00e0n da s\u00e1ng, m\u1ec1m m\u01b0\u1ee3t m\u1ed7i ng\u00e0y.\",\"breadcrumb\":{\"@id\":\"https:\/\/demostore.ai\/vi\/san-pham\/megan-mat-na-lot-than-hoat-tinh\/#breadcrumb\"},\"inLanguage\":\"vi\",\"potentialAction\":[{\"@type\":\"ReadAction\",\"target\":[\"https:\/\/demostore.ai\/vi\/san-pham\/megan-mat-na-lot-than-hoat-tinh\/\"]}]},{\"@type\":\"ImageObject\",\"inLanguage\":\"vi\",\"@id\":\"https:\/\/demostore.ai\/vi\/san-pham\/megan-mat-na-lot-than-hoat-tinh\/#primaryimage\",\"url\":\"https:\/\/demostore.ai\/wp-content\/uploads\/2025\/06\/Face-mask-1-scaled-1.png\",\"contentUrl\":\"https:\/\/demostore.ai\/wp-content\/uploads\/2025\/06\/Face-mask-1-scaled-1.png\",\"width\":829,\"height\":1000,\"caption\":\"Tu\u00fdp Megan M\u1eb7t N\u1ea1 L\u1ed9t Than Ho\u1ea1t T\u00ednh, h\u00ecnh ng\u01b0\u1eddi m\u1eabu \u0111\u1eafp m\u1eb7t n\u1ea1, d\u00e0nh cho da s\u1ea1ch s\u00e2u.\"},{\"@type\":\"BreadcrumbList\",\"@id\":\"https:\/\/demostore.ai\/vi\/san-pham\/megan-mat-na-lot-than-hoat-tinh\/#breadcrumb\",\"itemListElement\":[{\"@type\":\"ListItem\",\"position\":1,\"name\":\"Trang ch\u1ee7\",\"item\":\"https:\/\/demostore.ai\/vi\/\"},{\"@type\":\"ListItem\",\"position\":2,\"name\":\"C\u1eeda h\u00e0ng\",\"item\":\"https:\/\/demostore.ai\/vi\/cua-hang\/\"},{\"@type\":\"ListItem\",\"position\":3,\"name\":\"Megan M\u1eb7t N\u1ea1 L\u1ed9t Than Ho\u1ea1t T\u00ednh\"}]},{\"@type\":\"WebSite\",\"@id\":\"https:\/\/demostore.ai\/vi\/#website\",\"url\":\"https:\/\/demostore.ai\/vi\/\",\"name\":\"Trendy Thread\",\"description\":\"C\u1eeda h\u00e0ng demo WriteText.ai\",\"publisher\":{\"@id\":\"https:\/\/demostore.ai\/vi\/#organization\"},\"potentialAction\":[{\"@type\":\"SearchAction\",\"target\":{\"@type\":\"EntryPoint\",\"urlTemplate\":\"https:\/\/demostore.ai\/vi\/?s={search_term_string}\"},\"query-input\":{\"@type\":\"PropertyValueSpecification\",\"valueRequired\":true,\"valueName\":\"search_term_string\"}}],\"inLanguage\":\"vi\"},{\"@type\":\"Organization\",\"@id\":\"https:\/\/demostore.ai\/vi\/#organization\",\"name\":\"WriteText.ai\",\"url\":\"https:\/\/demostore.ai\/vi\/\",\"logo\":{\"@type\":\"ImageObject\",\"inLanguage\":\"vi\",\"@id\":\"https:\/\/demostore.ai\/vi\/#\/schema\/logo\/image\/\",\"url\":\"https:\/\/demostore.ai\/wp-content\/uploads\/2025\/10\/writetext_logo.webp\",\"contentUrl\":\"https:\/\/demostore.ai\/wp-content\/uploads\/2025\/10\/writetext_logo.webp\",\"width\":200,\"height\":34,\"caption\":\"WriteText.ai\"},\"image\":{\"@id\":\"https:\/\/demostore.ai\/vi\/#\/schema\/logo\/image\/\"}}]}<\/script>\n<!-- \/ Yoast SEO plugin. -->","yoast_head_json":{"title":"Top-Rated Megan M\u1eb7t N\u1ea1 L\u1ed9t Than Ho\u1ea1t T\u00ednh Cho L\u00e0n Da S\u1ea1ch S\u00e1ng","description":"C\u1ea3m h\u1ee9ng t\u1eeb s\u1ee9c m\u1ea1nh than ho\u1ea1t t\u00ednh, m\u1eb7t n\u1ea1 l\u1ed9t Megan l\u00e0m s\u1ea1ch s\u00e2u, gi\u1ea3m b\u00e3 nh\u1eddn v\u00e0 m\u1ee5n \u0111\u1ea7u \u0111en, mang \u0111\u1ebfn l\u00e0n da s\u00e1ng, m\u1ec1m m\u01b0\u1ee3t m\u1ed7i ng\u00e0y.","robots":{"index":"index","follow":"follow","max-snippet":"max-snippet:-1","max-image-preview":"max-image-preview:large","max-video-preview":"max-video-preview:-1"},"canonical":"https:\/\/demostore.ai\/vi\/san-pham\/megan-mat-na-lot-than-hoat-tinh\/","og_type":"article","og_title":"Top-Rated Megan M\u1eb7t N\u1ea1 L\u1ed9t Than Ho\u1ea1t T\u00ednh Cho L\u00e0n Da S\u1ea1ch S\u00e1ng","og_description":"C\u1ea3m h\u1ee9ng t\u1eeb c\u00f4ng ngh\u1ec7 ch\u0103m s\u00f3c da hi\u1ec7n \u0111\u1ea1i, Megan M\u1eb7t N\u1ea1 L\u1ed9t Than Ho\u1ea1t T\u00ednh l\u00e0m s\u1ea1ch s\u00e2u, h\u00fat b\u00e3 nh\u1eddn, lo\u1ea1i b\u1ecf m\u1ee5n \u0111\u1ea7u \u0111en cho l\u00e0n da s\u00e1ng m\u1ecbn t\u1ee9c th\u00ec.","og_url":"https:\/\/demostore.ai\/vi\/san-pham\/megan-mat-na-lot-than-hoat-tinh\/","og_site_name":"Trendy Thread","article_modified_time":"2026-02-17T09:58:20+00:00","og_image":[{"width":829,"height":1000,"url":"https:\/\/demostore.ai\/wp-content\/uploads\/2025\/06\/Face-mask-1-scaled-1.png","type":"image\/png"}],"twitter_card":"summary_large_image","twitter_title":"Top-Rated Megan M\u1eb7t N\u1ea1 L\u1ed9t Than Ho\u1ea1t T\u00ednh Cho L\u00e0n Da S\u1ea1ch S\u00e1ng","twitter_description":"C\u1ea3m h\u1ee9ng t\u1eeb c\u00f4ng ngh\u1ec7 ch\u0103m s\u00f3c da hi\u1ec7n \u0111\u1ea1i, Megan M\u1eb7t N\u1ea1 L\u1ed9t Than Ho\u1ea1t T\u00ednh l\u00e0m s\u1ea1ch s\u00e2u, h\u00fat b\u00e3 nh\u1eddn, lo\u1ea1i b\u1ecf m\u1ee5n \u0111\u1ea7u \u0111en cho l\u00e0n da s\u00e1ng m\u1ecbn t\u1ee9c th\u00ec.","twitter_misc":{"\u01af\u1edbc t\u00ednh th\u1eddi gian \u0111\u1ecdc":"1 ph\u00fat"},"schema":{"@context":"https:\/\/schema.org","@graph":[{"@type":"WebPage","@id":"https:\/\/demostore.ai\/vi\/san-pham\/megan-mat-na-lot-than-hoat-tinh\/","url":"https:\/\/demostore.ai\/vi\/san-pham\/megan-mat-na-lot-than-hoat-tinh\/","name":"Top-Rated Megan M\u1eb7t N\u1ea1 L\u1ed9t Than Ho\u1ea1t T\u00ednh Cho L\u00e0n Da S\u1ea1ch S\u00e1ng","isPartOf":{"@id":"https:\/\/demostore.ai\/vi\/#website"},"primaryImageOfPage":{"@id":"https:\/\/demostore.ai\/vi\/san-pham\/megan-mat-na-lot-than-hoat-tinh\/#primaryimage"},"image":{"@id":"https:\/\/demostore.ai\/vi\/san-pham\/megan-mat-na-lot-than-hoat-tinh\/#primaryimage"},"thumbnailUrl":"https:\/\/demostore.ai\/wp-content\/uploads\/2025\/06\/Face-mask-1-scaled-1.png","datePublished":"2025-06-13T00:54:18+00:00","dateModified":"2026-02-17T09:58:20+00:00","description":"C\u1ea3m h\u1ee9ng t\u1eeb s\u1ee9c m\u1ea1nh than ho\u1ea1t t\u00ednh, m\u1eb7t n\u1ea1 l\u1ed9t Megan l\u00e0m s\u1ea1ch s\u00e2u, gi\u1ea3m b\u00e3 nh\u1eddn v\u00e0 m\u1ee5n \u0111\u1ea7u \u0111en, mang \u0111\u1ebfn l\u00e0n da s\u00e1ng, m\u1ec1m m\u01b0\u1ee3t m\u1ed7i ng\u00e0y.","breadcrumb":{"@id":"https:\/\/demostore.ai\/vi\/san-pham\/megan-mat-na-lot-than-hoat-tinh\/#breadcrumb"},"inLanguage":"vi","potentialAction":[{"@type":"ReadAction","target":["https:\/\/demostore.ai\/vi\/san-pham\/megan-mat-na-lot-than-hoat-tinh\/"]}]},{"@type":"ImageObject","inLanguage":"vi","@id":"https:\/\/demostore.ai\/vi\/san-pham\/megan-mat-na-lot-than-hoat-tinh\/#primaryimage","url":"https:\/\/demostore.ai\/wp-content\/uploads\/2025\/06\/Face-mask-1-scaled-1.png","contentUrl":"https:\/\/demostore.ai\/wp-content\/uploads\/2025\/06\/Face-mask-1-scaled-1.png","width":829,"height":1000,"caption":"Tu\u00fdp Megan M\u1eb7t N\u1ea1 L\u1ed9t Than Ho\u1ea1t T\u00ednh, h\u00ecnh ng\u01b0\u1eddi m\u1eabu \u0111\u1eafp m\u1eb7t n\u1ea1, d\u00e0nh cho da s\u1ea1ch s\u00e2u."},{"@type":"BreadcrumbList","@id":"https:\/\/demostore.ai\/vi\/san-pham\/megan-mat-na-lot-than-hoat-tinh\/#breadcrumb","itemListElement":[{"@type":"ListItem","position":1,"name":"Trang ch\u1ee7","item":"https:\/\/demostore.ai\/vi\/"},{"@type":"ListItem","position":2,"name":"C\u1eeda h\u00e0ng","item":"https:\/\/demostore.ai\/vi\/cua-hang\/"},{"@type":"ListItem","position":3,"name":"Megan M\u1eb7t N\u1ea1 L\u1ed9t Than Ho\u1ea1t T\u00ednh"}]},{"@type":"WebSite","@id":"https:\/\/demostore.ai\/vi\/#website","url":"https:\/\/demostore.ai\/vi\/","name":"Trendy Thread","description":"C\u1eeda h\u00e0ng demo WriteText.ai","publisher":{"@id":"https:\/\/demostore.ai\/vi\/#organization"},"potentialAction":[{"@type":"SearchAction","target":{"@type":"EntryPoint","urlTemplate":"https:\/\/demostore.ai\/vi\/?s={search_term_string}"},"query-input":{"@type":"PropertyValueSpecification","valueRequired":true,"valueName":"search_term_string"}}],"inLanguage":"vi"},{"@type":"Organization","@id":"https:\/\/demostore.ai\/vi\/#organization","name":"WriteText.ai","url":"https:\/\/demostore.ai\/vi\/","logo":{"@type":"ImageObject","inLanguage":"vi","@id":"https:\/\/demostore.ai\/vi\/#\/schema\/logo\/image\/","url":"https:\/\/demostore.ai\/wp-content\/uploads\/2025\/10\/writetext_logo.webp","contentUrl":"https:\/\/demostore.ai\/wp-content\/uploads\/2025\/10\/writetext_logo.webp","width":200,"height":34,"caption":"WriteText.ai"},"image":{"@id":"https:\/\/demostore.ai\/vi\/#\/schema\/logo\/image\/"}}]}},"_links":{"self":[{"href":"https:\/\/demostore.ai\/vi\/wp-json\/wp\/v2\/product\/38761","targetHints":{"allow":["GET"]}}],"collection":[{"href":"https:\/\/demostore.ai\/vi\/wp-json\/wp\/v2\/product"}],"about":[{"href":"https:\/\/demostore.ai\/vi\/wp-json\/wp\/v2\/types\/product"}],"replies":[{"embeddable":true,"href":"https:\/\/demostore.ai\/vi\/wp-json\/wp\/v2\/comments?post=38761"}],"wp:featuredmedia":[{"embeddable":true,"href":"https:\/\/demostore.ai\/vi\/wp-json\/wp\/v2\/media\/16159"}],"wp:attachment":[{"href":"https:\/\/demostore.ai\/vi\/wp-json\/wp\/v2\/media?parent=38761"}],"wp:term":[{"taxonomy":"product_brand","embeddable":true,"href":"https:\/\/demostore.ai\/vi\/wp-json\/wp\/v2\/product_brand?post=38761"},{"taxonomy":"product_cat","embeddable":true,"href":"https:\/\/demostore.ai\/vi\/wp-json\/wp\/v2\/product_cat?post=38761"},{"taxonomy":"product_tag","embeddable":true,"href":"https:\/\/demostore.ai\/vi\/wp-json\/wp\/v2\/product_tag?post=38761"}],"curies":[{"name":"wp","href":"https:\/\/api.w.org\/{rel}","templated":true}]}}