{"id":38343,"date":"2025-06-16T09:08:47","date_gmt":"2025-06-16T01:08:47","guid":{"rendered":"https:\/\/demostore.ai\/?post_type=product&#038;p=38343"},"modified":"2026-02-18T10:36:30","modified_gmt":"2026-02-18T02:36:30","slug":"nikon-aculon-t01-ong-nhom","status":"publish","type":"product","link":"https:\/\/demostore.ai\/vi\/san-pham\/nikon-aculon-t01-ong-nhom\/","title":{"rendered":"Nikon Aculon T01 \u1ed0ng Nh\u00f2m"},"content":{"rendered":"<section data-wtai-block-id=\"wtai_product_description_use_cases\" class=\"wtai-section wtai-use_cases-section\">\n<h2>Nh\u1eefng t\u00ecnh hu\u1ed1ng n\u1ed5i b\u1eadt khi s\u1eed d\u1ee5ng Nikon Aculon T01<\/h2>\n<ul>\n<li>D\u1ec5 d\u00e0ng mang theo khi \u0111i du l\u1ecbch ho\u1eb7c d\u00e3 ngo\u1ea1i nh\u1edd thi\u1ebft k\u1ebf nh\u1ecf g\u1ecdn v\u00e0 tr\u1ecdng l\u01b0\u1ee3ng nh\u1eb9.<\/li>\n<li>H\u1ed7 tr\u1ee3 quan s\u00e1t c\u00e1c bu\u1ed5i bi\u1ec3u di\u1ec5n s\u00e2n kh\u1ea5u, h\u00f2a nh\u1ea1c ho\u1eb7c s\u1ef1 ki\u1ec7n th\u1ec3 thao t\u1eeb xa v\u1edbi h\u00ecnh \u1ea3nh r\u00f5 n\u00e9t.<\/li>\n<li>Quan s\u00e1t thi\u00ean nhi\u00ean, chim ch\u00f3c ho\u1eb7c \u0111\u1ed9ng v\u1eadt hoang d\u00e3 trong c\u00e1c chuy\u1ebfn ph\u01b0\u1ee3t, picnic hay ho\u1ea1t \u0111\u1ed9ng ngo\u00e0i tr\u1eddi.<\/li>\n<li>Ti\u1ec7n l\u1ee3i s\u1eed d\u1ee5ng trong c\u00e1c s\u1ef1 ki\u1ec7n c\u00f4ng vi\u1ec7c ngo\u00e0i tr\u1eddi nh\u01b0 kh\u1ea3o s\u00e1t \u0111\u1ecba \u0111i\u1ec3m, gi\u00e1m s\u00e1t c\u00f4ng tr\u00ecnh x\u00e2y d\u1ef1ng ho\u1eb7c ph\u1ee5c v\u1ee5 nghi\u00ean c\u1ee9u th\u1ef1c \u0111\u1ecba.<\/li>\n<li>Ph\u00f9 h\u1ee3p \u0111\u1ec3 l\u00e0m qu\u00e0 t\u1eb7ng cho b\u1ea1n b\u00e8, ng\u01b0\u1eddi th\u00e2n ho\u1eb7c \u0111\u1ed1i t\u00e1c nh\u1edd v\u1ebb ngo\u00e0i hi\u1ec7n \u0111\u1ea1i, sang tr\u1ecdng v\u00e0 \u1ee9ng d\u1ee5ng \u0111a n\u0103ng.<\/li>\n<\/ul>\n<\/section>\n<div data-wtai-block-id=\"wtai_product_description_image_1753694570766\" class=\"wtai-section wtai-image_1753694570766-section\">\n<figure class=\"wtai-image-p wtai-align-center\" style=\"text-align:center\"><img decoding=\"async\" src=\"https:\/\/demostore.ai\/wp-content\/uploads\/2025\/06\/Binoculars-2-600x344.png\" alt=\"\u1ed0ng nh\u00f2m Nikon Aculon T01 m\u00e0u \u0111en, thi\u1ebft k\u1ebf nh\u1ecf g\u1ecdn d\u00e0nh cho quan s\u00e1t ngo\u00e0i tr\u1eddi.\" srcset=\"https:\/\/demostore.ai\/wp-content\/uploads\/2025\/06\/Binoculars-2.png 1000w, https:\/\/demostore.ai\/wp-content\/uploads\/2025\/06\/Binoculars-2-300x172.png 300w, https:\/\/demostore.ai\/wp-content\/uploads\/2025\/06\/Binoculars-2-768x441.png 768w, https:\/\/demostore.ai\/wp-content\/uploads\/2025\/06\/Binoculars-2-600x344.png 600w\"><figcaption>\n<p>Thi\u1ebft k\u1ebf nh\u1ecf g\u1ecdn, v\u1ecf \u0111en nh\u00e1m sang tr\u1ecdng ph\u00f9 h\u1ee3p cho c\u1ea3 ho\u1ea1t \u0111\u1ed9ng ngo\u00e0i tr\u1eddi l\u1eabn c\u00f4ng vi\u1ec7c.<\/p>\n<\/figcaption><\/figure>\n<\/p><\/div>\n<section data-wtai-block-id=\"wtai_product_description_advantages\" class=\"wtai-section wtai-advantages-section\">\n<h2>\u01afu \u0111i\u1ec3m v\u01b0\u1ee3t tr\u1ed9i c\u1ee7a Nikon Aculon T01<\/h2>\n<ul>\n<li>Tr\u1ecdng l\u01b0\u1ee3ng nh\u1eb9 v\u00e0 k\u00edch th\u01b0\u1edbc v\u1eeba tay gi\u00fap d\u1ec5 d\u00e0ng c\u1ea7m n\u1eafm ho\u1eb7c b\u1ecf t\u00fai mang theo b\u1ea5t c\u1ee9 l\u00fac n\u00e0o.<\/li>\n<li>Thi\u1ebft k\u1ebf l\u0103ng k\u00ednh m\u00e1i hi\u1ec7n \u0111\u1ea1i k\u1ebft h\u1ee3p l\u1edbp ph\u1ee7 \u0111a l\u1edbp tr\u00ean th\u1ea5u k\u00ednh, mang l\u1ea1i h\u00ecnh \u1ea3nh s\u00e1ng r\u00f5 v\u00e0 m\u00e0u s\u1eafc trung th\u1ef1c.<\/li>\n<li>V\u00f2ng l\u1ea5y n\u00e9t trung t\u00e2m l\u1edbn v\u00e0 eyecup \u0111i\u1ec1u ch\u1ec9nh linh ho\u1ea1t ph\u00f9 h\u1ee3p c\u1ea3 ng\u01b0\u1eddi d\u00f9ng \u0111eo k\u00ednh ho\u1eb7c kh\u00f4ng \u0111eo k\u00ednh.<\/li>\n<li>Th\u00e2n \u1ed1ng nh\u00f2m l\u00e0m t\u1eeb v\u1eadt li\u1ec7u ti\u00ean ti\u1ebfn, gi\u1ea3m thi\u1ec3u th\u00e0nh ph\u1ea7n \u0111\u1ed9c h\u1ea1i v\u00e0 th\u00e2n thi\u1ec7n v\u1edbi m\u00f4i tr\u01b0\u1eddng.<\/li>\n<\/ul>\n<\/section>\n<section data-wtai-block-id=\"wtai_product_description_benefits\" class=\"wtai-section wtai-benefits-section\">\n<h2>L\u1ee3i \u00edch th\u1ef1c t\u1ebf m\u00e0 Nikon Aculon T01 \u0111em l\u1ea1i<\/h2>\n<ul>\n<li>Mang theo \u1ed1ng nh\u00f2m l\u1edbn g\u00e2y b\u1ea5t ti\u1ec7n trong chuy\u1ebfn \u0111i, gi\u1edd \u0111\u00e2y b\u1ea1n d\u1ec5 d\u00e0ng b\u1ecf t\u00fai ho\u1eb7c bal\u00f4 nh\u1edd tr\u1ecdng l\u01b0\u1ee3ng ch\u1ec9 kho\u1ea3ng 195 g v\u00e0 thi\u1ebft k\u1ebf c\u1ef1c nh\u1ecf g\u1ecdn.<\/li>\n<li>H\u00ecnh \u1ea3nh m\u1edd nh\u1ea1t, thi\u1ebfu s\u1eafc n\u00e9t khi quan s\u00e1t t\u1eeb xa l\u00e0 v\u1ea5n \u0111\u1ec1 th\u01b0\u1eddng g\u1eb7p, tuy nhi\u00ean \u1ed1ng k\u00ednh ph\u1ee7 \u0111a l\u1edbp gi\u00fap h\u00ecnh \u1ea3nh s\u00e1ng, r\u00f5 n\u00e9t ngay c\u1ea3 v\u1edbi \u00e1nh s\u00e1ng y\u1ebfu.<\/li>\n<li>Khi xem h\u00f2a nh\u1ea1c ho\u1eb7c s\u1ef1 ki\u1ec7n th\u1ec3 thao \u1edf xa v\u00e0 ng\u1ea1i kh\u00f3 quan s\u00e1t, h\u1ec7 th\u1ed1ng l\u1ea5y n\u00e9t v\u00e0 eyecup linh ho\u1ea1t gi\u00fap b\u1ea1n \u0111i\u1ec1u ch\u1ec9nh d\u1ec5 d\u00e0ng \u0111\u1ebfn g\u00f3c nh\u00ecn chu\u1ea9n x\u00e1c nh\u1ea5t.<\/li>\n<li>Nh\u1eefng ai lo l\u1eafng v\u1ec1 t\u00e1c \u0111\u1ed9ng m\u00f4i tr\u01b0\u1eddng, s\u1ea3n ph\u1ea9m s\u1eed d\u1ee5ng v\u1eadt li\u1ec7u Eco-glass kh\u00f4ng ch\u1ee9a ch\u00ec v\u00e0 arsenic, v\u1eeba an t\u00e2m s\u1eed d\u1ee5ng v\u1eeba th\u00e2n thi\u1ec7n v\u1edbi thi\u00ean nhi\u00ean.<\/li>\n<\/ul>\n<\/section>\n<section data-wtai-block-id=\"wtai_product_description_technical_specifications\" class=\"wtai-section wtai-technical_specifications-section\">\n<h3>Chi ti\u1ebft<\/h3>\n<ul>\n<li><strong>\u0110\u1ed9 ph\u00f3ng \u0111\u1ea1i<\/strong>: 8\u00d7 ho\u1eb7c 10\u00d7<\/li>\n<li><strong>\u0110\u01b0\u1eddng k\u00ednh v\u1eadt k\u00ednh<\/strong>: 21 mm<\/li>\n<li><strong>Tr\u01b0\u1eddng nh\u00ecn \u1edf 1.000 m<\/strong>: 110 m (b\u1ea3n 8\u00d721) ho\u1eb7c 87 m (b\u1ea3n 10\u00d721)<\/li>\n<li><strong>\u0110\u01b0\u1eddng k\u00ednh ch\u1ea5m s\u00e1ng<\/strong>: 2.60 mm (8\u00d721) ho\u1eb7c 2.10 mm (10\u00d721)<\/li>\n<li><strong>Tr\u1ecdng l\u01b0\u1ee3ng<\/strong>: 195 g<\/li>\n<li><strong>Th\u1ea5u k\u00ednh<\/strong>: \u0110a l\u1edbp ph\u1ee7<\/li>\n<li><strong>Ki\u1ec3u l\u0103ng k\u00ednh<\/strong>: Roof-prism<\/li>\n<li><strong>Chi\u1ec1u d\u00e0i t\u1ed5ng th\u1ec3<\/strong>: 87 mm<\/li>\n<\/ul>\n<\/section>\n<div data-wtai-block-id=\"wtai_product_description_image_1754224212429\" class=\"wtai-section wtai-image_1754224212429-section\">\n<figure class=\"wtai-image-p wtai-align-center\" style=\"text-align:center\"><img decoding=\"async\" src=\"https:\/\/demostore.ai\/wp-content\/uploads\/2025\/06\/Binoculars-4-1-600x344.png\" alt=\"\u1ed0ng nh\u00f2m Nikon Aculon T01 m\u00e0u \u0111en, thi\u1ebft k\u1ebf nh\u1ecf g\u1ecdn, ph\u00f9 h\u1ee3p cho c\u00e1c ho\u1ea1t \u0111\u1ed9ng ngo\u00e0i tr\u1eddi.\" srcset=\"https:\/\/demostore.ai\/wp-content\/uploads\/2025\/06\/Binoculars-4-1.png 1000w, https:\/\/demostore.ai\/wp-content\/uploads\/2025\/06\/Binoculars-4-1-300x172.png 300w, https:\/\/demostore.ai\/wp-content\/uploads\/2025\/06\/Binoculars-4-1-768x441.png 768w, https:\/\/demostore.ai\/wp-content\/uploads\/2025\/06\/Binoculars-4-1-600x344.png 600w\"><figcaption>\n<p>N\u00fam v\u1eb7n l\u1ea5y n\u00e9t l\u1edbn d\u1ec5 thao t\u00e1c, hai \u1ed1ng k\u00ednh c\u00f3 vi\u1ec1n cao su ch\u1ed1ng va \u0111\u1eadp t\u1ed1i \u01b0u.<\/p>\n<\/figcaption><\/figure>\n<\/p><\/div>\n<section data-wtai-block-id=\"wtai_product_description_faqs\" class=\"wtai-section wtai-faqs-section\">\n<h2>C\u00e2u h\u1ecfi th\u01b0\u1eddng g\u1eb7p<\/h2>\n<p><strong>Nikon Aculon T01 ph\u00f9 h\u1ee3p v\u1edbi nh\u1eefng \u0111\u1ed1i t\u01b0\u1ee3ng n\u00e0o?<\/strong> <br \/> \u1ed0ng nh\u00f2m ph\u00f9 h\u1ee3p cho nhi\u1ec1u \u0111\u1ed9 tu\u1ed5i v\u00e0 \u0111\u1ed1i t\u01b0\u1ee3ng t\u1eeb h\u1ecdc sinh, sinh vi\u00ean, ng\u01b0\u1eddi l\u1edbn tu\u1ed5i cho \u0111\u1ebfn doanh nh\u00e2n hay ng\u01b0\u1eddi y\u00eau th\u00edch du l\u1ecbch, kh\u00e1m ph\u00e1.<\/p>\n<p><strong>C\u00f3 th\u1ec3 s\u1eed d\u1ee5ng khi \u0111eo k\u00ednh kh\u00f4ng?<\/strong> <br \/> V\u1edbi thi\u1ebft k\u1ebf eyecup c\u00f3 th\u1ec3 xoay v\u00e0 tr\u01b0\u1ee3t, s\u1ea3n ph\u1ea9m ho\u00e0n to\u00e0n thu\u1eadn ti\u1ec7n cho ng\u01b0\u1eddi d\u00f9ng \u0111eo k\u00ednh.<\/p>\n<p><strong>\u0110\u1ed9 ph\u00f3ng \u0111\u1ea1i n\u00e0o n\u00ean ch\u1ecdn gi\u1eefa 8\u00d721 v\u00e0 10\u00d721?<\/strong> <br \/> N\u1ebfu c\u1ea7n tr\u01b0\u1eddng nh\u00ecn r\u1ed9ng \u0111\u1ec3 quan s\u00e1t t\u1ed5ng qu\u00e1t, b\u1ea3n 8\u00d721 l\u00e0 l\u1ef1a ch\u1ecdn ph\u00f9 h\u1ee3p. N\u1ebfu c\u1ea7n quan s\u00e1t chi ti\u1ebft h\u01a1n c\u00e1c v\u1eadt th\u1ec3 xa, b\u1ea3n 10\u00d721 s\u1ebd gi\u00fap b\u1ea1n th\u1ea5y r\u00f5 h\u01a1n.<\/p>\n<p><strong>C\u00f3 th\u1ec3 s\u1eed d\u1ee5ng \u1ed1ng nh\u00f2m trong \u0111i\u1ec1u ki\u1ec7n \u00e1nh s\u00e1ng y\u1ebfu kh\u00f4ng?<\/strong> <br \/> Th\u1ea5u k\u00ednh \u0111a l\u1edbp c\u1ee7a s\u1ea3n ph\u1ea9m gi\u00fap h\u00ecnh \u1ea3nh s\u00e1ng v\u00e0 r\u00f5 n\u00e9t h\u01a1n nhi\u1ec1u lo\u1ea1i th\u00f4ng th\u01b0\u1eddng, ph\u00f9 h\u1ee3p s\u1eed d\u1ee5ng trong \u0111i\u1ec1u ki\u1ec7n \u00e1nh s\u00e1ng v\u1eeba ph\u1ea3i \u0111\u1ebfn y\u1ebfu.<\/p>\n<p><strong>C\u00e1ch b\u1ea3o qu\u1ea3n s\u1ea3n ph\u1ea9m \u0111\u1ec3 s\u1eed d\u1ee5ng l\u00e2u d\u00e0i?<\/strong> <br \/> N\u00ean gi\u1eef \u1ed1ng nh\u00f2m \u1edf n\u01a1i kh\u00f4 r\u00e1o, tr\u00e1nh \u00e1nh n\u1eafng tr\u1ef1c ti\u1ebfp v\u00e0 h\u1ea1n ch\u1ebf va \u0111\u1eadp m\u1ea1nh. Sau khi s\u1eed d\u1ee5ng ngo\u00e0i tr\u1eddi c\u00f3 th\u1ec3 lau b\u1ee5i b\u00e1m tr\u00ean k\u00ednh b\u1eb1ng v\u1ea3i m\u1ec1m chuy\u00ean d\u1ee5ng.<\/p>\n<\/section>\n<section data-wtai-block-id=\"wtai_product_description_conclusion\" class=\"wtai-section wtai-conclusion-section\">\n<h2>Kh\u00e1m ph\u00e1 s\u1ee9c m\u1ea1nh quan s\u00e1t c\u00f9ng Nikon Aculon T01<\/h2>\n<p><strong>Nikon Aculon T01 kh\u00f4ng ch\u1ec9 mang l\u1ea1i tr\u1ea3i nghi\u1ec7m h\u00ecnh \u1ea3nh s\u1eafc n\u00e9t m\u00e0 c\u00f2n d\u1ec5 d\u00e0ng \u0111\u1ed3ng h\u00e0nh trong m\u1ecdi ho\u1ea1t \u0111\u1ed9ng nh\u1edd v\u00e0o thi\u1ebft k\u1ebf g\u1ecdn nh\u1eb9, hi\u1ec7n \u0111\u1ea1i.<\/strong> <strong>\u0110\u00e2y l\u00e0 l\u1ef1a ch\u1ecdn l\u00fd t\u01b0\u1edfng cho nh\u1eefng ai y\u00eau th\u00edch s\u1ef1 ti\u1ec7n l\u1ee3i v\u00e0 mong mu\u1ed1n n\u00e2ng t\u1ea7m g\u00f3c nh\u00ecn khi kh\u00e1m ph\u00e1 th\u1ebf gi\u1edbi.<\/strong> <strong>H\u00e3y ch\u1ecdn Nikon Aculon T01 ngay h\u00f4m nay \u0111\u1ec3 m\u1ed7i chuy\u1ebfn \u0111i, m\u1ed7i kho\u1ea3nh kh\u1eafc \u0111\u00e1ng nh\u1edb \u0111\u1ec1u tr\u1edf n\u00ean tr\u1ecdn v\u1eb9n v\u00e0 s\u1ed1ng \u0111\u1ed9ng h\u01a1n.<\/strong><\/p>\n<\/section>\n","protected":false},"excerpt":{"rendered":"<div data-wtai-block-id=\"wtai_excerpt_subtitle\" class=\"wtai-section wtai-subtitle-section\">\n<p><em><strong>Nh\u1eb9 tay \u2013 s\u1eafc n\u00e9t t\u1eebng kho\u1ea3nh kh\u1eafc, lu\u00f4n s\u1eb5n s\u00e0ng chinh ph\u1ee5c m\u1ecdi t\u1ea7m nh\u00ecn.<\/strong><\/em><\/p>\n<\/p><\/div>\n<div data-wtai-block-id=\"wtai_excerpt_introduction\" class=\"wtai-section wtai-introduction-section\">\n<p>C\u00f3 khi n\u00e0o b\u1ea1n ch\u1ec9 c\u1ea7n m\u1ed9t ng\u01b0\u1eddi \u0111\u1ed3ng h\u00e0nh nh\u1ecf g\u1ecdn, m\u1ea1nh m\u1ebd cho nh\u1eefng chuy\u1ebfn \u0111i xa hay nh\u1eefng d\u1ecbp th\u01b0\u1edfng th\u1ee9c ngh\u1ec7 thu\u1eadt ngo\u00e0i tr\u1eddi? \u1ed0ng nh\u00f2m Nikon Aculon T01 t\u1ea1o c\u1ea3m gi\u00e1c y\u00ean t\u00e2m nh\u1edd thi\u1ebft k\u1ebf tinh t\u1ebf, hi\u1ec7n \u0111\u1ea1i v\u00e0 c\u1ef1c k\u1ef3 nh\u1eb9, v\u1eeba v\u1eb7n \u0111\u1ec3 mang theo tr\u00ean m\u1ecdi h\u00e0nh tr\u00ecnh. V\u1edbi k\u00ednh quang h\u1ecdc chu\u1ea9n x\u00e1c v\u00e0 di\u1ec7n m\u1ea1o th\u1eddi trang, s\u1ea3n ph\u1ea9m \u0111\u00e1p \u1ee9ng m\u1ecdi nhu c\u1ea7u quan s\u00e1t \u2013 t\u1eeb kh\u00e1m ph\u00e1 thi\u00ean nhi\u00ean, d\u00e3 ngo\u1ea1i \u0111\u1ebfn th\u01b0\u1edfng ngo\u1ea1n s\u00e2n kh\u1ea5u hay theo d\u00f5i th\u1ec3 thao. \u0110\u00f3 l\u00e0 l\u1ef1a ch\u1ecdn l\u00fd t\u01b0\u1edfng cho ng\u01b0\u1eddi y\u00eau tr\u1ea3i nghi\u1ec7m, mu\u1ed1n n\u1eafm b\u1eaft tr\u1ecdn v\u1eb9n t\u1eebng chi ti\u1ebft s\u1ed1ng \u0111\u1ed9ng tr\u01b0\u1edbc m\u1eaft.<\/p>\n<\/p><\/div>\n","protected":false},"featured_media":23015,"comment_status":"open","ping_status":"closed","template":"","meta":[],"product_brand":[],"product_cat":[264],"product_tag":[],"class_list":{"0":"post-38343","1":"product","2":"type-product","3":"status-publish","4":"has-post-thumbnail","6":"product_cat-the-thao-da-ngoai","8":"first","9":"instock","10":"shipping-taxable","11":"purchasable","12":"product-type-simple"},"bundled_by":[],"bundle_stock_status":"instock","bundle_stock_quantity":null,"bundle_virtual":false,"bundle_layout":"","bundle_add_to_cart_form_location":"","bundle_editable_in_cart":false,"bundle_sold_individually_context":"","bundle_item_grouping":"","bundle_min_size":"","bundle_max_size":"","bundle_price":[],"bundled_items":[],"bundle_sell_ids":[],"yoast_head":"<!-- This site is optimized with the Yoast SEO plugin v25.2 - https:\/\/yoast.com\/wordpress\/plugins\/seo\/ -->\n<title>Shop Nikon Aculon T01 Ong Nhom Hinh Anh Net Nhe Nhanh<\/title>\n<meta name=\"description\" content=\"Kh\u1edfi ngu\u1ed3n c\u1ea3m h\u1ee9ng v\u1edbi Nikon Aculon T01 \u1ed1ng nh\u00f2m nh\u1ecf g\u1ecdn, h\u00ecnh \u1ea3nh s\u1eafc n\u00e9t, d\u1ec5 d\u00f9ng. Ph\u00f9 h\u1ee3p du l\u1ecbch, th\u1ec3 thao, c\u00f4ng vi\u1ec7c ngo\u00e0i tr\u1eddi v\u00e0 l\u00e0m qu\u00e0 t\u1eb7ng.\" \/>\n<meta name=\"robots\" content=\"index, follow, max-snippet:-1, max-image-preview:large, max-video-preview:-1\" \/>\n<link rel=\"canonical\" href=\"https:\/\/demostore.ai\/vi\/san-pham\/nikon-aculon-t01-ong-nhom\/\" \/>\n<meta property=\"og:type\" content=\"article\" \/>\n<meta property=\"og:title\" content=\"Shop Nikon Aculon T01 Ong Nhom Hinh Anh Net Nhe Nhanh\" \/>\n<meta property=\"og:description\" content=\"C\u1ea3m nh\u1eadn h\u00ecnh \u1ea3nh r\u00f5 n\u00e9t v\u00e0 tr\u1ea3i nghi\u1ec7m linh ho\u1ea1t v\u1edbi Nikon Aculon T01 \u1ed1ng nh\u00f2m nh\u1ecf g\u1ecdn, tr\u1ecdng l\u01b0\u1ee3ng nh\u1eb9. L\u1ef1a ch\u1ecdn ph\u00f9 h\u1ee3p cho du l\u1ecbch, th\u1ec3 thao hay quan s\u00e1t thi\u00ean nhi\u00ean. Thi\u1ebft k\u1ebf hi\u1ec7n \u0111\u1ea1i, d\u1ec5 mang theo v\u00e0 \u1ee9ng d\u1ee5ng \u0111a d\u1ea1ng trong cu\u1ed9c s\u1ed1ng.\" \/>\n<meta property=\"og:url\" content=\"https:\/\/demostore.ai\/vi\/san-pham\/nikon-aculon-t01-ong-nhom\/\" \/>\n<meta property=\"og:site_name\" content=\"Trendy Thread\" \/>\n<meta property=\"article:modified_time\" content=\"2026-02-18T02:36:30+00:00\" \/>\n<meta property=\"og:image\" content=\"https:\/\/demostore.ai\/wp-content\/uploads\/2025\/06\/Binoculars-1.png\" \/>\n\t<meta property=\"og:image:width\" content=\"1000\" \/>\n\t<meta property=\"og:image:height\" content=\"732\" \/>\n\t<meta property=\"og:image:type\" content=\"image\/png\" \/>\n<meta name=\"twitter:card\" content=\"summary_large_image\" \/>\n<meta name=\"twitter:title\" content=\"Shop Nikon Aculon T01 Ong Nhom Hinh Anh Net Nhe Nhanh\" \/>\n<meta name=\"twitter:description\" content=\"C\u1ea3m nh\u1eadn h\u00ecnh \u1ea3nh r\u00f5 n\u00e9t v\u00e0 tr\u1ea3i nghi\u1ec7m linh ho\u1ea1t v\u1edbi Nikon Aculon T01 \u1ed1ng nh\u00f2m nh\u1ecf g\u1ecdn, tr\u1ecdng l\u01b0\u1ee3ng nh\u1eb9. L\u1ef1a ch\u1ecdn ph\u00f9 h\u1ee3p cho du l\u1ecbch, th\u1ec3 thao hay quan s\u00e1t thi\u00ean nhi\u00ean. Thi\u1ebft k\u1ebf hi\u1ec7n \u0111\u1ea1i, d\u1ec5 mang theo v\u00e0 \u1ee9ng d\u1ee5ng \u0111a d\u1ea1ng trong cu\u1ed9c s\u1ed1ng.\" \/>\n<meta name=\"twitter:label1\" content=\"\u01af\u1edbc t\u00ednh th\u1eddi gian \u0111\u1ecdc\" \/>\n\t<meta name=\"twitter:data1\" content=\"1 ph\u00fat\" \/>\n<script type=\"application\/ld+json\" class=\"yoast-schema-graph\">{\"@context\":\"https:\/\/schema.org\",\"@graph\":[{\"@type\":\"WebPage\",\"@id\":\"https:\/\/demostore.ai\/vi\/san-pham\/nikon-aculon-t01-ong-nhom\/\",\"url\":\"https:\/\/demostore.ai\/vi\/san-pham\/nikon-aculon-t01-ong-nhom\/\",\"name\":\"Shop Nikon Aculon T01 Ong Nhom Hinh Anh Net Nhe Nhanh\",\"isPartOf\":{\"@id\":\"https:\/\/demostore.ai\/vi\/#website\"},\"primaryImageOfPage\":{\"@id\":\"https:\/\/demostore.ai\/vi\/san-pham\/nikon-aculon-t01-ong-nhom\/#primaryimage\"},\"image\":{\"@id\":\"https:\/\/demostore.ai\/vi\/san-pham\/nikon-aculon-t01-ong-nhom\/#primaryimage\"},\"thumbnailUrl\":\"https:\/\/demostore.ai\/wp-content\/uploads\/2025\/06\/Binoculars-1.png\",\"datePublished\":\"2025-06-16T01:08:47+00:00\",\"dateModified\":\"2026-02-18T02:36:30+00:00\",\"description\":\"Kh\u1edfi ngu\u1ed3n c\u1ea3m h\u1ee9ng v\u1edbi Nikon Aculon T01 \u1ed1ng nh\u00f2m nh\u1ecf g\u1ecdn, h\u00ecnh \u1ea3nh s\u1eafc n\u00e9t, d\u1ec5 d\u00f9ng. Ph\u00f9 h\u1ee3p du l\u1ecbch, th\u1ec3 thao, c\u00f4ng vi\u1ec7c ngo\u00e0i tr\u1eddi v\u00e0 l\u00e0m qu\u00e0 t\u1eb7ng.\",\"breadcrumb\":{\"@id\":\"https:\/\/demostore.ai\/vi\/san-pham\/nikon-aculon-t01-ong-nhom\/#breadcrumb\"},\"inLanguage\":\"vi\",\"potentialAction\":[{\"@type\":\"ReadAction\",\"target\":[\"https:\/\/demostore.ai\/vi\/san-pham\/nikon-aculon-t01-ong-nhom\/\"]}]},{\"@type\":\"ImageObject\",\"inLanguage\":\"vi\",\"@id\":\"https:\/\/demostore.ai\/vi\/san-pham\/nikon-aculon-t01-ong-nhom\/#primaryimage\",\"url\":\"https:\/\/demostore.ai\/wp-content\/uploads\/2025\/06\/Binoculars-1.png\",\"contentUrl\":\"https:\/\/demostore.ai\/wp-content\/uploads\/2025\/06\/Binoculars-1.png\",\"width\":1000,\"height\":732,\"caption\":\"\u1ed0ng nh\u00f2m Nikon Aculon T01 m\u00e0u \u0111en, thi\u1ebft k\u1ebf nh\u1ecf g\u1ecdn, ph\u00f9 h\u1ee3p cho du l\u1ecbch v\u00e0 quan s\u00e1t ngo\u00e0i tr\u1eddi.\"},{\"@type\":\"BreadcrumbList\",\"@id\":\"https:\/\/demostore.ai\/vi\/san-pham\/nikon-aculon-t01-ong-nhom\/#breadcrumb\",\"itemListElement\":[{\"@type\":\"ListItem\",\"position\":1,\"name\":\"Trang ch\u1ee7\",\"item\":\"https:\/\/demostore.ai\/vi\/\"},{\"@type\":\"ListItem\",\"position\":2,\"name\":\"C\u1eeda h\u00e0ng\",\"item\":\"https:\/\/demostore.ai\/vi\/cua-hang\/\"},{\"@type\":\"ListItem\",\"position\":3,\"name\":\"Nikon Aculon T01 \u1ed0ng Nh\u00f2m\"}]},{\"@type\":\"WebSite\",\"@id\":\"https:\/\/demostore.ai\/vi\/#website\",\"url\":\"https:\/\/demostore.ai\/vi\/\",\"name\":\"Trendy Thread\",\"description\":\"C\u1eeda h\u00e0ng demo WriteText.ai\",\"publisher\":{\"@id\":\"https:\/\/demostore.ai\/vi\/#organization\"},\"potentialAction\":[{\"@type\":\"SearchAction\",\"target\":{\"@type\":\"EntryPoint\",\"urlTemplate\":\"https:\/\/demostore.ai\/vi\/?s={search_term_string}\"},\"query-input\":{\"@type\":\"PropertyValueSpecification\",\"valueRequired\":true,\"valueName\":\"search_term_string\"}}],\"inLanguage\":\"vi\"},{\"@type\":\"Organization\",\"@id\":\"https:\/\/demostore.ai\/vi\/#organization\",\"name\":\"WriteText.ai\",\"url\":\"https:\/\/demostore.ai\/vi\/\",\"logo\":{\"@type\":\"ImageObject\",\"inLanguage\":\"vi\",\"@id\":\"https:\/\/demostore.ai\/vi\/#\/schema\/logo\/image\/\",\"url\":\"https:\/\/demostore.ai\/wp-content\/uploads\/2025\/10\/writetext_logo.webp\",\"contentUrl\":\"https:\/\/demostore.ai\/wp-content\/uploads\/2025\/10\/writetext_logo.webp\",\"width\":200,\"height\":34,\"caption\":\"WriteText.ai\"},\"image\":{\"@id\":\"https:\/\/demostore.ai\/vi\/#\/schema\/logo\/image\/\"}}]}<\/script>\n<!-- \/ Yoast SEO plugin. -->","yoast_head_json":{"title":"Shop Nikon Aculon T01 Ong Nhom Hinh Anh Net Nhe Nhanh","description":"Kh\u1edfi ngu\u1ed3n c\u1ea3m h\u1ee9ng v\u1edbi Nikon Aculon T01 \u1ed1ng nh\u00f2m nh\u1ecf g\u1ecdn, h\u00ecnh \u1ea3nh s\u1eafc n\u00e9t, d\u1ec5 d\u00f9ng. Ph\u00f9 h\u1ee3p du l\u1ecbch, th\u1ec3 thao, c\u00f4ng vi\u1ec7c ngo\u00e0i tr\u1eddi v\u00e0 l\u00e0m qu\u00e0 t\u1eb7ng.","robots":{"index":"index","follow":"follow","max-snippet":"max-snippet:-1","max-image-preview":"max-image-preview:large","max-video-preview":"max-video-preview:-1"},"canonical":"https:\/\/demostore.ai\/vi\/san-pham\/nikon-aculon-t01-ong-nhom\/","og_type":"article","og_title":"Shop Nikon Aculon T01 Ong Nhom Hinh Anh Net Nhe Nhanh","og_description":"C\u1ea3m nh\u1eadn h\u00ecnh \u1ea3nh r\u00f5 n\u00e9t v\u00e0 tr\u1ea3i nghi\u1ec7m linh ho\u1ea1t v\u1edbi Nikon Aculon T01 \u1ed1ng nh\u00f2m nh\u1ecf g\u1ecdn, tr\u1ecdng l\u01b0\u1ee3ng nh\u1eb9. L\u1ef1a ch\u1ecdn ph\u00f9 h\u1ee3p cho du l\u1ecbch, th\u1ec3 thao hay quan s\u00e1t thi\u00ean nhi\u00ean. Thi\u1ebft k\u1ebf hi\u1ec7n \u0111\u1ea1i, d\u1ec5 mang theo v\u00e0 \u1ee9ng d\u1ee5ng \u0111a d\u1ea1ng trong cu\u1ed9c s\u1ed1ng.","og_url":"https:\/\/demostore.ai\/vi\/san-pham\/nikon-aculon-t01-ong-nhom\/","og_site_name":"Trendy Thread","article_modified_time":"2026-02-18T02:36:30+00:00","og_image":[{"width":1000,"height":732,"url":"https:\/\/demostore.ai\/wp-content\/uploads\/2025\/06\/Binoculars-1.png","type":"image\/png"}],"twitter_card":"summary_large_image","twitter_title":"Shop Nikon Aculon T01 Ong Nhom Hinh Anh Net Nhe Nhanh","twitter_description":"C\u1ea3m nh\u1eadn h\u00ecnh \u1ea3nh r\u00f5 n\u00e9t v\u00e0 tr\u1ea3i nghi\u1ec7m linh ho\u1ea1t v\u1edbi Nikon Aculon T01 \u1ed1ng nh\u00f2m nh\u1ecf g\u1ecdn, tr\u1ecdng l\u01b0\u1ee3ng nh\u1eb9. L\u1ef1a ch\u1ecdn ph\u00f9 h\u1ee3p cho du l\u1ecbch, th\u1ec3 thao hay quan s\u00e1t thi\u00ean nhi\u00ean. Thi\u1ebft k\u1ebf hi\u1ec7n \u0111\u1ea1i, d\u1ec5 mang theo v\u00e0 \u1ee9ng d\u1ee5ng \u0111a d\u1ea1ng trong cu\u1ed9c s\u1ed1ng.","twitter_misc":{"\u01af\u1edbc t\u00ednh th\u1eddi gian \u0111\u1ecdc":"1 ph\u00fat"},"schema":{"@context":"https:\/\/schema.org","@graph":[{"@type":"WebPage","@id":"https:\/\/demostore.ai\/vi\/san-pham\/nikon-aculon-t01-ong-nhom\/","url":"https:\/\/demostore.ai\/vi\/san-pham\/nikon-aculon-t01-ong-nhom\/","name":"Shop Nikon Aculon T01 Ong Nhom Hinh Anh Net Nhe Nhanh","isPartOf":{"@id":"https:\/\/demostore.ai\/vi\/#website"},"primaryImageOfPage":{"@id":"https:\/\/demostore.ai\/vi\/san-pham\/nikon-aculon-t01-ong-nhom\/#primaryimage"},"image":{"@id":"https:\/\/demostore.ai\/vi\/san-pham\/nikon-aculon-t01-ong-nhom\/#primaryimage"},"thumbnailUrl":"https:\/\/demostore.ai\/wp-content\/uploads\/2025\/06\/Binoculars-1.png","datePublished":"2025-06-16T01:08:47+00:00","dateModified":"2026-02-18T02:36:30+00:00","description":"Kh\u1edfi ngu\u1ed3n c\u1ea3m h\u1ee9ng v\u1edbi Nikon Aculon T01 \u1ed1ng nh\u00f2m nh\u1ecf g\u1ecdn, h\u00ecnh \u1ea3nh s\u1eafc n\u00e9t, d\u1ec5 d\u00f9ng. Ph\u00f9 h\u1ee3p du l\u1ecbch, th\u1ec3 thao, c\u00f4ng vi\u1ec7c ngo\u00e0i tr\u1eddi v\u00e0 l\u00e0m qu\u00e0 t\u1eb7ng.","breadcrumb":{"@id":"https:\/\/demostore.ai\/vi\/san-pham\/nikon-aculon-t01-ong-nhom\/#breadcrumb"},"inLanguage":"vi","potentialAction":[{"@type":"ReadAction","target":["https:\/\/demostore.ai\/vi\/san-pham\/nikon-aculon-t01-ong-nhom\/"]}]},{"@type":"ImageObject","inLanguage":"vi","@id":"https:\/\/demostore.ai\/vi\/san-pham\/nikon-aculon-t01-ong-nhom\/#primaryimage","url":"https:\/\/demostore.ai\/wp-content\/uploads\/2025\/06\/Binoculars-1.png","contentUrl":"https:\/\/demostore.ai\/wp-content\/uploads\/2025\/06\/Binoculars-1.png","width":1000,"height":732,"caption":"\u1ed0ng nh\u00f2m Nikon Aculon T01 m\u00e0u \u0111en, thi\u1ebft k\u1ebf nh\u1ecf g\u1ecdn, ph\u00f9 h\u1ee3p cho du l\u1ecbch v\u00e0 quan s\u00e1t ngo\u00e0i tr\u1eddi."},{"@type":"BreadcrumbList","@id":"https:\/\/demostore.ai\/vi\/san-pham\/nikon-aculon-t01-ong-nhom\/#breadcrumb","itemListElement":[{"@type":"ListItem","position":1,"name":"Trang ch\u1ee7","item":"https:\/\/demostore.ai\/vi\/"},{"@type":"ListItem","position":2,"name":"C\u1eeda h\u00e0ng","item":"https:\/\/demostore.ai\/vi\/cua-hang\/"},{"@type":"ListItem","position":3,"name":"Nikon Aculon T01 \u1ed0ng Nh\u00f2m"}]},{"@type":"WebSite","@id":"https:\/\/demostore.ai\/vi\/#website","url":"https:\/\/demostore.ai\/vi\/","name":"Trendy Thread","description":"C\u1eeda h\u00e0ng demo WriteText.ai","publisher":{"@id":"https:\/\/demostore.ai\/vi\/#organization"},"potentialAction":[{"@type":"SearchAction","target":{"@type":"EntryPoint","urlTemplate":"https:\/\/demostore.ai\/vi\/?s={search_term_string}"},"query-input":{"@type":"PropertyValueSpecification","valueRequired":true,"valueName":"search_term_string"}}],"inLanguage":"vi"},{"@type":"Organization","@id":"https:\/\/demostore.ai\/vi\/#organization","name":"WriteText.ai","url":"https:\/\/demostore.ai\/vi\/","logo":{"@type":"ImageObject","inLanguage":"vi","@id":"https:\/\/demostore.ai\/vi\/#\/schema\/logo\/image\/","url":"https:\/\/demostore.ai\/wp-content\/uploads\/2025\/10\/writetext_logo.webp","contentUrl":"https:\/\/demostore.ai\/wp-content\/uploads\/2025\/10\/writetext_logo.webp","width":200,"height":34,"caption":"WriteText.ai"},"image":{"@id":"https:\/\/demostore.ai\/vi\/#\/schema\/logo\/image\/"}}]}},"_links":{"self":[{"href":"https:\/\/demostore.ai\/vi\/wp-json\/wp\/v2\/product\/38343","targetHints":{"allow":["GET"]}}],"collection":[{"href":"https:\/\/demostore.ai\/vi\/wp-json\/wp\/v2\/product"}],"about":[{"href":"https:\/\/demostore.ai\/vi\/wp-json\/wp\/v2\/types\/product"}],"replies":[{"embeddable":true,"href":"https:\/\/demostore.ai\/vi\/wp-json\/wp\/v2\/comments?post=38343"}],"wp:featuredmedia":[{"embeddable":true,"href":"https:\/\/demostore.ai\/vi\/wp-json\/wp\/v2\/media\/23015"}],"wp:attachment":[{"href":"https:\/\/demostore.ai\/vi\/wp-json\/wp\/v2\/media?parent=38343"}],"wp:term":[{"taxonomy":"product_brand","embeddable":true,"href":"https:\/\/demostore.ai\/vi\/wp-json\/wp\/v2\/product_brand?post=38343"},{"taxonomy":"product_cat","embeddable":true,"href":"https:\/\/demostore.ai\/vi\/wp-json\/wp\/v2\/product_cat?post=38343"},{"taxonomy":"product_tag","embeddable":true,"href":"https:\/\/demostore.ai\/vi\/wp-json\/wp\/v2\/product_tag?post=38343"}],"curies":[{"name":"wp","href":"https:\/\/api.w.org\/{rel}","templated":true}]}}