{"id":38111,"date":"2025-08-06T08:46:19","date_gmt":"2025-08-06T00:46:19","guid":{"rendered":"https:\/\/demostore.ai\/?post_type=product&#038;p=38111"},"modified":"2026-02-18T10:46:26","modified_gmt":"2026-02-18T02:46:26","slug":"sapiens","status":"publish","type":"product","link":"https:\/\/demostore.ai\/vi\/san-pham\/sapiens\/","title":{"rendered":"Sapiens"},"content":{"rendered":"<section data-wtai-block-id=\"wtai_product_description_features\" class=\"wtai-section wtai-features-section\">\n<h2>Nh\u1eefng \u0110i\u1ec3m N\u1ed5i B\u1eadt C\u1ee7a Sapiens<\/h2>\n<ul>\n<li><strong>Ph\u00e2n t\u00edch l\u1ecbch s\u1eed lo\u00e0i ng\u01b0\u1eddi qua g\u00f3c nh\u00ecn m\u1edbi<\/strong> \u2013 Cu\u1ed1n s\u00e1ch \u0111\u01b0a b\u1ea1n kh\u00e1m ph\u00e1 h\u00e0nh tr\u00ecnh ph\u00e1t tri\u1ec3n t\u1eeb th\u1eddi s\u0103n b\u1eafn h\u00e1i l\u01b0\u1ee3m \u0111\u1ebfn n\u1ec1n v\u0103n minh hi\u1ec7n \u0111\u1ea1i.<\/li>\n<li><strong>Vi\u1ebft b\u1edfi s\u1eed gia uy t\u00edn Yuval Noah Harari<\/strong> \u2013 T\u00e1c ph\u1ea9m k\u1ebft h\u1ee3p ki\u1ebfn th\u1ee9c l\u1ecbch s\u1eed, sinh h\u1ecdc v\u00e0 x\u00e3 h\u1ed9i h\u1ecdc, \u0111em l\u1ea1i c\u00e1i nh\u00ecn to\u00e0n di\u1ec7n v\u1ec1 s\u1ef1 h\u00ecnh th\u00e0nh v\u00e0 ti\u1ebfn h\u00f3a c\u1ee7a nh\u00e2n lo\u1ea1i.<\/li>\n<li><strong>D\u1eabn d\u1eaft b\u1eb1ng l\u1ed1i k\u1ec3 chuy\u1ec7n sinh \u0111\u1ed9ng, d\u1ec5 hi\u1ec3u<\/strong> \u2013 V\u0103n phong d\u00ed d\u1ecfm, s\u1eafc s\u1ea3o gi\u00fap nh\u1eefng ch\u1ee7 \u0111\u1ec1 ph\u1ee9c t\u1ea1p tr\u1edf n\u00ean cu\u1ed1n h\u00fat v\u00e0 g\u1ea7n g\u0169i.<\/li>\n<li><strong>T\u00edch h\u1ee3p c\u00e1c c\u00e2u h\u1ecfi l\u1edbn v\u1ec1 x\u00e3 h\u1ed9i, t\u00f4n gi\u00e1o v\u00e0 c\u00f4ng ngh\u1ec7<\/strong> \u2013 \u0110\u1eb7t ra c\u00e1c suy ng\u1eabm v\u1ec1 ngu\u1ed3n g\u1ed1c, ni\u1ec1m tin, quy\u1ec1n l\u1ef1c v\u00e0 s\u1ef1 ph\u00e1t tri\u1ec3n c\u1ee7a con ng\u01b0\u1eddi.<\/li>\n<li><strong>\u1ea4n b\u1ea3n b\u00e1n ch\u1ea1y to\u00e0n c\u1ea7u, \u0111\u01b0\u1ee3c nhi\u1ec1u ng\u01b0\u1eddi n\u1ed5i ti\u1ebfng khen ng\u1ee3i<\/strong> \u2013 S\u00e1ch t\u1eebng \u0111\u1ee9ng \u0111\u1ea7u New York Times Bestseller, nh\u1eadn \u0111\u01b0\u1ee3c \u0111\u00e1nh gi\u00e1 t\u00edch c\u1ef1c t\u1eeb c\u00e1c nh\u00e2n v\u1eadt h\u00e0ng \u0111\u1ea7u th\u1ebf gi\u1edbi.<\/li>\n<\/ul>\n<\/section>\n<div data-wtai-block-id=\"wtai_product_description_image_1\" class=\"wtai-section wtai-image_1-section\">\n<figure class=\"wtai-image-p wtai-align-center\" style=\"text-align:center\"><img decoding=\"async\" src=\"https:\/\/demostore.ai\/wp-content\/uploads\/2025\/08\/Sapiens-2-600x600.png\" alt=\"Trang sau s\u00e1ch Sapiens v\u1edbi l\u1eddi khen t\u1eeb c\u00e1c chuy\u00ean gia v\u1ec1 n\u1ed9i dung s\u00e2u s\u1eafc v\u00e0 \u00fd ngh\u0129a c\u1ee7a cu\u1ed1n s\u00e1ch.\" srcset=\"https:\/\/demostore.ai\/wp-content\/uploads\/2025\/08\/Sapiens-2.png 1000w, https:\/\/demostore.ai\/wp-content\/uploads\/2025\/08\/Sapiens-2-300x300.png 300w, https:\/\/demostore.ai\/wp-content\/uploads\/2025\/08\/Sapiens-2-150x150.png 150w, https:\/\/demostore.ai\/wp-content\/uploads\/2025\/08\/Sapiens-2-768x768.png 768w, https:\/\/demostore.ai\/wp-content\/uploads\/2025\/08\/Sapiens-2-600x600.png 600w, https:\/\/demostore.ai\/wp-content\/uploads\/2025\/08\/Sapiens-2-250x250.png 250w\"><figcaption>\n<p>M\u1eb7t sau s\u00e1ch n\u1ed5i b\u1eadt v\u1edbi l\u1eddi khen t\u1eeb nhi\u1ec1u nh\u00e2n v\u1eadt danh ti\u1ebfng, t\u1ea1o c\u1ea3m gi\u00e1c tin c\u1eady ngay l\u1eadp t\u1ee9c.<\/p>\n<\/figcaption><\/figure>\n<\/p><\/div>\n<section data-wtai-block-id=\"wtai_product_description_technical_specifications\" class=\"wtai-section wtai-technical_specifications-section\">\n<h3>Th\u00f4ng S\u1ed1 Chi Ti\u1ebft<\/h3>\n<ul>\n<li><strong>T\u00ean s\u00e1ch<\/strong>: Sapiens: A Brief History of Humankind<\/li>\n<li><strong>T\u00e1c gi\u1ea3<\/strong>: Yuval Noah Harari<\/li>\n<li><strong>Ng\u00f4n ng\u1eef<\/strong>: Ti\u1ebfng Anh (b\u1ea3n g\u1ed1c), nhi\u1ec1u b\u1ea3n d\u1ecbch ch\u00ednh th\u1ee9c<\/li>\n<li><strong>Th\u1ec3 lo\u1ea1i<\/strong>: Phi h\u01b0 c\u1ea5u, l\u1ecbch s\u1eed, khoa h\u1ecdc x\u00e3 h\u1ed9i<\/li>\n<li><strong>K\u00edch th\u01b0\u1edbc<\/strong>: 20,5 x 13,5 x 3 cm (quy \u0111\u1ed5i 8.07&quot; x 5.31&quot; x 1.18&quot;)<\/li>\n<li><strong>Tr\u1ecdng l\u01b0\u1ee3ng<\/strong>: 395g (0.87 lb)<\/li>\n<li><strong>S\u1ed1 trang<\/strong>: 498 trang<\/li>\n<li><strong>Nh\u00e0 xu\u1ea5t b\u1ea3n<\/strong>: Harper (\u1ea5n b\u1ea3n ti\u1ebfng Anh), nhi\u1ec1u nh\u00e0 xu\u1ea5t b\u1ea3n \u0111\u1ed1i v\u1edbi b\u1ea3n d\u1ecbch<\/li>\n<\/ul>\n<\/section>\n<section data-wtai-block-id=\"wtai_product_description_custom_1\" class=\"wtai-section wtai-custom_1-section\">\n<h2>\u0110\u1ed1i t\u01b0\u1ee3ng ph\u00f9 h\u1ee3p v\u00e0 d\u1ecbp l\u00fd t\u01b0\u1edfng cho Sapiens<\/h2>\n<ul>\n<li><strong>Doanh nh\u00e2n v\u00e0 nh\u00e0 qu\u1ea3n l\u00fd<\/strong>: Truy c\u1eadp nhanh v\u00e0o t\u01b0 duy l\u1edbn v\u1ec1 l\u1ecbch s\u1eed v\u00e0 con ng\u01b0\u1eddi.<\/li>\n<li><strong>C\u00e2u l\u1ea1c b\u1ed9 s\u00e1ch v\u00e0 nh\u00f3m th\u1ea3o lu\u1eadn<\/strong>: Kh\u01a1i g\u1ee3i tranh lu\u1eadn s\u00e2u s\u1eafc v\u1ec1 ti\u1ebfn tr\u00ecnh x\u00e3 h\u1ed9i v\u00e0 tr\u00ed tu\u1ec7.<\/li>\n<li><strong>Ng\u01b0\u1eddi t\u00f2 m\u00f2 mu\u1ed1n m\u1edf r\u1ed9ng hi\u1ec3u bi\u1ebft<\/strong>: G\u00f3c nh\u00ecn m\u1edbi m\u1ebb v\u1ec1 l\u1ecbch s\u1eed lo\u00e0i ng\u01b0\u1eddi trong phong c\u00e1ch k\u1ec3 chuy\u1ec7n hi\u1ec7n \u0111\u1ea1i.<\/li>\n<\/ul>\n<\/section>\n<section data-wtai-block-id=\"wtai_product_description_custom_2\" class=\"wtai-section wtai-custom_2-section\">\n<h2>Th\u00f4ng tin v\u1ec1 t\u00e1c gi\u1ea3 Yuval Noah Harari<\/h2>\n<p>Yuval Noah Harari l\u00e0 s\u1eed gia v\u00e0 tri\u1ebft gia n\u1ed5i ti\u1ebfng ng\u01b0\u1eddi Israel, \u0111\u01b0\u1ee3c bi\u1ebft \u0111\u1ebfn r\u1ed9ng r\u00e3i v\u1edbi g\u00f3c nh\u00ecn t\u01b0\u01a1i m\u1edbi v\u1ec1 l\u1ecbch s\u1eed nh\u00e2n lo\u1ea1i.<\/p>\n<p>\u00d4ng c\u00f3 b\u1eb1ng ti\u1ebfn s\u0129 t\u1eeb \u0110\u1ea1i h\u1ecdc Oxford v\u00e0 hi\u1ec7n l\u00e0m gi\u00e1o s\u01b0 t\u1ea1i \u0110\u1ea1i h\u1ecdc Hebrew Jerusalem, n\u1ed5i b\u1eadt v\u1edbi l\u1ed1i k\u1ec3 chuy\u1ec7n linh ho\u1ea1t v\u00e0 s\u00e2u s\u1eafc.<\/p>\n<p>Sapiens ch\u00ednh l\u00e0 t\u00e1c ph\u1ea9m \u0111\u01b0a t\u00ean tu\u1ed5i Harari l\u00ean t\u1ea7m qu\u1ed1c t\u1ebf, b\u00e1n ch\u1ea1y tr\u00ean to\u00e0n c\u1ea7u v\u00e0 \u0111\u01b0\u1ee3c nhi\u1ec1u l\u00e3nh \u0111\u1ea1o nh\u01b0 Bill Gates \u0111\u00e1nh gi\u00e1 cao.<\/p>\n<p>Ngo\u00e0i Sapiens, Harari c\u00f2n c\u00f3 nhi\u1ec1u t\u00e1c ph\u1ea9m \u0111\u00e1ng ch\u00fa \u00fd nh\u01b0 Homo Deus v\u00e0 21 B\u00e0i H\u1ecdc Cho Th\u1ebf K\u1ef7 21, thu h\u00fat \u0111\u1ed9c gi\u1ea3 b\u1edfi c\u00e1ch \u00f4ng h\u00f2a quy\u1ec7n l\u1ecbch s\u1eed, tri\u1ebft h\u1ecdc v\u00e0 c\u00f4ng ngh\u1ec7.<\/p>\n<p>C\u00e1c cu\u1ed1n s\u00e1ch c\u1ee7a Harari gi\u00fap ng\u01b0\u1eddi \u0111\u1ecdc doanh nghi\u1ec7p v\u00e0 th\u1ebf h\u1ec7 l\u1edbn tu\u1ed5i hi\u1ec3u r\u00f5 h\u01a1n ngu\u1ed3n g\u1ed1c, v\u1eadn \u0111\u1ed9ng v\u00e0 t\u01b0\u01a1ng lai c\u1ee7a lo\u00e0i ng\u01b0\u1eddi \u2013 m\u1ed9t l\u1ef1a ch\u1ecdn h\u1ea5p d\u1eabn kh\u00f4ng th\u1ec3 b\u1ecf qua.<\/p>\n<\/section>\n<section data-wtai-block-id=\"wtai_product_description_faqs\" class=\"wtai-section wtai-faqs-section\">\n<h2>Gi\u1ea3i \u0110\u00e1p Th\u1eafc M\u1eafc Th\u01b0\u1eddng G\u1eb7p<\/h2>\n<p><strong>Sapiens ph\u00f9 h\u1ee3p v\u1edbi nh\u1eefng \u0111\u1ed1i t\u01b0\u1ee3ng n\u00e0o?<\/strong><\/p>\n<p>Cu\u1ed1n s\u00e1ch l\u00fd t\u01b0\u1edfng cho \u0111\u1ed9c gi\u1ea3 mu\u1ed1n hi\u1ec3u v\u1ec1 l\u1ecbch s\u1eed lo\u00e0i ng\u01b0\u1eddi qua l\u0103ng k\u00ednh sinh \u0111\u1ed9ng, bao g\u1ed3m l\u00e3nh \u0111\u1ea1o doanh nghi\u1ec7p, ng\u01b0\u1eddi l\u00e0m nghi\u00ean c\u1ee9u, v\u00e0 nh\u1eefng ai y\u00eau th\u00edch kh\u00e1m ph\u00e1 tri th\u1ee9c m\u1edbi.<\/p>\n<p><strong>S\u00e1ch Sapiens c\u00f3 b\u1ea3n d\u1ecbch ti\u1ebfng Vi\u1ec7t kh\u00f4ng?<\/strong><\/p>\n<p>C\u00f3. Sapiens \u0111\u00e3 \u0111\u01b0\u1ee3c d\u1ecbch v\u00e0 xu\u1ea5t b\u1ea3n ch\u00ednh th\u1ee9c t\u1ea1i Vi\u1ec7t Nam, ph\u00f9 h\u1ee3p v\u1edbi \u0111\u1ed9c gi\u1ea3 kh\u00f4ng chuy\u00ean Anh ng\u1eef.<\/p>\n<p><strong>T\u00f4i c\u00f3 th\u1ec3 v\u1eadn d\u1ee5ng ki\u1ebfn th\u1ee9c t\u1eeb Sapiens nh\u01b0 th\u1ebf n\u00e0o trong c\u00f4ng vi\u1ec7c?<\/strong><\/p>\n<p>N\u1ed9i dung s\u00e1ch gi\u00fap m\u1edf r\u1ed9ng t\u01b0 duy, ph\u00e1t tri\u1ec3n k\u1ef9 n\u0103ng ph\u00e2n t\u00edch, \u0111\u1ecbnh h\u00ecnh chi\u1ebfn l\u01b0\u1ee3c v\u00e0 nh\u00ecn nh\u1eadn nh\u1eefng v\u1ea5n \u0111\u1ec1 hi\u1ec7n \u0111\u1ea1i d\u01b0\u1edbi g\u00f3c nh\u00ecn l\u1ecbch s\u1eed v\u00e0 ph\u00e1t tri\u1ec3n lo\u00e0i ng\u01b0\u1eddi.<\/p>\n<p><strong>Sapiens c\u00f3 g\u00ec kh\u00e1c bi\u1ec7t so v\u1edbi c\u00e1c s\u00e1ch l\u1ecbch s\u1eed th\u00f4ng th\u01b0\u1eddng?<\/strong><\/p>\n<p>Kh\u00e1c bi\u1ec7t l\u1edbn n\u1eb1m \u1edf c\u00e1ch Harari ph\u00e2n t\u00edch l\u1ecbch s\u1eed t\u1eeb g\u00f3c nh\u00ecn li\u00ean ng\u00e0nh, d\u1eabn chuy\u1ec7n cu\u1ed1n h\u00fat, \u0111\u1eb7t ra c\u00e2u h\u1ecfi m\u1edbi m\u1ebb v\u1ec1 x\u00e3 h\u1ed9i, ni\u1ec1m tin, v\u00e0 s\u1ef1 ti\u1ebfn h\u00f3a c\u1ee7a nh\u1eadn th\u1ee9c nh\u00e2n lo\u1ea1i.<\/p>\n<\/section>\n<section data-wtai-block-id=\"wtai_product_description_conclusion\" class=\"wtai-section wtai-conclusion-section\">\n<h3>Kh\u00e1m Ph\u00e1 L\u1ecbch S\u1eed Lo\u00e0i Ng\u01b0\u1eddi Qua Sapiens<\/h3>\n<p><strong>Sapiens kh\u00f4ng ch\u1ec9 k\u1ec3 l\u1ea1i l\u1ecbch s\u1eed m\u00e0 c\u00f2n th\u00f4i th\u00fac b\u1ea1n suy ng\u1eabm s\u00e2u h\u01a1n v\u1ec1 hi\u1ec7n t\u1ea1i v\u00e0 t\u01b0\u01a1ng lai c\u1ee7a nh\u00e2n lo\u1ea1i.<\/strong> <strong>L\u1ed1i k\u1ec3 chuy\u1ec7n t\u1ef1 nhi\u00ean, s\u1eafc s\u1ea3o bi\u1ebfn nh\u1eefng v\u1ea5n \u0111\u1ec1 l\u1edbn lao tr\u1edf n\u00ean g\u1ea7n g\u0169i v\u00e0 d\u1ec5 hi\u1ec3u cho m\u1ecdi \u0111\u1ed9c gi\u1ea3.<\/strong> <strong>\u0110\u1eebng b\u1ecf l\u1ee1 c\u01a1 h\u1ed9i n\u1eafm b\u1eaft m\u1ed9t cu\u1ed1n s\u00e1ch t\u1eebng l\u00e0m rung chuy\u1ec3n th\u1ebf gi\u1edbi tri th\u1ee9c \u2013 h\u00e3y s\u1edf h\u1eefu ngay h\u00f4m nay, tr\u01b0\u1edbc khi b\u1ea1n qu\u00ean m\u1ea5t!<\/strong><\/p>\n<\/section>\n","protected":false},"excerpt":{"rendered":"<div data-wtai-block-id=\"wtai_excerpt_subtitle\" class=\"wtai-section wtai-subtitle-section\">\n<p><em><strong>H\u00e0nh tr\u00ecnh v\u0129 \u0111\u1ea1i c\u1ee7a nh\u00e2n lo\u1ea1i trong t\u1eebng trang s\u00e1ch<\/strong><\/em><\/p>\n<\/p><\/div>\n<div data-wtai-block-id=\"wtai_excerpt_introduction\" class=\"wtai-section wtai-introduction-section\">\n<p>Kh\u00f4ng ph\u1ea3i ng\u00e0y n\u00e0o b\u1ea1n c\u0169ng c\u1ea7m tr\u00ean tay m\u1ed9t cu\u1ed1n s\u00e1ch c\u00f3 th\u1ec3 thay \u0111\u1ed5i c\u00e1ch nh\u00ecn v\u1ec1 th\u1ebf gi\u1edbi. &quot;Sapiens: L\u01b0\u1ee3c S\u1eed Lo\u00e0i Ng\u01b0\u1eddi&quot; l\u00e0 t\u00e1c ph\u1ea9m n\u1ed5i b\u1eadt c\u1ee7a Yuval Noah Harari, \u0111\u01b0a ng\u01b0\u1eddi \u0111\u1ecdc tr\u1ea3i nghi\u1ec7m l\u1ecbch s\u1eed ti\u1ebfn h\u00f3a c\u1ee7a con ng\u01b0\u1eddi t\u1eeb thu\u1edf s\u01a1 khai \u0111\u1ebfn hi\u1ec7n \u0111\u1ea1i. Cu\u1ed1n s\u00e1ch n\u00e0y gi\u00fap b\u1ea1n hi\u1ec3u \u0111\u01b0\u1ee3c v\u00ec sao lo\u00e0i ng\u01b0\u1eddi l\u1ea1i tr\u1edf th\u00e0nh gi\u1ed1ng lo\u00e0i th\u1ed1ng tr\u1ecb tr\u00ean Tr\u00e1i \u0110\u1ea5t, \u0111\u1ed3ng th\u1eddi mang l\u1ea1i g\u00f3c nh\u00ecn g\u1ea7n g\u0169i, d\u1ec5 ti\u1ebfp c\u1eadn v\u1ec1 nh\u1eefng b\u01b0\u1edbc ngo\u1eb7t then ch\u1ed1t trong l\u1ecbch s\u1eed nh\u00e2n lo\u1ea1i. M\u1ed9t l\u1ef1a ch\u1ecdn kh\u00f4ng th\u1ec3 thi\u1ebfu cho nh\u1eefng ai mu\u1ed1n m\u1edf r\u1ed9ng t\u1ea7m nh\u00ecn v\u00e0 tri th\u1ee9c.<\/p>\n<\/p><\/div>\n","protected":false},"featured_media":33983,"comment_status":"open","ping_status":"closed","template":"","meta":[],"product_brand":[],"product_cat":[196],"product_tag":[],"class_list":{"0":"post-38111","1":"product","2":"type-product","3":"status-publish","4":"has-post-thumbnail","6":"product_cat-sach-truyen-thong","8":"first","9":"instock","10":"shipping-taxable","11":"purchasable","12":"product-type-simple"},"bundled_by":[],"bundle_stock_status":"instock","bundle_stock_quantity":null,"bundle_virtual":false,"bundle_layout":"","bundle_add_to_cart_form_location":"","bundle_editable_in_cart":false,"bundle_sold_individually_context":"","bundle_item_grouping":"","bundle_min_size":"","bundle_max_size":"","bundle_price":[],"bundled_items":[],"bundle_sell_ids":[],"yoast_head":"<!-- This site is optimized with the Yoast SEO plugin v25.2 - https:\/\/yoast.com\/wordpress\/plugins\/seo\/ -->\n<title>Kh\u00e1m Ph\u00e1 Sapiens H\u00e0nh Tr\u00ecnh Ng\u1eafn C\u1ee7a Nh\u00e2n Lo\u1ea1i<\/title>\n<meta name=\"description\" content=\"L\u1eddi k\u1ec3 hi\u1ec7n \u0111\u1ea1i v\u1ec1 l\u1ecbch s\u1eed nh\u00e2n lo\u1ea1i trong Sapiens gi\u00fap b\u1ea1n hi\u1ec3u ngu\u1ed3n g\u1ed1c, ti\u1ebfn h\u00f3a v\u00e0 nh\u1eefng chuy\u1ec3n bi\u1ebfn l\u1edbn qua t\u1eebng giai \u0111o\u1ea1n ph\u00e1t tri\u1ec3n c\u1ee7a con ng\u01b0\u1eddi.\" \/>\n<meta name=\"robots\" content=\"index, follow, max-snippet:-1, max-image-preview:large, max-video-preview:-1\" \/>\n<link rel=\"canonical\" href=\"https:\/\/demostore.ai\/vi\/san-pham\/sapiens\/\" \/>\n<meta property=\"og:type\" content=\"article\" \/>\n<meta property=\"og:title\" content=\"Kh\u00e1m Ph\u00e1 Sapiens H\u00e0nh Tr\u00ecnh Ng\u1eafn C\u1ee7a Nh\u00e2n Lo\u1ea1i\" \/>\n<meta property=\"og:description\" content=\"Nh\u1eefng ch\u01b0\u01a1ng h\u1ea5p d\u1eabn t\u1eeb Sapiens h\u00e9 m\u1edf to\u00e0n c\u1ea3nh l\u1ecbch s\u1eed lo\u00e0i ng\u01b0\u1eddi v\u1edbi c\u00e1ch ti\u1ebfp c\u1eadn m\u1edbi l\u1ea1, gi\u00fap \u0111\u00e0o s\u00e2u s\u1ef1 ph\u00e1t tri\u1ec3n, v\u0103n minh v\u00e0 t\u01b0 duy nh\u00e2n lo\u1ea1i d\u1ec5 hi\u1ec3u, sinh \u0111\u1ed9ng.\" \/>\n<meta property=\"og:url\" content=\"https:\/\/demostore.ai\/vi\/san-pham\/sapiens\/\" \/>\n<meta property=\"og:site_name\" content=\"Trendy Thread\" \/>\n<meta property=\"article:modified_time\" content=\"2026-02-18T02:46:26+00:00\" \/>\n<meta property=\"og:image\" content=\"https:\/\/demostore.ai\/wp-content\/uploads\/2025\/08\/Sapiens-1.png\" \/>\n\t<meta property=\"og:image:width\" content=\"1000\" \/>\n\t<meta property=\"og:image:height\" content=\"1000\" \/>\n\t<meta property=\"og:image:type\" content=\"image\/png\" \/>\n<meta name=\"twitter:card\" content=\"summary_large_image\" \/>\n<meta name=\"twitter:title\" content=\"Kh\u00e1m Ph\u00e1 Sapiens H\u00e0nh Tr\u00ecnh Ng\u1eafn C\u1ee7a Nh\u00e2n Lo\u1ea1i\" \/>\n<meta name=\"twitter:description\" content=\"Nh\u1eefng ch\u01b0\u01a1ng h\u1ea5p d\u1eabn t\u1eeb Sapiens h\u00e9 m\u1edf to\u00e0n c\u1ea3nh l\u1ecbch s\u1eed lo\u00e0i ng\u01b0\u1eddi v\u1edbi c\u00e1ch ti\u1ebfp c\u1eadn m\u1edbi l\u1ea1, gi\u00fap \u0111\u00e0o s\u00e2u s\u1ef1 ph\u00e1t tri\u1ec3n, v\u0103n minh v\u00e0 t\u01b0 duy nh\u00e2n lo\u1ea1i d\u1ec5 hi\u1ec3u, sinh \u0111\u1ed9ng.\" \/>\n<meta name=\"twitter:label1\" content=\"\u01af\u1edbc t\u00ednh th\u1eddi gian \u0111\u1ecdc\" \/>\n\t<meta name=\"twitter:data1\" content=\"1 ph\u00fat\" \/>\n<script type=\"application\/ld+json\" class=\"yoast-schema-graph\">{\"@context\":\"https:\/\/schema.org\",\"@graph\":[{\"@type\":\"WebPage\",\"@id\":\"https:\/\/demostore.ai\/vi\/san-pham\/sapiens\/\",\"url\":\"https:\/\/demostore.ai\/vi\/san-pham\/sapiens\/\",\"name\":\"Kh\u00e1m Ph\u00e1 Sapiens H\u00e0nh Tr\u00ecnh Ng\u1eafn C\u1ee7a Nh\u00e2n Lo\u1ea1i\",\"isPartOf\":{\"@id\":\"https:\/\/demostore.ai\/vi\/#website\"},\"primaryImageOfPage\":{\"@id\":\"https:\/\/demostore.ai\/vi\/san-pham\/sapiens\/#primaryimage\"},\"image\":{\"@id\":\"https:\/\/demostore.ai\/vi\/san-pham\/sapiens\/#primaryimage\"},\"thumbnailUrl\":\"https:\/\/demostore.ai\/wp-content\/uploads\/2025\/08\/Sapiens-1.png\",\"datePublished\":\"2025-08-06T00:46:19+00:00\",\"dateModified\":\"2026-02-18T02:46:26+00:00\",\"description\":\"L\u1eddi k\u1ec3 hi\u1ec7n \u0111\u1ea1i v\u1ec1 l\u1ecbch s\u1eed nh\u00e2n lo\u1ea1i trong Sapiens gi\u00fap b\u1ea1n hi\u1ec3u ngu\u1ed3n g\u1ed1c, ti\u1ebfn h\u00f3a v\u00e0 nh\u1eefng chuy\u1ec3n bi\u1ebfn l\u1edbn qua t\u1eebng giai \u0111o\u1ea1n ph\u00e1t tri\u1ec3n c\u1ee7a con ng\u01b0\u1eddi.\",\"breadcrumb\":{\"@id\":\"https:\/\/demostore.ai\/vi\/san-pham\/sapiens\/#breadcrumb\"},\"inLanguage\":\"vi\",\"potentialAction\":[{\"@type\":\"ReadAction\",\"target\":[\"https:\/\/demostore.ai\/vi\/san-pham\/sapiens\/\"]}]},{\"@type\":\"ImageObject\",\"inLanguage\":\"vi\",\"@id\":\"https:\/\/demostore.ai\/vi\/san-pham\/sapiens\/#primaryimage\",\"url\":\"https:\/\/demostore.ai\/wp-content\/uploads\/2025\/08\/Sapiens-1.png\",\"contentUrl\":\"https:\/\/demostore.ai\/wp-content\/uploads\/2025\/08\/Sapiens-1.png\",\"width\":1000,\"height\":1000,\"caption\":\"B\u00eca s\u00e1ch Sapiens: L\u01b0\u1ee3c s\u1eed lo\u00e0i ng\u01b0\u1eddi c\u1ee7a Yuval Noah Harari, n\u1ed5i b\u1eadt t\u1ef1a \u0111\u1ec1 v\u00e0 l\u1eddi gi\u1edbi thi\u1ec7u.\"},{\"@type\":\"BreadcrumbList\",\"@id\":\"https:\/\/demostore.ai\/vi\/san-pham\/sapiens\/#breadcrumb\",\"itemListElement\":[{\"@type\":\"ListItem\",\"position\":1,\"name\":\"Trang ch\u1ee7\",\"item\":\"https:\/\/demostore.ai\/vi\/\"},{\"@type\":\"ListItem\",\"position\":2,\"name\":\"C\u1eeda h\u00e0ng\",\"item\":\"https:\/\/demostore.ai\/vi\/cua-hang\/\"},{\"@type\":\"ListItem\",\"position\":3,\"name\":\"Sapiens\"}]},{\"@type\":\"WebSite\",\"@id\":\"https:\/\/demostore.ai\/vi\/#website\",\"url\":\"https:\/\/demostore.ai\/vi\/\",\"name\":\"Trendy Thread\",\"description\":\"C\u1eeda h\u00e0ng demo WriteText.ai\",\"publisher\":{\"@id\":\"https:\/\/demostore.ai\/vi\/#organization\"},\"potentialAction\":[{\"@type\":\"SearchAction\",\"target\":{\"@type\":\"EntryPoint\",\"urlTemplate\":\"https:\/\/demostore.ai\/vi\/?s={search_term_string}\"},\"query-input\":{\"@type\":\"PropertyValueSpecification\",\"valueRequired\":true,\"valueName\":\"search_term_string\"}}],\"inLanguage\":\"vi\"},{\"@type\":\"Organization\",\"@id\":\"https:\/\/demostore.ai\/vi\/#organization\",\"name\":\"WriteText.ai\",\"url\":\"https:\/\/demostore.ai\/vi\/\",\"logo\":{\"@type\":\"ImageObject\",\"inLanguage\":\"vi\",\"@id\":\"https:\/\/demostore.ai\/vi\/#\/schema\/logo\/image\/\",\"url\":\"https:\/\/demostore.ai\/wp-content\/uploads\/2025\/10\/writetext_logo.webp\",\"contentUrl\":\"https:\/\/demostore.ai\/wp-content\/uploads\/2025\/10\/writetext_logo.webp\",\"width\":200,\"height\":34,\"caption\":\"WriteText.ai\"},\"image\":{\"@id\":\"https:\/\/demostore.ai\/vi\/#\/schema\/logo\/image\/\"}}]}<\/script>\n<!-- \/ Yoast SEO plugin. -->","yoast_head_json":{"title":"Kh\u00e1m Ph\u00e1 Sapiens H\u00e0nh Tr\u00ecnh Ng\u1eafn C\u1ee7a Nh\u00e2n Lo\u1ea1i","description":"L\u1eddi k\u1ec3 hi\u1ec7n \u0111\u1ea1i v\u1ec1 l\u1ecbch s\u1eed nh\u00e2n lo\u1ea1i trong Sapiens gi\u00fap b\u1ea1n hi\u1ec3u ngu\u1ed3n g\u1ed1c, ti\u1ebfn h\u00f3a v\u00e0 nh\u1eefng chuy\u1ec3n bi\u1ebfn l\u1edbn qua t\u1eebng giai \u0111o\u1ea1n ph\u00e1t tri\u1ec3n c\u1ee7a con ng\u01b0\u1eddi.","robots":{"index":"index","follow":"follow","max-snippet":"max-snippet:-1","max-image-preview":"max-image-preview:large","max-video-preview":"max-video-preview:-1"},"canonical":"https:\/\/demostore.ai\/vi\/san-pham\/sapiens\/","og_type":"article","og_title":"Kh\u00e1m Ph\u00e1 Sapiens H\u00e0nh Tr\u00ecnh Ng\u1eafn C\u1ee7a Nh\u00e2n Lo\u1ea1i","og_description":"Nh\u1eefng ch\u01b0\u01a1ng h\u1ea5p d\u1eabn t\u1eeb Sapiens h\u00e9 m\u1edf to\u00e0n c\u1ea3nh l\u1ecbch s\u1eed lo\u00e0i ng\u01b0\u1eddi v\u1edbi c\u00e1ch ti\u1ebfp c\u1eadn m\u1edbi l\u1ea1, gi\u00fap \u0111\u00e0o s\u00e2u s\u1ef1 ph\u00e1t tri\u1ec3n, v\u0103n minh v\u00e0 t\u01b0 duy nh\u00e2n lo\u1ea1i d\u1ec5 hi\u1ec3u, sinh \u0111\u1ed9ng.","og_url":"https:\/\/demostore.ai\/vi\/san-pham\/sapiens\/","og_site_name":"Trendy Thread","article_modified_time":"2026-02-18T02:46:26+00:00","og_image":[{"width":1000,"height":1000,"url":"https:\/\/demostore.ai\/wp-content\/uploads\/2025\/08\/Sapiens-1.png","type":"image\/png"}],"twitter_card":"summary_large_image","twitter_title":"Kh\u00e1m Ph\u00e1 Sapiens H\u00e0nh Tr\u00ecnh Ng\u1eafn C\u1ee7a Nh\u00e2n Lo\u1ea1i","twitter_description":"Nh\u1eefng ch\u01b0\u01a1ng h\u1ea5p d\u1eabn t\u1eeb Sapiens h\u00e9 m\u1edf to\u00e0n c\u1ea3nh l\u1ecbch s\u1eed lo\u00e0i ng\u01b0\u1eddi v\u1edbi c\u00e1ch ti\u1ebfp c\u1eadn m\u1edbi l\u1ea1, gi\u00fap \u0111\u00e0o s\u00e2u s\u1ef1 ph\u00e1t tri\u1ec3n, v\u0103n minh v\u00e0 t\u01b0 duy nh\u00e2n lo\u1ea1i d\u1ec5 hi\u1ec3u, sinh \u0111\u1ed9ng.","twitter_misc":{"\u01af\u1edbc t\u00ednh th\u1eddi gian \u0111\u1ecdc":"1 ph\u00fat"},"schema":{"@context":"https:\/\/schema.org","@graph":[{"@type":"WebPage","@id":"https:\/\/demostore.ai\/vi\/san-pham\/sapiens\/","url":"https:\/\/demostore.ai\/vi\/san-pham\/sapiens\/","name":"Kh\u00e1m Ph\u00e1 Sapiens H\u00e0nh Tr\u00ecnh Ng\u1eafn C\u1ee7a Nh\u00e2n Lo\u1ea1i","isPartOf":{"@id":"https:\/\/demostore.ai\/vi\/#website"},"primaryImageOfPage":{"@id":"https:\/\/demostore.ai\/vi\/san-pham\/sapiens\/#primaryimage"},"image":{"@id":"https:\/\/demostore.ai\/vi\/san-pham\/sapiens\/#primaryimage"},"thumbnailUrl":"https:\/\/demostore.ai\/wp-content\/uploads\/2025\/08\/Sapiens-1.png","datePublished":"2025-08-06T00:46:19+00:00","dateModified":"2026-02-18T02:46:26+00:00","description":"L\u1eddi k\u1ec3 hi\u1ec7n \u0111\u1ea1i v\u1ec1 l\u1ecbch s\u1eed nh\u00e2n lo\u1ea1i trong Sapiens gi\u00fap b\u1ea1n hi\u1ec3u ngu\u1ed3n g\u1ed1c, ti\u1ebfn h\u00f3a v\u00e0 nh\u1eefng chuy\u1ec3n bi\u1ebfn l\u1edbn qua t\u1eebng giai \u0111o\u1ea1n ph\u00e1t tri\u1ec3n c\u1ee7a con ng\u01b0\u1eddi.","breadcrumb":{"@id":"https:\/\/demostore.ai\/vi\/san-pham\/sapiens\/#breadcrumb"},"inLanguage":"vi","potentialAction":[{"@type":"ReadAction","target":["https:\/\/demostore.ai\/vi\/san-pham\/sapiens\/"]}]},{"@type":"ImageObject","inLanguage":"vi","@id":"https:\/\/demostore.ai\/vi\/san-pham\/sapiens\/#primaryimage","url":"https:\/\/demostore.ai\/wp-content\/uploads\/2025\/08\/Sapiens-1.png","contentUrl":"https:\/\/demostore.ai\/wp-content\/uploads\/2025\/08\/Sapiens-1.png","width":1000,"height":1000,"caption":"B\u00eca s\u00e1ch Sapiens: L\u01b0\u1ee3c s\u1eed lo\u00e0i ng\u01b0\u1eddi c\u1ee7a Yuval Noah Harari, n\u1ed5i b\u1eadt t\u1ef1a \u0111\u1ec1 v\u00e0 l\u1eddi gi\u1edbi thi\u1ec7u."},{"@type":"BreadcrumbList","@id":"https:\/\/demostore.ai\/vi\/san-pham\/sapiens\/#breadcrumb","itemListElement":[{"@type":"ListItem","position":1,"name":"Trang ch\u1ee7","item":"https:\/\/demostore.ai\/vi\/"},{"@type":"ListItem","position":2,"name":"C\u1eeda h\u00e0ng","item":"https:\/\/demostore.ai\/vi\/cua-hang\/"},{"@type":"ListItem","position":3,"name":"Sapiens"}]},{"@type":"WebSite","@id":"https:\/\/demostore.ai\/vi\/#website","url":"https:\/\/demostore.ai\/vi\/","name":"Trendy Thread","description":"C\u1eeda h\u00e0ng demo WriteText.ai","publisher":{"@id":"https:\/\/demostore.ai\/vi\/#organization"},"potentialAction":[{"@type":"SearchAction","target":{"@type":"EntryPoint","urlTemplate":"https:\/\/demostore.ai\/vi\/?s={search_term_string}"},"query-input":{"@type":"PropertyValueSpecification","valueRequired":true,"valueName":"search_term_string"}}],"inLanguage":"vi"},{"@type":"Organization","@id":"https:\/\/demostore.ai\/vi\/#organization","name":"WriteText.ai","url":"https:\/\/demostore.ai\/vi\/","logo":{"@type":"ImageObject","inLanguage":"vi","@id":"https:\/\/demostore.ai\/vi\/#\/schema\/logo\/image\/","url":"https:\/\/demostore.ai\/wp-content\/uploads\/2025\/10\/writetext_logo.webp","contentUrl":"https:\/\/demostore.ai\/wp-content\/uploads\/2025\/10\/writetext_logo.webp","width":200,"height":34,"caption":"WriteText.ai"},"image":{"@id":"https:\/\/demostore.ai\/vi\/#\/schema\/logo\/image\/"}}]}},"_links":{"self":[{"href":"https:\/\/demostore.ai\/vi\/wp-json\/wp\/v2\/product\/38111","targetHints":{"allow":["GET"]}}],"collection":[{"href":"https:\/\/demostore.ai\/vi\/wp-json\/wp\/v2\/product"}],"about":[{"href":"https:\/\/demostore.ai\/vi\/wp-json\/wp\/v2\/types\/product"}],"replies":[{"embeddable":true,"href":"https:\/\/demostore.ai\/vi\/wp-json\/wp\/v2\/comments?post=38111"}],"wp:featuredmedia":[{"embeddable":true,"href":"https:\/\/demostore.ai\/vi\/wp-json\/wp\/v2\/media\/33983"}],"wp:attachment":[{"href":"https:\/\/demostore.ai\/vi\/wp-json\/wp\/v2\/media?parent=38111"}],"wp:term":[{"taxonomy":"product_brand","embeddable":true,"href":"https:\/\/demostore.ai\/vi\/wp-json\/wp\/v2\/product_brand?post=38111"},{"taxonomy":"product_cat","embeddable":true,"href":"https:\/\/demostore.ai\/vi\/wp-json\/wp\/v2\/product_cat?post=38111"},{"taxonomy":"product_tag","embeddable":true,"href":"https:\/\/demostore.ai\/vi\/wp-json\/wp\/v2\/product_tag?post=38111"}],"curies":[{"name":"wp","href":"https:\/\/api.w.org\/{rel}","templated":true}]}}