{"id":37967,"date":"2025-08-06T08:44:34","date_gmt":"2025-08-06T00:44:34","guid":{"rendered":"https:\/\/demostore.ai\/?post_type=product&#038;p=37967"},"modified":"2026-02-18T10:46:20","modified_gmt":"2026-02-18T02:46:20","slug":"rise-and-kill-first","status":"publish","type":"product","link":"https:\/\/demostore.ai\/vi\/san-pham\/rise-and-kill-first\/","title":{"rendered":"Rise and Kill First"},"content":{"rendered":"<section data-wtai-block-id=\"wtai_product_description_features\" class=\"wtai-section wtai-features-section\">\n<h2>\u0110i\u1ec3m N\u1ed5i B\u1eadt C\u1ee7a S\u00e1ch<\/h2>\n<ul>\n<li><strong>Bestseller New York Times<\/strong> \u2013 \u0110\u01b0\u1ee3c \u0111\u1ed9c gi\u1ea3 qu\u1ed1c t\u1ebf \u0111\u00e1nh gi\u00e1 cao, n\u1eb1m trong danh m\u1ee5c b\u00e1n ch\u1ea1y v\u00e0 nh\u1eadn nhi\u1ec1u l\u1eddi khen chuy\u00ean m\u00f4n.<\/li>\n<li><strong>Ti\u1ebft l\u1ed9 l\u1ecbch s\u1eed b\u00ed m\u1eadt<\/strong> \u2013 Cung c\u1ea5p c\u00e1i nh\u00ecn l\u1ea7n \u0111\u1ea7u v\u1ec1 c\u00e1c chi\u1ebfn d\u1ecbch \u00e1m s\u00e1t chi\u1ebfn l\u01b0\u1ee3c c\u1ee7a Israel th\u00f4ng qua h\u00e0ng tr\u0103m cu\u1ed9c ph\u1ecfng v\u1ea5n \u0111\u1ed9c quy\u1ec1n v\u00e0 t\u00e0i li\u1ec7u tuy\u1ec7t m\u1eadt.<\/li>\n<li><strong>T\u01b0\u1eddng thu\u1eadt s\u1eafc b\u00e9n, l\u00f4i cu\u1ed1n<\/strong> \u2013 T\u00e1c gi\u1ea3 Ronen Bergman truy\u1ec1n t\u1ea3i c\u00e2u chuy\u1ec7n b\u1eb1ng phong c\u00e1ch hi\u1ec7n \u0111\u1ea1i, d\u1ec5 ti\u1ebfp c\u1eadn nh\u01b0ng \u0111\u1eadm ch\u1ea5t ph\u00e2n t\u00edch v\u00e0 chuy\u00ean nghi\u1ec7p.<\/li>\n<li><strong>N\u1ed9i dung th\u1ef1c t\u1ebf, c\u1eadp nh\u1eadt<\/strong> \u2013 \u0110\u1ec1 c\u1eadp k\u1ef9 l\u01b0\u1ee1ng \u0111\u1ebfn g\u1ea7n 2.700 chi\u1ebfn d\u1ecbch \u00e1m s\u00e1t, \u0111\u01b0a ra c\u00e1c tr\u01b0\u1eddng h\u1ee3p ti\u00eau bi\u1ec3u t\u1eeb tr\u01b0\u1edbc \u0111\u1ebfn sau khi Israel th\u00e0nh l\u1eadp.<\/li>\n<li><strong>Thi\u1ebft k\u1ebf b\u00eca \u1ea5n t\u01b0\u1ee3ng<\/strong> \u2013 B\u00eca c\u1ee9ng th\u1ef1c d\u1ee5ng v\u1edbi n\u1ec1n \u0111en ch\u1ee7 \u0111\u1ea1o, d\u00f2ng ch\u1eef xanh n\u1ed5i b\u1eadt, t\u1ea1o c\u1ea3m gi\u00e1c chuy\u00ean nghi\u1ec7p v\u00e0 m\u1ea1nh m\u1ebd th\u00edch h\u1ee3p cho gi\u1edbi kinh doanh.<\/li>\n<\/ul>\n<\/section>\n<div data-wtai-block-id=\"wtai_product_description_image_1\" class=\"wtai-section wtai-image_1-section\">\n<figure class=\"wtai-image-p wtai-align-center\" style=\"text-align:center\"><img decoding=\"async\" src=\"https:\/\/demostore.ai\/wp-content\/uploads\/2025\/08\/Rise-And-Kill-First-2-600x600.png\" alt=\"M\u1eb7t sau s\u00e1ch Rise and Kill First, \u1ea3nh ch\u1ee5p t\u1ea1i nha sach, hi\u1ec3n th\u1ecb \u0111\u00e1nh gi\u00e1 t\u1eeb c\u00e1c chuy\u00ean gia qu\u1ed1c t\u1ebf.\" srcset=\"https:\/\/demostore.ai\/wp-content\/uploads\/2025\/08\/Rise-And-Kill-First-2.png 1000w, https:\/\/demostore.ai\/wp-content\/uploads\/2025\/08\/Rise-And-Kill-First-2-300x300.png 300w, https:\/\/demostore.ai\/wp-content\/uploads\/2025\/08\/Rise-And-Kill-First-2-150x150.png 150w, https:\/\/demostore.ai\/wp-content\/uploads\/2025\/08\/Rise-And-Kill-First-2-768x768.png 768w, https:\/\/demostore.ai\/wp-content\/uploads\/2025\/08\/Rise-And-Kill-First-2-600x600.png 600w, https:\/\/demostore.ai\/wp-content\/uploads\/2025\/08\/Rise-And-Kill-First-2-250x250.png 250w\"><figcaption>\n<p>M\u1eb7t sau cu\u1ed1n s\u00e1ch \u0111\u01b0\u1ee3c in tr\u00ean gi\u1ea5y d\u00e0y v\u00e0 t\u00f4ng m\u00e0u \u0111en tinh t\u1ebf, n\u1ed5i b\u1eadt c\u00e1c tr\u00edch d\u1eabn nh\u1eadn x\u00e9t b\u1eb1ng ch\u1eef tr\u1eafng v\u00e0 xanh d\u01b0\u01a1ng, t\u1ea1o c\u1ea3m gi\u00e1c chuy\u00ean nghi\u1ec7p v\u00e0 thu h\u00fat s\u1ef1 ch\u00fa \u00fd cho \u0111\u1ed1i t\u01b0\u1ee3ng doanh nghi\u1ec7p.<\/p>\n<\/figcaption><\/figure>\n<\/p><\/div>\n<section data-wtai-block-id=\"wtai_product_description_technical_specifications\" class=\"wtai-section wtai-technical_specifications-section\">\n<h3>Chi ti\u1ebft<\/h3>\n<ul>\n<li><strong>T\u00e1c gi\u1ea3<\/strong>: Ronen Bergman<\/li>\n<li><strong>Ng\u00f4n ng\u1eef<\/strong>: Ti\u1ebfng Anh<\/li>\n<li><strong>S\u1ed1 trang<\/strong>: 784 trang<\/li>\n<li><strong>K\u00edch th\u01b0\u1edbc<\/strong>: 6.50&quot; x 9.50&quot; x 2.00&quot;<\/li>\n<li><strong>Lo\u1ea1i b\u00eca<\/strong>: B\u00eca c\u1ee9ng<\/li>\n<li><strong>Nh\u00e0 xu\u1ea5t b\u1ea3n<\/strong>: Random House<\/li>\n<li><strong>Ng\u00e0y xu\u1ea5t b\u1ea3n<\/strong>: 30\/01\/2018<\/li>\n<li><strong>Tr\u1ecdng l\u01b0\u1ee3ng<\/strong>: 2.20 lb<\/li>\n<\/ul>\n<\/section>\n<section data-wtai-block-id=\"wtai_product_description_custom_1\" class=\"wtai-section wtai-custom_1-section\">\n<h2>Ai n\u00ean \u0111\u1ecdc Rise and Kill First v\u00e0 trong ho\u00e0n c\u1ea3nh n\u00e0o?<\/h2>\n<ul>\n<li><strong>Nh\u00e0 nghi\u00ean c\u1ee9u l\u1ecbch s\u1eed<\/strong> \u2013 Hi\u1ec3u s\u00e2u v\u1ec1 c\u00e1c chi\u1ebfn d\u1ecbch \u00e1m s\u00e1t b\u00ed m\u1eadt c\u1ee7a Israel.<\/li>\n<li><strong>Gi\u1edbi l\u00e3nh \u0111\u1ea1o doanh nghi\u1ec7p<\/strong> \u2013 Nh\u1eadn b\u00e0i h\u1ecdc chi\u1ebfn l\u01b0\u1ee3c v\u00e0 qu\u1ea3n tr\u1ecb r\u1ee7i ro t\u1eeb th\u1ef1c ti\u1ec5n.<\/li>\n<li><strong>Ng\u01b0\u1eddi quan t\u00e2m an ninh \u2013 qu\u1ed1c ph\u00f2ng<\/strong> \u2013 Kh\u00e1m ph\u00e1 c\u00e1c ph\u01b0\u01a1ng ph\u00e1p v\u00e0 h\u1ec7 qu\u1ea3 trong ng\u00e0nh t\u00ecnh b\u00e1o.<\/li>\n<\/ul>\n<\/section>\n<section data-wtai-block-id=\"wtai_product_description_custom_2\" class=\"wtai-section wtai-custom_2-section\">\n<h2>Gi\u1edbi thi\u1ec7u v\u1ec1 t\u00e1c gi\u1ea3 Ronen Bergman<\/h2>\n<p>Ronen Bergman l\u00e0 nh\u00e0 b\u00e1o \u0111i\u1ec1u tra h\u00e0ng \u0111\u1ea7u v\u00e0 chuy\u00ean gia v\u1ec1 an ninh, n\u1ed5i b\u1eadt v\u1edbi nhi\u1ec1u b\u00e0i vi\u1ebft s\u1eafc b\u00e9n \u1edf c\u00e1c t\u1edd b\u00e1o l\u1edbn nh\u01b0 The New York Times Magazine.<\/p>\n<p>\u00d4ng t\u1eebng nh\u1eadn b\u1eb1ng ti\u1ebfn s\u0129 l\u1ecbch s\u1eed t\u1ea1i \u0110\u1ea1i h\u1ecdc Cambridge v\u00e0 l\u00e0 ch\u1ee7 nh\u00e2n c\u1ee7a nhi\u1ec1u gi\u1ea3i th\u01b0\u1edfng b\u00e1o ch\u00ed danh gi\u00e1 t\u1ea1i Israel nh\u1edd v\u00e0o c\u00e1c t\u00e1c ph\u1ea9m nghi\u00ean c\u1ee9u s\u00e2u s\u1eafc v\u1ec1 t\u00ecnh b\u00e1o v\u00e0 an ninh qu\u1ed1c gia.<\/p>\n<p>T\u00ean tu\u1ed5i Ronen Bergman g\u1eafn li\u1ec1n v\u1edbi kh\u1ea3 n\u0103ng ti\u1ebfp c\u1eadn \u0111\u1ed9c quy\u1ec1n c\u00e1c ngu\u1ed3n tin n\u1ed9i b\u1ed9, gi\u00fap \u00f4ng x\u00e2y d\u1ef1ng n\u00ean nh\u1eefng c\u00e2u chuy\u1ec7n c\u00f3 th\u1eadt g\u00e2y \u1ea5n t\u01b0\u1ee3ng m\u1ea1nh v\u1edbi \u0111\u1ed9c gi\u1ea3 to\u00e0n c\u1ea7u.<\/p>\n<p>T\u00e1c ph\u1ea9m &#8216;Rise and Kill First&#8217; l\u00e0 minh ch\u1ee9ng cho phong c\u00e1ch k\u1ec3 chuy\u1ec7n h\u1ea5p d\u1eabn, \u0111\u1eadm ch\u1ea5t th\u1ef1c t\u1ebf v\u00e0 l\u00f4i cu\u1ed1n c\u1ee7a \u00f4ng, chinh ph\u1ee5c nh\u1eefng ai y\u00eau th\u00edch th\u1ec3 lo\u1ea1i phi h\u01b0 c\u1ea5u, l\u1ecbch s\u1eed v\u00e0 t\u00ecnh b\u00e1o qu\u1ed1c t\u1ebf.<\/p>\n<\/section>\n<section data-wtai-block-id=\"wtai_product_description_faqs\" class=\"wtai-section wtai-faqs-section\">\n<h2>C\u00e2u h\u1ecfi th\u01b0\u1eddng g\u1eb7p<\/h2>\n<p><strong>S\u00e1ch n\u00e0y ph\u00f9 h\u1ee3p v\u1edbi ai?<\/strong><\/p>\n<p>Rise and Kill First ph\u00f9 h\u1ee3p cho doanh nh\u00e2n, nh\u00e0 nghi\u00ean c\u1ee9u, v\u00e0 \u0111\u1ed9c gi\u1ea3 quan t\u00e2m \u0111\u1ebfn l\u1ecbch s\u1eed, t\u00ecnh b\u00e1o c\u0169ng nh\u01b0 c\u00e1c c\u00e2u chuy\u1ec7n v\u1ec1 chi\u1ebfn l\u01b0\u1ee3c an ninh to\u00e0n c\u1ea7u.<\/p>\n<p><strong>N\u1ed9i dung c\u00f3 d\u1ec5 ti\u1ebfp c\u1eadn kh\u00f4ng n\u1ebfu kh\u00f4ng ph\u1ea3i chuy\u00ean gia l\u1ecbch s\u1eed?<\/strong><\/p>\n<p>T\u00e1c gi\u1ea3 s\u1eed d\u1ee5ng ng\u00f4n t\u1eeb d\u1ec5 hi\u1ec3u, t\u01b0\u1eddng thu\u1eadt h\u1ea5p d\u1eabn n\u00ean c\u1ea3 ng\u01b0\u1eddi m\u1edbi t\u00ecm hi\u1ec3u v\u1eabn d\u1ec5 d\u00e0ng ti\u1ebfp c\u1eadn n\u1ed9i dung.<\/p>\n<p><strong>S\u00e1ch c\u00f3 ngu\u1ed3n t\u01b0 li\u1ec7u x\u00e1c th\u1ef1c kh\u00f4ng?<\/strong><\/p>\n<p>S\u00e1ch d\u1ef1a tr\u00ean g\u1ea7n 1.000 cu\u1ed9c ph\u1ecfng v\u1ea5n c\u00f9ng nhi\u1ec1u t\u00e0i li\u1ec7u m\u1eadt, kh\u1eb3ng \u0111\u1ecbnh t\u00ednh x\u00e1c th\u1ef1c v\u00e0 gi\u00e1 tr\u1ecb tham kh\u1ea3o.<\/p>\n<p><strong>H\u00ecnh th\u1ee9c n\u00ean ch\u1ecdn cho doanh nghi\u1ec7p: s\u00e1ch in hay s\u00e1ch s\u1ed1?<\/strong><\/p>\n<p>V\u1edbi b\u00eca c\u1ee9ng thi\u1ebft k\u1ebf sang tr\u1ecdng, s\u00e1ch in l\u00e0 l\u1ef1a ch\u1ecdn ph\u00f9 h\u1ee3p \u0111\u1ec3 tr\u01b0ng b\u00e0y t\u1ea1i v\u0103n ph\u00f2ng ho\u1eb7c l\u00e0m qu\u00e0 t\u1eb7ng \u0111\u1ed1i t\u00e1c.<\/p>\n<\/section>\n<section data-wtai-block-id=\"wtai_product_description_conclusion\" class=\"wtai-section wtai-conclusion-section\">\n<h3>Kh\u00e1m Ph\u00e1 Gi\u00e1 Tr\u1ecb V\u01b0\u1ee3t Tr\u1ed9i<\/h3>\n<p><strong>Rise and Kill First kh\u00f4ng ch\u1ec9 l\u00e0 m\u1ed9t cu\u1ed1n s\u00e1ch l\u1ecbch s\u1eed m\u00e0 c\u00f2n l\u00e0 ngu\u1ed3n t\u01b0 li\u1ec7u \u0111\u1ed9c \u0111\u00e1o v\u1ec1 c\u00e1c chi\u1ebfn l\u01b0\u1ee3c b\u00ed m\u1eadt trong th\u1ebf gi\u1edbi t\u00ecnh b\u00e1o hi\u1ec7n \u0111\u1ea1i.<\/strong> <strong>Mang l\u1ea1i g\u00f3c nh\u00ecn s\u1eafc b\u00e9n, kh\u00e1ch quan v\u00e0 nhi\u1ec1u chi ti\u1ebft th\u1ef1c chi\u1ebfn, t\u00e1c ph\u1ea9m n\u00e0y l\u00e0 l\u1ef1a ch\u1ecdn l\u00fd t\u01b0\u1edfng cho nh\u1eefng ai mu\u1ed1n n\u00e2ng cao hi\u1ec3u bi\u1ebft s\u00e2u r\u1ed9ng v\u1ec1 ch\u00ednh tr\u1ecb v\u00e0 an ninh.<\/strong> <strong>\u0110\u1eebng b\u1ecf l\u1ee1 c\u01a1 h\u1ed9i s\u1edf h\u1eefu quy\u1ec3n s\u00e1ch \u0111\u1eb7c bi\u1ec7t n\u00e0y cho b\u1ed9 s\u01b0u t\u1eadp ho\u1eb7c v\u0103n ph\u00f2ng doanh nghi\u1ec7p c\u1ee7a b\u1ea1n h\u00f4m nay.<\/strong><\/p>\n<\/section>\n","protected":false},"excerpt":{"rendered":"<div data-wtai-block-id=\"wtai_excerpt_subtitle\" class=\"wtai-section wtai-subtitle-section\">\n<p><em><strong>Ph\u00eda sau m\u00e0n b\u00ed m\u1eadt c\u1ee7a nh\u1eefng chi\u1ebfn d\u1ecbch \u00e1m s\u00e1t \u0111\u1ea7y tranh c\u00e3i tr\u00ean th\u1ebf gi\u1edbi<\/strong><\/em><\/p>\n<\/p><\/div>\n<div data-wtai-block-id=\"wtai_excerpt_introduction\" class=\"wtai-section wtai-introduction-section\">\n<p>N\u1ebfu b\u1ea1n t\u1eebng t\u00f2 m\u00f2 v\u1ec1 c\u00e1ch c\u00e1c qu\u1ed1c gia \u0111\u1ed1i ph\u00f3 th\u00e1ch th\u1ee9c an ninh t\u1eeb trong b\u00f3ng t\u1ed1i, &quot;Rise and Kill First&quot; ch\u1eafc ch\u1eafn s\u1ebd khi\u1ebfn b\u1ea1n kh\u00f4ng th\u1ec3 r\u1eddi m\u1eaft. Cu\u1ed1n s\u00e1ch n\u00e0y ti\u1ebft l\u1ed9 l\u1ecbch s\u1eed th\u1eadt s\u1ef1 c\u1ee7a c\u00e1c chi\u1ebfn d\u1ecbch \u00e1m s\u00e1t nh\u1eb1m v\u00e0o nh\u1eefng m\u1ee5c ti\u00eau l\u1edbn\u2014nh\u1eefng b\u00ed m\u1eadt t\u1eebng ch\u1ec9 xu\u1ea5t hi\u1ec7n tr\u00ean b\u00e1o ch\u00ed n\u01b0\u1edbc ngo\u00e0i, gi\u1edd \u0111\u00e2y \u0111\u01b0\u1ee3c ph\u01a1i b\u00e0y qua l\u1ed1i k\u1ec3 chuy\u1ec7n h\u1ea5p d\u1eabn, s\u1eafc s\u1ea3o. \u0110\u00e2y l\u00e0 l\u1ef1a ch\u1ecdn l\u00fd t\u01b0\u1edfng cho doanh nh\u00e2n ho\u1eb7c c\u00e1c nh\u00e0 nghi\u00ean c\u1ee9u \u0111ang t\u00ecm l\u1eddi gi\u1ea3i cho b\u00e0i to\u00e1n sinh t\u1ed3n v\u00e0 chi\u1ebfn l\u01b0\u1ee3c trong th\u1ebf gi\u1edbi hi\u1ec7n \u0111\u1ea1i.<\/p>\n<\/p><\/div>\n","protected":false},"featured_media":33764,"comment_status":"open","ping_status":"closed","template":"","meta":[],"product_brand":[],"product_cat":[196],"product_tag":[],"class_list":{"0":"post-37967","1":"product","2":"type-product","3":"status-publish","4":"has-post-thumbnail","6":"product_cat-sach-truyen-thong","8":"first","9":"instock","10":"shipping-taxable","11":"purchasable","12":"product-type-simple"},"bundled_by":[],"bundle_stock_status":"instock","bundle_stock_quantity":null,"bundle_virtual":false,"bundle_layout":"","bundle_add_to_cart_form_location":"","bundle_editable_in_cart":false,"bundle_sold_individually_context":"","bundle_item_grouping":"","bundle_min_size":"","bundle_max_size":"","bundle_price":[],"bundled_items":[],"bundle_sell_ids":[],"yoast_head":"<!-- This site is optimized with the Yoast SEO plugin v25.2 - https:\/\/yoast.com\/wordpress\/plugins\/seo\/ -->\n<title>Top-Rated Rise and Kill First Kh\u00e1m Ph\u00e1 Chi\u1ebfn L\u01b0\u1ee3c T\u00ecnh B\u00e1o<\/title>\n<meta name=\"description\" content=\"C\u00e2u chuy\u1ec7n ch\u01b0a t\u1eebng ti\u1ebft l\u1ed9 v\u1ec1 chi\u1ebfn d\u1ecbch \u00e1m s\u00e1t c\u1ee7a Israel, Rise and Kill First d\u1eabn d\u1eaft b\u1ea1n xuy\u00ean su\u1ed1t l\u1ecbch s\u1eed t\u00ecnh b\u00e1o hi\u1ec7n \u0111\u1ea1i qua g\u00f3c nh\u00ecn ph\u00e2n t\u00edch chuy\u00ean s\u00e2u.\" \/>\n<meta name=\"robots\" content=\"index, follow, max-snippet:-1, max-image-preview:large, max-video-preview:-1\" \/>\n<link rel=\"canonical\" href=\"https:\/\/demostore.ai\/vi\/san-pham\/rise-and-kill-first\/\" \/>\n<meta property=\"og:type\" content=\"article\" \/>\n<meta property=\"og:title\" content=\"Top-Rated Rise and Kill First Kh\u00e1m Ph\u00e1 Chi\u1ebfn L\u01b0\u1ee3c T\u00ecnh B\u00e1o\" \/>\n<meta property=\"og:description\" content=\"Ph\u00e1c h\u1ecda h\u00e0nh tr\u00ecnh b\u00ed m\u1eadt c\u1ee7a c\u00e1c c\u01a1 quan an ninh Israel, Rise and Kill First cung c\u1ea5p c\u00e1i nh\u00ecn chuy\u00ean s\u00e2u, s\u1eafc b\u00e9n v\u1ec1 chi\u1ebfn l\u01b0\u1ee3c \u00e1m s\u00e1t nh\u1eafm \u0111\u1ebfn c\u00e1c l\u00e3nh \u0111\u1ea1o th\u1ebf gi\u1edbi. \u0110\u1ecdc \u0111\u1ec3 hi\u1ec3u h\u01a1n v\u1ec1 l\u1ecbch s\u1eed chi\u1ebfn l\u01b0\u1ee3c to\u00e0n c\u1ea7u.\" \/>\n<meta property=\"og:url\" content=\"https:\/\/demostore.ai\/vi\/san-pham\/rise-and-kill-first\/\" \/>\n<meta property=\"og:site_name\" content=\"Trendy Thread\" \/>\n<meta property=\"article:modified_time\" content=\"2026-02-18T02:46:20+00:00\" \/>\n<meta property=\"og:image\" content=\"https:\/\/demostore.ai\/wp-content\/uploads\/2025\/08\/Rise-And-Kill-First-1.png\" \/>\n\t<meta property=\"og:image:width\" content=\"1000\" \/>\n\t<meta property=\"og:image:height\" content=\"1000\" \/>\n\t<meta property=\"og:image:type\" content=\"image\/png\" \/>\n<meta name=\"twitter:card\" content=\"summary_large_image\" \/>\n<meta name=\"twitter:title\" content=\"Top-Rated Rise and Kill First Kh\u00e1m Ph\u00e1 Chi\u1ebfn L\u01b0\u1ee3c T\u00ecnh B\u00e1o\" \/>\n<meta name=\"twitter:description\" content=\"Ph\u00e1c h\u1ecda h\u00e0nh tr\u00ecnh b\u00ed m\u1eadt c\u1ee7a c\u00e1c c\u01a1 quan an ninh Israel, Rise and Kill First cung c\u1ea5p c\u00e1i nh\u00ecn chuy\u00ean s\u00e2u, s\u1eafc b\u00e9n v\u1ec1 chi\u1ebfn l\u01b0\u1ee3c \u00e1m s\u00e1t nh\u1eafm \u0111\u1ebfn c\u00e1c l\u00e3nh \u0111\u1ea1o th\u1ebf gi\u1edbi. \u0110\u1ecdc \u0111\u1ec3 hi\u1ec3u h\u01a1n v\u1ec1 l\u1ecbch s\u1eed chi\u1ebfn l\u01b0\u1ee3c to\u00e0n c\u1ea7u.\" \/>\n<meta name=\"twitter:label1\" content=\"\u01af\u1edbc t\u00ednh th\u1eddi gian \u0111\u1ecdc\" \/>\n\t<meta name=\"twitter:data1\" content=\"1 ph\u00fat\" \/>\n<script type=\"application\/ld+json\" class=\"yoast-schema-graph\">{\"@context\":\"https:\/\/schema.org\",\"@graph\":[{\"@type\":\"WebPage\",\"@id\":\"https:\/\/demostore.ai\/vi\/san-pham\/rise-and-kill-first\/\",\"url\":\"https:\/\/demostore.ai\/vi\/san-pham\/rise-and-kill-first\/\",\"name\":\"Top-Rated Rise and Kill First Kh\u00e1m Ph\u00e1 Chi\u1ebfn L\u01b0\u1ee3c T\u00ecnh B\u00e1o\",\"isPartOf\":{\"@id\":\"https:\/\/demostore.ai\/vi\/#website\"},\"primaryImageOfPage\":{\"@id\":\"https:\/\/demostore.ai\/vi\/san-pham\/rise-and-kill-first\/#primaryimage\"},\"image\":{\"@id\":\"https:\/\/demostore.ai\/vi\/san-pham\/rise-and-kill-first\/#primaryimage\"},\"thumbnailUrl\":\"https:\/\/demostore.ai\/wp-content\/uploads\/2025\/08\/Rise-And-Kill-First-1.png\",\"datePublished\":\"2025-08-06T00:44:34+00:00\",\"dateModified\":\"2026-02-18T02:46:20+00:00\",\"description\":\"C\u00e2u chuy\u1ec7n ch\u01b0a t\u1eebng ti\u1ebft l\u1ed9 v\u1ec1 chi\u1ebfn d\u1ecbch \u00e1m s\u00e1t c\u1ee7a Israel, Rise and Kill First d\u1eabn d\u1eaft b\u1ea1n xuy\u00ean su\u1ed1t l\u1ecbch s\u1eed t\u00ecnh b\u00e1o hi\u1ec7n \u0111\u1ea1i qua g\u00f3c nh\u00ecn ph\u00e2n t\u00edch chuy\u00ean s\u00e2u.\",\"breadcrumb\":{\"@id\":\"https:\/\/demostore.ai\/vi\/san-pham\/rise-and-kill-first\/#breadcrumb\"},\"inLanguage\":\"vi\",\"potentialAction\":[{\"@type\":\"ReadAction\",\"target\":[\"https:\/\/demostore.ai\/vi\/san-pham\/rise-and-kill-first\/\"]}]},{\"@type\":\"ImageObject\",\"inLanguage\":\"vi\",\"@id\":\"https:\/\/demostore.ai\/vi\/san-pham\/rise-and-kill-first\/#primaryimage\",\"url\":\"https:\/\/demostore.ai\/wp-content\/uploads\/2025\/08\/Rise-And-Kill-First-1.png\",\"contentUrl\":\"https:\/\/demostore.ai\/wp-content\/uploads\/2025\/08\/Rise-And-Kill-First-1.png\",\"width\":1000,\"height\":1000,\"caption\":\"S\u00e1ch Rise and Kill First b\u00eca \u0111en, ch\u1eef xanh, b\u00e1n t\u1ea1i nha sach tr\u1ef1c tuy\u1ebfn.\"},{\"@type\":\"BreadcrumbList\",\"@id\":\"https:\/\/demostore.ai\/vi\/san-pham\/rise-and-kill-first\/#breadcrumb\",\"itemListElement\":[{\"@type\":\"ListItem\",\"position\":1,\"name\":\"Trang ch\u1ee7\",\"item\":\"https:\/\/demostore.ai\/vi\/\"},{\"@type\":\"ListItem\",\"position\":2,\"name\":\"C\u1eeda h\u00e0ng\",\"item\":\"https:\/\/demostore.ai\/vi\/cua-hang\/\"},{\"@type\":\"ListItem\",\"position\":3,\"name\":\"Rise and Kill First\"}]},{\"@type\":\"WebSite\",\"@id\":\"https:\/\/demostore.ai\/vi\/#website\",\"url\":\"https:\/\/demostore.ai\/vi\/\",\"name\":\"Trendy Thread\",\"description\":\"C\u1eeda h\u00e0ng demo WriteText.ai\",\"publisher\":{\"@id\":\"https:\/\/demostore.ai\/vi\/#organization\"},\"potentialAction\":[{\"@type\":\"SearchAction\",\"target\":{\"@type\":\"EntryPoint\",\"urlTemplate\":\"https:\/\/demostore.ai\/vi\/?s={search_term_string}\"},\"query-input\":{\"@type\":\"PropertyValueSpecification\",\"valueRequired\":true,\"valueName\":\"search_term_string\"}}],\"inLanguage\":\"vi\"},{\"@type\":\"Organization\",\"@id\":\"https:\/\/demostore.ai\/vi\/#organization\",\"name\":\"WriteText.ai\",\"url\":\"https:\/\/demostore.ai\/vi\/\",\"logo\":{\"@type\":\"ImageObject\",\"inLanguage\":\"vi\",\"@id\":\"https:\/\/demostore.ai\/vi\/#\/schema\/logo\/image\/\",\"url\":\"https:\/\/demostore.ai\/wp-content\/uploads\/2025\/10\/writetext_logo.webp\",\"contentUrl\":\"https:\/\/demostore.ai\/wp-content\/uploads\/2025\/10\/writetext_logo.webp\",\"width\":200,\"height\":34,\"caption\":\"WriteText.ai\"},\"image\":{\"@id\":\"https:\/\/demostore.ai\/vi\/#\/schema\/logo\/image\/\"}}]}<\/script>\n<!-- \/ Yoast SEO plugin. -->","yoast_head_json":{"title":"Top-Rated Rise and Kill First Kh\u00e1m Ph\u00e1 Chi\u1ebfn L\u01b0\u1ee3c T\u00ecnh B\u00e1o","description":"C\u00e2u chuy\u1ec7n ch\u01b0a t\u1eebng ti\u1ebft l\u1ed9 v\u1ec1 chi\u1ebfn d\u1ecbch \u00e1m s\u00e1t c\u1ee7a Israel, Rise and Kill First d\u1eabn d\u1eaft b\u1ea1n xuy\u00ean su\u1ed1t l\u1ecbch s\u1eed t\u00ecnh b\u00e1o hi\u1ec7n \u0111\u1ea1i qua g\u00f3c nh\u00ecn ph\u00e2n t\u00edch chuy\u00ean s\u00e2u.","robots":{"index":"index","follow":"follow","max-snippet":"max-snippet:-1","max-image-preview":"max-image-preview:large","max-video-preview":"max-video-preview:-1"},"canonical":"https:\/\/demostore.ai\/vi\/san-pham\/rise-and-kill-first\/","og_type":"article","og_title":"Top-Rated Rise and Kill First Kh\u00e1m Ph\u00e1 Chi\u1ebfn L\u01b0\u1ee3c T\u00ecnh B\u00e1o","og_description":"Ph\u00e1c h\u1ecda h\u00e0nh tr\u00ecnh b\u00ed m\u1eadt c\u1ee7a c\u00e1c c\u01a1 quan an ninh Israel, Rise and Kill First cung c\u1ea5p c\u00e1i nh\u00ecn chuy\u00ean s\u00e2u, s\u1eafc b\u00e9n v\u1ec1 chi\u1ebfn l\u01b0\u1ee3c \u00e1m s\u00e1t nh\u1eafm \u0111\u1ebfn c\u00e1c l\u00e3nh \u0111\u1ea1o th\u1ebf gi\u1edbi. \u0110\u1ecdc \u0111\u1ec3 hi\u1ec3u h\u01a1n v\u1ec1 l\u1ecbch s\u1eed chi\u1ebfn l\u01b0\u1ee3c to\u00e0n c\u1ea7u.","og_url":"https:\/\/demostore.ai\/vi\/san-pham\/rise-and-kill-first\/","og_site_name":"Trendy Thread","article_modified_time":"2026-02-18T02:46:20+00:00","og_image":[{"width":1000,"height":1000,"url":"https:\/\/demostore.ai\/wp-content\/uploads\/2025\/08\/Rise-And-Kill-First-1.png","type":"image\/png"}],"twitter_card":"summary_large_image","twitter_title":"Top-Rated Rise and Kill First Kh\u00e1m Ph\u00e1 Chi\u1ebfn L\u01b0\u1ee3c T\u00ecnh B\u00e1o","twitter_description":"Ph\u00e1c h\u1ecda h\u00e0nh tr\u00ecnh b\u00ed m\u1eadt c\u1ee7a c\u00e1c c\u01a1 quan an ninh Israel, Rise and Kill First cung c\u1ea5p c\u00e1i nh\u00ecn chuy\u00ean s\u00e2u, s\u1eafc b\u00e9n v\u1ec1 chi\u1ebfn l\u01b0\u1ee3c \u00e1m s\u00e1t nh\u1eafm \u0111\u1ebfn c\u00e1c l\u00e3nh \u0111\u1ea1o th\u1ebf gi\u1edbi. \u0110\u1ecdc \u0111\u1ec3 hi\u1ec3u h\u01a1n v\u1ec1 l\u1ecbch s\u1eed chi\u1ebfn l\u01b0\u1ee3c to\u00e0n c\u1ea7u.","twitter_misc":{"\u01af\u1edbc t\u00ednh th\u1eddi gian \u0111\u1ecdc":"1 ph\u00fat"},"schema":{"@context":"https:\/\/schema.org","@graph":[{"@type":"WebPage","@id":"https:\/\/demostore.ai\/vi\/san-pham\/rise-and-kill-first\/","url":"https:\/\/demostore.ai\/vi\/san-pham\/rise-and-kill-first\/","name":"Top-Rated Rise and Kill First Kh\u00e1m Ph\u00e1 Chi\u1ebfn L\u01b0\u1ee3c T\u00ecnh B\u00e1o","isPartOf":{"@id":"https:\/\/demostore.ai\/vi\/#website"},"primaryImageOfPage":{"@id":"https:\/\/demostore.ai\/vi\/san-pham\/rise-and-kill-first\/#primaryimage"},"image":{"@id":"https:\/\/demostore.ai\/vi\/san-pham\/rise-and-kill-first\/#primaryimage"},"thumbnailUrl":"https:\/\/demostore.ai\/wp-content\/uploads\/2025\/08\/Rise-And-Kill-First-1.png","datePublished":"2025-08-06T00:44:34+00:00","dateModified":"2026-02-18T02:46:20+00:00","description":"C\u00e2u chuy\u1ec7n ch\u01b0a t\u1eebng ti\u1ebft l\u1ed9 v\u1ec1 chi\u1ebfn d\u1ecbch \u00e1m s\u00e1t c\u1ee7a Israel, Rise and Kill First d\u1eabn d\u1eaft b\u1ea1n xuy\u00ean su\u1ed1t l\u1ecbch s\u1eed t\u00ecnh b\u00e1o hi\u1ec7n \u0111\u1ea1i qua g\u00f3c nh\u00ecn ph\u00e2n t\u00edch chuy\u00ean s\u00e2u.","breadcrumb":{"@id":"https:\/\/demostore.ai\/vi\/san-pham\/rise-and-kill-first\/#breadcrumb"},"inLanguage":"vi","potentialAction":[{"@type":"ReadAction","target":["https:\/\/demostore.ai\/vi\/san-pham\/rise-and-kill-first\/"]}]},{"@type":"ImageObject","inLanguage":"vi","@id":"https:\/\/demostore.ai\/vi\/san-pham\/rise-and-kill-first\/#primaryimage","url":"https:\/\/demostore.ai\/wp-content\/uploads\/2025\/08\/Rise-And-Kill-First-1.png","contentUrl":"https:\/\/demostore.ai\/wp-content\/uploads\/2025\/08\/Rise-And-Kill-First-1.png","width":1000,"height":1000,"caption":"S\u00e1ch Rise and Kill First b\u00eca \u0111en, ch\u1eef xanh, b\u00e1n t\u1ea1i nha sach tr\u1ef1c tuy\u1ebfn."},{"@type":"BreadcrumbList","@id":"https:\/\/demostore.ai\/vi\/san-pham\/rise-and-kill-first\/#breadcrumb","itemListElement":[{"@type":"ListItem","position":1,"name":"Trang ch\u1ee7","item":"https:\/\/demostore.ai\/vi\/"},{"@type":"ListItem","position":2,"name":"C\u1eeda h\u00e0ng","item":"https:\/\/demostore.ai\/vi\/cua-hang\/"},{"@type":"ListItem","position":3,"name":"Rise and Kill First"}]},{"@type":"WebSite","@id":"https:\/\/demostore.ai\/vi\/#website","url":"https:\/\/demostore.ai\/vi\/","name":"Trendy Thread","description":"C\u1eeda h\u00e0ng demo WriteText.ai","publisher":{"@id":"https:\/\/demostore.ai\/vi\/#organization"},"potentialAction":[{"@type":"SearchAction","target":{"@type":"EntryPoint","urlTemplate":"https:\/\/demostore.ai\/vi\/?s={search_term_string}"},"query-input":{"@type":"PropertyValueSpecification","valueRequired":true,"valueName":"search_term_string"}}],"inLanguage":"vi"},{"@type":"Organization","@id":"https:\/\/demostore.ai\/vi\/#organization","name":"WriteText.ai","url":"https:\/\/demostore.ai\/vi\/","logo":{"@type":"ImageObject","inLanguage":"vi","@id":"https:\/\/demostore.ai\/vi\/#\/schema\/logo\/image\/","url":"https:\/\/demostore.ai\/wp-content\/uploads\/2025\/10\/writetext_logo.webp","contentUrl":"https:\/\/demostore.ai\/wp-content\/uploads\/2025\/10\/writetext_logo.webp","width":200,"height":34,"caption":"WriteText.ai"},"image":{"@id":"https:\/\/demostore.ai\/vi\/#\/schema\/logo\/image\/"}}]}},"_links":{"self":[{"href":"https:\/\/demostore.ai\/vi\/wp-json\/wp\/v2\/product\/37967","targetHints":{"allow":["GET"]}}],"collection":[{"href":"https:\/\/demostore.ai\/vi\/wp-json\/wp\/v2\/product"}],"about":[{"href":"https:\/\/demostore.ai\/vi\/wp-json\/wp\/v2\/types\/product"}],"replies":[{"embeddable":true,"href":"https:\/\/demostore.ai\/vi\/wp-json\/wp\/v2\/comments?post=37967"}],"wp:featuredmedia":[{"embeddable":true,"href":"https:\/\/demostore.ai\/vi\/wp-json\/wp\/v2\/media\/33764"}],"wp:attachment":[{"href":"https:\/\/demostore.ai\/vi\/wp-json\/wp\/v2\/media?parent=37967"}],"wp:term":[{"taxonomy":"product_brand","embeddable":true,"href":"https:\/\/demostore.ai\/vi\/wp-json\/wp\/v2\/product_brand?post=37967"},{"taxonomy":"product_cat","embeddable":true,"href":"https:\/\/demostore.ai\/vi\/wp-json\/wp\/v2\/product_cat?post=37967"},{"taxonomy":"product_tag","embeddable":true,"href":"https:\/\/demostore.ai\/vi\/wp-json\/wp\/v2\/product_tag?post=37967"}],"curies":[{"name":"wp","href":"https:\/\/api.w.org\/{rel}","templated":true}]}}