{"id":37949,"date":"2025-06-16T07:23:39","date_gmt":"2025-06-15T23:23:39","guid":{"rendered":"https:\/\/demostore.ai\/?post_type=product&#038;p=37949"},"modified":"2026-02-17T22:51:21","modified_gmt":"2026-02-17T14:51:21","slug":"hm-ao-hoodie-khoa-keo","status":"publish","type":"product","link":"https:\/\/demostore.ai\/vi\/san-pham\/hm-ao-hoodie-khoa-keo\/","title":{"rendered":"H&#038;M \u00c1o Hoodie Kh\u00f3a K\u00e9o"},"content":{"rendered":"<section data-wtai-block-id=\"wtai_product_description_features\" class=\"wtai-section wtai-features-section\">\n<h2>Chi Ti\u1ebft S\u1ea3n Ph\u1ea9m<\/h2>\n<ul>\n<li><strong>Ch\u1ea5t li\u1ec7u n\u1ec9 cao c\u1ea5p<\/strong> t\u1ea1o c\u1ea3m gi\u00e1c m\u1ec1m m\u1ea1i v\u00e0 gi\u1eef \u1ea5m t\u1ed1t.<\/li>\n<li><strong>Thi\u1ebft k\u1ebf kh\u00f3a k\u00e9o to\u00e0n th\u00e2n<\/strong> gi\u00fap m\u1eb7c v\u00e0o ho\u1eb7c c\u1edfi ra c\u1ef1c k\u1ef3 nhanh ch\u00f3ng, ti\u1ec7n l\u1ee3i cho m\u1ecdi ho\u00e0n c\u1ea3nh.<\/li>\n<li><strong>M\u0169 \u00e1o r\u1ed9ng<\/strong> v\u1edbi ph\u1ea7n d\u00e2y r\u00fat ch\u1eafc ch\u1eafn t\u0103ng kh\u1ea3 n\u0103ng gi\u1eef \u1ea5m v\u00e0 \u0111i\u1ec1u ch\u1ec9nh d\u1ec5 d\u00e0ng theo \u00fd mu\u1ed1n.<\/li>\n<li><strong>Ki\u1ec3u d\u00e1ng basic unisex<\/strong> ph\u00f9 h\u1ee3p cho c\u1ea3 nam l\u1eabn n\u1eef, d\u1ec5 ph\u1ed1i nhi\u1ec1u style kh\u00e1c nhau.<\/li>\n<li><strong>T\u00fai ph\u00eda tr\u01b0\u1edbc d\u1ea1ng kangaroo l\u1edbn<\/strong> thu\u1eadn ti\u1ec7n \u0111\u1ec3 gi\u1eef \u1ea5m tay ho\u1eb7c \u0111\u1ef1ng \u0111\u1ed3 c\u00e1 nh\u00e2n nh\u01b0 \u0111i\u1ec7n tho\u1ea1i, v\u00ed.<\/li>\n<li><strong>C\u1ed5 tay v\u00e0 vi\u1ec1n \u00e1o bo g\u00e2n<\/strong> gi\u00fap gi\u1eef d\u00e1ng \u00e1o, ch\u1ed1ng gi\u00f3 l\u00f9a v\u00e0 t\u0103ng t\u00ednh th\u1ea9m m\u1ef9.<\/li>\n<li><strong>Gam m\u00e0u x\u00e1m trung t\u00ednh<\/strong> d\u1ec5 ph\u1ed1i \u0111\u1ed3, kh\u00f4ng k\u00e9n da, h\u1ee3p v\u1edbi m\u1ecdi l\u1ee9a tu\u1ed5i.<\/li>\n<li><strong>Form \u00e1o v\u1eeba v\u1eb7n, r\u1ed9ng r\u00e3i<\/strong> t\u1ea1o c\u1ea3m gi\u00e1c tho\u1ea3i m\u00e1i khi v\u1eadn \u0111\u1ed9ng ho\u1eb7c m\u1eb7c l\u1edbp trong.<\/li>\n<li><strong>\u0110\u01b0\u1eddng may ch\u1eafc ch\u1eafn<\/strong> v\u00e0 ho\u00e0n thi\u1ec7n t\u1ec9 m\u1ec9 t\u1eeb th\u01b0\u01a1ng hi\u1ec7u H&amp;M \u0111\u1ea3m b\u1ea3o \u0111\u1ed9 b\u1ec1n l\u00e2u d\u00e0i.<\/li>\n<\/ul>\n<\/section>\n<div data-wtai-block-id=\"wtai_product_description_image_1753694415199\" class=\"wtai-section wtai-image_1753694415199-section\">\n<figure class=\"wtai-image-p wtai-align-center\" style=\"text-align:center\"><img decoding=\"async\" src=\"https:\/\/demostore.ai\/wp-content\/uploads\/2025\/06\/Branded-hoodie-2-scaled-1-600x738.png\" alt=\"\u00c1o hoodie kh\u00f3a k\u00e9o H&amp;M m\u00e0u x\u00e1m, v\u1ea3i n\u1ec9, c\u00f3 m\u0169, h\u00ecnh ch\u1ee5p m\u1eb7t sau s\u1ea3n ph\u1ea9m.\" srcset=\"https:\/\/demostore.ai\/wp-content\/uploads\/2025\/06\/Branded-hoodie-2-scaled-1.png 813w, https:\/\/demostore.ai\/wp-content\/uploads\/2025\/06\/Branded-hoodie-2-scaled-1-244x300.png 244w, https:\/\/demostore.ai\/wp-content\/uploads\/2025\/06\/Branded-hoodie-2-scaled-1-768x945.png 768w, https:\/\/demostore.ai\/wp-content\/uploads\/2025\/06\/Branded-hoodie-2-scaled-1-600x738.png 600w\"><figcaption>\n<p>V\u1ea3i n\u1ec9 x\u00e1m h\u1ecda ti\u1ebft melange, form d\u00e1ng r\u1ed9ng r\u00e3i, c\u1ef1c k\u1ef3 d\u1ec5 ph\u1ed1i \u0111\u1ed3 c\u00e1 t\u00ednh.<\/p>\n<\/figcaption><\/figure>\n<\/p><\/div>\n<section data-wtai-block-id=\"wtai_product_description_benefits\" class=\"wtai-section wtai-benefits-section\">\n<h2>L\u00fd Do B\u1ea1n S\u1ebd Th\u00edch<\/h2>\n<ul>\n<li>Kh\u00f4ng c\u1ea7n suy ngh\u0129 nhi\u1ec1u v\u1ec1 vi\u1ec7c m\u1eb7c g\u00ec khi \u0111i h\u1ecdc, \u0111i l\u00e0m ho\u1eb7c \u0111i ch\u01a1i v\u00ec \u00e1o c\u1ef1c d\u1ec5 ph\u1ed1i \u0111\u1ed3.<\/li>\n<li>Gi\u1eef \u1ea5m c\u1ef1c t\u1ed1t v\u00e0o nh\u1eefng ng\u00e0y gi\u00f3 l\u1ea1nh m\u00e0 v\u1eabn nh\u1eb9 nh\u00e0ng, d\u1ec5 ch\u1ecbu c\u1ea3 ng\u00e0y d\u00e0i.<\/li>\n<li>Gi\u1ea3i quy\u1ebft ngay n\u1ed7i lo t\u00fai kh\u00f4ng \u0111\u1ee7 r\u1ed9ng nh\u1edd thi\u1ebft k\u1ebf t\u00fai kangaroo l\u1edbn, ti\u1ec7n l\u1ee3i m\u1ed7i khi ra ngo\u00e0i.<\/li>\n<li>Ch\u1ea5t li\u1ec7u \u00eam \u00e1i kh\u00f4ng g\u00e2y b\u00ed hay kh\u00f3 ch\u1ecbu d\u00f9 ho\u1ea1t \u0111\u1ed9ng li\u00ean t\u1ee5c su\u1ed1t ng\u00e0y.<\/li>\n<li>Kh\u00f3a k\u00e9o tr\u01b0\u1edbc gi\u00fap thay \u0111\u1ed5i phong c\u00e1ch linh ho\u1ea1t, v\u1eeba m\u1eb7c \u00e1o kho\u00e1c ngo\u00e0i, v\u1eeba s\u1eed d\u1ee5ng nh\u01b0 \u00e1o l\u00f3t m\u1ed7i l\u00fac c\u1ea7n.<\/li>\n<\/ul>\n<\/section>\n<section data-wtai-block-id=\"wtai_product_description_use_cases\" class=\"wtai-section wtai-use_cases-section\">\n<h2>M\u1eb7c Khi N\u00e0o Th\u00ec Chu\u1ea9n?<\/h2>\n<p>\u00c1o ph\u00f9 h\u1ee3p cho nh\u1eefng ng\u00e0y tr\u1eddi m\u00e1t ho\u1eb7c se l\u1ea1nh, ho\u00e0n h\u1ea3o \u0111\u1ec3 m\u1eb7c \u0111i h\u1ecdc, \u0111i l\u00e0m, t\u1ee5 t\u1eadp b\u1ea1n b\u00e8 ho\u1eb7c h\u1eb9n h\u00f2 caf\u00e9 cu\u1ed1i tu\u1ea7n. B\u1ea1n c\u00f3 th\u1ec3 mix c\u00f9ng qu\u1ea7n jeans, jogger hay ch\u00e2n v\u00e1y \u0111\u1ec3 t\u1ea1o phong c\u00e1ch c\u00e1 t\u00ednh ho\u1eb7c n\u0103ng \u0111\u1ed9ng. Thi\u1ebft k\u1ebf \u0111\u01a1n gi\u1ea3n gi\u00fap \u00e1o d\u1ec5 d\u00e0ng tr\u1edf th\u00e0nh item c\u01a1 b\u1ea3n kh\u00f4ng th\u1ec3 thi\u1ebfu trong t\u1ee7 \u0111\u1ed3 h\u1eb1ng ng\u00e0y.<\/p>\n<\/section>\n<section data-wtai-block-id=\"wtai_product_description_custom_1754271650908\" class=\"wtai-section wtai-custom_1754271650908-section\">\n<h2>H\u01b0\u1edbng d\u1eabn ch\u0103m s\u00f3c v\u00e0 b\u1ea3o qu\u1ea3n \u00e1o hoodie kh\u00f3a k\u00e9o H&amp;M<\/h2>\n<ul>\n<li>Gi\u1eb7t m\u00e1y ch\u1ebf \u0111\u1ed9 nh\u1eb9 ho\u1eb7c gi\u1eb7t tay, nh\u1edb k\u00e9o k\u00edn kh\u00f3a tr\u01b0\u1edbc khi gi\u1eb7t.<\/li>\n<li>Kh\u00f4ng d\u00f9ng ch\u1ea5t t\u1ea9y m\u1ea1nh, \u01b0u ti\u00ean n\u01b0\u1edbc gi\u1eb7t d\u1ecbu nh\u1eb9 \u0111\u1ec3 b\u1ea3o v\u1ec7 m\u00e0u v\u1ea3i.<\/li>\n<li>Ph\u01a1i t\u1ef1 nhi\u00ean \u1edf n\u01a1i tho\u00e1ng, tr\u00e1nh \u00e1nh n\u1eafng m\u1ea1nh \u0111\u1ec3 \u00e1o kh\u00f4ng b\u1ecb phai m\u00e0u.<\/li>\n<li>\u1ee6i nh\u1eb9 m\u1eb7t tr\u00e1i \u1edf nhi\u1ec7t \u0111\u1ed9 th\u1ea5p n\u1ebfu c\u1ea7n, kh\u00f4ng \u1ee7i tr\u1ef1c ti\u1ebfp tr\u00ean h\u00ecnh in.<\/li>\n<li>G\u1ea5p g\u1ecdn c\u1ea5t t\u1ee7, tr\u00e1nh n\u01a1i \u1ea9m ho\u1eb7c \u0111\u00e8 v\u1eadt n\u1eb7ng l\u00ean \u00e1o \u0111\u1ec3 gi\u1eef phom d\u00e1ng.<\/li>\n<\/ul>\n<\/section>\n<section data-wtai-block-id=\"wtai_product_description_custom_1754281021097\" class=\"wtai-section wtai-custom_1754281021097-section\">\n<h2>Chi ti\u1ebft b\u1ec1n v\u1eefng c\u1ee7a \u00c1o Hoodie Kh\u00f3a K\u00e9o H&amp;M<\/h2>\n<h3>Ch\u1ea5t li\u1ec7u<\/h3>\n<p>\u2022 Tr\u00ean 89% s\u1ee3i s\u1eed d\u1ee5ng l\u00e0 t\u00e1i ch\u1ebf ho\u1eb7c c\u00f3 ngu\u1ed3n b\u1ec1n v\u1eefng. \u2022 H\u01b0\u1edbng t\u1edbi 30% v\u1eadt li\u1ec7u t\u00e1i ch\u1ebf v\u00e0o n\u0103m 2025. \u2022 Polyester t\u00e1i ch\u1ebf chi\u1ebfm 94% t\u1ed5ng l\u01b0\u1ee3ng polyester s\u1eed d\u1ee5ng.<\/p>\n<h3>Th\u00e0nh ph\u1ea7n<\/h3>\n<p>\u2022 B\u00f4ng h\u1eefu c\u01a1, t\u00e1i ch\u1ebf ho\u1eb7c chuy\u1ec3n \u0111\u1ed5i Better Cotton Initiative. \u2022 Viscose, lyocell \u0111\u1ebfn t\u1eeb Livaeco, Lenzing ho\u1eb7c TENCEL. \u2022 Polyamide t\u00e1i ch\u1ebf chi\u1ebfm 17%, t\u1eeb l\u01b0\u1edbi, th\u1ea3m c\u0169 v\u00e0 ph\u1ebf th\u1ea3i.<\/p>\n<h3>Bao b\u00ec<\/h3>\n<p>\u2022 M\u1ee5c ti\u00eau 100% bao b\u00ec t\u00e1i ch\u1ebf ho\u1eb7c t\u00e1i s\u1eed d\u1ee5ng \u0111\u1ebfn 2030. \u2022 52% bao b\u00ec hi\u1ec7n t\u1ea1i l\u00e0m t\u1eeb v\u1eadt li\u1ec7u t\u00e1i ch\u1ebf. \u2022 \u0110\u00e3 thu gom h\u01a1n 29.000 t\u1ea5n qu\u1ea7n \u00e1o \u0111\u1ec3 t\u00e1i ch\u1ebf ho\u1eb7c t\u00e1i s\u1eed d\u1ee5ng.<\/p>\n<\/section>\n<div data-wtai-block-id=\"wtai_product_description_image_1753694424568\" class=\"wtai-section wtai-image_1753694424568-section\">\n<figure class=\"wtai-image-p wtai-align-center\" style=\"text-align:center\"><img decoding=\"async\" src=\"https:\/\/demostore.ai\/wp-content\/uploads\/2025\/06\/Branded-hoodie-4-scaled-1-600x600.png\" alt=\"\u00c1o hoodie kh\u00f3a k\u00e9o H&amp;M m\u00e0u x\u00e1m, v\u1ea3i d\u00e0y, m\u0169 tr\u00f9m \u0111\u1ea7u l\u1edbn v\u00e0 nh\u00e3n hi\u1ec7u b\u00ean trong c\u1ed5 \u00e1o.\" srcset=\"https:\/\/demostore.ai\/wp-content\/uploads\/2025\/06\/Branded-hoodie-4-scaled-1.png 1000w, https:\/\/demostore.ai\/wp-content\/uploads\/2025\/06\/Branded-hoodie-4-scaled-1-300x300.png 300w, https:\/\/demostore.ai\/wp-content\/uploads\/2025\/06\/Branded-hoodie-4-scaled-1-150x150.png 150w, https:\/\/demostore.ai\/wp-content\/uploads\/2025\/06\/Branded-hoodie-4-scaled-1-768x768.png 768w, https:\/\/demostore.ai\/wp-content\/uploads\/2025\/06\/Branded-hoodie-4-scaled-1-600x600.png 600w, https:\/\/demostore.ai\/wp-content\/uploads\/2025\/06\/Branded-hoodie-4-scaled-1-250x250.png 250w\"><figcaption>\n<p>Hoodie v\u1ea3i n\u1ec9 d\u00e0y d\u1eb7n, bo vi\u1ec1n ch\u1eafc ch\u1eafn, kh\u00f3a k\u00e9o m\u01b0\u1ee3t, tag H&amp;M n\u1ed5i b\u1eadt ngay ng\u1ef1c.<\/p>\n<\/figcaption><\/figure>\n<\/p><\/div>\n<section data-wtai-block-id=\"wtai_product_description_faqs\" class=\"wtai-section wtai-faqs-section\">\n<h2>C\u00e2u H\u1ecfi Th\u01b0\u1eddng G\u1eb7p<\/h2>\n<p><strong>\u00c1o n\u00e0y c\u00f3 v\u1eeba cho nam l\u1eabn n\u1eef kh\u00f4ng?<\/strong> <br \/> Thi\u1ebft k\u1ebf unisex v\u1edbi form r\u1ed9ng v\u1eeba ph\u1ea3i, ph\u00f9 h\u1ee3p cho c\u1ea3 nam v\u00e0 n\u1eef \u1edf nhi\u1ec1u \u0111\u1ed9 tu\u1ed5i kh\u00e1c nhau.<\/p>\n<p><strong>M\u1eb7c v\u00e0o m\u00f9a n\u00e0o th\u00ec h\u1ee3p l\u00fd nh\u1ea5t?<\/strong> <br \/> \u00c1o gi\u1eef \u1ea5m kh\u00e1 t\u1ed1t, r\u1ea5t l\u00fd t\u01b0\u1edfng cho ti\u1ebft tr\u1eddi thu \u0111\u00f4ng, s\u00e1ng s\u1edbm ho\u1eb7c t\u1ed1i mu\u1ed9n khi tr\u1eddi se l\u1ea1nh.<\/p>\n<p><strong>C\u00f3 d\u1ec5 b\u1ecb x\u00f9 l\u00f4ng ho\u1eb7c bai nh\u00e3o sau khi gi\u1eb7t kh\u00f4ng?<\/strong> <br \/> Ch\u1ea5t li\u1ec7u n\u1ec9 b\u1ec1n v\u00e0 \u0111\u01b0\u1eddng may ch\u1eafc ch\u1eafc gi\u00fap h\u1ea1n ch\u1ebf x\u00f9 l\u00f4ng, nh\u01b0ng n\u00ean gi\u1eb7t b\u1eb1ng tay ho\u1eb7c gi\u1eb7t m\u00e1y \u1edf ch\u1ebf \u0111\u1ed9 nh\u1eb9 \u0111\u1ec3 \u00e1o gi\u1eef form t\u1ed1t h\u01a1n.<\/p>\n<p><strong>Kh\u00f3a k\u00e9o c\u00f3 d\u1ec5 s\u1eed d\u1ee5ng v\u00e0 b\u1ec1n kh\u00f4ng?<\/strong> <br \/> Kh\u00f3a k\u00e9o kim lo\u1ea1i ch\u1eafc ch\u1eafn, thao t\u00e1c m\u01b0\u1ee3t v\u00e0 h\u1ea1n ch\u1ebf k\u1eb9t, ph\u00f9 h\u1ee3p s\u1eed d\u1ee5ng l\u00e2u d\u00e0i.<\/p>\n<\/section>\n<section data-wtai-block-id=\"wtai_product_description_conclusion\" class=\"wtai-section wtai-conclusion-section\">\n<h2>S\u1eb5n S\u00e0ng \u0110\u1ed5i Gi\u00f3 T\u1ee7 \u0110\u1ed3?<\/h2>\n<p><strong>\u0110\u1eebng b\u1ecf l\u1ee1 chi\u1ebfc hoodie kh\u00f3a k\u00e9o x\u00e1m basic c\u1ee7a H&amp;M \u2013 v\u1eeba th\u1eddi trang, v\u1eeba ti\u1ec7n l\u1ee3i l\u1ea1i si\u00eau d\u1ec5 ph\u1ed1i \u0111\u1ed3. M\u1ed9t l\u1ef1a ch\u1ecdn t\u1ed1i \u01b0u cho nh\u1eefng ng\u00e0y c\u1ea7n s\u1ef1 linh ho\u1ea1t, ch\u1ec9 c\u1ea7n kho\u00e1c l\u00ean l\u00e0 t\u1ef1 tin ra ph\u1ed1 ngay. Ch\u1ed1t \u0111\u01a1n h\u00f4m nay \u0111\u1ec3 c\u1eadp nh\u1eadt style m\u1edbi n\u0103ng \u0111\u1ed9ng h\u01a1n!<\/strong><\/p>\n<\/section>\n","protected":false},"excerpt":{"rendered":"<div data-wtai-block-id=\"wtai_excerpt_subtitle\" class=\"wtai-section wtai-subtitle-section\">\n<p><em><strong>Ch\u1ea5t n\u1ec9 \u1ea5m \u00e1p, d\u1ec5 mix \u2013 l\u00ean \u0111\u1ed3 chu\u1ea9n ch\u1ea5t m\u1ed7i ng\u00e0y.<\/strong><\/em><\/p>\n<\/p><\/div>\n<div data-wtai-block-id=\"wtai_excerpt_introduction\" class=\"wtai-section wtai-introduction-section\">\n<p>Kh\u00f4ng ph\u1ea3i suy ngh\u0129 g\u00ec nhi\u1ec1u, ch\u1ec9 c\u1ea7n kho\u00e1c H&amp;M \u00c1o Hoodie Kh\u00f3a K\u00e9o l\u00ean l\u00e0 \u201cauto\u201d ch\u1ea5t ch\u01a1i ngay. Form \u00e1o basic v\u1edbi \u0111\u01b0\u1eddng may kh\u1ecfe kho\u1eafn c\u00f9ng ch\u1ea5t v\u1ea3i n\u1ec9 pha cotton d\u00e0y d\u1eb7n v\u1eeba \u1ea5m v\u1eeba tho\u1ea3i m\u00e1i, ph\u00f9 h\u1ee3p m\u1ecdi th\u1eddi ti\u1ebft chuy\u1ec3n m\u00f9a. Thi\u1ebft k\u1ebf kh\u00f3a k\u00e9o ti\u1ec7n l\u1ee3i, t\u00fai tr\u01b0\u1edbc r\u1ed9ng r\u00e3i v\u00e0 m\u0169 tr\u00f9m c\u1ef1c ng\u1ea7u \u2013 m\u1eabu n\u00e0y \u0111\u00e1p \u1ee9ng h\u1ebft t\u1eeb \u0111i h\u1ecdc, \u0111i ch\u01a1i \u0111\u1ebfn d\u1ea1o ph\u1ed1. \u0110\u01a1n gi\u1ea3n nh\u01b0ng s\u1eafc n\u00e9t, \u0111\u00e2y l\u00e0 item c\u1ef1c d\u1ec5 mix, t\u00f4n style ri\u00eang, gi\u00fap b\u1ea1n t\u1ef1 tin m\u1ecdi l\u00fac m\u1ecdi n\u01a1i m\u00e0 kh\u00f4ng lo l\u1ed7i m\u1ed1t.<\/p>\n<\/p><\/div>\n","protected":false},"featured_media":21286,"comment_status":"open","ping_status":"closed","template":"","meta":[],"product_brand":[],"product_cat":[177],"product_tag":[],"class_list":{"0":"post-37949","1":"product","2":"type-product","3":"status-publish","4":"has-post-thumbnail","6":"product_cat-thoi-trang","8":"first","9":"instock","10":"shipping-taxable","11":"purchasable","12":"product-type-simple"},"bundled_by":[],"bundle_stock_status":"instock","bundle_stock_quantity":null,"bundle_virtual":false,"bundle_layout":"","bundle_add_to_cart_form_location":"","bundle_editable_in_cart":false,"bundle_sold_individually_context":"","bundle_item_grouping":"","bundle_min_size":"","bundle_max_size":"","bundle_price":[],"bundled_items":[],"bundle_sell_ids":[],"yoast_head":"<!-- This site is optimized with the Yoast SEO plugin v25.2 - https:\/\/yoast.com\/wordpress\/plugins\/seo\/ -->\n<title>Shop H M Hoodie Kh\u00f3a K\u00e9o X\u00e1m Unisex Best Seller<\/title>\n<meta name=\"description\" content=\"Ng\u00e0y se l\u1ea1nh th\u00eam c\u00e1 t\u00ednh v\u1edbi \u00e1o hoodie kh\u00f3a k\u00e9o H&amp;M m\u00e0u x\u00e1m ch\u1ea5t n\u1ec9 m\u1ec1m, d\u1ec5 ph\u1ed1i. D\u00e1ng unisex basic, kh\u00f3a k\u00e9o to\u00e0n th\u00e2n, t\u00fai l\u1edbn ti\u1ec7n l\u1ee3i.\" \/>\n<meta name=\"robots\" content=\"index, follow, max-snippet:-1, max-image-preview:large, max-video-preview:-1\" \/>\n<link rel=\"canonical\" href=\"https:\/\/demostore.ai\/vi\/san-pham\/hm-ao-hoodie-khoa-keo\/\" \/>\n<meta property=\"og:type\" content=\"article\" \/>\n<meta property=\"og:title\" content=\"Shop H M Hoodie Kh\u00f3a K\u00e9o X\u00e1m Unisex Best Seller\" \/>\n<meta property=\"og:description\" content=\"Bu\u1ed5i s\u00e1ng m\u00e1t m\u1ebb hay tr\u1eddi se l\u1ea1nh \u0111\u1ec1u h\u1ee3p v\u1edbi \u00e1o hoodie kh\u00f3a k\u00e9o H&amp;M m\u00e0u x\u00e1m. Ch\u1ea5t n\u1ec9 m\u1ec1m, form unisex, kh\u00f3a k\u00e9o ti\u1ec7n l\u1ee3i v\u00e0 t\u00fai l\u1edbn ph\u00f9 h\u1ee3p nhi\u1ec1u phong c\u00e1ch tr\u1ebb trung n\u0103ng \u0111\u1ed9ng.\" \/>\n<meta property=\"og:url\" content=\"https:\/\/demostore.ai\/vi\/san-pham\/hm-ao-hoodie-khoa-keo\/\" \/>\n<meta property=\"og:site_name\" content=\"Trendy Thread\" \/>\n<meta property=\"article:modified_time\" content=\"2026-02-17T14:51:21+00:00\" \/>\n<meta property=\"og:image\" content=\"https:\/\/demostore.ai\/wp-content\/uploads\/2025\/06\/Branded-hoodie-1-scaled-1.png\" \/>\n\t<meta property=\"og:image:width\" content=\"810\" \/>\n\t<meta property=\"og:image:height\" content=\"1000\" \/>\n\t<meta property=\"og:image:type\" content=\"image\/png\" \/>\n<meta name=\"twitter:card\" content=\"summary_large_image\" \/>\n<meta name=\"twitter:title\" content=\"Shop H M Hoodie Kh\u00f3a K\u00e9o X\u00e1m Unisex Best Seller\" \/>\n<meta name=\"twitter:description\" content=\"Bu\u1ed5i s\u00e1ng m\u00e1t m\u1ebb hay tr\u1eddi se l\u1ea1nh \u0111\u1ec1u h\u1ee3p v\u1edbi \u00e1o hoodie kh\u00f3a k\u00e9o H&amp;M m\u00e0u x\u00e1m. Ch\u1ea5t n\u1ec9 m\u1ec1m, form unisex, kh\u00f3a k\u00e9o ti\u1ec7n l\u1ee3i v\u00e0 t\u00fai l\u1edbn ph\u00f9 h\u1ee3p nhi\u1ec1u phong c\u00e1ch tr\u1ebb trung n\u0103ng \u0111\u1ed9ng.\" \/>\n<meta name=\"twitter:label1\" content=\"\u01af\u1edbc t\u00ednh th\u1eddi gian \u0111\u1ecdc\" \/>\n\t<meta name=\"twitter:data1\" content=\"1 ph\u00fat\" \/>\n<script type=\"application\/ld+json\" class=\"yoast-schema-graph\">{\"@context\":\"https:\/\/schema.org\",\"@graph\":[{\"@type\":\"WebPage\",\"@id\":\"https:\/\/demostore.ai\/vi\/san-pham\/hm-ao-hoodie-khoa-keo\/\",\"url\":\"https:\/\/demostore.ai\/vi\/san-pham\/hm-ao-hoodie-khoa-keo\/\",\"name\":\"Shop H M Hoodie Kh\u00f3a K\u00e9o X\u00e1m Unisex Best Seller\",\"isPartOf\":{\"@id\":\"https:\/\/demostore.ai\/vi\/#website\"},\"primaryImageOfPage\":{\"@id\":\"https:\/\/demostore.ai\/vi\/san-pham\/hm-ao-hoodie-khoa-keo\/#primaryimage\"},\"image\":{\"@id\":\"https:\/\/demostore.ai\/vi\/san-pham\/hm-ao-hoodie-khoa-keo\/#primaryimage\"},\"thumbnailUrl\":\"https:\/\/demostore.ai\/wp-content\/uploads\/2025\/06\/Branded-hoodie-1-scaled-1.png\",\"datePublished\":\"2025-06-15T23:23:39+00:00\",\"dateModified\":\"2026-02-17T14:51:21+00:00\",\"description\":\"Ng\u00e0y se l\u1ea1nh th\u00eam c\u00e1 t\u00ednh v\u1edbi \u00e1o hoodie kh\u00f3a k\u00e9o H&M m\u00e0u x\u00e1m ch\u1ea5t n\u1ec9 m\u1ec1m, d\u1ec5 ph\u1ed1i. D\u00e1ng unisex basic, kh\u00f3a k\u00e9o to\u00e0n th\u00e2n, t\u00fai l\u1edbn ti\u1ec7n l\u1ee3i.\",\"breadcrumb\":{\"@id\":\"https:\/\/demostore.ai\/vi\/san-pham\/hm-ao-hoodie-khoa-keo\/#breadcrumb\"},\"inLanguage\":\"vi\",\"potentialAction\":[{\"@type\":\"ReadAction\",\"target\":[\"https:\/\/demostore.ai\/vi\/san-pham\/hm-ao-hoodie-khoa-keo\/\"]}]},{\"@type\":\"ImageObject\",\"inLanguage\":\"vi\",\"@id\":\"https:\/\/demostore.ai\/vi\/san-pham\/hm-ao-hoodie-khoa-keo\/#primaryimage\",\"url\":\"https:\/\/demostore.ai\/wp-content\/uploads\/2025\/06\/Branded-hoodie-1-scaled-1.png\",\"contentUrl\":\"https:\/\/demostore.ai\/wp-content\/uploads\/2025\/06\/Branded-hoodie-1-scaled-1.png\",\"width\":810,\"height\":1000,\"caption\":\"\u00c1o hoodie H&M m\u00e0u x\u00e1m c\u00f3 kh\u00f3a k\u00e9o, t\u00fai hai b\u00ean v\u00e0 m\u0169 tr\u00f9m \u0111\u1ea7u, th\u00edch h\u1ee3p m\u1eb7c h\u00e0ng ng\u00e0y.\"},{\"@type\":\"BreadcrumbList\",\"@id\":\"https:\/\/demostore.ai\/vi\/san-pham\/hm-ao-hoodie-khoa-keo\/#breadcrumb\",\"itemListElement\":[{\"@type\":\"ListItem\",\"position\":1,\"name\":\"Trang ch\u1ee7\",\"item\":\"https:\/\/demostore.ai\/vi\/\"},{\"@type\":\"ListItem\",\"position\":2,\"name\":\"C\u1eeda h\u00e0ng\",\"item\":\"https:\/\/demostore.ai\/vi\/cua-hang\/\"},{\"@type\":\"ListItem\",\"position\":3,\"name\":\"H&#038;M \u00c1o Hoodie Kh\u00f3a K\u00e9o\"}]},{\"@type\":\"WebSite\",\"@id\":\"https:\/\/demostore.ai\/vi\/#website\",\"url\":\"https:\/\/demostore.ai\/vi\/\",\"name\":\"Trendy Thread\",\"description\":\"C\u1eeda h\u00e0ng demo WriteText.ai\",\"publisher\":{\"@id\":\"https:\/\/demostore.ai\/vi\/#organization\"},\"potentialAction\":[{\"@type\":\"SearchAction\",\"target\":{\"@type\":\"EntryPoint\",\"urlTemplate\":\"https:\/\/demostore.ai\/vi\/?s={search_term_string}\"},\"query-input\":{\"@type\":\"PropertyValueSpecification\",\"valueRequired\":true,\"valueName\":\"search_term_string\"}}],\"inLanguage\":\"vi\"},{\"@type\":\"Organization\",\"@id\":\"https:\/\/demostore.ai\/vi\/#organization\",\"name\":\"WriteText.ai\",\"url\":\"https:\/\/demostore.ai\/vi\/\",\"logo\":{\"@type\":\"ImageObject\",\"inLanguage\":\"vi\",\"@id\":\"https:\/\/demostore.ai\/vi\/#\/schema\/logo\/image\/\",\"url\":\"https:\/\/demostore.ai\/wp-content\/uploads\/2025\/10\/writetext_logo.webp\",\"contentUrl\":\"https:\/\/demostore.ai\/wp-content\/uploads\/2025\/10\/writetext_logo.webp\",\"width\":200,\"height\":34,\"caption\":\"WriteText.ai\"},\"image\":{\"@id\":\"https:\/\/demostore.ai\/vi\/#\/schema\/logo\/image\/\"}}]}<\/script>\n<!-- \/ Yoast SEO plugin. -->","yoast_head_json":{"title":"Shop H M Hoodie Kh\u00f3a K\u00e9o X\u00e1m Unisex Best Seller","description":"Ng\u00e0y se l\u1ea1nh th\u00eam c\u00e1 t\u00ednh v\u1edbi \u00e1o hoodie kh\u00f3a k\u00e9o H&M m\u00e0u x\u00e1m ch\u1ea5t n\u1ec9 m\u1ec1m, d\u1ec5 ph\u1ed1i. D\u00e1ng unisex basic, kh\u00f3a k\u00e9o to\u00e0n th\u00e2n, t\u00fai l\u1edbn ti\u1ec7n l\u1ee3i.","robots":{"index":"index","follow":"follow","max-snippet":"max-snippet:-1","max-image-preview":"max-image-preview:large","max-video-preview":"max-video-preview:-1"},"canonical":"https:\/\/demostore.ai\/vi\/san-pham\/hm-ao-hoodie-khoa-keo\/","og_type":"article","og_title":"Shop H M Hoodie Kh\u00f3a K\u00e9o X\u00e1m Unisex Best Seller","og_description":"Bu\u1ed5i s\u00e1ng m\u00e1t m\u1ebb hay tr\u1eddi se l\u1ea1nh \u0111\u1ec1u h\u1ee3p v\u1edbi \u00e1o hoodie kh\u00f3a k\u00e9o H&M m\u00e0u x\u00e1m. Ch\u1ea5t n\u1ec9 m\u1ec1m, form unisex, kh\u00f3a k\u00e9o ti\u1ec7n l\u1ee3i v\u00e0 t\u00fai l\u1edbn ph\u00f9 h\u1ee3p nhi\u1ec1u phong c\u00e1ch tr\u1ebb trung n\u0103ng \u0111\u1ed9ng.","og_url":"https:\/\/demostore.ai\/vi\/san-pham\/hm-ao-hoodie-khoa-keo\/","og_site_name":"Trendy Thread","article_modified_time":"2026-02-17T14:51:21+00:00","og_image":[{"width":810,"height":1000,"url":"https:\/\/demostore.ai\/wp-content\/uploads\/2025\/06\/Branded-hoodie-1-scaled-1.png","type":"image\/png"}],"twitter_card":"summary_large_image","twitter_title":"Shop H M Hoodie Kh\u00f3a K\u00e9o X\u00e1m Unisex Best Seller","twitter_description":"Bu\u1ed5i s\u00e1ng m\u00e1t m\u1ebb hay tr\u1eddi se l\u1ea1nh \u0111\u1ec1u h\u1ee3p v\u1edbi \u00e1o hoodie kh\u00f3a k\u00e9o H&M m\u00e0u x\u00e1m. Ch\u1ea5t n\u1ec9 m\u1ec1m, form unisex, kh\u00f3a k\u00e9o ti\u1ec7n l\u1ee3i v\u00e0 t\u00fai l\u1edbn ph\u00f9 h\u1ee3p nhi\u1ec1u phong c\u00e1ch tr\u1ebb trung n\u0103ng \u0111\u1ed9ng.","twitter_misc":{"\u01af\u1edbc t\u00ednh th\u1eddi gian \u0111\u1ecdc":"1 ph\u00fat"},"schema":{"@context":"https:\/\/schema.org","@graph":[{"@type":"WebPage","@id":"https:\/\/demostore.ai\/vi\/san-pham\/hm-ao-hoodie-khoa-keo\/","url":"https:\/\/demostore.ai\/vi\/san-pham\/hm-ao-hoodie-khoa-keo\/","name":"Shop H M Hoodie Kh\u00f3a K\u00e9o X\u00e1m Unisex Best Seller","isPartOf":{"@id":"https:\/\/demostore.ai\/vi\/#website"},"primaryImageOfPage":{"@id":"https:\/\/demostore.ai\/vi\/san-pham\/hm-ao-hoodie-khoa-keo\/#primaryimage"},"image":{"@id":"https:\/\/demostore.ai\/vi\/san-pham\/hm-ao-hoodie-khoa-keo\/#primaryimage"},"thumbnailUrl":"https:\/\/demostore.ai\/wp-content\/uploads\/2025\/06\/Branded-hoodie-1-scaled-1.png","datePublished":"2025-06-15T23:23:39+00:00","dateModified":"2026-02-17T14:51:21+00:00","description":"Ng\u00e0y se l\u1ea1nh th\u00eam c\u00e1 t\u00ednh v\u1edbi \u00e1o hoodie kh\u00f3a k\u00e9o H&M m\u00e0u x\u00e1m ch\u1ea5t n\u1ec9 m\u1ec1m, d\u1ec5 ph\u1ed1i. D\u00e1ng unisex basic, kh\u00f3a k\u00e9o to\u00e0n th\u00e2n, t\u00fai l\u1edbn ti\u1ec7n l\u1ee3i.","breadcrumb":{"@id":"https:\/\/demostore.ai\/vi\/san-pham\/hm-ao-hoodie-khoa-keo\/#breadcrumb"},"inLanguage":"vi","potentialAction":[{"@type":"ReadAction","target":["https:\/\/demostore.ai\/vi\/san-pham\/hm-ao-hoodie-khoa-keo\/"]}]},{"@type":"ImageObject","inLanguage":"vi","@id":"https:\/\/demostore.ai\/vi\/san-pham\/hm-ao-hoodie-khoa-keo\/#primaryimage","url":"https:\/\/demostore.ai\/wp-content\/uploads\/2025\/06\/Branded-hoodie-1-scaled-1.png","contentUrl":"https:\/\/demostore.ai\/wp-content\/uploads\/2025\/06\/Branded-hoodie-1-scaled-1.png","width":810,"height":1000,"caption":"\u00c1o hoodie H&M m\u00e0u x\u00e1m c\u00f3 kh\u00f3a k\u00e9o, t\u00fai hai b\u00ean v\u00e0 m\u0169 tr\u00f9m \u0111\u1ea7u, th\u00edch h\u1ee3p m\u1eb7c h\u00e0ng ng\u00e0y."},{"@type":"BreadcrumbList","@id":"https:\/\/demostore.ai\/vi\/san-pham\/hm-ao-hoodie-khoa-keo\/#breadcrumb","itemListElement":[{"@type":"ListItem","position":1,"name":"Trang ch\u1ee7","item":"https:\/\/demostore.ai\/vi\/"},{"@type":"ListItem","position":2,"name":"C\u1eeda h\u00e0ng","item":"https:\/\/demostore.ai\/vi\/cua-hang\/"},{"@type":"ListItem","position":3,"name":"H&#038;M \u00c1o Hoodie Kh\u00f3a K\u00e9o"}]},{"@type":"WebSite","@id":"https:\/\/demostore.ai\/vi\/#website","url":"https:\/\/demostore.ai\/vi\/","name":"Trendy Thread","description":"C\u1eeda h\u00e0ng demo WriteText.ai","publisher":{"@id":"https:\/\/demostore.ai\/vi\/#organization"},"potentialAction":[{"@type":"SearchAction","target":{"@type":"EntryPoint","urlTemplate":"https:\/\/demostore.ai\/vi\/?s={search_term_string}"},"query-input":{"@type":"PropertyValueSpecification","valueRequired":true,"valueName":"search_term_string"}}],"inLanguage":"vi"},{"@type":"Organization","@id":"https:\/\/demostore.ai\/vi\/#organization","name":"WriteText.ai","url":"https:\/\/demostore.ai\/vi\/","logo":{"@type":"ImageObject","inLanguage":"vi","@id":"https:\/\/demostore.ai\/vi\/#\/schema\/logo\/image\/","url":"https:\/\/demostore.ai\/wp-content\/uploads\/2025\/10\/writetext_logo.webp","contentUrl":"https:\/\/demostore.ai\/wp-content\/uploads\/2025\/10\/writetext_logo.webp","width":200,"height":34,"caption":"WriteText.ai"},"image":{"@id":"https:\/\/demostore.ai\/vi\/#\/schema\/logo\/image\/"}}]}},"_links":{"self":[{"href":"https:\/\/demostore.ai\/vi\/wp-json\/wp\/v2\/product\/37949","targetHints":{"allow":["GET"]}}],"collection":[{"href":"https:\/\/demostore.ai\/vi\/wp-json\/wp\/v2\/product"}],"about":[{"href":"https:\/\/demostore.ai\/vi\/wp-json\/wp\/v2\/types\/product"}],"replies":[{"embeddable":true,"href":"https:\/\/demostore.ai\/vi\/wp-json\/wp\/v2\/comments?post=37949"}],"wp:featuredmedia":[{"embeddable":true,"href":"https:\/\/demostore.ai\/vi\/wp-json\/wp\/v2\/media\/21286"}],"wp:attachment":[{"href":"https:\/\/demostore.ai\/vi\/wp-json\/wp\/v2\/media?parent=37949"}],"wp:term":[{"taxonomy":"product_brand","embeddable":true,"href":"https:\/\/demostore.ai\/vi\/wp-json\/wp\/v2\/product_brand?post=37949"},{"taxonomy":"product_cat","embeddable":true,"href":"https:\/\/demostore.ai\/vi\/wp-json\/wp\/v2\/product_cat?post=37949"},{"taxonomy":"product_tag","embeddable":true,"href":"https:\/\/demostore.ai\/vi\/wp-json\/wp\/v2\/product_tag?post=37949"}],"curies":[{"name":"wp","href":"https:\/\/api.w.org\/{rel}","templated":true}]}}