{"id":37580,"date":"2025-06-16T08:26:31","date_gmt":"2025-06-16T00:26:31","guid":{"rendered":"https:\/\/demostore.ai\/?post_type=product&#038;p=37580"},"modified":"2026-02-18T10:46:07","modified_gmt":"2026-02-18T02:46:07","slug":"guess-who","status":"publish","type":"product","link":"https:\/\/demostore.ai\/vi\/san-pham\/guess-who\/","title":{"rendered":"Guess Who?"},"content":{"rendered":"<section data-wtai-block-id=\"wtai_product_description_features\" class=\"wtai-section wtai-features-section\">\n<h2>\u0110\u1eb7c \u0110i\u1ec3m N\u1ed5i B\u1eadt<\/h2>\n<ul>\n<li><strong>Thi\u1ebft k\u1ebf b\u1ea3ng l\u1eadt m\u00e0u s\u1eafc b\u1eaft m\u1eaft<\/strong>: Trang b\u1ecb hai b\u1ea3ng ch\u01a1i v\u1edbi t\u00f4ng xanh mang l\u1ea1i c\u1ea3m gi\u00e1c hi\u1ec7n \u0111\u1ea1i v\u00e0 n\u1ed5i b\u1eadt tr\u00ean b\u00e0n ch\u01a1i.<\/li>\n<li><strong>H\u00ecnh minh h\u1ecda \u0111a d\u1ea1ng v\u00e0 sinh \u0111\u1ed9ng<\/strong>: M\u1ed7i nh\u00e2n v\u1eadt c\u00f3 \u0111\u1eb7c \u0111i\u1ec3m khu\u00f4n m\u1eb7t kh\u00e1c bi\u1ec7t, gi\u00fap d\u1ec5 nh\u1eadn di\u1ec7n khi \u0111\u1eb7t c\u00e2u h\u1ecfi lo\u1ea1i tr\u1eeb.<\/li>\n<li><strong>Ch\u01a1i \u0111\u01a1n gi\u1ea3n, kh\u00f4ng c\u1ea7n thi\u1ebft b\u1ecb ph\u1ee5 tr\u1ee3<\/strong>: Kh\u00f4ng y\u00eau c\u1ea7u pin, c\u1eafm \u0111i\u1ec7n hay thi\u1ebft b\u1ecb c\u00f4ng ngh\u1ec7, ch\u1ec9 c\u1ea7n m\u1edf h\u1ed9p l\u00e0 c\u00f3 th\u1ec3 ch\u01a1i ngay.<\/li>\n<li><strong>Ph\u00f9 h\u1ee3p nhi\u1ec1u l\u1ee9a tu\u1ed5i<\/strong>: T\u1eeb tr\u1ebb nh\u1ecf \u0111\u1ebfn ng\u01b0\u1eddi l\u1edbn \u0111\u1ec1u d\u1ec5 d\u00e0ng ti\u1ebfp c\u1eadn, \u0111\u1eb7c bi\u1ec7t l\u00fd t\u01b0\u1edfng cho c\u00e1c bu\u1ed5i t\u1ee5 h\u1ecdp ho\u1eb7c gi\u1ea3i lao n\u01a1i c\u00f4ng s\u1edf.<\/li>\n<li><strong>Ch\u1ea5t li\u1ec7u nh\u1ef1a c\u1ee9ng c\u00e1p<\/strong>: \u0110\u1ea3m b\u1ea3o \u0111\u1ed9 b\u1ec1n, an to\u00e0n khi s\u1eed d\u1ee5ng v\u00e0 d\u1ec5 v\u1ec7 sinh sau m\u1ed7i l\u1ea7n ch\u01a1i.<\/li>\n<\/ul>\n<\/section>\n<div data-wtai-block-id=\"wtai_product_description_image_1\" class=\"wtai-section wtai-image_1-section\">\n<figure class=\"wtai-image-p wtai-align-center\" style=\"text-align:center\"><img decoding=\"async\" src=\"https:\/\/demostore.ai\/wp-content\/uploads\/2025\/06\/Guess-who-2-600x600.png\" alt=\"H\u1ed9p tr\u00f2 ch\u01a1i Guess Who? - game 2 ng\u01b0\u1eddi gi\u00fap \u0111o\u00e1n khu\u00f4n m\u1eb7t b\u00ed \u1ea9n, ph\u00f9 h\u1ee3p cho tr\u1ebb t\u1eeb 6 tu\u1ed5i tr\u1edf l\u00ean.\" srcset=\"https:\/\/demostore.ai\/wp-content\/uploads\/2025\/06\/Guess-who-2.png 1000w, https:\/\/demostore.ai\/wp-content\/uploads\/2025\/06\/Guess-who-2-300x300.png 300w, https:\/\/demostore.ai\/wp-content\/uploads\/2025\/06\/Guess-who-2-150x150.png 150w, https:\/\/demostore.ai\/wp-content\/uploads\/2025\/06\/Guess-who-2-768x768.png 768w, https:\/\/demostore.ai\/wp-content\/uploads\/2025\/06\/Guess-who-2-600x600.png 600w, https:\/\/demostore.ai\/wp-content\/uploads\/2025\/06\/Guess-who-2-250x250.png 250w\"><figcaption>\n<p>H\u1ed9p s\u1ea3n ph\u1ea9m hi\u1ec3n th\u1ecb h\u01b0\u1edbng d\u1eabn lu\u1eadt ch\u01a1i r\u00f5 r\u00e0ng, c\u00e1ch b\u00e0y tr\u00ed tr\u1ef1c quan, m\u00e0u s\u1eafc n\u1ed5i b\u1eadt gi\u00fap d\u1ec5 d\u00e0ng theo d\u00f5i v\u00e0 s\u1eed d\u1ee5ng.<\/p>\n<\/figcaption><\/figure>\n<\/p><\/div>\n<section data-wtai-block-id=\"wtai_product_description_technical_specifications\" class=\"wtai-section wtai-technical_specifications-section\">\n<h3>Chi Ti\u1ebft<\/h3>\n<ul>\n<li><strong>S\u1ed1 ng\u01b0\u1eddi ch\u01a1i<\/strong>: 2<\/li>\n<li><strong>\u0110\u1ed9 tu\u1ed5i khuy\u1ebfn ngh\u1ecb<\/strong>: T\u1eeb 6 tu\u1ed5i tr\u1edf l\u00ean<\/li>\n<li><strong>K\u00edch th\u01b0\u1edbc m\u1ed7i b\u1ea3ng<\/strong>: 9.45&quot; x 9.45&quot;<\/li>\n<li><strong>Th\u1eddi gian ch\u01a1i trung b\u00ecnh<\/strong>: 15\u201320 ph\u00fat<\/li>\n<li><strong>Ch\u1ea5t li\u1ec7u<\/strong>: Nh\u1ef1a t\u1ed5ng h\u1ee3p<\/li>\n<li><strong>S\u1ed1 l\u01b0\u1ee3ng nh\u00e2n v\u1eadt tr\u00ean m\u1ed7i b\u1ea3ng<\/strong>: 24<\/li>\n<li><strong>Ng\u00f4n ng\u1eef ch\u01a1i<\/strong>: Ti\u1ebfng Anh, c\u00f3 th\u1ec3 t\u1ef1 d\u1ecbch cho kh\u00f4ng gian Vi\u1ec7t<\/li>\n<li><strong>Th\u00e0nh ph\u1ea7n trong h\u1ed9p<\/strong>: 2 b\u1ea3ng ch\u01a1i, b\u1ed9 th\u1ebb nh\u00e2n v\u1eadt, h\u01b0\u1edbng d\u1eabn s\u1eed d\u1ee5ng<\/li>\n<\/ul>\n<\/section>\n<section data-wtai-block-id=\"wtai_product_description_custom_1\" class=\"wtai-section wtai-custom_1-section\">\n<h2>\u0110\u1ed1i t\u01b0\u1ee3ng v\u00e0 d\u1ecbp s\u1eed d\u1ee5ng ph\u00f9 h\u1ee3p cho Guess Who?<\/h2>\n<ul>\n<li><strong>Gia \u0111\u00ecnh nhi\u1ec1u th\u1ebf h\u1ec7<\/strong>: T\u1ea1o kh\u00f4ng kh\u00ed vui v\u1ebb, k\u1ebft n\u1ed1i m\u1ecdi th\u00e0nh vi\u00ean d\u1ec5 d\u00e0ng.<\/li>\n<li><strong>Ho\u1ea1t \u0111\u1ed9ng nh\u00f3m doanh nghi\u1ec7p<\/strong>: L\u00e0m ice-breaker gi\u00fap \u0111\u1ed3ng nghi\u1ec7p l\u00e0m quen nhanh ch\u00f3ng.<\/li>\n<li><strong>Kh\u00f4ng gian gi\u1ea3i tr\u00ed th\u01b0 gi\u00e3n<\/strong>: Th\u00edch h\u1ee3p cho gi\u1edd ngh\u1ec9 tr\u01b0a ho\u1eb7c c\u00e1c bu\u1ed5i g\u1eb7p m\u1eb7t th\u00e2n m\u1eadt.<\/li>\n<\/ul>\n<\/section>\n<section data-wtai-block-id=\"wtai_product_description_custom_2\" class=\"wtai-section wtai-custom_2-section\">\n<h2>Gi\u1edbi thi\u1ec7u v\u1ec1 nh\u00e0 s\u00e1ng t\u1ea1o c\u1ee7a Guess Who?<\/h2>\n<p>Guess Who? l\u00e0 s\u00e1ng t\u1ea1o c\u1ee7a c\u1eb7p \u0111\u00f4i nh\u00e0 thi\u1ebft k\u1ebf n\u1ed5i ti\u1ebfng ng\u01b0\u1eddi Israel, Theo v\u00e0 Ora Coster, nh\u1eefng ng\u01b0\u1eddi c\u00f3 \u0111am m\u00ea \u0111\u1eb7c bi\u1ec7t v\u1edbi c\u00e1c tr\u00f2 ch\u01a1i gi\u00e1o d\u1ee5c v\u00e0 gi\u1ea3i tr\u00ed.<\/p>\n<p>V\u1edbi th\u00e2m ni\u00ean ph\u00e1t tri\u1ec3n h\u00e0ng tr\u0103m s\u1ea3n ph\u1ea9m tr\u00f2 ch\u01a1i, hai nh\u00e0 s\u00e1ng l\u1eadp Theora Design \u0111\u00e3 g\u00f3p ph\u1ea7n \u0111\u1ecbnh h\u00ecnh nhi\u1ec1u xu h\u01b0\u1edbng gi\u1ea3i tr\u00ed hi\u1ec7n \u0111\u1ea1i, n\u1ed5i b\u1eadt v\u1edbi c\u00e1c tr\u00f2 nh\u01b0 Zingo! v\u00e0 Pop-it.<\/p>\n<p>Guess Who? n\u1ed5i b\u1eadt v\u1edbi thi\u1ebft k\u1ebf l\u1eadt b\u1ea3ng nh\u00e2n v\u1eadt s\u1ed1ng \u0111\u1ed9ng, d\u1ec5 ch\u01a1i nh\u01b0ng \u0111\u1ea7y chi\u1ebfn l\u01b0\u1ee3c, g\u00e2y \u1ea5n t\u01b0\u1ee3ng m\u1ea1nh v\u1edbi ng\u01b0\u1eddi ch\u01a1i nhi\u1ec1u th\u1ebf h\u1ec7 v\u00e0 tr\u1edf th\u00e0nh bi\u1ec3u t\u01b0\u1ee3ng c\u1ee7a board game to\u00e0n c\u1ea7u.<\/p>\n<p>S\u1ef1 cu\u1ed1n h\u00fat c\u1ee7a b\u1ed9 \u0111\u00f4i n\u00e0y \u0111\u1ebfn t\u1eeb s\u1ef1 k\u1ebft h\u1ee3p gi\u1eefa t\u01b0 duy s\u00e1ng t\u1ea1o v\u00e0 kh\u1ea3 n\u0103ng k\u1ebft n\u1ed1i c\u1ea3 gia \u0111\u00ecnh qua nh\u1eefng tr\u1ea3i nghi\u1ec7m t\u01b0\u01a1ng t\u00e1c, mang \u0111\u1ebfn ni\u1ec1m vui b\u1ea5t t\u1eadn cho \u0111\u00f4ng \u0111\u1ea3o ng\u01b0\u1eddi h\u00e2m m\u1ed9.<\/p>\n<\/section>\n<section data-wtai-block-id=\"wtai_product_description_faqs\" class=\"wtai-section wtai-faqs-section\">\n<h2>C\u00e2u H\u1ecfi Th\u01b0\u1eddng G\u1eb7p<\/h2>\n<p><strong>Guess Who? ph\u00f9 h\u1ee3p cho \u0111\u1ed9 tu\u1ed5i n\u00e0o?<\/strong><\/p>\n<p>S\u1ea3n ph\u1ea9m d\u00e0nh cho ng\u01b0\u1eddi ch\u01a1i t\u1eeb 6 tu\u1ed5i tr\u1edf l\u00ean, th\u00edch h\u1ee3p c\u1ea3 tr\u1ebb em l\u1eabn ng\u01b0\u1eddi l\u1edbn tham gia.<\/p>\n<p><strong>C\u00f3 c\u1ea7n d\u00f9ng thi\u1ebft b\u1ecb \u0111i\u1ec7n t\u1eed ho\u1eb7c pin khi ch\u01a1i kh\u00f4ng?<\/strong><\/p>\n<p>Kh\u00f4ng, tr\u00f2 ch\u01a1i ho\u00e0n to\u00e0n c\u01a1 b\u1ea3n v\u00e0 ho\u1ea1t \u0111\u1ed9ng th\u1ee7 c\u00f4ng, kh\u00f4ng c\u1ea7n b\u1ea5t k\u1ef3 thi\u1ebft b\u1ecb h\u1ed7 tr\u1ee3 n\u00e0o.<\/p>\n<p><strong>Bao l\u00e2u th\u00ec ho\u00e0n th\u00e0nh m\u1ed9t v\u00e1n ch\u01a1i?<\/strong><\/p>\n<p>M\u1ed7i v\u00e1n th\u01b0\u1eddng k\u00e9o d\u00e0i kho\u1ea3ng 15 \u0111\u1ebfn 20 ph\u00fat, thu\u1eadn ti\u1ec7n cho gi\u1edd ngh\u1ec9 ho\u1eb7c th\u01b0 gi\u00e3n nhanh trong ng\u00e0y.<\/p>\n<p><strong>N\u1ebfu mu\u1ed1n t\u0103ng \u0111\u1ed9 k\u1ecbch t\u00ednh, c\u00f3 m\u1eb9o g\u00ec kh\u00f4ng?<\/strong><\/p>\n<p>B\u1ea1n c\u00f3 th\u1ec3 quy \u0111\u1ecbnh th\u1eddi gian h\u1ecfi ho\u1eb7c th\u00eam lu\u1eadt ph\u1ea1t nh\u1ecf \u0111\u1ec3 c\u00e1c tr\u1eadn \u0111\u1ea5u th\u00eam s\u00f4i \u0111\u1ed9ng v\u00e0 n\u00e2ng cao tinh th\u1ea7n c\u1ea1nh tranh.<\/p>\n<\/section>\n<section data-wtai-block-id=\"wtai_product_description_conclusion\" class=\"wtai-section wtai-conclusion-section\">\n<h3>S\u1eb5n S\u00e0ng Kh\u00e1m Ph\u00e1 Tr\u00f2 Ch\u01a1i Kinh \u0110i\u1ec3n?<\/h3>\n<p><strong>Guess Who? l\u00e0 s\u1ef1 k\u1ebft h\u1ee3p gi\u1eefa gi\u1ea3i tr\u00ed, quan s\u00e1t v\u00e0 t\u01b0 duy, ph\u00f9 h\u1ee3p cho m\u1ecdi d\u1ecbp h\u1ecdp m\u1eb7t ho\u1eb7c gi\u1edd ngh\u1ec9 c\u00f4ng s\u1edf.<\/strong> <strong>S\u1ea3n ph\u1ea9m d\u1ec5 s\u1eed d\u1ee5ng, kh\u00f4ng k\u00e9n kh\u00f4ng gian v\u00e0 gi\u00fap k\u1ebft n\u1ed1i m\u1ecdi th\u1ebf h\u1ec7 m\u1ed9t c\u00e1ch t\u1ef1 nhi\u00ean, vui v\u1ebb.<\/strong> <strong>\u0110\u1eebng b\u1ecf l\u1ee1 c\u01a1 h\u1ed9i x\u00e2y d\u1ef1ng kh\u00f4ng kh\u00ed s\u00f4i \u0111\u1ed9ng cho nh\u00f3m c\u1ee7a b\u1ea1n ngay h\u00f4m nay!<\/strong><\/p>\n<\/section>\n","protected":false},"excerpt":{"rendered":"<div data-wtai-block-id=\"wtai_excerpt_subtitle\" class=\"wtai-section wtai-subtitle-section\">\n<p><em><strong>Khi t\u00f2 m\u00f2 l\u00ean ng\u00f4i, m\u1ecdi \u0111\u1eb7c \u0111i\u1ec3m \u0111\u1ec1u c\u00f3 gi\u00e1 tr\u1ecb \u2013 Kh\u00e1m ph\u00e1 Guess Who? theo c\u00e1ch ri\u00eang!<\/strong><\/em><\/p>\n<\/p><\/div>\n<div data-wtai-block-id=\"wtai_excerpt_introduction\" class=\"wtai-section wtai-introduction-section\">\n<p>Chuy\u1ec7n k\u1ec3 r\u1eb1ng, m\u1ed9t bu\u1ed5i h\u1ecdp nh\u00f3m tr\u1edf n\u00ean vui h\u01a1n h\u1eb3n khi m\u1ecdi ng\u01b0\u1eddi c\u00f9ng tr\u1ea3i nghi\u1ec7m Guess Who? Kh\u00f4ng ch\u1ec9 thu h\u00fat tr\u1ebb nh\u1ecf, tr\u00f2 ch\u01a1i n\u00e0y c\u00f2n mang l\u1ea1i nh\u1eefng ph\u00fat gi\u00e2y gi\u1ea3i tr\u00ed nh\u1eb9 nh\u00e0ng nh\u01b0ng \u0111\u1ea7y chi\u1ebfn l\u01b0\u1ee3c cho b\u1ea5t k\u1ef3 l\u1ee9a tu\u1ed5i n\u00e0o. Guess Who? l\u00e0 tr\u00f2 ch\u01a1i b\u1ea3ng \u0111\u1ed1i kh\u00e1ng gi\u00fap r\u00e8n luy\u1ec7n t\u01b0 duy logic v\u00e0 kh\u1ea3 n\u0103ng giao ti\u1ebfp, r\u1ea5t ph\u00f9 h\u1ee3p cho m\u00f4i tr\u01b0\u1eddng kinh doanh, gi\u1ea3i tr\u00ed t\u1ea1i v\u0103n ph\u00f2ng v\u00e0 c\u00e1c kh\u00f4ng gian k\u1ebft n\u1ed1i t\u1eadp th\u1ec3. Thi\u1ebft k\u1ebf hi\u1ec7n \u0111\u1ea1i, m\u00e0u s\u1eafc b\u1eaft m\u1eaft, d\u1ec5 d\u00e0ng s\u1eed d\u1ee5ng cho m\u1ecdi \u0111\u1ed1i t\u01b0\u1ee3ng \u2013 Guess Who? kh\u00f4ng ch\u1ec9 \u0111\u01a1n gi\u1ea3n m\u00e0 c\u00f2n tinh t\u1ebf \u0111\u1ebfn t\u1eebng khung h\u00ecnh.<\/p>\n<\/p><\/div>\n","protected":false},"featured_media":18479,"comment_status":"open","ping_status":"closed","template":"","meta":[],"product_brand":[],"product_cat":[196],"product_tag":[],"class_list":{"0":"post-37580","1":"product","2":"type-product","3":"status-publish","4":"has-post-thumbnail","6":"product_cat-sach-truyen-thong","8":"first","9":"instock","10":"shipping-taxable","11":"purchasable","12":"product-type-simple"},"bundled_by":[],"bundle_stock_status":"instock","bundle_stock_quantity":null,"bundle_virtual":false,"bundle_layout":"","bundle_add_to_cart_form_location":"","bundle_editable_in_cart":false,"bundle_sold_individually_context":"","bundle_item_grouping":"","bundle_min_size":"","bundle_max_size":"","bundle_price":[],"bundled_items":[],"bundle_sell_ids":[],"yoast_head":"<!-- This site is optimized with the Yoast SEO plugin v25.2 - https:\/\/yoast.com\/wordpress\/plugins\/seo\/ -->\n<title>Top-Rated Guess Who? T\u0103ng K\u1ebft N\u1ed1i V\u00e0 T\u01b0 Duy<\/title>\n<meta name=\"description\" content=\"C\u1ea3m h\u1ee9ng t\u1eeb tr\u00f2 ch\u01a1i c\u1ed5 \u0111i\u1ec3n, Guess Who? mang \u0111\u1ebfn tr\u1ea3i nghi\u1ec7m suy lu\u1eadn h\u1ea5p d\u1eabn, thi\u1ebft k\u1ebf b\u1ec1n \u0111\u1eb9p v\u00e0 ph\u00f9 h\u1ee3p cho m\u1ecdi kh\u00f4ng gian h\u1ed9i h\u1ecdp ho\u1eb7c gi\u1ea3i tr\u00ed.\" \/>\n<meta name=\"robots\" content=\"index, follow, max-snippet:-1, max-image-preview:large, max-video-preview:-1\" \/>\n<link rel=\"canonical\" href=\"https:\/\/demostore.ai\/vi\/san-pham\/guess-who\/\" \/>\n<meta property=\"og:type\" content=\"article\" \/>\n<meta property=\"og:title\" content=\"Top-Rated Guess Who? T\u0103ng K\u1ebft N\u1ed1i V\u00e0 T\u01b0 Duy\" \/>\n<meta property=\"og:description\" content=\"Ngu\u1ed3n c\u1ea3m h\u1ee9ng t\u1eeb thi\u1ebft k\u1ebf b\u00e0n c\u1edd truy\u1ec1n th\u1ed1ng, Guess Who? k\u1ebft h\u1ee3p tranh minh h\u1ecda \u0111\u1eb7c s\u1eafc v\u1edbi l\u1ed1i ch\u01a1i t\u01b0 duy lo\u1ea1i tr\u1eeb, l\u00fd t\u01b0\u1edfng cho k\u1ebft n\u1ed1i gia \u0111\u00ecnh l\u1eabn doanh nghi\u1ec7p.\" \/>\n<meta property=\"og:url\" content=\"https:\/\/demostore.ai\/vi\/san-pham\/guess-who\/\" \/>\n<meta property=\"og:site_name\" content=\"Trendy Thread\" \/>\n<meta property=\"article:modified_time\" content=\"2026-02-18T02:46:07+00:00\" \/>\n<meta property=\"og:image\" content=\"https:\/\/demostore.ai\/wp-content\/uploads\/2025\/06\/Guess-who-1.png\" \/>\n\t<meta property=\"og:image:width\" content=\"1000\" \/>\n\t<meta property=\"og:image:height\" content=\"1000\" \/>\n\t<meta property=\"og:image:type\" content=\"image\/png\" \/>\n<meta name=\"twitter:card\" content=\"summary_large_image\" \/>\n<meta name=\"twitter:title\" content=\"Top-Rated Guess Who? T\u0103ng K\u1ebft N\u1ed1i V\u00e0 T\u01b0 Duy\" \/>\n<meta name=\"twitter:description\" content=\"Ngu\u1ed3n c\u1ea3m h\u1ee9ng t\u1eeb thi\u1ebft k\u1ebf b\u00e0n c\u1edd truy\u1ec1n th\u1ed1ng, Guess Who? k\u1ebft h\u1ee3p tranh minh h\u1ecda \u0111\u1eb7c s\u1eafc v\u1edbi l\u1ed1i ch\u01a1i t\u01b0 duy lo\u1ea1i tr\u1eeb, l\u00fd t\u01b0\u1edfng cho k\u1ebft n\u1ed1i gia \u0111\u00ecnh l\u1eabn doanh nghi\u1ec7p.\" \/>\n<meta name=\"twitter:label1\" content=\"\u01af\u1edbc t\u00ednh th\u1eddi gian \u0111\u1ecdc\" \/>\n\t<meta name=\"twitter:data1\" content=\"1 ph\u00fat\" \/>\n<script type=\"application\/ld+json\" class=\"yoast-schema-graph\">{\"@context\":\"https:\/\/schema.org\",\"@graph\":[{\"@type\":\"WebPage\",\"@id\":\"https:\/\/demostore.ai\/vi\/san-pham\/guess-who\/\",\"url\":\"https:\/\/demostore.ai\/vi\/san-pham\/guess-who\/\",\"name\":\"Top-Rated Guess Who? T\u0103ng K\u1ebft N\u1ed1i V\u00e0 T\u01b0 Duy\",\"isPartOf\":{\"@id\":\"https:\/\/demostore.ai\/vi\/#website\"},\"primaryImageOfPage\":{\"@id\":\"https:\/\/demostore.ai\/vi\/san-pham\/guess-who\/#primaryimage\"},\"image\":{\"@id\":\"https:\/\/demostore.ai\/vi\/san-pham\/guess-who\/#primaryimage\"},\"thumbnailUrl\":\"https:\/\/demostore.ai\/wp-content\/uploads\/2025\/06\/Guess-who-1.png\",\"datePublished\":\"2025-06-16T00:26:31+00:00\",\"dateModified\":\"2026-02-18T02:46:07+00:00\",\"description\":\"C\u1ea3m h\u1ee9ng t\u1eeb tr\u00f2 ch\u01a1i c\u1ed5 \u0111i\u1ec3n, Guess Who? mang \u0111\u1ebfn tr\u1ea3i nghi\u1ec7m suy lu\u1eadn h\u1ea5p d\u1eabn, thi\u1ebft k\u1ebf b\u1ec1n \u0111\u1eb9p v\u00e0 ph\u00f9 h\u1ee3p cho m\u1ecdi kh\u00f4ng gian h\u1ed9i h\u1ecdp ho\u1eb7c gi\u1ea3i tr\u00ed.\",\"breadcrumb\":{\"@id\":\"https:\/\/demostore.ai\/vi\/san-pham\/guess-who\/#breadcrumb\"},\"inLanguage\":\"vi\",\"potentialAction\":[{\"@type\":\"ReadAction\",\"target\":[\"https:\/\/demostore.ai\/vi\/san-pham\/guess-who\/\"]}]},{\"@type\":\"ImageObject\",\"inLanguage\":\"vi\",\"@id\":\"https:\/\/demostore.ai\/vi\/san-pham\/guess-who\/#primaryimage\",\"url\":\"https:\/\/demostore.ai\/wp-content\/uploads\/2025\/06\/Guess-who-1.png\",\"contentUrl\":\"https:\/\/demostore.ai\/wp-content\/uploads\/2025\/06\/Guess-who-1.png\",\"width\":1000,\"height\":1000,\"caption\":\"H\u1ed9p tr\u00f2 ch\u01a1i Guess Who? - game 2 ng\u01b0\u1eddi, ph\u00f9 h\u1ee3p cho gia \u0111\u00ecnh v\u00e0 b\u1ea1n b\u00e8 gi\u1ea3i tr\u00ed.\"},{\"@type\":\"BreadcrumbList\",\"@id\":\"https:\/\/demostore.ai\/vi\/san-pham\/guess-who\/#breadcrumb\",\"itemListElement\":[{\"@type\":\"ListItem\",\"position\":1,\"name\":\"Trang ch\u1ee7\",\"item\":\"https:\/\/demostore.ai\/vi\/\"},{\"@type\":\"ListItem\",\"position\":2,\"name\":\"C\u1eeda h\u00e0ng\",\"item\":\"https:\/\/demostore.ai\/vi\/cua-hang\/\"},{\"@type\":\"ListItem\",\"position\":3,\"name\":\"Guess Who?\"}]},{\"@type\":\"WebSite\",\"@id\":\"https:\/\/demostore.ai\/vi\/#website\",\"url\":\"https:\/\/demostore.ai\/vi\/\",\"name\":\"Trendy Thread\",\"description\":\"C\u1eeda h\u00e0ng demo WriteText.ai\",\"publisher\":{\"@id\":\"https:\/\/demostore.ai\/vi\/#organization\"},\"potentialAction\":[{\"@type\":\"SearchAction\",\"target\":{\"@type\":\"EntryPoint\",\"urlTemplate\":\"https:\/\/demostore.ai\/vi\/?s={search_term_string}\"},\"query-input\":{\"@type\":\"PropertyValueSpecification\",\"valueRequired\":true,\"valueName\":\"search_term_string\"}}],\"inLanguage\":\"vi\"},{\"@type\":\"Organization\",\"@id\":\"https:\/\/demostore.ai\/vi\/#organization\",\"name\":\"WriteText.ai\",\"url\":\"https:\/\/demostore.ai\/vi\/\",\"logo\":{\"@type\":\"ImageObject\",\"inLanguage\":\"vi\",\"@id\":\"https:\/\/demostore.ai\/vi\/#\/schema\/logo\/image\/\",\"url\":\"https:\/\/demostore.ai\/wp-content\/uploads\/2025\/10\/writetext_logo.webp\",\"contentUrl\":\"https:\/\/demostore.ai\/wp-content\/uploads\/2025\/10\/writetext_logo.webp\",\"width\":200,\"height\":34,\"caption\":\"WriteText.ai\"},\"image\":{\"@id\":\"https:\/\/demostore.ai\/vi\/#\/schema\/logo\/image\/\"}}]}<\/script>\n<!-- \/ Yoast SEO plugin. -->","yoast_head_json":{"title":"Top-Rated Guess Who? T\u0103ng K\u1ebft N\u1ed1i V\u00e0 T\u01b0 Duy","description":"C\u1ea3m h\u1ee9ng t\u1eeb tr\u00f2 ch\u01a1i c\u1ed5 \u0111i\u1ec3n, Guess Who? mang \u0111\u1ebfn tr\u1ea3i nghi\u1ec7m suy lu\u1eadn h\u1ea5p d\u1eabn, thi\u1ebft k\u1ebf b\u1ec1n \u0111\u1eb9p v\u00e0 ph\u00f9 h\u1ee3p cho m\u1ecdi kh\u00f4ng gian h\u1ed9i h\u1ecdp ho\u1eb7c gi\u1ea3i tr\u00ed.","robots":{"index":"index","follow":"follow","max-snippet":"max-snippet:-1","max-image-preview":"max-image-preview:large","max-video-preview":"max-video-preview:-1"},"canonical":"https:\/\/demostore.ai\/vi\/san-pham\/guess-who\/","og_type":"article","og_title":"Top-Rated Guess Who? T\u0103ng K\u1ebft N\u1ed1i V\u00e0 T\u01b0 Duy","og_description":"Ngu\u1ed3n c\u1ea3m h\u1ee9ng t\u1eeb thi\u1ebft k\u1ebf b\u00e0n c\u1edd truy\u1ec1n th\u1ed1ng, Guess Who? k\u1ebft h\u1ee3p tranh minh h\u1ecda \u0111\u1eb7c s\u1eafc v\u1edbi l\u1ed1i ch\u01a1i t\u01b0 duy lo\u1ea1i tr\u1eeb, l\u00fd t\u01b0\u1edfng cho k\u1ebft n\u1ed1i gia \u0111\u00ecnh l\u1eabn doanh nghi\u1ec7p.","og_url":"https:\/\/demostore.ai\/vi\/san-pham\/guess-who\/","og_site_name":"Trendy Thread","article_modified_time":"2026-02-18T02:46:07+00:00","og_image":[{"width":1000,"height":1000,"url":"https:\/\/demostore.ai\/wp-content\/uploads\/2025\/06\/Guess-who-1.png","type":"image\/png"}],"twitter_card":"summary_large_image","twitter_title":"Top-Rated Guess Who? T\u0103ng K\u1ebft N\u1ed1i V\u00e0 T\u01b0 Duy","twitter_description":"Ngu\u1ed3n c\u1ea3m h\u1ee9ng t\u1eeb thi\u1ebft k\u1ebf b\u00e0n c\u1edd truy\u1ec1n th\u1ed1ng, Guess Who? k\u1ebft h\u1ee3p tranh minh h\u1ecda \u0111\u1eb7c s\u1eafc v\u1edbi l\u1ed1i ch\u01a1i t\u01b0 duy lo\u1ea1i tr\u1eeb, l\u00fd t\u01b0\u1edfng cho k\u1ebft n\u1ed1i gia \u0111\u00ecnh l\u1eabn doanh nghi\u1ec7p.","twitter_misc":{"\u01af\u1edbc t\u00ednh th\u1eddi gian \u0111\u1ecdc":"1 ph\u00fat"},"schema":{"@context":"https:\/\/schema.org","@graph":[{"@type":"WebPage","@id":"https:\/\/demostore.ai\/vi\/san-pham\/guess-who\/","url":"https:\/\/demostore.ai\/vi\/san-pham\/guess-who\/","name":"Top-Rated Guess Who? T\u0103ng K\u1ebft N\u1ed1i V\u00e0 T\u01b0 Duy","isPartOf":{"@id":"https:\/\/demostore.ai\/vi\/#website"},"primaryImageOfPage":{"@id":"https:\/\/demostore.ai\/vi\/san-pham\/guess-who\/#primaryimage"},"image":{"@id":"https:\/\/demostore.ai\/vi\/san-pham\/guess-who\/#primaryimage"},"thumbnailUrl":"https:\/\/demostore.ai\/wp-content\/uploads\/2025\/06\/Guess-who-1.png","datePublished":"2025-06-16T00:26:31+00:00","dateModified":"2026-02-18T02:46:07+00:00","description":"C\u1ea3m h\u1ee9ng t\u1eeb tr\u00f2 ch\u01a1i c\u1ed5 \u0111i\u1ec3n, Guess Who? mang \u0111\u1ebfn tr\u1ea3i nghi\u1ec7m suy lu\u1eadn h\u1ea5p d\u1eabn, thi\u1ebft k\u1ebf b\u1ec1n \u0111\u1eb9p v\u00e0 ph\u00f9 h\u1ee3p cho m\u1ecdi kh\u00f4ng gian h\u1ed9i h\u1ecdp ho\u1eb7c gi\u1ea3i tr\u00ed.","breadcrumb":{"@id":"https:\/\/demostore.ai\/vi\/san-pham\/guess-who\/#breadcrumb"},"inLanguage":"vi","potentialAction":[{"@type":"ReadAction","target":["https:\/\/demostore.ai\/vi\/san-pham\/guess-who\/"]}]},{"@type":"ImageObject","inLanguage":"vi","@id":"https:\/\/demostore.ai\/vi\/san-pham\/guess-who\/#primaryimage","url":"https:\/\/demostore.ai\/wp-content\/uploads\/2025\/06\/Guess-who-1.png","contentUrl":"https:\/\/demostore.ai\/wp-content\/uploads\/2025\/06\/Guess-who-1.png","width":1000,"height":1000,"caption":"H\u1ed9p tr\u00f2 ch\u01a1i Guess Who? - game 2 ng\u01b0\u1eddi, ph\u00f9 h\u1ee3p cho gia \u0111\u00ecnh v\u00e0 b\u1ea1n b\u00e8 gi\u1ea3i tr\u00ed."},{"@type":"BreadcrumbList","@id":"https:\/\/demostore.ai\/vi\/san-pham\/guess-who\/#breadcrumb","itemListElement":[{"@type":"ListItem","position":1,"name":"Trang ch\u1ee7","item":"https:\/\/demostore.ai\/vi\/"},{"@type":"ListItem","position":2,"name":"C\u1eeda h\u00e0ng","item":"https:\/\/demostore.ai\/vi\/cua-hang\/"},{"@type":"ListItem","position":3,"name":"Guess Who?"}]},{"@type":"WebSite","@id":"https:\/\/demostore.ai\/vi\/#website","url":"https:\/\/demostore.ai\/vi\/","name":"Trendy Thread","description":"C\u1eeda h\u00e0ng demo WriteText.ai","publisher":{"@id":"https:\/\/demostore.ai\/vi\/#organization"},"potentialAction":[{"@type":"SearchAction","target":{"@type":"EntryPoint","urlTemplate":"https:\/\/demostore.ai\/vi\/?s={search_term_string}"},"query-input":{"@type":"PropertyValueSpecification","valueRequired":true,"valueName":"search_term_string"}}],"inLanguage":"vi"},{"@type":"Organization","@id":"https:\/\/demostore.ai\/vi\/#organization","name":"WriteText.ai","url":"https:\/\/demostore.ai\/vi\/","logo":{"@type":"ImageObject","inLanguage":"vi","@id":"https:\/\/demostore.ai\/vi\/#\/schema\/logo\/image\/","url":"https:\/\/demostore.ai\/wp-content\/uploads\/2025\/10\/writetext_logo.webp","contentUrl":"https:\/\/demostore.ai\/wp-content\/uploads\/2025\/10\/writetext_logo.webp","width":200,"height":34,"caption":"WriteText.ai"},"image":{"@id":"https:\/\/demostore.ai\/vi\/#\/schema\/logo\/image\/"}}]}},"_links":{"self":[{"href":"https:\/\/demostore.ai\/vi\/wp-json\/wp\/v2\/product\/37580","targetHints":{"allow":["GET"]}}],"collection":[{"href":"https:\/\/demostore.ai\/vi\/wp-json\/wp\/v2\/product"}],"about":[{"href":"https:\/\/demostore.ai\/vi\/wp-json\/wp\/v2\/types\/product"}],"replies":[{"embeddable":true,"href":"https:\/\/demostore.ai\/vi\/wp-json\/wp\/v2\/comments?post=37580"}],"wp:featuredmedia":[{"embeddable":true,"href":"https:\/\/demostore.ai\/vi\/wp-json\/wp\/v2\/media\/18479"}],"wp:attachment":[{"href":"https:\/\/demostore.ai\/vi\/wp-json\/wp\/v2\/media?parent=37580"}],"wp:term":[{"taxonomy":"product_brand","embeddable":true,"href":"https:\/\/demostore.ai\/vi\/wp-json\/wp\/v2\/product_brand?post=37580"},{"taxonomy":"product_cat","embeddable":true,"href":"https:\/\/demostore.ai\/vi\/wp-json\/wp\/v2\/product_cat?post=37580"},{"taxonomy":"product_tag","embeddable":true,"href":"https:\/\/demostore.ai\/vi\/wp-json\/wp\/v2\/product_tag?post=37580"}],"curies":[{"name":"wp","href":"https:\/\/api.w.org\/{rel}","templated":true}]}}