{"id":37572,"date":"2025-06-16T07:30:54","date_gmt":"2025-06-15T23:30:54","guid":{"rendered":"https:\/\/demostore.ai\/?post_type=product&#038;p=37572"},"modified":"2026-02-17T22:51:05","modified_gmt":"2026-02-17T14:51:05","slug":"kashieca-dam-xanh-olive","status":"publish","type":"product","link":"https:\/\/demostore.ai\/vi\/san-pham\/kashieca-dam-xanh-olive\/","title":{"rendered":"Kashieca \u0110\u1ea7m Xanh Olive"},"content":{"rendered":"<section data-wtai-block-id=\"wtai_product_description_features\" class=\"wtai-section wtai-features-section\">\n<h2>Chi Ti\u1ebft S\u1ea3n Ph\u1ea9m<\/h2>\n<ul>\n<li><strong>Ch\u1ea5t li\u1ec7u v\u1ea3i<\/strong> b\u1ec1n \u0111\u1eb9p, m\u1ecbn m\u00e0ng, gi\u00fap l\u00ean d\u00e1ng m\u1ec1m m\u1ea1i v\u00e0 kh\u00f4ng g\u00e2y b\u00ed da.<\/li>\n<li><strong>Thi\u1ebft k\u1ebf kh\u00f4ng tay<\/strong> hi\u1ec7n \u0111\u1ea1i, l\u00e0m n\u1ed5i b\u1eadt phong c\u00e1ch tr\u1ebb trung, n\u0103ng \u0111\u1ed9ng.<\/li>\n<li><strong>M\u00e0u xanh olive<\/strong> trung t\u00ednh, d\u1ec5 ph\u1ed1i v\u1edbi nhi\u1ec1u ki\u1ec3u \u00e1o v\u00e0 ph\u1ee5 ki\u1ec7n kh\u00e1c nhau.<\/li>\n<li><strong>C\u1ed5 \u00e1o ve<\/strong> thanh l\u1ecbch, t\u1ea1o \u0111i\u1ec3m nh\u1ea5n c\u00e1 t\u00ednh cho b\u1ed9 trang ph\u1ee5c.<\/li>\n<li><strong>\u0110ai c\u00e0i b\u00ean h\u00f4ng<\/strong> v\u1edbi kh\u00f3a kim lo\u1ea1i ch\u1eafc ch\u1eafn, c\u00f3 th\u1ec3 \u0111i\u1ec1u ch\u1ec9nh \u00f4m v\u1eeba v\u1eb7n eo.<\/li>\n<li><strong>Hai t\u00fai l\u1edbn ph\u00eda tr\u01b0\u1edbc<\/strong> t\u0103ng t\u00ednh ti\u1ec7n l\u1ee3i, d\u1ec5 d\u00e0ng c\u1ea5t gi\u1eef v\u1eadt d\u1ee5ng nh\u1ecf.<\/li>\n<li><strong>Phom d\u00e1ng su\u00f4ng d\u00e0i<\/strong> ph\u00f9 h\u1ee3p nhi\u1ec1u v\u00f3c d\u00e1ng, che khuy\u1ebft \u0111i\u1ec3m c\u1ef1c kh\u00e9o.<\/li>\n<li><strong>Ch\u1ea5t v\u1ea3i d\u1ec5 ch\u0103m s\u00f3c<\/strong>, h\u1ea1n ch\u1ebf nh\u0103n &#8211; d\u1ec5 gi\u1eb7t gi\u0169, gi\u1eef d\u00e1ng t\u1ed1t.<\/li>\n<li><strong>May vi\u1ec1n s\u1eafc s\u1ea3o<\/strong> \u1edf c\u1ed5 v\u00e0 lai \u00e1o, t\u0103ng \u0111\u1ed9 ch\u1eafc ch\u1eafn v\u00e0 n\u00e9t tinh t\u1ebf cho \u0111\u1ea7m.<\/li>\n<\/ul>\n<\/section>\n<div data-wtai-block-id=\"wtai_product_description_image_1753694415199\" class=\"wtai-section wtai-image_1753694415199-section\">\n<figure class=\"wtai-image-p wtai-align-center\" style=\"text-align:center\"><img decoding=\"async\" src=\"https:\/\/demostore.ai\/wp-content\/uploads\/2025\/06\/Dress-2-scaled-1.png\" alt=\"\u0110\u1ea7m Kashieca m\u00e0u xanh olive, kh\u00f4ng tay, c\u00f3 c\u1ed5 b\u1ebb v\u00e0 m\u1ed9t t\u00fai b\u00ean h\u00f4ng, nh\u00ecn t\u1eeb ph\u00eda sau.\" srcset=\"https:\/\/demostore.ai\/wp-content\/uploads\/2025\/06\/Dress-2-scaled-1.png 531w, https:\/\/demostore.ai\/wp-content\/uploads\/2025\/06\/Dress-2-scaled-1-159x300.png 159w\"><figcaption>\n<p>Ph\u1ea7n l\u01b0ng \u0111\u1ea7m ki\u1ec3u d\u00e1ng su\u00f4ng, c\u00f3 t\u00fai vu\u00f4ng xinh x\u1eafn t\u1ea1o vibe tr\u1ebb trung ti\u1ec7n d\u1ee5ng.<\/p>\n<\/figcaption><\/figure>\n<\/p><\/div>\n<section data-wtai-block-id=\"wtai_product_description_benefits\" class=\"wtai-section wtai-benefits-section\">\n<h2>V\u00ec Sao B\u1ea1n S\u1ebd Th\u00edch<\/h2>\n<ul>\n<li>T\u1ea1o c\u1ea3m gi\u00e1c t\u1ef1 tin khi m\u1eb7c nh\u1edd phom d\u00e1ng su\u00f4ng, che khuy\u1ebft \u0111i\u1ec3m v\u00f2ng 2 ho\u1eb7c h\u00f4ng.<\/li>\n<li>Ti\u1ebft ki\u1ec7m th\u1eddi gian ph\u1ed1i \u0111\u1ed3 v\u1edbi m\u00e0u olive d\u1ec5 \u1ee9ng d\u1ee5ng cho c\u1ea3 \u0111i l\u00e0m, \u0111i ch\u01a1i.<\/li>\n<li>Tho\u1ea3i m\u00e1i ho\u1ea1t \u0111\u1ed9ng nh\u1edd thi\u1ebft k\u1ebf kh\u00f4ng tay, d\u1ec5 ph\u00f9 h\u1ee3p th\u1eddi ti\u1ebft n\u00f3ng ho\u1eb7c m\u00e1t.<\/li>\n<li>\u0110ai eo gi\u00fap b\u1ea1n \u0111i\u1ec1u ch\u1ec9nh v\u1eeba v\u1eb7n theo \u00fd th\u00edch, l\u00e0m n\u1ed5i b\u1eadt v\u00f2ng eo.<\/li>\n<li>T\u00fai l\u1edbn gi\u00fap mang theo \u0111i\u1ec7n tho\u1ea1i, v\u00ed nh\u1ecf ho\u1eb7c c\u00e1c v\u1eadt d\u1ee5ng c\u00e1 nh\u00e2n ti\u1ec7n l\u1ee3i.<\/li>\n<\/ul>\n<\/section>\n<section data-wtai-block-id=\"wtai_product_description_use_cases\" class=\"wtai-section wtai-use_cases-section\">\n<h2>M\u1eb7c Khi N\u00e0o H\u1ee3p Nh\u1ea5t<\/h2>\n<p>D\u1ec5 ph\u1ed1i c\u00f9ng \u00e1o thun, s\u01a1 mi ho\u1eb7c croptop, ph\u00f9 h\u1ee3p t\u1eeb \u0111i l\u00e0m v\u0103n ph\u00f2ng \u0111\u1ebfn d\u1ea1o ph\u1ed1, cafe cu\u1ed1i tu\u1ea7n. C\u00f3 th\u1ec3 k\u1ebft h\u1ee3p sneaker, sandal ho\u1eb7c boot ng\u1eafn \u0111\u1ec3 thay \u0111\u1ed5i phong c\u00e1ch nhanh ch\u00f3ng. \u0110\u1ea7m xanh olive c\u1ef1c th\u00edch h\u1ee3p cho nh\u1eefng bu\u1ed5i g\u1eb7p m\u1eb7t b\u1ea1n b\u00e8, d\u1ef1 s\u1ef1 ki\u1ec7n nh\u1ecf ho\u1eb7c khi c\u1ea7n v\u1ebb ngo\u00e0i v\u1eeba l\u1ecbch s\u1ef1 v\u1eeba c\u00e1 t\u00ednh.<\/p>\n<\/section>\n<section data-wtai-block-id=\"wtai_product_description_custom_1754271650908\" class=\"wtai-section wtai-custom_1754271650908-section\">\n<h2>C\u00e1ch b\u1ea3o qu\u1ea3n v\u00e0 l\u00e0m s\u1ea1ch \u0111\u1ea7m xanh Olive Kashieca c\u1ef1c chu\u1ea9n<\/h2>\n<ul>\n<li>Gi\u1eb7t nh\u1eb9 b\u1eb1ng tay ho\u1eb7c m\u00e1y ch\u1ebf \u0111\u1ed9 d\u1ecbu v\u1edbi n\u01b0\u1edbc l\u1ea1nh \u0111\u1ec3 gi\u1eef m\u00e0u v\u00e0 form d\u00e1ng.<\/li>\n<li>Ph\u01a1i ch\u1ed7 r\u00e2m m\u00e1t, tr\u00e1nh \u00e1nh n\u1eafng tr\u1ef1c ti\u1ebfp \u0111\u1ec3 v\u1ea3i kh\u00f4ng b\u1ecb b\u1ea1c m\u00e0u.<\/li>\n<li>\u1ee6i \u1edf nhi\u1ec7t \u0111\u1ed9 th\u1ea5p, l\u1ed9n tr\u00e1i \u0111\u1ea7m ho\u1eb7c d\u00f9ng b\u00e0n \u1ee7i h\u01a1i n\u01b0\u1edbc cho b\u1ec1 m\u1eb7t m\u01b0\u1ee3t m\u00e0.<\/li>\n<li>Treo l\u00ean m\u00f3c r\u1ed9ng ho\u1eb7c x\u1ebfp ph\u1eb3ng khi kh\u00f4ng s\u1eed d\u1ee5ng \u0111\u1ec3 gi\u1eef phom d\u00e1ng.<\/li>\n<li>Tr\u00e1nh d\u00f9ng thu\u1ed1c t\u1ea9y, \u0111\u1ec3 n\u01a1i kh\u00f4 r\u00e1o, n\u00e9 n\u01a1i \u1ea9m m\u1ed1c cho \u0111\u1ea7m lu\u00f4n nh\u01b0 m\u1edbi.<\/li>\n<\/ul>\n<\/section>\n<section data-wtai-block-id=\"wtai_product_description_custom_1754281021097\" class=\"wtai-section wtai-custom_1754281021097-section\">\n<h2>Ch\u1ea5t li\u1ec7u, Chi ti\u1ebft v\u00e0 \u0110\u00f3ng g\u00f3i b\u1ec1n v\u1eefng cho \u0110\u1ea7m Xanh Olive Kashieca<\/h2>\n<h3>Ch\u1ea5t li\u1ec7u<\/h3>\n<ul>\n<li>S\u1eed d\u1ee5ng v\u1ea3i t\u1ed5ng h\u1ee3p c\u00f3 \u0111\u1ed9 b\u1ec1n cao, \u00edt c\u1ea7n thay m\u1edbi h\u01a1n.<\/li>\n<li>Ch\u1ea5t li\u1ec7u d\u1ec5 gi\u1eb7t s\u1ea1ch, gi\u1ea3m ti\u00eau th\u1ee5 n\u01b0\u1edbc v\u00e0 n\u0103ng l\u01b0\u1ee3ng.<\/li>\n<li>Kh\u00f4ng ch\u1ee9a l\u00f4ng th\u00fa hay v\u1eadt li\u1ec7u t\u1eeb \u0111\u1ed9ng v\u1eadt.<\/li>\n<\/ul>\n<h3>Chi ti\u1ebft<\/h3>\n<ul>\n<li>C\u00e0i \u0111ai kim lo\u1ea1i \u0111\u01b0\u1ee3c thi\u1ebft k\u1ebf b\u1ec1n, h\u1ea1n ch\u1ebf g\u1ec9 s\u00e9t.<\/li>\n<li>C\u00e1c \u0111\u01b0\u1eddng may ch\u1eafc ch\u1eafn, n\u00e2ng cao tu\u1ed5i th\u1ecd s\u1ea3n ph\u1ea9m.<\/li>\n<li>Kh\u00f4ng s\u1eed d\u1ee5ng trang tr\u00ed nh\u1ef1a kh\u00f4ng c\u1ea7n thi\u1ebft.<\/li>\n<\/ul>\n<h3>\u0110\u00f3ng g\u00f3i<\/h3>\n<ul>\n<li>S\u1ea3n ph\u1ea9m th\u01b0\u1eddng \u0111i k\u00e8m t\u00fai \u0111\u1ef1ng gi\u1ea5y t\u00e1i ch\u1ebf.<\/li>\n<li>Bao b\u00ec t\u1ed1i gi\u1ea3n \u0111\u1ec3 gi\u1ea3m l\u01b0\u1ee3ng r\u00e1c th\u1ea3i nh\u1ef1a.<\/li>\n<li>Kh\u00f4ng d\u00f9ng l\u1edbp b\u1ecdc nh\u1ef1a nhi\u1ec1u l\u1edbp trong \u0111\u00f3ng g\u00f3i.<\/li>\n<\/ul>\n<\/section>\n<div data-wtai-block-id=\"wtai_product_description_image_1753694424568\" class=\"wtai-section wtai-image_1753694424568-section\">\n<figure class=\"wtai-image-p wtai-align-center\" style=\"text-align:center\"><img decoding=\"async\" src=\"https:\/\/demostore.ai\/wp-content\/uploads\/2025\/06\/Dress-4-scaled-1-600x454.png\" alt=\"C\u1eadn c\u1ea3nh c\u1ed5 \u00e1o \u0111\u1ea7m Kashieca m\u00e0u xanh olive, ch\u1ea5t li\u1ec7u v\u1ea3i m\u1ec1m m\u1ea1i.\" srcset=\"https:\/\/demostore.ai\/wp-content\/uploads\/2025\/06\/Dress-4-scaled-1.png 1000w, https:\/\/demostore.ai\/wp-content\/uploads\/2025\/06\/Dress-4-scaled-1-300x227.png 300w, https:\/\/demostore.ai\/wp-content\/uploads\/2025\/06\/Dress-4-scaled-1-768x581.png 768w, https:\/\/demostore.ai\/wp-content\/uploads\/2025\/06\/Dress-4-scaled-1-600x454.png 600w\"><figcaption>\n<p>C\u1ed5 \u00e1o ve r\u1ed9ng ch\u1ea5t v\u1ea3i olive m\u1ec1m m\u1ecbn, l\u00f3t trong t\u00f4ng xanh ph\u1ed1i c\u1ef1c k\u1ef3 sang ch\u1ea3nh.<\/p>\n<\/figcaption><\/figure>\n<\/p><\/div>\n<section data-wtai-block-id=\"wtai_product_description_faqs\" class=\"wtai-section wtai-faqs-section\">\n<h2>Gi\u1ea3i \u0110\u00e1p Th\u1eafc M\u1eafc<\/h2>\n<p><strong>Ch\u1ea5t li\u1ec7u v\u1ea3i c\u00f3 g\u00e2y n\u00f3ng hay kh\u00f3 ch\u1ecbu khi m\u1eb7c kh\u00f4ng?<\/strong> <br \/> V\u1ea3i m\u1ec1m, tho\u00e1ng kh\u00ed, ph\u00f9 h\u1ee3p m\u1eb7c h\u00e0ng ng\u00e0y m\u00e0 kh\u00f4ng g\u00e2y b\u00ed b\u00e1ch hay kh\u00f3 ch\u1ecbu cho l\u00e0n da.<\/p>\n<p><strong>Ki\u1ec3u \u0111\u1ea7m n\u00e0y c\u00f3 ph\u00f9 h\u1ee3p nhi\u1ec1u d\u00e1ng ng\u01b0\u1eddi kh\u00f4ng?<\/strong> <br \/> Phom su\u00f4ng d\u00e0i che \u0111\u01b0\u1ee3c khuy\u1ebft \u0111i\u1ec3m v\u00e0 ph\u00f9 h\u1ee3p nhi\u1ec1u v\u00f3c d\u00e1ng, \u0111\u1eb7c bi\u1ec7t v\u1edbi ng\u01b0\u1eddi mu\u1ed1n t\u00f4n v\u00f2ng eo.<\/p>\n<p><strong>C\u00f3 d\u1ec5 v\u1ec7 sinh v\u00e0 b\u1ea3o qu\u1ea3n s\u1ea3n ph\u1ea9m kh\u00f4ng?<\/strong> <br \/> Ch\u1ea5t v\u1ea3i d\u1ec5 gi\u1eb7t, \u00edt nh\u0103n v\u00e0 gi\u1eef form t\u1ed1t, b\u1ea1n c\u00f3 th\u1ec3 gi\u1eb7t m\u00e1y ch\u1ebf \u0111\u1ed9 nh\u1eb9 ho\u1eb7c gi\u1eb7t tay v\u1edbi n\u01b0\u1edbc l\u1ea1nh.<\/p>\n<p><strong>C\u00f3 c\u1ea7n ph\u1ed1i th\u00eam ph\u1ee5 ki\u1ec7n kh\u00f4ng?<\/strong> <br \/> B\u1ea1n c\u00f3 th\u1ec3 k\u1ebft h\u1ee3p th\u00eam v\u00f2ng c\u1ed5, \u0111\u1ed3ng h\u1ed3 ho\u1eb7c th\u1eaft l\u01b0ng nh\u1ea5n eo \u0111\u1ec3 t\u1ea1o \u0111i\u1ec3m nh\u1ea5n c\u00e1 nh\u00e2n cho trang ph\u1ee5c.<\/p>\n<\/section>\n<section data-wtai-block-id=\"wtai_product_description_conclusion\" class=\"wtai-section wtai-conclusion-section\">\n<h2>S\u1eb5n S\u00e0ng L\u00e0m M\u1edbi T\u1ee7 \u0110\u1ed3?<\/h2>\n<p><strong>\u0110\u1ea7m xanh olive n\u00e0y \u0111em l\u1ea1i di\u1ec7n m\u1ea1o thanh l\u1ecbch m\u00e0 kh\u00f4ng k\u00e9m ph\u1ea7n hi\u1ec7n \u0111\u1ea1i cho m\u1ecdi d\u1ecbp, d\u1ec5 ph\u1ed1i, d\u1ec5 m\u1eb7c v\u00e0 c\u1ef1c k\u1ef3 h\u1eefu d\u1ee5ng trong t\u1ee7 \u0111\u1ed3. \u0110\u00e2y l\u00e0 s\u1ef1 l\u1ef1a ch\u1ecdn b\u1ea1n s\u1ebd mu\u1ed1n di\u1ec7n l\u1ea1i nhi\u1ec1u l\u1ea7n, d\u00f9 l\u00e0 \u0111i l\u00e0m hay d\u1ea1o ph\u1ed1. \u0110\u1eebng b\u1ecf l\u1ee1 c\u01a1 h\u1ed9i n\u00e2ng c\u1ea5p phong c\u00e1ch c\u00e1 nh\u00e2n ngay h\u00f4m nay.<\/strong><\/p>\n<\/section>\n","protected":false},"excerpt":{"rendered":"<div data-wtai-block-id=\"wtai_excerpt_subtitle\" class=\"wtai-section wtai-subtitle-section\">\n<p><em><strong>\u0110\u1eadm ch\u1ea5t c\u00e1 t\u00ednh, linh ho\u1ea1t cho m\u1ecdi phong c\u00e1ch m\u1ed7i ng\u00e0y.<\/strong><\/em><\/p>\n<\/p><\/div>\n<div data-wtai-block-id=\"wtai_excerpt_introduction\" class=\"wtai-section wtai-introduction-section\">\n<p>Th\u1eadt kh\u00f3 \u0111\u1ec3 b\u1ecf qua m\u1ed9t chi\u1ebfc \u0111\u1ea7m t\u00f4ng xanh olive nh\u01b0 th\u1ebf n\u00e0y khi n\u00f3i v\u1ec1 gu m\u1eb7c h\u00e0ng ng\u00e0y. S\u1edf h\u1eefu ki\u1ec3u d\u00e1ng kh\u00f4ng tay, \u0111\u01b0\u1eddng c\u1eaft may ch\u1ec9n chu, c\u00f9ng ch\u1ea5t li\u1ec7u \u0111\u1ee9ng form chu\u1ea9n, chi\u1ebfc \u0111\u1ea7m Kashieca n\u00e0y v\u1eeba mang t\u1edbi s\u1ef1 tr\u1ebb trung v\u1eeba \u0111\u1ea3m b\u1ea3o c\u1ea3m gi\u00e1c tho\u1ea3i m\u00e1i, d\u1ec5 ph\u1ed1i nhi\u1ec1u ki\u1ec3u ph\u1ee5 ki\u1ec7n kh\u00e1c nhau. \u0110\u00e2y ch\u00ednh l\u00e0 l\u1ef1a ch\u1ecdn l\u00fd t\u01b0\u1edfng cho b\u1ea5t k\u1ef3 ai mu\u1ed1n l\u00e0m m\u1edbi phong c\u00e1ch v\u00e0 s\u1eb5n s\u00e0ng th\u1eed s\u1ee9c v\u1edbi nh\u1eefng b\u1ea3n ph\u1ed1i linh ho\u1ea1t t\u1eeb c\u00f4ng s\u1edf \u0111\u1ebfn d\u1ea1o ph\u1ed1.<\/p>\n<\/p><\/div>\n","protected":false},"featured_media":21978,"comment_status":"open","ping_status":"closed","template":"","meta":[],"product_brand":[],"product_cat":[177],"product_tag":[],"class_list":{"0":"post-37572","1":"product","2":"type-product","3":"status-publish","4":"has-post-thumbnail","6":"product_cat-thoi-trang","8":"first","9":"instock","10":"shipping-taxable","11":"purchasable","12":"product-type-simple"},"bundled_by":[],"bundle_stock_status":"instock","bundle_stock_quantity":null,"bundle_virtual":false,"bundle_layout":"","bundle_add_to_cart_form_location":"","bundle_editable_in_cart":false,"bundle_sold_individually_context":"","bundle_item_grouping":"","bundle_min_size":"","bundle_max_size":"","bundle_price":[],"bundled_items":[],"bundle_sell_ids":[],"yoast_head":"<!-- This site is optimized with the Yoast SEO plugin v25.2 - https:\/\/yoast.com\/wordpress\/plugins\/seo\/ -->\n<title>Buy \u0110\u1ea7m Xanh Olive Kashieca C\u00e1 T\u00ednh Cho M\u1ecdi D\u1ecbp<\/title>\n<meta name=\"description\" content=\"Ho\u00e0 tr\u1ed9n phong c\u00e1ch hi\u1ec7n \u0111\u1ea1i v\u00e0 \u0111\u01a1n gi\u1ea3n, \u0111\u1ea7m xanh olive Kashieca mang \u0111\u1ebfn thi\u1ebft k\u1ebf kh\u00f4ng tay th\u1eddi th\u01b0\u1ee3ng, ch\u1ea5t v\u1ea3i b\u1ec1n \u0111\u1eb9p v\u00e0 \u0111ai eo ti\u1ec7n ch\u1ec9nh. L\u00fd t\u01b0\u1edfng cho m\u1ecdi ho\u1ea1t \u0111\u1ed9ng h\u00e0ng ng\u00e0y.\" \/>\n<meta name=\"robots\" content=\"index, follow, max-snippet:-1, max-image-preview:large, max-video-preview:-1\" \/>\n<link rel=\"canonical\" href=\"https:\/\/demostore.ai\/vi\/san-pham\/kashieca-dam-xanh-olive\/\" \/>\n<meta property=\"og:type\" content=\"article\" \/>\n<meta property=\"og:title\" content=\"Buy \u0110\u1ea7m Xanh Olive Kashieca C\u00e1 T\u00ednh Cho M\u1ecdi D\u1ecbp\" \/>\n<meta property=\"og:description\" content=\"Ph\u1ed1i tr\u1ecdn c\u00e1 t\u00ednh c\u00f9ng \u0111\u1ea7m xanh olive Kashieca ki\u1ec3u d\u00e1ng d\u00e0i, ch\u1ea5t v\u1ea3i m\u1ecbn m\u00e1t, thi\u1ebft k\u1ebf ti\u1ec7n \u00edch v\u1edbi t\u00fai r\u1ed9ng, \u0111ai \u0111i\u1ec1u ch\u1ec9nh linh ho\u1ea1t. L\u1ef1a ch\u1ecdn \u0111a n\u0103ng cho \u0111i l\u00e0m, d\u1ea1o ph\u1ed1 hay g\u1eb7p g\u1ee1, lu\u00f4n n\u1ed5i b\u1eadt v\u00e0 linh ho\u1ea1t ph\u00f9 h\u1ee3p nhi\u1ec1u ho\u00e0n c\u1ea3nh.\" \/>\n<meta property=\"og:url\" content=\"https:\/\/demostore.ai\/vi\/san-pham\/kashieca-dam-xanh-olive\/\" \/>\n<meta property=\"og:site_name\" content=\"Trendy Thread\" \/>\n<meta property=\"article:modified_time\" content=\"2026-02-17T14:51:05+00:00\" \/>\n<meta property=\"og:image\" content=\"https:\/\/demostore.ai\/wp-content\/uploads\/2025\/06\/Dress-1-scaled-1.png\" \/>\n\t<meta property=\"og:image:width\" content=\"497\" \/>\n\t<meta property=\"og:image:height\" content=\"1000\" \/>\n\t<meta property=\"og:image:type\" content=\"image\/png\" \/>\n<meta name=\"twitter:card\" content=\"summary_large_image\" \/>\n<meta name=\"twitter:title\" content=\"Buy \u0110\u1ea7m Xanh Olive Kashieca C\u00e1 T\u00ednh Cho M\u1ecdi D\u1ecbp\" \/>\n<meta name=\"twitter:description\" content=\"Ph\u1ed1i tr\u1ecdn c\u00e1 t\u00ednh c\u00f9ng \u0111\u1ea7m xanh olive Kashieca ki\u1ec3u d\u00e1ng d\u00e0i, ch\u1ea5t v\u1ea3i m\u1ecbn m\u00e1t, thi\u1ebft k\u1ebf ti\u1ec7n \u00edch v\u1edbi t\u00fai r\u1ed9ng, \u0111ai \u0111i\u1ec1u ch\u1ec9nh linh ho\u1ea1t. L\u1ef1a ch\u1ecdn \u0111a n\u0103ng cho \u0111i l\u00e0m, d\u1ea1o ph\u1ed1 hay g\u1eb7p g\u1ee1, lu\u00f4n n\u1ed5i b\u1eadt v\u00e0 linh ho\u1ea1t ph\u00f9 h\u1ee3p nhi\u1ec1u ho\u00e0n c\u1ea3nh.\" \/>\n<meta name=\"twitter:label1\" content=\"\u01af\u1edbc t\u00ednh th\u1eddi gian \u0111\u1ecdc\" \/>\n\t<meta name=\"twitter:data1\" content=\"1 ph\u00fat\" \/>\n<script type=\"application\/ld+json\" class=\"yoast-schema-graph\">{\"@context\":\"https:\/\/schema.org\",\"@graph\":[{\"@type\":\"WebPage\",\"@id\":\"https:\/\/demostore.ai\/vi\/san-pham\/kashieca-dam-xanh-olive\/\",\"url\":\"https:\/\/demostore.ai\/vi\/san-pham\/kashieca-dam-xanh-olive\/\",\"name\":\"Buy \u0110\u1ea7m Xanh Olive Kashieca C\u00e1 T\u00ednh Cho M\u1ecdi D\u1ecbp\",\"isPartOf\":{\"@id\":\"https:\/\/demostore.ai\/vi\/#website\"},\"primaryImageOfPage\":{\"@id\":\"https:\/\/demostore.ai\/vi\/san-pham\/kashieca-dam-xanh-olive\/#primaryimage\"},\"image\":{\"@id\":\"https:\/\/demostore.ai\/vi\/san-pham\/kashieca-dam-xanh-olive\/#primaryimage\"},\"thumbnailUrl\":\"https:\/\/demostore.ai\/wp-content\/uploads\/2025\/06\/Dress-1-scaled-1.png\",\"datePublished\":\"2025-06-15T23:30:54+00:00\",\"dateModified\":\"2026-02-17T14:51:05+00:00\",\"description\":\"Ho\u00e0 tr\u1ed9n phong c\u00e1ch hi\u1ec7n \u0111\u1ea1i v\u00e0 \u0111\u01a1n gi\u1ea3n, \u0111\u1ea7m xanh olive Kashieca mang \u0111\u1ebfn thi\u1ebft k\u1ebf kh\u00f4ng tay th\u1eddi th\u01b0\u1ee3ng, ch\u1ea5t v\u1ea3i b\u1ec1n \u0111\u1eb9p v\u00e0 \u0111ai eo ti\u1ec7n ch\u1ec9nh. L\u00fd t\u01b0\u1edfng cho m\u1ecdi ho\u1ea1t \u0111\u1ed9ng h\u00e0ng ng\u00e0y.\",\"breadcrumb\":{\"@id\":\"https:\/\/demostore.ai\/vi\/san-pham\/kashieca-dam-xanh-olive\/#breadcrumb\"},\"inLanguage\":\"vi\",\"potentialAction\":[{\"@type\":\"ReadAction\",\"target\":[\"https:\/\/demostore.ai\/vi\/san-pham\/kashieca-dam-xanh-olive\/\"]}]},{\"@type\":\"ImageObject\",\"inLanguage\":\"vi\",\"@id\":\"https:\/\/demostore.ai\/vi\/san-pham\/kashieca-dam-xanh-olive\/#primaryimage\",\"url\":\"https:\/\/demostore.ai\/wp-content\/uploads\/2025\/06\/Dress-1-scaled-1.png\",\"contentUrl\":\"https:\/\/demostore.ai\/wp-content\/uploads\/2025\/06\/Dress-1-scaled-1.png\",\"width\":497,\"height\":1000,\"caption\":\"\u0110\u1ea7m Kashieca m\u00e0u xanh olive, kh\u00f4ng tay, c\u1ed5 vest, hai t\u00fai l\u1edbn ph\u00eda tr\u01b0\u1edbc v\u00e0 d\u00e2y th\u1eaft ngang eo.\"},{\"@type\":\"BreadcrumbList\",\"@id\":\"https:\/\/demostore.ai\/vi\/san-pham\/kashieca-dam-xanh-olive\/#breadcrumb\",\"itemListElement\":[{\"@type\":\"ListItem\",\"position\":1,\"name\":\"Trang ch\u1ee7\",\"item\":\"https:\/\/demostore.ai\/vi\/\"},{\"@type\":\"ListItem\",\"position\":2,\"name\":\"C\u1eeda h\u00e0ng\",\"item\":\"https:\/\/demostore.ai\/vi\/cua-hang\/\"},{\"@type\":\"ListItem\",\"position\":3,\"name\":\"Kashieca \u0110\u1ea7m Xanh Olive\"}]},{\"@type\":\"WebSite\",\"@id\":\"https:\/\/demostore.ai\/vi\/#website\",\"url\":\"https:\/\/demostore.ai\/vi\/\",\"name\":\"Trendy Thread\",\"description\":\"C\u1eeda h\u00e0ng demo WriteText.ai\",\"publisher\":{\"@id\":\"https:\/\/demostore.ai\/vi\/#organization\"},\"potentialAction\":[{\"@type\":\"SearchAction\",\"target\":{\"@type\":\"EntryPoint\",\"urlTemplate\":\"https:\/\/demostore.ai\/vi\/?s={search_term_string}\"},\"query-input\":{\"@type\":\"PropertyValueSpecification\",\"valueRequired\":true,\"valueName\":\"search_term_string\"}}],\"inLanguage\":\"vi\"},{\"@type\":\"Organization\",\"@id\":\"https:\/\/demostore.ai\/vi\/#organization\",\"name\":\"WriteText.ai\",\"url\":\"https:\/\/demostore.ai\/vi\/\",\"logo\":{\"@type\":\"ImageObject\",\"inLanguage\":\"vi\",\"@id\":\"https:\/\/demostore.ai\/vi\/#\/schema\/logo\/image\/\",\"url\":\"https:\/\/demostore.ai\/wp-content\/uploads\/2025\/10\/writetext_logo.webp\",\"contentUrl\":\"https:\/\/demostore.ai\/wp-content\/uploads\/2025\/10\/writetext_logo.webp\",\"width\":200,\"height\":34,\"caption\":\"WriteText.ai\"},\"image\":{\"@id\":\"https:\/\/demostore.ai\/vi\/#\/schema\/logo\/image\/\"}}]}<\/script>\n<!-- \/ Yoast SEO plugin. -->","yoast_head_json":{"title":"Buy \u0110\u1ea7m Xanh Olive Kashieca C\u00e1 T\u00ednh Cho M\u1ecdi D\u1ecbp","description":"Ho\u00e0 tr\u1ed9n phong c\u00e1ch hi\u1ec7n \u0111\u1ea1i v\u00e0 \u0111\u01a1n gi\u1ea3n, \u0111\u1ea7m xanh olive Kashieca mang \u0111\u1ebfn thi\u1ebft k\u1ebf kh\u00f4ng tay th\u1eddi th\u01b0\u1ee3ng, ch\u1ea5t v\u1ea3i b\u1ec1n \u0111\u1eb9p v\u00e0 \u0111ai eo ti\u1ec7n ch\u1ec9nh. L\u00fd t\u01b0\u1edfng cho m\u1ecdi ho\u1ea1t \u0111\u1ed9ng h\u00e0ng ng\u00e0y.","robots":{"index":"index","follow":"follow","max-snippet":"max-snippet:-1","max-image-preview":"max-image-preview:large","max-video-preview":"max-video-preview:-1"},"canonical":"https:\/\/demostore.ai\/vi\/san-pham\/kashieca-dam-xanh-olive\/","og_type":"article","og_title":"Buy \u0110\u1ea7m Xanh Olive Kashieca C\u00e1 T\u00ednh Cho M\u1ecdi D\u1ecbp","og_description":"Ph\u1ed1i tr\u1ecdn c\u00e1 t\u00ednh c\u00f9ng \u0111\u1ea7m xanh olive Kashieca ki\u1ec3u d\u00e1ng d\u00e0i, ch\u1ea5t v\u1ea3i m\u1ecbn m\u00e1t, thi\u1ebft k\u1ebf ti\u1ec7n \u00edch v\u1edbi t\u00fai r\u1ed9ng, \u0111ai \u0111i\u1ec1u ch\u1ec9nh linh ho\u1ea1t. L\u1ef1a ch\u1ecdn \u0111a n\u0103ng cho \u0111i l\u00e0m, d\u1ea1o ph\u1ed1 hay g\u1eb7p g\u1ee1, lu\u00f4n n\u1ed5i b\u1eadt v\u00e0 linh ho\u1ea1t ph\u00f9 h\u1ee3p nhi\u1ec1u ho\u00e0n c\u1ea3nh.","og_url":"https:\/\/demostore.ai\/vi\/san-pham\/kashieca-dam-xanh-olive\/","og_site_name":"Trendy Thread","article_modified_time":"2026-02-17T14:51:05+00:00","og_image":[{"width":497,"height":1000,"url":"https:\/\/demostore.ai\/wp-content\/uploads\/2025\/06\/Dress-1-scaled-1.png","type":"image\/png"}],"twitter_card":"summary_large_image","twitter_title":"Buy \u0110\u1ea7m Xanh Olive Kashieca C\u00e1 T\u00ednh Cho M\u1ecdi D\u1ecbp","twitter_description":"Ph\u1ed1i tr\u1ecdn c\u00e1 t\u00ednh c\u00f9ng \u0111\u1ea7m xanh olive Kashieca ki\u1ec3u d\u00e1ng d\u00e0i, ch\u1ea5t v\u1ea3i m\u1ecbn m\u00e1t, thi\u1ebft k\u1ebf ti\u1ec7n \u00edch v\u1edbi t\u00fai r\u1ed9ng, \u0111ai \u0111i\u1ec1u ch\u1ec9nh linh ho\u1ea1t. L\u1ef1a ch\u1ecdn \u0111a n\u0103ng cho \u0111i l\u00e0m, d\u1ea1o ph\u1ed1 hay g\u1eb7p g\u1ee1, lu\u00f4n n\u1ed5i b\u1eadt v\u00e0 linh ho\u1ea1t ph\u00f9 h\u1ee3p nhi\u1ec1u ho\u00e0n c\u1ea3nh.","twitter_misc":{"\u01af\u1edbc t\u00ednh th\u1eddi gian \u0111\u1ecdc":"1 ph\u00fat"},"schema":{"@context":"https:\/\/schema.org","@graph":[{"@type":"WebPage","@id":"https:\/\/demostore.ai\/vi\/san-pham\/kashieca-dam-xanh-olive\/","url":"https:\/\/demostore.ai\/vi\/san-pham\/kashieca-dam-xanh-olive\/","name":"Buy \u0110\u1ea7m Xanh Olive Kashieca C\u00e1 T\u00ednh Cho M\u1ecdi D\u1ecbp","isPartOf":{"@id":"https:\/\/demostore.ai\/vi\/#website"},"primaryImageOfPage":{"@id":"https:\/\/demostore.ai\/vi\/san-pham\/kashieca-dam-xanh-olive\/#primaryimage"},"image":{"@id":"https:\/\/demostore.ai\/vi\/san-pham\/kashieca-dam-xanh-olive\/#primaryimage"},"thumbnailUrl":"https:\/\/demostore.ai\/wp-content\/uploads\/2025\/06\/Dress-1-scaled-1.png","datePublished":"2025-06-15T23:30:54+00:00","dateModified":"2026-02-17T14:51:05+00:00","description":"Ho\u00e0 tr\u1ed9n phong c\u00e1ch hi\u1ec7n \u0111\u1ea1i v\u00e0 \u0111\u01a1n gi\u1ea3n, \u0111\u1ea7m xanh olive Kashieca mang \u0111\u1ebfn thi\u1ebft k\u1ebf kh\u00f4ng tay th\u1eddi th\u01b0\u1ee3ng, ch\u1ea5t v\u1ea3i b\u1ec1n \u0111\u1eb9p v\u00e0 \u0111ai eo ti\u1ec7n ch\u1ec9nh. L\u00fd t\u01b0\u1edfng cho m\u1ecdi ho\u1ea1t \u0111\u1ed9ng h\u00e0ng ng\u00e0y.","breadcrumb":{"@id":"https:\/\/demostore.ai\/vi\/san-pham\/kashieca-dam-xanh-olive\/#breadcrumb"},"inLanguage":"vi","potentialAction":[{"@type":"ReadAction","target":["https:\/\/demostore.ai\/vi\/san-pham\/kashieca-dam-xanh-olive\/"]}]},{"@type":"ImageObject","inLanguage":"vi","@id":"https:\/\/demostore.ai\/vi\/san-pham\/kashieca-dam-xanh-olive\/#primaryimage","url":"https:\/\/demostore.ai\/wp-content\/uploads\/2025\/06\/Dress-1-scaled-1.png","contentUrl":"https:\/\/demostore.ai\/wp-content\/uploads\/2025\/06\/Dress-1-scaled-1.png","width":497,"height":1000,"caption":"\u0110\u1ea7m Kashieca m\u00e0u xanh olive, kh\u00f4ng tay, c\u1ed5 vest, hai t\u00fai l\u1edbn ph\u00eda tr\u01b0\u1edbc v\u00e0 d\u00e2y th\u1eaft ngang eo."},{"@type":"BreadcrumbList","@id":"https:\/\/demostore.ai\/vi\/san-pham\/kashieca-dam-xanh-olive\/#breadcrumb","itemListElement":[{"@type":"ListItem","position":1,"name":"Trang ch\u1ee7","item":"https:\/\/demostore.ai\/vi\/"},{"@type":"ListItem","position":2,"name":"C\u1eeda h\u00e0ng","item":"https:\/\/demostore.ai\/vi\/cua-hang\/"},{"@type":"ListItem","position":3,"name":"Kashieca \u0110\u1ea7m Xanh Olive"}]},{"@type":"WebSite","@id":"https:\/\/demostore.ai\/vi\/#website","url":"https:\/\/demostore.ai\/vi\/","name":"Trendy Thread","description":"C\u1eeda h\u00e0ng demo WriteText.ai","publisher":{"@id":"https:\/\/demostore.ai\/vi\/#organization"},"potentialAction":[{"@type":"SearchAction","target":{"@type":"EntryPoint","urlTemplate":"https:\/\/demostore.ai\/vi\/?s={search_term_string}"},"query-input":{"@type":"PropertyValueSpecification","valueRequired":true,"valueName":"search_term_string"}}],"inLanguage":"vi"},{"@type":"Organization","@id":"https:\/\/demostore.ai\/vi\/#organization","name":"WriteText.ai","url":"https:\/\/demostore.ai\/vi\/","logo":{"@type":"ImageObject","inLanguage":"vi","@id":"https:\/\/demostore.ai\/vi\/#\/schema\/logo\/image\/","url":"https:\/\/demostore.ai\/wp-content\/uploads\/2025\/10\/writetext_logo.webp","contentUrl":"https:\/\/demostore.ai\/wp-content\/uploads\/2025\/10\/writetext_logo.webp","width":200,"height":34,"caption":"WriteText.ai"},"image":{"@id":"https:\/\/demostore.ai\/vi\/#\/schema\/logo\/image\/"}}]}},"_links":{"self":[{"href":"https:\/\/demostore.ai\/vi\/wp-json\/wp\/v2\/product\/37572","targetHints":{"allow":["GET"]}}],"collection":[{"href":"https:\/\/demostore.ai\/vi\/wp-json\/wp\/v2\/product"}],"about":[{"href":"https:\/\/demostore.ai\/vi\/wp-json\/wp\/v2\/types\/product"}],"replies":[{"embeddable":true,"href":"https:\/\/demostore.ai\/vi\/wp-json\/wp\/v2\/comments?post=37572"}],"wp:featuredmedia":[{"embeddable":true,"href":"https:\/\/demostore.ai\/vi\/wp-json\/wp\/v2\/media\/21978"}],"wp:attachment":[{"href":"https:\/\/demostore.ai\/vi\/wp-json\/wp\/v2\/media?parent=37572"}],"wp:term":[{"taxonomy":"product_brand","embeddable":true,"href":"https:\/\/demostore.ai\/vi\/wp-json\/wp\/v2\/product_brand?post=37572"},{"taxonomy":"product_cat","embeddable":true,"href":"https:\/\/demostore.ai\/vi\/wp-json\/wp\/v2\/product_cat?post=37572"},{"taxonomy":"product_tag","embeddable":true,"href":"https:\/\/demostore.ai\/vi\/wp-json\/wp\/v2\/product_tag?post=37572"}],"curies":[{"name":"wp","href":"https:\/\/api.w.org\/{rel}","templated":true}]}}