{"id":37496,"date":"2025-07-28T06:53:35","date_gmt":"2025-07-27T22:53:35","guid":{"rendered":"https:\/\/demostore.ai\/?post_type=product&#038;p=37496"},"modified":"2026-02-18T10:26:43","modified_gmt":"2026-02-18T02:26:43","slug":"nhan-mau-vang","status":"publish","type":"product","link":"https:\/\/demostore.ai\/vi\/san-pham\/nhan-mau-vang\/","title":{"rendered":"Nh\u1eabn M\u00e0u V\u00e0ng"},"content":{"rendered":"<section data-wtai-block-id=\"wtai_product_description_features\" class=\"wtai-section wtai-features-section\">\n<h2>Nh\u1eefng \u0110i\u1ec3m N\u1ed5i B\u1eadt C\u1ee7a Nh\u1eabn M\u00e0u V\u00e0ng<\/h2>\n<ul>\n<li><strong>Ch\u1ea5t li\u1ec7u:<\/strong> Kim lo\u1ea1i m\u00e0u v\u00e0ng, c\u00f3 th\u1ec3 l\u00e0 v\u00e0ng th\u1eadt ho\u1eb7c h\u1ee3p kim v\u00e0ng, mang l\u1ea1i v\u1ebb \u0111\u1eb9p sang tr\u1ecdng c\u1ed5 \u0111i\u1ec3n.<\/li>\n<li><strong>M\u1eb7t nh\u1eabn:<\/strong> \u0110\u01b0\u1ee3c g\u1eafn vi\u00ean ng\u1ecdc trai s\u1eafc tr\u1eafng sang tr\u1ecdng, t\u1ea1o \u0111i\u1ec3m nh\u1ea5n tinh t\u1ebf v\u00e0 thanh l\u1ecbch cho t\u1ed5ng th\u1ec3 thi\u1ebft k\u1ebf.<\/li>\n<li><strong>Ki\u1ec3u d\u00e1ng:<\/strong> Thi\u1ebft k\u1ebf c\u1ed5 \u0111i\u1ec3n v\u1edbi ph\u1ea7n v\u00f2ng thanh m\u1ea3nh, nh\u1ecf g\u1ecdn, gi\u00fap t\u00f4n l\u00ean v\u1ebb n\u1eef t\u00ednh v\u00e0 thanh tho\u00e1t cho b\u00e0n tay.<\/li>\n<li><strong>B\u1ec1 m\u1eb7t ho\u00e0n thi\u1ec7n:<\/strong> \u0110\u01b0\u1ee3c \u0111\u00e1nh b\u00f3ng k\u1ef9 l\u01b0\u1ee1ng t\u1ea1o hi\u1ec7u \u1ee9ng s\u00e1ng b\u00f3ng v\u00e0 b\u1eaft m\u1eaft d\u01b0\u1edbi m\u1ecdi \u00e1nh s\u00e1ng.<\/li>\n<li><strong>Kh\u00f3a nh\u1eabn:<\/strong> Kh\u00f4ng s\u1eed d\u1ee5ng kh\u00f3a; thi\u1ebft k\u1ebf v\u00f2ng tr\u00f2n kh\u00e9p k\u00edn, d\u1ec5 d\u00e0ng cho vi\u1ec7c \u0111eo v\u00e0 th\u00e1o.<\/li>\n<li><strong>Ch\u1ebf t\u00e1c t\u1ec9 m\u1ec9:<\/strong> \u0110\u01b0\u1eddng n\u00e9t u\u1ed1n cong m\u1ec1m m\u1ea1i, k\u1ebft n\u1ed1i ch\u1eafc ch\u1eafn gi\u1eefa v\u00f2ng v\u00e0 m\u1eb7t ng\u1ecdc, th\u1ec3 hi\u1ec7n s\u1ef1 ch\u0103m ch\u00fat trong t\u1eebng chi ti\u1ebft.<\/li>\n<\/ul>\n<\/section>\n<div data-wtai-block-id=\"wtai_product_description_image_1753853427907\" class=\"wtai-section wtai-image_1753853427907-section\">\n<figure class=\"wtai-image-p wtai-align-center\" style=\"text-align:center\"><img decoding=\"async\" src=\"https:\/\/demostore.ai\/wp-content\/uploads\/2025\/07\/2-Double-Pearl-Two-Tone-Gold-Ring-2-600x192.png\" alt=\"Nh\u1eabn m\u00e0u v\u00e0ng g\u1eafn hai vi\u00ean ng\u1ecdc trai v\u00e0 h\u1ecda ti\u1ebft l\u00e1 nh\u1ecf, thi\u1ebft k\u1ebf thanh l\u1ecbch.\" srcset=\"https:\/\/demostore.ai\/wp-content\/uploads\/2025\/07\/2-Double-Pearl-Two-Tone-Gold-Ring-2.png 1000w, https:\/\/demostore.ai\/wp-content\/uploads\/2025\/07\/2-Double-Pearl-Two-Tone-Gold-Ring-2-300x96.png 300w, https:\/\/demostore.ai\/wp-content\/uploads\/2025\/07\/2-Double-Pearl-Two-Tone-Gold-Ring-2-768x246.png 768w, https:\/\/demostore.ai\/wp-content\/uploads\/2025\/07\/2-Double-Pearl-Two-Tone-Gold-Ring-2-600x192.png 600w\"><figcaption>\n<p>Thi\u1ebft k\u1ebf thanh l\u1ecbch k\u1ebft h\u1ee3p hai vi\u00ean ng\u1ecdc trai tr\u1eafng n\u1ed5i b\u1eadt tr\u00ean n\u1ec1n v\u00e0ng sang tr\u1ecdng.<\/p>\n<\/figcaption><\/figure>\n<\/p><\/div>\n<section data-wtai-block-id=\"wtai_product_description_use_cases\" class=\"wtai-section wtai-use_cases-section\">\n<h2>C\u00e1c C\u00e1ch \u1ee8ng D\u1ee5ng V\u00e0 Ph\u1ed1i \u0110\u1ed3 V\u1edbi Nh\u1eabn M\u00e0u V\u00e0ng<\/h2>\n<ul>\n<li>Ph\u00f9 h\u1ee3p \u0111\u1ec3 \u0111eo trong c\u00e1c bu\u1ed5i ti\u1ec7c ho\u1eb7c d\u1ecbp l\u1ec5, mang \u0111\u1ebfn v\u1ebb ngo\u00e0i qu\u00fd ph\u00e1i c\u00f9ng trang ph\u1ee5c d\u1ea1 h\u1ed9i c\u1ed5 \u0111i\u1ec3n.<\/li>\n<li>L\u00fd t\u01b0\u1edfng cho c\u00f4ng vi\u1ec7c v\u0103n ph\u00f2ng ho\u1eb7c cu\u1ed9c h\u1ecdp, k\u1ebft h\u1ee3p c\u00f9ng vest nh\u00e3 nh\u1eb7n \u0111\u1ec3 t\u0103ng \u0111i\u1ec3m nh\u1ea5n trang s\u1ee9c nh\u1eb9 nh\u00e0ng.<\/li>\n<li>D\u1ec5 d\u00e0ng ph\u1ed1i c\u00f9ng \u0111\u1ed3ng h\u1ed3 ho\u1eb7c l\u1eafc tay \u00e1nh kim cho phong c\u00e1ch ng\u00e0y th\u01b0\u1eddng thanh l\u1ecbch m\u00e0 kh\u00f4ng m\u1ea5t \u0111i s\u1ef1 tinh t\u1ebf.<\/li>\n<li>K\u1ebft h\u1ee3p v\u1edbi trang ph\u1ee5c t\u1ed1i gi\u1ea3n cho outfit th\u01b0\u1eddng ng\u00e0y gi\u00fap t\u1ea1o \u0111i\u1ec3m nh\u1ea5n n\u1eef t\u00ednh m\u00e0 kh\u00f4ng qu\u00e1 c\u1ea7u k\u1ef3.<\/li>\n<li>Ho\u00e0n h\u1ea3o khi l\u00e0m qu\u00e0 t\u1eb7ng k\u1ef7 ni\u1ec7m, sinh nh\u1eadt ho\u1eb7c s\u1ef1 ki\u1ec7n \u0111\u1eb7c bi\u1ec7t d\u00e0nh cho ng\u01b0\u1eddi th\u00e2n y\u00eau.<\/li>\n<\/ul>\n<\/section>\n<section data-wtai-block-id=\"wtai_product_description_custom_1754204236758\" class=\"wtai-section wtai-custom_1754204236758-section\">\n<h2>Nh\u1eefng d\u1ecbp n\u00ean ch\u1ecdn Nh\u1eabn M\u00e0u V\u00e0ng ng\u1ecdc trai<\/h2>\n<ul>\n<li><strong>Qu\u00e0 t\u1eb7ng d\u1ecbp \u0111\u1eb7c bi\u1ec7t<\/strong> \u2013 Th\u1ec3 hi\u1ec7n s\u1ef1 tr\u00e2n tr\u1ecdng v\u00e0o ng\u00e0y sinh nh\u1eadt, k\u1ef7 ni\u1ec7m hay m\u1eebng th\u00e0nh c\u00f4ng c\u1ee7a ng\u01b0\u1eddi th\u00e2n.<\/li>\n<li><strong>D\u1ef1 ti\u1ec7c ho\u1eb7c s\u1ef1 ki\u1ec7n sang tr\u1ecdng<\/strong> \u2013 L\u00e0 \u0111i\u1ec3m nh\u1ea5n thanh l\u1ecbch khi xu\u1ea5t hi\u1ec7n t\u1ea1i ti\u1ec7c c\u01b0\u1edbi, d\u1ea1 h\u1ed9i ho\u1eb7c c\u00e1c bu\u1ed5i g\u1eb7p m\u1eb7t quan tr\u1ecdng.<\/li>\n<li><strong>Phong c\u00e1ch c\u00f4ng s\u1edf<\/strong> \u2013 Ho\u00e0n thi\u1ec7n v\u1ebb ngo\u00e0i tinh t\u1ebf, t\u1ef1 tin khi \u0111i l\u00e0m hay g\u1eb7p g\u1ee1 \u0111\u1ed1i t\u00e1c.<\/li>\n<li><strong>D\u1ea1o ph\u1ed1 cu\u1ed1i tu\u1ea7n<\/strong> \u2013 T\u1ea1o d\u1ea5u \u1ea5n c\u00e1 t\u00ednh nh\u1eb9 nh\u00e0ng cho nh\u1eefng bu\u1ed5i c\u00e0 ph\u00ea ho\u1eb7c d\u1ea1o ch\u01a1i c\u00f9ng b\u1ea1n b\u00e8.<\/li>\n<li><strong>L\u00e0m qu\u00e0 t\u1eb7ng ghi d\u1ea5u k\u1ef7 ni\u1ec7m t\u00ecnh y\u00eau<\/strong> \u2013 Bi\u1ec3u t\u01b0\u1ee3ng cho s\u1ef1 g\u1eafn b\u00f3, \u0111\u01b0\u1ee3c nhi\u1ec1u ng\u01b0\u1eddi l\u1ef1a ch\u1ecdn trong d\u1ecbp c\u1ea7u h\u00f4n ho\u1eb7c k\u1ef7 ni\u1ec7m ng\u00e0y quen nhau.<\/li>\n<li><strong>Ph\u00f9 h\u1ee3p v\u1edbi trang ph\u1ee5c truy\u1ec1n th\u1ed1ng v\u00e0 hi\u1ec7n \u0111\u1ea1i<\/strong> \u2013 D\u1ec5 d\u00e0ng k\u1ebft h\u1ee3p nh\u1eabn v\u1edbi \u00e1o d\u00e0i, v\u00e1y li\u1ec1n ho\u1eb7c set \u0111\u1ed3 c\u00f4ng s\u1edf \u0111\u1ec3 lu\u00f4n n\u1ed5i b\u1eadt.<\/li>\n<\/ul>\n<\/section>\n<section data-wtai-block-id=\"wtai_product_description_custom_1753164383380\" class=\"wtai-section wtai-custom_1753164383380-section\">\n<h3>H\u01b0\u1edbng d\u1eabn b\u1ea3o qu\u1ea3n nh\u1eabn v\u00e0ng ng\u1ecdc trai<\/h3>\n<ul>\n<li>Lau nh\u1eb9 nh\u00e0ng nh\u1eabn b\u1eb1ng kh\u0103n m\u1ec1m s\u1ea1ch sau m\u1ed7i l\u1ea7n s\u1eed d\u1ee5ng \u0111\u1ec3 gi\u1eef b\u1ec1 m\u1eb7t v\u00e0ng lu\u00f4n s\u00e1ng b\u00f3ng, h\u1ea1n ch\u1ebf ti\u1ebfp x\u00fac v\u1edbi m\u1ed3 h\u00f4i hay h\u00f3a ch\u1ea5t trang \u0111i\u1ec3m.<\/li>\n<li>Tr\u00e1nh \u0111\u1ec3 nh\u1eabn ti\u1ebfp x\u00fac tr\u1ef1c ti\u1ebfp v\u1edbi n\u01b0\u1edbc, n\u01b0\u1edbc hoa ho\u1eb7c m\u1ef9 ph\u1ea9m nh\u1eb1m b\u1ea3o v\u1ec7 l\u1edbp v\u00e0ng v\u00e0 vi\u00ean ng\u1ecdc trai kh\u00f4ng b\u1ecb phai m\u00e0u hay m\u1ea5t \u0111\u1ed9 b\u00f3ng.<\/li>\n<li>C\u1ea5t gi\u1eef nh\u1eabn ri\u00eang bi\u1ec7t trong h\u1ed9p k\u00edn ho\u1eb7c t\u00fai v\u1ea3i m\u1ec1m \u1edf n\u01a1i kh\u00f4 r\u00e1o, tho\u00e1ng m\u00e1t \u0111\u1ec3 ng\u0103n ng\u1eeba va ch\u1ea1m v\u00e0 gi\u1eef ng\u1ecdc trai lu\u00f4n ho\u00e0n h\u1ea3o.<\/li>\n<\/ul>\n<\/section>\n<div data-wtai-block-id=\"wtai_product_description_image_1753853450366\" class=\"wtai-section wtai-image_1753853450366-section\">\n<figure class=\"wtai-image-p wtai-align-center\" style=\"text-align:center\"><img decoding=\"async\" src=\"https:\/\/demostore.ai\/wp-content\/uploads\/2025\/07\/4-Double-Pearl-Two-Tone-Gold-Ring-600x600.png\" alt=\"Nh\u1eabn m\u00e0u v\u00e0ng g\u1eafn hai vi\u00ean ng\u1ecdc trai, thi\u1ebft k\u1ebf tinh x\u1ea3o, ph\u00f9 h\u1ee3p trang s\u1ee9c sang tr\u1ecdng.\" srcset=\"https:\/\/demostore.ai\/wp-content\/uploads\/2025\/07\/4-Double-Pearl-Two-Tone-Gold-Ring.png 1000w, https:\/\/demostore.ai\/wp-content\/uploads\/2025\/07\/4-Double-Pearl-Two-Tone-Gold-Ring-300x300.png 300w, https:\/\/demostore.ai\/wp-content\/uploads\/2025\/07\/4-Double-Pearl-Two-Tone-Gold-Ring-150x150.png 150w, https:\/\/demostore.ai\/wp-content\/uploads\/2025\/07\/4-Double-Pearl-Two-Tone-Gold-Ring-768x768.png 768w, https:\/\/demostore.ai\/wp-content\/uploads\/2025\/07\/4-Double-Pearl-Two-Tone-Gold-Ring-600x600.png 600w, https:\/\/demostore.ai\/wp-content\/uploads\/2025\/07\/4-Double-Pearl-Two-Tone-Gold-Ring-250x250.png 250w\"><figcaption>\n<p>Hai vi\u00ean ng\u1ecdc trai tr\u1eafng \u00e1nh ng\u00e0 k\u1ebft h\u1ee3p chi ti\u1ebft kim lo\u1ea1i ch\u1ea1m kh\u1eafc tinh x\u1ea3o, \u0111\u1ea7y cu\u1ed1n h\u00fat.<\/p>\n<\/figcaption><\/figure>\n<\/p><\/div>\n<section data-wtai-block-id=\"wtai_product_description_faqs\" class=\"wtai-section wtai-faqs-section\">\n<h2>Gi\u1ea3i \u0110\u00e1p Th\u1eafc M\u1eafc V\u1ec1 Nh\u1eabn M\u00e0u V\u00e0ng<\/h2>\n<p><strong>Nh\u1eabn n\u00e0y l\u00e0m t\u1eeb ch\u1ea5t li\u1ec7u g\u00ec?<\/strong> <br \/> Nh\u1eabn \u0111\u01b0\u1ee3c ch\u1ebf t\u00e1c t\u1eeb kim lo\u1ea1i m\u00e0u v\u00e0ng, g\u1eafn k\u00e8m vi\u00ean ng\u1ecdc trai tr\u1eafng n\u1ed5i b\u1eadt.<\/p>\n<p><strong>C\u00f3 g\u00e2y k\u00edch \u1ee9ng da khi \u0111eo l\u00e2u kh\u00f4ng?<\/strong> <br \/> Ph\u1ea7n l\u1edbn nh\u1eabn kim lo\u1ea1i v\u00e0ng c\u00f3 \u0111\u1ed9 an to\u00e0n cao, tuy nhi\u00ean n\u00ean th\u00e1o khi ti\u1ebfp x\u00fac v\u1edbi h\u00f3a ch\u1ea5t m\u1ea1nh \u0111\u1ec3 \u0111\u1ea3m b\u1ea3o an to\u00e0n cho da.<\/p>\n<p><strong>B\u1ea3o qu\u1ea3n nh\u1eabn nh\u01b0 th\u1ebf n\u00e0o \u0111\u1ec3 lu\u00f4n s\u00e1ng b\u00f3ng?<\/strong> <br \/> N\u00ean c\u1ea5t nh\u1eabn \u1edf n\u01a1i kh\u00f4 r\u00e1o, tr\u00e1nh va \u0111\u1eadp v\u00e0 lau nh\u1eb9 b\u1eb1ng kh\u0103n m\u1ec1m sau m\u1ed7i l\u1ea7n s\u1eed d\u1ee5ng \u0111\u1ec3 gi\u1eef v\u1ebb s\u00e1ng m\u1edbi.<\/p>\n<p><strong>Nh\u1eabn n\u00e0y c\u00f3 ph\u00f9 h\u1ee3p l\u00e0m qu\u00e0 t\u1eb7ng kh\u00f4ng?<\/strong> <br \/> Thi\u1ebft k\u1ebf thanh l\u1ecbch, m\u1eb7t ng\u1ecdc trai trang nh\u00e3 r\u1ea5t ph\u00f9 h\u1ee3p l\u00e0m qu\u00e0 t\u1eb7ng k\u1ef7 ni\u1ec7m, sinh nh\u1eadt cho ng\u01b0\u1eddi th\u00e2n, b\u1ea1n b\u00e8.<\/p>\n<\/section>\n<section data-wtai-block-id=\"wtai_product_description_conclusion\" class=\"wtai-section wtai-conclusion-section\">\n<h2>Ch\u1ecdn Ngay Nh\u1eabn M\u00e0u V\u00e0ng Cho Phong C\u00e1ch Thanh L\u1ecbch<\/h2>\n<p><strong>Nh\u1eabn m\u00e0u v\u00e0ng \u0111\u00ednh ng\u1ecdc trai mang s\u1eafc th\u00e1i c\u1ed5 \u0111i\u1ec3n, t\u1ea1o n\u00ean v\u1ebb \u0111\u1eb9p tinh t\u1ebf kh\u00f4ng l\u1ed7i th\u1eddi.<\/strong> <strong>Thi\u1ebft k\u1ebf nh\u1ecf g\u1ecdn v\u00e0 b\u1ec1 m\u1eb7t s\u00e1ng b\u00f3ng gi\u00fap t\u00f4n b\u00e0n tay n\u1eef th\u00eam duy\u00ean d\u00e1ng, ph\u00f9 h\u1ee3p nhu c\u1ea7u l\u00e0m \u0111\u1eb9p l\u1eabn l\u00e0m qu\u00e0 t\u1eb7ng \u00fd ngh\u0129a.<\/strong> <strong>\u0110\u1eebng b\u1ecf l\u1ee1 c\u01a1 h\u1ed9i s\u1edf h\u1eefu m\u00f3n trang s\u1ee9c v\u1eeba thanh l\u1ecbch v\u1eeba n\u1ed5i b\u1eadt n\u00e0y cho phong c\u00e1ch c\u1ee7a b\u1ea1n h\u00f4m nay.<\/strong><\/p>\n<\/section>\n","protected":false},"excerpt":{"rendered":"<div data-wtai-block-id=\"wtai_excerpt_subtitle\" class=\"wtai-section wtai-subtitle-section\">\n<p><em><strong>D\u00e1ng v\u1ebb c\u1ed5 \u0111i\u1ec3n, t\u1ecfa s\u00e1ng v\u1ebb \u0111\u1eb9p thanh l\u1ecbch v\u01b0\u1ee3t th\u1eddi gian.<\/strong><\/em><\/p>\n<\/p><\/div>\n<div data-wtai-block-id=\"wtai_excerpt_introduction\" class=\"wtai-section wtai-introduction-section\">\n<p>Th\u1eadt tuy\u1ec7t khi s\u1edf h\u1eefu m\u1ed9t m\u00f3n trang s\u1ee9c to\u00e1t l\u00ean v\u1ebb \u0111\u1eb9p nh\u1eb9 nh\u00e0ng m\u00e0 kh\u00f4ng k\u00e9m ph\u1ea7n n\u1ed5i b\u1eadt. Nh\u1eabn m\u00e0u v\u00e0ng thi\u1ebft k\u1ebf c\u1ed5 \u0111i\u1ec3n k\u1ebft h\u1ee3p vi\u00ean ng\u1ecdc trai l\u1edbn n\u00e0y mang l\u1ea1i c\u1ea3m h\u1ee9ng tinh t\u1ebf cho m\u1ecdi phong c\u00e1ch. S\u1ef1 k\u1ebft h\u1ee3p gi\u1eefa s\u1eafc v\u00e0ng \u00e1nh kim truy\u1ec1n th\u1ed1ng v\u00e0 ng\u1ecdc trai qu\u00fd ph\u00e1i gi\u00fap nh\u1eabn tr\u1edf th\u00e0nh \u0111i\u1ec3m nh\u1ea5n n\u1ed5i b\u1eadt tr\u00ean \u0111\u00f4i tay, ph\u1ea3n chi\u1ebfu gu th\u1ea9m m\u1ef9 c\u00e1 nh\u00e2n v\u00e0 l\u01b0u gi\u1eef nh\u1eefng k\u1ef7 ni\u1ec7m \u00fd ngh\u0129a trong t\u1eebng kho\u1ea3nh kh\u1eafc. \u0110\u00e2y l\u00e0 l\u1ef1a ch\u1ecdn ho\u00e0n h\u1ea3o d\u00e0nh cho nh\u1eefng ai tr\u00e2n tr\u1ecdng v\u1ebb \u0111\u1eb9p ki\u00eau sa v\u00e0 mu\u1ed1n kh\u1eb3ng \u0111\u1ecbnh d\u1ea5u \u1ea5n ri\u00eang bi\u1ec7t c\u1ee7a b\u1ea3n th\u00e2n.<\/p>\n<\/p><\/div>\n","protected":false},"featured_media":31652,"comment_status":"open","ping_status":"closed","template":"","meta":[],"product_brand":[],"product_cat":[318],"product_tag":[],"class_list":{"0":"post-37496","1":"product","2":"type-product","3":"status-publish","4":"has-post-thumbnail","6":"product_cat-trang-suc","8":"first","9":"instock","10":"shipping-taxable","11":"purchasable","12":"product-type-simple"},"bundled_by":[],"bundle_stock_status":"instock","bundle_stock_quantity":null,"bundle_virtual":false,"bundle_layout":"","bundle_add_to_cart_form_location":"","bundle_editable_in_cart":false,"bundle_sold_individually_context":"","bundle_item_grouping":"","bundle_min_size":"","bundle_max_size":"","bundle_price":[],"bundled_items":[],"bundle_sell_ids":[],"yoast_head":"<!-- This site is optimized with the Yoast SEO plugin v25.2 - https:\/\/yoast.com\/wordpress\/plugins\/seo\/ -->\n<title>Top-Rated Nh\u1eabn M\u00e0u V\u00e0ng \u0110\u00ednh Ng\u1ecdc Trai Thanh L\u1ecbch C\u1ed5 \u0110i\u1ec3n<\/title>\n<meta name=\"description\" content=\"D\u1ea5u \u1ea5n c\u1ed5 \u0111i\u1ec3n v\u1edbi nh\u1eabn m\u00e0u v\u00e0ng \u0111\u00ednh ng\u1ecdc trai, thi\u1ebft k\u1ebf m\u1ea3nh mai g\u1eafn vi\u00ean ng\u1ecdc t\u00f4n n\u00e9t thanh l\u1ecbch v\u00e0 sang tr\u1ecdng; ph\u00f9 h\u1ee3p \u0111eo ho\u1eb7c l\u00e0m qu\u00e0 t\u1eb7ng.\" \/>\n<meta name=\"robots\" content=\"index, follow, max-snippet:-1, max-image-preview:large, max-video-preview:-1\" \/>\n<link rel=\"canonical\" href=\"https:\/\/demostore.ai\/vi\/san-pham\/nhan-mau-vang\/\" \/>\n<meta property=\"og:type\" content=\"article\" \/>\n<meta property=\"og:title\" content=\"Top-Rated Nh\u1eabn M\u00e0u V\u00e0ng \u0110\u00ednh Ng\u1ecdc Trai Thanh L\u1ecbch C\u1ed5 \u0110i\u1ec3n\" \/>\n<meta property=\"og:description\" content=\"G\u1ee3i nh\u1eafc n\u00e9t c\u1ed5 \u0111i\u1ec3n qua nh\u1eabn m\u00e0u v\u00e0ng \u0111\u00ednh ng\u1ecdc trai. Thi\u1ebft k\u1ebf thanh m\u1ea3nh, l\u1ea5p l\u00e1nh nh\u1eb9 nh\u00e0ng, v\u1eeba l\u00e0 \u0111i\u1ec3m nh\u1ea5n trang ph\u1ee5c v\u1eeba th\u00edch h\u1ee3p t\u1eb7ng ng\u01b0\u1eddi th\u01b0\u01a1ng, b\u1ea1n b\u00e8.\" \/>\n<meta property=\"og:url\" content=\"https:\/\/demostore.ai\/vi\/san-pham\/nhan-mau-vang\/\" \/>\n<meta property=\"og:site_name\" content=\"Trendy Thread\" \/>\n<meta property=\"article:modified_time\" content=\"2026-02-18T02:26:43+00:00\" \/>\n<meta property=\"og:image\" content=\"https:\/\/demostore.ai\/wp-content\/uploads\/2025\/07\/1-Double-Pearl-Two-Tone-Gold-Ring-2.png\" \/>\n\t<meta property=\"og:image:width\" content=\"1000\" \/>\n\t<meta property=\"og:image:height\" content=\"320\" \/>\n\t<meta property=\"og:image:type\" content=\"image\/png\" \/>\n<meta name=\"twitter:card\" content=\"summary_large_image\" \/>\n<meta name=\"twitter:title\" content=\"Top-Rated Nh\u1eabn M\u00e0u V\u00e0ng \u0110\u00ednh Ng\u1ecdc Trai Thanh L\u1ecbch C\u1ed5 \u0110i\u1ec3n\" \/>\n<meta name=\"twitter:description\" content=\"G\u1ee3i nh\u1eafc n\u00e9t c\u1ed5 \u0111i\u1ec3n qua nh\u1eabn m\u00e0u v\u00e0ng \u0111\u00ednh ng\u1ecdc trai. Thi\u1ebft k\u1ebf thanh m\u1ea3nh, l\u1ea5p l\u00e1nh nh\u1eb9 nh\u00e0ng, v\u1eeba l\u00e0 \u0111i\u1ec3m nh\u1ea5n trang ph\u1ee5c v\u1eeba th\u00edch h\u1ee3p t\u1eb7ng ng\u01b0\u1eddi th\u01b0\u01a1ng, b\u1ea1n b\u00e8.\" \/>\n<meta name=\"twitter:label1\" content=\"\u01af\u1edbc t\u00ednh th\u1eddi gian \u0111\u1ecdc\" \/>\n\t<meta name=\"twitter:data1\" content=\"1 ph\u00fat\" \/>\n<script type=\"application\/ld+json\" class=\"yoast-schema-graph\">{\"@context\":\"https:\/\/schema.org\",\"@graph\":[{\"@type\":\"WebPage\",\"@id\":\"https:\/\/demostore.ai\/vi\/san-pham\/nhan-mau-vang\/\",\"url\":\"https:\/\/demostore.ai\/vi\/san-pham\/nhan-mau-vang\/\",\"name\":\"Top-Rated Nh\u1eabn M\u00e0u V\u00e0ng \u0110\u00ednh Ng\u1ecdc Trai Thanh L\u1ecbch C\u1ed5 \u0110i\u1ec3n\",\"isPartOf\":{\"@id\":\"https:\/\/demostore.ai\/vi\/#website\"},\"primaryImageOfPage\":{\"@id\":\"https:\/\/demostore.ai\/vi\/san-pham\/nhan-mau-vang\/#primaryimage\"},\"image\":{\"@id\":\"https:\/\/demostore.ai\/vi\/san-pham\/nhan-mau-vang\/#primaryimage\"},\"thumbnailUrl\":\"https:\/\/demostore.ai\/wp-content\/uploads\/2025\/07\/1-Double-Pearl-Two-Tone-Gold-Ring-2.png\",\"datePublished\":\"2025-07-27T22:53:35+00:00\",\"dateModified\":\"2026-02-18T02:26:43+00:00\",\"description\":\"D\u1ea5u \u1ea5n c\u1ed5 \u0111i\u1ec3n v\u1edbi nh\u1eabn m\u00e0u v\u00e0ng \u0111\u00ednh ng\u1ecdc trai, thi\u1ebft k\u1ebf m\u1ea3nh mai g\u1eafn vi\u00ean ng\u1ecdc t\u00f4n n\u00e9t thanh l\u1ecbch v\u00e0 sang tr\u1ecdng; ph\u00f9 h\u1ee3p \u0111eo ho\u1eb7c l\u00e0m qu\u00e0 t\u1eb7ng.\",\"breadcrumb\":{\"@id\":\"https:\/\/demostore.ai\/vi\/san-pham\/nhan-mau-vang\/#breadcrumb\"},\"inLanguage\":\"vi\",\"potentialAction\":[{\"@type\":\"ReadAction\",\"target\":[\"https:\/\/demostore.ai\/vi\/san-pham\/nhan-mau-vang\/\"]}]},{\"@type\":\"ImageObject\",\"inLanguage\":\"vi\",\"@id\":\"https:\/\/demostore.ai\/vi\/san-pham\/nhan-mau-vang\/#primaryimage\",\"url\":\"https:\/\/demostore.ai\/wp-content\/uploads\/2025\/07\/1-Double-Pearl-Two-Tone-Gold-Ring-2.png\",\"contentUrl\":\"https:\/\/demostore.ai\/wp-content\/uploads\/2025\/07\/1-Double-Pearl-Two-Tone-Gold-Ring-2.png\",\"width\":1000,\"height\":320,\"caption\":\"Nh\u1eabn m\u00e0u v\u00e0ng \u0111\u00ednh ng\u1ecdc trai tr\u1eafng, thi\u1ebft k\u1ebf sang tr\u1ecdng, ph\u00f9 h\u1ee3p l\u00e0m qu\u00e0 t\u1eb7ng ho\u1eb7c trang s\u1ee9c.\"},{\"@type\":\"BreadcrumbList\",\"@id\":\"https:\/\/demostore.ai\/vi\/san-pham\/nhan-mau-vang\/#breadcrumb\",\"itemListElement\":[{\"@type\":\"ListItem\",\"position\":1,\"name\":\"Trang ch\u1ee7\",\"item\":\"https:\/\/demostore.ai\/vi\/\"},{\"@type\":\"ListItem\",\"position\":2,\"name\":\"C\u1eeda h\u00e0ng\",\"item\":\"https:\/\/demostore.ai\/vi\/cua-hang\/\"},{\"@type\":\"ListItem\",\"position\":3,\"name\":\"Nh\u1eabn M\u00e0u V\u00e0ng\"}]},{\"@type\":\"WebSite\",\"@id\":\"https:\/\/demostore.ai\/vi\/#website\",\"url\":\"https:\/\/demostore.ai\/vi\/\",\"name\":\"Trendy Thread\",\"description\":\"C\u1eeda h\u00e0ng demo WriteText.ai\",\"publisher\":{\"@id\":\"https:\/\/demostore.ai\/vi\/#organization\"},\"potentialAction\":[{\"@type\":\"SearchAction\",\"target\":{\"@type\":\"EntryPoint\",\"urlTemplate\":\"https:\/\/demostore.ai\/vi\/?s={search_term_string}\"},\"query-input\":{\"@type\":\"PropertyValueSpecification\",\"valueRequired\":true,\"valueName\":\"search_term_string\"}}],\"inLanguage\":\"vi\"},{\"@type\":\"Organization\",\"@id\":\"https:\/\/demostore.ai\/vi\/#organization\",\"name\":\"WriteText.ai\",\"url\":\"https:\/\/demostore.ai\/vi\/\",\"logo\":{\"@type\":\"ImageObject\",\"inLanguage\":\"vi\",\"@id\":\"https:\/\/demostore.ai\/vi\/#\/schema\/logo\/image\/\",\"url\":\"https:\/\/demostore.ai\/wp-content\/uploads\/2025\/10\/writetext_logo.webp\",\"contentUrl\":\"https:\/\/demostore.ai\/wp-content\/uploads\/2025\/10\/writetext_logo.webp\",\"width\":200,\"height\":34,\"caption\":\"WriteText.ai\"},\"image\":{\"@id\":\"https:\/\/demostore.ai\/vi\/#\/schema\/logo\/image\/\"}}]}<\/script>\n<!-- \/ Yoast SEO plugin. -->","yoast_head_json":{"title":"Top-Rated Nh\u1eabn M\u00e0u V\u00e0ng \u0110\u00ednh Ng\u1ecdc Trai Thanh L\u1ecbch C\u1ed5 \u0110i\u1ec3n","description":"D\u1ea5u \u1ea5n c\u1ed5 \u0111i\u1ec3n v\u1edbi nh\u1eabn m\u00e0u v\u00e0ng \u0111\u00ednh ng\u1ecdc trai, thi\u1ebft k\u1ebf m\u1ea3nh mai g\u1eafn vi\u00ean ng\u1ecdc t\u00f4n n\u00e9t thanh l\u1ecbch v\u00e0 sang tr\u1ecdng; ph\u00f9 h\u1ee3p \u0111eo ho\u1eb7c l\u00e0m qu\u00e0 t\u1eb7ng.","robots":{"index":"index","follow":"follow","max-snippet":"max-snippet:-1","max-image-preview":"max-image-preview:large","max-video-preview":"max-video-preview:-1"},"canonical":"https:\/\/demostore.ai\/vi\/san-pham\/nhan-mau-vang\/","og_type":"article","og_title":"Top-Rated Nh\u1eabn M\u00e0u V\u00e0ng \u0110\u00ednh Ng\u1ecdc Trai Thanh L\u1ecbch C\u1ed5 \u0110i\u1ec3n","og_description":"G\u1ee3i nh\u1eafc n\u00e9t c\u1ed5 \u0111i\u1ec3n qua nh\u1eabn m\u00e0u v\u00e0ng \u0111\u00ednh ng\u1ecdc trai. Thi\u1ebft k\u1ebf thanh m\u1ea3nh, l\u1ea5p l\u00e1nh nh\u1eb9 nh\u00e0ng, v\u1eeba l\u00e0 \u0111i\u1ec3m nh\u1ea5n trang ph\u1ee5c v\u1eeba th\u00edch h\u1ee3p t\u1eb7ng ng\u01b0\u1eddi th\u01b0\u01a1ng, b\u1ea1n b\u00e8.","og_url":"https:\/\/demostore.ai\/vi\/san-pham\/nhan-mau-vang\/","og_site_name":"Trendy Thread","article_modified_time":"2026-02-18T02:26:43+00:00","og_image":[{"width":1000,"height":320,"url":"https:\/\/demostore.ai\/wp-content\/uploads\/2025\/07\/1-Double-Pearl-Two-Tone-Gold-Ring-2.png","type":"image\/png"}],"twitter_card":"summary_large_image","twitter_title":"Top-Rated Nh\u1eabn M\u00e0u V\u00e0ng \u0110\u00ednh Ng\u1ecdc Trai Thanh L\u1ecbch C\u1ed5 \u0110i\u1ec3n","twitter_description":"G\u1ee3i nh\u1eafc n\u00e9t c\u1ed5 \u0111i\u1ec3n qua nh\u1eabn m\u00e0u v\u00e0ng \u0111\u00ednh ng\u1ecdc trai. Thi\u1ebft k\u1ebf thanh m\u1ea3nh, l\u1ea5p l\u00e1nh nh\u1eb9 nh\u00e0ng, v\u1eeba l\u00e0 \u0111i\u1ec3m nh\u1ea5n trang ph\u1ee5c v\u1eeba th\u00edch h\u1ee3p t\u1eb7ng ng\u01b0\u1eddi th\u01b0\u01a1ng, b\u1ea1n b\u00e8.","twitter_misc":{"\u01af\u1edbc t\u00ednh th\u1eddi gian \u0111\u1ecdc":"1 ph\u00fat"},"schema":{"@context":"https:\/\/schema.org","@graph":[{"@type":"WebPage","@id":"https:\/\/demostore.ai\/vi\/san-pham\/nhan-mau-vang\/","url":"https:\/\/demostore.ai\/vi\/san-pham\/nhan-mau-vang\/","name":"Top-Rated Nh\u1eabn M\u00e0u V\u00e0ng \u0110\u00ednh Ng\u1ecdc Trai Thanh L\u1ecbch C\u1ed5 \u0110i\u1ec3n","isPartOf":{"@id":"https:\/\/demostore.ai\/vi\/#website"},"primaryImageOfPage":{"@id":"https:\/\/demostore.ai\/vi\/san-pham\/nhan-mau-vang\/#primaryimage"},"image":{"@id":"https:\/\/demostore.ai\/vi\/san-pham\/nhan-mau-vang\/#primaryimage"},"thumbnailUrl":"https:\/\/demostore.ai\/wp-content\/uploads\/2025\/07\/1-Double-Pearl-Two-Tone-Gold-Ring-2.png","datePublished":"2025-07-27T22:53:35+00:00","dateModified":"2026-02-18T02:26:43+00:00","description":"D\u1ea5u \u1ea5n c\u1ed5 \u0111i\u1ec3n v\u1edbi nh\u1eabn m\u00e0u v\u00e0ng \u0111\u00ednh ng\u1ecdc trai, thi\u1ebft k\u1ebf m\u1ea3nh mai g\u1eafn vi\u00ean ng\u1ecdc t\u00f4n n\u00e9t thanh l\u1ecbch v\u00e0 sang tr\u1ecdng; ph\u00f9 h\u1ee3p \u0111eo ho\u1eb7c l\u00e0m qu\u00e0 t\u1eb7ng.","breadcrumb":{"@id":"https:\/\/demostore.ai\/vi\/san-pham\/nhan-mau-vang\/#breadcrumb"},"inLanguage":"vi","potentialAction":[{"@type":"ReadAction","target":["https:\/\/demostore.ai\/vi\/san-pham\/nhan-mau-vang\/"]}]},{"@type":"ImageObject","inLanguage":"vi","@id":"https:\/\/demostore.ai\/vi\/san-pham\/nhan-mau-vang\/#primaryimage","url":"https:\/\/demostore.ai\/wp-content\/uploads\/2025\/07\/1-Double-Pearl-Two-Tone-Gold-Ring-2.png","contentUrl":"https:\/\/demostore.ai\/wp-content\/uploads\/2025\/07\/1-Double-Pearl-Two-Tone-Gold-Ring-2.png","width":1000,"height":320,"caption":"Nh\u1eabn m\u00e0u v\u00e0ng \u0111\u00ednh ng\u1ecdc trai tr\u1eafng, thi\u1ebft k\u1ebf sang tr\u1ecdng, ph\u00f9 h\u1ee3p l\u00e0m qu\u00e0 t\u1eb7ng ho\u1eb7c trang s\u1ee9c."},{"@type":"BreadcrumbList","@id":"https:\/\/demostore.ai\/vi\/san-pham\/nhan-mau-vang\/#breadcrumb","itemListElement":[{"@type":"ListItem","position":1,"name":"Trang ch\u1ee7","item":"https:\/\/demostore.ai\/vi\/"},{"@type":"ListItem","position":2,"name":"C\u1eeda h\u00e0ng","item":"https:\/\/demostore.ai\/vi\/cua-hang\/"},{"@type":"ListItem","position":3,"name":"Nh\u1eabn M\u00e0u V\u00e0ng"}]},{"@type":"WebSite","@id":"https:\/\/demostore.ai\/vi\/#website","url":"https:\/\/demostore.ai\/vi\/","name":"Trendy Thread","description":"C\u1eeda h\u00e0ng demo WriteText.ai","publisher":{"@id":"https:\/\/demostore.ai\/vi\/#organization"},"potentialAction":[{"@type":"SearchAction","target":{"@type":"EntryPoint","urlTemplate":"https:\/\/demostore.ai\/vi\/?s={search_term_string}"},"query-input":{"@type":"PropertyValueSpecification","valueRequired":true,"valueName":"search_term_string"}}],"inLanguage":"vi"},{"@type":"Organization","@id":"https:\/\/demostore.ai\/vi\/#organization","name":"WriteText.ai","url":"https:\/\/demostore.ai\/vi\/","logo":{"@type":"ImageObject","inLanguage":"vi","@id":"https:\/\/demostore.ai\/vi\/#\/schema\/logo\/image\/","url":"https:\/\/demostore.ai\/wp-content\/uploads\/2025\/10\/writetext_logo.webp","contentUrl":"https:\/\/demostore.ai\/wp-content\/uploads\/2025\/10\/writetext_logo.webp","width":200,"height":34,"caption":"WriteText.ai"},"image":{"@id":"https:\/\/demostore.ai\/vi\/#\/schema\/logo\/image\/"}}]}},"_links":{"self":[{"href":"https:\/\/demostore.ai\/vi\/wp-json\/wp\/v2\/product\/37496","targetHints":{"allow":["GET"]}}],"collection":[{"href":"https:\/\/demostore.ai\/vi\/wp-json\/wp\/v2\/product"}],"about":[{"href":"https:\/\/demostore.ai\/vi\/wp-json\/wp\/v2\/types\/product"}],"replies":[{"embeddable":true,"href":"https:\/\/demostore.ai\/vi\/wp-json\/wp\/v2\/comments?post=37496"}],"wp:featuredmedia":[{"embeddable":true,"href":"https:\/\/demostore.ai\/vi\/wp-json\/wp\/v2\/media\/31652"}],"wp:attachment":[{"href":"https:\/\/demostore.ai\/vi\/wp-json\/wp\/v2\/media?parent=37496"}],"wp:term":[{"taxonomy":"product_brand","embeddable":true,"href":"https:\/\/demostore.ai\/vi\/wp-json\/wp\/v2\/product_brand?post=37496"},{"taxonomy":"product_cat","embeddable":true,"href":"https:\/\/demostore.ai\/vi\/wp-json\/wp\/v2\/product_cat?post=37496"},{"taxonomy":"product_tag","embeddable":true,"href":"https:\/\/demostore.ai\/vi\/wp-json\/wp\/v2\/product_tag?post=37496"}],"curies":[{"name":"wp","href":"https:\/\/api.w.org\/{rel}","templated":true}]}}