{"id":37219,"date":"2025-06-16T08:13:22","date_gmt":"2025-06-16T00:13:22","guid":{"rendered":"https:\/\/demostore.ai\/?post_type=product&#038;p=37219"},"modified":"2026-02-18T10:46:00","modified_gmt":"2026-02-18T02:46:00","slug":"game-of-the-generals","status":"publish","type":"product","link":"https:\/\/demostore.ai\/vi\/san-pham\/game-of-the-generals\/","title":{"rendered":"Game of the Generals"},"content":{"rendered":"<section data-wtai-block-id=\"wtai_product_description_features\" class=\"wtai-section wtai-features-section\">\n<h2>\u0110i\u1ec3m n\u1ed5i b\u1eadt c\u1ee7a Game of the Generals<\/h2>\n<ul>\n<li><strong>Ph\u00e1t tri\u1ec3n chi\u1ebfn l\u01b0\u1ee3c t\u1ed1i \u01b0u<\/strong>: Game of the Generals \u0111\u00f2i h\u1ecfi t\u01b0 duy b\u00e0i b\u1ea3n, quan s\u00e1t nh\u1ea1y b\u00e9n c\u00f9ng kh\u1ea3 n\u0103ng \u0111\u1ecdc v\u1ecb \u0111\u1ed1i ph\u01b0\u01a1ng.<\/li>\n<li><strong>H\u1ec7 th\u1ed1ng qu\u00e2n c\u1edd ph\u00e2n c\u1ea5p c\u1ea5p b\u1eadc<\/strong>: S\u1edf h\u1eefu b\u1ed9 qu\u00e2n c\u00f3 ph\u00e2n b\u1eadc t\u1eeb t\u01b0\u1edbng, s\u0129 quan cho \u0111\u1ebfn l\u00ednh trinh s\u00e1t v\u00e0 c\u1edd, t\u0103ng s\u1ef1 \u0111a d\u1ea1ng chi\u1ebfn thu\u1eadt.<\/li>\n<li><strong>Thi\u1ebft k\u1ebf ngh\u1ec7 thu\u1eadt hi\u1ec7n \u0111\u1ea1i<\/strong>: Bao b\u00ec \u1ea5n t\u01b0\u1ee3ng v\u1edbi t\u00f4ng m\u00e0u \u0111en-tr\u1eafng c\u1ed5 \u0111i\u1ec3n, \u0111i\u1ec3m nh\u1ea5n t\u00ean s\u1ea3n ph\u1ea9m l\u1edbn n\u1ed5i b\u1eadt, mang phong c\u00e1ch v\u1eeba l\u1ecbch l\u00e3m v\u1eeba \u0111\u1ed9c \u0111\u00e1o.<\/li>\n<li><strong>Tr\u1ea3i nghi\u1ec7m \u0111\u1ed1i kh\u00e1ng hai ng\u01b0\u1eddi<\/strong>: T\u1ed1i \u01b0u cho nh\u1eefng bu\u1ed5i giao l\u01b0u, thi \u0111\u1ea5u tr\u1ef1c ti\u1ebfp, ph\u00f9 h\u1ee3p c\u1ea3 m\u00f4i tr\u01b0\u1eddng doanh nghi\u1ec7p ho\u1eb7c gi\u1ea3i tr\u00ed gia \u0111\u00ecnh.<\/li>\n<li><strong>Lu\u1eadt ch\u01a1i h\u1ea5p d\u1eabn, b\u00ed m\u1eadt v\u00e0 c\u00f4ng b\u1eb1ng<\/strong>: Tr\u1ecdng t\u00e0i trung l\u1eadp gi\u1eef b\u00ed m\u1eadt th\u1ee9 b\u1eadc qu\u00e2n c\u1edd v\u00e0 ph\u00e2n x\u1eed, t\u1ea1o y\u1ebfu t\u1ed1 &#8216;chi\u1ebfn tranh m\u00f9 s\u01b0\u01a1ng&#8217; ch\u00e2n th\u1ef1c.<\/li>\n<\/ul>\n<\/section>\n<div data-wtai-block-id=\"wtai_product_description_image_1\" class=\"wtai-section wtai-image_1-section\">\n<figure class=\"wtai-image-p wtai-align-center\" style=\"text-align:center\"><img decoding=\"async\" src=\"https:\/\/demostore.ai\/wp-content\/uploads\/2025\/06\/Board-game-2-600x297.png\" alt=\"B\u1ea3ng h\u01b0\u1edbng d\u1eabn ch\u01a1i Game of the Generals, tr\u00f2 2 nguoi game chi\u1ebfn thu\u1eadt tr\u00ean trang s\u1ea3n ph\u1ea9m.\" srcset=\"https:\/\/demostore.ai\/wp-content\/uploads\/2025\/06\/Board-game-2.png 1000w, https:\/\/demostore.ai\/wp-content\/uploads\/2025\/06\/Board-game-2-300x149.png 300w, https:\/\/demostore.ai\/wp-content\/uploads\/2025\/06\/Board-game-2-768x380.png 768w, https:\/\/demostore.ai\/wp-content\/uploads\/2025\/06\/Board-game-2-600x297.png 600w\"><figcaption>\n<p>M\u1eb7t sau h\u1ed9p th\u1ec3 hi\u1ec7n r\u00f5 lu\u1eadt ch\u01a1i, b\u1ea3ng k\u00fd hi\u1ec7u qu\u00e2n c\u1edd c\u00f9ng s\u01a1 \u0111\u1ed3 b\u00e0n c\u1edd \u0111\u1eb9p m\u1eaft.<\/p>\n<\/figcaption><\/figure>\n<\/p><\/div>\n<section data-wtai-block-id=\"wtai_product_description_technical_specifications\" class=\"wtai-section wtai-technical_specifications-section\">\n<h3>Th\u00f4ng s\u1ed1 chi ti\u1ebft<\/h3>\n<ul>\n<li><strong>S\u1ed1 ng\u01b0\u1eddi ch\u01a1i<\/strong>: 2 ng\u01b0\u1eddi (v\u00e0 1 tr\u1ecdng t\u00e0i trung l\u1eadp)<\/li>\n<li><strong>Th\u1eddi gian ch\u01a1i<\/strong>: 20-40 ph\u00fat m\u1ed7i v\u00e1n<\/li>\n<li><strong>\u0110\u1ed9 tu\u1ed5i ph\u00f9 h\u1ee3p<\/strong>: T\u1eeb 10 tu\u1ed5i tr\u1edf l\u00ean<\/li>\n<li><strong>K\u00edch th\u01b0\u1edbc h\u1ed9p<\/strong>: 33,00 cm \u00d7 16,00 cm \u00d7 4,00 cm<\/li>\n<li><strong>Ch\u1ea5t li\u1ec7u qu\u00e2n c\u1edd v\u00e0 b\u1ea3ng ch\u01a1i<\/strong>: Nh\u1ef1a c\u1ee9ng, gi\u1ea5y carton; in m\u00e0u s\u1eafc n\u00e9t<\/li>\n<li><strong>Ng\u00f4n ng\u1eef lu\u1eadt ch\u01a1i<\/strong>: Ti\u1ebfng Anh (c\u00f3 th\u1ec3 b\u1ed5 sung b\u1ea3n d\u1ecbch ti\u1ebfng Vi\u1ec7t)<\/li>\n<li><strong>B\u1ed1 c\u1ee5c qu\u00e2n c\u1edd<\/strong>: 21 qu\u00e2n\/\u0111\u1ed9i; nhi\u1ec1u c\u1ea5p b\u1eadc kh\u00e1c nhau<\/li>\n<li><strong>Tr\u1ecdng l\u01b0\u1ee3ng h\u1ed9p<\/strong>: 610 g<\/li>\n<\/ul>\n<\/section>\n<section data-wtai-block-id=\"wtai_product_description_custom_1\" class=\"wtai-section wtai-custom_1-section\">\n<h2>Nh\u1eefng \u0111\u1ed1i t\u01b0\u1ee3ng v\u00e0 d\u1ecbp ph\u00f9 h\u1ee3p v\u1edbi Game of the Generals<\/h2>\n<ul>\n<li><strong>Doanh nh\u00e2n b\u1eadn r\u1ed9n<\/strong> M\u1ed9t tr\u00f2 ch\u01a1i l\u00fd t\u01b0\u1edfng \u0111\u1ec3 r\u00e8n luy\u1ec7n t\u01b0 duy chi\u1ebfn l\u01b0\u1ee3c nhanh.<\/li>\n<li><strong>Nh\u00f3m b\u1ea1n \u0111\u1ed3ng nghi\u1ec7p<\/strong> Ph\u00f9 h\u1ee3p cho gi\u1edd gi\u1ea3i lao, k\u00edch th\u00edch s\u00e1ng t\u1ea1o v\u00e0 g\u1eafn k\u1ebft \u0111\u1ed9i nh\u00f3m.<\/li>\n<li><strong>C\u1ed9ng \u0111\u1ed3ng y\u00eau th\u00edch tr\u00ed tu\u1ec7<\/strong> H\u1ea5p d\u1eabn cho c\u00e1c h\u1ed9i nh\u00f3m y\u00eau th\u00edch chinh ph\u1ee5c th\u1eed th\u00e1ch logic.<\/li>\n<\/ul>\n<\/section>\n<section data-wtai-block-id=\"wtai_product_description_custom_2\" class=\"wtai-section wtai-custom_2-section\">\n<h2>V\u1ec1 t\u00e1c gi\u1ea3 \u2013 Sofronio \u201cRonnie\u201d H. Pasola Jr.<\/h2>\n<p>Sofronio \u201cRonnie\u201d H. Pasola Jr. l\u00e0 nh\u00e0 s\u00e1ng ch\u1ebf v\u00e0 gi\u00e1o d\u1ee5c ng\u01b0\u1eddi Philippines, n\u1ed5i ti\u1ebfng v\u1edbi tr\u00f2 ch\u01a1i chi\u1ebfn thu\u1eadt Game of the Generals ra \u0111\u1eddi cu\u1ed1i nh\u1eefng n\u0103m 1960.<\/p>\n<p>\u00d4ng t\u1ea1o n\u00ean Game of the Generals trong l\u00fac t\u00ecm ki\u1ebfm tr\u00f2 ch\u01a1i m\u00f4 ph\u1ecfng v\u1ec1 chi\u1ebfn tranh hi\u1ec7n \u0111\u1ea1i, k\u1ebft h\u1ee3p tr\u00ed tu\u1ec7, s\u1ef1 che gi\u1ea5u c\u1ea5p b\u1eadc v\u00e0 y\u1ebfu t\u1ed1 b\u1ea5t ng\u1edd.<\/p>\n<p>L\u1ea5y c\u1ea3m h\u1ee9ng t\u1eeb phim \u0111i\u1ec7p vi\u00ean v\u00e0 nh\u1eefng tr\u00f2 ch\u01a1i \u1ea9n th\u00f4ng tin, Pasola \u0111\u00e3 th\u00eam tr\u1ecdng t\u00e0i trung l\u1eadp gi\u00fap gia t\u0103ng y\u1ebfu t\u1ed1 t\u00e2m l\u00fd v\u00e0 chi\u1ebfn l\u01b0\u1ee3c logic.<\/p>\n<p>Game of the Generals nhanh ch\u00f3ng tr\u1edf th\u00e0nh bi\u1ec3u t\u01b0\u1ee3ng v\u0103n ho\u00e1, \u0111\u01b0\u1ee3c y\u00eau th\u00edch nh\u1edd lu\u1eadt ch\u01a1i gi\u00fap r\u00e8n luy\u1ec7n t\u01b0 duy chi\u1ebfn l\u01b0\u1ee3c, tr\u00ed nh\u1edb v\u00e0 k\u1ef9 n\u0103ng x\u1eed l\u00fd t\u00ecnh hu\u1ed1ng.<\/p>\n<p>S\u1ea3n ph\u1ea9m n\u1ed5i b\u1eadt b\u1edfi th\u1eddi gian ch\u01a1i nhanh, ph\u00f9 h\u1ee3p cho c\u1ea3 gi\u1ea3i tr\u00ed c\u00e1 nh\u00e2n l\u1eabn c\u00e1c bu\u1ed5i hu\u1ea5n luy\u1ec7n k\u1ef9 n\u0103ng l\u00e3nh \u0111\u1ea1o ho\u1eb7c \u0111\u00e0o t\u1ea1o nh\u00f3m doanh nghi\u1ec7p.<\/p>\n<p>Nh\u1edd \u0111\u1ed5i m\u1edbi s\u00e1ng t\u1ea1o v\u00e0 t\u00ednh truy\u1ec1n c\u1ea3m h\u1ee9ng, Pasola mang \u0111\u1ebfn tr\u1ea3i nghi\u1ec7m cu\u1ed1n h\u00fat cho ng\u01b0\u1eddi y\u00eau th\u00edch c\u00e1c th\u1eed th\u00e1ch tr\u00ed tu\u1ec7 v\u00e0 m\u00f4i tr\u01b0\u1eddng c\u1ea1nh tranh chuy\u00ean nghi\u1ec7p.<\/p>\n<\/section>\n<section data-wtai-block-id=\"wtai_product_description_faqs\" class=\"wtai-section wtai-faqs-section\">\n<h2>C\u00e2u h\u1ecfi th\u01b0\u1eddng g\u1eb7p<\/h2>\n<p><strong>Game of the Generals ph\u00f9 h\u1ee3p v\u1edbi ai?<\/strong><\/p>\n<p>S\u1ea3n ph\u1ea9m th\u00edch h\u1ee3p cho nh\u00f3m b\u1ea1n, gia \u0111\u00ecnh ho\u1eb7c doanh nghi\u1ec7p mu\u1ed1n r\u00e8n luy\u1ec7n k\u1ef9 n\u0103ng chi\u1ebfn l\u01b0\u1ee3c, t\u01b0 duy linh ho\u1ea1t v\u00e0 c\u1ea1nh tranh l\u00e0nh m\u1ea1nh.<\/p>\n<p><strong>C\u00f3 c\u1ea7n tr\u1ecdng t\u00e0i khi ch\u01a1i kh\u00f4ng?<\/strong><\/p>\n<p>N\u00ean c\u00f3 m\u1ed9t tr\u1ecdng t\u00e0i \u0111\u1ed9c l\u1eadp \u0111\u1ec3 \u0111i\u1ec1u h\u00e0nh v\u00e0 gi\u1eef b\u00ed m\u1eadt c\u1ea5p b\u1eadc c\u00e1c qu\u00e2n c\u1edd, \u0111\u1ea3m b\u1ea3o tr\u1ea3i nghi\u1ec7m ch\u00e2n th\u1ef1c v\u00e0 c\u00f4ng b\u1eb1ng.<\/p>\n<p><strong>C\u00e1c v\u1eadt li\u1ec7u c\u1ee7a tr\u00f2 ch\u01a1i c\u00f3 b\u1ec1n kh\u00f4ng?<\/strong><\/p>\n<p>B\u1ea3ng ch\u01a1i v\u00e0 qu\u00e2n \u0111\u01b0\u1ee3c l\u00e0m t\u1eeb nh\u1ef1a v\u00e0 gi\u1ea5y carton ch\u1eafc ch\u1eafn, \u0111\u1ea3m b\u1ea3o \u0111\u1ed9 b\u1ec1n s\u1eed d\u1ee5ng l\u00e2u d\u00e0i n\u1ebfu b\u1ea3o qu\u1ea3n \u0111\u00fang c\u00e1ch.<\/p>\n<p><strong>Game of the Generals kh\u00e1c g\u00ec so v\u1edbi c\u1edd vua hay c\u1edd t\u01b0\u1edbng?<\/strong><\/p>\n<p>Kh\u00e1c bi\u1ec7t l\u1edbn nh\u1ea5t l\u00e0 y\u1ebfu t\u1ed1 \u1ea9n c\u1ea5p b\u1eadc qu\u00e2n c\u1edd, &#8216;chi\u1ebfn tranh m\u00f9 s\u01b0\u01a1ng&#8217;, t\u1ea1o tr\u1ea3i nghi\u1ec7m k\u1ecbch t\u00ednh v\u00e0 b\u1ea5t ng\u1edd h\u01a1n, ch\u00fa tr\u1ecdng v\u00e0o ph\u00e1n \u0111o\u00e1n t\u00e2m l\u00fd \u0111\u1ed1i th\u1ee7.<\/p>\n<\/section>\n<section data-wtai-block-id=\"wtai_product_description_conclusion\" class=\"wtai-section wtai-conclusion-section\">\n<h3>S\u1eb5n s\u00e0ng b\u1ee9t ph\u00e1 t\u01b0 duy chi\u1ebfn l\u01b0\u1ee3c?<\/h3>\n<p><strong>Game of the Generals kh\u00f4ng ch\u1ec9 l\u00e0 m\u1ed9t tr\u00f2 ch\u01a1i, m\u00e0 l\u00e0 s\u00e2n ch\u01a1i chi\u1ebfn l\u01b0\u1ee3c gi\u00fap n\u00e2ng cao k\u1ef9 n\u0103ng t\u01b0 duy, ph\u00e2n t\u00edch v\u00e0 l\u00e0m ch\u1ee7 tr\u1eadn \u0111\u1ecba.<\/strong> <strong>H\u00e3y bi\u1ebfn m\u1ecdi cu\u1ed9c g\u1eb7p g\u1ee1 th\u00e0nh nh\u1eefng tr\u1eadn \u0111\u1ea5u tr\u00ed th\u00fa v\u1ecb, b\u1ea5t ng\u1edd v\u1edbi thi\u1ebft k\u1ebf hi\u1ec7n \u0111\u1ea1i, ch\u1ea5t l\u01b0\u1ee3ng ho\u00e0n thi\u1ec7n t\u1ec9 m\u1ec9.<\/strong> <strong>Kh\u00e1m ph\u00e1 ngay \u0111\u1ec3 tr\u1ea3i nghi\u1ec7m c\u1ea3m gi\u00e1c &#8216;\u00f4ng ch\u1ee7&#8217; b\u00e0n c\u1edd th\u1eddi \u0111\u1ea1i m\u1edbi. \u0110\u1eebng b\u1ecf l\u1ee1 c\u01a1 h\u1ed9i l\u00e0m m\u1edbi ph\u00f2ng game c\u00f4ng ty ho\u1eb7c kh\u00f4ng gian gia \u0111\u00ecnh m\u00ecnh h\u00f4m nay.<\/strong><\/p>\n<\/section>\n","protected":false},"excerpt":{"rendered":"<div data-wtai-block-id=\"wtai_excerpt_subtitle\" class=\"wtai-section wtai-subtitle-section\">\n<p><em><strong>C\u0103ng \u00f3c \u0111\u1ea5u tr\u00ed, chinh ph\u1ee5c chi\u1ebfn thu\u1eadt th\u1eddi hi\u1ec7n \u0111\u1ea1i c\u00f9ng Game of the Generals.<\/strong><\/em><\/p>\n<\/p><\/div>\n<div data-wtai-block-id=\"wtai_excerpt_introduction\" class=\"wtai-section wtai-introduction-section\">\n<p>Chuy\u1ec7n g\u00ec s\u1ebd x\u1ea3y ra khi chi\u1ebfn tr\u01b0\u1eddng v\u00e0 tr\u00ed tu\u1ec7 c\u00f9ng h\u1ed9i t\u1ee5 tr\u00ean m\u1ed9t b\u00e0n c\u1edd? Game of the Generals l\u00e0 tr\u00f2 ch\u01a1i \u0111\u1ed1i kh\u00e1ng h\u1ea5p d\u1eabn, n\u01a1i b\u1ea1n kh\u00f4ng ch\u1ec9 c\u1ea7n chi\u1ebfn thu\u1eadt nh\u1ea1y b\u00e9n m\u00e0 c\u00f2n ph\u1ea3i \u0111\u1ecdc v\u1ecb \u0111\u1ed1i ph\u01b0\u01a1ng nh\u01b0 m\u1ed9t doanh nh\u00e2n k\u1ef3 c\u1ef1u. M\u1ed7i n\u01b0\u1edbc \u0111i \u0111\u1ec1u c\u00f3 th\u1ec3 l\u1eadt ng\u01b0\u1ee3c cu\u1ed9c ch\u01a1i, t\u1ea1o n\u00ean cu\u1ed9c \u0111\u1ea5u tr\u00ed gay c\u1ea5n v\u00e0 \u0111\u1ea7y b\u1ea5t ng\u1edd. S\u1ea3n ph\u1ea9m th\u00edch h\u1ee3p cho ng\u01b0\u1eddi y\u00eau th\u00edch chi\u1ebfn l\u01b0\u1ee3c, c\u00e1c nh\u00e0 qu\u1ea3n l\u00fd, ho\u1eb7c \u0111\u01a1n gi\u1ea3n l\u00e0 nh\u00f3m b\u1ea1n mu\u1ed1n gi\u1ea3i tr\u00ed theo phong c\u00e1ch th\u1eadt kh\u00e1c bi\u1ec7t.<\/p>\n<\/p><\/div>\n","protected":false},"featured_media":17772,"comment_status":"open","ping_status":"closed","template":"","meta":[],"product_brand":[],"product_cat":[196],"product_tag":[],"class_list":{"0":"post-37219","1":"product","2":"type-product","3":"status-publish","4":"has-post-thumbnail","6":"product_cat-sach-truyen-thong","8":"first","9":"instock","10":"shipping-taxable","11":"purchasable","12":"product-type-simple"},"bundled_by":[],"bundle_stock_status":"instock","bundle_stock_quantity":null,"bundle_virtual":false,"bundle_layout":"","bundle_add_to_cart_form_location":"","bundle_editable_in_cart":false,"bundle_sold_individually_context":"","bundle_item_grouping":"","bundle_min_size":"","bundle_max_size":"","bundle_price":[],"bundled_items":[],"bundle_sell_ids":[],"yoast_head":"<!-- This site is optimized with the Yoast SEO plugin v25.2 - https:\/\/yoast.com\/wordpress\/plugins\/seo\/ -->\n<title>Buy Game Of The Generals S\u1edf H\u1eefu B\u00e0n C\u1edd Chi\u1ebfn L\u01b0\u1ee3c \u0110\u1ec9nh Cao<\/title>\n<meta name=\"description\" content=\"Thu h\u00fat v\u1edbi b\u00e0n c\u1edd \u0111\u1ed1i kh\u00e1ng chi\u1ebfn l\u01b0\u1ee3c Game of the Generals. R\u00e8n luy\u1ec7n t\u01b0 duy, ph\u1ed1i h\u1ee3p v\u00e0 t\u1ea1o kh\u00f4ng kh\u00ed thi \u0111\u1ea5u k\u1ecbch t\u00ednh cho m\u1ecdi cu\u1ed9c g\u1eb7p g\u1ee1.\" \/>\n<meta name=\"robots\" content=\"index, follow, max-snippet:-1, max-image-preview:large, max-video-preview:-1\" \/>\n<link rel=\"canonical\" href=\"https:\/\/demostore.ai\/vi\/san-pham\/game-of-the-generals\/\" \/>\n<meta property=\"og:type\" content=\"article\" \/>\n<meta property=\"og:title\" content=\"Buy Game Of The Generals S\u1edf H\u1eefu B\u00e0n C\u1edd Chi\u1ebfn L\u01b0\u1ee3c \u0110\u1ec9nh Cao\" \/>\n<meta property=\"og:description\" content=\"Kh\u00e1m ph\u00e1 Game of the Generals \u2013 tr\u00f2 ch\u01a1i \u0111\u1ed1i kh\u00e1ng chi\u1ebfn l\u01b0\u1ee3c v\u1edbi b\u1ed9 qu\u00e2n ph\u00e2n c\u1ea5p \u0111a d\u1ea1ng, thi\u1ebft k\u1ebf hi\u1ec7n \u0111\u1ea1i v\u00e0 lu\u1eadt ch\u01a1i \u0111\u1ed9c \u0111\u00e1o. Ph\u00f9 h\u1ee3p cho doanh nghi\u1ec7p, gia \u0111\u00ecnh v\u00e0 m\u1ecdi l\u1ee9a tu\u1ed5i y\u00eau th\u00edch t\u01b0 duy ph\u00e2n t\u00edch.\" \/>\n<meta property=\"og:url\" content=\"https:\/\/demostore.ai\/vi\/san-pham\/game-of-the-generals\/\" \/>\n<meta property=\"og:site_name\" content=\"Trendy Thread\" \/>\n<meta property=\"article:modified_time\" content=\"2026-02-18T02:46:00+00:00\" \/>\n<meta property=\"og:image\" content=\"https:\/\/demostore.ai\/wp-content\/uploads\/2025\/06\/Board-game-1.png\" \/>\n\t<meta property=\"og:image:width\" content=\"1000\" \/>\n\t<meta property=\"og:image:height\" content=\"495\" \/>\n\t<meta property=\"og:image:type\" content=\"image\/png\" \/>\n<meta name=\"twitter:card\" content=\"summary_large_image\" \/>\n<meta name=\"twitter:title\" content=\"Buy Game Of The Generals S\u1edf H\u1eefu B\u00e0n C\u1edd Chi\u1ebfn L\u01b0\u1ee3c \u0110\u1ec9nh Cao\" \/>\n<meta name=\"twitter:description\" content=\"Kh\u00e1m ph\u00e1 Game of the Generals \u2013 tr\u00f2 ch\u01a1i \u0111\u1ed1i kh\u00e1ng chi\u1ebfn l\u01b0\u1ee3c v\u1edbi b\u1ed9 qu\u00e2n ph\u00e2n c\u1ea5p \u0111a d\u1ea1ng, thi\u1ebft k\u1ebf hi\u1ec7n \u0111\u1ea1i v\u00e0 lu\u1eadt ch\u01a1i \u0111\u1ed9c \u0111\u00e1o. Ph\u00f9 h\u1ee3p cho doanh nghi\u1ec7p, gia \u0111\u00ecnh v\u00e0 m\u1ecdi l\u1ee9a tu\u1ed5i y\u00eau th\u00edch t\u01b0 duy ph\u00e2n t\u00edch.\" \/>\n<meta name=\"twitter:label1\" content=\"\u01af\u1edbc t\u00ednh th\u1eddi gian \u0111\u1ecdc\" \/>\n\t<meta name=\"twitter:data1\" content=\"1 ph\u00fat\" \/>\n<script type=\"application\/ld+json\" class=\"yoast-schema-graph\">{\"@context\":\"https:\/\/schema.org\",\"@graph\":[{\"@type\":\"WebPage\",\"@id\":\"https:\/\/demostore.ai\/vi\/san-pham\/game-of-the-generals\/\",\"url\":\"https:\/\/demostore.ai\/vi\/san-pham\/game-of-the-generals\/\",\"name\":\"Buy Game Of The Generals S\u1edf H\u1eefu B\u00e0n C\u1edd Chi\u1ebfn L\u01b0\u1ee3c \u0110\u1ec9nh Cao\",\"isPartOf\":{\"@id\":\"https:\/\/demostore.ai\/vi\/#website\"},\"primaryImageOfPage\":{\"@id\":\"https:\/\/demostore.ai\/vi\/san-pham\/game-of-the-generals\/#primaryimage\"},\"image\":{\"@id\":\"https:\/\/demostore.ai\/vi\/san-pham\/game-of-the-generals\/#primaryimage\"},\"thumbnailUrl\":\"https:\/\/demostore.ai\/wp-content\/uploads\/2025\/06\/Board-game-1.png\",\"datePublished\":\"2025-06-16T00:13:22+00:00\",\"dateModified\":\"2026-02-18T02:46:00+00:00\",\"description\":\"Thu h\u00fat v\u1edbi b\u00e0n c\u1edd \u0111\u1ed1i kh\u00e1ng chi\u1ebfn l\u01b0\u1ee3c Game of the Generals. R\u00e8n luy\u1ec7n t\u01b0 duy, ph\u1ed1i h\u1ee3p v\u00e0 t\u1ea1o kh\u00f4ng kh\u00ed thi \u0111\u1ea5u k\u1ecbch t\u00ednh cho m\u1ecdi cu\u1ed9c g\u1eb7p g\u1ee1.\",\"breadcrumb\":{\"@id\":\"https:\/\/demostore.ai\/vi\/san-pham\/game-of-the-generals\/#breadcrumb\"},\"inLanguage\":\"vi\",\"potentialAction\":[{\"@type\":\"ReadAction\",\"target\":[\"https:\/\/demostore.ai\/vi\/san-pham\/game-of-the-generals\/\"]}]},{\"@type\":\"ImageObject\",\"inLanguage\":\"vi\",\"@id\":\"https:\/\/demostore.ai\/vi\/san-pham\/game-of-the-generals\/#primaryimage\",\"url\":\"https:\/\/demostore.ai\/wp-content\/uploads\/2025\/06\/Board-game-1.png\",\"contentUrl\":\"https:\/\/demostore.ai\/wp-content\/uploads\/2025\/06\/Board-game-1.png\",\"width\":1000,\"height\":495,\"caption\":\"H\u1ed9p tr\u00f2 ch\u01a1i Game of the Generals, 2 ng\u01b0\u1eddi game chi\u1ebfn thu\u1eadt \u0111\u1ed1i kh\u00e1ng cho gia \u0111\u00ecnh v\u00e0 b\u1ea1n b\u00e8.\"},{\"@type\":\"BreadcrumbList\",\"@id\":\"https:\/\/demostore.ai\/vi\/san-pham\/game-of-the-generals\/#breadcrumb\",\"itemListElement\":[{\"@type\":\"ListItem\",\"position\":1,\"name\":\"Trang ch\u1ee7\",\"item\":\"https:\/\/demostore.ai\/vi\/\"},{\"@type\":\"ListItem\",\"position\":2,\"name\":\"C\u1eeda h\u00e0ng\",\"item\":\"https:\/\/demostore.ai\/vi\/cua-hang\/\"},{\"@type\":\"ListItem\",\"position\":3,\"name\":\"Game of the Generals\"}]},{\"@type\":\"WebSite\",\"@id\":\"https:\/\/demostore.ai\/vi\/#website\",\"url\":\"https:\/\/demostore.ai\/vi\/\",\"name\":\"Trendy Thread\",\"description\":\"C\u1eeda h\u00e0ng demo WriteText.ai\",\"publisher\":{\"@id\":\"https:\/\/demostore.ai\/vi\/#organization\"},\"potentialAction\":[{\"@type\":\"SearchAction\",\"target\":{\"@type\":\"EntryPoint\",\"urlTemplate\":\"https:\/\/demostore.ai\/vi\/?s={search_term_string}\"},\"query-input\":{\"@type\":\"PropertyValueSpecification\",\"valueRequired\":true,\"valueName\":\"search_term_string\"}}],\"inLanguage\":\"vi\"},{\"@type\":\"Organization\",\"@id\":\"https:\/\/demostore.ai\/vi\/#organization\",\"name\":\"WriteText.ai\",\"url\":\"https:\/\/demostore.ai\/vi\/\",\"logo\":{\"@type\":\"ImageObject\",\"inLanguage\":\"vi\",\"@id\":\"https:\/\/demostore.ai\/vi\/#\/schema\/logo\/image\/\",\"url\":\"https:\/\/demostore.ai\/wp-content\/uploads\/2025\/10\/writetext_logo.webp\",\"contentUrl\":\"https:\/\/demostore.ai\/wp-content\/uploads\/2025\/10\/writetext_logo.webp\",\"width\":200,\"height\":34,\"caption\":\"WriteText.ai\"},\"image\":{\"@id\":\"https:\/\/demostore.ai\/vi\/#\/schema\/logo\/image\/\"}}]}<\/script>\n<!-- \/ Yoast SEO plugin. -->","yoast_head_json":{"title":"Buy Game Of The Generals S\u1edf H\u1eefu B\u00e0n C\u1edd Chi\u1ebfn L\u01b0\u1ee3c \u0110\u1ec9nh Cao","description":"Thu h\u00fat v\u1edbi b\u00e0n c\u1edd \u0111\u1ed1i kh\u00e1ng chi\u1ebfn l\u01b0\u1ee3c Game of the Generals. R\u00e8n luy\u1ec7n t\u01b0 duy, ph\u1ed1i h\u1ee3p v\u00e0 t\u1ea1o kh\u00f4ng kh\u00ed thi \u0111\u1ea5u k\u1ecbch t\u00ednh cho m\u1ecdi cu\u1ed9c g\u1eb7p g\u1ee1.","robots":{"index":"index","follow":"follow","max-snippet":"max-snippet:-1","max-image-preview":"max-image-preview:large","max-video-preview":"max-video-preview:-1"},"canonical":"https:\/\/demostore.ai\/vi\/san-pham\/game-of-the-generals\/","og_type":"article","og_title":"Buy Game Of The Generals S\u1edf H\u1eefu B\u00e0n C\u1edd Chi\u1ebfn L\u01b0\u1ee3c \u0110\u1ec9nh Cao","og_description":"Kh\u00e1m ph\u00e1 Game of the Generals \u2013 tr\u00f2 ch\u01a1i \u0111\u1ed1i kh\u00e1ng chi\u1ebfn l\u01b0\u1ee3c v\u1edbi b\u1ed9 qu\u00e2n ph\u00e2n c\u1ea5p \u0111a d\u1ea1ng, thi\u1ebft k\u1ebf hi\u1ec7n \u0111\u1ea1i v\u00e0 lu\u1eadt ch\u01a1i \u0111\u1ed9c \u0111\u00e1o. Ph\u00f9 h\u1ee3p cho doanh nghi\u1ec7p, gia \u0111\u00ecnh v\u00e0 m\u1ecdi l\u1ee9a tu\u1ed5i y\u00eau th\u00edch t\u01b0 duy ph\u00e2n t\u00edch.","og_url":"https:\/\/demostore.ai\/vi\/san-pham\/game-of-the-generals\/","og_site_name":"Trendy Thread","article_modified_time":"2026-02-18T02:46:00+00:00","og_image":[{"width":1000,"height":495,"url":"https:\/\/demostore.ai\/wp-content\/uploads\/2025\/06\/Board-game-1.png","type":"image\/png"}],"twitter_card":"summary_large_image","twitter_title":"Buy Game Of The Generals S\u1edf H\u1eefu B\u00e0n C\u1edd Chi\u1ebfn L\u01b0\u1ee3c \u0110\u1ec9nh Cao","twitter_description":"Kh\u00e1m ph\u00e1 Game of the Generals \u2013 tr\u00f2 ch\u01a1i \u0111\u1ed1i kh\u00e1ng chi\u1ebfn l\u01b0\u1ee3c v\u1edbi b\u1ed9 qu\u00e2n ph\u00e2n c\u1ea5p \u0111a d\u1ea1ng, thi\u1ebft k\u1ebf hi\u1ec7n \u0111\u1ea1i v\u00e0 lu\u1eadt ch\u01a1i \u0111\u1ed9c \u0111\u00e1o. Ph\u00f9 h\u1ee3p cho doanh nghi\u1ec7p, gia \u0111\u00ecnh v\u00e0 m\u1ecdi l\u1ee9a tu\u1ed5i y\u00eau th\u00edch t\u01b0 duy ph\u00e2n t\u00edch.","twitter_misc":{"\u01af\u1edbc t\u00ednh th\u1eddi gian \u0111\u1ecdc":"1 ph\u00fat"},"schema":{"@context":"https:\/\/schema.org","@graph":[{"@type":"WebPage","@id":"https:\/\/demostore.ai\/vi\/san-pham\/game-of-the-generals\/","url":"https:\/\/demostore.ai\/vi\/san-pham\/game-of-the-generals\/","name":"Buy Game Of The Generals S\u1edf H\u1eefu B\u00e0n C\u1edd Chi\u1ebfn L\u01b0\u1ee3c \u0110\u1ec9nh Cao","isPartOf":{"@id":"https:\/\/demostore.ai\/vi\/#website"},"primaryImageOfPage":{"@id":"https:\/\/demostore.ai\/vi\/san-pham\/game-of-the-generals\/#primaryimage"},"image":{"@id":"https:\/\/demostore.ai\/vi\/san-pham\/game-of-the-generals\/#primaryimage"},"thumbnailUrl":"https:\/\/demostore.ai\/wp-content\/uploads\/2025\/06\/Board-game-1.png","datePublished":"2025-06-16T00:13:22+00:00","dateModified":"2026-02-18T02:46:00+00:00","description":"Thu h\u00fat v\u1edbi b\u00e0n c\u1edd \u0111\u1ed1i kh\u00e1ng chi\u1ebfn l\u01b0\u1ee3c Game of the Generals. R\u00e8n luy\u1ec7n t\u01b0 duy, ph\u1ed1i h\u1ee3p v\u00e0 t\u1ea1o kh\u00f4ng kh\u00ed thi \u0111\u1ea5u k\u1ecbch t\u00ednh cho m\u1ecdi cu\u1ed9c g\u1eb7p g\u1ee1.","breadcrumb":{"@id":"https:\/\/demostore.ai\/vi\/san-pham\/game-of-the-generals\/#breadcrumb"},"inLanguage":"vi","potentialAction":[{"@type":"ReadAction","target":["https:\/\/demostore.ai\/vi\/san-pham\/game-of-the-generals\/"]}]},{"@type":"ImageObject","inLanguage":"vi","@id":"https:\/\/demostore.ai\/vi\/san-pham\/game-of-the-generals\/#primaryimage","url":"https:\/\/demostore.ai\/wp-content\/uploads\/2025\/06\/Board-game-1.png","contentUrl":"https:\/\/demostore.ai\/wp-content\/uploads\/2025\/06\/Board-game-1.png","width":1000,"height":495,"caption":"H\u1ed9p tr\u00f2 ch\u01a1i Game of the Generals, 2 ng\u01b0\u1eddi game chi\u1ebfn thu\u1eadt \u0111\u1ed1i kh\u00e1ng cho gia \u0111\u00ecnh v\u00e0 b\u1ea1n b\u00e8."},{"@type":"BreadcrumbList","@id":"https:\/\/demostore.ai\/vi\/san-pham\/game-of-the-generals\/#breadcrumb","itemListElement":[{"@type":"ListItem","position":1,"name":"Trang ch\u1ee7","item":"https:\/\/demostore.ai\/vi\/"},{"@type":"ListItem","position":2,"name":"C\u1eeda h\u00e0ng","item":"https:\/\/demostore.ai\/vi\/cua-hang\/"},{"@type":"ListItem","position":3,"name":"Game of the Generals"}]},{"@type":"WebSite","@id":"https:\/\/demostore.ai\/vi\/#website","url":"https:\/\/demostore.ai\/vi\/","name":"Trendy Thread","description":"C\u1eeda h\u00e0ng demo WriteText.ai","publisher":{"@id":"https:\/\/demostore.ai\/vi\/#organization"},"potentialAction":[{"@type":"SearchAction","target":{"@type":"EntryPoint","urlTemplate":"https:\/\/demostore.ai\/vi\/?s={search_term_string}"},"query-input":{"@type":"PropertyValueSpecification","valueRequired":true,"valueName":"search_term_string"}}],"inLanguage":"vi"},{"@type":"Organization","@id":"https:\/\/demostore.ai\/vi\/#organization","name":"WriteText.ai","url":"https:\/\/demostore.ai\/vi\/","logo":{"@type":"ImageObject","inLanguage":"vi","@id":"https:\/\/demostore.ai\/vi\/#\/schema\/logo\/image\/","url":"https:\/\/demostore.ai\/wp-content\/uploads\/2025\/10\/writetext_logo.webp","contentUrl":"https:\/\/demostore.ai\/wp-content\/uploads\/2025\/10\/writetext_logo.webp","width":200,"height":34,"caption":"WriteText.ai"},"image":{"@id":"https:\/\/demostore.ai\/vi\/#\/schema\/logo\/image\/"}}]}},"_links":{"self":[{"href":"https:\/\/demostore.ai\/vi\/wp-json\/wp\/v2\/product\/37219","targetHints":{"allow":["GET"]}}],"collection":[{"href":"https:\/\/demostore.ai\/vi\/wp-json\/wp\/v2\/product"}],"about":[{"href":"https:\/\/demostore.ai\/vi\/wp-json\/wp\/v2\/types\/product"}],"replies":[{"embeddable":true,"href":"https:\/\/demostore.ai\/vi\/wp-json\/wp\/v2\/comments?post=37219"}],"wp:featuredmedia":[{"embeddable":true,"href":"https:\/\/demostore.ai\/vi\/wp-json\/wp\/v2\/media\/17772"}],"wp:attachment":[{"href":"https:\/\/demostore.ai\/vi\/wp-json\/wp\/v2\/media?parent=37219"}],"wp:term":[{"taxonomy":"product_brand","embeddable":true,"href":"https:\/\/demostore.ai\/vi\/wp-json\/wp\/v2\/product_brand?post=37219"},{"taxonomy":"product_cat","embeddable":true,"href":"https:\/\/demostore.ai\/vi\/wp-json\/wp\/v2\/product_cat?post=37219"},{"taxonomy":"product_tag","embeddable":true,"href":"https:\/\/demostore.ai\/vi\/wp-json\/wp\/v2\/product_tag?post=37219"}],"curies":[{"name":"wp","href":"https:\/\/api.w.org\/{rel}","templated":true}]}}