{"id":36913,"date":"2025-08-06T06:13:26","date_gmt":"2025-08-05T22:13:26","guid":{"rendered":"https:\/\/demostore.ai\/?post_type=product&#038;p=36913"},"modified":"2026-02-18T10:26:11","modified_gmt":"2026-02-18T02:26:11","slug":"tram-cai-pha-le-hinh-hoa","status":"publish","type":"product","link":"https:\/\/demostore.ai\/vi\/san-pham\/tram-cai-pha-le-hinh-hoa\/","title":{"rendered":"Tr\u00e2m C\u00e0i Pha L\u00ea H\u00ecnh Hoa"},"content":{"rendered":"<section data-wtai-block-id=\"wtai_product_description_features\" class=\"wtai-section wtai-features-section\">\n<h2>\u0110i\u1ec3m N\u1ed5i B\u1eadt C\u1ee7a Tr\u00e2m C\u00e0i Pha L\u00ea H\u00ecnh Hoa<\/h2>\n<ul>\n<li><strong>Ch\u1ea5t li\u1ec7u:<\/strong> Th\u00e2n tr\u00e2m b\u1eb1ng h\u1ee3p kim \u00e1nh b\u1ea1c, s\u00e1ng b\u00f3ng, kh\u00f3 g\u1ec9 s\u00e9t<\/li>\n<li><strong>Pha l\u00ea cao c\u1ea5p:<\/strong> \u0110\u00ednh pha l\u00ea nhi\u1ec1u m\u00e0u r\u1ef1c r\u1ee1 \u1edf \u0111\u1ea7u tr\u00e2m, t\u1ea1o h\u00ecnh hoa m\u1ec1m m\u1ea1i<\/li>\n<li><strong>Thi\u1ebft k\u1ebf tinh x\u1ea3o:<\/strong> H\u00ecnh hoa c\u00f3 c\u1ea5u tr\u00fac ba chi\u1ec1u, c\u00e1c c\u00e1nh ph\u1ed1i m\u00e0u c\u1ea7u k\u1ef3, t\u1ea1o c\u1ea3m gi\u00e1c t\u1ef1 nhi\u00ean, bay b\u1ed5ng<\/li>\n<li><strong>Ki\u1ec3u d\u00e1ng \u0111\u1ed9c \u0111\u00e1o:<\/strong> D\u00e1ng tr\u00e2m u\u1ed1n l\u01b0\u1ee3n ngh\u1ec7 thu\u1eadt mang n\u00e9t c\u1ed5 \u0111i\u1ec3n thanh l\u1ecbch<\/li>\n<li><strong>Ch\u1ed1t c\u00e0i ch\u1eafc ch\u1eafn:<\/strong> D\u1ec5 d\u00e0ng c\u1ed1 \u0111\u1ecbnh tr\u00ean t\u00f3c, kh\u00f4ng l\u00e0m t\u1ed5n th\u01b0\u01a1ng t\u00f3c, ti\u1ec7n thao t\u00e1c<\/li>\n<li><strong>Th\u1ee7 c\u00f4ng t\u1ec9 m\u1ec9:<\/strong> Gh\u00e9p n\u1ed1i v\u00e0 m\u00e0i b\u00f3ng t\u1eebng chi ti\u1ebft, ki\u1ec3m so\u00e1t s\u1eafc n\u00e9t t\u1eebng \u0111\u01b0\u1eddng n\u00e9t<\/li>\n<\/ul>\n<\/section>\n<div data-wtai-block-id=\"wtai_product_description_image_1753853427907\" class=\"wtai-section wtai-image_1753853427907-section\">\n<figure class=\"wtai-image-p wtai-align-center\" style=\"text-align:center\"><img decoding=\"async\" src=\"https:\/\/demostore.ai\/wp-content\/uploads\/2025\/08\/2-Floral-Crystal-Brooch-1-600x223.png\" alt=\"Tr\u00e2m c\u00e0i pha l\u00ea h\u00ecnh hoa, ki\u1ec3u d\u00e1ng tinh t\u1ebf, ph\u1ee5 ki\u1ec7n t\u00f3c sang tr\u1ecdng cho ph\u00e1i n\u1eef.\" srcset=\"https:\/\/demostore.ai\/wp-content\/uploads\/2025\/08\/2-Floral-Crystal-Brooch-1.png 1000w, https:\/\/demostore.ai\/wp-content\/uploads\/2025\/08\/2-Floral-Crystal-Brooch-1-300x111.png 300w, https:\/\/demostore.ai\/wp-content\/uploads\/2025\/08\/2-Floral-Crystal-Brooch-1-768x285.png 768w, https:\/\/demostore.ai\/wp-content\/uploads\/2025\/08\/2-Floral-Crystal-Brooch-1-600x223.png 600w\"><figcaption>\n<p>Thi\u1ebft k\u1ebf tr\u00e2m c\u00e0i thanh m\u1ea3nh, u\u1ed1n l\u01b0\u1ee3n nh\u1eb9 nh\u00e0ng k\u1ebft h\u1ee3p pha l\u00ea l\u1ea5p l\u00e1nh n\u1ed5i b\u1eadt.<\/p>\n<\/figcaption><\/figure>\n<\/p><\/div>\n<section data-wtai-block-id=\"wtai_product_description_use_cases\" class=\"wtai-section wtai-use_cases-section\">\n<h2>G\u1ee3i \u00dd \u1ee8ng D\u1ee5ng Tr\u00e2m C\u00e0i Hoa Pha L\u00ea<\/h2>\n<ul>\n<li>Ph\u00f9 h\u1ee3p cho c\u00e1c bu\u1ed5i ti\u1ec7c, \u0111\u00e1m c\u01b0\u1edbi, gi\u00fap m\u00e1i t\u00f3c th\u00eam ph\u1ea7n thanh l\u1ecbch v\u00e0 n\u1ed5i b\u1eadt<\/li>\n<li>L\u00fd t\u01b0\u1edfng \u0111\u1ec3 t\u1ea1o \u0111i\u1ec3m nh\u1ea5n khi ch\u1ee5p \u1ea3nh \u00e1o d\u00e0i, v\u00e1y c\u01b0\u1edbi, ho\u1eb7c d\u1ea1 h\u1ed9i<\/li>\n<li>Ho\u00e0n h\u1ea3o \u0111\u1ec3 ph\u1ed1i v\u1edbi trang ph\u1ee5c truy\u1ec1n th\u1ed1ng ho\u1eb7c phong c\u00e1ch retro c\u1ed5 \u0111i\u1ec3n<\/li>\n<li>D\u1ec5 d\u00e0ng k\u1ebft h\u1ee3p cho phong c\u00e1ch th\u01b0\u1eddng ng\u00e0y khi mu\u1ed1n l\u00e0m m\u1edbi di\u1ec7n m\u1ea1o<\/li>\n<li>C\u00f3 th\u1ec3 d\u00f9ng \u0111\u1ec3 c\u00e0i \u00e1o cho\u00e0ng ho\u1eb7c kh\u0103n, t\u0103ng \u0111i\u1ec3m nh\u1ea5n cho t\u1ed5ng th\u1ec3 outfit<\/li>\n<\/ul>\n<\/section>\n<section data-wtai-block-id=\"wtai_product_description_custom_1754204236758\" class=\"wtai-section wtai-custom_1754204236758-section\">\n<h2>Nh\u1eefng d\u1ecbp ph\u00f9 h\u1ee3p \u0111\u1ec3 s\u1eed d\u1ee5ng Tr\u00e2m C\u00e0i Pha L\u00ea H\u00ecnh Hoa<\/h2>\n<ul>\n<li>Qu\u00e0 t\u1eb7ng \u00fd ngh\u0129a \u2013 th\u1ec3 hi\u1ec7n s\u1ef1 quan t\u00e2m trong c\u00e1c d\u1ecbp sinh nh\u1eadt, k\u1ef7 ni\u1ec7m ho\u1eb7c ng\u00e0y \u0111\u1eb7c bi\u1ec7t.<\/li>\n<li>Trang \u0111i\u1ec3m d\u1ef1 ti\u1ec7c \u2013 t\u1ea1o \u0111i\u1ec3m nh\u1ea5n n\u1ed5i b\u1eadt cho m\u00e1i t\u00f3c khi tham d\u1ef1 ti\u1ec7c sang tr\u1ecdng ho\u1eb7c d\u1ea1 h\u1ed9i.<\/li>\n<li>Phong c\u00e1ch c\u01b0\u1edbi h\u1ecfi \u2013 ch\u1ecdn l\u1ef1a cho c\u00f4 d\u00e2u hay b\u1ea1n g\u00e1i trong l\u1ec5 \u0103n h\u1ecfi, c\u01b0\u1edbi h\u1ecfi \u0111\u1ec3 t\u0103ng v\u1ebb quy\u1ebfn r\u0169.<\/li>\n<li>D\u1ea1o ph\u1ed1, c\u00e0 ph\u00ea \u2013 nh\u1eb9 nh\u00e0ng t\u00f4 \u0111i\u1ec3m cho di\u1ec7n m\u1ea1o h\u00e0ng ng\u00e0y khi g\u1eb7p g\u1ee1 b\u1ea1n b\u00e8 ho\u1eb7c \u0111i d\u1ea1o.<\/li>\n<li>Ch\u1ee5p \u1ea3nh ngh\u1ec7 thu\u1eadt \u2013 t\u1ea1o hi\u1ec7u \u1ee9ng \u00e1nh s\u00e1ng \u0111\u1ed9c \u0111\u00e1o cho m\u00e1i t\u00f3c khi ghi l\u1ea1i kho\u1ea3nh kh\u1eafc \u0111\u1eb9p c\u00f9ng ng\u01b0\u1eddi th\u00e2n.<\/li>\n<li>Tham gia s\u1ef1 ki\u1ec7n \u2013 n\u1ed5i b\u1eadt, t\u1ef1 tin trong c\u00e1c bu\u1ed5i l\u1ec5 h\u1ed9i, h\u1ecdp m\u1eb7t ho\u1eb7c s\u1ef1 ki\u1ec7n quan tr\u1ecdng.<\/li>\n<\/ul>\n<\/section>\n<section data-wtai-block-id=\"wtai_product_description_custom_1753164383380\" class=\"wtai-section wtai-custom_1753164383380-section\">\n<h3>B\u00ed quy\u1ebft gi\u1eef tr\u00e2m c\u00e0i pha l\u00ea lu\u00f4n s\u00e1ng \u0111\u1eb9p<\/h3>\n<ul>\n<li>Lau nh\u1eb9 b\u1eb1ng kh\u0103n m\u1ec1m, s\u1ea1ch sau khi s\u1eed d\u1ee5ng \u0111\u1ec3 b\u1ea3o v\u1ec7 \u0111\u1ed9 s\u00e1ng b\u00f3ng v\u00e0 tr\u00e1nh b\u1ee5i b\u00e1m l\u00ean b\u1ec1 m\u1eb7t pha l\u00ea.<\/li>\n<li>Tr\u00e1nh ti\u1ebfp x\u00fac v\u1edbi n\u01b0\u1edbc, n\u01b0\u1edbc hoa ho\u1eb7c h\u00f3a ch\u1ea5t v\u00ec c\u00f3 th\u1ec3 l\u00e0m m\u1ea5t \u0111\u1ed9 s\u00e1ng v\u00e0 \u1ea3nh h\u01b0\u1edfng \u0111\u1ebfn keo d\u00e1n pha l\u00ea.<\/li>\n<li>C\u1ea5t gi\u1eef tr\u00e2m c\u00e0i ri\u00eang bi\u1ec7t trong h\u1ed9p ho\u1eb7c t\u00fai v\u1ea3i m\u1ec1m \u0111\u1ec3 h\u1ea1n ch\u1ebf va ch\u1ea1m v\u00e0 tr\u1ea7y x\u01b0\u1edbc.<\/li>\n<\/ul>\n<\/section>\n<div data-wtai-block-id=\"wtai_product_description_image_1753853450366\" class=\"wtai-section wtai-image_1753853450366-section\">\n<figure class=\"wtai-image-p wtai-align-center\" style=\"text-align:center\"><img decoding=\"async\" src=\"https:\/\/demostore.ai\/wp-content\/uploads\/2025\/08\/4-Floral-Crystal-Brooch-600x600.png\" alt=\"Tr\u00e2m c\u00e0i pha l\u00ea h\u00ecnh hoa, \u0111\u00ednh \u0111\u00e1 l\u1ea5p l\u00e1nh nhi\u1ec1u m\u00e0u tr\u00ean n\u1ec1n kim lo\u1ea1i s\u00e1ng.\" srcset=\"https:\/\/demostore.ai\/wp-content\/uploads\/2025\/08\/4-Floral-Crystal-Brooch.png 1000w, https:\/\/demostore.ai\/wp-content\/uploads\/2025\/08\/4-Floral-Crystal-Brooch-300x300.png 300w, https:\/\/demostore.ai\/wp-content\/uploads\/2025\/08\/4-Floral-Crystal-Brooch-150x150.png 150w, https:\/\/demostore.ai\/wp-content\/uploads\/2025\/08\/4-Floral-Crystal-Brooch-768x768.png 768w, https:\/\/demostore.ai\/wp-content\/uploads\/2025\/08\/4-Floral-Crystal-Brooch-600x600.png 600w, https:\/\/demostore.ai\/wp-content\/uploads\/2025\/08\/4-Floral-Crystal-Brooch-250x250.png 250w\"><figcaption>\n<p>C\u1ee5m hoa pha l\u00ea nhi\u1ec1u m\u00e0u g\u1eafn t\u1ec9 m\u1ec9 tr\u00ean khung kim lo\u1ea1i t\u1ea1o \u0111i\u1ec3m nh\u1ea5n duy\u00ean d\u00e1ng.<\/p>\n<\/figcaption><\/figure>\n<\/p><\/div>\n<section data-wtai-block-id=\"wtai_product_description_faqs\" class=\"wtai-section wtai-faqs-section\">\n<h2>Gi\u1ea3i \u0110\u00e1p Th\u1eafc M\u1eafc V\u1ec1 Tr\u00e2m C\u00e0i Pha L\u00ea H\u00ecnh Hoa<\/h2>\n<p><strong>Tr\u00e2m c\u00e0i \u0111\u01b0\u1ee3c l\u00e0m t\u1eeb ch\u1ea5t li\u1ec7u g\u00ec?<\/strong> <br \/> S\u1ea3n ph\u1ea9m s\u1eed d\u1ee5ng h\u1ee3p kim \u00e1nh b\u1ea1c v\u00e0 pha l\u00ea cao c\u1ea5p \u0111\u00e3 qua x\u1eed l\u00fd s\u00e1ng b\u00f3ng, b\u1ec1n m\u00e0u khi d\u00f9ng th\u01b0\u1eddng xuy\u00ean.<\/p>\n<p><strong>C\u00f3 d\u1ec5 b\u1ecb r\u01a1i hay l\u00e0m r\u1ed1i t\u00f3c kh\u00f4ng?<\/strong> <br \/> Tr\u00e2m \u0111\u01b0\u1ee3c thi\u1ebft k\u1ebf ch\u1eafc ch\u1eafn, ch\u1ed1t c\u00e0i m\u1ec1m m\u1ea1i gi\u00fap gi\u1eef t\u00f3c \u1ed5n \u0111\u1ecbnh m\u00e0 kh\u00f4ng l\u00e0m r\u1ed1i hay h\u01b0 t\u1ed5n t\u00f3c.<\/p>\n<p><strong>B\u1ea3o qu\u1ea3n tr\u00e2m nh\u01b0 th\u1ebf n\u00e0o \u0111\u1ec3 lu\u00f4n s\u00e1ng \u0111\u1eb9p?<\/strong> <br \/> N\u00ean lau nh\u1eb9 v\u1edbi kh\u0103n m\u1ec1m sau khi s\u1eed d\u1ee5ng, tr\u00e1nh ti\u1ebfp x\u00fac h\u00f3a ch\u1ea5t m\u1ea1nh ho\u1eb7c n\u01a1i \u1ea9m \u01b0\u1edbt, c\u1ea5t trong h\u1ed9p ri\u00eang.<\/p>\n<p><strong>Tr\u00e2m ph\u00f9 h\u1ee3p \u0111\u1ec3 l\u00e0m qu\u00e0 t\u1eb7ng kh\u00f4ng?<\/strong> <br \/> Thi\u1ebft k\u1ebf sang tr\u1ecdng, hoa v\u0103n tinh t\u1ebf r\u1ea5t th\u00edch h\u1ee3p l\u00e0m qu\u00e0 t\u1eb7ng cho ng\u01b0\u1eddi th\u00e2n, b\u1ea1n b\u00e8 trong c\u00e1c d\u1ecbp \u0111\u1eb7c bi\u1ec7t.<\/p>\n<\/section>\n<section data-wtai-block-id=\"wtai_product_description_conclusion\" class=\"wtai-section wtai-conclusion-section\">\n<h2>S\u1edf H\u1eefu V\u1ebb \u0110\u1eb9p Tinh T\u1ebf V\u1edbi Tr\u00e2m C\u00e0i Hoa Pha L\u00ea<\/h2>\n<p><strong>Tr\u00e2m C\u00e0i Pha L\u00ea H\u00ecnh Hoa l\u00e0 \u0111i\u1ec3m nh\u1ea5n l\u00fd t\u01b0\u1edfng cho m\u00e1i t\u00f3c, gi\u00fap t\u00f4n l\u00ean phong c\u00e1ch d\u1ecbu d\u00e0ng v\u00e0 n\u00e9t \u0111\u1eb9p c\u1ed5 \u0111i\u1ec3n c\u1ee7a b\u1ea1n.<\/strong> <strong>Thi\u1ebft k\u1ebf tinh x\u1ea3o, v\u1eadt li\u1ec7u b\u1ec1n \u0111\u1eb9p c\u00f9ng s\u1eafc m\u00e0u l\u1ea5p l\u00e1nh nh\u01b0 hoa t\u1ecfa s\u00e1ng t\u1ea1o n\u00ean s\u1ee9c h\u00fat kh\u00f4ng th\u1ec3 r\u1eddi m\u1eaft.<\/strong> <strong>\u0110\u1eebng b\u1ecf l\u1ee1 c\u01a1 h\u1ed9i kh\u1eb3ng \u0111\u1ecbnh b\u1ea3n th\u00e2n v\u1edbi m\u00f3n ph\u1ee5 ki\u1ec7n \u0111\u1ed9c \u0111\u00e1o, d\u1ec5 k\u1ebft h\u1ee3p n\u00e0y ngay h\u00f4m nay.<\/strong><\/p>\n<\/section>\n","protected":false},"excerpt":{"rendered":"<div data-wtai-block-id=\"wtai_excerpt_subtitle\" class=\"wtai-section wtai-subtitle-section\">\n<p><em><strong>Tinh hoa c\u1ed5 \u0111i\u1ec3n, \u0111i\u1ec3m xuy\u1ebfn v\u1ebb \u0111\u1eb9p r\u1ef1c r\u1ee1 cho m\u00e1i t\u00f3c.<\/strong><\/em><\/p>\n<\/p><\/div>\n<div data-wtai-block-id=\"wtai_excerpt_introduction\" class=\"wtai-section wtai-introduction-section\">\n<p>C\u00f3 nh\u1eefng kho\u1ea3nh kh\u1eafc, ch\u1ec9 m\u1ed9t n\u00e9t ch\u1ea5m ph\u00e1 nh\u1eb9 nh\u00e0ng c\u0169ng \u0111\u1ee7 t\u1ea1o d\u1ea5u \u1ea5n kh\u00f3 phai. Tr\u00e2m C\u00e0i Pha L\u00ea H\u00ecnh Hoa kh\u00f4ng ch\u1ec9 gi\u1eef d\u00e1ng t\u00f3c g\u1ecdn g\u00e0ng m\u00e0 c\u00f2n trao g\u1eedi n\u00e9t duy\u00ean th\u1ea7m, mang \u0111\u1eadm h\u01a1i th\u1edf thanh l\u1ecbch c\u1ee7a truy\u1ec1n th\u1ed1ng v\u00e0 \u0111\u01b0\u01a1ng \u0111\u1ea1i. S\u1ef1 k\u1ebft h\u1ee3p gi\u1eefa ch\u1ea5t li\u1ec7u kim lo\u1ea1i thanh m\u1ea3nh c\u00f9ng c\u1ee5m pha l\u00ea \u0111a s\u1eafc h\u00ecnh hoa t\u1ecfa s\u00e1ng, gi\u00fap m\u1ed7i kho\u1ea3nh kh\u1eafc tr\u1edf n\u00ean tr\u1ecdn v\u1eb9n v\u00e0 t\u1ecfa s\u00e1ng theo c\u00e1ch r\u1ea5t ri\u00eang. M\u1ed7i l\u1ea7n c\u00e0i, l\u00e0 m\u1ed9t l\u1ea7n tinh t\u1ebf \u0111\u01b0\u1ee3c t\u00f4n vinh, cho b\u1ea1n t\u1ef1 tin l\u01b0u d\u1ea5u ri\u00eang bi\u1ec7t c\u1ee7a m\u00ecnh.<\/p>\n<\/p><\/div>\n","protected":false},"featured_media":31776,"comment_status":"open","ping_status":"closed","template":"","meta":[],"product_brand":[],"product_cat":[318],"product_tag":[],"class_list":{"0":"post-36913","1":"product","2":"type-product","3":"status-publish","4":"has-post-thumbnail","6":"product_cat-trang-suc","8":"first","9":"instock","10":"shipping-taxable","11":"purchasable","12":"product-type-simple"},"bundled_by":[],"bundle_stock_status":"instock","bundle_stock_quantity":null,"bundle_virtual":false,"bundle_layout":"","bundle_add_to_cart_form_location":"","bundle_editable_in_cart":false,"bundle_sold_individually_context":"","bundle_item_grouping":"","bundle_min_size":"","bundle_max_size":"","bundle_price":[],"bundled_items":[],"bundle_sell_ids":[],"yoast_head":"<!-- This site is optimized with the Yoast SEO plugin v25.2 - https:\/\/yoast.com\/wordpress\/plugins\/seo\/ -->\n<title>Get Tr\u00e2m C\u00e0i Pha L\u00ea H\u00ecnh Hoa N\u00e9t C\u1ed5 \u0110i\u1ec3n S\u00e1ng R\u1ef1c R\u1ee1<\/title>\n<meta name=\"description\" content=\"L\u00e0n gi\u00f3 m\u1edbi cho m\u00e1i t\u00f3c v\u1edbi tr\u00e2m c\u00e0i pha l\u00ea h\u00ecnh hoa d\u00e1ng l\u01b0\u1ee3n s\u00f3ng, ph\u1ed1i pha l\u00ea xanh n\u1ed5i b\u1eadt. S\u1ea3n ph\u1ea9m ph\u00f9 h\u1ee3p d\u1ef1 ti\u1ec7c, ch\u1ee5p \u1ea3nh, n\u00e2ng t\u1ea7m phong c\u00e1ch.\" \/>\n<meta name=\"robots\" content=\"index, follow, max-snippet:-1, max-image-preview:large, max-video-preview:-1\" \/>\n<link rel=\"canonical\" href=\"https:\/\/demostore.ai\/vi\/san-pham\/tram-cai-pha-le-hinh-hoa\/\" \/>\n<meta property=\"og:type\" content=\"article\" \/>\n<meta property=\"og:title\" content=\"Get Tr\u00e2m C\u00e0i Pha L\u00ea H\u00ecnh Hoa N\u00e9t C\u1ed5 \u0110i\u1ec3n S\u00e1ng R\u1ef1c R\u1ee1\" \/>\n<meta property=\"og:description\" content=\"Phong v\u1ecb c\u1ed5 \u0111i\u1ec3n c\u00f9ng tr\u00e2m c\u00e0i pha l\u00ea h\u00ecnh hoa d\u00e1ng cong m\u1ec1m m\u1ea1i, ph\u1ed1i pha l\u00ea m\u00e0u xanh l\u1ea5p l\u00e1nh. Ph\u1ee5 ki\u1ec7n t\u00f4n n\u00e9t n\u1eef t\u00ednh, ho\u00e0n h\u1ea3o cho m\u1ecdi ki\u1ec3u t\u00f3c v\u00e0 d\u1ecbp trang tr\u1ecdng.\" \/>\n<meta property=\"og:url\" content=\"https:\/\/demostore.ai\/vi\/san-pham\/tram-cai-pha-le-hinh-hoa\/\" \/>\n<meta property=\"og:site_name\" content=\"Trendy Thread\" \/>\n<meta property=\"article:modified_time\" content=\"2026-02-18T02:26:11+00:00\" \/>\n<meta property=\"og:image\" content=\"https:\/\/demostore.ai\/wp-content\/uploads\/2025\/08\/1-Floral-Crystal-Brooch-1.png\" \/>\n\t<meta property=\"og:image:width\" content=\"1000\" \/>\n\t<meta property=\"og:image:height\" content=\"371\" \/>\n\t<meta property=\"og:image:type\" content=\"image\/png\" \/>\n<meta name=\"twitter:card\" content=\"summary_large_image\" \/>\n<meta name=\"twitter:title\" content=\"Get Tr\u00e2m C\u00e0i Pha L\u00ea H\u00ecnh Hoa N\u00e9t C\u1ed5 \u0110i\u1ec3n S\u00e1ng R\u1ef1c R\u1ee1\" \/>\n<meta name=\"twitter:description\" content=\"Phong v\u1ecb c\u1ed5 \u0111i\u1ec3n c\u00f9ng tr\u00e2m c\u00e0i pha l\u00ea h\u00ecnh hoa d\u00e1ng cong m\u1ec1m m\u1ea1i, ph\u1ed1i pha l\u00ea m\u00e0u xanh l\u1ea5p l\u00e1nh. Ph\u1ee5 ki\u1ec7n t\u00f4n n\u00e9t n\u1eef t\u00ednh, ho\u00e0n h\u1ea3o cho m\u1ecdi ki\u1ec3u t\u00f3c v\u00e0 d\u1ecbp trang tr\u1ecdng.\" \/>\n<meta name=\"twitter:label1\" content=\"\u01af\u1edbc t\u00ednh th\u1eddi gian \u0111\u1ecdc\" \/>\n\t<meta name=\"twitter:data1\" content=\"1 ph\u00fat\" \/>\n<script type=\"application\/ld+json\" class=\"yoast-schema-graph\">{\"@context\":\"https:\/\/schema.org\",\"@graph\":[{\"@type\":\"WebPage\",\"@id\":\"https:\/\/demostore.ai\/vi\/san-pham\/tram-cai-pha-le-hinh-hoa\/\",\"url\":\"https:\/\/demostore.ai\/vi\/san-pham\/tram-cai-pha-le-hinh-hoa\/\",\"name\":\"Get Tr\u00e2m C\u00e0i Pha L\u00ea H\u00ecnh Hoa N\u00e9t C\u1ed5 \u0110i\u1ec3n S\u00e1ng R\u1ef1c R\u1ee1\",\"isPartOf\":{\"@id\":\"https:\/\/demostore.ai\/vi\/#website\"},\"primaryImageOfPage\":{\"@id\":\"https:\/\/demostore.ai\/vi\/san-pham\/tram-cai-pha-le-hinh-hoa\/#primaryimage\"},\"image\":{\"@id\":\"https:\/\/demostore.ai\/vi\/san-pham\/tram-cai-pha-le-hinh-hoa\/#primaryimage\"},\"thumbnailUrl\":\"https:\/\/demostore.ai\/wp-content\/uploads\/2025\/08\/1-Floral-Crystal-Brooch-1.png\",\"datePublished\":\"2025-08-05T22:13:26+00:00\",\"dateModified\":\"2026-02-18T02:26:11+00:00\",\"description\":\"L\u00e0n gi\u00f3 m\u1edbi cho m\u00e1i t\u00f3c v\u1edbi tr\u00e2m c\u00e0i pha l\u00ea h\u00ecnh hoa d\u00e1ng l\u01b0\u1ee3n s\u00f3ng, ph\u1ed1i pha l\u00ea xanh n\u1ed5i b\u1eadt. S\u1ea3n ph\u1ea9m ph\u00f9 h\u1ee3p d\u1ef1 ti\u1ec7c, ch\u1ee5p \u1ea3nh, n\u00e2ng t\u1ea7m phong c\u00e1ch.\",\"breadcrumb\":{\"@id\":\"https:\/\/demostore.ai\/vi\/san-pham\/tram-cai-pha-le-hinh-hoa\/#breadcrumb\"},\"inLanguage\":\"vi\",\"potentialAction\":[{\"@type\":\"ReadAction\",\"target\":[\"https:\/\/demostore.ai\/vi\/san-pham\/tram-cai-pha-le-hinh-hoa\/\"]}]},{\"@type\":\"ImageObject\",\"inLanguage\":\"vi\",\"@id\":\"https:\/\/demostore.ai\/vi\/san-pham\/tram-cai-pha-le-hinh-hoa\/#primaryimage\",\"url\":\"https:\/\/demostore.ai\/wp-content\/uploads\/2025\/08\/1-Floral-Crystal-Brooch-1.png\",\"contentUrl\":\"https:\/\/demostore.ai\/wp-content\/uploads\/2025\/08\/1-Floral-Crystal-Brooch-1.png\",\"width\":1000,\"height\":371,\"caption\":\"Tr\u00e2m c\u00e0i pha l\u00ea h\u00ecnh hoa m\u00e0u xanh, thi\u1ebft k\u1ebf tinh x\u1ea3o, ph\u00f9 h\u1ee3p trang tr\u00ed t\u00f3c n\u1eef.\"},{\"@type\":\"BreadcrumbList\",\"@id\":\"https:\/\/demostore.ai\/vi\/san-pham\/tram-cai-pha-le-hinh-hoa\/#breadcrumb\",\"itemListElement\":[{\"@type\":\"ListItem\",\"position\":1,\"name\":\"Trang ch\u1ee7\",\"item\":\"https:\/\/demostore.ai\/vi\/\"},{\"@type\":\"ListItem\",\"position\":2,\"name\":\"C\u1eeda h\u00e0ng\",\"item\":\"https:\/\/demostore.ai\/vi\/cua-hang\/\"},{\"@type\":\"ListItem\",\"position\":3,\"name\":\"Tr\u00e2m C\u00e0i Pha L\u00ea H\u00ecnh Hoa\"}]},{\"@type\":\"WebSite\",\"@id\":\"https:\/\/demostore.ai\/vi\/#website\",\"url\":\"https:\/\/demostore.ai\/vi\/\",\"name\":\"Trendy Thread\",\"description\":\"C\u1eeda h\u00e0ng demo WriteText.ai\",\"publisher\":{\"@id\":\"https:\/\/demostore.ai\/vi\/#organization\"},\"potentialAction\":[{\"@type\":\"SearchAction\",\"target\":{\"@type\":\"EntryPoint\",\"urlTemplate\":\"https:\/\/demostore.ai\/vi\/?s={search_term_string}\"},\"query-input\":{\"@type\":\"PropertyValueSpecification\",\"valueRequired\":true,\"valueName\":\"search_term_string\"}}],\"inLanguage\":\"vi\"},{\"@type\":\"Organization\",\"@id\":\"https:\/\/demostore.ai\/vi\/#organization\",\"name\":\"WriteText.ai\",\"url\":\"https:\/\/demostore.ai\/vi\/\",\"logo\":{\"@type\":\"ImageObject\",\"inLanguage\":\"vi\",\"@id\":\"https:\/\/demostore.ai\/vi\/#\/schema\/logo\/image\/\",\"url\":\"https:\/\/demostore.ai\/wp-content\/uploads\/2025\/10\/writetext_logo.webp\",\"contentUrl\":\"https:\/\/demostore.ai\/wp-content\/uploads\/2025\/10\/writetext_logo.webp\",\"width\":200,\"height\":34,\"caption\":\"WriteText.ai\"},\"image\":{\"@id\":\"https:\/\/demostore.ai\/vi\/#\/schema\/logo\/image\/\"}}]}<\/script>\n<!-- \/ Yoast SEO plugin. -->","yoast_head_json":{"title":"Get Tr\u00e2m C\u00e0i Pha L\u00ea H\u00ecnh Hoa N\u00e9t C\u1ed5 \u0110i\u1ec3n S\u00e1ng R\u1ef1c R\u1ee1","description":"L\u00e0n gi\u00f3 m\u1edbi cho m\u00e1i t\u00f3c v\u1edbi tr\u00e2m c\u00e0i pha l\u00ea h\u00ecnh hoa d\u00e1ng l\u01b0\u1ee3n s\u00f3ng, ph\u1ed1i pha l\u00ea xanh n\u1ed5i b\u1eadt. S\u1ea3n ph\u1ea9m ph\u00f9 h\u1ee3p d\u1ef1 ti\u1ec7c, ch\u1ee5p \u1ea3nh, n\u00e2ng t\u1ea7m phong c\u00e1ch.","robots":{"index":"index","follow":"follow","max-snippet":"max-snippet:-1","max-image-preview":"max-image-preview:large","max-video-preview":"max-video-preview:-1"},"canonical":"https:\/\/demostore.ai\/vi\/san-pham\/tram-cai-pha-le-hinh-hoa\/","og_type":"article","og_title":"Get Tr\u00e2m C\u00e0i Pha L\u00ea H\u00ecnh Hoa N\u00e9t C\u1ed5 \u0110i\u1ec3n S\u00e1ng R\u1ef1c R\u1ee1","og_description":"Phong v\u1ecb c\u1ed5 \u0111i\u1ec3n c\u00f9ng tr\u00e2m c\u00e0i pha l\u00ea h\u00ecnh hoa d\u00e1ng cong m\u1ec1m m\u1ea1i, ph\u1ed1i pha l\u00ea m\u00e0u xanh l\u1ea5p l\u00e1nh. Ph\u1ee5 ki\u1ec7n t\u00f4n n\u00e9t n\u1eef t\u00ednh, ho\u00e0n h\u1ea3o cho m\u1ecdi ki\u1ec3u t\u00f3c v\u00e0 d\u1ecbp trang tr\u1ecdng.","og_url":"https:\/\/demostore.ai\/vi\/san-pham\/tram-cai-pha-le-hinh-hoa\/","og_site_name":"Trendy Thread","article_modified_time":"2026-02-18T02:26:11+00:00","og_image":[{"width":1000,"height":371,"url":"https:\/\/demostore.ai\/wp-content\/uploads\/2025\/08\/1-Floral-Crystal-Brooch-1.png","type":"image\/png"}],"twitter_card":"summary_large_image","twitter_title":"Get Tr\u00e2m C\u00e0i Pha L\u00ea H\u00ecnh Hoa N\u00e9t C\u1ed5 \u0110i\u1ec3n S\u00e1ng R\u1ef1c R\u1ee1","twitter_description":"Phong v\u1ecb c\u1ed5 \u0111i\u1ec3n c\u00f9ng tr\u00e2m c\u00e0i pha l\u00ea h\u00ecnh hoa d\u00e1ng cong m\u1ec1m m\u1ea1i, ph\u1ed1i pha l\u00ea m\u00e0u xanh l\u1ea5p l\u00e1nh. Ph\u1ee5 ki\u1ec7n t\u00f4n n\u00e9t n\u1eef t\u00ednh, ho\u00e0n h\u1ea3o cho m\u1ecdi ki\u1ec3u t\u00f3c v\u00e0 d\u1ecbp trang tr\u1ecdng.","twitter_misc":{"\u01af\u1edbc t\u00ednh th\u1eddi gian \u0111\u1ecdc":"1 ph\u00fat"},"schema":{"@context":"https:\/\/schema.org","@graph":[{"@type":"WebPage","@id":"https:\/\/demostore.ai\/vi\/san-pham\/tram-cai-pha-le-hinh-hoa\/","url":"https:\/\/demostore.ai\/vi\/san-pham\/tram-cai-pha-le-hinh-hoa\/","name":"Get Tr\u00e2m C\u00e0i Pha L\u00ea H\u00ecnh Hoa N\u00e9t C\u1ed5 \u0110i\u1ec3n S\u00e1ng R\u1ef1c R\u1ee1","isPartOf":{"@id":"https:\/\/demostore.ai\/vi\/#website"},"primaryImageOfPage":{"@id":"https:\/\/demostore.ai\/vi\/san-pham\/tram-cai-pha-le-hinh-hoa\/#primaryimage"},"image":{"@id":"https:\/\/demostore.ai\/vi\/san-pham\/tram-cai-pha-le-hinh-hoa\/#primaryimage"},"thumbnailUrl":"https:\/\/demostore.ai\/wp-content\/uploads\/2025\/08\/1-Floral-Crystal-Brooch-1.png","datePublished":"2025-08-05T22:13:26+00:00","dateModified":"2026-02-18T02:26:11+00:00","description":"L\u00e0n gi\u00f3 m\u1edbi cho m\u00e1i t\u00f3c v\u1edbi tr\u00e2m c\u00e0i pha l\u00ea h\u00ecnh hoa d\u00e1ng l\u01b0\u1ee3n s\u00f3ng, ph\u1ed1i pha l\u00ea xanh n\u1ed5i b\u1eadt. S\u1ea3n ph\u1ea9m ph\u00f9 h\u1ee3p d\u1ef1 ti\u1ec7c, ch\u1ee5p \u1ea3nh, n\u00e2ng t\u1ea7m phong c\u00e1ch.","breadcrumb":{"@id":"https:\/\/demostore.ai\/vi\/san-pham\/tram-cai-pha-le-hinh-hoa\/#breadcrumb"},"inLanguage":"vi","potentialAction":[{"@type":"ReadAction","target":["https:\/\/demostore.ai\/vi\/san-pham\/tram-cai-pha-le-hinh-hoa\/"]}]},{"@type":"ImageObject","inLanguage":"vi","@id":"https:\/\/demostore.ai\/vi\/san-pham\/tram-cai-pha-le-hinh-hoa\/#primaryimage","url":"https:\/\/demostore.ai\/wp-content\/uploads\/2025\/08\/1-Floral-Crystal-Brooch-1.png","contentUrl":"https:\/\/demostore.ai\/wp-content\/uploads\/2025\/08\/1-Floral-Crystal-Brooch-1.png","width":1000,"height":371,"caption":"Tr\u00e2m c\u00e0i pha l\u00ea h\u00ecnh hoa m\u00e0u xanh, thi\u1ebft k\u1ebf tinh x\u1ea3o, ph\u00f9 h\u1ee3p trang tr\u00ed t\u00f3c n\u1eef."},{"@type":"BreadcrumbList","@id":"https:\/\/demostore.ai\/vi\/san-pham\/tram-cai-pha-le-hinh-hoa\/#breadcrumb","itemListElement":[{"@type":"ListItem","position":1,"name":"Trang ch\u1ee7","item":"https:\/\/demostore.ai\/vi\/"},{"@type":"ListItem","position":2,"name":"C\u1eeda h\u00e0ng","item":"https:\/\/demostore.ai\/vi\/cua-hang\/"},{"@type":"ListItem","position":3,"name":"Tr\u00e2m C\u00e0i Pha L\u00ea H\u00ecnh Hoa"}]},{"@type":"WebSite","@id":"https:\/\/demostore.ai\/vi\/#website","url":"https:\/\/demostore.ai\/vi\/","name":"Trendy Thread","description":"C\u1eeda h\u00e0ng demo WriteText.ai","publisher":{"@id":"https:\/\/demostore.ai\/vi\/#organization"},"potentialAction":[{"@type":"SearchAction","target":{"@type":"EntryPoint","urlTemplate":"https:\/\/demostore.ai\/vi\/?s={search_term_string}"},"query-input":{"@type":"PropertyValueSpecification","valueRequired":true,"valueName":"search_term_string"}}],"inLanguage":"vi"},{"@type":"Organization","@id":"https:\/\/demostore.ai\/vi\/#organization","name":"WriteText.ai","url":"https:\/\/demostore.ai\/vi\/","logo":{"@type":"ImageObject","inLanguage":"vi","@id":"https:\/\/demostore.ai\/vi\/#\/schema\/logo\/image\/","url":"https:\/\/demostore.ai\/wp-content\/uploads\/2025\/10\/writetext_logo.webp","contentUrl":"https:\/\/demostore.ai\/wp-content\/uploads\/2025\/10\/writetext_logo.webp","width":200,"height":34,"caption":"WriteText.ai"},"image":{"@id":"https:\/\/demostore.ai\/vi\/#\/schema\/logo\/image\/"}}]}},"_links":{"self":[{"href":"https:\/\/demostore.ai\/vi\/wp-json\/wp\/v2\/product\/36913","targetHints":{"allow":["GET"]}}],"collection":[{"href":"https:\/\/demostore.ai\/vi\/wp-json\/wp\/v2\/product"}],"about":[{"href":"https:\/\/demostore.ai\/vi\/wp-json\/wp\/v2\/types\/product"}],"replies":[{"embeddable":true,"href":"https:\/\/demostore.ai\/vi\/wp-json\/wp\/v2\/comments?post=36913"}],"wp:featuredmedia":[{"embeddable":true,"href":"https:\/\/demostore.ai\/vi\/wp-json\/wp\/v2\/media\/31776"}],"wp:attachment":[{"href":"https:\/\/demostore.ai\/vi\/wp-json\/wp\/v2\/media?parent=36913"}],"wp:term":[{"taxonomy":"product_brand","embeddable":true,"href":"https:\/\/demostore.ai\/vi\/wp-json\/wp\/v2\/product_brand?post=36913"},{"taxonomy":"product_cat","embeddable":true,"href":"https:\/\/demostore.ai\/vi\/wp-json\/wp\/v2\/product_cat?post=36913"},{"taxonomy":"product_tag","embeddable":true,"href":"https:\/\/demostore.ai\/vi\/wp-json\/wp\/v2\/product_tag?post=36913"}],"curies":[{"name":"wp","href":"https:\/\/api.w.org\/{rel}","templated":true}]}}