{"id":36762,"date":"2025-06-16T09:50:47","date_gmt":"2025-06-16T01:50:47","guid":{"rendered":"https:\/\/demostore.ai\/?post_type=product&#038;p=36762"},"modified":"2026-02-18T10:14:23","modified_gmt":"2026-02-18T02:14:23","slug":"ghe-van-phong-luoi-cong-thai-hoc","status":"publish","type":"product","link":"https:\/\/demostore.ai\/vi\/san-pham\/ghe-van-phong-luoi-cong-thai-hoc\/","title":{"rendered":"Gh\u1ebf V\u0103n Ph\u00f2ng L\u01b0\u1edbi C\u00f4ng Th\u00e1i H\u1ecdc"},"content":{"rendered":"<section data-wtai-block-id=\"wtai_product_description_features\" class=\"wtai-section wtai-features-section\">\n<h2>T\u00ednh N\u0103ng N\u1ed5i B\u1eadt<\/h2>\n<ul>\n<li><strong>L\u01b0ng l\u01b0\u1edbi tho\u00e1ng kh\u00ed<\/strong> gi\u00fap l\u01b0u th\u00f4ng kh\u00f4ng kh\u00ed, gi\u1ea3m t\u00edch nhi\u1ec7t v\u00e0 duy tr\u00ec c\u1ea3m gi\u00e1c d\u1ec5 ch\u1ecbu trong su\u1ed1t ng\u00e0y d\u00e0i.<\/li>\n<li><strong>T\u1ef1a l\u01b0ng c\u00f4ng th\u00e1i h\u1ecdc<\/strong> n\u00e2ng \u0111\u1ee1 c\u1ed9t s\u1ed1ng, thi\u1ebft k\u1ebf u\u1ed1n cong v\u1eeba v\u1eb7n v\u1edbi v\u00f3c d\u00e1ng ng\u01b0\u1eddi s\u1eed d\u1ee5ng \u0111\u1ec3 b\u1ea3o v\u1ec7 th\u1eaft l\u01b0ng.<\/li>\n<li><strong>\u0110\u1ec7m ng\u1ed3i d\u00e0y d\u1eb7n<\/strong> v\u1edbi l\u1edbp m\u00fat b\u1ecdc v\u1ea3i l\u01b0\u1edbi \u0111\u00e0n h\u1ed3i t\u1ed1t, mang l\u1ea1i s\u1ef1 \u00eam \u00e1i v\u00e0 h\u1ea1n ch\u1ebf x\u1eb9p l\u00fan l\u00e2u d\u00e0i.<\/li>\n<li><strong>Ch\u00e2n xoay linh ho\u1ea1t<\/strong> v\u1edbi 5 b\u00e1nh xe di chuy\u1ec3n tr\u01a1n tru ph\u00f9 h\u1ee3p m\u1eb7t s\u00e0n v\u0103n ph\u00f2ng hi\u1ec7n \u0111\u1ea1i.<\/li>\n<li><strong>Tay v\u1ecbn cong d\u1ec5 ch\u1ecbu<\/strong> ch\u1ed1ng m\u1ecfi c\u00e1nh tay khi l\u00e0m vi\u1ec7c li\u00ean t\u1ee5c nhi\u1ec1u gi\u1edd li\u1ec1n.<\/li>\n<li><strong>Khung nh\u1ef1a c\u1ee9ng c\u00e1p v\u00e0 ch\u1ecbu l\u1ef1c<\/strong> \u0111\u1ea3m b\u1ea3o s\u1ef1 ch\u1eafc ch\u1eafn, an to\u00e0n cho ng\u01b0\u1eddi l\u1edbn v\u1edbi nhi\u1ec1u c\u00e2n n\u1eb7ng kh\u00e1c nhau.<\/li>\n<\/ul>\n<\/section>\n<div data-wtai-block-id=\"wtai_product_description_image_1754207315479\" class=\"wtai-section wtai-image_1754207315479-section\">\n<figure class=\"wtai-image-p wtai-align-center\" style=\"text-align:center\"><img decoding=\"async\" src=\"https:\/\/demostore.ai\/wp-content\/uploads\/2025\/06\/Chair-2-600x909.png\" alt=\"Gh\u1ebf v\u0103n ph\u00f2ng l\u01b0\u1edbi c\u00f4ng th\u00e1i h\u1ecdc m\u00e0u \u0111en, t\u1ef1a l\u01b0ng cao, tay v\u1ecbn v\u00e0 b\u00e1nh xe linh ho\u1ea1t.\" srcset=\"https:\/\/demostore.ai\/wp-content\/uploads\/2025\/06\/Chair-2.png 660w, https:\/\/demostore.ai\/wp-content\/uploads\/2025\/06\/Chair-2-198x300.png 198w, https:\/\/demostore.ai\/wp-content\/uploads\/2025\/06\/Chair-2-600x909.png 600w\"><figcaption>\n<p>Thi\u1ebft k\u1ebf l\u01b0ng t\u1ef1a l\u01b0\u1edbi tho\u00e1ng kh\u00ed gi\u00fap ng\u1ed3i l\u00e2u v\u1eabn m\u00e1t m\u1ebb v\u00e0 d\u1ec5 ch\u1ecbu.<\/p>\n<\/figcaption><\/figure>\n<\/p><\/div>\n<section data-wtai-block-id=\"wtai_product_description_technical_specifications\" class=\"wtai-section wtai-technical_specifications-section\">\n<h2>Th\u00f4ng S\u1ed1 Chi Ti\u1ebft<\/h2>\n<ul>\n<li><strong>K\u00edch th\u01b0\u1edbc t\u1ed5ng th\u1ec3:<\/strong> 60 x 60 x 100 cm<\/li>\n<li><strong>Ch\u1ea5t li\u1ec7u:<\/strong> L\u01b0\u1edbi t\u1ed5ng h\u1ee3p, \u0111\u1ec7m m\u00fat b\u1ecdc v\u1ea3i, nh\u1ef1a, kim lo\u1ea1i<\/li>\n<li><strong>Kh\u1ea3 n\u0103ng ch\u1ecbu t\u1ea3i:<\/strong> T\u1ed1i \u0111a 120 kg<\/li>\n<li><strong>\u0110i\u1ec1u ch\u1ec9nh:<\/strong> N\u00e2ng h\u1ea1 \u0111\u1ed9 cao b\u1eb1ng c\u1ea7n g\u1ea1t, l\u01b0ng t\u1ef1a c\u00f3 th\u1ec3 ng\u1ea3 nh\u1eb9<\/li>\n<\/ul>\n<\/section>\n<div data-wtai-block-id=\"wtai_product_description_image_1754207334585\" class=\"wtai-section wtai-image_1754207334585-section\">\n<figure class=\"wtai-image-p wtai-align-center\" style=\"text-align:center\"><img decoding=\"async\" src=\"https:\/\/demostore.ai\/wp-content\/uploads\/2025\/06\/Chair-4-600x600.png\" alt=\"Gh\u1ebf v\u0103n ph\u00f2ng l\u01b0\u1edbi c\u00f4ng th\u00e1i h\u1ecdc v\u1edbi t\u1ef1a l\u01b0ng tho\u00e1ng kh\u00ed v\u00e0 tay v\u1ecbn ch\u1eafc ch\u1eafn.\" srcset=\"https:\/\/demostore.ai\/wp-content\/uploads\/2025\/06\/Chair-4.png 1000w, https:\/\/demostore.ai\/wp-content\/uploads\/2025\/06\/Chair-4-300x300.png 300w, https:\/\/demostore.ai\/wp-content\/uploads\/2025\/06\/Chair-4-150x150.png 150w, https:\/\/demostore.ai\/wp-content\/uploads\/2025\/06\/Chair-4-768x768.png 768w, https:\/\/demostore.ai\/wp-content\/uploads\/2025\/06\/Chair-4-600x600.png 600w, https:\/\/demostore.ai\/wp-content\/uploads\/2025\/06\/Chair-4-250x250.png 250w\"><figcaption>\n<p>T\u1ef1a l\u01b0ng cong nh\u1eb9 h\u1ed7 tr\u1ee3 c\u1ed9t s\u1ed1ng, tay v\u1ecbn li\u1ec1n m\u1ea1ch t\u0103ng c\u1ea3m gi\u00e1c tho\u1ea3i m\u00e1i khi l\u00e0m vi\u1ec7c.<\/p>\n<\/figcaption><\/figure>\n<\/p><\/div>\n<section data-wtai-block-id=\"wtai_product_description_use_cases\" class=\"wtai-section wtai-use_cases-section\">\n<h2>\u1ee8ng D\u1ee5ng Trong Cu\u1ed9c S\u1ed1ng<\/h2>\n<ul>\n<li><strong>Kh\u00f4ng gian v\u0103n ph\u00f2ng:<\/strong> T\u1ed1i \u01b0u ch\u1ed7 ng\u1ed3i l\u00e0m vi\u1ec7c cho nh\u00e2n vi\u00ean c\u1ea7n s\u1ef1 tho\u1ea3i m\u00e1i th\u1eddi gian d\u00e0i.<\/li>\n<li><strong>G\u00f3c l\u00e0m vi\u1ec7c t\u1ea1i nh\u00e0:<\/strong> Ph\u00f9 h\u1ee3p l\u00e0m gh\u1ebf b\u00e0n m\u00e1y t\u00ednh, h\u1ecdc t\u1eadp ho\u1eb7c l\u00e0m vi\u1ec7c online \u1ed5n \u0111\u1ecbnh nhi\u1ec1u gi\u1edd.<\/li>\n<li><strong>Ph\u00f2ng h\u1ecdp ho\u1eb7c h\u1ed9i tr\u01b0\u1eddng:<\/strong> T\u1ea1o s\u1ef1 chuy\u00ean nghi\u1ec7p v\u00e0 d\u1ec5 ch\u1ecbu cho c\u00e1c bu\u1ed5i h\u1ecdp k\u00e9o d\u00e0i.<\/li>\n<li><strong>Ph\u00f2ng \u0111\u1ecdc s\u00e1ch ho\u1eb7c nghi\u00ean c\u1ee9u:<\/strong> Gi\u00fap duy tr\u00ec s\u1ef1 t\u1eadp trung, gi\u1ea3m \u0111au l\u01b0ng khi ng\u1ed3i l\u00e2u.<\/li>\n<\/ul>\n<\/section>\n<section data-wtai-block-id=\"wtai_product_description_custom_1754207271771\" class=\"wtai-section wtai-custom_1754207271771-section\">\n<h2>M\u1eb9o b\u1ea3o qu\u1ea3n gh\u1ebf l\u01b0\u1edbi c\u00f4ng th\u00e1i h\u1ecdc hi\u1ec7u qu\u1ea3<\/h2>\n<ul>\n<li>L\u00e0m s\u1ea1ch l\u01b0ng gh\u1ebf v\u00e0 \u0111\u1ec7m ng\u1ed3i b\u1eb1ng kh\u0103n m\u1ec1m th\u01b0\u1eddng xuy\u00ean \u0111\u1ec3 gi\u1eef b\u1ec1 m\u1eb7t lu\u00f4n th\u00f4ng tho\u00e1ng.<\/li>\n<li>Tr\u00e1nh \u0111\u1eb7t gh\u1ebf \u1edf n\u01a1i c\u00f3 \u00e1nh n\u1eafng tr\u1ef1c ti\u1ebfp \u0111\u1ec3 h\u1ea1n ch\u1ebf b\u1ea1c m\u00e0u v\u00e0 h\u01b0 h\u1ea1i l\u01b0\u1edbi.<\/li>\n<li>Ki\u1ec3m tra v\u00e0 si\u1ebft ch\u1eb7t c\u00e1c \u1ed1c v\u00edt \u0111\u1ecbnh k\u1ef3 gi\u00fap gh\u1ebf lu\u00f4n v\u1eefng ch\u1eafc khi s\u1eed d\u1ee5ng.<\/li>\n<li>\u0110\u1eb7t gh\u1ebf \u1edf n\u01a1i kh\u00f4 r\u00e1o, h\u1ea1n ch\u1ebf ti\u1ebfp x\u00fac v\u1edbi m\u00f4i tr\u01b0\u1eddng \u1ea9m \u01b0\u1edbt \u0111\u1ec3 t\u0103ng \u0111\u1ed9 b\u1ec1n.<\/li>\n<\/ul>\n<\/section>\n<section data-wtai-block-id=\"wtai_product_description_faqs\" class=\"wtai-section wtai-faqs-section\">\n<h2>C\u00e2u H\u1ecfi Th\u01b0\u1eddng G\u1eb7p<\/h2>\n<p><strong>Gh\u1ebf l\u01b0\u1edbi c\u00f4ng th\u00e1i h\u1ecdc n\u00e0y ph\u00f9 h\u1ee3p chi\u1ec1u cao ng\u01b0\u1eddi d\u00f9ng th\u1ebf n\u00e0o?<\/strong> <br \/> Gh\u1ebf c\u00f3 th\u1ec3 n\u00e2ng h\u1ea1 \u0111\u1ed9 cao, ph\u00f9 h\u1ee3p cho \u0111a s\u1ed1 chi\u1ec1u cao ng\u01b0\u1eddi l\u1edbn t\u1eeb kho\u1ea3ng 1,55 m \u0111\u1ebfn 1,80 m.<\/p>\n<p><strong>L\u01b0ng l\u01b0\u1edbi c\u00f3 d\u1ec5 b\u1ecb r\u00e1ch ho\u1eb7c x\u1ec7 sau th\u1eddi gian s\u1eed d\u1ee5ng kh\u00f4ng?<\/strong> <br \/> L\u01b0ng gh\u1ebf s\u1eed d\u1ee5ng l\u01b0\u1edbi t\u1ed5ng h\u1ee3p ch\u1ea5t l\u01b0\u1ee3ng t\u1ed1t, \u0111\u1ed9 \u0111\u00e0n h\u1ed3i cao, kh\u00f3 b\u1ecb x\u1ec7 v\u1edbi vi\u1ec7c s\u1eed d\u1ee5ng v\u00e0 b\u1ea3o qu\u1ea3n \u0111\u00fang c\u00e1ch.<\/p>\n<p><strong>Tay v\u1ecbn c\u00f3 \u0111i\u1ec1u ch\u1ec9nh \u0111\u01b0\u1ee3c kh\u00f4ng?<\/strong> <br \/> Tay v\u1ecbn c\u1ee7a gh\u1ebf \u0111\u01b0\u1ee3c thi\u1ebft k\u1ebf c\u1ed1 \u0111\u1ecbnh, d\u1ea1ng cong nh\u1eb9 \u0111\u1ec3 t\u1ea1o c\u1ea3m gi\u00e1c t\u1ef1 nhi\u00ean cho khu\u1ef7u tay khi l\u00e0m vi\u1ec7c.<\/p>\n<p><strong>C\u00f3 ph\u00f9 h\u1ee3p s\u1eed d\u1ee5ng cho h\u1ecdc sinh, sinh vi\u00ean kh\u00f4ng?<\/strong> <br \/> Gh\u1ebf th\u00edch h\u1ee3p cho c\u1ea3 h\u1ecdc sinh, sinh vi\u00ean ho\u1eb7c l\u00e0m vi\u1ec7c t\u1ea1i nh\u00e0; \u0111\u00e1p \u1ee9ng nhu c\u1ea7u ng\u1ed3i l\u00e2u m\u00e0 kh\u00f4ng c\u0103ng th\u1eb3ng l\u01b0ng.<\/p>\n<p><strong>B\u00e1nh xe c\u00f3 g\u00e2y tr\u1ea7y x\u01b0\u1edbc s\u00e0n g\u1ed7 kh\u00f4ng?<\/strong> <br \/> B\u00e1nh xe nh\u1ef1a chuy\u00ean d\u1ee5ng h\u1ea1n ch\u1ebf g\u00e2y tr\u1ea7y x\u01b0\u1edbc s\u00e0n. V\u1edbi s\u00e0n g\u1ed7 cao c\u1ea5p, n\u00ean b\u1ed5 sung th\u1ea3m l\u00f3t \u0111\u1ec3 b\u1ea3o v\u1ec7 t\u1ed1i \u0111a.<\/p>\n<\/section>\n<section data-wtai-block-id=\"wtai_product_description_conclusion\" class=\"wtai-section wtai-conclusion-section\">\n<h2>Ho\u00e0n Thi\u1ec7n Kh\u00f4ng Gian L\u00e0m Vi\u1ec7c C\u1ee7a B\u1ea1n Ngay H\u00f4m Nay<\/h2>\n<p><strong>Gh\u1ebf V\u0103n Ph\u00f2ng L\u01b0\u1edbi C\u00f4ng Th\u00e1i H\u1ecdc k\u1ebft h\u1ee3p s\u1ef1 ti\u1ec7n nghi, h\u1ed7 tr\u1ee3 t\u1ed1i \u01b0u cho s\u1ee9c kh\u1ecfe v\u1edbi thi\u1ebft k\u1ebf hi\u1ec7n \u0111\u1ea1i h\u1ee3p xu h\u01b0\u1edbng.<\/strong> <strong>N\u1ebfu b\u1ea1n mong mu\u1ed1n m\u1ed9t kh\u00f4ng gian l\u00e0m vi\u1ec7c lu\u00f4n d\u1ec5 ch\u1ecbu, t\u1eadp trung v\u00e0 b\u1ea3o v\u1ec7 c\u1ed9t s\u1ed1ng, \u0111\u00e2y l\u00e0 l\u1ef1a ch\u1ecdn \u0111\u00e1ng c\u00e2n nh\u1eafc.<\/strong> <strong>\u0110\u1ea7u t\u01b0 cho ch\u1ed7 ng\u1ed3i ch\u1ea5t l\u01b0\u1ee3ng l\u00e0 b\u01b0\u1edbc nh\u1ecf mang l\u1ea1i hi\u1ec7u qu\u1ea3 l\u1edbn m\u1ed7i ng\u00e0y.<\/strong> <strong>H\u00e3y ch\u1ecdn ngay s\u1ea3n ph\u1ea9m h\u00f4m nay \u0111\u1ec3 tr\u1ea3i nghi\u1ec7m tr\u1ecdn v\u1eb9n s\u1ef1 tho\u1ea3i m\u00e1i v\u00e0 chuy\u00ean nghi\u1ec7p trong t\u1eebng gi\u1edd l\u00e0m vi\u1ec7c.<\/strong><\/p>\n<\/section>\n","protected":false},"excerpt":{"rendered":"<div data-wtai-block-id=\"wtai_excerpt_subtitle\" class=\"wtai-section wtai-subtitle-section\">\n<p><em><strong>T\u1eadn h\u01b0\u1edfng c\u1ea3m gi\u00e1c ng\u1ed3i nh\u1eb9 nh\u00e0ng, tho\u00e1ng m\u00e1t su\u1ed1t ng\u00e0y d\u00e0i l\u00e0m vi\u1ec7c.<\/strong><\/em><\/p>\n<\/p><\/div>\n<div data-wtai-block-id=\"wtai_excerpt_introduction\" class=\"wtai-section wtai-introduction-section\">\n<p>\u0110\u00f4i khi, c\u1ea3m gi\u00e1c tho\u1ea3i m\u00e1i \u0111\u01a1n gi\u1ea3n l\u1ea1i l\u00e0m n\u00ean s\u1ef1 kh\u00e1c bi\u1ec7t trong ng\u00e0y l\u00e0m vi\u1ec7c. Gh\u1ebf v\u0103n ph\u00f2ng l\u01b0\u1edbi c\u00f4ng th\u00e1i h\u1ecdc mang \u0111\u1ebfn kh\u00f4ng gian ng\u1ed3i d\u1ec5 ch\u1ecbu v\u1edbi thi\u1ebft k\u1ebf hi\u1ec7n \u0111\u1ea1i, ph\u00f9 h\u1ee3p cho m\u1ecdi \u0111\u1ed1i t\u01b0\u1ee3ng trong m\u00f4i tr\u01b0\u1eddng c\u00f4ng s\u1edf n\u0103ng \u0111\u1ed9ng. Ph\u1ea7n t\u1ef1a l\u01b0ng b\u1eb1ng l\u01b0\u1edbi tho\u00e1ng kh\u00ed gi\u00fap kh\u00f4ng b\u1ecb b\u00ed b\u1ee9c, trong khi ph\u1ea7n \u0111\u1ec7m \u00eam \u00e1i h\u1ed7 tr\u1ee3 hi\u1ec7u qu\u1ea3 cho v\u00f9ng l\u01b0ng v\u00e0 h\u00f4ng, t\u1ea1o c\u1ea3m gi\u00e1c th\u01b0 gi\u00e3n d\u00f9 ph\u1ea3i l\u00e0m vi\u1ec7c li\u00ean t\u1ee5c. \u0110\u00e2y l\u00e0 l\u1ef1a ch\u1ecdn l\u00fd t\u01b0\u1edfng cho b\u1ea5t c\u1ee9 ai mu\u1ed1n \u0111\u1ea7u t\u01b0 v\u00e0o s\u1ef1 ti\u1ec7n nghi v\u00e0 s\u1ee9c kh\u1ecfe khi ng\u1ed3i l\u00e2u \u1edf b\u00e0n l\u00e0m vi\u1ec7c.<\/p>\n<\/p><\/div>\n","protected":false},"featured_media":24226,"comment_status":"open","ping_status":"closed","template":"","meta":[],"product_brand":[],"product_cat":[161],"product_tag":[],"class_list":{"0":"post-36762","1":"product","2":"type-product","3":"status-publish","4":"has-post-thumbnail","6":"product_cat-nha-cua-loi-song","8":"first","9":"instock","10":"shipping-taxable","11":"purchasable","12":"product-type-simple"},"bundled_by":["244229"],"bundle_stock_status":"instock","bundle_stock_quantity":null,"bundle_virtual":false,"bundle_layout":"","bundle_add_to_cart_form_location":"","bundle_editable_in_cart":false,"bundle_sold_individually_context":"","bundle_item_grouping":"","bundle_min_size":"","bundle_max_size":"","bundle_price":[],"bundled_items":[],"bundle_sell_ids":[],"yoast_head":"<!-- This site is optimized with the Yoast SEO plugin v25.2 - https:\/\/yoast.com\/wordpress\/plugins\/seo\/ -->\n<title>Top-Rated Gh\u1ebf V\u0103n Ph\u00f2ng L\u01b0\u1edbi C\u00f4ng Th\u00e1i H\u1ecdc Cho Kh\u00f4ng Gian Hi\u1ec7n \u0110\u1ea1i<\/title>\n<meta name=\"description\" content=\"Nh\u1edd l\u01b0ng l\u01b0\u1edbi tho\u00e1ng kh\u00ed, t\u1ef1a ergonomic, \u0111\u1ec7m ng\u1ed3i \u00eam v\u00e0 kh\u1ea3 n\u0103ng di chuy\u1ec3n linh ho\u1ea1t, chi\u1ebfc gh\u1ebf n\u00e0y t\u1ea1o s\u1ef1 tho\u1ea3i m\u00e1i cho m\u1ecdi kh\u00f4ng gian l\u00e0m vi\u1ec7c.\" \/>\n<meta name=\"robots\" content=\"index, follow, max-snippet:-1, max-image-preview:large, max-video-preview:-1\" \/>\n<link rel=\"canonical\" href=\"https:\/\/demostore.ai\/vi\/san-pham\/ghe-van-phong-luoi-cong-thai-hoc\/\" \/>\n<meta property=\"og:type\" content=\"article\" \/>\n<meta property=\"og:title\" content=\"Top-Rated Gh\u1ebf V\u0103n Ph\u00f2ng L\u01b0\u1edbi C\u00f4ng Th\u00e1i H\u1ecdc Cho Kh\u00f4ng Gian Hi\u1ec7n \u0110\u1ea1i\" \/>\n<meta property=\"og:description\" content=\"V\u1edbi t\u1ef1a l\u01b0ng l\u01b0\u1edbi n\u00e2ng \u0111\u1ee1 chu\u1ea9n c\u00f4ng th\u00e1i h\u1ecdc v\u00e0 \u0111\u1ec7m ng\u1ed3i d\u00e0y d\u1eb7n, gh\u1ebf v\u0103n ph\u00f2ng n\u00e0y mang l\u1ea1i s\u1ef1 d\u1ec5 ch\u1ecbu m\u1ed7i khi l\u00e0m vi\u1ec7c, h\u1ecdc t\u1eadp ho\u1eb7c h\u1ecdp nh\u00f3m.\" \/>\n<meta property=\"og:url\" content=\"https:\/\/demostore.ai\/vi\/san-pham\/ghe-van-phong-luoi-cong-thai-hoc\/\" \/>\n<meta property=\"og:site_name\" content=\"Trendy Thread\" \/>\n<meta property=\"article:modified_time\" content=\"2026-02-18T02:14:23+00:00\" \/>\n<meta property=\"og:image\" content=\"https:\/\/demostore.ai\/wp-content\/uploads\/2025\/06\/Chair-1.png\" \/>\n\t<meta property=\"og:image:width\" content=\"660\" \/>\n\t<meta property=\"og:image:height\" content=\"1000\" \/>\n\t<meta property=\"og:image:type\" content=\"image\/png\" \/>\n<meta name=\"twitter:card\" content=\"summary_large_image\" \/>\n<meta name=\"twitter:title\" content=\"Top-Rated Gh\u1ebf V\u0103n Ph\u00f2ng L\u01b0\u1edbi C\u00f4ng Th\u00e1i H\u1ecdc Cho Kh\u00f4ng Gian Hi\u1ec7n \u0110\u1ea1i\" \/>\n<meta name=\"twitter:description\" content=\"V\u1edbi t\u1ef1a l\u01b0ng l\u01b0\u1edbi n\u00e2ng \u0111\u1ee1 chu\u1ea9n c\u00f4ng th\u00e1i h\u1ecdc v\u00e0 \u0111\u1ec7m ng\u1ed3i d\u00e0y d\u1eb7n, gh\u1ebf v\u0103n ph\u00f2ng n\u00e0y mang l\u1ea1i s\u1ef1 d\u1ec5 ch\u1ecbu m\u1ed7i khi l\u00e0m vi\u1ec7c, h\u1ecdc t\u1eadp ho\u1eb7c h\u1ecdp nh\u00f3m.\" \/>\n<meta name=\"twitter:label1\" content=\"\u01af\u1edbc t\u00ednh th\u1eddi gian \u0111\u1ecdc\" \/>\n\t<meta name=\"twitter:data1\" content=\"1 ph\u00fat\" \/>\n<script type=\"application\/ld+json\" class=\"yoast-schema-graph\">{\"@context\":\"https:\/\/schema.org\",\"@graph\":[{\"@type\":\"WebPage\",\"@id\":\"https:\/\/demostore.ai\/vi\/san-pham\/ghe-van-phong-luoi-cong-thai-hoc\/\",\"url\":\"https:\/\/demostore.ai\/vi\/san-pham\/ghe-van-phong-luoi-cong-thai-hoc\/\",\"name\":\"Top-Rated Gh\u1ebf V\u0103n Ph\u00f2ng L\u01b0\u1edbi C\u00f4ng Th\u00e1i H\u1ecdc Cho Kh\u00f4ng Gian Hi\u1ec7n \u0110\u1ea1i\",\"isPartOf\":{\"@id\":\"https:\/\/demostore.ai\/vi\/#website\"},\"primaryImageOfPage\":{\"@id\":\"https:\/\/demostore.ai\/vi\/san-pham\/ghe-van-phong-luoi-cong-thai-hoc\/#primaryimage\"},\"image\":{\"@id\":\"https:\/\/demostore.ai\/vi\/san-pham\/ghe-van-phong-luoi-cong-thai-hoc\/#primaryimage\"},\"thumbnailUrl\":\"https:\/\/demostore.ai\/wp-content\/uploads\/2025\/06\/Chair-1.png\",\"datePublished\":\"2025-06-16T01:50:47+00:00\",\"dateModified\":\"2026-02-18T02:14:23+00:00\",\"description\":\"Nh\u1edd l\u01b0ng l\u01b0\u1edbi tho\u00e1ng kh\u00ed, t\u1ef1a ergonomic, \u0111\u1ec7m ng\u1ed3i \u00eam v\u00e0 kh\u1ea3 n\u0103ng di chuy\u1ec3n linh ho\u1ea1t, chi\u1ebfc gh\u1ebf n\u00e0y t\u1ea1o s\u1ef1 tho\u1ea3i m\u00e1i cho m\u1ecdi kh\u00f4ng gian l\u00e0m vi\u1ec7c.\",\"breadcrumb\":{\"@id\":\"https:\/\/demostore.ai\/vi\/san-pham\/ghe-van-phong-luoi-cong-thai-hoc\/#breadcrumb\"},\"inLanguage\":\"vi\",\"potentialAction\":[{\"@type\":\"ReadAction\",\"target\":[\"https:\/\/demostore.ai\/vi\/san-pham\/ghe-van-phong-luoi-cong-thai-hoc\/\"]}]},{\"@type\":\"ImageObject\",\"inLanguage\":\"vi\",\"@id\":\"https:\/\/demostore.ai\/vi\/san-pham\/ghe-van-phong-luoi-cong-thai-hoc\/#primaryimage\",\"url\":\"https:\/\/demostore.ai\/wp-content\/uploads\/2025\/06\/Chair-1.png\",\"contentUrl\":\"https:\/\/demostore.ai\/wp-content\/uploads\/2025\/06\/Chair-1.png\",\"width\":660,\"height\":1000,\"caption\":\"Gh\u1ebf v\u0103n ph\u00f2ng l\u01b0\u1edbi c\u00f4ng th\u00e1i h\u1ecdc m\u00e0u \u0111en, t\u1ef1a l\u01b0ng tho\u00e1ng kh\u00ed, tay v\u1ecbn v\u00e0 ch\u00e2n xoay ti\u1ec7n l\u1ee3i.\"},{\"@type\":\"BreadcrumbList\",\"@id\":\"https:\/\/demostore.ai\/vi\/san-pham\/ghe-van-phong-luoi-cong-thai-hoc\/#breadcrumb\",\"itemListElement\":[{\"@type\":\"ListItem\",\"position\":1,\"name\":\"Trang ch\u1ee7\",\"item\":\"https:\/\/demostore.ai\/vi\/\"},{\"@type\":\"ListItem\",\"position\":2,\"name\":\"C\u1eeda h\u00e0ng\",\"item\":\"https:\/\/demostore.ai\/vi\/cua-hang\/\"},{\"@type\":\"ListItem\",\"position\":3,\"name\":\"Gh\u1ebf V\u0103n Ph\u00f2ng L\u01b0\u1edbi C\u00f4ng Th\u00e1i H\u1ecdc\"}]},{\"@type\":\"WebSite\",\"@id\":\"https:\/\/demostore.ai\/vi\/#website\",\"url\":\"https:\/\/demostore.ai\/vi\/\",\"name\":\"Trendy Thread\",\"description\":\"C\u1eeda h\u00e0ng demo WriteText.ai\",\"publisher\":{\"@id\":\"https:\/\/demostore.ai\/vi\/#organization\"},\"potentialAction\":[{\"@type\":\"SearchAction\",\"target\":{\"@type\":\"EntryPoint\",\"urlTemplate\":\"https:\/\/demostore.ai\/vi\/?s={search_term_string}\"},\"query-input\":{\"@type\":\"PropertyValueSpecification\",\"valueRequired\":true,\"valueName\":\"search_term_string\"}}],\"inLanguage\":\"vi\"},{\"@type\":\"Organization\",\"@id\":\"https:\/\/demostore.ai\/vi\/#organization\",\"name\":\"WriteText.ai\",\"url\":\"https:\/\/demostore.ai\/vi\/\",\"logo\":{\"@type\":\"ImageObject\",\"inLanguage\":\"vi\",\"@id\":\"https:\/\/demostore.ai\/vi\/#\/schema\/logo\/image\/\",\"url\":\"https:\/\/demostore.ai\/wp-content\/uploads\/2025\/10\/writetext_logo.webp\",\"contentUrl\":\"https:\/\/demostore.ai\/wp-content\/uploads\/2025\/10\/writetext_logo.webp\",\"width\":200,\"height\":34,\"caption\":\"WriteText.ai\"},\"image\":{\"@id\":\"https:\/\/demostore.ai\/vi\/#\/schema\/logo\/image\/\"}}]}<\/script>\n<!-- \/ Yoast SEO plugin. -->","yoast_head_json":{"title":"Top-Rated Gh\u1ebf V\u0103n Ph\u00f2ng L\u01b0\u1edbi C\u00f4ng Th\u00e1i H\u1ecdc Cho Kh\u00f4ng Gian Hi\u1ec7n \u0110\u1ea1i","description":"Nh\u1edd l\u01b0ng l\u01b0\u1edbi tho\u00e1ng kh\u00ed, t\u1ef1a ergonomic, \u0111\u1ec7m ng\u1ed3i \u00eam v\u00e0 kh\u1ea3 n\u0103ng di chuy\u1ec3n linh ho\u1ea1t, chi\u1ebfc gh\u1ebf n\u00e0y t\u1ea1o s\u1ef1 tho\u1ea3i m\u00e1i cho m\u1ecdi kh\u00f4ng gian l\u00e0m vi\u1ec7c.","robots":{"index":"index","follow":"follow","max-snippet":"max-snippet:-1","max-image-preview":"max-image-preview:large","max-video-preview":"max-video-preview:-1"},"canonical":"https:\/\/demostore.ai\/vi\/san-pham\/ghe-van-phong-luoi-cong-thai-hoc\/","og_type":"article","og_title":"Top-Rated Gh\u1ebf V\u0103n Ph\u00f2ng L\u01b0\u1edbi C\u00f4ng Th\u00e1i H\u1ecdc Cho Kh\u00f4ng Gian Hi\u1ec7n \u0110\u1ea1i","og_description":"V\u1edbi t\u1ef1a l\u01b0ng l\u01b0\u1edbi n\u00e2ng \u0111\u1ee1 chu\u1ea9n c\u00f4ng th\u00e1i h\u1ecdc v\u00e0 \u0111\u1ec7m ng\u1ed3i d\u00e0y d\u1eb7n, gh\u1ebf v\u0103n ph\u00f2ng n\u00e0y mang l\u1ea1i s\u1ef1 d\u1ec5 ch\u1ecbu m\u1ed7i khi l\u00e0m vi\u1ec7c, h\u1ecdc t\u1eadp ho\u1eb7c h\u1ecdp nh\u00f3m.","og_url":"https:\/\/demostore.ai\/vi\/san-pham\/ghe-van-phong-luoi-cong-thai-hoc\/","og_site_name":"Trendy Thread","article_modified_time":"2026-02-18T02:14:23+00:00","og_image":[{"width":660,"height":1000,"url":"https:\/\/demostore.ai\/wp-content\/uploads\/2025\/06\/Chair-1.png","type":"image\/png"}],"twitter_card":"summary_large_image","twitter_title":"Top-Rated Gh\u1ebf V\u0103n Ph\u00f2ng L\u01b0\u1edbi C\u00f4ng Th\u00e1i H\u1ecdc Cho Kh\u00f4ng Gian Hi\u1ec7n \u0110\u1ea1i","twitter_description":"V\u1edbi t\u1ef1a l\u01b0ng l\u01b0\u1edbi n\u00e2ng \u0111\u1ee1 chu\u1ea9n c\u00f4ng th\u00e1i h\u1ecdc v\u00e0 \u0111\u1ec7m ng\u1ed3i d\u00e0y d\u1eb7n, gh\u1ebf v\u0103n ph\u00f2ng n\u00e0y mang l\u1ea1i s\u1ef1 d\u1ec5 ch\u1ecbu m\u1ed7i khi l\u00e0m vi\u1ec7c, h\u1ecdc t\u1eadp ho\u1eb7c h\u1ecdp nh\u00f3m.","twitter_misc":{"\u01af\u1edbc t\u00ednh th\u1eddi gian \u0111\u1ecdc":"1 ph\u00fat"},"schema":{"@context":"https:\/\/schema.org","@graph":[{"@type":"WebPage","@id":"https:\/\/demostore.ai\/vi\/san-pham\/ghe-van-phong-luoi-cong-thai-hoc\/","url":"https:\/\/demostore.ai\/vi\/san-pham\/ghe-van-phong-luoi-cong-thai-hoc\/","name":"Top-Rated Gh\u1ebf V\u0103n Ph\u00f2ng L\u01b0\u1edbi C\u00f4ng Th\u00e1i H\u1ecdc Cho Kh\u00f4ng Gian Hi\u1ec7n \u0110\u1ea1i","isPartOf":{"@id":"https:\/\/demostore.ai\/vi\/#website"},"primaryImageOfPage":{"@id":"https:\/\/demostore.ai\/vi\/san-pham\/ghe-van-phong-luoi-cong-thai-hoc\/#primaryimage"},"image":{"@id":"https:\/\/demostore.ai\/vi\/san-pham\/ghe-van-phong-luoi-cong-thai-hoc\/#primaryimage"},"thumbnailUrl":"https:\/\/demostore.ai\/wp-content\/uploads\/2025\/06\/Chair-1.png","datePublished":"2025-06-16T01:50:47+00:00","dateModified":"2026-02-18T02:14:23+00:00","description":"Nh\u1edd l\u01b0ng l\u01b0\u1edbi tho\u00e1ng kh\u00ed, t\u1ef1a ergonomic, \u0111\u1ec7m ng\u1ed3i \u00eam v\u00e0 kh\u1ea3 n\u0103ng di chuy\u1ec3n linh ho\u1ea1t, chi\u1ebfc gh\u1ebf n\u00e0y t\u1ea1o s\u1ef1 tho\u1ea3i m\u00e1i cho m\u1ecdi kh\u00f4ng gian l\u00e0m vi\u1ec7c.","breadcrumb":{"@id":"https:\/\/demostore.ai\/vi\/san-pham\/ghe-van-phong-luoi-cong-thai-hoc\/#breadcrumb"},"inLanguage":"vi","potentialAction":[{"@type":"ReadAction","target":["https:\/\/demostore.ai\/vi\/san-pham\/ghe-van-phong-luoi-cong-thai-hoc\/"]}]},{"@type":"ImageObject","inLanguage":"vi","@id":"https:\/\/demostore.ai\/vi\/san-pham\/ghe-van-phong-luoi-cong-thai-hoc\/#primaryimage","url":"https:\/\/demostore.ai\/wp-content\/uploads\/2025\/06\/Chair-1.png","contentUrl":"https:\/\/demostore.ai\/wp-content\/uploads\/2025\/06\/Chair-1.png","width":660,"height":1000,"caption":"Gh\u1ebf v\u0103n ph\u00f2ng l\u01b0\u1edbi c\u00f4ng th\u00e1i h\u1ecdc m\u00e0u \u0111en, t\u1ef1a l\u01b0ng tho\u00e1ng kh\u00ed, tay v\u1ecbn v\u00e0 ch\u00e2n xoay ti\u1ec7n l\u1ee3i."},{"@type":"BreadcrumbList","@id":"https:\/\/demostore.ai\/vi\/san-pham\/ghe-van-phong-luoi-cong-thai-hoc\/#breadcrumb","itemListElement":[{"@type":"ListItem","position":1,"name":"Trang ch\u1ee7","item":"https:\/\/demostore.ai\/vi\/"},{"@type":"ListItem","position":2,"name":"C\u1eeda h\u00e0ng","item":"https:\/\/demostore.ai\/vi\/cua-hang\/"},{"@type":"ListItem","position":3,"name":"Gh\u1ebf V\u0103n Ph\u00f2ng L\u01b0\u1edbi C\u00f4ng Th\u00e1i H\u1ecdc"}]},{"@type":"WebSite","@id":"https:\/\/demostore.ai\/vi\/#website","url":"https:\/\/demostore.ai\/vi\/","name":"Trendy Thread","description":"C\u1eeda h\u00e0ng demo WriteText.ai","publisher":{"@id":"https:\/\/demostore.ai\/vi\/#organization"},"potentialAction":[{"@type":"SearchAction","target":{"@type":"EntryPoint","urlTemplate":"https:\/\/demostore.ai\/vi\/?s={search_term_string}"},"query-input":{"@type":"PropertyValueSpecification","valueRequired":true,"valueName":"search_term_string"}}],"inLanguage":"vi"},{"@type":"Organization","@id":"https:\/\/demostore.ai\/vi\/#organization","name":"WriteText.ai","url":"https:\/\/demostore.ai\/vi\/","logo":{"@type":"ImageObject","inLanguage":"vi","@id":"https:\/\/demostore.ai\/vi\/#\/schema\/logo\/image\/","url":"https:\/\/demostore.ai\/wp-content\/uploads\/2025\/10\/writetext_logo.webp","contentUrl":"https:\/\/demostore.ai\/wp-content\/uploads\/2025\/10\/writetext_logo.webp","width":200,"height":34,"caption":"WriteText.ai"},"image":{"@id":"https:\/\/demostore.ai\/vi\/#\/schema\/logo\/image\/"}}]}},"_links":{"self":[{"href":"https:\/\/demostore.ai\/vi\/wp-json\/wp\/v2\/product\/36762","targetHints":{"allow":["GET"]}}],"collection":[{"href":"https:\/\/demostore.ai\/vi\/wp-json\/wp\/v2\/product"}],"about":[{"href":"https:\/\/demostore.ai\/vi\/wp-json\/wp\/v2\/types\/product"}],"replies":[{"embeddable":true,"href":"https:\/\/demostore.ai\/vi\/wp-json\/wp\/v2\/comments?post=36762"}],"wp:featuredmedia":[{"embeddable":true,"href":"https:\/\/demostore.ai\/vi\/wp-json\/wp\/v2\/media\/24226"}],"wp:attachment":[{"href":"https:\/\/demostore.ai\/vi\/wp-json\/wp\/v2\/media?parent=36762"}],"wp:term":[{"taxonomy":"product_brand","embeddable":true,"href":"https:\/\/demostore.ai\/vi\/wp-json\/wp\/v2\/product_brand?post=36762"},{"taxonomy":"product_cat","embeddable":true,"href":"https:\/\/demostore.ai\/vi\/wp-json\/wp\/v2\/product_cat?post=36762"},{"taxonomy":"product_tag","embeddable":true,"href":"https:\/\/demostore.ai\/vi\/wp-json\/wp\/v2\/product_tag?post=36762"}],"curies":[{"name":"wp","href":"https:\/\/api.w.org\/{rel}","templated":true}]}}