{"id":36691,"date":"2025-08-06T08:42:58","date_gmt":"2025-08-06T00:42:58","guid":{"rendered":"https:\/\/demostore.ai\/?post_type=product&#038;p=36691"},"modified":"2026-02-18T10:45:54","modified_gmt":"2026-02-18T02:45:54","slug":"the-lego-story","status":"publish","type":"product","link":"https:\/\/demostore.ai\/vi\/san-pham\/the-lego-story\/","title":{"rendered":"The LEGO Story"},"content":{"rendered":"<section data-wtai-block-id=\"wtai_product_description_features\" class=\"wtai-section wtai-features-section\">\n<h2>\u0110i\u1ec3m n\u1ed5i b\u1eadt c\u1ee7a The LEGO Story<\/h2>\n<ul>\n<li><strong>C\u00e2u chuy\u1ec7n ngu\u1ed3n g\u1ed1c LEGO \u0111\u1ed9c quy\u1ec1n<\/strong>: Kh\u00e1m ph\u00e1 l\u1ecbch s\u1eed th\u01b0\u01a1ng hi\u1ec7u LEGO qua qu\u00e1 tr\u00ecnh h\u00ecnh th\u00e0nh, ph\u00e1t tri\u1ec3n v\u00e0 \u0111\u1ed5i m\u1edbi t\u1eeb m\u1ed9t x\u01b0\u1edfng \u0111\u1ed3 g\u1ed7 nh\u1ecf t\u1ea1i \u0110an M\u1ea1ch \u0111\u1ebfn t\u1eadp \u0111o\u00e0n \u0111\u1ed3 ch\u01a1i to\u00e0n c\u1ea7u.<\/li>\n<li><strong>T\u00e1c gi\u1ea3 Jens Andersen uy t\u00edn<\/strong>: Vi\u1ebft b\u1edfi m\u1ed9t nh\u00e0 v\u0103n t\u1eebng \u0111o\u1ea1t gi\u1ea3i, k\u1ebft h\u1ee3p l\u1ed1i k\u1ec3 chuy\u1ec7n g\u1ea7n g\u0169i, s\u1eafc s\u1ea3o v\u1edbi nghi\u00ean c\u1ee9u chuy\u00ean s\u00e2u v\u00e0 quy\u1ec1n truy c\u1eadp v\u00e0o kho l\u01b0u tr\u1eef ri\u00eang c\u1ee7a gia \u0111\u00ecnh s\u00e1ng l\u1eadp.<\/li>\n<li><strong>T\u01b0 li\u1ec7u minh h\u1ecda n\u1ed5i b\u1eadt<\/strong>: S\u00e1ch mang \u0111\u1ebfn nh\u1eefng h\u00ecnh b\u1ea3n v\u1ebd k\u1ef9 thu\u1eadt \u0111\u1ed9c quy\u1ec1n v\u00e0 t\u01b0 li\u1ec7u \u1ea3nh ch\u01b0a t\u1eebng c\u00f4ng b\u1ed1. B\u00eca s\u00e1ch v\u1edbi m\u00e0u v\u00e0ng r\u1ef1c r\u1ee1, minh h\u1ecda LEGO Minifigure k\u1ef9 thu\u1eadt mang d\u1ea5u \u1ea5n s\u00e1ng t\u1ea1o.<\/li>\n<li><strong>N\u1ed9i dung truy\u1ec1n c\u1ea3m h\u1ee9ng kinh doanh<\/strong>: T\u1eadp trung v\u00e0o nh\u1eefng c\u1ed9t m\u1ed1c \u0111\u1ed5i m\u1edbi v\u00e0 b\u00e0i h\u1ecdc qu\u1ea3n tr\u1ecb doanh nghi\u1ec7p xuy\u00ean su\u1ed1t ba th\u1ebf h\u1ec7 c\u1ee7a gia \u0111\u00ecnh Kristiansen.<\/li>\n<li><strong>\u1ea2nh h\u01b0\u1edfng to\u00e0n c\u1ea7u c\u1ee7a LEGO<\/strong>: Ph\u00e2n t\u00edch c\u00e1ch m\u1ed9t m\u00f3n \u0111\u1ed3 ch\u01a1i nh\u1ecf c\u00f3 th\u1ec3 ch\u1ea1m \u0111\u1ebfn tr\u00ed t\u01b0\u1edfng t\u01b0\u1ee3ng v\u00e0 t\u1ea1o n\u00ean d\u1ea5u \u1ea5n v\u0103n h\u00f3a m\u1ea1nh m\u1ebd tr\u00ean th\u1ebf gi\u1edbi.<\/li>\n<\/ul>\n<\/section>\n<div data-wtai-block-id=\"wtai_product_description_image_1\" class=\"wtai-section wtai-image_1-section\">\n<figure class=\"wtai-image-p wtai-align-center\" style=\"text-align:center\"><img decoding=\"async\" src=\"https:\/\/demostore.ai\/wp-content\/uploads\/2025\/08\/Lego-2-600x600.png\" alt=\"M\u1eb7t sau cu\u1ed1n s\u00e1ch hay v\u1ec1 kinh doanh The LEGO Story v\u1edbi h\u00ecnh \u1ea3nh s\u1ea3n ph\u1ea9m v\u00e0 tr\u00edch d\u1eabn n\u1ed5i b\u1eadt.\" srcset=\"https:\/\/demostore.ai\/wp-content\/uploads\/2025\/08\/Lego-2.png 1000w, https:\/\/demostore.ai\/wp-content\/uploads\/2025\/08\/Lego-2-300x300.png 300w, https:\/\/demostore.ai\/wp-content\/uploads\/2025\/08\/Lego-2-150x150.png 150w, https:\/\/demostore.ai\/wp-content\/uploads\/2025\/08\/Lego-2-768x768.png 768w, https:\/\/demostore.ai\/wp-content\/uploads\/2025\/08\/Lego-2-600x600.png 600w, https:\/\/demostore.ai\/wp-content\/uploads\/2025\/08\/Lego-2-250x250.png 250w\"><figcaption>\n<p>M\u1eb7t sau s\u00e1ch n\u1ed5i b\u1eadt v\u1edbi \u1ea3nh \u0111\u1ed3 ch\u01a1i LEGO c\u1ed5 \u0111i\u1ec3n, h\u00ecnh minifigure v\u00e0 m\u1ed9t \u0111o\u1ea1n nh\u1eadn x\u00e9t n\u1ed5i b\u1eadt.<\/p>\n<\/figcaption><\/figure>\n<\/p><\/div>\n<section data-wtai-block-id=\"wtai_product_description_technical_specifications\" class=\"wtai-section wtai-technical_specifications-section\">\n<h3>Chi ti\u1ebft<\/h3>\n<ul>\n<li><strong>Lo\u1ea1i s\u1ea3n ph\u1ea9m: S\u00e1ch phi h\u01b0 c\u1ea5u (biography\/social history)<\/strong><\/li>\n<li><strong>T\u00e1c gi\u1ea3: Jens Andersen<\/strong><\/li>\n<li><strong>Ng\u00f4n ng\u1eef: Ti\u1ebfng Anh<\/strong><\/li>\n<li><strong>S\u1ed1 trang: 432 trang<\/strong><\/li>\n<li><strong>K\u00edch th\u01b0\u1edbc: 6,30&quot; x 1,46&quot; x 9,25&quot; (b\u00eca c\u1ee9ng)<\/strong><\/li>\n<li><strong>Ng\u00e0y xu\u1ea5t b\u1ea3n: 15\/11\/2022<\/strong><\/li>\n<li><strong>Nh\u00e0 xu\u1ea5t b\u1ea3n: Mariner Books (HarperCollins)<\/strong><\/li>\n<li><strong>Thi\u1ebft k\u1ebf b\u00eca: M\u00e0u v\u00e0ng, in ch\u1eef l\u1edbn, h\u00ecnh LEGO k\u1ef9 thu\u1eadt minh h\u1ecda<\/strong><\/li>\n<\/ul>\n<\/section>\n<section data-wtai-block-id=\"wtai_product_description_custom_1\" class=\"wtai-section wtai-custom_1-section\">\n<h2>Nh\u1eefng ai n\u00ean \u0111\u1ecdc The LEGO Story v\u00e0 d\u1ecbp s\u1eed d\u1ee5ng ph\u00f9 h\u1ee3p<\/h2>\n<ul>\n<li><strong>Doanh nh\u00e2n<\/strong>: Kh\u00e1m ph\u00e1 b\u00e0i h\u1ecdc s\u00e1ng t\u1ea1o v\u00e0 qu\u1ea3n tr\u1ecb th\u01b0\u01a1ng hi\u1ec7u b\u1ec1n v\u1eefng t\u1eeb LEGO.<\/li>\n<li><strong>Ng\u01b0\u1eddi y\u00eau l\u1ecbch s\u1eed<\/strong>: T\u00ecm hi\u1ec3u h\u00e0nh tr\u00ecnh t\u1eeb x\u01b0\u1edfng m\u1ed9c nh\u1ecf tr\u1edf th\u00e0nh th\u01b0\u01a1ng hi\u1ec7u to\u00e0n c\u1ea7u.<\/li>\n<li><strong>T\u1eb7ng qu\u00e0 doanh nghi\u1ec7p<\/strong>: L\u1ef1a ch\u1ecdn sang tr\u1ecdng cho d\u1ecbp tri \u00e2n ho\u1eb7c truy\u1ec1n c\u1ea3m h\u1ee9ng t\u1ea1i c\u00f4ng ty.<\/li>\n<\/ul>\n<\/section>\n<section data-wtai-block-id=\"wtai_product_description_custom_2\" class=\"wtai-section wtai-custom_2-section\">\n<h2>Gi\u1edbi thi\u1ec7u v\u1ec1 t\u00e1c gi\u1ea3 Jens Andersen<\/h2>\n<p>Jens Andersen l\u00e0 nh\u00e0 s\u1eed h\u1ecdc v\u00e0 t\u00e1c gi\u1ea3 n\u1ed5i ti\u1ebfng ng\u01b0\u1eddi \u0110an M\u1ea1ch, \u0111\u01b0\u1ee3c bi\u1ebft \u0111\u1ebfn v\u1edbi nh\u1eefng t\u00e1c ph\u1ea9m vi\u1ebft v\u1ec1 v\u0103n h\u00f3a doanh nghi\u1ec7p v\u00e0 l\u1ecbch s\u1eed gia \u0111\u00ecnh.<\/p>\n<p>\u00d4ng s\u1edf h\u1eefu h\u1ecdc v\u1ecb ti\u1ebfn s\u0129 c\u1ee7a \u0110\u1ea1i h\u1ecdc Copenhagen v\u00e0 t\u1eebng xu\u1ea5t b\u1ea3n h\u01a1n 30 cu\u1ed1n s\u00e1ch, nh\u1eadn nhi\u1ec1u gi\u1ea3i th\u01b0\u1edfng v\u0103n h\u1ecdc t\u1ea1i ch\u00e2u \u00c2u.<\/p>\n<p>V\u1edbi quy\u1ec1n truy c\u1eadp \u0111\u1ed9c quy\u1ec1n v\u00e0o t\u00e0i li\u1ec7u n\u1ed9i b\u1ed9 v\u00e0 ph\u1ecfng v\u1ea5n l\u00e3nh \u0111\u1ea1o LEGO, Jens Andersen mang \u0111\u1ebfn nh\u1eefng c\u00e2u chuy\u1ec7n h\u1ea5p d\u1eabn v\u1ec1 LEGO t\u1eeb x\u01b0\u1edfng m\u1ed9c nh\u1ecf tr\u1edf th\u00e0nh \u0111\u1ebf ch\u1ebf to\u00e0n c\u1ea7u.<\/p>\n<p>L\u1ed1i k\u1ec3 chuy\u1ec7n hi\u1ec7n \u0111\u1ea1i, \u0111\u1ea7y th\u00f4ng tin c\u1ee7a Andersen gi\u00fap cu\u1ed1n s\u00e1ch n\u00e0y tr\u1edf th\u00e0nh l\u1ef1a ch\u1ecdn l\u00fd t\u01b0\u1edfng cho nh\u1eefng \u0111\u1ed9c gi\u1ea3 doanh nghi\u1ec7p mu\u1ed1n kh\u00e1m ph\u00e1 b\u00ed quy\u1ebft th\u00e0nh c\u00f4ng tr\u01b0\u1eddng t\u1ed3n c\u1ee7a th\u01b0\u01a1ng hi\u1ec7u gi\u1ea3i tr\u00ed l\u1edbn.<\/p>\n<\/section>\n<section data-wtai-block-id=\"wtai_product_description_faqs\" class=\"wtai-section wtai-faqs-section\">\n<h2>C\u00e2u h\u1ecfi th\u01b0\u1eddng g\u1eb7p<\/h2>\n<p><strong>Ai n\u00ean \u0111\u1ecdc The LEGO Story?<\/strong><\/p>\n<p>S\u00e1ch ph\u00f9 h\u1ee3p cho nh\u1eefng ai y\u00eau th\u00edch l\u1ecbch s\u1eed th\u01b0\u01a1ng hi\u1ec7u, doanh nh\u00e2n, nh\u00e0 qu\u1ea3n tr\u1ecb c\u0169ng nh\u01b0 ng\u01b0\u1eddi t\u00ecm ki\u1ebfm ngu\u1ed3n c\u1ea3m h\u1ee9ng \u0111\u1ed5i m\u1edbi s\u00e1ng t\u1ea1o t\u1eeb c\u00e2u chuy\u1ec7n th\u1ef1c t\u1ebf c\u1ee7a LEGO.<\/p>\n<p><strong>S\u00e1ch c\u00f3 cung c\u1ea5p th\u00f4ng tin \u0111\u1ed9c quy\u1ec1n n\u00e0o v\u1ec1 LEGO kh\u00f4ng?<\/strong><\/p>\n<p>C\u00f3. T\u00e1c gi\u1ea3 Jens Andersen c\u00f3 quy\u1ec1n truy c\u1eadp kho l\u01b0u tr\u1eef ri\u00eang v\u00e0 ph\u1ecfng v\u1ea5n gia \u0111\u00ecnh Kristiansen, mang l\u1ea1i nhi\u1ec1u chi ti\u1ebft ch\u01b0a t\u1eebng c\u00f4ng b\u1ed1 v\u1ec1 qu\u00e1 tr\u00ecnh h\u00ecnh th\u00e0nh v\u00e0 ph\u00e1t tri\u1ec3n c\u1ee7a LEGO.<\/p>\n<p><strong>Ngo\u00e0i th\u00f4ng tin l\u1ecbch s\u1eed, s\u00e1ch c\u00f3 gi\u00e1 tr\u1ecb th\u1ef1c ti\u1ec5n n\u00e0o?<\/strong><\/p>\n<p>S\u00e1ch chia s\u1ebb nhi\u1ec1u b\u00e0i h\u1ecdc qu\u1ea3n tr\u1ecb, v\u0103n h\u00f3a \u0111\u1ed5i m\u1edbi v\u00e0 chi\u1ebfn l\u01b0\u1ee3c x\u00e2y d\u1ef1ng th\u01b0\u01a1ng hi\u1ec7u, ph\u00f9 h\u1ee3p cho \u0111\u1ed1i t\u01b0\u1ee3ng doanh nh\u00e2n v\u00e0 nh\u00e0 ho\u1ea1ch \u0111\u1ecbnh kinh doanh.<\/p>\n<p><strong>B\u1ea3n in n\u00e0y c\u00f3 g\u00ec n\u1ed5i b\u1eadt v\u1ec1 h\u00ecnh th\u1ee9c?<\/strong><\/p>\n<p>B\u00eca s\u00e1ch m\u00e0u v\u00e0ng \u0111\u1ed9c \u0111\u00e1o, thi\u1ebft k\u1ebf v\u1edbi h\u00ecnh LEGO Minifigure d\u1ea1ng k\u1ef9 thu\u1eadt v\u00e0 b\u1ed1 c\u1ee5c ch\u1eef l\u1edbn hi\u1ec7n \u0111\u1ea1i, \u1ea5n t\u01b0\u1ee3ng v\u00e0 d\u1ec5 nh\u1eadn di\u1ec7n.<\/p>\n<\/section>\n<section data-wtai-block-id=\"wtai_product_description_conclusion\" class=\"wtai-section wtai-conclusion-section\">\n<h3>Ch\u1ea1m v\u00e0o ngu\u1ed3n c\u1ea3m h\u1ee9ng \u0111\u1ed5i m\u1edbi t\u1eeb The LEGO Story<\/h3>\n<p><strong>The LEGO Story kh\u00f4ng ch\u1ec9 l\u00e0 m\u1ed9t cu\u1ed1n s\u00e1ch l\u1ecbch s\u1eed, m\u00e0 c\u00f2n l\u00e0 h\u00e0nh tr\u00ecnh kinh doanh v\u00e0 s\u00e1ng t\u1ea1o \u0111\u1ea7y c\u1ea3m h\u1ee9ng.<\/strong> <strong>B\u1ea1n s\u1ebd kh\u00e1m ph\u00e1 nh\u1eefng b\u00ed m\u1eadt v\u1ec1 c\u00e1ch LEGO \u0111\u1ecbnh h\u00ecnh tr\u00ed t\u01b0\u1edfng t\u01b0\u1ee3ng to\u00e0n c\u1ea7u v\u00e0 l\u00e3nh \u0111\u1ea1o s\u1ef1 ph\u00e1t tri\u1ec3n qua ba th\u1ebf h\u1ec7.<\/strong> <strong>Nhanh tay s\u1edf h\u1eefu \u0111\u1ec3 kh\u00f4ng b\u1ecf l\u1ee1 ngu\u1ed3n \u0111\u1ed9ng l\u1ef1c qu\u00fd gi\u00e1 cho doanh nghi\u1ec7p v\u00e0 cu\u1ed9c s\u1ed1ng s\u00e1ng t\u1ea1o c\u1ee7a b\u1ea1n h\u00f4m nay.<\/strong><\/p>\n<\/section>\n","protected":false},"excerpt":{"rendered":"<div data-wtai-block-id=\"wtai_excerpt_subtitle\" class=\"wtai-section wtai-subtitle-section\">\n<p><em><strong>H\u00e0nh tr\u00ecnh k\u1ef3 di\u1ec7u c\u1ee7a LEGO v\u00e0 ngh\u1ec7 thu\u1eadt x\u00e2y d\u1ef1ng \u0111\u1ebf ch\u1ebf s\u00e1ng t\u1ea1o.<\/strong><\/em><\/p>\n<\/p><\/div>\n<div data-wtai-block-id=\"wtai_excerpt_introduction\" class=\"wtai-section wtai-introduction-section\">\n<p>C\u00f3 bao gi\u1edd b\u1ea1n t\u1ef1 h\u1ecfi, m\u1ed9t vi\u00ean g\u1ea1ch nh\u1ecf b\u00e9 c\u00f3 th\u1ec3 thay \u0111\u1ed5i c\u1ea3 th\u1ebf gi\u1edbi kh\u00f4ng? &quot;The LEGO Story&quot; l\u00e0 cu\u1ed1n s\u00e1ch k\u1ec3 l\u1ea1i ch\u1eb7ng \u0111\u01b0\u1eddng t\u1eeb m\u1ed9t x\u01b0\u1edfng g\u1ed7 nh\u1ecf \u1edf \u0110an M\u1ea1ch tr\u1edf th\u00e0nh bi\u1ec3u t\u01b0\u1ee3ng s\u00e1ng t\u1ea1o to\u00e0n c\u1ea7u. S\u00e1ch \u0111\u01b0\u1ee3c vi\u1ebft theo phong c\u00e1ch hi\u1ec7n \u0111\u1ea1i, \u0111\u1ea7y h\u00e0i h\u01b0\u1edbc, l\u1ea5y c\u1ea3m h\u1ee9ng t\u1eeb ch\u00ednh n\u1ec1n t\u1ea3ng v\u00e0 tri\u1ebft l\u00fd kinh doanh c\u1ee7a LEGO. Ph\u00f9 h\u1ee3p cho \u0111\u1ed9c gi\u1ea3 l\u00e0 doanh nh\u00e2n, nh\u00e0 nghi\u00ean c\u1ee9u l\u1ecbch s\u1eed th\u01b0\u01a1ng hi\u1ec7u v\u00e0 nh\u1eefng ai t\u1eebng l\u1edbn l\u00ean c\u00f9ng LEGO, cu\u1ed1n s\u00e1ch n\u00e0y nh\u01b0 m\u1ed9t b\u1ea3n thi\u1ebft k\u1ebf tr\u1ef1c quan v\u1ec1 s\u1ef1 b\u1ec1n v\u1eefng, \u0111\u1ed5i m\u1edbi v\u00e0 kh\u00e1t v\u1ecdng hi\u1ec7n th\u1ef1c h\u00f3a nh\u1eefng \u00fd t\u01b0\u1edfng kh\u00f4ng t\u01b0\u1edfng.<\/p>\n<\/p><\/div>\n","protected":false},"featured_media":33585,"comment_status":"open","ping_status":"closed","template":"","meta":[],"product_brand":[],"product_cat":[196],"product_tag":[],"class_list":{"0":"post-36691","1":"product","2":"type-product","3":"status-publish","4":"has-post-thumbnail","6":"product_cat-sach-truyen-thong","8":"first","9":"instock","10":"shipping-taxable","11":"purchasable","12":"product-type-simple"},"bundled_by":[],"bundle_stock_status":"instock","bundle_stock_quantity":null,"bundle_virtual":false,"bundle_layout":"","bundle_add_to_cart_form_location":"","bundle_editable_in_cart":false,"bundle_sold_individually_context":"","bundle_item_grouping":"","bundle_min_size":"","bundle_max_size":"","bundle_price":[],"bundled_items":[],"bundle_sell_ids":[],"yoast_head":"<!-- This site is optimized with the Yoast SEO plugin v25.2 - https:\/\/yoast.com\/wordpress\/plugins\/seo\/ -->\n<title>Buy The LEGO Story \u0110\u1ec3 Kh\u00e1m Ph\u00e1 C\u00e2u Chuy\u1ec7n Huy\u1ec1n Tho\u1ea1i<\/title>\n<meta name=\"description\" content=\"N\u1ed5i b\u1eadt v\u1edbi s\u1eafc v\u00e0ng r\u1ef1c r\u1ee1, The LEGO Story k\u1ec3 c\u00e2u chuy\u1ec7n th\u01b0\u01a1ng hi\u1ec7u LEGO t\u1eeb thu\u1edf khai sinh \u0111\u1ebfn th\u00e0nh c\u00f4ng to\u00e0n c\u1ea7u, truy\u1ec1n c\u1ea3m h\u1ee9ng s\u00e1ng t\u1ea1o v\u00e0 \u0111\u1ed5i m\u1edbi.\" \/>\n<meta name=\"robots\" content=\"index, follow, max-snippet:-1, max-image-preview:large, max-video-preview:-1\" \/>\n<link rel=\"canonical\" href=\"https:\/\/demostore.ai\/vi\/san-pham\/the-lego-story\/\" \/>\n<meta property=\"og:type\" content=\"article\" \/>\n<meta property=\"og:title\" content=\"Buy The LEGO Story \u0110\u1ec3 Kh\u00e1m Ph\u00e1 C\u00e2u Chuy\u1ec7n Huy\u1ec1n Tho\u1ea1i\" \/>\n<meta property=\"og:description\" content=\"N\u1ed5i b\u1eadt v\u1edbi thi\u1ebft k\u1ebf hi\u1ec7n \u0111\u1ea1i, The LEGO Story kh\u1eafc h\u1ecda qu\u00e1 tr\u00ecnh x\u00e2y d\u1ef1ng LEGO t\u1eeb x\u01b0\u1edfng g\u1ed7 nh\u1ecf \u0111\u1ebfn th\u01b0\u01a1ng hi\u1ec7u to\u00e0n c\u1ea7u. \u0110\u1ecdc \u0111\u1ec3 truy\u1ec1n c\u1ea3m h\u1ee9ng \u0111\u1ed5i m\u1edbi v\u00e0 b\u00e0i h\u1ecdc kinh doanh th\u1ef1c t\u1ebf.\" \/>\n<meta property=\"og:url\" content=\"https:\/\/demostore.ai\/vi\/san-pham\/the-lego-story\/\" \/>\n<meta property=\"og:site_name\" content=\"Trendy Thread\" \/>\n<meta property=\"article:modified_time\" content=\"2026-02-18T02:45:54+00:00\" \/>\n<meta property=\"og:image\" content=\"https:\/\/demostore.ai\/wp-content\/uploads\/2025\/08\/Lego-1.png\" \/>\n\t<meta property=\"og:image:width\" content=\"1000\" \/>\n\t<meta property=\"og:image:height\" content=\"1000\" \/>\n\t<meta property=\"og:image:type\" content=\"image\/png\" \/>\n<meta name=\"twitter:card\" content=\"summary_large_image\" \/>\n<meta name=\"twitter:title\" content=\"Buy The LEGO Story \u0110\u1ec3 Kh\u00e1m Ph\u00e1 C\u00e2u Chuy\u1ec7n Huy\u1ec1n Tho\u1ea1i\" \/>\n<meta name=\"twitter:description\" content=\"N\u1ed5i b\u1eadt v\u1edbi thi\u1ebft k\u1ebf hi\u1ec7n \u0111\u1ea1i, The LEGO Story kh\u1eafc h\u1ecda qu\u00e1 tr\u00ecnh x\u00e2y d\u1ef1ng LEGO t\u1eeb x\u01b0\u1edfng g\u1ed7 nh\u1ecf \u0111\u1ebfn th\u01b0\u01a1ng hi\u1ec7u to\u00e0n c\u1ea7u. \u0110\u1ecdc \u0111\u1ec3 truy\u1ec1n c\u1ea3m h\u1ee9ng \u0111\u1ed5i m\u1edbi v\u00e0 b\u00e0i h\u1ecdc kinh doanh th\u1ef1c t\u1ebf.\" \/>\n<meta name=\"twitter:label1\" content=\"\u01af\u1edbc t\u00ednh th\u1eddi gian \u0111\u1ecdc\" \/>\n\t<meta name=\"twitter:data1\" content=\"1 ph\u00fat\" \/>\n<script type=\"application\/ld+json\" class=\"yoast-schema-graph\">{\"@context\":\"https:\/\/schema.org\",\"@graph\":[{\"@type\":\"WebPage\",\"@id\":\"https:\/\/demostore.ai\/vi\/san-pham\/the-lego-story\/\",\"url\":\"https:\/\/demostore.ai\/vi\/san-pham\/the-lego-story\/\",\"name\":\"Buy The LEGO Story \u0110\u1ec3 Kh\u00e1m Ph\u00e1 C\u00e2u Chuy\u1ec7n Huy\u1ec1n Tho\u1ea1i\",\"isPartOf\":{\"@id\":\"https:\/\/demostore.ai\/vi\/#website\"},\"primaryImageOfPage\":{\"@id\":\"https:\/\/demostore.ai\/vi\/san-pham\/the-lego-story\/#primaryimage\"},\"image\":{\"@id\":\"https:\/\/demostore.ai\/vi\/san-pham\/the-lego-story\/#primaryimage\"},\"thumbnailUrl\":\"https:\/\/demostore.ai\/wp-content\/uploads\/2025\/08\/Lego-1.png\",\"datePublished\":\"2025-08-06T00:42:58+00:00\",\"dateModified\":\"2026-02-18T02:45:54+00:00\",\"description\":\"N\u1ed5i b\u1eadt v\u1edbi s\u1eafc v\u00e0ng r\u1ef1c r\u1ee1, The LEGO Story k\u1ec3 c\u00e2u chuy\u1ec7n th\u01b0\u01a1ng hi\u1ec7u LEGO t\u1eeb thu\u1edf khai sinh \u0111\u1ebfn th\u00e0nh c\u00f4ng to\u00e0n c\u1ea7u, truy\u1ec1n c\u1ea3m h\u1ee9ng s\u00e1ng t\u1ea1o v\u00e0 \u0111\u1ed5i m\u1edbi.\",\"breadcrumb\":{\"@id\":\"https:\/\/demostore.ai\/vi\/san-pham\/the-lego-story\/#breadcrumb\"},\"inLanguage\":\"vi\",\"potentialAction\":[{\"@type\":\"ReadAction\",\"target\":[\"https:\/\/demostore.ai\/vi\/san-pham\/the-lego-story\/\"]}]},{\"@type\":\"ImageObject\",\"inLanguage\":\"vi\",\"@id\":\"https:\/\/demostore.ai\/vi\/san-pham\/the-lego-story\/#primaryimage\",\"url\":\"https:\/\/demostore.ai\/wp-content\/uploads\/2025\/08\/Lego-1.png\",\"contentUrl\":\"https:\/\/demostore.ai\/wp-content\/uploads\/2025\/08\/Lego-1.png\",\"width\":1000,\"height\":1000,\"caption\":\"B\u00eca s\u00e1ch \\\"The LEGO Story\\\" - s\u00e1ch hay v\u1ec1 kinh doanh, k\u1ec3 v\u1ec1 h\u00e0nh tr\u00ecnh s\u00e1ng t\u1ea1o c\u1ee7a th\u01b0\u01a1ng hi\u1ec7u LEGO.\"},{\"@type\":\"BreadcrumbList\",\"@id\":\"https:\/\/demostore.ai\/vi\/san-pham\/the-lego-story\/#breadcrumb\",\"itemListElement\":[{\"@type\":\"ListItem\",\"position\":1,\"name\":\"Trang ch\u1ee7\",\"item\":\"https:\/\/demostore.ai\/vi\/\"},{\"@type\":\"ListItem\",\"position\":2,\"name\":\"C\u1eeda h\u00e0ng\",\"item\":\"https:\/\/demostore.ai\/vi\/cua-hang\/\"},{\"@type\":\"ListItem\",\"position\":3,\"name\":\"The LEGO Story\"}]},{\"@type\":\"WebSite\",\"@id\":\"https:\/\/demostore.ai\/vi\/#website\",\"url\":\"https:\/\/demostore.ai\/vi\/\",\"name\":\"Trendy Thread\",\"description\":\"C\u1eeda h\u00e0ng demo WriteText.ai\",\"publisher\":{\"@id\":\"https:\/\/demostore.ai\/vi\/#organization\"},\"potentialAction\":[{\"@type\":\"SearchAction\",\"target\":{\"@type\":\"EntryPoint\",\"urlTemplate\":\"https:\/\/demostore.ai\/vi\/?s={search_term_string}\"},\"query-input\":{\"@type\":\"PropertyValueSpecification\",\"valueRequired\":true,\"valueName\":\"search_term_string\"}}],\"inLanguage\":\"vi\"},{\"@type\":\"Organization\",\"@id\":\"https:\/\/demostore.ai\/vi\/#organization\",\"name\":\"WriteText.ai\",\"url\":\"https:\/\/demostore.ai\/vi\/\",\"logo\":{\"@type\":\"ImageObject\",\"inLanguage\":\"vi\",\"@id\":\"https:\/\/demostore.ai\/vi\/#\/schema\/logo\/image\/\",\"url\":\"https:\/\/demostore.ai\/wp-content\/uploads\/2025\/10\/writetext_logo.webp\",\"contentUrl\":\"https:\/\/demostore.ai\/wp-content\/uploads\/2025\/10\/writetext_logo.webp\",\"width\":200,\"height\":34,\"caption\":\"WriteText.ai\"},\"image\":{\"@id\":\"https:\/\/demostore.ai\/vi\/#\/schema\/logo\/image\/\"}}]}<\/script>\n<!-- \/ Yoast SEO plugin. -->","yoast_head_json":{"title":"Buy The LEGO Story \u0110\u1ec3 Kh\u00e1m Ph\u00e1 C\u00e2u Chuy\u1ec7n Huy\u1ec1n Tho\u1ea1i","description":"N\u1ed5i b\u1eadt v\u1edbi s\u1eafc v\u00e0ng r\u1ef1c r\u1ee1, The LEGO Story k\u1ec3 c\u00e2u chuy\u1ec7n th\u01b0\u01a1ng hi\u1ec7u LEGO t\u1eeb thu\u1edf khai sinh \u0111\u1ebfn th\u00e0nh c\u00f4ng to\u00e0n c\u1ea7u, truy\u1ec1n c\u1ea3m h\u1ee9ng s\u00e1ng t\u1ea1o v\u00e0 \u0111\u1ed5i m\u1edbi.","robots":{"index":"index","follow":"follow","max-snippet":"max-snippet:-1","max-image-preview":"max-image-preview:large","max-video-preview":"max-video-preview:-1"},"canonical":"https:\/\/demostore.ai\/vi\/san-pham\/the-lego-story\/","og_type":"article","og_title":"Buy The LEGO Story \u0110\u1ec3 Kh\u00e1m Ph\u00e1 C\u00e2u Chuy\u1ec7n Huy\u1ec1n Tho\u1ea1i","og_description":"N\u1ed5i b\u1eadt v\u1edbi thi\u1ebft k\u1ebf hi\u1ec7n \u0111\u1ea1i, The LEGO Story kh\u1eafc h\u1ecda qu\u00e1 tr\u00ecnh x\u00e2y d\u1ef1ng LEGO t\u1eeb x\u01b0\u1edfng g\u1ed7 nh\u1ecf \u0111\u1ebfn th\u01b0\u01a1ng hi\u1ec7u to\u00e0n c\u1ea7u. \u0110\u1ecdc \u0111\u1ec3 truy\u1ec1n c\u1ea3m h\u1ee9ng \u0111\u1ed5i m\u1edbi v\u00e0 b\u00e0i h\u1ecdc kinh doanh th\u1ef1c t\u1ebf.","og_url":"https:\/\/demostore.ai\/vi\/san-pham\/the-lego-story\/","og_site_name":"Trendy Thread","article_modified_time":"2026-02-18T02:45:54+00:00","og_image":[{"width":1000,"height":1000,"url":"https:\/\/demostore.ai\/wp-content\/uploads\/2025\/08\/Lego-1.png","type":"image\/png"}],"twitter_card":"summary_large_image","twitter_title":"Buy The LEGO Story \u0110\u1ec3 Kh\u00e1m Ph\u00e1 C\u00e2u Chuy\u1ec7n Huy\u1ec1n Tho\u1ea1i","twitter_description":"N\u1ed5i b\u1eadt v\u1edbi thi\u1ebft k\u1ebf hi\u1ec7n \u0111\u1ea1i, The LEGO Story kh\u1eafc h\u1ecda qu\u00e1 tr\u00ecnh x\u00e2y d\u1ef1ng LEGO t\u1eeb x\u01b0\u1edfng g\u1ed7 nh\u1ecf \u0111\u1ebfn th\u01b0\u01a1ng hi\u1ec7u to\u00e0n c\u1ea7u. \u0110\u1ecdc \u0111\u1ec3 truy\u1ec1n c\u1ea3m h\u1ee9ng \u0111\u1ed5i m\u1edbi v\u00e0 b\u00e0i h\u1ecdc kinh doanh th\u1ef1c t\u1ebf.","twitter_misc":{"\u01af\u1edbc t\u00ednh th\u1eddi gian \u0111\u1ecdc":"1 ph\u00fat"},"schema":{"@context":"https:\/\/schema.org","@graph":[{"@type":"WebPage","@id":"https:\/\/demostore.ai\/vi\/san-pham\/the-lego-story\/","url":"https:\/\/demostore.ai\/vi\/san-pham\/the-lego-story\/","name":"Buy The LEGO Story \u0110\u1ec3 Kh\u00e1m Ph\u00e1 C\u00e2u Chuy\u1ec7n Huy\u1ec1n Tho\u1ea1i","isPartOf":{"@id":"https:\/\/demostore.ai\/vi\/#website"},"primaryImageOfPage":{"@id":"https:\/\/demostore.ai\/vi\/san-pham\/the-lego-story\/#primaryimage"},"image":{"@id":"https:\/\/demostore.ai\/vi\/san-pham\/the-lego-story\/#primaryimage"},"thumbnailUrl":"https:\/\/demostore.ai\/wp-content\/uploads\/2025\/08\/Lego-1.png","datePublished":"2025-08-06T00:42:58+00:00","dateModified":"2026-02-18T02:45:54+00:00","description":"N\u1ed5i b\u1eadt v\u1edbi s\u1eafc v\u00e0ng r\u1ef1c r\u1ee1, The LEGO Story k\u1ec3 c\u00e2u chuy\u1ec7n th\u01b0\u01a1ng hi\u1ec7u LEGO t\u1eeb thu\u1edf khai sinh \u0111\u1ebfn th\u00e0nh c\u00f4ng to\u00e0n c\u1ea7u, truy\u1ec1n c\u1ea3m h\u1ee9ng s\u00e1ng t\u1ea1o v\u00e0 \u0111\u1ed5i m\u1edbi.","breadcrumb":{"@id":"https:\/\/demostore.ai\/vi\/san-pham\/the-lego-story\/#breadcrumb"},"inLanguage":"vi","potentialAction":[{"@type":"ReadAction","target":["https:\/\/demostore.ai\/vi\/san-pham\/the-lego-story\/"]}]},{"@type":"ImageObject","inLanguage":"vi","@id":"https:\/\/demostore.ai\/vi\/san-pham\/the-lego-story\/#primaryimage","url":"https:\/\/demostore.ai\/wp-content\/uploads\/2025\/08\/Lego-1.png","contentUrl":"https:\/\/demostore.ai\/wp-content\/uploads\/2025\/08\/Lego-1.png","width":1000,"height":1000,"caption":"B\u00eca s\u00e1ch \"The LEGO Story\" - s\u00e1ch hay v\u1ec1 kinh doanh, k\u1ec3 v\u1ec1 h\u00e0nh tr\u00ecnh s\u00e1ng t\u1ea1o c\u1ee7a th\u01b0\u01a1ng hi\u1ec7u LEGO."},{"@type":"BreadcrumbList","@id":"https:\/\/demostore.ai\/vi\/san-pham\/the-lego-story\/#breadcrumb","itemListElement":[{"@type":"ListItem","position":1,"name":"Trang ch\u1ee7","item":"https:\/\/demostore.ai\/vi\/"},{"@type":"ListItem","position":2,"name":"C\u1eeda h\u00e0ng","item":"https:\/\/demostore.ai\/vi\/cua-hang\/"},{"@type":"ListItem","position":3,"name":"The LEGO Story"}]},{"@type":"WebSite","@id":"https:\/\/demostore.ai\/vi\/#website","url":"https:\/\/demostore.ai\/vi\/","name":"Trendy Thread","description":"C\u1eeda h\u00e0ng demo WriteText.ai","publisher":{"@id":"https:\/\/demostore.ai\/vi\/#organization"},"potentialAction":[{"@type":"SearchAction","target":{"@type":"EntryPoint","urlTemplate":"https:\/\/demostore.ai\/vi\/?s={search_term_string}"},"query-input":{"@type":"PropertyValueSpecification","valueRequired":true,"valueName":"search_term_string"}}],"inLanguage":"vi"},{"@type":"Organization","@id":"https:\/\/demostore.ai\/vi\/#organization","name":"WriteText.ai","url":"https:\/\/demostore.ai\/vi\/","logo":{"@type":"ImageObject","inLanguage":"vi","@id":"https:\/\/demostore.ai\/vi\/#\/schema\/logo\/image\/","url":"https:\/\/demostore.ai\/wp-content\/uploads\/2025\/10\/writetext_logo.webp","contentUrl":"https:\/\/demostore.ai\/wp-content\/uploads\/2025\/10\/writetext_logo.webp","width":200,"height":34,"caption":"WriteText.ai"},"image":{"@id":"https:\/\/demostore.ai\/vi\/#\/schema\/logo\/image\/"}}]}},"_links":{"self":[{"href":"https:\/\/demostore.ai\/vi\/wp-json\/wp\/v2\/product\/36691","targetHints":{"allow":["GET"]}}],"collection":[{"href":"https:\/\/demostore.ai\/vi\/wp-json\/wp\/v2\/product"}],"about":[{"href":"https:\/\/demostore.ai\/vi\/wp-json\/wp\/v2\/types\/product"}],"replies":[{"embeddable":true,"href":"https:\/\/demostore.ai\/vi\/wp-json\/wp\/v2\/comments?post=36691"}],"wp:featuredmedia":[{"embeddable":true,"href":"https:\/\/demostore.ai\/vi\/wp-json\/wp\/v2\/media\/33585"}],"wp:attachment":[{"href":"https:\/\/demostore.ai\/vi\/wp-json\/wp\/v2\/media?parent=36691"}],"wp:term":[{"taxonomy":"product_brand","embeddable":true,"href":"https:\/\/demostore.ai\/vi\/wp-json\/wp\/v2\/product_brand?post=36691"},{"taxonomy":"product_cat","embeddable":true,"href":"https:\/\/demostore.ai\/vi\/wp-json\/wp\/v2\/product_cat?post=36691"},{"taxonomy":"product_tag","embeddable":true,"href":"https:\/\/demostore.ai\/vi\/wp-json\/wp\/v2\/product_tag?post=36691"}],"curies":[{"name":"wp","href":"https:\/\/api.w.org\/{rel}","templated":true}]}}