{"id":36540,"date":"2025-06-16T09:46:22","date_gmt":"2025-06-16T01:46:22","guid":{"rendered":"https:\/\/demostore.ai\/?post_type=product&#038;p=36540"},"modified":"2026-02-18T10:14:15","modified_gmt":"2026-02-18T02:14:15","slug":"sutton-ban-ke-den","status":"publish","type":"product","link":"https:\/\/demostore.ai\/vi\/san-pham\/sutton-ban-ke-den\/","title":{"rendered":"Sutton B\u00e0n K\u00ea \u0110en"},"content":{"rendered":"<section data-wtai-block-id=\"wtai_product_description_features\" class=\"wtai-section wtai-features-section\">\n<h2>\u0110\u1eb7c \u0111i\u1ec3m n\u1ed5i b\u1eadt c\u1ee7a Sutton B\u00e0n K\u00ea \u0110en<\/h2>\n<ul>\n<li><strong>Thi\u1ebft k\u1ebf hi\u1ec7n \u0111\u1ea1i<\/strong> v\u1edbi ki\u1ec3u d\u00e1ng h\u00ecnh ch\u1eef nh\u1eadt, c\u00e1c c\u1ea1nh bo nh\u1eb9 t\u1ea1o c\u1ea3m gi\u00e1c thanh l\u1ecbch ph\u00f9 h\u1ee3p nhi\u1ec1u kh\u00f4ng gian s\u1ed1ng.<\/li>\n<li><strong>M\u00e0u \u0111en nh\u00e1m<\/strong> kh\u00f3 b\u00e1m b\u1ee5i, d\u1ec5 v\u1ec7 sinh v\u00e0 d\u1ec5 ph\u1ed1i v\u1edbi nhi\u1ec1u phong c\u00e1ch n\u1ed9i th\u1ea5t kh\u00e1c nhau.<\/li>\n<li><strong>Ng\u0103n k\u00e9o ti\u1ec7n d\u1ee5ng<\/strong> c\u00f3 tay c\u1ea7m kim lo\u1ea1i ch\u1eafc ch\u1eafn gi\u00fap l\u01b0u tr\u1eef c\u00e1c v\u1eadt nh\u1ecf g\u1ecdn g\u00e0ng, an to\u00e0n.<\/li>\n<li><strong>K\u1ec7 d\u01b0\u1edbi r\u1ed9ng r\u00e3i<\/strong> c\u00f3 th\u1ec3 \u0111\u1ec3 s\u00e1ch, t\u1ea1p ch\u00ed ho\u1eb7c v\u1eadt d\u1ee5ng trang tr\u00ed, t\u0103ng di\u1ec7n t\u00edch s\u1eed d\u1ee5ng.<\/li>\n<li><strong>Ch\u1ea5t li\u1ec7u g\u1ed7 b\u1ec1n ch\u1eafc<\/strong> k\u1ebft h\u1ee3p MDF v\u00e0 veneer t\u1ea1o c\u1ea3m gi\u00e1c ch\u1eafc ch\u1eafn, \u0111\u1ed9 b\u1ec1n cao theo n\u0103m th\u00e1ng.<\/li>\n<li><strong>Ch\u00e2n b\u00e0n v\u1eefng ch\u1eafc<\/strong> v\u1edbi c\u1ea5u t\u1ea1o b\u1ed1n ch\u00e2n vu\u00f4ng, ch\u1ecbu l\u1ef1c t\u1ed1t v\u00e0 h\u1ea1n ch\u1ebf rung l\u1eafc khi s\u1eed d\u1ee5ng.<\/li>\n<\/ul>\n<\/section>\n<div data-wtai-block-id=\"wtai_product_description_image_1754207315479\" class=\"wtai-section wtai-image_1754207315479-section\">\n<figure class=\"wtai-image-p wtai-align-center\" style=\"text-align:center\"><img decoding=\"async\" src=\"https:\/\/demostore.ai\/wp-content\/uploads\/2025\/06\/Sidetable-2-1-600x750.png\" alt=\"B\u00e0n k\u00ea Sutton m\u00e0u \u0111en c\u00f3 ng\u0103n k\u00e9o, k\u1ec7 d\u01b0\u1edbi v\u00e0 ch\u1eadu c\u00e2y trang tr\u00ed nh\u1ecf tr\u00ean m\u1eb7t b\u00e0n.\" srcset=\"https:\/\/demostore.ai\/wp-content\/uploads\/2025\/06\/Sidetable-2-1.png 800w, https:\/\/demostore.ai\/wp-content\/uploads\/2025\/06\/Sidetable-2-1-240x300.png 240w, https:\/\/demostore.ai\/wp-content\/uploads\/2025\/06\/Sidetable-2-1-768x960.png 768w, https:\/\/demostore.ai\/wp-content\/uploads\/2025\/06\/Sidetable-2-1-600x750.png 600w\"><figcaption>\n<p>Thi\u1ebft k\u1ebf vu\u00f4ng v\u1eafn pha tr\u1ed9n s\u1eafc \u0111en tinh t\u1ebf c\u00f9ng tay n\u1eafm kim lo\u1ea1i hi\u1ec7n \u0111\u1ea1i, ph\u00f9 h\u1ee3p nhi\u1ec1u kh\u00f4ng gian.<\/p>\n<\/figcaption><\/figure>\n<\/p><\/div>\n<section data-wtai-block-id=\"wtai_product_description_technical_specifications\" class=\"wtai-section wtai-technical_specifications-section\">\n<h2>Th\u00f4ng tin chi ti\u1ebft<\/h2>\n<ul>\n<li><strong>K\u00edch th\u01b0\u1edbc t\u1ed5ng th\u1ec3<\/strong>: 50 cm \u00d7 40 cm \u00d7 55 cm<\/li>\n<li><strong>Ch\u1ea5t li\u1ec7u<\/strong>: G\u1ed7, MDF ph\u1ee7 s\u01a1n \u0111en nh\u00e1m<\/li>\n<li><strong>Tr\u1ecdng l\u01b0\u1ee3ng<\/strong>: 10 kg<\/li>\n<li><strong>S\u1ee9c ch\u1ecbu t\u1ea3i<\/strong>: T\u1ed1i \u0111a 40 kg<\/li>\n<\/ul>\n<\/section>\n<div data-wtai-block-id=\"wtai_product_description_image_1754207334585\" class=\"wtai-section wtai-image_1754207334585-section\">\n<figure class=\"wtai-image-p wtai-align-center\" style=\"text-align:center\"><img decoding=\"async\" src=\"https:\/\/demostore.ai\/wp-content\/uploads\/2025\/06\/Sidetable-4-1-600x600.png\" alt=\"B\u00e0n k\u00ea \u0111en Sutton v\u1edbi ng\u0103n k\u00e9o m\u1edf, m\u1eb7t b\u00e0n c\u00f3 ch\u1eadu c\u00e2y trang tr\u00ed.\" srcset=\"https:\/\/demostore.ai\/wp-content\/uploads\/2025\/06\/Sidetable-4-1.png 726w, https:\/\/demostore.ai\/wp-content\/uploads\/2025\/06\/Sidetable-4-1-300x300.png 300w, https:\/\/demostore.ai\/wp-content\/uploads\/2025\/06\/Sidetable-4-1-150x150.png 150w, https:\/\/demostore.ai\/wp-content\/uploads\/2025\/06\/Sidetable-4-1-600x600.png 600w, https:\/\/demostore.ai\/wp-content\/uploads\/2025\/06\/Sidetable-4-1-250x250.png 250w\"><figcaption>\n<p>Ng\u0103n k\u00e9o m\u1edf r\u1ed9ng d\u1ec5 d\u00e0ng, tay c\u1ea7m inox ch\u1eafc ch\u1eafn, l\u00fd t\u01b0\u1edfng cho vi\u1ec7c l\u01b0u tr\u1eef g\u1ecdn g\u00e0ng.<\/p>\n<\/figcaption><\/figure>\n<\/p><\/div>\n<section data-wtai-block-id=\"wtai_product_description_use_cases\" class=\"wtai-section wtai-use_cases-section\">\n<h2>C\u00e1c t\u00ecnh hu\u1ed1ng s\u1eed d\u1ee5ng th\u1ef1c t\u1ebf<\/h2>\n<ul>\n<li><strong>Trang tr\u00ed ph\u00f2ng kh\u00e1ch<\/strong>: \u0110\u1eb7t c\u1ea1nh sofa \u0111\u1ec3 b\u00e0y s\u00e1ch, hoa gi\u1ea3 ho\u1eb7c \u0111\u00e8n ng\u1ee7 t\u1ea1o \u0111i\u1ec3m nh\u1ea5n.<\/li>\n<li><strong>B\u00e0n \u0111\u1ea7u gi\u01b0\u1eddng<\/strong>: L\u00e0m t\u1ee7 \u0111\u1ea7u gi\u01b0\u1eddng ti\u1ec7n l\u1ee3i, ng\u0103n k\u00e9o \u0111\u1ec3 \u0111\u1ed3 c\u00e1 nh\u00e2n v\u00e0 k\u1ec7 d\u01b0\u1edbi cho s\u00e1ch, \u0111\u1ed3ng h\u1ed3 b\u00e1o th\u1ee9c.<\/li>\n<li><strong>V\u0103n ph\u00f2ng l\u00e0m vi\u1ec7c<\/strong>: \u0110\u1eb7t trong ph\u00f2ng l\u00e0m vi\u1ec7c \u0111\u1ec3 h\u1ed3 s\u01a1, t\u00e0i li\u1ec7u ho\u1eb7c trang tr\u00ed ch\u1eadu c\u00e2y nh\u1ecf.<\/li>\n<li><strong>Ph\u00f2ng ti\u1ebfp kh\u00e1ch doanh nghi\u1ec7p<\/strong>: D\u00f9ng \u1edf khu v\u1ef1c ti\u1ebfp kh\u00e1ch c\u00e1c v\u0103n ph\u00f2ng, gi\u00fap t\u0103ng v\u1ebb chuy\u00ean nghi\u1ec7p v\u00e0 g\u1ecdn g\u00e0ng.<\/li>\n<\/ul>\n<\/section>\n<section data-wtai-block-id=\"wtai_product_description_custom_1754207271771\" class=\"wtai-section wtai-custom_1754207271771-section\">\n<h2>B\u00ed quy\u1ebft ch\u0103m s\u00f3c v\u00e0 b\u1ea3o qu\u1ea3n b\u00e0n k\u00ea \u0111en Sutton<\/h2>\n<ul>\n<li>Lau m\u1eb7t b\u00e0n v\u00e0 ng\u0103n k\u00e9o b\u1eb1ng kh\u0103n m\u1ec1m m\u1ed7i tu\u1ea7n \u0111\u1ec3 gi\u1eef b\u1ec1 m\u1eb7t lu\u00f4n s\u1ea1ch s\u1ebd.<\/li>\n<li>\u0110\u1eb7t b\u00e0n \u1edf n\u01a1i kh\u00f4 r\u00e1o, tr\u00e1nh \u00e1nh n\u1eafng tr\u1ef1c ti\u1ebfp \u0111\u1ec3 \u0111\u1ea3m b\u1ea3o m\u00e0u s\u01a1n b\u1ec1n \u0111\u1eb9p l\u00e2u d\u00e0i.<\/li>\n<li>Tr\u00e1nh \u0111\u1ec3 v\u1eadt n\u00f3ng ho\u1eb7c \u1ea9m tr\u1ef1c ti\u1ebfp l\u00ean b\u1ec1 m\u1eb7t b\u00e0n nh\u1eb1m h\u1ea1n ch\u1ebf v\u1ebft \u1ed1 v\u00e0 cong v\u00eanh.<\/li>\n<li>S\u1eafp x\u1ebfp c\u00e1c v\u1eadt trang tr\u00ed nh\u1eb9 nh\u00e0ng v\u00e0 ki\u1ec3m tra l\u1ea1i v\u1ecb tr\u00ed v\u1eadt d\u1ee5ng \u0111\u1ec3 h\u1ea1n ch\u1ebf tr\u1ea7y x\u01b0\u1edbc v\u00e0 v\u1ebft l\u00f5m.<\/li>\n<\/ul>\n<\/section>\n<section data-wtai-block-id=\"wtai_product_description_faqs\" class=\"wtai-section wtai-faqs-section\">\n<h2>C\u00e2u h\u1ecfi th\u01b0\u1eddng g\u1eb7p<\/h2>\n<p><strong>Sutton B\u00e0n K\u00ea \u0110en c\u00f3 d\u1ec5 l\u1eafp \u0111\u1eb7t kh\u00f4ng?<\/strong> <br \/> B\u00e0n \u0111\u01b0\u1ee3c thi\u1ebft k\u1ebf \u0111\u01a1n gi\u1ea3n, \u0111i k\u00e8m h\u01b0\u1edbng d\u1eabn chi ti\u1ebft gi\u00fap vi\u1ec7c l\u1eafp \u0111\u1eb7t d\u1ec5 d\u00e0ng, kh\u00f4ng t\u1ed1n nhi\u1ec1u th\u1eddi gian.<\/p>\n<p><strong>Ng\u0103n k\u00e9o ch\u1ecbu \u0111\u01b0\u1ee3c t\u1ed1i \u0111a bao nhi\u00eau tr\u1ecdng l\u01b0\u1ee3ng?<\/strong> <br \/> Ng\u0103n k\u00e9o s\u1eed d\u1ee5ng t\u1ed1t v\u1edbi c\u00e1c v\u1eadt d\u1ee5ng nh\u1ecf, t\u1ed5ng s\u1ee9c ch\u1ee9a ng\u0103n t\u1ed1i \u01b0u d\u01b0\u1edbi 5 kg \u0111\u1ec3 \u0111\u1ea3m b\u1ea3o \u0111\u1ed9 b\u1ec1n.<\/p>\n<p><strong>C\u00f3 d\u1ec5 v\u1ec7 sinh b\u00e0n khi s\u1eed d\u1ee5ng l\u00e2u d\u00e0i kh\u00f4ng?<\/strong> <br \/> B\u1ec1 m\u1eb7t s\u01a1n \u0111en nh\u00e1m d\u1ec5 lau ch\u00f9i khi b\u00e1m b\u1ee5i ho\u1eb7c g\u1eb7p v\u1ebft b\u1ea9n th\u00f4ng th\u01b0\u1eddng b\u1eb1ng kh\u0103n m\u1ec1m \u1ea9m.<\/p>\n<p><strong>K\u1ec7 d\u01b0\u1edbi c\u00f3 th\u00e1o r\u1eddi \u0111\u01b0\u1ee3c kh\u00f4ng?<\/strong> <br \/> K\u1ec7 d\u01b0\u1edbi \u0111\u01b0\u1ee3c g\u1eafn c\u1ed1 \u0111\u1ecbnh nh\u1eb1m t\u0103ng \u0111\u1ed9 ch\u1eafc ch\u1eafn v\u00e0 an to\u00e0n trong qu\u00e1 tr\u00ecnh s\u1eed d\u1ee5ng.<\/p>\n<p><strong>Ch\u00e2n b\u00e0n c\u00f3 g\u00e2y tr\u1ea7y x\u01b0\u1edbc s\u00e0n nh\u00e0 kh\u00f4ng?<\/strong> <br \/> Ch\u00e2n b\u00e0n c\u00f3 th\u1ec3 d\u00e1n th\u00eam mi\u1ebfng \u0111\u1ec7m l\u00f3t m\u1ec1m b\u00ean d\u01b0\u1edbi \u0111\u1ec3 b\u1ea3o v\u1ec7 b\u1ec1 m\u1eb7t s\u00e0n, h\u1ea1n ch\u1ebf tr\u1ea7y x\u01b0\u1edbc.<\/p>\n<\/section>\n<section data-wtai-block-id=\"wtai_product_description_conclusion\" class=\"wtai-section wtai-conclusion-section\">\n<h2>S\u1eb5n s\u00e0ng tr\u1ea3i nghi\u1ec7m gi\u00e1 tr\u1ecb thi\u1ebft th\u1ef1c t\u1eeb Sutton B\u00e0n K\u00ea \u0110en<\/h2>\n<p><strong>Sutton B\u00e0n K\u00ea \u0110en \u0111em l\u1ea1i v\u1ebb \u0111\u1eb9p \u0111\u01a1n gi\u1ea3n, hi\u1ec7n \u0111\u1ea1i c\u00f9ng t\u00ednh \u0111a n\u0103ng cho kh\u00f4ng gian s\u1ed1ng v\u00e0 l\u00e0m vi\u1ec7c.<\/strong> <strong>D\u1ec5 d\u00e0ng k\u1ebft h\u1ee3p v\u1edbi nhi\u1ec1u phong c\u00e1ch n\u1ed9i th\u1ea5t kh\u00e1c nhau, s\u1ea3n ph\u1ea9m ph\u00f9 h\u1ee3p nhi\u1ec1u v\u1ecb tr\u00ed v\u00e0 m\u1ee5c \u0111\u00edch s\u1eed d\u1ee5ng.<\/strong> <strong>H\u00e3y l\u1ef1a ch\u1ecdn Sutton B\u00e0n K\u00ea \u0110en \u0111\u1ec3 n\u00e2ng t\u1ea7m kh\u00f4ng gian v\u00e0 gia t\u0103ng s\u1ef1 ti\u1ec7n nghi ngay h\u00f4m nay.<\/strong><\/p>\n<\/section>\n","protected":false},"excerpt":{"rendered":"<div data-wtai-block-id=\"wtai_excerpt_subtitle\" class=\"wtai-section wtai-subtitle-section\">\n<p><em><strong>\u0110i\u1ec3m nh\u1ea5n hi\u1ec7n \u0111\u1ea1i cho m\u1ecdi kh\u00f4ng gian s\u1ed1ng, ti\u1ec7n d\u1ee5ng v\u00e0 tinh t\u1ebf trong t\u1eebng chi ti\u1ebft.<\/strong><\/em><\/p>\n<\/p><\/div>\n<div data-wtai-block-id=\"wtai_excerpt_introduction\" class=\"wtai-section wtai-introduction-section\">\n<p>C\u00f3 khi ch\u1ec9 m\u1ed9t chi ti\u1ebft nh\u1ecf c\u0169ng \u0111\u1ee7 t\u1ea1o n\u00ean s\u1ef1 kh\u00e1c bi\u1ec7t cho ng\u00f4i nh\u00e0. B\u00e0n k\u00ea \u0111en Sutton mang \u0111\u1ebfn c\u1ea3m gi\u00e1c t\u1ed1i gi\u1ea3n hi\u1ec7n \u0111\u1ea1i v\u1edbi thi\u1ebft k\u1ebf thanh l\u1ecbch v\u00e0 s\u1eafc \u0111en sang tr\u1ecdng, ph\u00f9 h\u1ee3p cho nhi\u1ec1u phong c\u00e1ch n\u1ed9i th\u1ea5t. S\u1ea3n ph\u1ea9m gi\u00fap kh\u00f4ng gian c\u1ee7a b\u1ea1n c\u00e2n \u0111\u1ed1i h\u01a1n, v\u1eeba ph\u1ee5c v\u1ee5 nhu c\u1ea7u trang tr\u00ed, v\u1eeba h\u1ed7 tr\u1ee3 s\u1eafp x\u1ebfp c\u00e1c v\u1eadt d\u1ee5ng nh\u1ecf g\u1ecdn m\u1ed9t c\u00e1ch ti\u1ec7n l\u1ee3i. \u0110\u00e2y l\u00e0 l\u1ef1a ch\u1ecdn \u1ea5m c\u00fang cho nh\u1eefng ai \u0111\u1ec1 cao s\u1ef1 ng\u0103n n\u1eafp v\u00e0 tinh t\u1ebf trong t\u1eebng g\u00f3c nh\u00e0.<\/p>\n<\/p><\/div>\n","protected":false},"featured_media":29005,"comment_status":"open","ping_status":"closed","template":"","meta":[],"product_brand":[],"product_cat":[161],"product_tag":[],"class_list":{"0":"post-36540","1":"product","2":"type-product","3":"status-publish","4":"has-post-thumbnail","6":"product_cat-nha-cua-loi-song","8":"first","9":"instock","10":"shipping-taxable","11":"purchasable","12":"product-type-simple"},"bundled_by":[],"bundle_stock_status":"instock","bundle_stock_quantity":null,"bundle_virtual":false,"bundle_layout":"","bundle_add_to_cart_form_location":"","bundle_editable_in_cart":false,"bundle_sold_individually_context":"","bundle_item_grouping":"","bundle_min_size":"","bundle_max_size":"","bundle_price":[],"bundled_items":[],"bundle_sell_ids":[],"yoast_head":"<!-- This site is optimized with the Yoast SEO plugin v25.2 - https:\/\/yoast.com\/wordpress\/plugins\/seo\/ -->\n<title>M\u1edf \u0111\u1ea7u v\u1edbi ch\u1eef Grab Sutton B\u00e0n K\u00ea \u0110en \u0110\u01a1n Gi\u1ea3n Hi\u1ec7n \u0110\u1ea1i Cho M\u1ecdi Kh\u00f4ng Gian<\/title>\n<meta name=\"description\" content=\"Kh\u1edfi ngu\u1ed3n c\u00e1 t\u00ednh cho ph\u00f2ng kh\u00e1ch, ph\u00f2ng ng\u1ee7 hay v\u0103n ph\u00f2ng v\u1edbi Sutton B\u00e0n K\u00ea \u0110en hi\u1ec7n \u0111\u1ea1i. Thi\u1ebft k\u1ebf ng\u0103n k\u00e9o ti\u1ec7n l\u1ee3i, d\u1ec5 ph\u1ed1i, b\u1ec1n ch\u1eafc theo th\u1eddi gian.\" \/>\n<meta name=\"robots\" content=\"index, follow, max-snippet:-1, max-image-preview:large, max-video-preview:-1\" \/>\n<link rel=\"canonical\" href=\"https:\/\/demostore.ai\/vi\/san-pham\/sutton-ban-ke-den\/\" \/>\n<meta property=\"og:type\" content=\"article\" \/>\n<meta property=\"og:title\" content=\"M\u1edf \u0111\u1ea7u v\u1edbi ch\u1eef Grab Sutton B\u00e0n K\u00ea \u0110en \u0110\u01a1n Gi\u1ea3n Hi\u1ec7n \u0110\u1ea1i Cho M\u1ecdi Kh\u00f4ng Gian\" \/>\n<meta property=\"og:description\" content=\"L\u1ef1a ch\u1ecdn \u0111\u00e1ng tin c\u1eady cho m\u1ecdi kh\u00f4ng gian, Sutton B\u00e0n K\u00ea \u0110en s\u1edf h\u1eefu thi\u1ebft k\u1ebf hi\u1ec7n \u0111\u1ea1i, ng\u0103n k\u00e9o ti\u1ec7n d\u1ee5ng v\u00e0 k\u1ec7 d\u01b0\u1edbi r\u1ed9ng r\u00e3i. S\u1ea3n ph\u1ea9m ph\u00f9 h\u1ee3p trang tr\u00ed ph\u00f2ng kh\u00e1ch, \u0111\u1ea7u gi\u01b0\u1eddng ho\u1eb7c v\u0103n ph\u00f2ng, d\u1ec5 v\u1ec7 sinh v\u00e0 b\u1ec1n b\u1ec9.\" \/>\n<meta property=\"og:url\" content=\"https:\/\/demostore.ai\/vi\/san-pham\/sutton-ban-ke-den\/\" \/>\n<meta property=\"og:site_name\" content=\"Trendy Thread\" \/>\n<meta property=\"article:modified_time\" content=\"2026-02-18T02:14:15+00:00\" \/>\n<meta property=\"og:image\" content=\"https:\/\/demostore.ai\/wp-content\/uploads\/2025\/06\/Sidetable-1-1.png\" \/>\n\t<meta property=\"og:image:width\" content=\"916\" \/>\n\t<meta property=\"og:image:height\" content=\"1000\" \/>\n\t<meta property=\"og:image:type\" content=\"image\/png\" \/>\n<meta name=\"twitter:card\" content=\"summary_large_image\" \/>\n<meta name=\"twitter:title\" content=\"M\u1edf \u0111\u1ea7u v\u1edbi ch\u1eef Grab Sutton B\u00e0n K\u00ea \u0110en \u0110\u01a1n Gi\u1ea3n Hi\u1ec7n \u0110\u1ea1i Cho M\u1ecdi Kh\u00f4ng Gian\" \/>\n<meta name=\"twitter:description\" content=\"L\u1ef1a ch\u1ecdn \u0111\u00e1ng tin c\u1eady cho m\u1ecdi kh\u00f4ng gian, Sutton B\u00e0n K\u00ea \u0110en s\u1edf h\u1eefu thi\u1ebft k\u1ebf hi\u1ec7n \u0111\u1ea1i, ng\u0103n k\u00e9o ti\u1ec7n d\u1ee5ng v\u00e0 k\u1ec7 d\u01b0\u1edbi r\u1ed9ng r\u00e3i. S\u1ea3n ph\u1ea9m ph\u00f9 h\u1ee3p trang tr\u00ed ph\u00f2ng kh\u00e1ch, \u0111\u1ea7u gi\u01b0\u1eddng ho\u1eb7c v\u0103n ph\u00f2ng, d\u1ec5 v\u1ec7 sinh v\u00e0 b\u1ec1n b\u1ec9.\" \/>\n<meta name=\"twitter:label1\" content=\"\u01af\u1edbc t\u00ednh th\u1eddi gian \u0111\u1ecdc\" \/>\n\t<meta name=\"twitter:data1\" content=\"1 ph\u00fat\" \/>\n<script type=\"application\/ld+json\" class=\"yoast-schema-graph\">{\"@context\":\"https:\/\/schema.org\",\"@graph\":[{\"@type\":\"WebPage\",\"@id\":\"https:\/\/demostore.ai\/vi\/san-pham\/sutton-ban-ke-den\/\",\"url\":\"https:\/\/demostore.ai\/vi\/san-pham\/sutton-ban-ke-den\/\",\"name\":\"M\u1edf \u0111\u1ea7u v\u1edbi ch\u1eef Grab Sutton B\u00e0n K\u00ea \u0110en \u0110\u01a1n Gi\u1ea3n Hi\u1ec7n \u0110\u1ea1i Cho M\u1ecdi Kh\u00f4ng Gian\",\"isPartOf\":{\"@id\":\"https:\/\/demostore.ai\/vi\/#website\"},\"primaryImageOfPage\":{\"@id\":\"https:\/\/demostore.ai\/vi\/san-pham\/sutton-ban-ke-den\/#primaryimage\"},\"image\":{\"@id\":\"https:\/\/demostore.ai\/vi\/san-pham\/sutton-ban-ke-den\/#primaryimage\"},\"thumbnailUrl\":\"https:\/\/demostore.ai\/wp-content\/uploads\/2025\/06\/Sidetable-1-1.png\",\"datePublished\":\"2025-06-16T01:46:22+00:00\",\"dateModified\":\"2026-02-18T02:14:15+00:00\",\"description\":\"Kh\u1edfi ngu\u1ed3n c\u00e1 t\u00ednh cho ph\u00f2ng kh\u00e1ch, ph\u00f2ng ng\u1ee7 hay v\u0103n ph\u00f2ng v\u1edbi Sutton B\u00e0n K\u00ea \u0110en hi\u1ec7n \u0111\u1ea1i. Thi\u1ebft k\u1ebf ng\u0103n k\u00e9o ti\u1ec7n l\u1ee3i, d\u1ec5 ph\u1ed1i, b\u1ec1n ch\u1eafc theo th\u1eddi gian.\",\"breadcrumb\":{\"@id\":\"https:\/\/demostore.ai\/vi\/san-pham\/sutton-ban-ke-den\/#breadcrumb\"},\"inLanguage\":\"vi\",\"potentialAction\":[{\"@type\":\"ReadAction\",\"target\":[\"https:\/\/demostore.ai\/vi\/san-pham\/sutton-ban-ke-den\/\"]}]},{\"@type\":\"ImageObject\",\"inLanguage\":\"vi\",\"@id\":\"https:\/\/demostore.ai\/vi\/san-pham\/sutton-ban-ke-den\/#primaryimage\",\"url\":\"https:\/\/demostore.ai\/wp-content\/uploads\/2025\/06\/Sidetable-1-1.png\",\"contentUrl\":\"https:\/\/demostore.ai\/wp-content\/uploads\/2025\/06\/Sidetable-1-1.png\",\"width\":916,\"height\":1000,\"caption\":\"B\u00e0n k\u00ea \u0111en Sutton v\u1edbi ng\u0103n k\u00e9o, k\u1ec7 d\u01b0\u1edbi v\u00e0 l\u1ecd c\u00e2y xanh trang tr\u00ed ph\u00eda tr\u00ean.\"},{\"@type\":\"BreadcrumbList\",\"@id\":\"https:\/\/demostore.ai\/vi\/san-pham\/sutton-ban-ke-den\/#breadcrumb\",\"itemListElement\":[{\"@type\":\"ListItem\",\"position\":1,\"name\":\"Trang ch\u1ee7\",\"item\":\"https:\/\/demostore.ai\/vi\/\"},{\"@type\":\"ListItem\",\"position\":2,\"name\":\"C\u1eeda h\u00e0ng\",\"item\":\"https:\/\/demostore.ai\/vi\/cua-hang\/\"},{\"@type\":\"ListItem\",\"position\":3,\"name\":\"Sutton B\u00e0n K\u00ea \u0110en\"}]},{\"@type\":\"WebSite\",\"@id\":\"https:\/\/demostore.ai\/vi\/#website\",\"url\":\"https:\/\/demostore.ai\/vi\/\",\"name\":\"Trendy Thread\",\"description\":\"C\u1eeda h\u00e0ng demo WriteText.ai\",\"publisher\":{\"@id\":\"https:\/\/demostore.ai\/vi\/#organization\"},\"potentialAction\":[{\"@type\":\"SearchAction\",\"target\":{\"@type\":\"EntryPoint\",\"urlTemplate\":\"https:\/\/demostore.ai\/vi\/?s={search_term_string}\"},\"query-input\":{\"@type\":\"PropertyValueSpecification\",\"valueRequired\":true,\"valueName\":\"search_term_string\"}}],\"inLanguage\":\"vi\"},{\"@type\":\"Organization\",\"@id\":\"https:\/\/demostore.ai\/vi\/#organization\",\"name\":\"WriteText.ai\",\"url\":\"https:\/\/demostore.ai\/vi\/\",\"logo\":{\"@type\":\"ImageObject\",\"inLanguage\":\"vi\",\"@id\":\"https:\/\/demostore.ai\/vi\/#\/schema\/logo\/image\/\",\"url\":\"https:\/\/demostore.ai\/wp-content\/uploads\/2025\/10\/writetext_logo.webp\",\"contentUrl\":\"https:\/\/demostore.ai\/wp-content\/uploads\/2025\/10\/writetext_logo.webp\",\"width\":200,\"height\":34,\"caption\":\"WriteText.ai\"},\"image\":{\"@id\":\"https:\/\/demostore.ai\/vi\/#\/schema\/logo\/image\/\"}}]}<\/script>\n<!-- \/ Yoast SEO plugin. -->","yoast_head_json":{"title":"M\u1edf \u0111\u1ea7u v\u1edbi ch\u1eef Grab Sutton B\u00e0n K\u00ea \u0110en \u0110\u01a1n Gi\u1ea3n Hi\u1ec7n \u0110\u1ea1i Cho M\u1ecdi Kh\u00f4ng Gian","description":"Kh\u1edfi ngu\u1ed3n c\u00e1 t\u00ednh cho ph\u00f2ng kh\u00e1ch, ph\u00f2ng ng\u1ee7 hay v\u0103n ph\u00f2ng v\u1edbi Sutton B\u00e0n K\u00ea \u0110en hi\u1ec7n \u0111\u1ea1i. Thi\u1ebft k\u1ebf ng\u0103n k\u00e9o ti\u1ec7n l\u1ee3i, d\u1ec5 ph\u1ed1i, b\u1ec1n ch\u1eafc theo th\u1eddi gian.","robots":{"index":"index","follow":"follow","max-snippet":"max-snippet:-1","max-image-preview":"max-image-preview:large","max-video-preview":"max-video-preview:-1"},"canonical":"https:\/\/demostore.ai\/vi\/san-pham\/sutton-ban-ke-den\/","og_type":"article","og_title":"M\u1edf \u0111\u1ea7u v\u1edbi ch\u1eef Grab Sutton B\u00e0n K\u00ea \u0110en \u0110\u01a1n Gi\u1ea3n Hi\u1ec7n \u0110\u1ea1i Cho M\u1ecdi Kh\u00f4ng Gian","og_description":"L\u1ef1a ch\u1ecdn \u0111\u00e1ng tin c\u1eady cho m\u1ecdi kh\u00f4ng gian, Sutton B\u00e0n K\u00ea \u0110en s\u1edf h\u1eefu thi\u1ebft k\u1ebf hi\u1ec7n \u0111\u1ea1i, ng\u0103n k\u00e9o ti\u1ec7n d\u1ee5ng v\u00e0 k\u1ec7 d\u01b0\u1edbi r\u1ed9ng r\u00e3i. S\u1ea3n ph\u1ea9m ph\u00f9 h\u1ee3p trang tr\u00ed ph\u00f2ng kh\u00e1ch, \u0111\u1ea7u gi\u01b0\u1eddng ho\u1eb7c v\u0103n ph\u00f2ng, d\u1ec5 v\u1ec7 sinh v\u00e0 b\u1ec1n b\u1ec9.","og_url":"https:\/\/demostore.ai\/vi\/san-pham\/sutton-ban-ke-den\/","og_site_name":"Trendy Thread","article_modified_time":"2026-02-18T02:14:15+00:00","og_image":[{"width":916,"height":1000,"url":"https:\/\/demostore.ai\/wp-content\/uploads\/2025\/06\/Sidetable-1-1.png","type":"image\/png"}],"twitter_card":"summary_large_image","twitter_title":"M\u1edf \u0111\u1ea7u v\u1edbi ch\u1eef Grab Sutton B\u00e0n K\u00ea \u0110en \u0110\u01a1n Gi\u1ea3n Hi\u1ec7n \u0110\u1ea1i Cho M\u1ecdi Kh\u00f4ng Gian","twitter_description":"L\u1ef1a ch\u1ecdn \u0111\u00e1ng tin c\u1eady cho m\u1ecdi kh\u00f4ng gian, Sutton B\u00e0n K\u00ea \u0110en s\u1edf h\u1eefu thi\u1ebft k\u1ebf hi\u1ec7n \u0111\u1ea1i, ng\u0103n k\u00e9o ti\u1ec7n d\u1ee5ng v\u00e0 k\u1ec7 d\u01b0\u1edbi r\u1ed9ng r\u00e3i. S\u1ea3n ph\u1ea9m ph\u00f9 h\u1ee3p trang tr\u00ed ph\u00f2ng kh\u00e1ch, \u0111\u1ea7u gi\u01b0\u1eddng ho\u1eb7c v\u0103n ph\u00f2ng, d\u1ec5 v\u1ec7 sinh v\u00e0 b\u1ec1n b\u1ec9.","twitter_misc":{"\u01af\u1edbc t\u00ednh th\u1eddi gian \u0111\u1ecdc":"1 ph\u00fat"},"schema":{"@context":"https:\/\/schema.org","@graph":[{"@type":"WebPage","@id":"https:\/\/demostore.ai\/vi\/san-pham\/sutton-ban-ke-den\/","url":"https:\/\/demostore.ai\/vi\/san-pham\/sutton-ban-ke-den\/","name":"M\u1edf \u0111\u1ea7u v\u1edbi ch\u1eef Grab Sutton B\u00e0n K\u00ea \u0110en \u0110\u01a1n Gi\u1ea3n Hi\u1ec7n \u0110\u1ea1i Cho M\u1ecdi Kh\u00f4ng Gian","isPartOf":{"@id":"https:\/\/demostore.ai\/vi\/#website"},"primaryImageOfPage":{"@id":"https:\/\/demostore.ai\/vi\/san-pham\/sutton-ban-ke-den\/#primaryimage"},"image":{"@id":"https:\/\/demostore.ai\/vi\/san-pham\/sutton-ban-ke-den\/#primaryimage"},"thumbnailUrl":"https:\/\/demostore.ai\/wp-content\/uploads\/2025\/06\/Sidetable-1-1.png","datePublished":"2025-06-16T01:46:22+00:00","dateModified":"2026-02-18T02:14:15+00:00","description":"Kh\u1edfi ngu\u1ed3n c\u00e1 t\u00ednh cho ph\u00f2ng kh\u00e1ch, ph\u00f2ng ng\u1ee7 hay v\u0103n ph\u00f2ng v\u1edbi Sutton B\u00e0n K\u00ea \u0110en hi\u1ec7n \u0111\u1ea1i. Thi\u1ebft k\u1ebf ng\u0103n k\u00e9o ti\u1ec7n l\u1ee3i, d\u1ec5 ph\u1ed1i, b\u1ec1n ch\u1eafc theo th\u1eddi gian.","breadcrumb":{"@id":"https:\/\/demostore.ai\/vi\/san-pham\/sutton-ban-ke-den\/#breadcrumb"},"inLanguage":"vi","potentialAction":[{"@type":"ReadAction","target":["https:\/\/demostore.ai\/vi\/san-pham\/sutton-ban-ke-den\/"]}]},{"@type":"ImageObject","inLanguage":"vi","@id":"https:\/\/demostore.ai\/vi\/san-pham\/sutton-ban-ke-den\/#primaryimage","url":"https:\/\/demostore.ai\/wp-content\/uploads\/2025\/06\/Sidetable-1-1.png","contentUrl":"https:\/\/demostore.ai\/wp-content\/uploads\/2025\/06\/Sidetable-1-1.png","width":916,"height":1000,"caption":"B\u00e0n k\u00ea \u0111en Sutton v\u1edbi ng\u0103n k\u00e9o, k\u1ec7 d\u01b0\u1edbi v\u00e0 l\u1ecd c\u00e2y xanh trang tr\u00ed ph\u00eda tr\u00ean."},{"@type":"BreadcrumbList","@id":"https:\/\/demostore.ai\/vi\/san-pham\/sutton-ban-ke-den\/#breadcrumb","itemListElement":[{"@type":"ListItem","position":1,"name":"Trang ch\u1ee7","item":"https:\/\/demostore.ai\/vi\/"},{"@type":"ListItem","position":2,"name":"C\u1eeda h\u00e0ng","item":"https:\/\/demostore.ai\/vi\/cua-hang\/"},{"@type":"ListItem","position":3,"name":"Sutton B\u00e0n K\u00ea \u0110en"}]},{"@type":"WebSite","@id":"https:\/\/demostore.ai\/vi\/#website","url":"https:\/\/demostore.ai\/vi\/","name":"Trendy Thread","description":"C\u1eeda h\u00e0ng demo WriteText.ai","publisher":{"@id":"https:\/\/demostore.ai\/vi\/#organization"},"potentialAction":[{"@type":"SearchAction","target":{"@type":"EntryPoint","urlTemplate":"https:\/\/demostore.ai\/vi\/?s={search_term_string}"},"query-input":{"@type":"PropertyValueSpecification","valueRequired":true,"valueName":"search_term_string"}}],"inLanguage":"vi"},{"@type":"Organization","@id":"https:\/\/demostore.ai\/vi\/#organization","name":"WriteText.ai","url":"https:\/\/demostore.ai\/vi\/","logo":{"@type":"ImageObject","inLanguage":"vi","@id":"https:\/\/demostore.ai\/vi\/#\/schema\/logo\/image\/","url":"https:\/\/demostore.ai\/wp-content\/uploads\/2025\/10\/writetext_logo.webp","contentUrl":"https:\/\/demostore.ai\/wp-content\/uploads\/2025\/10\/writetext_logo.webp","width":200,"height":34,"caption":"WriteText.ai"},"image":{"@id":"https:\/\/demostore.ai\/vi\/#\/schema\/logo\/image\/"}}]}},"_links":{"self":[{"href":"https:\/\/demostore.ai\/vi\/wp-json\/wp\/v2\/product\/36540","targetHints":{"allow":["GET"]}}],"collection":[{"href":"https:\/\/demostore.ai\/vi\/wp-json\/wp\/v2\/product"}],"about":[{"href":"https:\/\/demostore.ai\/vi\/wp-json\/wp\/v2\/types\/product"}],"replies":[{"embeddable":true,"href":"https:\/\/demostore.ai\/vi\/wp-json\/wp\/v2\/comments?post=36540"}],"wp:featuredmedia":[{"embeddable":true,"href":"https:\/\/demostore.ai\/vi\/wp-json\/wp\/v2\/media\/29005"}],"wp:attachment":[{"href":"https:\/\/demostore.ai\/vi\/wp-json\/wp\/v2\/media?parent=36540"}],"wp:term":[{"taxonomy":"product_brand","embeddable":true,"href":"https:\/\/demostore.ai\/vi\/wp-json\/wp\/v2\/product_brand?post=36540"},{"taxonomy":"product_cat","embeddable":true,"href":"https:\/\/demostore.ai\/vi\/wp-json\/wp\/v2\/product_cat?post=36540"},{"taxonomy":"product_tag","embeddable":true,"href":"https:\/\/demostore.ai\/vi\/wp-json\/wp\/v2\/product_tag?post=36540"}],"curies":[{"name":"wp","href":"https:\/\/api.w.org\/{rel}","templated":true}]}}