{"id":36091,"date":"2025-06-13T08:37:27","date_gmt":"2025-06-13T08:37:27","guid":{"rendered":"https:\/\/demostore.ai\/?post_type=product&#038;p=36091"},"modified":"2026-02-17T17:57:55","modified_gmt":"2026-02-17T09:57:55","slug":"some-by-mi-tinh-chat-vitamin-c","status":"publish","type":"product","link":"https:\/\/demostore.ai\/vi\/san-pham\/some-by-mi-tinh-chat-vitamin-c\/","title":{"rendered":"Some By Mi Tinh Ch\u1ea5t Vitamin C"},"content":{"rendered":"<section data-wtai-block-id=\"wtai_product_description_features\" class=\"wtai-section wtai-features-section\">\n<h2>\u0110i\u1ec3m N\u1ed5i B\u1eadt S\u1ea3n Ph\u1ea9m<\/h2>\n<ul>\n<li><strong>D\u01b0\u1ee1ng \u1ea9m s\u00e2u<\/strong> gi\u00fap l\u00e0n da lu\u00f4n m\u1ec1m m\u1ea1i, kh\u00f4ng kh\u00f4 c\u0103ng sau m\u1ed7i l\u1ea7n s\u1eed d\u1ee5ng.<\/li>\n<li><strong>T\u0103ng s\u00e1ng v\u01b0\u1ee3t tr\u1ed9i<\/strong> h\u1ed7 tr\u1ee3 gi\u1ea3m th\u00e2m, l\u00e0m \u0111\u1ec1u m\u00e0u v\u00e0 t\u1ea1o v\u1ebb r\u1ea1ng r\u1ee1 t\u1ef1 nhi\u00ean.<\/li>\n<li><strong>L\u00e0m d\u1ecbu v\u00e0 c\u1ea3i thi\u1ec7n k\u1ebft c\u1ea5u da<\/strong> cho b\u1ec1 m\u1eb7t da m\u1ecbn m\u00e0ng, h\u1ed7 tr\u1ee3 ph\u1ee5c h\u1ed3i da y\u1ebfu.<\/li>\n<li><strong>Kh\u00f4ng g\u00e2y b\u1ebft d\u00ednh<\/strong>, th\u1ea9m th\u1ea5u nhanh, ph\u00f9 h\u1ee3p d\u00f9ng trong m\u1ecdi \u0111i\u1ec1u ki\u1ec7n th\u1eddi ti\u1ebft.<\/li>\n<li><strong>Galactomyces Ferment Filtrate<\/strong> n\u1ed5i b\u1eadt v\u1edbi kh\u1ea3 n\u0103ng t\u0103ng \u0111\u1ed9 \u0111\u00e0n h\u1ed3i v\u00e0 t\u00e1i t\u1ea1o b\u1ec1 m\u1eb7t da.<\/li>\n<li><strong>Vitamin C nguy\u00ean ch\u1ea5t 30.000 ppm<\/strong> gi\u00fap ch\u1ed1ng oxy h\u00f3a, l\u00e0m m\u1edd \u0111\u1ed1m n\u00e2u hi\u1ec7u qu\u1ea3.<\/li>\n<li><strong>Niacinamide<\/strong> h\u1ed7 tr\u1ee3 ki\u1ec3m so\u00e1t d\u1ea7u, thu nh\u1ecf l\u1ed7 ch\u00e2n l\u00f4ng v\u00e0 c\u1ee7ng c\u1ed1 m\u00e0ng b\u1ea3o v\u1ec7 da.<\/li>\n<li><strong>Kh\u00f4ng paraben, kh\u00f4ng d\u1ea7u kho\u00e1ng, kh\u00f4ng h\u01b0\u01a1ng li\u1ec7u<\/strong>, an to\u00e0n cho da nh\u1ea1y c\u1ea3m.<\/li>\n<\/ul>\n<\/section>\n<div data-wtai-block-id=\"wtai_product_description_image_1753694499291\" class=\"wtai-section wtai-image_1753694499291-section\">\n<figure class=\"wtai-image-p wtai-align-center\" style=\"text-align:center\"><img decoding=\"async\" src=\"https:\/\/demostore.ai\/wp-content\/uploads\/2025\/06\/Serum-4-scaled-1-600x600.png\" alt=\"Chai serum Some By Mi Vitamin C c\u00f9ng hai l\u00e1 xanh, trang tr\u00ed tr\u00ean n\u1ec1n tr\u1eafng.\" srcset=\"https:\/\/demostore.ai\/wp-content\/uploads\/2025\/06\/Serum-4-scaled-1.png 1000w, https:\/\/demostore.ai\/wp-content\/uploads\/2025\/06\/Serum-4-scaled-1-300x300.png 300w, https:\/\/demostore.ai\/wp-content\/uploads\/2025\/06\/Serum-4-scaled-1-150x150.png 150w, https:\/\/demostore.ai\/wp-content\/uploads\/2025\/06\/Serum-4-scaled-1-768x768.png 768w, https:\/\/demostore.ai\/wp-content\/uploads\/2025\/06\/Serum-4-scaled-1-600x600.png 600w, https:\/\/demostore.ai\/wp-content\/uploads\/2025\/06\/Serum-4-scaled-1-250x250.png 250w\"><figcaption>\n<p>Chai tinh ch\u1ea5t nh\u1ecf g\u1ecdn m\u00e0u n\u00e2u t\u1ed1i sang tr\u1ecdng t\u1ea1o c\u1ea3m gi\u00e1c an t\u00e2m khi s\u1eed d\u1ee5ng m\u1ed7i ng\u00e0y.<\/p>\n<\/figcaption><\/figure>\n<\/p><\/div>\n<section data-wtai-block-id=\"wtai_product_description_benefits\" class=\"wtai-section wtai-benefits-section\">\n<h2>L\u00fd Do B\u1ea1n S\u1ebd Y\u00eau Th\u00edch<\/h2>\n<ul>\n<li>L\u00e0n da s\u00e1ng r\u00f5 t\u1eebng ng\u00e0y, r\u1ea1ng ng\u1eddi khi t\u1ef1 tin ra ngo\u00e0i.<\/li>\n<li>V\u1ebft th\u00e2m v\u00e0 \u0111\u1ed1m n\u00e2u m\u1edd \u0111i, gi\u00fap b\u1ea1n d\u1ec5 d\u00e0ng trang \u0111i\u1ec3m t\u1ef1 nhi\u00ean.<\/li>\n<li>B\u1ec1 m\u1eb7t da tr\u1edf n\u00ean m\u1ecbn m\u00e0ng, s\u0103n ch\u1eafc v\u00e0 t\u01b0\u01a1i m\u1edbi khi ch\u1ea1m v\u00e0o.<\/li>\n<li>Da kh\u1ecfe l\u00ean r\u00f5 r\u1ec7t, gi\u1ea3m k\u00edch \u1ee9ng sau m\u1ed7i l\u1ea7n d\u00f9ng.<\/li>\n<li>L\u00e0n da lu\u00f4n \u1ea9m m\u01b0\u1ee3t, kh\u00f4ng c\u00f2n c\u1ea3m gi\u00e1c c\u0103ng kh\u00f4 kh\u00f3 ch\u1ecbu.<\/li>\n<\/ul>\n<\/section>\n<section data-wtai-block-id=\"wtai_product_description_use_cases\" class=\"wtai-section wtai-use_cases-section\">\n<h3>C\u00e1ch K\u1ebft H\u1ee3p Trong Chu Tr\u00ecnh L\u00e0m \u0110\u1eb9p<\/h3>\n<ol>\n<li>Sau khi r\u1eeda m\u1eb7t, lau kh\u00f4 da v\u00e0 s\u1eed d\u1ee5ng n\u01b0\u1edbc c\u00e2n b\u1eb1ng \u0111\u1ec3 chu\u1ea9n b\u1ecb b\u1ec1 m\u1eb7t.<\/li>\n<li>L\u1ea5y 2\u20133 gi\u1ecdt serum, nh\u1ecf tr\u1ef1c ti\u1ebfp l\u00ean l\u00f2ng b\u00e0n tay.<\/li>\n<li>Nh\u1eb9 nh\u00e0ng thoa \u0111\u1ec1u serum kh\u1eafp m\u1eb7t v\u00e0 c\u1ed5, tr\u00e1nh v\u00f9ng m\u1eaft.<\/li>\n<li>K\u1ebft h\u1ee3p massage nh\u1eb9 gi\u00fap serum th\u1ea9m th\u1ea5u s\u00e2u v\u00e0 k\u00edch th\u00edch tu\u1ea7n ho\u00e0n m\u00e1u.<\/li>\n<li>D\u00f9ng v\u00e0o bu\u1ed5i s\u00e1ng \u0111\u1ec3 t\u0103ng s\u00e1ng v\u00e0 b\u1ea3o v\u1ec7 da m\u1ed7i khi ra ngo\u00e0i.<\/li>\n<li>S\u1eed d\u1ee5ng v\u00e0o bu\u1ed5i t\u1ed1i tr\u01b0\u1edbc khi thoa kem d\u01b0\u1ee1ng \u0111\u1ec3 h\u1ed7 tr\u1ee3 ph\u1ee5c h\u1ed3i da trong l\u00fac ng\u1ee7.<\/li>\n<li>N\u00ean d\u00f9ng h\u00e0ng ng\u00e0y v\u00e0 ki\u00ean tr\u00ec \u0111\u1ec3 c\u1ea3m nh\u1eadn hi\u1ec7u qu\u1ea3 r\u00f5 h\u01a1n.<\/li>\n<li>K\u1ebft h\u1ee3p v\u1edbi kem ch\u1ed1ng n\u1eafng v\u00e0o ban ng\u00e0y \u0111\u1ec3 b\u1ea3o v\u1ec7 l\u00e0n da t\u1ed1i \u01b0u.<\/li>\n<\/ol>\n<\/section>\n<section data-wtai-block-id=\"wtai_product_description_technical_specifications\" class=\"wtai-section wtai-technical_specifications-section\">\n<h3>Chi Ti\u1ebft<\/h3>\n<ul>\n<li><strong>Th\u1ec3 t\u00edch<\/strong>: 30 ml<\/li>\n<li><strong>N\u1ed3ng \u0111\u1ed9 Vitamin C<\/strong>: 30.000 ppm<\/li>\n<li><strong>T\u1ef7 l\u1ec7 Galactomyces<\/strong>: 75%<\/li>\n<li><strong>D\u1ea1ng bao b\u00ec<\/strong>: L\u1ecd th\u1ee7y tinh n\u00e2u c\u00f3 v\u00f2i nh\u1ecf gi\u1ecdt ti\u1ec7n l\u1ee3i, d\u1ec5 b\u1ea3o qu\u1ea3n<\/li>\n<\/ul>\n<\/section>\n<section data-wtai-block-id=\"wtai_product_description_custom_1753167803027\" class=\"wtai-section wtai-custom_1753167803027-section\">\n<h2>C\u00e1c v\u1ea5n \u0111\u1ec1 da m\u00e0 s\u1ea3n ph\u1ea9m gi\u1ea3i quy\u1ebft &amp; lo\u1ea1i da ph\u00f9 h\u1ee3p<\/h2>\n<ul>\n<li><strong>Da x\u1ec9n m\u00e0u<\/strong>: L\u00e0m s\u00e1ng da, gi\u00fap t\u01b0\u01a1i t\u1eafn v\u00e0 r\u1ea1ng r\u1ee1 h\u01a1n.<\/li>\n<li><strong>Th\u00e2m n\u00e1m, \u0111\u1ed1m n\u00e2u<\/strong>: H\u1ed7 tr\u1ee3 l\u00e0m m\u1edd c\u00e1c v\u1ebft th\u00e2m, n\u00e1m.<\/li>\n<li><strong>Da kh\u00f4ng \u0111\u1ec1u m\u00e0u<\/strong>: Gi\u00fap \u0111\u1ed3ng \u0111\u1ec1u s\u1eafc t\u1ed1, c\u1ea3i thi\u1ec7n t\u1ed5ng th\u1ec3.<\/li>\n<li><strong>L\u1ed7 ch\u00e2n l\u00f4ng to<\/strong>: Se kh\u00edt, gi\u00fap b\u1ec1 m\u1eb7t da m\u1ecbn m\u00e0ng h\u01a1n.<\/li>\n<li><strong>Da d\u1ea7u, h\u1ed7n h\u1ee3p, kh\u00f4<\/strong>: K\u1ebft c\u1ea5u nh\u1eb9, d\u1ec5 th\u1ea5m cho m\u1ecdi lo\u1ea1i da.<\/li>\n<li><strong>Da nh\u1ea1y c\u1ea3m<\/strong>: Ph\u00f9 h\u1ee3p nh\u01b0ng n\u00ean th\u1eed ph\u1ea3n \u1ee9ng tr\u00ean v\u00f9ng nh\u1ecf tr\u01b0\u1edbc.<\/li>\n<\/ul>\n<\/section>\n<section data-wtai-block-id=\"wtai_product_description_custom_1754200971412\" class=\"wtai-section wtai-custom_1754200971412-section\">\n<h2>Th\u00e0nh ph\u1ea7n \u0111\u1ea7y \u0111\u1ee7 c\u1ee7a Some By Mi Tinh Ch\u1ea5t Vitamin C<\/h2>\n<p>Galactomyces Ferment Filtrate, Dipropylene Glycol, Glycerin, Ascorbic Acid, Butylene Glycol, 1,2-Hexanediol, Niacinamide, Tromethamine, Water, Trehalose, C12-14 Pareth-12, Xanthan Gum, Allantoin, Hydroxyethylcellulose, Ethylhexylglycerin, Adenosine, Citrus Aurantium Bergamia (Bergamot) Fruit Oil, Hydrogenated Lecithin, Glyceryl Acrylate\/Acrylic Acid Copolymer, Polyglyceryl-10 Stearate, PVM\/MA Copolymer, Sodium Hyaluronate, Lavandula Angustifolia (Lavender) Oil, Panthenol, Sodium Ascorbyl Phosphate, Phenylethyl Resorcinol, Propolis Extract, Aronia Melanocarpa Fruit Extract, Aspalathus Linearis Extract, Bambusa Vulgaris Extract, Maltodextrin, Saccharide Hydrolysate, Ficus Carica (Fig) Fruit Extract, Phoenix Dactylifera (Date) Fruit Extract, Tuber Magnatum Extract, Biotin, Folic Acid, Houttuynia Cordata Extract, Pyridoxine, Opuntia Coccinellifera Fruit Extract, Opuntia Ficus-Indica Stem Extract, Caprylic\/Capric Triglyceride, Adansonia Digitata Seed Extract, Leuconostoc\/Radish Root Ferment Filtrate, Brassica Oleracea Italica (Broccoli) Extract, Calendula Officinalis Flower Extract, Sparassis Crispa Extract, Cyanocobalamin, Propolis Extract, Tocopherol, Euterpe Oleracea Fruit Extract, Ribes Nigrum (Black Currant) Fruit Extract, Rubus Fruticosus (Blackberry) Fruit Extract, Rubus Idaeus (Raspberry) Fruit Extract, Vaccinium Angustifolium (Blueberry) Fruit Extract, Vaccinium Macrocarpon (Cranberry) Fruit Extract, Vaccinium Myrtillus (Bilberry) Fruit Extract, Spirulina Maxima Extract, Astaxanthin, Inositol, Linoleic Acid, Thiamine HCl, Caramel, Linalool, Limonene.<\/p>\n<\/section>\n<section data-wtai-block-id=\"wtai_product_description_faqs\" class=\"wtai-section wtai-faqs-section\">\n<h2>C\u00e2u H\u1ecfi Th\u01b0\u1eddng G\u1eb7p<\/h2>\n<p><strong>Tinh ch\u1ea5t n\u00e0y c\u00f3 ph\u00f9 h\u1ee3p cho da nh\u1ea1y c\u1ea3m kh\u00f4ng?<\/strong> <br \/> C\u00f4ng th\u1ee9c kh\u00f4ng ch\u1ee9a h\u01b0\u01a1ng li\u1ec7u, paraben, ph\u00f9 h\u1ee3p cho c\u1ea3 da nh\u1ea1y c\u1ea3m.<\/p>\n<p><strong>C\u00f3 th\u1ec3 k\u1ebft h\u1ee3p serum v\u1edbi s\u1ea3n ph\u1ea9m ch\u1ee9a AHA\/BHA kh\u00f4ng?<\/strong> <br \/> N\u00ean d\u00f9ng c\u00e1ch nhau v\u00e0o bu\u1ed5i s\u00e1ng v\u00e0 t\u1ed1i \u0111\u1ec3 tr\u00e1nh k\u00edch \u1ee9ng da.<\/p>\n<p><strong>Bao l\u00e2u s\u1ebd th\u1ea5y da s\u00e1ng v\u00e0 \u0111\u1ec1u m\u00e0u h\u01a1n?<\/strong> <br \/> Hi\u1ec7u qu\u1ea3 s\u00e1ng da th\u01b0\u1eddng r\u00f5 sau 2\u20134 tu\u1ea7n s\u1eed d\u1ee5ng \u0111\u1ec1u \u0111\u1eb7n.<\/p>\n<p><strong>B\u1ea3o qu\u1ea3n tinh ch\u1ea5t nh\u01b0 th\u1ebf n\u00e0o \u0111\u1ec3 kh\u00f4ng b\u1ecb oxy h\u00f3a?<\/strong> <br \/> N\u00ean \u0111\u1ec3 n\u01a1i tho\u00e1ng m\u00e1t, tr\u00e1nh \u00e1nh s\u00e1ng tr\u1ef1c ti\u1ebfp v\u00e0 \u0111\u00f3ng n\u1eafp k\u1ef9 sau khi d\u00f9ng.<\/p>\n<p><strong>Tinh ch\u1ea5t c\u00f3 g\u00e2y b\u1ebft d\u00ednh ho\u1eb7c b\u00f3ng nh\u1eddn kh\u00f4ng?<\/strong> <br \/> K\u1ebft c\u1ea5u l\u1ecfng nh\u1eb9, th\u1ea9m th\u1ea5u nhanh m\u00e0 kh\u00f4ng g\u00e2y b\u1ebft d\u00ednh.<\/p>\n<\/section>\n<section data-wtai-block-id=\"wtai_product_description_conclusion\" class=\"wtai-section wtai-conclusion-section\">\n<h2>S\u1eb5n S\u00e0ng N\u00e2ng T\u1ea7m L\u00e0n Da C\u1ee7a B\u1ea1n<\/h2>\n<p><em><strong>Ch\u0103m s\u00f3c da m\u1ed7i ng\u00e0y s\u1ebd d\u1ec5 d\u00e0ng v\u00e0 hi\u1ec7u qu\u1ea3 h\u01a1n c\u00f9ng tinh ch\u1ea5t vitamin C t\u1eeb Some By Mi.<\/strong><\/em> <em><strong>S\u1edf h\u1eefu l\u00e0n da s\u00e1ng kh\u1ecfe v\u00e0 t\u1ef1 tin v\u1edbi s\u1ea3n ph\u1ea9m m\u00e0 b\u1ea1n kh\u00f4ng n\u00ean b\u1ecf l\u1ee1 h\u00f4m nay.<\/strong><\/em><\/p>\n<\/section>\n","protected":false},"excerpt":{"rendered":"<div data-wtai-block-id=\"wtai_excerpt_subtitle\" class=\"wtai-section wtai-subtitle-section\">\n<p><em><strong>L\u00e0n da r\u1ea1ng r\u1ee1, s\u00e1ng \u0111\u1ec1u m\u00e0u m\u1ed7i ng\u00e0y, c\u1ea3m nh\u1eadn s\u1ef1 t\u01b0\u01a1i m\u1edbi r\u00f5 r\u1ec7t.<\/strong><\/em><\/p>\n<\/p><\/div>\n<div data-wtai-block-id=\"wtai_excerpt_introduction\" class=\"wtai-section wtai-introduction-section\">\n<p>Th\u1eadt b\u1ea5t ng\u1edd khi m\u1ed7i bu\u1ed5i s\u00e1ng th\u1ee9c d\u1eady, l\u00e0n da tr\u1edf n\u00ean b\u1eebng s\u00e1ng v\u00e0 m\u1ecbn m\u00e0ng h\u01a1n nh\u1edd tinh ch\u1ea5t vitamin C t\u1eeb Some By Mi. S\u1ea3n ph\u1ea9m k\u1ebft h\u1ee3p gi\u1eefa Galactomyces v\u00e0 vitamin C tinh khi\u1ebft, d\u1ec5 d\u00e0ng th\u1ea9m th\u1ea5u, mang l\u1ea1i s\u1ef1 t\u01b0\u01a1i tr\u1ebb v\u00e0 s\u00e1ng r\u00f5 ngay t\u1eeb l\u1ea7n s\u1eed d\u1ee5ng \u0111\u1ea7u ti\u00ean. Tr\u1ea3i nghi\u1ec7m c\u1ea3m gi\u00e1c th\u01b0 gi\u00e3n, d\u01b0\u1ee1ng ch\u1ea5t d\u1ecbu nh\u1eb9 \u00f4m tr\u1ecdn l\u00e0n da, nu\u00f4i d\u01b0\u1ee1ng to\u00e0n di\u1ec7n t\u1eeb b\u00ean trong. \u0110\u00f3 kh\u00f4ng ch\u1ec9 l\u00e0 quy tr\u00ecnh ch\u0103m s\u00f3c, m\u00e0 c\u00f2n l\u00e0 ph\u00fat gi\u00e2y y\u00eau chi\u1ec1u b\u1ea3n th\u00e2n, trao g\u1eedi s\u1ef1 t\u1ef1 tin r\u1ea1ng ng\u1eddi m\u1ed7i ng\u00e0y.<\/p>\n<\/p><\/div>\n","protected":false},"featured_media":242877,"comment_status":"open","ping_status":"closed","template":"","meta":[],"product_brand":[],"product_cat":[252],"product_tag":[],"class_list":{"0":"post-36091","1":"product","2":"type-product","3":"status-publish","4":"has-post-thumbnail","6":"product_cat-lam-dep-suc-khoe","8":"first","9":"instock","10":"shipping-taxable","11":"purchasable","12":"product-type-simple"},"bundled_by":[],"bundle_stock_status":"instock","bundle_stock_quantity":null,"bundle_virtual":false,"bundle_layout":"","bundle_add_to_cart_form_location":"","bundle_editable_in_cart":false,"bundle_sold_individually_context":"","bundle_item_grouping":"","bundle_min_size":"","bundle_max_size":"","bundle_price":[],"bundled_items":[],"bundle_sell_ids":[],"yoast_head":"<!-- This site is optimized with the Yoast SEO plugin v25.2 - https:\/\/yoast.com\/wordpress\/plugins\/seo\/ -->\n<title>Top-Rated Some By Mi Tinh Ch\u1ea5t Vitamin C Cho Da S\u00e1ng M\u1ecbn<\/title>\n<meta name=\"description\" content=\"Tr\u1ea3i nghi\u1ec7m tinh ch\u1ea5t vitamin C v\u1edbi h\u00e0m l\u01b0\u1ee3ng galactomyces cao gi\u00fap d\u01b0\u1ee1ng s\u00e1ng, gi\u1ea3m th\u00e2m, t\u0103ng \u0111\u1ed9 \u1ea9m v\u00e0 \u0111\u00e0n h\u1ed3i cho l\u00e0n da t\u01b0\u01a1i m\u1edbi, r\u1ea1ng ng\u1eddi.\" \/>\n<meta name=\"robots\" content=\"index, follow, max-snippet:-1, max-image-preview:large, max-video-preview:-1\" \/>\n<link rel=\"canonical\" href=\"https:\/\/demostore.ai\/vi\/san-pham\/some-by-mi-tinh-chat-vitamin-c\/\" \/>\n<meta property=\"og:type\" content=\"article\" \/>\n<meta property=\"og:title\" content=\"Top-Rated Some By Mi Tinh Ch\u1ea5t Vitamin C Cho Da S\u00e1ng M\u1ecbn\" \/>\n<meta property=\"og:description\" content=\"Tho\u00e1t kh\u1ecfi l\u00e0n da x\u1ec9n m\u00e0u v\u1edbi tinh ch\u1ea5t vitamin C ch\u1ee9a 75% galactomyces mang l\u1ea1i hi\u1ec7u qu\u1ea3 d\u01b0\u1ee1ng s\u00e1ng, gi\u1ea3m th\u00e2m v\u00e0 c\u1ea3i thi\u1ec7n \u0111\u1ed9 \u0111\u00e0n h\u1ed3i. C\u00f4ng th\u1ee9c d\u1ecbu nh\u1eb9, kh\u00f4ng b\u1ebft d\u00ednh, ph\u00f9 h\u1ee3p cho m\u1ecdi lo\u1ea1i da.\" \/>\n<meta property=\"og:url\" content=\"https:\/\/demostore.ai\/vi\/san-pham\/some-by-mi-tinh-chat-vitamin-c\/\" \/>\n<meta property=\"og:site_name\" content=\"Trendy Thread\" \/>\n<meta property=\"article:modified_time\" content=\"2026-02-17T09:57:55+00:00\" \/>\n<meta property=\"og:image\" content=\"https:\/\/demostore.ai\/wp-content\/uploads\/2025\/06\/Serum-1-scaled-2.png\" \/>\n\t<meta property=\"og:image:width\" content=\"390\" \/>\n\t<meta property=\"og:image:height\" content=\"1000\" \/>\n\t<meta property=\"og:image:type\" content=\"image\/png\" \/>\n<meta name=\"twitter:card\" content=\"summary_large_image\" \/>\n<meta name=\"twitter:title\" content=\"Top-Rated Some By Mi Tinh Ch\u1ea5t Vitamin C Cho Da S\u00e1ng M\u1ecbn\" \/>\n<meta name=\"twitter:description\" content=\"Tho\u00e1t kh\u1ecfi l\u00e0n da x\u1ec9n m\u00e0u v\u1edbi tinh ch\u1ea5t vitamin C ch\u1ee9a 75% galactomyces mang l\u1ea1i hi\u1ec7u qu\u1ea3 d\u01b0\u1ee1ng s\u00e1ng, gi\u1ea3m th\u00e2m v\u00e0 c\u1ea3i thi\u1ec7n \u0111\u1ed9 \u0111\u00e0n h\u1ed3i. C\u00f4ng th\u1ee9c d\u1ecbu nh\u1eb9, kh\u00f4ng b\u1ebft d\u00ednh, ph\u00f9 h\u1ee3p cho m\u1ecdi lo\u1ea1i da.\" \/>\n<meta name=\"twitter:label1\" content=\"\u01af\u1edbc t\u00ednh th\u1eddi gian \u0111\u1ecdc\" \/>\n\t<meta name=\"twitter:data1\" content=\"1 ph\u00fat\" \/>\n<script type=\"application\/ld+json\" class=\"yoast-schema-graph\">{\"@context\":\"https:\/\/schema.org\",\"@graph\":[{\"@type\":\"WebPage\",\"@id\":\"https:\/\/demostore.ai\/vi\/san-pham\/some-by-mi-tinh-chat-vitamin-c\/\",\"url\":\"https:\/\/demostore.ai\/vi\/san-pham\/some-by-mi-tinh-chat-vitamin-c\/\",\"name\":\"Top-Rated Some By Mi Tinh Ch\u1ea5t Vitamin C Cho Da S\u00e1ng M\u1ecbn\",\"isPartOf\":{\"@id\":\"https:\/\/demostore.ai\/vi\/#website\"},\"primaryImageOfPage\":{\"@id\":\"https:\/\/demostore.ai\/vi\/san-pham\/some-by-mi-tinh-chat-vitamin-c\/#primaryimage\"},\"image\":{\"@id\":\"https:\/\/demostore.ai\/vi\/san-pham\/some-by-mi-tinh-chat-vitamin-c\/#primaryimage\"},\"thumbnailUrl\":\"https:\/\/demostore.ai\/wp-content\/uploads\/2025\/06\/Serum-1-scaled-2.png\",\"datePublished\":\"2025-06-13T08:37:27+00:00\",\"dateModified\":\"2026-02-17T09:57:55+00:00\",\"description\":\"Tr\u1ea3i nghi\u1ec7m tinh ch\u1ea5t vitamin C v\u1edbi h\u00e0m l\u01b0\u1ee3ng galactomyces cao gi\u00fap d\u01b0\u1ee1ng s\u00e1ng, gi\u1ea3m th\u00e2m, t\u0103ng \u0111\u1ed9 \u1ea9m v\u00e0 \u0111\u00e0n h\u1ed3i cho l\u00e0n da t\u01b0\u01a1i m\u1edbi, r\u1ea1ng ng\u1eddi.\",\"breadcrumb\":{\"@id\":\"https:\/\/demostore.ai\/vi\/san-pham\/some-by-mi-tinh-chat-vitamin-c\/#breadcrumb\"},\"inLanguage\":\"vi\",\"potentialAction\":[{\"@type\":\"ReadAction\",\"target\":[\"https:\/\/demostore.ai\/vi\/san-pham\/some-by-mi-tinh-chat-vitamin-c\/\"]}]},{\"@type\":\"ImageObject\",\"inLanguage\":\"vi\",\"@id\":\"https:\/\/demostore.ai\/vi\/san-pham\/some-by-mi-tinh-chat-vitamin-c\/#primaryimage\",\"url\":\"https:\/\/demostore.ai\/wp-content\/uploads\/2025\/06\/Serum-1-scaled-2.png\",\"contentUrl\":\"https:\/\/demostore.ai\/wp-content\/uploads\/2025\/06\/Serum-1-scaled-2.png\",\"width\":390,\"height\":1000,\"caption\":\"Chai tinh ch\u1ea5t Some By Mi Vitamin C v\u1edbi n\u1eafp nh\u1ecf gi\u1ecdt, dung t\u00edch 30ml, hi\u1ec3n th\u1ecb tr\u00ean trang s\u1ea3n ph\u1ea9m.\"},{\"@type\":\"BreadcrumbList\",\"@id\":\"https:\/\/demostore.ai\/vi\/san-pham\/some-by-mi-tinh-chat-vitamin-c\/#breadcrumb\",\"itemListElement\":[{\"@type\":\"ListItem\",\"position\":1,\"name\":\"Trang ch\u1ee7\",\"item\":\"https:\/\/demostore.ai\/vi\/\"},{\"@type\":\"ListItem\",\"position\":2,\"name\":\"C\u1eeda h\u00e0ng\",\"item\":\"https:\/\/demostore.ai\/vi\/cua-hang\/\"},{\"@type\":\"ListItem\",\"position\":3,\"name\":\"Some By Mi Tinh Ch\u1ea5t Vitamin C\"}]},{\"@type\":\"WebSite\",\"@id\":\"https:\/\/demostore.ai\/vi\/#website\",\"url\":\"https:\/\/demostore.ai\/vi\/\",\"name\":\"Trendy Thread\",\"description\":\"C\u1eeda h\u00e0ng demo WriteText.ai\",\"publisher\":{\"@id\":\"https:\/\/demostore.ai\/vi\/#organization\"},\"potentialAction\":[{\"@type\":\"SearchAction\",\"target\":{\"@type\":\"EntryPoint\",\"urlTemplate\":\"https:\/\/demostore.ai\/vi\/?s={search_term_string}\"},\"query-input\":{\"@type\":\"PropertyValueSpecification\",\"valueRequired\":true,\"valueName\":\"search_term_string\"}}],\"inLanguage\":\"vi\"},{\"@type\":\"Organization\",\"@id\":\"https:\/\/demostore.ai\/vi\/#organization\",\"name\":\"WriteText.ai\",\"url\":\"https:\/\/demostore.ai\/vi\/\",\"logo\":{\"@type\":\"ImageObject\",\"inLanguage\":\"vi\",\"@id\":\"https:\/\/demostore.ai\/vi\/#\/schema\/logo\/image\/\",\"url\":\"https:\/\/demostore.ai\/wp-content\/uploads\/2025\/10\/writetext_logo.webp\",\"contentUrl\":\"https:\/\/demostore.ai\/wp-content\/uploads\/2025\/10\/writetext_logo.webp\",\"width\":200,\"height\":34,\"caption\":\"WriteText.ai\"},\"image\":{\"@id\":\"https:\/\/demostore.ai\/vi\/#\/schema\/logo\/image\/\"}}]}<\/script>\n<!-- \/ Yoast SEO plugin. -->","yoast_head_json":{"title":"Top-Rated Some By Mi Tinh Ch\u1ea5t Vitamin C Cho Da S\u00e1ng M\u1ecbn","description":"Tr\u1ea3i nghi\u1ec7m tinh ch\u1ea5t vitamin C v\u1edbi h\u00e0m l\u01b0\u1ee3ng galactomyces cao gi\u00fap d\u01b0\u1ee1ng s\u00e1ng, gi\u1ea3m th\u00e2m, t\u0103ng \u0111\u1ed9 \u1ea9m v\u00e0 \u0111\u00e0n h\u1ed3i cho l\u00e0n da t\u01b0\u01a1i m\u1edbi, r\u1ea1ng ng\u1eddi.","robots":{"index":"index","follow":"follow","max-snippet":"max-snippet:-1","max-image-preview":"max-image-preview:large","max-video-preview":"max-video-preview:-1"},"canonical":"https:\/\/demostore.ai\/vi\/san-pham\/some-by-mi-tinh-chat-vitamin-c\/","og_type":"article","og_title":"Top-Rated Some By Mi Tinh Ch\u1ea5t Vitamin C Cho Da S\u00e1ng M\u1ecbn","og_description":"Tho\u00e1t kh\u1ecfi l\u00e0n da x\u1ec9n m\u00e0u v\u1edbi tinh ch\u1ea5t vitamin C ch\u1ee9a 75% galactomyces mang l\u1ea1i hi\u1ec7u qu\u1ea3 d\u01b0\u1ee1ng s\u00e1ng, gi\u1ea3m th\u00e2m v\u00e0 c\u1ea3i thi\u1ec7n \u0111\u1ed9 \u0111\u00e0n h\u1ed3i. C\u00f4ng th\u1ee9c d\u1ecbu nh\u1eb9, kh\u00f4ng b\u1ebft d\u00ednh, ph\u00f9 h\u1ee3p cho m\u1ecdi lo\u1ea1i da.","og_url":"https:\/\/demostore.ai\/vi\/san-pham\/some-by-mi-tinh-chat-vitamin-c\/","og_site_name":"Trendy Thread","article_modified_time":"2026-02-17T09:57:55+00:00","og_image":[{"width":390,"height":1000,"url":"https:\/\/demostore.ai\/wp-content\/uploads\/2025\/06\/Serum-1-scaled-2.png","type":"image\/png"}],"twitter_card":"summary_large_image","twitter_title":"Top-Rated Some By Mi Tinh Ch\u1ea5t Vitamin C Cho Da S\u00e1ng M\u1ecbn","twitter_description":"Tho\u00e1t kh\u1ecfi l\u00e0n da x\u1ec9n m\u00e0u v\u1edbi tinh ch\u1ea5t vitamin C ch\u1ee9a 75% galactomyces mang l\u1ea1i hi\u1ec7u qu\u1ea3 d\u01b0\u1ee1ng s\u00e1ng, gi\u1ea3m th\u00e2m v\u00e0 c\u1ea3i thi\u1ec7n \u0111\u1ed9 \u0111\u00e0n h\u1ed3i. C\u00f4ng th\u1ee9c d\u1ecbu nh\u1eb9, kh\u00f4ng b\u1ebft d\u00ednh, ph\u00f9 h\u1ee3p cho m\u1ecdi lo\u1ea1i da.","twitter_misc":{"\u01af\u1edbc t\u00ednh th\u1eddi gian \u0111\u1ecdc":"1 ph\u00fat"},"schema":{"@context":"https:\/\/schema.org","@graph":[{"@type":"WebPage","@id":"https:\/\/demostore.ai\/vi\/san-pham\/some-by-mi-tinh-chat-vitamin-c\/","url":"https:\/\/demostore.ai\/vi\/san-pham\/some-by-mi-tinh-chat-vitamin-c\/","name":"Top-Rated Some By Mi Tinh Ch\u1ea5t Vitamin C Cho Da S\u00e1ng M\u1ecbn","isPartOf":{"@id":"https:\/\/demostore.ai\/vi\/#website"},"primaryImageOfPage":{"@id":"https:\/\/demostore.ai\/vi\/san-pham\/some-by-mi-tinh-chat-vitamin-c\/#primaryimage"},"image":{"@id":"https:\/\/demostore.ai\/vi\/san-pham\/some-by-mi-tinh-chat-vitamin-c\/#primaryimage"},"thumbnailUrl":"https:\/\/demostore.ai\/wp-content\/uploads\/2025\/06\/Serum-1-scaled-2.png","datePublished":"2025-06-13T08:37:27+00:00","dateModified":"2026-02-17T09:57:55+00:00","description":"Tr\u1ea3i nghi\u1ec7m tinh ch\u1ea5t vitamin C v\u1edbi h\u00e0m l\u01b0\u1ee3ng galactomyces cao gi\u00fap d\u01b0\u1ee1ng s\u00e1ng, gi\u1ea3m th\u00e2m, t\u0103ng \u0111\u1ed9 \u1ea9m v\u00e0 \u0111\u00e0n h\u1ed3i cho l\u00e0n da t\u01b0\u01a1i m\u1edbi, r\u1ea1ng ng\u1eddi.","breadcrumb":{"@id":"https:\/\/demostore.ai\/vi\/san-pham\/some-by-mi-tinh-chat-vitamin-c\/#breadcrumb"},"inLanguage":"vi","potentialAction":[{"@type":"ReadAction","target":["https:\/\/demostore.ai\/vi\/san-pham\/some-by-mi-tinh-chat-vitamin-c\/"]}]},{"@type":"ImageObject","inLanguage":"vi","@id":"https:\/\/demostore.ai\/vi\/san-pham\/some-by-mi-tinh-chat-vitamin-c\/#primaryimage","url":"https:\/\/demostore.ai\/wp-content\/uploads\/2025\/06\/Serum-1-scaled-2.png","contentUrl":"https:\/\/demostore.ai\/wp-content\/uploads\/2025\/06\/Serum-1-scaled-2.png","width":390,"height":1000,"caption":"Chai tinh ch\u1ea5t Some By Mi Vitamin C v\u1edbi n\u1eafp nh\u1ecf gi\u1ecdt, dung t\u00edch 30ml, hi\u1ec3n th\u1ecb tr\u00ean trang s\u1ea3n ph\u1ea9m."},{"@type":"BreadcrumbList","@id":"https:\/\/demostore.ai\/vi\/san-pham\/some-by-mi-tinh-chat-vitamin-c\/#breadcrumb","itemListElement":[{"@type":"ListItem","position":1,"name":"Trang ch\u1ee7","item":"https:\/\/demostore.ai\/vi\/"},{"@type":"ListItem","position":2,"name":"C\u1eeda h\u00e0ng","item":"https:\/\/demostore.ai\/vi\/cua-hang\/"},{"@type":"ListItem","position":3,"name":"Some By Mi Tinh Ch\u1ea5t Vitamin C"}]},{"@type":"WebSite","@id":"https:\/\/demostore.ai\/vi\/#website","url":"https:\/\/demostore.ai\/vi\/","name":"Trendy Thread","description":"C\u1eeda h\u00e0ng demo WriteText.ai","publisher":{"@id":"https:\/\/demostore.ai\/vi\/#organization"},"potentialAction":[{"@type":"SearchAction","target":{"@type":"EntryPoint","urlTemplate":"https:\/\/demostore.ai\/vi\/?s={search_term_string}"},"query-input":{"@type":"PropertyValueSpecification","valueRequired":true,"valueName":"search_term_string"}}],"inLanguage":"vi"},{"@type":"Organization","@id":"https:\/\/demostore.ai\/vi\/#organization","name":"WriteText.ai","url":"https:\/\/demostore.ai\/vi\/","logo":{"@type":"ImageObject","inLanguage":"vi","@id":"https:\/\/demostore.ai\/vi\/#\/schema\/logo\/image\/","url":"https:\/\/demostore.ai\/wp-content\/uploads\/2025\/10\/writetext_logo.webp","contentUrl":"https:\/\/demostore.ai\/wp-content\/uploads\/2025\/10\/writetext_logo.webp","width":200,"height":34,"caption":"WriteText.ai"},"image":{"@id":"https:\/\/demostore.ai\/vi\/#\/schema\/logo\/image\/"}}]}},"_links":{"self":[{"href":"https:\/\/demostore.ai\/vi\/wp-json\/wp\/v2\/product\/36091","targetHints":{"allow":["GET"]}}],"collection":[{"href":"https:\/\/demostore.ai\/vi\/wp-json\/wp\/v2\/product"}],"about":[{"href":"https:\/\/demostore.ai\/vi\/wp-json\/wp\/v2\/types\/product"}],"replies":[{"embeddable":true,"href":"https:\/\/demostore.ai\/vi\/wp-json\/wp\/v2\/comments?post=36091"}],"wp:featuredmedia":[{"embeddable":true,"href":"https:\/\/demostore.ai\/vi\/wp-json\/wp\/v2\/media\/242877"}],"wp:attachment":[{"href":"https:\/\/demostore.ai\/vi\/wp-json\/wp\/v2\/media?parent=36091"}],"wp:term":[{"taxonomy":"product_brand","embeddable":true,"href":"https:\/\/demostore.ai\/vi\/wp-json\/wp\/v2\/product_brand?post=36091"},{"taxonomy":"product_cat","embeddable":true,"href":"https:\/\/demostore.ai\/vi\/wp-json\/wp\/v2\/product_cat?post=36091"},{"taxonomy":"product_tag","embeddable":true,"href":"https:\/\/demostore.ai\/vi\/wp-json\/wp\/v2\/product_tag?post=36091"}],"curies":[{"name":"wp","href":"https:\/\/api.w.org\/{rel}","templated":true}]}}