{"id":36014,"date":"2025-06-16T01:41:04","date_gmt":"2025-06-15T17:41:04","guid":{"rendered":"https:\/\/demostore.ai\/?post_type=product&#038;p=36014"},"modified":"2026-02-17T22:50:42","modified_gmt":"2026-02-17T14:50:42","slug":"uniqlo-quan-rong-nu","status":"publish","type":"product","link":"https:\/\/demostore.ai\/vi\/san-pham\/uniqlo-quan-rong-nu\/","title":{"rendered":"Uniqlo Qu\u1ea7n R\u1ed9ng N\u1eef"},"content":{"rendered":"<section data-wtai-block-id=\"wtai_product_description_features\" class=\"wtai-section wtai-features-section\">\n<h2>Chi Ti\u1ebft S\u1ea3n Ph\u1ea9m<\/h2>\n<ul>\n<li><strong>Ch\u1ea5t li\u1ec7u denim cao c\u1ea5p<\/strong> gi\u00fap qu\u1ea7n l\u00ean form chu\u1ea9n, b\u1ec1n v\u00e0 gi\u1eef m\u00e0u t\u1ed1t.<\/li>\n<li><strong>D\u00e1ng r\u1ed9ng su\u00f4ng<\/strong> cho c\u1ea3m gi\u00e1c tho\u1ea3i m\u00e1i v\u00e0 c\u1ef1c k\u1ef3 hack d\u00e1ng cho ng\u01b0\u1eddi m\u1eb7c.<\/li>\n<li><strong>Eo cao v\u1eeba v\u1eb7n<\/strong>, c\u00f3 khuy b\u1ea5m v\u00e0 kho\u00e1 k\u00e9o ch\u1eafc ch\u1eafn, t\u00f4n chi\u1ec1u cao v\u00e0 che khuy\u1ebft \u0111i\u1ec3m hi\u1ec7u qu\u1ea3.<\/li>\n<li><strong>T\u00fai hai b\u00ean r\u1ed9ng r\u00e3i<\/strong> ti\u1ec7n l\u1ee3i \u0111\u1ec3 \u0111\u1ef1ng \u0111i\u1ec7n tho\u1ea1i, v\u00ed nh\u1ecf hay nh\u1eefng v\u1eadt d\u1ee5ng c\u1ea7n thi\u1ebft.<\/li>\n<li><strong>May x\u1ebfp li nh\u1eb9 \u1edf th\u00e2n tr\u01b0\u1edbc<\/strong> t\u1ea1o \u0111i\u1ec3m nh\u1ea5n thanh l\u1ecbch nh\u01b0ng v\u1eabn \u0111\u01a1n gi\u1ea3n, d\u1ec5 ph\u1ed1i \u0111\u1ed3.<\/li>\n<li><strong>\u0110\u01b0\u1eddng ch\u1ec9 m\u00e0u \u0111\u1ed3ng n\u1ed5i b\u1eadt<\/strong> t\u0103ng \u0111\u1ed9 b\u1ec1n v\u00e0 n\u00e9t c\u00e1 t\u00ednh cho t\u1ed5ng th\u1ec3 qu\u1ea7n.<\/li>\n<li><strong>\u1ed0ng qu\u1ea7n r\u1ed9ng v\u1eeba ph\u1ea3i<\/strong>, c\u1ef1c d\u1ec5 mix v\u1edbi sneaker, sandal hay boots cao c\u1ed5.<\/li>\n<li><strong>V\u1ea3i c\u00f3 \u0111\u1ed9 d\u00e0y v\u1eeba ph\u1ea3i<\/strong>, ph\u00f9 h\u1ee3p m\u1eb7c quanh n\u0103m, \u0111\u1eb7c bi\u1ec7t l\u00e0 ti\u1ebft tr\u1eddi se l\u1ea1nh.<\/li>\n<li><strong>G\u1ea5u qu\u1ea7n may vi\u1ec1n ch\u1eafc ch\u1eafn<\/strong> gi\u1ea3m t\u00ecnh tr\u1ea1ng s\u1eddn v\u00e0 gi\u1eef phom d\u00e1ng \u0111\u1eb9p l\u00e2u d\u00e0i.<\/li>\n<\/ul>\n<\/section>\n<div data-wtai-block-id=\"wtai_product_description_image_1753694415199\" class=\"wtai-section wtai-image_1753694415199-section\">\n<figure class=\"wtai-image-p wtai-align-center\" style=\"text-align:center\"><img decoding=\"async\" src=\"https:\/\/demostore.ai\/wp-content\/uploads\/2025\/06\/Jeans-2-1.png\" alt=\"Qu\u1ea7n r\u1ed9ng n\u1eef Uniqlo m\u00e0u xanh nh\u1ea1t, ch\u1ea5t li\u1ec7u denim, thi\u1ebft k\u1ebf \u1ed1ng su\u00f4ng r\u1ed9ng.\" srcset=\"https:\/\/demostore.ai\/wp-content\/uploads\/2025\/06\/Jeans-2-scaled-1.png 652w, https:\/\/demostore.ai\/wp-content\/uploads\/2025\/06\/Jeans-2-scaled-1-196x300.png 196w, https:\/\/demostore.ai\/wp-content\/uploads\/2025\/06\/Jeans-2-1.png 600w\"><figcaption>\n<p>Form r\u1ed9ng c\u00e1 t\u00ednh v\u00e0 m\u00e0u xanh nh\u1ea1t t\u1ea1o vibe v\u1eeba tr\u1ebb trung v\u1eeba d\u1ec5 ph\u1ed1i \u0111\u1ed3.<\/p>\n<\/figcaption><\/figure>\n<\/p><\/div>\n<section data-wtai-block-id=\"wtai_product_description_benefits\" class=\"wtai-section wtai-benefits-section\">\n<h2>V\u00ec Sao B\u1ea1n S\u1ebd Th\u00edch<\/h2>\n<ul>\n<li>Kh\u00f4ng c\u00f2n lo b\u00ed b\u00e1ch hay n\u00f3ng n\u1ef1c su\u1ed1t ng\u00e0y d\u00e0i nh\u1edd form c\u1ef1c r\u1ed9ng v\u00e0 tho\u00e1ng.<\/li>\n<li>Gi\u1ea5u nh\u1eb9m khuy\u1ebft \u0111i\u1ec3m ch\u00e2n, t\u1ea1o hi\u1ec7u \u1ee9ng ch\u00e2n d\u00e0i h\u01a1n ch\u1ec9 b\u1eb1ng chi\u1ebfc qu\u1ea7n basic.<\/li>\n<li>D\u1ec5 d\u00e0ng ph\u1ed1i \u0111\u1ed3 theo style c\u00e1 t\u00ednh, vintage, n\u0103ng \u0111\u1ed9ng hay nh\u1eb9 nh\u00e0ng tu\u1ef3 mood.<\/li>\n<li>L\u00e0m m\u1edbi t\u1ee7 \u0111\u1ed3 m\u00e0 kh\u00f4ng c\u1ea7n ch\u1ea1y theo trend m\u1ed7i m\u00f9a, item n\u00e0y lu\u00f4n h\u1ee3p th\u1eddi.<\/li>\n<li>Gi\u1eb7t m\u00e1y tho\u1ea3i m\u00e1i, kh\u00f4ng s\u1ee3 nh\u0103n hay bay m\u00e0u, si\u00eau d\u1ec5 b\u1ea3o qu\u1ea3n v\u00e0 s\u1eed d\u1ee5ng.<\/li>\n<\/ul>\n<\/section>\n<section data-wtai-block-id=\"wtai_product_description_use_cases\" class=\"wtai-section wtai-use_cases-section\">\n<h2>Khi N\u00e0o Di\u1ec7n L\u00e0 Chu\u1ea9n<\/h2>\n<p>Qu\u1ea7n r\u1ed9ng denim n\u00e0y c\u1ef1c h\u1ee3p m\u1eb7c \u0111i h\u1ecdc, \u0111i l\u00e0m, \u0111i ch\u01a1i caf\u00e9 hay d\u1ea1o ph\u1ed1 v\u1edbi b\u1ea1n b\u00e8. Ph\u1ed1i c\u00f9ng \u00e1o crop top cho vibe tr\u1ebb trung, v\u1edbi s\u01a1 mi oversize l\u00e0 c\u00f3 ngay outfit ch\u1ea5t l\u1eeb ho\u1eb7c th\u00eam \u00e1o sweater khi tr\u1eddi tr\u1edf gi\u00f3. D\u00f9 ph\u1ed1i \u0111\u01a1n gi\u1ea3n hay layer nhi\u1ec1u l\u1edbp, chi\u1ebfc qu\u1ea7n n\u00e0y v\u1eabn thu h\u00fat m\u1ecdi \u00e1nh nh\u00ecn nh\u1edd d\u00e1ng su\u00f4ng r\u1ed9ng trendy, si\u00eau linh ho\u1ea1t trong m\u1ecdi t\u00ecnh hu\u1ed1ng.<\/p>\n<\/section>\n<section data-wtai-block-id=\"wtai_product_description_custom_1754271650908\" class=\"wtai-section wtai-custom_1754271650908-section\">\n<h2>H\u01b0\u1edbng d\u1eabn ch\u0103m s\u00f3c v\u00e0 b\u1ea3o qu\u1ea3n Qu\u1ea7n R\u1ed9ng N\u1eef Uniqlo chu\u1ea9n x\u1ecbn<\/h2>\n<ul>\n<li>Gi\u1eb7t m\u00e1y ch\u1ebf \u0111\u1ed9 nh\u1eb9 v\u1edbi n\u01b0\u1edbc l\u1ea1nh, l\u1ed9n tr\u00e1i qu\u1ea7n tr\u01b0\u1edbc khi cho v\u00e0o m\u00e1y.<\/li>\n<li>Ph\u01a1i \u1edf n\u01a1i r\u00e2m m\u00e1t, tr\u00e1nh ph\u01a1i tr\u1ef1c ti\u1ebfp d\u01b0\u1edbi n\u1eafng g\u1eaft \u0111\u1ec3 gi\u1eef m\u00e0u b\u1ec1n l\u00e2u.<\/li>\n<li>N\u1ebfu c\u1ea7n \u1ee7i, ch\u1ecdn m\u1ee9c nhi\u1ec7t trung b\u00ecnh v\u00e0 l\u1eadt m\u1eb7t tr\u00e1i qu\u1ea7n khi l\u00e0.<\/li>\n<li>G\u1eadp g\u1ecdn ho\u1eb7c treo tr\u00ean m\u00f3c ch\u1eafc ch\u1eafn \u0111\u1ec3 gi\u1eef phom qu\u1ea7n lu\u00f4n chu\u1ea9n.<\/li>\n<li>Tuy\u1ec7t \u0111\u1ed1i kh\u00f4ng d\u00f9ng thu\u1ed1c t\u1ea9y, tr\u00e1nh m\u00f4i tr\u01b0\u1eddng \u1ea9m m\u1ed1c \u0111\u1ec3 qu\u1ea7n lu\u00f4n m\u1edbi.<\/li>\n<\/ul>\n<\/section>\n<section data-wtai-block-id=\"wtai_product_description_custom_1754281021097\" class=\"wtai-section wtai-custom_1754281021097-section\">\n<h2>Th\u00f4ng tin b\u1ec1n v\u1eefng cho Uniqlo Qu\u1ea7n R\u1ed9ng N\u1eef<\/h2>\n<h3>Ch\u1ea5t li\u1ec7u<\/h3>\n<ul>\n<li>S\u1ee3i polyester t\u00e1i ch\u1ebf gi\u00fap gi\u1ea3m l\u01b0\u1ee3ng nh\u1ef1a m\u1edbi \u0111\u01b0a v\u00e0o m\u00f4i tr\u01b0\u1eddng.<\/li>\n<li>M\u1ed9t s\u1ed1 ch\u1ea5t li\u1ec7u denim ch\u1ee9a t\u1eeb 32% polyester t\u00e1i ch\u1ebf.<\/li>\n<li>Cam k\u1ebft t\u0103ng t\u1ef7 l\u1ec7 v\u1eadt li\u1ec7u t\u00e1i ch\u1ebf \u0111\u1ebfn 50% v\u00e0o n\u0103m 2030.<\/li>\n<\/ul>\n<h3>C\u1ea5u t\u1ea1o<\/h3>\n<ul>\n<li>Quy tr\u00ecnh s\u1ea3n xu\u1ea5t denim t\u1ed1i \u01b0u, gi\u1ea3m ph\u00e1t th\u1ea3i CO\u2082.<\/li>\n<li>Kh\u00f4ng s\u1eed d\u1ee5ng h\u00f3a ch\u1ea5t PFAS x\u1eed l\u00fd ch\u1ed1ng th\u1ea5m t\u1eeb 2017.<\/li>\n<li>DRY-EX c\u00f3 th\u00e0nh ph\u1ea7n polyester t\u00e1i ch\u1ebf ti\u1ebft ki\u1ec7m n\u0103ng l\u01b0\u1ee3ng.<\/li>\n<\/ul>\n<h3>Bao b\u00ec<\/h3>\n<ul>\n<li>Nh\u00e3n s\u1ea3n ph\u1ea9m in r\u00f5 r\u00e0ng ngu\u1ed3n g\u1ed1c v\u1eadt li\u1ec7u th\u00e2n thi\u1ec7n.<\/li>\n<li>M\u1ee5c ti\u00eau 50% bao b\u00ec l\u00e0m t\u1eeb v\u1eadt li\u1ec7u t\u00e1i ch\u1ebf v\u00e0o 2030.<\/li>\n<li>Bao b\u00ec gi\u1ea5y gi\u1ea3m b\u1edbt nh\u1ef1a, th\u00e2n thi\u1ec7n m\u00f4i tr\u01b0\u1eddng h\u01a1n.<\/li>\n<\/ul>\n<\/section>\n<div data-wtai-block-id=\"wtai_product_description_image_1753694424568\" class=\"wtai-section wtai-image_1753694424568-section\">\n<figure class=\"wtai-image-p wtai-align-center\" style=\"text-align:center\"><img decoding=\"async\" src=\"https:\/\/demostore.ai\/wp-content\/uploads\/2025\/06\/Jeans-3-scaled-1-600x658.png\" alt=\"C\u1eadn c\u1ea3nh l\u01b0ng qu\u1ea7n jean Uniqlo Qu\u1ea7n R\u1ed9ng N\u1eef v\u1edbi \u0111ai chun co gi\u00e3n v\u00e0 nh\u00e3n m\u00e1c b\u00ean trong.\" srcset=\"https:\/\/demostore.ai\/wp-content\/uploads\/2025\/06\/Jeans-3-scaled-1.png 912w, https:\/\/demostore.ai\/wp-content\/uploads\/2025\/06\/Jeans-3-scaled-1-274x300.png 274w, https:\/\/demostore.ai\/wp-content\/uploads\/2025\/06\/Jeans-3-scaled-1-768x842.png 768w, https:\/\/demostore.ai\/wp-content\/uploads\/2025\/06\/Jeans-3-scaled-1-600x658.png 600w\"><figcaption>\n<p>C\u1ea1p qu\u1ea7n sau chun co gi\u00e3n, \u0111em l\u1ea1i c\u1ea3m gi\u00e1c m\u1eb7c tho\u1ea3i m\u00e1i su\u1ed1t c\u1ea3 ng\u00e0y d\u00e0i.<\/p>\n<\/figcaption><\/figure>\n<\/p><\/div>\n<section data-wtai-block-id=\"wtai_product_description_faqs\" class=\"wtai-section wtai-faqs-section\">\n<h2>B\u1ea1n Th\u1eafc M\u1eafc G\u00ec V\u1ec1 S\u1ea3n Ph\u1ea9m?<\/h2>\n<p><strong>Qu\u1ea7n c\u00f3 ph\u00f9 h\u1ee3p v\u1edbi m\u1ecdi d\u00e1ng ng\u01b0\u1eddi kh\u00f4ng?<\/strong> <br \/> D\u00e1ng su\u00f4ng r\u1ed9ng d\u1ec5 m\u1eb7c, gi\u00fap che khuy\u1ebft \u0111i\u1ec3m cho \u0111a s\u1ed1 v\u00f3c d\u00e1ng, t\u1eeb thanh m\u1ea3nh \u0111\u1ebfn \u0111\u1ea7y \u0111\u1eb7n \u0111\u1ec1u h\u1ee3p.<\/p>\n<p><strong>\u0110\u1ed9 d\u00e0y v\u1ea3i c\u00f3 n\u00f3ng kh\u00f4ng, m\u1eb7c \u0111\u01b0\u1ee3c m\u00f9a n\u00e0o?<\/strong> <br \/> V\u1ea3i denim d\u00e0y v\u1eeba, m\u1eb7c quanh n\u0103m \u0111\u1ec1u th\u00edch h\u1ee3p, kh\u00f4ng qu\u00e1 n\u00f3ng m\u00e0 v\u1eabn \u0111\u1ee7 \u1ea5m khi tr\u1eddi m\u00e1t.<\/p>\n<p><strong>C\u00f3 gi\u1eb7t m\u00e1y \u0111\u01b0\u1ee3c kh\u00f4ng, qu\u1ea7n c\u00f3 nhanh phai m\u00e0u kh\u00f4ng?<\/strong> <br \/> Qu\u1ea7n denim gi\u1eb7t m\u00e1y tho\u1ea3i m\u00e1i, gi\u1eef m\u00e0u t\u1ed1t, ch\u1ec9 c\u1ea7n l\u1ed9n tr\u00e1i tr\u01b0\u1edbc khi gi\u1eb7t \u0111\u1ec3 m\u00e0u b\u1ec1n h\u01a1n.<\/p>\n<p><strong>Di\u1ec7n qu\u1ea7n n\u00e0y c\u1ea7n ph\u1ed1i v\u1edbi gi\u00e0y g\u00ec cho h\u1ee3p?<\/strong> <br \/> C\u00f3 th\u1ec3 k\u1ebft h\u1ee3p v\u1edbi sneaker, boots ho\u1eb7c sandal tu\u1ef3 phong c\u00e1ch, ch\u1ea5t qu\u1ea7n d\u1ec5 mix n\u00ean kh\u00f4ng k\u00e9n ch\u1ecdn gi\u00e0y.<\/p>\n<\/section>\n<section data-wtai-block-id=\"wtai_product_description_conclusion\" class=\"wtai-section wtai-conclusion-section\">\n<h2>S\u1eb5n S\u00e0ng F5 Phong C\u00e1ch Ch\u01b0a?<\/h2>\n<p><strong>Qu\u1ea7n r\u1ed9ng n\u1eef denim c\u1ee7a Uniqlo l\u00e0 item duy nh\u1ea5t b\u1ea1n n\u00ean c\u00f3 n\u1ebfu mu\u1ed1n v\u1eeba c\u00e1 t\u00ednh, v\u1eeba d\u1ec5 mix \u0111\u1ed3 l\u1ea1i c\u1ef1c k\u1ef3 t\u00f4n d\u00e1ng. M\u1ed7i l\u1ea7n di\u1ec7n s\u1ebd khi\u1ebfn b\u1ea1n t\u1ef1 tin n\u1ed5i b\u1eadt, kh\u00f4ng lo l\u1ed7i m\u1ed1t. Ch\u1ed1t \u0111\u01a1n ngay h\u00f4m nay \u0111\u1ec3 F5 gu th\u1eddi trang, \u0111\u1eebng ch\u1ea7n ch\u1eeb khi c\u01a1 h\u1ed9i lu\u00f4n d\u00e0nh cho ai s\u00e0nh \u0111i\u1ec7u tr\u01b0\u1edbc nh\u00e9.<\/strong><\/p>\n<\/section>\n","protected":false},"excerpt":{"rendered":"<div data-wtai-block-id=\"wtai_excerpt_subtitle\" class=\"wtai-section wtai-subtitle-section\">\n<p><em><strong>Tho\u1ea3i m\u00e1i ch\u1ea5t t\u1eebng b\u01b0\u1edbc, m\u1eb7c r\u1ed9ng l\u00e0 auto n\u1ed5i b\u1eadt<\/strong><\/em><\/p>\n<\/p><\/div>\n<div data-wtai-block-id=\"wtai_excerpt_introduction\" class=\"wtai-section wtai-introduction-section\">\n<p>Kh\u00f4ng g\u00ec d\u1ec5 ph\u1ed1i h\u01a1n m\u1ed9t chi\u1ebfc qu\u1ea7n jeans \u1ed1ng r\u1ed9ng basic v\u1eeba c\u00e1 t\u00ednh v\u1eeba thanh l\u1ecbch nh\u01b0 c\u1ee7a Uniqlo. Ki\u1ec3u d\u00e1ng su\u00f4ng r\u1ed9ng hi\u1ec7n \u0111\u1ea1i gi\u00fap t\u00f4n d\u00e1ng, m\u1eb7c si\u00eau m\u00e1t m\u1ebb, kh\u00f4ng b\u00ed b\u00e1ch\u2014\u0111\u00fang chu\u1ea9n cho nh\u1eefng ai lu\u00f4n t\u00ecm ki\u1ebfm s\u1ef1 t\u1ef1 do m\u00e0 v\u1eabn ch\u1ec9n chu m\u1ecdi l\u00fac, m\u1ecdi n\u01a1i. Ch\u1ea5t v\u1ea3i denim s\u00e1ng m\u00e0u tr\u1ebb trung c\u1ef1c h\u1ee3p gu Gen Z, millenial l\u1eabn gen X, c\u00f2n gen Alpha c\u0169ng ch\u1eb3ng ngo\u1ea1i l\u1ec7 n\u1ebfu mu\u1ed1n l\u00ean \u0111\u1ed3 cool ng\u1ea7u, t\u1ef1 tin d\u1ea1o ph\u1ed1 hay \u0111i h\u1ecdc. Ai b\u1ea3o \u201cqu\u1ea7n r\u1ed9ng\u201d l\u00e0 lu\u1ed9m thu\u1ed9m? M\u1eb7c l\u00ean l\u00e0 th\u1ea5y ngay th\u1ea7n th\u00e1i, ph\u1ed1i ki\u1ec3u g\u00ec c\u0169ng \u0111\u1eb9p, mix streetstyle hay l\u1ecbch s\u1ef1 \u0111\u1ec1u \u1ed5n \u00e1p.<\/p>\n<\/p><\/div>\n","protected":false},"featured_media":22418,"comment_status":"open","ping_status":"closed","template":"","meta":[],"product_brand":[],"product_cat":[177],"product_tag":[],"class_list":{"0":"post-36014","1":"product","2":"type-product","3":"status-publish","4":"has-post-thumbnail","6":"product_cat-thoi-trang","8":"first","9":"instock","10":"shipping-taxable","11":"purchasable","12":"product-type-simple"},"bundled_by":[],"bundle_stock_status":"instock","bundle_stock_quantity":null,"bundle_virtual":false,"bundle_layout":"","bundle_add_to_cart_form_location":"","bundle_editable_in_cart":false,"bundle_sold_individually_context":"","bundle_item_grouping":"","bundle_min_size":"","bundle_max_size":"","bundle_price":[],"bundled_items":[],"bundle_sell_ids":[],"yoast_head":"<!-- This site is optimized with the Yoast SEO plugin v25.2 - https:\/\/yoast.com\/wordpress\/plugins\/seo\/ -->\n<title>Shop Uniqlo Quan Rong Nu Denim Hack Dang Form Rong Tre Trung<\/title>\n<meta name=\"description\" content=\"Kh\u01a1i ngu\u1ed3n phong c\u00e1ch c\u00e1 t\u00ednh v\u1edbi qu\u1ea7n jean r\u1ed9ng n\u1eef Uniqlo form su\u00f4ng, ch\u1ea5t li\u1ec7u denim l\u00ean d\u00e1ng c\u1ef1c \u0111\u1eb9p, ph\u1ed1i \u0111\u1ed3 linh ho\u1ea1t, m\u1eb7c tho\u00e1ng m\u00e1t quanh n\u0103m.\" \/>\n<meta name=\"robots\" content=\"index, follow, max-snippet:-1, max-image-preview:large, max-video-preview:-1\" \/>\n<link rel=\"canonical\" href=\"https:\/\/demostore.ai\/vi\/san-pham\/uniqlo-quan-rong-nu\/\" \/>\n<meta property=\"og:type\" content=\"article\" \/>\n<meta property=\"og:title\" content=\"Shop Uniqlo Quan Rong Nu Denim Hack Dang Form Rong Tre Trung\" \/>\n<meta property=\"og:description\" content=\"M\u1edf l\u1ed1i c\u00e1 t\u00ednh c\u00f9ng qu\u1ea7n denim \u1ed1ng r\u1ed9ng n\u1eef Uniqlo, ch\u1ea5t li\u1ec7u b\u1ec1n b\u1ec9, form su\u00f4ng hack d\u00e1ng c\u1ef1c chu\u1ea9n, d\u1ec5 ph\u1ed1i \u0111\u1ed3 m\u1ecdi phong c\u00e1ch, m\u1eb7c \u0111i h\u1ecdc \u0111i ch\u01a1i hay d\u1ea1o ph\u1ed1 \u0111\u1ec1u chu\u1ea9n trendy, th\u00edch h\u1ee3p m\u1ecdi m\u00f9a trong n\u0103m.\" \/>\n<meta property=\"og:url\" content=\"https:\/\/demostore.ai\/vi\/san-pham\/uniqlo-quan-rong-nu\/\" \/>\n<meta property=\"og:site_name\" content=\"Trendy Thread\" \/>\n<meta property=\"article:modified_time\" content=\"2026-02-17T14:50:42+00:00\" \/>\n<meta property=\"og:image\" content=\"https:\/\/demostore.ai\/wp-content\/uploads\/2025\/06\/Jeans-1-scaled-1.png\" \/>\n\t<meta property=\"og:image:width\" content=\"644\" \/>\n\t<meta property=\"og:image:height\" content=\"1000\" \/>\n\t<meta property=\"og:image:type\" content=\"image\/png\" \/>\n<meta name=\"twitter:card\" content=\"summary_large_image\" \/>\n<meta name=\"twitter:title\" content=\"Shop Uniqlo Quan Rong Nu Denim Hack Dang Form Rong Tre Trung\" \/>\n<meta name=\"twitter:description\" content=\"M\u1edf l\u1ed1i c\u00e1 t\u00ednh c\u00f9ng qu\u1ea7n denim \u1ed1ng r\u1ed9ng n\u1eef Uniqlo, ch\u1ea5t li\u1ec7u b\u1ec1n b\u1ec9, form su\u00f4ng hack d\u00e1ng c\u1ef1c chu\u1ea9n, d\u1ec5 ph\u1ed1i \u0111\u1ed3 m\u1ecdi phong c\u00e1ch, m\u1eb7c \u0111i h\u1ecdc \u0111i ch\u01a1i hay d\u1ea1o ph\u1ed1 \u0111\u1ec1u chu\u1ea9n trendy, th\u00edch h\u1ee3p m\u1ecdi m\u00f9a trong n\u0103m.\" \/>\n<meta name=\"twitter:label1\" content=\"\u01af\u1edbc t\u00ednh th\u1eddi gian \u0111\u1ecdc\" \/>\n\t<meta name=\"twitter:data1\" content=\"1 ph\u00fat\" \/>\n<script type=\"application\/ld+json\" class=\"yoast-schema-graph\">{\"@context\":\"https:\/\/schema.org\",\"@graph\":[{\"@type\":\"WebPage\",\"@id\":\"https:\/\/demostore.ai\/vi\/san-pham\/uniqlo-quan-rong-nu\/\",\"url\":\"https:\/\/demostore.ai\/vi\/san-pham\/uniqlo-quan-rong-nu\/\",\"name\":\"Shop Uniqlo Quan Rong Nu Denim Hack Dang Form Rong Tre Trung\",\"isPartOf\":{\"@id\":\"https:\/\/demostore.ai\/vi\/#website\"},\"primaryImageOfPage\":{\"@id\":\"https:\/\/demostore.ai\/vi\/san-pham\/uniqlo-quan-rong-nu\/#primaryimage\"},\"image\":{\"@id\":\"https:\/\/demostore.ai\/vi\/san-pham\/uniqlo-quan-rong-nu\/#primaryimage\"},\"thumbnailUrl\":\"https:\/\/demostore.ai\/wp-content\/uploads\/2025\/06\/Jeans-1-scaled-1.png\",\"datePublished\":\"2025-06-15T17:41:04+00:00\",\"dateModified\":\"2026-02-17T14:50:42+00:00\",\"description\":\"Kh\u01a1i ngu\u1ed3n phong c\u00e1ch c\u00e1 t\u00ednh v\u1edbi qu\u1ea7n jean r\u1ed9ng n\u1eef Uniqlo form su\u00f4ng, ch\u1ea5t li\u1ec7u denim l\u00ean d\u00e1ng c\u1ef1c \u0111\u1eb9p, ph\u1ed1i \u0111\u1ed3 linh ho\u1ea1t, m\u1eb7c tho\u00e1ng m\u00e1t quanh n\u0103m.\",\"breadcrumb\":{\"@id\":\"https:\/\/demostore.ai\/vi\/san-pham\/uniqlo-quan-rong-nu\/#breadcrumb\"},\"inLanguage\":\"vi\",\"potentialAction\":[{\"@type\":\"ReadAction\",\"target\":[\"https:\/\/demostore.ai\/vi\/san-pham\/uniqlo-quan-rong-nu\/\"]}]},{\"@type\":\"ImageObject\",\"inLanguage\":\"vi\",\"@id\":\"https:\/\/demostore.ai\/vi\/san-pham\/uniqlo-quan-rong-nu\/#primaryimage\",\"url\":\"https:\/\/demostore.ai\/wp-content\/uploads\/2025\/06\/Jeans-1-scaled-1.png\",\"contentUrl\":\"https:\/\/demostore.ai\/wp-content\/uploads\/2025\/06\/Jeans-1-scaled-1.png\",\"width\":644,\"height\":1000,\"caption\":\"Qu\u1ea7n r\u1ed9ng n\u1eef Uniqlo m\u00e0u xanh nh\u1ea1t, \u1ed1ng su\u00f4ng, ch\u1ea5t li\u1ec7u jeans, phong c\u00e1ch tho\u1ea3i m\u00e1i.\"},{\"@type\":\"BreadcrumbList\",\"@id\":\"https:\/\/demostore.ai\/vi\/san-pham\/uniqlo-quan-rong-nu\/#breadcrumb\",\"itemListElement\":[{\"@type\":\"ListItem\",\"position\":1,\"name\":\"Trang ch\u1ee7\",\"item\":\"https:\/\/demostore.ai\/vi\/\"},{\"@type\":\"ListItem\",\"position\":2,\"name\":\"C\u1eeda h\u00e0ng\",\"item\":\"https:\/\/demostore.ai\/vi\/cua-hang\/\"},{\"@type\":\"ListItem\",\"position\":3,\"name\":\"Uniqlo Qu\u1ea7n R\u1ed9ng N\u1eef\"}]},{\"@type\":\"WebSite\",\"@id\":\"https:\/\/demostore.ai\/vi\/#website\",\"url\":\"https:\/\/demostore.ai\/vi\/\",\"name\":\"Trendy Thread\",\"description\":\"C\u1eeda h\u00e0ng demo WriteText.ai\",\"publisher\":{\"@id\":\"https:\/\/demostore.ai\/vi\/#organization\"},\"potentialAction\":[{\"@type\":\"SearchAction\",\"target\":{\"@type\":\"EntryPoint\",\"urlTemplate\":\"https:\/\/demostore.ai\/vi\/?s={search_term_string}\"},\"query-input\":{\"@type\":\"PropertyValueSpecification\",\"valueRequired\":true,\"valueName\":\"search_term_string\"}}],\"inLanguage\":\"vi\"},{\"@type\":\"Organization\",\"@id\":\"https:\/\/demostore.ai\/vi\/#organization\",\"name\":\"WriteText.ai\",\"url\":\"https:\/\/demostore.ai\/vi\/\",\"logo\":{\"@type\":\"ImageObject\",\"inLanguage\":\"vi\",\"@id\":\"https:\/\/demostore.ai\/vi\/#\/schema\/logo\/image\/\",\"url\":\"https:\/\/demostore.ai\/wp-content\/uploads\/2025\/10\/writetext_logo.webp\",\"contentUrl\":\"https:\/\/demostore.ai\/wp-content\/uploads\/2025\/10\/writetext_logo.webp\",\"width\":200,\"height\":34,\"caption\":\"WriteText.ai\"},\"image\":{\"@id\":\"https:\/\/demostore.ai\/vi\/#\/schema\/logo\/image\/\"}}]}<\/script>\n<!-- \/ Yoast SEO plugin. -->","yoast_head_json":{"title":"Shop Uniqlo Quan Rong Nu Denim Hack Dang Form Rong Tre Trung","description":"Kh\u01a1i ngu\u1ed3n phong c\u00e1ch c\u00e1 t\u00ednh v\u1edbi qu\u1ea7n jean r\u1ed9ng n\u1eef Uniqlo form su\u00f4ng, ch\u1ea5t li\u1ec7u denim l\u00ean d\u00e1ng c\u1ef1c \u0111\u1eb9p, ph\u1ed1i \u0111\u1ed3 linh ho\u1ea1t, m\u1eb7c tho\u00e1ng m\u00e1t quanh n\u0103m.","robots":{"index":"index","follow":"follow","max-snippet":"max-snippet:-1","max-image-preview":"max-image-preview:large","max-video-preview":"max-video-preview:-1"},"canonical":"https:\/\/demostore.ai\/vi\/san-pham\/uniqlo-quan-rong-nu\/","og_type":"article","og_title":"Shop Uniqlo Quan Rong Nu Denim Hack Dang Form Rong Tre Trung","og_description":"M\u1edf l\u1ed1i c\u00e1 t\u00ednh c\u00f9ng qu\u1ea7n denim \u1ed1ng r\u1ed9ng n\u1eef Uniqlo, ch\u1ea5t li\u1ec7u b\u1ec1n b\u1ec9, form su\u00f4ng hack d\u00e1ng c\u1ef1c chu\u1ea9n, d\u1ec5 ph\u1ed1i \u0111\u1ed3 m\u1ecdi phong c\u00e1ch, m\u1eb7c \u0111i h\u1ecdc \u0111i ch\u01a1i hay d\u1ea1o ph\u1ed1 \u0111\u1ec1u chu\u1ea9n trendy, th\u00edch h\u1ee3p m\u1ecdi m\u00f9a trong n\u0103m.","og_url":"https:\/\/demostore.ai\/vi\/san-pham\/uniqlo-quan-rong-nu\/","og_site_name":"Trendy Thread","article_modified_time":"2026-02-17T14:50:42+00:00","og_image":[{"width":644,"height":1000,"url":"https:\/\/demostore.ai\/wp-content\/uploads\/2025\/06\/Jeans-1-scaled-1.png","type":"image\/png"}],"twitter_card":"summary_large_image","twitter_title":"Shop Uniqlo Quan Rong Nu Denim Hack Dang Form Rong Tre Trung","twitter_description":"M\u1edf l\u1ed1i c\u00e1 t\u00ednh c\u00f9ng qu\u1ea7n denim \u1ed1ng r\u1ed9ng n\u1eef Uniqlo, ch\u1ea5t li\u1ec7u b\u1ec1n b\u1ec9, form su\u00f4ng hack d\u00e1ng c\u1ef1c chu\u1ea9n, d\u1ec5 ph\u1ed1i \u0111\u1ed3 m\u1ecdi phong c\u00e1ch, m\u1eb7c \u0111i h\u1ecdc \u0111i ch\u01a1i hay d\u1ea1o ph\u1ed1 \u0111\u1ec1u chu\u1ea9n trendy, th\u00edch h\u1ee3p m\u1ecdi m\u00f9a trong n\u0103m.","twitter_misc":{"\u01af\u1edbc t\u00ednh th\u1eddi gian \u0111\u1ecdc":"1 ph\u00fat"},"schema":{"@context":"https:\/\/schema.org","@graph":[{"@type":"WebPage","@id":"https:\/\/demostore.ai\/vi\/san-pham\/uniqlo-quan-rong-nu\/","url":"https:\/\/demostore.ai\/vi\/san-pham\/uniqlo-quan-rong-nu\/","name":"Shop Uniqlo Quan Rong Nu Denim Hack Dang Form Rong Tre Trung","isPartOf":{"@id":"https:\/\/demostore.ai\/vi\/#website"},"primaryImageOfPage":{"@id":"https:\/\/demostore.ai\/vi\/san-pham\/uniqlo-quan-rong-nu\/#primaryimage"},"image":{"@id":"https:\/\/demostore.ai\/vi\/san-pham\/uniqlo-quan-rong-nu\/#primaryimage"},"thumbnailUrl":"https:\/\/demostore.ai\/wp-content\/uploads\/2025\/06\/Jeans-1-scaled-1.png","datePublished":"2025-06-15T17:41:04+00:00","dateModified":"2026-02-17T14:50:42+00:00","description":"Kh\u01a1i ngu\u1ed3n phong c\u00e1ch c\u00e1 t\u00ednh v\u1edbi qu\u1ea7n jean r\u1ed9ng n\u1eef Uniqlo form su\u00f4ng, ch\u1ea5t li\u1ec7u denim l\u00ean d\u00e1ng c\u1ef1c \u0111\u1eb9p, ph\u1ed1i \u0111\u1ed3 linh ho\u1ea1t, m\u1eb7c tho\u00e1ng m\u00e1t quanh n\u0103m.","breadcrumb":{"@id":"https:\/\/demostore.ai\/vi\/san-pham\/uniqlo-quan-rong-nu\/#breadcrumb"},"inLanguage":"vi","potentialAction":[{"@type":"ReadAction","target":["https:\/\/demostore.ai\/vi\/san-pham\/uniqlo-quan-rong-nu\/"]}]},{"@type":"ImageObject","inLanguage":"vi","@id":"https:\/\/demostore.ai\/vi\/san-pham\/uniqlo-quan-rong-nu\/#primaryimage","url":"https:\/\/demostore.ai\/wp-content\/uploads\/2025\/06\/Jeans-1-scaled-1.png","contentUrl":"https:\/\/demostore.ai\/wp-content\/uploads\/2025\/06\/Jeans-1-scaled-1.png","width":644,"height":1000,"caption":"Qu\u1ea7n r\u1ed9ng n\u1eef Uniqlo m\u00e0u xanh nh\u1ea1t, \u1ed1ng su\u00f4ng, ch\u1ea5t li\u1ec7u jeans, phong c\u00e1ch tho\u1ea3i m\u00e1i."},{"@type":"BreadcrumbList","@id":"https:\/\/demostore.ai\/vi\/san-pham\/uniqlo-quan-rong-nu\/#breadcrumb","itemListElement":[{"@type":"ListItem","position":1,"name":"Trang ch\u1ee7","item":"https:\/\/demostore.ai\/vi\/"},{"@type":"ListItem","position":2,"name":"C\u1eeda h\u00e0ng","item":"https:\/\/demostore.ai\/vi\/cua-hang\/"},{"@type":"ListItem","position":3,"name":"Uniqlo Qu\u1ea7n R\u1ed9ng N\u1eef"}]},{"@type":"WebSite","@id":"https:\/\/demostore.ai\/vi\/#website","url":"https:\/\/demostore.ai\/vi\/","name":"Trendy Thread","description":"C\u1eeda h\u00e0ng demo WriteText.ai","publisher":{"@id":"https:\/\/demostore.ai\/vi\/#organization"},"potentialAction":[{"@type":"SearchAction","target":{"@type":"EntryPoint","urlTemplate":"https:\/\/demostore.ai\/vi\/?s={search_term_string}"},"query-input":{"@type":"PropertyValueSpecification","valueRequired":true,"valueName":"search_term_string"}}],"inLanguage":"vi"},{"@type":"Organization","@id":"https:\/\/demostore.ai\/vi\/#organization","name":"WriteText.ai","url":"https:\/\/demostore.ai\/vi\/","logo":{"@type":"ImageObject","inLanguage":"vi","@id":"https:\/\/demostore.ai\/vi\/#\/schema\/logo\/image\/","url":"https:\/\/demostore.ai\/wp-content\/uploads\/2025\/10\/writetext_logo.webp","contentUrl":"https:\/\/demostore.ai\/wp-content\/uploads\/2025\/10\/writetext_logo.webp","width":200,"height":34,"caption":"WriteText.ai"},"image":{"@id":"https:\/\/demostore.ai\/vi\/#\/schema\/logo\/image\/"}}]}},"_links":{"self":[{"href":"https:\/\/demostore.ai\/vi\/wp-json\/wp\/v2\/product\/36014","targetHints":{"allow":["GET"]}}],"collection":[{"href":"https:\/\/demostore.ai\/vi\/wp-json\/wp\/v2\/product"}],"about":[{"href":"https:\/\/demostore.ai\/vi\/wp-json\/wp\/v2\/types\/product"}],"replies":[{"embeddable":true,"href":"https:\/\/demostore.ai\/vi\/wp-json\/wp\/v2\/comments?post=36014"}],"wp:featuredmedia":[{"embeddable":true,"href":"https:\/\/demostore.ai\/vi\/wp-json\/wp\/v2\/media\/22418"}],"wp:attachment":[{"href":"https:\/\/demostore.ai\/vi\/wp-json\/wp\/v2\/media?parent=36014"}],"wp:term":[{"taxonomy":"product_brand","embeddable":true,"href":"https:\/\/demostore.ai\/vi\/wp-json\/wp\/v2\/product_brand?post=36014"},{"taxonomy":"product_cat","embeddable":true,"href":"https:\/\/demostore.ai\/vi\/wp-json\/wp\/v2\/product_cat?post=36014"},{"taxonomy":"product_tag","embeddable":true,"href":"https:\/\/demostore.ai\/vi\/wp-json\/wp\/v2\/product_tag?post=36014"}],"curies":[{"name":"wp","href":"https:\/\/api.w.org\/{rel}","templated":true}]}}