{"id":35851,"date":"2025-06-16T08:16:29","date_gmt":"2025-06-16T00:16:29","guid":{"rendered":"https:\/\/demostore.ai\/?post_type=product&#038;p=35851"},"modified":"2026-02-18T10:45:41","modified_gmt":"2026-02-18T02:45:41","slug":"detective-conan-tap-37","status":"publish","type":"product","link":"https:\/\/demostore.ai\/vi\/san-pham\/detective-conan-tap-37\/","title":{"rendered":"Detective Conan T\u1eadp 37"},"content":{"rendered":"<section data-wtai-block-id=\"wtai_product_description_features\" class=\"wtai-section wtai-features-section\">\n<h2>\u0110i\u1ec3m n\u1ed5i b\u1eadt c\u1ee7a Detective Conan T\u1eadp 37<\/h2>\n<ul>\n<li><strong>C\u1ed1t truy\u1ec7n trinh th\u00e1m l\u00f4i cu\u1ed1n<\/strong>: Bao g\u1ed3m nhi\u1ec1u v\u1ee5 \u00e1n m\u1edbi m\u1ebb, thay \u0111\u1ed5i nh\u1ecbp \u0111i\u1ec7u t\u1eeb bom h\u1eb9n gi\u1edd \u0111\u1ebfn truy t\u00ecm k\u1ebb tr\u1ed9m, th\u1ecfa m\u00e3n ni\u1ec1m \u0111am m\u00ea ph\u00e1 \u00e1n logic.<\/li>\n<li><strong>Thi\u1ebft k\u1ebf b\u00eca hi\u1ec7n \u0111\u1ea1i, h\u1ea5p d\u1eabn<\/strong>: H\u00ecnh \u1ea3nh Conan Edogawa n\u1ed5i b\u1eadt tr\u00ean \u0111\u01b0\u1eddng ph\u1ed1 \u0111\u00e8n s\u00e1ng t\u1ea1o c\u1ea3m gi\u00e1c s\u1ed1ng \u0111\u1ed9ng, thu h\u00fat ngay t\u1eeb c\u00e1i nh\u00ecn \u0111\u1ea7u ti\u00ean.<\/li>\n<li><strong>N\u1ed9i dung s\u1eafc s\u1ea3o, \u0111a chi\u1ec1u<\/strong>: M\u1ed7i ch\u01b0\u01a1ng l\u00e0 m\u1ed9t th\u1eed th\u00e1ch tr\u00ed tu\u1ec7, \u0111\u1ed3ng th\u1eddi kh\u1eafc ho\u1ea1 s\u00e2u s\u1eafc c\u00e1c m\u1ed1i quan h\u1ec7 gi\u1eefa nh\u00e2n v\u1eadt ch\u1ee7 ch\u1ed1t.<\/li>\n<li><strong>Ch\u1ea5t l\u01b0\u1ee3ng in s\u1eafc n\u00e9t<\/strong>: B\u1ea3n in r\u00f5 n\u00e9t, gi\u1ea5y d\u00e0y d\u1eb7n, b\u00eca \u00e1o sang tr\u1ecdng ph\u00f9 h\u1ee3p cho s\u01b0u t\u1ea7m v\u00e0 tr\u01b0ng b\u00e0y l\u00e2u d\u00e0i.<\/li>\n<li><strong>Phi\u00ean b\u1ea3n ch\u00ednh th\u1ee9c, d\u1ec5 t\u00ecm mua<\/strong>: S\u1ea3n ph\u1ea9m \u0111\u01b0\u1ee3c ph\u00e2n ph\u1ed1i b\u1edfi nh\u00e0 xu\u1ea5t b\u1ea3n uy t\u00edn v\u1edbi th\u00f4ng tin r\u00f5 r\u00e0ng, \u0111\u1ea3m b\u1ea3o ngu\u1ed3n g\u1ed1c v\u00e0 d\u1ec5 d\u00e0ng t\u00edch h\u1ee3p v\u00e0o b\u1ed9 s\u01b0u t\u1eadp.<\/li>\n<\/ul>\n<\/section>\n<div data-wtai-block-id=\"wtai_product_description_image_1\" class=\"wtai-section wtai-image_1-section\">\n<figure class=\"wtai-image-p wtai-align-center\" style=\"text-align:center\"><img decoding=\"async\" src=\"https:\/\/demostore.ai\/wp-content\/uploads\/2025\/06\/Graphic-novel-2-600x600.png\" alt=\"B\u00eca sau truy\u1ec7n Conan t\u1eadp 37 v\u1edbi h\u00ecnh th\u00e1m t\u1eed v\u00e0 m\u00f4 t\u1ea3 n\u1ed9i dung truy\u1ec7n trinh th\u00e1m h\u1ea5p d\u1eabn.\" srcset=\"https:\/\/demostore.ai\/wp-content\/uploads\/2025\/06\/Graphic-novel-2.png 1000w, https:\/\/demostore.ai\/wp-content\/uploads\/2025\/06\/Graphic-novel-2-300x300.png 300w, https:\/\/demostore.ai\/wp-content\/uploads\/2025\/06\/Graphic-novel-2-150x150.png 150w, https:\/\/demostore.ai\/wp-content\/uploads\/2025\/06\/Graphic-novel-2-768x768.png 768w, https:\/\/demostore.ai\/wp-content\/uploads\/2025\/06\/Graphic-novel-2-600x600.png 600w, https:\/\/demostore.ai\/wp-content\/uploads\/2025\/06\/Graphic-novel-2-250x250.png 250w\"><figcaption>\n<p>H\u00ecnh minh h\u1ecda n\u1ed5i b\u1eadt nh\u00e2n v\u1eadt b\u00ed \u1ea9n v\u1edbi t\u00f4ng m\u00e0u t\u1ed1i c\u00f9ng n\u1ed9i dung t\u00f3m t\u1eaft h\u1ea5p d\u1eabn \u1edf m\u1eb7t sau s\u00e1ch gi\u00fap g\u1ee3i tr\u00ed t\u00f2 m\u00f2 cho ng\u01b0\u1eddi \u0111\u1ecdc.<\/p>\n<\/figcaption><\/figure>\n<\/p><\/div>\n<section data-wtai-block-id=\"wtai_product_description_technical_specifications\" class=\"wtai-section wtai-technical_specifications-section\">\n<h3>Chi ti\u1ebft<\/h3>\n<ul>\n<li><strong>Ng\u00f4n ng\u1eef:<\/strong> Ti\u1ebfng Vi\u1ec7t<\/li>\n<li><strong>S\u1ed1 trang:<\/strong> 192 trang<\/li>\n<li><strong>K\u00edch th\u01b0\u1edbc:<\/strong> 11.3 x 17.6\u00a0cm<\/li>\n<li><strong>Th\u1ec3 lo\u1ea1i:<\/strong> Truy\u1ec7n tranh trinh th\u00e1m<\/li>\n<li><strong>Nh\u00e0 xu\u1ea5t b\u1ea3n:<\/strong> NXB Kim \u0110\u1ed3ng<\/li>\n<li><strong>T\u00e1c gi\u1ea3:<\/strong> Gosho Aoyama<\/li>\n<li><strong>\u0110\u1ecbnh d\u1ea1ng:<\/strong> B\u00eca m\u1ec1m c\u00f3 \u00e1o b\u00eca r\u1eddi<\/li>\n<li><strong>Ph\u00e1t h\u00e0nh l\u1ea7n \u0111\u1ea7u:<\/strong> 2002<\/li>\n<\/ul>\n<\/section>\n<section data-wtai-block-id=\"wtai_product_description_custom_1\" class=\"wtai-section wtai-custom_1-section\">\n<h2>Ai n\u00ean \u0111\u1ecdc v\u00e0 khi n\u00e0o n\u00ean ch\u1ecdn Detective Conan T\u1eadp 37?<\/h2>\n<ul>\n<li><strong>Doanh nh\u00e2n c\u1ea7n gi\u1ea3i tr\u00ed:<\/strong> Gi\u00fap th\u01b0 gi\u00e3n \u0111\u1ea7u \u00f3c sau nh\u1eefng gi\u1edd l\u00e0m vi\u1ec7c c\u0103ng th\u1eb3ng.<\/li>\n<li><strong>Ng\u01b0\u1eddi y\u00eau truy\u1ec7n tranh trinh th\u00e1m:<\/strong> C\u00e1c v\u1ee5 \u00e1n h\u1ea5p d\u1eabn, nhi\u1ec1u t\u00ecnh ti\u1ebft b\u1ea5t ng\u1edd cho fan Conan.<\/li>\n<li><strong>T\u1eb7ng \u0111\u1ed1i t\u00e1c ho\u1eb7c \u0111\u1ed3ng nghi\u1ec7p:<\/strong> M\u00f3n qu\u00e0 \u00fd ngh\u0129a, th\u1ec3 hi\u1ec7n s\u1ef1 tinh t\u1ebf v\u00e0 quan t\u00e2m.<\/li>\n<\/ul>\n<\/section>\n<section data-wtai-block-id=\"wtai_product_description_custom_2\" class=\"wtai-section wtai-custom_2-section\">\n<h2>V\u1ec1 t\u00e1c gi\u1ea3 Gosho Aoyama \u2013 B\u1eadc th\u1ea7y \u0111\u1ee9ng sau th\u00e0nh c\u00f4ng c\u1ee7a Detective Conan<\/h2>\n<p>Gosho Aoyama l\u00e0 mangaka n\u1ed5i ti\u1ebfng ng\u01b0\u1eddi Nh\u1eadt B\u1ea3n, sinh n\u0103m 1963 t\u1ea1i t\u1ec9nh Tottori, v\u1edbi h\u00e0nh tr\u00ecnh s\u1ef1 nghi\u1ec7p g\u1eafn li\u1ec1n c\u00f9ng d\u00f2ng truy\u1ec7n trinh th\u00e1m l\u1eebng danh Detective Conan.<\/p>\n<p>Kh\u1edfi nghi\u1ec7p b\u1eb1ng t\u00e1c ph\u1ea9m Magic Kaito v\u00e0 sau \u0111\u00f3 l\u00e0 Yaiba, \u00f4ng s\u1edbm ghi d\u1ea5u \u1ea5n b\u1eb1ng lo\u1ea1t gi\u1ea3i th\u01b0\u1edfng danh gi\u00e1 c\u1ee7a Shogakukan \u2013 \u0111\u1eb7c bi\u1ec7t t\u1ea1i m\u1ea3ng truy\u1ec7n tranh thi\u1ebfu ni\u00ean.<\/p>\n<p>Th\u1ebf m\u1ea1nh c\u1ee7a Aoyama n\u1eb1m \u1edf kh\u1ea3 n\u0103ng l\u1ed3ng gh\u00e9p ki\u1ebfn th\u1ee9c logic, k\u1ef9 thu\u1eadt v\u00e0 v\u0103n h\u00f3a v\u00e0o m\u1ed7i v\u1ee5 \u00e1n, \u0111em l\u1ea1i c\u1ea3m gi\u00e1c m\u1edbi m\u1ebb v\u00e0 cu\u1ed1n h\u00fat cho \u0111\u1ed9c gi\u1ea3 nhi\u1ec1u th\u1ebf h\u1ec7.<\/p>\n<p>Detective Conan kh\u00f4ng ch\u1ec9 t\u1ea1o c\u01a1n s\u1ed1t t\u1ea1i Nh\u1eadt m\u00e0 c\u00f2n chinh ph\u1ee5c h\u00e0ng tri\u1ec7u fan tr\u00ean to\u00e0n c\u1ea7u nh\u1edd l\u1ed1i k\u1ec3 chuy\u1ec7n d\u00ed d\u1ecfm, nh\u00e2n v\u1eadt s\u00e2u s\u1eafc v\u00e0 k\u1ecbch b\u1ea3n gay c\u1ea5n.<\/p>\n<p>Th\u00e0nh c\u00f4ng c\u1ee7a Aoyama th\u1ec3 hi\u1ec7n \u1edf s\u1ee9c s\u1ed1ng b\u1ec1n b\u1ec9 c\u1ee7a Detective Conan, gi\u00fap \u00f4ng tr\u1edf th\u00e0nh c\u00e1i t\u00ean b\u1ea3o ch\u1ee9ng cho m\u1ecdi \u0111\u1ea7u s\u00e1ch trinh th\u00e1m gi\u1ea3i tr\u00ed hi\u1ec7n \u0111\u1ea1i.<\/p>\n<\/section>\n<section data-wtai-block-id=\"wtai_product_description_faqs\" class=\"wtai-section wtai-faqs-section\">\n<h2>C\u00e2u h\u1ecfi th\u01b0\u1eddng g\u1eb7p<\/h2>\n<p><strong>Detective Conan T\u1eadp 37 bao g\u1ed3m nh\u1eefng v\u1ee5 \u00e1n n\u00e0o \u0111\u1eb7c s\u1eafc?<\/strong><\/p>\n<p>T\u1eadp n\u00e0y t\u1eadp trung v\u00e0o c\u00e1c v\u1ee5 \u00e1n n\u1ed5i b\u1eadt nh\u01b0 bom h\u1eb9n gi\u1edd, k\u1ef7 ni\u1ec7m th\u1eddi th\u01a1 \u1ea5u c\u1ee7a Kogoro v\u00e0 v\u1ee5 tr\u1ed9m trang s\u1ee9c\u2014m\u1ed7i v\u1ee5 \u0111\u1ec1u mang \u0111\u1ebfn t\u00ecnh ti\u1ebft b\u1ea5t ng\u1edd.<\/p>\n<p><strong>T\u00f4i c\u00f3 th\u1ec3 d\u00f9ng Detective Conan T\u1eadp 37 \u0111\u1ec3 l\u00e0m qu\u00e0 t\u1eb7ng kh\u00f4ng?<\/strong><\/p>\n<p>Ho\u00e0n to\u00e0n \u0111\u01b0\u1ee3c, nh\u1edd thi\u1ebft k\u1ebf b\u00eca hi\u1ec7n \u0111\u1ea1i c\u00f9ng n\u1ed9i dung h\u1ea5p d\u1eabn, cu\u1ed1n truy\u1ec7n n\u00e0y ph\u00f9 h\u1ee3p l\u00e0m qu\u00e0 t\u1eb7ng cho b\u1ea1n b\u00e8 ho\u1eb7c \u0111\u1ed1i t\u00e1c y\u00eau th\u00edch truy\u1ec7n trinh th\u00e1m.<\/p>\n<p><strong>S\u1ea3n ph\u1ea9m c\u00f3 ph\u1ea3i l\u00e0 h\u00e0ng ch\u00ednh h\u00e3ng kh\u00f4ng?<\/strong><\/p>\n<p>\u0110\u00fang v\u1eady, \u0111\u00e2y l\u00e0 s\u1ea3n ph\u1ea9m ph\u00e1t h\u00e0nh ch\u00ednh th\u1ee9c c\u1ee7a NXB Kim \u0110\u1ed3ng, \u0111\u1ea3m b\u1ea3o ch\u1ea5t l\u01b0\u1ee3ng in v\u00e0 b\u1ea3n quy\u1ec1n n\u1ed9i dung.<\/p>\n<p><strong>V\u00ec sao n\u00ean ch\u1ecdn phi\u00ean b\u1ea3n Detective Conan T\u1eadp 37 b\u1ea3n b\u00eca m\u1ec1m \u00e1o b\u00eca?<\/strong><\/p>\n<p>Phi\u00ean b\u1ea3n b\u00eca m\u1ec1m c\u00f3 \u00e1o b\u00eca gi\u00fap b\u1ea3o v\u1ec7 truy\u1ec7n t\u1ed1t h\u01a1n, t\u0103ng gi\u00e1 tr\u1ecb s\u01b0u t\u1ea7m v\u00e0 gi\u1eef s\u00e1ch b\u1ec1n \u0111\u1eb9p l\u00e2u d\u00e0i.<\/p>\n<\/section>\n<section data-wtai-block-id=\"wtai_product_description_conclusion\" class=\"wtai-section wtai-conclusion-section\">\n<h3>B\u1ea1n \u0111\u00e3 s\u1eb5n s\u00e0ng kh\u00e1m ph\u00e1?<\/h3>\n<p><strong>Detective Conan T\u1eadp 37 kh\u00f4ng ch\u1ec9 l\u00e0 m\u1ed9t cu\u1ed1n truy\u1ec7n trinh th\u00e1m \u0111\u01a1n thu\u1ea7n m\u00e0 c\u00f2n l\u00e0 l\u1ef1a ch\u1ecdn l\u00fd t\u01b0\u1edfng cho nh\u1eefng ai y\u00eau th\u00edch t\u01b0 duy logic v\u00e0 ngh\u1ec7 thu\u1eadt k\u1ec3 chuy\u1ec7n.<\/strong> <strong>S\u00e1ch thi\u1ebft k\u1ebf b\u1eaft m\u1eaft, ch\u1ea5t l\u01b0\u1ee3ng in v\u01b0\u1ee3t tr\u1ed9i v\u00e0 nhi\u1ec1u v\u1ee5 \u00e1n ly k\u1ef3 h\u1ee9a h\u1eb9n mang l\u1ea1i nh\u1eefng tr\u1ea3i nghi\u1ec7m \u0111\u1ecdc kh\u00f3 qu\u00ean.<\/strong> <strong>\u0110\u1eebng b\u1ecf l\u1ee1 c\u01a1 h\u1ed9i b\u1ed5 sung t\u1eadp truy\u1ec7n \u0111\u1eb7c s\u1eafc n\u00e0y v\u00e0o b\u1ed9 s\u01b0u t\u1eadp c\u1ee7a m\u00ecnh ngay h\u00f4m nay.<\/strong><\/p>\n<\/section>\n","protected":false},"excerpt":{"rendered":"<div data-wtai-block-id=\"wtai_excerpt_subtitle\" class=\"wtai-section wtai-subtitle-section\">\n<p><em><strong>\u0110i\u1ec1u tra l\u1eaft l\u00e9o, ph\u00e1 \u00e1n ngo\u1ea1n m\u1ee5c, c\u00f9ng Conan gi\u1eefa ph\u1ed1 th\u1ecb r\u1ef1c r\u1ee1 \u00e1nh \u0111\u00e8n.<\/strong><\/em><\/p>\n<\/p><\/div>\n<div data-wtai-block-id=\"wtai_excerpt_introduction\" class=\"wtai-section wtai-introduction-section\">\n<p>Th\u1ec9nh tho\u1ea3ng, ch\u1ec9 c\u1ea7n l\u1eadt m\u1edf m\u1ed9t t\u1eadp truy\u1ec7n, ta nh\u01b0 \u0111\u01b0\u1ee3c tr\u1edf l\u1ea1i th\u1eddi tu\u1ed5i tr\u1ebb say m\u00ea phi\u00eau l\u01b0u. Detective Conan T\u1eadp 37 l\u00e0 l\u1ef1a ch\u1ecdn ho\u00e0n h\u1ea3o cho nh\u1eefng ai y\u00eau th\u00edch trinh th\u00e1m th\u00f4ng minh, th\u00edch \u0111\u00e2m s\u00e2u v\u00e0o c\u00e1c t\u00ecnh hu\u1ed1ng kh\u00f3 l\u01b0\u1eddng v\u00e0 logic s\u1eafc s\u1ea3o. T\u1eadp s\u00e1ch v\u1edbi b\u00eca n\u1ed5i b\u1eadt h\u00ecnh Conan gi\u1eefa th\u00e0nh ph\u1ed1 hi\u1ec7n \u0111\u1ea1i mang l\u1ea1i c\u1ea3m gi\u00e1c s\u1ed1ng \u0111\u1ed9ng, v\u1eeba c\u1ed5 \u0111i\u1ec3n v\u1eeba r\u1ea5t hi\u1ec7n \u0111\u1ea1i, h\u1ea5p d\u1eabn \u0111\u1ed9c gi\u1ea3 t\u00ecm ki\u1ebfm nh\u1eefng ph\u00fat gi\u00e2y gi\u1ea3i tr\u00ed tinh t\u1ebf m\u00e0 s\u00e2u s\u1eafc.<\/p>\n<\/p><\/div>\n","protected":false},"featured_media":18322,"comment_status":"open","ping_status":"closed","template":"","meta":[],"product_brand":[],"product_cat":[196],"product_tag":[],"class_list":{"0":"post-35851","1":"product","2":"type-product","3":"status-publish","4":"has-post-thumbnail","6":"product_cat-sach-truyen-thong","8":"first","9":"instock","10":"shipping-taxable","11":"purchasable","12":"product-type-simple"},"bundled_by":[],"bundle_stock_status":"instock","bundle_stock_quantity":null,"bundle_virtual":false,"bundle_layout":"","bundle_add_to_cart_form_location":"","bundle_editable_in_cart":false,"bundle_sold_individually_context":"","bundle_item_grouping":"","bundle_min_size":"","bundle_max_size":"","bundle_price":[],"bundled_items":[],"bundle_sell_ids":[],"yoast_head":"<!-- This site is optimized with the Yoast SEO plugin v25.2 - https:\/\/yoast.com\/wordpress\/plugins\/seo\/ -->\n<title>Shop Detective Conan T\u1eadp 37 B\u1ea3n In Ch\u00ednh H\u00e3ng Ch\u1ea5t L\u01b0\u1ee3ng Cao<\/title>\n<meta name=\"description\" content=\"M\u1edf r\u1ed9ng b\u1ed9 s\u01b0u t\u1eadp trinh th\u00e1m v\u1edbi Detective Conan T\u1eadp 37, n\u1ed9i dung h\u1ea5p d\u1eabn, thi\u1ebft k\u1ebf b\u00eca n\u1ed5i b\u1eadt, b\u1ea3n in n\u00e9t r\u00f5, ph\u00f9 h\u1ee3p cho t\u1eb7ng, tr\u01b0ng b\u00e0y, \u0111\u1ecdc gi\u1ea3i tr\u00ed.\" \/>\n<meta name=\"robots\" content=\"index, follow, max-snippet:-1, max-image-preview:large, max-video-preview:-1\" \/>\n<link rel=\"canonical\" href=\"https:\/\/demostore.ai\/vi\/san-pham\/detective-conan-tap-37\/\" \/>\n<meta property=\"og:type\" content=\"article\" \/>\n<meta property=\"og:title\" content=\"Shop Detective Conan T\u1eadp 37 B\u1ea3n In Ch\u00ednh H\u00e3ng Ch\u1ea5t L\u01b0\u1ee3ng Cao\" \/>\n<meta property=\"og:description\" content=\"S\u1ef1 l\u1ef1a ch\u1ecdn s\u00e1ng su\u1ed1t cho ng\u01b0\u1eddi m\u00ea truy\u1ec7n tranh: Detective Conan T\u1eadp 37 n\u1ed5i b\u1eadt v\u1edbi c\u1ed1t truy\u1ec7n ch\u1eb7t ch\u1ebd, ch\u1ea5t l\u01b0\u1ee3ng in s\u1eafc n\u00e9t, thi\u1ebft k\u1ebf b\u00eca thu h\u00fat, l\u00fd t\u01b0\u1edfng cho s\u01b0u t\u1ea7m v\u00e0 gi\u1ea3i tr\u00ed.\" \/>\n<meta property=\"og:url\" content=\"https:\/\/demostore.ai\/vi\/san-pham\/detective-conan-tap-37\/\" \/>\n<meta property=\"og:site_name\" content=\"Trendy Thread\" \/>\n<meta property=\"article:modified_time\" content=\"2026-02-18T02:45:41+00:00\" \/>\n<meta property=\"og:image\" content=\"https:\/\/demostore.ai\/wp-content\/uploads\/2025\/06\/Graphic-novel-1.png\" \/>\n\t<meta property=\"og:image:width\" content=\"1000\" \/>\n\t<meta property=\"og:image:height\" content=\"1000\" \/>\n\t<meta property=\"og:image:type\" content=\"image\/png\" \/>\n<meta name=\"twitter:card\" content=\"summary_large_image\" \/>\n<meta name=\"twitter:title\" content=\"Shop Detective Conan T\u1eadp 37 B\u1ea3n In Ch\u00ednh H\u00e3ng Ch\u1ea5t L\u01b0\u1ee3ng Cao\" \/>\n<meta name=\"twitter:description\" content=\"S\u1ef1 l\u1ef1a ch\u1ecdn s\u00e1ng su\u1ed1t cho ng\u01b0\u1eddi m\u00ea truy\u1ec7n tranh: Detective Conan T\u1eadp 37 n\u1ed5i b\u1eadt v\u1edbi c\u1ed1t truy\u1ec7n ch\u1eb7t ch\u1ebd, ch\u1ea5t l\u01b0\u1ee3ng in s\u1eafc n\u00e9t, thi\u1ebft k\u1ebf b\u00eca thu h\u00fat, l\u00fd t\u01b0\u1edfng cho s\u01b0u t\u1ea7m v\u00e0 gi\u1ea3i tr\u00ed.\" \/>\n<meta name=\"twitter:label1\" content=\"\u01af\u1edbc t\u00ednh th\u1eddi gian \u0111\u1ecdc\" \/>\n\t<meta name=\"twitter:data1\" content=\"1 ph\u00fat\" \/>\n<script type=\"application\/ld+json\" class=\"yoast-schema-graph\">{\"@context\":\"https:\/\/schema.org\",\"@graph\":[{\"@type\":\"WebPage\",\"@id\":\"https:\/\/demostore.ai\/vi\/san-pham\/detective-conan-tap-37\/\",\"url\":\"https:\/\/demostore.ai\/vi\/san-pham\/detective-conan-tap-37\/\",\"name\":\"Shop Detective Conan T\u1eadp 37 B\u1ea3n In Ch\u00ednh H\u00e3ng Ch\u1ea5t L\u01b0\u1ee3ng Cao\",\"isPartOf\":{\"@id\":\"https:\/\/demostore.ai\/vi\/#website\"},\"primaryImageOfPage\":{\"@id\":\"https:\/\/demostore.ai\/vi\/san-pham\/detective-conan-tap-37\/#primaryimage\"},\"image\":{\"@id\":\"https:\/\/demostore.ai\/vi\/san-pham\/detective-conan-tap-37\/#primaryimage\"},\"thumbnailUrl\":\"https:\/\/demostore.ai\/wp-content\/uploads\/2025\/06\/Graphic-novel-1.png\",\"datePublished\":\"2025-06-16T00:16:29+00:00\",\"dateModified\":\"2026-02-18T02:45:41+00:00\",\"description\":\"M\u1edf r\u1ed9ng b\u1ed9 s\u01b0u t\u1eadp trinh th\u00e1m v\u1edbi Detective Conan T\u1eadp 37, n\u1ed9i dung h\u1ea5p d\u1eabn, thi\u1ebft k\u1ebf b\u00eca n\u1ed5i b\u1eadt, b\u1ea3n in n\u00e9t r\u00f5, ph\u00f9 h\u1ee3p cho t\u1eb7ng, tr\u01b0ng b\u00e0y, \u0111\u1ecdc gi\u1ea3i tr\u00ed.\",\"breadcrumb\":{\"@id\":\"https:\/\/demostore.ai\/vi\/san-pham\/detective-conan-tap-37\/#breadcrumb\"},\"inLanguage\":\"vi\",\"potentialAction\":[{\"@type\":\"ReadAction\",\"target\":[\"https:\/\/demostore.ai\/vi\/san-pham\/detective-conan-tap-37\/\"]}]},{\"@type\":\"ImageObject\",\"inLanguage\":\"vi\",\"@id\":\"https:\/\/demostore.ai\/vi\/san-pham\/detective-conan-tap-37\/#primaryimage\",\"url\":\"https:\/\/demostore.ai\/wp-content\/uploads\/2025\/06\/Graphic-novel-1.png\",\"contentUrl\":\"https:\/\/demostore.ai\/wp-content\/uploads\/2025\/06\/Graphic-novel-1.png\",\"width\":1000,\"height\":1000,\"caption\":\"B\u00eca truy\u1ec7n conan T\u1eadp 37 v\u1edbi h\u00ecnh Conan \u0111eo k\u00ednh \u0111\u1ee9ng tr\u00ean ph\u1ed1, s\u1ea3n ph\u1ea9m manga trinh th\u00e1m h\u1ea5p d\u1eabn.\"},{\"@type\":\"BreadcrumbList\",\"@id\":\"https:\/\/demostore.ai\/vi\/san-pham\/detective-conan-tap-37\/#breadcrumb\",\"itemListElement\":[{\"@type\":\"ListItem\",\"position\":1,\"name\":\"Trang ch\u1ee7\",\"item\":\"https:\/\/demostore.ai\/vi\/\"},{\"@type\":\"ListItem\",\"position\":2,\"name\":\"C\u1eeda h\u00e0ng\",\"item\":\"https:\/\/demostore.ai\/vi\/cua-hang\/\"},{\"@type\":\"ListItem\",\"position\":3,\"name\":\"Detective Conan T\u1eadp 37\"}]},{\"@type\":\"WebSite\",\"@id\":\"https:\/\/demostore.ai\/vi\/#website\",\"url\":\"https:\/\/demostore.ai\/vi\/\",\"name\":\"Trendy Thread\",\"description\":\"C\u1eeda h\u00e0ng demo WriteText.ai\",\"publisher\":{\"@id\":\"https:\/\/demostore.ai\/vi\/#organization\"},\"potentialAction\":[{\"@type\":\"SearchAction\",\"target\":{\"@type\":\"EntryPoint\",\"urlTemplate\":\"https:\/\/demostore.ai\/vi\/?s={search_term_string}\"},\"query-input\":{\"@type\":\"PropertyValueSpecification\",\"valueRequired\":true,\"valueName\":\"search_term_string\"}}],\"inLanguage\":\"vi\"},{\"@type\":\"Organization\",\"@id\":\"https:\/\/demostore.ai\/vi\/#organization\",\"name\":\"WriteText.ai\",\"url\":\"https:\/\/demostore.ai\/vi\/\",\"logo\":{\"@type\":\"ImageObject\",\"inLanguage\":\"vi\",\"@id\":\"https:\/\/demostore.ai\/vi\/#\/schema\/logo\/image\/\",\"url\":\"https:\/\/demostore.ai\/wp-content\/uploads\/2025\/10\/writetext_logo.webp\",\"contentUrl\":\"https:\/\/demostore.ai\/wp-content\/uploads\/2025\/10\/writetext_logo.webp\",\"width\":200,\"height\":34,\"caption\":\"WriteText.ai\"},\"image\":{\"@id\":\"https:\/\/demostore.ai\/vi\/#\/schema\/logo\/image\/\"}}]}<\/script>\n<!-- \/ Yoast SEO plugin. -->","yoast_head_json":{"title":"Shop Detective Conan T\u1eadp 37 B\u1ea3n In Ch\u00ednh H\u00e3ng Ch\u1ea5t L\u01b0\u1ee3ng Cao","description":"M\u1edf r\u1ed9ng b\u1ed9 s\u01b0u t\u1eadp trinh th\u00e1m v\u1edbi Detective Conan T\u1eadp 37, n\u1ed9i dung h\u1ea5p d\u1eabn, thi\u1ebft k\u1ebf b\u00eca n\u1ed5i b\u1eadt, b\u1ea3n in n\u00e9t r\u00f5, ph\u00f9 h\u1ee3p cho t\u1eb7ng, tr\u01b0ng b\u00e0y, \u0111\u1ecdc gi\u1ea3i tr\u00ed.","robots":{"index":"index","follow":"follow","max-snippet":"max-snippet:-1","max-image-preview":"max-image-preview:large","max-video-preview":"max-video-preview:-1"},"canonical":"https:\/\/demostore.ai\/vi\/san-pham\/detective-conan-tap-37\/","og_type":"article","og_title":"Shop Detective Conan T\u1eadp 37 B\u1ea3n In Ch\u00ednh H\u00e3ng Ch\u1ea5t L\u01b0\u1ee3ng Cao","og_description":"S\u1ef1 l\u1ef1a ch\u1ecdn s\u00e1ng su\u1ed1t cho ng\u01b0\u1eddi m\u00ea truy\u1ec7n tranh: Detective Conan T\u1eadp 37 n\u1ed5i b\u1eadt v\u1edbi c\u1ed1t truy\u1ec7n ch\u1eb7t ch\u1ebd, ch\u1ea5t l\u01b0\u1ee3ng in s\u1eafc n\u00e9t, thi\u1ebft k\u1ebf b\u00eca thu h\u00fat, l\u00fd t\u01b0\u1edfng cho s\u01b0u t\u1ea7m v\u00e0 gi\u1ea3i tr\u00ed.","og_url":"https:\/\/demostore.ai\/vi\/san-pham\/detective-conan-tap-37\/","og_site_name":"Trendy Thread","article_modified_time":"2026-02-18T02:45:41+00:00","og_image":[{"width":1000,"height":1000,"url":"https:\/\/demostore.ai\/wp-content\/uploads\/2025\/06\/Graphic-novel-1.png","type":"image\/png"}],"twitter_card":"summary_large_image","twitter_title":"Shop Detective Conan T\u1eadp 37 B\u1ea3n In Ch\u00ednh H\u00e3ng Ch\u1ea5t L\u01b0\u1ee3ng Cao","twitter_description":"S\u1ef1 l\u1ef1a ch\u1ecdn s\u00e1ng su\u1ed1t cho ng\u01b0\u1eddi m\u00ea truy\u1ec7n tranh: Detective Conan T\u1eadp 37 n\u1ed5i b\u1eadt v\u1edbi c\u1ed1t truy\u1ec7n ch\u1eb7t ch\u1ebd, ch\u1ea5t l\u01b0\u1ee3ng in s\u1eafc n\u00e9t, thi\u1ebft k\u1ebf b\u00eca thu h\u00fat, l\u00fd t\u01b0\u1edfng cho s\u01b0u t\u1ea7m v\u00e0 gi\u1ea3i tr\u00ed.","twitter_misc":{"\u01af\u1edbc t\u00ednh th\u1eddi gian \u0111\u1ecdc":"1 ph\u00fat"},"schema":{"@context":"https:\/\/schema.org","@graph":[{"@type":"WebPage","@id":"https:\/\/demostore.ai\/vi\/san-pham\/detective-conan-tap-37\/","url":"https:\/\/demostore.ai\/vi\/san-pham\/detective-conan-tap-37\/","name":"Shop Detective Conan T\u1eadp 37 B\u1ea3n In Ch\u00ednh H\u00e3ng Ch\u1ea5t L\u01b0\u1ee3ng Cao","isPartOf":{"@id":"https:\/\/demostore.ai\/vi\/#website"},"primaryImageOfPage":{"@id":"https:\/\/demostore.ai\/vi\/san-pham\/detective-conan-tap-37\/#primaryimage"},"image":{"@id":"https:\/\/demostore.ai\/vi\/san-pham\/detective-conan-tap-37\/#primaryimage"},"thumbnailUrl":"https:\/\/demostore.ai\/wp-content\/uploads\/2025\/06\/Graphic-novel-1.png","datePublished":"2025-06-16T00:16:29+00:00","dateModified":"2026-02-18T02:45:41+00:00","description":"M\u1edf r\u1ed9ng b\u1ed9 s\u01b0u t\u1eadp trinh th\u00e1m v\u1edbi Detective Conan T\u1eadp 37, n\u1ed9i dung h\u1ea5p d\u1eabn, thi\u1ebft k\u1ebf b\u00eca n\u1ed5i b\u1eadt, b\u1ea3n in n\u00e9t r\u00f5, ph\u00f9 h\u1ee3p cho t\u1eb7ng, tr\u01b0ng b\u00e0y, \u0111\u1ecdc gi\u1ea3i tr\u00ed.","breadcrumb":{"@id":"https:\/\/demostore.ai\/vi\/san-pham\/detective-conan-tap-37\/#breadcrumb"},"inLanguage":"vi","potentialAction":[{"@type":"ReadAction","target":["https:\/\/demostore.ai\/vi\/san-pham\/detective-conan-tap-37\/"]}]},{"@type":"ImageObject","inLanguage":"vi","@id":"https:\/\/demostore.ai\/vi\/san-pham\/detective-conan-tap-37\/#primaryimage","url":"https:\/\/demostore.ai\/wp-content\/uploads\/2025\/06\/Graphic-novel-1.png","contentUrl":"https:\/\/demostore.ai\/wp-content\/uploads\/2025\/06\/Graphic-novel-1.png","width":1000,"height":1000,"caption":"B\u00eca truy\u1ec7n conan T\u1eadp 37 v\u1edbi h\u00ecnh Conan \u0111eo k\u00ednh \u0111\u1ee9ng tr\u00ean ph\u1ed1, s\u1ea3n ph\u1ea9m manga trinh th\u00e1m h\u1ea5p d\u1eabn."},{"@type":"BreadcrumbList","@id":"https:\/\/demostore.ai\/vi\/san-pham\/detective-conan-tap-37\/#breadcrumb","itemListElement":[{"@type":"ListItem","position":1,"name":"Trang ch\u1ee7","item":"https:\/\/demostore.ai\/vi\/"},{"@type":"ListItem","position":2,"name":"C\u1eeda h\u00e0ng","item":"https:\/\/demostore.ai\/vi\/cua-hang\/"},{"@type":"ListItem","position":3,"name":"Detective Conan T\u1eadp 37"}]},{"@type":"WebSite","@id":"https:\/\/demostore.ai\/vi\/#website","url":"https:\/\/demostore.ai\/vi\/","name":"Trendy Thread","description":"C\u1eeda h\u00e0ng demo WriteText.ai","publisher":{"@id":"https:\/\/demostore.ai\/vi\/#organization"},"potentialAction":[{"@type":"SearchAction","target":{"@type":"EntryPoint","urlTemplate":"https:\/\/demostore.ai\/vi\/?s={search_term_string}"},"query-input":{"@type":"PropertyValueSpecification","valueRequired":true,"valueName":"search_term_string"}}],"inLanguage":"vi"},{"@type":"Organization","@id":"https:\/\/demostore.ai\/vi\/#organization","name":"WriteText.ai","url":"https:\/\/demostore.ai\/vi\/","logo":{"@type":"ImageObject","inLanguage":"vi","@id":"https:\/\/demostore.ai\/vi\/#\/schema\/logo\/image\/","url":"https:\/\/demostore.ai\/wp-content\/uploads\/2025\/10\/writetext_logo.webp","contentUrl":"https:\/\/demostore.ai\/wp-content\/uploads\/2025\/10\/writetext_logo.webp","width":200,"height":34,"caption":"WriteText.ai"},"image":{"@id":"https:\/\/demostore.ai\/vi\/#\/schema\/logo\/image\/"}}]}},"_links":{"self":[{"href":"https:\/\/demostore.ai\/vi\/wp-json\/wp\/v2\/product\/35851","targetHints":{"allow":["GET"]}}],"collection":[{"href":"https:\/\/demostore.ai\/vi\/wp-json\/wp\/v2\/product"}],"about":[{"href":"https:\/\/demostore.ai\/vi\/wp-json\/wp\/v2\/types\/product"}],"replies":[{"embeddable":true,"href":"https:\/\/demostore.ai\/vi\/wp-json\/wp\/v2\/comments?post=35851"}],"wp:featuredmedia":[{"embeddable":true,"href":"https:\/\/demostore.ai\/vi\/wp-json\/wp\/v2\/media\/18322"}],"wp:attachment":[{"href":"https:\/\/demostore.ai\/vi\/wp-json\/wp\/v2\/media?parent=35851"}],"wp:term":[{"taxonomy":"product_brand","embeddable":true,"href":"https:\/\/demostore.ai\/vi\/wp-json\/wp\/v2\/product_brand?post=35851"},{"taxonomy":"product_cat","embeddable":true,"href":"https:\/\/demostore.ai\/vi\/wp-json\/wp\/v2\/product_cat?post=35851"},{"taxonomy":"product_tag","embeddable":true,"href":"https:\/\/demostore.ai\/vi\/wp-json\/wp\/v2\/product_tag?post=35851"}],"curies":[{"name":"wp","href":"https:\/\/api.w.org\/{rel}","templated":true}]}}