{"id":35659,"date":"2025-06-13T08:44:05","date_gmt":"2025-06-13T00:44:05","guid":{"rendered":"https:\/\/demostore.ai\/?post_type=product&#038;p=35659"},"modified":"2026-02-17T17:57:44","modified_gmt":"2026-02-17T09:57:44","slug":"dentiste-plus-xit-thom-mieng","status":"publish","type":"product","link":"https:\/\/demostore.ai\/vi\/san-pham\/dentiste-plus-xit-thom-mieng\/","title":{"rendered":"Dentiste Plus X\u1ecbt Th\u01a1m Mi\u1ec7ng"},"content":{"rendered":"<section data-wtai-block-id=\"wtai_product_description_features\" class=\"wtai-section wtai-features-section\">\n<h2>\u0110i\u1ec3m N\u1ed5i B\u1eadt S\u1ea3n Ph\u1ea9m<\/h2>\n<ul>\n<li><strong>H\u01a1i th\u1edf th\u01a1m m\u00e1t t\u1ee9c th\u00ec<\/strong> ch\u1ec9 sau v\u00e0i gi\u00e2y s\u1eed d\u1ee5ng gi\u00fap b\u1ea1n t\u1ef1 tin giao ti\u1ebfp c\u1ea3 ng\u00e0y.<\/li>\n<li><strong>C\u00f4ng th\u1ee9c kh\u00e1ng khu\u1ea9n d\u1ecbu nh\u1eb9<\/strong> h\u1ed7 tr\u1ee3 ng\u0103n ng\u1eeba vi khu\u1ea9n v\u00e0 m\u00f9i kh\u00f3 ch\u1ecbu trong khoang mi\u1ec7ng.<\/li>\n<li><strong>Kh\u00f4ng \u0111\u01b0\u1eddng, s\u1eed d\u1ee5ng xylitol<\/strong> an to\u00e0n cho r\u0103ng, th\u00edch h\u1ee3p d\u00f9ng nhi\u1ec1u l\u1ea7n trong ng\u00e0y m\u00e0 kh\u00f4ng g\u00e2y s\u00e2u r\u0103ng.<\/li>\n<li><strong>Thi\u1ebft k\u1ebf nh\u1ecf g\u1ecdn, ti\u1ec7n l\u1ee3i mang theo<\/strong> ph\u00f9 h\u1ee3p v\u1edbi t\u00fai x\u00e1ch, balo, ho\u1eb7c \u0111\u1ec3 tr\u00ean b\u00e0n l\u00e0m vi\u1ec7c.<\/li>\n<li><strong>Chai d\u1ea1ng x\u1ecbt kh\u00f4ng kh\u00ed (non-aerosol)<\/strong> gi\u00fap b\u1ea1n ki\u1ec3m so\u00e1t l\u01b0\u1ee3ng s\u1ea3n ph\u1ea9m m\u1ed7i l\u1ea7n d\u00f9ng, kh\u00f4ng g\u00e2y c\u1ea3m gi\u00e1c r\u00e1t.<\/li>\n<li><strong>Tinh d\u1ea7u thi\u00ean nhi\u00ean t\u1eeb b\u1ea1c h\u00e0, h\u01b0\u01a1ng th\u1ea3o<\/strong> mang l\u1ea1i c\u1ea3m gi\u00e1c m\u00e1t l\u1ea1nh, s\u1ea1ch s\u00e2u v\u00e0 d\u1ec5 ch\u1ecbu cho khoang mi\u1ec7ng.<\/li>\n<li><strong>D\u00e0nh cho m\u1ecdi \u0111\u1ed9 tu\u1ed5i<\/strong> k\u1ec3 c\u1ea3 ng\u01b0\u1eddi c\u00f3 n\u01b0\u1edbu nh\u1ea1y c\u1ea3m ho\u1eb7c d\u00f9ng ni\u1ec1ng r\u0103ng, kh\u00f4ng g\u00e2y k\u00edch \u1ee9ng.<\/li>\n<li><strong>Bao b\u00ec hi\u1ec7n \u0111\u1ea1i, m\u00e0u s\u1eafc t\u01b0\u01a1i m\u00e1t<\/strong> c\u00f9ng h\u00ecnh \u1ea3nh l\u00e1 b\u1ea1c h\u00e0 th\u1ec3 hi\u1ec7n r\u00f5 th\u00e0nh ph\u1ea7n thi\u00ean nhi\u00ean.<\/li>\n<\/ul>\n<\/section>\n<div data-wtai-block-id=\"wtai_product_description_image_1753694499291\" class=\"wtai-section wtai-image_1753694499291-section\">\n<figure class=\"wtai-image-p wtai-align-center\" style=\"text-align:center\"><img decoding=\"async\" src=\"https:\/\/demostore.ai\/wp-content\/uploads\/2025\/06\/Breathspray-4-scaled-1-600x935.png\" alt=\"X\u1ecbt th\u01a1m mi\u1ec7ng Dentiste Plus, d\u1ea1ng chai nh\u1ecf, n\u1eafp tr\u1eafng, nh\u00e3n m\u00e0u xanh l\u00e1 v\u1edbi h\u00ecnh chi\u1ebfc l\u00e1.\" srcset=\"https:\/\/demostore.ai\/wp-content\/uploads\/2025\/06\/Breathspray-4-scaled-1.png 642w, https:\/\/demostore.ai\/wp-content\/uploads\/2025\/06\/Breathspray-4-scaled-1-193x300.png 193w, https:\/\/demostore.ai\/wp-content\/uploads\/2025\/06\/Breathspray-4-scaled-1-600x935.png 600w\"><figcaption>\n<p>Thi\u1ebft k\u1ebf chai nh\u1ecf g\u1ecdn c\u00f9ng h\u00ecnh \u1ea3nh l\u00e1 b\u1ea1c h\u00e0 xanh t\u01b0\u01a1i, d\u1ec5 d\u00e0ng mang theo t\u00fai x\u00e1ch.<\/p>\n<\/figcaption><\/figure>\n<\/p><\/div>\n<section data-wtai-block-id=\"wtai_product_description_benefits\" class=\"wtai-section wtai-benefits-section\">\n<h2>V\u00ec Sao B\u1ea1n S\u1ebd Y\u00eau Th\u00edch<\/h2>\n<ul>\n<li>C\u1ea3m gi\u00e1c th\u01a1m m\u00e1t ngay khi c\u1ea7n, gi\u00fap b\u1ea1n lu\u00f4n t\u1ef1 tin giao ti\u1ebfp.<\/li>\n<li>Gi\u1ea3m nhanh m\u00f9i h\u00f4i mi\u1ec7ng sau khi \u0103n, u\u1ed1ng c\u00e0 ph\u00ea ho\u1eb7c h\u00fat thu\u1ed1c.<\/li>\n<li>L\u00e0m d\u1ecbu ni\u00eam m\u1ea1c v\u00e0 ph\u00f9 h\u1ee3p v\u1edbi r\u0103ng mi\u1ec7ng nh\u1ea1y c\u1ea3m.<\/li>\n<li>H\u1ed7 tr\u1ee3 b\u1ea3o v\u1ec7 s\u1ee9c kh\u1ecfe r\u0103ng mi\u1ec7ng h\u00e0ng ng\u00e0y m\u1ecdi l\u00fac, m\u1ecdi n\u01a1i.<\/li>\n<li>Mang l\u1ea1i c\u1ea3m gi\u00e1c s\u1ea1ch s\u1ebd, ch\u1ec9n chu v\u00e0 s\u1eb5n s\u00e0ng cho m\u1ecdi c\u01a1 h\u1ed9i m\u1edbi.<\/li>\n<\/ul>\n<\/section>\n<section data-wtai-block-id=\"wtai_product_description_use_cases\" class=\"wtai-section wtai-use_cases-section\">\n<h3>C\u00e1ch S\u1eed D\u1ee5ng Trong Th\u00f3i Quen H\u00e0ng Ng\u00e0y<\/h3>\n<ol>\n<li>L\u1eafc nh\u1eb9 chai tr\u01b0\u1edbc khi d\u00f9ng \u0111\u1ec3 tinh d\u1ea7u ph\u00e2n b\u1ed5 \u0111\u1ec1u.<\/li>\n<li>M\u1edf n\u1eafp, h\u01b0\u1edbng v\u00f2i x\u1ecbt v\u00e0o b\u00ean trong khoang mi\u1ec7ng.<\/li>\n<li>X\u1ecbt 1-2 l\u1ea7n khi c\u1ea7n th\u01a1m mi\u1ec7ng tr\u01b0\u1edbc giao ti\u1ebfp quan tr\u1ecdng.<\/li>\n<li>D\u00f9ng sau b\u1eefa \u0103n, c\u00e0 ph\u00ea, ho\u1eb7c h\u00fat thu\u1ed1c \u0111\u1ec3 lo\u1ea1i b\u1ecf m\u00f9i kh\u00f3 ch\u1ecbu.<\/li>\n<li>S\u1eed d\u1ee5ng v\u00e0o bu\u1ed5i s\u00e1ng s\u1edbm ho\u1eb7c sau gi\u1edd ngh\u1ec9 tr\u01b0a \u0111\u1ec3 l\u00e0m m\u1edbi h\u01a1i th\u1edf.<\/li>\n<li>Cho v\u00e0o t\u00fai x\u00e1ch \u0111\u1ec3 d\u00f9ng ti\u1ec7n l\u1ee3i khi di chuy\u1ec3n, du l\u1ecbch hay c\u00f4ng t\u00e1c.<\/li>\n<li>C\u00f3 th\u1ec3 s\u1eed d\u1ee5ng nhi\u1ec1u l\u1ea7n trong ng\u00e0y khi c\u1ea3m th\u1ea5y c\u1ea7n l\u00e0m s\u1ea1ch mi\u1ec7ng.<\/li>\n<li>B\u1ea3o qu\u1ea3n n\u01a1i kh\u00f4 r\u00e1o, tr\u00e1nh \u00e1nh n\u1eafng tr\u1ef1c ti\u1ebfp \u0111\u1ec3 gi\u1eef \u0111\u1ed9 t\u01b0\u01a1i m\u00e1t.<\/li>\n<\/ol>\n<\/section>\n<section data-wtai-block-id=\"wtai_product_description_technical_specifications\" class=\"wtai-section wtai-technical_specifications-section\">\n<h3>Chi Ti\u1ebft S\u1ea3n Ph\u1ea9m<\/h3>\n<ul>\n<li><strong>Th\u1ec3 t\u00edch<\/strong>: 15 ml<\/li>\n<li><strong>C\u00f4ng th\u1ee9c<\/strong>: Xylitol, kh\u00f4ng \u0111\u01b0\u1eddng, kh\u00f4ng ch\u1ee9a kh\u00ed n\u00e9n<\/li>\n<li><strong>Thi\u1ebft k\u1ebf<\/strong>: Chai x\u1ecbt nh\u1ef1a g\u1ecdn nh\u1eb9, m\u00e0u tr\u1eafng xanh<\/li>\n<li><strong>B\u1ea3o qu\u1ea3n<\/strong>: N\u01a1i kh\u00f4 r\u00e1o, tr\u00e1nh \u00e1nh n\u1eafng tr\u1ef1c ti\u1ebfp<\/li>\n<\/ul>\n<\/section>\n<section data-wtai-block-id=\"wtai_product_description_custom_1753167803027\" class=\"wtai-section wtai-custom_1753167803027-section\">\n<h2>C\u00e1c m\u1ed1i quan t\u00e2m v\u00e0 lo\u1ea1i da ph\u00f9 h\u1ee3p v\u1edbi s\u1ea3n ph\u1ea9m n\u00e0y<\/h2>\n<ul>\n<li>Kh\u00f4ng d\u00e0nh cho da kh\u00f4, tr\u00e1nh d\u00f9ng l\u00ean v\u00f9ng da n\u1ee9t n\u1ebb.<\/li>\n<li>Kh\u00f4ng d\u00e0nh cho da d\u1ea7u, kh\u00f4ng s\u1eed d\u1ee5ng l\u00ean v\u00f9ng da m\u1eb7t.<\/li>\n<li>Kh\u00f4ng d\u00e0nh cho da nh\u1ea1y c\u1ea3m, tr\u00e1nh ti\u1ebfp x\u00fac tr\u1ef1c ti\u1ebfp v\u1edbi da.<\/li>\n<li>Kh\u00f4ng \u00e1p d\u1ee5ng cho m\u1ecdi lo\u1ea1i da, ch\u1ec9 d\u00f9ng cho khoang mi\u1ec7ng.<\/li>\n<li>Kh\u00f4ng h\u1ed7 tr\u1ee3 c\u00e1c v\u1ea5n \u0111\u1ec1 v\u1ec1 da, d\u00f9ng cho h\u01a1i th\u1edf th\u01a1m m\u00e1t.<\/li>\n<li>Kh\u00f4ng c\u1ea7n th\u1eed tr\u00ean da, ch\u1ec9 x\u1ecbt v\u00e0o mi\u1ec7ng theo h\u01b0\u1edbng d\u1eabn.<\/li>\n<\/ul>\n<\/section>\n<section data-wtai-block-id=\"wtai_product_description_custom_1754200971412\" class=\"wtai-section wtai-custom_1754200971412-section\">\n<h2>Th\u00e0nh ph\u1ea7n Dentiste Plus X\u1ecbt Th\u01a1m Mi\u1ec7ng<\/h2>\n<p>Aqua, Glycerin, Xylitol, Sorbitol, Mentha Piperita (Peppermint) Oil, Eucalyptus Globulus Leaf Oil, Sodium Benzoate, Potassium Sorbate, Citric Acid, Menthol, Aroma, PEG-40 Hydrogenated Castor Oil, Sodium Saccharin, Camellia Sinensis Leaf Extract, Chamomilla Recutita (Matricaria) Flower Extract, Foeniculum Vulgare (Fennel) Extract, Anthemis Nobilis Extract, Eugenia Caryophyllus (Clove) Flower Oil, Aloe Barbadensis Leaf Extract.<\/p>\n<\/section>\n<section data-wtai-block-id=\"wtai_product_description_faqs\" class=\"wtai-section wtai-faqs-section\">\n<h2>C\u00e2u H\u1ecfi Th\u01b0\u1eddng G\u1eb7p<\/h2>\n<p><strong>Dentiste Plus X\u1ecbt Th\u01a1m Mi\u1ec7ng c\u00f3 an to\u00e0n cho r\u0103ng nh\u1ea1y c\u1ea3m kh\u00f4ng?<\/strong> <br \/> S\u1ea3n ph\u1ea9m v\u1edbi c\u00f4ng th\u1ee9c d\u1ecbu nh\u1eb9 ph\u00f9 h\u1ee3p cho c\u1ea3 r\u0103ng nh\u1ea1y c\u1ea3m v\u00e0 ng\u01b0\u1eddi d\u00f9ng ni\u1ec1ng r\u0103ng.<\/p>\n<p><strong>C\u00f3 th\u1ec3 s\u1eed d\u1ee5ng chung v\u1edbi c\u00e1c s\u1ea3n ph\u1ea9m ch\u0103m s\u00f3c r\u0103ng mi\u1ec7ng kh\u00e1c kh\u00f4ng?<\/strong> <br \/> C\u00f3 th\u1ec3 d\u00f9ng k\u1ebft h\u1ee3p v\u1edbi c\u00e1c s\u1ea3n ph\u1ea9m kh\u00e1c m\u00e0 kh\u00f4ng g\u00e2y t\u00e1c d\u1ee5ng ph\u1ee5.<\/p>\n<p><strong>Bao l\u00e2u sau khi x\u1ecbt th\u00ec th\u1ea5y hi\u1ec7u qu\u1ea3 th\u01a1m mi\u1ec7ng?<\/strong> <br \/> Hi\u1ec7u qu\u1ea3 th\u01b0\u1eddng c\u1ea3m nh\u1eadn \u0111\u01b0\u1ee3c ch\u1ec9 sau 1\u20133 gi\u00e2y.<\/p>\n<p><strong>S\u1ea3n ph\u1ea9m c\u00f3 g\u00e2y k\u00edch \u1ee9ng ho\u1eb7c r\u00e1t mi\u1ec7ng kh\u00f4ng?<\/strong> <br \/> Chai d\u1ea1ng x\u1ecbt kh\u00f4ng kh\u00ed, c\u00f4ng th\u1ee9c thi\u00ean nhi\u00ean kh\u00f4ng g\u00e2y r\u00e1t ho\u1eb7c k\u00edch \u1ee9ng.<\/p>\n<p><strong>N\u00ean b\u1ea3o qu\u1ea3n Dentiste Plus X\u1ecbt Th\u01a1m Mi\u1ec7ng nh\u01b0 th\u1ebf n\u00e0o?<\/strong> <br \/> B\u1ea3o qu\u1ea3n n\u01a1i kh\u00f4 r\u00e1o, tr\u00e1nh nhi\u1ec7t \u0111\u1ed9 cao v\u00e0 \u00e1nh n\u1eafng \u0111\u1ec3 gi\u1eef ch\u1ea5t l\u01b0\u1ee3ng.<\/p>\n<\/section>\n<section data-wtai-block-id=\"wtai_product_description_conclusion\" class=\"wtai-section wtai-conclusion-section\">\n<h2>Tr\u1ea3i Nghi\u1ec7m H\u01a1i Th\u1edf S\u1ea1ch M\u00e1t Ngay<\/h2>\n<p><em><strong>B\u01b0\u1edbc ra ngo\u00e0i v\u1edbi h\u01a1i th\u1edf th\u01a1m m\u00e1t, t\u1ef1 tin \u0111\u00f3n nh\u1eadn m\u1ecdi c\u01a1 h\u1ed9i giao ti\u1ebfp.<\/strong><\/em> <em><strong>\u0110\u1eebng \u0111\u1ec3 m\u00f9i mi\u1ec7ng l\u00e0m b\u1ea1n lo l\u1eafng \u2013 h\u00e3y ch\u1ecdn Dentiste Plus X\u1ecbt Th\u01a1m Mi\u1ec7ng h\u00f4m nay \u0111\u1ec3 c\u1ea3m nh\u1eadn s\u1ef1 kh\u00e1c bi\u1ec7t t\u1ef1 nhi\u00ean.<\/strong><\/em><\/p>\n<\/section>\n","protected":false},"excerpt":{"rendered":"<div data-wtai-block-id=\"wtai_excerpt_subtitle\" class=\"wtai-section wtai-subtitle-section\">\n<p><em><strong>H\u01a1i th\u1edf th\u01a1m m\u00e1t t\u1ef1 nhi\u00ean, cho b\u1ea1n t\u1ef1 tin trong t\u1eebng kho\u1ea3nh kh\u1eafc<\/strong><\/em><\/p>\n<\/p><\/div>\n<div data-wtai-block-id=\"wtai_excerpt_introduction\" class=\"wtai-section wtai-introduction-section\">\n<p>\u0110\u00f4i khi, ch\u1ec9 m\u1ed9t gi\u00e2y ng\u1eafn ng\u1ee7i c\u0169ng \u0111\u1ee7 \u0111\u1ec3 b\u1ea1n c\u1ea3m nh\u1eadn s\u1ef1 kh\u00e1c bi\u1ec7t c\u1ee7a s\u1ef1 t\u01b0\u01a1i m\u1edbi trong h\u01a1i th\u1edf. Dentiste Plus X\u1ecbt Th\u01a1m Mi\u1ec7ng l\u00e0 l\u1ef1a ch\u1ecdn l\u00fd t\u01b0\u1edfng, k\u1ebft h\u1ee3p tinh ch\u1ea5t th\u1ea3o m\u1ed9c v\u00e0 xylitol l\u00e0nh t\u00ednh, gi\u00fap b\u1ea1n duy tr\u00ec c\u1ea3m gi\u00e1c s\u1ea1ch s\u1ebd, d\u1ec5 ch\u1ecbu m\u1ed7i ng\u00e0y. Thi\u1ebft k\u1ebf nh\u1ecf g\u1ecdn hi\u1ec7n \u0111\u1ea1i, d\u1ec5 d\u00e0ng mang theo m\u1ecdi l\u00fac m\u1ecdi n\u01a1i, t\u1ea1o n\u00ean th\u00f3i quen ch\u0103m s\u00f3c b\u1ea3n th\u00e2n nh\u1eb9 nh\u00e0ng m\u00e0 hi\u1ec7u qu\u1ea3, \u0111\u1eb7c bi\u1ec7t cho nh\u1eefng ai lu\u00f4n n\u0103ng \u0111\u1ed9ng v\u00e0 ch\u00fa tr\u1ecdng h\u00ecnh \u1ea3nh c\u00e1 nh\u00e2n. M\u1ed7i l\u00e0n x\u1ecbt l\u00e0 m\u1ed9t b\u01b0\u1edbc ch\u0103m s\u00f3c t\u1ef1 nhi\u00ean, gi\u00fap b\u1ea1n lu\u00f4n t\u1ef1 tin v\u00e0 r\u1ea1ng r\u1ee1 trong m\u1ecdi t\u00ecnh hu\u1ed1ng th\u01b0\u1eddng nh\u1eadt.<\/p>\n<\/p><\/div>\n","protected":false},"featured_media":15948,"comment_status":"open","ping_status":"closed","template":"","meta":[],"product_brand":[],"product_cat":[252],"product_tag":[],"class_list":{"0":"post-35659","1":"product","2":"type-product","3":"status-publish","4":"has-post-thumbnail","6":"product_cat-lam-dep-suc-khoe","8":"first","9":"instock","10":"shipping-taxable","11":"purchasable","12":"product-type-simple"},"bundled_by":[],"bundle_stock_status":"instock","bundle_stock_quantity":null,"bundle_virtual":false,"bundle_layout":"","bundle_add_to_cart_form_location":"","bundle_editable_in_cart":false,"bundle_sold_individually_context":"","bundle_item_grouping":"","bundle_min_size":"","bundle_max_size":"","bundle_price":[],"bundled_items":[],"bundle_sell_ids":[],"yoast_head":"<!-- This site is optimized with the Yoast SEO plugin v25.2 - https:\/\/yoast.com\/wordpress\/plugins\/seo\/ -->\n<title>Grab Dentiste Plus X\u1ecbt Th\u01a1m Mi\u1ec7ng Cho H\u01a1i Th\u1edf T\u1ef1 Tin M\u1ecdi L\u00fac<\/title>\n<meta name=\"description\" content=\"M\u1edf ra tr\u1ea3i nghi\u1ec7m th\u01a1m mi\u1ec7ng t\u1ee9c th\u00ec v\u1edbi Dentiste Plus X\u1ecbt Th\u01a1m Mi\u1ec7ng. Thi\u1ebft k\u1ebf nh\u1ecf g\u1ecdn, kh\u00f4ng \u0111\u01b0\u1eddng, chi\u1ebft xu\u1ea5t xylitol gi\u00fap b\u1ea3o v\u1ec7 v\u00e0 l\u00e0m d\u1ecbu khoang mi\u1ec7ng.\" \/>\n<meta name=\"robots\" content=\"index, follow, max-snippet:-1, max-image-preview:large, max-video-preview:-1\" \/>\n<link rel=\"canonical\" href=\"https:\/\/demostore.ai\/vi\/san-pham\/dentiste-plus-xit-thom-mieng\/\" \/>\n<meta property=\"og:type\" content=\"article\" \/>\n<meta property=\"og:title\" content=\"Grab Dentiste Plus X\u1ecbt Th\u01a1m Mi\u1ec7ng Cho H\u01a1i Th\u1edf T\u1ef1 Tin M\u1ecdi L\u00fac\" \/>\n<meta property=\"og:description\" content=\"\u1ea4n t\u01b0\u1ee3ng \u0111\u1ea7u ti\u00ean \u0111\u1ebfn t\u1eeb h\u01a1i th\u1edf. Dentiste Plus X\u1ecbt Th\u01a1m Mi\u1ec7ng gi\u00fap b\u1ea1n t\u1ef1 tin m\u1ecdi l\u00fac v\u1edbi c\u00f4ng th\u1ee9c thi\u00ean nhi\u00ean kh\u00f4ng \u0111\u01b0\u1eddng, nh\u1ecf g\u1ecdn, l\u00e0m th\u01a1m mi\u1ec7ng t\u1ee9c th\u00ec v\u00e0 b\u1ea3o v\u1ec7 s\u1ee9c kh\u1ecfe r\u0103ng mi\u1ec7ng m\u1ed7i ng\u00e0y.\" \/>\n<meta property=\"og:url\" content=\"https:\/\/demostore.ai\/vi\/san-pham\/dentiste-plus-xit-thom-mieng\/\" \/>\n<meta property=\"og:site_name\" content=\"Trendy Thread\" \/>\n<meta property=\"article:modified_time\" content=\"2026-02-17T09:57:44+00:00\" \/>\n<meta property=\"og:image\" content=\"https:\/\/demostore.ai\/wp-content\/uploads\/2025\/06\/Breathspray-1-scaled-1.png\" \/>\n\t<meta property=\"og:image:width\" content=\"380\" \/>\n\t<meta property=\"og:image:height\" content=\"1000\" \/>\n\t<meta property=\"og:image:type\" content=\"image\/png\" \/>\n<meta name=\"twitter:card\" content=\"summary_large_image\" \/>\n<meta name=\"twitter:title\" content=\"Grab Dentiste Plus X\u1ecbt Th\u01a1m Mi\u1ec7ng Cho H\u01a1i Th\u1edf T\u1ef1 Tin M\u1ecdi L\u00fac\" \/>\n<meta name=\"twitter:description\" content=\"\u1ea4n t\u01b0\u1ee3ng \u0111\u1ea7u ti\u00ean \u0111\u1ebfn t\u1eeb h\u01a1i th\u1edf. Dentiste Plus X\u1ecbt Th\u01a1m Mi\u1ec7ng gi\u00fap b\u1ea1n t\u1ef1 tin m\u1ecdi l\u00fac v\u1edbi c\u00f4ng th\u1ee9c thi\u00ean nhi\u00ean kh\u00f4ng \u0111\u01b0\u1eddng, nh\u1ecf g\u1ecdn, l\u00e0m th\u01a1m mi\u1ec7ng t\u1ee9c th\u00ec v\u00e0 b\u1ea3o v\u1ec7 s\u1ee9c kh\u1ecfe r\u0103ng mi\u1ec7ng m\u1ed7i ng\u00e0y.\" \/>\n<meta name=\"twitter:label1\" content=\"\u01af\u1edbc t\u00ednh th\u1eddi gian \u0111\u1ecdc\" \/>\n\t<meta name=\"twitter:data1\" content=\"1 ph\u00fat\" \/>\n<script type=\"application\/ld+json\" class=\"yoast-schema-graph\">{\"@context\":\"https:\/\/schema.org\",\"@graph\":[{\"@type\":\"WebPage\",\"@id\":\"https:\/\/demostore.ai\/vi\/san-pham\/dentiste-plus-xit-thom-mieng\/\",\"url\":\"https:\/\/demostore.ai\/vi\/san-pham\/dentiste-plus-xit-thom-mieng\/\",\"name\":\"Grab Dentiste Plus X\u1ecbt Th\u01a1m Mi\u1ec7ng Cho H\u01a1i Th\u1edf T\u1ef1 Tin M\u1ecdi L\u00fac\",\"isPartOf\":{\"@id\":\"https:\/\/demostore.ai\/vi\/#website\"},\"primaryImageOfPage\":{\"@id\":\"https:\/\/demostore.ai\/vi\/san-pham\/dentiste-plus-xit-thom-mieng\/#primaryimage\"},\"image\":{\"@id\":\"https:\/\/demostore.ai\/vi\/san-pham\/dentiste-plus-xit-thom-mieng\/#primaryimage\"},\"thumbnailUrl\":\"https:\/\/demostore.ai\/wp-content\/uploads\/2025\/06\/Breathspray-1-scaled-1.png\",\"datePublished\":\"2025-06-13T00:44:05+00:00\",\"dateModified\":\"2026-02-17T09:57:44+00:00\",\"description\":\"M\u1edf ra tr\u1ea3i nghi\u1ec7m th\u01a1m mi\u1ec7ng t\u1ee9c th\u00ec v\u1edbi Dentiste Plus X\u1ecbt Th\u01a1m Mi\u1ec7ng. Thi\u1ebft k\u1ebf nh\u1ecf g\u1ecdn, kh\u00f4ng \u0111\u01b0\u1eddng, chi\u1ebft xu\u1ea5t xylitol gi\u00fap b\u1ea3o v\u1ec7 v\u00e0 l\u00e0m d\u1ecbu khoang mi\u1ec7ng.\",\"breadcrumb\":{\"@id\":\"https:\/\/demostore.ai\/vi\/san-pham\/dentiste-plus-xit-thom-mieng\/#breadcrumb\"},\"inLanguage\":\"vi\",\"potentialAction\":[{\"@type\":\"ReadAction\",\"target\":[\"https:\/\/demostore.ai\/vi\/san-pham\/dentiste-plus-xit-thom-mieng\/\"]}]},{\"@type\":\"ImageObject\",\"inLanguage\":\"vi\",\"@id\":\"https:\/\/demostore.ai\/vi\/san-pham\/dentiste-plus-xit-thom-mieng\/#primaryimage\",\"url\":\"https:\/\/demostore.ai\/wp-content\/uploads\/2025\/06\/Breathspray-1-scaled-1.png\",\"contentUrl\":\"https:\/\/demostore.ai\/wp-content\/uploads\/2025\/06\/Breathspray-1-scaled-1.png\",\"width\":380,\"height\":1000,\"caption\":\"X\u1ecbt th\u01a1m mi\u1ec7ng Dentiste Plus chai nh\u1ecf m\u00e0u xanh tr\u1eafng, h\u00ecnh l\u00e1 b\u1ea1c h\u00e0 tr\u00ean nh\u00e3n.\"},{\"@type\":\"BreadcrumbList\",\"@id\":\"https:\/\/demostore.ai\/vi\/san-pham\/dentiste-plus-xit-thom-mieng\/#breadcrumb\",\"itemListElement\":[{\"@type\":\"ListItem\",\"position\":1,\"name\":\"Trang ch\u1ee7\",\"item\":\"https:\/\/demostore.ai\/vi\/\"},{\"@type\":\"ListItem\",\"position\":2,\"name\":\"C\u1eeda h\u00e0ng\",\"item\":\"https:\/\/demostore.ai\/vi\/cua-hang\/\"},{\"@type\":\"ListItem\",\"position\":3,\"name\":\"Dentiste Plus X\u1ecbt Th\u01a1m Mi\u1ec7ng\"}]},{\"@type\":\"WebSite\",\"@id\":\"https:\/\/demostore.ai\/vi\/#website\",\"url\":\"https:\/\/demostore.ai\/vi\/\",\"name\":\"Trendy Thread\",\"description\":\"C\u1eeda h\u00e0ng demo WriteText.ai\",\"publisher\":{\"@id\":\"https:\/\/demostore.ai\/vi\/#organization\"},\"potentialAction\":[{\"@type\":\"SearchAction\",\"target\":{\"@type\":\"EntryPoint\",\"urlTemplate\":\"https:\/\/demostore.ai\/vi\/?s={search_term_string}\"},\"query-input\":{\"@type\":\"PropertyValueSpecification\",\"valueRequired\":true,\"valueName\":\"search_term_string\"}}],\"inLanguage\":\"vi\"},{\"@type\":\"Organization\",\"@id\":\"https:\/\/demostore.ai\/vi\/#organization\",\"name\":\"WriteText.ai\",\"url\":\"https:\/\/demostore.ai\/vi\/\",\"logo\":{\"@type\":\"ImageObject\",\"inLanguage\":\"vi\",\"@id\":\"https:\/\/demostore.ai\/vi\/#\/schema\/logo\/image\/\",\"url\":\"https:\/\/demostore.ai\/wp-content\/uploads\/2025\/10\/writetext_logo.webp\",\"contentUrl\":\"https:\/\/demostore.ai\/wp-content\/uploads\/2025\/10\/writetext_logo.webp\",\"width\":200,\"height\":34,\"caption\":\"WriteText.ai\"},\"image\":{\"@id\":\"https:\/\/demostore.ai\/vi\/#\/schema\/logo\/image\/\"}}]}<\/script>\n<!-- \/ Yoast SEO plugin. -->","yoast_head_json":{"title":"Grab Dentiste Plus X\u1ecbt Th\u01a1m Mi\u1ec7ng Cho H\u01a1i Th\u1edf T\u1ef1 Tin M\u1ecdi L\u00fac","description":"M\u1edf ra tr\u1ea3i nghi\u1ec7m th\u01a1m mi\u1ec7ng t\u1ee9c th\u00ec v\u1edbi Dentiste Plus X\u1ecbt Th\u01a1m Mi\u1ec7ng. Thi\u1ebft k\u1ebf nh\u1ecf g\u1ecdn, kh\u00f4ng \u0111\u01b0\u1eddng, chi\u1ebft xu\u1ea5t xylitol gi\u00fap b\u1ea3o v\u1ec7 v\u00e0 l\u00e0m d\u1ecbu khoang mi\u1ec7ng.","robots":{"index":"index","follow":"follow","max-snippet":"max-snippet:-1","max-image-preview":"max-image-preview:large","max-video-preview":"max-video-preview:-1"},"canonical":"https:\/\/demostore.ai\/vi\/san-pham\/dentiste-plus-xit-thom-mieng\/","og_type":"article","og_title":"Grab Dentiste Plus X\u1ecbt Th\u01a1m Mi\u1ec7ng Cho H\u01a1i Th\u1edf T\u1ef1 Tin M\u1ecdi L\u00fac","og_description":"\u1ea4n t\u01b0\u1ee3ng \u0111\u1ea7u ti\u00ean \u0111\u1ebfn t\u1eeb h\u01a1i th\u1edf. Dentiste Plus X\u1ecbt Th\u01a1m Mi\u1ec7ng gi\u00fap b\u1ea1n t\u1ef1 tin m\u1ecdi l\u00fac v\u1edbi c\u00f4ng th\u1ee9c thi\u00ean nhi\u00ean kh\u00f4ng \u0111\u01b0\u1eddng, nh\u1ecf g\u1ecdn, l\u00e0m th\u01a1m mi\u1ec7ng t\u1ee9c th\u00ec v\u00e0 b\u1ea3o v\u1ec7 s\u1ee9c kh\u1ecfe r\u0103ng mi\u1ec7ng m\u1ed7i ng\u00e0y.","og_url":"https:\/\/demostore.ai\/vi\/san-pham\/dentiste-plus-xit-thom-mieng\/","og_site_name":"Trendy Thread","article_modified_time":"2026-02-17T09:57:44+00:00","og_image":[{"width":380,"height":1000,"url":"https:\/\/demostore.ai\/wp-content\/uploads\/2025\/06\/Breathspray-1-scaled-1.png","type":"image\/png"}],"twitter_card":"summary_large_image","twitter_title":"Grab Dentiste Plus X\u1ecbt Th\u01a1m Mi\u1ec7ng Cho H\u01a1i Th\u1edf T\u1ef1 Tin M\u1ecdi L\u00fac","twitter_description":"\u1ea4n t\u01b0\u1ee3ng \u0111\u1ea7u ti\u00ean \u0111\u1ebfn t\u1eeb h\u01a1i th\u1edf. Dentiste Plus X\u1ecbt Th\u01a1m Mi\u1ec7ng gi\u00fap b\u1ea1n t\u1ef1 tin m\u1ecdi l\u00fac v\u1edbi c\u00f4ng th\u1ee9c thi\u00ean nhi\u00ean kh\u00f4ng \u0111\u01b0\u1eddng, nh\u1ecf g\u1ecdn, l\u00e0m th\u01a1m mi\u1ec7ng t\u1ee9c th\u00ec v\u00e0 b\u1ea3o v\u1ec7 s\u1ee9c kh\u1ecfe r\u0103ng mi\u1ec7ng m\u1ed7i ng\u00e0y.","twitter_misc":{"\u01af\u1edbc t\u00ednh th\u1eddi gian \u0111\u1ecdc":"1 ph\u00fat"},"schema":{"@context":"https:\/\/schema.org","@graph":[{"@type":"WebPage","@id":"https:\/\/demostore.ai\/vi\/san-pham\/dentiste-plus-xit-thom-mieng\/","url":"https:\/\/demostore.ai\/vi\/san-pham\/dentiste-plus-xit-thom-mieng\/","name":"Grab Dentiste Plus X\u1ecbt Th\u01a1m Mi\u1ec7ng Cho H\u01a1i Th\u1edf T\u1ef1 Tin M\u1ecdi L\u00fac","isPartOf":{"@id":"https:\/\/demostore.ai\/vi\/#website"},"primaryImageOfPage":{"@id":"https:\/\/demostore.ai\/vi\/san-pham\/dentiste-plus-xit-thom-mieng\/#primaryimage"},"image":{"@id":"https:\/\/demostore.ai\/vi\/san-pham\/dentiste-plus-xit-thom-mieng\/#primaryimage"},"thumbnailUrl":"https:\/\/demostore.ai\/wp-content\/uploads\/2025\/06\/Breathspray-1-scaled-1.png","datePublished":"2025-06-13T00:44:05+00:00","dateModified":"2026-02-17T09:57:44+00:00","description":"M\u1edf ra tr\u1ea3i nghi\u1ec7m th\u01a1m mi\u1ec7ng t\u1ee9c th\u00ec v\u1edbi Dentiste Plus X\u1ecbt Th\u01a1m Mi\u1ec7ng. Thi\u1ebft k\u1ebf nh\u1ecf g\u1ecdn, kh\u00f4ng \u0111\u01b0\u1eddng, chi\u1ebft xu\u1ea5t xylitol gi\u00fap b\u1ea3o v\u1ec7 v\u00e0 l\u00e0m d\u1ecbu khoang mi\u1ec7ng.","breadcrumb":{"@id":"https:\/\/demostore.ai\/vi\/san-pham\/dentiste-plus-xit-thom-mieng\/#breadcrumb"},"inLanguage":"vi","potentialAction":[{"@type":"ReadAction","target":["https:\/\/demostore.ai\/vi\/san-pham\/dentiste-plus-xit-thom-mieng\/"]}]},{"@type":"ImageObject","inLanguage":"vi","@id":"https:\/\/demostore.ai\/vi\/san-pham\/dentiste-plus-xit-thom-mieng\/#primaryimage","url":"https:\/\/demostore.ai\/wp-content\/uploads\/2025\/06\/Breathspray-1-scaled-1.png","contentUrl":"https:\/\/demostore.ai\/wp-content\/uploads\/2025\/06\/Breathspray-1-scaled-1.png","width":380,"height":1000,"caption":"X\u1ecbt th\u01a1m mi\u1ec7ng Dentiste Plus chai nh\u1ecf m\u00e0u xanh tr\u1eafng, h\u00ecnh l\u00e1 b\u1ea1c h\u00e0 tr\u00ean nh\u00e3n."},{"@type":"BreadcrumbList","@id":"https:\/\/demostore.ai\/vi\/san-pham\/dentiste-plus-xit-thom-mieng\/#breadcrumb","itemListElement":[{"@type":"ListItem","position":1,"name":"Trang ch\u1ee7","item":"https:\/\/demostore.ai\/vi\/"},{"@type":"ListItem","position":2,"name":"C\u1eeda h\u00e0ng","item":"https:\/\/demostore.ai\/vi\/cua-hang\/"},{"@type":"ListItem","position":3,"name":"Dentiste Plus X\u1ecbt Th\u01a1m Mi\u1ec7ng"}]},{"@type":"WebSite","@id":"https:\/\/demostore.ai\/vi\/#website","url":"https:\/\/demostore.ai\/vi\/","name":"Trendy Thread","description":"C\u1eeda h\u00e0ng demo WriteText.ai","publisher":{"@id":"https:\/\/demostore.ai\/vi\/#organization"},"potentialAction":[{"@type":"SearchAction","target":{"@type":"EntryPoint","urlTemplate":"https:\/\/demostore.ai\/vi\/?s={search_term_string}"},"query-input":{"@type":"PropertyValueSpecification","valueRequired":true,"valueName":"search_term_string"}}],"inLanguage":"vi"},{"@type":"Organization","@id":"https:\/\/demostore.ai\/vi\/#organization","name":"WriteText.ai","url":"https:\/\/demostore.ai\/vi\/","logo":{"@type":"ImageObject","inLanguage":"vi","@id":"https:\/\/demostore.ai\/vi\/#\/schema\/logo\/image\/","url":"https:\/\/demostore.ai\/wp-content\/uploads\/2025\/10\/writetext_logo.webp","contentUrl":"https:\/\/demostore.ai\/wp-content\/uploads\/2025\/10\/writetext_logo.webp","width":200,"height":34,"caption":"WriteText.ai"},"image":{"@id":"https:\/\/demostore.ai\/vi\/#\/schema\/logo\/image\/"}}]}},"_links":{"self":[{"href":"https:\/\/demostore.ai\/vi\/wp-json\/wp\/v2\/product\/35659","targetHints":{"allow":["GET"]}}],"collection":[{"href":"https:\/\/demostore.ai\/vi\/wp-json\/wp\/v2\/product"}],"about":[{"href":"https:\/\/demostore.ai\/vi\/wp-json\/wp\/v2\/types\/product"}],"replies":[{"embeddable":true,"href":"https:\/\/demostore.ai\/vi\/wp-json\/wp\/v2\/comments?post=35659"}],"wp:featuredmedia":[{"embeddable":true,"href":"https:\/\/demostore.ai\/vi\/wp-json\/wp\/v2\/media\/15948"}],"wp:attachment":[{"href":"https:\/\/demostore.ai\/vi\/wp-json\/wp\/v2\/media?parent=35659"}],"wp:term":[{"taxonomy":"product_brand","embeddable":true,"href":"https:\/\/demostore.ai\/vi\/wp-json\/wp\/v2\/product_brand?post=35659"},{"taxonomy":"product_cat","embeddable":true,"href":"https:\/\/demostore.ai\/vi\/wp-json\/wp\/v2\/product_cat?post=35659"},{"taxonomy":"product_tag","embeddable":true,"href":"https:\/\/demostore.ai\/vi\/wp-json\/wp\/v2\/product_tag?post=35659"}],"curies":[{"name":"wp","href":"https:\/\/api.w.org\/{rel}","templated":true}]}}