{"id":35549,"date":"2025-06-16T09:14:12","date_gmt":"2025-06-16T01:14:12","guid":{"rendered":"https:\/\/demostore.ai\/?post_type=product&#038;p=35549"},"modified":"2026-02-18T10:36:06","modified_gmt":"2026-02-18T02:36:06","slug":"aquaflask-coc-giu-nhiet","status":"publish","type":"product","link":"https:\/\/demostore.ai\/vi\/san-pham\/aquaflask-coc-giu-nhiet\/","title":{"rendered":"Aquaflask C\u1ed1c Gi\u1eef Nhi\u1ec7t"},"content":{"rendered":"<section data-wtai-block-id=\"wtai_product_description_use_cases\" class=\"wtai-section wtai-use_cases-section\">\n<h2>Nh\u1eefng T\u00ecnh Hu\u1ed1ng S\u1eed D\u1ee5ng Ph\u1ed5 Bi\u1ebfn C\u1ee7a Aquaflask C\u1ed1c Gi\u1eef Nhi\u1ec7t<\/h2>\n<ul>\n<li>Th\u00edch h\u1ee3p mang theo khi \u0111i l\u00e0m, h\u1ecdc t\u1eadp ho\u1eb7c tham d\u1ef1 c\u00e1c cu\u1ed9c h\u1ecdp, gi\u00fap gi\u1eef th\u1ee9c u\u1ed1ng lu\u00f4n \u1edf nhi\u1ec7t \u0111\u1ed9 mong mu\u1ed1n su\u1ed1t c\u1ea3 ng\u00e0y.<\/li>\n<li>L\u00fd t\u01b0\u1edfng cho c\u00e1c chuy\u1ebfn d\u00e3 ngo\u1ea1i, leo n\u00fai, t\u1eadp th\u1ec3 d\u1ee5c hay du l\u1ecbch d\u00e0i ng\u00e0y khi c\u1ea7n gi\u1eef n\u01b0\u1edbc l\u1ea1nh ho\u1eb7c n\u01b0\u1edbc n\u00f3ng l\u00e2u.<\/li>\n<li>Ti\u1ec7n l\u1ee3i khi s\u1eed d\u1ee5ng t\u1ea1i v\u0103n ph\u00f2ng, tr\u00ean \u00f4 t\u00f4 ho\u1eb7c khi di chuy\u1ec3n nhi\u1ec1u nh\u1edd thi\u1ebft k\u1ebf nh\u1ecf g\u1ecdn, v\u1eeba v\u1eb7n tay c\u1ea7m.<\/li>\n<li>H\u1ed7 tr\u1ee3 t\u1ed1t trong c\u00e1c bu\u1ed5i t\u1eadp th\u1ec3 h\u00ecnh, yoga ho\u1eb7c ch\u01a1i th\u1ec3 thao, gi\u00fap gi\u1eef \u0111\u1ed3 u\u1ed1ng lu\u00f4n m\u00e1t l\u1ea1nh v\u00e0 an to\u00e0n cho s\u1ee9c kh\u1ecfe.<\/li>\n<li>Ph\u00f9 h\u1ee3p d\u00f9ng t\u1ea1i nh\u00e0 \u0111\u1ec3 th\u01b0\u1edfng th\u1ee9c c\u00e0 ph\u00ea, tr\u00e0, sinh t\u1ed1 hay b\u1ea5t k\u1ef3 lo\u1ea1i th\u1ee9c u\u1ed1ng n\u00e0o m\u00e0 b\u1ea1n y\u00eau th\u00edch v\u00e0 mu\u1ed1n gi\u1eef nhi\u1ec7t l\u00e2u.<\/li>\n<\/ul>\n<\/section>\n<div data-wtai-block-id=\"wtai_product_description_image_1753694570766\" class=\"wtai-section wtai-image_1753694570766-section\">\n<figure class=\"wtai-image-p wtai-align-center\" style=\"text-align:center\"><img decoding=\"async\" src=\"https:\/\/demostore.ai\/wp-content\/uploads\/2025\/06\/Reusable-water-bottle-2-600x600.png\" alt=\"C\u1ed1c gi\u1eef nhi\u1ec7t Aquaflask m\u00e0u xanh r\u00eau, th\u00e2n inox v\u1edbi n\u1eafp \u0111\u1eady ti\u1ec7n l\u1ee3i.\" srcset=\"https:\/\/demostore.ai\/wp-content\/uploads\/2025\/06\/Reusable-water-bottle-2.png 1000w, https:\/\/demostore.ai\/wp-content\/uploads\/2025\/06\/Reusable-water-bottle-2-300x300.png 300w, https:\/\/demostore.ai\/wp-content\/uploads\/2025\/06\/Reusable-water-bottle-2-150x150.png 150w, https:\/\/demostore.ai\/wp-content\/uploads\/2025\/06\/Reusable-water-bottle-2-768x768.png 768w, https:\/\/demostore.ai\/wp-content\/uploads\/2025\/06\/Reusable-water-bottle-2-600x600.png 600w, https:\/\/demostore.ai\/wp-content\/uploads\/2025\/06\/Reusable-water-bottle-2-250x250.png 250w\"><figcaption>\n<p>C\u1ed1c gi\u1eef nhi\u1ec7t c\u00f3 l\u1edbp v\u1ecf m\u00e0u xanh r\u00eau sang tr\u1ecdng c\u00f9ng ph\u1ea7n mi\u1ec7ng th\u00e9p kh\u00f4ng g\u1ec9 ch\u1eafc ch\u1eafn.<\/p>\n<\/figcaption><\/figure>\n<\/p><\/div>\n<section data-wtai-block-id=\"wtai_product_description_advantages\" class=\"wtai-section wtai-advantages-section\">\n<h2>\u0110i\u1ec3m N\u1ed5i B\u1eadt T\u1ea1o N\u00ean Kh\u00e1c Bi\u1ec7t Cho Aquaflask C\u1ed1c Gi\u1eef Nhi\u1ec7t<\/h2>\n<ul>\n<li>Kh\u1ea3 n\u0103ng gi\u1eef n\u00f3ng l\u1ea1nh v\u01b0\u1ee3t tr\u1ed9i v\u1edbi c\u00f4ng ngh\u1ec7 c\u00e1ch nhi\u1ec7t hai l\u1edbp ch\u00e2n kh\u00f4ng gi\u00fap b\u1ea3o qu\u1ea3n nhi\u1ec7t \u0111\u1ed9 th\u1ee9c u\u1ed1ng trong nhi\u1ec1u gi\u1edd.<\/li>\n<li>Ch\u1ea5t li\u1ec7u th\u00e9p kh\u00f4ng g\u1ec9 304 an to\u00e0n, ch\u1ed1ng g\u1ec9 s\u00e9t, kh\u00f4ng b\u00e1m m\u00f9i v\u00e0 d\u1ec5 v\u1ec7 sinh.<\/li>\n<li>Thi\u1ebft k\u1ebf th\u00e2n thi\u1ec7n v\u1edbi ng\u01b0\u1eddi d\u00f9ng, nh\u1ecf g\u1ecdn, b\u1ec1 m\u1eb7t ph\u1ee7 s\u01a1n t\u0129nh \u0111i\u1ec7n ch\u1ed1ng tr\u01b0\u1ee3t v\u00e0 h\u1ea1n ch\u1ebf tr\u1ea7y x\u01b0\u1edbc.<\/li>\n<li>N\u1eafp k\u00edn ch\u1eafc ch\u1eafn gi\u00fap ch\u1ed1ng r\u00f2 r\u1ec9 hi\u1ec7u qu\u1ea3, gi\u1eef cho \u0111\u1ed3 u\u1ed1ng kh\u00f4ng b\u1ecb \u0111\u1ed5 ra ngo\u00e0i khi di chuy\u1ec3n.<\/li>\n<\/ul>\n<\/section>\n<section data-wtai-block-id=\"wtai_product_description_benefits\" class=\"wtai-section wtai-benefits-section\">\n<h2>L\u1ee3i \u00cdch Thi\u1ebft Th\u1ef1c Khi S\u1eed D\u1ee5ng Aquaflask C\u1ed1c Gi\u1eef Nhi\u1ec7t<\/h2>\n<ul>\n<li>Gi\u1ea3i quy\u1ebft v\u1ea5n \u0111\u1ec1 th\u1ee9c u\u1ed1ng nhanh ngu\u1ed9i hay nhanh tan \u0111\u00e1 b\u1eb1ng c\u00e1ch gi\u1eef nhi\u1ec7t l\u00e2u, t\u1eeb \u0111\u00f3 gi\u00fap b\u1ea1n t\u1eadn h\u01b0\u1edfng h\u01b0\u01a1ng v\u1ecb m\u00e0 kh\u00f4ng b\u1ecb thay \u0111\u1ed5i.<\/li>\n<li>Lo\u1ea1i b\u1ecf lo l\u1eafng v\u1ec1 vi\u1ec7c th\u1ee9c u\u1ed1ng b\u1ecb v\u1ea5y b\u1ea9n, r\u00f2 r\u1ec9 trong t\u00fai x\u00e1ch nh\u1edd n\u1eafp thi\u1ebft k\u1ebf an to\u00e0n, k\u00edn ho\u00e0n to\u00e0n.<\/li>\n<li>Ti\u1ebft ki\u1ec7m chi ph\u00ed v\u00e0 b\u1ea3o v\u1ec7 m\u00f4i tr\u01b0\u1eddng b\u1eb1ng vi\u1ec7c t\u00e1i s\u1eed d\u1ee5ng nhi\u1ec1u l\u1ea7n, thay th\u1ebf cho ly nh\u1ef1a hay ly gi\u1ea5y d\u00f9ng m\u1ed9t l\u1ea7n.<\/li>\n<li>N\u00e2ng cao tr\u1ea3i nghi\u1ec7m c\u00e1 nh\u00e2n khi u\u1ed1ng c\u00e1c lo\u1ea1i \u0111\u1ed3 u\u1ed1ng y\u00eau th\u00edch t\u1ea1i b\u1ea5t k\u1ef3 n\u01a1i \u0111\u00e2u, th\u1eddi gian n\u00e0o m\u00e0 v\u1eabn \u0111\u1ea3m b\u1ea3o ch\u1ea5t l\u01b0\u1ee3ng, v\u1ec7 sinh.<\/li>\n<\/ul>\n<\/section>\n<section data-wtai-block-id=\"wtai_product_description_technical_specifications\" class=\"wtai-section wtai-technical_specifications-section\">\n<h3>Chi Ti\u1ebft S\u1ea3n Ph\u1ea9m<\/h3>\n<ul>\n<li><strong>Dung t\u00edch:<\/strong> 500 ml<\/li>\n<li><strong>Ch\u1ea5t li\u1ec7u:<\/strong> Th\u00e9p kh\u00f4ng g\u1ec9 304 an to\u00e0n th\u1ef1c ph\u1ea9m<\/li>\n<li><strong>C\u00f4ng ngh\u1ec7 gi\u1eef nhi\u1ec7t:<\/strong> Hai l\u1edbp ch\u00e2n kh\u00f4ng, gi\u1eef l\u1ea1nh \u0111\u1ebfn 12 gi\u1edd v\u00e0 gi\u1eef n\u00f3ng \u0111\u1ebfn 8 gi\u1edd<\/li>\n<li><strong>K\u00edch th\u01b0\u1edbc (\u01af\u1edbc t\u00ednh):<\/strong> Cao 18 cm, \u0111\u01b0\u1eddng k\u00ednh 7 cm<\/li>\n<li><strong>Tr\u1ecdng l\u01b0\u1ee3ng:<\/strong> 300 g<\/li>\n<li><strong>N\u1eafp:<\/strong> Nh\u1ef1a cao c\u1ea5p, kh\u00f3a k\u00edn, thi\u1ebft k\u1ebf ch\u1ed1ng r\u00f2 r\u1ec9<\/li>\n<li><strong>B\u1ec1 m\u1eb7t:<\/strong> S\u01a1n t\u0129nh \u0111i\u1ec7n, ch\u1ed1ng tr\u01a1n tr\u01b0\u1ee3t<\/li>\n<li><strong>M\u00e0u s\u1eafc:<\/strong> Xanh r\u00eau nh\u00e1m, logo v\u00e0 ch\u1eef th\u01b0\u01a1ng hi\u1ec7u in n\u1ed5i b\u1eadt<\/li>\n<\/ul>\n<\/section>\n<div data-wtai-block-id=\"wtai_product_description_image_1754224212429\" class=\"wtai-section wtai-image_1754224212429-section\">\n<figure class=\"wtai-image-p wtai-align-center\" style=\"text-align:center\"><img decoding=\"async\" src=\"https:\/\/demostore.ai\/wp-content\/uploads\/2025\/06\/Reusable-water-bottle-4-600x600.png\" alt=\"C\u1ed1c gi\u1eef nhi\u1ec7t Aquaflask m\u00e0u xanh r\u00eau, n\u1eafp \u0111en, vi\u1ec1n inox ch\u1eafc ch\u1eafn v\u00e0 logo tr\u00ean th\u00e2n c\u1ed1c.\" srcset=\"https:\/\/demostore.ai\/wp-content\/uploads\/2025\/06\/Reusable-water-bottle-4.png 1000w, https:\/\/demostore.ai\/wp-content\/uploads\/2025\/06\/Reusable-water-bottle-4-300x300.png 300w, https:\/\/demostore.ai\/wp-content\/uploads\/2025\/06\/Reusable-water-bottle-4-150x150.png 150w, https:\/\/demostore.ai\/wp-content\/uploads\/2025\/06\/Reusable-water-bottle-4-768x768.png 768w, https:\/\/demostore.ai\/wp-content\/uploads\/2025\/06\/Reusable-water-bottle-4-600x600.png 600w, https:\/\/demostore.ai\/wp-content\/uploads\/2025\/06\/Reusable-water-bottle-4-250x250.png 250w\"><figcaption>\n<p>N\u1eafp c\u1ed1c b\u1eb1ng nh\u1ef1a \u0111en b\u1ec1n, thi\u1ebft k\u1ebf k\u00edn v\u1edbi chi ti\u1ebft logo n\u1ed5i b\u1eadt cho c\u1ea3m gi\u00e1c hi\u1ec7n \u0111\u1ea1i.<\/p>\n<\/figcaption><\/figure>\n<\/p><\/div>\n<section data-wtai-block-id=\"wtai_product_description_faqs\" class=\"wtai-section wtai-faqs-section\">\n<h2>Gi\u1ea3i \u0110\u00e1p Th\u1eafc M\u1eafc Th\u01b0\u1eddng G\u1eb7p<\/h2>\n<p><strong>Aquaflask C\u1ed1c Gi\u1eef Nhi\u1ec7t gi\u1eef n\u00f3ng hay l\u1ea1nh \u0111\u01b0\u1ee3c trong bao l\u00e2u?<\/strong> <br \/> C\u1ed1c c\u00f3 kh\u1ea3 n\u0103ng gi\u1eef l\u1ea1nh \u0111\u1ebfn 12 gi\u1edd v\u00e0 gi\u1eef n\u00f3ng l\u00ean \u0111\u1ebfn 8 gi\u1edd nh\u1edd c\u00f4ng ngh\u1ec7 c\u00e1ch nhi\u1ec7t hai l\u1edbp ch\u00e2n kh\u00f4ng.<\/p>\n<p><strong>C\u1ed1c n\u00e0y c\u00f3 b\u1ecb r\u00f2 r\u1ec9 n\u01b0\u1edbc khi b\u1ecf v\u00e0o balo ho\u1eb7c t\u00fai x\u00e1ch kh\u00f4ng?<\/strong> <br \/> C\u1ed1c thi\u1ebft k\u1ebf n\u1eafp kh\u00f3a k\u00edn gi\u00fap ch\u1ed1ng r\u00f2 r\u1ec9, \u0111\u1ea3m b\u1ea3o an to\u00e0n khi di chuy\u1ec3n ho\u1eb7c \u0111\u1ec3 trong t\u00fai x\u00e1ch.<\/p>\n<p><strong>C\u00f3 th\u1ec3 \u0111\u1ec3 c\u00e0 ph\u00ea n\u00f3ng, n\u01b0\u1edbc ng\u1ecdt c\u00f3 gas, n\u01b0\u1edbc \u0111\u00e1 trong Aquaflask kh\u00f4ng?<\/strong> <br \/> C\u00f3 th\u1ec3 s\u1eed d\u1ee5ng cho nhi\u1ec1u lo\u1ea1i th\u1ee9c u\u1ed1ng nh\u01b0 c\u00e0 ph\u00ea n\u00f3ng, n\u01b0\u1edbc l\u1ea1nh, n\u01b0\u1edbc ng\u1ecdt c\u00f3 gas v\u00e0 n\u01b0\u1edbc \u0111\u00e1 m\u00e0 kh\u00f4ng \u1ea3nh h\u01b0\u1edfng ch\u1ea5t li\u1ec7u c\u1ed1c.<\/p>\n<p><strong>V\u1ec7 sinh Aquaflask c\u00f3 kh\u00f3 kh\u00f4ng, c\u00f3 th\u1ec3 r\u1eeda b\u1eb1ng m\u00e1y r\u1eeda ch\u00e9n kh\u00f4ng?<\/strong> <br \/> C\u1ed1c c\u00f3 th\u1ec3 v\u1ec7 sinh d\u1ec5 d\u00e0ng b\u1eb1ng tay v\u1edbi b\u00e0n ch\u1ea3i chuy\u00ean d\u1ee5ng cho b\u00ecnh gi\u1eef nhi\u1ec7t. N\u00ean r\u1eeda b\u1eb1ng tay \u0111\u1ec3 b\u1ea3o v\u1ec7 l\u1edbp s\u01a1n t\u0129nh \u0111i\u1ec7n v\u00e0 t\u0103ng \u0111\u1ed9 b\u1ec1n c\u1ee7a s\u1ea3n ph\u1ea9m.<\/p>\n<p><strong>Ch\u1ea5t li\u1ec7u b\u00ean trong c\u1ed1c c\u00f3 an to\u00e0n cho s\u1ee9c kh\u1ecfe kh\u00f4ng?<\/strong> <br \/> L\u00f2ng c\u1ed1c l\u00e0m t\u1eeb th\u00e9p kh\u00f4ng g\u1ec9 304 \u0111\u1ea1t chu\u1ea9n th\u1ef1c ph\u1ea9m, kh\u00f4ng ch\u1ee9a BPA, tuy\u1ec7t \u0111\u1ed1i an to\u00e0n cho s\u1ee9c kh\u1ecfe khi s\u1eed d\u1ee5ng l\u00e2u d\u00e0i.<\/p>\n<\/section>\n<section data-wtai-block-id=\"wtai_product_description_conclusion\" class=\"wtai-section wtai-conclusion-section\">\n<h2>S\u1edf H\u1eefu Aquaflask C\u1ed1c Gi\u1eef Nhi\u1ec7t Ngay H\u00f4m Nay<\/h2>\n<p><strong>Aquaflask C\u1ed1c Gi\u1eef Nhi\u1ec7t mang \u0111\u1ebfn gi\u1ea3i ph\u00e1p t\u1ed1i \u01b0u v\u1ec1 vi\u1ec7c gi\u1eef nhi\u1ec7t, gi\u00fap b\u1ea1n t\u1eadn h\u01b0\u1edfng c\u00e1c lo\u1ea1i th\u1ee9c u\u1ed1ng y\u00eau th\u00edch \u1edf b\u1ea5t k\u1ef3 n\u01a1i \u0111\u00e2u.<\/strong> <strong>Thi\u1ebft k\u1ebf hi\u1ec7n \u0111\u1ea1i, ch\u1eafc ch\u1eafn v\u00e0 d\u1ec5 s\u1eed d\u1ee5ng, ph\u00f9 h\u1ee3p cho m\u1ecdi \u0111\u1ed1i t\u01b0\u1ee3ng trong cu\u1ed9c s\u1ed1ng h\u00e0ng ng\u00e0y ho\u1eb7c c\u00f4ng vi\u1ec7c.<\/strong> <strong>Ch\u1ecdn Aquaflask \u0111\u1ec3 b\u1ea3o v\u1ec7 s\u1ee9c kh\u1ecfe, ti\u1ebft ki\u1ec7m chi ph\u00ed v\u00e0 g\u00f3p ph\u1ea7n gi\u1ea3m r\u00e1c th\u1ea3i ra m\u00f4i tr\u01b0\u1eddng. \u0110\u00e2y ch\u00ednh l\u00e0 ng\u01b0\u1eddi b\u1ea1n \u0111\u1ed3ng h\u00e0nh kh\u00f4ng th\u1ec3 thi\u1ebfu cho l\u1ed1i s\u1ed1ng n\u0103ng \u0111\u1ed9ng.<\/strong> <strong>\u0110\u1eebng ch\u1ea7n ch\u1eeb \u0111\u1ec3 c\u1ea3m nh\u1eadn s\u1ef1 kh\u00e1c bi\u1ec7t t\u1eeb Aquaflask \u2013 l\u1ef1a ch\u1ecdn t\u1ed1i \u01b0u cho ng\u00e0y m\u1edbi th\u00eam tr\u1ecdn v\u1eb9n.<\/strong><\/p>\n<\/section>\n","protected":false},"excerpt":{"rendered":"<div data-wtai-block-id=\"wtai_excerpt_subtitle\" class=\"wtai-section wtai-subtitle-section\">\n<p><em><strong>Lu\u00f4n gi\u1eef \u0111\u1ed3 u\u1ed1ng t\u01b0\u01a1i ngon v\u1edbi thi\u1ebft k\u1ebf c\u00e1ch nhi\u1ec7t hi\u1ec7n \u0111\u1ea1i.<\/strong><\/em><\/p>\n<\/p><\/div>\n<div data-wtai-block-id=\"wtai_excerpt_introduction\" class=\"wtai-section wtai-introduction-section\">\n<p>Ng\u01b0\u1eddi hi\u1ec7n \u0111\u1ea1i ai c\u0169ng mong mu\u1ed1n s\u1ef1 linh ho\u1ea1t v\u00e0 ti\u1ec7n l\u1ee3i trong t\u1eebng kho\u1ea3nh kh\u1eafc s\u1ed1ng. Aquaflask C\u1ed1c Gi\u1eef Nhi\u1ec7t l\u00e0 l\u1ef1a ch\u1ecdn t\u1ed1i \u01b0u d\u00e0nh cho nh\u1eefng ai c\u1ea7n duy tr\u00ec nhi\u1ec7t \u0111\u1ed9 l\u00fd t\u01b0\u1edfng cho \u0111\u1ed3 u\u1ed1ng su\u1ed1t ng\u00e0y d\u00e0i, d\u00f9 c\u00e0 ph\u00ea s\u00e1ng hay n\u01b0\u1edbc gi\u1ea3i kh\u00e1t gi\u1eefa nh\u1eefng gi\u1edd v\u1eadn \u0111\u1ed9ng. Ki\u1ec3u d\u00e1ng hi\u1ec7n \u0111\u1ea1i, m\u00e0u xanh r\u00eau n\u1ed5i b\u1eadt c\u00f9ng ch\u1ea5t li\u1ec7u th\u00e9p kh\u00f4ng g\u1ec9 sang tr\u1ecdng t\u1ea1o n\u00ean s\u1ea3n ph\u1ea9m \u0111\u1ed3ng h\u00e0nh v\u1eefng ch\u1eafc cho m\u1ecdi ho\u1ea1t \u0111\u1ed9ng. C\u1ea3m h\u1ee9ng t\u1eeb s\u1ef1 n\u0103ng \u0111\u1ed9ng, t\u1eebng chi ti\u1ebft \u0111\u1ec1u h\u01b0\u1edbng \u0111\u1ebfn tr\u1ea3i nghi\u1ec7m th\u1ef1c t\u1ebf v\u00e0 s\u1ef1 t\u1ef1 tin trong nh\u1ecbp s\u1ed1ng h\u1ed1i h\u1ea3.<\/p>\n<\/p><\/div>\n","protected":false},"featured_media":23709,"comment_status":"open","ping_status":"closed","template":"","meta":[],"product_brand":[],"product_cat":[264],"product_tag":[],"class_list":{"0":"post-35549","1":"product","2":"type-product","3":"status-publish","4":"has-post-thumbnail","6":"product_cat-the-thao-da-ngoai","8":"first","9":"instock","10":"shipping-taxable","11":"purchasable","12":"product-type-variable"},"bundled_by":["244449"],"bundle_stock_status":"instock","bundle_stock_quantity":null,"bundle_virtual":false,"bundle_layout":"","bundle_add_to_cart_form_location":"","bundle_editable_in_cart":false,"bundle_sold_individually_context":"","bundle_item_grouping":"","bundle_min_size":"","bundle_max_size":"","bundle_price":[],"bundled_items":[],"bundle_sell_ids":[],"yoast_head":"<!-- This site is optimized with the Yoast SEO plugin v25.2 - https:\/\/yoast.com\/wordpress\/plugins\/seo\/ -->\n<title>Top-Rated Aquaflask C\u1ed1c Gi\u1eef Nhi\u1ec7t Sang Tr\u1ecdng Gi\u1eef Nhi\u1ec7t \u0110\u1ec9nh Cao<\/title>\n<meta name=\"description\" content=\"Ch\u1ea5t l\u01b0\u1ee3ng gia t\u0103ng tr\u1ea3i nghi\u1ec7m th\u01b0\u1edfng th\u1ee9c nh\u1edd Aquaflask C\u1ed1c Gi\u1eef Nhi\u1ec7t gi\u1eef n\u00f3ng l\u1ea1nh t\u1ed1i \u01b0u, thi\u1ebft k\u1ebf b\u1ec1n \u0111\u1eb9p, ti\u1ec7n l\u1ee3i khi di chuy\u1ec3n v\u00e0 th\u00e2n thi\u1ec7n m\u00f4i tr\u01b0\u1eddng.\" \/>\n<meta name=\"robots\" content=\"index, follow, max-snippet:-1, max-image-preview:large, max-video-preview:-1\" \/>\n<link rel=\"canonical\" href=\"https:\/\/demostore.ai\/vi\/san-pham\/aquaflask-coc-giu-nhiet\/\" \/>\n<meta property=\"og:type\" content=\"article\" \/>\n<meta property=\"og:title\" content=\"Top-Rated Aquaflask C\u1ed1c Gi\u1eef Nhi\u1ec7t Sang Tr\u1ecdng Gi\u1eef Nhi\u1ec7t \u0110\u1ec9nh Cao\" \/>\n<meta property=\"og:description\" content=\"S\u1ef1 ch\u1ecdn l\u1ef1a hi\u1ec7n \u0111\u1ea1i cho m\u1ecdi l\u1ee9a tu\u1ed5i v\u1edbi Aquaflask C\u1ed1c Gi\u1eef Nhi\u1ec7t mang \u0111\u1ebfn kh\u1ea3 n\u0103ng gi\u1eef nhi\u1ec7t b\u1ec1n b\u1ec9, thi\u1ebft k\u1ebf ch\u1eafc ch\u1eafn v\u00e0 ch\u1ed1ng r\u00f2 r\u1ec9, ph\u00f9 h\u1ee3p s\u1eed d\u1ee5ng trong m\u1ecdi ho\u00e0n c\u1ea3nh.\" \/>\n<meta property=\"og:url\" content=\"https:\/\/demostore.ai\/vi\/san-pham\/aquaflask-coc-giu-nhiet\/\" \/>\n<meta property=\"og:site_name\" content=\"Trendy Thread\" \/>\n<meta property=\"article:modified_time\" content=\"2026-02-18T02:36:06+00:00\" \/>\n<meta property=\"og:image\" content=\"https:\/\/demostore.ai\/wp-content\/uploads\/2025\/06\/Reusable-water-bottle-1.png\" \/>\n\t<meta property=\"og:image:width\" content=\"1000\" \/>\n\t<meta property=\"og:image:height\" content=\"1000\" \/>\n\t<meta property=\"og:image:type\" content=\"image\/png\" \/>\n<meta name=\"twitter:card\" content=\"summary_large_image\" \/>\n<meta name=\"twitter:title\" content=\"Top-Rated Aquaflask C\u1ed1c Gi\u1eef Nhi\u1ec7t Sang Tr\u1ecdng Gi\u1eef Nhi\u1ec7t \u0110\u1ec9nh Cao\" \/>\n<meta name=\"twitter:description\" content=\"S\u1ef1 ch\u1ecdn l\u1ef1a hi\u1ec7n \u0111\u1ea1i cho m\u1ecdi l\u1ee9a tu\u1ed5i v\u1edbi Aquaflask C\u1ed1c Gi\u1eef Nhi\u1ec7t mang \u0111\u1ebfn kh\u1ea3 n\u0103ng gi\u1eef nhi\u1ec7t b\u1ec1n b\u1ec9, thi\u1ebft k\u1ebf ch\u1eafc ch\u1eafn v\u00e0 ch\u1ed1ng r\u00f2 r\u1ec9, ph\u00f9 h\u1ee3p s\u1eed d\u1ee5ng trong m\u1ecdi ho\u00e0n c\u1ea3nh.\" \/>\n<meta name=\"twitter:label1\" content=\"\u01af\u1edbc t\u00ednh th\u1eddi gian \u0111\u1ecdc\" \/>\n\t<meta name=\"twitter:data1\" content=\"1 ph\u00fat\" \/>\n<script type=\"application\/ld+json\" class=\"yoast-schema-graph\">{\"@context\":\"https:\/\/schema.org\",\"@graph\":[{\"@type\":\"WebPage\",\"@id\":\"https:\/\/demostore.ai\/vi\/san-pham\/aquaflask-coc-giu-nhiet\/\",\"url\":\"https:\/\/demostore.ai\/vi\/san-pham\/aquaflask-coc-giu-nhiet\/\",\"name\":\"Top-Rated Aquaflask C\u1ed1c Gi\u1eef Nhi\u1ec7t Sang Tr\u1ecdng Gi\u1eef Nhi\u1ec7t \u0110\u1ec9nh Cao\",\"isPartOf\":{\"@id\":\"https:\/\/demostore.ai\/vi\/#website\"},\"primaryImageOfPage\":{\"@id\":\"https:\/\/demostore.ai\/vi\/san-pham\/aquaflask-coc-giu-nhiet\/#primaryimage\"},\"image\":{\"@id\":\"https:\/\/demostore.ai\/vi\/san-pham\/aquaflask-coc-giu-nhiet\/#primaryimage\"},\"thumbnailUrl\":\"https:\/\/demostore.ai\/wp-content\/uploads\/2025\/06\/Reusable-water-bottle-1.png\",\"datePublished\":\"2025-06-16T01:14:12+00:00\",\"dateModified\":\"2026-02-18T02:36:06+00:00\",\"description\":\"Ch\u1ea5t l\u01b0\u1ee3ng gia t\u0103ng tr\u1ea3i nghi\u1ec7m th\u01b0\u1edfng th\u1ee9c nh\u1edd Aquaflask C\u1ed1c Gi\u1eef Nhi\u1ec7t gi\u1eef n\u00f3ng l\u1ea1nh t\u1ed1i \u01b0u, thi\u1ebft k\u1ebf b\u1ec1n \u0111\u1eb9p, ti\u1ec7n l\u1ee3i khi di chuy\u1ec3n v\u00e0 th\u00e2n thi\u1ec7n m\u00f4i tr\u01b0\u1eddng.\",\"breadcrumb\":{\"@id\":\"https:\/\/demostore.ai\/vi\/san-pham\/aquaflask-coc-giu-nhiet\/#breadcrumb\"},\"inLanguage\":\"vi\",\"potentialAction\":[{\"@type\":\"ReadAction\",\"target\":[\"https:\/\/demostore.ai\/vi\/san-pham\/aquaflask-coc-giu-nhiet\/\"]}]},{\"@type\":\"ImageObject\",\"inLanguage\":\"vi\",\"@id\":\"https:\/\/demostore.ai\/vi\/san-pham\/aquaflask-coc-giu-nhiet\/#primaryimage\",\"url\":\"https:\/\/demostore.ai\/wp-content\/uploads\/2025\/06\/Reusable-water-bottle-1.png\",\"contentUrl\":\"https:\/\/demostore.ai\/wp-content\/uploads\/2025\/06\/Reusable-water-bottle-1.png\",\"width\":1000,\"height\":1000,\"caption\":\"C\u1ed1c gi\u1eef nhi\u1ec7t Aquaflask m\u00e0u xanh r\u00eau, n\u1eafp \u0111en, logo v\u00e0 t\u00ean th\u01b0\u01a1ng hi\u1ec7u in tr\u1eafng.\"},{\"@type\":\"BreadcrumbList\",\"@id\":\"https:\/\/demostore.ai\/vi\/san-pham\/aquaflask-coc-giu-nhiet\/#breadcrumb\",\"itemListElement\":[{\"@type\":\"ListItem\",\"position\":1,\"name\":\"Trang ch\u1ee7\",\"item\":\"https:\/\/demostore.ai\/vi\/\"},{\"@type\":\"ListItem\",\"position\":2,\"name\":\"C\u1eeda h\u00e0ng\",\"item\":\"https:\/\/demostore.ai\/vi\/cua-hang\/\"},{\"@type\":\"ListItem\",\"position\":3,\"name\":\"Aquaflask C\u1ed1c Gi\u1eef Nhi\u1ec7t\"}]},{\"@type\":\"WebSite\",\"@id\":\"https:\/\/demostore.ai\/vi\/#website\",\"url\":\"https:\/\/demostore.ai\/vi\/\",\"name\":\"Trendy Thread\",\"description\":\"C\u1eeda h\u00e0ng demo WriteText.ai\",\"publisher\":{\"@id\":\"https:\/\/demostore.ai\/vi\/#organization\"},\"potentialAction\":[{\"@type\":\"SearchAction\",\"target\":{\"@type\":\"EntryPoint\",\"urlTemplate\":\"https:\/\/demostore.ai\/vi\/?s={search_term_string}\"},\"query-input\":{\"@type\":\"PropertyValueSpecification\",\"valueRequired\":true,\"valueName\":\"search_term_string\"}}],\"inLanguage\":\"vi\"},{\"@type\":\"Organization\",\"@id\":\"https:\/\/demostore.ai\/vi\/#organization\",\"name\":\"WriteText.ai\",\"url\":\"https:\/\/demostore.ai\/vi\/\",\"logo\":{\"@type\":\"ImageObject\",\"inLanguage\":\"vi\",\"@id\":\"https:\/\/demostore.ai\/vi\/#\/schema\/logo\/image\/\",\"url\":\"https:\/\/demostore.ai\/wp-content\/uploads\/2025\/10\/writetext_logo.webp\",\"contentUrl\":\"https:\/\/demostore.ai\/wp-content\/uploads\/2025\/10\/writetext_logo.webp\",\"width\":200,\"height\":34,\"caption\":\"WriteText.ai\"},\"image\":{\"@id\":\"https:\/\/demostore.ai\/vi\/#\/schema\/logo\/image\/\"}}]}<\/script>\n<!-- \/ Yoast SEO plugin. -->","yoast_head_json":{"title":"Top-Rated Aquaflask C\u1ed1c Gi\u1eef Nhi\u1ec7t Sang Tr\u1ecdng Gi\u1eef Nhi\u1ec7t \u0110\u1ec9nh Cao","description":"Ch\u1ea5t l\u01b0\u1ee3ng gia t\u0103ng tr\u1ea3i nghi\u1ec7m th\u01b0\u1edfng th\u1ee9c nh\u1edd Aquaflask C\u1ed1c Gi\u1eef Nhi\u1ec7t gi\u1eef n\u00f3ng l\u1ea1nh t\u1ed1i \u01b0u, thi\u1ebft k\u1ebf b\u1ec1n \u0111\u1eb9p, ti\u1ec7n l\u1ee3i khi di chuy\u1ec3n v\u00e0 th\u00e2n thi\u1ec7n m\u00f4i tr\u01b0\u1eddng.","robots":{"index":"index","follow":"follow","max-snippet":"max-snippet:-1","max-image-preview":"max-image-preview:large","max-video-preview":"max-video-preview:-1"},"canonical":"https:\/\/demostore.ai\/vi\/san-pham\/aquaflask-coc-giu-nhiet\/","og_type":"article","og_title":"Top-Rated Aquaflask C\u1ed1c Gi\u1eef Nhi\u1ec7t Sang Tr\u1ecdng Gi\u1eef Nhi\u1ec7t \u0110\u1ec9nh Cao","og_description":"S\u1ef1 ch\u1ecdn l\u1ef1a hi\u1ec7n \u0111\u1ea1i cho m\u1ecdi l\u1ee9a tu\u1ed5i v\u1edbi Aquaflask C\u1ed1c Gi\u1eef Nhi\u1ec7t mang \u0111\u1ebfn kh\u1ea3 n\u0103ng gi\u1eef nhi\u1ec7t b\u1ec1n b\u1ec9, thi\u1ebft k\u1ebf ch\u1eafc ch\u1eafn v\u00e0 ch\u1ed1ng r\u00f2 r\u1ec9, ph\u00f9 h\u1ee3p s\u1eed d\u1ee5ng trong m\u1ecdi ho\u00e0n c\u1ea3nh.","og_url":"https:\/\/demostore.ai\/vi\/san-pham\/aquaflask-coc-giu-nhiet\/","og_site_name":"Trendy Thread","article_modified_time":"2026-02-18T02:36:06+00:00","og_image":[{"width":1000,"height":1000,"url":"https:\/\/demostore.ai\/wp-content\/uploads\/2025\/06\/Reusable-water-bottle-1.png","type":"image\/png"}],"twitter_card":"summary_large_image","twitter_title":"Top-Rated Aquaflask C\u1ed1c Gi\u1eef Nhi\u1ec7t Sang Tr\u1ecdng Gi\u1eef Nhi\u1ec7t \u0110\u1ec9nh Cao","twitter_description":"S\u1ef1 ch\u1ecdn l\u1ef1a hi\u1ec7n \u0111\u1ea1i cho m\u1ecdi l\u1ee9a tu\u1ed5i v\u1edbi Aquaflask C\u1ed1c Gi\u1eef Nhi\u1ec7t mang \u0111\u1ebfn kh\u1ea3 n\u0103ng gi\u1eef nhi\u1ec7t b\u1ec1n b\u1ec9, thi\u1ebft k\u1ebf ch\u1eafc ch\u1eafn v\u00e0 ch\u1ed1ng r\u00f2 r\u1ec9, ph\u00f9 h\u1ee3p s\u1eed d\u1ee5ng trong m\u1ecdi ho\u00e0n c\u1ea3nh.","twitter_misc":{"\u01af\u1edbc t\u00ednh th\u1eddi gian \u0111\u1ecdc":"1 ph\u00fat"},"schema":{"@context":"https:\/\/schema.org","@graph":[{"@type":"WebPage","@id":"https:\/\/demostore.ai\/vi\/san-pham\/aquaflask-coc-giu-nhiet\/","url":"https:\/\/demostore.ai\/vi\/san-pham\/aquaflask-coc-giu-nhiet\/","name":"Top-Rated Aquaflask C\u1ed1c Gi\u1eef Nhi\u1ec7t Sang Tr\u1ecdng Gi\u1eef Nhi\u1ec7t \u0110\u1ec9nh Cao","isPartOf":{"@id":"https:\/\/demostore.ai\/vi\/#website"},"primaryImageOfPage":{"@id":"https:\/\/demostore.ai\/vi\/san-pham\/aquaflask-coc-giu-nhiet\/#primaryimage"},"image":{"@id":"https:\/\/demostore.ai\/vi\/san-pham\/aquaflask-coc-giu-nhiet\/#primaryimage"},"thumbnailUrl":"https:\/\/demostore.ai\/wp-content\/uploads\/2025\/06\/Reusable-water-bottle-1.png","datePublished":"2025-06-16T01:14:12+00:00","dateModified":"2026-02-18T02:36:06+00:00","description":"Ch\u1ea5t l\u01b0\u1ee3ng gia t\u0103ng tr\u1ea3i nghi\u1ec7m th\u01b0\u1edfng th\u1ee9c nh\u1edd Aquaflask C\u1ed1c Gi\u1eef Nhi\u1ec7t gi\u1eef n\u00f3ng l\u1ea1nh t\u1ed1i \u01b0u, thi\u1ebft k\u1ebf b\u1ec1n \u0111\u1eb9p, ti\u1ec7n l\u1ee3i khi di chuy\u1ec3n v\u00e0 th\u00e2n thi\u1ec7n m\u00f4i tr\u01b0\u1eddng.","breadcrumb":{"@id":"https:\/\/demostore.ai\/vi\/san-pham\/aquaflask-coc-giu-nhiet\/#breadcrumb"},"inLanguage":"vi","potentialAction":[{"@type":"ReadAction","target":["https:\/\/demostore.ai\/vi\/san-pham\/aquaflask-coc-giu-nhiet\/"]}]},{"@type":"ImageObject","inLanguage":"vi","@id":"https:\/\/demostore.ai\/vi\/san-pham\/aquaflask-coc-giu-nhiet\/#primaryimage","url":"https:\/\/demostore.ai\/wp-content\/uploads\/2025\/06\/Reusable-water-bottle-1.png","contentUrl":"https:\/\/demostore.ai\/wp-content\/uploads\/2025\/06\/Reusable-water-bottle-1.png","width":1000,"height":1000,"caption":"C\u1ed1c gi\u1eef nhi\u1ec7t Aquaflask m\u00e0u xanh r\u00eau, n\u1eafp \u0111en, logo v\u00e0 t\u00ean th\u01b0\u01a1ng hi\u1ec7u in tr\u1eafng."},{"@type":"BreadcrumbList","@id":"https:\/\/demostore.ai\/vi\/san-pham\/aquaflask-coc-giu-nhiet\/#breadcrumb","itemListElement":[{"@type":"ListItem","position":1,"name":"Trang ch\u1ee7","item":"https:\/\/demostore.ai\/vi\/"},{"@type":"ListItem","position":2,"name":"C\u1eeda h\u00e0ng","item":"https:\/\/demostore.ai\/vi\/cua-hang\/"},{"@type":"ListItem","position":3,"name":"Aquaflask C\u1ed1c Gi\u1eef Nhi\u1ec7t"}]},{"@type":"WebSite","@id":"https:\/\/demostore.ai\/vi\/#website","url":"https:\/\/demostore.ai\/vi\/","name":"Trendy Thread","description":"C\u1eeda h\u00e0ng demo WriteText.ai","publisher":{"@id":"https:\/\/demostore.ai\/vi\/#organization"},"potentialAction":[{"@type":"SearchAction","target":{"@type":"EntryPoint","urlTemplate":"https:\/\/demostore.ai\/vi\/?s={search_term_string}"},"query-input":{"@type":"PropertyValueSpecification","valueRequired":true,"valueName":"search_term_string"}}],"inLanguage":"vi"},{"@type":"Organization","@id":"https:\/\/demostore.ai\/vi\/#organization","name":"WriteText.ai","url":"https:\/\/demostore.ai\/vi\/","logo":{"@type":"ImageObject","inLanguage":"vi","@id":"https:\/\/demostore.ai\/vi\/#\/schema\/logo\/image\/","url":"https:\/\/demostore.ai\/wp-content\/uploads\/2025\/10\/writetext_logo.webp","contentUrl":"https:\/\/demostore.ai\/wp-content\/uploads\/2025\/10\/writetext_logo.webp","width":200,"height":34,"caption":"WriteText.ai"},"image":{"@id":"https:\/\/demostore.ai\/vi\/#\/schema\/logo\/image\/"}}]}},"_links":{"self":[{"href":"https:\/\/demostore.ai\/vi\/wp-json\/wp\/v2\/product\/35549","targetHints":{"allow":["GET"]}}],"collection":[{"href":"https:\/\/demostore.ai\/vi\/wp-json\/wp\/v2\/product"}],"about":[{"href":"https:\/\/demostore.ai\/vi\/wp-json\/wp\/v2\/types\/product"}],"replies":[{"embeddable":true,"href":"https:\/\/demostore.ai\/vi\/wp-json\/wp\/v2\/comments?post=35549"}],"wp:featuredmedia":[{"embeddable":true,"href":"https:\/\/demostore.ai\/vi\/wp-json\/wp\/v2\/media\/23709"}],"wp:attachment":[{"href":"https:\/\/demostore.ai\/vi\/wp-json\/wp\/v2\/media?parent=35549"}],"wp:term":[{"taxonomy":"product_brand","embeddable":true,"href":"https:\/\/demostore.ai\/vi\/wp-json\/wp\/v2\/product_brand?post=35549"},{"taxonomy":"product_cat","embeddable":true,"href":"https:\/\/demostore.ai\/vi\/wp-json\/wp\/v2\/product_cat?post=35549"},{"taxonomy":"product_tag","embeddable":true,"href":"https:\/\/demostore.ai\/vi\/wp-json\/wp\/v2\/product_tag?post=35549"}],"curies":[{"name":"wp","href":"https:\/\/api.w.org\/{rel}","templated":true}]}}