{"id":35522,"date":"2025-06-13T08:55:56","date_gmt":"2025-06-13T00:55:56","guid":{"rendered":"https:\/\/demostore.ai\/?post_type=product&#038;p=35522"},"modified":"2026-02-17T17:57:38","modified_gmt":"2026-02-17T09:57:38","slug":"dazzle-me-get-a-grip-xit-khoa-nen","status":"publish","type":"product","link":"https:\/\/demostore.ai\/vi\/san-pham\/dazzle-me-get-a-grip-xit-khoa-nen\/","title":{"rendered":"Dazzle Me Get a Grip! X\u1ecbt Kh\u00f3a N\u1ec1n"},"content":{"rendered":"<section data-wtai-block-id=\"wtai_product_description_features\" class=\"wtai-section wtai-features-section\">\n<h2>\u0110i\u1ec3m N\u1ed5i B\u1eadt S\u1ea3n Ph\u1ea9m<\/h2>\n<ul>\n<li><strong>Gi\u1eef l\u1edbp n\u1ec1n \u0111\u1ebfn 24 gi\u1edd<\/strong> gi\u00fap l\u1edbp trang \u0111i\u1ec3m lu\u00f4n t\u01b0\u01a1i m\u1edbi kh\u00f4ng lo tr\u00f4i su\u1ed1t ng\u00e0y d\u00e0i.<\/li>\n<li><strong>B\u1ea3o v\u1ec7 tr\u01b0\u1edbc d\u1ea7u, m\u1ed3 h\u00f4i v\u00e0 n\u01b0\u1edbc<\/strong> gi\u00fap l\u1edbp makeup l\u00e2u phai v\u00e0 b\u1ec1n m\u00e0u khi ho\u1ea1t \u0111\u1ed9ng c\u1ea3 trong nh\u00e0 v\u00e0 ngo\u00e0i tr\u1eddi.<\/li>\n<li><strong>Cung c\u1ea5p \u0111\u1ed9 \u1ea9m t\u1ee9c th\u00ec<\/strong>, mang l\u1ea1i c\u1ea3m gi\u00e1c c\u0103ng m\u1ecdng, h\u1ea1n ch\u1ebf t\u00ecnh tr\u1ea1ng n\u1ec1n b\u1ecb m\u1ed1c ho\u1eb7c bong tr\u00f3c.<\/li>\n<li><strong>Ph\u00f9 h\u1ee3p m\u1ecdi lo\u1ea1i da<\/strong>, \u0111\u1eb7c bi\u1ec7t da d\u1ea7u hay h\u1ed7n h\u1ee3p d\u1ea7u nh\u1edd c\u00e2n b\u1eb1ng l\u01b0\u1ee3ng n\u01b0\u1edbc v\u00e0 d\u1ea7u tr\u00ean da.<\/li>\n<li><strong>Phun s\u01b0\u01a1ng si\u00eau m\u1ecbn<\/strong> h\u1ed7 tr\u1ee3 l\u1edbp n\u1ec1n ti\u1ec7p v\u00e0o da t\u1ef1 nhi\u00ean kh\u00f4ng l\u00e0m lem hay x\u00ea d\u1ecbch trang \u0111i\u1ec3m.<\/li>\n<li><strong>Ch\u1ee9a th\u00e0nh ph\u1ea7n Hyaluronic Acid<\/strong> t\u0103ng c\u01b0\u1eddng d\u01b0\u1ee1ng \u1ea9m, l\u00e0m d\u1ecbu v\u00e0 gi\u1eef \u1ea9m cho da su\u1ed1t th\u1eddi gian s\u1eed d\u1ee5ng.<\/li>\n<li><strong>Chi\u1ebft xu\u1ea5t Centella v\u00e0 hoa h\u1ed3ng<\/strong> gi\u00fap l\u00e0m d\u1ecbu, b\u1ea3o v\u1ec7 da kh\u1ecfi t\u00e1c nh\u00e2n m\u00f4i tr\u01b0\u1eddng.<\/li>\n<li><strong>Dung t\u00edch ti\u1ec7n l\u1ee3i 60 ml<\/strong>, thi\u1ebft k\u1ebf chai nh\u1ecf g\u1ecdn d\u1ec5 d\u00e0ng mang theo trong t\u00fai x\u00e1ch.<\/li>\n<\/ul>\n<\/section>\n<div data-wtai-block-id=\"wtai_product_description_image_1753694499291\" class=\"wtai-section wtai-image_1753694499291-section\">\n<figure class=\"wtai-image-p wtai-align-center\" style=\"text-align:center\"><img decoding=\"async\" src=\"https:\/\/demostore.ai\/wp-content\/uploads\/2025\/06\/Setting-Spray-4-scaled-1-600x600.png\" alt=\"Chai x\u1ecbt kh\u00f3a n\u1ec1n Dazzle Me Get a Grip! Dewy Fix m\u00e0u v\u00e0ng, k\u00e8m hai chi\u1ebfc l\u00e1 trang tr\u00ed.\" srcset=\"https:\/\/demostore.ai\/wp-content\/uploads\/2025\/06\/Setting-Spray-4-scaled-1.png 1000w, https:\/\/demostore.ai\/wp-content\/uploads\/2025\/06\/Setting-Spray-4-scaled-1-300x300.png 300w, https:\/\/demostore.ai\/wp-content\/uploads\/2025\/06\/Setting-Spray-4-scaled-1-150x150.png 150w, https:\/\/demostore.ai\/wp-content\/uploads\/2025\/06\/Setting-Spray-4-scaled-1-768x768.png 768w, https:\/\/demostore.ai\/wp-content\/uploads\/2025\/06\/Setting-Spray-4-scaled-1-600x600.png 600w, https:\/\/demostore.ai\/wp-content\/uploads\/2025\/06\/Setting-Spray-4-scaled-1-250x250.png 250w\"><figcaption>\n<p>Thi\u1ebft k\u1ebf v\u1ecf chai m\u00e0u v\u00e0ng neon n\u1ed5i b\u1eadt, k\u1ebft h\u1ee3p v\u1edbi nh\u00e1nh l\u00e1 xanh m\u00e1t t\u01b0\u01a1i tr\u1ebb.<\/p>\n<\/figcaption><\/figure>\n<\/p><\/div>\n<section data-wtai-block-id=\"wtai_product_description_benefits\" class=\"wtai-section wtai-benefits-section\">\n<h2>L\u00fd Do B\u1ea1n S\u1ebd Y\u00eau Th\u00edch<\/h2>\n<ul>\n<li>L\u00e0n da lu\u00f4n c\u0103ng m\u01b0\u1edbt, r\u1ea1ng r\u1ee1 ngay c\u1ea3 khi l\u1edbp n\u1ec1n ph\u1ea3i b\u00e1m l\u00e2u.<\/li>\n<li>T\u1ef1 tin di chuy\u1ec3n c\u1ea3 ng\u00e0y m\u00e0 kh\u00f4ng s\u1ee3 n\u1ec1n lem nhem hay xu\u1ed1ng t\u00f4ng.<\/li>\n<li>Gi\u00fap l\u1edbp trang \u0111i\u1ec3m tr\u1edf n\u00ean t\u1ef1 nhi\u00ean, kh\u00f4ng b\u1ecb d\u00e0y hay b\u1ebft.<\/li>\n<li>Nh\u1eb9 d\u1ecbu cho da, kh\u00f4ng g\u00e2y b\u00ed hay n\u1eb7ng m\u1eb7t khi s\u1eed d\u1ee5ng th\u01b0\u1eddng xuy\u00ean.<\/li>\n<li>Lu\u00f4n s\u1eb5n s\u00e0ng th\u1eadt cu\u1ed1n h\u00fat d\u00f9 \u1edf b\u1ea5t c\u1ee9 \u0111\u00e2u, b\u1ea5t c\u1ee9 l\u00fac n\u00e0o.<\/li>\n<\/ul>\n<\/section>\n<section data-wtai-block-id=\"wtai_product_description_use_cases\" class=\"wtai-section wtai-use_cases-section\">\n<h3>C\u00e1ch D\u00f9ng Trong Chu Tr\u00ecnh L\u00e0m \u0110\u1eb9p<\/h3>\n<ol>\n<li>L\u1eafc \u0111\u1ec1u chai tr\u01b0\u1edbc khi s\u1eed d\u1ee5ng \u0111\u1ec3 dung d\u1ecbch h\u00f2a quy\u1ec7n.<\/li>\n<li>Sau khi ho\u00e0n thi\u1ec7n trang \u0111i\u1ec3m, nh\u1eafm m\u1eaft v\u00e0 gi\u1eef chai c\u00e1ch m\u1eb7t kho\u1ea3ng 20 cm.<\/li>\n<li>X\u1ecbt \u0111\u1ec1u kh\u1eafp g\u01b0\u01a1ng m\u1eb7t theo h\u00ecnh ch\u1eef X v\u00e0 ch\u1eef T.<\/li>\n<li>\u0110\u1ee3i 1\u20132 ph\u00fat cho l\u1edbp s\u01b0\u01a1ng kh\u00f4 ho\u00e0n to\u00e0n tr\u01b0\u1edbc khi ra ngo\u00e0i.<\/li>\n<li>D\u1eb7m l\u1ea1i b\u1ea5t c\u1ee9 khi n\u00e0o da c\u1ea3m th\u1ea5y c\u1ea7n c\u1ea5p \u1ea9m ho\u1eb7c l\u1edbp n\u1ec1n c\u00f3 d\u1ea5u hi\u1ec7u xu\u1ed1ng t\u00f4ng.<\/li>\n<li>C\u00f3 th\u1ec3 d\u00f9ng \u0111\u1ec3 t\u1ea1o hi\u1ec7u \u1ee9ng c\u0103ng b\u00f3ng cho c\u00e1c v\u00f9ng da nh\u01b0 g\u00f2 m\u00e1, s\u1ed1ng m\u0169i.<\/li>\n<li>Mang theo b\u00ean m\u00ecnh khi tham d\u1ef1 s\u1ef1 ki\u1ec7n, ti\u1ec7c t\u00f9ng ho\u1eb7c di chuy\u1ec3n ngo\u00e0i tr\u1eddi.<\/li>\n<li>D\u00f9ng \u0111\u01b0\u1ee3c s\u00e1ng ho\u1eb7c t\u1ed1i t\u00f9y nhu c\u1ea7u gi\u1eef l\u1edbp n\u1ec1n l\u00e2u h\u01a1n.<\/li>\n<\/ol>\n<\/section>\n<section data-wtai-block-id=\"wtai_product_description_technical_specifications\" class=\"wtai-section wtai-technical_specifications-section\">\n<h3>Chi Ti\u1ebft S\u1ea3n Ph\u1ea9m<\/h3>\n<ul>\n<li><strong>Dung t\u00edch<\/strong>: 60 ml<\/li>\n<li><strong>Th\u1eddi gian gi\u1eef n\u1ec1n<\/strong>: L\u00ean \u0111\u1ebfn 24 gi\u1edd<\/li>\n<li><strong>K\u1ebft c\u1ea5u<\/strong>: Phun s\u01b0\u01a1ng d\u1ea1ng l\u1ecfng, m\u1ecbn<\/li>\n<li><strong>Bao b\u00ec<\/strong>: Chai nh\u1ef1a m\u00e0u xanh l\u00e1 dung t\u00edch nh\u1ecf g\u1ecdn, n\u1eafp t\u00edm<\/li>\n<\/ul>\n<\/section>\n<section data-wtai-block-id=\"wtai_product_description_custom_1753167803027\" class=\"wtai-section wtai-custom_1753167803027-section\">\n<h2>Nh\u1eefng v\u1ea5n \u0111\u1ec1 da v\u00e0 lo\u1ea1i da ph\u00f9 h\u1ee3p v\u1edbi Dazzle Me Get a Grip! X\u1ecbt Kh\u00f3a N\u1ec1n<\/h2>\n<ul>\n<li><strong>Da trang \u0111i\u1ec3m l\u00e2u tr\u00f4i<\/strong>: Gi\u1eef l\u1edbp n\u1ec1n b\u1ec1n m\u00e0u su\u1ed1t ng\u00e0y d\u00e0i.<\/li>\n<li><strong>Da kh\u00f4<\/strong>: C\u1ea5p \u1ea9m nh\u1eb9, gi\u00fap da lu\u00f4n c\u0103ng m\u01b0\u1edbt t\u1ef1 nhi\u00ean.<\/li>\n<li><strong>Da th\u01b0\u1eddng<\/strong>: Cho l\u1edbp n\u1ec1n t\u01b0\u01a1i t\u1eafn, kh\u00f4ng l\u00e0m da b\u1ecb kh\u00f4 c\u0103ng.<\/li>\n<li><strong>Da h\u1ed7n h\u1ee3p<\/strong>: C\u00e2n b\u1eb1ng d\u1ea7u v\u00e0 gi\u1eef v\u1ebb m\u1ecbn m\u00e0ng c\u1ea3 ng\u00e0y.<\/li>\n<li><strong>Da nh\u1ea1y c\u1ea3m<\/strong>: Th\u00e0nh ph\u1ea7n d\u1ecbu nh\u1eb9, \u00edt g\u00e2y k\u00edch \u1ee9ng khi s\u1eed d\u1ee5ng.<\/li>\n<li><strong>Da thi\u1ebfu s\u1ee9c s\u1ed1ng<\/strong>: T\u1ea1o hi\u1ec7u \u1ee9ng b\u00f3ng kh\u1ecfe, b\u1eebng s\u00e1ng r\u1ea1ng r\u1ee1 t\u1ee9c th\u00ec.<\/li>\n<\/ul>\n<\/section>\n<section data-wtai-block-id=\"wtai_product_description_custom_1754200971412\" class=\"wtai-section wtai-custom_1754200971412-section\">\n<h2>Th\u00e0nh ph\u1ea7n c\u1ee7a Dazzle Me Get a Grip! X\u1ecbt Kh\u00f3a N\u1ec1n<\/h2>\n<p>Water, Propanediol, AMP-Acrylates\/Allyl Methacrylate Copolymer, Butylene Glycol, Hydroxyacetophenone, Rosa Damascena Flower Water, Caprylhydroxamic Acid, PEG-40 Hydrogenated Castor Oil, Phenoxyethanol, Trehalose, Parfum, Hyaluronic Acid, Squalane, Centella Asiatica Extract.<\/p>\n<\/section>\n<section data-wtai-block-id=\"wtai_product_description_faqs\" class=\"wtai-section wtai-faqs-section\">\n<h2>Gi\u1ea3i \u0110\u00e1p Th\u1eafc M\u1eafc Th\u01b0\u1eddng G\u1eb7p<\/h2>\n<p><strong>Da nh\u1ea1y c\u1ea3m c\u00f3 d\u00f9ng \u0111\u01b0\u1ee3c kh\u00f4ng?<\/strong> <br \/> S\u1ea3n ph\u1ea9m ph\u00f9 h\u1ee3p cho nhi\u1ec1u lo\u1ea1i da, k\u1ec3 c\u1ea3 da nh\u1ea1y c\u1ea3m, kh\u00f4ng g\u00e2y b\u00ed hay k\u00edch \u1ee9ng.<\/p>\n<p><strong>C\u00f3 th\u1ec3 k\u1ebft h\u1ee3p v\u1edbi s\u1ea3n ph\u1ea9m makeup ch\u1ee9a acid ho\u1eb7c vitamin C kh\u00f4ng?<\/strong> <br \/> C\u00f3, nh\u01b0ng n\u00ean \u0111\u1ee3i c\u00e1c s\u1ea3n ph\u1ea9m treatment th\u1ea9m th\u1ea5u ho\u00e0n to\u00e0n tr\u01b0\u1edbc khi x\u1ecbt \u0111\u1ec3 \u0111\u1ea1t hi\u1ec7u qu\u1ea3 t\u1ed1i \u01b0u.<\/p>\n<p><strong>B\u1ea3o qu\u1ea3n s\u1ea3n ph\u1ea9m th\u1ebf n\u00e0o?<\/strong> <br \/> \u0110\u1ec3 n\u01a1i kh\u00f4 r\u00e1o, tr\u00e1nh \u00e1nh n\u1eafng tr\u1ef1c ti\u1ebfp v\u00e0 \u0111\u1eady k\u00edn n\u1eafp sau khi s\u1eed d\u1ee5ng.<\/p>\n<p><strong>Khi n\u00e0o m\u1edbi th\u1ea5y hi\u1ec7u qu\u1ea3 gi\u1eef n\u1ec1n?<\/strong> <br \/> Hi\u1ec7u qu\u1ea3 gi\u1eef n\u1ec1n v\u00e0 c\u1ea5p \u1ea9m c\u00f3 th\u1ec3 c\u1ea3m nh\u1eadn ngay sau l\u1ea7n \u0111\u1ea7u s\u1eed d\u1ee5ng.<\/p>\n<p><strong>S\u1ea3n ph\u1ea9m c\u00f3 l\u00e0m lem mascara ho\u1eb7c k\u1ebb m\u1eaft kh\u00f4ng?<\/strong> <br \/> D\u1ea1ng phun s\u01b0\u01a1ng c\u1ef1c m\u1ecbn kh\u00f4ng l\u00e0m lem mascara hay eyeliner n\u1ebfu x\u1ecbt \u0111\u00fang c\u00e1ch.<\/p>\n<\/section>\n<section data-wtai-block-id=\"wtai_product_description_conclusion\" class=\"wtai-section wtai-conclusion-section\">\n<h2>S\u1eb5n S\u00e0ng T\u1ecfa S\u00e1ng C\u00f9ng L\u1edbp N\u1ec1n Ho\u00e0n H\u1ea3o<\/h2>\n<p><em><strong>\u0110\u1eebng \u0111\u1ec3 l\u1edbp n\u1ec1n xu\u1ed1ng t\u00f4ng khi\u1ebfn b\u1ea1n k\u00e9m t\u1ef1 tin. S\u1ea3n ph\u1ea9m mang l\u1ea1i tr\u1ea3i nghi\u1ec7m trang \u0111i\u1ec3m t\u1ef1 nhi\u00ean, t\u01b0\u01a1i tr\u1ebb v\u00e0 b\u1ec1n b\u1ec9.<\/strong><\/em> <em><strong>Ch\u1ea1m ngay t\u1ea7m nh\u00ecn m\u1edbi cho l\u00e0n da c\u0103ng b\u00f3ng ch\u1ec9 v\u1edbi v\u00e0i b\u01b0\u1edbc \u0111\u01a1n gi\u1ea3n. \u0110\u1eebng ch\u1ea7n ch\u1eeb, h\u00e3y s\u1edf h\u1eefu ngay b\u00ed quy\u1ebft gi\u1eef n\u1ec1n l\u00fd t\u01b0\u1edfng cho nh\u1eefng ng\u00e0y n\u0103ng \u0111\u1ed9ng.<\/strong><\/em><\/p>\n<\/section>\n","protected":false},"excerpt":{"rendered":"<div data-wtai-block-id=\"wtai_excerpt_subtitle\" class=\"wtai-section wtai-subtitle-section\">\n<p><em><strong>Kh\u00f3a n\u1ec1n c\u0103ng m\u1ecdng, duy tr\u00ec l\u1edbp trang \u0111i\u1ec3m t\u01b0\u01a1i s\u00e1ng su\u1ed1t ng\u00e0y d\u00e0i<\/strong><\/em><\/p>\n<\/p><\/div>\n<div data-wtai-block-id=\"wtai_excerpt_introduction\" class=\"wtai-section wtai-introduction-section\">\n<p>Kh\u00f4ng g\u00ec tuy\u1ec7t v\u1eddi h\u01a1n c\u1ea3m gi\u00e1c t\u1ef1 tin khi l\u1edbp n\u1ec1n v\u1eabn nguy\u00ean v\u1eb9n su\u1ed1t ng\u00e0y. Dazzle Me Get a Grip! X\u1ecbt Kh\u00f3a N\u1ec1n mang \u0111\u1ebfn gi\u1ea3i ph\u00e1p gi\u1eef l\u1edbp trang \u0111i\u1ec3m lu\u00f4n b\u1ec1n m\u00e0u, h\u1ea1n ch\u1ebf xu\u1ed1ng t\u00f4ng v\u00e0 nh\u00ecn c\u1ef1c k\u1ef3 t\u1ef1 nhi\u00ean. S\u1ef1 k\u1ebft h\u1ee3p gi\u1eefa c\u00f4ng ngh\u1ec7 kh\u00f3a n\u1ec1n hi\u1ec7n \u0111\u1ea1i v\u00e0 hi\u1ec7u \u1ee9ng c\u0103ng m\u1ecdng cho l\u00e0n da kh\u00f4ng ch\u1ec9 r\u1ea1ng r\u1ee1 m\u00e0 c\u00f2n m\u1ec1m \u1ea9m, t\u01b0\u01a1i m\u1edbi m\u1ed7i khi ch\u1ea1m nh\u1eb9 l\u00ean m\u1eb7t. M\u1ed7i l\u1ea7n s\u1eed d\u1ee5ng, b\u1ea1n s\u1ebd c\u00f3 c\u1ea3m gi\u00e1c nh\u01b0 l\u00e0n da v\u1eeba \u0111\u01b0\u1ee3c c\u1ea5p n\u01b0\u1edbc m\u1ecbn m\u00e0ng, kh\u01a1i d\u1eady ngu\u1ed3n n\u0103ng l\u01b0\u1ee3ng t\u00edch c\u1ef1c \u0111\u1ec3 t\u1ef1 tin th\u1ec3 hi\u1ec7n c\u00e1 t\u00ednh c\u00f9ng phong c\u00e1ch ri\u00eang.<\/p>\n<\/p><\/div>\n","protected":false},"featured_media":17166,"comment_status":"open","ping_status":"closed","template":"","meta":[],"product_brand":[],"product_cat":[252],"product_tag":[],"class_list":{"0":"post-35522","1":"product","2":"type-product","3":"status-publish","4":"has-post-thumbnail","6":"product_cat-lam-dep-suc-khoe","8":"first","9":"instock","10":"shipping-taxable","11":"purchasable","12":"product-type-simple"},"bundled_by":[],"bundle_stock_status":"instock","bundle_stock_quantity":null,"bundle_virtual":false,"bundle_layout":"","bundle_add_to_cart_form_location":"","bundle_editable_in_cart":false,"bundle_sold_individually_context":"","bundle_item_grouping":"","bundle_min_size":"","bundle_max_size":"","bundle_price":[],"bundled_items":[],"bundle_sell_ids":[],"yoast_head":"<!-- This site is optimized with the Yoast SEO plugin v25.2 - https:\/\/yoast.com\/wordpress\/plugins\/seo\/ -->\n<title>Best Dazzle Me Get a Grip X\u1ecbt Kh\u00f3a N\u1ec1n Cho L\u00e0n Da R\u1ea1ng R\u1ee1<\/title>\n<meta name=\"description\" content=\"Gi\u1ea3i ph\u00e1p gi\u1eef l\u1edbp n\u1ec1n c\u1ea3 ng\u00e0y v\u1edbi x\u1ecbt kh\u00f3a n\u1ec1n Dewy Fix t\u1eeb Dazzle Me. C\u00f4ng th\u1ee9c d\u01b0\u1ee1ng \u1ea9m, b\u1ea3o v\u1ec7 n\u1ec1n l\u00e2u tr\u00f4i, da lu\u00f4n t\u01b0\u01a1i t\u1eafn, m\u1ec1m m\u01b0\u1edbt t\u1ef1 nhi\u00ean.\" \/>\n<meta name=\"robots\" content=\"index, follow, max-snippet:-1, max-image-preview:large, max-video-preview:-1\" \/>\n<link rel=\"canonical\" href=\"https:\/\/demostore.ai\/vi\/san-pham\/dazzle-me-get-a-grip-xit-khoa-nen\/\" \/>\n<meta property=\"og:type\" content=\"article\" \/>\n<meta property=\"og:title\" content=\"Best Dazzle Me Get a Grip X\u1ecbt Kh\u00f3a N\u1ec1n Cho L\u00e0n Da R\u1ea1ng R\u1ee1\" \/>\n<meta property=\"og:description\" content=\"M\u00e0u s\u1eafc n\u1ed5i b\u1eadt, thi\u1ebft k\u1ebf hi\u1ec7n \u0111\u1ea1i c\u00f9ng c\u00f4ng th\u1ee9c Dewy Fix t\u1eeb Dazzle Me gi\u00fap gi\u1eef n\u1ec1n \u1ea9m, l\u00e2u tr\u00f4i su\u1ed1t 24 gi\u1edd. Mang \u0111\u1ebfn l\u00e0n da c\u0103ng m\u01b0\u1edbt, makeup t\u1ef1 nhi\u00ean v\u00e0 t\u1ef1 tin t\u1ecfa s\u00e1ng m\u1ecdi l\u00fac m\u1ecdi n\u01a1i.\" \/>\n<meta property=\"og:url\" content=\"https:\/\/demostore.ai\/vi\/san-pham\/dazzle-me-get-a-grip-xit-khoa-nen\/\" \/>\n<meta property=\"og:site_name\" content=\"Trendy Thread\" \/>\n<meta property=\"article:modified_time\" content=\"2026-02-17T09:57:38+00:00\" \/>\n<meta property=\"og:image\" content=\"https:\/\/demostore.ai\/wp-content\/uploads\/2025\/06\/Setting-Spray-1-scaled-1.png\" \/>\n\t<meta property=\"og:image:width\" content=\"349\" \/>\n\t<meta property=\"og:image:height\" content=\"1000\" \/>\n\t<meta property=\"og:image:type\" content=\"image\/png\" \/>\n<meta name=\"twitter:card\" content=\"summary_large_image\" \/>\n<meta name=\"twitter:title\" content=\"Best Dazzle Me Get a Grip X\u1ecbt Kh\u00f3a N\u1ec1n Cho L\u00e0n Da R\u1ea1ng R\u1ee1\" \/>\n<meta name=\"twitter:description\" content=\"M\u00e0u s\u1eafc n\u1ed5i b\u1eadt, thi\u1ebft k\u1ebf hi\u1ec7n \u0111\u1ea1i c\u00f9ng c\u00f4ng th\u1ee9c Dewy Fix t\u1eeb Dazzle Me gi\u00fap gi\u1eef n\u1ec1n \u1ea9m, l\u00e2u tr\u00f4i su\u1ed1t 24 gi\u1edd. Mang \u0111\u1ebfn l\u00e0n da c\u0103ng m\u01b0\u1edbt, makeup t\u1ef1 nhi\u00ean v\u00e0 t\u1ef1 tin t\u1ecfa s\u00e1ng m\u1ecdi l\u00fac m\u1ecdi n\u01a1i.\" \/>\n<meta name=\"twitter:label1\" content=\"\u01af\u1edbc t\u00ednh th\u1eddi gian \u0111\u1ecdc\" \/>\n\t<meta name=\"twitter:data1\" content=\"1 ph\u00fat\" \/>\n<script type=\"application\/ld+json\" class=\"yoast-schema-graph\">{\"@context\":\"https:\/\/schema.org\",\"@graph\":[{\"@type\":\"WebPage\",\"@id\":\"https:\/\/demostore.ai\/vi\/san-pham\/dazzle-me-get-a-grip-xit-khoa-nen\/\",\"url\":\"https:\/\/demostore.ai\/vi\/san-pham\/dazzle-me-get-a-grip-xit-khoa-nen\/\",\"name\":\"Best Dazzle Me Get a Grip X\u1ecbt Kh\u00f3a N\u1ec1n Cho L\u00e0n Da R\u1ea1ng R\u1ee1\",\"isPartOf\":{\"@id\":\"https:\/\/demostore.ai\/vi\/#website\"},\"primaryImageOfPage\":{\"@id\":\"https:\/\/demostore.ai\/vi\/san-pham\/dazzle-me-get-a-grip-xit-khoa-nen\/#primaryimage\"},\"image\":{\"@id\":\"https:\/\/demostore.ai\/vi\/san-pham\/dazzle-me-get-a-grip-xit-khoa-nen\/#primaryimage\"},\"thumbnailUrl\":\"https:\/\/demostore.ai\/wp-content\/uploads\/2025\/06\/Setting-Spray-1-scaled-1.png\",\"datePublished\":\"2025-06-13T00:55:56+00:00\",\"dateModified\":\"2026-02-17T09:57:38+00:00\",\"description\":\"Gi\u1ea3i ph\u00e1p gi\u1eef l\u1edbp n\u1ec1n c\u1ea3 ng\u00e0y v\u1edbi x\u1ecbt kh\u00f3a n\u1ec1n Dewy Fix t\u1eeb Dazzle Me. C\u00f4ng th\u1ee9c d\u01b0\u1ee1ng \u1ea9m, b\u1ea3o v\u1ec7 n\u1ec1n l\u00e2u tr\u00f4i, da lu\u00f4n t\u01b0\u01a1i t\u1eafn, m\u1ec1m m\u01b0\u1edbt t\u1ef1 nhi\u00ean.\",\"breadcrumb\":{\"@id\":\"https:\/\/demostore.ai\/vi\/san-pham\/dazzle-me-get-a-grip-xit-khoa-nen\/#breadcrumb\"},\"inLanguage\":\"vi\",\"potentialAction\":[{\"@type\":\"ReadAction\",\"target\":[\"https:\/\/demostore.ai\/vi\/san-pham\/dazzle-me-get-a-grip-xit-khoa-nen\/\"]}]},{\"@type\":\"ImageObject\",\"inLanguage\":\"vi\",\"@id\":\"https:\/\/demostore.ai\/vi\/san-pham\/dazzle-me-get-a-grip-xit-khoa-nen\/#primaryimage\",\"url\":\"https:\/\/demostore.ai\/wp-content\/uploads\/2025\/06\/Setting-Spray-1-scaled-1.png\",\"contentUrl\":\"https:\/\/demostore.ai\/wp-content\/uploads\/2025\/06\/Setting-Spray-1-scaled-1.png\",\"width\":349,\"height\":1000,\"caption\":\"Chai x\u1ecbt kh\u00f3a n\u1ec1n Dazzle Me Get a Grip! Dewy Fix m\u00e0u xanh l\u00e1, dung t\u00edch 60ml hi\u1ec3n th\u1ecb tr\u00ean trang s\u1ea3n ph\u1ea9m.\"},{\"@type\":\"BreadcrumbList\",\"@id\":\"https:\/\/demostore.ai\/vi\/san-pham\/dazzle-me-get-a-grip-xit-khoa-nen\/#breadcrumb\",\"itemListElement\":[{\"@type\":\"ListItem\",\"position\":1,\"name\":\"Trang ch\u1ee7\",\"item\":\"https:\/\/demostore.ai\/vi\/\"},{\"@type\":\"ListItem\",\"position\":2,\"name\":\"C\u1eeda h\u00e0ng\",\"item\":\"https:\/\/demostore.ai\/vi\/cua-hang\/\"},{\"@type\":\"ListItem\",\"position\":3,\"name\":\"Dazzle Me Get a Grip! X\u1ecbt Kh\u00f3a N\u1ec1n\"}]},{\"@type\":\"WebSite\",\"@id\":\"https:\/\/demostore.ai\/vi\/#website\",\"url\":\"https:\/\/demostore.ai\/vi\/\",\"name\":\"Trendy Thread\",\"description\":\"C\u1eeda h\u00e0ng demo WriteText.ai\",\"publisher\":{\"@id\":\"https:\/\/demostore.ai\/vi\/#organization\"},\"potentialAction\":[{\"@type\":\"SearchAction\",\"target\":{\"@type\":\"EntryPoint\",\"urlTemplate\":\"https:\/\/demostore.ai\/vi\/?s={search_term_string}\"},\"query-input\":{\"@type\":\"PropertyValueSpecification\",\"valueRequired\":true,\"valueName\":\"search_term_string\"}}],\"inLanguage\":\"vi\"},{\"@type\":\"Organization\",\"@id\":\"https:\/\/demostore.ai\/vi\/#organization\",\"name\":\"WriteText.ai\",\"url\":\"https:\/\/demostore.ai\/vi\/\",\"logo\":{\"@type\":\"ImageObject\",\"inLanguage\":\"vi\",\"@id\":\"https:\/\/demostore.ai\/vi\/#\/schema\/logo\/image\/\",\"url\":\"https:\/\/demostore.ai\/wp-content\/uploads\/2025\/10\/writetext_logo.webp\",\"contentUrl\":\"https:\/\/demostore.ai\/wp-content\/uploads\/2025\/10\/writetext_logo.webp\",\"width\":200,\"height\":34,\"caption\":\"WriteText.ai\"},\"image\":{\"@id\":\"https:\/\/demostore.ai\/vi\/#\/schema\/logo\/image\/\"}}]}<\/script>\n<!-- \/ Yoast SEO plugin. -->","yoast_head_json":{"title":"Best Dazzle Me Get a Grip X\u1ecbt Kh\u00f3a N\u1ec1n Cho L\u00e0n Da R\u1ea1ng R\u1ee1","description":"Gi\u1ea3i ph\u00e1p gi\u1eef l\u1edbp n\u1ec1n c\u1ea3 ng\u00e0y v\u1edbi x\u1ecbt kh\u00f3a n\u1ec1n Dewy Fix t\u1eeb Dazzle Me. C\u00f4ng th\u1ee9c d\u01b0\u1ee1ng \u1ea9m, b\u1ea3o v\u1ec7 n\u1ec1n l\u00e2u tr\u00f4i, da lu\u00f4n t\u01b0\u01a1i t\u1eafn, m\u1ec1m m\u01b0\u1edbt t\u1ef1 nhi\u00ean.","robots":{"index":"index","follow":"follow","max-snippet":"max-snippet:-1","max-image-preview":"max-image-preview:large","max-video-preview":"max-video-preview:-1"},"canonical":"https:\/\/demostore.ai\/vi\/san-pham\/dazzle-me-get-a-grip-xit-khoa-nen\/","og_type":"article","og_title":"Best Dazzle Me Get a Grip X\u1ecbt Kh\u00f3a N\u1ec1n Cho L\u00e0n Da R\u1ea1ng R\u1ee1","og_description":"M\u00e0u s\u1eafc n\u1ed5i b\u1eadt, thi\u1ebft k\u1ebf hi\u1ec7n \u0111\u1ea1i c\u00f9ng c\u00f4ng th\u1ee9c Dewy Fix t\u1eeb Dazzle Me gi\u00fap gi\u1eef n\u1ec1n \u1ea9m, l\u00e2u tr\u00f4i su\u1ed1t 24 gi\u1edd. Mang \u0111\u1ebfn l\u00e0n da c\u0103ng m\u01b0\u1edbt, makeup t\u1ef1 nhi\u00ean v\u00e0 t\u1ef1 tin t\u1ecfa s\u00e1ng m\u1ecdi l\u00fac m\u1ecdi n\u01a1i.","og_url":"https:\/\/demostore.ai\/vi\/san-pham\/dazzle-me-get-a-grip-xit-khoa-nen\/","og_site_name":"Trendy Thread","article_modified_time":"2026-02-17T09:57:38+00:00","og_image":[{"width":349,"height":1000,"url":"https:\/\/demostore.ai\/wp-content\/uploads\/2025\/06\/Setting-Spray-1-scaled-1.png","type":"image\/png"}],"twitter_card":"summary_large_image","twitter_title":"Best Dazzle Me Get a Grip X\u1ecbt Kh\u00f3a N\u1ec1n Cho L\u00e0n Da R\u1ea1ng R\u1ee1","twitter_description":"M\u00e0u s\u1eafc n\u1ed5i b\u1eadt, thi\u1ebft k\u1ebf hi\u1ec7n \u0111\u1ea1i c\u00f9ng c\u00f4ng th\u1ee9c Dewy Fix t\u1eeb Dazzle Me gi\u00fap gi\u1eef n\u1ec1n \u1ea9m, l\u00e2u tr\u00f4i su\u1ed1t 24 gi\u1edd. Mang \u0111\u1ebfn l\u00e0n da c\u0103ng m\u01b0\u1edbt, makeup t\u1ef1 nhi\u00ean v\u00e0 t\u1ef1 tin t\u1ecfa s\u00e1ng m\u1ecdi l\u00fac m\u1ecdi n\u01a1i.","twitter_misc":{"\u01af\u1edbc t\u00ednh th\u1eddi gian \u0111\u1ecdc":"1 ph\u00fat"},"schema":{"@context":"https:\/\/schema.org","@graph":[{"@type":"WebPage","@id":"https:\/\/demostore.ai\/vi\/san-pham\/dazzle-me-get-a-grip-xit-khoa-nen\/","url":"https:\/\/demostore.ai\/vi\/san-pham\/dazzle-me-get-a-grip-xit-khoa-nen\/","name":"Best Dazzle Me Get a Grip X\u1ecbt Kh\u00f3a N\u1ec1n Cho L\u00e0n Da R\u1ea1ng R\u1ee1","isPartOf":{"@id":"https:\/\/demostore.ai\/vi\/#website"},"primaryImageOfPage":{"@id":"https:\/\/demostore.ai\/vi\/san-pham\/dazzle-me-get-a-grip-xit-khoa-nen\/#primaryimage"},"image":{"@id":"https:\/\/demostore.ai\/vi\/san-pham\/dazzle-me-get-a-grip-xit-khoa-nen\/#primaryimage"},"thumbnailUrl":"https:\/\/demostore.ai\/wp-content\/uploads\/2025\/06\/Setting-Spray-1-scaled-1.png","datePublished":"2025-06-13T00:55:56+00:00","dateModified":"2026-02-17T09:57:38+00:00","description":"Gi\u1ea3i ph\u00e1p gi\u1eef l\u1edbp n\u1ec1n c\u1ea3 ng\u00e0y v\u1edbi x\u1ecbt kh\u00f3a n\u1ec1n Dewy Fix t\u1eeb Dazzle Me. C\u00f4ng th\u1ee9c d\u01b0\u1ee1ng \u1ea9m, b\u1ea3o v\u1ec7 n\u1ec1n l\u00e2u tr\u00f4i, da lu\u00f4n t\u01b0\u01a1i t\u1eafn, m\u1ec1m m\u01b0\u1edbt t\u1ef1 nhi\u00ean.","breadcrumb":{"@id":"https:\/\/demostore.ai\/vi\/san-pham\/dazzle-me-get-a-grip-xit-khoa-nen\/#breadcrumb"},"inLanguage":"vi","potentialAction":[{"@type":"ReadAction","target":["https:\/\/demostore.ai\/vi\/san-pham\/dazzle-me-get-a-grip-xit-khoa-nen\/"]}]},{"@type":"ImageObject","inLanguage":"vi","@id":"https:\/\/demostore.ai\/vi\/san-pham\/dazzle-me-get-a-grip-xit-khoa-nen\/#primaryimage","url":"https:\/\/demostore.ai\/wp-content\/uploads\/2025\/06\/Setting-Spray-1-scaled-1.png","contentUrl":"https:\/\/demostore.ai\/wp-content\/uploads\/2025\/06\/Setting-Spray-1-scaled-1.png","width":349,"height":1000,"caption":"Chai x\u1ecbt kh\u00f3a n\u1ec1n Dazzle Me Get a Grip! Dewy Fix m\u00e0u xanh l\u00e1, dung t\u00edch 60ml hi\u1ec3n th\u1ecb tr\u00ean trang s\u1ea3n ph\u1ea9m."},{"@type":"BreadcrumbList","@id":"https:\/\/demostore.ai\/vi\/san-pham\/dazzle-me-get-a-grip-xit-khoa-nen\/#breadcrumb","itemListElement":[{"@type":"ListItem","position":1,"name":"Trang ch\u1ee7","item":"https:\/\/demostore.ai\/vi\/"},{"@type":"ListItem","position":2,"name":"C\u1eeda h\u00e0ng","item":"https:\/\/demostore.ai\/vi\/cua-hang\/"},{"@type":"ListItem","position":3,"name":"Dazzle Me Get a Grip! X\u1ecbt Kh\u00f3a N\u1ec1n"}]},{"@type":"WebSite","@id":"https:\/\/demostore.ai\/vi\/#website","url":"https:\/\/demostore.ai\/vi\/","name":"Trendy Thread","description":"C\u1eeda h\u00e0ng demo WriteText.ai","publisher":{"@id":"https:\/\/demostore.ai\/vi\/#organization"},"potentialAction":[{"@type":"SearchAction","target":{"@type":"EntryPoint","urlTemplate":"https:\/\/demostore.ai\/vi\/?s={search_term_string}"},"query-input":{"@type":"PropertyValueSpecification","valueRequired":true,"valueName":"search_term_string"}}],"inLanguage":"vi"},{"@type":"Organization","@id":"https:\/\/demostore.ai\/vi\/#organization","name":"WriteText.ai","url":"https:\/\/demostore.ai\/vi\/","logo":{"@type":"ImageObject","inLanguage":"vi","@id":"https:\/\/demostore.ai\/vi\/#\/schema\/logo\/image\/","url":"https:\/\/demostore.ai\/wp-content\/uploads\/2025\/10\/writetext_logo.webp","contentUrl":"https:\/\/demostore.ai\/wp-content\/uploads\/2025\/10\/writetext_logo.webp","width":200,"height":34,"caption":"WriteText.ai"},"image":{"@id":"https:\/\/demostore.ai\/vi\/#\/schema\/logo\/image\/"}}]}},"_links":{"self":[{"href":"https:\/\/demostore.ai\/vi\/wp-json\/wp\/v2\/product\/35522","targetHints":{"allow":["GET"]}}],"collection":[{"href":"https:\/\/demostore.ai\/vi\/wp-json\/wp\/v2\/product"}],"about":[{"href":"https:\/\/demostore.ai\/vi\/wp-json\/wp\/v2\/types\/product"}],"replies":[{"embeddable":true,"href":"https:\/\/demostore.ai\/vi\/wp-json\/wp\/v2\/comments?post=35522"}],"wp:featuredmedia":[{"embeddable":true,"href":"https:\/\/demostore.ai\/vi\/wp-json\/wp\/v2\/media\/17166"}],"wp:attachment":[{"href":"https:\/\/demostore.ai\/vi\/wp-json\/wp\/v2\/media?parent=35522"}],"wp:term":[{"taxonomy":"product_brand","embeddable":true,"href":"https:\/\/demostore.ai\/vi\/wp-json\/wp\/v2\/product_brand?post=35522"},{"taxonomy":"product_cat","embeddable":true,"href":"https:\/\/demostore.ai\/vi\/wp-json\/wp\/v2\/product_cat?post=35522"},{"taxonomy":"product_tag","embeddable":true,"href":"https:\/\/demostore.ai\/vi\/wp-json\/wp\/v2\/product_tag?post=35522"}],"curies":[{"name":"wp","href":"https:\/\/api.w.org\/{rel}","templated":true}]}}