{"id":35369,"date":"2025-07-28T06:55:59","date_gmt":"2025-07-27T22:55:59","guid":{"rendered":"https:\/\/demostore.ai\/?post_type=product&#038;p=35369"},"modified":"2026-02-18T10:25:22","modified_gmt":"2026-02-18T02:25:22","slug":"nhan-kim-cuong-vang-trang","status":"publish","type":"product","link":"https:\/\/demostore.ai\/vi\/san-pham\/nhan-kim-cuong-vang-trang\/","title":{"rendered":"Nh\u1eabn Kim C\u01b0\u01a1ng V\u00e0ng Tr\u1eafng"},"content":{"rendered":"<section data-wtai-block-id=\"wtai_product_description_features\" class=\"wtai-section wtai-features-section\">\n<h2>\u0110i\u1ec3m N\u1ed5i B\u1eadt C\u1ee7a Nh\u1eabn Kim C\u01b0\u01a1ng V\u00e0ng Tr\u1eafng<\/h2>\n<ul>\n<li><strong>Ch\u1ea5t li\u1ec7u:<\/strong> V\u00e0ng tr\u1eafng k\u1ebft h\u1ee3p h\u1ee3p kim cao c\u1ea5p, gia c\u00f4ng t\u1ec9 m\u1ec9 cho m\u1eb7t nh\u1eabn ch\u1eafc ch\u1eafn v\u00e0 s\u00e1ng b\u00f3ng<\/li>\n<li><strong>\u0110\u00ednh \u0111\u00e1:<\/strong> Kim c\u01b0\u01a1ng t\u1ef1 nhi\u00ean nhi\u1ec1u vi\u00ean t\u1ec9 m\u1ec9 \u0111\u00ednh n\u1ed5i tr\u00ean th\u00e2n nh\u1eabn, d\u00e0n tr\u1ea3i n\u1ed5i b\u1eadt v\u00e0 c\u00e2n \u0111\u1ed1i t\u1eeb g\u00f3c c\u1ea1nh \u0111\u1ebfn m\u1eb7t nh\u1eabn<\/li>\n<li><strong>Ki\u1ec3u d\u00e1ng thi\u1ebft k\u1ebf:<\/strong> D\u00e1ng u\u1ed1n l\u01b0\u1ee3n m\u1ec1m m\u1ea1i \u0111\u1ed1i x\u1ee9ng, t\u1ea1o hi\u1ec7u \u1ee9ng \u00e1nh s\u00e1ng cu\u1ed1n h\u00fat v\u00e0 hi\u1ec7n \u0111\u1ea1i m\u00e0 kh\u00f4ng m\u1ea5t \u0111i n\u00e9t thanh l\u1ecbch c\u1ed5 \u0111i\u1ec3n<\/li>\n<li><strong>B\u1ec1 m\u1eb7t ho\u00e0n thi\u1ec7n:<\/strong> \u0110\u00e1nh b\u00f3ng k\u1ef9 c\u00e0ng, gi\u1eef m\u00e0u tr\u1eafng s\u00e1ng v\u00e0 duy tr\u00ec \u0111\u1ed9 ph\u1ea3n chi\u1ebfu l\u00e2u d\u00e0i<\/li>\n<li><strong>Ch\u1ed1t g\u1eafn ch\u1eafc ch\u1eafn:<\/strong> Ch\u00e2n kim c\u01b0\u01a1ng \u0111\u01b0\u1ee3c c\u1ed1 \u0111\u1ecbnh ch\u1eafc v\u1edbi c\u00f4ng ngh\u1ec7 hi\u1ec7n \u0111\u1ea1i gi\u00fap h\u1ea1n ch\u1ebf r\u01a1i r\u1edbt v\u00e0 t\u0103ng \u0111\u1ed9 an to\u00e0n khi s\u1eed d\u1ee5ng h\u00e0ng ng\u00e0y<\/li>\n<li><strong>Ngh\u1ec7 thu\u1eadt ch\u1ebf t\u00e1c:<\/strong> Ph\u1ed1i k\u1ebft c\u00e1c vi\u00ean kim c\u01b0\u01a1ng d\u1ea1ng tr\u00f2n \u0111\u1ec1u, n\u1ed1i ti\u1ebfp m\u1ec1m m\u1ea1i v\u1eeba l\u00e0m t\u0103ng hi\u1ec7u \u1ee9ng \u00e1nh s\u00e1ng v\u1eeba mang \u00fd ngh\u0129a vi\u00ean m\u00e3n<\/li>\n<\/ul>\n<\/section>\n<div data-wtai-block-id=\"wtai_product_description_image_1753853427907\" class=\"wtai-section wtai-image_1753853427907-section\">\n<figure class=\"wtai-image-p wtai-align-center\" style=\"text-align:center\"><img decoding=\"async\" src=\"https:\/\/demostore.ai\/wp-content\/uploads\/2025\/07\/2-Ring-in-White-Gold-with-Two-Layered-Diamond-5-600x131.png\" alt=\"Nh\u1eabn kim c\u01b0\u01a1ng v\u00e0ng tr\u1eafng thi\u1ebft k\u1ebf sang tr\u1ecdng, \u0111\u00ednh nhi\u1ec1u vi\u00ean kim c\u01b0\u01a1ng l\u1ea5p l\u00e1nh tr\u00ean n\u1ec1n v\u00e0ng tr\u1eafng.\" srcset=\"https:\/\/demostore.ai\/wp-content\/uploads\/2025\/07\/2-Ring-in-White-Gold-with-Two-Layered-Diamond-5.png 1000w, https:\/\/demostore.ai\/wp-content\/uploads\/2025\/07\/2-Ring-in-White-Gold-with-Two-Layered-Diamond-5-300x66.png 300w, https:\/\/demostore.ai\/wp-content\/uploads\/2025\/07\/2-Ring-in-White-Gold-with-Two-Layered-Diamond-5-768x168.png 768w, https:\/\/demostore.ai\/wp-content\/uploads\/2025\/07\/2-Ring-in-White-Gold-with-Two-Layered-Diamond-5-600x131.png 600w\"><figcaption>\n<p>Thi\u1ebft k\u1ebf pha tr\u1ed9n gi\u1eefa v\u00e0ng tr\u1eafng v\u00e0 v\u00e0ng t\u1ea1o \u0111i\u1ec3m nh\u1ea5n tinh t\u1ebf, l\u1ea5p l\u00e1nh cu\u1ed1n h\u00fat.<\/p>\n<\/figcaption><\/figure>\n<\/p><\/div>\n<section data-wtai-block-id=\"wtai_product_description_use_cases\" class=\"wtai-section wtai-use_cases-section\">\n<h2>\u1ee8ng D\u1ee5ng V\u00e0 Ph\u1ed1i \u0110\u1ed3 Sang Tr\u1ecdng<\/h2>\n<ul>\n<li>Ph\u00f9 h\u1ee3p l\u00e0m nh\u1eabn \u0111\u00ednh h\u00f4n ho\u1eb7c nh\u1eabn c\u01b0\u1edbi, bi\u1ec3u t\u01b0\u1ee3ng c\u1ee7a s\u1ef1 g\u1eafn k\u1ebft b\u1ec1n l\u00e2u, d\u1ec5 ph\u1ed1i c\u00f9ng trang ph\u1ee5c l\u1ec5 ph\u1ee5c c\u1ed5 \u0111i\u1ec3n l\u1eabn hi\u1ec7n \u0111\u1ea1i<\/li>\n<li>Trang s\u1ee9c d\u1ef1 ti\u1ec7c ho\u1eb7c c\u00e1c s\u1ef1 ki\u1ec7n sang tr\u1ecdng, k\u1ebft h\u1ee3p v\u00e1y d\u1ea1 h\u1ed9i, s\u01a1 mi tr\u1eafng ho\u1eb7c \u0111\u1ea7m \u0111en \u0111\u1ec3 t\u1ea1o \u0111i\u1ec3m nh\u1ea5n s\u00e1ng b\u1eebng<\/li>\n<li>\u0110eo h\u00e0ng ng\u00e0y th\u1ec3 hi\u1ec7n gu th\u1ea9m m\u1ef9 \u0111\u01a1n gi\u1ea3n nh\u01b0ng tinh t\u1ebf, h\u1ee3p v\u1edbi phong c\u00e1ch tr\u1ebb trung v\u00e0 n\u1eef t\u00ednh<\/li>\n<li>L\u00e0m qu\u00e0 t\u1eb7ng k\u1ef7 ni\u1ec7m ho\u1eb7c d\u1ecbp \u0111\u1eb7c bi\u1ec7t th\u1ec3 hi\u1ec7n t\u00ecnh c\u1ea3m b\u1ec1n v\u1eefng, c\u00f3 th\u1ec3 k\u1ebft h\u1ee3p chung set trang s\u1ee9c v\u00e0ng tr\u1eafng, kim c\u01b0\u01a1ng<\/li>\n<li>Ph\u1ed1i c\u00f9ng \u0111\u1ed3ng h\u1ed3, v\u00f2ng tay ho\u1eb7c hoa tai \u0111\u1ec3 t\u1ea1o t\u1ed5ng th\u1ec3 h\u00e0i h\u00f2a, n\u1ed5i b\u1eadt c\u00e1 t\u00ednh ri\u00eang d\u00f9 \u1edf m\u00f4i tr\u01b0\u1eddng c\u00f4ng s\u1edf hay bu\u1ed5i g\u1eb7p m\u1eb7t b\u1ea1n b\u00e8<\/li>\n<\/ul>\n<\/section>\n<section data-wtai-block-id=\"wtai_product_description_custom_1754204236758\" class=\"wtai-section wtai-custom_1754204236758-section\">\n<h2>Nh\u1eefng d\u1ecbp ph\u00f9 h\u1ee3p \u0111\u1ec3 di\u1ec7n Nh\u1eabn Kim C\u01b0\u01a1ng V\u00e0ng Tr\u1eafng<\/h2>\n<ul>\n<li><strong>Qu\u00e0 t\u1eb7ng ng\u00e0y k\u1ef7 ni\u1ec7m<\/strong> \u2013 G\u1eedi trao y\u00eau th\u01b0\u01a1ng nh\u00e2n k\u1ef7 ni\u1ec7m c\u01b0\u1edbi, sinh nh\u1eadt ho\u1eb7c ng\u00e0y l\u1ec5 \u0111\u1eb7c bi\u1ec7t.<\/li>\n<li><strong>D\u1ef1 ti\u1ec7c trang tr\u1ecdng<\/strong> \u2013 Thu h\u00fat \u00e1nh nh\u00ecn t\u1ea1i c\u00e1c bu\u1ed5i ti\u1ec7c t\u1ed1i ho\u1eb7c s\u1ef1 ki\u1ec7n sang tr\u1ecdng.<\/li>\n<li><strong>Mang \u0111i l\u00e0m h\u1eb1ng ng\u00e0y<\/strong> \u2013 T\u1ea1o \u0111i\u1ec3m nh\u1ea5n tinh t\u1ebf m\u00e0 v\u1eabn gi\u1eef \u0111\u01b0\u1ee3c s\u1ef1 chuy\u00ean nghi\u1ec7p n\u01a1i c\u00f4ng s\u1edf.<\/li>\n<li><strong>H\u1eb9n h\u00f2 v\u00e0 g\u1eb7p g\u1ee1<\/strong> \u2013 T\u1ea1o \u1ea5n t\u01b0\u1ee3ng ri\u00eang khi d\u1ea1o ph\u1ed1, g\u1eb7p m\u1eb7t b\u1ea1n b\u00e8 hay tham gia nh\u1eefng bu\u1ed5i h\u1eb9n h\u00f2 l\u00e3ng m\u1ea1n.<\/li>\n<li><strong>\u0110\u00e1nh d\u1ea5u c\u1ed9t m\u1ed1c quan tr\u1ecdng<\/strong> \u2013 Ch\u1ecdn l\u00e0m m\u00f3n qu\u00e0 ghi d\u1ea5u ng\u00e0y t\u1ed1t nghi\u1ec7p, th\u0103ng ch\u1ee9c ho\u1eb7c kh\u1edfi \u0111\u1ea7u m\u1edbi.<\/li>\n<li><strong>Phong c\u00e1ch c\u00e1 nh\u00e2n m\u1ed7i ng\u00e0y<\/strong> \u2013 D\u1ec5 d\u00e0ng k\u1ebft h\u1ee3p v\u1edbi nhi\u1ec1u trang s\u1ee9c kh\u00e1c, gi\u00fap t\u00f4n l\u00ean c\u00e1 t\u00ednh v\u00e0 gu th\u1ea9m m\u1ef9 ri\u00eang.<\/li>\n<\/ul>\n<\/section>\n<section data-wtai-block-id=\"wtai_product_description_custom_1753164383380\" class=\"wtai-section wtai-custom_1753164383380-section\">\n<h3>H\u01b0\u1edbng D\u1eabn B\u1ea3o Qu\u1ea3n Nh\u1eabn Kim C\u01b0\u01a1ng V\u00e0ng Tr\u1eafng<\/h3>\n<ul>\n<li>V\u1ec7 sinh nh\u1eb9 nh\u00e0ng \u0111\u1ecbnh k\u1ef3 v\u1edbi n\u01b0\u1edbc \u1ea5m pha lo\u00e3ng x\u00e0 ph\u00f2ng \u0111\u1ec3 gi\u1eef \u0111\u1ed9 s\u00e1ng c\u1ee7a kim c\u01b0\u01a1ng v\u00e0 tr\u00e1nh b\u00e1m b\u1ea9n.<\/li>\n<li>Lu\u00f4n lau kh\u00f4 k\u1ef9 b\u1eb1ng kh\u0103n m\u1ec1m sau khi r\u1eeda \u0111\u1ec3 b\u1ec1 m\u1eb7t v\u00e0ng tr\u1eafng kh\u00f4ng b\u1ecb m\u1edd, \u0111\u1ea3m b\u1ea3o v\u1ebb \u0111\u1eb9p r\u1ea1ng ng\u1eddi l\u00e2u d\u00e0i.<\/li>\n<li>B\u1ea3o qu\u1ea3n nh\u1eabn trong h\u1ed9p l\u00f3t v\u1ea3i ri\u00eang bi\u1ec7t, tr\u00e1nh ti\u1ebfp x\u00fac v\u1edbi c\u00e1c trang s\u1ee9c kh\u00e1c \u0111\u1ec3 kh\u00f4ng b\u1ecb tr\u1ea7y x\u01b0\u1edbc hay \u0111\u00e1nh m\u1ea5t \u00e1nh s\u00e1ng c\u1ee7a \u0111\u00e1.<\/li>\n<\/ul>\n<\/section>\n<div data-wtai-block-id=\"wtai_product_description_image_1753853450366\" class=\"wtai-section wtai-image_1753853450366-section\">\n<figure class=\"wtai-image-p wtai-align-center\" style=\"text-align:center\"><img decoding=\"async\" src=\"https:\/\/demostore.ai\/wp-content\/uploads\/2025\/07\/4-Ring-in-White-Gold-with-Two-Layered-Diamond-2-600x373.png\" alt=\"Nh\u1eabn kim c\u01b0\u01a1ng v\u00e0ng tr\u1eafng, thi\u1ebft k\u1ebf tinh x\u1ea3o, g\u00f3c nh\u00ecn t\u1eeb c\u1ea1nh b\u00ean hi\u1ec3n th\u1ecb chi ti\u1ebft v\u00e2n nh\u1eabn.\" srcset=\"https:\/\/demostore.ai\/wp-content\/uploads\/2025\/07\/4-Ring-in-White-Gold-with-Two-Layered-Diamond-2.png 1000w, https:\/\/demostore.ai\/wp-content\/uploads\/2025\/07\/4-Ring-in-White-Gold-with-Two-Layered-Diamond-2-300x186.png 300w, https:\/\/demostore.ai\/wp-content\/uploads\/2025\/07\/4-Ring-in-White-Gold-with-Two-Layered-Diamond-2-768x477.png 768w, https:\/\/demostore.ai\/wp-content\/uploads\/2025\/07\/4-Ring-in-White-Gold-with-Two-Layered-Diamond-2-600x373.png 600w\"><figcaption>\n<p>V\u00e0nh nh\u1eabn bo tr\u00f2n m\u1ec1m m\u1ea1i, m\u1eb7t trong l\u00e1ng m\u1ecbn gi\u00fap \u0111eo tho\u1ea3i m\u00e1i su\u1ed1t ng\u00e0y d\u00e0i.<\/p>\n<\/figcaption><\/figure>\n<\/p><\/div>\n<section data-wtai-block-id=\"wtai_product_description_faqs\" class=\"wtai-section wtai-faqs-section\">\n<h2>Gi\u1ea3i \u0110\u00e1p Th\u1eafc M\u1eafc Th\u01b0\u1eddng G\u1eb7p<\/h2>\n<p><strong>Nh\u1eabn l\u00e0m t\u1eeb ch\u1ea5t li\u1ec7u g\u00ec v\u00e0 c\u00f3 b\u1ec1n kh\u00f4ng?<\/strong> <br \/> Nh\u1eabn ch\u1ebf t\u00e1c b\u1eb1ng v\u00e0ng tr\u1eafng k\u1ebft h\u1ee3p kim c\u01b0\u01a1ng t\u1ef1 nhi\u00ean, ch\u1ecbu l\u1ef1c t\u1ed1t v\u00e0 gi\u1eef s\u00e1ng l\u00e2u nh\u1edd l\u1edbp ho\u00e0n thi\u1ec7n k\u1ef9 l\u01b0\u1ee1ng.<\/p>\n<p><strong>C\u00f3 d\u1ec5 b\u1ea3o qu\u1ea3n v\u00e0 l\u00e0m s\u1ea1ch kh\u00f4ng?<\/strong> <br \/> Ch\u1ec9 c\u1ea7n lau nh\u1eb9 b\u1eb1ng v\u1ea3i m\u1ec1m sau m\u1ed7i l\u1ea7n s\u1eed d\u1ee5ng, ki\u1ec3m tra \u0111\u1ecbnh k\u1ef3 gi\u1eef \u0111\u01b0\u1ee3c \u0111\u1ed9 s\u00e1ng trong th\u1eddi gian d\u00e0i.<\/p>\n<p><strong>Ph\u00f9 h\u1ee3p l\u00e0m qu\u00e0 t\u1eb7ng kh\u00f4ng?<\/strong> <br \/> R\u1ea5t th\u00edch h\u1ee3p l\u00e0m qu\u00e0 cho d\u1ecbp quan tr\u1ecdng nh\u01b0 k\u1ef7 ni\u1ec7m, c\u1ea7u h\u00f4n hay sinh nh\u1eadt nh\u1edd thi\u1ebft k\u1ebf thanh l\u1ecbch v\u00e0 \u00fd ngh\u0129a.<\/p>\n<p><strong>\u0110eo c\u00f3 b\u1ecb v\u01b0\u1edbng ho\u1eb7c tr\u1ea7y x\u01b0\u1edbc kh\u00f4ng?<\/strong> <br \/> Nh\u1eabn thi\u1ebft k\u1ebf m\u1eb7t ph\u1eb3ng an to\u00e0n, \u0111\u00ednh \u0111\u00e1 t\u1ec9 m\u1ec9 gi\u00fap vi\u1ec7c \u0111eo h\u00e0ng ng\u00e0y tho\u1ea3i m\u00e1i m\u00e0 kh\u00f4ng g\u00e2y kh\u00f3 ch\u1ecbu.<\/p>\n<\/section>\n<section data-wtai-block-id=\"wtai_product_description_conclusion\" class=\"wtai-section wtai-conclusion-section\">\n<h2>Ch\u1ea1m \u0110\u1ebfn V\u1ebb \u0110\u1eb9p Thanh L\u1ecbch<\/h2>\n<p><strong>Nh\u1eabn Kim C\u01b0\u01a1ng V\u00e0ng Tr\u1eafng l\u00e0 s\u1ef1 k\u1ebft h\u1ee3p gi\u1eefa v\u1ebb \u0111\u1eb9p r\u1ef1c r\u1ee1 v\u00e0 n\u00e9t tinh x\u1ea3o, gi\u00fap t\u00f4n l\u00ean phong c\u00e1ch c\u00e1 nh\u00e2n \u0111\u1ea7y t\u1ef1 tin.<\/strong> <strong>Thi\u1ebft k\u1ebf u\u1ed1n l\u01b0\u1ee3n m\u1ec1m m\u1ea1i, \u0111\u00ednh \u0111\u00e1 l\u1ea5p l\u00e1nh ph\u00f9 h\u1ee3p v\u1edbi m\u1ecdi th\u1ebf h\u1ec7 y\u00eau th\u00edch trang s\u1ee9c thanh l\u1ecbch v\u00e0 hi\u1ec7n \u0111\u1ea1i.<\/strong> <strong>\u0110\u1eebng b\u1ecf l\u1ee1 c\u01a1 h\u1ed9i s\u1edf h\u1eefu m\u00f3n trang s\u1ee9c t\u1ea1o d\u1ea5u \u1ea5n ri\u00eang cho b\u1ea3n th\u00e2n ngay h\u00f4m nay.<\/strong><\/p>\n<\/section>\n","protected":false},"excerpt":{"rendered":"<div data-wtai-block-id=\"wtai_excerpt_subtitle\" class=\"wtai-section wtai-subtitle-section\">\n<p><em><strong>D\u1ea5u \u1ea5n thanh l\u1ecbch v\u01b0\u1ee3t th\u1eddi gian, r\u1ef1c r\u1ee1 cho m\u1ed7i b\u1ea3n s\u1eafc ri\u00eang.<\/strong><\/em><\/p>\n<\/p><\/div>\n<div data-wtai-block-id=\"wtai_excerpt_introduction\" class=\"wtai-section wtai-introduction-section\">\n<p>C\u00f3 nh\u1eefng thi\u1ebft k\u1ebf khi\u1ebfn ng\u01b0\u1eddi \u0111\u1ed1i di\u1ec7n ng\u1eafm m\u00e3i kh\u00f4ng r\u1eddi m\u1eaft. M\u1eabu nh\u1eabn n\u00e0y g\u1ee3i c\u1ea3m gi\u00e1c hi\u1ec7n \u0111\u1ea1i, tinh t\u1ebf, \u0111\u1ed3ng th\u1eddi to\u00e1t l\u00ean s\u1ef1 sang tr\u1ecdng c\u1ed5 \u0111i\u1ec3n d\u00e0nh ri\u00eang cho ph\u00e1i \u0111\u1eb9p m\u1ed7i th\u1ebf h\u1ec7. Nh\u1eefng vi\u00ean kim c\u01b0\u01a1ng s\u00e1ng l\u1ea5p l\u00e1nh n\u1ed5i b\u1eadt tr\u00ean n\u1ec1n v\u00e0ng tr\u1eafng m\u1ec1m m\u1ea1i, nh\u01b0 \u00e1nh l\u00ean t\u1eebng kho\u1ea3nh kh\u1eafc \u0111\u00e1ng nh\u1edb c\u1ee7a cu\u1ed9c s\u1ed1ng. V\u1ebb \u0111\u1eb9p \u1ea5y kh\u00f4ng ch\u1ec9 t\u00f4n vinh gi\u00e1 tr\u1ecb c\u00e1 nh\u00e2n m\u00e0 c\u00f2n tr\u1edf th\u00e0nh bi\u1ec3u t\u01b0\u1ee3ng cho nh\u1eefng c\u1ea3m x\u00fac \u0111ong \u0111\u1ea7y, qu\u00fd gi\u00e1 v\u00e0 v\u1eefng b\u1ec1n c\u00f9ng th\u1eddi gian.<\/p>\n<\/p><\/div>\n","protected":false},"featured_media":33226,"comment_status":"open","ping_status":"closed","template":"","meta":[],"product_brand":[],"product_cat":[318],"product_tag":[],"class_list":{"0":"post-35369","1":"product","2":"type-product","3":"status-publish","4":"has-post-thumbnail","6":"product_cat-trang-suc","8":"first","9":"instock","10":"shipping-taxable","11":"purchasable","12":"product-type-simple"},"bundled_by":[],"bundle_stock_status":"instock","bundle_stock_quantity":null,"bundle_virtual":false,"bundle_layout":"","bundle_add_to_cart_form_location":"","bundle_editable_in_cart":false,"bundle_sold_individually_context":"","bundle_item_grouping":"","bundle_min_size":"","bundle_max_size":"","bundle_price":[],"bundled_items":[],"bundle_sell_ids":[],"yoast_head":"<!-- This site is optimized with the Yoast SEO plugin v25.2 - https:\/\/yoast.com\/wordpress\/plugins\/seo\/ -->\n<title>Top-Rated Nh\u1eabn Kim C\u01b0\u01a1ng V\u00e0ng Tr\u1eafng Thanh L\u1ecbch D\u00e0nh Ri\u00eang Cho B\u1ea1n<\/title>\n<meta name=\"description\" content=\"Nh\u1ea5n nh\u00e1 phong c\u00e1ch v\u1edbi nh\u1eabn kim c\u01b0\u01a1ng v\u00e0ng tr\u1eafng thi\u1ebft k\u1ebf u\u1ed1n l\u01b0\u1ee3n, m\u1eb7t \u0111\u00ednh \u0111\u00e1 n\u1ed5i b\u1eadt. T\u1ecfa s\u00e1ng c\u00f9ng ch\u1ea5t li\u1ec7u cao c\u1ea5p v\u00e0 v\u1ebb \u0111\u1eb9p hi\u1ec7n \u0111\u1ea1i.\" \/>\n<meta name=\"robots\" content=\"index, follow, max-snippet:-1, max-image-preview:large, max-video-preview:-1\" \/>\n<link rel=\"canonical\" href=\"https:\/\/demostore.ai\/vi\/san-pham\/nhan-kim-cuong-vang-trang\/\" \/>\n<meta property=\"og:type\" content=\"article\" \/>\n<meta property=\"og:title\" content=\"Top-Rated Nh\u1eabn Kim C\u01b0\u01a1ng V\u00e0ng Tr\u1eafng Thanh L\u1ecbch D\u00e0nh Ri\u00eang Cho B\u1ea1n\" \/>\n<meta property=\"og:description\" content=\"V\u1ebb \u0111\u1eb9p thanh l\u1ecbch \u0111\u01b0\u1ee3c t\u00f4n vinh qua nh\u1eabn kim c\u01b0\u01a1ng v\u00e0ng tr\u1eafng d\u00e1ng u\u1ed1n l\u01b0\u1ee3n, \u0111\u00ednh \u0111\u00e1 t\u1ef1 nhi\u00ean. N\u00e2ng t\u1ea7m phong c\u00e1ch v\u1edbi \u0111i\u1ec3m nh\u1ea5n l\u1ea5p l\u00e1nh v\u00e0 ch\u1ea5t li\u1ec7u cao c\u1ea5p.\" \/>\n<meta property=\"og:url\" content=\"https:\/\/demostore.ai\/vi\/san-pham\/nhan-kim-cuong-vang-trang\/\" \/>\n<meta property=\"og:site_name\" content=\"Trendy Thread\" \/>\n<meta property=\"article:modified_time\" content=\"2026-02-18T02:25:22+00:00\" \/>\n<meta property=\"og:image\" content=\"https:\/\/demostore.ai\/wp-content\/uploads\/2025\/07\/1-Ring-in-White-Gold-with-Two-Layered-Diamond-6.png\" \/>\n\t<meta property=\"og:image:width\" content=\"1000\" \/>\n\t<meta property=\"og:image:height\" content=\"221\" \/>\n\t<meta property=\"og:image:type\" content=\"image\/png\" \/>\n<meta name=\"twitter:card\" content=\"summary_large_image\" \/>\n<meta name=\"twitter:title\" content=\"Top-Rated Nh\u1eabn Kim C\u01b0\u01a1ng V\u00e0ng Tr\u1eafng Thanh L\u1ecbch D\u00e0nh Ri\u00eang Cho B\u1ea1n\" \/>\n<meta name=\"twitter:description\" content=\"V\u1ebb \u0111\u1eb9p thanh l\u1ecbch \u0111\u01b0\u1ee3c t\u00f4n vinh qua nh\u1eabn kim c\u01b0\u01a1ng v\u00e0ng tr\u1eafng d\u00e1ng u\u1ed1n l\u01b0\u1ee3n, \u0111\u00ednh \u0111\u00e1 t\u1ef1 nhi\u00ean. N\u00e2ng t\u1ea7m phong c\u00e1ch v\u1edbi \u0111i\u1ec3m nh\u1ea5n l\u1ea5p l\u00e1nh v\u00e0 ch\u1ea5t li\u1ec7u cao c\u1ea5p.\" \/>\n<meta name=\"twitter:label1\" content=\"\u01af\u1edbc t\u00ednh th\u1eddi gian \u0111\u1ecdc\" \/>\n\t<meta name=\"twitter:data1\" content=\"1 ph\u00fat\" \/>\n<script type=\"application\/ld+json\" class=\"yoast-schema-graph\">{\"@context\":\"https:\/\/schema.org\",\"@graph\":[{\"@type\":\"WebPage\",\"@id\":\"https:\/\/demostore.ai\/vi\/san-pham\/nhan-kim-cuong-vang-trang\/\",\"url\":\"https:\/\/demostore.ai\/vi\/san-pham\/nhan-kim-cuong-vang-trang\/\",\"name\":\"Top-Rated Nh\u1eabn Kim C\u01b0\u01a1ng V\u00e0ng Tr\u1eafng Thanh L\u1ecbch D\u00e0nh Ri\u00eang Cho B\u1ea1n\",\"isPartOf\":{\"@id\":\"https:\/\/demostore.ai\/vi\/#website\"},\"primaryImageOfPage\":{\"@id\":\"https:\/\/demostore.ai\/vi\/san-pham\/nhan-kim-cuong-vang-trang\/#primaryimage\"},\"image\":{\"@id\":\"https:\/\/demostore.ai\/vi\/san-pham\/nhan-kim-cuong-vang-trang\/#primaryimage\"},\"thumbnailUrl\":\"https:\/\/demostore.ai\/wp-content\/uploads\/2025\/07\/1-Ring-in-White-Gold-with-Two-Layered-Diamond-6.png\",\"datePublished\":\"2025-07-27T22:55:59+00:00\",\"dateModified\":\"2026-02-18T02:25:22+00:00\",\"description\":\"Nh\u1ea5n nh\u00e1 phong c\u00e1ch v\u1edbi nh\u1eabn kim c\u01b0\u01a1ng v\u00e0ng tr\u1eafng thi\u1ebft k\u1ebf u\u1ed1n l\u01b0\u1ee3n, m\u1eb7t \u0111\u00ednh \u0111\u00e1 n\u1ed5i b\u1eadt. T\u1ecfa s\u00e1ng c\u00f9ng ch\u1ea5t li\u1ec7u cao c\u1ea5p v\u00e0 v\u1ebb \u0111\u1eb9p hi\u1ec7n \u0111\u1ea1i.\",\"breadcrumb\":{\"@id\":\"https:\/\/demostore.ai\/vi\/san-pham\/nhan-kim-cuong-vang-trang\/#breadcrumb\"},\"inLanguage\":\"vi\",\"potentialAction\":[{\"@type\":\"ReadAction\",\"target\":[\"https:\/\/demostore.ai\/vi\/san-pham\/nhan-kim-cuong-vang-trang\/\"]}]},{\"@type\":\"ImageObject\",\"inLanguage\":\"vi\",\"@id\":\"https:\/\/demostore.ai\/vi\/san-pham\/nhan-kim-cuong-vang-trang\/#primaryimage\",\"url\":\"https:\/\/demostore.ai\/wp-content\/uploads\/2025\/07\/1-Ring-in-White-Gold-with-Two-Layered-Diamond-6.png\",\"contentUrl\":\"https:\/\/demostore.ai\/wp-content\/uploads\/2025\/07\/1-Ring-in-White-Gold-with-Two-Layered-Diamond-6.png\",\"width\":1000,\"height\":221,\"caption\":\"Nh\u1eabn kim c\u01b0\u01a1ng v\u00e0ng tr\u1eafng thi\u1ebft k\u1ebf u\u1ed1n l\u01b0\u1ee3n, g\u1eafn nhi\u1ec1u vi\u00ean kim c\u01b0\u01a1ng s\u00e1ng l\u1ea5p l\u00e1nh.\"},{\"@type\":\"BreadcrumbList\",\"@id\":\"https:\/\/demostore.ai\/vi\/san-pham\/nhan-kim-cuong-vang-trang\/#breadcrumb\",\"itemListElement\":[{\"@type\":\"ListItem\",\"position\":1,\"name\":\"Trang ch\u1ee7\",\"item\":\"https:\/\/demostore.ai\/vi\/\"},{\"@type\":\"ListItem\",\"position\":2,\"name\":\"C\u1eeda h\u00e0ng\",\"item\":\"https:\/\/demostore.ai\/vi\/cua-hang\/\"},{\"@type\":\"ListItem\",\"position\":3,\"name\":\"Nh\u1eabn Kim C\u01b0\u01a1ng V\u00e0ng Tr\u1eafng\"}]},{\"@type\":\"WebSite\",\"@id\":\"https:\/\/demostore.ai\/vi\/#website\",\"url\":\"https:\/\/demostore.ai\/vi\/\",\"name\":\"Trendy Thread\",\"description\":\"C\u1eeda h\u00e0ng demo WriteText.ai\",\"publisher\":{\"@id\":\"https:\/\/demostore.ai\/vi\/#organization\"},\"potentialAction\":[{\"@type\":\"SearchAction\",\"target\":{\"@type\":\"EntryPoint\",\"urlTemplate\":\"https:\/\/demostore.ai\/vi\/?s={search_term_string}\"},\"query-input\":{\"@type\":\"PropertyValueSpecification\",\"valueRequired\":true,\"valueName\":\"search_term_string\"}}],\"inLanguage\":\"vi\"},{\"@type\":\"Organization\",\"@id\":\"https:\/\/demostore.ai\/vi\/#organization\",\"name\":\"WriteText.ai\",\"url\":\"https:\/\/demostore.ai\/vi\/\",\"logo\":{\"@type\":\"ImageObject\",\"inLanguage\":\"vi\",\"@id\":\"https:\/\/demostore.ai\/vi\/#\/schema\/logo\/image\/\",\"url\":\"https:\/\/demostore.ai\/wp-content\/uploads\/2025\/10\/writetext_logo.webp\",\"contentUrl\":\"https:\/\/demostore.ai\/wp-content\/uploads\/2025\/10\/writetext_logo.webp\",\"width\":200,\"height\":34,\"caption\":\"WriteText.ai\"},\"image\":{\"@id\":\"https:\/\/demostore.ai\/vi\/#\/schema\/logo\/image\/\"}}]}<\/script>\n<!-- \/ Yoast SEO plugin. -->","yoast_head_json":{"title":"Top-Rated Nh\u1eabn Kim C\u01b0\u01a1ng V\u00e0ng Tr\u1eafng Thanh L\u1ecbch D\u00e0nh Ri\u00eang Cho B\u1ea1n","description":"Nh\u1ea5n nh\u00e1 phong c\u00e1ch v\u1edbi nh\u1eabn kim c\u01b0\u01a1ng v\u00e0ng tr\u1eafng thi\u1ebft k\u1ebf u\u1ed1n l\u01b0\u1ee3n, m\u1eb7t \u0111\u00ednh \u0111\u00e1 n\u1ed5i b\u1eadt. T\u1ecfa s\u00e1ng c\u00f9ng ch\u1ea5t li\u1ec7u cao c\u1ea5p v\u00e0 v\u1ebb \u0111\u1eb9p hi\u1ec7n \u0111\u1ea1i.","robots":{"index":"index","follow":"follow","max-snippet":"max-snippet:-1","max-image-preview":"max-image-preview:large","max-video-preview":"max-video-preview:-1"},"canonical":"https:\/\/demostore.ai\/vi\/san-pham\/nhan-kim-cuong-vang-trang\/","og_type":"article","og_title":"Top-Rated Nh\u1eabn Kim C\u01b0\u01a1ng V\u00e0ng Tr\u1eafng Thanh L\u1ecbch D\u00e0nh Ri\u00eang Cho B\u1ea1n","og_description":"V\u1ebb \u0111\u1eb9p thanh l\u1ecbch \u0111\u01b0\u1ee3c t\u00f4n vinh qua nh\u1eabn kim c\u01b0\u01a1ng v\u00e0ng tr\u1eafng d\u00e1ng u\u1ed1n l\u01b0\u1ee3n, \u0111\u00ednh \u0111\u00e1 t\u1ef1 nhi\u00ean. N\u00e2ng t\u1ea7m phong c\u00e1ch v\u1edbi \u0111i\u1ec3m nh\u1ea5n l\u1ea5p l\u00e1nh v\u00e0 ch\u1ea5t li\u1ec7u cao c\u1ea5p.","og_url":"https:\/\/demostore.ai\/vi\/san-pham\/nhan-kim-cuong-vang-trang\/","og_site_name":"Trendy Thread","article_modified_time":"2026-02-18T02:25:22+00:00","og_image":[{"width":1000,"height":221,"url":"https:\/\/demostore.ai\/wp-content\/uploads\/2025\/07\/1-Ring-in-White-Gold-with-Two-Layered-Diamond-6.png","type":"image\/png"}],"twitter_card":"summary_large_image","twitter_title":"Top-Rated Nh\u1eabn Kim C\u01b0\u01a1ng V\u00e0ng Tr\u1eafng Thanh L\u1ecbch D\u00e0nh Ri\u00eang Cho B\u1ea1n","twitter_description":"V\u1ebb \u0111\u1eb9p thanh l\u1ecbch \u0111\u01b0\u1ee3c t\u00f4n vinh qua nh\u1eabn kim c\u01b0\u01a1ng v\u00e0ng tr\u1eafng d\u00e1ng u\u1ed1n l\u01b0\u1ee3n, \u0111\u00ednh \u0111\u00e1 t\u1ef1 nhi\u00ean. N\u00e2ng t\u1ea7m phong c\u00e1ch v\u1edbi \u0111i\u1ec3m nh\u1ea5n l\u1ea5p l\u00e1nh v\u00e0 ch\u1ea5t li\u1ec7u cao c\u1ea5p.","twitter_misc":{"\u01af\u1edbc t\u00ednh th\u1eddi gian \u0111\u1ecdc":"1 ph\u00fat"},"schema":{"@context":"https:\/\/schema.org","@graph":[{"@type":"WebPage","@id":"https:\/\/demostore.ai\/vi\/san-pham\/nhan-kim-cuong-vang-trang\/","url":"https:\/\/demostore.ai\/vi\/san-pham\/nhan-kim-cuong-vang-trang\/","name":"Top-Rated Nh\u1eabn Kim C\u01b0\u01a1ng V\u00e0ng Tr\u1eafng Thanh L\u1ecbch D\u00e0nh Ri\u00eang Cho B\u1ea1n","isPartOf":{"@id":"https:\/\/demostore.ai\/vi\/#website"},"primaryImageOfPage":{"@id":"https:\/\/demostore.ai\/vi\/san-pham\/nhan-kim-cuong-vang-trang\/#primaryimage"},"image":{"@id":"https:\/\/demostore.ai\/vi\/san-pham\/nhan-kim-cuong-vang-trang\/#primaryimage"},"thumbnailUrl":"https:\/\/demostore.ai\/wp-content\/uploads\/2025\/07\/1-Ring-in-White-Gold-with-Two-Layered-Diamond-6.png","datePublished":"2025-07-27T22:55:59+00:00","dateModified":"2026-02-18T02:25:22+00:00","description":"Nh\u1ea5n nh\u00e1 phong c\u00e1ch v\u1edbi nh\u1eabn kim c\u01b0\u01a1ng v\u00e0ng tr\u1eafng thi\u1ebft k\u1ebf u\u1ed1n l\u01b0\u1ee3n, m\u1eb7t \u0111\u00ednh \u0111\u00e1 n\u1ed5i b\u1eadt. T\u1ecfa s\u00e1ng c\u00f9ng ch\u1ea5t li\u1ec7u cao c\u1ea5p v\u00e0 v\u1ebb \u0111\u1eb9p hi\u1ec7n \u0111\u1ea1i.","breadcrumb":{"@id":"https:\/\/demostore.ai\/vi\/san-pham\/nhan-kim-cuong-vang-trang\/#breadcrumb"},"inLanguage":"vi","potentialAction":[{"@type":"ReadAction","target":["https:\/\/demostore.ai\/vi\/san-pham\/nhan-kim-cuong-vang-trang\/"]}]},{"@type":"ImageObject","inLanguage":"vi","@id":"https:\/\/demostore.ai\/vi\/san-pham\/nhan-kim-cuong-vang-trang\/#primaryimage","url":"https:\/\/demostore.ai\/wp-content\/uploads\/2025\/07\/1-Ring-in-White-Gold-with-Two-Layered-Diamond-6.png","contentUrl":"https:\/\/demostore.ai\/wp-content\/uploads\/2025\/07\/1-Ring-in-White-Gold-with-Two-Layered-Diamond-6.png","width":1000,"height":221,"caption":"Nh\u1eabn kim c\u01b0\u01a1ng v\u00e0ng tr\u1eafng thi\u1ebft k\u1ebf u\u1ed1n l\u01b0\u1ee3n, g\u1eafn nhi\u1ec1u vi\u00ean kim c\u01b0\u01a1ng s\u00e1ng l\u1ea5p l\u00e1nh."},{"@type":"BreadcrumbList","@id":"https:\/\/demostore.ai\/vi\/san-pham\/nhan-kim-cuong-vang-trang\/#breadcrumb","itemListElement":[{"@type":"ListItem","position":1,"name":"Trang ch\u1ee7","item":"https:\/\/demostore.ai\/vi\/"},{"@type":"ListItem","position":2,"name":"C\u1eeda h\u00e0ng","item":"https:\/\/demostore.ai\/vi\/cua-hang\/"},{"@type":"ListItem","position":3,"name":"Nh\u1eabn Kim C\u01b0\u01a1ng V\u00e0ng Tr\u1eafng"}]},{"@type":"WebSite","@id":"https:\/\/demostore.ai\/vi\/#website","url":"https:\/\/demostore.ai\/vi\/","name":"Trendy Thread","description":"C\u1eeda h\u00e0ng demo WriteText.ai","publisher":{"@id":"https:\/\/demostore.ai\/vi\/#organization"},"potentialAction":[{"@type":"SearchAction","target":{"@type":"EntryPoint","urlTemplate":"https:\/\/demostore.ai\/vi\/?s={search_term_string}"},"query-input":{"@type":"PropertyValueSpecification","valueRequired":true,"valueName":"search_term_string"}}],"inLanguage":"vi"},{"@type":"Organization","@id":"https:\/\/demostore.ai\/vi\/#organization","name":"WriteText.ai","url":"https:\/\/demostore.ai\/vi\/","logo":{"@type":"ImageObject","inLanguage":"vi","@id":"https:\/\/demostore.ai\/vi\/#\/schema\/logo\/image\/","url":"https:\/\/demostore.ai\/wp-content\/uploads\/2025\/10\/writetext_logo.webp","contentUrl":"https:\/\/demostore.ai\/wp-content\/uploads\/2025\/10\/writetext_logo.webp","width":200,"height":34,"caption":"WriteText.ai"},"image":{"@id":"https:\/\/demostore.ai\/vi\/#\/schema\/logo\/image\/"}}]}},"_links":{"self":[{"href":"https:\/\/demostore.ai\/vi\/wp-json\/wp\/v2\/product\/35369","targetHints":{"allow":["GET"]}}],"collection":[{"href":"https:\/\/demostore.ai\/vi\/wp-json\/wp\/v2\/product"}],"about":[{"href":"https:\/\/demostore.ai\/vi\/wp-json\/wp\/v2\/types\/product"}],"replies":[{"embeddable":true,"href":"https:\/\/demostore.ai\/vi\/wp-json\/wp\/v2\/comments?post=35369"}],"wp:featuredmedia":[{"embeddable":true,"href":"https:\/\/demostore.ai\/vi\/wp-json\/wp\/v2\/media\/33226"}],"wp:attachment":[{"href":"https:\/\/demostore.ai\/vi\/wp-json\/wp\/v2\/media?parent=35369"}],"wp:term":[{"taxonomy":"product_brand","embeddable":true,"href":"https:\/\/demostore.ai\/vi\/wp-json\/wp\/v2\/product_brand?post=35369"},{"taxonomy":"product_cat","embeddable":true,"href":"https:\/\/demostore.ai\/vi\/wp-json\/wp\/v2\/product_cat?post=35369"},{"taxonomy":"product_tag","embeddable":true,"href":"https:\/\/demostore.ai\/vi\/wp-json\/wp\/v2\/product_tag?post=35369"}],"curies":[{"name":"wp","href":"https:\/\/api.w.org\/{rel}","templated":true}]}}