{"id":34655,"date":"2025-06-16T06:00:30","date_gmt":"2025-06-15T22:00:30","guid":{"rendered":"https:\/\/demostore.ai\/?post_type=product&#038;p=34655"},"modified":"2026-02-17T22:40:37","modified_gmt":"2026-02-17T14:40:37","slug":"xiaomi-smart-band-9","status":"publish","type":"product","link":"https:\/\/demostore.ai\/vi\/san-pham\/xiaomi-smart-band-9\/","title":{"rendered":"Xiaomi Smart Band 9"},"content":{"rendered":"<section data-wtai-block-id=\"wtai_product_description_features\" class=\"wtai-section wtai-features-section\">\n<h2>N\u1ed5i B\u1eadt S\u1ea3n Ph\u1ea9m<\/h2>\n<ul>\n<li>M\u00e0n h\u00ecnh c\u1ea3m \u1ee9ng AMOLED 1,62 inch s\u1eafc n\u00e9t, hi\u1ec3n th\u1ecb s\u1ed1ng \u0111\u1ed9ng, \u0111\u1ed9 s\u00e1ng t\u1ed1i \u0111a 1.200 nit v\u00e0 t\u1ef1 \u0111\u1ed9ng \u0111i\u1ec1u ch\u1ec9nh nh\u1edd c\u1ea3m bi\u1ebfn \u00e1nh s\u00e1ng.<\/li>\n<li>Theo d\u00f5i s\u1ee9c kho\u1ebb to\u00e0n di\u1ec7n: \u0111o nh\u1ecbp tim li\u00ean t\u1ee5c, SpO\u2082, qu\u1ea3n l\u00fd gi\u1ea5c ng\u1ee7, m\u1ee9c \u0111\u1ed9 stress v\u1edbi c\u1ea3m bi\u1ebfn \u0111a d\u1ea1ng n\u00e2ng cao \u0111\u1ed9 ch\u00ednh x\u00e1c.<\/li>\n<li>H\u01a1n 150 ch\u1ebf \u0111\u1ed9 luy\u1ec7n t\u1eadp v\u00e0 theo d\u00f5i v\u1eadn \u0111\u1ed9ng gi\u00fap \u0111a d\u1ea1ng h\u00f3a b\u00e0i t\u1eadp, ph\u00f9 h\u1ee3p v\u1edbi nhi\u1ec1u s\u1edf th\u00edch th\u1ec3 thao kh\u00e1c nhau.<\/li>\n<li>Thi\u1ebft k\u1ebf c\u1ef1c nh\u1eb9 ch\u1ec9 15,8 g v\u1edbi th\u00e2n m\u00e1y h\u1ee3p kim nh\u00f4m, d\u00e2y \u0111eo c\u1ed5 tay m\u1ec1m m\u1ea1i, ki\u1ec3u d\u00e1ng hi\u1ec7n \u0111\u1ea1i d\u1ec5 ph\u1ed1i.<\/li>\n<li>Kh\u00e1ng n\u01b0\u1edbc chu\u1ea9n 5 ATM, d\u00f9ng an to\u00e0n khi b\u01a1i; pin tr\u00e2u \u0111\u1ebfn 21 ng\u00e0y cho tr\u1ea3i nghi\u1ec7m kh\u00f4ng gi\u00e1n \u0111o\u1ea1n.<\/li>\n<\/ul>\n<\/section>\n<div data-wtai-block-id=\"wtai_product_description_image_1753694476277\" class=\"wtai-section wtai-image_1753694476277-section\">\n<figure class=\"wtai-image-p wtai-align-center\" style=\"text-align:center\"><img decoding=\"async\" src=\"https:\/\/demostore.ai\/wp-content\/uploads\/2025\/06\/Smartwatch-2-scaled-2.png\" alt=\"V\u00f2ng \u0111eo tay th\u00f4ng minh Xiaomi Smart Band 9 hi\u1ec3n th\u1ecb gi\u1edd, ng\u00e0y v\u00e0 giao di\u1ec7n thi\u1ebft k\u1ebf hi\u1ec7n \u0111\u1ea1i tr\u00ean m\u00e0n h\u00ecnh.\" srcset=\"https:\/\/demostore.ai\/wp-content\/uploads\/2025\/06\/Smartwatch-2-scaled-2.png 470w, https:\/\/demostore.ai\/wp-content\/uploads\/2025\/06\/Smartwatch-2-scaled-2-141x300.png 141w\"><figcaption>\n<p>M\u00e0n h\u00ecnh hi\u1ec3n th\u1ecb s\u1eafc n\u00e9t v\u1edbi s\u1ed1 l\u1edbn, d\u1ec5 nh\u00ecn, \u0111i k\u00e8m ho\u1ea1 ti\u1ebft hi\u1ec7n \u0111\u1ea1i tr\u1ebb trung.<\/p>\n<\/figcaption><\/figure>\n<\/p><\/div>\n<section data-wtai-block-id=\"wtai_product_description_advantages\" class=\"wtai-section wtai-advantages-section\">\n<h2>L\u1ee3i Th\u1ebf Khi S\u1eed D\u1ee5ng<\/h2>\n<p><em>V\u00f2ng \u0111eo tay t\u1ed1i \u01b0u vi\u1ec7c ch\u0103m s\u00f3c s\u1ee9c kh\u1ecfe c\u00e1 nh\u00e2n khi t\u00edch h\u1ee3p nhi\u1ec1u ch\u1ec9 s\u1ed1 quan tr\u1ecdng nh\u01b0 nh\u1ecbp tim, SpO\u2082 v\u00e0 gi\u1ea5c ng\u1ee7, ph\u00f9 h\u1ee3p nh\u1ecbp s\u1ed1ng hi\u1ec7n \u0111\u1ea1i.<\/em><\/p>\n<p><em>M\u00e0n h\u00ecnh l\u1edbn, m\u00e0u s\u1eafc hi\u1ec3n th\u1ecb r\u00f5 r\u00e0ng, d\u1ec5 quan s\u00e1t ngo\u00e0i tr\u1eddi hay trong nh\u00e0, gi\u00fap c\u1eadp nh\u1eadt th\u00f4ng tin m\u1ecdi l\u00fac.<\/em><\/p>\n<p><em>H\u01a1n 150 ch\u1ebf \u0111\u1ed9 v\u1eadn \u0111\u1ed9ng c\u00f9ng t\u00ednh n\u0103ng c\u00e1 nh\u00e2n h\u00f3a giao di\u1ec7n gi\u00fap t\u0103ng h\u1ee9ng th\u00fa t\u1eadp luy\u1ec7n, kh\u00f4ng ng\u1ea1i th\u1eed th\u00e1ch m\u1edbi.<\/em><\/p>\n<p><em>Kh\u1ea3 n\u0103ng kh\u00e1ng n\u01b0\u1edbc gi\u00fap an t\u00e2m s\u1eed d\u1ee5ng trong c\u00e1c ho\u1ea1t \u0111\u1ed9ng th\u1ec3 thao ngo\u00e0i tr\u1eddi, b\u01a1i l\u1ed9i m\u00e0 kh\u00f4ng lo h\u01b0 h\u1ea1i.<\/em><\/p>\n<p><em>Th\u1eddi l\u01b0\u1ee3ng pin \u0111\u1ebfn ba tu\u1ea7n gi\u1ea3m thi\u1ec3u th\u1eddi gian s\u1ea1c l\u1ea1i, \u0111\u00e1p \u1ee9ng t\u1ed1i \u0111a cho ng\u01b0\u1eddi d\u00f9ng b\u1eadn r\u1ed9n, th\u01b0\u1eddng xuy\u00ean di chuy\u1ec3n.<\/em><\/p>\n<\/section>\n<section data-wtai-block-id=\"wtai_product_description_benefits\" class=\"wtai-section wtai-benefits-section\">\n<h3>\u00cdch L\u1ee3i Thi\u1ebft Th\u1ef1c<\/h3>\n<ul>\n<li>Gi\u00fap ki\u1ec3m so\u00e1t c\u00e1c ch\u1ec9 s\u1ed1 s\u1ee9c kh\u1ecfe c\u01a1 b\u1ea3n h\u1eb1ng ng\u00e0y, nh\u1ea5t l\u00e0 v\u1edbi ng\u01b0\u1eddi b\u1eadn r\u1ed9n ho\u1eb7c \u00edt c\u00f3 th\u1eddi gian \u0111\u1ebfn ph\u00f2ng kh\u00e1m.<\/li>\n<li>T\u00edch h\u1ee3p \u0111a d\u1ea1ng ch\u1ebf \u0111\u1ed9 th\u1ec3 thao, gi\u1ea3i quy\u1ebft n\u1ed7i lo kh\u00f4ng bi\u1ebft ph\u1ea3i t\u1eadp luy\u1ec7n ra sao cho hi\u1ec7u qu\u1ea3.<\/li>\n<li>H\u1ed7 tr\u1ee3 ph\u00e2n t\u00edch ch\u1ea5t l\u01b0\u1ee3ng gi\u1ea5c ng\u1ee7 v\u00e0 nh\u1eafc nh\u1edf v\u1eadn \u0111\u1ed9ng, ph\u00f9 h\u1ee3p ng\u01b0\u1eddi l\u00e0m vi\u1ec7c v\u0103n ph\u00f2ng ho\u1eb7c h\u1ecdc sinh sinh vi\u00ean.<\/li>\n<li>Thi\u1ebft k\u1ebf th\u1eddi trang, linh ho\u1ea1t trong nhi\u1ec1u ho\u00e0n c\u1ea3nh, v\u1eeba theo d\u00f5i s\u1ee9c kh\u1ecfe v\u1eeba l\u00e0m ph\u1ee5 ki\u1ec7n phong c\u00e1ch.<\/li>\n<\/ul>\n<\/section>\n<section data-wtai-block-id=\"wtai_product_description_use_cases\" class=\"wtai-section wtai-use_cases-section\">\n<h3>\u1ee8ng D\u1ee5ng Th\u1ef1c T\u1ebf<\/h3>\n<ol>\n<li>\u0110eo khi v\u1eadn \u0111\u1ed9ng m\u1ecdi n\u01a1i: \u0111i b\u1ed9, ch\u1ea1y b\u1ed9, \u0111\u1ea1p xe, t\u1eadp gym, yoga ho\u1eb7c b\u01a1i l\u1ed9i.<\/li>\n<li>Theo d\u00f5i s\u1ee9c kh\u1ecfe h\u1eb1ng ng\u00e0y: nh\u1ecbp tim, m\u1ee9c stress, ch\u1ec9 s\u1ed1 SpO\u2082 v\u00e0 ch\u1ea5t l\u01b0\u1ee3ng gi\u1ea5c ng\u1ee7.<\/li>\n<li>\u0110\u1ed3ng b\u1ed9 v\u1edbi \u0111i\u1ec7n tho\u1ea1i nh\u1eadn th\u00f4ng b\u00e1o cu\u1ed9c g\u1ecdi, tin nh\u1eafn, l\u1ecbch h\u1eb9n ti\u1ec7n l\u1ee3i.<\/li>\n<li>S\u1eed d\u1ee5ng nh\u01b0 \u0111\u1ed3ng h\u1ed3 \u0111i\u1ec7n t\u1eed \u0111a n\u0103ng: \u0111\u1eb7t b\u00e1o th\u1ee9c, h\u1eb9n gi\u1edd, theo d\u00f5i th\u1eddi ti\u1ebft theo th\u1eddi gian th\u1ef1c.<\/li>\n<li>T\u00f9y ch\u1ec9nh m\u1eb7t \u0111\u1ed3ng h\u1ed3 c\u00e1 nh\u00e2n ho\u00e1 phong c\u00e1ch, thay \u0111\u1ed5i ph\u00f9 h\u1ee3p v\u1edbi t\u1eebng ho\u1ea1t \u0111\u1ed9ng ho\u1eb7c bu\u1ed5i ti\u1ec7c.<\/li>\n<\/ol>\n<\/section>\n<div data-wtai-block-id=\"wtai_product_description_image_1\" class=\"wtai-section wtai-image_1-section\">\n<figure class=\"wtai-image-p wtai-align-center\" style=\"text-align:center\"><img decoding=\"async\" src=\"https:\/\/demostore.ai\/wp-content\/uploads\/2025\/06\/Smartwatch-1-scaled-2-600x715.png\" alt=\"V\u00f2ng \u0111eo tay th\u00f4ng minh Xiaomi Smart Band 9 m\u00e0u x\u00e1m, m\u00e0n h\u00ecnh c\u1ea3m \u1ee9ng hi\u1ec3n th\u1ecb gi\u1edd v\u00e0 ng\u00e0y.\" srcset=\"https:\/\/demostore.ai\/wp-content\/uploads\/2025\/06\/Smartwatch-1-scaled-2.png 705w, https:\/\/demostore.ai\/wp-content\/uploads\/2025\/06\/Smartwatch-1-scaled-2-252x300.png 252w, https:\/\/demostore.ai\/wp-content\/uploads\/2025\/06\/Smartwatch-1-scaled-2-600x715.png 600w\"><\/figure>\n<\/p><\/div>\n<section data-wtai-block-id=\"wtai_product_description_technical_specifications\" class=\"wtai-section wtai-technical_specifications-section\">\n<h2>Th\u00f4ng S\u1ed1 K\u1ef9 Thu\u1eadt<\/h2>\n<ul>\n<li><strong>M\u00e0n h\u00ecnh<\/strong>: AMOLED 1,62&quot;<\/li>\n<li><strong>\u0110\u1ed9 ph\u00e2n gi\u1ea3i<\/strong>: 192 \u00d7 490<\/li>\n<li><strong>\u0110\u1ed9 s\u00e1ng t\u1ed1i \u0111a<\/strong>: 1.200 nit<\/li>\n<li><strong>T\u1ea7n s\u1ed1 qu\u00e9t m\u00e0n h\u00ecnh<\/strong>: 60 Hz<\/li>\n<li><strong>K\u00edch th\u01b0\u1edbc<\/strong>: 46,53 \u00d7 21,63 \u00d7 10,95 mm<\/li>\n<li><strong>Kh\u1ed1i l\u01b0\u1ee3ng<\/strong>: 15,8 g<\/li>\n<li><strong>Ch\u1ea5t li\u1ec7u v\u1ecf<\/strong>: H\u1ee3p kim nh\u00f4m<\/li>\n<li><strong>C\u1ea3m bi\u1ebfn<\/strong>: Gia t\u1ed1c 3 tr\u1ee5c, con quay h\u1ed3i chuy\u1ec3n, nh\u1ecbp tim quang h\u1ecdc, \u00e1nh s\u00e1ng xung quanh<\/li>\n<li><strong>Kh\u00e1ng n\u01b0\u1edbc<\/strong>: 5 ATM (l\u00ean t\u1edbi 50 m)<\/li>\n<li><strong>Th\u1eddi l\u01b0\u1ee3ng pin<\/strong>: L\u00ean t\u1edbi 21 ng\u00e0y<\/li>\n<li><strong>Th\u1eddi gian s\u1ea1c<\/strong>: Kho\u1ea3ng 1 gi\u1edd<\/li>\n<li><strong>K\u1ebft n\u1ed1i<\/strong>: Bluetooth 5.3<\/li>\n<li><strong>S\u1ed1 l\u01b0\u1ee3ng ch\u1ebf \u0111\u1ed9 t\u1eadp luy\u1ec7n<\/strong>: H\u01a1n 150<\/li>\n<li><strong>S\u1ed1 l\u01b0\u1ee3ng m\u1eb7t \u0111\u1ed3ng h\u1ed3<\/strong>: H\u01a1n 200<\/li>\n<li><strong>T\u01b0\u01a1ng th\u00edch<\/strong>: Android 8.0 v\u00e0 iOS 12 tr\u1edf l\u00ean<\/li>\n<\/ul>\n<\/section>\n<div data-wtai-block-id=\"wtai_product_description_image_1753694484745\" class=\"wtai-section wtai-image_1753694484745-section\">\n<figure class=\"wtai-image-p wtai-align-center\" style=\"text-align:center\"><img decoding=\"async\" src=\"https:\/\/demostore.ai\/wp-content\/uploads\/2025\/06\/Smartwatch-4-scaled-2.png\" alt=\"C\u1eadn c\u1ea3nh m\u1eb7t sau v\u00f2ng \u0111eo tay th\u00f4ng minh Xiaomi Smart Band 9 v\u1edbi c\u1ea3m bi\u1ebfn theo d\u00f5i s\u1ee9c kh\u1ecfe.\" srcset=\"https:\/\/demostore.ai\/wp-content\/uploads\/2025\/06\/Smartwatch-4-scaled-2.png 460w, https:\/\/demostore.ai\/wp-content\/uploads\/2025\/06\/Smartwatch-4-scaled-2-138x300.png 138w\"><figcaption>\n<p>M\u1eb7t sau t\u00edch h\u1ee3p c\u1ea3m bi\u1ebfn theo d\u00f5i s\u1ee9c kho\u1ebb, d\u00e2y \u0111eo silicone \u00f4m s\u00e1t c\u1ed5 tay ti\u1ec7n d\u1ee5ng.<\/p>\n<\/figcaption><\/figure>\n<\/p><\/div>\n<section data-wtai-block-id=\"wtai_product_description_faqs\" class=\"wtai-section wtai-faqs-section\">\n<h2>C\u00e2u H\u1ecfi Th\u01b0\u1eddng G\u1eb7p<\/h2>\n<p><strong>Xiaomi Smart Band 9 c\u00f3 ch\u1ed1ng n\u01b0\u1edbc khi \u0111i b\u01a1i kh\u00f4ng?<\/strong> <br \/> Thi\u1ebft b\u1ecb \u0111\u1ea1t chu\u1ea9n kh\u00e1ng n\u01b0\u1edbc 5 ATM n\u00ean c\u00f3 th\u1ec3 s\u1eed d\u1ee5ng khi b\u01a1i, tuy nhi\u00ean kh\u00f4ng khuy\u1ebfn kh\u00edch d\u00f9ng trong ph\u00f2ng x\u00f4ng h\u01a1i ho\u1eb7c l\u1eb7n bi\u1ec3n.<\/p>\n<p><strong>S\u1ea1c pin Xiaomi Smart Band 9 m\u1ea5t bao l\u00e2u?<\/strong> <br \/> Th\u1eddi gian s\u1ea1c \u0111\u1ea7y thi\u1ebft b\u1ecb kho\u1ea3ng 1 gi\u1edd v\u1edbi \u0111i\u1ec1u ki\u1ec7n s\u1eed d\u1ee5ng b\u1ed9 s\u1ea1c ti\u00eau chu\u1ea9n \u0111i k\u00e8m.<\/p>\n<p><strong>C\u00f3 th\u1ec3 thay d\u00e2y \u0111eo v\u1edbi c\u00e1c lo\u1ea1i d\u00e2y n\u00e0o?<\/strong> <br \/> Thi\u1ebft b\u1ecb h\u1ed7 tr\u1ee3 nhi\u1ec1u lo\u1ea1i d\u00e2y thay th\u1ebf chu\u1ea9n, gi\u00fap tu\u1ef3 ch\u1ec9nh phong c\u00e1ch d\u1ec5 d\u00e0ng theo \u00fd th\u00edch.<\/p>\n<p><strong>C\u00f3 h\u1ed7 tr\u1ee3 nh\u1eadn th\u00f4ng b\u00e1o t\u1eeb \u0111i\u1ec7n tho\u1ea1i kh\u00f4ng?<\/strong> <br \/> Band h\u1ed7 tr\u1ee3 \u0111\u1ed3ng b\u1ed9 nh\u1eadn th\u00f4ng b\u00e1o cu\u1ed9c g\u1ecdi, tin nh\u1eafn, \u1ee9ng d\u1ee5ng v\u00e0 l\u1ecbch tr\u00ean smartphone qua Bluetooth.<\/p>\n<p><strong>Kh\u1ea3 n\u0103ng theo d\u00f5i s\u1ee9c kho\u1ebb c\u1ee7a Smart Band 9 c\u00f3 ch\u00ednh x\u00e1c kh\u00f4ng?<\/strong> <br \/> Thi\u1ebft b\u1ecb s\u1eed d\u1ee5ng c\u1ea3m bi\u1ebfn quang h\u1ecdc c\u1ea3i ti\u1ebfn, \u0111\u1ed9 ch\u00ednh x\u00e1c cao h\u01a1n so v\u1edbi c\u00e1c th\u1ebf h\u1ec7 tr\u01b0\u1edbc, \u0111\u1eb7c bi\u1ec7t v\u1edbi nh\u1ecbp tim v\u00e0 ph\u00e2n t\u00edch gi\u1ea5c ng\u1ee7.<\/p>\n<\/section>\n<div data-wtai-block-id=\"wtai_product_description_conclusion\" class=\"wtai-section wtai-conclusion-section\">\n<p><strong>Xiaomi Smart Band 9 mang t\u1edbi gi\u1ea3i ph\u00e1p theo d\u00f5i s\u1ee9c kh\u1ecfe v\u00e0 v\u1eadn \u0111\u1ed9ng to\u00e0n di\u1ec7n v\u1edbi thi\u1ebft k\u1ebf th\u1eddi trang, t\u00ednh n\u0103ng t\u1ed1i \u01b0u v\u00e0 pin v\u01b0\u1ee3t tr\u1ed9i.<\/strong> <strong>N\u1ebfu mu\u1ed1n n\u00e2ng t\u1ea7m tr\u1ea3i nghi\u1ec7m s\u1ed1ng th\u00f4ng minh, hi\u1ec7n \u0111\u1ea1i v\u00e0 ch\u1ee7 \u0111\u1ed9ng ch\u0103m s\u00f3c b\u1ea3n th\u00e2n, h\u00e3y c\u1eadp nh\u1eadt c\u00f4ng ngh\u1ec7 n\u00e0y ngay h\u00f4m nay \u0111\u1ec3 kh\u00f4ng b\u1ecf l\u1ee1 nh\u1eefng ti\u1ec7n \u00edch thi\u1ebft th\u1ef1c.<\/strong><\/p>\n<\/p><\/div>\n","protected":false},"excerpt":{"rendered":"<div data-wtai-block-id=\"wtai_excerpt_subtitle\" class=\"wtai-section wtai-subtitle-section\">\n<p><em><strong>Theo d\u00f5i s\u1ee9c kh\u1ecfe ch\u1ee7 \u0111\u1ed9ng, thi\u1ebft k\u1ebf g\u1ecdn nh\u1eb9 th\u1eddi th\u01b0\u1ee3ng<\/strong><\/em><\/p>\n<\/p><\/div>\n<div data-wtai-block-id=\"wtai_excerpt_introduction\" class=\"wtai-section wtai-introduction-section\">\n<p>Ph\u1ea3i n\u00f3i l\u00e0 chi\u1ebfc v\u00f2ng \u0111eo tay n\u00e0y h\u1ee3p v\u1edbi m\u1ecdi \u0111\u1ed9 tu\u1ed5i \u0111ang mu\u1ed1n ch\u1ee7 \u0111\u1ed9ng ki\u1ec3m so\u00e1t s\u1ee9c kh\u1ecfe c\u00e1 nh\u00e2n l\u1eabn n\u00e2ng t\u1ea7m phong c\u00e1ch c\u00f4ng ngh\u1ec7. Fit nh\u1eb9 nh\u00e0ng tr\u00ean c\u1ed5 tay v\u1edbi m\u00e0n h\u00ecnh cong tr\u00e0n vi\u1ec1n, s\u1ea3n ph\u1ea9m gi\u00fap c\u1eadp nh\u1eadt th\u00f4ng tin t\u1eadp luy\u1ec7n, nh\u1ecbp tim, gi\u1ea5c ng\u1ee7&#8230; ch\u1ec9 v\u1edbi m\u1ed9t l\u1ea7n l\u01b0\u1edbt nh\u1eb9. Thi\u1ebft k\u1ebf hi\u1ec7n \u0111\u1ea1i, menu tr\u1ef1c quan, d\u00f9ng trong m\u1ecdi ho\u1ea1t \u0111\u1ed9ng ngo\u00e0i tr\u1eddi l\u1eabn trong nh\u00e0 nh\u1edd ch\u1ed1ng n\u01b0\u1edbc, pin b\u1ec1n b\u1ec9. Ch\u1ec9 c\u1ea7n \u0111eo l\u00e0 \u0111\u00e3 c\u00f3 th\u1ec3 b\u1eaft k\u1ecbp nh\u1ecbp s\u1ed1ng n\u0103ng \u0111\u1ed9ng.<\/p>\n<\/p><\/div>\n","protected":false},"featured_media":29140,"comment_status":"open","ping_status":"closed","template":"","meta":[],"product_brand":[],"product_cat":[245],"product_tag":[],"class_list":{"0":"post-34655","1":"product","2":"type-product","3":"status-publish","4":"has-post-thumbnail","6":"product_cat-dien-tu","8":"first","9":"instock","10":"shipping-taxable","11":"purchasable","12":"product-type-simple"},"bundled_by":[],"bundle_stock_status":"instock","bundle_stock_quantity":null,"bundle_virtual":false,"bundle_layout":"","bundle_add_to_cart_form_location":"","bundle_editable_in_cart":false,"bundle_sold_individually_context":"","bundle_item_grouping":"","bundle_min_size":"","bundle_max_size":"","bundle_price":[],"bundled_items":[],"bundle_sell_ids":[],"yoast_head":"<!-- This site is optimized with the Yoast SEO plugin v25.2 - https:\/\/yoast.com\/wordpress\/plugins\/seo\/ -->\n<title>Mua Ngay Xiaomi Smart Band 9 Theo D\u00f5i S\u1ee9c Kh\u1ecfe \u0110\u1ec9nh Cao<\/title>\n<meta name=\"description\" content=\"V\u00f2ng tay s\u1ee9c kh\u1ecfe Xiaomi Smart Band 9 v\u1edbi m\u00e0n h\u00ecnh AMOLED 1,62 inch, h\u01a1n 150 ch\u1ebf \u0111\u1ed9 luy\u1ec7n t\u1eadp, pin 21 ng\u00e0y, ch\u1ed1ng n\u01b0\u1edbc 5 ATM. Thi\u1ebft k\u1ebf hi\u1ec7n \u0111\u1ea1i.\" \/>\n<meta name=\"robots\" content=\"index, follow, max-snippet:-1, max-image-preview:large, max-video-preview:-1\" \/>\n<link rel=\"canonical\" href=\"https:\/\/demostore.ai\/vi\/san-pham\/xiaomi-smart-band-9\/\" \/>\n<meta property=\"og:type\" content=\"article\" \/>\n<meta property=\"og:title\" content=\"Mua Ngay Xiaomi Smart Band 9 Theo D\u00f5i S\u1ee9c Kh\u1ecfe \u0110\u1ec9nh Cao\" \/>\n<meta property=\"og:description\" content=\"\u0110\u1ecbnh h\u00ecnh phong c\u00e1ch s\u1ed1ng th\u00f4ng minh c\u00f9ng Xiaomi Smart Band 9, m\u00e0n h\u00ecnh AMOLED r\u1ef1c r\u1ee1, 150+ ch\u1ebf \u0111\u1ed9 t\u1eadp luy\u1ec7n, pin tr\u00e2u 21 ng\u00e0y v\u00e0 kh\u00e1ng n\u01b0\u1edbc 5 ATM, mang l\u1ea1i s\u1ef1 ti\u1ec7n l\u1ee3i v\u00e0 ch\u1ee7 \u0111\u1ed9ng s\u1ee9c kh\u1ecfe m\u1ed7i ng\u00e0y.\" \/>\n<meta property=\"og:url\" content=\"https:\/\/demostore.ai\/vi\/san-pham\/xiaomi-smart-band-9\/\" \/>\n<meta property=\"og:site_name\" content=\"Trendy Thread\" \/>\n<meta property=\"article:modified_time\" content=\"2026-02-17T14:40:37+00:00\" \/>\n<meta property=\"og:image\" content=\"https:\/\/demostore.ai\/wp-content\/uploads\/2025\/06\/Smartwatch-1-scaled-2.png\" \/>\n\t<meta property=\"og:image:width\" content=\"705\" \/>\n\t<meta property=\"og:image:height\" content=\"840\" \/>\n\t<meta property=\"og:image:type\" content=\"image\/png\" \/>\n<meta name=\"twitter:card\" content=\"summary_large_image\" \/>\n<meta name=\"twitter:title\" content=\"Mua Ngay Xiaomi Smart Band 9 Theo D\u00f5i S\u1ee9c Kh\u1ecfe \u0110\u1ec9nh Cao\" \/>\n<meta name=\"twitter:description\" content=\"\u0110\u1ecbnh h\u00ecnh phong c\u00e1ch s\u1ed1ng th\u00f4ng minh c\u00f9ng Xiaomi Smart Band 9, m\u00e0n h\u00ecnh AMOLED r\u1ef1c r\u1ee1, 150+ ch\u1ebf \u0111\u1ed9 t\u1eadp luy\u1ec7n, pin tr\u00e2u 21 ng\u00e0y v\u00e0 kh\u00e1ng n\u01b0\u1edbc 5 ATM, mang l\u1ea1i s\u1ef1 ti\u1ec7n l\u1ee3i v\u00e0 ch\u1ee7 \u0111\u1ed9ng s\u1ee9c kh\u1ecfe m\u1ed7i ng\u00e0y.\" \/>\n<meta name=\"twitter:label1\" content=\"\u01af\u1edbc t\u00ednh th\u1eddi gian \u0111\u1ecdc\" \/>\n\t<meta name=\"twitter:data1\" content=\"1 ph\u00fat\" \/>\n<script type=\"application\/ld+json\" class=\"yoast-schema-graph\">{\"@context\":\"https:\/\/schema.org\",\"@graph\":[{\"@type\":\"WebPage\",\"@id\":\"https:\/\/demostore.ai\/vi\/san-pham\/xiaomi-smart-band-9\/\",\"url\":\"https:\/\/demostore.ai\/vi\/san-pham\/xiaomi-smart-band-9\/\",\"name\":\"Mua Ngay Xiaomi Smart Band 9 Theo D\u00f5i S\u1ee9c Kh\u1ecfe \u0110\u1ec9nh Cao\",\"isPartOf\":{\"@id\":\"https:\/\/demostore.ai\/vi\/#website\"},\"primaryImageOfPage\":{\"@id\":\"https:\/\/demostore.ai\/vi\/san-pham\/xiaomi-smart-band-9\/#primaryimage\"},\"image\":{\"@id\":\"https:\/\/demostore.ai\/vi\/san-pham\/xiaomi-smart-band-9\/#primaryimage\"},\"thumbnailUrl\":\"https:\/\/demostore.ai\/wp-content\/uploads\/2025\/06\/Smartwatch-1-scaled-2.png\",\"datePublished\":\"2025-06-15T22:00:30+00:00\",\"dateModified\":\"2026-02-17T14:40:37+00:00\",\"description\":\"V\u00f2ng tay s\u1ee9c kh\u1ecfe Xiaomi Smart Band 9 v\u1edbi m\u00e0n h\u00ecnh AMOLED 1,62 inch, h\u01a1n 150 ch\u1ebf \u0111\u1ed9 luy\u1ec7n t\u1eadp, pin 21 ng\u00e0y, ch\u1ed1ng n\u01b0\u1edbc 5 ATM. Thi\u1ebft k\u1ebf hi\u1ec7n \u0111\u1ea1i.\",\"breadcrumb\":{\"@id\":\"https:\/\/demostore.ai\/vi\/san-pham\/xiaomi-smart-band-9\/#breadcrumb\"},\"inLanguage\":\"vi\",\"potentialAction\":[{\"@type\":\"ReadAction\",\"target\":[\"https:\/\/demostore.ai\/vi\/san-pham\/xiaomi-smart-band-9\/\"]}]},{\"@type\":\"ImageObject\",\"inLanguage\":\"vi\",\"@id\":\"https:\/\/demostore.ai\/vi\/san-pham\/xiaomi-smart-band-9\/#primaryimage\",\"url\":\"https:\/\/demostore.ai\/wp-content\/uploads\/2025\/06\/Smartwatch-1-scaled-2.png\",\"contentUrl\":\"https:\/\/demostore.ai\/wp-content\/uploads\/2025\/06\/Smartwatch-1-scaled-2.png\",\"width\":705,\"height\":840,\"caption\":\"V\u00f2ng \u0111eo tay th\u00f4ng minh Xiaomi Smart Band 9 m\u00e0u x\u00e1m, m\u00e0n h\u00ecnh c\u1ea3m \u1ee9ng hi\u1ec3n th\u1ecb gi\u1edd v\u00e0 ng\u00e0y.\"},{\"@type\":\"BreadcrumbList\",\"@id\":\"https:\/\/demostore.ai\/vi\/san-pham\/xiaomi-smart-band-9\/#breadcrumb\",\"itemListElement\":[{\"@type\":\"ListItem\",\"position\":1,\"name\":\"Trang ch\u1ee7\",\"item\":\"https:\/\/demostore.ai\/vi\/\"},{\"@type\":\"ListItem\",\"position\":2,\"name\":\"C\u1eeda h\u00e0ng\",\"item\":\"https:\/\/demostore.ai\/vi\/cua-hang\/\"},{\"@type\":\"ListItem\",\"position\":3,\"name\":\"Xiaomi Smart Band 9\"}]},{\"@type\":\"WebSite\",\"@id\":\"https:\/\/demostore.ai\/vi\/#website\",\"url\":\"https:\/\/demostore.ai\/vi\/\",\"name\":\"Trendy Thread\",\"description\":\"C\u1eeda h\u00e0ng demo WriteText.ai\",\"publisher\":{\"@id\":\"https:\/\/demostore.ai\/vi\/#organization\"},\"potentialAction\":[{\"@type\":\"SearchAction\",\"target\":{\"@type\":\"EntryPoint\",\"urlTemplate\":\"https:\/\/demostore.ai\/vi\/?s={search_term_string}\"},\"query-input\":{\"@type\":\"PropertyValueSpecification\",\"valueRequired\":true,\"valueName\":\"search_term_string\"}}],\"inLanguage\":\"vi\"},{\"@type\":\"Organization\",\"@id\":\"https:\/\/demostore.ai\/vi\/#organization\",\"name\":\"WriteText.ai\",\"url\":\"https:\/\/demostore.ai\/vi\/\",\"logo\":{\"@type\":\"ImageObject\",\"inLanguage\":\"vi\",\"@id\":\"https:\/\/demostore.ai\/vi\/#\/schema\/logo\/image\/\",\"url\":\"https:\/\/demostore.ai\/wp-content\/uploads\/2025\/10\/writetext_logo.webp\",\"contentUrl\":\"https:\/\/demostore.ai\/wp-content\/uploads\/2025\/10\/writetext_logo.webp\",\"width\":200,\"height\":34,\"caption\":\"WriteText.ai\"},\"image\":{\"@id\":\"https:\/\/demostore.ai\/vi\/#\/schema\/logo\/image\/\"}}]}<\/script>\n<!-- \/ Yoast SEO plugin. -->","yoast_head_json":{"title":"Mua Ngay Xiaomi Smart Band 9 Theo D\u00f5i S\u1ee9c Kh\u1ecfe \u0110\u1ec9nh Cao","description":"V\u00f2ng tay s\u1ee9c kh\u1ecfe Xiaomi Smart Band 9 v\u1edbi m\u00e0n h\u00ecnh AMOLED 1,62 inch, h\u01a1n 150 ch\u1ebf \u0111\u1ed9 luy\u1ec7n t\u1eadp, pin 21 ng\u00e0y, ch\u1ed1ng n\u01b0\u1edbc 5 ATM. Thi\u1ebft k\u1ebf hi\u1ec7n \u0111\u1ea1i.","robots":{"index":"index","follow":"follow","max-snippet":"max-snippet:-1","max-image-preview":"max-image-preview:large","max-video-preview":"max-video-preview:-1"},"canonical":"https:\/\/demostore.ai\/vi\/san-pham\/xiaomi-smart-band-9\/","og_type":"article","og_title":"Mua Ngay Xiaomi Smart Band 9 Theo D\u00f5i S\u1ee9c Kh\u1ecfe \u0110\u1ec9nh Cao","og_description":"\u0110\u1ecbnh h\u00ecnh phong c\u00e1ch s\u1ed1ng th\u00f4ng minh c\u00f9ng Xiaomi Smart Band 9, m\u00e0n h\u00ecnh AMOLED r\u1ef1c r\u1ee1, 150+ ch\u1ebf \u0111\u1ed9 t\u1eadp luy\u1ec7n, pin tr\u00e2u 21 ng\u00e0y v\u00e0 kh\u00e1ng n\u01b0\u1edbc 5 ATM, mang l\u1ea1i s\u1ef1 ti\u1ec7n l\u1ee3i v\u00e0 ch\u1ee7 \u0111\u1ed9ng s\u1ee9c kh\u1ecfe m\u1ed7i ng\u00e0y.","og_url":"https:\/\/demostore.ai\/vi\/san-pham\/xiaomi-smart-band-9\/","og_site_name":"Trendy Thread","article_modified_time":"2026-02-17T14:40:37+00:00","og_image":[{"width":705,"height":840,"url":"https:\/\/demostore.ai\/wp-content\/uploads\/2025\/06\/Smartwatch-1-scaled-2.png","type":"image\/png"}],"twitter_card":"summary_large_image","twitter_title":"Mua Ngay Xiaomi Smart Band 9 Theo D\u00f5i S\u1ee9c Kh\u1ecfe \u0110\u1ec9nh Cao","twitter_description":"\u0110\u1ecbnh h\u00ecnh phong c\u00e1ch s\u1ed1ng th\u00f4ng minh c\u00f9ng Xiaomi Smart Band 9, m\u00e0n h\u00ecnh AMOLED r\u1ef1c r\u1ee1, 150+ ch\u1ebf \u0111\u1ed9 t\u1eadp luy\u1ec7n, pin tr\u00e2u 21 ng\u00e0y v\u00e0 kh\u00e1ng n\u01b0\u1edbc 5 ATM, mang l\u1ea1i s\u1ef1 ti\u1ec7n l\u1ee3i v\u00e0 ch\u1ee7 \u0111\u1ed9ng s\u1ee9c kh\u1ecfe m\u1ed7i ng\u00e0y.","twitter_misc":{"\u01af\u1edbc t\u00ednh th\u1eddi gian \u0111\u1ecdc":"1 ph\u00fat"},"schema":{"@context":"https:\/\/schema.org","@graph":[{"@type":"WebPage","@id":"https:\/\/demostore.ai\/vi\/san-pham\/xiaomi-smart-band-9\/","url":"https:\/\/demostore.ai\/vi\/san-pham\/xiaomi-smart-band-9\/","name":"Mua Ngay Xiaomi Smart Band 9 Theo D\u00f5i S\u1ee9c Kh\u1ecfe \u0110\u1ec9nh Cao","isPartOf":{"@id":"https:\/\/demostore.ai\/vi\/#website"},"primaryImageOfPage":{"@id":"https:\/\/demostore.ai\/vi\/san-pham\/xiaomi-smart-band-9\/#primaryimage"},"image":{"@id":"https:\/\/demostore.ai\/vi\/san-pham\/xiaomi-smart-band-9\/#primaryimage"},"thumbnailUrl":"https:\/\/demostore.ai\/wp-content\/uploads\/2025\/06\/Smartwatch-1-scaled-2.png","datePublished":"2025-06-15T22:00:30+00:00","dateModified":"2026-02-17T14:40:37+00:00","description":"V\u00f2ng tay s\u1ee9c kh\u1ecfe Xiaomi Smart Band 9 v\u1edbi m\u00e0n h\u00ecnh AMOLED 1,62 inch, h\u01a1n 150 ch\u1ebf \u0111\u1ed9 luy\u1ec7n t\u1eadp, pin 21 ng\u00e0y, ch\u1ed1ng n\u01b0\u1edbc 5 ATM. Thi\u1ebft k\u1ebf hi\u1ec7n \u0111\u1ea1i.","breadcrumb":{"@id":"https:\/\/demostore.ai\/vi\/san-pham\/xiaomi-smart-band-9\/#breadcrumb"},"inLanguage":"vi","potentialAction":[{"@type":"ReadAction","target":["https:\/\/demostore.ai\/vi\/san-pham\/xiaomi-smart-band-9\/"]}]},{"@type":"ImageObject","inLanguage":"vi","@id":"https:\/\/demostore.ai\/vi\/san-pham\/xiaomi-smart-band-9\/#primaryimage","url":"https:\/\/demostore.ai\/wp-content\/uploads\/2025\/06\/Smartwatch-1-scaled-2.png","contentUrl":"https:\/\/demostore.ai\/wp-content\/uploads\/2025\/06\/Smartwatch-1-scaled-2.png","width":705,"height":840,"caption":"V\u00f2ng \u0111eo tay th\u00f4ng minh Xiaomi Smart Band 9 m\u00e0u x\u00e1m, m\u00e0n h\u00ecnh c\u1ea3m \u1ee9ng hi\u1ec3n th\u1ecb gi\u1edd v\u00e0 ng\u00e0y."},{"@type":"BreadcrumbList","@id":"https:\/\/demostore.ai\/vi\/san-pham\/xiaomi-smart-band-9\/#breadcrumb","itemListElement":[{"@type":"ListItem","position":1,"name":"Trang ch\u1ee7","item":"https:\/\/demostore.ai\/vi\/"},{"@type":"ListItem","position":2,"name":"C\u1eeda h\u00e0ng","item":"https:\/\/demostore.ai\/vi\/cua-hang\/"},{"@type":"ListItem","position":3,"name":"Xiaomi Smart Band 9"}]},{"@type":"WebSite","@id":"https:\/\/demostore.ai\/vi\/#website","url":"https:\/\/demostore.ai\/vi\/","name":"Trendy Thread","description":"C\u1eeda h\u00e0ng demo WriteText.ai","publisher":{"@id":"https:\/\/demostore.ai\/vi\/#organization"},"potentialAction":[{"@type":"SearchAction","target":{"@type":"EntryPoint","urlTemplate":"https:\/\/demostore.ai\/vi\/?s={search_term_string}"},"query-input":{"@type":"PropertyValueSpecification","valueRequired":true,"valueName":"search_term_string"}}],"inLanguage":"vi"},{"@type":"Organization","@id":"https:\/\/demostore.ai\/vi\/#organization","name":"WriteText.ai","url":"https:\/\/demostore.ai\/vi\/","logo":{"@type":"ImageObject","inLanguage":"vi","@id":"https:\/\/demostore.ai\/vi\/#\/schema\/logo\/image\/","url":"https:\/\/demostore.ai\/wp-content\/uploads\/2025\/10\/writetext_logo.webp","contentUrl":"https:\/\/demostore.ai\/wp-content\/uploads\/2025\/10\/writetext_logo.webp","width":200,"height":34,"caption":"WriteText.ai"},"image":{"@id":"https:\/\/demostore.ai\/vi\/#\/schema\/logo\/image\/"}}]}},"_links":{"self":[{"href":"https:\/\/demostore.ai\/vi\/wp-json\/wp\/v2\/product\/34655","targetHints":{"allow":["GET"]}}],"collection":[{"href":"https:\/\/demostore.ai\/vi\/wp-json\/wp\/v2\/product"}],"about":[{"href":"https:\/\/demostore.ai\/vi\/wp-json\/wp\/v2\/types\/product"}],"replies":[{"embeddable":true,"href":"https:\/\/demostore.ai\/vi\/wp-json\/wp\/v2\/comments?post=34655"}],"wp:featuredmedia":[{"embeddable":true,"href":"https:\/\/demostore.ai\/vi\/wp-json\/wp\/v2\/media\/29140"}],"wp:attachment":[{"href":"https:\/\/demostore.ai\/vi\/wp-json\/wp\/v2\/media?parent=34655"}],"wp:term":[{"taxonomy":"product_brand","embeddable":true,"href":"https:\/\/demostore.ai\/vi\/wp-json\/wp\/v2\/product_brand?post=34655"},{"taxonomy":"product_cat","embeddable":true,"href":"https:\/\/demostore.ai\/vi\/wp-json\/wp\/v2\/product_cat?post=34655"},{"taxonomy":"product_tag","embeddable":true,"href":"https:\/\/demostore.ai\/vi\/wp-json\/wp\/v2\/product_tag?post=34655"}],"curies":[{"name":"wp","href":"https:\/\/api.w.org\/{rel}","templated":true}]}}