{"id":39206,"date":"2025-07-28T06:51:18","date_gmt":"2025-07-27T22:51:18","guid":{"rendered":"https:\/\/demostore.ai\/?post_type=product&#038;p=39206"},"modified":"2026-02-19T10:49:15","modified_gmt":"2026-02-19T02:49:15","slug":"mercan-detayli-gumus-bros","status":"publish","type":"product","link":"https:\/\/demostore.ai\/tr\/urun\/mercan-detayli-gumus-bros\/","title":{"rendered":"Mercan Detayl\u0131 G\u00fcm\u00fc\u015f Bro\u015f"},"content":{"rendered":"<section data-wtai-block-id=\"wtai_product_description_features\" class=\"wtai-section wtai-features-section\">\n<h2>\u00d6ne \u00c7\u0131kan \u00d6zellikler<\/h2>\n<ul>\n<li><strong>Malzeme:<\/strong> Y\u00fcksek kalite g\u00fcm\u00fc\u015f g\u00f6vdeyle haz\u0131rlanm\u0131\u015ft\u0131r.<\/li>\n<li><strong>Merkez Ta\u015f\u0131:<\/strong> Mercan dokunu\u015flu b\u00fcy\u00fck beyaz inci tasar\u0131m\u0131na sahiptir.<\/li>\n<li><strong>Y\u00fczey \u0130\u015f\u00e7ili\u011fi:<\/strong> Parlat\u0131lm\u0131\u015f ve kabartmal\u0131 detaylar \u00f6zenle i\u015flenmi\u015ftir.<\/li>\n<li><strong>Tasar\u0131m:<\/strong> Zarif deniz mercan\u0131 motifleriyle klasik ve sofistike bir g\u00f6r\u00fcn\u00fcm sunar.<\/li>\n<li><strong>Klips Tipi:<\/strong> G\u00fcvenli i\u011fne bro\u015f kilidi pratik kullan\u0131m sa\u011flar.<\/li>\n<li><strong>El \u0130\u015f\u00e7ili\u011fi:<\/strong> \u0130nce i\u015flenmi\u015f y\u00fczeyler \u00fcst\u00fcn el i\u015f\u00e7ili\u011fiyle dikkat \u00e7eker.<\/li>\n<\/ul>\n<\/section>\n<div data-wtai-block-id=\"wtai_product_description_image_1753853427907\" class=\"wtai-section wtai-image_1753853427907-section\">\n<figure class=\"wtai-image-p wtai-align-center\" style=\"text-align:center\"><img decoding=\"async\" src=\"https:\/\/demostore.ai\/wp-content\/uploads\/2025\/07\/2-Silver-Coral-Brooch-with-Pearl-and-Zirconia-Crystal-Accents-2-600x178.png\" alt=\"Beyaz inci ve mercan detayl\u0131, zarif g\u00fcm\u00fc\u015f bro\u015f \u00fcr\u00fcn g\u00f6rseli.\" srcset=\"https:\/\/demostore.ai\/wp-content\/uploads\/2025\/07\/2-Silver-Coral-Brooch-with-Pearl-and-Zirconia-Crystal-Accents-2.png 1000w, https:\/\/demostore.ai\/wp-content\/uploads\/2025\/07\/2-Silver-Coral-Brooch-with-Pearl-and-Zirconia-Crystal-Accents-2-300x89.png 300w, https:\/\/demostore.ai\/wp-content\/uploads\/2025\/07\/2-Silver-Coral-Brooch-with-Pearl-and-Zirconia-Crystal-Accents-2-768x228.png 768w, https:\/\/demostore.ai\/wp-content\/uploads\/2025\/07\/2-Silver-Coral-Brooch-with-Pearl-and-Zirconia-Crystal-Accents-2-600x178.png 600w\"><figcaption>\n<p>Parlak g\u00fcm\u00fc\u015f detaylar do\u011fal inciyle birle\u015ferek zamans\u0131z ve zarif bir \u015f\u0131kl\u0131k sunuyor.<\/p>\n<\/figcaption><\/figure>\n<\/p><\/div>\n<section data-wtai-block-id=\"wtai_product_description_use_cases\" class=\"wtai-section wtai-use_cases-section\">\n<h2>Bu Bro\u015f Nerelerde Kullan\u0131l\u0131r?<\/h2>\n<ul>\n<li>Klasik ceketlerin yakas\u0131nda sofistike bir vurgu yaratmak i\u00e7in idealdir.<\/li>\n<li>\u015e\u0131k davet ve kutlamalarda elbise veya \u015fal \u00fczerinde zarif bir tamamlay\u0131c\u0131 olarak \u00f6ne \u00e7\u0131kar.<\/li>\n<li>\u0130nci kolye veya inci k\u00fcpeyle tak\u0131m olu\u015fturarak klasik bir g\u00f6r\u00fcn\u00fcm yakalamak m\u00fcmk\u00fcnd\u00fcr.<\/li>\n<li>Kat kat tak\u0131larla kombinlenerek g\u00fcn boyu stilinizi tazeler.<\/li>\n<li>Hediye olarak sevdiklerinize unutulmaz ve anlaml\u0131 bir arma\u011fan sunabilirsiniz.<\/li>\n<\/ul>\n<\/section>\n<section data-wtai-block-id=\"wtai_product_description_custom_1754204236758\" class=\"wtai-section wtai-custom_1754204236758-section\">\n<h2>Mercan Detayl\u0131 G\u00fcm\u00fc\u015f Bro\u015fun Kullan\u0131labilece\u011fi \u00d6zel Anlar<\/h2>\n<ul>\n<li><strong>G\u00fcndelik \u015e\u0131kl\u0131k<\/strong> \u2013 Sade ya da klasik k\u0131yafetlere zarif bir detay eklemek i\u00e7in tercih edebilirsiniz.<\/li>\n<li><strong>Ofis Stilinizde<\/strong> \u2013 Ceket veya bluzun yakas\u0131nda sofistike bir dokunu\u015fla tarz\u0131n\u0131z\u0131 vurgular.<\/li>\n<li><strong>\u00d6zel Davetlerde<\/strong> \u2013 Abiye ve gece elbiseleriyle birle\u015ferek g\u00f6z al\u0131c\u0131 bir tamamlay\u0131c\u0131 olur.<\/li>\n<li><strong>Anlaml\u0131 Hediye Olarak<\/strong> \u2013 Sevdiklerinize \u00f6zel g\u00fcnlerde duygusu ve \u015f\u0131kl\u0131\u011f\u0131yla de\u011ferli bir arma\u011fan sunar.<\/li>\n<li><strong>Vintage ve Klasik Kombinlerde<\/strong> \u2013 Zamans\u0131z tasar\u0131m\u0131yla nostaljik ve zarif stilleri \u00f6n plana \u00e7\u0131kar\u0131r.<\/li>\n<li><strong>Ki\u015fisel Dokunu\u015f Katmak \u0130stedi\u011finizde<\/strong> \u2013 S\u0131radan k\u0131yafetlere dikkat \u00e7eken bir karakter kazand\u0131r\u0131r.<\/li>\n<\/ul>\n<\/section>\n<section data-wtai-block-id=\"wtai_product_description_custom_1753164383380\" class=\"wtai-section wtai-custom_1753164383380-section\">\n<h3>Mercan Detayl\u0131 G\u00fcm\u00fc\u015f Bro\u015funuzu Uzun Y\u0131llar Korumak \u0130\u00e7in Bak\u0131m \u00d6nerileri<\/h3>\n<ul>\n<li>Par\u00e7an\u0131z\u0131 direkt g\u00fcne\u015f \u0131\u015f\u0131\u011f\u0131, su ve nemden uzak, yumu\u015fak astarl\u0131 bir kutuda ya da kese i\u00e7inde saklay\u0131n. B\u00f6ylece g\u00fcm\u00fc\u015f\u00fcn kararmas\u0131n\u0131 ve incinin parlakl\u0131\u011f\u0131n\u0131n kaybolmas\u0131n\u0131 \u00f6nlemi\u015f olursunuz.<\/li>\n<li>Kullan\u0131m sonras\u0131 yumu\u015fak ve kuru bir bezle nazik\u00e7e silerek g\u00fcnl\u00fck toz ve cilt ya\u011flar\u0131n\u0131n birikmesini \u00f6nleyin. Bu, hem g\u00fcm\u00fc\u015f\u00fcn hem de incinin \u0131\u015f\u0131lt\u0131s\u0131n\u0131 korur.<\/li>\n<li>Parf\u00fcm, krem ve kimyasal \u00fcr\u00fcnlerle do\u011frudan temas\u0131ndan ka\u00e7\u0131n\u0131n. Bu maddeler hem g\u00fcm\u00fc\u015f hem de inci detaylar\u0131n zamanla zarar g\u00f6rmesine neden olabilir.<\/li>\n<\/ul>\n<\/section>\n<div data-wtai-block-id=\"wtai_product_description_image_1753853450366\" class=\"wtai-section wtai-image_1753853450366-section\">\n<figure class=\"wtai-image-p wtai-align-center\" style=\"text-align:center\"><img decoding=\"async\" src=\"https:\/\/demostore.ai\/wp-content\/uploads\/2025\/07\/4-Silver-Coral-Brooch-with-Pearl-and-Zirconia-Crystal-Accents-600x379.png\" alt=\"Mercan detayl\u0131, inci s\u00fcslemeli g\u00fcm\u00fc\u015f bro\u015f \u00fcr\u00fcn g\u00f6rseli.\" srcset=\"https:\/\/demostore.ai\/wp-content\/uploads\/2025\/07\/4-Silver-Coral-Brooch-with-Pearl-and-Zirconia-Crystal-Accents.png 848w, https:\/\/demostore.ai\/wp-content\/uploads\/2025\/07\/4-Silver-Coral-Brooch-with-Pearl-and-Zirconia-Crystal-Accents-300x190.png 300w, https:\/\/demostore.ai\/wp-content\/uploads\/2025\/07\/4-Silver-Coral-Brooch-with-Pearl-and-Zirconia-Crystal-Accents-768x485.png 768w, https:\/\/demostore.ai\/wp-content\/uploads\/2025\/07\/4-Silver-Coral-Brooch-with-Pearl-and-Zirconia-Crystal-Accents-600x379.png 600w\"><figcaption>\n<p>\u0130nci \u00fczerindeki p\u00fcr\u00fczs\u00fcz doku ve i\u015f\u00e7ili\u011fiyle bro\u015f, klasik stilin kusursuz bir yans\u0131mas\u0131.<\/p>\n<\/figcaption><\/figure>\n<\/p><\/div>\n<section data-wtai-block-id=\"wtai_product_description_faqs\" class=\"wtai-section wtai-faqs-section\">\n<h2>S\u0131k\u00e7a Sorulan Sorular<\/h2>\n<p><strong>Bro\u015fun ana malzemesi nedir?<\/strong> <br \/> Bro\u015f y\u00fcksek kalite g\u00fcm\u00fc\u015f kullan\u0131larak \u00fcretilmi\u015ftir.<\/p>\n<p><strong>G\u00fcnl\u00fck kullan\u0131m i\u00e7in uygun mudur?<\/strong> <br \/> Dayan\u0131kl\u0131 yap\u0131s\u0131 sayesinde g\u00fcnl\u00fck kullan\u0131m i\u00e7in uygundur.<\/p>\n<p><strong>Hediye olarak paketleniyor mu?<\/strong> <br \/> \u00d6zel kutusunda zarif \u015fekilde paketlenerek g\u00f6nderilir.<\/p>\n<p><strong>Bak\u0131m\u0131 nas\u0131l yap\u0131lmal\u0131?<\/strong> <br \/> Yumu\u015fak bir bezle nazik\u00e7e silerek parlakl\u0131\u011f\u0131n\u0131 koruyabilirsiniz.<\/p>\n<\/section>\n<section data-wtai-block-id=\"wtai_product_description_conclusion\" class=\"wtai-section wtai-conclusion-section\">\n<h2>Zarafetinizi Tamamlayacak Se\u00e7im<\/h2>\n<p><strong>Mercan Detayl\u0131 G\u00fcm\u00fc\u015f Bro\u015f, \u015f\u0131kl\u0131\u011f\u0131n\u0131z\u0131n \u00f6ne \u00e7\u0131kmas\u0131n\u0131 sa\u011flayacak \u00f6zel bir par\u00e7a sunuyor.<\/strong> <strong>Her detay\u0131yla zamans\u0131z zarafeti ve benzersiz inceli\u011fi bir arada ya\u015fay\u0131n.<\/strong> <strong>G\u00fcnl\u00fck stilinizde veya \u00f6zel anlarda size ayr\u0131cal\u0131k katan bu bro\u015fla stilinizi tamamlay\u0131n.<\/strong> <strong>Koleksiyonunuza zarif bir dokunu\u015f katmak i\u00e7in bug\u00fcn harekete ge\u00e7in.<\/strong><\/p>\n<\/section>\n","protected":false},"excerpt":{"rendered":"<div data-wtai-block-id=\"wtai_excerpt_subtitle\" class=\"wtai-section wtai-subtitle-section\">\n<p><em><strong>\u0130nci \u0131\u015f\u0131lt\u0131s\u0131yla zarafetin bulu\u015ftu\u011fu modern klasik dokunu\u015f.<\/strong><\/em><\/p>\n<\/p><\/div>\n<div data-wtai-block-id=\"wtai_excerpt_introduction\" class=\"wtai-section wtai-introduction-section\">\n<p>Bazen bir detay, t\u00fcm tarz\u0131n\u0131z\u0131 ba\u015ftan yarat\u0131r. Zarif g\u00fcm\u00fc\u015f dokular\u0131n \u00fczerinde yer alan g\u00f6z al\u0131c\u0131 inci, nostaljik bir \u015f\u0131kl\u0131k ile modern stili bir araya getiriyor. Kendine \u00f6zg\u00fc tasar\u0131m\u0131yla bu \u00f6zel par\u00e7a, hem g\u00fcnl\u00fck kombinlerinize hem de \u00f6zel g\u00fcnlerinize anlam ve g\u00fczellik katar. Zamans\u0131z bir hat\u0131ra olarak saklanacak, nesiller boyu aktar\u0131lacak de\u011ferli bir aksesuar niteli\u011fi ta\u015f\u0131r; ki\u015fisel tarz\u0131n\u0131za sofistike bir dokunu\u015f katmak i\u00e7in ideal.<\/p>\n<\/p><\/div>\n","protected":false},"featured_media":32068,"comment_status":"open","ping_status":"closed","template":"","meta":[],"product_brand":[],"product_cat":[316],"product_tag":[],"class_list":{"0":"post-39206","1":"product","2":"type-product","3":"status-publish","4":"has-post-thumbnail","6":"product_cat-takilar","8":"first","9":"instock","10":"shipping-taxable","11":"purchasable","12":"product-type-simple"},"bundled_by":[],"bundle_stock_status":"instock","bundle_stock_quantity":null,"bundle_virtual":false,"bundle_layout":"","bundle_add_to_cart_form_location":"","bundle_editable_in_cart":false,"bundle_sold_individually_context":"","bundle_item_grouping":"","bundle_min_size":"","bundle_max_size":"","bundle_price":[],"bundled_items":[],"bundle_sell_ids":[],"yoast_head":"<!-- This site is optimized with the Yoast SEO plugin v25.2 - https:\/\/yoast.com\/wordpress\/plugins\/seo\/ -->\n<title>Buy Mercan Detayl\u0131 G\u00fcm\u00fc\u015f Bro\u015f ile Klasik Zarafeti Yans\u0131t\u0131n<\/title>\n<meta name=\"description\" content=\"Klasik tasar\u0131m\u0131n zarif dokunu\u015fu. Mercan detayl\u0131 bu g\u00fcm\u00fc\u015f bro\u015f, incili merkezi ve kusursuz i\u015f\u00e7ili\u011fiyle k\u0131yafetinize sofistike bir \u015f\u0131kl\u0131k katar.\" \/>\n<meta name=\"robots\" content=\"index, follow, max-snippet:-1, max-image-preview:large, max-video-preview:-1\" \/>\n<link rel=\"canonical\" href=\"https:\/\/demostore.ai\/tr\/urun\/mercan-detayli-gumus-bros\/\" \/>\n<meta property=\"og:type\" content=\"article\" \/>\n<meta property=\"og:title\" content=\"Buy Mercan Detayl\u0131 G\u00fcm\u00fc\u015f Bro\u015f ile Klasik Zarafeti Yans\u0131t\u0131n\" \/>\n<meta property=\"og:description\" content=\"G\u00f6z al\u0131c\u0131 klasik tasar\u0131m\u0131n se\u00e7kin yans\u0131mas\u0131. Mercan detayl\u0131 g\u00fcm\u00fc\u015f bro\u015f, inci merkezli g\u00f6r\u00fcn\u00fcm\u00fc ve zarif i\u015f\u00e7ili\u011fiyle her kombini sofistike bir \u015fekilde tamamlar.\" \/>\n<meta property=\"og:url\" content=\"https:\/\/demostore.ai\/tr\/urun\/mercan-detayli-gumus-bros\/\" \/>\n<meta property=\"og:site_name\" content=\"Trendy Thread\" \/>\n<meta property=\"article:modified_time\" content=\"2026-02-19T02:49:15+00:00\" \/>\n<meta property=\"og:image\" content=\"https:\/\/demostore.ai\/wp-content\/uploads\/2025\/07\/1-Silver-Coral-Brooch-with-Pearl-and-Zirconia-Crystal-Accents-1.png\" \/>\n\t<meta property=\"og:image:width\" content=\"1000\" \/>\n\t<meta property=\"og:image:height\" content=\"412\" \/>\n\t<meta property=\"og:image:type\" content=\"image\/png\" \/>\n<meta name=\"twitter:card\" content=\"summary_large_image\" \/>\n<meta name=\"twitter:title\" content=\"Buy Mercan Detayl\u0131 G\u00fcm\u00fc\u015f Bro\u015f ile Klasik Zarafeti Yans\u0131t\u0131n\" \/>\n<meta name=\"twitter:description\" content=\"G\u00f6z al\u0131c\u0131 klasik tasar\u0131m\u0131n se\u00e7kin yans\u0131mas\u0131. Mercan detayl\u0131 g\u00fcm\u00fc\u015f bro\u015f, inci merkezli g\u00f6r\u00fcn\u00fcm\u00fc ve zarif i\u015f\u00e7ili\u011fiyle her kombini sofistike bir \u015fekilde tamamlar.\" \/>\n<meta name=\"twitter:label1\" content=\"Tahmini okuma s\u00fcresi\" \/>\n\t<meta name=\"twitter:data1\" content=\"1 dakika\" \/>\n<script type=\"application\/ld+json\" class=\"yoast-schema-graph\">{\"@context\":\"https:\/\/schema.org\",\"@graph\":[{\"@type\":\"WebPage\",\"@id\":\"https:\/\/demostore.ai\/tr\/urun\/mercan-detayli-gumus-bros\/\",\"url\":\"https:\/\/demostore.ai\/tr\/urun\/mercan-detayli-gumus-bros\/\",\"name\":\"Buy Mercan Detayl\u0131 G\u00fcm\u00fc\u015f Bro\u015f ile Klasik Zarafeti Yans\u0131t\u0131n\",\"isPartOf\":{\"@id\":\"https:\/\/demostore.ai\/tr\/#website\"},\"primaryImageOfPage\":{\"@id\":\"https:\/\/demostore.ai\/tr\/urun\/mercan-detayli-gumus-bros\/#primaryimage\"},\"image\":{\"@id\":\"https:\/\/demostore.ai\/tr\/urun\/mercan-detayli-gumus-bros\/#primaryimage\"},\"thumbnailUrl\":\"https:\/\/demostore.ai\/wp-content\/uploads\/2025\/07\/1-Silver-Coral-Brooch-with-Pearl-and-Zirconia-Crystal-Accents-1.png\",\"datePublished\":\"2025-07-27T22:51:18+00:00\",\"dateModified\":\"2026-02-19T02:49:15+00:00\",\"description\":\"Klasik tasar\u0131m\u0131n zarif dokunu\u015fu. Mercan detayl\u0131 bu g\u00fcm\u00fc\u015f bro\u015f, incili merkezi ve kusursuz i\u015f\u00e7ili\u011fiyle k\u0131yafetinize sofistike bir \u015f\u0131kl\u0131k katar.\",\"breadcrumb\":{\"@id\":\"https:\/\/demostore.ai\/tr\/urun\/mercan-detayli-gumus-bros\/#breadcrumb\"},\"inLanguage\":\"tr\",\"potentialAction\":[{\"@type\":\"ReadAction\",\"target\":[\"https:\/\/demostore.ai\/tr\/urun\/mercan-detayli-gumus-bros\/\"]}]},{\"@type\":\"ImageObject\",\"inLanguage\":\"tr\",\"@id\":\"https:\/\/demostore.ai\/tr\/urun\/mercan-detayli-gumus-bros\/#primaryimage\",\"url\":\"https:\/\/demostore.ai\/wp-content\/uploads\/2025\/07\/1-Silver-Coral-Brooch-with-Pearl-and-Zirconia-Crystal-Accents-1.png\",\"contentUrl\":\"https:\/\/demostore.ai\/wp-content\/uploads\/2025\/07\/1-Silver-Coral-Brooch-with-Pearl-and-Zirconia-Crystal-Accents-1.png\",\"width\":1000,\"height\":412,\"caption\":\"Mercan detayl\u0131, incili ve g\u00fcm\u00fc\u015ften yap\u0131lm\u0131\u015f bro\u015f \u00fcr\u00fcn g\u00f6rseli.\"},{\"@type\":\"BreadcrumbList\",\"@id\":\"https:\/\/demostore.ai\/tr\/urun\/mercan-detayli-gumus-bros\/#breadcrumb\",\"itemListElement\":[{\"@type\":\"ListItem\",\"position\":1,\"name\":\"Ana Sayfa\",\"item\":\"https:\/\/demostore.ai\/tr\/\"},{\"@type\":\"ListItem\",\"position\":2,\"name\":\"Ma\u011faza\",\"item\":\"https:\/\/demostore.ai\/tr\/magaza\/\"},{\"@type\":\"ListItem\",\"position\":3,\"name\":\"Mercan Detayl\u0131 G\u00fcm\u00fc\u015f Bro\u015f\"}]},{\"@type\":\"WebSite\",\"@id\":\"https:\/\/demostore.ai\/tr\/#website\",\"url\":\"https:\/\/demostore.ai\/tr\/\",\"name\":\"Trendy Thread\",\"description\":\"WriteText.ai Demo Ma\u011fazas\u0131\",\"publisher\":{\"@id\":\"https:\/\/demostore.ai\/tr\/#organization\"},\"potentialAction\":[{\"@type\":\"SearchAction\",\"target\":{\"@type\":\"EntryPoint\",\"urlTemplate\":\"https:\/\/demostore.ai\/tr\/?s={search_term_string}\"},\"query-input\":{\"@type\":\"PropertyValueSpecification\",\"valueRequired\":true,\"valueName\":\"search_term_string\"}}],\"inLanguage\":\"tr\"},{\"@type\":\"Organization\",\"@id\":\"https:\/\/demostore.ai\/tr\/#organization\",\"name\":\"WriteText.ai\",\"url\":\"https:\/\/demostore.ai\/tr\/\",\"logo\":{\"@type\":\"ImageObject\",\"inLanguage\":\"tr\",\"@id\":\"https:\/\/demostore.ai\/tr\/#\/schema\/logo\/image\/\",\"url\":\"https:\/\/demostore.ai\/wp-content\/uploads\/2025\/10\/writetext_logo.webp\",\"contentUrl\":\"https:\/\/demostore.ai\/wp-content\/uploads\/2025\/10\/writetext_logo.webp\",\"width\":200,\"height\":34,\"caption\":\"WriteText.ai\"},\"image\":{\"@id\":\"https:\/\/demostore.ai\/tr\/#\/schema\/logo\/image\/\"}}]}<\/script>\n<!-- \/ Yoast SEO plugin. -->","yoast_head_json":{"title":"Buy Mercan Detayl\u0131 G\u00fcm\u00fc\u015f Bro\u015f ile Klasik Zarafeti Yans\u0131t\u0131n","description":"Klasik tasar\u0131m\u0131n zarif dokunu\u015fu. Mercan detayl\u0131 bu g\u00fcm\u00fc\u015f bro\u015f, incili merkezi ve kusursuz i\u015f\u00e7ili\u011fiyle k\u0131yafetinize sofistike bir \u015f\u0131kl\u0131k katar.","robots":{"index":"index","follow":"follow","max-snippet":"max-snippet:-1","max-image-preview":"max-image-preview:large","max-video-preview":"max-video-preview:-1"},"canonical":"https:\/\/demostore.ai\/tr\/urun\/mercan-detayli-gumus-bros\/","og_type":"article","og_title":"Buy Mercan Detayl\u0131 G\u00fcm\u00fc\u015f Bro\u015f ile Klasik Zarafeti Yans\u0131t\u0131n","og_description":"G\u00f6z al\u0131c\u0131 klasik tasar\u0131m\u0131n se\u00e7kin yans\u0131mas\u0131. Mercan detayl\u0131 g\u00fcm\u00fc\u015f bro\u015f, inci merkezli g\u00f6r\u00fcn\u00fcm\u00fc ve zarif i\u015f\u00e7ili\u011fiyle her kombini sofistike bir \u015fekilde tamamlar.","og_url":"https:\/\/demostore.ai\/tr\/urun\/mercan-detayli-gumus-bros\/","og_site_name":"Trendy Thread","article_modified_time":"2026-02-19T02:49:15+00:00","og_image":[{"width":1000,"height":412,"url":"https:\/\/demostore.ai\/wp-content\/uploads\/2025\/07\/1-Silver-Coral-Brooch-with-Pearl-and-Zirconia-Crystal-Accents-1.png","type":"image\/png"}],"twitter_card":"summary_large_image","twitter_title":"Buy Mercan Detayl\u0131 G\u00fcm\u00fc\u015f Bro\u015f ile Klasik Zarafeti Yans\u0131t\u0131n","twitter_description":"G\u00f6z al\u0131c\u0131 klasik tasar\u0131m\u0131n se\u00e7kin yans\u0131mas\u0131. Mercan detayl\u0131 g\u00fcm\u00fc\u015f bro\u015f, inci merkezli g\u00f6r\u00fcn\u00fcm\u00fc ve zarif i\u015f\u00e7ili\u011fiyle her kombini sofistike bir \u015fekilde tamamlar.","twitter_misc":{"Tahmini okuma s\u00fcresi":"1 dakika"},"schema":{"@context":"https:\/\/schema.org","@graph":[{"@type":"WebPage","@id":"https:\/\/demostore.ai\/tr\/urun\/mercan-detayli-gumus-bros\/","url":"https:\/\/demostore.ai\/tr\/urun\/mercan-detayli-gumus-bros\/","name":"Buy Mercan Detayl\u0131 G\u00fcm\u00fc\u015f Bro\u015f ile Klasik Zarafeti Yans\u0131t\u0131n","isPartOf":{"@id":"https:\/\/demostore.ai\/tr\/#website"},"primaryImageOfPage":{"@id":"https:\/\/demostore.ai\/tr\/urun\/mercan-detayli-gumus-bros\/#primaryimage"},"image":{"@id":"https:\/\/demostore.ai\/tr\/urun\/mercan-detayli-gumus-bros\/#primaryimage"},"thumbnailUrl":"https:\/\/demostore.ai\/wp-content\/uploads\/2025\/07\/1-Silver-Coral-Brooch-with-Pearl-and-Zirconia-Crystal-Accents-1.png","datePublished":"2025-07-27T22:51:18+00:00","dateModified":"2026-02-19T02:49:15+00:00","description":"Klasik tasar\u0131m\u0131n zarif dokunu\u015fu. Mercan detayl\u0131 bu g\u00fcm\u00fc\u015f bro\u015f, incili merkezi ve kusursuz i\u015f\u00e7ili\u011fiyle k\u0131yafetinize sofistike bir \u015f\u0131kl\u0131k katar.","breadcrumb":{"@id":"https:\/\/demostore.ai\/tr\/urun\/mercan-detayli-gumus-bros\/#breadcrumb"},"inLanguage":"tr","potentialAction":[{"@type":"ReadAction","target":["https:\/\/demostore.ai\/tr\/urun\/mercan-detayli-gumus-bros\/"]}]},{"@type":"ImageObject","inLanguage":"tr","@id":"https:\/\/demostore.ai\/tr\/urun\/mercan-detayli-gumus-bros\/#primaryimage","url":"https:\/\/demostore.ai\/wp-content\/uploads\/2025\/07\/1-Silver-Coral-Brooch-with-Pearl-and-Zirconia-Crystal-Accents-1.png","contentUrl":"https:\/\/demostore.ai\/wp-content\/uploads\/2025\/07\/1-Silver-Coral-Brooch-with-Pearl-and-Zirconia-Crystal-Accents-1.png","width":1000,"height":412,"caption":"Mercan detayl\u0131, incili ve g\u00fcm\u00fc\u015ften yap\u0131lm\u0131\u015f bro\u015f \u00fcr\u00fcn g\u00f6rseli."},{"@type":"BreadcrumbList","@id":"https:\/\/demostore.ai\/tr\/urun\/mercan-detayli-gumus-bros\/#breadcrumb","itemListElement":[{"@type":"ListItem","position":1,"name":"Ana Sayfa","item":"https:\/\/demostore.ai\/tr\/"},{"@type":"ListItem","position":2,"name":"Ma\u011faza","item":"https:\/\/demostore.ai\/tr\/magaza\/"},{"@type":"ListItem","position":3,"name":"Mercan Detayl\u0131 G\u00fcm\u00fc\u015f Bro\u015f"}]},{"@type":"WebSite","@id":"https:\/\/demostore.ai\/tr\/#website","url":"https:\/\/demostore.ai\/tr\/","name":"Trendy Thread","description":"WriteText.ai Demo Ma\u011fazas\u0131","publisher":{"@id":"https:\/\/demostore.ai\/tr\/#organization"},"potentialAction":[{"@type":"SearchAction","target":{"@type":"EntryPoint","urlTemplate":"https:\/\/demostore.ai\/tr\/?s={search_term_string}"},"query-input":{"@type":"PropertyValueSpecification","valueRequired":true,"valueName":"search_term_string"}}],"inLanguage":"tr"},{"@type":"Organization","@id":"https:\/\/demostore.ai\/tr\/#organization","name":"WriteText.ai","url":"https:\/\/demostore.ai\/tr\/","logo":{"@type":"ImageObject","inLanguage":"tr","@id":"https:\/\/demostore.ai\/tr\/#\/schema\/logo\/image\/","url":"https:\/\/demostore.ai\/wp-content\/uploads\/2025\/10\/writetext_logo.webp","contentUrl":"https:\/\/demostore.ai\/wp-content\/uploads\/2025\/10\/writetext_logo.webp","width":200,"height":34,"caption":"WriteText.ai"},"image":{"@id":"https:\/\/demostore.ai\/tr\/#\/schema\/logo\/image\/"}}]}},"_links":{"self":[{"href":"https:\/\/demostore.ai\/tr\/wp-json\/wp\/v2\/product\/39206","targetHints":{"allow":["GET"]}}],"collection":[{"href":"https:\/\/demostore.ai\/tr\/wp-json\/wp\/v2\/product"}],"about":[{"href":"https:\/\/demostore.ai\/tr\/wp-json\/wp\/v2\/types\/product"}],"replies":[{"embeddable":true,"href":"https:\/\/demostore.ai\/tr\/wp-json\/wp\/v2\/comments?post=39206"}],"wp:featuredmedia":[{"embeddable":true,"href":"https:\/\/demostore.ai\/tr\/wp-json\/wp\/v2\/media\/32068"}],"wp:attachment":[{"href":"https:\/\/demostore.ai\/tr\/wp-json\/wp\/v2\/media?parent=39206"}],"wp:term":[{"taxonomy":"product_brand","embeddable":true,"href":"https:\/\/demostore.ai\/tr\/wp-json\/wp\/v2\/product_brand?post=39206"},{"taxonomy":"product_cat","embeddable":true,"href":"https:\/\/demostore.ai\/tr\/wp-json\/wp\/v2\/product_cat?post=39206"},{"taxonomy":"product_tag","embeddable":true,"href":"https:\/\/demostore.ai\/tr\/wp-json\/wp\/v2\/product_tag?post=39206"}],"curies":[{"name":"wp","href":"https:\/\/api.w.org\/{rel}","templated":true}]}}