{"id":39186,"date":"2025-06-13T08:34:21","date_gmt":"2025-06-13T00:34:21","guid":{"rendered":"https:\/\/demostore.ai\/?post_type=product&#038;p=39186"},"modified":"2026-02-19T10:55:43","modified_gmt":"2026-02-19T02:55:43","slug":"ponds-karpuzlu-nemlendirici-tonik","status":"publish","type":"product","link":"https:\/\/demostore.ai\/tr\/urun\/ponds-karpuzlu-nemlendirici-tonik\/","title":{"rendered":"Pond&#8217;s Karpuzlu Nemlendirici Tonik"},"content":{"rendered":"<section data-wtai-block-id=\"wtai_product_description_features\" class=\"wtai-section wtai-features-section\">\n<h2>\u00dcr\u00fcn \u00d6zellikleri<\/h2>\n<ul>\n<li><strong>Yo\u011fun nemlendirme<\/strong> ile cildi uzun s\u00fcre susuz b\u0131rakmaz.<\/li>\n<li><strong>Cilt parlakl\u0131\u011f\u0131n\u0131 art\u0131r\u0131r<\/strong> ve do\u011fal bir \u0131\u015f\u0131lt\u0131 kazand\u0131r\u0131r.<\/li>\n<li><strong>H\u0131zl\u0131 emilen form\u00fcl<\/strong> ya\u011fl\u0131 his b\u0131rakmaz ve kolay uygulan\u0131r.<\/li>\n<li><strong>Ferahl\u0131k hissi<\/strong> sa\u011flar, cildi an\u0131nda canland\u0131r\u0131r.<\/li>\n<li><strong>Su bazl\u0131 hafif yap\u0131<\/strong> ile g\u00f6zenekleri t\u0131kamaz.<\/li>\n<li><strong>Karpuz \u00f6z\u00fc<\/strong> ile nemlendirir ve yorgunluk izlerini azaltmaya yard\u0131mc\u0131 olur.<\/li>\n<li><strong>Gliserin<\/strong> i\u00e7eri\u011fi cildi yumu\u015fat\u0131r ve p\u00fcr\u00fczs\u00fczle\u015ftirir.<\/li>\n<li><strong>Sabah ve ak\u015fam kullan\u0131ma uygun<\/strong> g\u00fcnl\u00fck bak\u0131mda pratik \u00e7\u00f6z\u00fcm sunar.<\/li>\n<\/ul>\n<\/section>\n<div data-wtai-block-id=\"wtai_product_description_image_1753694499291\" class=\"wtai-section wtai-image_1753694499291-section\">\n<figure class=\"wtai-image-p wtai-align-center\" style=\"text-align:center\"><img decoding=\"async\" src=\"https:\/\/demostore.ai\/wp-content\/uploads\/2025\/06\/Toner-4-scaled-1.png\" alt=\"Pond\u2019s Karpuzlu Nemlendirici Tonik \u015fi\u015fesi, yan\u0131nda k\u0131rm\u0131z\u0131 tonda kapa\u011f\u0131yla \u00fcr\u00fcn sayfas\u0131nda sergileniyor.\" srcset=\"https:\/\/demostore.ai\/wp-content\/uploads\/2025\/06\/Toner-4-scaled-1.png 575w, https:\/\/demostore.ai\/wp-content\/uploads\/2025\/06\/Toner-4-scaled-1-173x300.png 173w\"><figcaption>\n<p>\u015eeffaf \u015fi\u015fe \u00fczerindeki karpuz desenleri tazeleyici bir etki hissi uyand\u0131r\u0131yor.<\/p>\n<\/figcaption><\/figure>\n<\/p><\/div>\n<section data-wtai-block-id=\"wtai_product_description_benefits\" class=\"wtai-section wtai-benefits-section\">\n<h2>Neden Seveceksiniz?<\/h2>\n<ul>\n<li>Cildiniz g\u00fcn boyu taze ve ayd\u0131nl\u0131k g\u00f6r\u00fcn\u00fcr.<\/li>\n<li>Yorucu g\u00fcnlerde h\u0131zl\u0131ca ferahl\u0131k hissi sa\u011flar.<\/li>\n<li>Mat ve donuk cildi \u0131\u015f\u0131l \u0131\u015f\u0131l bir hale getirir.<\/li>\n<li>G\u00f6zenek t\u0131kanmas\u0131 endi\u015fesine gerek b\u0131rakmaz.<\/li>\n<li>Cilt g\u00f6zle g\u00f6r\u00fcl\u00fcr \u015fekilde daha sa\u011fl\u0131kl\u0131 ve p\u00fcr\u00fczs\u00fcz olur.<\/li>\n<\/ul>\n<\/section>\n<section data-wtai-block-id=\"wtai_product_description_use_cases\" class=\"wtai-section wtai-use_cases-section\">\n<h3>Rutininde Nas\u0131l Kullan\u0131l\u0131r?<\/h3>\n<ol>\n<li>Cildinizi temizledikten sonra pamuk yard\u0131m\u0131yla uygulay\u0131n.<\/li>\n<li>Sabah rutininizde hafif dokusuyla g\u00fcne ferah ba\u015flay\u0131n.<\/li>\n<li>Ak\u015fam, makyaj sonras\u0131 cilde yenileyici olarak s\u00fcr\u00fcn.<\/li>\n<li>Yo\u011fun nem ihtiyac\u0131 hissetti\u011finizde tekrar uygulay\u0131n.<\/li>\n<li>Yaz aylar\u0131nda serinletici tonik olarak de\u011ferlendirin.<\/li>\n<li>K\u00fc\u00e7\u00fck boyu ile \u00e7antan\u0131zda ta\u015f\u0131y\u0131p g\u00fcn i\u00e7inde tazeleyin.<\/li>\n<li>G\u00f6z \u00e7evresinden ka\u00e7\u0131narak t\u00fcm y\u00fcze nazik\u00e7e s\u00fcr\u00fcn.<\/li>\n<li>D\u00fczenli kullan\u0131mda cilt parlakl\u0131\u011f\u0131n\u0131 maksimuma \u00e7\u0131kar\u0131n.<\/li>\n<\/ol>\n<\/section>\n<section data-wtai-block-id=\"wtai_product_description_technical_specifications\" class=\"wtai-section wtai-technical_specifications-section\">\n<h3>Detaylar<\/h3>\n<ul>\n<li><strong>\u00dcr\u00fcn hacmi:<\/strong> 200 ml<\/li>\n<li><strong>Cilt tipi:<\/strong> T\u00fcm cilt tipleri i\u00e7in uygun<\/li>\n<li><strong>Koku:<\/strong> Hafif karpuz aromas\u0131<\/li>\n<li><strong>Kullan\u0131m s\u0131kl\u0131\u011f\u0131:<\/strong> G\u00fcnl\u00fck kullan\u0131m i\u00e7in ideal<\/li>\n<\/ul>\n<\/section>\n<section data-wtai-block-id=\"wtai_product_description_custom_1753167803027\" class=\"wtai-section wtai-custom_1753167803027-section\">\n<h2>Cilt Endi\u015feleri ve Uygun Cilt Tipleri<\/h2>\n<ul>\n<li><strong>G\u00f6zenek g\u00f6r\u00fcn\u00fcm\u00fc<\/strong>: Cildi ar\u0131nd\u0131r\u0131r ve g\u00f6zenekleri daha az belirgin k\u0131lar.<\/li>\n<li><strong>Mat ve cans\u0131z cilt<\/strong>: Canland\u0131r\u0131c\u0131 etkisiyle cilde sa\u011fl\u0131kl\u0131 bir \u0131\u015f\u0131lt\u0131 kazand\u0131r\u0131r.<\/li>\n<li><strong>Nem kayb\u0131<\/strong>: Cilt bariyerini destekler, uzun s\u00fcreli nem hissi sunar.<\/li>\n<li><strong>T\u00fcm cilt tipleri<\/strong>: Hassas, kuru, ya\u011fl\u0131 ve karma ciltlere uygundur.<\/li>\n<li><strong>Ya\u011fl\u0131 ve karma cilt<\/strong>: Hafif yap\u0131s\u0131yla cildi ferahlat\u0131r, ya\u011fl\u0131 his b\u0131rakmaz.<\/li>\n<li><strong>Hassas cilt<\/strong>: Alkol ve parf\u00fcm i\u00e7ermeyen form\u00fcl\u00fcyle yumu\u015fak bak\u0131m sa\u011flar.<\/li>\n<\/ul>\n<\/section>\n<section data-wtai-block-id=\"wtai_product_description_custom_1754200971412\" class=\"wtai-section wtai-custom_1754200971412-section\">\n<h2>Pond\u2019s Karpuzlu Nemlendirici Tonik \u0130\u00e7erik Listesi<\/h2>\n<p>Water, Hexylene Glycol, Glycerin, Tocopheryl Acetate, Sodium Hyaluronate, Sodium Hyaluronate Crosspolymer, Hydrolyzed Sodium Hyaluronate, Sodium Acetylated Hyaluronate, Citrullus Lanatus Fruit Extract, Panthenol, Niacinamide, Hydroxyethyl Urea, Urea, PEG-6 Caprylic\/Capric Glycerides, Propylene Glycol, Ethylhexylglycerin, Pentylene Glycol, Sodium Chloride, Potassium Chloride, Parf\u00fcm (Fragrance), Trideceth-9, PEG-40 Hydrogenated Castor Oil, Ammonium Lactate, Cetrimonium Chloride, Cetylpyridinium Chloride, Ethanolamine, Benzophenone-4, Tetrasodium EDTA, Phenoxyethanol, Citric Acid, Propanediol.<\/p>\n<\/section>\n<section data-wtai-block-id=\"wtai_product_description_faqs\" class=\"wtai-section wtai-faqs-section\">\n<h2>S\u0131k\u00e7a Sorulan Sorular<\/h2>\n<p><strong>Hassas ciltler i\u00e7in uygun mudur?<\/strong> <br \/> Nazik form\u00fcl\u00fcyle, hassas ciltler dahil t\u00fcm cilt tiplerine uygundur.<\/p>\n<p><strong>Aktif i\u00e7erikli \u00fcr\u00fcnlerle birlikte kullanabilir miyim?<\/strong> <br \/> Nazik yap\u0131s\u0131yla \u00e7o\u011fu bak\u0131m \u00fcr\u00fcn\u00fcyle uyumludur. Ard\u0131ndan nemlendiricinizi kullanabilirsiniz.<\/p>\n<p><strong>Neye kadar sonu\u00e7 g\u00f6r\u00fcr\u00fcm?<\/strong> <br \/> D\u00fczenli kullan\u0131mda birka\u00e7 g\u00fcn i\u00e7inde ayd\u0131nl\u0131k ve canl\u0131 bir g\u00f6r\u00fcn\u00fcm sa\u011flar.<\/p>\n<p><strong>A\u00e7\u0131ld\u0131ktan sonra ne kadar s\u00fcre kullan\u0131labilir?<\/strong> <br \/> A\u00e7\u0131ld\u0131ktan sonra 12 ay i\u00e7inde kullanman\u0131z tavsiye edilir.<\/p>\n<p><strong>Serin yerde mi saklanmal\u0131?<\/strong> <br \/> G\u00fcne\u015f \u0131\u015f\u0131\u011f\u0131ndan uzak, serin ve kuru bir yerde saklaman\u0131z \u00f6nerilir.<\/p>\n<\/section>\n<section data-wtai-block-id=\"wtai_product_description_conclusion\" class=\"wtai-section wtai-conclusion-section\">\n<h2>I\u015f\u0131ldayan Bir Cilt \u0130\u00e7in \u015eimdi Deneyin<\/h2>\n<p><em><strong>Daha parlak, sa\u011fl\u0131kl\u0131 ve nemli bir cilt hayal de\u011fil.<\/strong><\/em> <em><strong>Pond\u2019s Karpuzlu Nemlendirici Tonik, g\u00fcnl\u00fck bak\u0131mda pratik ve etkili sonu\u00e7lar sunar.<\/strong><\/em> <em><strong>Diledi\u011finiz do\u011fal \u0131\u015f\u0131lt\u0131ya ula\u015fmak i\u00e7in bug\u00fcn deneyin.<\/strong><\/em><\/p>\n<\/section>\n","protected":false},"excerpt":{"rendered":"<div data-wtai-block-id=\"wtai_excerpt_subtitle\" class=\"wtai-section wtai-subtitle-section\">\n<p><em><strong>Su gibi hafif, karpuz ferahl\u0131\u011f\u0131yla \u0131\u015f\u0131ldayan cilt.<\/strong><\/em><\/p>\n<\/p><\/div>\n<div data-wtai-block-id=\"wtai_excerpt_introduction\" class=\"wtai-section wtai-introduction-section\">\n<p>Kendinizi yaz tazeli\u011finde bir an\u0131n i\u00e7inde hayal edin. Pond\u2019s Karpuzlu Nemlendirici Tonik, cilt bak\u0131m\u0131nda arad\u0131\u011f\u0131n\u0131z ferahl\u0131\u011f\u0131 ve canl\u0131l\u0131\u011f\u0131 bir araya getiriyor. Hafif ve su bazl\u0131 dokusuyla, her kullan\u0131mda cildinize serinlik ve enerji kazand\u0131r\u0131r. Cildiniz g\u00fcn boyu nemli, parlak ve sa\u011fl\u0131kl\u0131 bir g\u00f6r\u00fcn\u00fcm kazan\u0131rken; kadifemsi bir dokunu\u015f ve berrak bir \u0131\u015f\u0131lt\u0131 hissettirir. G\u00fcn\u00fcn yo\u011fun temposunda kendinize ay\u0131rd\u0131\u011f\u0131n\u0131z bu k\u0131sa bak\u0131m an\u0131, taptaze bir ba\u015flang\u0131\u00e7 gibi sizi sarar ve cildinizin \u00f6zg\u00fcvenle \u0131\u015f\u0131ldamas\u0131n\u0131 sa\u011flar.<\/p>\n<\/p><\/div>\n","protected":false},"featured_media":16283,"comment_status":"open","ping_status":"closed","template":"","meta":[],"product_brand":[],"product_cat":[250],"product_tag":[],"class_list":{"0":"post-39186","1":"product","2":"type-product","3":"status-publish","4":"has-post-thumbnail","6":"product_cat-guzellik-saglik","8":"first","9":"instock","10":"shipping-taxable","11":"purchasable","12":"product-type-simple"},"bundled_by":[],"bundle_stock_status":"instock","bundle_stock_quantity":null,"bundle_virtual":false,"bundle_layout":"","bundle_add_to_cart_form_location":"","bundle_editable_in_cart":false,"bundle_sold_individually_context":"","bundle_item_grouping":"","bundle_min_size":"","bundle_max_size":"","bundle_price":[],"bundled_items":[],"bundle_sell_ids":[],"yoast_head":"<!-- This site is optimized with the Yoast SEO plugin v25.2 - https:\/\/yoast.com\/wordpress\/plugins\/seo\/ -->\n<title>Ke\u015ffet Pond&#039;s Karpuzlu Nemlendirici Tonik ile I\u015f\u0131lt\u0131l\u0131 Cilt Bak\u0131m\u0131<\/title>\n<meta name=\"description\" content=\"Canland\u0131r\u0131c\u0131 karpuz \u00f6zl\u00fc tonik ile cildine par\u0131lt\u0131 ve nem kazand\u0131r. Hafif form\u00fcl, kolay kullan\u0131m ve g\u00fcn boyu s\u00fcren tazelik hissi seni bekliyor.\" \/>\n<meta name=\"robots\" content=\"index, follow, max-snippet:-1, max-image-preview:large, max-video-preview:-1\" \/>\n<link rel=\"canonical\" href=\"https:\/\/demostore.ai\/tr\/urun\/ponds-karpuzlu-nemlendirici-tonik\/\" \/>\n<meta property=\"og:type\" content=\"article\" \/>\n<meta property=\"og:title\" content=\"Ke\u015ffet Pond&#039;s Karpuzlu Nemlendirici Tonik ile I\u015f\u0131lt\u0131l\u0131 Cilt Bak\u0131m\u0131\" \/>\n<meta property=\"og:description\" content=\"Ferahlat\u0131c\u0131 karpuz \u00f6zl\u00fc form\u00fcl\u00fcyle cildine an\u0131nda canl\u0131l\u0131k ve \u0131\u015f\u0131lt\u0131 kazand\u0131r. Hafif, g\u00fcndelik ve su bazl\u0131 yap\u0131s\u0131yla g\u00f6zenekleri t\u0131kamadan nemlendirir. \u015eimdi deneyin.\" \/>\n<meta property=\"og:url\" content=\"https:\/\/demostore.ai\/tr\/urun\/ponds-karpuzlu-nemlendirici-tonik\/\" \/>\n<meta property=\"og:site_name\" content=\"Trendy Thread\" \/>\n<meta property=\"article:modified_time\" content=\"2026-02-19T02:55:43+00:00\" \/>\n<meta property=\"og:image\" content=\"https:\/\/demostore.ai\/wp-content\/uploads\/2025\/06\/Toner-1-scaled-1.png\" \/>\n\t<meta property=\"og:image:width\" content=\"390\" \/>\n\t<meta property=\"og:image:height\" content=\"1000\" \/>\n\t<meta property=\"og:image:type\" content=\"image\/png\" \/>\n<meta name=\"twitter:card\" content=\"summary_large_image\" \/>\n<meta name=\"twitter:title\" content=\"Ke\u015ffet Pond&#039;s Karpuzlu Nemlendirici Tonik ile I\u015f\u0131lt\u0131l\u0131 Cilt Bak\u0131m\u0131\" \/>\n<meta name=\"twitter:description\" content=\"Ferahlat\u0131c\u0131 karpuz \u00f6zl\u00fc form\u00fcl\u00fcyle cildine an\u0131nda canl\u0131l\u0131k ve \u0131\u015f\u0131lt\u0131 kazand\u0131r. Hafif, g\u00fcndelik ve su bazl\u0131 yap\u0131s\u0131yla g\u00f6zenekleri t\u0131kamadan nemlendirir. \u015eimdi deneyin.\" \/>\n<meta name=\"twitter:label1\" content=\"Tahmini okuma s\u00fcresi\" \/>\n\t<meta name=\"twitter:data1\" content=\"1 dakika\" \/>\n<script type=\"application\/ld+json\" class=\"yoast-schema-graph\">{\"@context\":\"https:\/\/schema.org\",\"@graph\":[{\"@type\":\"WebPage\",\"@id\":\"https:\/\/demostore.ai\/tr\/urun\/ponds-karpuzlu-nemlendirici-tonik\/\",\"url\":\"https:\/\/demostore.ai\/tr\/urun\/ponds-karpuzlu-nemlendirici-tonik\/\",\"name\":\"Ke\u015ffet Pond's Karpuzlu Nemlendirici Tonik ile I\u015f\u0131lt\u0131l\u0131 Cilt Bak\u0131m\u0131\",\"isPartOf\":{\"@id\":\"https:\/\/demostore.ai\/tr\/#website\"},\"primaryImageOfPage\":{\"@id\":\"https:\/\/demostore.ai\/tr\/urun\/ponds-karpuzlu-nemlendirici-tonik\/#primaryimage\"},\"image\":{\"@id\":\"https:\/\/demostore.ai\/tr\/urun\/ponds-karpuzlu-nemlendirici-tonik\/#primaryimage\"},\"thumbnailUrl\":\"https:\/\/demostore.ai\/wp-content\/uploads\/2025\/06\/Toner-1-scaled-1.png\",\"datePublished\":\"2025-06-13T00:34:21+00:00\",\"dateModified\":\"2026-02-19T02:55:43+00:00\",\"description\":\"Canland\u0131r\u0131c\u0131 karpuz \u00f6zl\u00fc tonik ile cildine par\u0131lt\u0131 ve nem kazand\u0131r. Hafif form\u00fcl, kolay kullan\u0131m ve g\u00fcn boyu s\u00fcren tazelik hissi seni bekliyor.\",\"breadcrumb\":{\"@id\":\"https:\/\/demostore.ai\/tr\/urun\/ponds-karpuzlu-nemlendirici-tonik\/#breadcrumb\"},\"inLanguage\":\"tr\",\"potentialAction\":[{\"@type\":\"ReadAction\",\"target\":[\"https:\/\/demostore.ai\/tr\/urun\/ponds-karpuzlu-nemlendirici-tonik\/\"]}]},{\"@type\":\"ImageObject\",\"inLanguage\":\"tr\",\"@id\":\"https:\/\/demostore.ai\/tr\/urun\/ponds-karpuzlu-nemlendirici-tonik\/#primaryimage\",\"url\":\"https:\/\/demostore.ai\/wp-content\/uploads\/2025\/06\/Toner-1-scaled-1.png\",\"contentUrl\":\"https:\/\/demostore.ai\/wp-content\/uploads\/2025\/06\/Toner-1-scaled-1.png\",\"width\":390,\"height\":1000,\"caption\":\"Pond\u2019s Karpuzlu Nemlendirici Tonik \u00fcr\u00fcn\u00fc, pembe kapakl\u0131 ve karpuz g\u00f6rselli \u015feffaf \u015fi\u015fede.\"},{\"@type\":\"BreadcrumbList\",\"@id\":\"https:\/\/demostore.ai\/tr\/urun\/ponds-karpuzlu-nemlendirici-tonik\/#breadcrumb\",\"itemListElement\":[{\"@type\":\"ListItem\",\"position\":1,\"name\":\"Ana Sayfa\",\"item\":\"https:\/\/demostore.ai\/tr\/\"},{\"@type\":\"ListItem\",\"position\":2,\"name\":\"Ma\u011faza\",\"item\":\"https:\/\/demostore.ai\/tr\/magaza\/\"},{\"@type\":\"ListItem\",\"position\":3,\"name\":\"Pond&#8217;s Karpuzlu Nemlendirici Tonik\"}]},{\"@type\":\"WebSite\",\"@id\":\"https:\/\/demostore.ai\/tr\/#website\",\"url\":\"https:\/\/demostore.ai\/tr\/\",\"name\":\"Trendy Thread\",\"description\":\"WriteText.ai Demo Ma\u011fazas\u0131\",\"publisher\":{\"@id\":\"https:\/\/demostore.ai\/tr\/#organization\"},\"potentialAction\":[{\"@type\":\"SearchAction\",\"target\":{\"@type\":\"EntryPoint\",\"urlTemplate\":\"https:\/\/demostore.ai\/tr\/?s={search_term_string}\"},\"query-input\":{\"@type\":\"PropertyValueSpecification\",\"valueRequired\":true,\"valueName\":\"search_term_string\"}}],\"inLanguage\":\"tr\"},{\"@type\":\"Organization\",\"@id\":\"https:\/\/demostore.ai\/tr\/#organization\",\"name\":\"WriteText.ai\",\"url\":\"https:\/\/demostore.ai\/tr\/\",\"logo\":{\"@type\":\"ImageObject\",\"inLanguage\":\"tr\",\"@id\":\"https:\/\/demostore.ai\/tr\/#\/schema\/logo\/image\/\",\"url\":\"https:\/\/demostore.ai\/wp-content\/uploads\/2025\/10\/writetext_logo.webp\",\"contentUrl\":\"https:\/\/demostore.ai\/wp-content\/uploads\/2025\/10\/writetext_logo.webp\",\"width\":200,\"height\":34,\"caption\":\"WriteText.ai\"},\"image\":{\"@id\":\"https:\/\/demostore.ai\/tr\/#\/schema\/logo\/image\/\"}}]}<\/script>\n<!-- \/ Yoast SEO plugin. -->","yoast_head_json":{"title":"Ke\u015ffet Pond's Karpuzlu Nemlendirici Tonik ile I\u015f\u0131lt\u0131l\u0131 Cilt Bak\u0131m\u0131","description":"Canland\u0131r\u0131c\u0131 karpuz \u00f6zl\u00fc tonik ile cildine par\u0131lt\u0131 ve nem kazand\u0131r. Hafif form\u00fcl, kolay kullan\u0131m ve g\u00fcn boyu s\u00fcren tazelik hissi seni bekliyor.","robots":{"index":"index","follow":"follow","max-snippet":"max-snippet:-1","max-image-preview":"max-image-preview:large","max-video-preview":"max-video-preview:-1"},"canonical":"https:\/\/demostore.ai\/tr\/urun\/ponds-karpuzlu-nemlendirici-tonik\/","og_type":"article","og_title":"Ke\u015ffet Pond's Karpuzlu Nemlendirici Tonik ile I\u015f\u0131lt\u0131l\u0131 Cilt Bak\u0131m\u0131","og_description":"Ferahlat\u0131c\u0131 karpuz \u00f6zl\u00fc form\u00fcl\u00fcyle cildine an\u0131nda canl\u0131l\u0131k ve \u0131\u015f\u0131lt\u0131 kazand\u0131r. Hafif, g\u00fcndelik ve su bazl\u0131 yap\u0131s\u0131yla g\u00f6zenekleri t\u0131kamadan nemlendirir. \u015eimdi deneyin.","og_url":"https:\/\/demostore.ai\/tr\/urun\/ponds-karpuzlu-nemlendirici-tonik\/","og_site_name":"Trendy Thread","article_modified_time":"2026-02-19T02:55:43+00:00","og_image":[{"width":390,"height":1000,"url":"https:\/\/demostore.ai\/wp-content\/uploads\/2025\/06\/Toner-1-scaled-1.png","type":"image\/png"}],"twitter_card":"summary_large_image","twitter_title":"Ke\u015ffet Pond's Karpuzlu Nemlendirici Tonik ile I\u015f\u0131lt\u0131l\u0131 Cilt Bak\u0131m\u0131","twitter_description":"Ferahlat\u0131c\u0131 karpuz \u00f6zl\u00fc form\u00fcl\u00fcyle cildine an\u0131nda canl\u0131l\u0131k ve \u0131\u015f\u0131lt\u0131 kazand\u0131r. Hafif, g\u00fcndelik ve su bazl\u0131 yap\u0131s\u0131yla g\u00f6zenekleri t\u0131kamadan nemlendirir. \u015eimdi deneyin.","twitter_misc":{"Tahmini okuma s\u00fcresi":"1 dakika"},"schema":{"@context":"https:\/\/schema.org","@graph":[{"@type":"WebPage","@id":"https:\/\/demostore.ai\/tr\/urun\/ponds-karpuzlu-nemlendirici-tonik\/","url":"https:\/\/demostore.ai\/tr\/urun\/ponds-karpuzlu-nemlendirici-tonik\/","name":"Ke\u015ffet Pond's Karpuzlu Nemlendirici Tonik ile I\u015f\u0131lt\u0131l\u0131 Cilt Bak\u0131m\u0131","isPartOf":{"@id":"https:\/\/demostore.ai\/tr\/#website"},"primaryImageOfPage":{"@id":"https:\/\/demostore.ai\/tr\/urun\/ponds-karpuzlu-nemlendirici-tonik\/#primaryimage"},"image":{"@id":"https:\/\/demostore.ai\/tr\/urun\/ponds-karpuzlu-nemlendirici-tonik\/#primaryimage"},"thumbnailUrl":"https:\/\/demostore.ai\/wp-content\/uploads\/2025\/06\/Toner-1-scaled-1.png","datePublished":"2025-06-13T00:34:21+00:00","dateModified":"2026-02-19T02:55:43+00:00","description":"Canland\u0131r\u0131c\u0131 karpuz \u00f6zl\u00fc tonik ile cildine par\u0131lt\u0131 ve nem kazand\u0131r. Hafif form\u00fcl, kolay kullan\u0131m ve g\u00fcn boyu s\u00fcren tazelik hissi seni bekliyor.","breadcrumb":{"@id":"https:\/\/demostore.ai\/tr\/urun\/ponds-karpuzlu-nemlendirici-tonik\/#breadcrumb"},"inLanguage":"tr","potentialAction":[{"@type":"ReadAction","target":["https:\/\/demostore.ai\/tr\/urun\/ponds-karpuzlu-nemlendirici-tonik\/"]}]},{"@type":"ImageObject","inLanguage":"tr","@id":"https:\/\/demostore.ai\/tr\/urun\/ponds-karpuzlu-nemlendirici-tonik\/#primaryimage","url":"https:\/\/demostore.ai\/wp-content\/uploads\/2025\/06\/Toner-1-scaled-1.png","contentUrl":"https:\/\/demostore.ai\/wp-content\/uploads\/2025\/06\/Toner-1-scaled-1.png","width":390,"height":1000,"caption":"Pond\u2019s Karpuzlu Nemlendirici Tonik \u00fcr\u00fcn\u00fc, pembe kapakl\u0131 ve karpuz g\u00f6rselli \u015feffaf \u015fi\u015fede."},{"@type":"BreadcrumbList","@id":"https:\/\/demostore.ai\/tr\/urun\/ponds-karpuzlu-nemlendirici-tonik\/#breadcrumb","itemListElement":[{"@type":"ListItem","position":1,"name":"Ana Sayfa","item":"https:\/\/demostore.ai\/tr\/"},{"@type":"ListItem","position":2,"name":"Ma\u011faza","item":"https:\/\/demostore.ai\/tr\/magaza\/"},{"@type":"ListItem","position":3,"name":"Pond&#8217;s Karpuzlu Nemlendirici Tonik"}]},{"@type":"WebSite","@id":"https:\/\/demostore.ai\/tr\/#website","url":"https:\/\/demostore.ai\/tr\/","name":"Trendy Thread","description":"WriteText.ai Demo Ma\u011fazas\u0131","publisher":{"@id":"https:\/\/demostore.ai\/tr\/#organization"},"potentialAction":[{"@type":"SearchAction","target":{"@type":"EntryPoint","urlTemplate":"https:\/\/demostore.ai\/tr\/?s={search_term_string}"},"query-input":{"@type":"PropertyValueSpecification","valueRequired":true,"valueName":"search_term_string"}}],"inLanguage":"tr"},{"@type":"Organization","@id":"https:\/\/demostore.ai\/tr\/#organization","name":"WriteText.ai","url":"https:\/\/demostore.ai\/tr\/","logo":{"@type":"ImageObject","inLanguage":"tr","@id":"https:\/\/demostore.ai\/tr\/#\/schema\/logo\/image\/","url":"https:\/\/demostore.ai\/wp-content\/uploads\/2025\/10\/writetext_logo.webp","contentUrl":"https:\/\/demostore.ai\/wp-content\/uploads\/2025\/10\/writetext_logo.webp","width":200,"height":34,"caption":"WriteText.ai"},"image":{"@id":"https:\/\/demostore.ai\/tr\/#\/schema\/logo\/image\/"}}]}},"_links":{"self":[{"href":"https:\/\/demostore.ai\/tr\/wp-json\/wp\/v2\/product\/39186","targetHints":{"allow":["GET"]}}],"collection":[{"href":"https:\/\/demostore.ai\/tr\/wp-json\/wp\/v2\/product"}],"about":[{"href":"https:\/\/demostore.ai\/tr\/wp-json\/wp\/v2\/types\/product"}],"replies":[{"embeddable":true,"href":"https:\/\/demostore.ai\/tr\/wp-json\/wp\/v2\/comments?post=39186"}],"wp:featuredmedia":[{"embeddable":true,"href":"https:\/\/demostore.ai\/tr\/wp-json\/wp\/v2\/media\/16283"}],"wp:attachment":[{"href":"https:\/\/demostore.ai\/tr\/wp-json\/wp\/v2\/media?parent=39186"}],"wp:term":[{"taxonomy":"product_brand","embeddable":true,"href":"https:\/\/demostore.ai\/tr\/wp-json\/wp\/v2\/product_brand?post=39186"},{"taxonomy":"product_cat","embeddable":true,"href":"https:\/\/demostore.ai\/tr\/wp-json\/wp\/v2\/product_cat?post=39186"},{"taxonomy":"product_tag","embeddable":true,"href":"https:\/\/demostore.ai\/tr\/wp-json\/wp\/v2\/product_tag?post=39186"}],"curies":[{"name":"wp","href":"https:\/\/api.w.org\/{rel}","templated":true}]}}