{"id":38820,"date":"2025-06-13T08:49:49","date_gmt":"2025-06-13T00:49:49","guid":{"rendered":"https:\/\/demostore.ai\/?post_type=product&#038;p=38820"},"modified":"2026-02-19T10:55:37","modified_gmt":"2026-02-19T02:55:37","slug":"ponds-karpuzlu-jel-nemlendirici","status":"publish","type":"product","link":"https:\/\/demostore.ai\/tr\/urun\/ponds-karpuzlu-jel-nemlendirici\/","title":{"rendered":"Pond&#8217;s Karpuzlu Jel Nemlendirici"},"content":{"rendered":"<section data-wtai-block-id=\"wtai_product_description_features\" class=\"wtai-section wtai-features-section\">\n<h2>\u00dcr\u00fcn \u00d6zellikleri<\/h2>\n<ul>\n<li><strong>Yo\u011fun nem deste\u011fi<\/strong> ciltte taze ve canl\u0131 bir his b\u0131rak\u0131r.<\/li>\n<li><strong>An\u0131nda ferahl\u0131k hissi<\/strong>yle cildi a\u011f\u0131rl\u0131k yapmadan serinletir.<\/li>\n<li><strong>Jel dokusu<\/strong> hafif yap\u0131s\u0131yla kolayca emilir, ya\u011fl\u0131 bir tabaka b\u0131rakmaz.<\/li>\n<li><strong>Karpuz \u00f6z\u00fc<\/strong> cilde do\u011fal \u0131\u015f\u0131lt\u0131 ve su deposu etkisi sunar.<\/li>\n<li><strong>Gliserin<\/strong> i\u00e7erikli form\u00fcl, uzun s\u00fcreli nem tutma sa\u011flar.<\/li>\n<li><strong>Serbest radikallere kar\u015f\u0131 koruma<\/strong> i\u00e7in antioksidan bak\u0131m\u0131ndan zengindir.<\/li>\n<li><strong>Hassas ciltlerle uyumlu<\/strong> nazik ve tahri\u015f riskini azaltan yap\u0131.<\/li>\n<li><strong>G\u00fcnl\u00fck kullan\u0131m<\/strong> i\u00e7in idealdir; sabah ve ak\u015fam tekrar edilebilir.<\/li>\n<\/ul>\n<\/section>\n<div data-wtai-block-id=\"wtai_product_description_image_1753694499291\" class=\"wtai-section wtai-image_1753694499291-section\">\n<figure class=\"wtai-image-p wtai-align-center\" style=\"text-align:center\"><img decoding=\"async\" src=\"https:\/\/demostore.ai\/wp-content\/uploads\/2025\/06\/Moisturizer-4-scaled-1-600x372.png\" alt=\"Pond\u2019s Karpuzlu Jel Nemlendirici a\u00e7\u0131k kavanozda, \u00fcr\u00fcn etiketi ve kapa\u011f\u0131 yan tarafta g\u00f6r\u00fcnmekte.\" srcset=\"https:\/\/demostore.ai\/wp-content\/uploads\/2025\/06\/Moisturizer-4-scaled-1.png 1000w, https:\/\/demostore.ai\/wp-content\/uploads\/2025\/06\/Moisturizer-4-scaled-1-300x186.png 300w, https:\/\/demostore.ai\/wp-content\/uploads\/2025\/06\/Moisturizer-4-scaled-1-768x476.png 768w, https:\/\/demostore.ai\/wp-content\/uploads\/2025\/06\/Moisturizer-4-scaled-1-600x372.png 600w\"><figcaption>\n<p>\u015eeffaf cam kavanoz i\u00e7indeki jel dokusu, hafif ve ferahlat\u0131c\u0131 bir nemlendirme vadediyor.<\/p>\n<\/figcaption><\/figure>\n<\/p><\/div>\n<section data-wtai-block-id=\"wtai_product_description_benefits\" class=\"wtai-section wtai-benefits-section\">\n<h2>Neden Bay\u0131lacaks\u0131n\u0131z<\/h2>\n<ul>\n<li>Daha dolgun ve \u0131\u015f\u0131lt\u0131l\u0131 bir cilt g\u00f6r\u00fcn\u00fcm\u00fc kazand\u0131r\u0131r.<\/li>\n<li>Kuruluk ve gerginlik hissini h\u0131zla giderir.<\/li>\n<li>Cildi daha yumu\u015fak ve p\u00fcr\u00fczs\u00fcz b\u0131rak\u0131r.<\/li>\n<li>G\u00fcndelik stres ve \u00e7evresel etkilere kar\u015f\u0131 destek sunar.<\/li>\n<li>Cildin taze ve bak\u0131ml\u0131 g\u00f6r\u00fcnmesine yard\u0131mc\u0131 olur.<\/li>\n<\/ul>\n<\/section>\n<section data-wtai-block-id=\"wtai_product_description_use_cases\" class=\"wtai-section wtai-use_cases-section\">\n<h3>Rutininde Nas\u0131l Kullanabilirsin<\/h3>\n<ol>\n<li>Sabah y\u00fcz\u00fcn\u00fc temizledikten sonra ince bir tabaka halinde uygula.<\/li>\n<li>Serinletici etkisiyle yaz aylar\u0131nda g\u00fcn i\u00e7inde tazeleme i\u00e7in kullan.<\/li>\n<li>Gece cilt bak\u0131m\u0131nda bak\u0131m serumu sonras\u0131 nemlendirmek i\u00e7in uygula.<\/li>\n<li>Makyaj \u00f6ncesi hafif bir astar gibi s\u00fcrerek ipeksi dokuya ula\u015f.<\/li>\n<li>Du\u015f sonras\u0131 cildini nemlendirmek i\u00e7in tercih et.<\/li>\n<li>T\u0131ra\u015f sonras\u0131 hassas b\u00f6lgelerde yat\u0131\u015ft\u0131r\u0131c\u0131 olarak uygula.<\/li>\n<li>Yo\u011fun bir g\u00fcn\u00fcn ard\u0131ndan ferahlat\u0131c\u0131 maske gibi kal\u0131n tabaka s\u00fcr.<\/li>\n<li>\u00c7antanda ta\u015f\u0131yarak g\u00fcn i\u00e7inde b\u00f6lgesel kuruluk hissinde uygula.<\/li>\n<\/ol>\n<\/section>\n<section data-wtai-block-id=\"wtai_product_description_technical_specifications\" class=\"wtai-section wtai-technical_specifications-section\">\n<h3>Detaylar<\/h3>\n<ul>\n<li><strong>Form<\/strong>: Jel nemlendirici<\/li>\n<li><strong>Net Miktar<\/strong>: 50 ml<\/li>\n<li><strong>Cilt Tipi<\/strong>: T\u00fcm cilt tipleriyle uyumlu<\/li>\n<li><strong>Ambalaj<\/strong>: Cam kavanoz<\/li>\n<\/ul>\n<\/section>\n<section data-wtai-block-id=\"wtai_product_description_custom_1753167803027\" class=\"wtai-section wtai-custom_1753167803027-section\">\n<h2>Hangi Cilt Sorunlar\u0131na ve Tiplerine Uygun?<\/h2>\n<ul>\n<li><strong>Kuruluk<\/strong>: G\u00fcn boyu taze ve canl\u0131 his i\u00e7in yo\u011fun nem sa\u011flar.<\/li>\n<li><strong>Donuk g\u00f6r\u00fcn\u00fcm<\/strong>: Cilt tonunu canland\u0131r\u0131r ve enerjik bir g\u00f6r\u00fcn\u00fcm kazand\u0131r\u0131r.<\/li>\n<li><strong>D\u00fczensiz doku<\/strong>: Cildi p\u00fcr\u00fczs\u00fczle\u015ftirir, yumu\u015fak bir his b\u0131rak\u0131r.<\/li>\n<li><strong>Hafif ya\u011flanma<\/strong>: Cildi a\u011f\u0131rla\u015ft\u0131rmadan h\u0131zla emilir, mat g\u00f6r\u00fcn\u00fcm sunar.<\/li>\n<li><strong>T\u00fcm cilt tipleri<\/strong>: Ya\u011fs\u0131z yap\u0131s\u0131 ile geni\u015f bir kullan\u0131m alan\u0131 sunar.<\/li>\n<li><strong>Hassas cilt<\/strong>: Parf\u00fcml\u00fc oldu\u011fu i\u00e7in ilk kez kullananlar test edebilir.<\/li>\n<\/ul>\n<\/section>\n<section data-wtai-block-id=\"wtai_product_description_custom_1754200971412\" class=\"wtai-section wtai-custom_1754200971412-section\">\n<h2>Pond\u2019s Karpuzlu Jel Nemlendirici \u0130\u00e7erik Listesi<\/h2>\n<p>Aqua, Dimethicone, Glycerin, Butylene Glycol, Ammonium Acryloyldimethyltaurate\/VP Copolymer, Isohexadecane, Dimethicone\/Vinyl Dimethicone Crosspolymer, Caprylic\/Capric Triglyceride, Phenoxyethanol, Ammonium Acryloyldimethyltaurate\/Beheneth-25 Methacrylate Crosspolymer, Cetearyl Alcohol, Allantoin, Benzophenone-4, Linoleamidopropyl PG-Dimonium Chloride Phosphate, Propylene Glycol, Tocopheryl Acetate, Stearic Acid, Niacinamide, Parfum, Dimethiconol, Sodium PCA, BHT, Disodium EDTA, Cetearyl Glucoside, PEG-4 Laurate, Propanediol, Sodium Hydroxide, T-Butyl Alcohol, C12-14 Pareth-12, Iodopropynyl Butylcarbamate, Hydroxystearic Acid, Citrullus Lanatus Fruit Extract, Arachidic Acid, Palmitic Acid, Sodium Ascorbyl Phosphate, Glucose, Chlorphenesin, Benzyl Alcohol, Benzyl Salicylate, Citronellol, Hexyl Cinnamal, Limonene, Linalool, CI 14700.<\/p>\n<\/section>\n<section data-wtai-block-id=\"wtai_product_description_faqs\" class=\"wtai-section wtai-faqs-section\">\n<h2>S\u0131k\u00e7a Sorulan Sorular<\/h2>\n<p><strong>Hassas ciltler g\u00fcvenle kullanabilir mi?<\/strong> <br \/> Nazik form\u00fcl\u00fc ile hassas ciltler i\u00e7in uygundur. Cilt testi \u00f6nerilir.<\/p>\n<p><strong>Ba\u015fka aktif i\u00e7eriklerle birlikte kullan\u0131labilir mi?<\/strong> <br \/> \u00c7o\u011fu aktifle uyumlu; ilk kullan\u0131mda bir arada uygulamadan \u00f6nce k\u00fc\u00e7\u00fck bir alanda test edebilirsiniz.<\/p>\n<p><strong>G\u00f6z \u00e7evresine uygulanabilir mi?<\/strong> <br \/> Do\u011frudan g\u00f6zle temas\u0131ndan ka\u00e7\u0131n\u0131n. G\u00f6z \u00e7evresinde dikkatlice kullanabilirsiniz.<\/p>\n<p><strong>Raf \u00f6mr\u00fc ne kadar?<\/strong> <br \/> A\u00e7\u0131ld\u0131ktan sonra 12 ay i\u00e7inde t\u00fcketilmesi \u00f6nerilir.<\/p>\n<p><strong>Ne zaman g\u00f6zle g\u00f6r\u00fcl\u00fcr etkiler fark edilir?<\/strong> <br \/> D\u00fczenli kullan\u0131mda k\u0131sa s\u00fcrede ciltte dolgunluk ve yumu\u015fakl\u0131k g\u00f6r\u00fcl\u00fcr.<\/p>\n<\/section>\n<section data-wtai-block-id=\"wtai_product_description_conclusion\" class=\"wtai-section wtai-conclusion-section\">\n<h2>\u015eimdi Deneyin<\/h2>\n<p><em><strong>Cildinizin ferah, nemli ve sa\u011fl\u0131kl\u0131 g\u00f6r\u00fcnmesini sa\u011flayan bu \u00f6zel jel ile g\u00fcnl\u00fck bak\u0131m\u0131n\u0131z\u0131 bir \u00fcst seviyeye ta\u015f\u0131y\u0131n.<\/strong><\/em> <em><strong>Bug\u00fcn deneyin ve tazeli\u011fin verdi\u011fi g\u00fcvenle her g\u00fcne yepyeni ba\u015flay\u0131n.<\/strong><\/em><\/p>\n<\/section>\n","protected":false},"excerpt":{"rendered":"<div data-wtai-block-id=\"wtai_excerpt_subtitle\" class=\"wtai-section wtai-subtitle-section\">\n<p><em><strong>Ferahl\u0131k veren hafif dokusu ile yo\u011fun nem, canl\u0131 bir cilt hissi<\/strong><\/em><\/p>\n<\/p><\/div>\n<div data-wtai-block-id=\"wtai_excerpt_introduction\" class=\"wtai-section wtai-introduction-section\">\n<p>G\u00fcn\u00fcn yo\u011fun temposunda cildinizde ferahl\u0131k arad\u0131\u011f\u0131n\u0131z o an&#8230; Pond\u2019s Karpuzlu Jel Nemlendirici, cildinize hafif ve su gibi bir dokunu\u015fla nem kazand\u0131r\u0131r. Jel form\u00fcl\u00fc, cildi a\u011f\u0131rla\u015ft\u0131rmadan taze bir enerji sunar. Her kullan\u0131mda serinletici bir karpuz esintisiyle yumu\u015fak, nemli ve \u0131\u015f\u0131lt\u0131l\u0131 bir g\u00f6r\u00fcn\u00fcm sa\u011flar. Rutin bak\u0131mlar\u0131n\u0131z\u0131 modern, kendine g\u00fcvenen bir ya\u015fama uyarlarken hem cildinizin hem de an\u0131n\u0131z\u0131n de\u011ferini y\u00fckseltir. Kendinizi yenilenmi\u015f hissettiren, rahatlat\u0131c\u0131 bir bak\u0131m an\u0131 sunar.<\/p>\n<\/p><\/div>\n","protected":false},"featured_media":16864,"comment_status":"open","ping_status":"closed","template":"","meta":[],"product_brand":[],"product_cat":[250],"product_tag":[],"class_list":{"0":"post-38820","1":"product","2":"type-product","3":"status-publish","4":"has-post-thumbnail","6":"product_cat-guzellik-saglik","8":"first","9":"instock","10":"shipping-taxable","11":"purchasable","12":"product-type-simple"},"bundled_by":[],"bundle_stock_status":"instock","bundle_stock_quantity":null,"bundle_virtual":false,"bundle_layout":"","bundle_add_to_cart_form_location":"","bundle_editable_in_cart":false,"bundle_sold_individually_context":"","bundle_item_grouping":"","bundle_min_size":"","bundle_max_size":"","bundle_price":[],"bundled_items":[],"bundle_sell_ids":[],"yoast_head":"<!-- This site is optimized with the Yoast SEO plugin v25.2 - https:\/\/yoast.com\/wordpress\/plugins\/seo\/ -->\n<title>Shop Pond\u2019s Karpuzlu Jel Nemlendirici ile Tazelenmi\u015f Bir Cilt<\/title>\n<meta name=\"description\" content=\"Tazelik dolu form\u00fcl\u00fcyle Pond\u2019s Karpuzlu Jel Nemlendirici, hafif dokusu ve karpuz \u00f6z\u00fcyle cildi yo\u011fun \u015fekilde nemlendirir, parlakl\u0131k kazand\u0131r\u0131r.\" \/>\n<meta name=\"robots\" content=\"index, follow, max-snippet:-1, max-image-preview:large, max-video-preview:-1\" \/>\n<link rel=\"canonical\" href=\"https:\/\/demostore.ai\/tr\/urun\/ponds-karpuzlu-jel-nemlendirici\/\" \/>\n<meta property=\"og:type\" content=\"article\" \/>\n<meta property=\"og:title\" content=\"Shop Pond\u2019s Karpuzlu Jel Nemlendirici ile Tazelenmi\u015f Bir Cilt\" \/>\n<meta property=\"og:description\" content=\"Canland\u0131r\u0131c\u0131 karpuz \u00f6zl\u00fc jel dokusu ile Pond\u2019s nemlendirici, cildi ferahlat\u0131r, h\u0131zla emilir ve yumu\u015fak bir g\u00f6r\u00fcn\u00fcm kazand\u0131r\u0131r. G\u00fcndelik bak\u0131ma modern bir dokunu\u015f.\" \/>\n<meta property=\"og:url\" content=\"https:\/\/demostore.ai\/tr\/urun\/ponds-karpuzlu-jel-nemlendirici\/\" \/>\n<meta property=\"og:site_name\" content=\"Trendy Thread\" \/>\n<meta property=\"article:modified_time\" content=\"2026-02-19T02:55:37+00:00\" \/>\n<meta property=\"og:image\" content=\"https:\/\/demostore.ai\/wp-content\/uploads\/2025\/06\/Moisturizer-1-scaled-1.png\" \/>\n\t<meta property=\"og:image:width\" content=\"1000\" \/>\n\t<meta property=\"og:image:height\" content=\"1000\" \/>\n\t<meta property=\"og:image:type\" content=\"image\/png\" \/>\n<meta name=\"twitter:card\" content=\"summary_large_image\" \/>\n<meta name=\"twitter:title\" content=\"Shop Pond\u2019s Karpuzlu Jel Nemlendirici ile Tazelenmi\u015f Bir Cilt\" \/>\n<meta name=\"twitter:description\" content=\"Canland\u0131r\u0131c\u0131 karpuz \u00f6zl\u00fc jel dokusu ile Pond\u2019s nemlendirici, cildi ferahlat\u0131r, h\u0131zla emilir ve yumu\u015fak bir g\u00f6r\u00fcn\u00fcm kazand\u0131r\u0131r. G\u00fcndelik bak\u0131ma modern bir dokunu\u015f.\" \/>\n<meta name=\"twitter:label1\" content=\"Tahmini okuma s\u00fcresi\" \/>\n\t<meta name=\"twitter:data1\" content=\"1 dakika\" \/>\n<script type=\"application\/ld+json\" class=\"yoast-schema-graph\">{\"@context\":\"https:\/\/schema.org\",\"@graph\":[{\"@type\":\"WebPage\",\"@id\":\"https:\/\/demostore.ai\/tr\/urun\/ponds-karpuzlu-jel-nemlendirici\/\",\"url\":\"https:\/\/demostore.ai\/tr\/urun\/ponds-karpuzlu-jel-nemlendirici\/\",\"name\":\"Shop Pond\u2019s Karpuzlu Jel Nemlendirici ile Tazelenmi\u015f Bir Cilt\",\"isPartOf\":{\"@id\":\"https:\/\/demostore.ai\/tr\/#website\"},\"primaryImageOfPage\":{\"@id\":\"https:\/\/demostore.ai\/tr\/urun\/ponds-karpuzlu-jel-nemlendirici\/#primaryimage\"},\"image\":{\"@id\":\"https:\/\/demostore.ai\/tr\/urun\/ponds-karpuzlu-jel-nemlendirici\/#primaryimage\"},\"thumbnailUrl\":\"https:\/\/demostore.ai\/wp-content\/uploads\/2025\/06\/Moisturizer-1-scaled-1.png\",\"datePublished\":\"2025-06-13T00:49:49+00:00\",\"dateModified\":\"2026-02-19T02:55:37+00:00\",\"description\":\"Tazelik dolu form\u00fcl\u00fcyle Pond\u2019s Karpuzlu Jel Nemlendirici, hafif dokusu ve karpuz \u00f6z\u00fcyle cildi yo\u011fun \u015fekilde nemlendirir, parlakl\u0131k kazand\u0131r\u0131r.\",\"breadcrumb\":{\"@id\":\"https:\/\/demostore.ai\/tr\/urun\/ponds-karpuzlu-jel-nemlendirici\/#breadcrumb\"},\"inLanguage\":\"tr\",\"potentialAction\":[{\"@type\":\"ReadAction\",\"target\":[\"https:\/\/demostore.ai\/tr\/urun\/ponds-karpuzlu-jel-nemlendirici\/\"]}]},{\"@type\":\"ImageObject\",\"inLanguage\":\"tr\",\"@id\":\"https:\/\/demostore.ai\/tr\/urun\/ponds-karpuzlu-jel-nemlendirici\/#primaryimage\",\"url\":\"https:\/\/demostore.ai\/wp-content\/uploads\/2025\/06\/Moisturizer-1-scaled-1.png\",\"contentUrl\":\"https:\/\/demostore.ai\/wp-content\/uploads\/2025\/06\/Moisturizer-1-scaled-1.png\",\"width\":1000,\"height\":1000,\"caption\":\"Pond\u2019s Karpuzlu Jel Nemlendirici \u00fcr\u00fcn kavanozu, \u00f6n etiketiyle birlikte \u00f6nden g\u00f6r\u00fcn\u00fcm.\"},{\"@type\":\"BreadcrumbList\",\"@id\":\"https:\/\/demostore.ai\/tr\/urun\/ponds-karpuzlu-jel-nemlendirici\/#breadcrumb\",\"itemListElement\":[{\"@type\":\"ListItem\",\"position\":1,\"name\":\"Ana Sayfa\",\"item\":\"https:\/\/demostore.ai\/tr\/\"},{\"@type\":\"ListItem\",\"position\":2,\"name\":\"Ma\u011faza\",\"item\":\"https:\/\/demostore.ai\/tr\/magaza\/\"},{\"@type\":\"ListItem\",\"position\":3,\"name\":\"Pond&#8217;s Karpuzlu Jel Nemlendirici\"}]},{\"@type\":\"WebSite\",\"@id\":\"https:\/\/demostore.ai\/tr\/#website\",\"url\":\"https:\/\/demostore.ai\/tr\/\",\"name\":\"Trendy Thread\",\"description\":\"WriteText.ai Demo Ma\u011fazas\u0131\",\"publisher\":{\"@id\":\"https:\/\/demostore.ai\/tr\/#organization\"},\"potentialAction\":[{\"@type\":\"SearchAction\",\"target\":{\"@type\":\"EntryPoint\",\"urlTemplate\":\"https:\/\/demostore.ai\/tr\/?s={search_term_string}\"},\"query-input\":{\"@type\":\"PropertyValueSpecification\",\"valueRequired\":true,\"valueName\":\"search_term_string\"}}],\"inLanguage\":\"tr\"},{\"@type\":\"Organization\",\"@id\":\"https:\/\/demostore.ai\/tr\/#organization\",\"name\":\"WriteText.ai\",\"url\":\"https:\/\/demostore.ai\/tr\/\",\"logo\":{\"@type\":\"ImageObject\",\"inLanguage\":\"tr\",\"@id\":\"https:\/\/demostore.ai\/tr\/#\/schema\/logo\/image\/\",\"url\":\"https:\/\/demostore.ai\/wp-content\/uploads\/2025\/10\/writetext_logo.webp\",\"contentUrl\":\"https:\/\/demostore.ai\/wp-content\/uploads\/2025\/10\/writetext_logo.webp\",\"width\":200,\"height\":34,\"caption\":\"WriteText.ai\"},\"image\":{\"@id\":\"https:\/\/demostore.ai\/tr\/#\/schema\/logo\/image\/\"}}]}<\/script>\n<!-- \/ Yoast SEO plugin. -->","yoast_head_json":{"title":"Shop Pond\u2019s Karpuzlu Jel Nemlendirici ile Tazelenmi\u015f Bir Cilt","description":"Tazelik dolu form\u00fcl\u00fcyle Pond\u2019s Karpuzlu Jel Nemlendirici, hafif dokusu ve karpuz \u00f6z\u00fcyle cildi yo\u011fun \u015fekilde nemlendirir, parlakl\u0131k kazand\u0131r\u0131r.","robots":{"index":"index","follow":"follow","max-snippet":"max-snippet:-1","max-image-preview":"max-image-preview:large","max-video-preview":"max-video-preview:-1"},"canonical":"https:\/\/demostore.ai\/tr\/urun\/ponds-karpuzlu-jel-nemlendirici\/","og_type":"article","og_title":"Shop Pond\u2019s Karpuzlu Jel Nemlendirici ile Tazelenmi\u015f Bir Cilt","og_description":"Canland\u0131r\u0131c\u0131 karpuz \u00f6zl\u00fc jel dokusu ile Pond\u2019s nemlendirici, cildi ferahlat\u0131r, h\u0131zla emilir ve yumu\u015fak bir g\u00f6r\u00fcn\u00fcm kazand\u0131r\u0131r. G\u00fcndelik bak\u0131ma modern bir dokunu\u015f.","og_url":"https:\/\/demostore.ai\/tr\/urun\/ponds-karpuzlu-jel-nemlendirici\/","og_site_name":"Trendy Thread","article_modified_time":"2026-02-19T02:55:37+00:00","og_image":[{"width":1000,"height":1000,"url":"https:\/\/demostore.ai\/wp-content\/uploads\/2025\/06\/Moisturizer-1-scaled-1.png","type":"image\/png"}],"twitter_card":"summary_large_image","twitter_title":"Shop Pond\u2019s Karpuzlu Jel Nemlendirici ile Tazelenmi\u015f Bir Cilt","twitter_description":"Canland\u0131r\u0131c\u0131 karpuz \u00f6zl\u00fc jel dokusu ile Pond\u2019s nemlendirici, cildi ferahlat\u0131r, h\u0131zla emilir ve yumu\u015fak bir g\u00f6r\u00fcn\u00fcm kazand\u0131r\u0131r. G\u00fcndelik bak\u0131ma modern bir dokunu\u015f.","twitter_misc":{"Tahmini okuma s\u00fcresi":"1 dakika"},"schema":{"@context":"https:\/\/schema.org","@graph":[{"@type":"WebPage","@id":"https:\/\/demostore.ai\/tr\/urun\/ponds-karpuzlu-jel-nemlendirici\/","url":"https:\/\/demostore.ai\/tr\/urun\/ponds-karpuzlu-jel-nemlendirici\/","name":"Shop Pond\u2019s Karpuzlu Jel Nemlendirici ile Tazelenmi\u015f Bir Cilt","isPartOf":{"@id":"https:\/\/demostore.ai\/tr\/#website"},"primaryImageOfPage":{"@id":"https:\/\/demostore.ai\/tr\/urun\/ponds-karpuzlu-jel-nemlendirici\/#primaryimage"},"image":{"@id":"https:\/\/demostore.ai\/tr\/urun\/ponds-karpuzlu-jel-nemlendirici\/#primaryimage"},"thumbnailUrl":"https:\/\/demostore.ai\/wp-content\/uploads\/2025\/06\/Moisturizer-1-scaled-1.png","datePublished":"2025-06-13T00:49:49+00:00","dateModified":"2026-02-19T02:55:37+00:00","description":"Tazelik dolu form\u00fcl\u00fcyle Pond\u2019s Karpuzlu Jel Nemlendirici, hafif dokusu ve karpuz \u00f6z\u00fcyle cildi yo\u011fun \u015fekilde nemlendirir, parlakl\u0131k kazand\u0131r\u0131r.","breadcrumb":{"@id":"https:\/\/demostore.ai\/tr\/urun\/ponds-karpuzlu-jel-nemlendirici\/#breadcrumb"},"inLanguage":"tr","potentialAction":[{"@type":"ReadAction","target":["https:\/\/demostore.ai\/tr\/urun\/ponds-karpuzlu-jel-nemlendirici\/"]}]},{"@type":"ImageObject","inLanguage":"tr","@id":"https:\/\/demostore.ai\/tr\/urun\/ponds-karpuzlu-jel-nemlendirici\/#primaryimage","url":"https:\/\/demostore.ai\/wp-content\/uploads\/2025\/06\/Moisturizer-1-scaled-1.png","contentUrl":"https:\/\/demostore.ai\/wp-content\/uploads\/2025\/06\/Moisturizer-1-scaled-1.png","width":1000,"height":1000,"caption":"Pond\u2019s Karpuzlu Jel Nemlendirici \u00fcr\u00fcn kavanozu, \u00f6n etiketiyle birlikte \u00f6nden g\u00f6r\u00fcn\u00fcm."},{"@type":"BreadcrumbList","@id":"https:\/\/demostore.ai\/tr\/urun\/ponds-karpuzlu-jel-nemlendirici\/#breadcrumb","itemListElement":[{"@type":"ListItem","position":1,"name":"Ana Sayfa","item":"https:\/\/demostore.ai\/tr\/"},{"@type":"ListItem","position":2,"name":"Ma\u011faza","item":"https:\/\/demostore.ai\/tr\/magaza\/"},{"@type":"ListItem","position":3,"name":"Pond&#8217;s Karpuzlu Jel Nemlendirici"}]},{"@type":"WebSite","@id":"https:\/\/demostore.ai\/tr\/#website","url":"https:\/\/demostore.ai\/tr\/","name":"Trendy Thread","description":"WriteText.ai Demo Ma\u011fazas\u0131","publisher":{"@id":"https:\/\/demostore.ai\/tr\/#organization"},"potentialAction":[{"@type":"SearchAction","target":{"@type":"EntryPoint","urlTemplate":"https:\/\/demostore.ai\/tr\/?s={search_term_string}"},"query-input":{"@type":"PropertyValueSpecification","valueRequired":true,"valueName":"search_term_string"}}],"inLanguage":"tr"},{"@type":"Organization","@id":"https:\/\/demostore.ai\/tr\/#organization","name":"WriteText.ai","url":"https:\/\/demostore.ai\/tr\/","logo":{"@type":"ImageObject","inLanguage":"tr","@id":"https:\/\/demostore.ai\/tr\/#\/schema\/logo\/image\/","url":"https:\/\/demostore.ai\/wp-content\/uploads\/2025\/10\/writetext_logo.webp","contentUrl":"https:\/\/demostore.ai\/wp-content\/uploads\/2025\/10\/writetext_logo.webp","width":200,"height":34,"caption":"WriteText.ai"},"image":{"@id":"https:\/\/demostore.ai\/tr\/#\/schema\/logo\/image\/"}}]}},"_links":{"self":[{"href":"https:\/\/demostore.ai\/tr\/wp-json\/wp\/v2\/product\/38820","targetHints":{"allow":["GET"]}}],"collection":[{"href":"https:\/\/demostore.ai\/tr\/wp-json\/wp\/v2\/product"}],"about":[{"href":"https:\/\/demostore.ai\/tr\/wp-json\/wp\/v2\/types\/product"}],"replies":[{"embeddable":true,"href":"https:\/\/demostore.ai\/tr\/wp-json\/wp\/v2\/comments?post=38820"}],"wp:featuredmedia":[{"embeddable":true,"href":"https:\/\/demostore.ai\/tr\/wp-json\/wp\/v2\/media\/16864"}],"wp:attachment":[{"href":"https:\/\/demostore.ai\/tr\/wp-json\/wp\/v2\/media?parent=38820"}],"wp:term":[{"taxonomy":"product_brand","embeddable":true,"href":"https:\/\/demostore.ai\/tr\/wp-json\/wp\/v2\/product_brand?post=38820"},{"taxonomy":"product_cat","embeddable":true,"href":"https:\/\/demostore.ai\/tr\/wp-json\/wp\/v2\/product_cat?post=38820"},{"taxonomy":"product_tag","embeddable":true,"href":"https:\/\/demostore.ai\/tr\/wp-json\/wp\/v2\/product_tag?post=38820"}],"curies":[{"name":"wp","href":"https:\/\/api.w.org\/{rel}","templated":true}]}}