{"id":38759,"date":"2025-06-13T08:54:18","date_gmt":"2025-06-13T00:54:18","guid":{"rendered":"https:\/\/demostore.ai\/?post_type=product&#038;p=38759"},"modified":"2026-02-19T10:55:32","modified_gmt":"2026-02-19T02:55:32","slug":"megan-komurlu-soyulabilir-maske","status":"publish","type":"product","link":"https:\/\/demostore.ai\/tr\/urun\/megan-komurlu-soyulabilir-maske\/","title":{"rendered":"Megan K\u00f6m\u00fcrl\u00fc Soyulabilir Maske"},"content":{"rendered":"<section data-wtai-block-id=\"wtai_product_description_features\" class=\"wtai-section wtai-features-section\">\n<h2>\u00dcr\u00fcn \u00d6zellikleri<\/h2>\n<ul>\n<li><strong>Derinlemesine Temizlik<\/strong>: G\u00f6zeneklerdeki kirleri ve ya\u011f birikimini etkili \u015fekilde ar\u0131nd\u0131r\u0131r.<\/li>\n<li><strong>Ar\u0131nd\u0131r\u0131c\u0131 K\u00f6m\u00fcr Form\u00fcl\u00fc<\/strong>: Aktif k\u00f6m\u00fcr i\u00e7erir, cilde mat ve taze bir g\u00f6r\u00fcn\u00fcm kazand\u0131r\u0131r.<\/li>\n<li><strong>Canland\u0131r\u0131c\u0131 Niacinamide<\/strong>: Cilt tonunu e\u015fitler, canland\u0131rmaya yard\u0131mc\u0131 olur.<\/li>\n<li><strong>Soyulabilir Maske Yap\u0131s\u0131<\/strong>: Cildi yormadan nazik\u00e7e soyulur, pratik kullan\u0131m sunar.<\/li>\n<li><strong>Siyah Nokta ve Toksin Kar\u015f\u0131t\u0131<\/strong>: Siyah noktalar\u0131n giderilmesinde destek olur, \u00e7evresel toksinleri uzakla\u015ft\u0131r\u0131r.<\/li>\n<li><strong>P\u00fcr\u00fczs\u00fczle\u015ftirici Etki<\/strong>: Cildin daha p\u00fcr\u00fczs\u00fcz ve yumu\u015fak olmas\u0131na yard\u0131mc\u0131 olur.<\/li>\n<li><strong>Hafif ve Kolay S\u00fcr\u00fcl\u00fcr<\/strong>: Krem form\u00fcl\u00fc kolayca yay\u0131l\u0131r, zahmetsizce uygulan\u0131r.<\/li>\n<li><strong>T\u00fcm Cilt Tipleri \u0130\u00e7in Uygun<\/strong>: Hassas ciltler dahil olmak \u00fczere g\u00fcnl\u00fck bak\u0131mda g\u00fcvenle kullan\u0131labilir.<\/li>\n<\/ul>\n<\/section>\n<div data-wtai-block-id=\"wtai_product_description_image_1753694499291\" class=\"wtai-section wtai-image_1753694499291-section\">\n<figure class=\"wtai-image-p wtai-align-center\" style=\"text-align:center\"><img decoding=\"async\" src=\"https:\/\/demostore.ai\/wp-content\/uploads\/2025\/06\/Face-mask-4-scaled-1-600x900.png\" alt=\"Megan K\u00f6m\u00fcrl\u00fc Soyulabilir Maske t\u00fcpten s\u0131k\u0131lm\u0131\u015f, maske uygulamal\u0131 kad\u0131n g\u00f6rseliyle \u00fcr\u00fcn ambalaj\u0131.\" srcset=\"https:\/\/demostore.ai\/wp-content\/uploads\/2025\/06\/Face-mask-4-scaled-1.png 667w, https:\/\/demostore.ai\/wp-content\/uploads\/2025\/06\/Face-mask-4-scaled-1-200x300.png 200w, https:\/\/demostore.ai\/wp-content\/uploads\/2025\/06\/Face-mask-4-scaled-1-600x900.png 600w\"><figcaption>\n<p>K\u00f6p\u00fck kapaktan kolayca \u00e7\u0131kan yo\u011fun siyah jel, ciltte derin temizlik vadetti\u011fini hissettiriyor.<\/p>\n<\/figcaption><\/figure>\n<\/p><\/div>\n<section data-wtai-block-id=\"wtai_product_description_benefits\" class=\"wtai-section wtai-benefits-section\">\n<h2>Neden Seveceksiniz<\/h2>\n<ul>\n<li>Cildinizde derin temizlik hissi ile ferahl\u0131k yarat\u0131r.<\/li>\n<li>G\u00f6zenekler daha s\u0131k\u0131 ve k\u00fc\u00e7\u00fck g\u00f6r\u00fcn\u00fcr.<\/li>\n<li>Daha ayd\u0131nl\u0131k ve p\u00fcr\u00fczs\u00fcz bir cilt sa\u011flar.<\/li>\n<li>Siyah nokta ve kir birikimini azalt\u0131r.<\/li>\n<li>D\u00fczenli kullan\u0131mda cilt g\u00f6r\u00fcn\u00fcm\u00fcne \u0131\u015f\u0131lt\u0131 ve tazelik kazand\u0131r\u0131r.<\/li>\n<\/ul>\n<\/section>\n<section data-wtai-block-id=\"wtai_product_description_use_cases\" class=\"wtai-section wtai-use_cases-section\">\n<h3>Rutininde Nas\u0131l Kullan\u0131l\u0131r<\/h3>\n<ol>\n<li>Cildinizi temizleyin ve tamamen kurulay\u0131n.<\/li>\n<li>Yeterli miktarda maskeyi y\u00fcz\u00fcn\u00fcze ince bir tabaka halinde s\u00fcr\u00fcn.<\/li>\n<li>G\u00f6z, ka\u015f ve dudak \u00e7evresinden uzak tutun.<\/li>\n<li>Maskeyi t\u00fcm y\u00fcz\u00fcn\u00fcze e\u015fit \u015fekilde yay\u0131n.<\/li>\n<li>15-20 dakika boyunca maskenin tamamen kurumas\u0131n\u0131 bekleyin.<\/li>\n<li>Kuruduktan sonra maskeyi alttan yukar\u0131ya do\u011fru nazik\u00e7e soyun.<\/li>\n<li>Ard\u0131ndan y\u00fcz\u00fcn\u00fcz\u00fc \u0131l\u0131k suyla durulayarak kal\u0131nt\u0131lardan ar\u0131nd\u0131r\u0131n.<\/li>\n<li>Haftada 1-2 kez, temiz cilt bak\u0131m rutininizin bir par\u00e7as\u0131 olarak kullan\u0131n.<\/li>\n<\/ol>\n<\/section>\n<section data-wtai-block-id=\"wtai_product_description_technical_specifications\" class=\"wtai-section wtai-technical_specifications-section\">\n<h3>Detaylar<\/h3>\n<ul>\n<li><strong>\u00dcr\u00fcn T\u00fcr\u00fc<\/strong>: Soyulabilir maske<\/li>\n<li><strong>\u0130\u00e7erik Miktar\u0131<\/strong>: 50 ml<\/li>\n<li><strong>Ana Aktifler<\/strong>: K\u00f6m\u00fcr, niacinamide<\/li>\n<li><strong>Cilt Tipleri<\/strong>: T\u00fcm cilt tiplerine uygun<\/li>\n<\/ul>\n<\/section>\n<section data-wtai-block-id=\"wtai_product_description_custom_1753167803027\" class=\"wtai-section wtai-custom_1753167803027-section\">\n<h2>Hangi Cilt Sorunlar\u0131na ve Cilt Tiplerine Uygun<\/h2>\n<ul>\n<li>Siyah nokta sorunu \u2013 G\u00f6zeneklerdeki kiri ve ya\u011f\u0131 ar\u0131nd\u0131rmaya yard\u0131mc\u0131 olur.<\/li>\n<li>Ya\u011fl\u0131 cilt \u2013 Fazla ya\u011f\u0131 dengelemeye destek sa\u011flar.<\/li>\n<li>Karma cilt \u2013 \u00d6zellikle T b\u00f6lgesindeki ya\u011flanmada etkilidir.<\/li>\n<li>Solgun cilt g\u00f6r\u00fcn\u00fcm\u00fc \u2013 Cilde daha canl\u0131 bir g\u00f6r\u00fcn\u00fcm kazand\u0131r\u0131r.<\/li>\n<li>G\u00f6zenek problemi \u2013 G\u00f6zeneklerin daha s\u0131k\u0131 g\u00f6r\u00fcnmesini destekler.<\/li>\n<li>Normal cilt \u2013 Haftal\u0131k bak\u0131m rutinine kolayca eklenebilir.<\/li>\n<\/ul>\n<\/section>\n<section data-wtai-block-id=\"wtai_product_description_custom_1754200971412\" class=\"wtai-section wtai-custom_1754200971412-section\">\n<h2>\u0130\u00e7indekiler Listesi<\/h2>\n<p>Aqua, Polyvinyl Alcohol, Alcohol, Propylene Glycol, Charcoal Powder, Hamamelis Virginiana Leaf Extract, Dipotassium Glycyrrhizate, Phenoxyethanol, Xanthan Gum, Parfum.<\/p>\n<\/section>\n<section data-wtai-block-id=\"wtai_product_description_faqs\" class=\"wtai-section wtai-faqs-section\">\n<h2>S\u0131k\u00e7a Sorulan Sorular<\/h2>\n<p><strong>Hassas ciltlerde kullan\u0131labilir mi?<\/strong> <br \/> Hassas ciltler i\u00e7in uygundur, ancak ilk kullan\u0131mda k\u00fc\u00e7\u00fck bir b\u00f6lgede test edebilirsiniz.<\/p>\n<p><strong>Di\u011fer cilt bak\u0131m \u00fcr\u00fcnleriyle birlikte kullan\u0131l\u0131r m\u0131?<\/strong> <br \/> G\u00fcnl\u00fck rutinin d\u0131\u015f\u0131nda, aktif i\u00e7erikli \u00fcr\u00fcnlerle ayn\u0131 g\u00fcn kullan\u0131lmamas\u0131 \u00f6nerilir.<\/p>\n<p><strong>Kullan\u0131m sonras\u0131 hemen sonu\u00e7 al\u0131r m\u0131y\u0131m?<\/strong> <br \/> \u0130lk uygulamadan sonra cildinizde ferahl\u0131k ve parlakl\u0131k fark edilir.<\/p>\n<p><strong>\u00dcr\u00fcn\u00fc ne s\u0131kl\u0131kla kullanabilirim?<\/strong> <br \/> Haftada 1-2 kez kullan\u0131lmas\u0131 tavsiye edilir.<\/p>\n<p><strong>A\u00e7\u0131ld\u0131ktan sonra ne kadar s\u00fcre kullan\u0131labilir?<\/strong> <br \/> A\u00e7\u0131ld\u0131ktan sonra 12 ay i\u00e7inde t\u00fcketilmesi \u00f6nerilir.<\/p>\n<\/section>\n<section data-wtai-block-id=\"wtai_product_description_conclusion\" class=\"wtai-section wtai-conclusion-section\">\n<h2>Daha P\u00fcr\u00fczs\u00fcz ve Temiz Bir Cilt \u0130\u00e7in \u015eimdi Deneyin<\/h2>\n<p><em><strong>Cilt bak\u0131m\u0131nda fark yaratmak isteyenler i\u00e7in \u00f6zel olarak form\u00fcle edildi.<\/strong><\/em> <em><strong>Her kullan\u0131mdan sonra daha berrak ve taze bir cilt hissi sunar.<\/strong><\/em> <em><strong>G\u00fczellik rutininize bug\u00fcn yenilik kat\u0131n, kendinizi her aynada yeniden ke\u015ffedin.<\/strong><\/em><\/p>\n<\/section>\n","protected":false},"excerpt":{"rendered":"<div data-wtai-block-id=\"wtai_excerpt_subtitle\" class=\"wtai-section wtai-subtitle-section\">\n<p><em><strong>Ar\u0131nm\u0131\u015f, canl\u0131 ve p\u00fcr\u00fczs\u00fcz bir cilde yeni bir dokunu\u015f<\/strong><\/em><\/p>\n<\/p><\/div>\n<div data-wtai-block-id=\"wtai_excerpt_introduction\" class=\"wtai-section wtai-introduction-section\">\n<p>Yeni bir rahatlama an\u0131na ne dersiniz? Megan K\u00f6m\u00fcrl\u00fc Soyulabilir Maske, yo\u011fun \u015fehir hayat\u0131n\u0131n ciltte b\u0131rakt\u0131\u011f\u0131 yorgunlu\u011fu geride b\u0131rakman\u0131z i\u00e7in \u00f6zel olarak tasarland\u0131. Cildinizi derinlemesine ar\u0131nd\u0131r\u0131rken, k\u00f6m\u00fcr ve niasinamid i\u00e7eri\u011fiyle fazla ya\u011f\u0131 ve kirleri nazik\u00e7e temizler. Soyulabilir yap\u0131s\u0131yla hem etkili hem de e\u011flenceli bir bak\u0131m sunar. I\u015f\u0131lt\u0131s\u0131n\u0131 geri kazanan ve nefes alan bir cilt i\u00e7in size ihtiyac\u0131n\u0131z olan konforu ve ferahl\u0131\u011f\u0131 hissettirir. G\u00fczelli\u011finizi g\u00f6n\u00fcl rahatl\u0131\u011f\u0131yla ortaya \u00e7\u0131kar\u0131n; Megan ile bak\u0131m art\u0131k bir keyif an\u0131na d\u00f6n\u00fc\u015f\u00fcyor.<\/p>\n<\/p><\/div>\n","protected":false},"featured_media":16157,"comment_status":"open","ping_status":"closed","template":"","meta":[],"product_brand":[],"product_cat":[250],"product_tag":[],"class_list":{"0":"post-38759","1":"product","2":"type-product","3":"status-publish","4":"has-post-thumbnail","6":"product_cat-guzellik-saglik","8":"first","9":"instock","10":"shipping-taxable","11":"purchasable","12":"product-type-simple"},"bundled_by":[],"bundle_stock_status":"instock","bundle_stock_quantity":null,"bundle_virtual":false,"bundle_layout":"","bundle_add_to_cart_form_location":"","bundle_editable_in_cart":false,"bundle_sold_individually_context":"","bundle_item_grouping":"","bundle_min_size":"","bundle_max_size":"","bundle_price":[],"bundled_items":[],"bundle_sell_ids":[],"yoast_head":"<!-- This site is optimized with the Yoast SEO plugin v25.2 - https:\/\/yoast.com\/wordpress\/plugins\/seo\/ -->\n<title>Shop Megan K\u00f6m\u00fcrl\u00fc Soyulabilir Maske ile Saf ve I\u015f\u0131lt\u0131l\u0131 Cilt<\/title>\n<meta name=\"description\" content=\"Karma\u015f\u0131k ciltlere \u00f6zel ar\u0131nd\u0131r\u0131c\u0131 form\u00fcl. Megan K\u00f6m\u00fcrl\u00fc Soyulabilir Maske, derin temizlik, siyah nokta kar\u015f\u0131t\u0131 bak\u0131m ve p\u00fcr\u00fczs\u00fczl\u00fck sunar. Pratik uygulama ve etkili sonu\u00e7lar.\" \/>\n<meta name=\"robots\" content=\"index, follow, max-snippet:-1, max-image-preview:large, max-video-preview:-1\" \/>\n<link rel=\"canonical\" href=\"https:\/\/demostore.ai\/tr\/urun\/megan-komurlu-soyulabilir-maske\/\" \/>\n<meta property=\"og:type\" content=\"article\" \/>\n<meta property=\"og:title\" content=\"Shop Megan K\u00f6m\u00fcrl\u00fc Soyulabilir Maske ile Saf ve I\u015f\u0131lt\u0131l\u0131 Cilt\" \/>\n<meta property=\"og:description\" content=\"Hassas ve karma ciltlerde bile g\u00fcvenle kullan\u0131labilen \u00f6zel k\u00f6m\u00fcrl\u00fc maske. Derinlemesine temizlik, siyah nokta g\u00f6r\u00fcn\u00fcm\u00fcn\u00fc azaltma ve yumu\u015fak cilt dokusu i\u00e7in bug\u00fcn deneyin.\" \/>\n<meta property=\"og:url\" content=\"https:\/\/demostore.ai\/tr\/urun\/megan-komurlu-soyulabilir-maske\/\" \/>\n<meta property=\"og:site_name\" content=\"Trendy Thread\" \/>\n<meta property=\"article:modified_time\" content=\"2026-02-19T02:55:32+00:00\" \/>\n<meta property=\"og:image\" content=\"https:\/\/demostore.ai\/wp-content\/uploads\/2025\/06\/Face-mask-1-scaled-1.png\" \/>\n\t<meta property=\"og:image:width\" content=\"829\" \/>\n\t<meta property=\"og:image:height\" content=\"1000\" \/>\n\t<meta property=\"og:image:type\" content=\"image\/png\" \/>\n<meta name=\"twitter:card\" content=\"summary_large_image\" \/>\n<meta name=\"twitter:title\" content=\"Shop Megan K\u00f6m\u00fcrl\u00fc Soyulabilir Maske ile Saf ve I\u015f\u0131lt\u0131l\u0131 Cilt\" \/>\n<meta name=\"twitter:description\" content=\"Hassas ve karma ciltlerde bile g\u00fcvenle kullan\u0131labilen \u00f6zel k\u00f6m\u00fcrl\u00fc maske. Derinlemesine temizlik, siyah nokta g\u00f6r\u00fcn\u00fcm\u00fcn\u00fc azaltma ve yumu\u015fak cilt dokusu i\u00e7in bug\u00fcn deneyin.\" \/>\n<meta name=\"twitter:label1\" content=\"Tahmini okuma s\u00fcresi\" \/>\n\t<meta name=\"twitter:data1\" content=\"1 dakika\" \/>\n<script type=\"application\/ld+json\" class=\"yoast-schema-graph\">{\"@context\":\"https:\/\/schema.org\",\"@graph\":[{\"@type\":\"WebPage\",\"@id\":\"https:\/\/demostore.ai\/tr\/urun\/megan-komurlu-soyulabilir-maske\/\",\"url\":\"https:\/\/demostore.ai\/tr\/urun\/megan-komurlu-soyulabilir-maske\/\",\"name\":\"Shop Megan K\u00f6m\u00fcrl\u00fc Soyulabilir Maske ile Saf ve I\u015f\u0131lt\u0131l\u0131 Cilt\",\"isPartOf\":{\"@id\":\"https:\/\/demostore.ai\/tr\/#website\"},\"primaryImageOfPage\":{\"@id\":\"https:\/\/demostore.ai\/tr\/urun\/megan-komurlu-soyulabilir-maske\/#primaryimage\"},\"image\":{\"@id\":\"https:\/\/demostore.ai\/tr\/urun\/megan-komurlu-soyulabilir-maske\/#primaryimage\"},\"thumbnailUrl\":\"https:\/\/demostore.ai\/wp-content\/uploads\/2025\/06\/Face-mask-1-scaled-1.png\",\"datePublished\":\"2025-06-13T00:54:18+00:00\",\"dateModified\":\"2026-02-19T02:55:32+00:00\",\"description\":\"Karma\u015f\u0131k ciltlere \u00f6zel ar\u0131nd\u0131r\u0131c\u0131 form\u00fcl. Megan K\u00f6m\u00fcrl\u00fc Soyulabilir Maske, derin temizlik, siyah nokta kar\u015f\u0131t\u0131 bak\u0131m ve p\u00fcr\u00fczs\u00fczl\u00fck sunar. Pratik uygulama ve etkili sonu\u00e7lar.\",\"breadcrumb\":{\"@id\":\"https:\/\/demostore.ai\/tr\/urun\/megan-komurlu-soyulabilir-maske\/#breadcrumb\"},\"inLanguage\":\"tr\",\"potentialAction\":[{\"@type\":\"ReadAction\",\"target\":[\"https:\/\/demostore.ai\/tr\/urun\/megan-komurlu-soyulabilir-maske\/\"]}]},{\"@type\":\"ImageObject\",\"inLanguage\":\"tr\",\"@id\":\"https:\/\/demostore.ai\/tr\/urun\/megan-komurlu-soyulabilir-maske\/#primaryimage\",\"url\":\"https:\/\/demostore.ai\/wp-content\/uploads\/2025\/06\/Face-mask-1-scaled-1.png\",\"contentUrl\":\"https:\/\/demostore.ai\/wp-content\/uploads\/2025\/06\/Face-mask-1-scaled-1.png\",\"width\":829,\"height\":1000,\"caption\":\"Megan K\u00f6m\u00fcrl\u00fc Soyulabilir Maske, \u00fcr\u00fcn t\u00fcp\u00fc g\u00f6rseli, \u00fczerinde k\u00f6m\u00fcr ve niasinamid vurgusu.\"},{\"@type\":\"BreadcrumbList\",\"@id\":\"https:\/\/demostore.ai\/tr\/urun\/megan-komurlu-soyulabilir-maske\/#breadcrumb\",\"itemListElement\":[{\"@type\":\"ListItem\",\"position\":1,\"name\":\"Ana Sayfa\",\"item\":\"https:\/\/demostore.ai\/tr\/\"},{\"@type\":\"ListItem\",\"position\":2,\"name\":\"Ma\u011faza\",\"item\":\"https:\/\/demostore.ai\/tr\/magaza\/\"},{\"@type\":\"ListItem\",\"position\":3,\"name\":\"Megan K\u00f6m\u00fcrl\u00fc Soyulabilir Maske\"}]},{\"@type\":\"WebSite\",\"@id\":\"https:\/\/demostore.ai\/tr\/#website\",\"url\":\"https:\/\/demostore.ai\/tr\/\",\"name\":\"Trendy Thread\",\"description\":\"WriteText.ai Demo Ma\u011fazas\u0131\",\"publisher\":{\"@id\":\"https:\/\/demostore.ai\/tr\/#organization\"},\"potentialAction\":[{\"@type\":\"SearchAction\",\"target\":{\"@type\":\"EntryPoint\",\"urlTemplate\":\"https:\/\/demostore.ai\/tr\/?s={search_term_string}\"},\"query-input\":{\"@type\":\"PropertyValueSpecification\",\"valueRequired\":true,\"valueName\":\"search_term_string\"}}],\"inLanguage\":\"tr\"},{\"@type\":\"Organization\",\"@id\":\"https:\/\/demostore.ai\/tr\/#organization\",\"name\":\"WriteText.ai\",\"url\":\"https:\/\/demostore.ai\/tr\/\",\"logo\":{\"@type\":\"ImageObject\",\"inLanguage\":\"tr\",\"@id\":\"https:\/\/demostore.ai\/tr\/#\/schema\/logo\/image\/\",\"url\":\"https:\/\/demostore.ai\/wp-content\/uploads\/2025\/10\/writetext_logo.webp\",\"contentUrl\":\"https:\/\/demostore.ai\/wp-content\/uploads\/2025\/10\/writetext_logo.webp\",\"width\":200,\"height\":34,\"caption\":\"WriteText.ai\"},\"image\":{\"@id\":\"https:\/\/demostore.ai\/tr\/#\/schema\/logo\/image\/\"}}]}<\/script>\n<!-- \/ Yoast SEO plugin. -->","yoast_head_json":{"title":"Shop Megan K\u00f6m\u00fcrl\u00fc Soyulabilir Maske ile Saf ve I\u015f\u0131lt\u0131l\u0131 Cilt","description":"Karma\u015f\u0131k ciltlere \u00f6zel ar\u0131nd\u0131r\u0131c\u0131 form\u00fcl. Megan K\u00f6m\u00fcrl\u00fc Soyulabilir Maske, derin temizlik, siyah nokta kar\u015f\u0131t\u0131 bak\u0131m ve p\u00fcr\u00fczs\u00fczl\u00fck sunar. Pratik uygulama ve etkili sonu\u00e7lar.","robots":{"index":"index","follow":"follow","max-snippet":"max-snippet:-1","max-image-preview":"max-image-preview:large","max-video-preview":"max-video-preview:-1"},"canonical":"https:\/\/demostore.ai\/tr\/urun\/megan-komurlu-soyulabilir-maske\/","og_type":"article","og_title":"Shop Megan K\u00f6m\u00fcrl\u00fc Soyulabilir Maske ile Saf ve I\u015f\u0131lt\u0131l\u0131 Cilt","og_description":"Hassas ve karma ciltlerde bile g\u00fcvenle kullan\u0131labilen \u00f6zel k\u00f6m\u00fcrl\u00fc maske. Derinlemesine temizlik, siyah nokta g\u00f6r\u00fcn\u00fcm\u00fcn\u00fc azaltma ve yumu\u015fak cilt dokusu i\u00e7in bug\u00fcn deneyin.","og_url":"https:\/\/demostore.ai\/tr\/urun\/megan-komurlu-soyulabilir-maske\/","og_site_name":"Trendy Thread","article_modified_time":"2026-02-19T02:55:32+00:00","og_image":[{"width":829,"height":1000,"url":"https:\/\/demostore.ai\/wp-content\/uploads\/2025\/06\/Face-mask-1-scaled-1.png","type":"image\/png"}],"twitter_card":"summary_large_image","twitter_title":"Shop Megan K\u00f6m\u00fcrl\u00fc Soyulabilir Maske ile Saf ve I\u015f\u0131lt\u0131l\u0131 Cilt","twitter_description":"Hassas ve karma ciltlerde bile g\u00fcvenle kullan\u0131labilen \u00f6zel k\u00f6m\u00fcrl\u00fc maske. Derinlemesine temizlik, siyah nokta g\u00f6r\u00fcn\u00fcm\u00fcn\u00fc azaltma ve yumu\u015fak cilt dokusu i\u00e7in bug\u00fcn deneyin.","twitter_misc":{"Tahmini okuma s\u00fcresi":"1 dakika"},"schema":{"@context":"https:\/\/schema.org","@graph":[{"@type":"WebPage","@id":"https:\/\/demostore.ai\/tr\/urun\/megan-komurlu-soyulabilir-maske\/","url":"https:\/\/demostore.ai\/tr\/urun\/megan-komurlu-soyulabilir-maske\/","name":"Shop Megan K\u00f6m\u00fcrl\u00fc Soyulabilir Maske ile Saf ve I\u015f\u0131lt\u0131l\u0131 Cilt","isPartOf":{"@id":"https:\/\/demostore.ai\/tr\/#website"},"primaryImageOfPage":{"@id":"https:\/\/demostore.ai\/tr\/urun\/megan-komurlu-soyulabilir-maske\/#primaryimage"},"image":{"@id":"https:\/\/demostore.ai\/tr\/urun\/megan-komurlu-soyulabilir-maske\/#primaryimage"},"thumbnailUrl":"https:\/\/demostore.ai\/wp-content\/uploads\/2025\/06\/Face-mask-1-scaled-1.png","datePublished":"2025-06-13T00:54:18+00:00","dateModified":"2026-02-19T02:55:32+00:00","description":"Karma\u015f\u0131k ciltlere \u00f6zel ar\u0131nd\u0131r\u0131c\u0131 form\u00fcl. Megan K\u00f6m\u00fcrl\u00fc Soyulabilir Maske, derin temizlik, siyah nokta kar\u015f\u0131t\u0131 bak\u0131m ve p\u00fcr\u00fczs\u00fczl\u00fck sunar. Pratik uygulama ve etkili sonu\u00e7lar.","breadcrumb":{"@id":"https:\/\/demostore.ai\/tr\/urun\/megan-komurlu-soyulabilir-maske\/#breadcrumb"},"inLanguage":"tr","potentialAction":[{"@type":"ReadAction","target":["https:\/\/demostore.ai\/tr\/urun\/megan-komurlu-soyulabilir-maske\/"]}]},{"@type":"ImageObject","inLanguage":"tr","@id":"https:\/\/demostore.ai\/tr\/urun\/megan-komurlu-soyulabilir-maske\/#primaryimage","url":"https:\/\/demostore.ai\/wp-content\/uploads\/2025\/06\/Face-mask-1-scaled-1.png","contentUrl":"https:\/\/demostore.ai\/wp-content\/uploads\/2025\/06\/Face-mask-1-scaled-1.png","width":829,"height":1000,"caption":"Megan K\u00f6m\u00fcrl\u00fc Soyulabilir Maske, \u00fcr\u00fcn t\u00fcp\u00fc g\u00f6rseli, \u00fczerinde k\u00f6m\u00fcr ve niasinamid vurgusu."},{"@type":"BreadcrumbList","@id":"https:\/\/demostore.ai\/tr\/urun\/megan-komurlu-soyulabilir-maske\/#breadcrumb","itemListElement":[{"@type":"ListItem","position":1,"name":"Ana Sayfa","item":"https:\/\/demostore.ai\/tr\/"},{"@type":"ListItem","position":2,"name":"Ma\u011faza","item":"https:\/\/demostore.ai\/tr\/magaza\/"},{"@type":"ListItem","position":3,"name":"Megan K\u00f6m\u00fcrl\u00fc Soyulabilir Maske"}]},{"@type":"WebSite","@id":"https:\/\/demostore.ai\/tr\/#website","url":"https:\/\/demostore.ai\/tr\/","name":"Trendy Thread","description":"WriteText.ai Demo Ma\u011fazas\u0131","publisher":{"@id":"https:\/\/demostore.ai\/tr\/#organization"},"potentialAction":[{"@type":"SearchAction","target":{"@type":"EntryPoint","urlTemplate":"https:\/\/demostore.ai\/tr\/?s={search_term_string}"},"query-input":{"@type":"PropertyValueSpecification","valueRequired":true,"valueName":"search_term_string"}}],"inLanguage":"tr"},{"@type":"Organization","@id":"https:\/\/demostore.ai\/tr\/#organization","name":"WriteText.ai","url":"https:\/\/demostore.ai\/tr\/","logo":{"@type":"ImageObject","inLanguage":"tr","@id":"https:\/\/demostore.ai\/tr\/#\/schema\/logo\/image\/","url":"https:\/\/demostore.ai\/wp-content\/uploads\/2025\/10\/writetext_logo.webp","contentUrl":"https:\/\/demostore.ai\/wp-content\/uploads\/2025\/10\/writetext_logo.webp","width":200,"height":34,"caption":"WriteText.ai"},"image":{"@id":"https:\/\/demostore.ai\/tr\/#\/schema\/logo\/image\/"}}]}},"_links":{"self":[{"href":"https:\/\/demostore.ai\/tr\/wp-json\/wp\/v2\/product\/38759","targetHints":{"allow":["GET"]}}],"collection":[{"href":"https:\/\/demostore.ai\/tr\/wp-json\/wp\/v2\/product"}],"about":[{"href":"https:\/\/demostore.ai\/tr\/wp-json\/wp\/v2\/types\/product"}],"replies":[{"embeddable":true,"href":"https:\/\/demostore.ai\/tr\/wp-json\/wp\/v2\/comments?post=38759"}],"wp:featuredmedia":[{"embeddable":true,"href":"https:\/\/demostore.ai\/tr\/wp-json\/wp\/v2\/media\/16157"}],"wp:attachment":[{"href":"https:\/\/demostore.ai\/tr\/wp-json\/wp\/v2\/media?parent=38759"}],"wp:term":[{"taxonomy":"product_brand","embeddable":true,"href":"https:\/\/demostore.ai\/tr\/wp-json\/wp\/v2\/product_brand?post=38759"},{"taxonomy":"product_cat","embeddable":true,"href":"https:\/\/demostore.ai\/tr\/wp-json\/wp\/v2\/product_cat?post=38759"},{"taxonomy":"product_tag","embeddable":true,"href":"https:\/\/demostore.ai\/tr\/wp-json\/wp\/v2\/product_tag?post=38759"}],"curies":[{"name":"wp","href":"https:\/\/api.w.org\/{rel}","templated":true}]}}