{"id":38640,"date":"2025-06-16T09:06:04","date_gmt":"2025-06-16T01:06:04","guid":{"rendered":"https:\/\/demostore.ai\/?post_type=product&#038;p=38640"},"modified":"2026-02-19T13:37:42","modified_gmt":"2026-02-19T05:37:42","slug":"manduka-prolite-yoga-mati","status":"publish","type":"product","link":"https:\/\/demostore.ai\/tr\/urun\/manduka-prolite-yoga-mati\/","title":{"rendered":"Manduka PROlite Yoga Mat\u0131"},"content":{"rendered":"<section data-wtai-block-id=\"wtai_product_description_use_cases\" class=\"wtai-section wtai-use_cases-section\">\n<h2>Hangi Durumlarda Manduka PROlite Yoga Mat\u0131 \u0130\u015fe Yarar?<\/h2>\n<ul>\n<li>St\u00fcdyo veya spor salonunda d\u00fczenli yoga dersleri ve pilates i\u00e7in tercih edilir.<\/li>\n<li>Evde ki\u015fisel yoga, pilates ya da esneme egzersizleri yapmak isteyenler i\u00e7in uygundur.<\/li>\n<li>Seyahat edenlerin konforlu ve hijyenik bir y\u00fczeye ihtiya\u00e7 duydu\u011fu zamanlarda kolay ta\u015f\u0131nabilir.<\/li>\n<li>Ofiste k\u0131sa esneme molalar\u0131na uygun sa\u011flaml\u0131k ve portatiflik sunar.<\/li>\n<li>Yo\u011fun tempolu veya terlemeye yol a\u00e7an fitness \u00e7al\u0131\u015fmalar\u0131 s\u0131ras\u0131nda stabil ve kaymayan bir zemin sa\u011flar.<\/li>\n<\/ul>\n<\/section>\n<div data-wtai-block-id=\"wtai_product_description_image_1753694570766\" class=\"wtai-section wtai-image_1753694570766-section\">\n<figure class=\"wtai-image-p wtai-align-center\" style=\"text-align:center\"><img decoding=\"async\" src=\"https:\/\/demostore.ai\/wp-content\/uploads\/2025\/06\/Yoga-mat-2-600x600.png\" alt=\"Manduka PROlite Yoga Mat\u0131, koyu lacivert renkte, yuvarlanm\u0131\u015f \u015fekilde \u00fcr\u00fcn g\u00f6rseli.\" srcset=\"https:\/\/demostore.ai\/wp-content\/uploads\/2025\/06\/Yoga-mat-2.png 1000w, https:\/\/demostore.ai\/wp-content\/uploads\/2025\/06\/Yoga-mat-2-300x300.png 300w, https:\/\/demostore.ai\/wp-content\/uploads\/2025\/06\/Yoga-mat-2-150x150.png 150w, https:\/\/demostore.ai\/wp-content\/uploads\/2025\/06\/Yoga-mat-2-768x768.png 768w, https:\/\/demostore.ai\/wp-content\/uploads\/2025\/06\/Yoga-mat-2-600x600.png 600w, https:\/\/demostore.ai\/wp-content\/uploads\/2025\/06\/Yoga-mat-2-250x250.png 250w\"><figcaption>\n<p>Dayan\u0131kl\u0131 y\u00fczey dokusu ve \u00f6zenle i\u015flenmi\u015f kenar detaylar\u0131 uzun s\u00fcreli kullan\u0131m sunuyor.<\/p>\n<\/figcaption><\/figure>\n<\/p><\/div>\n<section data-wtai-block-id=\"wtai_product_description_advantages\" class=\"wtai-section wtai-advantages-section\">\n<h2>Manduka PROlite Yoga Mat\u0131\u2019n\u0131n Sa\u011flad\u0131\u011f\u0131 Avantajlar<\/h2>\n<ul>\n<li>Yo\u011fun dokusu ve kapal\u0131 h\u00fccreli yap\u0131s\u0131 sayesinde teri ve bakterileri i\u00e7ine \u00e7ekmez, bu da hijyenin kolayca korunmas\u0131na olanak verir.<\/li>\n<li>Y\u00fczey dokusu tutu\u015fu art\u0131r\u0131r, pozlar aras\u0131nda kaymadan rahat\u00e7a ge\u00e7i\u015f sa\u011flar.<\/li>\n<li>Hafifli\u011fi ve kompakt yap\u0131s\u0131 sayesinde kolayca ta\u015f\u0131n\u0131r ve saklan\u0131r.<\/li>\n<li>Alman m\u00fchendisli\u011fi ile y\u00fcksek dayan\u0131kl\u0131l\u0131k ve uzun \u00f6m\u00fcr sunar.<\/li>\n<\/ul>\n<\/section>\n<section data-wtai-block-id=\"wtai_product_description_benefits\" class=\"wtai-section wtai-benefits-section\">\n<h2>G\u00fcnl\u00fck Hayatta Manduka PROlite YogaMat\u0131\u2019n\u0131n Yaratt\u0131\u011f\u0131 Farklar<\/h2>\n<ul>\n<li>Kayma sorununu engeller ve g\u00fcvenle egzersiz yapman\u0131za yard\u0131mc\u0131 olur, b\u00f6ylece odak kayb\u0131n\u0131 azalt\u0131r.<\/li>\n<li>Eklem a\u011fr\u0131s\u0131 s\u0131k ya\u015fayanlar i\u00e7in 4,7 mm\u2019lik dolgu sayesinde rahatl\u0131k ve koruma sa\u011flar.<\/li>\n<li>Kolay temizlenen y\u00fczeyi, hijyen kayg\u0131s\u0131n\u0131 azalt\u0131r ve mat\u0131n her zaman temiz kalmas\u0131na katk\u0131 sunar.<\/li>\n<li>Seyahatlerde veya farkl\u0131 ortamlarda egzersiz yapmak isteyenler i\u00e7in hafifli\u011fiyle ta\u015f\u0131ma zorlu\u011funu ortadan kald\u0131r\u0131r.<\/li>\n<\/ul>\n<\/section>\n<section data-wtai-block-id=\"wtai_product_description_technical_specifications\" class=\"wtai-section wtai-technical_specifications-section\">\n<h3>Detaylar<\/h3>\n<ul>\n<li><strong>Kal\u0131nl\u0131k<\/strong>: 4,7 mm<\/li>\n<li><strong>A\u011f\u0131rl\u0131k<\/strong>: 2,10 kg<\/li>\n<li><strong>Boyutlar<\/strong>: 180 cm x 61 cm<\/li>\n<li><strong>Malzeme<\/strong>: Kapal\u0131 h\u00fccreli PVC, lateks i\u00e7ermez<\/li>\n<li><strong>Y\u00fczey \u00d6zelli\u011fi<\/strong>: Kaymaz ve kapal\u0131 g\u00f6zenekli yap\u0131<\/li>\n<li><strong>Renk<\/strong>: Koyu gri (g\u00f6rseldeki ton temel al\u0131narak)<\/li>\n<li><strong>\u00dcretim Yeri<\/strong>: Almanya<\/li>\n<li><strong>Sertifika<\/strong>: OEKO-TEX Standard 100 sertifikal\u0131d\u0131r<\/li>\n<\/ul>\n<\/section>\n<div data-wtai-block-id=\"wtai_product_description_image_1754224212429\" class=\"wtai-section wtai-image_1754224212429-section\">\n<figure class=\"wtai-image-p wtai-align-center\" style=\"text-align:center\"><img decoding=\"async\" src=\"https:\/\/demostore.ai\/wp-content\/uploads\/2025\/06\/Yoga-mat-4-600x600.png\" alt=\"Manduka PROlite Yoga Mat\u0131, koyu renkli ve dokulu y\u00fczeyiyle \u00fcr\u00fcn sayfas\u0131nda serili \u015fekilde g\u00f6steriliyor.\" srcset=\"https:\/\/demostore.ai\/wp-content\/uploads\/2025\/06\/Yoga-mat-4.png 1000w, https:\/\/demostore.ai\/wp-content\/uploads\/2025\/06\/Yoga-mat-4-300x300.png 300w, https:\/\/demostore.ai\/wp-content\/uploads\/2025\/06\/Yoga-mat-4-150x150.png 150w, https:\/\/demostore.ai\/wp-content\/uploads\/2025\/06\/Yoga-mat-4-768x768.png 768w, https:\/\/demostore.ai\/wp-content\/uploads\/2025\/06\/Yoga-mat-4-600x600.png 600w, https:\/\/demostore.ai\/wp-content\/uploads\/2025\/06\/Yoga-mat-4-250x250.png 250w\"><figcaption>\n<p>Kaymaz y\u00fczeyi sayesinde denge gerektiren yoga pozlar\u0131nda g\u00fcvenli hissettiriyor.<\/p>\n<\/figcaption><\/figure>\n<\/p><\/div>\n<section data-wtai-block-id=\"wtai_product_description_faqs\" class=\"wtai-section wtai-faqs-section\">\n<h2>S\u0131k\u00e7a Sorulan Sorular<\/h2>\n<p><strong>Manduka PROlite Yoga Mat\u0131 kayganl\u0131k yapar m\u0131?<\/strong> <br \/> Kapal\u0131 h\u00fccreli \u00fcst y\u00fczeyi sayesinde kaymay\u0131 \u00f6nemli \u00f6l\u00e7\u00fcde \u00f6nler. Ter emmez, y\u00fczeyin temiz ve kuru olmas\u0131na \u00f6zen g\u00f6stermek idealdir.<\/p>\n<p><strong>Bu mat\u0131 ev d\u0131\u015f\u0131nda ta\u015f\u0131mas\u0131 kolay m\u0131?<\/strong> <br \/> Hafif yap\u0131s\u0131 sayesinde mat\u0131 kolayca rulo yap\u0131p \u00e7antan\u0131za koyabilir ya da ta\u015f\u0131ma ask\u0131s\u0131yla pratik \u015fekilde yan\u0131nda g\u00f6t\u00fcrebilirsiniz.<\/p>\n<p><strong>Mata hangi egzersizlerde g\u00fcvenle kullan\u0131labilir?<\/strong> <br \/> Yoga, pilates, meditasyon ve \u00e7e\u015fitli esneme egzersizlerinde g\u00fcvenle kullanabilirsiniz. Y\u00fczey deste\u011fi \u00e7o\u011fu fitness \u00e7al\u0131\u015fmas\u0131 i\u00e7in uygundur.<\/p>\n<p><strong>Temizli\u011fi nas\u0131l yap\u0131l\u0131r?<\/strong> <br \/> Kapal\u0131 h\u00fccreli yap\u0131s\u0131 sayesinde sadece nemli bir bezle silinerek kolayca temizlenir. Kimyasal temizleyiciler \u00f6nerilmez.<\/p>\n<p><strong>Uzun s\u00fcreli kullan\u0131ma uygun mu?<\/strong> <br \/> Y\u00fcksek yo\u011funluklu yap\u0131s\u0131 sayesinde mat\u0131n formu korundu\u011fu gibi uzun y\u0131llar boyunca kullan\u0131m konforu sunar.<\/p>\n<\/section>\n<section data-wtai-block-id=\"wtai_product_description_conclusion\" class=\"wtai-section wtai-conclusion-section\">\n<h2>G\u00fcvenle Tercih Edin, Konforunuzu Y\u00fckseltin<\/h2>\n<p><strong>Manduka PROlite Yoga Mat\u0131 ile hem evde hem d\u0131\u015f mekanda g\u00fcvenli ve konforlu bir egzersiz zemini elde edersiniz.<\/strong> <strong>Uzun \u00f6m\u00fcrl\u00fc yap\u0131s\u0131 ve kolay ta\u015f\u0131nabilir tasar\u0131m\u0131 sayesinde pratiklerinizde \u00f6zg\u00fcrl\u00fck ve hijyen avantaj\u0131 sa\u011flar.<\/strong> <strong>Her seviyeden kullan\u0131c\u0131ya hitap eden bu mat, egzersizlerinizi keyfe ve g\u00fcvene d\u00f6n\u00fc\u015ft\u00fcr\u00fcr.<\/strong> <strong>Yenilik\u00e7i Almanya \u00fcretimi kalitesiyle mat\u0131n\u0131z\u0131 bug\u00fcn deneyimleyin ve sizin i\u00e7in \u00f6zel tasarlanan rahatl\u0131\u011fa bir an \u00f6nce ula\u015f\u0131n.<\/strong><\/p>\n<\/section>\n","protected":false},"excerpt":{"rendered":"<div data-wtai-block-id=\"wtai_excerpt_subtitle\" class=\"wtai-section wtai-subtitle-section\">\n<p><em><strong>Dengeden \u00f6d\u00fcn vermeyen rahatl\u0131k; her ad\u0131mda destek ve g\u00fc\u00e7 deneyimi.<\/strong><\/em><\/p>\n<\/p><\/div>\n<div data-wtai-block-id=\"wtai_excerpt_introduction\" class=\"wtai-section wtai-introduction-section\">\n<p>Hayata hareket katmak isteyenler i\u00e7in Manduka PROlite Yoga Mat\u0131, g\u00fc\u00e7l\u00fc bir zemin sunar. Sade ve \u015f\u0131k tasar\u0131m\u0131yla hem evinizde hem st\u00fcdyoda profesyonel pratiklere uygun, teknik \u00f6zellikleriyle dikkat \u00e7eker. Koyu tonlu y\u00fczeyi, kayd\u0131rmaz alt dokusu ve orta yo\u011funluktaki yap\u0131s\u0131yla, uzun s\u00fcreli yoga ya da pilates seanslar\u0131nda destek ve konfor sunar. Kendine g\u00fcvenen ve geli\u015fimine odaklanan herkes i\u00e7in i\u015flevsel, dayan\u0131kl\u0131 ve modern bir se\u00e7im; sizi her pozda motive edecek g\u00fc\u00e7te.<\/p>\n<\/p><\/div>\n","protected":false},"featured_media":24062,"comment_status":"open","ping_status":"closed","template":"","meta":[],"product_brand":[],"product_cat":[261],"product_tag":[],"class_list":{"0":"post-38640","1":"product","2":"type-product","3":"status-publish","4":"has-post-thumbnail","6":"product_cat-spor-ve-acik-hava","8":"first","9":"instock","10":"shipping-taxable","11":"purchasable","12":"product-type-simple"},"bundled_by":["244447"],"bundle_stock_status":"instock","bundle_stock_quantity":null,"bundle_virtual":false,"bundle_layout":"","bundle_add_to_cart_form_location":"","bundle_editable_in_cart":false,"bundle_sold_individually_context":"","bundle_item_grouping":"","bundle_min_size":"","bundle_max_size":"","bundle_price":[],"bundled_items":[],"bundle_sell_ids":[],"yoast_head":"<!-- This site is optimized with the Yoast SEO plugin v25.2 - https:\/\/yoast.com\/wordpress\/plugins\/seo\/ -->\n<title>Shop Manduka PROlite Yoga Mat\u0131 ile Egzersiz Keyfini Yeniden Tan\u0131mlay\u0131n<\/title>\n<meta name=\"description\" content=\"E\u015fsiz dokusu ve sa\u011flaml\u0131\u011f\u0131yla \u00f6ne \u00e7\u0131kan Manduka PROlite Yoga Mat\u0131, hem evde hem st\u00fcdyoda g\u00fcvenli, hijyenik ve konforlu egzersiz zemini sunar.\" \/>\n<meta name=\"robots\" content=\"index, follow, max-snippet:-1, max-image-preview:large, max-video-preview:-1\" \/>\n<link rel=\"canonical\" href=\"https:\/\/demostore.ai\/tr\/urun\/manduka-prolite-yoga-mati\/\" \/>\n<meta property=\"og:type\" content=\"article\" \/>\n<meta property=\"og:title\" content=\"Shop Manduka PROlite Yoga Mat\u0131 ile Egzersiz Keyfini Yeniden Tan\u0131mlay\u0131n\" \/>\n<meta property=\"og:description\" content=\"Beklentileri a\u015fan dayan\u0131kl\u0131l\u0131k ve konfor vadeden Manduka PROlite Yoga Mat\u0131; profesyonel dokusu, kaymaz y\u00fczeyi ve ta\u015f\u0131nabilir tasar\u0131m\u0131 ile her seviyede kullan\u0131c\u0131ya eksiksiz destek sa\u011flar.\" \/>\n<meta property=\"og:url\" content=\"https:\/\/demostore.ai\/tr\/urun\/manduka-prolite-yoga-mati\/\" \/>\n<meta property=\"og:site_name\" content=\"Trendy Thread\" \/>\n<meta property=\"article:modified_time\" content=\"2026-02-19T05:37:42+00:00\" \/>\n<meta property=\"og:image\" content=\"https:\/\/demostore.ai\/wp-content\/uploads\/2025\/06\/Yoga-mat-1.png\" \/>\n\t<meta property=\"og:image:width\" content=\"1000\" \/>\n\t<meta property=\"og:image:height\" content=\"700\" \/>\n\t<meta property=\"og:image:type\" content=\"image\/png\" \/>\n<meta name=\"twitter:card\" content=\"summary_large_image\" \/>\n<meta name=\"twitter:title\" content=\"Shop Manduka PROlite Yoga Mat\u0131 ile Egzersiz Keyfini Yeniden Tan\u0131mlay\u0131n\" \/>\n<meta name=\"twitter:description\" content=\"Beklentileri a\u015fan dayan\u0131kl\u0131l\u0131k ve konfor vadeden Manduka PROlite Yoga Mat\u0131; profesyonel dokusu, kaymaz y\u00fczeyi ve ta\u015f\u0131nabilir tasar\u0131m\u0131 ile her seviyede kullan\u0131c\u0131ya eksiksiz destek sa\u011flar.\" \/>\n<meta name=\"twitter:label1\" content=\"Tahmini okuma s\u00fcresi\" \/>\n\t<meta name=\"twitter:data1\" content=\"1 dakika\" \/>\n<script type=\"application\/ld+json\" class=\"yoast-schema-graph\">{\"@context\":\"https:\/\/schema.org\",\"@graph\":[{\"@type\":\"WebPage\",\"@id\":\"https:\/\/demostore.ai\/tr\/urun\/manduka-prolite-yoga-mati\/\",\"url\":\"https:\/\/demostore.ai\/tr\/urun\/manduka-prolite-yoga-mati\/\",\"name\":\"Shop Manduka PROlite Yoga Mat\u0131 ile Egzersiz Keyfini Yeniden Tan\u0131mlay\u0131n\",\"isPartOf\":{\"@id\":\"https:\/\/demostore.ai\/tr\/#website\"},\"primaryImageOfPage\":{\"@id\":\"https:\/\/demostore.ai\/tr\/urun\/manduka-prolite-yoga-mati\/#primaryimage\"},\"image\":{\"@id\":\"https:\/\/demostore.ai\/tr\/urun\/manduka-prolite-yoga-mati\/#primaryimage\"},\"thumbnailUrl\":\"https:\/\/demostore.ai\/wp-content\/uploads\/2025\/06\/Yoga-mat-1.png\",\"datePublished\":\"2025-06-16T01:06:04+00:00\",\"dateModified\":\"2026-02-19T05:37:42+00:00\",\"description\":\"E\u015fsiz dokusu ve sa\u011flaml\u0131\u011f\u0131yla \u00f6ne \u00e7\u0131kan Manduka PROlite Yoga Mat\u0131, hem evde hem st\u00fcdyoda g\u00fcvenli, hijyenik ve konforlu egzersiz zemini sunar.\",\"breadcrumb\":{\"@id\":\"https:\/\/demostore.ai\/tr\/urun\/manduka-prolite-yoga-mati\/#breadcrumb\"},\"inLanguage\":\"tr\",\"potentialAction\":[{\"@type\":\"ReadAction\",\"target\":[\"https:\/\/demostore.ai\/tr\/urun\/manduka-prolite-yoga-mati\/\"]}]},{\"@type\":\"ImageObject\",\"inLanguage\":\"tr\",\"@id\":\"https:\/\/demostore.ai\/tr\/urun\/manduka-prolite-yoga-mati\/#primaryimage\",\"url\":\"https:\/\/demostore.ai\/wp-content\/uploads\/2025\/06\/Yoga-mat-1.png\",\"contentUrl\":\"https:\/\/demostore.ai\/wp-content\/uploads\/2025\/06\/Yoga-mat-1.png\",\"width\":1000,\"height\":700,\"caption\":\"Manduka PROlite Yoga Mat\u0131, koyu renkli ve yuvarlanm\u0131\u015f \u015fekilde \u00fcr\u00fcn sayfas\u0131nda g\u00f6r\u00fcn\u00fcyor.\"},{\"@type\":\"BreadcrumbList\",\"@id\":\"https:\/\/demostore.ai\/tr\/urun\/manduka-prolite-yoga-mati\/#breadcrumb\",\"itemListElement\":[{\"@type\":\"ListItem\",\"position\":1,\"name\":\"Ana Sayfa\",\"item\":\"https:\/\/demostore.ai\/tr\/\"},{\"@type\":\"ListItem\",\"position\":2,\"name\":\"Ma\u011faza\",\"item\":\"https:\/\/demostore.ai\/tr\/magaza\/\"},{\"@type\":\"ListItem\",\"position\":3,\"name\":\"Manduka PROlite Yoga Mat\u0131\"}]},{\"@type\":\"WebSite\",\"@id\":\"https:\/\/demostore.ai\/tr\/#website\",\"url\":\"https:\/\/demostore.ai\/tr\/\",\"name\":\"Trendy Thread\",\"description\":\"WriteText.ai Demo Ma\u011fazas\u0131\",\"publisher\":{\"@id\":\"https:\/\/demostore.ai\/tr\/#organization\"},\"potentialAction\":[{\"@type\":\"SearchAction\",\"target\":{\"@type\":\"EntryPoint\",\"urlTemplate\":\"https:\/\/demostore.ai\/tr\/?s={search_term_string}\"},\"query-input\":{\"@type\":\"PropertyValueSpecification\",\"valueRequired\":true,\"valueName\":\"search_term_string\"}}],\"inLanguage\":\"tr\"},{\"@type\":\"Organization\",\"@id\":\"https:\/\/demostore.ai\/tr\/#organization\",\"name\":\"WriteText.ai\",\"url\":\"https:\/\/demostore.ai\/tr\/\",\"logo\":{\"@type\":\"ImageObject\",\"inLanguage\":\"tr\",\"@id\":\"https:\/\/demostore.ai\/tr\/#\/schema\/logo\/image\/\",\"url\":\"https:\/\/demostore.ai\/wp-content\/uploads\/2025\/10\/writetext_logo.webp\",\"contentUrl\":\"https:\/\/demostore.ai\/wp-content\/uploads\/2025\/10\/writetext_logo.webp\",\"width\":200,\"height\":34,\"caption\":\"WriteText.ai\"},\"image\":{\"@id\":\"https:\/\/demostore.ai\/tr\/#\/schema\/logo\/image\/\"}}]}<\/script>\n<!-- \/ Yoast SEO plugin. -->","yoast_head_json":{"title":"Shop Manduka PROlite Yoga Mat\u0131 ile Egzersiz Keyfini Yeniden Tan\u0131mlay\u0131n","description":"E\u015fsiz dokusu ve sa\u011flaml\u0131\u011f\u0131yla \u00f6ne \u00e7\u0131kan Manduka PROlite Yoga Mat\u0131, hem evde hem st\u00fcdyoda g\u00fcvenli, hijyenik ve konforlu egzersiz zemini sunar.","robots":{"index":"index","follow":"follow","max-snippet":"max-snippet:-1","max-image-preview":"max-image-preview:large","max-video-preview":"max-video-preview:-1"},"canonical":"https:\/\/demostore.ai\/tr\/urun\/manduka-prolite-yoga-mati\/","og_type":"article","og_title":"Shop Manduka PROlite Yoga Mat\u0131 ile Egzersiz Keyfini Yeniden Tan\u0131mlay\u0131n","og_description":"Beklentileri a\u015fan dayan\u0131kl\u0131l\u0131k ve konfor vadeden Manduka PROlite Yoga Mat\u0131; profesyonel dokusu, kaymaz y\u00fczeyi ve ta\u015f\u0131nabilir tasar\u0131m\u0131 ile her seviyede kullan\u0131c\u0131ya eksiksiz destek sa\u011flar.","og_url":"https:\/\/demostore.ai\/tr\/urun\/manduka-prolite-yoga-mati\/","og_site_name":"Trendy Thread","article_modified_time":"2026-02-19T05:37:42+00:00","og_image":[{"width":1000,"height":700,"url":"https:\/\/demostore.ai\/wp-content\/uploads\/2025\/06\/Yoga-mat-1.png","type":"image\/png"}],"twitter_card":"summary_large_image","twitter_title":"Shop Manduka PROlite Yoga Mat\u0131 ile Egzersiz Keyfini Yeniden Tan\u0131mlay\u0131n","twitter_description":"Beklentileri a\u015fan dayan\u0131kl\u0131l\u0131k ve konfor vadeden Manduka PROlite Yoga Mat\u0131; profesyonel dokusu, kaymaz y\u00fczeyi ve ta\u015f\u0131nabilir tasar\u0131m\u0131 ile her seviyede kullan\u0131c\u0131ya eksiksiz destek sa\u011flar.","twitter_misc":{"Tahmini okuma s\u00fcresi":"1 dakika"},"schema":{"@context":"https:\/\/schema.org","@graph":[{"@type":"WebPage","@id":"https:\/\/demostore.ai\/tr\/urun\/manduka-prolite-yoga-mati\/","url":"https:\/\/demostore.ai\/tr\/urun\/manduka-prolite-yoga-mati\/","name":"Shop Manduka PROlite Yoga Mat\u0131 ile Egzersiz Keyfini Yeniden Tan\u0131mlay\u0131n","isPartOf":{"@id":"https:\/\/demostore.ai\/tr\/#website"},"primaryImageOfPage":{"@id":"https:\/\/demostore.ai\/tr\/urun\/manduka-prolite-yoga-mati\/#primaryimage"},"image":{"@id":"https:\/\/demostore.ai\/tr\/urun\/manduka-prolite-yoga-mati\/#primaryimage"},"thumbnailUrl":"https:\/\/demostore.ai\/wp-content\/uploads\/2025\/06\/Yoga-mat-1.png","datePublished":"2025-06-16T01:06:04+00:00","dateModified":"2026-02-19T05:37:42+00:00","description":"E\u015fsiz dokusu ve sa\u011flaml\u0131\u011f\u0131yla \u00f6ne \u00e7\u0131kan Manduka PROlite Yoga Mat\u0131, hem evde hem st\u00fcdyoda g\u00fcvenli, hijyenik ve konforlu egzersiz zemini sunar.","breadcrumb":{"@id":"https:\/\/demostore.ai\/tr\/urun\/manduka-prolite-yoga-mati\/#breadcrumb"},"inLanguage":"tr","potentialAction":[{"@type":"ReadAction","target":["https:\/\/demostore.ai\/tr\/urun\/manduka-prolite-yoga-mati\/"]}]},{"@type":"ImageObject","inLanguage":"tr","@id":"https:\/\/demostore.ai\/tr\/urun\/manduka-prolite-yoga-mati\/#primaryimage","url":"https:\/\/demostore.ai\/wp-content\/uploads\/2025\/06\/Yoga-mat-1.png","contentUrl":"https:\/\/demostore.ai\/wp-content\/uploads\/2025\/06\/Yoga-mat-1.png","width":1000,"height":700,"caption":"Manduka PROlite Yoga Mat\u0131, koyu renkli ve yuvarlanm\u0131\u015f \u015fekilde \u00fcr\u00fcn sayfas\u0131nda g\u00f6r\u00fcn\u00fcyor."},{"@type":"BreadcrumbList","@id":"https:\/\/demostore.ai\/tr\/urun\/manduka-prolite-yoga-mati\/#breadcrumb","itemListElement":[{"@type":"ListItem","position":1,"name":"Ana Sayfa","item":"https:\/\/demostore.ai\/tr\/"},{"@type":"ListItem","position":2,"name":"Ma\u011faza","item":"https:\/\/demostore.ai\/tr\/magaza\/"},{"@type":"ListItem","position":3,"name":"Manduka PROlite Yoga Mat\u0131"}]},{"@type":"WebSite","@id":"https:\/\/demostore.ai\/tr\/#website","url":"https:\/\/demostore.ai\/tr\/","name":"Trendy Thread","description":"WriteText.ai Demo Ma\u011fazas\u0131","publisher":{"@id":"https:\/\/demostore.ai\/tr\/#organization"},"potentialAction":[{"@type":"SearchAction","target":{"@type":"EntryPoint","urlTemplate":"https:\/\/demostore.ai\/tr\/?s={search_term_string}"},"query-input":{"@type":"PropertyValueSpecification","valueRequired":true,"valueName":"search_term_string"}}],"inLanguage":"tr"},{"@type":"Organization","@id":"https:\/\/demostore.ai\/tr\/#organization","name":"WriteText.ai","url":"https:\/\/demostore.ai\/tr\/","logo":{"@type":"ImageObject","inLanguage":"tr","@id":"https:\/\/demostore.ai\/tr\/#\/schema\/logo\/image\/","url":"https:\/\/demostore.ai\/wp-content\/uploads\/2025\/10\/writetext_logo.webp","contentUrl":"https:\/\/demostore.ai\/wp-content\/uploads\/2025\/10\/writetext_logo.webp","width":200,"height":34,"caption":"WriteText.ai"},"image":{"@id":"https:\/\/demostore.ai\/tr\/#\/schema\/logo\/image\/"}}]}},"_links":{"self":[{"href":"https:\/\/demostore.ai\/tr\/wp-json\/wp\/v2\/product\/38640","targetHints":{"allow":["GET"]}}],"collection":[{"href":"https:\/\/demostore.ai\/tr\/wp-json\/wp\/v2\/product"}],"about":[{"href":"https:\/\/demostore.ai\/tr\/wp-json\/wp\/v2\/types\/product"}],"replies":[{"embeddable":true,"href":"https:\/\/demostore.ai\/tr\/wp-json\/wp\/v2\/comments?post=38640"}],"wp:featuredmedia":[{"embeddable":true,"href":"https:\/\/demostore.ai\/tr\/wp-json\/wp\/v2\/media\/24062"}],"wp:attachment":[{"href":"https:\/\/demostore.ai\/tr\/wp-json\/wp\/v2\/media?parent=38640"}],"wp:term":[{"taxonomy":"product_brand","embeddable":true,"href":"https:\/\/demostore.ai\/tr\/wp-json\/wp\/v2\/product_brand?post=38640"},{"taxonomy":"product_cat","embeddable":true,"href":"https:\/\/demostore.ai\/tr\/wp-json\/wp\/v2\/product_cat?post=38640"},{"taxonomy":"product_tag","embeddable":true,"href":"https:\/\/demostore.ai\/tr\/wp-json\/wp\/v2\/product_tag?post=38640"}],"curies":[{"name":"wp","href":"https:\/\/api.w.org\/{rel}","templated":true}]}}