{"id":38341,"date":"2025-06-16T09:08:47","date_gmt":"2025-06-16T01:08:47","guid":{"rendered":"https:\/\/demostore.ai\/?post_type=product&#038;p=38341"},"modified":"2026-02-19T13:37:26","modified_gmt":"2026-02-19T05:37:26","slug":"nikon-aculon-t01-durbun","status":"publish","type":"product","link":"https:\/\/demostore.ai\/tr\/urun\/nikon-aculon-t01-durbun\/","title":{"rendered":"Nikon Aculon T01 D\u00fcrb\u00fcn"},"content":{"rendered":"<section data-wtai-block-id=\"wtai_product_description_use_cases\" class=\"wtai-section wtai-use_cases-section\">\n<h2>Nikon Aculon T01 ile Hayat\u0131n Detaylar\u0131n\u0131 Ke\u015ffedin<\/h2>\n<ul>\n<li>Do\u011fa y\u00fcr\u00fcy\u00fc\u015flerinde ve ku\u015f g\u00f6zleminde uzak mesafedeki ayr\u0131nt\u0131lar\u0131 net \u015fekilde g\u00f6rmek i\u00e7in ideal bir yard\u0131mc\u0131d\u0131r.<\/li>\n<li>Spor kar\u015f\u0131la\u015fmalar\u0131n\u0131 trib\u00fcnde ya da a\u00e7\u0131k alanlarda izlerken, oyunun en heyecanl\u0131 anlar\u0131n\u0131 yak\u0131ndan takip etmeye imk\u00e2n verir.<\/li>\n<li>A\u00e7\u0131k hava etkinlikleri ve festivallerde sahnedeki detaylar\u0131, sanat\u00e7\u0131lar\u0131 veya performanslar\u0131 netle\u015ftirir.<\/li>\n<li>\u015eehir gezilerinde tarihi binalar\u0131 veya manzaralar\u0131 uzaktan yak\u0131ndan inceleme imk\u00e2n\u0131 sunar.<\/li>\n<li>\u0130\u015f gezilerinde ya da arazi \u00e7al\u0131\u015fmalar\u0131nda arazi taramas\u0131, alan g\u00f6zlemleri ve hedef tespiti gibi profesyonel ama\u00e7larla kullan\u0131labilir.<\/li>\n<\/ul>\n<\/section>\n<div data-wtai-block-id=\"wtai_product_description_image_1753694570766\" class=\"wtai-section wtai-image_1753694570766-section\">\n<figure class=\"wtai-image-p wtai-align-center\" style=\"text-align:center\"><img decoding=\"async\" src=\"https:\/\/demostore.ai\/wp-content\/uploads\/2025\/06\/Binoculars-2-600x344.png\" alt=\"Nikon Aculon T01 d\u00fcrb\u00fcn, siyah renkli kompakt tasar\u0131m\u0131yla \u00fcr\u00fcn sayfas\u0131nda g\u00f6r\u00fcnt\u00fcleniyor.\" srcset=\"https:\/\/demostore.ai\/wp-content\/uploads\/2025\/06\/Binoculars-2.png 1000w, https:\/\/demostore.ai\/wp-content\/uploads\/2025\/06\/Binoculars-2-300x172.png 300w, https:\/\/demostore.ai\/wp-content\/uploads\/2025\/06\/Binoculars-2-768x441.png 768w, https:\/\/demostore.ai\/wp-content\/uploads\/2025\/06\/Binoculars-2-600x344.png 600w\"><figcaption>\n<p>Mat siyah g\u00f6vdeye sahip kompakt tasar\u0131m, \u015f\u0131k g\u00f6r\u00fcn\u00fcm\u00fcyle dayan\u0131kl\u0131l\u0131\u011f\u0131 bir arada sunuyor.<\/p>\n<\/figcaption><\/figure>\n<\/p><\/div>\n<section data-wtai-block-id=\"wtai_product_description_advantages\" class=\"wtai-section wtai-advantages-section\">\n<h2>Nikon Aculon T01\u2019in Sundu\u011fu Avantajlar<\/h2>\n<ul>\n<li>Kompakt ve hafif tasar\u0131m\u0131 sayesinde kolayl\u0131kla ta\u015f\u0131nabilir ve uzun s\u00fcre elde kullan\u0131mda yorgunluk yapmaz.<\/li>\n<li>\u00c7ok katmanl\u0131 optikler sayesinde daha parlak, keskin ve y\u00fcksek kontrastl\u0131 g\u00f6r\u00fcnt\u00fc elde edilir.<\/li>\n<li>Kau\u00e7uk g\u00f6z kapaklar\u0131 g\u00f6zl\u00fck kullananlar dahil herkesin rahat\u00e7a odaklanmas\u0131n\u0131 sa\u011flar.<\/li>\n<li>Dayan\u0131kl\u0131 \u00e7at\u0131 prizma yap\u0131s\u0131 sayesinde sa\u011flaml\u0131k ile esteti\u011fi bir arada sunar.<\/li>\n<\/ul>\n<\/section>\n<section data-wtai-block-id=\"wtai_product_description_benefits\" class=\"wtai-section wtai-benefits-section\">\n<h2>G\u00fcnl\u00fck Hayatta Size Sa\u011flayaca\u011f\u0131 Faydalar<\/h2>\n<ul>\n<li>A\u011f\u0131r ve hantal d\u00fcrb\u00fcn sorununu ortadan kald\u0131r\u0131r. Kompakt yap\u0131s\u0131 ile cebinize ya da \u00e7antan\u0131za kolayca s\u0131\u011far.<\/li>\n<li>G\u00f6zlemler s\u0131ras\u0131nda net olmayan ve d\u00fc\u015f\u00fck kontrastl\u0131 g\u00f6r\u00fcnt\u00fclerle u\u011fra\u015fmaya son verir. \u00c7ok katmanl\u0131 kaplamalar karanl\u0131kta veya g\u00fcne\u015fli havada bile berrakl\u0131k sunar.<\/li>\n<li>G\u00f6zl\u00fck kullan\u0131c\u0131lar\u0131 i\u00e7in odaklanma problemi tarih olur. Ayarlanabilir g\u00f6z kapaklar\u0131 sayesinde herkes i\u00e7in konforlu kullan\u0131m sa\u011flar.<\/li>\n<li>\u00c7evreye duyarl\u0131 insanlar art\u0131k i\u00e7leri rahat \u015fekilde tercih edebilir. Eko-camlar kur\u015fun ve arsenik i\u00e7ermez.<\/li>\n<\/ul>\n<\/section>\n<section data-wtai-block-id=\"wtai_product_description_technical_specifications\" class=\"wtai-section wtai-technical_specifications-section\">\n<h3>Detaylar<\/h3>\n<ul>\n<li><strong>B\u00fcy\u00fctme:<\/strong> 10\u00d7<\/li>\n<li><strong>Objektif \u00c7ap\u0131:<\/strong> 21 mm<\/li>\n<li><strong>A\u011f\u0131rl\u0131k:<\/strong> 195 g<\/li>\n<li><strong>Optik Kaplama:<\/strong> \u00c7ok katmanl\u0131 (multi-coated)<\/li>\n<li><strong>Prizma T\u00fcr\u00fc:<\/strong> \u00c7at\u0131 prizma (roof prism)<\/li>\n<li><strong>G\u00f6z Bebe\u011fi \u00c7\u0131k\u0131\u015f \u00c7ap\u0131:<\/strong> 2.1 mm<\/li>\n<li><strong>G\u00f6z Bebe\u011fi Mesafesi:<\/strong> 8.3 mm<\/li>\n<li><strong>Interpupiller Mesafe:<\/strong> 56\u201372 mm<\/li>\n<\/ul>\n<\/section>\n<div data-wtai-block-id=\"wtai_product_description_image_1754224212429\" class=\"wtai-section wtai-image_1754224212429-section\">\n<figure class=\"wtai-image-p wtai-align-center\" style=\"text-align:center\"><img decoding=\"async\" src=\"https:\/\/demostore.ai\/wp-content\/uploads\/2025\/06\/Binoculars-4-1-600x344.png\" alt=\"Nikon Aculon T01 D\u00fcrb\u00fcn, siyah renkli ve kompakt tasar\u0131m\u0131yla \u00fcr\u00fcn sayfas\u0131nda g\u00f6r\u00fcnt\u00fcleniyor.\" srcset=\"https:\/\/demostore.ai\/wp-content\/uploads\/2025\/06\/Binoculars-4-1.png 1000w, https:\/\/demostore.ai\/wp-content\/uploads\/2025\/06\/Binoculars-4-1-300x172.png 300w, https:\/\/demostore.ai\/wp-content\/uploads\/2025\/06\/Binoculars-4-1-768x441.png 768w, https:\/\/demostore.ai\/wp-content\/uploads\/2025\/06\/Binoculars-4-1-600x344.png 600w\"><figcaption>\n<p>Kaymaz y\u00fczeyli mercek b\u00f6l\u00fcm\u00fc ve b\u00fcy\u00fck odak ayar d\u00fc\u011fmesiyle pratik kullan\u0131m imkan\u0131 sa\u011flan\u0131yor.<\/p>\n<\/figcaption><\/figure>\n<\/p><\/div>\n<section data-wtai-block-id=\"wtai_product_description_faqs\" class=\"wtai-section wtai-faqs-section\">\n<h2>S\u0131k\u00e7a Sorulan Sorular<\/h2>\n<p><strong>Nikon Aculon T01 hangi aktivitelere uygundur?<\/strong> <br \/> Do\u011fa y\u00fcr\u00fcy\u00fc\u015f\u00fc, ku\u015f ve manzara g\u00f6zlemi, a\u00e7\u0131k hava etkinlikleri, seyahatler ve spor kar\u015f\u0131la\u015fmalar\u0131 gibi bir\u00e7ok faaliyette rahatl\u0131kla kullan\u0131labilir.<\/p>\n<p><strong>D\u00fcrb\u00fcn g\u00f6zl\u00fck kullananlar i\u00e7in uygun mu?<\/strong> <br \/> Evet, ayarlanabilir kau\u00e7uk g\u00f6z kapaklar\u0131 sayesinde g\u00f6zl\u00fck kullananlar i\u00e7in de konforlu bir kullan\u0131m sunar.<\/p>\n<p><strong>Ta\u015f\u0131mas\u0131 kolay m\u0131?<\/strong> <br \/> Olduk\u00e7a hafif ve kompakt yap\u0131da oldu\u011fu i\u00e7in cepte ya da k\u00fc\u00e7\u00fck bir \u00e7antada rahatl\u0131kla ta\u015f\u0131nabilir.<\/p>\n<p><strong>G\u00f6r\u00fcnt\u00fc kalitesi nas\u0131ld\u0131r?<\/strong> <br \/> \u00c7ok katmanl\u0131 lens kaplamas\u0131 sayesinde parlak ve y\u00fcksek kontrastl\u0131 g\u00f6r\u00fcnt\u00fcler elde edilir.<\/p>\n<p><strong>Malzemeleri \u00e7evre dostu mu?<\/strong> <br \/> Evet, objektif lenslerinde kur\u015fun ve arsenik i\u00e7ermeyen \u00e7evreye duyarl\u0131 camlar kullan\u0131lm\u0131\u015ft\u0131r.<\/p>\n<\/section>\n<section data-wtai-block-id=\"wtai_product_description_conclusion\" class=\"wtai-section wtai-conclusion-section\">\n<h2>Nikon Aculon T01 ile Detaylar\u0131 Ka\u00e7\u0131rmay\u0131n<\/h2>\n<p><strong>Kompakt ve hafif yap\u0131s\u0131yla her an yan\u0131n\u0131zda ta\u015f\u0131yabilece\u011finiz Nikon Aculon T01, net ve parlak g\u00f6r\u00fcnt\u00fclerle bak\u0131\u015f a\u00e7\u0131n\u0131z\u0131 geni\u015fletir.<\/strong> <strong>\u00c7ok y\u00f6nl\u00fc kullan\u0131m\u0131 sayesinde ister do\u011fada ister \u015fehirde keyifle g\u00f6zlem yapmaya olanak tan\u0131r. Her ya\u015fa ve kullan\u0131c\u0131ya uygun konforlu tasar\u0131m\u0131 ile kullan\u0131m kolayl\u0131\u011f\u0131 sa\u011flar.<\/strong> <strong>Dayan\u0131kl\u0131l\u0131k ve optik kalitesinin bir araya geldi\u011fi bu d\u00fcrb\u00fcn\u00fc hayat\u0131n\u0131za dahil edin. G\u00fcc\u00fcn\u00fcz ve merak\u0131n\u0131z elinizin alt\u0131nda, detaylar\u0131 ka\u00e7\u0131rmak istemiyorsan\u0131z bug\u00fcnden harekete ge\u00e7in.<\/strong><\/p>\n<\/section>\n","protected":false},"excerpt":{"rendered":"<div data-wtai-block-id=\"wtai_excerpt_subtitle\" class=\"wtai-section wtai-subtitle-section\">\n<p><em><strong>Her an harekete haz\u0131r, ultra hafif ve netlikte \u00f6nc\u00fc tasar\u0131m.<\/strong><\/em><\/p>\n<\/p><\/div>\n<div data-wtai-block-id=\"wtai_excerpt_introduction\" class=\"wtai-section wtai-introduction-section\">\n<p>Hayat an\u0131 ka\u00e7\u0131rmayanlar\u0131n d\u00fcnyas\u0131nda yerini hemen belli eden bir yard\u0131mc\u0131. Etkileyici g\u00f6r\u00fcnt\u00fc netli\u011fiyle \u00f6ne \u00e7\u0131kan Nikon Aculon T01 d\u00fcrb\u00fcn, hafif ve kompakt yap\u0131s\u0131yla cebinizde mutlaka bulunmak isteyece\u011finiz bir yol arkada\u015f\u0131d\u0131r. Modern \u00e7izgileriyle seyahatten a\u00e7\u0131k hava etkinliklerine kadar bir\u00e7ok alanda e\u015flik eder. G\u00f6zlem yaparken \u00f6zg\u00fcvenin ve ke\u015ffetmenin keyfini bir arada sunar. Hareketli ya\u015fam stilinle uyumlu ve her ya\u015ftan kullan\u0131c\u0131ya ilham verecek nitelikte tasarlanm\u0131\u015ft\u0131r.<\/p>\n<\/p><\/div>\n","protected":false},"featured_media":23011,"comment_status":"open","ping_status":"closed","template":"","meta":[],"product_brand":[],"product_cat":[261],"product_tag":[],"class_list":{"0":"post-38341","1":"product","2":"type-product","3":"status-publish","4":"has-post-thumbnail","6":"product_cat-spor-ve-acik-hava","8":"first","9":"instock","10":"shipping-taxable","11":"purchasable","12":"product-type-simple"},"bundled_by":[],"bundle_stock_status":"instock","bundle_stock_quantity":null,"bundle_virtual":false,"bundle_layout":"","bundle_add_to_cart_form_location":"","bundle_editable_in_cart":false,"bundle_sold_individually_context":"","bundle_item_grouping":"","bundle_min_size":"","bundle_max_size":"","bundle_price":[],"bundled_items":[],"bundle_sell_ids":[],"yoast_head":"<!-- This site is optimized with the Yoast SEO plugin v25.2 - https:\/\/yoast.com\/wordpress\/plugins\/seo\/ -->\n<title>Shop Nikon Aculon T01 D\u00fcrb\u00fcn ile Net ve Parlak G\u00f6r\u00fcnt\u00fc Deneyimi<\/title>\n<meta name=\"description\" content=\"Kompakt ve hafif tasar\u0131m\u0131yla Nikon Aculon T01 D\u00fcrb\u00fcn, a\u00e7\u0131k hava etkinliklerinde net ve parlak g\u00f6r\u00fcnt\u00fcler sunar. Dayan\u0131kl\u0131 ve kullan\u0131m\u0131 kolayd\u0131r.\" \/>\n<meta name=\"robots\" content=\"index, follow, max-snippet:-1, max-image-preview:large, max-video-preview:-1\" \/>\n<link rel=\"canonical\" href=\"https:\/\/demostore.ai\/tr\/urun\/nikon-aculon-t01-durbun\/\" \/>\n<meta property=\"og:type\" content=\"article\" \/>\n<meta property=\"og:title\" content=\"Shop Nikon Aculon T01 D\u00fcrb\u00fcn ile Net ve Parlak G\u00f6r\u00fcnt\u00fc Deneyimi\" \/>\n<meta property=\"og:description\" content=\"Hafif ve kompakt yap\u0131s\u0131yla Nikon Aculon T01 D\u00fcrb\u00fcn, do\u011fa ve spor etkinliklerinde net detaylar yakalaman\u0131z\u0131 sa\u011flar. \u00c7ok katmanl\u0131 opti\u011fiyle parlak ve y\u00fcksek kontrastl\u0131 g\u00f6r\u00fcnt\u00fcler sunar.\" \/>\n<meta property=\"og:url\" content=\"https:\/\/demostore.ai\/tr\/urun\/nikon-aculon-t01-durbun\/\" \/>\n<meta property=\"og:site_name\" content=\"Trendy Thread\" \/>\n<meta property=\"article:modified_time\" content=\"2026-02-19T05:37:26+00:00\" \/>\n<meta property=\"og:image\" content=\"https:\/\/demostore.ai\/wp-content\/uploads\/2025\/06\/Binoculars-1.png\" \/>\n\t<meta property=\"og:image:width\" content=\"1000\" \/>\n\t<meta property=\"og:image:height\" content=\"732\" \/>\n\t<meta property=\"og:image:type\" content=\"image\/png\" \/>\n<meta name=\"twitter:card\" content=\"summary_large_image\" \/>\n<meta name=\"twitter:title\" content=\"Shop Nikon Aculon T01 D\u00fcrb\u00fcn ile Net ve Parlak G\u00f6r\u00fcnt\u00fc Deneyimi\" \/>\n<meta name=\"twitter:description\" content=\"Hafif ve kompakt yap\u0131s\u0131yla Nikon Aculon T01 D\u00fcrb\u00fcn, do\u011fa ve spor etkinliklerinde net detaylar yakalaman\u0131z\u0131 sa\u011flar. \u00c7ok katmanl\u0131 opti\u011fiyle parlak ve y\u00fcksek kontrastl\u0131 g\u00f6r\u00fcnt\u00fcler sunar.\" \/>\n<meta name=\"twitter:label1\" content=\"Tahmini okuma s\u00fcresi\" \/>\n\t<meta name=\"twitter:data1\" content=\"1 dakika\" \/>\n<script type=\"application\/ld+json\" class=\"yoast-schema-graph\">{\"@context\":\"https:\/\/schema.org\",\"@graph\":[{\"@type\":\"WebPage\",\"@id\":\"https:\/\/demostore.ai\/tr\/urun\/nikon-aculon-t01-durbun\/\",\"url\":\"https:\/\/demostore.ai\/tr\/urun\/nikon-aculon-t01-durbun\/\",\"name\":\"Shop Nikon Aculon T01 D\u00fcrb\u00fcn ile Net ve Parlak G\u00f6r\u00fcnt\u00fc Deneyimi\",\"isPartOf\":{\"@id\":\"https:\/\/demostore.ai\/tr\/#website\"},\"primaryImageOfPage\":{\"@id\":\"https:\/\/demostore.ai\/tr\/urun\/nikon-aculon-t01-durbun\/#primaryimage\"},\"image\":{\"@id\":\"https:\/\/demostore.ai\/tr\/urun\/nikon-aculon-t01-durbun\/#primaryimage\"},\"thumbnailUrl\":\"https:\/\/demostore.ai\/wp-content\/uploads\/2025\/06\/Binoculars-1.png\",\"datePublished\":\"2025-06-16T01:08:47+00:00\",\"dateModified\":\"2026-02-19T05:37:26+00:00\",\"description\":\"Kompakt ve hafif tasar\u0131m\u0131yla Nikon Aculon T01 D\u00fcrb\u00fcn, a\u00e7\u0131k hava etkinliklerinde net ve parlak g\u00f6r\u00fcnt\u00fcler sunar. Dayan\u0131kl\u0131 ve kullan\u0131m\u0131 kolayd\u0131r.\",\"breadcrumb\":{\"@id\":\"https:\/\/demostore.ai\/tr\/urun\/nikon-aculon-t01-durbun\/#breadcrumb\"},\"inLanguage\":\"tr\",\"potentialAction\":[{\"@type\":\"ReadAction\",\"target\":[\"https:\/\/demostore.ai\/tr\/urun\/nikon-aculon-t01-durbun\/\"]}]},{\"@type\":\"ImageObject\",\"inLanguage\":\"tr\",\"@id\":\"https:\/\/demostore.ai\/tr\/urun\/nikon-aculon-t01-durbun\/#primaryimage\",\"url\":\"https:\/\/demostore.ai\/wp-content\/uploads\/2025\/06\/Binoculars-1.png\",\"contentUrl\":\"https:\/\/demostore.ai\/wp-content\/uploads\/2025\/06\/Binoculars-1.png\",\"width\":1000,\"height\":732,\"caption\":\"Nikon Aculon T01 D\u00fcrb\u00fcn, siyah renkli ve kompakt tasar\u0131m\u0131yla \u00fcr\u00fcn sayfas\u0131nda \u00f6nden g\u00f6r\u00fcn\u00fcm.\"},{\"@type\":\"BreadcrumbList\",\"@id\":\"https:\/\/demostore.ai\/tr\/urun\/nikon-aculon-t01-durbun\/#breadcrumb\",\"itemListElement\":[{\"@type\":\"ListItem\",\"position\":1,\"name\":\"Ana Sayfa\",\"item\":\"https:\/\/demostore.ai\/tr\/\"},{\"@type\":\"ListItem\",\"position\":2,\"name\":\"Ma\u011faza\",\"item\":\"https:\/\/demostore.ai\/tr\/magaza\/\"},{\"@type\":\"ListItem\",\"position\":3,\"name\":\"Nikon Aculon T01 D\u00fcrb\u00fcn\"}]},{\"@type\":\"WebSite\",\"@id\":\"https:\/\/demostore.ai\/tr\/#website\",\"url\":\"https:\/\/demostore.ai\/tr\/\",\"name\":\"Trendy Thread\",\"description\":\"WriteText.ai Demo Ma\u011fazas\u0131\",\"publisher\":{\"@id\":\"https:\/\/demostore.ai\/tr\/#organization\"},\"potentialAction\":[{\"@type\":\"SearchAction\",\"target\":{\"@type\":\"EntryPoint\",\"urlTemplate\":\"https:\/\/demostore.ai\/tr\/?s={search_term_string}\"},\"query-input\":{\"@type\":\"PropertyValueSpecification\",\"valueRequired\":true,\"valueName\":\"search_term_string\"}}],\"inLanguage\":\"tr\"},{\"@type\":\"Organization\",\"@id\":\"https:\/\/demostore.ai\/tr\/#organization\",\"name\":\"WriteText.ai\",\"url\":\"https:\/\/demostore.ai\/tr\/\",\"logo\":{\"@type\":\"ImageObject\",\"inLanguage\":\"tr\",\"@id\":\"https:\/\/demostore.ai\/tr\/#\/schema\/logo\/image\/\",\"url\":\"https:\/\/demostore.ai\/wp-content\/uploads\/2025\/10\/writetext_logo.webp\",\"contentUrl\":\"https:\/\/demostore.ai\/wp-content\/uploads\/2025\/10\/writetext_logo.webp\",\"width\":200,\"height\":34,\"caption\":\"WriteText.ai\"},\"image\":{\"@id\":\"https:\/\/demostore.ai\/tr\/#\/schema\/logo\/image\/\"}}]}<\/script>\n<!-- \/ Yoast SEO plugin. -->","yoast_head_json":{"title":"Shop Nikon Aculon T01 D\u00fcrb\u00fcn ile Net ve Parlak G\u00f6r\u00fcnt\u00fc Deneyimi","description":"Kompakt ve hafif tasar\u0131m\u0131yla Nikon Aculon T01 D\u00fcrb\u00fcn, a\u00e7\u0131k hava etkinliklerinde net ve parlak g\u00f6r\u00fcnt\u00fcler sunar. Dayan\u0131kl\u0131 ve kullan\u0131m\u0131 kolayd\u0131r.","robots":{"index":"index","follow":"follow","max-snippet":"max-snippet:-1","max-image-preview":"max-image-preview:large","max-video-preview":"max-video-preview:-1"},"canonical":"https:\/\/demostore.ai\/tr\/urun\/nikon-aculon-t01-durbun\/","og_type":"article","og_title":"Shop Nikon Aculon T01 D\u00fcrb\u00fcn ile Net ve Parlak G\u00f6r\u00fcnt\u00fc Deneyimi","og_description":"Hafif ve kompakt yap\u0131s\u0131yla Nikon Aculon T01 D\u00fcrb\u00fcn, do\u011fa ve spor etkinliklerinde net detaylar yakalaman\u0131z\u0131 sa\u011flar. \u00c7ok katmanl\u0131 opti\u011fiyle parlak ve y\u00fcksek kontrastl\u0131 g\u00f6r\u00fcnt\u00fcler sunar.","og_url":"https:\/\/demostore.ai\/tr\/urun\/nikon-aculon-t01-durbun\/","og_site_name":"Trendy Thread","article_modified_time":"2026-02-19T05:37:26+00:00","og_image":[{"width":1000,"height":732,"url":"https:\/\/demostore.ai\/wp-content\/uploads\/2025\/06\/Binoculars-1.png","type":"image\/png"}],"twitter_card":"summary_large_image","twitter_title":"Shop Nikon Aculon T01 D\u00fcrb\u00fcn ile Net ve Parlak G\u00f6r\u00fcnt\u00fc Deneyimi","twitter_description":"Hafif ve kompakt yap\u0131s\u0131yla Nikon Aculon T01 D\u00fcrb\u00fcn, do\u011fa ve spor etkinliklerinde net detaylar yakalaman\u0131z\u0131 sa\u011flar. \u00c7ok katmanl\u0131 opti\u011fiyle parlak ve y\u00fcksek kontrastl\u0131 g\u00f6r\u00fcnt\u00fcler sunar.","twitter_misc":{"Tahmini okuma s\u00fcresi":"1 dakika"},"schema":{"@context":"https:\/\/schema.org","@graph":[{"@type":"WebPage","@id":"https:\/\/demostore.ai\/tr\/urun\/nikon-aculon-t01-durbun\/","url":"https:\/\/demostore.ai\/tr\/urun\/nikon-aculon-t01-durbun\/","name":"Shop Nikon Aculon T01 D\u00fcrb\u00fcn ile Net ve Parlak G\u00f6r\u00fcnt\u00fc Deneyimi","isPartOf":{"@id":"https:\/\/demostore.ai\/tr\/#website"},"primaryImageOfPage":{"@id":"https:\/\/demostore.ai\/tr\/urun\/nikon-aculon-t01-durbun\/#primaryimage"},"image":{"@id":"https:\/\/demostore.ai\/tr\/urun\/nikon-aculon-t01-durbun\/#primaryimage"},"thumbnailUrl":"https:\/\/demostore.ai\/wp-content\/uploads\/2025\/06\/Binoculars-1.png","datePublished":"2025-06-16T01:08:47+00:00","dateModified":"2026-02-19T05:37:26+00:00","description":"Kompakt ve hafif tasar\u0131m\u0131yla Nikon Aculon T01 D\u00fcrb\u00fcn, a\u00e7\u0131k hava etkinliklerinde net ve parlak g\u00f6r\u00fcnt\u00fcler sunar. Dayan\u0131kl\u0131 ve kullan\u0131m\u0131 kolayd\u0131r.","breadcrumb":{"@id":"https:\/\/demostore.ai\/tr\/urun\/nikon-aculon-t01-durbun\/#breadcrumb"},"inLanguage":"tr","potentialAction":[{"@type":"ReadAction","target":["https:\/\/demostore.ai\/tr\/urun\/nikon-aculon-t01-durbun\/"]}]},{"@type":"ImageObject","inLanguage":"tr","@id":"https:\/\/demostore.ai\/tr\/urun\/nikon-aculon-t01-durbun\/#primaryimage","url":"https:\/\/demostore.ai\/wp-content\/uploads\/2025\/06\/Binoculars-1.png","contentUrl":"https:\/\/demostore.ai\/wp-content\/uploads\/2025\/06\/Binoculars-1.png","width":1000,"height":732,"caption":"Nikon Aculon T01 D\u00fcrb\u00fcn, siyah renkli ve kompakt tasar\u0131m\u0131yla \u00fcr\u00fcn sayfas\u0131nda \u00f6nden g\u00f6r\u00fcn\u00fcm."},{"@type":"BreadcrumbList","@id":"https:\/\/demostore.ai\/tr\/urun\/nikon-aculon-t01-durbun\/#breadcrumb","itemListElement":[{"@type":"ListItem","position":1,"name":"Ana Sayfa","item":"https:\/\/demostore.ai\/tr\/"},{"@type":"ListItem","position":2,"name":"Ma\u011faza","item":"https:\/\/demostore.ai\/tr\/magaza\/"},{"@type":"ListItem","position":3,"name":"Nikon Aculon T01 D\u00fcrb\u00fcn"}]},{"@type":"WebSite","@id":"https:\/\/demostore.ai\/tr\/#website","url":"https:\/\/demostore.ai\/tr\/","name":"Trendy Thread","description":"WriteText.ai Demo Ma\u011fazas\u0131","publisher":{"@id":"https:\/\/demostore.ai\/tr\/#organization"},"potentialAction":[{"@type":"SearchAction","target":{"@type":"EntryPoint","urlTemplate":"https:\/\/demostore.ai\/tr\/?s={search_term_string}"},"query-input":{"@type":"PropertyValueSpecification","valueRequired":true,"valueName":"search_term_string"}}],"inLanguage":"tr"},{"@type":"Organization","@id":"https:\/\/demostore.ai\/tr\/#organization","name":"WriteText.ai","url":"https:\/\/demostore.ai\/tr\/","logo":{"@type":"ImageObject","inLanguage":"tr","@id":"https:\/\/demostore.ai\/tr\/#\/schema\/logo\/image\/","url":"https:\/\/demostore.ai\/wp-content\/uploads\/2025\/10\/writetext_logo.webp","contentUrl":"https:\/\/demostore.ai\/wp-content\/uploads\/2025\/10\/writetext_logo.webp","width":200,"height":34,"caption":"WriteText.ai"},"image":{"@id":"https:\/\/demostore.ai\/tr\/#\/schema\/logo\/image\/"}}]}},"_links":{"self":[{"href":"https:\/\/demostore.ai\/tr\/wp-json\/wp\/v2\/product\/38341","targetHints":{"allow":["GET"]}}],"collection":[{"href":"https:\/\/demostore.ai\/tr\/wp-json\/wp\/v2\/product"}],"about":[{"href":"https:\/\/demostore.ai\/tr\/wp-json\/wp\/v2\/types\/product"}],"replies":[{"embeddable":true,"href":"https:\/\/demostore.ai\/tr\/wp-json\/wp\/v2\/comments?post=38341"}],"wp:featuredmedia":[{"embeddable":true,"href":"https:\/\/demostore.ai\/tr\/wp-json\/wp\/v2\/media\/23011"}],"wp:attachment":[{"href":"https:\/\/demostore.ai\/tr\/wp-json\/wp\/v2\/media?parent=38341"}],"wp:term":[{"taxonomy":"product_brand","embeddable":true,"href":"https:\/\/demostore.ai\/tr\/wp-json\/wp\/v2\/product_brand?post=38341"},{"taxonomy":"product_cat","embeddable":true,"href":"https:\/\/demostore.ai\/tr\/wp-json\/wp\/v2\/product_cat?post=38341"},{"taxonomy":"product_tag","embeddable":true,"href":"https:\/\/demostore.ai\/tr\/wp-json\/wp\/v2\/product_tag?post=38341"}],"curies":[{"name":"wp","href":"https:\/\/api.w.org\/{rel}","templated":true}]}}