{"id":38232,"date":"2025-08-06T06:11:47","date_gmt":"2025-08-05T22:11:47","guid":{"rendered":"https:\/\/demostore.ai\/?post_type=product&#038;p=38232"},"modified":"2026-02-19T10:49:00","modified_gmt":"2026-02-19T02:49:00","slug":"kalp-sekilli-kolye","status":"publish","type":"product","link":"https:\/\/demostore.ai\/tr\/urun\/kalp-sekilli-kolye\/","title":{"rendered":"Kalp \u015eekilli Kolye"},"content":{"rendered":"<section data-wtai-block-id=\"wtai_product_description_features\" class=\"wtai-section wtai-features-section\">\n<h2>\u00d6ne \u00c7\u0131kan \u00d6zellikler<\/h2>\n<ul>\n<li><strong>Malzeme<\/strong>: Parlak, kaliteli metal ala\u015f\u0131m; paslanmaz ve dayan\u0131kl\u0131 yap\u0131.<\/li>\n<li><strong>Kaplama<\/strong>: I\u015f\u0131lt\u0131l\u0131 g\u00fcm\u00fc\u015f renkli kaplama; uzun \u00f6m\u00fcrl\u00fc parlakl\u0131k sa\u011flar.<\/li>\n<li><strong>Zincir Tipi<\/strong>: Klasik ve ince zincir; rahat ve zarif bir g\u00f6r\u00fcn\u00fcm sunar.<\/li>\n<li><strong>Kolye Ucu<\/strong>: \u015e\u0131k kalp formunda tasar\u0131m; i\u00e7 k\u0131sm\u0131nda dokulu y\u00fczey detay\u0131 ile \u00f6ne \u00e7\u0131kar.<\/li>\n<li><strong>Kapatma Mekanizmas\u0131<\/strong>: G\u00fcvenli klipsli kilit sistemi sayesinde kolayca tak\u0131l\u0131r ve \u00e7\u0131kar\u0131l\u0131r.<\/li>\n<li><strong>El \u0130\u015f\u00e7ili\u011fi<\/strong>: \u00d6zenle i\u015flenmi\u015f detaylar; klasik ve zamans\u0131z \u015f\u0131kl\u0131k i\u00e7in.<\/li>\n<\/ul>\n<\/section>\n<div data-wtai-block-id=\"wtai_product_description_image_1753853427907\" class=\"wtai-section wtai-image_1753853427907-section\">\n<figure class=\"wtai-image-p wtai-align-center\" style=\"text-align:center\"><img decoding=\"async\" src=\"https:\/\/demostore.ai\/wp-content\/uploads\/2025\/08\/2-White-Gold-Heart-Pendant-Necklace-600x600.png\" alt=\"G\u00fcm\u00fc\u015f zincirli, i\u00e7 i\u00e7e ge\u00e7mi\u015f kalp \u015fekilli kolye \u00fcr\u00fcn g\u00f6rseli.\" srcset=\"https:\/\/demostore.ai\/wp-content\/uploads\/2025\/08\/2-White-Gold-Heart-Pendant-Necklace.png 1000w, https:\/\/demostore.ai\/wp-content\/uploads\/2025\/08\/2-White-Gold-Heart-Pendant-Necklace-300x300.png 300w, https:\/\/demostore.ai\/wp-content\/uploads\/2025\/08\/2-White-Gold-Heart-Pendant-Necklace-150x150.png 150w, https:\/\/demostore.ai\/wp-content\/uploads\/2025\/08\/2-White-Gold-Heart-Pendant-Necklace-768x768.png 768w, https:\/\/demostore.ai\/wp-content\/uploads\/2025\/08\/2-White-Gold-Heart-Pendant-Necklace-600x600.png 600w, https:\/\/demostore.ai\/wp-content\/uploads\/2025\/08\/2-White-Gold-Heart-Pendant-Necklace-250x250.png 250w\"><figcaption>\n<p>Zincir ucundaki zarif, i\u00e7 i\u00e7e ge\u00e7mi\u015f kalp formu romantik ve modern bir g\u00f6r\u00fcn\u00fcm sunar.<\/p>\n<\/figcaption><\/figure>\n<\/p><\/div>\n<section data-wtai-block-id=\"wtai_product_description_use_cases\" class=\"wtai-section wtai-use_cases-section\">\n<h2>Kullan\u0131m Alanlar\u0131 ve \u015e\u0131kl\u0131k \u0130pu\u00e7lar\u0131<\/h2>\n<ul>\n<li>G\u00fcnl\u00fck kullan\u0131mda sade k\u0131yafetlerle kusursuz bir uyum yakalayabilirsiniz.<\/li>\n<li>Gece davetlerinde zarif elbiselerle birlikte \u015f\u0131kl\u0131\u011f\u0131n\u0131z\u0131 vurgular.<\/li>\n<li>\u00d6zel g\u00fcnlerde anlaml\u0131 bir hediye olarak sevginizi g\u00f6sterebilir.<\/li>\n<li>Katmanl\u0131 tak\u0131 kombinlerinde ba\u015fka ince kolyelerle rahat\u00e7a tamamlayabilirsiniz.<\/li>\n<li>Koleksiyonunuzda klasik ve zamans\u0131z bir par\u00e7a olarak yerini al\u0131r.<\/li>\n<\/ul>\n<\/section>\n<section data-wtai-block-id=\"wtai_product_description_custom_1754204236758\" class=\"wtai-section wtai-custom_1754204236758-section\">\n<h2>Kalp \u015eekilli Kolye Hangi Anlarda Tercih Edilir?<\/h2>\n<ul>\n<li><strong>Sevgililer G\u00fcn\u00fc<\/strong> \u2013 Romantizmi yans\u0131tmak isteyenler i\u00e7in anlaml\u0131 bir hediye alternatifi.<\/li>\n<li><strong>Anneler G\u00fcn\u00fc<\/strong> \u2013 Anneye sevgi ve ba\u011fl\u0131l\u0131\u011f\u0131 g\u00f6steren \u00f6zel bir s\u00fcrpriz olarak \u00f6ne \u00e7\u0131kar.<\/li>\n<li><strong>Do\u011fum G\u00fcn\u00fc Hediyesi<\/strong> \u2013 Samimi ve zarif bir jest arayanlara hitap eder.<\/li>\n<li><strong>G\u00fcnl\u00fck Kullan\u0131m<\/strong> \u2013 Minimalist tasar\u0131m\u0131yla her g\u00fcn rahat\u00e7a tamamlanabilir.<\/li>\n<li><strong>\u00d6zel Davetler<\/strong> \u2013 \u015e\u0131k g\u00f6r\u00fcn\u00fcm\u00fcyle davetlerde zarafet katmak i\u00e7in idealdir.<\/li>\n<li><strong>Arkada\u015fl\u0131k Simgesi<\/strong> \u2013 Yak\u0131n bir dosta unutulmaz bir hediye vermek isteyenler i\u00e7in keyifli bir se\u00e7enek.<\/li>\n<\/ul>\n<\/section>\n<section data-wtai-block-id=\"wtai_product_description_custom_1753164383380\" class=\"wtai-section wtai-custom_1753164383380-section\">\n<h3>Kalp \u015eekilli Kolye Bak\u0131m \u0130pu\u00e7lar\u0131<\/h3>\n<ul>\n<li>Zarifli\u011fini ve parlakl\u0131\u011f\u0131n\u0131 korumak i\u00e7in kolyenizi her kullan\u0131mdan sonra yumu\u015fak bir bezle nazik\u00e7e silin.<\/li>\n<li>Su, parf\u00fcm ve kozmetik \u00fcr\u00fcnlerle temas etmesinden ka\u00e7\u0131n\u0131n; bu maddeler kolyenizin rengini ve \u0131\u015f\u0131lt\u0131s\u0131n\u0131 olumsuz etkileyebilir.<\/li>\n<li>Kolyenizi her zaman kuru olarak, kendi kesesinde veya yumu\u015fak bir kutuda, di\u011fer tak\u0131lardan ayr\u0131 \u015fekilde saklay\u0131n.<\/li>\n<\/ul>\n<\/section>\n<div data-wtai-block-id=\"wtai_product_description_image_1753853450366\" class=\"wtai-section wtai-image_1753853450366-section\">\n<figure class=\"wtai-image-p wtai-align-center\" style=\"text-align:center\"><img decoding=\"async\" src=\"https:\/\/demostore.ai\/wp-content\/uploads\/2025\/08\/4-White-Gold-Heart-Pendant-Necklace-600x600.png\" alt=\"G\u00fcm\u00fc\u015f kalp \u015fekilli kolye, i\u00e7 k\u0131sm\u0131 desenli ve zincirli. Romantik tak\u0131 modeli \u00fcr\u00fcn g\u00f6rseli.\" srcset=\"https:\/\/demostore.ai\/wp-content\/uploads\/2025\/08\/4-White-Gold-Heart-Pendant-Necklace.png 1000w, https:\/\/demostore.ai\/wp-content\/uploads\/2025\/08\/4-White-Gold-Heart-Pendant-Necklace-300x300.png 300w, https:\/\/demostore.ai\/wp-content\/uploads\/2025\/08\/4-White-Gold-Heart-Pendant-Necklace-150x150.png 150w, https:\/\/demostore.ai\/wp-content\/uploads\/2025\/08\/4-White-Gold-Heart-Pendant-Necklace-768x768.png 768w, https:\/\/demostore.ai\/wp-content\/uploads\/2025\/08\/4-White-Gold-Heart-Pendant-Necklace-600x600.png 600w, https:\/\/demostore.ai\/wp-content\/uploads\/2025\/08\/4-White-Gold-Heart-Pendant-Necklace-250x250.png 250w\"><figcaption>\n<p>Kalp fig\u00fcr\u00fcn\u00fcn i\u00e7 k\u0131sm\u0131ndaki detayl\u0131 dokular \u0131\u015f\u0131lt\u0131l\u0131 ve de\u011ferli bir his uyand\u0131r\u0131yor.<\/p>\n<\/figcaption><\/figure>\n<\/p><\/div>\n<section data-wtai-block-id=\"wtai_product_description_faqs\" class=\"wtai-section wtai-faqs-section\">\n<h2>S\u0131k\u00e7a Sorulan Sorular<\/h2>\n<p><strong>Kolye hangi materyalden \u00fcretilmi\u015ftir?<\/strong> <br \/> Parlak, dayan\u0131kl\u0131 metal ala\u015f\u0131mdan \u00fcretilmi\u015ftir.<\/p>\n<p><strong>Cilt hassasiyeti ya\u015fayanlar i\u00e7in uygun mudur?<\/strong> <br \/> Hipoalerjenik \u00f6zellikli y\u00fczeyi ile nazik kullan\u0131m sunar.<\/p>\n<p><strong>Kolye nas\u0131l saklanmal\u0131 ve temizlenmeli?<\/strong> <br \/> Kuru ve kapal\u0131 bir kutuda muhafaza edilmesi, yumu\u015fak bir bezle temizlenmesi \u00f6nerilir.<\/p>\n<p><strong>Hediye olarak tercih edilebilir mi?<\/strong> <br \/> Zamans\u0131z kalp tasar\u0131m\u0131yla her ya\u015fa ve tarza uygun bir hediye se\u00e7ene\u011fidir.<\/p>\n<\/section>\n<section data-wtai-block-id=\"wtai_product_description_conclusion\" class=\"wtai-section wtai-conclusion-section\">\n<h2>Zarif Dokunu\u015funuzu Tamamlay\u0131n<\/h2>\n<p><strong>\u015e\u0131k ve anlaml\u0131 kalp \u015fekilli kolye, zarafetinizi her ortamda yans\u0131tacak \u00f6zel bir tasar\u0131md\u0131r.<\/strong> <strong>Kaliteli malzemesi ve zamans\u0131z tasar\u0131m\u0131 ile stilinizi \u00f6ne \u00e7\u0131kar\u0131r.<\/strong> <strong>Sevdiklerinize ya da kendinize k\u00fc\u00e7\u00fck ama de\u011ferli bir mutluluk arma\u011fan\u0131 vermek i\u00e7in bug\u00fcn koleksiyonunuza ekleyin.<\/strong><\/p>\n<\/section>\n","protected":false},"excerpt":{"rendered":"<div data-wtai-block-id=\"wtai_excerpt_subtitle\" class=\"wtai-section wtai-subtitle-section\">\n<p><em><strong>Zarafetin ve sevgiyi yans\u0131tan, \u0131\u015f\u0131lt\u0131l\u0131 kalp dokunu\u015fu<\/strong><\/em><\/p>\n<\/p><\/div>\n<div data-wtai-block-id=\"wtai_excerpt_introduction\" class=\"wtai-section wtai-introduction-section\">\n<p>Bazen bir detay, b\u00fct\u00fcn g\u00f6r\u00fcn\u00fc\u015f\u00fcn\u00fcz\u00fc farkl\u0131 bir boyuta ta\u015f\u0131yabilir. Kalp \u015feklindeki bu zarif kolye, duygular\u0131n en saf halini incelikle \u00fczerinizde ta\u015f\u0131r. \u015e\u0131k ve zamans\u0131z tasar\u0131m\u0131yla, ister g\u00fcnl\u00fck kombinlerinize s\u0131cak bir dokunu\u015f katar ister en \u00f6zel anlar\u0131n\u0131z\u0131n zarif tamamlay\u0131c\u0131s\u0131 olur. Sevgiyle se\u00e7ilecek bu par\u00e7a, kendinize veya sevdiklerinize anlaml\u0131 bir iz b\u0131rak\u0131r; sadeli\u011fiyle g\u00f6z al\u0131rken her daim kalpten hissettirir.<\/p>\n<\/p><\/div>\n","protected":false},"featured_media":30002,"comment_status":"open","ping_status":"closed","template":"","meta":[],"product_brand":[],"product_cat":[316],"product_tag":[],"class_list":{"0":"post-38232","1":"product","2":"type-product","3":"status-publish","4":"has-post-thumbnail","6":"product_cat-takilar","8":"first","9":"instock","10":"shipping-taxable","11":"purchasable","12":"product-type-simple"},"bundled_by":[],"bundle_stock_status":"instock","bundle_stock_quantity":null,"bundle_virtual":false,"bundle_layout":"","bundle_add_to_cart_form_location":"","bundle_editable_in_cart":false,"bundle_sold_individually_context":"","bundle_item_grouping":"","bundle_min_size":"","bundle_max_size":"","bundle_price":[],"bundled_items":[],"bundle_sell_ids":[],"yoast_head":"<!-- This site is optimized with the Yoast SEO plugin v25.2 - https:\/\/yoast.com\/wordpress\/plugins\/seo\/ -->\n<title>Ke\u015ffet Kalp \u015eekilli Kolye ile \u015e\u0131kl\u0131\u011f\u0131n ve Zarafetin Bulu\u015fmas\u0131<\/title>\n<meta name=\"description\" content=\"Modern \u00e7izgilerle parlak kalp kolye, her g\u00fcn\u00fcn\u00fcz\u00fc zarif bir detayla tamamlar. G\u00fcvenli kilit sistemiyle rahat\u00e7a kullan\u0131l\u0131r, anlam y\u00fckl\u00fc bir hediye se\u00e7ene\u011fi sunar.\" \/>\n<meta name=\"robots\" content=\"index, follow, max-snippet:-1, max-image-preview:large, max-video-preview:-1\" \/>\n<link rel=\"canonical\" href=\"https:\/\/demostore.ai\/tr\/urun\/kalp-sekilli-kolye\/\" \/>\n<meta property=\"og:type\" content=\"article\" \/>\n<meta property=\"og:title\" content=\"Ke\u015ffet Kalp \u015eekilli Kolye ile \u015e\u0131kl\u0131\u011f\u0131n ve Zarafetin Bulu\u015fmas\u0131\" \/>\n<meta property=\"og:description\" content=\"Duygusal bir \u015f\u0131kl\u0131kla tasarlanan kalp kolye, parlak metal ve modern formuyla klasik tarz\u0131 yeniden tan\u0131mlar. G\u00fcvenli kilit sistemi ve zamans\u0131z zarafetiyle her ortama uyum sa\u011flar.\" \/>\n<meta property=\"og:url\" content=\"https:\/\/demostore.ai\/tr\/urun\/kalp-sekilli-kolye\/\" \/>\n<meta property=\"og:site_name\" content=\"Trendy Thread\" \/>\n<meta property=\"article:modified_time\" content=\"2026-02-19T02:49:00+00:00\" \/>\n<meta property=\"og:image\" content=\"https:\/\/demostore.ai\/wp-content\/uploads\/2025\/08\/1-White-Gold-Heart-Pendant-Necklace.png\" \/>\n\t<meta property=\"og:image:width\" content=\"1000\" \/>\n\t<meta property=\"og:image:height\" content=\"1000\" \/>\n\t<meta property=\"og:image:type\" content=\"image\/png\" \/>\n<meta name=\"twitter:card\" content=\"summary_large_image\" \/>\n<meta name=\"twitter:title\" content=\"Ke\u015ffet Kalp \u015eekilli Kolye ile \u015e\u0131kl\u0131\u011f\u0131n ve Zarafetin Bulu\u015fmas\u0131\" \/>\n<meta name=\"twitter:description\" content=\"Duygusal bir \u015f\u0131kl\u0131kla tasarlanan kalp kolye, parlak metal ve modern formuyla klasik tarz\u0131 yeniden tan\u0131mlar. G\u00fcvenli kilit sistemi ve zamans\u0131z zarafetiyle her ortama uyum sa\u011flar.\" \/>\n<meta name=\"twitter:label1\" content=\"Tahmini okuma s\u00fcresi\" \/>\n\t<meta name=\"twitter:data1\" content=\"1 dakika\" \/>\n<script type=\"application\/ld+json\" class=\"yoast-schema-graph\">{\"@context\":\"https:\/\/schema.org\",\"@graph\":[{\"@type\":\"WebPage\",\"@id\":\"https:\/\/demostore.ai\/tr\/urun\/kalp-sekilli-kolye\/\",\"url\":\"https:\/\/demostore.ai\/tr\/urun\/kalp-sekilli-kolye\/\",\"name\":\"Ke\u015ffet Kalp \u015eekilli Kolye ile \u015e\u0131kl\u0131\u011f\u0131n ve Zarafetin Bulu\u015fmas\u0131\",\"isPartOf\":{\"@id\":\"https:\/\/demostore.ai\/tr\/#website\"},\"primaryImageOfPage\":{\"@id\":\"https:\/\/demostore.ai\/tr\/urun\/kalp-sekilli-kolye\/#primaryimage\"},\"image\":{\"@id\":\"https:\/\/demostore.ai\/tr\/urun\/kalp-sekilli-kolye\/#primaryimage\"},\"thumbnailUrl\":\"https:\/\/demostore.ai\/wp-content\/uploads\/2025\/08\/1-White-Gold-Heart-Pendant-Necklace.png\",\"datePublished\":\"2025-08-05T22:11:47+00:00\",\"dateModified\":\"2026-02-19T02:49:00+00:00\",\"description\":\"Modern \u00e7izgilerle parlak kalp kolye, her g\u00fcn\u00fcn\u00fcz\u00fc zarif bir detayla tamamlar. G\u00fcvenli kilit sistemiyle rahat\u00e7a kullan\u0131l\u0131r, anlam y\u00fckl\u00fc bir hediye se\u00e7ene\u011fi sunar.\",\"breadcrumb\":{\"@id\":\"https:\/\/demostore.ai\/tr\/urun\/kalp-sekilli-kolye\/#breadcrumb\"},\"inLanguage\":\"tr\",\"potentialAction\":[{\"@type\":\"ReadAction\",\"target\":[\"https:\/\/demostore.ai\/tr\/urun\/kalp-sekilli-kolye\/\"]}]},{\"@type\":\"ImageObject\",\"inLanguage\":\"tr\",\"@id\":\"https:\/\/demostore.ai\/tr\/urun\/kalp-sekilli-kolye\/#primaryimage\",\"url\":\"https:\/\/demostore.ai\/wp-content\/uploads\/2025\/08\/1-White-Gold-Heart-Pendant-Necklace.png\",\"contentUrl\":\"https:\/\/demostore.ai\/wp-content\/uploads\/2025\/08\/1-White-Gold-Heart-Pendant-Necklace.png\",\"width\":1000,\"height\":1000,\"caption\":\"G\u00fcm\u00fc\u015f renkli, kalp \u015feklinde ta\u015fl\u0131 kolye bir \u00fcr\u00fcn sayfas\u0131nda sergileniyor.\"},{\"@type\":\"BreadcrumbList\",\"@id\":\"https:\/\/demostore.ai\/tr\/urun\/kalp-sekilli-kolye\/#breadcrumb\",\"itemListElement\":[{\"@type\":\"ListItem\",\"position\":1,\"name\":\"Ana Sayfa\",\"item\":\"https:\/\/demostore.ai\/tr\/\"},{\"@type\":\"ListItem\",\"position\":2,\"name\":\"Ma\u011faza\",\"item\":\"https:\/\/demostore.ai\/tr\/magaza\/\"},{\"@type\":\"ListItem\",\"position\":3,\"name\":\"Kalp \u015eekilli Kolye\"}]},{\"@type\":\"WebSite\",\"@id\":\"https:\/\/demostore.ai\/tr\/#website\",\"url\":\"https:\/\/demostore.ai\/tr\/\",\"name\":\"Trendy Thread\",\"description\":\"WriteText.ai Demo Ma\u011fazas\u0131\",\"publisher\":{\"@id\":\"https:\/\/demostore.ai\/tr\/#organization\"},\"potentialAction\":[{\"@type\":\"SearchAction\",\"target\":{\"@type\":\"EntryPoint\",\"urlTemplate\":\"https:\/\/demostore.ai\/tr\/?s={search_term_string}\"},\"query-input\":{\"@type\":\"PropertyValueSpecification\",\"valueRequired\":true,\"valueName\":\"search_term_string\"}}],\"inLanguage\":\"tr\"},{\"@type\":\"Organization\",\"@id\":\"https:\/\/demostore.ai\/tr\/#organization\",\"name\":\"WriteText.ai\",\"url\":\"https:\/\/demostore.ai\/tr\/\",\"logo\":{\"@type\":\"ImageObject\",\"inLanguage\":\"tr\",\"@id\":\"https:\/\/demostore.ai\/tr\/#\/schema\/logo\/image\/\",\"url\":\"https:\/\/demostore.ai\/wp-content\/uploads\/2025\/10\/writetext_logo.webp\",\"contentUrl\":\"https:\/\/demostore.ai\/wp-content\/uploads\/2025\/10\/writetext_logo.webp\",\"width\":200,\"height\":34,\"caption\":\"WriteText.ai\"},\"image\":{\"@id\":\"https:\/\/demostore.ai\/tr\/#\/schema\/logo\/image\/\"}}]}<\/script>\n<!-- \/ Yoast SEO plugin. -->","yoast_head_json":{"title":"Ke\u015ffet Kalp \u015eekilli Kolye ile \u015e\u0131kl\u0131\u011f\u0131n ve Zarafetin Bulu\u015fmas\u0131","description":"Modern \u00e7izgilerle parlak kalp kolye, her g\u00fcn\u00fcn\u00fcz\u00fc zarif bir detayla tamamlar. G\u00fcvenli kilit sistemiyle rahat\u00e7a kullan\u0131l\u0131r, anlam y\u00fckl\u00fc bir hediye se\u00e7ene\u011fi sunar.","robots":{"index":"index","follow":"follow","max-snippet":"max-snippet:-1","max-image-preview":"max-image-preview:large","max-video-preview":"max-video-preview:-1"},"canonical":"https:\/\/demostore.ai\/tr\/urun\/kalp-sekilli-kolye\/","og_type":"article","og_title":"Ke\u015ffet Kalp \u015eekilli Kolye ile \u015e\u0131kl\u0131\u011f\u0131n ve Zarafetin Bulu\u015fmas\u0131","og_description":"Duygusal bir \u015f\u0131kl\u0131kla tasarlanan kalp kolye, parlak metal ve modern formuyla klasik tarz\u0131 yeniden tan\u0131mlar. G\u00fcvenli kilit sistemi ve zamans\u0131z zarafetiyle her ortama uyum sa\u011flar.","og_url":"https:\/\/demostore.ai\/tr\/urun\/kalp-sekilli-kolye\/","og_site_name":"Trendy Thread","article_modified_time":"2026-02-19T02:49:00+00:00","og_image":[{"width":1000,"height":1000,"url":"https:\/\/demostore.ai\/wp-content\/uploads\/2025\/08\/1-White-Gold-Heart-Pendant-Necklace.png","type":"image\/png"}],"twitter_card":"summary_large_image","twitter_title":"Ke\u015ffet Kalp \u015eekilli Kolye ile \u015e\u0131kl\u0131\u011f\u0131n ve Zarafetin Bulu\u015fmas\u0131","twitter_description":"Duygusal bir \u015f\u0131kl\u0131kla tasarlanan kalp kolye, parlak metal ve modern formuyla klasik tarz\u0131 yeniden tan\u0131mlar. G\u00fcvenli kilit sistemi ve zamans\u0131z zarafetiyle her ortama uyum sa\u011flar.","twitter_misc":{"Tahmini okuma s\u00fcresi":"1 dakika"},"schema":{"@context":"https:\/\/schema.org","@graph":[{"@type":"WebPage","@id":"https:\/\/demostore.ai\/tr\/urun\/kalp-sekilli-kolye\/","url":"https:\/\/demostore.ai\/tr\/urun\/kalp-sekilli-kolye\/","name":"Ke\u015ffet Kalp \u015eekilli Kolye ile \u015e\u0131kl\u0131\u011f\u0131n ve Zarafetin Bulu\u015fmas\u0131","isPartOf":{"@id":"https:\/\/demostore.ai\/tr\/#website"},"primaryImageOfPage":{"@id":"https:\/\/demostore.ai\/tr\/urun\/kalp-sekilli-kolye\/#primaryimage"},"image":{"@id":"https:\/\/demostore.ai\/tr\/urun\/kalp-sekilli-kolye\/#primaryimage"},"thumbnailUrl":"https:\/\/demostore.ai\/wp-content\/uploads\/2025\/08\/1-White-Gold-Heart-Pendant-Necklace.png","datePublished":"2025-08-05T22:11:47+00:00","dateModified":"2026-02-19T02:49:00+00:00","description":"Modern \u00e7izgilerle parlak kalp kolye, her g\u00fcn\u00fcn\u00fcz\u00fc zarif bir detayla tamamlar. G\u00fcvenli kilit sistemiyle rahat\u00e7a kullan\u0131l\u0131r, anlam y\u00fckl\u00fc bir hediye se\u00e7ene\u011fi sunar.","breadcrumb":{"@id":"https:\/\/demostore.ai\/tr\/urun\/kalp-sekilli-kolye\/#breadcrumb"},"inLanguage":"tr","potentialAction":[{"@type":"ReadAction","target":["https:\/\/demostore.ai\/tr\/urun\/kalp-sekilli-kolye\/"]}]},{"@type":"ImageObject","inLanguage":"tr","@id":"https:\/\/demostore.ai\/tr\/urun\/kalp-sekilli-kolye\/#primaryimage","url":"https:\/\/demostore.ai\/wp-content\/uploads\/2025\/08\/1-White-Gold-Heart-Pendant-Necklace.png","contentUrl":"https:\/\/demostore.ai\/wp-content\/uploads\/2025\/08\/1-White-Gold-Heart-Pendant-Necklace.png","width":1000,"height":1000,"caption":"G\u00fcm\u00fc\u015f renkli, kalp \u015feklinde ta\u015fl\u0131 kolye bir \u00fcr\u00fcn sayfas\u0131nda sergileniyor."},{"@type":"BreadcrumbList","@id":"https:\/\/demostore.ai\/tr\/urun\/kalp-sekilli-kolye\/#breadcrumb","itemListElement":[{"@type":"ListItem","position":1,"name":"Ana Sayfa","item":"https:\/\/demostore.ai\/tr\/"},{"@type":"ListItem","position":2,"name":"Ma\u011faza","item":"https:\/\/demostore.ai\/tr\/magaza\/"},{"@type":"ListItem","position":3,"name":"Kalp \u015eekilli Kolye"}]},{"@type":"WebSite","@id":"https:\/\/demostore.ai\/tr\/#website","url":"https:\/\/demostore.ai\/tr\/","name":"Trendy Thread","description":"WriteText.ai Demo Ma\u011fazas\u0131","publisher":{"@id":"https:\/\/demostore.ai\/tr\/#organization"},"potentialAction":[{"@type":"SearchAction","target":{"@type":"EntryPoint","urlTemplate":"https:\/\/demostore.ai\/tr\/?s={search_term_string}"},"query-input":{"@type":"PropertyValueSpecification","valueRequired":true,"valueName":"search_term_string"}}],"inLanguage":"tr"},{"@type":"Organization","@id":"https:\/\/demostore.ai\/tr\/#organization","name":"WriteText.ai","url":"https:\/\/demostore.ai\/tr\/","logo":{"@type":"ImageObject","inLanguage":"tr","@id":"https:\/\/demostore.ai\/tr\/#\/schema\/logo\/image\/","url":"https:\/\/demostore.ai\/wp-content\/uploads\/2025\/10\/writetext_logo.webp","contentUrl":"https:\/\/demostore.ai\/wp-content\/uploads\/2025\/10\/writetext_logo.webp","width":200,"height":34,"caption":"WriteText.ai"},"image":{"@id":"https:\/\/demostore.ai\/tr\/#\/schema\/logo\/image\/"}}]}},"_links":{"self":[{"href":"https:\/\/demostore.ai\/tr\/wp-json\/wp\/v2\/product\/38232","targetHints":{"allow":["GET"]}}],"collection":[{"href":"https:\/\/demostore.ai\/tr\/wp-json\/wp\/v2\/product"}],"about":[{"href":"https:\/\/demostore.ai\/tr\/wp-json\/wp\/v2\/types\/product"}],"replies":[{"embeddable":true,"href":"https:\/\/demostore.ai\/tr\/wp-json\/wp\/v2\/comments?post=38232"}],"wp:featuredmedia":[{"embeddable":true,"href":"https:\/\/demostore.ai\/tr\/wp-json\/wp\/v2\/media\/30002"}],"wp:attachment":[{"href":"https:\/\/demostore.ai\/tr\/wp-json\/wp\/v2\/media?parent=38232"}],"wp:term":[{"taxonomy":"product_brand","embeddable":true,"href":"https:\/\/demostore.ai\/tr\/wp-json\/wp\/v2\/product_brand?post=38232"},{"taxonomy":"product_cat","embeddable":true,"href":"https:\/\/demostore.ai\/tr\/wp-json\/wp\/v2\/product_cat?post=38232"},{"taxonomy":"product_tag","embeddable":true,"href":"https:\/\/demostore.ai\/tr\/wp-json\/wp\/v2\/product_tag?post=38232"}],"curies":[{"name":"wp","href":"https:\/\/api.w.org\/{rel}","templated":true}]}}