{"id":38225,"date":"2025-06-13T08:52:36","date_gmt":"2025-06-13T00:52:36","guid":{"rendered":"https:\/\/demostore.ai\/?post_type=product&#038;p=38225"},"modified":"2026-02-19T10:55:26","modified_gmt":"2026-02-19T02:55:26","slug":"naturals-zeytinyagli-el-kremi","status":"publish","type":"product","link":"https:\/\/demostore.ai\/tr\/urun\/naturals-zeytinyagli-el-kremi\/","title":{"rendered":"Naturals Zeytinya\u011fl\u0131 El Kremi"},"content":{"rendered":"<section data-wtai-block-id=\"wtai_product_description_features\" class=\"wtai-section wtai-features-section\">\n<h2>\u00dcr\u00fcn \u00d6zellikleri<\/h2>\n<ul>\n<li><strong>Yo\u011fun nemlendirme<\/strong> ile ellerde g\u00fcn boyu yumu\u015fakl\u0131k sa\u011flar<\/li>\n<li><strong>Cildi besleyen<\/strong> form\u00fcl kurulu\u011fu \u00f6nler ve p\u00fcr\u00fczleri azalt\u0131r<\/li>\n<li><strong>Hassas ciltler i\u00e7in uygundur<\/strong>, her ya\u015ftan kullan\u0131c\u0131ya hitap eder<\/li>\n<li><strong>Organik \u0130talyan zeytinya\u011f\u0131<\/strong> ile do\u011fal bak\u0131m sunar<\/li>\n<li><strong>Kolay emilen hafif doku<\/strong>, ya\u011fl\u0131 his b\u0131rakmaz<\/li>\n<li><strong>Derinlemesine onar\u0131c\u0131<\/strong> etkisiyle \u00e7atlam\u0131\u015f ellere h\u0131zl\u0131 \u00e7\u00f6z\u00fcm sa\u011flar<\/li>\n<li><strong>\u0130peksi biti\u015f ve hafif ferah koku<\/strong> deneyimi ya\u015fat\u0131r<\/li>\n<li><strong>Do\u011fal i\u00e7eriklere sahip<\/strong> modern ve \u015f\u0131k t\u00fcp tasar\u0131m\u0131yla \u00f6ne \u00e7\u0131kar<\/li>\n<\/ul>\n<\/section>\n<div data-wtai-block-id=\"wtai_product_description_image_1753694499291\" class=\"wtai-section wtai-image_1753694499291-section\">\n<figure class=\"wtai-image-p wtai-align-center\" style=\"text-align:center\"><img decoding=\"async\" src=\"https:\/\/demostore.ai\/wp-content\/uploads\/2025\/06\/Hand-Lotion-4-scaled-1-600x600.png\" alt=\"Naturals Zeytinya\u011fl\u0131 El Kremi t\u00fcp\u00fc, yan\u0131na zeytin dal\u0131 ve ta\u015flar yerle\u015ftirilmi\u015f.\" srcset=\"https:\/\/demostore.ai\/wp-content\/uploads\/2025\/06\/Hand-Lotion-4-scaled-1.png 1000w, https:\/\/demostore.ai\/wp-content\/uploads\/2025\/06\/Hand-Lotion-4-scaled-1-300x300.png 300w, https:\/\/demostore.ai\/wp-content\/uploads\/2025\/06\/Hand-Lotion-4-scaled-1-150x150.png 150w, https:\/\/demostore.ai\/wp-content\/uploads\/2025\/06\/Hand-Lotion-4-scaled-1-768x768.png 768w, https:\/\/demostore.ai\/wp-content\/uploads\/2025\/06\/Hand-Lotion-4-scaled-1-600x600.png 600w, https:\/\/demostore.ai\/wp-content\/uploads\/2025\/06\/Hand-Lotion-4-scaled-1-250x250.png 250w\"><figcaption>\n<p>Do\u011fal bir dokuya sahip t\u00fcp tasar\u0131m\u0131 ve zeytin detaylar\u0131 ferahlat\u0131c\u0131 bir his vadediyor.<\/p>\n<\/figcaption><\/figure>\n<\/p><\/div>\n<section data-wtai-block-id=\"wtai_product_description_benefits\" class=\"wtai-section wtai-benefits-section\">\n<h2>Neden Seveceksiniz?<\/h2>\n<ul>\n<li>Elleriniz g\u00fcn boyu yumu\u015fak ve p\u00fcr\u00fczs\u00fcz hissedilir.<\/li>\n<li>Cildinizde h\u0131zl\u0131 emilen form\u00fcl\u00fcyle rahat kullan\u0131m sa\u011flar.<\/li>\n<li>D\u00fczenli kullan\u0131mla \u00e7atlam\u0131\u015f ve kurumu\u015f ellerin g\u00f6r\u00fcn\u00fcm\u00fcn\u00fc azalt\u0131r.<\/li>\n<li>Do\u011fal ve ferah kokusuyla g\u00fcnl\u00fck bak\u0131m\u0131n\u0131z\u0131 keyifli hale getirir.<\/li>\n<li>Organik i\u00e7eri\u011fi sayesinde g\u00f6n\u00fcl rahatl\u0131\u011f\u0131yla tercih edilebilir.<\/li>\n<\/ul>\n<\/section>\n<section data-wtai-block-id=\"wtai_product_description_use_cases\" class=\"wtai-section wtai-use_cases-section\">\n<h3>Rutininizde Nas\u0131l Kullan\u0131l\u0131r?<\/h3>\n<ol>\n<li>Temiz ve kuru ellere sabah i\u015fe ba\u015flamadan uygulay\u0131n.<\/li>\n<li>Her el y\u0131kamadan sonra nem kayb\u0131n\u0131 \u00f6nlemek i\u00e7in s\u00fcr\u00fcn.<\/li>\n<li>So\u011fuk havalarda g\u00fcn i\u00e7inde tekrar kullanarak ekstra koruma sa\u011flay\u0131n.<\/li>\n<li>Yo\u011fun temizlik sonras\u0131 cildinizi onarmak i\u00e7in ince bir tabaka s\u00fcr\u00fcn.<\/li>\n<li>Ak\u015fam yatmadan \u00f6nce ellerinize masaj yaparak uygulay\u0131n.<\/li>\n<li>\u00c7antan\u0131zda kolayca ta\u015f\u0131yarak acil kurulukta pratik \u00e7\u00f6z\u00fcm olu\u015fturun.<\/li>\n<li>Oje sonras\u0131 bak\u0131ml\u0131 ve sa\u011fl\u0131kl\u0131 g\u00f6r\u00fcn\u00fcm i\u00e7in tercih edin.<\/li>\n<li>Cilt \u00e7atla\u011f\u0131 e\u011filimli noktalara yo\u011fun \u015fekilde uygulayarak kullan\u0131n.<\/li>\n<\/ol>\n<\/section>\n<section data-wtai-block-id=\"wtai_product_description_technical_specifications\" class=\"wtai-section wtai-technical_specifications-section\">\n<h3>Detaylar<\/h3>\n<ul>\n<li><strong>\u00dcr\u00fcn tipi:<\/strong> El kremi<\/li>\n<li><strong>Net miktar:<\/strong> 75 ml<\/li>\n<li><strong>Ana i\u00e7erik:<\/strong> Sertifikal\u0131 organik \u0130talyan zeytinya\u011f\u0131<\/li>\n<li><strong>Cilt tipi:<\/strong> T\u00fcm cilt tipleri ile uyumlu<\/li>\n<\/ul>\n<\/section>\n<section data-wtai-block-id=\"wtai_product_description_custom_1753167803027\" class=\"wtai-section wtai-custom_1753167803027-section\">\n<h2>Cilt Endi\u015feleri ve Uygun Cilt Tipleri<\/h2>\n<ul>\n<li><strong>Kuruluk<\/strong>: Ellerin nem dengesini uzun s\u00fcre korumaya yard\u0131mc\u0131 olur.<\/li>\n<li><strong>\u00c7atlaklar<\/strong>: So\u011fuk hava ve s\u0131k y\u0131kamadan kaynakl\u0131 \u00e7atlaklar\u0131 yumu\u015fat\u0131r.<\/li>\n<li><strong>Hassasiyet<\/strong>: Hassas ciltlerde nazik bak\u0131m sunar.<\/li>\n<li><strong>Normal cilt<\/strong>: G\u00fcnl\u00fck kullan\u0131mda hafif ve rahatlat\u0131c\u0131 etki sa\u011flar.<\/li>\n<li><strong>Karma cilt<\/strong>: Kuru ve normal b\u00f6lgelerde dengeli nemlendirme sunar.<\/li>\n<li><strong>T\u00fcm cilt tipleri<\/strong>: Her ya\u015ftan ve her cilt t\u00fcr\u00fcnden kullan\u0131c\u0131ya uygundur.<\/li>\n<\/ul>\n<\/section>\n<section data-wtai-block-id=\"wtai_product_description_custom_1754200971412\" class=\"wtai-section wtai-custom_1754200971412-section\">\n<h2>\u0130\u00e7indekiler Listesi<\/h2>\n<p>Aqua, Glycerin, Caprylic\/Capric Triglyceride, Isopropyl Myristate, Cetyl Alcohol, Cetearyl Alcohol, Glyceryl Stearate, PEG-100 Stearate, Phenoxyethanol, Triethanolamine, Parfum, Acrylates\/C10-30 Alkyl Acrylate Crosspolymer, Chlorphenesin, Xanthan Gum, Butyrospermum Parkii (Shea) Butter, Disodium EDTA, Crambe Abyssinica Seed Oil, Olea Europaea (Olive) Fruit Oil, Tocopheryl Acetate, Vitis Vinifera (Grape) Seed Oil, Octyldodecanol, Citric Acid, Lavandula Angustifolia (Lavender) Oil, Olea Europaea (Olive) Fruit Extract, Hydrogenated Lecithin, Sodium Benzoate, 1,2-Hexanediol, Potassium Sorbate, Polyglyceryl-10 Dioleate, Ceramide NP, Cholesterol, Phytosphingosine, Phospholipids, Ceramide AG, Ceramide AP, Ceramide NG, Ceramide EOP, Linalool, Benzyl Salicylate, Hexyl Cinnamal, Hydroxycitronellal, Limonene, Citronellol, Citral<\/p>\n<\/section>\n<section data-wtai-block-id=\"wtai_product_description_faqs\" class=\"wtai-section wtai-faqs-section\">\n<h2>S\u0131k\u00e7a Sorulan Sorular<\/h2>\n<p><strong>Her cilt tipinde g\u00fcvenle kullan\u0131labilir mi?<\/strong> <br \/> Evet, form\u00fcl\u00fc t\u00fcm cilt tiplerine uygundur ve hassas ciltlerde de g\u00fcvenle kullan\u0131labilir.<\/p>\n<p><strong>Ba\u015fka bak\u0131m \u00fcr\u00fcnleriyle bir arada uygulanabilir mi?<\/strong> <br \/> Zeytinya\u011fl\u0131 el kremi ba\u015fka bak\u0131m \u00fcr\u00fcnleriyle kar\u0131\u015ft\u0131r\u0131lmadan g\u00fcnl\u00fck rutininize eklenebilir.<\/p>\n<p><strong>Ellerimde ya\u011fl\u0131 his b\u0131rak\u0131r m\u0131?<\/strong> <br \/> Hay\u0131r, hafif yap\u0131s\u0131yla h\u0131zla emilir ve ya\u011fl\u0131 his b\u0131rakmaz.<\/p>\n<p><strong>G\u00f6r\u00fcn\u00fcr sonu\u00e7lar ne zaman elde edilir?<\/strong> <br \/> D\u00fczenli kullan\u0131mda bir hafta i\u00e7inde daha p\u00fcr\u00fczs\u00fcz ve yumu\u015fak eller fark edebilirsiniz.<\/p>\n<p><strong>Kremi nas\u0131l saklamal\u0131y\u0131m?<\/strong> <br \/> Direkt g\u00fcne\u015f \u0131\u015f\u0131\u011f\u0131ndan uzak, serin ve kuru bir yerde muhafaza ediniz.<\/p>\n<\/section>\n<section data-wtai-block-id=\"wtai_product_description_conclusion\" class=\"wtai-section wtai-conclusion-section\">\n<h2>\u015eimdi Deneyin<\/h2>\n<p><em><strong>Naturals Zeytinya\u011fl\u0131 El Kremi ile ellerinize hak etti\u011fi bak\u0131m\u0131 hemen kazand\u0131r\u0131n.<\/strong><\/em> <em><strong>Her dokunu\u015fta yumu\u015fakl\u0131k ve ferahl\u0131k hissini ya\u015fayarak g\u00fcnl\u00fck bak\u0131m\u0131n\u0131z\u0131 keyifli hale getirin.<\/strong><\/em> <em><strong>Siz de bug\u00fcnden ba\u015flay\u0131n, yumu\u015fac\u0131k ellerin tad\u0131n\u0131 ertelemeyin.<\/strong><\/em><\/p>\n<\/section>\n","protected":false},"excerpt":{"rendered":"<div data-wtai-block-id=\"wtai_excerpt_subtitle\" class=\"wtai-section wtai-subtitle-section\">\n<p><em><strong>Saf zeytinya\u011f\u0131 ile derinlemesine nem, do\u011fal ve yumu\u015fac\u0131k eller<\/strong><\/em><\/p>\n<\/p><\/div>\n<div data-wtai-block-id=\"wtai_excerpt_introduction\" class=\"wtai-section wtai-introduction-section\">\n<p>Kendinize minik bir dokunu\u015fla b\u00fcy\u00fck bir iyilik yapman\u0131n zaman\u0131 geldi. Zeytinya\u011f\u0131n\u0131n do\u011fall\u0131\u011f\u0131n\u0131 ve derinlemesine nemini an\u0131nda hissedece\u011finiz bu krem, cildinizin yumu\u015fakl\u0131\u011f\u0131n\u0131 g\u00fcn boyu korur. Hafif yap\u0131s\u0131yla h\u0131zl\u0131ca emilir, ya\u011fl\u0131 his b\u0131rakmadan ellerinizi taze ve p\u00fcr\u00fczs\u00fcz tutar. Do\u011fadan gelen bu s\u00fcrprizle, g\u00fcnl\u00fck rit\u00fcelinize s\u0131cak bir konfor ekleyin; elleriniz her an \u015f\u0131mart\u0131lm\u0131\u015f gibi yumu\u015fac\u0131k ve bak\u0131ml\u0131 kals\u0131n.<\/p>\n<\/p><\/div>\n","protected":false},"featured_media":16445,"comment_status":"open","ping_status":"closed","template":"","meta":[],"product_brand":[],"product_cat":[250],"product_tag":[],"class_list":{"0":"post-38225","1":"product","2":"type-product","3":"status-publish","4":"has-post-thumbnail","6":"product_cat-guzellik-saglik","8":"first","9":"instock","10":"shipping-taxable","11":"purchasable","12":"product-type-simple"},"bundled_by":[],"bundle_stock_status":"instock","bundle_stock_quantity":null,"bundle_virtual":false,"bundle_layout":"","bundle_add_to_cart_form_location":"","bundle_editable_in_cart":false,"bundle_sold_individually_context":"","bundle_item_grouping":"","bundle_min_size":"","bundle_max_size":"","bundle_price":[],"bundled_items":[],"bundle_sell_ids":[],"yoast_head":"<!-- This site is optimized with the Yoast SEO plugin v25.2 - https:\/\/yoast.com\/wordpress\/plugins\/seo\/ -->\n<title>Shop Naturals Zeytinya\u011fl\u0131 El Kremi ile Cildinize Derin Nem<\/title>\n<meta name=\"description\" content=\"Yumu\u015fak dokunu\u015flarda fark yaratan Naturals Zeytinya\u011fl\u0131 El Kremi, organik zeytinya\u011f\u0131 ile derin nem ve ipeksi bir his sunar. G\u00fcn boyu koruma sa\u011flar.\" \/>\n<meta name=\"robots\" content=\"index, follow, max-snippet:-1, max-image-preview:large, max-video-preview:-1\" \/>\n<link rel=\"canonical\" href=\"https:\/\/demostore.ai\/tr\/urun\/naturals-zeytinyagli-el-kremi\/\" \/>\n<meta property=\"og:type\" content=\"article\" \/>\n<meta property=\"og:title\" content=\"Shop Naturals Zeytinya\u011fl\u0131 El Kremi ile Cildinize Derin Nem\" \/>\n<meta property=\"og:description\" content=\"\u0130peksi dokunu\u015funuzu korumak i\u00e7in Naturals Zeytinya\u011fl\u0131 El Kremi; organik zeytinya\u011f\u0131 sayesinde yo\u011fun nem, onar\u0131c\u0131 bak\u0131m ve ferah koku ile g\u00fcnl\u00fck kullan\u0131ma uygundur.\" \/>\n<meta property=\"og:url\" content=\"https:\/\/demostore.ai\/tr\/urun\/naturals-zeytinyagli-el-kremi\/\" \/>\n<meta property=\"og:site_name\" content=\"Trendy Thread\" \/>\n<meta property=\"article:modified_time\" content=\"2026-02-19T02:55:26+00:00\" \/>\n<meta property=\"og:image\" content=\"https:\/\/demostore.ai\/wp-content\/uploads\/2025\/06\/Hand-Lotion-1-scaled-1.png\" \/>\n\t<meta property=\"og:image:width\" content=\"390\" \/>\n\t<meta property=\"og:image:height\" content=\"1000\" \/>\n\t<meta property=\"og:image:type\" content=\"image\/png\" \/>\n<meta name=\"twitter:card\" content=\"summary_large_image\" \/>\n<meta name=\"twitter:title\" content=\"Shop Naturals Zeytinya\u011fl\u0131 El Kremi ile Cildinize Derin Nem\" \/>\n<meta name=\"twitter:description\" content=\"\u0130peksi dokunu\u015funuzu korumak i\u00e7in Naturals Zeytinya\u011fl\u0131 El Kremi; organik zeytinya\u011f\u0131 sayesinde yo\u011fun nem, onar\u0131c\u0131 bak\u0131m ve ferah koku ile g\u00fcnl\u00fck kullan\u0131ma uygundur.\" \/>\n<meta name=\"twitter:label1\" content=\"Tahmini okuma s\u00fcresi\" \/>\n\t<meta name=\"twitter:data1\" content=\"1 dakika\" \/>\n<script type=\"application\/ld+json\" class=\"yoast-schema-graph\">{\"@context\":\"https:\/\/schema.org\",\"@graph\":[{\"@type\":\"WebPage\",\"@id\":\"https:\/\/demostore.ai\/tr\/urun\/naturals-zeytinyagli-el-kremi\/\",\"url\":\"https:\/\/demostore.ai\/tr\/urun\/naturals-zeytinyagli-el-kremi\/\",\"name\":\"Shop Naturals Zeytinya\u011fl\u0131 El Kremi ile Cildinize Derin Nem\",\"isPartOf\":{\"@id\":\"https:\/\/demostore.ai\/tr\/#website\"},\"primaryImageOfPage\":{\"@id\":\"https:\/\/demostore.ai\/tr\/urun\/naturals-zeytinyagli-el-kremi\/#primaryimage\"},\"image\":{\"@id\":\"https:\/\/demostore.ai\/tr\/urun\/naturals-zeytinyagli-el-kremi\/#primaryimage\"},\"thumbnailUrl\":\"https:\/\/demostore.ai\/wp-content\/uploads\/2025\/06\/Hand-Lotion-1-scaled-1.png\",\"datePublished\":\"2025-06-13T00:52:36+00:00\",\"dateModified\":\"2026-02-19T02:55:26+00:00\",\"description\":\"Yumu\u015fak dokunu\u015flarda fark yaratan Naturals Zeytinya\u011fl\u0131 El Kremi, organik zeytinya\u011f\u0131 ile derin nem ve ipeksi bir his sunar. G\u00fcn boyu koruma sa\u011flar.\",\"breadcrumb\":{\"@id\":\"https:\/\/demostore.ai\/tr\/urun\/naturals-zeytinyagli-el-kremi\/#breadcrumb\"},\"inLanguage\":\"tr\",\"potentialAction\":[{\"@type\":\"ReadAction\",\"target\":[\"https:\/\/demostore.ai\/tr\/urun\/naturals-zeytinyagli-el-kremi\/\"]}]},{\"@type\":\"ImageObject\",\"inLanguage\":\"tr\",\"@id\":\"https:\/\/demostore.ai\/tr\/urun\/naturals-zeytinyagli-el-kremi\/#primaryimage\",\"url\":\"https:\/\/demostore.ai\/wp-content\/uploads\/2025\/06\/Hand-Lotion-1-scaled-1.png\",\"contentUrl\":\"https:\/\/demostore.ai\/wp-content\/uploads\/2025\/06\/Hand-Lotion-1-scaled-1.png\",\"width\":390,\"height\":1000,\"caption\":\"Naturals Zeytinya\u011fl\u0131 El Kremi, ye\u015fil ambalajda; organik zeytin \u00f6zl\u00fc, nemlendirici el kremi.\"},{\"@type\":\"BreadcrumbList\",\"@id\":\"https:\/\/demostore.ai\/tr\/urun\/naturals-zeytinyagli-el-kremi\/#breadcrumb\",\"itemListElement\":[{\"@type\":\"ListItem\",\"position\":1,\"name\":\"Ana Sayfa\",\"item\":\"https:\/\/demostore.ai\/tr\/\"},{\"@type\":\"ListItem\",\"position\":2,\"name\":\"Ma\u011faza\",\"item\":\"https:\/\/demostore.ai\/tr\/magaza\/\"},{\"@type\":\"ListItem\",\"position\":3,\"name\":\"Naturals Zeytinya\u011fl\u0131 El Kremi\"}]},{\"@type\":\"WebSite\",\"@id\":\"https:\/\/demostore.ai\/tr\/#website\",\"url\":\"https:\/\/demostore.ai\/tr\/\",\"name\":\"Trendy Thread\",\"description\":\"WriteText.ai Demo Ma\u011fazas\u0131\",\"publisher\":{\"@id\":\"https:\/\/demostore.ai\/tr\/#organization\"},\"potentialAction\":[{\"@type\":\"SearchAction\",\"target\":{\"@type\":\"EntryPoint\",\"urlTemplate\":\"https:\/\/demostore.ai\/tr\/?s={search_term_string}\"},\"query-input\":{\"@type\":\"PropertyValueSpecification\",\"valueRequired\":true,\"valueName\":\"search_term_string\"}}],\"inLanguage\":\"tr\"},{\"@type\":\"Organization\",\"@id\":\"https:\/\/demostore.ai\/tr\/#organization\",\"name\":\"WriteText.ai\",\"url\":\"https:\/\/demostore.ai\/tr\/\",\"logo\":{\"@type\":\"ImageObject\",\"inLanguage\":\"tr\",\"@id\":\"https:\/\/demostore.ai\/tr\/#\/schema\/logo\/image\/\",\"url\":\"https:\/\/demostore.ai\/wp-content\/uploads\/2025\/10\/writetext_logo.webp\",\"contentUrl\":\"https:\/\/demostore.ai\/wp-content\/uploads\/2025\/10\/writetext_logo.webp\",\"width\":200,\"height\":34,\"caption\":\"WriteText.ai\"},\"image\":{\"@id\":\"https:\/\/demostore.ai\/tr\/#\/schema\/logo\/image\/\"}}]}<\/script>\n<!-- \/ Yoast SEO plugin. -->","yoast_head_json":{"title":"Shop Naturals Zeytinya\u011fl\u0131 El Kremi ile Cildinize Derin Nem","description":"Yumu\u015fak dokunu\u015flarda fark yaratan Naturals Zeytinya\u011fl\u0131 El Kremi, organik zeytinya\u011f\u0131 ile derin nem ve ipeksi bir his sunar. G\u00fcn boyu koruma sa\u011flar.","robots":{"index":"index","follow":"follow","max-snippet":"max-snippet:-1","max-image-preview":"max-image-preview:large","max-video-preview":"max-video-preview:-1"},"canonical":"https:\/\/demostore.ai\/tr\/urun\/naturals-zeytinyagli-el-kremi\/","og_type":"article","og_title":"Shop Naturals Zeytinya\u011fl\u0131 El Kremi ile Cildinize Derin Nem","og_description":"\u0130peksi dokunu\u015funuzu korumak i\u00e7in Naturals Zeytinya\u011fl\u0131 El Kremi; organik zeytinya\u011f\u0131 sayesinde yo\u011fun nem, onar\u0131c\u0131 bak\u0131m ve ferah koku ile g\u00fcnl\u00fck kullan\u0131ma uygundur.","og_url":"https:\/\/demostore.ai\/tr\/urun\/naturals-zeytinyagli-el-kremi\/","og_site_name":"Trendy Thread","article_modified_time":"2026-02-19T02:55:26+00:00","og_image":[{"width":390,"height":1000,"url":"https:\/\/demostore.ai\/wp-content\/uploads\/2025\/06\/Hand-Lotion-1-scaled-1.png","type":"image\/png"}],"twitter_card":"summary_large_image","twitter_title":"Shop Naturals Zeytinya\u011fl\u0131 El Kremi ile Cildinize Derin Nem","twitter_description":"\u0130peksi dokunu\u015funuzu korumak i\u00e7in Naturals Zeytinya\u011fl\u0131 El Kremi; organik zeytinya\u011f\u0131 sayesinde yo\u011fun nem, onar\u0131c\u0131 bak\u0131m ve ferah koku ile g\u00fcnl\u00fck kullan\u0131ma uygundur.","twitter_misc":{"Tahmini okuma s\u00fcresi":"1 dakika"},"schema":{"@context":"https:\/\/schema.org","@graph":[{"@type":"WebPage","@id":"https:\/\/demostore.ai\/tr\/urun\/naturals-zeytinyagli-el-kremi\/","url":"https:\/\/demostore.ai\/tr\/urun\/naturals-zeytinyagli-el-kremi\/","name":"Shop Naturals Zeytinya\u011fl\u0131 El Kremi ile Cildinize Derin Nem","isPartOf":{"@id":"https:\/\/demostore.ai\/tr\/#website"},"primaryImageOfPage":{"@id":"https:\/\/demostore.ai\/tr\/urun\/naturals-zeytinyagli-el-kremi\/#primaryimage"},"image":{"@id":"https:\/\/demostore.ai\/tr\/urun\/naturals-zeytinyagli-el-kremi\/#primaryimage"},"thumbnailUrl":"https:\/\/demostore.ai\/wp-content\/uploads\/2025\/06\/Hand-Lotion-1-scaled-1.png","datePublished":"2025-06-13T00:52:36+00:00","dateModified":"2026-02-19T02:55:26+00:00","description":"Yumu\u015fak dokunu\u015flarda fark yaratan Naturals Zeytinya\u011fl\u0131 El Kremi, organik zeytinya\u011f\u0131 ile derin nem ve ipeksi bir his sunar. G\u00fcn boyu koruma sa\u011flar.","breadcrumb":{"@id":"https:\/\/demostore.ai\/tr\/urun\/naturals-zeytinyagli-el-kremi\/#breadcrumb"},"inLanguage":"tr","potentialAction":[{"@type":"ReadAction","target":["https:\/\/demostore.ai\/tr\/urun\/naturals-zeytinyagli-el-kremi\/"]}]},{"@type":"ImageObject","inLanguage":"tr","@id":"https:\/\/demostore.ai\/tr\/urun\/naturals-zeytinyagli-el-kremi\/#primaryimage","url":"https:\/\/demostore.ai\/wp-content\/uploads\/2025\/06\/Hand-Lotion-1-scaled-1.png","contentUrl":"https:\/\/demostore.ai\/wp-content\/uploads\/2025\/06\/Hand-Lotion-1-scaled-1.png","width":390,"height":1000,"caption":"Naturals Zeytinya\u011fl\u0131 El Kremi, ye\u015fil ambalajda; organik zeytin \u00f6zl\u00fc, nemlendirici el kremi."},{"@type":"BreadcrumbList","@id":"https:\/\/demostore.ai\/tr\/urun\/naturals-zeytinyagli-el-kremi\/#breadcrumb","itemListElement":[{"@type":"ListItem","position":1,"name":"Ana Sayfa","item":"https:\/\/demostore.ai\/tr\/"},{"@type":"ListItem","position":2,"name":"Ma\u011faza","item":"https:\/\/demostore.ai\/tr\/magaza\/"},{"@type":"ListItem","position":3,"name":"Naturals Zeytinya\u011fl\u0131 El Kremi"}]},{"@type":"WebSite","@id":"https:\/\/demostore.ai\/tr\/#website","url":"https:\/\/demostore.ai\/tr\/","name":"Trendy Thread","description":"WriteText.ai Demo Ma\u011fazas\u0131","publisher":{"@id":"https:\/\/demostore.ai\/tr\/#organization"},"potentialAction":[{"@type":"SearchAction","target":{"@type":"EntryPoint","urlTemplate":"https:\/\/demostore.ai\/tr\/?s={search_term_string}"},"query-input":{"@type":"PropertyValueSpecification","valueRequired":true,"valueName":"search_term_string"}}],"inLanguage":"tr"},{"@type":"Organization","@id":"https:\/\/demostore.ai\/tr\/#organization","name":"WriteText.ai","url":"https:\/\/demostore.ai\/tr\/","logo":{"@type":"ImageObject","inLanguage":"tr","@id":"https:\/\/demostore.ai\/tr\/#\/schema\/logo\/image\/","url":"https:\/\/demostore.ai\/wp-content\/uploads\/2025\/10\/writetext_logo.webp","contentUrl":"https:\/\/demostore.ai\/wp-content\/uploads\/2025\/10\/writetext_logo.webp","width":200,"height":34,"caption":"WriteText.ai"},"image":{"@id":"https:\/\/demostore.ai\/tr\/#\/schema\/logo\/image\/"}}]}},"_links":{"self":[{"href":"https:\/\/demostore.ai\/tr\/wp-json\/wp\/v2\/product\/38225","targetHints":{"allow":["GET"]}}],"collection":[{"href":"https:\/\/demostore.ai\/tr\/wp-json\/wp\/v2\/product"}],"about":[{"href":"https:\/\/demostore.ai\/tr\/wp-json\/wp\/v2\/types\/product"}],"replies":[{"embeddable":true,"href":"https:\/\/demostore.ai\/tr\/wp-json\/wp\/v2\/comments?post=38225"}],"wp:featuredmedia":[{"embeddable":true,"href":"https:\/\/demostore.ai\/tr\/wp-json\/wp\/v2\/media\/16445"}],"wp:attachment":[{"href":"https:\/\/demostore.ai\/tr\/wp-json\/wp\/v2\/media?parent=38225"}],"wp:term":[{"taxonomy":"product_brand","embeddable":true,"href":"https:\/\/demostore.ai\/tr\/wp-json\/wp\/v2\/product_brand?post=38225"},{"taxonomy":"product_cat","embeddable":true,"href":"https:\/\/demostore.ai\/tr\/wp-json\/wp\/v2\/product_cat?post=38225"},{"taxonomy":"product_tag","embeddable":true,"href":"https:\/\/demostore.ai\/tr\/wp-json\/wp\/v2\/product_tag?post=38225"}],"curies":[{"name":"wp","href":"https:\/\/api.w.org\/{rel}","templated":true}]}}