{"id":37869,"date":"2025-06-16T07:08:34","date_gmt":"2025-06-15T23:08:34","guid":{"rendered":"https:\/\/demostore.ai\/?post_type=product&#038;p=37869"},"modified":"2026-02-19T10:41:09","modified_gmt":"2026-02-19T02:41:09","slug":"hm-kadin-basic-esofman-alti","status":"publish","type":"product","link":"https:\/\/demostore.ai\/tr\/urun\/hm-kadin-basic-esofman-alti\/","title":{"rendered":"H&#038;M Kad\u0131n Basic E\u015fofman Alt\u0131"},"content":{"rendered":"<section data-wtai-block-id=\"wtai_product_description_features\" class=\"wtai-section wtai-features-section\">\n<h2>\u00dcr\u00fcn Detaylar\u0131<\/h2>\n<ul>\n<li><strong>Yumu\u015fak pamuklu kuma\u015f<\/strong> ile maksimum konfor sa\u011flar.<\/li>\n<li><strong>Lastikli bel band\u0131<\/strong> ayarlanabilir ba\u011fc\u0131kla ki\u015fisel uyum sunar.<\/li>\n<li><strong>Sade ve klasik siyah tasar\u0131m<\/strong> her stile kolayca uyum sa\u011flar.<\/li>\n<li><strong>Bilekte lastikli pa\u00e7alar<\/strong> sayesinde modern ve derli toplu bir g\u00f6r\u00fcn\u00fcm yarat\u0131r.<\/li>\n<li><strong>Rahat kesim<\/strong> g\u00fcn boyu hareket \u00f6zg\u00fcrl\u00fc\u011f\u00fc sunar.<\/li>\n<li><strong>Dayan\u0131kl\u0131 diki\u015fler ve kaliteli i\u015f\u00e7ilik<\/strong> uzun s\u00fcreli kullan\u0131m imkan\u0131 verir.<\/li>\n<li><strong>\u00c7ift yan cep<\/strong> anahtarl\u0131k, telefon veya c\u00fczdan ta\u015f\u0131ma kolayl\u0131\u011f\u0131 sunar.<\/li>\n<li><strong>Nefes alabilen kuma\u015f yap\u0131s\u0131<\/strong> ile terlemeyi \u00f6nler ve ferahl\u0131k hissi yarat\u0131r.<\/li>\n<li><strong>Basic model<\/strong> hem evde hem d\u0131\u015far\u0131da giyime uygundur.<\/li>\n<\/ul>\n<\/section>\n<div data-wtai-block-id=\"wtai_product_description_image_1753694415199\" class=\"wtai-section wtai-image_1753694415199-section\">\n<figure class=\"wtai-image-p wtai-align-center\" style=\"text-align:center\"><img decoding=\"async\" src=\"https:\/\/demostore.ai\/wp-content\/uploads\/2025\/06\/Sweatpants-2-scaled-2-600x997.png\" alt=\"Siyah, lastikli pa\u00e7al\u0131 H&amp;M Kad\u0131n Basic e\u015fofman alt\u0131, d\u00fcz ve sade tasar\u0131m.\" srcset=\"https:\/\/demostore.ai\/wp-content\/uploads\/2025\/06\/Sweatpants-2-scaled-2.png 602w, https:\/\/demostore.ai\/wp-content\/uploads\/2025\/06\/Sweatpants-2-scaled-2-181x300.png 181w, https:\/\/demostore.ai\/wp-content\/uploads\/2025\/06\/Sweatpants-2-scaled-2-600x997.png 600w\"><figcaption>\n<p>Siyah rengi ve bilek k\u0131sm\u0131ndaki lastik detaylar\u0131yla rahatl\u0131k ve sala\u015f \u015f\u0131kl\u0131k bir arada.<\/p>\n<\/figcaption><\/figure>\n<\/p><\/div>\n<section data-wtai-block-id=\"wtai_product_description_benefits\" class=\"wtai-section wtai-benefits-section\">\n<h2>Neden Bay\u0131lacaks\u0131n\u0131z<\/h2>\n<ul>\n<li>Her ortamda giyilebilen sade tasar\u0131m\u0131yla dolab\u0131n\u0131z\u0131n vazge\u00e7ilmezi olur.<\/li>\n<li>\u00c7ok y\u00f6nl\u00fc stil ile hem sporda hem evde rahatl\u0131k sa\u011flar.<\/li>\n<li>G\u00fcnl\u00fck ko\u015fu\u015fturmalarda kolay hareket etmenize yard\u0131mc\u0131 olur.<\/li>\n<li>Uzun kullan\u0131m \u00f6mr\u00fcyle b\u00fct\u00e7enizi korur.<\/li>\n<li>Yumu\u015fak dokusu sayesinde cildinizde ekstra konfor sunar.<\/li>\n<\/ul>\n<\/section>\n<section data-wtai-block-id=\"wtai_product_description_use_cases\" class=\"wtai-section wtai-use_cases-section\">\n<h2>Nerede Giyilir<\/h2>\n<p>E\u015fofman alt\u0131n\u0131z\u0131 g\u00fcnl\u00fck sokak stilinizin bir par\u00e7as\u0131 olarak sneaker ve basic ti\u015f\u00f6rtlerle tamamlayabilirsiniz. Spor aktiviteleri, y\u00fcr\u00fcy\u00fc\u015fler ya da evde dinlenirken rahatl\u0131k arad\u0131\u011f\u0131n\u0131z her ana uyum sa\u011flar. \u015e\u0131k sweatshirtlerle kombinleyip al\u0131\u015fveri\u015fe ya da kahve bulu\u015fmas\u0131na \u00e7\u0131kman\u0131z da m\u00fcmk\u00fcn. Sonsuz kombin se\u00e7ene\u011fiyle g\u00fcn boyu rahat ve \u00f6zg\u00fcvenli hissedebilirsiniz.<\/p>\n<\/section>\n<section data-wtai-block-id=\"wtai_product_description_custom_1754271650908\" class=\"wtai-section wtai-custom_1754271650908-section\">\n<h2>Bak\u0131m ve Temizlik \u0130pu\u00e7lar\u0131<\/h2>\n<ul>\n<li>Maksimum 40 derecede benzer renklerle makinede y\u0131kayabilirsin.<\/li>\n<li>A\u00e7\u0131k havada sererek kurut, direkt g\u00fcne\u015f \u0131\u015f\u0131\u011f\u0131ndan uzak tut.<\/li>\n<li>Ters \u00e7evirip orta \u0131s\u0131da \u00fct\u00fcleyebilir veya hafif buharlayabilirsin.<\/li>\n<li>Katlayarak kuru ve serin bir yerde sakla, nemden uzak tut.<\/li>\n<li>\u00c7ama\u015f\u0131r suyu kesinlikle kullanma, renklerin solmas\u0131n\u0131 \u00f6nlersin.<\/li>\n<\/ul>\n<\/section>\n<section data-wtai-block-id=\"wtai_product_description_custom_1754281021097\" class=\"wtai-section wtai-custom_1754281021097-section\">\n<h2>S\u00fcrd\u00fcr\u00fclebilirlik \u00d6zellikleri \u2013 H&amp;M Kad\u0131n Basic E\u015fofman Alt\u0131<\/h2>\n<h3>Malzemeler<\/h3>\n<ul>\n<li>%100 s\u00fcrd\u00fcr\u00fclebilir kaynakl\u0131 veya geri d\u00f6n\u00fc\u015ft\u00fcr\u00fclm\u00fc\u015f malzeme hedefi<\/li>\n<li>\u00dcr\u00fcnlerde %29,5 geri d\u00f6n\u00fc\u015ft\u00fcr\u00fclm\u00fc\u015f malzeme kullan\u0131ld\u0131<\/li>\n<li>Organik ve sorumlu kaynakl\u0131 pamuk tercihi<\/li>\n<\/ul>\n<h3>Bile\u015fenler<\/h3>\n<ul>\n<li>Geri d\u00f6n\u00fc\u015ft\u00fcr\u00fclm\u00fc\u015f polyester gibi alternatif ham maddeler kullan\u0131ld\u0131<\/li>\n<li>Post-end\u00fcstriyel pamuk at\u0131klar\u0131ndan faydalan\u0131ld\u0131<\/li>\n<li>Bile\u015fen se\u00e7iminde sorumlu tedarik prensipleri uyguland\u0131<\/li>\n<\/ul>\n<h3>Ambalaj<\/h3>\n<ul>\n<li>Ambalajlarda %100 geri d\u00f6n\u00fc\u015ft\u00fcr\u00fclebilir veya tekrar kullan\u0131labilir plastik hedefi<\/li>\n<li>Ka\u011f\u0131t ambalajlarda FSC sertifikal\u0131 materyaller \u00f6nceliklendirildi<\/li>\n<li>%25 oran\u0131nda geri d\u00f6n\u00fc\u015ft\u00fcr\u00fclm\u00fc\u015f plastik ambalajlarda kullan\u0131ld\u0131<\/li>\n<\/ul>\n<\/section>\n<div data-wtai-block-id=\"wtai_product_description_image_1753694424568\" class=\"wtai-section wtai-image_1753694424568-section\">\n<figure class=\"wtai-image-p wtai-align-center\" style=\"text-align:center\"><img decoding=\"async\" src=\"https:\/\/demostore.ai\/wp-content\/uploads\/2025\/06\/Sweatpants-4-scaled-1-600x501.png\" alt=\"H&amp;M kad\u0131n siyah basic e\u015fofman alt\u0131, lastikli bel ve ba\u011fc\u0131k detayl\u0131 \u00fcr\u00fcn g\u00f6rseli.\" srcset=\"https:\/\/demostore.ai\/wp-content\/uploads\/2025\/06\/Sweatpants-4-scaled-1.png 1000w, https:\/\/demostore.ai\/wp-content\/uploads\/2025\/06\/Sweatpants-4-scaled-1-300x251.png 300w, https:\/\/demostore.ai\/wp-content\/uploads\/2025\/06\/Sweatpants-4-scaled-1-768x641.png 768w, https:\/\/demostore.ai\/wp-content\/uploads\/2025\/06\/Sweatpants-4-scaled-1-600x501.png 600w\"><figcaption>\n<p>Ayarlanabilir ba\u011fc\u0131kl\u0131 beli sayesinde tam istedi\u011fin uyumu kolayca yakalayabilirsin.<\/p>\n<\/figcaption><\/figure>\n<\/p><\/div>\n<section data-wtai-block-id=\"wtai_product_description_faqs\" class=\"wtai-section wtai-faqs-section\">\n<h2>S\u0131k\u00e7a Sorulan Sorular<\/h2>\n<p><strong>Bedenler tam kal\u0131p m\u0131, hangi bedeni se\u00e7meliyim?<\/strong> <br \/> Standart kal\u0131ptad\u0131r, kendi normal bedeninizi tercih edebilirsiniz. Bol bir g\u00f6r\u00fcn\u00fcm isterseniz bir beden b\u00fcy\u00fck de se\u00e7ebilirsiniz.<\/p>\n<p><strong>Mevsim ge\u00e7i\u015flerinde giyilebilir mi?<\/strong> <br \/> Evet, nefes alan pamuklu kuma\u015f\u0131 sayesinde ilkbahar, sonbahar ve serin yaz ak\u015famlar\u0131nda rahatl\u0131kla giyebilirsiniz.<\/p>\n<p><strong>Makinede y\u0131kanabilir mi, bak\u0131m \u00f6nerileriniz nedir?<\/strong> <br \/> \u00dcr\u00fcn\u00fc 30 derecede, ters \u00e7evirerek y\u0131kaman\u0131z ve benzer renklerle bir arada y\u0131kaman\u0131z \u00f6nerilir. Kurutma makinesi yerine do\u011fal olarak kurutmak daha uzun \u00f6m\u00fcrl\u00fc kullan\u0131m sa\u011flar.<\/p>\n<p><strong>Cep kapasitesi neler i\u00e7in uygun?<\/strong> <br \/> Yan cepler anahtar, telefon veya k\u00fc\u00e7\u00fck c\u00fczdan gibi g\u00fcnl\u00fck e\u015fyalar\u0131n\u0131z\u0131 rahatl\u0131kla ta\u015f\u0131yabilecek geni\u015fliktedir.<\/p>\n<\/section>\n<section data-wtai-block-id=\"wtai_product_description_conclusion\" class=\"wtai-section wtai-conclusion-section\">\n<h2>\u015eimdi Seninle Tan\u0131\u015fma Zaman\u0131<\/h2>\n<p><strong>Her an\u0131na e\u015flik edecek bu temel par\u00e7ay\u0131 ka\u00e7\u0131rma. Hem \u015f\u0131kl\u0131\u011f\u0131 hem konforu ayn\u0131 anda sunan model, h\u0131z\u0131na uyum sa\u011flayacak \u015fekilde tasarland\u0131.<\/strong> <strong>Sana \u00f6zel hissettirecek detaylar\u0131yla g\u00fcn\u00fcn\u00fc kolayla\u015ft\u0131racak bir se\u00e7im ar\u0131yorsan, bug\u00fcn sepete eklemeyi unutma!<\/strong><\/p>\n<\/section>\n","protected":false},"excerpt":{"rendered":"<div data-wtai-block-id=\"wtai_excerpt_subtitle\" class=\"wtai-section wtai-subtitle-section\">\n<p><em><strong>Her an\u0131n kurtar\u0131c\u0131s\u0131, sade ve rahat basic form<\/strong><\/em><\/p>\n<\/p><\/div>\n<div data-wtai-block-id=\"wtai_excerpt_introduction\" class=\"wtai-section wtai-introduction-section\">\n<p>G\u00fcn\u00fcn temposuna ayak uydurmak kolay de\u011fil; i\u015fte bu y\u00fczden H&amp;M Kad\u0131n Basic E\u015fofman Alt\u0131, konforu ve \u015f\u0131kl\u0131\u011f\u0131 bir arada sunuyor. Modern kal\u0131b\u0131, siyah\u0131n zamans\u0131z havas\u0131 ve yumu\u015fak kuma\u015f\u0131 ile hem evde dinlenirken hem de d\u0131\u015far\u0131da tarz\u0131n\u0131 tamamlamak isteyenler i\u00e7in ideal. Hareket \u00f6zg\u00fcrl\u00fc\u011f\u00fc arayanlar\u0131n favorisi olacak bu par\u00e7a, klasik ve rahat giyimden vazge\u00e7emeyenler i\u00e7in tam bir joker. Giydi\u011finiz anda kendinizi hem \u00f6zg\u00fcvenli hem de rahat hissedeceksiniz.<\/p>\n<\/p><\/div>\n","protected":false},"featured_media":28760,"comment_status":"open","ping_status":"closed","template":"","meta":[],"product_brand":[],"product_cat":[174],"product_tag":[],"class_list":{"0":"post-37869","1":"product","2":"type-product","3":"status-publish","4":"has-post-thumbnail","6":"product_cat-moda","8":"first","9":"instock","10":"shipping-taxable","11":"purchasable","12":"product-type-simple"},"bundled_by":[],"bundle_stock_status":"instock","bundle_stock_quantity":null,"bundle_virtual":false,"bundle_layout":"","bundle_add_to_cart_form_location":"","bundle_editable_in_cart":false,"bundle_sold_individually_context":"","bundle_item_grouping":"","bundle_min_size":"","bundle_max_size":"","bundle_price":[],"bundled_items":[],"bundle_sell_ids":[],"yoast_head":"<!-- This site is optimized with the Yoast SEO plugin v25.2 - https:\/\/yoast.com\/wordpress\/plugins\/seo\/ -->\n<title>En \u0130yi H&amp;M Kad\u0131n Basic E\u015fofman Alt\u0131 Konforu<\/title>\n<meta name=\"description\" content=\"Yumu\u015fak kuma\u015f\u0131 ve sade siyah tasar\u0131m\u0131 ile g\u00fcnl\u00fck ve sportif kullan\u0131ma uygun. Ayarlanabilir bel, lastikli pa\u00e7a ve yan ceplerle ekstra rahatl\u0131k sa\u011flar.\" \/>\n<meta name=\"robots\" content=\"index, follow, max-snippet:-1, max-image-preview:large, max-video-preview:-1\" \/>\n<link rel=\"canonical\" href=\"https:\/\/demostore.ai\/tr\/urun\/hm-kadin-basic-esofman-alti\/\" \/>\n<meta property=\"og:type\" content=\"article\" \/>\n<meta property=\"og:title\" content=\"En \u0130yi H&amp;M Kad\u0131n Basic E\u015fofman Alt\u0131 Konforu\" \/>\n<meta property=\"og:description\" content=\"Her an\u0131na uyum sa\u011flayan konforlu ve sade siyah tasar\u0131m. H&amp;M Kad\u0131n Basic E\u015fofman Alt\u0131 yumu\u015fak kuma\u015f\u0131, pratik ayr\u0131nt\u0131lar\u0131 ve modern stiliyle g\u00fcnl\u00fck ve sportif kombinlerin vazge\u00e7ilmezi olacak.\" \/>\n<meta property=\"og:url\" content=\"https:\/\/demostore.ai\/tr\/urun\/hm-kadin-basic-esofman-alti\/\" \/>\n<meta property=\"og:site_name\" content=\"Trendy Thread\" \/>\n<meta property=\"article:modified_time\" content=\"2026-02-19T02:41:09+00:00\" \/>\n<meta property=\"og:image\" content=\"https:\/\/demostore.ai\/wp-content\/uploads\/2025\/06\/Sweatpants-1-scaled-2.png\" \/>\n\t<meta property=\"og:image:width\" content=\"676\" \/>\n\t<meta property=\"og:image:height\" content=\"1000\" \/>\n\t<meta property=\"og:image:type\" content=\"image\/png\" \/>\n<meta name=\"twitter:card\" content=\"summary_large_image\" \/>\n<meta name=\"twitter:title\" content=\"En \u0130yi H&amp;M Kad\u0131n Basic E\u015fofman Alt\u0131 Konforu\" \/>\n<meta name=\"twitter:description\" content=\"Her an\u0131na uyum sa\u011flayan konforlu ve sade siyah tasar\u0131m. H&amp;M Kad\u0131n Basic E\u015fofman Alt\u0131 yumu\u015fak kuma\u015f\u0131, pratik ayr\u0131nt\u0131lar\u0131 ve modern stiliyle g\u00fcnl\u00fck ve sportif kombinlerin vazge\u00e7ilmezi olacak.\" \/>\n<meta name=\"twitter:label1\" content=\"Tahmini okuma s\u00fcresi\" \/>\n\t<meta name=\"twitter:data1\" content=\"1 dakika\" \/>\n<script type=\"application\/ld+json\" class=\"yoast-schema-graph\">{\"@context\":\"https:\/\/schema.org\",\"@graph\":[{\"@type\":\"WebPage\",\"@id\":\"https:\/\/demostore.ai\/tr\/urun\/hm-kadin-basic-esofman-alti\/\",\"url\":\"https:\/\/demostore.ai\/tr\/urun\/hm-kadin-basic-esofman-alti\/\",\"name\":\"En \u0130yi H&M Kad\u0131n Basic E\u015fofman Alt\u0131 Konforu\",\"isPartOf\":{\"@id\":\"https:\/\/demostore.ai\/tr\/#website\"},\"primaryImageOfPage\":{\"@id\":\"https:\/\/demostore.ai\/tr\/urun\/hm-kadin-basic-esofman-alti\/#primaryimage\"},\"image\":{\"@id\":\"https:\/\/demostore.ai\/tr\/urun\/hm-kadin-basic-esofman-alti\/#primaryimage\"},\"thumbnailUrl\":\"https:\/\/demostore.ai\/wp-content\/uploads\/2025\/06\/Sweatpants-1-scaled-2.png\",\"datePublished\":\"2025-06-15T23:08:34+00:00\",\"dateModified\":\"2026-02-19T02:41:09+00:00\",\"description\":\"Yumu\u015fak kuma\u015f\u0131 ve sade siyah tasar\u0131m\u0131 ile g\u00fcnl\u00fck ve sportif kullan\u0131ma uygun. Ayarlanabilir bel, lastikli pa\u00e7a ve yan ceplerle ekstra rahatl\u0131k sa\u011flar.\",\"breadcrumb\":{\"@id\":\"https:\/\/demostore.ai\/tr\/urun\/hm-kadin-basic-esofman-alti\/#breadcrumb\"},\"inLanguage\":\"tr\",\"potentialAction\":[{\"@type\":\"ReadAction\",\"target\":[\"https:\/\/demostore.ai\/tr\/urun\/hm-kadin-basic-esofman-alti\/\"]}]},{\"@type\":\"ImageObject\",\"inLanguage\":\"tr\",\"@id\":\"https:\/\/demostore.ai\/tr\/urun\/hm-kadin-basic-esofman-alti\/#primaryimage\",\"url\":\"https:\/\/demostore.ai\/wp-content\/uploads\/2025\/06\/Sweatpants-1-scaled-2.png\",\"contentUrl\":\"https:\/\/demostore.ai\/wp-content\/uploads\/2025\/06\/Sweatpants-1-scaled-2.png\",\"width\":676,\"height\":1000,\"caption\":\"Siyah H&M kad\u0131n basic e\u015fofman alt\u0131, lastikli pa\u00e7a ve bel k\u0131sm\u0131 ayarlanabilir ip detayl\u0131.\"},{\"@type\":\"BreadcrumbList\",\"@id\":\"https:\/\/demostore.ai\/tr\/urun\/hm-kadin-basic-esofman-alti\/#breadcrumb\",\"itemListElement\":[{\"@type\":\"ListItem\",\"position\":1,\"name\":\"Ana Sayfa\",\"item\":\"https:\/\/demostore.ai\/tr\/\"},{\"@type\":\"ListItem\",\"position\":2,\"name\":\"Ma\u011faza\",\"item\":\"https:\/\/demostore.ai\/tr\/magaza\/\"},{\"@type\":\"ListItem\",\"position\":3,\"name\":\"H&#038;M Kad\u0131n Basic E\u015fofman Alt\u0131\"}]},{\"@type\":\"WebSite\",\"@id\":\"https:\/\/demostore.ai\/tr\/#website\",\"url\":\"https:\/\/demostore.ai\/tr\/\",\"name\":\"Trendy Thread\",\"description\":\"WriteText.ai Demo Ma\u011fazas\u0131\",\"publisher\":{\"@id\":\"https:\/\/demostore.ai\/tr\/#organization\"},\"potentialAction\":[{\"@type\":\"SearchAction\",\"target\":{\"@type\":\"EntryPoint\",\"urlTemplate\":\"https:\/\/demostore.ai\/tr\/?s={search_term_string}\"},\"query-input\":{\"@type\":\"PropertyValueSpecification\",\"valueRequired\":true,\"valueName\":\"search_term_string\"}}],\"inLanguage\":\"tr\"},{\"@type\":\"Organization\",\"@id\":\"https:\/\/demostore.ai\/tr\/#organization\",\"name\":\"WriteText.ai\",\"url\":\"https:\/\/demostore.ai\/tr\/\",\"logo\":{\"@type\":\"ImageObject\",\"inLanguage\":\"tr\",\"@id\":\"https:\/\/demostore.ai\/tr\/#\/schema\/logo\/image\/\",\"url\":\"https:\/\/demostore.ai\/wp-content\/uploads\/2025\/10\/writetext_logo.webp\",\"contentUrl\":\"https:\/\/demostore.ai\/wp-content\/uploads\/2025\/10\/writetext_logo.webp\",\"width\":200,\"height\":34,\"caption\":\"WriteText.ai\"},\"image\":{\"@id\":\"https:\/\/demostore.ai\/tr\/#\/schema\/logo\/image\/\"}}]}<\/script>\n<!-- \/ Yoast SEO plugin. -->","yoast_head_json":{"title":"En \u0130yi H&M Kad\u0131n Basic E\u015fofman Alt\u0131 Konforu","description":"Yumu\u015fak kuma\u015f\u0131 ve sade siyah tasar\u0131m\u0131 ile g\u00fcnl\u00fck ve sportif kullan\u0131ma uygun. Ayarlanabilir bel, lastikli pa\u00e7a ve yan ceplerle ekstra rahatl\u0131k sa\u011flar.","robots":{"index":"index","follow":"follow","max-snippet":"max-snippet:-1","max-image-preview":"max-image-preview:large","max-video-preview":"max-video-preview:-1"},"canonical":"https:\/\/demostore.ai\/tr\/urun\/hm-kadin-basic-esofman-alti\/","og_type":"article","og_title":"En \u0130yi H&M Kad\u0131n Basic E\u015fofman Alt\u0131 Konforu","og_description":"Her an\u0131na uyum sa\u011flayan konforlu ve sade siyah tasar\u0131m. H&M Kad\u0131n Basic E\u015fofman Alt\u0131 yumu\u015fak kuma\u015f\u0131, pratik ayr\u0131nt\u0131lar\u0131 ve modern stiliyle g\u00fcnl\u00fck ve sportif kombinlerin vazge\u00e7ilmezi olacak.","og_url":"https:\/\/demostore.ai\/tr\/urun\/hm-kadin-basic-esofman-alti\/","og_site_name":"Trendy Thread","article_modified_time":"2026-02-19T02:41:09+00:00","og_image":[{"width":676,"height":1000,"url":"https:\/\/demostore.ai\/wp-content\/uploads\/2025\/06\/Sweatpants-1-scaled-2.png","type":"image\/png"}],"twitter_card":"summary_large_image","twitter_title":"En \u0130yi H&M Kad\u0131n Basic E\u015fofman Alt\u0131 Konforu","twitter_description":"Her an\u0131na uyum sa\u011flayan konforlu ve sade siyah tasar\u0131m. H&M Kad\u0131n Basic E\u015fofman Alt\u0131 yumu\u015fak kuma\u015f\u0131, pratik ayr\u0131nt\u0131lar\u0131 ve modern stiliyle g\u00fcnl\u00fck ve sportif kombinlerin vazge\u00e7ilmezi olacak.","twitter_misc":{"Tahmini okuma s\u00fcresi":"1 dakika"},"schema":{"@context":"https:\/\/schema.org","@graph":[{"@type":"WebPage","@id":"https:\/\/demostore.ai\/tr\/urun\/hm-kadin-basic-esofman-alti\/","url":"https:\/\/demostore.ai\/tr\/urun\/hm-kadin-basic-esofman-alti\/","name":"En \u0130yi H&M Kad\u0131n Basic E\u015fofman Alt\u0131 Konforu","isPartOf":{"@id":"https:\/\/demostore.ai\/tr\/#website"},"primaryImageOfPage":{"@id":"https:\/\/demostore.ai\/tr\/urun\/hm-kadin-basic-esofman-alti\/#primaryimage"},"image":{"@id":"https:\/\/demostore.ai\/tr\/urun\/hm-kadin-basic-esofman-alti\/#primaryimage"},"thumbnailUrl":"https:\/\/demostore.ai\/wp-content\/uploads\/2025\/06\/Sweatpants-1-scaled-2.png","datePublished":"2025-06-15T23:08:34+00:00","dateModified":"2026-02-19T02:41:09+00:00","description":"Yumu\u015fak kuma\u015f\u0131 ve sade siyah tasar\u0131m\u0131 ile g\u00fcnl\u00fck ve sportif kullan\u0131ma uygun. Ayarlanabilir bel, lastikli pa\u00e7a ve yan ceplerle ekstra rahatl\u0131k sa\u011flar.","breadcrumb":{"@id":"https:\/\/demostore.ai\/tr\/urun\/hm-kadin-basic-esofman-alti\/#breadcrumb"},"inLanguage":"tr","potentialAction":[{"@type":"ReadAction","target":["https:\/\/demostore.ai\/tr\/urun\/hm-kadin-basic-esofman-alti\/"]}]},{"@type":"ImageObject","inLanguage":"tr","@id":"https:\/\/demostore.ai\/tr\/urun\/hm-kadin-basic-esofman-alti\/#primaryimage","url":"https:\/\/demostore.ai\/wp-content\/uploads\/2025\/06\/Sweatpants-1-scaled-2.png","contentUrl":"https:\/\/demostore.ai\/wp-content\/uploads\/2025\/06\/Sweatpants-1-scaled-2.png","width":676,"height":1000,"caption":"Siyah H&M kad\u0131n basic e\u015fofman alt\u0131, lastikli pa\u00e7a ve bel k\u0131sm\u0131 ayarlanabilir ip detayl\u0131."},{"@type":"BreadcrumbList","@id":"https:\/\/demostore.ai\/tr\/urun\/hm-kadin-basic-esofman-alti\/#breadcrumb","itemListElement":[{"@type":"ListItem","position":1,"name":"Ana Sayfa","item":"https:\/\/demostore.ai\/tr\/"},{"@type":"ListItem","position":2,"name":"Ma\u011faza","item":"https:\/\/demostore.ai\/tr\/magaza\/"},{"@type":"ListItem","position":3,"name":"H&#038;M Kad\u0131n Basic E\u015fofman Alt\u0131"}]},{"@type":"WebSite","@id":"https:\/\/demostore.ai\/tr\/#website","url":"https:\/\/demostore.ai\/tr\/","name":"Trendy Thread","description":"WriteText.ai Demo Ma\u011fazas\u0131","publisher":{"@id":"https:\/\/demostore.ai\/tr\/#organization"},"potentialAction":[{"@type":"SearchAction","target":{"@type":"EntryPoint","urlTemplate":"https:\/\/demostore.ai\/tr\/?s={search_term_string}"},"query-input":{"@type":"PropertyValueSpecification","valueRequired":true,"valueName":"search_term_string"}}],"inLanguage":"tr"},{"@type":"Organization","@id":"https:\/\/demostore.ai\/tr\/#organization","name":"WriteText.ai","url":"https:\/\/demostore.ai\/tr\/","logo":{"@type":"ImageObject","inLanguage":"tr","@id":"https:\/\/demostore.ai\/tr\/#\/schema\/logo\/image\/","url":"https:\/\/demostore.ai\/wp-content\/uploads\/2025\/10\/writetext_logo.webp","contentUrl":"https:\/\/demostore.ai\/wp-content\/uploads\/2025\/10\/writetext_logo.webp","width":200,"height":34,"caption":"WriteText.ai"},"image":{"@id":"https:\/\/demostore.ai\/tr\/#\/schema\/logo\/image\/"}}]}},"_links":{"self":[{"href":"https:\/\/demostore.ai\/tr\/wp-json\/wp\/v2\/product\/37869","targetHints":{"allow":["GET"]}}],"collection":[{"href":"https:\/\/demostore.ai\/tr\/wp-json\/wp\/v2\/product"}],"about":[{"href":"https:\/\/demostore.ai\/tr\/wp-json\/wp\/v2\/types\/product"}],"replies":[{"embeddable":true,"href":"https:\/\/demostore.ai\/tr\/wp-json\/wp\/v2\/comments?post=37869"}],"wp:featuredmedia":[{"embeddable":true,"href":"https:\/\/demostore.ai\/tr\/wp-json\/wp\/v2\/media\/28760"}],"wp:attachment":[{"href":"https:\/\/demostore.ai\/tr\/wp-json\/wp\/v2\/media?parent=37869"}],"wp:term":[{"taxonomy":"product_brand","embeddable":true,"href":"https:\/\/demostore.ai\/tr\/wp-json\/wp\/v2\/product_brand?post=37869"},{"taxonomy":"product_cat","embeddable":true,"href":"https:\/\/demostore.ai\/tr\/wp-json\/wp\/v2\/product_cat?post=37869"},{"taxonomy":"product_tag","embeddable":true,"href":"https:\/\/demostore.ai\/tr\/wp-json\/wp\/v2\/product_tag?post=37869"}],"curies":[{"name":"wp","href":"https:\/\/api.w.org\/{rel}","templated":true}]}}