{"id":37757,"date":"2025-06-16T06:12:02","date_gmt":"2025-06-15T22:12:02","guid":{"rendered":"https:\/\/demostore.ai\/?post_type=product&#038;p=37757"},"modified":"2026-02-19T10:33:22","modified_gmt":"2026-02-19T02:33:22","slug":"logitech-bcc950-konferans-kamerasi","status":"publish","type":"product","link":"https:\/\/demostore.ai\/tr\/urun\/logitech-bcc950-konferans-kamerasi\/","title":{"rendered":"Logitech BCC950 Konferans Kameras\u0131"},"content":{"rendered":"<section data-wtai-block-id=\"wtai_product_description_features\" class=\"wtai-section wtai-features-section\">\n<h2>\u00dcr\u00fcn \u00d6zellikleri<\/h2>\n<ul>\n<li>Geni\u015f a\u00e7\u0131l\u0131 HD 1080p video \u00e7\u00f6z\u00fcn\u00fcrl\u00fc\u011f\u00fc ve net ses aktar\u0131m\u0131 ile profesyonel g\u00f6r\u00fcnt\u00fcl\u00fc toplant\u0131 deste\u011fi sunar.<\/li>\n<li>Entegre mikrofon ve hoparl\u00f6r sistemi sayesinde hem konu\u015fmalar\u0131 net al\u0131r hem de yank\u0131s\u0131z geri iletim sa\u011flar.<\/li>\n<li>Ayarlanabilir kamera ba\u015fl\u0131\u011f\u0131 180 dereceye kadar d\u00f6nebilir ve istedi\u011finiz a\u00e7\u0131y\u0131 kolayca ayarlaman\u0131z\u0131 sa\u011flar.<\/li>\n<li>USB tak-\u00e7al\u0131\u015ft\u0131r ba\u011flant\u0131 \u00f6zelli\u011fiyle bilgisayarlara h\u0131zl\u0131 ve zahmetsiz kurulum imk\u00e2n\u0131 sunar.<\/li>\n<li>Kompakt ve masa\u00fcst\u00fc kullan\u0131m\u0131na uygun \u015f\u0131k tasar\u0131m\u0131yla ofis ortamlar\u0131na kolayca uyum sa\u011flar.<\/li>\n<\/ul>\n<\/section>\n<div data-wtai-block-id=\"wtai_product_description_image_1753694476277\" class=\"wtai-section wtai-image_1753694476277-section\">\n<figure class=\"wtai-image-p wtai-align-center\" style=\"text-align:center\"><img decoding=\"async\" src=\"https:\/\/demostore.ai\/wp-content\/uploads\/2025\/06\/Conference-speaker-2-scaled-1-600x949.png\" alt=\"Logitech BCC950 Konferans Kameras\u0131, siyah tabanl\u0131 ve entegre mikrofonlu masa \u00fcst\u00fc cihaz.\" srcset=\"https:\/\/demostore.ai\/wp-content\/uploads\/2025\/06\/Conference-speaker-2-scaled-1.png 632w, https:\/\/demostore.ai\/wp-content\/uploads\/2025\/06\/Conference-speaker-2-scaled-1-190x300.png 190w, https:\/\/demostore.ai\/wp-content\/uploads\/2025\/06\/Conference-speaker-2-scaled-1-600x949.png 600w\"><figcaption>\n<p>Modern ve minimal siyah tasar\u0131m\u0131yla masa\u00fcst\u00fcnde \u015f\u0131k bir duru\u015f sergiliyor.<\/p>\n<\/figcaption><\/figure>\n<\/p><\/div>\n<section data-wtai-block-id=\"wtai_product_description_advantages\" class=\"wtai-section wtai-advantages-section\">\n<h2>Neden Tercih Edilmeli?<\/h2>\n<p><em>HD video ve y\u00fcksek kaliteli ses sayesinde t\u00fcm toplant\u0131 kat\u0131l\u0131mc\u0131lar\u0131 net \u015fekilde g\u00f6r\u00fcl\u00fcr ve duyulur. Bu durum ileti\u015fimi daha etkili k\u0131lar.<\/em><\/p>\n<p><em>Masa\u00fcst\u00fc kurulum i\u00e7in tasarlanm\u0131\u015f kompakt yap\u0131s\u0131 sayesinde dar alanlarda bile rahat\u00e7a kullan\u0131l\u0131r, klasik konferans sistemlerine g\u00f6re yer tasarrufu sa\u011flar.<\/em><\/p>\n<p><em>Her t\u00fcrl\u00fc bilgisayar ile uyumlu USB ba\u011flant\u0131s\u0131 kurulum s\u00fcresini birka\u00e7 saniyeye indirir. S\u00fcr\u00fcc\u00fc gerekmeden kolayca kullan\u0131l\u0131r.<\/em><\/p>\n<p><em>D\u00f6ner kamera ba\u015fl\u0131\u011f\u0131 ve geni\u015f g\u00f6r\u00fc\u015f a\u00e7\u0131s\u0131, birden fazla ki\u015finin kat\u0131ld\u0131\u011f\u0131 toplant\u0131larda ortam\u0131n tamam\u0131n\u0131n kadraja girmesine olanak verir.<\/em><\/p>\n<p><em>Entegre hoparl\u00f6r ve mikrofon sistemi, harici cihaz ihtiyac\u0131n\u0131 ortadan kald\u0131rarak masada kablo karma\u015fas\u0131n\u0131 azalt\u0131r ve toplant\u0131 d\u00fczenini korur.<\/em><\/p>\n<\/section>\n<section data-wtai-block-id=\"wtai_product_description_benefits\" class=\"wtai-section wtai-benefits-section\">\n<h3>Hayat\u0131n\u0131z\u0131 Nas\u0131l Kolayla\u015ft\u0131r\u0131r?<\/h3>\n<ul>\n<li>G\u00f6r\u00fcnt\u00fc ve ses kalitesindeki iyile\u015fme ile toplant\u0131lar\u0131n verimlili\u011fi artar, yanl\u0131\u015f anla\u015f\u0131lmalar\u0131n \u00f6n\u00fcne ge\u00e7ilir.<\/li>\n<li>Kablo ve yard\u0131mc\u0131 ekipman gerektirmez, tek cihaz ile t\u00fcm konferans altyap\u0131s\u0131n\u0131 masan\u0131za getirir.<\/li>\n<li>Kurulumu dakikalar i\u00e7inde tamamlan\u0131r, teknik bilgi gerektirmeden an\u0131nda kullan\u0131ma ba\u015flan\u0131r.<\/li>\n<li>\u00c7evrim i\u00e7i e\u011fitim, uzaktan i\u015fe al\u0131m ve m\u00fc\u015fteri toplant\u0131lar\u0131 gibi farkl\u0131 ihtiya\u00e7lara tek \u00e7\u00f6z\u00fcmd\u00fcr.<\/li>\n<\/ul>\n<\/section>\n<section data-wtai-block-id=\"wtai_product_description_use_cases\" class=\"wtai-section wtai-use_cases-section\">\n<h3>Kullan\u0131m Alanlar\u0131<\/h3>\n<ol>\n<li>Ofiste k\u00fc\u00e7\u00fck grup toplant\u0131lar\u0131nda h\u0131zl\u0131 ve net ileti\u015fim sa\u011flamak i\u00e7in idealdir.<\/li>\n<li>Ev ofis kullan\u0131c\u0131lar\u0131 i\u00e7in uzaktan \u00e7al\u0131\u015fma d\u00fczeninde etkili toplant\u0131 deneyimi sunar.<\/li>\n<li>E\u011fitim kurumlar\u0131nda \u00e7evrim i\u00e7i seminerler, dersler ve webinarlar i\u00e7in pratik bir \u00e7\u00f6z\u00fcmd\u00fcr.<\/li>\n<li>Sat\u0131\u015f ve m\u00fc\u015fteri destek ekiplerinin sanal g\u00f6r\u00fc\u015fmelerinde profesyonel sunumlar i\u00e7in kullan\u0131l\u0131r.<\/li>\n<li>Proje ekiplerinin hibrit \u00e7al\u0131\u015fma ortamlar\u0131nda ortak \u00e7al\u0131\u015fma ve anl\u0131k fikir al\u0131\u015fveri\u015fi ihtiya\u00e7lar\u0131n\u0131 kar\u015f\u0131lar.<\/li>\n<\/ol>\n<\/section>\n<div data-wtai-block-id=\"wtai_product_description_image_1\" class=\"wtai-section wtai-image_1-section\">\n<figure class=\"wtai-image-p wtai-align-center\" style=\"text-align:center\"><img decoding=\"async\" src=\"https:\/\/demostore.ai\/wp-content\/uploads\/2025\/06\/Conference-speaker-1-scaled-1-600x820.png\" alt=\"Logitech BCC950 Konferans Kameras\u0131, taban\u0131nda kontrol d\u00fc\u011fmeleri ve yan\u0131nda USB kablosu ile birlikte.\" srcset=\"https:\/\/demostore.ai\/wp-content\/uploads\/2025\/06\/Conference-speaker-1-scaled-1.png 732w, https:\/\/demostore.ai\/wp-content\/uploads\/2025\/06\/Conference-speaker-1-scaled-1-220x300.png 220w, https:\/\/demostore.ai\/wp-content\/uploads\/2025\/06\/Conference-speaker-1-scaled-1-600x820.png 600w\"><\/figure>\n<\/p><\/div>\n<section data-wtai-block-id=\"wtai_product_description_technical_specifications\" class=\"wtai-section wtai-technical_specifications-section\">\n<h2>Teknik \u00d6zellikler<\/h2>\n<ul>\n<li><strong>Video \u00c7\u00f6z\u00fcn\u00fcrl\u00fc\u011f\u00fc:<\/strong> 1080p Full HD<\/li>\n<li><strong>G\u00f6r\u00fc\u015f A\u00e7\u0131s\u0131:<\/strong> 78\u00b0<\/li>\n<li><strong>Kamera D\u00f6nd\u00fcrme:<\/strong> 180\u00b0<\/li>\n<li><strong>Mikrofon Kapsama Mesafesi:<\/strong> 2.40 m<\/li>\n<li><strong>Hoparl\u00f6r G\u00fcc\u00fc:<\/strong> 1.5 W<\/li>\n<li><strong>Ba\u011flant\u0131 T\u00fcr\u00fc:<\/strong> USB 2.0<\/li>\n<li><strong>Uyumluluk:<\/strong> Windows ve Mac OS<\/li>\n<li><strong>Kurulum:<\/strong> Tak-\u00e7al\u0131\u015ft\u0131r<\/li>\n<li><strong>Kablo Uzunlu\u011fu:<\/strong> 180 cm<\/li>\n<li><strong>Kamera Y\u00fcksekli\u011fi:<\/strong> 34 cm<\/li>\n<li><strong>A\u011f\u0131rl\u0131k:<\/strong> 568 g<\/li>\n<li><strong>\u00c7al\u0131\u015fma S\u0131cakl\u0131\u011f\u0131:<\/strong> 0\u00b0C\u201340\u00b0C<\/li>\n<li><strong>Kamera Sens\u00f6r Tipi:<\/strong> CMOS<\/li>\n<li><strong>Renk:<\/strong> Siyah<\/li>\n<li><strong>Boyutlar:<\/strong> 15 cm x 15 cm x 34 cm<\/li>\n<\/ul>\n<\/section>\n<div data-wtai-block-id=\"wtai_product_description_image_1753694484745\" class=\"wtai-section wtai-image_1753694484745-section\">\n<figure class=\"wtai-image-p wtai-align-center\" style=\"text-align:center\"><img decoding=\"async\" src=\"https:\/\/demostore.ai\/wp-content\/uploads\/2025\/06\/Conference-speaker-4-scaled-1-600x600.png\" alt=\"Logitech BCC950 Konferans Kameras\u0131&#039;n\u0131n mikrofon ve kontrol tu\u015flar\u0131na sahip ana \u00fcnitesi \u00fcstten g\u00f6r\u00fcn\u00fcm.\" srcset=\"https:\/\/demostore.ai\/wp-content\/uploads\/2025\/06\/Conference-speaker-4-scaled-1.png 1000w, https:\/\/demostore.ai\/wp-content\/uploads\/2025\/06\/Conference-speaker-4-scaled-1-300x300.png 300w, https:\/\/demostore.ai\/wp-content\/uploads\/2025\/06\/Conference-speaker-4-scaled-1-150x150.png 150w, https:\/\/demostore.ai\/wp-content\/uploads\/2025\/06\/Conference-speaker-4-scaled-1-768x768.png 768w, https:\/\/demostore.ai\/wp-content\/uploads\/2025\/06\/Conference-speaker-4-scaled-1-600x600.png 600w, https:\/\/demostore.ai\/wp-content\/uploads\/2025\/06\/Conference-speaker-4-scaled-1-250x250.png 250w\"><figcaption>\n<p>Kullan\u0131c\u0131 dostu kontrol paneli ve geni\u015f hoparl\u00f6r, toplant\u0131larda net ileti\u015fim sa\u011fl\u0131yor.<\/p>\n<\/figcaption><\/figure>\n<\/p><\/div>\n<section data-wtai-block-id=\"wtai_product_description_faqs\" class=\"wtai-section wtai-faqs-section\">\n<h2>S\u0131k\u00e7a Sorulan Sorular<\/h2>\n<p><strong>Cihaz hangi platformlarla uyumludur?<\/strong> <br \/> Logitech BCC950, Windows ve Mac OS i\u015fletim sistemine sahip bilgisayarlarla tam uyumluluk g\u00f6sterir ve yayg\u0131n g\u00f6r\u00fcnt\u00fcl\u00fc arama uygulamalar\u0131nda sorunsuz \u00e7al\u0131\u015f\u0131r.<\/p>\n<p><strong>Kurulum s\u0131ras\u0131nda ekstra s\u00fcr\u00fcc\u00fcye ihtiya\u00e7 var m\u0131?<\/strong> <br \/> USB tak-\u00e7al\u0131\u015ft\u0131r \u00f6zelli\u011fiyle s\u00fcr\u00fcc\u00fc kurulumu gerektirmez; ba\u011flant\u0131 sonras\u0131 hemen kullan\u0131ma haz\u0131rd\u0131r.<\/p>\n<p><strong>Cihaz ka\u00e7 ki\u015filik toplant\u0131lar i\u00e7in uygundur?<\/strong> <br \/> Mikrofon kapsama alan\u0131 2.40 metreye kadar etkin oldu\u011fundan k\u00fc\u00e7\u00fck ve orta \u00f6l\u00e7ekli toplant\u0131 odalar\u0131nda en iyi performans\u0131 sunar.<\/p>\n<p><strong>Kamera a\u00e7\u0131s\u0131 ve pozisyonu ayarlanabilir mi?<\/strong> <br \/> Kamera ba\u015fl\u0131\u011f\u0131 180 derece d\u00f6nd\u00fcr\u00fclebilir, b\u00f6ylece g\u00f6r\u00fc\u015f a\u00e7\u0131s\u0131 kolayca de\u011fi\u015ftirilebilir ve farkl\u0131 ki\u015fi veya alanlara y\u00f6nlendirilebilir.<\/p>\n<p><strong>Cihaz farkl\u0131 video konferans yaz\u0131l\u0131mlar\u0131yla \u00e7al\u0131\u015f\u0131r m\u0131?<\/strong> <br \/> Evet, Zoom, Microsoft Teams, Google Meet dahil bir\u00e7ok pop\u00fcler video konferans platformuyla tam uyumludur.<\/p>\n<\/section>\n<div data-wtai-block-id=\"wtai_product_description_conclusion\" class=\"wtai-section wtai-conclusion-section\">\n<p><strong>Logitech BCC950 Konferans Kameras\u0131 ile toplant\u0131 odan\u0131zda profesyonellik ve konforu bir araya getirirsiniz.<\/strong> <strong>Hem ses hem de g\u00f6r\u00fcnt\u00fcde y\u00fcksek kaliteye ula\u015farak i\u015f s\u00fcre\u00e7lerinizi h\u0131zland\u0131rmak elinizde.<\/strong> <strong>Ak\u0131c\u0131 ve anla\u015f\u0131l\u0131r ileti\u015fim i\u00e7in en verimli \u00e7\u00f6z\u00fcm\u00fc se\u00e7in ve \u00e7al\u0131\u015fma hayat\u0131n\u0131z\u0131 bug\u00fcnden kolayla\u015ft\u0131r\u0131n.<\/strong><\/p>\n<\/p><\/div>\n","protected":false},"excerpt":{"rendered":"<div data-wtai-block-id=\"wtai_excerpt_subtitle\" class=\"wtai-section wtai-subtitle-section\">\n<p><em><strong>Tek dokunu\u015fla net g\u00f6r\u00fcnt\u00fcl\u00fc toplant\u0131 deneyimi<\/strong><\/em><\/p>\n<\/p><\/div>\n<div data-wtai-block-id=\"wtai_excerpt_introduction\" class=\"wtai-section wtai-introduction-section\">\n<p>Her zaman ba\u011flant\u0131da kalmak art\u0131k \u00e7ok daha kolay. Y\u00fcksek kaliteli g\u00f6r\u00fcnt\u00fc ve entegre hoparl\u00f6r-mikrofon seti ile k\u00fc\u00e7\u00fck ve orta \u00f6l\u00e7ekli toplant\u0131 odalar\u0131nda ideal \u00e7\u00f6z\u00fcm sunuyor. Kablolu ba\u011flant\u0131s\u0131 sayesinde h\u0131zl\u0131 kurulum ve g\u00fcvenilir ileti\u015fim sa\u011flar. \u015e\u0131k, modern tasar\u0131m\u0131 masa \u00fczerinde yer kaplamadan kullan\u0131ma olanak verir. \u0130\u015f hayat\u0131nda \u00fcretkenli\u011fi art\u0131rmak, online bulu\u015fmalar\u0131 daha verimli ve profesyonel hale getirmek i\u00e7in pratik bir yard\u0131mc\u0131d\u0131r.<\/p>\n<\/p><\/div>\n","protected":false},"featured_media":19063,"comment_status":"open","ping_status":"closed","template":"","meta":[],"product_brand":[],"product_cat":[238],"product_tag":[],"class_list":{"0":"post-37757","1":"product","2":"type-product","3":"status-publish","4":"has-post-thumbnail","6":"product_cat-elektronik","8":"first","9":"instock","10":"shipping-taxable","11":"purchasable","12":"product-type-simple"},"bundled_by":[],"bundle_stock_status":"instock","bundle_stock_quantity":null,"bundle_virtual":false,"bundle_layout":"","bundle_add_to_cart_form_location":"","bundle_editable_in_cart":false,"bundle_sold_individually_context":"","bundle_item_grouping":"","bundle_min_size":"","bundle_max_size":"","bundle_price":[],"bundled_items":[],"bundle_sell_ids":[],"yoast_head":"<!-- This site is optimized with the Yoast SEO plugin v25.2 - https:\/\/yoast.com\/wordpress\/plugins\/seo\/ -->\n<title>Ke\u015ffet Logitech BCC950 Konferans Kameras\u0131 ile Her Toplant\u0131da Netlik<\/title>\n<meta name=\"description\" content=\"S\u0131ra d\u0131\u015f\u0131 toplant\u0131 deneyimi i\u00e7in tasarlanan Logitech BCC950 Konferans Kameras\u0131 HD g\u00f6r\u00fcnt\u00fc, g\u00fc\u00e7l\u00fc ses ve kolay kurulum avantajlar\u0131yla ofisinizde.\" \/>\n<meta name=\"robots\" content=\"index, follow, max-snippet:-1, max-image-preview:large, max-video-preview:-1\" \/>\n<link rel=\"canonical\" href=\"https:\/\/demostore.ai\/tr\/urun\/logitech-bcc950-konferans-kamerasi\/\" \/>\n<meta property=\"og:type\" content=\"article\" \/>\n<meta property=\"og:title\" content=\"Ke\u015ffet Logitech BCC950 Konferans Kameras\u0131 ile Her Toplant\u0131da Netlik\" \/>\n<meta property=\"og:description\" content=\"Benzersiz bir konferans deneyimi sunan Logitech BCC950, HD kamera ve entegre mikrofonuyla k\u00fc\u00e7\u00fck ofis toplant\u0131lar\u0131nda netlik ve konfor sa\u011fl\u0131yor.\" \/>\n<meta property=\"og:url\" content=\"https:\/\/demostore.ai\/tr\/urun\/logitech-bcc950-konferans-kamerasi\/\" \/>\n<meta property=\"og:site_name\" content=\"Trendy Thread\" \/>\n<meta property=\"article:modified_time\" content=\"2026-02-19T02:33:22+00:00\" \/>\n<meta property=\"og:image\" content=\"https:\/\/demostore.ai\/wp-content\/uploads\/2025\/06\/Conference-speaker-1-scaled-1.png\" \/>\n\t<meta property=\"og:image:width\" content=\"732\" \/>\n\t<meta property=\"og:image:height\" content=\"1000\" \/>\n\t<meta property=\"og:image:type\" content=\"image\/png\" \/>\n<meta name=\"twitter:card\" content=\"summary_large_image\" \/>\n<meta name=\"twitter:title\" content=\"Ke\u015ffet Logitech BCC950 Konferans Kameras\u0131 ile Her Toplant\u0131da Netlik\" \/>\n<meta name=\"twitter:description\" content=\"Benzersiz bir konferans deneyimi sunan Logitech BCC950, HD kamera ve entegre mikrofonuyla k\u00fc\u00e7\u00fck ofis toplant\u0131lar\u0131nda netlik ve konfor sa\u011fl\u0131yor.\" \/>\n<meta name=\"twitter:label1\" content=\"Tahmini okuma s\u00fcresi\" \/>\n\t<meta name=\"twitter:data1\" content=\"1 dakika\" \/>\n<script type=\"application\/ld+json\" class=\"yoast-schema-graph\">{\"@context\":\"https:\/\/schema.org\",\"@graph\":[{\"@type\":\"WebPage\",\"@id\":\"https:\/\/demostore.ai\/tr\/urun\/logitech-bcc950-konferans-kamerasi\/\",\"url\":\"https:\/\/demostore.ai\/tr\/urun\/logitech-bcc950-konferans-kamerasi\/\",\"name\":\"Ke\u015ffet Logitech BCC950 Konferans Kameras\u0131 ile Her Toplant\u0131da Netlik\",\"isPartOf\":{\"@id\":\"https:\/\/demostore.ai\/tr\/#website\"},\"primaryImageOfPage\":{\"@id\":\"https:\/\/demostore.ai\/tr\/urun\/logitech-bcc950-konferans-kamerasi\/#primaryimage\"},\"image\":{\"@id\":\"https:\/\/demostore.ai\/tr\/urun\/logitech-bcc950-konferans-kamerasi\/#primaryimage\"},\"thumbnailUrl\":\"https:\/\/demostore.ai\/wp-content\/uploads\/2025\/06\/Conference-speaker-1-scaled-1.png\",\"datePublished\":\"2025-06-15T22:12:02+00:00\",\"dateModified\":\"2026-02-19T02:33:22+00:00\",\"description\":\"S\u0131ra d\u0131\u015f\u0131 toplant\u0131 deneyimi i\u00e7in tasarlanan Logitech BCC950 Konferans Kameras\u0131 HD g\u00f6r\u00fcnt\u00fc, g\u00fc\u00e7l\u00fc ses ve kolay kurulum avantajlar\u0131yla ofisinizde.\",\"breadcrumb\":{\"@id\":\"https:\/\/demostore.ai\/tr\/urun\/logitech-bcc950-konferans-kamerasi\/#breadcrumb\"},\"inLanguage\":\"tr\",\"potentialAction\":[{\"@type\":\"ReadAction\",\"target\":[\"https:\/\/demostore.ai\/tr\/urun\/logitech-bcc950-konferans-kamerasi\/\"]}]},{\"@type\":\"ImageObject\",\"inLanguage\":\"tr\",\"@id\":\"https:\/\/demostore.ai\/tr\/urun\/logitech-bcc950-konferans-kamerasi\/#primaryimage\",\"url\":\"https:\/\/demostore.ai\/wp-content\/uploads\/2025\/06\/Conference-speaker-1-scaled-1.png\",\"contentUrl\":\"https:\/\/demostore.ai\/wp-content\/uploads\/2025\/06\/Conference-speaker-1-scaled-1.png\",\"width\":732,\"height\":1000,\"caption\":\"Logitech BCC950 Konferans Kameras\u0131, taban\u0131nda kontrol d\u00fc\u011fmeleri ve yan\u0131nda USB kablosu ile birlikte.\"},{\"@type\":\"BreadcrumbList\",\"@id\":\"https:\/\/demostore.ai\/tr\/urun\/logitech-bcc950-konferans-kamerasi\/#breadcrumb\",\"itemListElement\":[{\"@type\":\"ListItem\",\"position\":1,\"name\":\"Ana Sayfa\",\"item\":\"https:\/\/demostore.ai\/tr\/\"},{\"@type\":\"ListItem\",\"position\":2,\"name\":\"Ma\u011faza\",\"item\":\"https:\/\/demostore.ai\/tr\/magaza\/\"},{\"@type\":\"ListItem\",\"position\":3,\"name\":\"Logitech BCC950 Konferans Kameras\u0131\"}]},{\"@type\":\"WebSite\",\"@id\":\"https:\/\/demostore.ai\/tr\/#website\",\"url\":\"https:\/\/demostore.ai\/tr\/\",\"name\":\"Trendy Thread\",\"description\":\"WriteText.ai Demo Ma\u011fazas\u0131\",\"publisher\":{\"@id\":\"https:\/\/demostore.ai\/tr\/#organization\"},\"potentialAction\":[{\"@type\":\"SearchAction\",\"target\":{\"@type\":\"EntryPoint\",\"urlTemplate\":\"https:\/\/demostore.ai\/tr\/?s={search_term_string}\"},\"query-input\":{\"@type\":\"PropertyValueSpecification\",\"valueRequired\":true,\"valueName\":\"search_term_string\"}}],\"inLanguage\":\"tr\"},{\"@type\":\"Organization\",\"@id\":\"https:\/\/demostore.ai\/tr\/#organization\",\"name\":\"WriteText.ai\",\"url\":\"https:\/\/demostore.ai\/tr\/\",\"logo\":{\"@type\":\"ImageObject\",\"inLanguage\":\"tr\",\"@id\":\"https:\/\/demostore.ai\/tr\/#\/schema\/logo\/image\/\",\"url\":\"https:\/\/demostore.ai\/wp-content\/uploads\/2025\/10\/writetext_logo.webp\",\"contentUrl\":\"https:\/\/demostore.ai\/wp-content\/uploads\/2025\/10\/writetext_logo.webp\",\"width\":200,\"height\":34,\"caption\":\"WriteText.ai\"},\"image\":{\"@id\":\"https:\/\/demostore.ai\/tr\/#\/schema\/logo\/image\/\"}}]}<\/script>\n<!-- \/ Yoast SEO plugin. -->","yoast_head_json":{"title":"Ke\u015ffet Logitech BCC950 Konferans Kameras\u0131 ile Her Toplant\u0131da Netlik","description":"S\u0131ra d\u0131\u015f\u0131 toplant\u0131 deneyimi i\u00e7in tasarlanan Logitech BCC950 Konferans Kameras\u0131 HD g\u00f6r\u00fcnt\u00fc, g\u00fc\u00e7l\u00fc ses ve kolay kurulum avantajlar\u0131yla ofisinizde.","robots":{"index":"index","follow":"follow","max-snippet":"max-snippet:-1","max-image-preview":"max-image-preview:large","max-video-preview":"max-video-preview:-1"},"canonical":"https:\/\/demostore.ai\/tr\/urun\/logitech-bcc950-konferans-kamerasi\/","og_type":"article","og_title":"Ke\u015ffet Logitech BCC950 Konferans Kameras\u0131 ile Her Toplant\u0131da Netlik","og_description":"Benzersiz bir konferans deneyimi sunan Logitech BCC950, HD kamera ve entegre mikrofonuyla k\u00fc\u00e7\u00fck ofis toplant\u0131lar\u0131nda netlik ve konfor sa\u011fl\u0131yor.","og_url":"https:\/\/demostore.ai\/tr\/urun\/logitech-bcc950-konferans-kamerasi\/","og_site_name":"Trendy Thread","article_modified_time":"2026-02-19T02:33:22+00:00","og_image":[{"width":732,"height":1000,"url":"https:\/\/demostore.ai\/wp-content\/uploads\/2025\/06\/Conference-speaker-1-scaled-1.png","type":"image\/png"}],"twitter_card":"summary_large_image","twitter_title":"Ke\u015ffet Logitech BCC950 Konferans Kameras\u0131 ile Her Toplant\u0131da Netlik","twitter_description":"Benzersiz bir konferans deneyimi sunan Logitech BCC950, HD kamera ve entegre mikrofonuyla k\u00fc\u00e7\u00fck ofis toplant\u0131lar\u0131nda netlik ve konfor sa\u011fl\u0131yor.","twitter_misc":{"Tahmini okuma s\u00fcresi":"1 dakika"},"schema":{"@context":"https:\/\/schema.org","@graph":[{"@type":"WebPage","@id":"https:\/\/demostore.ai\/tr\/urun\/logitech-bcc950-konferans-kamerasi\/","url":"https:\/\/demostore.ai\/tr\/urun\/logitech-bcc950-konferans-kamerasi\/","name":"Ke\u015ffet Logitech BCC950 Konferans Kameras\u0131 ile Her Toplant\u0131da Netlik","isPartOf":{"@id":"https:\/\/demostore.ai\/tr\/#website"},"primaryImageOfPage":{"@id":"https:\/\/demostore.ai\/tr\/urun\/logitech-bcc950-konferans-kamerasi\/#primaryimage"},"image":{"@id":"https:\/\/demostore.ai\/tr\/urun\/logitech-bcc950-konferans-kamerasi\/#primaryimage"},"thumbnailUrl":"https:\/\/demostore.ai\/wp-content\/uploads\/2025\/06\/Conference-speaker-1-scaled-1.png","datePublished":"2025-06-15T22:12:02+00:00","dateModified":"2026-02-19T02:33:22+00:00","description":"S\u0131ra d\u0131\u015f\u0131 toplant\u0131 deneyimi i\u00e7in tasarlanan Logitech BCC950 Konferans Kameras\u0131 HD g\u00f6r\u00fcnt\u00fc, g\u00fc\u00e7l\u00fc ses ve kolay kurulum avantajlar\u0131yla ofisinizde.","breadcrumb":{"@id":"https:\/\/demostore.ai\/tr\/urun\/logitech-bcc950-konferans-kamerasi\/#breadcrumb"},"inLanguage":"tr","potentialAction":[{"@type":"ReadAction","target":["https:\/\/demostore.ai\/tr\/urun\/logitech-bcc950-konferans-kamerasi\/"]}]},{"@type":"ImageObject","inLanguage":"tr","@id":"https:\/\/demostore.ai\/tr\/urun\/logitech-bcc950-konferans-kamerasi\/#primaryimage","url":"https:\/\/demostore.ai\/wp-content\/uploads\/2025\/06\/Conference-speaker-1-scaled-1.png","contentUrl":"https:\/\/demostore.ai\/wp-content\/uploads\/2025\/06\/Conference-speaker-1-scaled-1.png","width":732,"height":1000,"caption":"Logitech BCC950 Konferans Kameras\u0131, taban\u0131nda kontrol d\u00fc\u011fmeleri ve yan\u0131nda USB kablosu ile birlikte."},{"@type":"BreadcrumbList","@id":"https:\/\/demostore.ai\/tr\/urun\/logitech-bcc950-konferans-kamerasi\/#breadcrumb","itemListElement":[{"@type":"ListItem","position":1,"name":"Ana Sayfa","item":"https:\/\/demostore.ai\/tr\/"},{"@type":"ListItem","position":2,"name":"Ma\u011faza","item":"https:\/\/demostore.ai\/tr\/magaza\/"},{"@type":"ListItem","position":3,"name":"Logitech BCC950 Konferans Kameras\u0131"}]},{"@type":"WebSite","@id":"https:\/\/demostore.ai\/tr\/#website","url":"https:\/\/demostore.ai\/tr\/","name":"Trendy Thread","description":"WriteText.ai Demo Ma\u011fazas\u0131","publisher":{"@id":"https:\/\/demostore.ai\/tr\/#organization"},"potentialAction":[{"@type":"SearchAction","target":{"@type":"EntryPoint","urlTemplate":"https:\/\/demostore.ai\/tr\/?s={search_term_string}"},"query-input":{"@type":"PropertyValueSpecification","valueRequired":true,"valueName":"search_term_string"}}],"inLanguage":"tr"},{"@type":"Organization","@id":"https:\/\/demostore.ai\/tr\/#organization","name":"WriteText.ai","url":"https:\/\/demostore.ai\/tr\/","logo":{"@type":"ImageObject","inLanguage":"tr","@id":"https:\/\/demostore.ai\/tr\/#\/schema\/logo\/image\/","url":"https:\/\/demostore.ai\/wp-content\/uploads\/2025\/10\/writetext_logo.webp","contentUrl":"https:\/\/demostore.ai\/wp-content\/uploads\/2025\/10\/writetext_logo.webp","width":200,"height":34,"caption":"WriteText.ai"},"image":{"@id":"https:\/\/demostore.ai\/tr\/#\/schema\/logo\/image\/"}}]}},"_links":{"self":[{"href":"https:\/\/demostore.ai\/tr\/wp-json\/wp\/v2\/product\/37757","targetHints":{"allow":["GET"]}}],"collection":[{"href":"https:\/\/demostore.ai\/tr\/wp-json\/wp\/v2\/product"}],"about":[{"href":"https:\/\/demostore.ai\/tr\/wp-json\/wp\/v2\/types\/product"}],"replies":[{"embeddable":true,"href":"https:\/\/demostore.ai\/tr\/wp-json\/wp\/v2\/comments?post=37757"}],"wp:featuredmedia":[{"embeddable":true,"href":"https:\/\/demostore.ai\/tr\/wp-json\/wp\/v2\/media\/19063"}],"wp:attachment":[{"href":"https:\/\/demostore.ai\/tr\/wp-json\/wp\/v2\/media?parent=37757"}],"wp:term":[{"taxonomy":"product_brand","embeddable":true,"href":"https:\/\/demostore.ai\/tr\/wp-json\/wp\/v2\/product_brand?post=37757"},{"taxonomy":"product_cat","embeddable":true,"href":"https:\/\/demostore.ai\/tr\/wp-json\/wp\/v2\/product_cat?post=37757"},{"taxonomy":"product_tag","embeddable":true,"href":"https:\/\/demostore.ai\/tr\/wp-json\/wp\/v2\/product_tag?post=37757"}],"curies":[{"name":"wp","href":"https:\/\/api.w.org\/{rel}","templated":true}]}}