{"id":37567,"date":"2025-06-16T07:30:54","date_gmt":"2025-06-15T23:30:54","guid":{"rendered":"https:\/\/demostore.ai\/?post_type=product&#038;p=37567"},"modified":"2026-02-19T10:41:02","modified_gmt":"2026-02-19T02:41:02","slug":"kashieca-zeytin-yesili-elbise","status":"publish","type":"product","link":"https:\/\/demostore.ai\/tr\/urun\/kashieca-zeytin-yesili-elbise\/","title":{"rendered":"Kashieca Zeytin Ye\u015fili Elbise"},"content":{"rendered":"<section data-wtai-block-id=\"wtai_product_description_features\" class=\"wtai-section wtai-features-section\">\n<h2>\u00dcr\u00fcn Detaylar\u0131<\/h2>\n<ul>\n<li><strong>Zeytin ye\u015fili renk<\/strong> ile modern, \u015fehirli bir havas\u0131 var<\/li>\n<li><strong>Kolsuz ve diz alt\u0131 boy<\/strong> sayesinde hem rahat hem de \u015f\u0131k bir g\u00f6r\u00fcn\u00fcm sa\u011flar<\/li>\n<li><strong>Klasik yaka ve \u00f6n k\u0131s\u0131mda kapama detay\u0131<\/strong> ile zamans\u0131z bir tarz yarat\u0131r<\/li>\n<li><strong>Yan cepler ve g\u00f6\u011f\u00fcs cebi<\/strong> bol depolama alan\u0131 sunar<\/li>\n<li><strong>Ayarlanabilir kemer tokas\u0131<\/strong> v\u00fccuda g\u00f6re kolayca uyarlanabilir<\/li>\n<li><strong>Dayan\u0131kl\u0131 kuma\u015f<\/strong> uzun s\u00fcreli kullan\u0131ma uygundur<\/li>\n<li><strong>D\u00fcz ve d\u00f6k\u00fcml\u00fc kal\u0131p<\/strong> ile bol kombin se\u00e7ene\u011fi sa\u011flar<\/li>\n<li><strong>Astars\u0131z yap\u0131<\/strong> serin ve hafif his verir<\/li>\n<li><strong>Minimal tasar\u0131m \u00e7izgileri<\/strong>yle farkl\u0131 stillere kolayca adapte olur<\/li>\n<\/ul>\n<\/section>\n<div data-wtai-block-id=\"wtai_product_description_image_1753694415199\" class=\"wtai-section wtai-image_1753694415199-section\">\n<figure class=\"wtai-image-p wtai-align-center\" style=\"text-align:center\"><img decoding=\"async\" src=\"https:\/\/demostore.ai\/wp-content\/uploads\/2025\/06\/Dress-2-scaled-1.png\" alt=\"Kashieca zeytin ye\u015fili elbisenin arka g\u00f6r\u00fcn\u00fcm\u00fc, kolsuz ve d\u00fcz kesim tasar\u0131m.\" srcset=\"https:\/\/demostore.ai\/wp-content\/uploads\/2025\/06\/Dress-2-scaled-1.png 531w, https:\/\/demostore.ai\/wp-content\/uploads\/2025\/06\/Dress-2-scaled-1-159x300.png 159w\"><figcaption>\n<p>Bel k\u0131sm\u0131 \u00f6zg\u00fcr kesimli, tek cepli ve d\u00fcz \u00e7izgili tasar\u0131mla modern bir hava kazand\u0131r\u0131yor.<\/p>\n<\/figcaption><\/figure>\n<\/p><\/div>\n<section data-wtai-block-id=\"wtai_product_description_benefits\" class=\"wtai-section wtai-benefits-section\">\n<h2>Neden Seveceksiniz<\/h2>\n<ul>\n<li>G\u00fcnl\u00fck ve ofis \u015f\u0131kl\u0131\u011f\u0131n\u0131 tek bir par\u00e7ada yakalamak isteyenler i\u00e7in ideal. G\u00fcndelik giyimde rahatl\u0131k, i\u015f ortam\u0131nda ise profesyonel bir duru\u015f sunar.<\/li>\n<li>Ayarlanabilir kemeri sayesinde v\u00fccudunuza tam oturur ve her stile kolayca uyum sa\u011flar.<\/li>\n<li>Cepler sayesinde anahtar, kartl\u0131k veya telefon gibi temel e\u015fyalar\u0131n\u0131z\u0131 yan\u0131n\u0131zda ta\u015f\u0131yabilir, \u00e7anta ta\u015f\u0131madan rahat edebilirsiniz.<\/li>\n<li>Minimal ve sade tasar\u0131m farkl\u0131 aksesuar ve ayakkab\u0131larla kolayca uyum sa\u011flar, kombininiz her zaman taze g\u00f6r\u00fcn\u00fcr.<\/li>\n<li>Zeytin ye\u015fili tonuyla her mevsime ve neredeyse t\u00fcm renklerle uyumlu, gard\u0131robunuzu kolayca zenginle\u015ftirir.<\/li>\n<\/ul>\n<\/section>\n<section data-wtai-block-id=\"wtai_product_description_use_cases\" class=\"wtai-section wtai-use_cases-section\">\n<h2>Nerede Giyilir<\/h2>\n<p>\u00d6zellikle i\u015f ortamlar\u0131nda, ofiste veya toplant\u0131larda ciddi bir stil arayanlar i\u00e7in harika. D\u00fcz ti\u015f\u00f6rtler ya da ince bo\u011fazl\u0131larla rahat\u00e7a tamamlan\u0131r.<\/p>\n<p>Arkada\u015f bulu\u015fmalar\u0131, \u015fehirde rahat bir g\u00fcn veya al\u0131\u015fveri\u015f i\u00e7in sneaker ya da sandaletlerle rahat ve \u015f\u0131k bir kombin olu\u015fturabilirsiniz.<\/p>\n<p>Yaz aylar\u0131nda ince bluzlarla, serin havalarda ise uzun kollu \u00fcstlerle kat kat giyerek mevsimlere uygun bir kullan\u0131m imkan\u0131 sa\u011flar.<\/p>\n<p>Minimalist tak\u0131lar veya kemerlerle stilinizi vurgulayarak modern ve etkili bir g\u00f6r\u00fcn\u00fcm elde edebilirsiniz.<\/p>\n<p>Gard\u0131robunuzda fonksiyonel bir anahtar par\u00e7a ar\u0131yorsan\u0131z, bu elbiseyi farkl\u0131 \u00fcstlerle kombinleyerek farkl\u0131 davetler ve g\u00fcndelik g\u00fcnler i\u00e7in de\u011ferlendirebilirsiniz.<\/p>\n<\/section>\n<section data-wtai-block-id=\"wtai_product_description_custom_1754271650908\" class=\"wtai-section wtai-custom_1754271650908-section\">\n<h2>Kashieca Zeytin Ye\u015fili Elbise i\u00e7in Bak\u0131m ve Kullan\u0131m \u00d6nerileri<\/h2>\n<ul>\n<li>So\u011fuk suda elde y\u0131kay\u0131n veya k\u0131sa, hassas programda makineye koyun.<\/li>\n<li>Renklerin solmamas\u0131 i\u00e7in a\u00e7\u0131k havada g\u00f6lgede kurutun.<\/li>\n<li>\u00c7ok k\u0131r\u0131\u015f\u0131rsa tersinden, d\u00fc\u015f\u00fck \u0131s\u0131da \u00fct\u00fc yap\u0131n veya buharlay\u0131n.<\/li>\n<li>Kuma\u015f\u0131n formunu korumak i\u00e7in \u00fct\u00fc sonras\u0131 ask\u0131da saklay\u0131n.<\/li>\n<li>A\u011fart\u0131c\u0131dan, sert kimyasallardan ve fazla nemden uzak tutmaya \u00f6zen g\u00f6sterin.<\/li>\n<\/ul>\n<\/section>\n<section data-wtai-block-id=\"wtai_product_description_custom_1754281021097\" class=\"wtai-section wtai-custom_1754281021097-section\">\n<h2>S\u00fcrd\u00fcr\u00fclebilirlik Detaylar\u0131: Kashieca Zeytin Ye\u015fili Elbise<\/h2>\n<h3>Malzeme Bilgisi<\/h3>\n<ul>\n<li>%66 polyester, %34 viskon: Sentetik ve do\u011fal lif kar\u0131\u015f\u0131m\u0131<\/li>\n<li>Uzun \u00f6m\u00fcrl\u00fc, makinede y\u0131kanabilir dayan\u0131kl\u0131 kuma\u015f<\/li>\n<li>Kuma\u015flar \u00fcretiminde su tasarruflu y\u00f6ntemler kullan\u0131labilir<\/li>\n<\/ul>\n<h3>\u00dcr\u00fcn \u0130\u00e7eri\u011fi<\/h3>\n<ul>\n<li>Zamans\u0131z tasar\u0131m, dayan\u0131kl\u0131 \u00e7ift cepli pratik kullan\u0131m<\/li>\n<li>Hafif kuma\u015f\u0131yla az enerjiyle kolay \u00fct\u00fclenebilir<\/li>\n<li>Tek materyal a\u011f\u0131rl\u0131kl\u0131 yap\u0131, geri d\u00f6n\u00fc\u015f\u00fcme uygun<\/li>\n<\/ul>\n<h3>Ambalaj \u00d6zellikleri<\/h3>\n<ul>\n<li>Kompakt ambalaj, kargo hacmini minimize edebilir<\/li>\n<li>Gereksiz plastik veya ekstra ambalaj kullan\u0131lmaz<\/li>\n<li>Geri d\u00f6n\u00fc\u015ft\u00fcr\u00fclebilir karton koliyle g\u00f6nderim yap\u0131labilir<\/li>\n<\/ul>\n<\/section>\n<div data-wtai-block-id=\"wtai_product_description_image_1753694424568\" class=\"wtai-section wtai-image_1753694424568-section\">\n<figure class=\"wtai-image-p wtai-align-center\" style=\"text-align:center\"><img decoding=\"async\" src=\"https:\/\/demostore.ai\/wp-content\/uploads\/2025\/06\/Dress-4-scaled-1-600x454.png\" alt=\"Kashieca zeytin ye\u015fili elbise, yakas\u0131 ve i\u00e7 astar\u0131 detayl\u0131 \u00fcr\u00fcn g\u00f6rseli.\" srcset=\"https:\/\/demostore.ai\/wp-content\/uploads\/2025\/06\/Dress-4-scaled-1.png 1000w, https:\/\/demostore.ai\/wp-content\/uploads\/2025\/06\/Dress-4-scaled-1-300x227.png 300w, https:\/\/demostore.ai\/wp-content\/uploads\/2025\/06\/Dress-4-scaled-1-768x581.png 768w, https:\/\/demostore.ai\/wp-content\/uploads\/2025\/06\/Dress-4-scaled-1-600x454.png 600w\"><figcaption>\n<p>Etiket detay\u0131ndaki minimal logo ve zarif yaka, elbiseye \u015f\u0131k bir dokunu\u015f kat\u0131yor.<\/p>\n<\/figcaption><\/figure>\n<\/p><\/div>\n<section data-wtai-block-id=\"wtai_product_description_faqs\" class=\"wtai-section wtai-faqs-section\">\n<h2>S\u0131k\u00e7a Sorulan Sorular<\/h2>\n<p><strong>Elbise hangi bedene daha \u00e7ok yak\u0131\u015f\u0131r?<\/strong> <br \/> D\u00fcz ve d\u00f6k\u00fcml\u00fc kal\u0131b\u0131 sayesinde farkl\u0131 v\u00fccut \u015fekillerine uyumludur. Ayarlanabilir kemerle bel hatt\u0131 ki\u015fiselle\u015ftirilebilir.<\/p>\n<p><strong>Yaz\u0131n ve k\u0131\u015f\u0131n giyilebilir mi?<\/strong> <br \/> Astars\u0131z ve hafif kuma\u015f\u0131yla yaz\u0131n tek ba\u015f\u0131na, so\u011fuk g\u00fcnlerde ise uzun kollu basic \u00fcstlerle rahatl\u0131kla giyilebilir.<\/p>\n<p><strong>Elbisede cep var m\u0131 ve ne kadar kullan\u0131\u015fl\u0131?<\/strong> <br \/> Yanlarda ve g\u00f6\u011f\u00fcste toplam \u00fc\u00e7 cep bulunur. Cep boyutlar\u0131 pratik kullan\u0131m i\u00e7in uygundur, anahtar, kartl\u0131k ve telefon rahat\u00e7a ta\u015f\u0131nabilir.<\/p>\n<p><strong>Nas\u0131l temizlenmeli?<\/strong> <br \/> Dayan\u0131kl\u0131 kuma\u015f\u0131 makinede hassas ayarda veya elde y\u0131kanmaya uygundur. D\u00fcz zeminde sererek kurutmak formunu korumas\u0131n\u0131 sa\u011flar.<\/p>\n<\/section>\n<section data-wtai-block-id=\"wtai_product_description_conclusion\" class=\"wtai-section wtai-conclusion-section\">\n<h2>Tarz\u0131n\u0131n Anahtar\u0131 Burada<\/h2>\n<p><strong>Kashieca Zeytin Ye\u015fili Elbise, hem \u015fehirli hem zamans\u0131z bir stil sunar. Pratik detaylarla \u00f6ne \u00e7\u0131kan bu par\u00e7a, gard\u0131robunuza dinamik bir dokunu\u015f katar.<\/strong> <strong>Farkl\u0131 ortamlara h\u0131zl\u0131ca uyum sa\u011flayan fonksiyonel ve \u015f\u0131k tasar\u0131m\u0131 sayesinde, her g\u00fcne farkl\u0131 bir hava kat\u0131n. \u015eimdi deneyin, favoriniz olmaya aday bu elbiseyi ka\u00e7\u0131rmay\u0131n.<\/strong><\/p>\n<\/section>\n","protected":false},"excerpt":{"rendered":"<div data-wtai-block-id=\"wtai_excerpt_subtitle\" class=\"wtai-section wtai-subtitle-section\">\n<p><em><strong>Modern \u015fehirli stilin vazge\u00e7ilmez tamamlay\u0131c\u0131s\u0131<\/strong><\/em><\/p>\n<\/p><\/div>\n<div data-wtai-block-id=\"wtai_excerpt_introduction\" class=\"wtai-section wtai-introduction-section\">\n<p>Biraz haval\u0131 ve kullan\u0131\u015fl\u0131 bir par\u00e7a aray\u0131\u015f\u0131ndaysan, Zeytin Ye\u015fili Kashieca Elbise tam sana g\u00f6re. Zamans\u0131z tarz\u0131yla hem farkl\u0131 ortamlarda hem de mevsimlerde kolayca kombinleniyor. Rahat kal\u0131b\u0131 ve cepleriyle g\u00fcn boyu konfor sa\u011flarken, minimalist detaylar\u0131yla iddial\u0131 bir g\u00f6r\u00fcn\u00fcm kazand\u0131r\u0131yor. Ofisten kahve bulu\u015fmas\u0131na ya da hafta sonu gezilerine her an\u0131na e\u015flik edecek bir elbise oldu\u011funu hissedeceksin. Her stile uyumlanabilen rengiyle dolab\u0131nda ger\u00e7ekten yer a\u00e7man gereken bir par\u00e7a.<\/p>\n<\/p><\/div>\n","protected":false},"featured_media":21976,"comment_status":"open","ping_status":"closed","template":"","meta":[],"product_brand":[],"product_cat":[174],"product_tag":[],"class_list":{"0":"post-37567","1":"product","2":"type-product","3":"status-publish","4":"has-post-thumbnail","6":"product_cat-moda","8":"first","9":"instock","10":"shipping-taxable","11":"purchasable","12":"product-type-simple"},"bundled_by":[],"bundle_stock_status":"instock","bundle_stock_quantity":null,"bundle_virtual":false,"bundle_layout":"","bundle_add_to_cart_form_location":"","bundle_editable_in_cart":false,"bundle_sold_individually_context":"","bundle_item_grouping":"","bundle_min_size":"","bundle_max_size":"","bundle_price":[],"bundled_items":[],"bundle_sell_ids":[],"yoast_head":"<!-- This site is optimized with the Yoast SEO plugin v25.2 - https:\/\/yoast.com\/wordpress\/plugins\/seo\/ -->\n<title>Ke\u015ffet Kashieca Zeytin Ye\u015fili Elbise Zamans\u0131z Stil<\/title>\n<meta name=\"description\" content=\"Yepyeni bir \u015fehir \u015f\u0131kl\u0131\u011f\u0131 havas\u0131. Fonksiyonel cepleri, ayarlanabilir kemeri ve sade zeytin ye\u015filiyle g\u00fcn boyu rahatl\u0131\u011f\u0131 ve kombinde \u00f6zg\u00fcrl\u00fc\u011f\u00fc ya\u015fay\u0131n.\" \/>\n<meta name=\"robots\" content=\"index, follow, max-snippet:-1, max-image-preview:large, max-video-preview:-1\" \/>\n<link rel=\"canonical\" href=\"https:\/\/demostore.ai\/tr\/urun\/kashieca-zeytin-yesili-elbise\/\" \/>\n<meta property=\"og:type\" content=\"article\" \/>\n<meta property=\"og:title\" content=\"Ke\u015ffet Kashieca Zeytin Ye\u015fili Elbise Zamans\u0131z Stil\" \/>\n<meta property=\"og:description\" content=\"Iddial\u0131 bir modernlik. Kashieca Zeytin Ye\u015fili Elbise, geni\u015f cepleri ve ayarlanabilir kemeriyle hem ofiste hem g\u00fcnl\u00fck hayatta pratiklik, minimal \u00e7izgilerle zamans\u0131z stil sunar.\" \/>\n<meta property=\"og:url\" content=\"https:\/\/demostore.ai\/tr\/urun\/kashieca-zeytin-yesili-elbise\/\" \/>\n<meta property=\"og:site_name\" content=\"Trendy Thread\" \/>\n<meta property=\"article:modified_time\" content=\"2026-02-19T02:41:02+00:00\" \/>\n<meta property=\"og:image\" content=\"https:\/\/demostore.ai\/wp-content\/uploads\/2025\/06\/Dress-1-scaled-1.png\" \/>\n\t<meta property=\"og:image:width\" content=\"497\" \/>\n\t<meta property=\"og:image:height\" content=\"1000\" \/>\n\t<meta property=\"og:image:type\" content=\"image\/png\" \/>\n<meta name=\"twitter:card\" content=\"summary_large_image\" \/>\n<meta name=\"twitter:title\" content=\"Ke\u015ffet Kashieca Zeytin Ye\u015fili Elbise Zamans\u0131z Stil\" \/>\n<meta name=\"twitter:description\" content=\"Iddial\u0131 bir modernlik. Kashieca Zeytin Ye\u015fili Elbise, geni\u015f cepleri ve ayarlanabilir kemeriyle hem ofiste hem g\u00fcnl\u00fck hayatta pratiklik, minimal \u00e7izgilerle zamans\u0131z stil sunar.\" \/>\n<meta name=\"twitter:label1\" content=\"Tahmini okuma s\u00fcresi\" \/>\n\t<meta name=\"twitter:data1\" content=\"1 dakika\" \/>\n<script type=\"application\/ld+json\" class=\"yoast-schema-graph\">{\"@context\":\"https:\/\/schema.org\",\"@graph\":[{\"@type\":\"WebPage\",\"@id\":\"https:\/\/demostore.ai\/tr\/urun\/kashieca-zeytin-yesili-elbise\/\",\"url\":\"https:\/\/demostore.ai\/tr\/urun\/kashieca-zeytin-yesili-elbise\/\",\"name\":\"Ke\u015ffet Kashieca Zeytin Ye\u015fili Elbise Zamans\u0131z Stil\",\"isPartOf\":{\"@id\":\"https:\/\/demostore.ai\/tr\/#website\"},\"primaryImageOfPage\":{\"@id\":\"https:\/\/demostore.ai\/tr\/urun\/kashieca-zeytin-yesili-elbise\/#primaryimage\"},\"image\":{\"@id\":\"https:\/\/demostore.ai\/tr\/urun\/kashieca-zeytin-yesili-elbise\/#primaryimage\"},\"thumbnailUrl\":\"https:\/\/demostore.ai\/wp-content\/uploads\/2025\/06\/Dress-1-scaled-1.png\",\"datePublished\":\"2025-06-15T23:30:54+00:00\",\"dateModified\":\"2026-02-19T02:41:02+00:00\",\"description\":\"Yepyeni bir \u015fehir \u015f\u0131kl\u0131\u011f\u0131 havas\u0131. Fonksiyonel cepleri, ayarlanabilir kemeri ve sade zeytin ye\u015filiyle g\u00fcn boyu rahatl\u0131\u011f\u0131 ve kombinde \u00f6zg\u00fcrl\u00fc\u011f\u00fc ya\u015fay\u0131n.\",\"breadcrumb\":{\"@id\":\"https:\/\/demostore.ai\/tr\/urun\/kashieca-zeytin-yesili-elbise\/#breadcrumb\"},\"inLanguage\":\"tr\",\"potentialAction\":[{\"@type\":\"ReadAction\",\"target\":[\"https:\/\/demostore.ai\/tr\/urun\/kashieca-zeytin-yesili-elbise\/\"]}]},{\"@type\":\"ImageObject\",\"inLanguage\":\"tr\",\"@id\":\"https:\/\/demostore.ai\/tr\/urun\/kashieca-zeytin-yesili-elbise\/#primaryimage\",\"url\":\"https:\/\/demostore.ai\/wp-content\/uploads\/2025\/06\/Dress-1-scaled-1.png\",\"contentUrl\":\"https:\/\/demostore.ai\/wp-content\/uploads\/2025\/06\/Dress-1-scaled-1.png\",\"width\":497,\"height\":1000,\"caption\":\"Kashieca zeytin ye\u015fili, cepli ve kemerli kad\u0131n elbisesi \u00fcr\u00fcn g\u00f6rseli.\"},{\"@type\":\"BreadcrumbList\",\"@id\":\"https:\/\/demostore.ai\/tr\/urun\/kashieca-zeytin-yesili-elbise\/#breadcrumb\",\"itemListElement\":[{\"@type\":\"ListItem\",\"position\":1,\"name\":\"Ana Sayfa\",\"item\":\"https:\/\/demostore.ai\/tr\/\"},{\"@type\":\"ListItem\",\"position\":2,\"name\":\"Ma\u011faza\",\"item\":\"https:\/\/demostore.ai\/tr\/magaza\/\"},{\"@type\":\"ListItem\",\"position\":3,\"name\":\"Kashieca Zeytin Ye\u015fili Elbise\"}]},{\"@type\":\"WebSite\",\"@id\":\"https:\/\/demostore.ai\/tr\/#website\",\"url\":\"https:\/\/demostore.ai\/tr\/\",\"name\":\"Trendy Thread\",\"description\":\"WriteText.ai Demo Ma\u011fazas\u0131\",\"publisher\":{\"@id\":\"https:\/\/demostore.ai\/tr\/#organization\"},\"potentialAction\":[{\"@type\":\"SearchAction\",\"target\":{\"@type\":\"EntryPoint\",\"urlTemplate\":\"https:\/\/demostore.ai\/tr\/?s={search_term_string}\"},\"query-input\":{\"@type\":\"PropertyValueSpecification\",\"valueRequired\":true,\"valueName\":\"search_term_string\"}}],\"inLanguage\":\"tr\"},{\"@type\":\"Organization\",\"@id\":\"https:\/\/demostore.ai\/tr\/#organization\",\"name\":\"WriteText.ai\",\"url\":\"https:\/\/demostore.ai\/tr\/\",\"logo\":{\"@type\":\"ImageObject\",\"inLanguage\":\"tr\",\"@id\":\"https:\/\/demostore.ai\/tr\/#\/schema\/logo\/image\/\",\"url\":\"https:\/\/demostore.ai\/wp-content\/uploads\/2025\/10\/writetext_logo.webp\",\"contentUrl\":\"https:\/\/demostore.ai\/wp-content\/uploads\/2025\/10\/writetext_logo.webp\",\"width\":200,\"height\":34,\"caption\":\"WriteText.ai\"},\"image\":{\"@id\":\"https:\/\/demostore.ai\/tr\/#\/schema\/logo\/image\/\"}}]}<\/script>\n<!-- \/ Yoast SEO plugin. -->","yoast_head_json":{"title":"Ke\u015ffet Kashieca Zeytin Ye\u015fili Elbise Zamans\u0131z Stil","description":"Yepyeni bir \u015fehir \u015f\u0131kl\u0131\u011f\u0131 havas\u0131. Fonksiyonel cepleri, ayarlanabilir kemeri ve sade zeytin ye\u015filiyle g\u00fcn boyu rahatl\u0131\u011f\u0131 ve kombinde \u00f6zg\u00fcrl\u00fc\u011f\u00fc ya\u015fay\u0131n.","robots":{"index":"index","follow":"follow","max-snippet":"max-snippet:-1","max-image-preview":"max-image-preview:large","max-video-preview":"max-video-preview:-1"},"canonical":"https:\/\/demostore.ai\/tr\/urun\/kashieca-zeytin-yesili-elbise\/","og_type":"article","og_title":"Ke\u015ffet Kashieca Zeytin Ye\u015fili Elbise Zamans\u0131z Stil","og_description":"Iddial\u0131 bir modernlik. Kashieca Zeytin Ye\u015fili Elbise, geni\u015f cepleri ve ayarlanabilir kemeriyle hem ofiste hem g\u00fcnl\u00fck hayatta pratiklik, minimal \u00e7izgilerle zamans\u0131z stil sunar.","og_url":"https:\/\/demostore.ai\/tr\/urun\/kashieca-zeytin-yesili-elbise\/","og_site_name":"Trendy Thread","article_modified_time":"2026-02-19T02:41:02+00:00","og_image":[{"width":497,"height":1000,"url":"https:\/\/demostore.ai\/wp-content\/uploads\/2025\/06\/Dress-1-scaled-1.png","type":"image\/png"}],"twitter_card":"summary_large_image","twitter_title":"Ke\u015ffet Kashieca Zeytin Ye\u015fili Elbise Zamans\u0131z Stil","twitter_description":"Iddial\u0131 bir modernlik. Kashieca Zeytin Ye\u015fili Elbise, geni\u015f cepleri ve ayarlanabilir kemeriyle hem ofiste hem g\u00fcnl\u00fck hayatta pratiklik, minimal \u00e7izgilerle zamans\u0131z stil sunar.","twitter_misc":{"Tahmini okuma s\u00fcresi":"1 dakika"},"schema":{"@context":"https:\/\/schema.org","@graph":[{"@type":"WebPage","@id":"https:\/\/demostore.ai\/tr\/urun\/kashieca-zeytin-yesili-elbise\/","url":"https:\/\/demostore.ai\/tr\/urun\/kashieca-zeytin-yesili-elbise\/","name":"Ke\u015ffet Kashieca Zeytin Ye\u015fili Elbise Zamans\u0131z Stil","isPartOf":{"@id":"https:\/\/demostore.ai\/tr\/#website"},"primaryImageOfPage":{"@id":"https:\/\/demostore.ai\/tr\/urun\/kashieca-zeytin-yesili-elbise\/#primaryimage"},"image":{"@id":"https:\/\/demostore.ai\/tr\/urun\/kashieca-zeytin-yesili-elbise\/#primaryimage"},"thumbnailUrl":"https:\/\/demostore.ai\/wp-content\/uploads\/2025\/06\/Dress-1-scaled-1.png","datePublished":"2025-06-15T23:30:54+00:00","dateModified":"2026-02-19T02:41:02+00:00","description":"Yepyeni bir \u015fehir \u015f\u0131kl\u0131\u011f\u0131 havas\u0131. Fonksiyonel cepleri, ayarlanabilir kemeri ve sade zeytin ye\u015filiyle g\u00fcn boyu rahatl\u0131\u011f\u0131 ve kombinde \u00f6zg\u00fcrl\u00fc\u011f\u00fc ya\u015fay\u0131n.","breadcrumb":{"@id":"https:\/\/demostore.ai\/tr\/urun\/kashieca-zeytin-yesili-elbise\/#breadcrumb"},"inLanguage":"tr","potentialAction":[{"@type":"ReadAction","target":["https:\/\/demostore.ai\/tr\/urun\/kashieca-zeytin-yesili-elbise\/"]}]},{"@type":"ImageObject","inLanguage":"tr","@id":"https:\/\/demostore.ai\/tr\/urun\/kashieca-zeytin-yesili-elbise\/#primaryimage","url":"https:\/\/demostore.ai\/wp-content\/uploads\/2025\/06\/Dress-1-scaled-1.png","contentUrl":"https:\/\/demostore.ai\/wp-content\/uploads\/2025\/06\/Dress-1-scaled-1.png","width":497,"height":1000,"caption":"Kashieca zeytin ye\u015fili, cepli ve kemerli kad\u0131n elbisesi \u00fcr\u00fcn g\u00f6rseli."},{"@type":"BreadcrumbList","@id":"https:\/\/demostore.ai\/tr\/urun\/kashieca-zeytin-yesili-elbise\/#breadcrumb","itemListElement":[{"@type":"ListItem","position":1,"name":"Ana Sayfa","item":"https:\/\/demostore.ai\/tr\/"},{"@type":"ListItem","position":2,"name":"Ma\u011faza","item":"https:\/\/demostore.ai\/tr\/magaza\/"},{"@type":"ListItem","position":3,"name":"Kashieca Zeytin Ye\u015fili Elbise"}]},{"@type":"WebSite","@id":"https:\/\/demostore.ai\/tr\/#website","url":"https:\/\/demostore.ai\/tr\/","name":"Trendy Thread","description":"WriteText.ai Demo Ma\u011fazas\u0131","publisher":{"@id":"https:\/\/demostore.ai\/tr\/#organization"},"potentialAction":[{"@type":"SearchAction","target":{"@type":"EntryPoint","urlTemplate":"https:\/\/demostore.ai\/tr\/?s={search_term_string}"},"query-input":{"@type":"PropertyValueSpecification","valueRequired":true,"valueName":"search_term_string"}}],"inLanguage":"tr"},{"@type":"Organization","@id":"https:\/\/demostore.ai\/tr\/#organization","name":"WriteText.ai","url":"https:\/\/demostore.ai\/tr\/","logo":{"@type":"ImageObject","inLanguage":"tr","@id":"https:\/\/demostore.ai\/tr\/#\/schema\/logo\/image\/","url":"https:\/\/demostore.ai\/wp-content\/uploads\/2025\/10\/writetext_logo.webp","contentUrl":"https:\/\/demostore.ai\/wp-content\/uploads\/2025\/10\/writetext_logo.webp","width":200,"height":34,"caption":"WriteText.ai"},"image":{"@id":"https:\/\/demostore.ai\/tr\/#\/schema\/logo\/image\/"}}]}},"_links":{"self":[{"href":"https:\/\/demostore.ai\/tr\/wp-json\/wp\/v2\/product\/37567","targetHints":{"allow":["GET"]}}],"collection":[{"href":"https:\/\/demostore.ai\/tr\/wp-json\/wp\/v2\/product"}],"about":[{"href":"https:\/\/demostore.ai\/tr\/wp-json\/wp\/v2\/types\/product"}],"replies":[{"embeddable":true,"href":"https:\/\/demostore.ai\/tr\/wp-json\/wp\/v2\/comments?post=37567"}],"wp:featuredmedia":[{"embeddable":true,"href":"https:\/\/demostore.ai\/tr\/wp-json\/wp\/v2\/media\/21976"}],"wp:attachment":[{"href":"https:\/\/demostore.ai\/tr\/wp-json\/wp\/v2\/media?parent=37567"}],"wp:term":[{"taxonomy":"product_brand","embeddable":true,"href":"https:\/\/demostore.ai\/tr\/wp-json\/wp\/v2\/product_brand?post=37567"},{"taxonomy":"product_cat","embeddable":true,"href":"https:\/\/demostore.ai\/tr\/wp-json\/wp\/v2\/product_cat?post=37567"},{"taxonomy":"product_tag","embeddable":true,"href":"https:\/\/demostore.ai\/tr\/wp-json\/wp\/v2\/product_tag?post=37567"}],"curies":[{"name":"wp","href":"https:\/\/api.w.org\/{rel}","templated":true}]}}