{"id":37226,"date":"2025-07-28T06:48:35","date_gmt":"2025-07-27T22:48:35","guid":{"rendered":"https:\/\/demostore.ai\/?post_type=product&#038;p=37226"},"modified":"2026-02-19T10:48:21","modified_gmt":"2026-02-19T02:48:21","slug":"iki-renkli-altin-yaprak-bros","status":"publish","type":"product","link":"https:\/\/demostore.ai\/tr\/urun\/iki-renkli-altin-yaprak-bros\/","title":{"rendered":"\u0130ki Renkli Alt\u0131n Yaprak Bro\u015f"},"content":{"rendered":"<section data-wtai-block-id=\"wtai_product_description_features\" class=\"wtai-section wtai-features-section\">\n<h2>\u00d6ne \u00c7\u0131kan \u00d6zellikler<\/h2>\n<ul>\n<li><strong>Malzeme:<\/strong> Y\u00fcksek kaliteli iki renkli alt\u0131n kaplama metal g\u00f6vde<\/li>\n<li><strong>Y\u00fczey \u0130\u015flemesi:<\/strong> Parlak alt\u0131n ve sar\u0131 alt\u0131n tonlar\u0131nda detayl\u0131 yaprak tasar\u0131m\u0131<\/li>\n<li><strong>Embellishment:<\/strong> \u015e\u0131k parlak ta\u015flarla s\u00fcslenmi\u015f merkez ve kenar k\u0131s\u0131mlar<\/li>\n<li><strong>Kapan\u0131\u015f Tipi:<\/strong> G\u00fc\u00e7l\u00fc ve g\u00fcvenli bro\u015f i\u011fne mekanizmas\u0131<\/li>\n<li><strong>El \u0130\u015f\u00e7ili\u011fi:<\/strong> Zarif ve \u00f6zenli el i\u015f\u00e7ili\u011fi ile klasik formda i\u015flenmi\u015f<\/li>\n<li><strong>Boyut:<\/strong> G\u00f6z al\u0131c\u0131 ama dengeli, hem g\u00fcnl\u00fck hem \u00f6zel anlarda rahat tak\u0131labilecek boyut<\/li>\n<\/ul>\n<\/section>\n<div data-wtai-block-id=\"wtai_product_description_image_1753853427907\" class=\"wtai-section wtai-image_1753853427907-section\">\n<figure class=\"wtai-image-p wtai-align-center\" style=\"text-align:center\"><img decoding=\"async\" src=\"https:\/\/demostore.ai\/wp-content\/uploads\/2025\/07\/2-Two-Tone-Gold-Ring-with-Twin-Pearls-and-Textured-Leaf-Detail-1-600x181.png\" alt=\"\u0130ki renkli alt\u0131ndan yap\u0131lm\u0131\u015f yaprak \u015feklinde bro\u015f, yan profilden g\u00f6r\u00fcn\u00fcm.\" srcset=\"https:\/\/demostore.ai\/wp-content\/uploads\/2025\/07\/2-Two-Tone-Gold-Ring-with-Twin-Pearls-and-Textured-Leaf-Detail-1.png 1000w, https:\/\/demostore.ai\/wp-content\/uploads\/2025\/07\/2-Two-Tone-Gold-Ring-with-Twin-Pearls-and-Textured-Leaf-Detail-1-300x90.png 300w, https:\/\/demostore.ai\/wp-content\/uploads\/2025\/07\/2-Two-Tone-Gold-Ring-with-Twin-Pearls-and-Textured-Leaf-Detail-1-768x231.png 768w, https:\/\/demostore.ai\/wp-content\/uploads\/2025\/07\/2-Two-Tone-Gold-Ring-with-Twin-Pearls-and-Textured-Leaf-Detail-1-600x181.png 600w\"><figcaption>\n<p>\u0130nce ve zarif yaprak formu, alt\u0131n\u0131n iki renkli \u0131\u015f\u0131lt\u0131s\u0131yla dikkat \u00e7ekiyor.<\/p>\n<\/figcaption><\/figure>\n<\/p><\/div>\n<section data-wtai-block-id=\"wtai_product_description_use_cases\" class=\"wtai-section wtai-use_cases-section\">\n<h2>Kullan\u0131m Alanlar\u0131 ve Stil \u00d6nerileri<\/h2>\n<ul>\n<li>Klasik ceketlerin yakalar\u0131nda zarif bir dokunu\u015f olarak dikkat \u00e7eker.<\/li>\n<li>Gece davetlerinde elbiselerinizi g\u00f6z al\u0131c\u0131 bir aksesuarla tamamlar.<\/li>\n<li>\u015eal ve fular \u00fcst\u00fcnde tak\u0131larak sofistike bir g\u00f6r\u00fcnt\u00fc sa\u011flar.<\/li>\n<li>\u00c7anta veya bere gibi aksesuarlarda farkl\u0131l\u0131k arayanlar i\u00e7in \u00f6zel bir detay sunar.<\/li>\n<li>Birden fazla bro\u015fla ayn\u0131 anda kullanarak trend katmanl\u0131 stil olu\u015fturabilirsiniz.<\/li>\n<\/ul>\n<\/section>\n<section data-wtai-block-id=\"wtai_product_description_custom_1754204236758\" class=\"wtai-section wtai-custom_1754204236758-section\">\n<h2>\u0130ki Renkli Alt\u0131n Yaprak Bro\u015fun Uygun Oldu\u011fu Anlar<\/h2>\n<ul>\n<li><strong>Zarif hediyele\u015fme<\/strong> \u2013 Sevdiklerinize anlaml\u0131 ve \u015f\u0131k bir arma\u011fan sunmak istedi\u011finizde.<\/li>\n<li><strong>\u00d6zel davet \u015f\u0131kl\u0131\u011f\u0131<\/strong> \u2013 D\u00fc\u011f\u00fcn, ni\u015fan veya mezuniyet gibi \u00f6nemli etkinliklerde klasik tarz\u0131n\u0131za sofistike bir dokunu\u015f ekler.<\/li>\n<li><strong>G\u00fcnl\u00fck kombinlere zarafet katmak<\/strong> \u2013 Sade bir cekete ya da kaban\u0131n\u0131za nostaljik bir \u015f\u0131kl\u0131k kazand\u0131rmak i\u00e7in idealdir.<\/li>\n<li><strong>Ofis stiliyle uyum<\/strong> \u2013 \u00c7al\u0131\u015fma ortam\u0131nda klasik ya da modern kombinlerinizi \u00f6ne \u00e7\u0131kar\u0131r.<\/li>\n<li><strong>Anlam y\u00fckl\u00fc bir jest<\/strong> \u2013 Do\u011fum g\u00fcn\u00fc, Anneler G\u00fcn\u00fc veya Y\u0131lba\u015f\u0131 gibi anlaml\u0131 g\u00fcnlerde unutulmaz bir s\u00fcrpriz olur.<\/li>\n<li><strong>Ku\u015faklar aras\u0131 stil miras\u0131<\/strong> \u2013 Farkl\u0131 ya\u015f gruplar\u0131nda, nesilden nesile aktar\u0131labilecek de\u011ferde bir aksesuar olarak tercih edilebilir.<\/li>\n<\/ul>\n<\/section>\n<section data-wtai-block-id=\"wtai_product_description_custom_1753164383380\" class=\"wtai-section wtai-custom_1753164383380-section\">\n<h3>\u0130ki Renkli Alt\u0131n Yaprak Bro\u015funuzu Uzun S\u00fcre Parlak Tutman\u0131n Yollar\u0131<\/h3>\n<ul>\n<li>Kulland\u0131ktan sonra bro\u015funuzu yumu\u015fak bir bezle nazik\u00e7e silerek do\u011fal parlakl\u0131\u011f\u0131n\u0131 korumas\u0131na yard\u0131mc\u0131 olun.<\/li>\n<li>Parf\u00fcm, krem ve su gibi kimyasallarla do\u011frudan temas\u0131ndan ka\u00e7\u0131n\u0131n, b\u00f6ylece alt\u0131n kaplamalar\u0131 solmaz ve ta\u015flar\u0131 zarar g\u00f6rmez.<\/li>\n<li>Bro\u015fu di\u011fer tak\u0131lardan ayr\u0131 \u015fekilde yumu\u015fak bir kutuda veya kese i\u00e7inde saklayarak \u00e7izilmelerin \u00f6n\u00fcne ge\u00e7in.<\/li>\n<\/ul>\n<\/section>\n<div data-wtai-block-id=\"wtai_product_description_image_1753853450366\" class=\"wtai-section wtai-image_1753853450366-section\">\n<figure class=\"wtai-image-p wtai-align-center\" style=\"text-align:center\"><img decoding=\"async\" src=\"https:\/\/demostore.ai\/wp-content\/uploads\/2025\/07\/4-Two-Tone-Gold-Ring-with-Twin-Pearls-and-Textured-Leaf-Detail.png\" alt=\"\u0130ki renkli alt\u0131ndan, yaprak formunda ve ta\u015f i\u015flemeli \u015f\u0131k bir bro\u015f\" srcset=\"https:\/\/demostore.ai\/wp-content\/uploads\/2025\/07\/4-Two-Tone-Gold-Ring-with-Twin-Pearls-and-Textured-Leaf-Detail.png 498w, https:\/\/demostore.ai\/wp-content\/uploads\/2025\/07\/4-Two-Tone-Gold-Ring-with-Twin-Pearls-and-Textured-Leaf-Detail-205x300.png 205w\"><figcaption>\n<p>Ta\u015f detaylar\u0131yla s\u00fcslenen yaprak motifleri, klasik \u015f\u0131kl\u0131\u011f\u0131 modern bir dokunu\u015fla bulu\u015fturuyor.<\/p>\n<\/figcaption><\/figure>\n<\/p><\/div>\n<section data-wtai-block-id=\"wtai_product_description_faqs\" class=\"wtai-section wtai-faqs-section\">\n<h2>S\u0131k Sorulan Sorular<\/h2>\n<p><strong>Bro\u015f hangi malzemeden \u00fcretilmi\u015ftir?<\/strong> <br \/> \u0130ki ton alt\u0131n kaplama metal ve parlak ta\u015flardan \u00fcretilmi\u015ftir.<\/p>\n<p><strong>G\u00fcnl\u00fck kullan\u0131mda rahatl\u0131kla kullan\u0131labilir mi?<\/strong> <br \/> G\u00fcvenli i\u011fne mekanizmas\u0131 sayesinde her ortamda konforla kullan\u0131labilir.<\/p>\n<p><strong>Nas\u0131l muhafaza edilmelidir?<\/strong> <br \/> Kuru ve yumu\u015fak bir bezle saklayarak parlakl\u0131\u011f\u0131n\u0131 uzun s\u00fcre koruyabilirsiniz.<\/p>\n<p><strong>Hediye olarak uygun mudur?<\/strong> <br \/> \u015e\u0131k tasar\u0131m\u0131 ve zarif sunumu ile her ya\u015fa hitap eden \u00f6zel bir hediye se\u00e7ene\u011fidir.<\/p>\n<\/section>\n<section data-wtai-block-id=\"wtai_product_description_conclusion\" class=\"wtai-section wtai-conclusion-section\">\n<h2>\u015eimdi Zarafeti Ke\u015ffetme Zaman\u0131<\/h2>\n<p><strong>\u0130ki Renkli Alt\u0131n Yaprak Bro\u015f ile tarz\u0131n\u0131za klasik ve elegan bir dokunu\u015f ekleyin.<\/strong> <strong>El i\u015f\u00e7ili\u011fi ve \u00f6zel detaylar\u0131 sayesinde her an\u0131n\u0131za de\u011fer katar.<\/strong> <strong>Siz de bu ayr\u0131cal\u0131\u011f\u0131 ka\u00e7\u0131rmay\u0131n; zarafeti ke\u015ffetmek i\u00e7in bug\u00fcn ad\u0131m at\u0131n.<\/strong><\/p>\n<\/section>\n","protected":false},"excerpt":{"rendered":"<div data-wtai-block-id=\"wtai_excerpt_subtitle\" class=\"wtai-section wtai-subtitle-section\">\n<p><em><strong>Zamans\u0131z zerafetin ve \u0131\u015f\u0131lt\u0131n\u0131n alt\u0131n yapraktaki bulu\u015fmas\u0131.<\/strong><\/em><\/p>\n<\/p><\/div>\n<div data-wtai-block-id=\"wtai_excerpt_introduction\" class=\"wtai-section wtai-introduction-section\">\n<p>Bazen bir par\u00e7a, t\u00fcm zarafetiyle \u00f6ne \u00e7\u0131kar ve kendine has bir hik\u00e2ye anlat\u0131r. \u0130ki rengin kusursuz uyumuyla hayat bulan bu alt\u0131n yaprak, sade bir dokunu\u015fla t\u00fcm tarzlara asil bir ifade kazand\u0131r\u0131yor. Par\u0131lt\u0131l\u0131 ta\u015f detaylar\u0131yla modern ve klasik \u00e7izgileri bir araya getiren tasar\u0131m, stil sahibi kad\u0131nlar\u0131n favorisi olmaya aday. Anlam\u0131 ve \u015f\u0131kl\u0131\u011f\u0131yla her nesle \u00f6zel, sevdiklerinize de \u00f6zel bir hat\u0131ra olabilir.<\/p>\n<\/p><\/div>\n","protected":false},"featured_media":32215,"comment_status":"open","ping_status":"closed","template":"","meta":[],"product_brand":[],"product_cat":[316],"product_tag":[],"class_list":{"0":"post-37226","1":"product","2":"type-product","3":"status-publish","4":"has-post-thumbnail","6":"product_cat-takilar","8":"first","9":"instock","10":"shipping-taxable","11":"purchasable","12":"product-type-simple"},"bundled_by":[],"bundle_stock_status":"instock","bundle_stock_quantity":null,"bundle_virtual":false,"bundle_layout":"","bundle_add_to_cart_form_location":"","bundle_editable_in_cart":false,"bundle_sold_individually_context":"","bundle_item_grouping":"","bundle_min_size":"","bundle_max_size":"","bundle_price":[],"bundled_items":[],"bundle_sell_ids":[],"yoast_head":"<!-- This site is optimized with the Yoast SEO plugin v25.2 - https:\/\/yoast.com\/wordpress\/plugins\/seo\/ -->\n<title>Ke\u015ffet \u0130ki Renkli Alt\u0131n Yaprak Bro\u015f ile Klasik Zarafet<\/title>\n<meta name=\"description\" content=\"Parlayan ta\u015f detaylar ve iki ton alt\u0131n\u0131n bulu\u015ftu\u011fu klasik yaprak tasar\u0131m. Ceket, \u015fal veya elbiselerde zarif ve g\u00f6z al\u0131c\u0131 bir dokunu\u015f sunar.\" \/>\n<meta name=\"robots\" content=\"index, follow, max-snippet:-1, max-image-preview:large, max-video-preview:-1\" \/>\n<link rel=\"canonical\" href=\"https:\/\/demostore.ai\/tr\/urun\/iki-renkli-altin-yaprak-bros\/\" \/>\n<meta property=\"og:type\" content=\"article\" \/>\n<meta property=\"og:title\" content=\"Ke\u015ffet \u0130ki Renkli Alt\u0131n Yaprak Bro\u015f ile Klasik Zarafet\" \/>\n<meta property=\"og:description\" content=\"Zamans\u0131z iki renkli alt\u0131n yaprak bro\u015f ile klasik stilinizi \u00f6ne \u00e7\u0131kar\u0131n. \u015e\u0131k ta\u015f s\u00fcslemesi ve zarif formuyla g\u00fcnl\u00fckten \u00f6zel davetlere her an yan\u0131n\u0131zda.\" \/>\n<meta property=\"og:url\" content=\"https:\/\/demostore.ai\/tr\/urun\/iki-renkli-altin-yaprak-bros\/\" \/>\n<meta property=\"og:site_name\" content=\"Trendy Thread\" \/>\n<meta property=\"article:modified_time\" content=\"2026-02-19T02:48:21+00:00\" \/>\n<meta property=\"og:image\" content=\"https:\/\/demostore.ai\/wp-content\/uploads\/2025\/07\/1-Two-Tone-Gold-Ring-with-Twin-Pearls-and-Textured-Leaf-Detail-1.png\" \/>\n\t<meta property=\"og:image:width\" content=\"1000\" \/>\n\t<meta property=\"og:image:height\" content=\"445\" \/>\n\t<meta property=\"og:image:type\" content=\"image\/png\" \/>\n<meta name=\"twitter:card\" content=\"summary_large_image\" \/>\n<meta name=\"twitter:title\" content=\"Ke\u015ffet \u0130ki Renkli Alt\u0131n Yaprak Bro\u015f ile Klasik Zarafet\" \/>\n<meta name=\"twitter:description\" content=\"Zamans\u0131z iki renkli alt\u0131n yaprak bro\u015f ile klasik stilinizi \u00f6ne \u00e7\u0131kar\u0131n. \u015e\u0131k ta\u015f s\u00fcslemesi ve zarif formuyla g\u00fcnl\u00fckten \u00f6zel davetlere her an yan\u0131n\u0131zda.\" \/>\n<meta name=\"twitter:label1\" content=\"Tahmini okuma s\u00fcresi\" \/>\n\t<meta name=\"twitter:data1\" content=\"1 dakika\" \/>\n<script type=\"application\/ld+json\" class=\"yoast-schema-graph\">{\"@context\":\"https:\/\/schema.org\",\"@graph\":[{\"@type\":\"WebPage\",\"@id\":\"https:\/\/demostore.ai\/tr\/urun\/iki-renkli-altin-yaprak-bros\/\",\"url\":\"https:\/\/demostore.ai\/tr\/urun\/iki-renkli-altin-yaprak-bros\/\",\"name\":\"Ke\u015ffet \u0130ki Renkli Alt\u0131n Yaprak Bro\u015f ile Klasik Zarafet\",\"isPartOf\":{\"@id\":\"https:\/\/demostore.ai\/tr\/#website\"},\"primaryImageOfPage\":{\"@id\":\"https:\/\/demostore.ai\/tr\/urun\/iki-renkli-altin-yaprak-bros\/#primaryimage\"},\"image\":{\"@id\":\"https:\/\/demostore.ai\/tr\/urun\/iki-renkli-altin-yaprak-bros\/#primaryimage\"},\"thumbnailUrl\":\"https:\/\/demostore.ai\/wp-content\/uploads\/2025\/07\/1-Two-Tone-Gold-Ring-with-Twin-Pearls-and-Textured-Leaf-Detail-1.png\",\"datePublished\":\"2025-07-27T22:48:35+00:00\",\"dateModified\":\"2026-02-19T02:48:21+00:00\",\"description\":\"Parlayan ta\u015f detaylar ve iki ton alt\u0131n\u0131n bulu\u015ftu\u011fu klasik yaprak tasar\u0131m. Ceket, \u015fal veya elbiselerde zarif ve g\u00f6z al\u0131c\u0131 bir dokunu\u015f sunar.\",\"breadcrumb\":{\"@id\":\"https:\/\/demostore.ai\/tr\/urun\/iki-renkli-altin-yaprak-bros\/#breadcrumb\"},\"inLanguage\":\"tr\",\"potentialAction\":[{\"@type\":\"ReadAction\",\"target\":[\"https:\/\/demostore.ai\/tr\/urun\/iki-renkli-altin-yaprak-bros\/\"]}]},{\"@type\":\"ImageObject\",\"inLanguage\":\"tr\",\"@id\":\"https:\/\/demostore.ai\/tr\/urun\/iki-renkli-altin-yaprak-bros\/#primaryimage\",\"url\":\"https:\/\/demostore.ai\/wp-content\/uploads\/2025\/07\/1-Two-Tone-Gold-Ring-with-Twin-Pearls-and-Textured-Leaf-Detail-1.png\",\"contentUrl\":\"https:\/\/demostore.ai\/wp-content\/uploads\/2025\/07\/1-Two-Tone-Gold-Ring-with-Twin-Pearls-and-Textured-Leaf-Detail-1.png\",\"width\":1000,\"height\":445,\"caption\":\"\u0130ki renkli alt\u0131ndan, yaprak \u015feklinde ta\u015flarla s\u00fcslenmi\u015f bro\u015f \u00fcr\u00fcn g\u00f6rseli.\"},{\"@type\":\"BreadcrumbList\",\"@id\":\"https:\/\/demostore.ai\/tr\/urun\/iki-renkli-altin-yaprak-bros\/#breadcrumb\",\"itemListElement\":[{\"@type\":\"ListItem\",\"position\":1,\"name\":\"Ana Sayfa\",\"item\":\"https:\/\/demostore.ai\/tr\/\"},{\"@type\":\"ListItem\",\"position\":2,\"name\":\"Ma\u011faza\",\"item\":\"https:\/\/demostore.ai\/tr\/magaza\/\"},{\"@type\":\"ListItem\",\"position\":3,\"name\":\"\u0130ki Renkli Alt\u0131n Yaprak Bro\u015f\"}]},{\"@type\":\"WebSite\",\"@id\":\"https:\/\/demostore.ai\/tr\/#website\",\"url\":\"https:\/\/demostore.ai\/tr\/\",\"name\":\"Trendy Thread\",\"description\":\"WriteText.ai Demo Ma\u011fazas\u0131\",\"publisher\":{\"@id\":\"https:\/\/demostore.ai\/tr\/#organization\"},\"potentialAction\":[{\"@type\":\"SearchAction\",\"target\":{\"@type\":\"EntryPoint\",\"urlTemplate\":\"https:\/\/demostore.ai\/tr\/?s={search_term_string}\"},\"query-input\":{\"@type\":\"PropertyValueSpecification\",\"valueRequired\":true,\"valueName\":\"search_term_string\"}}],\"inLanguage\":\"tr\"},{\"@type\":\"Organization\",\"@id\":\"https:\/\/demostore.ai\/tr\/#organization\",\"name\":\"WriteText.ai\",\"url\":\"https:\/\/demostore.ai\/tr\/\",\"logo\":{\"@type\":\"ImageObject\",\"inLanguage\":\"tr\",\"@id\":\"https:\/\/demostore.ai\/tr\/#\/schema\/logo\/image\/\",\"url\":\"https:\/\/demostore.ai\/wp-content\/uploads\/2025\/10\/writetext_logo.webp\",\"contentUrl\":\"https:\/\/demostore.ai\/wp-content\/uploads\/2025\/10\/writetext_logo.webp\",\"width\":200,\"height\":34,\"caption\":\"WriteText.ai\"},\"image\":{\"@id\":\"https:\/\/demostore.ai\/tr\/#\/schema\/logo\/image\/\"}}]}<\/script>\n<!-- \/ Yoast SEO plugin. -->","yoast_head_json":{"title":"Ke\u015ffet \u0130ki Renkli Alt\u0131n Yaprak Bro\u015f ile Klasik Zarafet","description":"Parlayan ta\u015f detaylar ve iki ton alt\u0131n\u0131n bulu\u015ftu\u011fu klasik yaprak tasar\u0131m. Ceket, \u015fal veya elbiselerde zarif ve g\u00f6z al\u0131c\u0131 bir dokunu\u015f sunar.","robots":{"index":"index","follow":"follow","max-snippet":"max-snippet:-1","max-image-preview":"max-image-preview:large","max-video-preview":"max-video-preview:-1"},"canonical":"https:\/\/demostore.ai\/tr\/urun\/iki-renkli-altin-yaprak-bros\/","og_type":"article","og_title":"Ke\u015ffet \u0130ki Renkli Alt\u0131n Yaprak Bro\u015f ile Klasik Zarafet","og_description":"Zamans\u0131z iki renkli alt\u0131n yaprak bro\u015f ile klasik stilinizi \u00f6ne \u00e7\u0131kar\u0131n. \u015e\u0131k ta\u015f s\u00fcslemesi ve zarif formuyla g\u00fcnl\u00fckten \u00f6zel davetlere her an yan\u0131n\u0131zda.","og_url":"https:\/\/demostore.ai\/tr\/urun\/iki-renkli-altin-yaprak-bros\/","og_site_name":"Trendy Thread","article_modified_time":"2026-02-19T02:48:21+00:00","og_image":[{"width":1000,"height":445,"url":"https:\/\/demostore.ai\/wp-content\/uploads\/2025\/07\/1-Two-Tone-Gold-Ring-with-Twin-Pearls-and-Textured-Leaf-Detail-1.png","type":"image\/png"}],"twitter_card":"summary_large_image","twitter_title":"Ke\u015ffet \u0130ki Renkli Alt\u0131n Yaprak Bro\u015f ile Klasik Zarafet","twitter_description":"Zamans\u0131z iki renkli alt\u0131n yaprak bro\u015f ile klasik stilinizi \u00f6ne \u00e7\u0131kar\u0131n. \u015e\u0131k ta\u015f s\u00fcslemesi ve zarif formuyla g\u00fcnl\u00fckten \u00f6zel davetlere her an yan\u0131n\u0131zda.","twitter_misc":{"Tahmini okuma s\u00fcresi":"1 dakika"},"schema":{"@context":"https:\/\/schema.org","@graph":[{"@type":"WebPage","@id":"https:\/\/demostore.ai\/tr\/urun\/iki-renkli-altin-yaprak-bros\/","url":"https:\/\/demostore.ai\/tr\/urun\/iki-renkli-altin-yaprak-bros\/","name":"Ke\u015ffet \u0130ki Renkli Alt\u0131n Yaprak Bro\u015f ile Klasik Zarafet","isPartOf":{"@id":"https:\/\/demostore.ai\/tr\/#website"},"primaryImageOfPage":{"@id":"https:\/\/demostore.ai\/tr\/urun\/iki-renkli-altin-yaprak-bros\/#primaryimage"},"image":{"@id":"https:\/\/demostore.ai\/tr\/urun\/iki-renkli-altin-yaprak-bros\/#primaryimage"},"thumbnailUrl":"https:\/\/demostore.ai\/wp-content\/uploads\/2025\/07\/1-Two-Tone-Gold-Ring-with-Twin-Pearls-and-Textured-Leaf-Detail-1.png","datePublished":"2025-07-27T22:48:35+00:00","dateModified":"2026-02-19T02:48:21+00:00","description":"Parlayan ta\u015f detaylar ve iki ton alt\u0131n\u0131n bulu\u015ftu\u011fu klasik yaprak tasar\u0131m. Ceket, \u015fal veya elbiselerde zarif ve g\u00f6z al\u0131c\u0131 bir dokunu\u015f sunar.","breadcrumb":{"@id":"https:\/\/demostore.ai\/tr\/urun\/iki-renkli-altin-yaprak-bros\/#breadcrumb"},"inLanguage":"tr","potentialAction":[{"@type":"ReadAction","target":["https:\/\/demostore.ai\/tr\/urun\/iki-renkli-altin-yaprak-bros\/"]}]},{"@type":"ImageObject","inLanguage":"tr","@id":"https:\/\/demostore.ai\/tr\/urun\/iki-renkli-altin-yaprak-bros\/#primaryimage","url":"https:\/\/demostore.ai\/wp-content\/uploads\/2025\/07\/1-Two-Tone-Gold-Ring-with-Twin-Pearls-and-Textured-Leaf-Detail-1.png","contentUrl":"https:\/\/demostore.ai\/wp-content\/uploads\/2025\/07\/1-Two-Tone-Gold-Ring-with-Twin-Pearls-and-Textured-Leaf-Detail-1.png","width":1000,"height":445,"caption":"\u0130ki renkli alt\u0131ndan, yaprak \u015feklinde ta\u015flarla s\u00fcslenmi\u015f bro\u015f \u00fcr\u00fcn g\u00f6rseli."},{"@type":"BreadcrumbList","@id":"https:\/\/demostore.ai\/tr\/urun\/iki-renkli-altin-yaprak-bros\/#breadcrumb","itemListElement":[{"@type":"ListItem","position":1,"name":"Ana Sayfa","item":"https:\/\/demostore.ai\/tr\/"},{"@type":"ListItem","position":2,"name":"Ma\u011faza","item":"https:\/\/demostore.ai\/tr\/magaza\/"},{"@type":"ListItem","position":3,"name":"\u0130ki Renkli Alt\u0131n Yaprak Bro\u015f"}]},{"@type":"WebSite","@id":"https:\/\/demostore.ai\/tr\/#website","url":"https:\/\/demostore.ai\/tr\/","name":"Trendy Thread","description":"WriteText.ai Demo Ma\u011fazas\u0131","publisher":{"@id":"https:\/\/demostore.ai\/tr\/#organization"},"potentialAction":[{"@type":"SearchAction","target":{"@type":"EntryPoint","urlTemplate":"https:\/\/demostore.ai\/tr\/?s={search_term_string}"},"query-input":{"@type":"PropertyValueSpecification","valueRequired":true,"valueName":"search_term_string"}}],"inLanguage":"tr"},{"@type":"Organization","@id":"https:\/\/demostore.ai\/tr\/#organization","name":"WriteText.ai","url":"https:\/\/demostore.ai\/tr\/","logo":{"@type":"ImageObject","inLanguage":"tr","@id":"https:\/\/demostore.ai\/tr\/#\/schema\/logo\/image\/","url":"https:\/\/demostore.ai\/wp-content\/uploads\/2025\/10\/writetext_logo.webp","contentUrl":"https:\/\/demostore.ai\/wp-content\/uploads\/2025\/10\/writetext_logo.webp","width":200,"height":34,"caption":"WriteText.ai"},"image":{"@id":"https:\/\/demostore.ai\/tr\/#\/schema\/logo\/image\/"}}]}},"_links":{"self":[{"href":"https:\/\/demostore.ai\/tr\/wp-json\/wp\/v2\/product\/37226","targetHints":{"allow":["GET"]}}],"collection":[{"href":"https:\/\/demostore.ai\/tr\/wp-json\/wp\/v2\/product"}],"about":[{"href":"https:\/\/demostore.ai\/tr\/wp-json\/wp\/v2\/types\/product"}],"replies":[{"embeddable":true,"href":"https:\/\/demostore.ai\/tr\/wp-json\/wp\/v2\/comments?post=37226"}],"wp:featuredmedia":[{"embeddable":true,"href":"https:\/\/demostore.ai\/tr\/wp-json\/wp\/v2\/media\/32215"}],"wp:attachment":[{"href":"https:\/\/demostore.ai\/tr\/wp-json\/wp\/v2\/media?parent=37226"}],"wp:term":[{"taxonomy":"product_brand","embeddable":true,"href":"https:\/\/demostore.ai\/tr\/wp-json\/wp\/v2\/product_brand?post=37226"},{"taxonomy":"product_cat","embeddable":true,"href":"https:\/\/demostore.ai\/tr\/wp-json\/wp\/v2\/product_cat?post=37226"},{"taxonomy":"product_tag","embeddable":true,"href":"https:\/\/demostore.ai\/tr\/wp-json\/wp\/v2\/product_tag?post=37226"}],"curies":[{"name":"wp","href":"https:\/\/api.w.org\/{rel}","templated":true}]}}