{"id":37126,"date":"2025-06-16T09:11:14","date_gmt":"2025-06-16T01:11:14","guid":{"rendered":"https:\/\/demostore.ai\/?post_type=product&#038;p=37126"},"modified":"2026-02-19T13:37:10","modified_gmt":"2026-02-19T05:37:10","slug":"uniqlo-cift-tarafli-parka","status":"publish","type":"product","link":"https:\/\/demostore.ai\/tr\/urun\/uniqlo-cift-tarafli-parka\/","title":{"rendered":"Uniqlo \u00c7ift Tarafl\u0131 Parka"},"content":{"rendered":"<section data-wtai-block-id=\"wtai_product_description_use_cases\" class=\"wtai-section wtai-use_cases-section\">\n<h2>G\u00fcnl\u00fck Hayatta Uniqlo \u00c7ift Tarafl\u0131 Parka Kullan\u0131m Alanlar\u0131<\/h2>\n<ul>\n<li>\u015eehirde i\u015fe veya okula gidip gelirken de\u011fi\u015fen hava ko\u015fullar\u0131na kar\u015f\u0131 koruma sa\u011flar.<\/li>\n<li>Seyahatlerde hafif ve pratik yap\u0131s\u0131yla kolayca bavulda ta\u015f\u0131nabilir ve farkl\u0131 kombinlerde kullan\u0131labilir.<\/li>\n<li>Hafta sonu y\u00fcr\u00fcy\u00fc\u015flerinde veya a\u00e7\u0131k hava aktivitelerinde hem rahatl\u0131k hem de stil a\u00e7\u0131s\u0131ndan tercih edilebilir.<\/li>\n<li>Ani ya\u011f\u0131\u015flara kar\u015f\u0131 d\u0131\u015f mekanlarda h\u0131zl\u0131 \u015fekilde koruma gerektiren durumlarda i\u015flevsellik sunar.<\/li>\n<li>Kamp veya do\u011fa gezilerinde \u00e7ift tarafl\u0131 olmas\u0131 sayesinde birbirinden farkl\u0131 stillerle kullan\u0131labilir.<\/li>\n<\/ul>\n<\/section>\n<div data-wtai-block-id=\"wtai_product_description_image_1753694570766\" class=\"wtai-section wtai-image_1753694570766-section\">\n<figure class=\"wtai-image-p wtai-align-center\" style=\"text-align:center\"><img decoding=\"async\" src=\"https:\/\/demostore.ai\/wp-content\/uploads\/2025\/06\/Windbreaker-2-1-600x528.png\" alt=\"Uniqlo \u00c7ift Tarafl\u0131 Parka, kap\u00fc\u015fonlu ve siyah renkte, arka y\u00fczeyi g\u00f6steriliyor.\" srcset=\"https:\/\/demostore.ai\/wp-content\/uploads\/2025\/06\/Windbreaker-2-1.png 1000w, https:\/\/demostore.ai\/wp-content\/uploads\/2025\/06\/Windbreaker-2-1-300x264.png 300w, https:\/\/demostore.ai\/wp-content\/uploads\/2025\/06\/Windbreaker-2-1-768x676.png 768w, https:\/\/demostore.ai\/wp-content\/uploads\/2025\/06\/Windbreaker-2-1-600x528.png 600w\"><figcaption>\n<p>Siyah renkteki arka y\u00fczey ile kap\u00fc\u015fonun i\u00e7 k\u0131sm\u0131ndaki a\u00e7\u0131k gri detay modern bir kontrast sunuyor.<\/p>\n<\/figcaption><\/figure>\n<\/p><\/div>\n<section data-wtai-block-id=\"wtai_product_description_advantages\" class=\"wtai-section wtai-advantages-section\">\n<h2>Uniqlo \u00c7ift Tarafl\u0131 Parka&#8217;n\u0131n \u00d6ne \u00c7\u0131kan Avantajlar\u0131<\/h2>\n<ul>\n<li>\u00c7ift tarafl\u0131 tasar\u0131m\u0131yla iki farkl\u0131 g\u00f6r\u00fcn\u00fcm sunar, bir parka ile birden fazla stil olu\u015fturabilirsiniz.<\/li>\n<li>Hafif yap\u0131s\u0131 g\u00fcn boyu a\u011f\u0131rl\u0131k hissi yaratmaz, uzun s\u00fcreli kullan\u0131mda rahats\u0131zl\u0131k vermez.<\/li>\n<li>Kap\u00fc\u015fonlu dizayn\u0131 ya\u011fmur ve r\u00fczgarl\u0131 havalarda ekstra koruma sa\u011flar.<\/li>\n<li>Nefes alabilen kuma\u015f yap\u0131s\u0131 terlemeyi ve rahats\u0131zl\u0131\u011f\u0131 azaltarak konforu art\u0131r\u0131r.<\/li>\n<\/ul>\n<\/section>\n<section data-wtai-block-id=\"wtai_product_description_benefits\" class=\"wtai-section wtai-benefits-section\">\n<h2>Hayat\u0131n\u0131z\u0131 Kolayla\u015ft\u0131ran Faydalar<\/h2>\n<ul>\n<li>Tek bir \u00fcr\u00fcnle farkl\u0131 kombinler olu\u015fturma iste\u011fine \u00e7\u00f6z\u00fcm sunar \u00e7\u00fcnk\u00fc \u00e7ift tarafl\u0131 \u00f6zelli\u011fi sayesinde hem siyah hem de gri g\u00f6r\u00fcn\u00fcm elde edilebilir.<\/li>\n<li>De\u011fi\u015fken hava \u015fartlar\u0131nda \u015femsiye ta\u015f\u0131maya gerek b\u0131rakmadan koruma sa\u011flayarak zamandan ve enerjiden tasarruf ettirir.<\/li>\n<li>Hafif olmas\u0131, g\u00fcn i\u00e7inde \u00e7antada kolayca ta\u015f\u0131nmas\u0131na imk\u00e2n verir ve mobil ya\u015fam\u0131 destekler.<\/li>\n<li>\u015e\u0131k ve sade tasar\u0131m\u0131, i\u015f ve sosyal etkinlikler aras\u0131nda h\u0131zl\u0131 ge\u00e7i\u015flerde zamans\u0131z bir alternatif kazand\u0131r\u0131r.<\/li>\n<\/ul>\n<\/section>\n<section data-wtai-block-id=\"wtai_product_description_technical_specifications\" class=\"wtai-section wtai-technical_specifications-section\">\n<h3>Detaylar<\/h3>\n<ul>\n<li><strong>Tasar\u0131m<\/strong>: \u00c7ift tarafl\u0131, kap\u00fc\u015fonlu parka<\/li>\n<li><strong>Renkler<\/strong>: D\u0131\u015f y\u00fcz siyah, i\u00e7 y\u00fcz gri<\/li>\n<li><strong>Kuma\u015f<\/strong>: Sentetik hafif d\u0131\u015f y\u00fczey, pamuk kar\u0131\u015f\u0131ml\u0131 i\u00e7 y\u00fcz<\/li>\n<li><strong>Kapan\u0131\u015f<\/strong>: Fermuars\u0131z, a\u00e7\u0131k \u00f6n<\/li>\n<li><strong>Kullan\u0131m<\/strong>: Her iki y\u00fcz de d\u0131\u015fa gelecek \u015fekilde giyilebilir<\/li>\n<li><strong>A\u011f\u0131rl\u0131k<\/strong>: Yakla\u015f\u0131k 350 g<\/li>\n<li><strong>Beden Se\u00e7enekleri<\/strong>: XS, S, M, L, XL<\/li>\n<li><strong>Uzunluk<\/strong>: (Tahmini) 70 cm<\/li>\n<\/ul>\n<\/section>\n<div data-wtai-block-id=\"wtai_product_description_image_1754224212429\" class=\"wtai-section wtai-image_1754224212429-section\">\n<figure class=\"wtai-image-p wtai-align-center\" style=\"text-align:center\"><img decoding=\"async\" src=\"https:\/\/demostore.ai\/wp-content\/uploads\/2025\/06\/Windbreaker-4-1-600x600.png\" alt=\"Siyah Uniqlo \u00c7ift Tarafl\u0131 Parka, fermuarl\u0131 ve kap\u00fc\u015fonlu olarak \u00fcr\u00fcn sayfas\u0131nda g\u00f6r\u00fcnt\u00fcleniyor.\" srcset=\"https:\/\/demostore.ai\/wp-content\/uploads\/2025\/06\/Windbreaker-4-1.png 1000w, https:\/\/demostore.ai\/wp-content\/uploads\/2025\/06\/Windbreaker-4-1-300x300.png 300w, https:\/\/demostore.ai\/wp-content\/uploads\/2025\/06\/Windbreaker-4-1-150x150.png 150w, https:\/\/demostore.ai\/wp-content\/uploads\/2025\/06\/Windbreaker-4-1-768x768.png 768w, https:\/\/demostore.ai\/wp-content\/uploads\/2025\/06\/Windbreaker-4-1-600x600.png 600w, https:\/\/demostore.ai\/wp-content\/uploads\/2025\/06\/Windbreaker-4-1-250x250.png 250w\"><figcaption>\n<p>Tam boy fermuarl\u0131 \u00f6n tasar\u0131m ve elastik bilekler pratiklik ve rahatl\u0131k sa\u011fl\u0131yor.<\/p>\n<\/figcaption><\/figure>\n<\/p><\/div>\n<section data-wtai-block-id=\"wtai_product_description_faqs\" class=\"wtai-section wtai-faqs-section\">\n<h2>S\u0131k\u00e7a Sorulan Sorular<\/h2>\n<p><strong>\u00c7ift tarafl\u0131 parka nas\u0131l giyilir?<\/strong> <br \/> Her iki taraf\u0131 da d\u0131\u015fa gelecek \u015fekilde giyilebilir; k\u0131yafetinize veya havaya g\u00f6re siyah ya da gri y\u00fcz\u00fc kullanabilirsiniz.<\/p>\n<p><strong>Bu parka hangi hava ko\u015fullar\u0131nda uygundur?<\/strong> <br \/> Mevsim ge\u00e7i\u015flerinde, serin veya hafif ya\u011f\u0131\u015fl\u0131 g\u00fcnlerde rahat kullan\u0131m i\u00e7in idealdir.<\/p>\n<p><strong>Parkan\u0131n kuma\u015f\u0131 terletir mi?<\/strong> <br \/> Nefes alabilen yap\u0131s\u0131 sayesinde hafif tempoda ve g\u00fcnl\u00fck kullan\u0131mda terlemeyi minimumda tutar.<\/p>\n<p><strong>\u00c7antada kolayca ta\u015f\u0131nabilir mi?<\/strong> <br \/> Hafif ve ince yap\u0131da oldu\u011fu i\u00e7in kolayca katlan\u0131p \u00e7antada ta\u015f\u0131nabilir.<\/p>\n<p><strong>Y\u0131kama ve bak\u0131m talimatlar\u0131 nelerdir?<\/strong> <br \/> Nazik y\u0131kama modunda 30\u00b0C&#8217;de makinada y\u0131kanabilir, do\u011frudan g\u00fcne\u015f \u0131\u015f\u0131\u011f\u0131na maruz b\u0131rakmadan kurutulmal\u0131d\u0131r.<\/p>\n<\/section>\n<section data-wtai-block-id=\"wtai_product_description_conclusion\" class=\"wtai-section wtai-conclusion-section\">\n<h2>Tarz\u0131n\u0131z\u0131 ve Konforunuzu Y\u00fckseltin<\/h2>\n<p><strong>Uniqlo \u00c7ift Tarafl\u0131 Parka, hem i\u015flevsellik hem de zarif sade g\u00f6r\u00fcn\u00fcm arayanlar i\u00e7in tasarlanm\u0131\u015ft\u0131r.<\/strong> <strong>\u0130ki farkl\u0131 renk se\u00e7ene\u011fi, hafif ve nefes alabilen kuma\u015f\u0131yla hayat\u0131n\u0131zda yeni bir pratiklik sunar.<\/strong> <strong>H\u0131zl\u0131 tempoya ayak uyduran, her ortamda uyum sa\u011flayan bir \u00fcr\u00fcnle g\u00fcnl\u00fck rutininizi kolayla\u015ft\u0131r\u0131n.<\/strong> <strong>Bug\u00fcn gard\u0131robunuza yenilik katman\u0131n zaman\u0131 geldi; bir sonraki favoriniz olan parkay\u0131 ka\u00e7\u0131rmay\u0131n.<\/strong><\/p>\n<\/section>\n","protected":false},"excerpt":{"rendered":"<div data-wtai-block-id=\"wtai_excerpt_subtitle\" class=\"wtai-section wtai-subtitle-section\">\n<p><em><strong>Tarz\u0131 ve i\u015flevi bir araya getiren esnek \u015fehir tarz\u0131.<\/strong><\/em><\/p>\n<\/p><\/div>\n<div data-wtai-block-id=\"wtai_excerpt_introduction\" class=\"wtai-section wtai-introduction-section\">\n<p>G\u00fcndelik ya\u015fam\u0131n temposuna ayak uydurmak bazen pratik ve \u00e7ok y\u00f6nl\u00fc se\u00e7enekler ister. Uniqlo \u00c7ift Tarafl\u0131 Parka, \u015f\u0131k tasar\u0131m\u0131 ve \u00e7ift tarafl\u0131 kullan\u0131m \u00f6zelli\u011fiyle \u015fehirde, do\u011fada ya da seyahatte fark\u0131n\u0131 ortaya koyuyor. Modern kesimi, hafif yap\u0131s\u0131 ve iki farkl\u0131 y\u00fcz\u00fcyle hem stil hem de fonksiyon arayanlara hitap ediyor. Hareketli g\u00fcnlerin vazge\u00e7ilmezi olarak, mevsim ge\u00e7i\u015flerinde konforla g\u00fcn boyu kendinizi g\u00fc\u00e7l\u00fc hissetmenizi sa\u011flar.<\/p>\n<\/p><\/div>\n","protected":false},"featured_media":29489,"comment_status":"open","ping_status":"closed","template":"","meta":[],"product_brand":[],"product_cat":[261],"product_tag":[],"class_list":{"0":"post-37126","1":"product","2":"type-product","3":"status-publish","4":"has-post-thumbnail","6":"product_cat-spor-ve-acik-hava","8":"first","9":"instock","10":"shipping-taxable","11":"purchasable","12":"product-type-simple"},"bundled_by":[],"bundle_stock_status":"instock","bundle_stock_quantity":null,"bundle_virtual":false,"bundle_layout":"","bundle_add_to_cart_form_location":"","bundle_editable_in_cart":false,"bundle_sold_individually_context":"","bundle_item_grouping":"","bundle_min_size":"","bundle_max_size":"","bundle_price":[],"bundled_items":[],"bundle_sell_ids":[],"yoast_head":"<!-- This site is optimized with the Yoast SEO plugin v25.2 - https:\/\/yoast.com\/wordpress\/plugins\/seo\/ -->\n<title>En \u0130yi Uniqlo \u00c7ift Tarafl\u0131 Parka Konforunu Ke\u015ffet<\/title>\n<meta name=\"description\" content=\"Farkl\u0131 kombinler i\u00e7in tasarlanm\u0131\u015f \u00e7ift tarafl\u0131 kap\u00fc\u015fonlu Uniqlo parka. Hafif, \u015f\u0131k ve \u015fehir hayat\u0131na uygun pratik d\u0131\u015f giyim. Her an yan\u0131nda ta\u015f\u0131.\" \/>\n<meta name=\"robots\" content=\"index, follow, max-snippet:-1, max-image-preview:large, max-video-preview:-1\" \/>\n<link rel=\"canonical\" href=\"https:\/\/demostore.ai\/tr\/urun\/uniqlo-cift-tarafli-parka\/\" \/>\n<meta property=\"og:type\" content=\"article\" \/>\n<meta property=\"og:title\" content=\"En \u0130yi Uniqlo \u00c7ift Tarafl\u0131 Parka Konforunu Ke\u015ffet\" \/>\n<meta property=\"og:description\" content=\"G\u00fcnl\u00fck hayat\u0131 kolayla\u015ft\u0131ran \u00e7ift tarafl\u0131 Uniqlo parka, hafif ve fonksiyonel tasar\u0131m\u0131 ile \u015f\u0131k ve rahat kullan\u0131m\u0131 bir araya getiriyor. \u015eehir hayat\u0131na uyum sa\u011flar.\" \/>\n<meta property=\"og:url\" content=\"https:\/\/demostore.ai\/tr\/urun\/uniqlo-cift-tarafli-parka\/\" \/>\n<meta property=\"og:site_name\" content=\"Trendy Thread\" \/>\n<meta property=\"article:modified_time\" content=\"2026-02-19T05:37:10+00:00\" \/>\n<meta property=\"og:image\" content=\"https:\/\/demostore.ai\/wp-content\/uploads\/2025\/06\/Windbreaker-1-1.png\" \/>\n\t<meta property=\"og:image:width\" content=\"1000\" \/>\n\t<meta property=\"og:image:height\" content=\"880\" \/>\n\t<meta property=\"og:image:type\" content=\"image\/png\" \/>\n<meta name=\"twitter:card\" content=\"summary_large_image\" \/>\n<meta name=\"twitter:title\" content=\"En \u0130yi Uniqlo \u00c7ift Tarafl\u0131 Parka Konforunu Ke\u015ffet\" \/>\n<meta name=\"twitter:description\" content=\"G\u00fcnl\u00fck hayat\u0131 kolayla\u015ft\u0131ran \u00e7ift tarafl\u0131 Uniqlo parka, hafif ve fonksiyonel tasar\u0131m\u0131 ile \u015f\u0131k ve rahat kullan\u0131m\u0131 bir araya getiriyor. \u015eehir hayat\u0131na uyum sa\u011flar.\" \/>\n<meta name=\"twitter:label1\" content=\"Tahmini okuma s\u00fcresi\" \/>\n\t<meta name=\"twitter:data1\" content=\"1 dakika\" \/>\n<script type=\"application\/ld+json\" class=\"yoast-schema-graph\">{\"@context\":\"https:\/\/schema.org\",\"@graph\":[{\"@type\":\"WebPage\",\"@id\":\"https:\/\/demostore.ai\/tr\/urun\/uniqlo-cift-tarafli-parka\/\",\"url\":\"https:\/\/demostore.ai\/tr\/urun\/uniqlo-cift-tarafli-parka\/\",\"name\":\"En \u0130yi Uniqlo \u00c7ift Tarafl\u0131 Parka Konforunu Ke\u015ffet\",\"isPartOf\":{\"@id\":\"https:\/\/demostore.ai\/tr\/#website\"},\"primaryImageOfPage\":{\"@id\":\"https:\/\/demostore.ai\/tr\/urun\/uniqlo-cift-tarafli-parka\/#primaryimage\"},\"image\":{\"@id\":\"https:\/\/demostore.ai\/tr\/urun\/uniqlo-cift-tarafli-parka\/#primaryimage\"},\"thumbnailUrl\":\"https:\/\/demostore.ai\/wp-content\/uploads\/2025\/06\/Windbreaker-1-1.png\",\"datePublished\":\"2025-06-16T01:11:14+00:00\",\"dateModified\":\"2026-02-19T05:37:10+00:00\",\"description\":\"Farkl\u0131 kombinler i\u00e7in tasarlanm\u0131\u015f \u00e7ift tarafl\u0131 kap\u00fc\u015fonlu Uniqlo parka. Hafif, \u015f\u0131k ve \u015fehir hayat\u0131na uygun pratik d\u0131\u015f giyim. Her an yan\u0131nda ta\u015f\u0131.\",\"breadcrumb\":{\"@id\":\"https:\/\/demostore.ai\/tr\/urun\/uniqlo-cift-tarafli-parka\/#breadcrumb\"},\"inLanguage\":\"tr\",\"potentialAction\":[{\"@type\":\"ReadAction\",\"target\":[\"https:\/\/demostore.ai\/tr\/urun\/uniqlo-cift-tarafli-parka\/\"]}]},{\"@type\":\"ImageObject\",\"inLanguage\":\"tr\",\"@id\":\"https:\/\/demostore.ai\/tr\/urun\/uniqlo-cift-tarafli-parka\/#primaryimage\",\"url\":\"https:\/\/demostore.ai\/wp-content\/uploads\/2025\/06\/Windbreaker-1-1.png\",\"contentUrl\":\"https:\/\/demostore.ai\/wp-content\/uploads\/2025\/06\/Windbreaker-1-1.png\",\"width\":1000,\"height\":880,\"caption\":\"Siyah-gri Uniqlo \u00c7ift Tarafl\u0131 Parka, kap\u00fc\u015fonlu ve fermuensiz a\u00e7\u0131k \u015fekilde sergileniyor.\"},{\"@type\":\"BreadcrumbList\",\"@id\":\"https:\/\/demostore.ai\/tr\/urun\/uniqlo-cift-tarafli-parka\/#breadcrumb\",\"itemListElement\":[{\"@type\":\"ListItem\",\"position\":1,\"name\":\"Ana Sayfa\",\"item\":\"https:\/\/demostore.ai\/tr\/\"},{\"@type\":\"ListItem\",\"position\":2,\"name\":\"Ma\u011faza\",\"item\":\"https:\/\/demostore.ai\/tr\/magaza\/\"},{\"@type\":\"ListItem\",\"position\":3,\"name\":\"Uniqlo \u00c7ift Tarafl\u0131 Parka\"}]},{\"@type\":\"WebSite\",\"@id\":\"https:\/\/demostore.ai\/tr\/#website\",\"url\":\"https:\/\/demostore.ai\/tr\/\",\"name\":\"Trendy Thread\",\"description\":\"WriteText.ai Demo Ma\u011fazas\u0131\",\"publisher\":{\"@id\":\"https:\/\/demostore.ai\/tr\/#organization\"},\"potentialAction\":[{\"@type\":\"SearchAction\",\"target\":{\"@type\":\"EntryPoint\",\"urlTemplate\":\"https:\/\/demostore.ai\/tr\/?s={search_term_string}\"},\"query-input\":{\"@type\":\"PropertyValueSpecification\",\"valueRequired\":true,\"valueName\":\"search_term_string\"}}],\"inLanguage\":\"tr\"},{\"@type\":\"Organization\",\"@id\":\"https:\/\/demostore.ai\/tr\/#organization\",\"name\":\"WriteText.ai\",\"url\":\"https:\/\/demostore.ai\/tr\/\",\"logo\":{\"@type\":\"ImageObject\",\"inLanguage\":\"tr\",\"@id\":\"https:\/\/demostore.ai\/tr\/#\/schema\/logo\/image\/\",\"url\":\"https:\/\/demostore.ai\/wp-content\/uploads\/2025\/10\/writetext_logo.webp\",\"contentUrl\":\"https:\/\/demostore.ai\/wp-content\/uploads\/2025\/10\/writetext_logo.webp\",\"width\":200,\"height\":34,\"caption\":\"WriteText.ai\"},\"image\":{\"@id\":\"https:\/\/demostore.ai\/tr\/#\/schema\/logo\/image\/\"}}]}<\/script>\n<!-- \/ Yoast SEO plugin. -->","yoast_head_json":{"title":"En \u0130yi Uniqlo \u00c7ift Tarafl\u0131 Parka Konforunu Ke\u015ffet","description":"Farkl\u0131 kombinler i\u00e7in tasarlanm\u0131\u015f \u00e7ift tarafl\u0131 kap\u00fc\u015fonlu Uniqlo parka. Hafif, \u015f\u0131k ve \u015fehir hayat\u0131na uygun pratik d\u0131\u015f giyim. Her an yan\u0131nda ta\u015f\u0131.","robots":{"index":"index","follow":"follow","max-snippet":"max-snippet:-1","max-image-preview":"max-image-preview:large","max-video-preview":"max-video-preview:-1"},"canonical":"https:\/\/demostore.ai\/tr\/urun\/uniqlo-cift-tarafli-parka\/","og_type":"article","og_title":"En \u0130yi Uniqlo \u00c7ift Tarafl\u0131 Parka Konforunu Ke\u015ffet","og_description":"G\u00fcnl\u00fck hayat\u0131 kolayla\u015ft\u0131ran \u00e7ift tarafl\u0131 Uniqlo parka, hafif ve fonksiyonel tasar\u0131m\u0131 ile \u015f\u0131k ve rahat kullan\u0131m\u0131 bir araya getiriyor. \u015eehir hayat\u0131na uyum sa\u011flar.","og_url":"https:\/\/demostore.ai\/tr\/urun\/uniqlo-cift-tarafli-parka\/","og_site_name":"Trendy Thread","article_modified_time":"2026-02-19T05:37:10+00:00","og_image":[{"width":1000,"height":880,"url":"https:\/\/demostore.ai\/wp-content\/uploads\/2025\/06\/Windbreaker-1-1.png","type":"image\/png"}],"twitter_card":"summary_large_image","twitter_title":"En \u0130yi Uniqlo \u00c7ift Tarafl\u0131 Parka Konforunu Ke\u015ffet","twitter_description":"G\u00fcnl\u00fck hayat\u0131 kolayla\u015ft\u0131ran \u00e7ift tarafl\u0131 Uniqlo parka, hafif ve fonksiyonel tasar\u0131m\u0131 ile \u015f\u0131k ve rahat kullan\u0131m\u0131 bir araya getiriyor. \u015eehir hayat\u0131na uyum sa\u011flar.","twitter_misc":{"Tahmini okuma s\u00fcresi":"1 dakika"},"schema":{"@context":"https:\/\/schema.org","@graph":[{"@type":"WebPage","@id":"https:\/\/demostore.ai\/tr\/urun\/uniqlo-cift-tarafli-parka\/","url":"https:\/\/demostore.ai\/tr\/urun\/uniqlo-cift-tarafli-parka\/","name":"En \u0130yi Uniqlo \u00c7ift Tarafl\u0131 Parka Konforunu Ke\u015ffet","isPartOf":{"@id":"https:\/\/demostore.ai\/tr\/#website"},"primaryImageOfPage":{"@id":"https:\/\/demostore.ai\/tr\/urun\/uniqlo-cift-tarafli-parka\/#primaryimage"},"image":{"@id":"https:\/\/demostore.ai\/tr\/urun\/uniqlo-cift-tarafli-parka\/#primaryimage"},"thumbnailUrl":"https:\/\/demostore.ai\/wp-content\/uploads\/2025\/06\/Windbreaker-1-1.png","datePublished":"2025-06-16T01:11:14+00:00","dateModified":"2026-02-19T05:37:10+00:00","description":"Farkl\u0131 kombinler i\u00e7in tasarlanm\u0131\u015f \u00e7ift tarafl\u0131 kap\u00fc\u015fonlu Uniqlo parka. Hafif, \u015f\u0131k ve \u015fehir hayat\u0131na uygun pratik d\u0131\u015f giyim. Her an yan\u0131nda ta\u015f\u0131.","breadcrumb":{"@id":"https:\/\/demostore.ai\/tr\/urun\/uniqlo-cift-tarafli-parka\/#breadcrumb"},"inLanguage":"tr","potentialAction":[{"@type":"ReadAction","target":["https:\/\/demostore.ai\/tr\/urun\/uniqlo-cift-tarafli-parka\/"]}]},{"@type":"ImageObject","inLanguage":"tr","@id":"https:\/\/demostore.ai\/tr\/urun\/uniqlo-cift-tarafli-parka\/#primaryimage","url":"https:\/\/demostore.ai\/wp-content\/uploads\/2025\/06\/Windbreaker-1-1.png","contentUrl":"https:\/\/demostore.ai\/wp-content\/uploads\/2025\/06\/Windbreaker-1-1.png","width":1000,"height":880,"caption":"Siyah-gri Uniqlo \u00c7ift Tarafl\u0131 Parka, kap\u00fc\u015fonlu ve fermuensiz a\u00e7\u0131k \u015fekilde sergileniyor."},{"@type":"BreadcrumbList","@id":"https:\/\/demostore.ai\/tr\/urun\/uniqlo-cift-tarafli-parka\/#breadcrumb","itemListElement":[{"@type":"ListItem","position":1,"name":"Ana Sayfa","item":"https:\/\/demostore.ai\/tr\/"},{"@type":"ListItem","position":2,"name":"Ma\u011faza","item":"https:\/\/demostore.ai\/tr\/magaza\/"},{"@type":"ListItem","position":3,"name":"Uniqlo \u00c7ift Tarafl\u0131 Parka"}]},{"@type":"WebSite","@id":"https:\/\/demostore.ai\/tr\/#website","url":"https:\/\/demostore.ai\/tr\/","name":"Trendy Thread","description":"WriteText.ai Demo Ma\u011fazas\u0131","publisher":{"@id":"https:\/\/demostore.ai\/tr\/#organization"},"potentialAction":[{"@type":"SearchAction","target":{"@type":"EntryPoint","urlTemplate":"https:\/\/demostore.ai\/tr\/?s={search_term_string}"},"query-input":{"@type":"PropertyValueSpecification","valueRequired":true,"valueName":"search_term_string"}}],"inLanguage":"tr"},{"@type":"Organization","@id":"https:\/\/demostore.ai\/tr\/#organization","name":"WriteText.ai","url":"https:\/\/demostore.ai\/tr\/","logo":{"@type":"ImageObject","inLanguage":"tr","@id":"https:\/\/demostore.ai\/tr\/#\/schema\/logo\/image\/","url":"https:\/\/demostore.ai\/wp-content\/uploads\/2025\/10\/writetext_logo.webp","contentUrl":"https:\/\/demostore.ai\/wp-content\/uploads\/2025\/10\/writetext_logo.webp","width":200,"height":34,"caption":"WriteText.ai"},"image":{"@id":"https:\/\/demostore.ai\/tr\/#\/schema\/logo\/image\/"}}]}},"_links":{"self":[{"href":"https:\/\/demostore.ai\/tr\/wp-json\/wp\/v2\/product\/37126","targetHints":{"allow":["GET"]}}],"collection":[{"href":"https:\/\/demostore.ai\/tr\/wp-json\/wp\/v2\/product"}],"about":[{"href":"https:\/\/demostore.ai\/tr\/wp-json\/wp\/v2\/types\/product"}],"replies":[{"embeddable":true,"href":"https:\/\/demostore.ai\/tr\/wp-json\/wp\/v2\/comments?post=37126"}],"wp:featuredmedia":[{"embeddable":true,"href":"https:\/\/demostore.ai\/tr\/wp-json\/wp\/v2\/media\/29489"}],"wp:attachment":[{"href":"https:\/\/demostore.ai\/tr\/wp-json\/wp\/v2\/media?parent=37126"}],"wp:term":[{"taxonomy":"product_brand","embeddable":true,"href":"https:\/\/demostore.ai\/tr\/wp-json\/wp\/v2\/product_brand?post=37126"},{"taxonomy":"product_cat","embeddable":true,"href":"https:\/\/demostore.ai\/tr\/wp-json\/wp\/v2\/product_cat?post=37126"},{"taxonomy":"product_tag","embeddable":true,"href":"https:\/\/demostore.ai\/tr\/wp-json\/wp\/v2\/product_tag?post=37126"}],"curies":[{"name":"wp","href":"https:\/\/api.w.org\/{rel}","templated":true}]}}