{"id":36869,"date":"2025-06-13T08:39:29","date_gmt":"2025-06-13T00:39:29","guid":{"rendered":"https:\/\/demostore.ai\/?post_type=product&#038;p=36869"},"modified":"2026-02-19T10:55:20","modified_gmt":"2026-02-19T02:55:20","slug":"fairy-skin-aydinlatici-gunes-kremi","status":"publish","type":"product","link":"https:\/\/demostore.ai\/tr\/urun\/fairy-skin-aydinlatici-gunes-kremi\/","title":{"rendered":"Fairy Skin Ayd\u0131nlat\u0131c\u0131 G\u00fcne\u015f Kremi"},"content":{"rendered":"<section data-wtai-block-id=\"wtai_product_description_features\" class=\"wtai-section wtai-features-section\">\n<h2>\u00dcr\u00fcn \u00d6zellikleri<\/h2>\n<ul>\n<li><strong>Yo\u011fun ayd\u0131nlat\u0131c\u0131 etki<\/strong> ile cilde canl\u0131 ve parlak bir g\u00f6r\u00fcn\u00fcm kazand\u0131r\u0131r.<\/li>\n<li><strong>Geli\u015fmi\u015f SPF 50+ ve PA+++<\/strong> korumas\u0131 sayesinde zararl\u0131 g\u00fcne\u015f \u0131\u015f\u0131nlar\u0131na kar\u015f\u0131 y\u00fcksek koruma sa\u011flar.<\/li>\n<li><strong>Cilt tonunu e\u015fitler<\/strong> ve istenmeyen renk d\u00fczensizliklerinin g\u00f6r\u00fcn\u00fcm\u00fcn\u00fc azaltmaya yard\u0131mc\u0131 olur.<\/li>\n<li><strong>Hafif ve h\u0131zl\u0131 emilen yap\u0131<\/strong> ile ciltte a\u011f\u0131rl\u0131k hissi b\u0131rakmaz ve kolayca uygulan\u0131r.<\/li>\n<li><strong>G\u00fcnl\u00fck kullan\u0131m i\u00e7in uygundur<\/strong>; taze bir g\u00f6r\u00fcn\u00fcmle cildi korurken makyaj baz\u0131 olarak da kullan\u0131labilir.<\/li>\n<li><strong>Nemlendirici form\u00fcl<\/strong> cildin ihtiyac\u0131 olan nemi sa\u011flayarak g\u00fcn boyu konfor sunar.<\/li>\n<li><strong>Vitamin destekli i\u00e7erik<\/strong> cildi destekler ve sa\u011fl\u0131kl\u0131 bir g\u00f6r\u00fcn\u00fcme katk\u0131 sa\u011flar.<\/li>\n<li><strong>Modern, ta\u015f\u0131nabilir ambalaj<\/strong> ile \u00e7antada kolayca ta\u015f\u0131nabilir ve g\u00fcn i\u00e7inde rahat\u00e7a tazelenebilir.<\/li>\n<\/ul>\n<\/section>\n<div data-wtai-block-id=\"wtai_product_description_image_1753694499291\" class=\"wtai-section wtai-image_1753694499291-section\">\n<figure class=\"wtai-image-p wtai-align-center\" style=\"text-align:center\"><img decoding=\"async\" src=\"https:\/\/demostore.ai\/wp-content\/uploads\/2025\/06\/Sunscreen-4-scaled-1-600x305.png\" alt=\"Fairy Skin Ayd\u0131nlat\u0131c\u0131 G\u00fcne\u015f Kremi, SPF 50+ PA++++, pembe \u015fi\u015fede \u00fcr\u00fcn g\u00f6rseli.\" srcset=\"https:\/\/demostore.ai\/wp-content\/uploads\/2025\/06\/Sunscreen-4-scaled-1.png 1000w, https:\/\/demostore.ai\/wp-content\/uploads\/2025\/06\/Sunscreen-4-scaled-1-300x152.png 300w, https:\/\/demostore.ai\/wp-content\/uploads\/2025\/06\/Sunscreen-4-scaled-1-768x390.png 768w, https:\/\/demostore.ai\/wp-content\/uploads\/2025\/06\/Sunscreen-4-scaled-1-600x305.png 600w\"><figcaption>\n<p>Yumu\u015fak pembe renkli, modern ve \u015f\u0131k tasar\u0131ml\u0131 ambalaj her \u00e7antaya kolayca s\u0131\u011far.<\/p>\n<\/figcaption><\/figure>\n<\/p><\/div>\n<section data-wtai-block-id=\"wtai_product_description_benefits\" class=\"wtai-section wtai-benefits-section\">\n<h2>Neden Bay\u0131lacaks\u0131n\u0131z<\/h2>\n<ul>\n<li>G\u00fcne\u015fin zararl\u0131 etkilerine kar\u015f\u0131 kusursuz cilt korumas\u0131 sa\u011flar.<\/li>\n<li>Cildinizin do\u011fal \u0131\u015f\u0131lt\u0131s\u0131n\u0131 ortaya \u00e7\u0131kar\u0131r ve matl\u0131\u011f\u0131 giderir.<\/li>\n<li>Makyaj alt\u0131na uygulanarak p\u00fcr\u00fczs\u00fcz bir baz olu\u015fturur.<\/li>\n<li>Hafif yap\u0131s\u0131yla ciltte g\u00fcn boyu ferahl\u0131k hissi sunar.<\/li>\n<li>Ton e\u015fitleyici etkisiyle daha sa\u011fl\u0131kl\u0131 ve canl\u0131 bir g\u00f6r\u00fcn\u00fcm kazand\u0131r\u0131r.<\/li>\n<\/ul>\n<\/section>\n<section data-wtai-block-id=\"wtai_product_description_use_cases\" class=\"wtai-section wtai-use_cases-section\">\n<h3>G\u00fcnl\u00fck Rutininizde Nas\u0131l Kullan\u0131l\u0131r<\/h3>\n<ol>\n<li>Sabah cildinizi temizledikten sonra yeterli miktarda \u00fcr\u00fcn\u00fc avu\u00e7 i\u00e7ine al\u0131n.<\/li>\n<li>Y\u00fcz\u00fcn\u00fcze ve boynunuza e\u015fit \u015fekilde nazik hareketlerle uygulay\u0131n.<\/li>\n<li>G\u00fcne\u015fe \u00e7\u0131kmadan en az 15 dakika \u00f6nce kullanarak maksimum koruma sa\u011flay\u0131n.<\/li>\n<li>Makyaj \u00f6ncesinde baz olarak rahatl\u0131kla tercih edebilirsiniz.<\/li>\n<li>Cilde taze bir g\u00f6r\u00fcn\u00fcm vermek i\u00e7in gerekti\u011finde g\u00fcn i\u00e7inde yenileyin.<\/li>\n<li>D\u0131\u015far\u0131da uzun s\u00fcre kalacaksan\u0131z iki saatte bir tekrar uygulay\u0131n.<\/li>\n<li>Cilt bak\u0131m rutininin son ad\u0131m\u0131nda kullanarak cildinizi g\u00fcne\u015ften koruyun.<\/li>\n<li>Her mevsim kesintisiz koruma i\u00e7in d\u00fczenli \u015fekilde kullan\u0131n.<\/li>\n<\/ol>\n<\/section>\n<section data-wtai-block-id=\"wtai_product_description_technical_specifications\" class=\"wtai-section wtai-technical_specifications-section\">\n<h3>Detaylar<\/h3>\n<ul>\n<li><strong>G\u00fcne\u015f Koruma Fakt\u00f6r\u00fc (SPF):<\/strong> 50+<\/li>\n<li><strong>PA Derecesi:<\/strong> PA+++<\/li>\n<li><strong>Net Miktar:<\/strong> 55 ml<\/li>\n<li><strong>Cilt Tipleri:<\/strong> T\u00fcm cilt tipleriyle uyumlu<\/li>\n<\/ul>\n<\/section>\n<section data-wtai-block-id=\"wtai_product_description_custom_1753167803027\" class=\"wtai-section wtai-custom_1753167803027-section\">\n<h2>Cilt Endi\u015feleri ve Uyumlu Cilt Tipleri<\/h2>\n<ul>\n<li><strong>Hiperpigmentasyon<\/strong>: Cilt tonu e\u015fitsizli\u011fini hedefler.<\/li>\n<li><strong>Donukluk<\/strong>: Mat g\u00f6r\u00fcn\u00fcme sahip ciltleri canland\u0131r\u0131r.<\/li>\n<li><strong>G\u00fcne\u015f Lekeleri<\/strong>: G\u00fcne\u015f kaynakl\u0131 koyu lekelerin olu\u015fumunu \u00f6nlemeye yard\u0131mc\u0131 olur.<\/li>\n<li><strong>Normal Cilt<\/strong>: G\u00fcnl\u00fck kullan\u0131m i\u00e7in uygundur.<\/li>\n<li><strong>Karma Cilt<\/strong>: T b\u00f6lgesi ya\u011fl\u0131, yanaklar\u0131 kuru ciltlere uyumludur.<\/li>\n<li><strong>Hassas Cilt<\/strong>: Duyarl\u0131 ciltlerde kullanmadan \u00f6nce yama testi \u00f6nerilir.<\/li>\n<\/ul>\n<\/section>\n<section data-wtai-block-id=\"wtai_product_description_custom_1754200971412\" class=\"wtai-section wtai-custom_1754200971412-section\">\n<h2>\u0130\u00e7erik Listesi<\/h2>\n<p>Aqua, Ethylhexyl Methoxycinnamate, Octocrylene, Avobenzone, Bis-Ethylhexyloxyphenol Methoxyphenyl Triazine, Titanium Dioxide, Zinc Oxide, Bifida Ferment Lysate, Niacinamide, Pentylene Glycol, Glycerin, Phenoxyethanol, Ethylhexylglycerin, Butylene Glycol, Centella Asiatica Leaf Extract, Polygonum Cuspidatum Root Extract, Scutellaria Baicalensis Root Extract, Camellia Sinensis Leaf Extract, Glycyrrhiza Glabra Root Extract, Chamomilla Recutita Flower Extract, Rosmarinus Officinalis Leaf Extract, Sodium Polyacrylate, Caprylic\/Capric Triglyceride, Mineral Oil, Tri-PPG-3 Myristyl Ether Citrate, Sorbitan Laurate, Trideceth-6, Magnolia Kobus Bark Extract, Caprylic\/Capric\/Succinic Triglyceride.<\/p>\n<\/section>\n<section data-wtai-block-id=\"wtai_product_description_faqs\" class=\"wtai-section wtai-faqs-section\">\n<h2>S\u0131k\u00e7a Sorulan Sorular<\/h2>\n<p><strong>Fairy Skin Ayd\u0131nlat\u0131c\u0131 G\u00fcne\u015f Kremi hassas ciltlerde kullan\u0131labilir mi?<\/strong> <br \/> Evet, hafif form\u00fcl\u00fc sayesinde hassas ciltler dahil t\u00fcm cilt tiplerinde kullan\u0131labilir.<\/p>\n<p><strong>Di\u011fer cilt bak\u0131m \u00fcr\u00fcnleriyle beraber kullan\u0131labilir mi?<\/strong> <br \/> Nemlendirici ve makyaj baz\u0131 sonras\u0131 rahatl\u0131kla kullan\u0131labilir, \u00fcr\u00fcnler aras\u0131nda birka\u00e7 dakika bekleyin.<\/p>\n<p><strong>G\u00f6z \u00e7evresine uygulan\u0131r m\u0131?<\/strong> <br \/> Do\u011frudan g\u00f6zle temas\u0131ndan ka\u00e7\u0131n\u0131n, g\u00f6z \u00e7evresine dikkatlice s\u00fcrebilirsiniz.<\/p>\n<p><strong>Ne kadar s\u00fcrede etkisi g\u00f6r\u00fcl\u00fcr?<\/strong> <br \/> \u0130lk uygulamada ayd\u0131nl\u0131k ve koruyucu etkileri hemen fark edilir.<\/p>\n<p><strong>Serin yerde mi saklanmal\u0131?<\/strong> <br \/> \u00dcr\u00fcn\u00fc serin ve kuru yerde, do\u011frudan g\u00fcne\u015f \u0131\u015f\u0131\u011f\u0131ndan uzak bir ortamda saklaman\u0131z \u00f6nerilir.<\/p>\n<\/section>\n<section data-wtai-block-id=\"wtai_product_description_conclusion\" class=\"wtai-section wtai-conclusion-section\">\n<h2>\u015eimdi Cildinizi I\u015f\u0131ldatmaya Ba\u015flay\u0131n<\/h2>\n<p><em><strong>Yeni nesil koruma ve ayd\u0131nl\u0131k bir cilt g\u00f6r\u00fcn\u00fcm\u00fc birka\u00e7 ad\u0131m \u00f6tenizde.<\/strong><\/em> <em><strong>Fairy Skin Ayd\u0131nlat\u0131c\u0131 G\u00fcne\u015f Kremi ile kendinize g\u00fcvenle g\u00fcne\u015fe \u00e7\u0131k\u0131n.<\/strong><\/em> <em><strong>P\u00fcr\u00fczs\u00fcz, sa\u011fl\u0131kl\u0131 ve canl\u0131 bir g\u00f6r\u00fcn\u00fcm i\u00e7in bug\u00fcn\u00fc ertelemeyin.<\/strong><\/em><\/p>\n<\/section>\n","protected":false},"excerpt":{"rendered":"<div data-wtai-block-id=\"wtai_excerpt_subtitle\" class=\"wtai-section wtai-subtitle-section\">\n<p><em><strong>Cilt tonunu ayd\u0131nlatan, hafif dokulu koruma<\/strong><\/em><\/p>\n<\/p><\/div>\n<div data-wtai-block-id=\"wtai_excerpt_introduction\" class=\"wtai-section wtai-introduction-section\">\n<p>Kusursuz bir cilt g\u00f6r\u00fcn\u00fcm\u00fc arayanlar i\u00e7in harika bir se\u00e7enek. Fairy Skin Ayd\u0131nlat\u0131c\u0131 G\u00fcne\u015f Kremi, SPF 50 PA+++ ile g\u00fcne\u015f \u0131\u015f\u0131nlar\u0131na kar\u015f\u0131 y\u00fcksek koruma sunarken ayn\u0131 zamanda cildin do\u011fal \u0131\u015f\u0131lt\u0131s\u0131n\u0131 ortaya \u00e7\u0131kar\u0131yor. Modern ya\u015fam temposuna ayak uydurmak isteyenler i\u00e7in m\u00fckemmel bir g\u00fcnl\u00fck bak\u0131m sunuyor. Uygulad\u0131\u011f\u0131n\u0131z anda kolayca emilen hafif form\u00fcl\u00fc, cildinizi a\u011f\u0131rla\u015ft\u0131rmadan ferah ve canl\u0131 hissettirir. Her kullan\u0131mda g\u00fcne\u015ften korunman\u0131n g\u00fcvenini ve canl\u0131 bir cilt tonunun verdi\u011fi mutlulu\u011fu bir arada sunar. Kendinizi bak\u0131ml\u0131 ve \u00f6zg\u00fcvenli hissetmek i\u00e7in g\u00fcn boyu cildinizdeki parlakl\u0131\u011f\u0131 ke\u015ffedin.<\/p>\n<\/p><\/div>\n","protected":false},"featured_media":17345,"comment_status":"open","ping_status":"closed","template":"","meta":[],"product_brand":[],"product_cat":[250],"product_tag":[],"class_list":{"0":"post-36869","1":"product","2":"type-product","3":"status-publish","4":"has-post-thumbnail","6":"product_cat-guzellik-saglik","8":"first","9":"instock","10":"shipping-taxable","11":"purchasable","12":"product-type-simple"},"bundled_by":[],"bundle_stock_status":"instock","bundle_stock_quantity":null,"bundle_virtual":false,"bundle_layout":"","bundle_add_to_cart_form_location":"","bundle_editable_in_cart":false,"bundle_sold_individually_context":"","bundle_item_grouping":"","bundle_min_size":"","bundle_max_size":"","bundle_price":[],"bundled_items":[],"bundle_sell_ids":[],"yoast_head":"<!-- This site is optimized with the Yoast SEO plugin v25.2 - https:\/\/yoast.com\/wordpress\/plugins\/seo\/ -->\n<title>Ke\u015ffet Fairy Skin Ayd\u0131nlat\u0131c\u0131 G\u00fcne\u015f Kremi ile Y\u00fcksek Koruma ve Parlakl\u0131k<\/title>\n<meta name=\"description\" content=\"Bir bak\u0131\u015fta daha parlak ve e\u015fit tonlu bir cilt sunan SPF 50+ koruma, nemlendirici etki, hafif doku ve g\u00fcn boyu s\u00fcren konfor bir arada.\" \/>\n<meta name=\"robots\" content=\"index, follow, max-snippet:-1, max-image-preview:large, max-video-preview:-1\" \/>\n<link rel=\"canonical\" href=\"https:\/\/demostore.ai\/tr\/urun\/fairy-skin-aydinlatici-gunes-kremi\/\" \/>\n<meta property=\"og:type\" content=\"article\" \/>\n<meta property=\"og:title\" content=\"Ke\u015ffet Fairy Skin Ayd\u0131nlat\u0131c\u0131 G\u00fcne\u015f Kremi ile Y\u00fcksek Koruma ve Parlakl\u0131k\" \/>\n<meta property=\"og:description\" content=\"\u00c7arp\u0131c\u0131 ayd\u0131nlat\u0131c\u0131 etki ve y\u00fcksek seviyede SPF 50+ korumas\u0131, e\u015fit cilt tonu, hafif dokulu ve nemlendirici form\u00fcl ile her g\u00fcn do\u011fal bir parlakl\u0131k yakalay\u0131n.\" \/>\n<meta property=\"og:url\" content=\"https:\/\/demostore.ai\/tr\/urun\/fairy-skin-aydinlatici-gunes-kremi\/\" \/>\n<meta property=\"og:site_name\" content=\"Trendy Thread\" \/>\n<meta property=\"article:modified_time\" content=\"2026-02-19T02:55:20+00:00\" \/>\n<meta property=\"og:image\" content=\"https:\/\/demostore.ai\/wp-content\/uploads\/2025\/06\/Sunscreen-1-scaled-1.png\" \/>\n\t<meta property=\"og:image:width\" content=\"570\" \/>\n\t<meta property=\"og:image:height\" content=\"930\" \/>\n\t<meta property=\"og:image:type\" content=\"image\/png\" \/>\n<meta name=\"twitter:card\" content=\"summary_large_image\" \/>\n<meta name=\"twitter:title\" content=\"Ke\u015ffet Fairy Skin Ayd\u0131nlat\u0131c\u0131 G\u00fcne\u015f Kremi ile Y\u00fcksek Koruma ve Parlakl\u0131k\" \/>\n<meta name=\"twitter:description\" content=\"\u00c7arp\u0131c\u0131 ayd\u0131nlat\u0131c\u0131 etki ve y\u00fcksek seviyede SPF 50+ korumas\u0131, e\u015fit cilt tonu, hafif dokulu ve nemlendirici form\u00fcl ile her g\u00fcn do\u011fal bir parlakl\u0131k yakalay\u0131n.\" \/>\n<meta name=\"twitter:label1\" content=\"Tahmini okuma s\u00fcresi\" \/>\n\t<meta name=\"twitter:data1\" content=\"1 dakika\" \/>\n<script type=\"application\/ld+json\" class=\"yoast-schema-graph\">{\"@context\":\"https:\/\/schema.org\",\"@graph\":[{\"@type\":\"WebPage\",\"@id\":\"https:\/\/demostore.ai\/tr\/urun\/fairy-skin-aydinlatici-gunes-kremi\/\",\"url\":\"https:\/\/demostore.ai\/tr\/urun\/fairy-skin-aydinlatici-gunes-kremi\/\",\"name\":\"Ke\u015ffet Fairy Skin Ayd\u0131nlat\u0131c\u0131 G\u00fcne\u015f Kremi ile Y\u00fcksek Koruma ve Parlakl\u0131k\",\"isPartOf\":{\"@id\":\"https:\/\/demostore.ai\/tr\/#website\"},\"primaryImageOfPage\":{\"@id\":\"https:\/\/demostore.ai\/tr\/urun\/fairy-skin-aydinlatici-gunes-kremi\/#primaryimage\"},\"image\":{\"@id\":\"https:\/\/demostore.ai\/tr\/urun\/fairy-skin-aydinlatici-gunes-kremi\/#primaryimage\"},\"thumbnailUrl\":\"https:\/\/demostore.ai\/wp-content\/uploads\/2025\/06\/Sunscreen-1-scaled-1.png\",\"datePublished\":\"2025-06-13T00:39:29+00:00\",\"dateModified\":\"2026-02-19T02:55:20+00:00\",\"description\":\"Bir bak\u0131\u015fta daha parlak ve e\u015fit tonlu bir cilt sunan SPF 50+ koruma, nemlendirici etki, hafif doku ve g\u00fcn boyu s\u00fcren konfor bir arada.\",\"breadcrumb\":{\"@id\":\"https:\/\/demostore.ai\/tr\/urun\/fairy-skin-aydinlatici-gunes-kremi\/#breadcrumb\"},\"inLanguage\":\"tr\",\"potentialAction\":[{\"@type\":\"ReadAction\",\"target\":[\"https:\/\/demostore.ai\/tr\/urun\/fairy-skin-aydinlatici-gunes-kremi\/\"]}]},{\"@type\":\"ImageObject\",\"inLanguage\":\"tr\",\"@id\":\"https:\/\/demostore.ai\/tr\/urun\/fairy-skin-aydinlatici-gunes-kremi\/#primaryimage\",\"url\":\"https:\/\/demostore.ai\/wp-content\/uploads\/2025\/06\/Sunscreen-1-scaled-1.png\",\"contentUrl\":\"https:\/\/demostore.ai\/wp-content\/uploads\/2025\/06\/Sunscreen-1-scaled-1.png\",\"width\":570,\"height\":930,\"caption\":\"Fairy Skin Ayd\u0131nlat\u0131c\u0131 G\u00fcne\u015f Kremi SPF 50+ PA+++ pembe \u015fi\u015fede, \u00fcr\u00fcn sayfas\u0131 i\u00e7in g\u00f6rsel.\"},{\"@type\":\"BreadcrumbList\",\"@id\":\"https:\/\/demostore.ai\/tr\/urun\/fairy-skin-aydinlatici-gunes-kremi\/#breadcrumb\",\"itemListElement\":[{\"@type\":\"ListItem\",\"position\":1,\"name\":\"Ana Sayfa\",\"item\":\"https:\/\/demostore.ai\/tr\/\"},{\"@type\":\"ListItem\",\"position\":2,\"name\":\"Ma\u011faza\",\"item\":\"https:\/\/demostore.ai\/tr\/magaza\/\"},{\"@type\":\"ListItem\",\"position\":3,\"name\":\"Fairy Skin Ayd\u0131nlat\u0131c\u0131 G\u00fcne\u015f Kremi\"}]},{\"@type\":\"WebSite\",\"@id\":\"https:\/\/demostore.ai\/tr\/#website\",\"url\":\"https:\/\/demostore.ai\/tr\/\",\"name\":\"Trendy Thread\",\"description\":\"WriteText.ai Demo Ma\u011fazas\u0131\",\"publisher\":{\"@id\":\"https:\/\/demostore.ai\/tr\/#organization\"},\"potentialAction\":[{\"@type\":\"SearchAction\",\"target\":{\"@type\":\"EntryPoint\",\"urlTemplate\":\"https:\/\/demostore.ai\/tr\/?s={search_term_string}\"},\"query-input\":{\"@type\":\"PropertyValueSpecification\",\"valueRequired\":true,\"valueName\":\"search_term_string\"}}],\"inLanguage\":\"tr\"},{\"@type\":\"Organization\",\"@id\":\"https:\/\/demostore.ai\/tr\/#organization\",\"name\":\"WriteText.ai\",\"url\":\"https:\/\/demostore.ai\/tr\/\",\"logo\":{\"@type\":\"ImageObject\",\"inLanguage\":\"tr\",\"@id\":\"https:\/\/demostore.ai\/tr\/#\/schema\/logo\/image\/\",\"url\":\"https:\/\/demostore.ai\/wp-content\/uploads\/2025\/10\/writetext_logo.webp\",\"contentUrl\":\"https:\/\/demostore.ai\/wp-content\/uploads\/2025\/10\/writetext_logo.webp\",\"width\":200,\"height\":34,\"caption\":\"WriteText.ai\"},\"image\":{\"@id\":\"https:\/\/demostore.ai\/tr\/#\/schema\/logo\/image\/\"}}]}<\/script>\n<!-- \/ Yoast SEO plugin. -->","yoast_head_json":{"title":"Ke\u015ffet Fairy Skin Ayd\u0131nlat\u0131c\u0131 G\u00fcne\u015f Kremi ile Y\u00fcksek Koruma ve Parlakl\u0131k","description":"Bir bak\u0131\u015fta daha parlak ve e\u015fit tonlu bir cilt sunan SPF 50+ koruma, nemlendirici etki, hafif doku ve g\u00fcn boyu s\u00fcren konfor bir arada.","robots":{"index":"index","follow":"follow","max-snippet":"max-snippet:-1","max-image-preview":"max-image-preview:large","max-video-preview":"max-video-preview:-1"},"canonical":"https:\/\/demostore.ai\/tr\/urun\/fairy-skin-aydinlatici-gunes-kremi\/","og_type":"article","og_title":"Ke\u015ffet Fairy Skin Ayd\u0131nlat\u0131c\u0131 G\u00fcne\u015f Kremi ile Y\u00fcksek Koruma ve Parlakl\u0131k","og_description":"\u00c7arp\u0131c\u0131 ayd\u0131nlat\u0131c\u0131 etki ve y\u00fcksek seviyede SPF 50+ korumas\u0131, e\u015fit cilt tonu, hafif dokulu ve nemlendirici form\u00fcl ile her g\u00fcn do\u011fal bir parlakl\u0131k yakalay\u0131n.","og_url":"https:\/\/demostore.ai\/tr\/urun\/fairy-skin-aydinlatici-gunes-kremi\/","og_site_name":"Trendy Thread","article_modified_time":"2026-02-19T02:55:20+00:00","og_image":[{"width":570,"height":930,"url":"https:\/\/demostore.ai\/wp-content\/uploads\/2025\/06\/Sunscreen-1-scaled-1.png","type":"image\/png"}],"twitter_card":"summary_large_image","twitter_title":"Ke\u015ffet Fairy Skin Ayd\u0131nlat\u0131c\u0131 G\u00fcne\u015f Kremi ile Y\u00fcksek Koruma ve Parlakl\u0131k","twitter_description":"\u00c7arp\u0131c\u0131 ayd\u0131nlat\u0131c\u0131 etki ve y\u00fcksek seviyede SPF 50+ korumas\u0131, e\u015fit cilt tonu, hafif dokulu ve nemlendirici form\u00fcl ile her g\u00fcn do\u011fal bir parlakl\u0131k yakalay\u0131n.","twitter_misc":{"Tahmini okuma s\u00fcresi":"1 dakika"},"schema":{"@context":"https:\/\/schema.org","@graph":[{"@type":"WebPage","@id":"https:\/\/demostore.ai\/tr\/urun\/fairy-skin-aydinlatici-gunes-kremi\/","url":"https:\/\/demostore.ai\/tr\/urun\/fairy-skin-aydinlatici-gunes-kremi\/","name":"Ke\u015ffet Fairy Skin Ayd\u0131nlat\u0131c\u0131 G\u00fcne\u015f Kremi ile Y\u00fcksek Koruma ve Parlakl\u0131k","isPartOf":{"@id":"https:\/\/demostore.ai\/tr\/#website"},"primaryImageOfPage":{"@id":"https:\/\/demostore.ai\/tr\/urun\/fairy-skin-aydinlatici-gunes-kremi\/#primaryimage"},"image":{"@id":"https:\/\/demostore.ai\/tr\/urun\/fairy-skin-aydinlatici-gunes-kremi\/#primaryimage"},"thumbnailUrl":"https:\/\/demostore.ai\/wp-content\/uploads\/2025\/06\/Sunscreen-1-scaled-1.png","datePublished":"2025-06-13T00:39:29+00:00","dateModified":"2026-02-19T02:55:20+00:00","description":"Bir bak\u0131\u015fta daha parlak ve e\u015fit tonlu bir cilt sunan SPF 50+ koruma, nemlendirici etki, hafif doku ve g\u00fcn boyu s\u00fcren konfor bir arada.","breadcrumb":{"@id":"https:\/\/demostore.ai\/tr\/urun\/fairy-skin-aydinlatici-gunes-kremi\/#breadcrumb"},"inLanguage":"tr","potentialAction":[{"@type":"ReadAction","target":["https:\/\/demostore.ai\/tr\/urun\/fairy-skin-aydinlatici-gunes-kremi\/"]}]},{"@type":"ImageObject","inLanguage":"tr","@id":"https:\/\/demostore.ai\/tr\/urun\/fairy-skin-aydinlatici-gunes-kremi\/#primaryimage","url":"https:\/\/demostore.ai\/wp-content\/uploads\/2025\/06\/Sunscreen-1-scaled-1.png","contentUrl":"https:\/\/demostore.ai\/wp-content\/uploads\/2025\/06\/Sunscreen-1-scaled-1.png","width":570,"height":930,"caption":"Fairy Skin Ayd\u0131nlat\u0131c\u0131 G\u00fcne\u015f Kremi SPF 50+ PA+++ pembe \u015fi\u015fede, \u00fcr\u00fcn sayfas\u0131 i\u00e7in g\u00f6rsel."},{"@type":"BreadcrumbList","@id":"https:\/\/demostore.ai\/tr\/urun\/fairy-skin-aydinlatici-gunes-kremi\/#breadcrumb","itemListElement":[{"@type":"ListItem","position":1,"name":"Ana Sayfa","item":"https:\/\/demostore.ai\/tr\/"},{"@type":"ListItem","position":2,"name":"Ma\u011faza","item":"https:\/\/demostore.ai\/tr\/magaza\/"},{"@type":"ListItem","position":3,"name":"Fairy Skin Ayd\u0131nlat\u0131c\u0131 G\u00fcne\u015f Kremi"}]},{"@type":"WebSite","@id":"https:\/\/demostore.ai\/tr\/#website","url":"https:\/\/demostore.ai\/tr\/","name":"Trendy Thread","description":"WriteText.ai Demo Ma\u011fazas\u0131","publisher":{"@id":"https:\/\/demostore.ai\/tr\/#organization"},"potentialAction":[{"@type":"SearchAction","target":{"@type":"EntryPoint","urlTemplate":"https:\/\/demostore.ai\/tr\/?s={search_term_string}"},"query-input":{"@type":"PropertyValueSpecification","valueRequired":true,"valueName":"search_term_string"}}],"inLanguage":"tr"},{"@type":"Organization","@id":"https:\/\/demostore.ai\/tr\/#organization","name":"WriteText.ai","url":"https:\/\/demostore.ai\/tr\/","logo":{"@type":"ImageObject","inLanguage":"tr","@id":"https:\/\/demostore.ai\/tr\/#\/schema\/logo\/image\/","url":"https:\/\/demostore.ai\/wp-content\/uploads\/2025\/10\/writetext_logo.webp","contentUrl":"https:\/\/demostore.ai\/wp-content\/uploads\/2025\/10\/writetext_logo.webp","width":200,"height":34,"caption":"WriteText.ai"},"image":{"@id":"https:\/\/demostore.ai\/tr\/#\/schema\/logo\/image\/"}}]}},"_links":{"self":[{"href":"https:\/\/demostore.ai\/tr\/wp-json\/wp\/v2\/product\/36869","targetHints":{"allow":["GET"]}}],"collection":[{"href":"https:\/\/demostore.ai\/tr\/wp-json\/wp\/v2\/product"}],"about":[{"href":"https:\/\/demostore.ai\/tr\/wp-json\/wp\/v2\/types\/product"}],"replies":[{"embeddable":true,"href":"https:\/\/demostore.ai\/tr\/wp-json\/wp\/v2\/comments?post=36869"}],"wp:featuredmedia":[{"embeddable":true,"href":"https:\/\/demostore.ai\/tr\/wp-json\/wp\/v2\/media\/17345"}],"wp:attachment":[{"href":"https:\/\/demostore.ai\/tr\/wp-json\/wp\/v2\/media?parent=36869"}],"wp:term":[{"taxonomy":"product_brand","embeddable":true,"href":"https:\/\/demostore.ai\/tr\/wp-json\/wp\/v2\/product_brand?post=36869"},{"taxonomy":"product_cat","embeddable":true,"href":"https:\/\/demostore.ai\/tr\/wp-json\/wp\/v2\/product_cat?post=36869"},{"taxonomy":"product_tag","embeddable":true,"href":"https:\/\/demostore.ai\/tr\/wp-json\/wp\/v2\/product_tag?post=36869"}],"curies":[{"name":"wp","href":"https:\/\/api.w.org\/{rel}","templated":true}]}}