{"id":36361,"date":"2025-08-06T06:09:44","date_gmt":"2025-08-05T22:09:44","guid":{"rendered":"https:\/\/demostore.ai\/?post_type=product&#038;p=36361"},"modified":"2026-02-19T10:47:51","modified_gmt":"2026-02-19T02:47:51","slug":"gumus-disk-kolye","status":"publish","type":"product","link":"https:\/\/demostore.ai\/tr\/urun\/gumus-disk-kolye\/","title":{"rendered":"G\u00fcm\u00fc\u015f Disk Kolye"},"content":{"rendered":"<section data-wtai-block-id=\"wtai_product_description_features\" class=\"wtai-section wtai-features-section\">\n<h2>\u00d6ne \u00c7\u0131kan \u00d6zellikler<\/h2>\n<ul>\n<li><strong>Materyal:<\/strong> Y\u00fcksek kaliteli g\u00fcm\u00fc\u015f disklerden \u00fcretilmi\u015ftir.<\/li>\n<li><strong>Tasar\u0131m:<\/strong> Asimetrik ve dokulu disklerle klasik ve modern \u00e7izgileri birle\u015ftirir.<\/li>\n<li><strong>Y\u00fczey:<\/strong> Mat ve parlak b\u00f6l\u00fcmlerle hareketli bir g\u00f6r\u00fcn\u00fcm olu\u015fturur.<\/li>\n<li><strong>Zincir:<\/strong> Dayan\u0131kl\u0131, yuvarlak halkal\u0131 g\u00fcm\u00fc\u015f zincir ile desteklenmi\u015ftir.<\/li>\n<li><strong>Kilit:<\/strong> Kullan\u0131m\u0131 kolay g\u00fcvenli klips kapama ile donat\u0131lm\u0131\u015ft\u0131r.<\/li>\n<li><strong>El \u0130\u015f\u00e7ili\u011fi:<\/strong> \u00d6zg\u00fcn doku efektleri ve detaylarda ince i\u015f\u00e7ilik sunar.<\/li>\n<\/ul>\n<\/section>\n<div data-wtai-block-id=\"wtai_product_description_image_1753853427907\" class=\"wtai-section wtai-image_1753853427907-section\">\n<figure class=\"wtai-image-p wtai-align-center\" style=\"text-align:center\"><img decoding=\"async\" src=\"https:\/\/demostore.ai\/wp-content\/uploads\/2025\/08\/2-Multi-Disc-Pendant-Silver-Necklace-600x600.png\" alt=\"G\u00fcm\u00fc\u015f disklerden olu\u015fan \u015f\u0131k kolye, \u00fcr\u00fcn sayfas\u0131nda sergileniyor.\" srcset=\"https:\/\/demostore.ai\/wp-content\/uploads\/2025\/08\/2-Multi-Disc-Pendant-Silver-Necklace.png 1000w, https:\/\/demostore.ai\/wp-content\/uploads\/2025\/08\/2-Multi-Disc-Pendant-Silver-Necklace-300x300.png 300w, https:\/\/demostore.ai\/wp-content\/uploads\/2025\/08\/2-Multi-Disc-Pendant-Silver-Necklace-150x150.png 150w, https:\/\/demostore.ai\/wp-content\/uploads\/2025\/08\/2-Multi-Disc-Pendant-Silver-Necklace-768x768.png 768w, https:\/\/demostore.ai\/wp-content\/uploads\/2025\/08\/2-Multi-Disc-Pendant-Silver-Necklace-600x600.png 600w, https:\/\/demostore.ai\/wp-content\/uploads\/2025\/08\/2-Multi-Disc-Pendant-Silver-Necklace-250x250.png 250w\"><figcaption>\n<p>Dairesel ve oval formlar\u0131n birle\u015fimi, klasik ve sofistike bir zarafet sunuyor.<\/p>\n<\/figcaption><\/figure>\n<\/p><\/div>\n<section data-wtai-block-id=\"wtai_product_description_use_cases\" class=\"wtai-section wtai-use_cases-section\">\n<h2>Kullan\u0131m Alanlar\u0131 ve Stil \u0130pu\u00e7lar\u0131<\/h2>\n<ul>\n<li>\u00d6zel davetlerde zarif elbiseler ile uyumlu bir tamamlay\u0131c\u0131 olarak \u00f6ne \u00e7\u0131kar.<\/li>\n<li>\u0130\u015f toplant\u0131lar\u0131nda klasik bir ceket ve bluz kombinasyonuna sofistike dokunu\u015f katar.<\/li>\n<li>G\u00fcnl\u00fck giyimde sade \u00fcstlerle g\u00fcn boyu \u015f\u0131k bir g\u00f6r\u00fcn\u00fcm elde edilebilir.<\/li>\n<li>Katmanl\u0131 tak\u0131 modas\u0131nda ince zincirlerle birlikte kullan\u0131labilir.<\/li>\n<li>Arkada\u015f bulu\u015fmalar\u0131nda enerjik stiller ile kombinlenerek dikkat \u00e7ekici hale gelir.<\/li>\n<\/ul>\n<\/section>\n<section data-wtai-block-id=\"wtai_product_description_custom_1754204236758\" class=\"wtai-section wtai-custom_1754204236758-section\">\n<h2>G\u00fcm\u00fc\u015f Disk Kolye \u0130\u00e7in Uygun Kullan\u0131m Anlar\u0131<\/h2>\n<ul>\n<li><strong>G\u00fcnl\u00fck \u015e\u0131kl\u0131k<\/strong> \u2013 Her g\u00fcn basic ti\u015f\u00f6rtlerle veya g\u00f6mleklerle zarif bir hava katmak i\u00e7in ideal.<\/li>\n<li><strong>Ofis Stili<\/strong> \u2013 \u0130\u015f ortam\u0131nda sadeli\u011fiyle dikkat \u00e7ekerken g\u00f6r\u00fcn\u00fcm\u00fcn\u00fcze klas bir dokunu\u015f ekler.<\/li>\n<li><strong>\u00d6zel Davetler<\/strong> \u2013 D\u00fc\u011f\u00fcn, ni\u015fan veya ak\u015fam yemeklerinde klasik ve g\u00f6z al\u0131c\u0131 bir tamamlay\u0131c\u0131d\u0131r.<\/li>\n<li><strong>Arkada\u015f Bulu\u015fmalar\u0131<\/strong> \u2013 S\u0131cak sohbetler ve samimi bulu\u015fmalar i\u00e7in kombininize modern bir detay ekler.<\/li>\n<li><strong>Anlaml\u0131 Hediye<\/strong> \u2013 Do\u011fum g\u00fcnleri, y\u0131ld\u00f6n\u00fcmleri ya da yeni ba\u015flang\u0131\u00e7lar i\u00e7in duygu dolu bir arma\u011fand\u0131r.<\/li>\n<li><strong>Kendini \u015e\u0131martma<\/strong> \u2013 Kendinize de\u011fer verdi\u011finiz \u00f6zel anlarda, stilinizi yans\u0131tmak i\u00e7in tercih edebilirsiniz.<\/li>\n<\/ul>\n<\/section>\n<section data-wtai-block-id=\"wtai_product_description_custom_1753164383380\" class=\"wtai-section wtai-custom_1753164383380-section\">\n<h3>G\u00fcm\u00fc\u015f Disk Kolye Bak\u0131m \u00d6nerileri<\/h3>\n<ul>\n<li>Kolyenizi nemden uzak, kapal\u0131 bir kutuda veya kese i\u00e7inde saklamaya \u00f6zen g\u00f6sterin, b\u00f6ylece kararmay\u0131 \u00f6nleyebilirsiniz.<\/li>\n<li>Her kullan\u0131mdan sonra yumu\u015fak bir bezle hafif\u00e7e silin; bu, \u00fczerinde biriken ter veya kozmetik kal\u0131nt\u0131lar\u0131n\u0131n g\u00fcm\u00fc\u015fe zarar vermesini engeller.<\/li>\n<li>Parf\u00fcm, krem ve temizlik \u00fcr\u00fcnleriyle do\u011frudan temas\u0131ndan ka\u00e7\u0131n\u0131n; kolyenizi en son takarak bu \u00fcr\u00fcnlerin zararl\u0131 etkilerini azaltabilirsiniz.<\/li>\n<\/ul>\n<\/section>\n<div data-wtai-block-id=\"wtai_product_description_image_1753853450366\" class=\"wtai-section wtai-image_1753853450366-section\">\n<figure class=\"wtai-image-p wtai-align-center\" style=\"text-align:center\"><img decoding=\"async\" src=\"https:\/\/demostore.ai\/wp-content\/uploads\/2025\/09\/4-Multi-Disc-Pendant-Silver-Necklace-600x600.png\" alt=\"G\u00fcm\u00fc\u015ften yap\u0131lm\u0131\u015f, dokulu ve yuvarlak disklerden olu\u015fan \u015f\u0131k kolye.\" srcset=\"https:\/\/demostore.ai\/wp-content\/uploads\/2025\/09\/4-Multi-Disc-Pendant-Silver-Necklace.png 1000w, https:\/\/demostore.ai\/wp-content\/uploads\/2025\/09\/4-Multi-Disc-Pendant-Silver-Necklace-300x300.png 300w, https:\/\/demostore.ai\/wp-content\/uploads\/2025\/09\/4-Multi-Disc-Pendant-Silver-Necklace-150x150.png 150w, https:\/\/demostore.ai\/wp-content\/uploads\/2025\/09\/4-Multi-Disc-Pendant-Silver-Necklace-768x768.png 768w, https:\/\/demostore.ai\/wp-content\/uploads\/2025\/09\/4-Multi-Disc-Pendant-Silver-Necklace-600x600.png 600w, https:\/\/demostore.ai\/wp-content\/uploads\/2025\/09\/4-Multi-Disc-Pendant-Silver-Necklace-250x250.png 250w\"><figcaption>\n<p>Disklerin y\u00fczeyindeki \u00f6zg\u00fcn dokular, kolyeye modern ve dikkat \u00e7ekici bir hava kat\u0131yor.<\/p>\n<\/figcaption><\/figure>\n<\/p><\/div>\n<section data-wtai-block-id=\"wtai_product_description_faqs\" class=\"wtai-section wtai-faqs-section\">\n<h2>S\u0131k\u00e7a Sorulan Sorular<\/h2>\n<p><strong>Kolye hangi materyalden \u00fcretilmi\u015ftir?<\/strong> <br \/> Y\u00fcksek kaliteli g\u00fcm\u00fc\u015ften \u00fcretilmi\u015ftir ve uzun \u00f6m\u00fcrl\u00fcd\u00fcr.<\/p>\n<p><strong>Disklerin y\u00fczeyinde \u00f6zel bir i\u015flem var m\u0131?<\/strong> <br \/> Evet, dokulu ve mat\/ parlak kar\u0131\u015f\u0131m\u0131 y\u00fczey detaylar\u0131 el i\u015f\u00e7ili\u011fi ile olu\u015fturuldu.<\/p>\n<p><strong>Hediye olarak uygun mudur?<\/strong> <br \/> Zarif ve modern tasar\u0131m\u0131 sayesinde her ya\u015f grubuna hitap eden \u015f\u0131k bir hediye se\u00e7ene\u011fidir.<\/p>\n<p><strong>Nas\u0131l saklanmal\u0131 ve temizlenmeli?<\/strong> <br \/> Serin ve kuru bir yerde, tercihen kutusunda saklaman\u0131z ve yumu\u015fak bir bezle silmeniz \u00f6nerilir.<\/p>\n<\/section>\n<section data-wtai-block-id=\"wtai_product_description_conclusion\" class=\"wtai-section wtai-conclusion-section\">\n<h2>Kendinizi \u015e\u0131mart\u0131n veya Sevdiklerinizi Mutlu Edin<\/h2>\n<p><strong>G\u00fcm\u00fc\u015f Disk Kolye, \u00f6zg\u00fcn tasar\u0131m\u0131 ve klasik dokusuyla her stilde kendini belli eder.<\/strong> <strong>G\u00fcnd\u00fczden geceye rahat\u00e7a kullanabilirsiniz, her ortamda zarafetinizi tamamlar.<\/strong> <strong>Hayat\u0131n\u0131za ufak bir \u0131\u015f\u0131lt\u0131 katmak veya anlaml\u0131 bir hediye i\u00e7in, tarz\u0131n\u0131z\u0131 bug\u00fcn g\u00fc\u00e7lendirin.<\/strong><\/p>\n<\/section>\n","protected":false},"excerpt":{"rendered":"<div data-wtai-block-id=\"wtai_excerpt_subtitle\" class=\"wtai-section wtai-subtitle-section\">\n<p><em><strong>Zarif dokularla zamans\u0131z g\u00fcm\u00fc\u015f\u00fcn uyumlu dans\u0131<\/strong><\/em><\/p>\n<\/p><\/div>\n<div data-wtai-block-id=\"wtai_excerpt_introduction\" class=\"wtai-section wtai-introduction-section\">\n<p>Kimi zaman bir detay, t\u00fcm g\u00f6r\u00fcn\u00fcm\u00fcn\u00fcz\u00fcn anlam\u0131n\u0131 de\u011fi\u015ftirebilir. Zarif desenleri ve dairesel formlar\u0131yla dikkat \u00e7eken bu par\u00e7a, sizinle birlikte her an\u0131n\u0131za de\u011fer katacak bir \u015f\u0131kl\u0131k hissi uyand\u0131r\u0131yor. Modern tasar\u0131m\u0131yla g\u00f6z doldururken, klasik \u00e7izgisinden de \u00f6d\u00fcn vermeyen bu \u00f6zel aksesuar, hem g\u00fcnl\u00fck kombinlerinize hem de \u00f6zel davetlerinize sofistike bir dokunu\u015f sunar. Her aynaya bakt\u0131\u011f\u0131n\u0131zda kendinizi biraz daha \u00f6zg\u00fcn ve g\u00fc\u00e7l\u00fc hissedece\u011finiz bir imza par\u00e7a olmaya aday.<\/p>\n<\/p><\/div>\n","protected":false},"featured_media":30650,"comment_status":"open","ping_status":"closed","template":"","meta":[],"product_brand":[],"product_cat":[316],"product_tag":[],"class_list":{"0":"post-36361","1":"product","2":"type-product","3":"status-publish","4":"has-post-thumbnail","6":"product_cat-takilar","8":"first","9":"instock","10":"shipping-taxable","11":"purchasable","12":"product-type-simple"},"bundled_by":[],"bundle_stock_status":"instock","bundle_stock_quantity":null,"bundle_virtual":false,"bundle_layout":"","bundle_add_to_cart_form_location":"","bundle_editable_in_cart":false,"bundle_sold_individually_context":"","bundle_item_grouping":"","bundle_min_size":"","bundle_max_size":"","bundle_price":[],"bundled_items":[],"bundle_sell_ids":[],"yoast_head":"<!-- This site is optimized with the Yoast SEO plugin v25.2 - https:\/\/yoast.com\/wordpress\/plugins\/seo\/ -->\n<title>Ke\u015ffet G\u00fcm\u00fc\u015f Disk Kolye ile Zamans\u0131z Zarafeti Ya\u015fa<\/title>\n<meta name=\"description\" content=\"\u00d6zg\u00fcn dokulu diskleriyle \u00f6ne \u00e7\u0131kan bu g\u00fcm\u00fc\u015f kolye, klasik ve modern detaylar\u0131 bir arada sunar. Her stile uyum sa\u011flayan zarif tamamlay\u0131c\u0131.\" \/>\n<meta name=\"robots\" content=\"index, follow, max-snippet:-1, max-image-preview:large, max-video-preview:-1\" \/>\n<link rel=\"canonical\" href=\"https:\/\/demostore.ai\/tr\/urun\/gumus-disk-kolye\/\" \/>\n<meta property=\"og:type\" content=\"article\" \/>\n<meta property=\"og:title\" content=\"Ke\u015ffet G\u00fcm\u00fc\u015f Disk Kolye ile Zamans\u0131z Zarafeti Ya\u015fa\" \/>\n<meta property=\"og:description\" content=\"\u0130lham verici dokulu disklerden olu\u015fan g\u00fcm\u00fc\u015f kolye, modern ve klasik stilleri bulu\u015fturuyor. Her ortamda zarafetiyle g\u00f6z kama\u015ft\u0131ran \u00f6zel bir tak\u0131 tasar\u0131m\u0131.\" \/>\n<meta property=\"og:url\" content=\"https:\/\/demostore.ai\/tr\/urun\/gumus-disk-kolye\/\" \/>\n<meta property=\"og:site_name\" content=\"Trendy Thread\" \/>\n<meta property=\"article:modified_time\" content=\"2026-02-19T02:47:51+00:00\" \/>\n<meta property=\"og:image\" content=\"https:\/\/demostore.ai\/wp-content\/uploads\/2025\/08\/1-Multi-Disc-Pendant-Silver-Necklace.png\" \/>\n\t<meta property=\"og:image:width\" content=\"1000\" \/>\n\t<meta property=\"og:image:height\" content=\"1000\" \/>\n\t<meta property=\"og:image:type\" content=\"image\/png\" \/>\n<meta name=\"twitter:card\" content=\"summary_large_image\" \/>\n<meta name=\"twitter:title\" content=\"Ke\u015ffet G\u00fcm\u00fc\u015f Disk Kolye ile Zamans\u0131z Zarafeti Ya\u015fa\" \/>\n<meta name=\"twitter:description\" content=\"\u0130lham verici dokulu disklerden olu\u015fan g\u00fcm\u00fc\u015f kolye, modern ve klasik stilleri bulu\u015fturuyor. Her ortamda zarafetiyle g\u00f6z kama\u015ft\u0131ran \u00f6zel bir tak\u0131 tasar\u0131m\u0131.\" \/>\n<meta name=\"twitter:label1\" content=\"Tahmini okuma s\u00fcresi\" \/>\n\t<meta name=\"twitter:data1\" content=\"1 dakika\" \/>\n<script type=\"application\/ld+json\" class=\"yoast-schema-graph\">{\"@context\":\"https:\/\/schema.org\",\"@graph\":[{\"@type\":\"WebPage\",\"@id\":\"https:\/\/demostore.ai\/tr\/urun\/gumus-disk-kolye\/\",\"url\":\"https:\/\/demostore.ai\/tr\/urun\/gumus-disk-kolye\/\",\"name\":\"Ke\u015ffet G\u00fcm\u00fc\u015f Disk Kolye ile Zamans\u0131z Zarafeti Ya\u015fa\",\"isPartOf\":{\"@id\":\"https:\/\/demostore.ai\/tr\/#website\"},\"primaryImageOfPage\":{\"@id\":\"https:\/\/demostore.ai\/tr\/urun\/gumus-disk-kolye\/#primaryimage\"},\"image\":{\"@id\":\"https:\/\/demostore.ai\/tr\/urun\/gumus-disk-kolye\/#primaryimage\"},\"thumbnailUrl\":\"https:\/\/demostore.ai\/wp-content\/uploads\/2025\/08\/1-Multi-Disc-Pendant-Silver-Necklace.png\",\"datePublished\":\"2025-08-05T22:09:44+00:00\",\"dateModified\":\"2026-02-19T02:47:51+00:00\",\"description\":\"\u00d6zg\u00fcn dokulu diskleriyle \u00f6ne \u00e7\u0131kan bu g\u00fcm\u00fc\u015f kolye, klasik ve modern detaylar\u0131 bir arada sunar. Her stile uyum sa\u011flayan zarif tamamlay\u0131c\u0131.\",\"breadcrumb\":{\"@id\":\"https:\/\/demostore.ai\/tr\/urun\/gumus-disk-kolye\/#breadcrumb\"},\"inLanguage\":\"tr\",\"potentialAction\":[{\"@type\":\"ReadAction\",\"target\":[\"https:\/\/demostore.ai\/tr\/urun\/gumus-disk-kolye\/\"]}]},{\"@type\":\"ImageObject\",\"inLanguage\":\"tr\",\"@id\":\"https:\/\/demostore.ai\/tr\/urun\/gumus-disk-kolye\/#primaryimage\",\"url\":\"https:\/\/demostore.ai\/wp-content\/uploads\/2025\/08\/1-Multi-Disc-Pendant-Silver-Necklace.png\",\"contentUrl\":\"https:\/\/demostore.ai\/wp-content\/uploads\/2025\/08\/1-Multi-Disc-Pendant-Silver-Necklace.png\",\"width\":1000,\"height\":1000,\"caption\":\"Doku detayl\u0131, b\u00fcy\u00fck g\u00fcm\u00fc\u015f disklerden olu\u015fan kolye \u00fcr\u00fcn g\u00f6rseli.\"},{\"@type\":\"BreadcrumbList\",\"@id\":\"https:\/\/demostore.ai\/tr\/urun\/gumus-disk-kolye\/#breadcrumb\",\"itemListElement\":[{\"@type\":\"ListItem\",\"position\":1,\"name\":\"Ana Sayfa\",\"item\":\"https:\/\/demostore.ai\/tr\/\"},{\"@type\":\"ListItem\",\"position\":2,\"name\":\"Ma\u011faza\",\"item\":\"https:\/\/demostore.ai\/tr\/magaza\/\"},{\"@type\":\"ListItem\",\"position\":3,\"name\":\"G\u00fcm\u00fc\u015f Disk Kolye\"}]},{\"@type\":\"WebSite\",\"@id\":\"https:\/\/demostore.ai\/tr\/#website\",\"url\":\"https:\/\/demostore.ai\/tr\/\",\"name\":\"Trendy Thread\",\"description\":\"WriteText.ai Demo Ma\u011fazas\u0131\",\"publisher\":{\"@id\":\"https:\/\/demostore.ai\/tr\/#organization\"},\"potentialAction\":[{\"@type\":\"SearchAction\",\"target\":{\"@type\":\"EntryPoint\",\"urlTemplate\":\"https:\/\/demostore.ai\/tr\/?s={search_term_string}\"},\"query-input\":{\"@type\":\"PropertyValueSpecification\",\"valueRequired\":true,\"valueName\":\"search_term_string\"}}],\"inLanguage\":\"tr\"},{\"@type\":\"Organization\",\"@id\":\"https:\/\/demostore.ai\/tr\/#organization\",\"name\":\"WriteText.ai\",\"url\":\"https:\/\/demostore.ai\/tr\/\",\"logo\":{\"@type\":\"ImageObject\",\"inLanguage\":\"tr\",\"@id\":\"https:\/\/demostore.ai\/tr\/#\/schema\/logo\/image\/\",\"url\":\"https:\/\/demostore.ai\/wp-content\/uploads\/2025\/10\/writetext_logo.webp\",\"contentUrl\":\"https:\/\/demostore.ai\/wp-content\/uploads\/2025\/10\/writetext_logo.webp\",\"width\":200,\"height\":34,\"caption\":\"WriteText.ai\"},\"image\":{\"@id\":\"https:\/\/demostore.ai\/tr\/#\/schema\/logo\/image\/\"}}]}<\/script>\n<!-- \/ Yoast SEO plugin. -->","yoast_head_json":{"title":"Ke\u015ffet G\u00fcm\u00fc\u015f Disk Kolye ile Zamans\u0131z Zarafeti Ya\u015fa","description":"\u00d6zg\u00fcn dokulu diskleriyle \u00f6ne \u00e7\u0131kan bu g\u00fcm\u00fc\u015f kolye, klasik ve modern detaylar\u0131 bir arada sunar. Her stile uyum sa\u011flayan zarif tamamlay\u0131c\u0131.","robots":{"index":"index","follow":"follow","max-snippet":"max-snippet:-1","max-image-preview":"max-image-preview:large","max-video-preview":"max-video-preview:-1"},"canonical":"https:\/\/demostore.ai\/tr\/urun\/gumus-disk-kolye\/","og_type":"article","og_title":"Ke\u015ffet G\u00fcm\u00fc\u015f Disk Kolye ile Zamans\u0131z Zarafeti Ya\u015fa","og_description":"\u0130lham verici dokulu disklerden olu\u015fan g\u00fcm\u00fc\u015f kolye, modern ve klasik stilleri bulu\u015fturuyor. Her ortamda zarafetiyle g\u00f6z kama\u015ft\u0131ran \u00f6zel bir tak\u0131 tasar\u0131m\u0131.","og_url":"https:\/\/demostore.ai\/tr\/urun\/gumus-disk-kolye\/","og_site_name":"Trendy Thread","article_modified_time":"2026-02-19T02:47:51+00:00","og_image":[{"width":1000,"height":1000,"url":"https:\/\/demostore.ai\/wp-content\/uploads\/2025\/08\/1-Multi-Disc-Pendant-Silver-Necklace.png","type":"image\/png"}],"twitter_card":"summary_large_image","twitter_title":"Ke\u015ffet G\u00fcm\u00fc\u015f Disk Kolye ile Zamans\u0131z Zarafeti Ya\u015fa","twitter_description":"\u0130lham verici dokulu disklerden olu\u015fan g\u00fcm\u00fc\u015f kolye, modern ve klasik stilleri bulu\u015fturuyor. Her ortamda zarafetiyle g\u00f6z kama\u015ft\u0131ran \u00f6zel bir tak\u0131 tasar\u0131m\u0131.","twitter_misc":{"Tahmini okuma s\u00fcresi":"1 dakika"},"schema":{"@context":"https:\/\/schema.org","@graph":[{"@type":"WebPage","@id":"https:\/\/demostore.ai\/tr\/urun\/gumus-disk-kolye\/","url":"https:\/\/demostore.ai\/tr\/urun\/gumus-disk-kolye\/","name":"Ke\u015ffet G\u00fcm\u00fc\u015f Disk Kolye ile Zamans\u0131z Zarafeti Ya\u015fa","isPartOf":{"@id":"https:\/\/demostore.ai\/tr\/#website"},"primaryImageOfPage":{"@id":"https:\/\/demostore.ai\/tr\/urun\/gumus-disk-kolye\/#primaryimage"},"image":{"@id":"https:\/\/demostore.ai\/tr\/urun\/gumus-disk-kolye\/#primaryimage"},"thumbnailUrl":"https:\/\/demostore.ai\/wp-content\/uploads\/2025\/08\/1-Multi-Disc-Pendant-Silver-Necklace.png","datePublished":"2025-08-05T22:09:44+00:00","dateModified":"2026-02-19T02:47:51+00:00","description":"\u00d6zg\u00fcn dokulu diskleriyle \u00f6ne \u00e7\u0131kan bu g\u00fcm\u00fc\u015f kolye, klasik ve modern detaylar\u0131 bir arada sunar. Her stile uyum sa\u011flayan zarif tamamlay\u0131c\u0131.","breadcrumb":{"@id":"https:\/\/demostore.ai\/tr\/urun\/gumus-disk-kolye\/#breadcrumb"},"inLanguage":"tr","potentialAction":[{"@type":"ReadAction","target":["https:\/\/demostore.ai\/tr\/urun\/gumus-disk-kolye\/"]}]},{"@type":"ImageObject","inLanguage":"tr","@id":"https:\/\/demostore.ai\/tr\/urun\/gumus-disk-kolye\/#primaryimage","url":"https:\/\/demostore.ai\/wp-content\/uploads\/2025\/08\/1-Multi-Disc-Pendant-Silver-Necklace.png","contentUrl":"https:\/\/demostore.ai\/wp-content\/uploads\/2025\/08\/1-Multi-Disc-Pendant-Silver-Necklace.png","width":1000,"height":1000,"caption":"Doku detayl\u0131, b\u00fcy\u00fck g\u00fcm\u00fc\u015f disklerden olu\u015fan kolye \u00fcr\u00fcn g\u00f6rseli."},{"@type":"BreadcrumbList","@id":"https:\/\/demostore.ai\/tr\/urun\/gumus-disk-kolye\/#breadcrumb","itemListElement":[{"@type":"ListItem","position":1,"name":"Ana Sayfa","item":"https:\/\/demostore.ai\/tr\/"},{"@type":"ListItem","position":2,"name":"Ma\u011faza","item":"https:\/\/demostore.ai\/tr\/magaza\/"},{"@type":"ListItem","position":3,"name":"G\u00fcm\u00fc\u015f Disk Kolye"}]},{"@type":"WebSite","@id":"https:\/\/demostore.ai\/tr\/#website","url":"https:\/\/demostore.ai\/tr\/","name":"Trendy Thread","description":"WriteText.ai Demo Ma\u011fazas\u0131","publisher":{"@id":"https:\/\/demostore.ai\/tr\/#organization"},"potentialAction":[{"@type":"SearchAction","target":{"@type":"EntryPoint","urlTemplate":"https:\/\/demostore.ai\/tr\/?s={search_term_string}"},"query-input":{"@type":"PropertyValueSpecification","valueRequired":true,"valueName":"search_term_string"}}],"inLanguage":"tr"},{"@type":"Organization","@id":"https:\/\/demostore.ai\/tr\/#organization","name":"WriteText.ai","url":"https:\/\/demostore.ai\/tr\/","logo":{"@type":"ImageObject","inLanguage":"tr","@id":"https:\/\/demostore.ai\/tr\/#\/schema\/logo\/image\/","url":"https:\/\/demostore.ai\/wp-content\/uploads\/2025\/10\/writetext_logo.webp","contentUrl":"https:\/\/demostore.ai\/wp-content\/uploads\/2025\/10\/writetext_logo.webp","width":200,"height":34,"caption":"WriteText.ai"},"image":{"@id":"https:\/\/demostore.ai\/tr\/#\/schema\/logo\/image\/"}}]}},"_links":{"self":[{"href":"https:\/\/demostore.ai\/tr\/wp-json\/wp\/v2\/product\/36361","targetHints":{"allow":["GET"]}}],"collection":[{"href":"https:\/\/demostore.ai\/tr\/wp-json\/wp\/v2\/product"}],"about":[{"href":"https:\/\/demostore.ai\/tr\/wp-json\/wp\/v2\/types\/product"}],"replies":[{"embeddable":true,"href":"https:\/\/demostore.ai\/tr\/wp-json\/wp\/v2\/comments?post=36361"}],"wp:featuredmedia":[{"embeddable":true,"href":"https:\/\/demostore.ai\/tr\/wp-json\/wp\/v2\/media\/30650"}],"wp:attachment":[{"href":"https:\/\/demostore.ai\/tr\/wp-json\/wp\/v2\/media?parent=36361"}],"wp:term":[{"taxonomy":"product_brand","embeddable":true,"href":"https:\/\/demostore.ai\/tr\/wp-json\/wp\/v2\/product_brand?post=36361"},{"taxonomy":"product_cat","embeddable":true,"href":"https:\/\/demostore.ai\/tr\/wp-json\/wp\/v2\/product_cat?post=36361"},{"taxonomy":"product_tag","embeddable":true,"href":"https:\/\/demostore.ai\/tr\/wp-json\/wp\/v2\/product_tag?post=36361"}],"curies":[{"name":"wp","href":"https:\/\/api.w.org\/{rel}","templated":true}]}}