{"id":36355,"date":"2025-06-16T07:36:26","date_gmt":"2025-06-15T23:36:26","guid":{"rendered":"https:\/\/demostore.ai\/?post_type=product&#038;p=36355"},"modified":"2026-02-19T10:40:47","modified_gmt":"2026-02-19T02:40:47","slug":"bench-beyzbol-sapkasi","status":"publish","type":"product","link":"https:\/\/demostore.ai\/tr\/urun\/bench-beyzbol-sapkasi\/","title":{"rendered":"Bench Beyzbol \u015eapkas\u0131"},"content":{"rendered":"<section data-wtai-block-id=\"wtai_product_description_features\" class=\"wtai-section wtai-features-section\">\n<h2>\u00dcr\u00fcn Detaylar\u0131<\/h2>\n<ul>\n<li><strong>Y\u00fcksek kaliteli pamuklu kuma\u015f<\/strong> sayesinde g\u00fcn boyu konfor sa\u011flar.<\/li>\n<li><strong>Ayarlanabilir arka bant<\/strong>, farkl\u0131 ba\u015f \u00f6l\u00e7\u00fclerine kolayca uyum sa\u011flar.<\/li>\n<li><strong>Canl\u0131 k\u0131rm\u0131z\u0131<\/strong> renk ile dikkat \u00e7eker ve gard\u0131robunuza enerji katar.<\/li>\n<li><strong>\u00d6n k\u0131sm\u0131nda b\u00fcy\u00fck, beyaz BCH nak\u0131\u015f<\/strong> ile marka vurgusu ve \u015f\u0131k g\u00f6r\u00fcn\u00fcm elde edilir.<\/li>\n<li><strong>Alt\u0131 panelli klasik beyzbol \u015fapkas\u0131 formu<\/strong> modern ve spor stil sunar.<\/li>\n<li><strong>G\u00fc\u00e7l\u00fc diki\u015f ayr\u0131nt\u0131lar\u0131<\/strong> \u015fapkan\u0131n dayan\u0131kl\u0131l\u0131\u011f\u0131n\u0131 art\u0131r\u0131r.<\/li>\n<li><strong>Kavisli siperlik<\/strong> hem g\u00fcne\u015ften korur hem haval\u0131 bir duru\u015f kazand\u0131r\u0131r.<\/li>\n<li><strong>Hafif yap\u0131<\/strong> ba\u015f\u0131n\u0131zda a\u011f\u0131rl\u0131k hissi olu\u015fturmaz.<\/li>\n<li><strong>Unisex tasar\u0131m\u0131<\/strong> ile t\u00fcm ku\u015faklar\u0131n favorisi olmaya adayd\u0131r.<\/li>\n<\/ul>\n<\/section>\n<div data-wtai-block-id=\"wtai_product_description_image_1753694415199\" class=\"wtai-section wtai-image_1753694415199-section\">\n<figure class=\"wtai-image-p wtai-align-center\" style=\"text-align:center\"><img decoding=\"async\" src=\"https:\/\/demostore.ai\/wp-content\/uploads\/2025\/06\/Cap-2-scaled-2-600x520.png\" alt=\"K\u0131rm\u0131z\u0131, BCH harfli Bench beyzbol \u015fapkas\u0131, \u00f6nden g\u00f6r\u00fcn\u00fcm.\" srcset=\"https:\/\/demostore.ai\/wp-content\/uploads\/2025\/06\/Cap-2-scaled-2.png 947w, https:\/\/demostore.ai\/wp-content\/uploads\/2025\/06\/Cap-2-scaled-2-300x260.png 300w, https:\/\/demostore.ai\/wp-content\/uploads\/2025\/06\/Cap-2-scaled-2-768x665.png 768w, https:\/\/demostore.ai\/wp-content\/uploads\/2025\/06\/Cap-2-scaled-2-600x520.png 600w\"><figcaption>\n<p>Koyu k\u0131rm\u0131z\u0131 kuma\u015f\u0131 ve y\u00fckseltilmi\u015f beyaz BCH harf detaylar\u0131yla an\u0131nda dikkat \u00e7ekiyor.<\/p>\n<\/figcaption><\/figure>\n<\/p><\/div>\n<section data-wtai-block-id=\"wtai_product_description_benefits\" class=\"wtai-section wtai-benefits-section\">\n<h2>Neden Bay\u0131lacaks\u0131n\u0131z?<\/h2>\n<ul>\n<li>G\u00fcnl\u00fck kombinlerinize taze bir enerji ve sportif \u015f\u0131kl\u0131k kazand\u0131r\u0131r.<\/li>\n<li>\u015eapka arkas\u0131ndaki ayarlan\u0131r bant sayesinde istedi\u011finiz rahatl\u0131\u011f\u0131 kolayca yakalars\u0131n\u0131z.<\/li>\n<li>Canl\u0131 rengi klasik \u015fapkalardan ayr\u0131l\u0131r, tarz\u0131n\u0131za karakter katar.<\/li>\n<li>Kaliteli kuma\u015f\u0131 sayesinde uzun s\u00fcreli kullan\u0131mlarda bile ba\u015f\u0131n\u0131z\u0131 terletmez ve rahats\u0131z etmez.<\/li>\n<li>\u00d6n\u00fcndeki marka detay\u0131 dikkatleri \u00fczerinize \u00e7eker, \u00f6zg\u00fcveninizi art\u0131r\u0131r.<\/li>\n<\/ul>\n<\/section>\n<section data-wtai-block-id=\"wtai_product_description_use_cases\" class=\"wtai-section wtai-use_cases-section\">\n<h2>Nerede Kullan\u0131l\u0131r?<\/h2>\n<p>Hafta sonu gezilerinde ya da \u015fehirde kahve molalar\u0131n\u0131zda klasik ti\u015f\u00f6rtler ve kotlarla \u015f\u0131kl\u0131k yakalayabilirsiniz.<\/p>\n<p>Spor salonu \u00e7\u0131k\u0131\u015f\u0131, ko\u015fu ya da a\u00e7\u0131k hava aktivitelerinde kolayca kombinleyerek dinamik g\u00f6r\u00fcn\u00fcm kazanabilirsiniz.<\/p>\n<p>Yaz konserlerinde, festival alanlar\u0131nda g\u00fcne\u015ften korunurken tarz\u0131n\u0131zdan \u00f6d\u00fcn vermezsiniz.<\/p>\n<p>Arkada\u015flarla bulu\u015fmalarda sneaker ve basic par\u00e7alarla tamamlayarak zamans\u0131z bir tarz olu\u015fturabilirsiniz.<\/p>\n<p>Hem g\u00fcndelik hem de rahat ofis ortamlar\u0131nda kombinleyece\u011finiz unisex tasar\u0131m\u0131 ile her yere uyum sa\u011flar.<\/p>\n<\/section>\n<section data-wtai-block-id=\"wtai_product_description_custom_1754271650908\" class=\"wtai-section wtai-custom_1754271650908-section\">\n<h2>Bench Beyzbol \u015eapkas\u0131 \u0130\u00e7in Bak\u0131m ve Temizlik \u00d6nerileri<\/h2>\n<ul>\n<li>\u015eapkan\u0131z\u0131 so\u011fuk suda elde ve nazik\u00e7e, hafif deterjanla temizleyin.<\/li>\n<li>Y\u0131kad\u0131ktan sonra fazla suyu hafif\u00e7e bast\u0131rarak al\u0131n, asla s\u0131kmay\u0131n.<\/li>\n<li>\u015eekli korumak i\u00e7in bir kase ya da havlu \u00fczerinde do\u011fal kurutun.<\/li>\n<li>\u015eapkan\u0131z\u0131 dolapta ezilmeden, dik \u015fekilde veya ask\u0131ya asarak saklay\u0131n.<\/li>\n<li>A\u011fart\u0131c\u0131 kullanmay\u0131n, a\u015f\u0131r\u0131 s\u0131cak su veya yo\u011fun nemden uzak tutun.<\/li>\n<\/ul>\n<\/section>\n<section data-wtai-block-id=\"wtai_product_description_custom_1754281021097\" class=\"wtai-section wtai-custom_1754281021097-section\">\n<h2>S\u00fcrd\u00fcr\u00fclebilirlik \u00d6zellikleri: Bench Beyzbol \u015eapkas\u0131<\/h2>\n<h3>Malzemeler<\/h3>\n<ul>\n<li>Standart pamuk ya da polyester, s\u00fcrd\u00fcr\u00fclebilir materyal garantisi yok.<\/li>\n<li>\u00dcr\u00fcn\u00fcn karbon ayak izi veya \u00e7evresel etkisi a\u00e7\u0131klanm\u0131yor.<\/li>\n<li>Geri d\u00f6n\u00fc\u015ft\u00fcr\u00fclm\u00fc\u015f i\u00e7erik veya resmi sertifika beyan\u0131 bulunmamaktad\u0131r.<\/li>\n<\/ul>\n<h3>Bile\u015fenler<\/h3>\n<ul>\n<li>Tedarik\u00e7i ve \u00fcretim s\u00fcre\u00e7leriyle ilgili \u015feffafl\u0131k sunulmuyor.<\/li>\n<li>\u00dcretimde at\u0131k azalt\u0131m\u0131na dair bir taahh\u00fct yok.<\/li>\n<li>Etik ya da s\u00fcrd\u00fcr\u00fclebilirlik sertifikas\u0131 bildirilmemi\u015ftir.<\/li>\n<\/ul>\n<h3>Ambalaj<\/h3>\n<ul>\n<li>\u00c7o\u011funlukla tek kullan\u0131ml\u0131k plastik ambalajla g\u00f6nderilir.<\/li>\n<li>Ambalajda at\u0131k y\u00f6netimi veya geri d\u00f6n\u00fc\u015f\u00fcm program\u0131 bildirilmemi\u015f.<\/li>\n<li>\u00c7evre dostu ambalaj i\u00e7eri\u011fiyle ilgili do\u011frulanm\u0131\u015f bilgi yok.<\/li>\n<\/ul>\n<\/section>\n<div data-wtai-block-id=\"wtai_product_description_image_1753694424568\" class=\"wtai-section wtai-image_1753694424568-section\">\n<figure class=\"wtai-image-p wtai-align-center\" style=\"text-align:center\"><img decoding=\"async\" src=\"https:\/\/demostore.ai\/wp-content\/uploads\/2025\/06\/Cap-4-scaled-2-600x600.png\" alt=\"K\u0131rm\u0131z\u0131 Bench marka beyzbol \u015fapkas\u0131, \u00f6n k\u0131sm\u0131nda beyaz BENCH\/ yaz\u0131s\u0131 ile.\" srcset=\"https:\/\/demostore.ai\/wp-content\/uploads\/2025\/06\/Cap-4-scaled-2.png 1000w, https:\/\/demostore.ai\/wp-content\/uploads\/2025\/06\/Cap-4-scaled-2-300x300.png 300w, https:\/\/demostore.ai\/wp-content\/uploads\/2025\/06\/Cap-4-scaled-2-150x150.png 150w, https:\/\/demostore.ai\/wp-content\/uploads\/2025\/06\/Cap-4-scaled-2-768x768.png 768w, https:\/\/demostore.ai\/wp-content\/uploads\/2025\/06\/Cap-4-scaled-2-600x600.png 600w, https:\/\/demostore.ai\/wp-content\/uploads\/2025\/06\/Cap-4-scaled-2-250x250.png 250w\"><figcaption>\n<p>\u00d6n k\u0131sm\u0131ndaki minimal BENCH\/ nak\u0131\u015f\u0131, \u015fapkan\u0131n haval\u0131 duru\u015funa modern bir dokunu\u015f kat\u0131yor.<\/p>\n<\/figcaption><\/figure>\n<\/p><\/div>\n<section data-wtai-block-id=\"wtai_product_description_faqs\" class=\"wtai-section wtai-faqs-section\">\n<h2>S\u0131k\u00e7a Sorulan Sorular<\/h2>\n<p><strong>\u015eapkan\u0131n bedeni herkese uygun mu?<\/strong> <br \/> Evet, arka k\u0131sm\u0131ndaki ayarlanabilir bant sayesinde farkl\u0131 ba\u015f \u00f6l\u00e7\u00fclerine rahat\u00e7a uyum sa\u011flar.<\/p>\n<p><strong>Pamuklu kuma\u015f ne kadar konforlu?<\/strong> <br \/> Yumu\u015fak ve nefes alabilen pamuklu kuma\u015f\u0131 ile g\u00fcn boyu terletmeden konfor sa\u011flar.<\/p>\n<p><strong>D\u00f6rt mevsim kullan\u0131labilir mi?<\/strong> <br \/> Evet, hafif yap\u0131s\u0131 ve nefes alabilen kuma\u015f\u0131yla y\u0131l\u0131n her d\u00f6neminde rahatl\u0131kla kullanabilirsiniz.<\/p>\n<p><strong>\u015eapka nas\u0131l temizlenmeli?<\/strong> <br \/> Elde hafif deterjan ile silerek temizlenmesi \u00f6nerilir. Makinede y\u0131kamaktan ka\u00e7\u0131n\u0131n.<\/p>\n<\/section>\n<section data-wtai-block-id=\"wtai_product_description_conclusion\" class=\"wtai-section wtai-conclusion-section\">\n<h2>Tarz\u0131na Enerji Katman\u0131n Tam Zaman\u0131<\/h2>\n<p><strong>Bench Beyzbol \u015eapkas\u0131 ile hem rahat\u0131n hem stilin adresi elinizde. Sade ama iddial\u0131 tasar\u0131m\u0131 sayesinde kombinlerinizin en g\u00f6zde par\u00e7as\u0131 olacak.<\/strong> <strong>\u015eimdi tarz\u0131n\u0131 bir ad\u0131m \u00f6teye ta\u015f\u0131 ve BCH logosunun enerjisini \u00fczerinizde ta\u015f\u0131. Yeni favori aksesuar\u0131nla bulu\u015fmak i\u00e7in bekleme, hemen ke\u015ffet!<\/strong><\/p>\n<\/section>\n","protected":false},"excerpt":{"rendered":"<div data-wtai-block-id=\"wtai_excerpt_subtitle\" class=\"wtai-section wtai-subtitle-section\">\n<p><em><strong>Her an\u0131na tarz, her kombine \u00f6zg\u00fcven katan modern klasik.<\/strong><\/em><\/p>\n<\/p><\/div>\n<div data-wtai-block-id=\"wtai_excerpt_introduction\" class=\"wtai-section wtai-introduction-section\">\n<p>\u015eimdi tam arad\u0131\u011f\u0131n gibi bir aksesuar d\u00fc\u015f\u00fcn: Hem enerjik hem de zamans\u0131z. Bench Beyzbol \u015eapkas\u0131, \u015f\u0131k bordo rengi ve \u00f6n k\u0131sm\u0131ndaki BCH yaz\u0131s\u0131 ile sade, cool ve modern dokunu\u015flar arayanlar\u0131n vazge\u00e7ilmezi olacak. Dayan\u0131kl\u0131 kuma\u015f\u0131, g\u00fcnl\u00fck ko\u015fu\u015fturmalara rahat\u00e7a e\u015flik ederken \u00f6zg\u00fcn tasar\u0131m\u0131yla tarz\u0131na kolayca hareket kat\u0131yor. Sokakta y\u00fcr\u00fcrken ya da arkada\u015flarla bulu\u015furken, Bench Beyzbol \u015eapkas\u0131 sana hem rahatl\u0131k hem de kendine g\u00fcven veren bir stil vadediyor. Sadelikten vazge\u00e7emeyenlerin favorisi olmaya aday!<\/p>\n<\/p><\/div>\n","protected":false},"featured_media":21488,"comment_status":"open","ping_status":"closed","template":"","meta":[],"product_brand":[],"product_cat":[174],"product_tag":[],"class_list":{"0":"post-36355","1":"product","2":"type-product","3":"status-publish","4":"has-post-thumbnail","6":"product_cat-moda","8":"first","9":"instock","10":"shipping-taxable","11":"purchasable","12":"product-type-simple"},"bundled_by":[],"bundle_stock_status":"instock","bundle_stock_quantity":null,"bundle_virtual":false,"bundle_layout":"","bundle_add_to_cart_form_location":"","bundle_editable_in_cart":false,"bundle_sold_individually_context":"","bundle_item_grouping":"","bundle_min_size":"","bundle_max_size":"","bundle_price":[],"bundled_items":[],"bundle_sell_ids":[],"yoast_head":"<!-- This site is optimized with the Yoast SEO plugin v25.2 - https:\/\/yoast.com\/wordpress\/plugins\/seo\/ -->\n<title>Top-Rated Bench Beyzbol \u015eapkas\u0131 Yeni Sezon Stiline Enerji Kat\u0131yor<\/title>\n<meta name=\"description\" content=\"\u015eehre ve spora uyum sa\u011flayan canl\u0131 k\u0131rm\u0131z\u0131 rengiyle Bench Beyzbol \u015eapkas\u0131; ayarlanabilir bant, pamuklu kuma\u015f ve ikonik BCH logosu ile \u015f\u0131kl\u0131k sunar.\" \/>\n<meta name=\"robots\" content=\"index, follow, max-snippet:-1, max-image-preview:large, max-video-preview:-1\" \/>\n<link rel=\"canonical\" href=\"https:\/\/demostore.ai\/tr\/urun\/bench-beyzbol-sapkasi\/\" \/>\n<meta property=\"og:type\" content=\"article\" \/>\n<meta property=\"og:title\" content=\"Top-Rated Bench Beyzbol \u015eapkas\u0131 Yeni Sezon Stiline Enerji Kat\u0131yor\" \/>\n<meta property=\"og:description\" content=\"Ani stil dokunu\u015flar\u0131n\u0131n g\u00fcc\u00fcyle tasarland\u0131. Bench Beyzbol \u015eapkas\u0131, canl\u0131 k\u0131rm\u0131z\u0131 tonu ve b\u00fcy\u00fck BCH logosuyla \u00f6ne \u00e7\u0131k\u0131yor. Ayarlanabilir bant ve pamuklu kuma\u015f sayesinde g\u00fcn boyu konfor ve spor \u015f\u0131kl\u0131k bir arada.\" \/>\n<meta property=\"og:url\" content=\"https:\/\/demostore.ai\/tr\/urun\/bench-beyzbol-sapkasi\/\" \/>\n<meta property=\"og:site_name\" content=\"Trendy Thread\" \/>\n<meta property=\"article:modified_time\" content=\"2026-02-19T02:40:47+00:00\" \/>\n<meta property=\"og:image\" content=\"https:\/\/demostore.ai\/wp-content\/uploads\/2025\/06\/Cap-1-scaled-1.png\" \/>\n\t<meta property=\"og:image:width\" content=\"846\" \/>\n\t<meta property=\"og:image:height\" content=\"1000\" \/>\n\t<meta property=\"og:image:type\" content=\"image\/png\" \/>\n<meta name=\"twitter:card\" content=\"summary_large_image\" \/>\n<meta name=\"twitter:title\" content=\"Top-Rated Bench Beyzbol \u015eapkas\u0131 Yeni Sezon Stiline Enerji Kat\u0131yor\" \/>\n<meta name=\"twitter:description\" content=\"Ani stil dokunu\u015flar\u0131n\u0131n g\u00fcc\u00fcyle tasarland\u0131. Bench Beyzbol \u015eapkas\u0131, canl\u0131 k\u0131rm\u0131z\u0131 tonu ve b\u00fcy\u00fck BCH logosuyla \u00f6ne \u00e7\u0131k\u0131yor. Ayarlanabilir bant ve pamuklu kuma\u015f sayesinde g\u00fcn boyu konfor ve spor \u015f\u0131kl\u0131k bir arada.\" \/>\n<meta name=\"twitter:label1\" content=\"Tahmini okuma s\u00fcresi\" \/>\n\t<meta name=\"twitter:data1\" content=\"1 dakika\" \/>\n<script type=\"application\/ld+json\" class=\"yoast-schema-graph\">{\"@context\":\"https:\/\/schema.org\",\"@graph\":[{\"@type\":\"WebPage\",\"@id\":\"https:\/\/demostore.ai\/tr\/urun\/bench-beyzbol-sapkasi\/\",\"url\":\"https:\/\/demostore.ai\/tr\/urun\/bench-beyzbol-sapkasi\/\",\"name\":\"Top-Rated Bench Beyzbol \u015eapkas\u0131 Yeni Sezon Stiline Enerji Kat\u0131yor\",\"isPartOf\":{\"@id\":\"https:\/\/demostore.ai\/tr\/#website\"},\"primaryImageOfPage\":{\"@id\":\"https:\/\/demostore.ai\/tr\/urun\/bench-beyzbol-sapkasi\/#primaryimage\"},\"image\":{\"@id\":\"https:\/\/demostore.ai\/tr\/urun\/bench-beyzbol-sapkasi\/#primaryimage\"},\"thumbnailUrl\":\"https:\/\/demostore.ai\/wp-content\/uploads\/2025\/06\/Cap-1-scaled-1.png\",\"datePublished\":\"2025-06-15T23:36:26+00:00\",\"dateModified\":\"2026-02-19T02:40:47+00:00\",\"description\":\"\u015eehre ve spora uyum sa\u011flayan canl\u0131 k\u0131rm\u0131z\u0131 rengiyle Bench Beyzbol \u015eapkas\u0131; ayarlanabilir bant, pamuklu kuma\u015f ve ikonik BCH logosu ile \u015f\u0131kl\u0131k sunar.\",\"breadcrumb\":{\"@id\":\"https:\/\/demostore.ai\/tr\/urun\/bench-beyzbol-sapkasi\/#breadcrumb\"},\"inLanguage\":\"tr\",\"potentialAction\":[{\"@type\":\"ReadAction\",\"target\":[\"https:\/\/demostore.ai\/tr\/urun\/bench-beyzbol-sapkasi\/\"]}]},{\"@type\":\"ImageObject\",\"inLanguage\":\"tr\",\"@id\":\"https:\/\/demostore.ai\/tr\/urun\/bench-beyzbol-sapkasi\/#primaryimage\",\"url\":\"https:\/\/demostore.ai\/wp-content\/uploads\/2025\/06\/Cap-1-scaled-1.png\",\"contentUrl\":\"https:\/\/demostore.ai\/wp-content\/uploads\/2025\/06\/Cap-1-scaled-1.png\",\"width\":846,\"height\":1000,\"caption\":\"K\u0131rm\u0131z\u0131 Bench beyzbol \u015fapkas\u0131, \u00f6n\u00fcnde beyaz BCH harfleriyle.\"},{\"@type\":\"BreadcrumbList\",\"@id\":\"https:\/\/demostore.ai\/tr\/urun\/bench-beyzbol-sapkasi\/#breadcrumb\",\"itemListElement\":[{\"@type\":\"ListItem\",\"position\":1,\"name\":\"Ana Sayfa\",\"item\":\"https:\/\/demostore.ai\/tr\/\"},{\"@type\":\"ListItem\",\"position\":2,\"name\":\"Ma\u011faza\",\"item\":\"https:\/\/demostore.ai\/tr\/magaza\/\"},{\"@type\":\"ListItem\",\"position\":3,\"name\":\"Bench Beyzbol \u015eapkas\u0131\"}]},{\"@type\":\"WebSite\",\"@id\":\"https:\/\/demostore.ai\/tr\/#website\",\"url\":\"https:\/\/demostore.ai\/tr\/\",\"name\":\"Trendy Thread\",\"description\":\"WriteText.ai Demo Ma\u011fazas\u0131\",\"publisher\":{\"@id\":\"https:\/\/demostore.ai\/tr\/#organization\"},\"potentialAction\":[{\"@type\":\"SearchAction\",\"target\":{\"@type\":\"EntryPoint\",\"urlTemplate\":\"https:\/\/demostore.ai\/tr\/?s={search_term_string}\"},\"query-input\":{\"@type\":\"PropertyValueSpecification\",\"valueRequired\":true,\"valueName\":\"search_term_string\"}}],\"inLanguage\":\"tr\"},{\"@type\":\"Organization\",\"@id\":\"https:\/\/demostore.ai\/tr\/#organization\",\"name\":\"WriteText.ai\",\"url\":\"https:\/\/demostore.ai\/tr\/\",\"logo\":{\"@type\":\"ImageObject\",\"inLanguage\":\"tr\",\"@id\":\"https:\/\/demostore.ai\/tr\/#\/schema\/logo\/image\/\",\"url\":\"https:\/\/demostore.ai\/wp-content\/uploads\/2025\/10\/writetext_logo.webp\",\"contentUrl\":\"https:\/\/demostore.ai\/wp-content\/uploads\/2025\/10\/writetext_logo.webp\",\"width\":200,\"height\":34,\"caption\":\"WriteText.ai\"},\"image\":{\"@id\":\"https:\/\/demostore.ai\/tr\/#\/schema\/logo\/image\/\"}}]}<\/script>\n<!-- \/ Yoast SEO plugin. -->","yoast_head_json":{"title":"Top-Rated Bench Beyzbol \u015eapkas\u0131 Yeni Sezon Stiline Enerji Kat\u0131yor","description":"\u015eehre ve spora uyum sa\u011flayan canl\u0131 k\u0131rm\u0131z\u0131 rengiyle Bench Beyzbol \u015eapkas\u0131; ayarlanabilir bant, pamuklu kuma\u015f ve ikonik BCH logosu ile \u015f\u0131kl\u0131k sunar.","robots":{"index":"index","follow":"follow","max-snippet":"max-snippet:-1","max-image-preview":"max-image-preview:large","max-video-preview":"max-video-preview:-1"},"canonical":"https:\/\/demostore.ai\/tr\/urun\/bench-beyzbol-sapkasi\/","og_type":"article","og_title":"Top-Rated Bench Beyzbol \u015eapkas\u0131 Yeni Sezon Stiline Enerji Kat\u0131yor","og_description":"Ani stil dokunu\u015flar\u0131n\u0131n g\u00fcc\u00fcyle tasarland\u0131. Bench Beyzbol \u015eapkas\u0131, canl\u0131 k\u0131rm\u0131z\u0131 tonu ve b\u00fcy\u00fck BCH logosuyla \u00f6ne \u00e7\u0131k\u0131yor. Ayarlanabilir bant ve pamuklu kuma\u015f sayesinde g\u00fcn boyu konfor ve spor \u015f\u0131kl\u0131k bir arada.","og_url":"https:\/\/demostore.ai\/tr\/urun\/bench-beyzbol-sapkasi\/","og_site_name":"Trendy Thread","article_modified_time":"2026-02-19T02:40:47+00:00","og_image":[{"width":846,"height":1000,"url":"https:\/\/demostore.ai\/wp-content\/uploads\/2025\/06\/Cap-1-scaled-1.png","type":"image\/png"}],"twitter_card":"summary_large_image","twitter_title":"Top-Rated Bench Beyzbol \u015eapkas\u0131 Yeni Sezon Stiline Enerji Kat\u0131yor","twitter_description":"Ani stil dokunu\u015flar\u0131n\u0131n g\u00fcc\u00fcyle tasarland\u0131. Bench Beyzbol \u015eapkas\u0131, canl\u0131 k\u0131rm\u0131z\u0131 tonu ve b\u00fcy\u00fck BCH logosuyla \u00f6ne \u00e7\u0131k\u0131yor. Ayarlanabilir bant ve pamuklu kuma\u015f sayesinde g\u00fcn boyu konfor ve spor \u015f\u0131kl\u0131k bir arada.","twitter_misc":{"Tahmini okuma s\u00fcresi":"1 dakika"},"schema":{"@context":"https:\/\/schema.org","@graph":[{"@type":"WebPage","@id":"https:\/\/demostore.ai\/tr\/urun\/bench-beyzbol-sapkasi\/","url":"https:\/\/demostore.ai\/tr\/urun\/bench-beyzbol-sapkasi\/","name":"Top-Rated Bench Beyzbol \u015eapkas\u0131 Yeni Sezon Stiline Enerji Kat\u0131yor","isPartOf":{"@id":"https:\/\/demostore.ai\/tr\/#website"},"primaryImageOfPage":{"@id":"https:\/\/demostore.ai\/tr\/urun\/bench-beyzbol-sapkasi\/#primaryimage"},"image":{"@id":"https:\/\/demostore.ai\/tr\/urun\/bench-beyzbol-sapkasi\/#primaryimage"},"thumbnailUrl":"https:\/\/demostore.ai\/wp-content\/uploads\/2025\/06\/Cap-1-scaled-1.png","datePublished":"2025-06-15T23:36:26+00:00","dateModified":"2026-02-19T02:40:47+00:00","description":"\u015eehre ve spora uyum sa\u011flayan canl\u0131 k\u0131rm\u0131z\u0131 rengiyle Bench Beyzbol \u015eapkas\u0131; ayarlanabilir bant, pamuklu kuma\u015f ve ikonik BCH logosu ile \u015f\u0131kl\u0131k sunar.","breadcrumb":{"@id":"https:\/\/demostore.ai\/tr\/urun\/bench-beyzbol-sapkasi\/#breadcrumb"},"inLanguage":"tr","potentialAction":[{"@type":"ReadAction","target":["https:\/\/demostore.ai\/tr\/urun\/bench-beyzbol-sapkasi\/"]}]},{"@type":"ImageObject","inLanguage":"tr","@id":"https:\/\/demostore.ai\/tr\/urun\/bench-beyzbol-sapkasi\/#primaryimage","url":"https:\/\/demostore.ai\/wp-content\/uploads\/2025\/06\/Cap-1-scaled-1.png","contentUrl":"https:\/\/demostore.ai\/wp-content\/uploads\/2025\/06\/Cap-1-scaled-1.png","width":846,"height":1000,"caption":"K\u0131rm\u0131z\u0131 Bench beyzbol \u015fapkas\u0131, \u00f6n\u00fcnde beyaz BCH harfleriyle."},{"@type":"BreadcrumbList","@id":"https:\/\/demostore.ai\/tr\/urun\/bench-beyzbol-sapkasi\/#breadcrumb","itemListElement":[{"@type":"ListItem","position":1,"name":"Ana Sayfa","item":"https:\/\/demostore.ai\/tr\/"},{"@type":"ListItem","position":2,"name":"Ma\u011faza","item":"https:\/\/demostore.ai\/tr\/magaza\/"},{"@type":"ListItem","position":3,"name":"Bench Beyzbol \u015eapkas\u0131"}]},{"@type":"WebSite","@id":"https:\/\/demostore.ai\/tr\/#website","url":"https:\/\/demostore.ai\/tr\/","name":"Trendy Thread","description":"WriteText.ai Demo Ma\u011fazas\u0131","publisher":{"@id":"https:\/\/demostore.ai\/tr\/#organization"},"potentialAction":[{"@type":"SearchAction","target":{"@type":"EntryPoint","urlTemplate":"https:\/\/demostore.ai\/tr\/?s={search_term_string}"},"query-input":{"@type":"PropertyValueSpecification","valueRequired":true,"valueName":"search_term_string"}}],"inLanguage":"tr"},{"@type":"Organization","@id":"https:\/\/demostore.ai\/tr\/#organization","name":"WriteText.ai","url":"https:\/\/demostore.ai\/tr\/","logo":{"@type":"ImageObject","inLanguage":"tr","@id":"https:\/\/demostore.ai\/tr\/#\/schema\/logo\/image\/","url":"https:\/\/demostore.ai\/wp-content\/uploads\/2025\/10\/writetext_logo.webp","contentUrl":"https:\/\/demostore.ai\/wp-content\/uploads\/2025\/10\/writetext_logo.webp","width":200,"height":34,"caption":"WriteText.ai"},"image":{"@id":"https:\/\/demostore.ai\/tr\/#\/schema\/logo\/image\/"}}]}},"_links":{"self":[{"href":"https:\/\/demostore.ai\/tr\/wp-json\/wp\/v2\/product\/36355","targetHints":{"allow":["GET"]}}],"collection":[{"href":"https:\/\/demostore.ai\/tr\/wp-json\/wp\/v2\/product"}],"about":[{"href":"https:\/\/demostore.ai\/tr\/wp-json\/wp\/v2\/types\/product"}],"replies":[{"embeddable":true,"href":"https:\/\/demostore.ai\/tr\/wp-json\/wp\/v2\/comments?post=36355"}],"wp:featuredmedia":[{"embeddable":true,"href":"https:\/\/demostore.ai\/tr\/wp-json\/wp\/v2\/media\/21488"}],"wp:attachment":[{"href":"https:\/\/demostore.ai\/tr\/wp-json\/wp\/v2\/media?parent=36355"}],"wp:term":[{"taxonomy":"product_brand","embeddable":true,"href":"https:\/\/demostore.ai\/tr\/wp-json\/wp\/v2\/product_brand?post=36355"},{"taxonomy":"product_cat","embeddable":true,"href":"https:\/\/demostore.ai\/tr\/wp-json\/wp\/v2\/product_cat?post=36355"},{"taxonomy":"product_tag","embeddable":true,"href":"https:\/\/demostore.ai\/tr\/wp-json\/wp\/v2\/product_tag?post=36355"}],"curies":[{"name":"wp","href":"https:\/\/api.w.org\/{rel}","templated":true}]}}