{"id":36043,"date":"2025-06-16T01:41:04","date_gmt":"2025-06-15T17:41:04","guid":{"rendered":"https:\/\/demostore.ai\/?post_type=product&#038;p=36043"},"modified":"2026-02-19T10:40:39","modified_gmt":"2026-02-19T02:40:39","slug":"uniqlo-kadin-bol-pantolon","status":"publish","type":"product","link":"https:\/\/demostore.ai\/tr\/urun\/uniqlo-kadin-bol-pantolon\/","title":{"rendered":"Uniqlo Kad\u0131n Bol Pantolon"},"content":{"rendered":"<section data-wtai-block-id=\"wtai_product_description_features\" class=\"wtai-section wtai-features-section\">\n<h2>\u00dcr\u00fcn Detaylar\u0131<\/h2>\n<ul>\n<li><strong>Rahat geni\u015f pa\u00e7a kesim<\/strong>; hareket \u00f6zg\u00fcrl\u00fc\u011f\u00fc sunar.<\/li>\n<li><strong>Y\u00fcksek belli tasar\u0131m<\/strong>; belinizi ortaya \u00e7\u0131kar\u0131r ve v\u00fccudu dengeler.<\/li>\n<li><strong>A\u00e7\u0131k mavi denim kuma\u015f<\/strong>; kolay kombinlenir ve her mevsime uygundur.<\/li>\n<li><strong>D\u00fc\u011fmeli ve fermuarl\u0131 \u00f6n kapama<\/strong>; klasik ve kolay kullan\u0131m imk\u00e2n\u0131 sa\u011flar.<\/li>\n<li><strong>Yan cepler<\/strong>; g\u00fcnl\u00fck ihtiya\u00e7lar\u0131n\u0131z\u0131 ta\u015f\u0131mak i\u00e7in fonksiyonel alan sunar.<\/li>\n<li><strong>Dayan\u0131kl\u0131 pamuklu denim<\/strong>; uzun s\u00fcreli kullan\u0131m vadeder.<\/li>\n<li><strong>Arkada klasik cepler<\/strong>; stil ve i\u015flevselli\u011fi bir araya getirir.<\/li>\n<li><strong>Minimal pilili \u00f6n detay<\/strong>; modern ve \u015f\u0131k bir g\u00f6r\u00fcn\u00fcm kazand\u0131r\u0131r.<\/li>\n<li><strong>Bol ve k\u0131sa pa\u00e7a boyu<\/strong>; spor ayakkab\u0131, sandalet veya bot ile rahat\u00e7a tamamlan\u0131r.<\/li>\n<\/ul>\n<\/section>\n<div data-wtai-block-id=\"wtai_product_description_image_1753694415199\" class=\"wtai-section wtai-image_1753694415199-section\">\n<figure class=\"wtai-image-p wtai-align-center\" style=\"text-align:center\"><img decoding=\"async\" src=\"https:\/\/demostore.ai\/wp-content\/uploads\/2025\/06\/Jeans-2-1.png\" alt=\"A\u00e7\u0131k mavi, y\u00fcksek bel, bol kesim Uniqlo kad\u0131n pantolonu \u00fcr\u00fcn g\u00f6rseli\" srcset=\"https:\/\/demostore.ai\/wp-content\/uploads\/2025\/06\/Jeans-2-scaled-1.png 652w, https:\/\/demostore.ai\/wp-content\/uploads\/2025\/06\/Jeans-2-scaled-1-196x300.png 196w, https:\/\/demostore.ai\/wp-content\/uploads\/2025\/06\/Jeans-2-1.png 600w\"><figcaption>\n<p>A\u00e7\u0131k mavi tonuyla hem rahat hem de haval\u0131 duran bol kesim pantolon, dolab\u0131na bamba\u015fka bir hava kat\u0131yor.<\/p>\n<\/figcaption><\/figure>\n<\/p><\/div>\n<section data-wtai-block-id=\"wtai_product_description_benefits\" class=\"wtai-section wtai-benefits-section\">\n<h2>Neden Bay\u0131lacaks\u0131n\u0131z<\/h2>\n<ul>\n<li>Hareket k\u0131s\u0131tlamas\u0131 ya\u015famak istemeyenler i\u00e7in geni\u015f pa\u00e7a kesim \u00f6zg\u00fcr hissettirir.<\/li>\n<li>Y\u00fcksek bel v\u00fccudu daha orant\u0131l\u0131 g\u00f6sterirken rahat bir duru\u015f kazand\u0131r\u0131r.<\/li>\n<li>Denim dokusu hem dayan\u0131kl\u0131l\u0131k hem de kolay bak\u0131m sa\u011flar, zahmetsizce stil olu\u015fturabilirsiniz.<\/li>\n<li>Cebe ihtiyac\u0131 olanlar i\u00e7in pratik cepler g\u00fcnl\u00fck kullan\u0131ma uyum sa\u011flar.<\/li>\n<li>Zamans\u0131z rengi sayesinde sezonlar boyunca gard\u0131robunuzun vazge\u00e7ilmezi olur.<\/li>\n<\/ul>\n<\/section>\n<section data-wtai-block-id=\"wtai_product_description_use_cases\" class=\"wtai-section wtai-use_cases-section\">\n<h2>Nerede Giyilir<\/h2>\n<p>Sokakta h\u0131zl\u0131ca ko\u015fu\u015ftururken sneaker ve basic ti\u015f\u00f6rt ile tamamlay\u0131p rahat bir tarz yakalayabilirsiniz. Arkada\u015f bulu\u015fmalar\u0131, kahve keyfi veya hafta sonu gezilerinde stilinizi yans\u0131tacak zamans\u0131z bir se\u00e7enek sunar.<\/p>\n<\/section>\n<section data-wtai-block-id=\"wtai_product_description_custom_1754271650908\" class=\"wtai-section wtai-custom_1754271650908-section\">\n<h2>Uniqlo Kad\u0131n Bol Pantolon i\u00e7in Bak\u0131m ve Kullan\u0131m \u0130pu\u00e7lar\u0131<\/h2>\n<ul>\n<li>Pantolonunu makinede so\u011fuk suda, hassas programda y\u0131kayabilirsin.<\/li>\n<li>Kurutma makinesi yerine g\u00f6lgede asarak do\u011fal \u015fekilde kurut.<\/li>\n<li>D\u00fc\u015f\u00fck \u0131s\u0131da \u00fct\u00fc yap veya hafif\u00e7e buharla, b\u00f6ylece kuma\u015f\u0131 korursun.<\/li>\n<li>K\u0131r\u0131\u015fmas\u0131n diye ask\u0131ya as ya da d\u00fczg\u00fcnce katlay\u0131p kuru bir yerde sakla.<\/li>\n<li>A\u011fart\u0131c\u0131dan uzak dur, canl\u0131 rengini ve formunu daha uzun s\u00fcre koru.<\/li>\n<\/ul>\n<\/section>\n<section data-wtai-block-id=\"wtai_product_description_custom_1754281021097\" class=\"wtai-section wtai-custom_1754281021097-section\">\n<h2>S\u00fcrd\u00fcr\u00fclebilirlik Odakl\u0131 Malzeme, Bile\u015fen ve Ambalaj Bilgileri<\/h2>\n<h3>Malzeme<\/h3>\n<p>\u2022 %30\u2019dan fazla geri d\u00f6n\u00fc\u015ft\u00fcr\u00fclm\u00fc\u015f polyester kullan\u0131m\u0131 i\u00e7in g\u00fc\u00e7l\u00fc bir taahh\u00fct var. \u2022 Geri d\u00f6n\u00fc\u015ft\u00fcr\u00fclm\u00fc\u015f pamuk ve naylon kimi Uniqlo kotlarda kullan\u0131labiliyor. \u2022 D\u00fc\u015f\u00fck karbonlu ham maddelerle \u00e7evreye katk\u0131 sa\u011flanmaya \u00e7al\u0131\u015f\u0131l\u0131yor.<\/p>\n<h3>Bile\u015fenler<\/h3>\n<p>\u2022 2030 hedefi: \u00dcr\u00fcnlerin yar\u0131s\u0131 geri d\u00f6n\u00fc\u015ft\u00fcr\u00fclm\u00fc\u015f i\u00e7erikli olacak. \u2022 G\u00fcncel koleksiyonlarda %18,2 d\u00fc\u015f\u00fck sera gazl\u0131 materyal oran\u0131 mevcut. \u2022 Polyester kar\u0131\u015f\u0131mlar\u0131nda geri d\u00f6n\u00fc\u015ft\u00fcr\u00fclm\u00fc\u015f i\u00e7erik %47,4\u2019e ula\u015ft\u0131.<\/p>\n<h3>Ambalaj<\/h3>\n<p>\u2022 Ma\u011faza po\u015fetlerinde FSC sertifikal\u0131 veya geri d\u00f6n\u00fc\u015ft\u00fcr\u00fclm\u00fc\u015f ka\u011f\u0131t tercih ediliyor. \u2022 Tek kullan\u0131ml\u0131k plastik ambalaj t\u00fcketimi azalt\u0131lmaya ba\u015fland\u0131. \u2022 Lojistik ambalajlarda geri d\u00f6n\u00fc\u015f\u00fcml\u00fc ve standartla\u015ft\u0131r\u0131lm\u0131\u015f \u00e7\u00f6z\u00fcmler uygulan\u0131yor.<\/p>\n<\/section>\n<div data-wtai-block-id=\"wtai_product_description_image_1753694424568\" class=\"wtai-section wtai-image_1753694424568-section\">\n<figure class=\"wtai-image-p wtai-align-center\" style=\"text-align:center\"><img decoding=\"async\" src=\"https:\/\/demostore.ai\/wp-content\/uploads\/2025\/06\/Jeans-3-scaled-1-600x658.png\" alt=\"Uniqlo Kad\u0131n Bol Pantolonun beli lastikli i\u00e7 k\u0131sm\u0131 ve i\u00e7 etiketinin yak\u0131ndan g\u00f6r\u00fcn\u00fcm\u00fc\" srcset=\"https:\/\/demostore.ai\/wp-content\/uploads\/2025\/06\/Jeans-3-scaled-1.png 912w, https:\/\/demostore.ai\/wp-content\/uploads\/2025\/06\/Jeans-3-scaled-1-274x300.png 274w, https:\/\/demostore.ai\/wp-content\/uploads\/2025\/06\/Jeans-3-scaled-1-768x842.png 768w, https:\/\/demostore.ai\/wp-content\/uploads\/2025\/06\/Jeans-3-scaled-1-600x658.png 600w\"><figcaption>\n<p>Bel k\u0131sm\u0131ndaki lastik detay\u0131yla g\u00fcn boyu konfor seni hi\u00e7 b\u0131rakm\u0131yor, direkt rahatl\u0131k demek.<\/p>\n<\/figcaption><\/figure>\n<\/p><\/div>\n<section data-wtai-block-id=\"wtai_product_description_faqs\" class=\"wtai-section wtai-faqs-section\">\n<h2>S\u0131k\u00e7a Sorulan Sorular<\/h2>\n<p><strong>Pa\u00e7a kesimi rahat m\u0131, g\u00fcn boyu konfor sa\u011flar m\u0131?<\/strong> <br \/> Evet, bol pa\u00e7a kesimi sayesinde hareket \u00f6zg\u00fcrl\u00fc\u011f\u00fc sunar ve g\u00fcn boyunca rahatl\u0131k sa\u011flar.<\/p>\n<p><strong>Bu pantolonu hangi mevsimde giyebilirim?<\/strong> <br \/> Pamuklu denim kuma\u015f\u0131 sayesinde ilkbahar, yaz ve sonbahar aylar\u0131nda rahatl\u0131kla kullan\u0131labilir.<\/p>\n<p><strong>Denim kuma\u015f\u0131 ince mi yoksa kal\u0131n m\u0131?<\/strong> <br \/> Orta incelikte denim kuma\u015f\u0131, dayan\u0131kl\u0131l\u0131k ile hafifli\u011fi dengeler, g\u00fcn boyu konfor sunar.<\/p>\n<p><strong>\u00dcr\u00fcn\u00fcn bak\u0131m\u0131 kolay m\u0131, nas\u0131l y\u0131kanmal\u0131?<\/strong> <br \/> Makinede benzer renklerle, d\u00fc\u015f\u00fck \u0131s\u0131da y\u0131kaman\u0131z \u00f6nerilir. Uzun \u00f6m\u00fcrl\u00fc kullan\u0131m i\u00e7in y\u00fcksek \u0131s\u0131dan ka\u00e7\u0131n\u0131n.<\/p>\n<\/section>\n<section data-wtai-block-id=\"wtai_product_description_conclusion\" class=\"wtai-section wtai-conclusion-section\">\n<h2>\u015eimdi Deneyin<\/h2>\n<p><strong>Bu pantolon ile g\u00fcn\u00fcn\u00fcz\u00fc hem \u015f\u0131k hem konforlu tamamlayacaks\u0131n\u0131z. Rahat kesimiyle vazge\u00e7ilmeziniz olacak bir se\u00e7enek sunuyor.<\/strong> <strong>Dolab\u0131n\u0131za \u015fimdi kat\u0131n ve yeni favorinizi ke\u015ffetme f\u0131rsat\u0131n\u0131 ka\u00e7\u0131rmay\u0131n.<\/strong><\/p>\n<\/section>\n","protected":false},"excerpt":{"rendered":"<div data-wtai-block-id=\"wtai_excerpt_subtitle\" class=\"wtai-section wtai-subtitle-section\">\n<p><em><strong>Rahat kesimiyle g\u00fcn boyu \u00f6zg\u00fcr hareket imkan\u0131 sunar.<\/strong><\/em><\/p>\n<\/p><\/div>\n<div data-wtai-block-id=\"wtai_excerpt_introduction\" class=\"wtai-section wtai-introduction-section\">\n<p>Gelin, klasik jean\u2019e yeni bir dokunu\u015fla tan\u0131\u015f\u0131n. Uniqlo Kad\u0131n Bol Pantolon, modern duru\u015fuyla hem sokak stilini hem de rahatl\u0131\u011f\u0131 bir araya getiriyor. Geni\u015f pa\u00e7a kesimi sayesinde tarz\u0131n\u0131z\u0131 \u00f6ne \u00e7\u0131kar\u0131rken g\u00fcn boyu konforu ya\u015fars\u0131n\u0131z. Hafif mavi rengiyle neredeyse her \u015feyle kolayca kombinlenebiliyor; ister sneaker ister topuklu ayakkab\u0131larla rahat\u00e7a uyum sa\u011flar. Kendinize g\u00fcveninizi art\u0131ran bu pantolon, gard\u0131robunuzun vazge\u00e7ilmezi olmaya aday.<\/p>\n<\/p><\/div>\n","protected":false},"featured_media":22414,"comment_status":"open","ping_status":"closed","template":"","meta":[],"product_brand":[],"product_cat":[174],"product_tag":[],"class_list":{"0":"post-36043","1":"product","2":"type-product","3":"status-publish","4":"has-post-thumbnail","6":"product_cat-moda","8":"first","9":"instock","10":"shipping-taxable","11":"purchasable","12":"product-type-simple"},"bundled_by":[],"bundle_stock_status":"instock","bundle_stock_quantity":null,"bundle_virtual":false,"bundle_layout":"","bundle_add_to_cart_form_location":"","bundle_editable_in_cart":false,"bundle_sold_individually_context":"","bundle_item_grouping":"","bundle_min_size":"","bundle_max_size":"","bundle_price":[],"bundled_items":[],"bundle_sell_ids":[],"yoast_head":"<!-- This site is optimized with the Yoast SEO plugin v25.2 - https:\/\/yoast.com\/wordpress\/plugins\/seo\/ -->\n<title>Ke\u015ffet Uniqlo Kad\u0131n Bol Pantolon \u0130le Her G\u00fcn \u015e\u0131kl\u0131k<\/title>\n<meta name=\"description\" content=\"Dinamik \u015fehir hayat\u0131na uyumlu, bol kesimiyle \u00f6ne \u00e7\u0131kan Uniqlo Kad\u0131n Bol Pantolon. Rahatl\u0131\u011f\u0131n stil ile bulu\u015ftu\u011fu, kolayca kombinlenebilen bir denim se\u00e7ene\u011fi.\" \/>\n<meta name=\"robots\" content=\"index, follow, max-snippet:-1, max-image-preview:large, max-video-preview:-1\" \/>\n<link rel=\"canonical\" href=\"https:\/\/demostore.ai\/tr\/urun\/uniqlo-kadin-bol-pantolon\/\" \/>\n<meta property=\"og:type\" content=\"article\" \/>\n<meta property=\"og:title\" content=\"Ke\u015ffet Uniqlo Kad\u0131n Bol Pantolon \u0130le Her G\u00fcn \u015e\u0131kl\u0131k\" \/>\n<meta property=\"og:description\" content=\"Her an\u0131n\u0131za uyum sa\u011flayan geni\u015f pa\u00e7a denim pantolon. Uniqlo kalitesiyle konfor ve \u015f\u0131kl\u0131\u011f\u0131 bulu\u015fturan model hem g\u00fcnl\u00fck hayatta hem de \u00f6zel bulu\u015fmalarda tarz\u0131n\u0131za e\u015flik eder.\" \/>\n<meta property=\"og:url\" content=\"https:\/\/demostore.ai\/tr\/urun\/uniqlo-kadin-bol-pantolon\/\" \/>\n<meta property=\"og:site_name\" content=\"Trendy Thread\" \/>\n<meta property=\"article:modified_time\" content=\"2026-02-19T02:40:39+00:00\" \/>\n<meta property=\"og:image\" content=\"https:\/\/demostore.ai\/wp-content\/uploads\/2025\/06\/Jeans-1-scaled-1.png\" \/>\n\t<meta property=\"og:image:width\" content=\"644\" \/>\n\t<meta property=\"og:image:height\" content=\"1000\" \/>\n\t<meta property=\"og:image:type\" content=\"image\/png\" \/>\n<meta name=\"twitter:card\" content=\"summary_large_image\" \/>\n<meta name=\"twitter:title\" content=\"Ke\u015ffet Uniqlo Kad\u0131n Bol Pantolon \u0130le Her G\u00fcn \u015e\u0131kl\u0131k\" \/>\n<meta name=\"twitter:description\" content=\"Her an\u0131n\u0131za uyum sa\u011flayan geni\u015f pa\u00e7a denim pantolon. Uniqlo kalitesiyle konfor ve \u015f\u0131kl\u0131\u011f\u0131 bulu\u015fturan model hem g\u00fcnl\u00fck hayatta hem de \u00f6zel bulu\u015fmalarda tarz\u0131n\u0131za e\u015flik eder.\" \/>\n<meta name=\"twitter:label1\" content=\"Tahmini okuma s\u00fcresi\" \/>\n\t<meta name=\"twitter:data1\" content=\"1 dakika\" \/>\n<script type=\"application\/ld+json\" class=\"yoast-schema-graph\">{\"@context\":\"https:\/\/schema.org\",\"@graph\":[{\"@type\":\"WebPage\",\"@id\":\"https:\/\/demostore.ai\/tr\/urun\/uniqlo-kadin-bol-pantolon\/\",\"url\":\"https:\/\/demostore.ai\/tr\/urun\/uniqlo-kadin-bol-pantolon\/\",\"name\":\"Ke\u015ffet Uniqlo Kad\u0131n Bol Pantolon \u0130le Her G\u00fcn \u015e\u0131kl\u0131k\",\"isPartOf\":{\"@id\":\"https:\/\/demostore.ai\/tr\/#website\"},\"primaryImageOfPage\":{\"@id\":\"https:\/\/demostore.ai\/tr\/urun\/uniqlo-kadin-bol-pantolon\/#primaryimage\"},\"image\":{\"@id\":\"https:\/\/demostore.ai\/tr\/urun\/uniqlo-kadin-bol-pantolon\/#primaryimage\"},\"thumbnailUrl\":\"https:\/\/demostore.ai\/wp-content\/uploads\/2025\/06\/Jeans-1-scaled-1.png\",\"datePublished\":\"2025-06-15T17:41:04+00:00\",\"dateModified\":\"2026-02-19T02:40:39+00:00\",\"description\":\"Dinamik \u015fehir hayat\u0131na uyumlu, bol kesimiyle \u00f6ne \u00e7\u0131kan Uniqlo Kad\u0131n Bol Pantolon. Rahatl\u0131\u011f\u0131n stil ile bulu\u015ftu\u011fu, kolayca kombinlenebilen bir denim se\u00e7ene\u011fi.\",\"breadcrumb\":{\"@id\":\"https:\/\/demostore.ai\/tr\/urun\/uniqlo-kadin-bol-pantolon\/#breadcrumb\"},\"inLanguage\":\"tr\",\"potentialAction\":[{\"@type\":\"ReadAction\",\"target\":[\"https:\/\/demostore.ai\/tr\/urun\/uniqlo-kadin-bol-pantolon\/\"]}]},{\"@type\":\"ImageObject\",\"inLanguage\":\"tr\",\"@id\":\"https:\/\/demostore.ai\/tr\/urun\/uniqlo-kadin-bol-pantolon\/#primaryimage\",\"url\":\"https:\/\/demostore.ai\/wp-content\/uploads\/2025\/06\/Jeans-1-scaled-1.png\",\"contentUrl\":\"https:\/\/demostore.ai\/wp-content\/uploads\/2025\/06\/Jeans-1-scaled-1.png\",\"width\":644,\"height\":1000,\"caption\":\"A\u00e7\u0131k mavi, y\u00fcksek bel Uniqlo Kad\u0131n Bol Pantolon, d\u00fcz pa\u00e7a ve rahat kesim.\"},{\"@type\":\"BreadcrumbList\",\"@id\":\"https:\/\/demostore.ai\/tr\/urun\/uniqlo-kadin-bol-pantolon\/#breadcrumb\",\"itemListElement\":[{\"@type\":\"ListItem\",\"position\":1,\"name\":\"Ana Sayfa\",\"item\":\"https:\/\/demostore.ai\/tr\/\"},{\"@type\":\"ListItem\",\"position\":2,\"name\":\"Ma\u011faza\",\"item\":\"https:\/\/demostore.ai\/tr\/magaza\/\"},{\"@type\":\"ListItem\",\"position\":3,\"name\":\"Uniqlo Kad\u0131n Bol Pantolon\"}]},{\"@type\":\"WebSite\",\"@id\":\"https:\/\/demostore.ai\/tr\/#website\",\"url\":\"https:\/\/demostore.ai\/tr\/\",\"name\":\"Trendy Thread\",\"description\":\"WriteText.ai Demo Ma\u011fazas\u0131\",\"publisher\":{\"@id\":\"https:\/\/demostore.ai\/tr\/#organization\"},\"potentialAction\":[{\"@type\":\"SearchAction\",\"target\":{\"@type\":\"EntryPoint\",\"urlTemplate\":\"https:\/\/demostore.ai\/tr\/?s={search_term_string}\"},\"query-input\":{\"@type\":\"PropertyValueSpecification\",\"valueRequired\":true,\"valueName\":\"search_term_string\"}}],\"inLanguage\":\"tr\"},{\"@type\":\"Organization\",\"@id\":\"https:\/\/demostore.ai\/tr\/#organization\",\"name\":\"WriteText.ai\",\"url\":\"https:\/\/demostore.ai\/tr\/\",\"logo\":{\"@type\":\"ImageObject\",\"inLanguage\":\"tr\",\"@id\":\"https:\/\/demostore.ai\/tr\/#\/schema\/logo\/image\/\",\"url\":\"https:\/\/demostore.ai\/wp-content\/uploads\/2025\/10\/writetext_logo.webp\",\"contentUrl\":\"https:\/\/demostore.ai\/wp-content\/uploads\/2025\/10\/writetext_logo.webp\",\"width\":200,\"height\":34,\"caption\":\"WriteText.ai\"},\"image\":{\"@id\":\"https:\/\/demostore.ai\/tr\/#\/schema\/logo\/image\/\"}}]}<\/script>\n<!-- \/ Yoast SEO plugin. -->","yoast_head_json":{"title":"Ke\u015ffet Uniqlo Kad\u0131n Bol Pantolon \u0130le Her G\u00fcn \u015e\u0131kl\u0131k","description":"Dinamik \u015fehir hayat\u0131na uyumlu, bol kesimiyle \u00f6ne \u00e7\u0131kan Uniqlo Kad\u0131n Bol Pantolon. Rahatl\u0131\u011f\u0131n stil ile bulu\u015ftu\u011fu, kolayca kombinlenebilen bir denim se\u00e7ene\u011fi.","robots":{"index":"index","follow":"follow","max-snippet":"max-snippet:-1","max-image-preview":"max-image-preview:large","max-video-preview":"max-video-preview:-1"},"canonical":"https:\/\/demostore.ai\/tr\/urun\/uniqlo-kadin-bol-pantolon\/","og_type":"article","og_title":"Ke\u015ffet Uniqlo Kad\u0131n Bol Pantolon \u0130le Her G\u00fcn \u015e\u0131kl\u0131k","og_description":"Her an\u0131n\u0131za uyum sa\u011flayan geni\u015f pa\u00e7a denim pantolon. Uniqlo kalitesiyle konfor ve \u015f\u0131kl\u0131\u011f\u0131 bulu\u015fturan model hem g\u00fcnl\u00fck hayatta hem de \u00f6zel bulu\u015fmalarda tarz\u0131n\u0131za e\u015flik eder.","og_url":"https:\/\/demostore.ai\/tr\/urun\/uniqlo-kadin-bol-pantolon\/","og_site_name":"Trendy Thread","article_modified_time":"2026-02-19T02:40:39+00:00","og_image":[{"width":644,"height":1000,"url":"https:\/\/demostore.ai\/wp-content\/uploads\/2025\/06\/Jeans-1-scaled-1.png","type":"image\/png"}],"twitter_card":"summary_large_image","twitter_title":"Ke\u015ffet Uniqlo Kad\u0131n Bol Pantolon \u0130le Her G\u00fcn \u015e\u0131kl\u0131k","twitter_description":"Her an\u0131n\u0131za uyum sa\u011flayan geni\u015f pa\u00e7a denim pantolon. Uniqlo kalitesiyle konfor ve \u015f\u0131kl\u0131\u011f\u0131 bulu\u015fturan model hem g\u00fcnl\u00fck hayatta hem de \u00f6zel bulu\u015fmalarda tarz\u0131n\u0131za e\u015flik eder.","twitter_misc":{"Tahmini okuma s\u00fcresi":"1 dakika"},"schema":{"@context":"https:\/\/schema.org","@graph":[{"@type":"WebPage","@id":"https:\/\/demostore.ai\/tr\/urun\/uniqlo-kadin-bol-pantolon\/","url":"https:\/\/demostore.ai\/tr\/urun\/uniqlo-kadin-bol-pantolon\/","name":"Ke\u015ffet Uniqlo Kad\u0131n Bol Pantolon \u0130le Her G\u00fcn \u015e\u0131kl\u0131k","isPartOf":{"@id":"https:\/\/demostore.ai\/tr\/#website"},"primaryImageOfPage":{"@id":"https:\/\/demostore.ai\/tr\/urun\/uniqlo-kadin-bol-pantolon\/#primaryimage"},"image":{"@id":"https:\/\/demostore.ai\/tr\/urun\/uniqlo-kadin-bol-pantolon\/#primaryimage"},"thumbnailUrl":"https:\/\/demostore.ai\/wp-content\/uploads\/2025\/06\/Jeans-1-scaled-1.png","datePublished":"2025-06-15T17:41:04+00:00","dateModified":"2026-02-19T02:40:39+00:00","description":"Dinamik \u015fehir hayat\u0131na uyumlu, bol kesimiyle \u00f6ne \u00e7\u0131kan Uniqlo Kad\u0131n Bol Pantolon. Rahatl\u0131\u011f\u0131n stil ile bulu\u015ftu\u011fu, kolayca kombinlenebilen bir denim se\u00e7ene\u011fi.","breadcrumb":{"@id":"https:\/\/demostore.ai\/tr\/urun\/uniqlo-kadin-bol-pantolon\/#breadcrumb"},"inLanguage":"tr","potentialAction":[{"@type":"ReadAction","target":["https:\/\/demostore.ai\/tr\/urun\/uniqlo-kadin-bol-pantolon\/"]}]},{"@type":"ImageObject","inLanguage":"tr","@id":"https:\/\/demostore.ai\/tr\/urun\/uniqlo-kadin-bol-pantolon\/#primaryimage","url":"https:\/\/demostore.ai\/wp-content\/uploads\/2025\/06\/Jeans-1-scaled-1.png","contentUrl":"https:\/\/demostore.ai\/wp-content\/uploads\/2025\/06\/Jeans-1-scaled-1.png","width":644,"height":1000,"caption":"A\u00e7\u0131k mavi, y\u00fcksek bel Uniqlo Kad\u0131n Bol Pantolon, d\u00fcz pa\u00e7a ve rahat kesim."},{"@type":"BreadcrumbList","@id":"https:\/\/demostore.ai\/tr\/urun\/uniqlo-kadin-bol-pantolon\/#breadcrumb","itemListElement":[{"@type":"ListItem","position":1,"name":"Ana Sayfa","item":"https:\/\/demostore.ai\/tr\/"},{"@type":"ListItem","position":2,"name":"Ma\u011faza","item":"https:\/\/demostore.ai\/tr\/magaza\/"},{"@type":"ListItem","position":3,"name":"Uniqlo Kad\u0131n Bol Pantolon"}]},{"@type":"WebSite","@id":"https:\/\/demostore.ai\/tr\/#website","url":"https:\/\/demostore.ai\/tr\/","name":"Trendy Thread","description":"WriteText.ai Demo Ma\u011fazas\u0131","publisher":{"@id":"https:\/\/demostore.ai\/tr\/#organization"},"potentialAction":[{"@type":"SearchAction","target":{"@type":"EntryPoint","urlTemplate":"https:\/\/demostore.ai\/tr\/?s={search_term_string}"},"query-input":{"@type":"PropertyValueSpecification","valueRequired":true,"valueName":"search_term_string"}}],"inLanguage":"tr"},{"@type":"Organization","@id":"https:\/\/demostore.ai\/tr\/#organization","name":"WriteText.ai","url":"https:\/\/demostore.ai\/tr\/","logo":{"@type":"ImageObject","inLanguage":"tr","@id":"https:\/\/demostore.ai\/tr\/#\/schema\/logo\/image\/","url":"https:\/\/demostore.ai\/wp-content\/uploads\/2025\/10\/writetext_logo.webp","contentUrl":"https:\/\/demostore.ai\/wp-content\/uploads\/2025\/10\/writetext_logo.webp","width":200,"height":34,"caption":"WriteText.ai"},"image":{"@id":"https:\/\/demostore.ai\/tr\/#\/schema\/logo\/image\/"}}]}},"_links":{"self":[{"href":"https:\/\/demostore.ai\/tr\/wp-json\/wp\/v2\/product\/36043","targetHints":{"allow":["GET"]}}],"collection":[{"href":"https:\/\/demostore.ai\/tr\/wp-json\/wp\/v2\/product"}],"about":[{"href":"https:\/\/demostore.ai\/tr\/wp-json\/wp\/v2\/types\/product"}],"replies":[{"embeddable":true,"href":"https:\/\/demostore.ai\/tr\/wp-json\/wp\/v2\/comments?post=36043"}],"wp:featuredmedia":[{"embeddable":true,"href":"https:\/\/demostore.ai\/tr\/wp-json\/wp\/v2\/media\/22414"}],"wp:attachment":[{"href":"https:\/\/demostore.ai\/tr\/wp-json\/wp\/v2\/media?parent=36043"}],"wp:term":[{"taxonomy":"product_brand","embeddable":true,"href":"https:\/\/demostore.ai\/tr\/wp-json\/wp\/v2\/product_brand?post=36043"},{"taxonomy":"product_cat","embeddable":true,"href":"https:\/\/demostore.ai\/tr\/wp-json\/wp\/v2\/product_cat?post=36043"},{"taxonomy":"product_tag","embeddable":true,"href":"https:\/\/demostore.ai\/tr\/wp-json\/wp\/v2\/product_tag?post=36043"}],"curies":[{"name":"wp","href":"https:\/\/api.w.org\/{rel}","templated":true}]}}