{"id":35722,"date":"2025-06-13T08:48:07","date_gmt":"2025-06-13T00:48:07","guid":{"rendered":"https:\/\/demostore.ai\/?post_type=product&#038;p=35722"},"modified":"2026-02-19T10:55:03","modified_gmt":"2026-02-19T02:55:03","slug":"vaseline-healthy-bright-spf24-vucut-losyonu","status":"publish","type":"product","link":"https:\/\/demostore.ai\/tr\/urun\/vaseline-healthy-bright-spf24-vucut-losyonu\/","title":{"rendered":"Vaseline Healthy Bright Spf24 V\u00fccut Losyonu"},"content":{"rendered":"<section data-wtai-block-id=\"wtai_product_description_features\" class=\"wtai-section wtai-features-section\">\n<h2>\u00dcr\u00fcn \u00d6zellikleri<\/h2>\n<ul>\n<li><strong>Yo\u011fun nemlendirme<\/strong> cildi g\u00fcn boyu yumu\u015fak ve esnek tutar.<\/li>\n<li><strong>24 kat daha g\u00fc\u00e7l\u00fc ayd\u0131nlat\u0131c\u0131 koruma<\/strong> ile mat ve cans\u0131z g\u00f6r\u00fcn\u00fcm\u00fc azaltmaya yard\u0131mc\u0131 olur.<\/li>\n<li><strong>SPF 24 PA+++ g\u00fcne\u015f korumas\u0131<\/strong> zararl\u0131 UVA ve UVB \u0131\u015f\u0131nlar\u0131na kar\u015f\u0131 koruma sa\u011flar.<\/li>\n<li><strong>Kirlili\u011fe kar\u015f\u0131 savunma<\/strong> form\u00fcl\u00fc ile \u00e7evresel hasara kar\u015f\u0131 cildi korur.<\/li>\n<li><strong>Vaseline Jelly<\/strong> i\u00e7eri\u011fi ile cilt bariyerini destekler, nem kayb\u0131n\u0131 \u00f6nler.<\/li>\n<li><strong>Hafif ve h\u0131zl\u0131 emilen doku<\/strong> ciltte yap\u0131\u015fkanl\u0131k hissi b\u0131rakmaz.<\/li>\n<li><strong>Parlakl\u0131k veren form\u00fcl<\/strong> ile do\u011fal bir \u0131\u015f\u0131lt\u0131 sa\u011flar.<\/li>\n<li><strong>G\u00fcnl\u00fck kullan\u0131ma uygun<\/strong> ve t\u00fcm cilt tipleriyle uyumludur.<\/li>\n<\/ul>\n<\/section>\n<div data-wtai-block-id=\"wtai_product_description_image_1753694499291\" class=\"wtai-section wtai-image_1753694499291-section\">\n<figure class=\"wtai-image-p wtai-align-center\" style=\"text-align:center\"><img decoding=\"async\" src=\"https:\/\/demostore.ai\/wp-content\/uploads\/2025\/06\/Lotion-2-scaled-1.png\" alt=\"Vaseline Healthy Bright Spf24 V\u00fccut Losyonu&#039;nun 100 ml&#039;lik arka y\u00fcz\u00fc ve i\u00e7erik bilgileri.\" srcset=\"https:\/\/demostore.ai\/wp-content\/uploads\/2025\/06\/Lotion-2-scaled-1.png 480w, https:\/\/demostore.ai\/wp-content\/uploads\/2025\/06\/Lotion-2-scaled-1-144x300.png 144w\"><figcaption>\n<p>Yumu\u015fak pembe kapa\u011f\u0131 ve hafif kavisli beyaz \u015fi\u015fesiyle \u00e7antan\u0131zda rahat\u00e7a ta\u015f\u0131nabilir.<\/p>\n<\/figcaption><\/figure>\n<\/p><\/div>\n<section data-wtai-block-id=\"wtai_product_description_benefits\" class=\"wtai-section wtai-benefits-section\">\n<h2>Neden Seveceksiniz<\/h2>\n<ul>\n<li>Cildiniz g\u00fcn boyu yumu\u015fak ve parlak hissedilir.<\/li>\n<li>Renk e\u015fitsizli\u011fi ve donukluk g\u00f6r\u00fcn\u00fcm\u00fc azal\u0131r.<\/li>\n<li>\u015eehir ya\u015fam\u0131n\u0131n getirdi\u011fi zararlara kar\u015f\u0131 koruma sa\u011flar.<\/li>\n<li>D\u0131\u015f fakt\u00f6rlerle olu\u015fan kurulu\u011fa kar\u015f\u0131 nem dengesini korur.<\/li>\n<li>Kullan\u0131mla birlikte ciltte g\u00f6zle g\u00f6r\u00fcl\u00fcr bir \u0131\u015f\u0131lt\u0131 sunar.<\/li>\n<\/ul>\n<\/section>\n<section data-wtai-block-id=\"wtai_product_description_use_cases\" class=\"wtai-section wtai-use_cases-section\">\n<h3>G\u00fcnl\u00fck Rutininde Nas\u0131l Kullan\u0131l\u0131r<\/h3>\n<ol>\n<li>Her sabah temiz cilde yeterli miktarda uygulay\u0131n.<\/li>\n<li>Yo\u011fun g\u00fcne\u015fe \u00e7\u0131kmadan \u00f6nce bolca s\u00fcr\u00fcn ve cildinize yedirin.<\/li>\n<li>Eller, kollar ve bacaklar gibi a\u00e7\u0131kta kalan b\u00f6lgelere \u00f6zel ilgi g\u00f6sterin.<\/li>\n<li>D\u0131\u015far\u0131 \u00e7\u0131kmadan 15 dakika \u00f6nce s\u00fcrerek g\u00fcne\u015fin zararl\u0131 etkilerine kar\u015f\u0131 haz\u0131rlan\u0131n.<\/li>\n<li>T\u00fcm y\u0131l boyunca g\u00fcnl\u00fck bak\u0131m rutininizin par\u00e7as\u0131 olarak kullan\u0131n.<\/li>\n<li>Gerekti\u011finde g\u00fcn i\u00e7inde tekrar uygulayarak korumay\u0131 destekleyin.<\/li>\n<li>Cildi kuru hissetti\u011finiz her zaman rahat\u00e7a yenileyin.<\/li>\n<li>Ciltte a\u011f\u0131rl\u0131k yapmadan istenilen nemlili\u011fi sa\u011flay\u0131n.<\/li>\n<\/ol>\n<\/section>\n<section data-wtai-block-id=\"wtai_product_description_technical_specifications\" class=\"wtai-section wtai-technical_specifications-section\">\n<h3>Detaylar<\/h3>\n<ul>\n<li><strong>Kapasite:<\/strong> 100 ml<\/li>\n<li><strong>SPF:<\/strong> 24 PA+++<\/li>\n<li><strong>Ana Etken:<\/strong> Vaseline Jelly destekli parlakl\u0131k teknolojisi<\/li>\n<li><strong>Kullan\u0131ma Uygunluk:<\/strong> T\u00fcm cilt tipleri i\u00e7in g\u00fcnl\u00fck kullan\u0131m<\/li>\n<\/ul>\n<\/section>\n<section data-wtai-block-id=\"wtai_product_description_custom_1753167803027\" class=\"wtai-section wtai-custom_1753167803027-section\">\n<h2>Cilt Sorunlar\u0131 ve Uyumlu Cilt Tipleri<\/h2>\n<ul>\n<li><strong>Matl\u0131k<\/strong> \u2013 Cildin daha ayd\u0131nl\u0131k g\u00f6r\u00fcnmesine yard\u0131mc\u0131 olur.<\/li>\n<li><strong>G\u00fcne\u015f kaynakl\u0131 cilt hasar\u0131<\/strong> \u2013 G\u00fcne\u015fin zararl\u0131 etkilerine kar\u015f\u0131 korur.<\/li>\n<li><strong>\u00c7evresel fakt\u00f6rlerin etkisi<\/strong> \u2013 \u015eehir ya\u015fam\u0131n\u0131n y\u0131prat\u0131c\u0131 etkilerine kar\u015f\u0131 savunma sa\u011flar.<\/li>\n<li><strong>Kuru cilt<\/strong> \u2013 Yo\u011fun nemlendirici etkisiyle cildi yumu\u015fat\u0131r.<\/li>\n<li><strong>Normal ve karma cilt<\/strong> \u2013 Her g\u00fcn rahat\u00e7a kullan\u0131labilecek hafif bir yap\u0131ya sahiptir.<\/li>\n<li><strong>Hassas cilt<\/strong> \u2013 Nazik yap\u0131s\u0131yla hassas ciltler i\u00e7in de uygundur.<\/li>\n<\/ul>\n<\/section>\n<section data-wtai-block-id=\"wtai_product_description_custom_1754200971412\" class=\"wtai-section wtai-custom_1754200971412-section\">\n<h2>\u0130\u00e7indekiler Listesi<\/h2>\n<p>Water, Ethylhexyl Salicylate, Glycerin, Stearic Acid, Phenylbenzimidazole Sulfonic Acid, Glycol Stearate, PEG-100 Stearate, Butyl Methoxydibenzoylmethane, Dimethicone, Glyceryl Stearate, Potassium Hydroxide, Phenoxyethanol, Caprylyl Glycol, Carbomer, Cetyl Alcohol, Xanthan Gum, Parfum, Sodium Hydroxide, Niacinamide, Disodium EDTA, Stearamide AMP, BHT<\/p>\n<\/section>\n<section data-wtai-block-id=\"wtai_product_description_faqs\" class=\"wtai-section wtai-faqs-section\">\n<h2>S\u0131k\u00e7a Sorulan Sorular<\/h2>\n<p><strong>Hassas ciltlerde kullanmak g\u00fcvenli mi?<\/strong> <br \/> Evet, t\u00fcm cilt tipleriyle uyumlu olacak \u015fekilde geli\u015ftirilmi\u015ftir. Alerji riskinde k\u00fc\u00e7\u00fck bir alanda test \u00f6nerilir.<\/p>\n<p><strong>Ba\u015fka bir g\u00fcne\u015f koruyucu ile birlikte kullan\u0131labilir mi?<\/strong> <br \/> Ekstra koruma gerekti\u011finde ba\u015fka g\u00fcne\u015f \u00fcr\u00fcnleriyle birlikte kullanabilirsiniz.<\/p>\n<p><strong>Ne kadar s\u00fcrede etki g\u00f6sterir?<\/strong> <br \/> Nemlendirme ve yumu\u015fakl\u0131k hemen hissedilir, ayd\u0131nl\u0131k g\u00f6r\u00fcn\u00fcm d\u00fczenli kullan\u0131mda artar.<\/p>\n<p><strong>Aktif i\u00e7eriklerle birlikte kullan\u0131m\u0131 uygun mu?<\/strong> <br \/> Hafif form\u00fcl\u00fc bir\u00e7ok \u00fcr\u00fcnle uyumludur. Birden fazla \u00fcr\u00fcn kulland\u0131\u011f\u0131n\u0131zda s\u0131ralamaya dikkat edin.<\/p>\n<p><strong>\u00dcr\u00fcn\u00fc nas\u0131l saklamal\u0131y\u0131m?<\/strong> <br \/> Direkt g\u00fcne\u015f \u0131\u015f\u0131\u011f\u0131ndan uzak, serin ve kuru bir yerde muhafaza ediniz.<\/p>\n<\/section>\n<section data-wtai-block-id=\"wtai_product_description_conclusion\" class=\"wtai-section wtai-conclusion-section\">\n<h2>\u015eimdi Deneyin<\/h2>\n<p><em><strong>Cildinizin canl\u0131, ayd\u0131nl\u0131k ve koruma alt\u0131nda olmas\u0131n\u0131 ister misiniz? Vaseline Healthy Bright SPF24, bak\u0131m rutininize de\u011fer katar.<\/strong><\/em> <em><strong>Kendinizi \u00f6zel hissedin ve cildinizin do\u011fal parlakl\u0131\u011f\u0131n\u0131 desteklemek i\u00e7in bug\u00fcn ad\u0131m at\u0131n.<\/strong><\/em><\/p>\n<\/section>\n","protected":false},"excerpt":{"rendered":"<div data-wtai-block-id=\"wtai_excerpt_subtitle\" class=\"wtai-section wtai-subtitle-section\">\n<p><em><strong>I\u015f\u0131lt\u0131l\u0131 ve korumal\u0131 bir cilt i\u00e7in g\u00fcnl\u00fck bak\u0131m ayr\u0131cal\u0131\u011f\u0131<\/strong><\/em><\/p>\n<\/p><\/div>\n<div data-wtai-block-id=\"wtai_excerpt_introduction\" class=\"wtai-section wtai-introduction-section\">\n<p>Hayat\u0131 dolu dolu ya\u015farken cildinizin de kendini \u00f6zel hissetmesini ister misiniz? Bu v\u00fccut losyonu, cildinizi hem g\u00fcne\u015fin zararl\u0131 etkilerinden hem de \u015fehir hayat\u0131n\u0131n kirlili\u011finden korumak i\u00e7in tasarland\u0131. Hafif dokusuyla kolayca emilir, cildinizi g\u00fcn boyu nemli ve yumu\u015fak tutar. G\u00f6zle g\u00f6r\u00fcl\u00fcr bir \u0131\u015f\u0131lt\u0131 olu\u015ftururken, g\u00fcnl\u00fck bak\u0131m rutininize keyif ve ferahl\u0131k katar. Kendinize bak\u0131m\u0131n huzurunu ya\u015fat\u0131rken koruman\u0131n verdi\u011fi g\u00fcvenle t\u00fcm g\u00fcn boyunca rahat hissedin.<\/p>\n<\/p><\/div>\n","protected":false},"featured_media":16693,"comment_status":"open","ping_status":"closed","template":"","meta":[],"product_brand":[],"product_cat":[250],"product_tag":[],"class_list":{"0":"post-35722","1":"product","2":"type-product","3":"status-publish","4":"has-post-thumbnail","6":"product_cat-guzellik-saglik","8":"first","9":"instock","10":"shipping-taxable","11":"purchasable","12":"product-type-simple"},"bundled_by":[],"bundle_stock_status":"instock","bundle_stock_quantity":null,"bundle_virtual":false,"bundle_layout":"","bundle_add_to_cart_form_location":"","bundle_editable_in_cart":false,"bundle_sold_individually_context":"","bundle_item_grouping":"","bundle_min_size":"","bundle_max_size":"","bundle_price":[],"bundled_items":[],"bundle_sell_ids":[],"yoast_head":"<!-- This site is optimized with the Yoast SEO plugin v25.2 - https:\/\/yoast.com\/wordpress\/plugins\/seo\/ -->\n<title>Ke\u015ffet Vaseline Healthy Bright Spf24 V\u00fccut Losyonu ile Ciltte Canl\u0131l\u0131k<\/title>\n<meta name=\"description\" content=\"\u015eehir hayat\u0131na uyum sa\u011flayan korumal\u0131 bak\u0131m. Nemlendiren ve ayd\u0131nlatan form\u00fcl, SPF24 ile g\u00fcne\u015f ve kirlili\u011fe kar\u015f\u0131 g\u00fcnl\u00fck savunma sunar.\" \/>\n<meta name=\"robots\" content=\"index, follow, max-snippet:-1, max-image-preview:large, max-video-preview:-1\" \/>\n<link rel=\"canonical\" href=\"https:\/\/demostore.ai\/tr\/urun\/vaseline-healthy-bright-spf24-vucut-losyonu\/\" \/>\n<meta property=\"og:type\" content=\"article\" \/>\n<meta property=\"og:title\" content=\"Ke\u015ffet Vaseline Healthy Bright Spf24 V\u00fccut Losyonu ile Ciltte Canl\u0131l\u0131k\" \/>\n<meta property=\"og:description\" content=\"G\u00fcnl\u00fck \u015fehir ya\u015fam\u0131na \u00f6zel, koruyucu ve nemlendirici bak\u0131m. Ciltte parlakl\u0131k sa\u011flayan formula ile SPF24 koruma sayesinde hem d\u0131\u015f etkenlere kar\u015f\u0131 \u00f6nlem al\u0131n hem de do\u011fal \u0131\u015f\u0131lt\u0131n\u0131z\u0131 art\u0131r\u0131n.\" \/>\n<meta property=\"og:url\" content=\"https:\/\/demostore.ai\/tr\/urun\/vaseline-healthy-bright-spf24-vucut-losyonu\/\" \/>\n<meta property=\"og:site_name\" content=\"Trendy Thread\" \/>\n<meta property=\"article:modified_time\" content=\"2026-02-19T02:55:03+00:00\" \/>\n<meta property=\"og:image\" content=\"https:\/\/demostore.ai\/wp-content\/uploads\/2025\/06\/Lotion-1-scaled-1.png\" \/>\n\t<meta property=\"og:image:width\" content=\"480\" \/>\n\t<meta property=\"og:image:height\" content=\"1000\" \/>\n\t<meta property=\"og:image:type\" content=\"image\/png\" \/>\n<meta name=\"twitter:card\" content=\"summary_large_image\" \/>\n<meta name=\"twitter:title\" content=\"Ke\u015ffet Vaseline Healthy Bright Spf24 V\u00fccut Losyonu ile Ciltte Canl\u0131l\u0131k\" \/>\n<meta name=\"twitter:description\" content=\"G\u00fcnl\u00fck \u015fehir ya\u015fam\u0131na \u00f6zel, koruyucu ve nemlendirici bak\u0131m. Ciltte parlakl\u0131k sa\u011flayan formula ile SPF24 koruma sayesinde hem d\u0131\u015f etkenlere kar\u015f\u0131 \u00f6nlem al\u0131n hem de do\u011fal \u0131\u015f\u0131lt\u0131n\u0131z\u0131 art\u0131r\u0131n.\" \/>\n<meta name=\"twitter:label1\" content=\"Tahmini okuma s\u00fcresi\" \/>\n\t<meta name=\"twitter:data1\" content=\"1 dakika\" \/>\n<script type=\"application\/ld+json\" class=\"yoast-schema-graph\">{\"@context\":\"https:\/\/schema.org\",\"@graph\":[{\"@type\":\"WebPage\",\"@id\":\"https:\/\/demostore.ai\/tr\/urun\/vaseline-healthy-bright-spf24-vucut-losyonu\/\",\"url\":\"https:\/\/demostore.ai\/tr\/urun\/vaseline-healthy-bright-spf24-vucut-losyonu\/\",\"name\":\"Ke\u015ffet Vaseline Healthy Bright Spf24 V\u00fccut Losyonu ile Ciltte Canl\u0131l\u0131k\",\"isPartOf\":{\"@id\":\"https:\/\/demostore.ai\/tr\/#website\"},\"primaryImageOfPage\":{\"@id\":\"https:\/\/demostore.ai\/tr\/urun\/vaseline-healthy-bright-spf24-vucut-losyonu\/#primaryimage\"},\"image\":{\"@id\":\"https:\/\/demostore.ai\/tr\/urun\/vaseline-healthy-bright-spf24-vucut-losyonu\/#primaryimage\"},\"thumbnailUrl\":\"https:\/\/demostore.ai\/wp-content\/uploads\/2025\/06\/Lotion-1-scaled-1.png\",\"datePublished\":\"2025-06-13T00:48:07+00:00\",\"dateModified\":\"2026-02-19T02:55:03+00:00\",\"description\":\"\u015eehir hayat\u0131na uyum sa\u011flayan korumal\u0131 bak\u0131m. Nemlendiren ve ayd\u0131nlatan form\u00fcl, SPF24 ile g\u00fcne\u015f ve kirlili\u011fe kar\u015f\u0131 g\u00fcnl\u00fck savunma sunar.\",\"breadcrumb\":{\"@id\":\"https:\/\/demostore.ai\/tr\/urun\/vaseline-healthy-bright-spf24-vucut-losyonu\/#breadcrumb\"},\"inLanguage\":\"tr\",\"potentialAction\":[{\"@type\":\"ReadAction\",\"target\":[\"https:\/\/demostore.ai\/tr\/urun\/vaseline-healthy-bright-spf24-vucut-losyonu\/\"]}]},{\"@type\":\"ImageObject\",\"inLanguage\":\"tr\",\"@id\":\"https:\/\/demostore.ai\/tr\/urun\/vaseline-healthy-bright-spf24-vucut-losyonu\/#primaryimage\",\"url\":\"https:\/\/demostore.ai\/wp-content\/uploads\/2025\/06\/Lotion-1-scaled-1.png\",\"contentUrl\":\"https:\/\/demostore.ai\/wp-content\/uploads\/2025\/06\/Lotion-1-scaled-1.png\",\"width\":480,\"height\":1000,\"caption\":\"Vaseline Healthy Bright SPF24 v\u00fccut losyonu 100 ml, pembe kapakl\u0131 beyaz \u015fi\u015fede \u00fcr\u00fcn g\u00f6rseli.\"},{\"@type\":\"BreadcrumbList\",\"@id\":\"https:\/\/demostore.ai\/tr\/urun\/vaseline-healthy-bright-spf24-vucut-losyonu\/#breadcrumb\",\"itemListElement\":[{\"@type\":\"ListItem\",\"position\":1,\"name\":\"Ana Sayfa\",\"item\":\"https:\/\/demostore.ai\/tr\/\"},{\"@type\":\"ListItem\",\"position\":2,\"name\":\"Ma\u011faza\",\"item\":\"https:\/\/demostore.ai\/tr\/magaza\/\"},{\"@type\":\"ListItem\",\"position\":3,\"name\":\"Vaseline Healthy Bright Spf24 V\u00fccut Losyonu\"}]},{\"@type\":\"WebSite\",\"@id\":\"https:\/\/demostore.ai\/tr\/#website\",\"url\":\"https:\/\/demostore.ai\/tr\/\",\"name\":\"Trendy Thread\",\"description\":\"WriteText.ai Demo Ma\u011fazas\u0131\",\"publisher\":{\"@id\":\"https:\/\/demostore.ai\/tr\/#organization\"},\"potentialAction\":[{\"@type\":\"SearchAction\",\"target\":{\"@type\":\"EntryPoint\",\"urlTemplate\":\"https:\/\/demostore.ai\/tr\/?s={search_term_string}\"},\"query-input\":{\"@type\":\"PropertyValueSpecification\",\"valueRequired\":true,\"valueName\":\"search_term_string\"}}],\"inLanguage\":\"tr\"},{\"@type\":\"Organization\",\"@id\":\"https:\/\/demostore.ai\/tr\/#organization\",\"name\":\"WriteText.ai\",\"url\":\"https:\/\/demostore.ai\/tr\/\",\"logo\":{\"@type\":\"ImageObject\",\"inLanguage\":\"tr\",\"@id\":\"https:\/\/demostore.ai\/tr\/#\/schema\/logo\/image\/\",\"url\":\"https:\/\/demostore.ai\/wp-content\/uploads\/2025\/10\/writetext_logo.webp\",\"contentUrl\":\"https:\/\/demostore.ai\/wp-content\/uploads\/2025\/10\/writetext_logo.webp\",\"width\":200,\"height\":34,\"caption\":\"WriteText.ai\"},\"image\":{\"@id\":\"https:\/\/demostore.ai\/tr\/#\/schema\/logo\/image\/\"}}]}<\/script>\n<!-- \/ Yoast SEO plugin. -->","yoast_head_json":{"title":"Ke\u015ffet Vaseline Healthy Bright Spf24 V\u00fccut Losyonu ile Ciltte Canl\u0131l\u0131k","description":"\u015eehir hayat\u0131na uyum sa\u011flayan korumal\u0131 bak\u0131m. Nemlendiren ve ayd\u0131nlatan form\u00fcl, SPF24 ile g\u00fcne\u015f ve kirlili\u011fe kar\u015f\u0131 g\u00fcnl\u00fck savunma sunar.","robots":{"index":"index","follow":"follow","max-snippet":"max-snippet:-1","max-image-preview":"max-image-preview:large","max-video-preview":"max-video-preview:-1"},"canonical":"https:\/\/demostore.ai\/tr\/urun\/vaseline-healthy-bright-spf24-vucut-losyonu\/","og_type":"article","og_title":"Ke\u015ffet Vaseline Healthy Bright Spf24 V\u00fccut Losyonu ile Ciltte Canl\u0131l\u0131k","og_description":"G\u00fcnl\u00fck \u015fehir ya\u015fam\u0131na \u00f6zel, koruyucu ve nemlendirici bak\u0131m. Ciltte parlakl\u0131k sa\u011flayan formula ile SPF24 koruma sayesinde hem d\u0131\u015f etkenlere kar\u015f\u0131 \u00f6nlem al\u0131n hem de do\u011fal \u0131\u015f\u0131lt\u0131n\u0131z\u0131 art\u0131r\u0131n.","og_url":"https:\/\/demostore.ai\/tr\/urun\/vaseline-healthy-bright-spf24-vucut-losyonu\/","og_site_name":"Trendy Thread","article_modified_time":"2026-02-19T02:55:03+00:00","og_image":[{"width":480,"height":1000,"url":"https:\/\/demostore.ai\/wp-content\/uploads\/2025\/06\/Lotion-1-scaled-1.png","type":"image\/png"}],"twitter_card":"summary_large_image","twitter_title":"Ke\u015ffet Vaseline Healthy Bright Spf24 V\u00fccut Losyonu ile Ciltte Canl\u0131l\u0131k","twitter_description":"G\u00fcnl\u00fck \u015fehir ya\u015fam\u0131na \u00f6zel, koruyucu ve nemlendirici bak\u0131m. Ciltte parlakl\u0131k sa\u011flayan formula ile SPF24 koruma sayesinde hem d\u0131\u015f etkenlere kar\u015f\u0131 \u00f6nlem al\u0131n hem de do\u011fal \u0131\u015f\u0131lt\u0131n\u0131z\u0131 art\u0131r\u0131n.","twitter_misc":{"Tahmini okuma s\u00fcresi":"1 dakika"},"schema":{"@context":"https:\/\/schema.org","@graph":[{"@type":"WebPage","@id":"https:\/\/demostore.ai\/tr\/urun\/vaseline-healthy-bright-spf24-vucut-losyonu\/","url":"https:\/\/demostore.ai\/tr\/urun\/vaseline-healthy-bright-spf24-vucut-losyonu\/","name":"Ke\u015ffet Vaseline Healthy Bright Spf24 V\u00fccut Losyonu ile Ciltte Canl\u0131l\u0131k","isPartOf":{"@id":"https:\/\/demostore.ai\/tr\/#website"},"primaryImageOfPage":{"@id":"https:\/\/demostore.ai\/tr\/urun\/vaseline-healthy-bright-spf24-vucut-losyonu\/#primaryimage"},"image":{"@id":"https:\/\/demostore.ai\/tr\/urun\/vaseline-healthy-bright-spf24-vucut-losyonu\/#primaryimage"},"thumbnailUrl":"https:\/\/demostore.ai\/wp-content\/uploads\/2025\/06\/Lotion-1-scaled-1.png","datePublished":"2025-06-13T00:48:07+00:00","dateModified":"2026-02-19T02:55:03+00:00","description":"\u015eehir hayat\u0131na uyum sa\u011flayan korumal\u0131 bak\u0131m. Nemlendiren ve ayd\u0131nlatan form\u00fcl, SPF24 ile g\u00fcne\u015f ve kirlili\u011fe kar\u015f\u0131 g\u00fcnl\u00fck savunma sunar.","breadcrumb":{"@id":"https:\/\/demostore.ai\/tr\/urun\/vaseline-healthy-bright-spf24-vucut-losyonu\/#breadcrumb"},"inLanguage":"tr","potentialAction":[{"@type":"ReadAction","target":["https:\/\/demostore.ai\/tr\/urun\/vaseline-healthy-bright-spf24-vucut-losyonu\/"]}]},{"@type":"ImageObject","inLanguage":"tr","@id":"https:\/\/demostore.ai\/tr\/urun\/vaseline-healthy-bright-spf24-vucut-losyonu\/#primaryimage","url":"https:\/\/demostore.ai\/wp-content\/uploads\/2025\/06\/Lotion-1-scaled-1.png","contentUrl":"https:\/\/demostore.ai\/wp-content\/uploads\/2025\/06\/Lotion-1-scaled-1.png","width":480,"height":1000,"caption":"Vaseline Healthy Bright SPF24 v\u00fccut losyonu 100 ml, pembe kapakl\u0131 beyaz \u015fi\u015fede \u00fcr\u00fcn g\u00f6rseli."},{"@type":"BreadcrumbList","@id":"https:\/\/demostore.ai\/tr\/urun\/vaseline-healthy-bright-spf24-vucut-losyonu\/#breadcrumb","itemListElement":[{"@type":"ListItem","position":1,"name":"Ana Sayfa","item":"https:\/\/demostore.ai\/tr\/"},{"@type":"ListItem","position":2,"name":"Ma\u011faza","item":"https:\/\/demostore.ai\/tr\/magaza\/"},{"@type":"ListItem","position":3,"name":"Vaseline Healthy Bright Spf24 V\u00fccut Losyonu"}]},{"@type":"WebSite","@id":"https:\/\/demostore.ai\/tr\/#website","url":"https:\/\/demostore.ai\/tr\/","name":"Trendy Thread","description":"WriteText.ai Demo Ma\u011fazas\u0131","publisher":{"@id":"https:\/\/demostore.ai\/tr\/#organization"},"potentialAction":[{"@type":"SearchAction","target":{"@type":"EntryPoint","urlTemplate":"https:\/\/demostore.ai\/tr\/?s={search_term_string}"},"query-input":{"@type":"PropertyValueSpecification","valueRequired":true,"valueName":"search_term_string"}}],"inLanguage":"tr"},{"@type":"Organization","@id":"https:\/\/demostore.ai\/tr\/#organization","name":"WriteText.ai","url":"https:\/\/demostore.ai\/tr\/","logo":{"@type":"ImageObject","inLanguage":"tr","@id":"https:\/\/demostore.ai\/tr\/#\/schema\/logo\/image\/","url":"https:\/\/demostore.ai\/wp-content\/uploads\/2025\/10\/writetext_logo.webp","contentUrl":"https:\/\/demostore.ai\/wp-content\/uploads\/2025\/10\/writetext_logo.webp","width":200,"height":34,"caption":"WriteText.ai"},"image":{"@id":"https:\/\/demostore.ai\/tr\/#\/schema\/logo\/image\/"}}]}},"_links":{"self":[{"href":"https:\/\/demostore.ai\/tr\/wp-json\/wp\/v2\/product\/35722","targetHints":{"allow":["GET"]}}],"collection":[{"href":"https:\/\/demostore.ai\/tr\/wp-json\/wp\/v2\/product"}],"about":[{"href":"https:\/\/demostore.ai\/tr\/wp-json\/wp\/v2\/types\/product"}],"replies":[{"embeddable":true,"href":"https:\/\/demostore.ai\/tr\/wp-json\/wp\/v2\/comments?post=35722"}],"wp:featuredmedia":[{"embeddable":true,"href":"https:\/\/demostore.ai\/tr\/wp-json\/wp\/v2\/media\/16693"}],"wp:attachment":[{"href":"https:\/\/demostore.ai\/tr\/wp-json\/wp\/v2\/media?parent=35722"}],"wp:term":[{"taxonomy":"product_brand","embeddable":true,"href":"https:\/\/demostore.ai\/tr\/wp-json\/wp\/v2\/product_brand?post=35722"},{"taxonomy":"product_cat","embeddable":true,"href":"https:\/\/demostore.ai\/tr\/wp-json\/wp\/v2\/product_cat?post=35722"},{"taxonomy":"product_tag","embeddable":true,"href":"https:\/\/demostore.ai\/tr\/wp-json\/wp\/v2\/product_tag?post=35722"}],"curies":[{"name":"wp","href":"https:\/\/api.w.org\/{rel}","templated":true}]}}