{"id":35657,"date":"2025-06-13T08:44:05","date_gmt":"2025-06-13T00:44:05","guid":{"rendered":"https:\/\/demostore.ai\/?post_type=product&#038;p=35657"},"modified":"2026-02-19T10:54:57","modified_gmt":"2026-02-19T02:54:57","slug":"dentiste-plus-agiz-spreyi","status":"publish","type":"product","link":"https:\/\/demostore.ai\/tr\/urun\/dentiste-plus-agiz-spreyi\/","title":{"rendered":"Dentiste Plus A\u011f\u0131z Spreyi"},"content":{"rendered":"<section data-wtai-block-id=\"wtai_product_description_features\" class=\"wtai-section wtai-features-section\">\n<h2>\u00dcr\u00fcn \u00d6zellikleri<\/h2>\n<ul>\n<li><strong>An\u0131nda ferah nefes<\/strong> sa\u011flar ve k\u00f6t\u00fc kokular\u0131 h\u0131zl\u0131ca maskeler.<\/li>\n<li><strong>A\u011f\u0131z i\u00e7i nemlendirme<\/strong> ile kurulu\u011fu azalt\u0131r ve rahatl\u0131k hissi verir.<\/li>\n<li><strong>\u015eeker i\u00e7ermez<\/strong>, di\u015f dostu yap\u0131s\u0131yla di\u015f \u00e7\u00fcr\u00fcklerine kar\u015f\u0131 etkilidir.<\/li>\n<li><strong>Xylitol ile g\u00fc\u00e7lendirilmi\u015f form\u00fcl<\/strong> di\u015f sa\u011fl\u0131\u011f\u0131n\u0131 destekler.<\/li>\n<li><strong>Do\u011fal bitkisel \u00f6zler<\/strong> sayesinde nazik ve terap\u00f6tik his sunar.<\/li>\n<li><strong>Kompakt ve ta\u015f\u0131nabilir tasar\u0131m<\/strong> her an yan\u0131n\u0131zda ta\u015f\u0131maya uygundur.<\/li>\n<li><strong>Aerosol i\u00e7ermeyen sprey ba\u015fl\u0131\u011f\u0131<\/strong> ile g\u00fcvenli ve hassas uygulama imkan\u0131 sunar.<\/li>\n<li><strong>Pratik ve kolay kullan\u0131m<\/strong>, g\u00fcnl\u00fck a\u011f\u0131z bak\u0131m\u0131 rutininize h\u0131zl\u0131ca eklenir.<\/li>\n<\/ul>\n<\/section>\n<div data-wtai-block-id=\"wtai_product_description_image_1753694499291\" class=\"wtai-section wtai-image_1753694499291-section\">\n<figure class=\"wtai-image-p wtai-align-center\" style=\"text-align:center\"><img decoding=\"async\" src=\"https:\/\/demostore.ai\/wp-content\/uploads\/2025\/06\/Breathspray-4-scaled-1-600x935.png\" alt=\"Dentiste Plus A\u011f\u0131z Spreyi, nane yapra\u011f\u0131 g\u00f6rselli, beyaz kapakl\u0131 \u00fcr\u00fcn \u015fi\u015fesi.\" srcset=\"https:\/\/demostore.ai\/wp-content\/uploads\/2025\/06\/Breathspray-4-scaled-1.png 642w, https:\/\/demostore.ai\/wp-content\/uploads\/2025\/06\/Breathspray-4-scaled-1-193x300.png 193w, https:\/\/demostore.ai\/wp-content\/uploads\/2025\/06\/Breathspray-4-scaled-1-600x935.png 600w\"><figcaption>\n<p>Modern ve sade tasar\u0131m\u0131yla dikkat \u00e7eken \u015fi\u015fe nane yapra\u011f\u0131 ill\u00fcstrasyonu ile ferahl\u0131k hissi vadediyor.<\/p>\n<\/figcaption><\/figure>\n<\/p><\/div>\n<section data-wtai-block-id=\"wtai_product_description_benefits\" class=\"wtai-section wtai-benefits-section\">\n<h2>Neden Seveceksiniz?<\/h2>\n<ul>\n<li>K\u00f6t\u00fc nefes endi\u015fesini h\u0131zla ortadan kald\u0131r\u0131r.<\/li>\n<li>A\u011f\u0131z i\u00e7inde uzun s\u00fcreli ferahl\u0131k ve tazelik sa\u011flar.<\/li>\n<li>K\u00fc\u00e7\u00fck boyutuyla g\u00fcnl\u00fck \u00e7antan\u0131zda kolayca yer bulur.<\/li>\n<li>\u015eeker i\u00e7ermedi\u011fi i\u00e7in di\u015f sa\u011fl\u0131\u011f\u0131n\u0131 korumaya yard\u0131mc\u0131 olur.<\/li>\n<li>Her an, \u00f6zg\u00fcvenle g\u00fcl\u00fcmsemenizi destekler.<\/li>\n<\/ul>\n<\/section>\n<section data-wtai-block-id=\"wtai_product_description_use_cases\" class=\"wtai-section wtai-use_cases-section\">\n<h3>G\u00fcnl\u00fck Rutininizde Nas\u0131l Kullan\u0131l\u0131r?<\/h3>\n<ol>\n<li>G\u00fcn i\u00e7inde a\u011f\u0131z kokusu hissetti\u011finiz anda spreyi kullan\u0131n.<\/li>\n<li>Di\u015flerinizi f\u0131r\u00e7alad\u0131ktan sonra ekstra ferahl\u0131k i\u00e7in uygulay\u0131n.<\/li>\n<li>\u00d6nemli toplant\u0131 veya sosyal bulu\u015fmalar \u00f6ncesinde s\u0131k\u0131n.<\/li>\n<li>Sabah i\u015fe veya okula ba\u015flamadan \u00f6nce tazelik kazan\u0131n.<\/li>\n<li>Uzun yolculuklarda a\u011f\u0131z kurulu\u011fu hissetti\u011finizde kullan\u0131n.<\/li>\n<li>Yemek sonras\u0131 dil ve di\u015f y\u00fczeyine birka\u00e7 kez p\u00fcsk\u00fcrt\u00fcn.<\/li>\n<li>Spor sonras\u0131 nefes tazelemek i\u00e7in yan\u0131n\u0131zda bulundurun.<\/li>\n<li>G\u00fcn\u00fcn her an\u0131nda h\u0131zl\u0131 ve kolay uygulama i\u00e7in \u00e7antan\u0131za at\u0131n.<\/li>\n<\/ol>\n<\/section>\n<section data-wtai-block-id=\"wtai_product_description_technical_specifications\" class=\"wtai-section wtai-technical_specifications-section\">\n<h3>Detaylar<\/h3>\n<ul>\n<li><strong>\u00dcr\u00fcn tipi<\/strong>: A\u011f\u0131z spreyi<\/li>\n<li><strong>Hacim<\/strong>: 15 ml<\/li>\n<li><strong>Temel bile\u015fen<\/strong>: Xylitol, bitkisel \u00f6zler<\/li>\n<li><strong>\u015eeker i\u00e7ermez<\/strong>: Evet<\/li>\n<\/ul>\n<\/section>\n<section data-wtai-block-id=\"wtai_product_description_custom_1753167803027\" class=\"wtai-section wtai-custom_1753167803027-section\">\n<h2>Hangi Kullan\u0131m Alanlar\u0131na ve Cilt Tiplerine Uygundur?<\/h2>\n<ul>\n<li><strong>Cilt hassasiyeti<\/strong>: Temas halinde tahri\u015fe yol a\u00e7maz.<\/li>\n<li><strong>Ya\u011fl\u0131 ciltler<\/strong>: Sprey ciltte ya\u011fl\u0131 bir his b\u0131rakmaz.<\/li>\n<li><strong>Kuru ciltler<\/strong>: Ciltte kurulu\u011fa veya gerginli\u011fe neden olmaz.<\/li>\n<li><strong>Normal ciltler<\/strong>: Ciltte beklenmedik bir reaksiyon olu\u015fturmaz.<\/li>\n<li><strong>Hassas ciltler<\/strong>: \u0130\u00e7eri\u011fi nedeniyle test edilmeden do\u011frudan cilde kullan\u0131lmamal\u0131.<\/li>\n<li><strong>Leke e\u011filimli ciltler<\/strong>: Ciltte leke ya da iz b\u0131rakmaz.<\/li>\n<\/ul>\n<\/section>\n<section data-wtai-block-id=\"wtai_product_description_custom_1754200971412\" class=\"wtai-section wtai-custom_1754200971412-section\">\n<h2>Dentiste Plus A\u011f\u0131z Spreyi \u0130\u00e7indekiler<\/h2>\n<p>Aqua, Ethanol, Glycerin, Xylitol, PEG-40 Hydrogenated Castor Oil, Menthol, Mentha Piperita Oil, Sodium Benzoate, Ascorbic Acid, Eucalyptus Globulus Leaf Oil, Sucralose, Aloe Barbadensis Leaf Extract, Salvia Officinalis Extract, Chamomilla Recutita Extract, Foeniculum Vulgare Extract, Glycyrrhiza Glabra Extract, Cinnamomum Cassia Bark Extract, Anthemis Nobilis Extract, Eugenia Caryophyllus Flower Oil.<\/p>\n<\/section>\n<section data-wtai-block-id=\"wtai_product_description_faqs\" class=\"wtai-section wtai-faqs-section\">\n<h2>S\u0131k\u00e7a Sorulan Sorular<\/h2>\n<p><strong>Dentiste Plus A\u011f\u0131z Spreyi hassas di\u015flerde g\u00fcvenle kullan\u0131labilir mi?<\/strong> <br \/> Evet, hassas di\u015fler veya di\u015f etleri i\u00e7in uygundur.<\/p>\n<p><strong>Di\u011fer a\u011f\u0131z bak\u0131m \u00fcr\u00fcnleriyle birlikte kullanabilir miyim?<\/strong> <br \/> G\u00fcnl\u00fck a\u011f\u0131z bak\u0131m rutininize ek uygulama olarak rahatl\u0131kla kullanabilirsiniz.<\/p>\n<p><strong>Bir \u015fi\u015fe yakla\u015f\u0131k ne kadar s\u00fcre gider?<\/strong> <br \/> Kullan\u0131m s\u0131kl\u0131\u011f\u0131na ba\u011fl\u0131 olarak bir \u015fi\u015fe birka\u00e7 hafta dayan\u0131r.<\/p>\n<p><strong>Saklama ko\u015fullar\u0131 nelerdir?<\/strong> <br \/> \u00dcr\u00fcn\u00fc oda s\u0131cakl\u0131\u011f\u0131nda, direkt g\u00fcne\u015f \u0131\u015f\u0131\u011f\u0131ndan uzakta muhafaza edin.<\/p>\n<p><strong>\u0130lk etkiler ne zaman hissedilir?<\/strong> <br \/> K\u00f6t\u00fc nefesi an\u0131nda giderir ve ferahl\u0131k hemen hissedilir.<\/p>\n<\/section>\n<section data-wtai-block-id=\"wtai_product_description_conclusion\" class=\"wtai-section wtai-conclusion-section\">\n<h2>\u015eimdi Deneyin<\/h2>\n<p><em><strong>Dentiste Plus A\u011f\u0131z Spreyi ile her an taze ve \u00f6zg\u00fcvenli hissedin.<\/strong><\/em> <em><strong>Kompakt tasar\u0131m\u0131yla diledi\u011finiz yerde ferahl\u0131k sizinle olsun.<\/strong><\/em> <em><strong>Bug\u00fcn deneyin, yeni favori a\u011f\u0131z bak\u0131m\u0131n\u0131z olmas\u0131na izin verin.<\/strong><\/em><\/p>\n<\/section>\n","protected":false},"excerpt":{"rendered":"<div data-wtai-block-id=\"wtai_excerpt_subtitle\" class=\"wtai-section wtai-subtitle-section\">\n<p><em><strong>Do\u011fal ferahl\u0131k, g\u00fcn boyu g\u00fcven<\/strong><\/em><\/p>\n<\/p><\/div>\n<div data-wtai-block-id=\"wtai_excerpt_introduction\" class=\"wtai-section wtai-introduction-section\">\n<p>Hayat\u0131n temposunda kendinizi her an taze hissetmek m\u00fcmk\u00fcn. Dentiste Plus A\u011f\u0131z Spreyi, tamamen \u015fekersiz ve bitkisel i\u00e7eri\u011fiyle pratik bir ferahl\u0131k sunar. G\u00fcn\u00fcn herhangi bir an\u0131nda, \u00f6zg\u00fcvenli bir nefesin hayat\u0131n\u0131za katt\u0131\u011f\u0131 fark\u0131 kolayca hissedersiniz. Her kullan\u0131\u015f\u0131n\u0131zda a\u011fz\u0131n\u0131zda hafif ve do\u011fal bir serinlik b\u0131rak\u0131r. \u015e\u0131k ve modern tasar\u0131m\u0131 sayesinde cebinizde ya da \u00e7antan\u0131zda rahat\u00e7a ta\u015f\u0131yabilirsiniz. K\u0131sa bir mola verdi\u011finizde, yaln\u0131zca nefesinizi de\u011fil, enerjinizi de tazeleyen k\u00fc\u00e7\u00fck bir dokunu\u015f sa\u011flar. Ki\u015fisel bak\u0131m\u0131na \u00f6nem verenler i\u00e7in vazge\u00e7ilmez bir deneyim sunar.<\/p>\n<\/p><\/div>\n","protected":false},"featured_media":15945,"comment_status":"open","ping_status":"closed","template":"","meta":[],"product_brand":[],"product_cat":[250],"product_tag":[],"class_list":{"0":"post-35657","1":"product","2":"type-product","3":"status-publish","4":"has-post-thumbnail","6":"product_cat-guzellik-saglik","8":"first","9":"instock","10":"shipping-taxable","11":"purchasable","12":"product-type-simple"},"bundled_by":[],"bundle_stock_status":"instock","bundle_stock_quantity":null,"bundle_virtual":false,"bundle_layout":"","bundle_add_to_cart_form_location":"","bundle_editable_in_cart":false,"bundle_sold_individually_context":"","bundle_item_grouping":"","bundle_min_size":"","bundle_max_size":"","bundle_price":[],"bundled_items":[],"bundle_sell_ids":[],"yoast_head":"<!-- This site is optimized with the Yoast SEO plugin v25.2 - https:\/\/yoast.com\/wordpress\/plugins\/seo\/ -->\n<title>Ke\u015ffet Dentiste Plus A\u011f\u0131z Spreyi ile An\u0131nda Ferahl\u0131k<\/title>\n<meta name=\"description\" content=\"Ola\u011fan\u00fcst\u00fc bir nefes tazeleme deneyimi sunan Dentiste Plus A\u011f\u0131z Spreyi, \u015feker i\u00e7ermeyen ve bitkisel \u00f6zl\u00fc form\u00fcl\u00fcyle an\u0131nda ferah nefes sa\u011flar.\" \/>\n<meta name=\"robots\" content=\"index, follow, max-snippet:-1, max-image-preview:large, max-video-preview:-1\" \/>\n<link rel=\"canonical\" href=\"https:\/\/demostore.ai\/tr\/urun\/dentiste-plus-agiz-spreyi\/\" \/>\n<meta property=\"og:type\" content=\"article\" \/>\n<meta property=\"og:title\" content=\"Ke\u015ffet Dentiste Plus A\u011f\u0131z Spreyi ile An\u0131nda Ferahl\u0131k\" \/>\n<meta property=\"og:description\" content=\"Her an ferah nefesin tad\u0131n\u0131 \u00e7\u0131kar\u0131n. Dentiste Plus A\u011f\u0131z Spreyi hem pratik kullan\u0131m\u0131 hem \u015feker i\u00e7ermeyen form\u00fcl\u00fcyle a\u011f\u0131z bak\u0131m\u0131n\u0131z\u0131 kolayla\u015ft\u0131r\u0131r. Do\u011fal ferahl\u0131k \u015fimdi cebinizde.\" \/>\n<meta property=\"og:url\" content=\"https:\/\/demostore.ai\/tr\/urun\/dentiste-plus-agiz-spreyi\/\" \/>\n<meta property=\"og:site_name\" content=\"Trendy Thread\" \/>\n<meta property=\"article:modified_time\" content=\"2026-02-19T02:54:57+00:00\" \/>\n<meta property=\"og:image\" content=\"https:\/\/demostore.ai\/wp-content\/uploads\/2025\/06\/Breathspray-1-scaled-1.png\" \/>\n\t<meta property=\"og:image:width\" content=\"380\" \/>\n\t<meta property=\"og:image:height\" content=\"1000\" \/>\n\t<meta property=\"og:image:type\" content=\"image\/png\" \/>\n<meta name=\"twitter:card\" content=\"summary_large_image\" \/>\n<meta name=\"twitter:title\" content=\"Ke\u015ffet Dentiste Plus A\u011f\u0131z Spreyi ile An\u0131nda Ferahl\u0131k\" \/>\n<meta name=\"twitter:description\" content=\"Her an ferah nefesin tad\u0131n\u0131 \u00e7\u0131kar\u0131n. Dentiste Plus A\u011f\u0131z Spreyi hem pratik kullan\u0131m\u0131 hem \u015feker i\u00e7ermeyen form\u00fcl\u00fcyle a\u011f\u0131z bak\u0131m\u0131n\u0131z\u0131 kolayla\u015ft\u0131r\u0131r. Do\u011fal ferahl\u0131k \u015fimdi cebinizde.\" \/>\n<meta name=\"twitter:label1\" content=\"Tahmini okuma s\u00fcresi\" \/>\n\t<meta name=\"twitter:data1\" content=\"1 dakika\" \/>\n<script type=\"application\/ld+json\" class=\"yoast-schema-graph\">{\"@context\":\"https:\/\/schema.org\",\"@graph\":[{\"@type\":\"WebPage\",\"@id\":\"https:\/\/demostore.ai\/tr\/urun\/dentiste-plus-agiz-spreyi\/\",\"url\":\"https:\/\/demostore.ai\/tr\/urun\/dentiste-plus-agiz-spreyi\/\",\"name\":\"Ke\u015ffet Dentiste Plus A\u011f\u0131z Spreyi ile An\u0131nda Ferahl\u0131k\",\"isPartOf\":{\"@id\":\"https:\/\/demostore.ai\/tr\/#website\"},\"primaryImageOfPage\":{\"@id\":\"https:\/\/demostore.ai\/tr\/urun\/dentiste-plus-agiz-spreyi\/#primaryimage\"},\"image\":{\"@id\":\"https:\/\/demostore.ai\/tr\/urun\/dentiste-plus-agiz-spreyi\/#primaryimage\"},\"thumbnailUrl\":\"https:\/\/demostore.ai\/wp-content\/uploads\/2025\/06\/Breathspray-1-scaled-1.png\",\"datePublished\":\"2025-06-13T00:44:05+00:00\",\"dateModified\":\"2026-02-19T02:54:57+00:00\",\"description\":\"Ola\u011fan\u00fcst\u00fc bir nefes tazeleme deneyimi sunan Dentiste Plus A\u011f\u0131z Spreyi, \u015feker i\u00e7ermeyen ve bitkisel \u00f6zl\u00fc form\u00fcl\u00fcyle an\u0131nda ferah nefes sa\u011flar.\",\"breadcrumb\":{\"@id\":\"https:\/\/demostore.ai\/tr\/urun\/dentiste-plus-agiz-spreyi\/#breadcrumb\"},\"inLanguage\":\"tr\",\"potentialAction\":[{\"@type\":\"ReadAction\",\"target\":[\"https:\/\/demostore.ai\/tr\/urun\/dentiste-plus-agiz-spreyi\/\"]}]},{\"@type\":\"ImageObject\",\"inLanguage\":\"tr\",\"@id\":\"https:\/\/demostore.ai\/tr\/urun\/dentiste-plus-agiz-spreyi\/#primaryimage\",\"url\":\"https:\/\/demostore.ai\/wp-content\/uploads\/2025\/06\/Breathspray-1-scaled-1.png\",\"contentUrl\":\"https:\/\/demostore.ai\/wp-content\/uploads\/2025\/06\/Breathspray-1-scaled-1.png\",\"width\":380,\"height\":1000,\"caption\":\"Dentiste Plus A\u011f\u0131z Spreyi, bitkisel i\u00e7erikli ferahlat\u0131c\u0131 sprey \u015fi\u015fesi, \u00fcr\u00fcn etiketiyle birlikte.\"},{\"@type\":\"BreadcrumbList\",\"@id\":\"https:\/\/demostore.ai\/tr\/urun\/dentiste-plus-agiz-spreyi\/#breadcrumb\",\"itemListElement\":[{\"@type\":\"ListItem\",\"position\":1,\"name\":\"Ana Sayfa\",\"item\":\"https:\/\/demostore.ai\/tr\/\"},{\"@type\":\"ListItem\",\"position\":2,\"name\":\"Ma\u011faza\",\"item\":\"https:\/\/demostore.ai\/tr\/magaza\/\"},{\"@type\":\"ListItem\",\"position\":3,\"name\":\"Dentiste Plus A\u011f\u0131z Spreyi\"}]},{\"@type\":\"WebSite\",\"@id\":\"https:\/\/demostore.ai\/tr\/#website\",\"url\":\"https:\/\/demostore.ai\/tr\/\",\"name\":\"Trendy Thread\",\"description\":\"WriteText.ai Demo Ma\u011fazas\u0131\",\"publisher\":{\"@id\":\"https:\/\/demostore.ai\/tr\/#organization\"},\"potentialAction\":[{\"@type\":\"SearchAction\",\"target\":{\"@type\":\"EntryPoint\",\"urlTemplate\":\"https:\/\/demostore.ai\/tr\/?s={search_term_string}\"},\"query-input\":{\"@type\":\"PropertyValueSpecification\",\"valueRequired\":true,\"valueName\":\"search_term_string\"}}],\"inLanguage\":\"tr\"},{\"@type\":\"Organization\",\"@id\":\"https:\/\/demostore.ai\/tr\/#organization\",\"name\":\"WriteText.ai\",\"url\":\"https:\/\/demostore.ai\/tr\/\",\"logo\":{\"@type\":\"ImageObject\",\"inLanguage\":\"tr\",\"@id\":\"https:\/\/demostore.ai\/tr\/#\/schema\/logo\/image\/\",\"url\":\"https:\/\/demostore.ai\/wp-content\/uploads\/2025\/10\/writetext_logo.webp\",\"contentUrl\":\"https:\/\/demostore.ai\/wp-content\/uploads\/2025\/10\/writetext_logo.webp\",\"width\":200,\"height\":34,\"caption\":\"WriteText.ai\"},\"image\":{\"@id\":\"https:\/\/demostore.ai\/tr\/#\/schema\/logo\/image\/\"}}]}<\/script>\n<!-- \/ Yoast SEO plugin. -->","yoast_head_json":{"title":"Ke\u015ffet Dentiste Plus A\u011f\u0131z Spreyi ile An\u0131nda Ferahl\u0131k","description":"Ola\u011fan\u00fcst\u00fc bir nefes tazeleme deneyimi sunan Dentiste Plus A\u011f\u0131z Spreyi, \u015feker i\u00e7ermeyen ve bitkisel \u00f6zl\u00fc form\u00fcl\u00fcyle an\u0131nda ferah nefes sa\u011flar.","robots":{"index":"index","follow":"follow","max-snippet":"max-snippet:-1","max-image-preview":"max-image-preview:large","max-video-preview":"max-video-preview:-1"},"canonical":"https:\/\/demostore.ai\/tr\/urun\/dentiste-plus-agiz-spreyi\/","og_type":"article","og_title":"Ke\u015ffet Dentiste Plus A\u011f\u0131z Spreyi ile An\u0131nda Ferahl\u0131k","og_description":"Her an ferah nefesin tad\u0131n\u0131 \u00e7\u0131kar\u0131n. Dentiste Plus A\u011f\u0131z Spreyi hem pratik kullan\u0131m\u0131 hem \u015feker i\u00e7ermeyen form\u00fcl\u00fcyle a\u011f\u0131z bak\u0131m\u0131n\u0131z\u0131 kolayla\u015ft\u0131r\u0131r. Do\u011fal ferahl\u0131k \u015fimdi cebinizde.","og_url":"https:\/\/demostore.ai\/tr\/urun\/dentiste-plus-agiz-spreyi\/","og_site_name":"Trendy Thread","article_modified_time":"2026-02-19T02:54:57+00:00","og_image":[{"width":380,"height":1000,"url":"https:\/\/demostore.ai\/wp-content\/uploads\/2025\/06\/Breathspray-1-scaled-1.png","type":"image\/png"}],"twitter_card":"summary_large_image","twitter_title":"Ke\u015ffet Dentiste Plus A\u011f\u0131z Spreyi ile An\u0131nda Ferahl\u0131k","twitter_description":"Her an ferah nefesin tad\u0131n\u0131 \u00e7\u0131kar\u0131n. Dentiste Plus A\u011f\u0131z Spreyi hem pratik kullan\u0131m\u0131 hem \u015feker i\u00e7ermeyen form\u00fcl\u00fcyle a\u011f\u0131z bak\u0131m\u0131n\u0131z\u0131 kolayla\u015ft\u0131r\u0131r. Do\u011fal ferahl\u0131k \u015fimdi cebinizde.","twitter_misc":{"Tahmini okuma s\u00fcresi":"1 dakika"},"schema":{"@context":"https:\/\/schema.org","@graph":[{"@type":"WebPage","@id":"https:\/\/demostore.ai\/tr\/urun\/dentiste-plus-agiz-spreyi\/","url":"https:\/\/demostore.ai\/tr\/urun\/dentiste-plus-agiz-spreyi\/","name":"Ke\u015ffet Dentiste Plus A\u011f\u0131z Spreyi ile An\u0131nda Ferahl\u0131k","isPartOf":{"@id":"https:\/\/demostore.ai\/tr\/#website"},"primaryImageOfPage":{"@id":"https:\/\/demostore.ai\/tr\/urun\/dentiste-plus-agiz-spreyi\/#primaryimage"},"image":{"@id":"https:\/\/demostore.ai\/tr\/urun\/dentiste-plus-agiz-spreyi\/#primaryimage"},"thumbnailUrl":"https:\/\/demostore.ai\/wp-content\/uploads\/2025\/06\/Breathspray-1-scaled-1.png","datePublished":"2025-06-13T00:44:05+00:00","dateModified":"2026-02-19T02:54:57+00:00","description":"Ola\u011fan\u00fcst\u00fc bir nefes tazeleme deneyimi sunan Dentiste Plus A\u011f\u0131z Spreyi, \u015feker i\u00e7ermeyen ve bitkisel \u00f6zl\u00fc form\u00fcl\u00fcyle an\u0131nda ferah nefes sa\u011flar.","breadcrumb":{"@id":"https:\/\/demostore.ai\/tr\/urun\/dentiste-plus-agiz-spreyi\/#breadcrumb"},"inLanguage":"tr","potentialAction":[{"@type":"ReadAction","target":["https:\/\/demostore.ai\/tr\/urun\/dentiste-plus-agiz-spreyi\/"]}]},{"@type":"ImageObject","inLanguage":"tr","@id":"https:\/\/demostore.ai\/tr\/urun\/dentiste-plus-agiz-spreyi\/#primaryimage","url":"https:\/\/demostore.ai\/wp-content\/uploads\/2025\/06\/Breathspray-1-scaled-1.png","contentUrl":"https:\/\/demostore.ai\/wp-content\/uploads\/2025\/06\/Breathspray-1-scaled-1.png","width":380,"height":1000,"caption":"Dentiste Plus A\u011f\u0131z Spreyi, bitkisel i\u00e7erikli ferahlat\u0131c\u0131 sprey \u015fi\u015fesi, \u00fcr\u00fcn etiketiyle birlikte."},{"@type":"BreadcrumbList","@id":"https:\/\/demostore.ai\/tr\/urun\/dentiste-plus-agiz-spreyi\/#breadcrumb","itemListElement":[{"@type":"ListItem","position":1,"name":"Ana Sayfa","item":"https:\/\/demostore.ai\/tr\/"},{"@type":"ListItem","position":2,"name":"Ma\u011faza","item":"https:\/\/demostore.ai\/tr\/magaza\/"},{"@type":"ListItem","position":3,"name":"Dentiste Plus A\u011f\u0131z Spreyi"}]},{"@type":"WebSite","@id":"https:\/\/demostore.ai\/tr\/#website","url":"https:\/\/demostore.ai\/tr\/","name":"Trendy Thread","description":"WriteText.ai Demo Ma\u011fazas\u0131","publisher":{"@id":"https:\/\/demostore.ai\/tr\/#organization"},"potentialAction":[{"@type":"SearchAction","target":{"@type":"EntryPoint","urlTemplate":"https:\/\/demostore.ai\/tr\/?s={search_term_string}"},"query-input":{"@type":"PropertyValueSpecification","valueRequired":true,"valueName":"search_term_string"}}],"inLanguage":"tr"},{"@type":"Organization","@id":"https:\/\/demostore.ai\/tr\/#organization","name":"WriteText.ai","url":"https:\/\/demostore.ai\/tr\/","logo":{"@type":"ImageObject","inLanguage":"tr","@id":"https:\/\/demostore.ai\/tr\/#\/schema\/logo\/image\/","url":"https:\/\/demostore.ai\/wp-content\/uploads\/2025\/10\/writetext_logo.webp","contentUrl":"https:\/\/demostore.ai\/wp-content\/uploads\/2025\/10\/writetext_logo.webp","width":200,"height":34,"caption":"WriteText.ai"},"image":{"@id":"https:\/\/demostore.ai\/tr\/#\/schema\/logo\/image\/"}}]}},"_links":{"self":[{"href":"https:\/\/demostore.ai\/tr\/wp-json\/wp\/v2\/product\/35657","targetHints":{"allow":["GET"]}}],"collection":[{"href":"https:\/\/demostore.ai\/tr\/wp-json\/wp\/v2\/product"}],"about":[{"href":"https:\/\/demostore.ai\/tr\/wp-json\/wp\/v2\/types\/product"}],"replies":[{"embeddable":true,"href":"https:\/\/demostore.ai\/tr\/wp-json\/wp\/v2\/comments?post=35657"}],"wp:featuredmedia":[{"embeddable":true,"href":"https:\/\/demostore.ai\/tr\/wp-json\/wp\/v2\/media\/15945"}],"wp:attachment":[{"href":"https:\/\/demostore.ai\/tr\/wp-json\/wp\/v2\/media?parent=35657"}],"wp:term":[{"taxonomy":"product_brand","embeddable":true,"href":"https:\/\/demostore.ai\/tr\/wp-json\/wp\/v2\/product_brand?post=35657"},{"taxonomy":"product_cat","embeddable":true,"href":"https:\/\/demostore.ai\/tr\/wp-json\/wp\/v2\/product_cat?post=35657"},{"taxonomy":"product_tag","embeddable":true,"href":"https:\/\/demostore.ai\/tr\/wp-json\/wp\/v2\/product_tag?post=35657"}],"curies":[{"name":"wp","href":"https:\/\/api.w.org\/{rel}","templated":true}]}}