{"id":35531,"date":"2025-06-16T09:14:12","date_gmt":"2025-06-16T01:14:12","guid":{"rendered":"https:\/\/demostore.ai\/?post_type=product&#038;p=35531"},"modified":"2026-02-19T13:37:02","modified_gmt":"2026-02-19T05:37:02","slug":"aquaflask-termos-kupa","status":"publish","type":"product","link":"https:\/\/demostore.ai\/tr\/urun\/aquaflask-termos-kupa\/","title":{"rendered":"Aquaflask Termos Kupa"},"content":{"rendered":"<section data-wtai-block-id=\"wtai_product_description_use_cases\" class=\"wtai-section wtai-use_cases-section\">\n<h2>Her An\u0131n\u0131za Uygun Kullan\u0131m Alanlar\u0131<\/h2>\n<ul>\n<li>Ofiste veya evde \u00e7ay ya da kahvenizi uzun s\u00fcre s\u0131cak tutmak<\/li>\n<li>Y\u00fcr\u00fcy\u00fc\u015f, do\u011fa y\u00fcr\u00fcy\u00fc\u015f\u00fc gibi a\u00e7\u0131k hava etkinliklerinde i\u00e7eceklerin so\u011fuklu\u011funu korumak<\/li>\n<li>Uzun yolculuklarda arabada i\u00e7ece\u011finizi yan\u0131n\u0131zda rahat\u00e7a ta\u015f\u0131mak<\/li>\n<li>Ders \u00e7al\u0131\u015fma veya i\u015f s\u0131ras\u0131nda masada pratik bir i\u00e7ecek \u00e7\u00f6z\u00fcm\u00fc sunmak<\/li>\n<li>Piknik, kamp gibi toplu aktivitelerde dayan\u0131kl\u0131 ve hijyenik bir i\u00e7ecek kab\u0131 olarak kullanmak<\/li>\n<\/ul>\n<\/section>\n<div data-wtai-block-id=\"wtai_product_description_image_1753694570766\" class=\"wtai-section wtai-image_1753694570766-section\">\n<figure class=\"wtai-image-p wtai-align-center\" style=\"text-align:center\"><img decoding=\"async\" src=\"https:\/\/demostore.ai\/wp-content\/uploads\/2025\/06\/Reusable-water-bottle-2-600x600.png\" alt=\"Ye\u015fil renkli Aquaflask Termos Kupa, paslanmaz \u00e7elik kapakl\u0131, \u0131s\u0131 yal\u0131t\u0131ml\u0131 bardak.\" srcset=\"https:\/\/demostore.ai\/wp-content\/uploads\/2025\/06\/Reusable-water-bottle-2.png 1000w, https:\/\/demostore.ai\/wp-content\/uploads\/2025\/06\/Reusable-water-bottle-2-300x300.png 300w, https:\/\/demostore.ai\/wp-content\/uploads\/2025\/06\/Reusable-water-bottle-2-150x150.png 150w, https:\/\/demostore.ai\/wp-content\/uploads\/2025\/06\/Reusable-water-bottle-2-768x768.png 768w, https:\/\/demostore.ai\/wp-content\/uploads\/2025\/06\/Reusable-water-bottle-2-600x600.png 600w, https:\/\/demostore.ai\/wp-content\/uploads\/2025\/06\/Reusable-water-bottle-2-250x250.png 250w\"><figcaption>\n<p>Mat ye\u015fil y\u00fczey zarif, modern bir g\u00f6r\u00fcn\u00fcm sunarken y\u00fcksek kaliteli metal detayla tamamlan\u0131yor.<\/p>\n<\/figcaption><\/figure>\n<\/p><\/div>\n<section data-wtai-block-id=\"wtai_product_description_advantages\" class=\"wtai-section wtai-advantages-section\">\n<h2>Aquaflask Termos Kupa\u2019n\u0131n \u00d6ne \u00c7\u0131kan Avantajlar\u0131<\/h2>\n<ul>\n<li>Y\u00fcksek kaliteli paslanmaz \u00e7elik g\u00f6vdesi ile uzun \u00f6m\u00fcrl\u00fc ve korozyona kar\u015f\u0131 dayan\u0131kl\u0131<\/li>\n<li>\u00c7ift cidarl\u0131 vakum yal\u0131t\u0131m\u0131 sayesinde i\u00e7eceklerin s\u0131cakl\u0131\u011f\u0131n\u0131 ya da so\u011fuklu\u011funu saatlerce koruyabilir<\/li>\n<li>Ergonomik tasar\u0131m\u0131 ve mat y\u00fczeyi sayesinde ele rahat\u00e7a oturur ve kolay tutulur<\/li>\n<li>S\u0131zd\u0131rmaz kapak yap\u0131s\u0131 ile \u00e7antada veya seyahat s\u0131ras\u0131nda d\u00f6k\u00fclme riski minimumda tutulur<\/li>\n<\/ul>\n<\/section>\n<section data-wtai-block-id=\"wtai_product_description_benefits\" class=\"wtai-section wtai-benefits-section\">\n<h2>G\u00fcnl\u00fck Hayat\u0131n\u0131z\u0131 Kolayla\u015ft\u0131ran Faydalar<\/h2>\n<ul>\n<li>S\u0131cak i\u00e7eceklerin \u00e7abuk so\u011fumas\u0131 problemi ortadan kalkar; i\u00e7ece\u011finiz saatlerce istedi\u011finiz s\u0131cakl\u0131kta kal\u0131r<\/li>\n<li>\u0130\u00e7eceklerin \u00e7antan\u0131za ya da araban\u0131za d\u00f6k\u00fclmesi riski s\u0131zd\u0131rmaz kapak ile \u00e7\u00f6z\u00fclm\u00fc\u015f olur<\/li>\n<li>Pratik tasar\u0131m sayesinde ister masa ba\u015f\u0131nda ister d\u0131\u015far\u0131da kolayl\u0131kla kullan\u0131l\u0131r; ta\u015f\u0131nmas\u0131 zahmetsizdir<\/li>\n<li>BPA i\u00e7ermeyen yap\u0131s\u0131 sayesinde sa\u011fl\u0131kl\u0131 ve g\u00fcvenli kullan\u0131m sa\u011flar; g\u00fcnl\u00fck su t\u00fcketimini art\u0131rmaya destek olur<\/li>\n<\/ul>\n<\/section>\n<section data-wtai-block-id=\"wtai_product_description_technical_specifications\" class=\"wtai-section wtai-technical_specifications-section\">\n<h3>Detaylar<\/h3>\n<ul>\n<li><strong>Hacim:<\/strong> 500 ml<\/li>\n<li><strong>Malzeme:<\/strong> 18\/8 (304) paslanmaz \u00e7elik<\/li>\n<li><strong>Yal\u0131t\u0131m:<\/strong> \u00c7ift cidarl\u0131 vakum yal\u0131t\u0131m\u0131<\/li>\n<li><strong>Kapak:<\/strong> S\u0131zd\u0131rmaz, kayar kapakl\u0131 tasar\u0131m<\/li>\n<li><strong>Y\u00fczey:<\/strong> Mat, toz boyal\u0131 d\u0131\u015f kaplama<\/li>\n<li><strong>Bula\u015f\u0131k Makinesi Uyumu:<\/strong> Elde y\u0131kama \u00f6nerilir<\/li>\n<li><strong>A\u011f\u0131rl\u0131k:<\/strong> Yakla\u015f\u0131k 350 g<\/li>\n<li><strong>Boyutlar:<\/strong> Y\u00fckseklik 17 cm, \u00e7ap 8 cm<\/li>\n<\/ul>\n<\/section>\n<div data-wtai-block-id=\"wtai_product_description_image_1754224212429\" class=\"wtai-section wtai-image_1754224212429-section\">\n<figure class=\"wtai-image-p wtai-align-center\" style=\"text-align:center\"><img decoding=\"async\" src=\"https:\/\/demostore.ai\/wp-content\/uploads\/2025\/06\/Reusable-water-bottle-4-600x600.png\" alt=\"Ye\u015fil Aquaflask Termos Kupa, paslanmaz \u00e7elik kapakl\u0131 ve s\u0131zd\u0131rmaz tasar\u0131ml\u0131 \u00fcr\u00fcn g\u00f6rseli.\" srcset=\"https:\/\/demostore.ai\/wp-content\/uploads\/2025\/06\/Reusable-water-bottle-4.png 1000w, https:\/\/demostore.ai\/wp-content\/uploads\/2025\/06\/Reusable-water-bottle-4-300x300.png 300w, https:\/\/demostore.ai\/wp-content\/uploads\/2025\/06\/Reusable-water-bottle-4-150x150.png 150w, https:\/\/demostore.ai\/wp-content\/uploads\/2025\/06\/Reusable-water-bottle-4-768x768.png 768w, https:\/\/demostore.ai\/wp-content\/uploads\/2025\/06\/Reusable-water-bottle-4-600x600.png 600w, https:\/\/demostore.ai\/wp-content\/uploads\/2025\/06\/Reusable-water-bottle-4-250x250.png 250w\"><figcaption>\n<p>Sa\u011flam plastik kapak ve paslanmaz \u00e7elik kenar, s\u0131zd\u0131rmazl\u0131k ve g\u00fcven veren kullan\u0131m sa\u011flar.<\/p>\n<\/figcaption><\/figure>\n<\/p><\/div>\n<section data-wtai-block-id=\"wtai_product_description_faqs\" class=\"wtai-section wtai-faqs-section\">\n<h2>S\u0131k\u00e7a Sorulan Sorular<\/h2>\n<p><strong>Aquaflask Termos Kupa i\u00e7ece\u011fimi ne kadar s\u00fcre s\u0131cak veya so\u011fuk tutar?<\/strong> <br \/> \u00c7ift cidarl\u0131 vakum yal\u0131t\u0131m\u0131 sayesinde s\u0131cak i\u00e7ecekleri yakla\u015f\u0131k 12 saat, so\u011fuk i\u00e7ecekleri ise 24 saate kadar s\u0131cakl\u0131klar\u0131n\u0131 koruyabilir.<\/p>\n<p><strong>Bu termos kupan\u0131n kapa\u011f\u0131 tamamen s\u0131zd\u0131rmaz m\u0131?<\/strong> <br \/> Evet, \u00f6zel s\u0131zd\u0131rmaz kapak tasar\u0131m\u0131 sayesinde ta\u015f\u0131nma s\u0131ras\u0131nda d\u00f6k\u00fclme ve s\u0131zma riski minimumdur.<\/p>\n<p><strong>Bula\u015f\u0131k makinesinde y\u0131kanabilir mi?<\/strong> <br \/> \u00d6nerilen temizlik y\u00f6ntemi elde y\u0131kamad\u0131r ancak kayar kapakl\u0131 yap\u0131s\u0131 sayesinde temizli\u011fi olduk\u00e7a pratiktir.<\/p>\n<p><strong>G\u00f6vdede paslanmaz \u00e7elik d\u0131\u015f\u0131nda hangi malzemeler kullan\u0131lm\u0131\u015ft\u0131r?<\/strong> <br \/> Kapakta BPA i\u00e7ermeyen kaliteli plastik ve silikon contalar kullan\u0131lm\u0131\u015ft\u0131r; g\u00fcvenli kullan\u0131m sunar.<\/p>\n<p><strong>G\u00f6vde \u00fczerinde terleme veya damlama olur mu?<\/strong> <br \/> \u00c7ift cidarl\u0131 yap\u0131 sayesinde g\u00f6vde y\u00fczeyinde terleme ve damlama olu\u015fmaz; masa ve \u00e7anta gibi y\u00fczeyleri kuru tutar.<\/p>\n<\/section>\n<section data-wtai-block-id=\"wtai_product_description_conclusion\" class=\"wtai-section wtai-conclusion-section\">\n<h2>Aquaflask Termos Kupa ile G\u00fcn\u00fcn\u00fcz\u00fc Renklendirin<\/h2>\n<p><strong>Pratik tasar\u0131m\u0131 ve etkili yal\u0131t\u0131m\u0131yla Aquaflask Termos Kupa, hem i\u015fte hem de d\u0131\u015far\u0131da yan\u0131n\u0131zda olmay\u0131 kolayla\u015ft\u0131r\u0131r.<\/strong> <strong>Dayan\u0131kl\u0131 yap\u0131s\u0131 ve modern g\u00f6r\u00fcn\u00fcm\u00fc, uzun s\u00fcre g\u00fcvenle kullanabilece\u011finiz bir termos arayanlara hitap eder.<\/strong> <strong>\u0130\u00e7eceklerinizi diledi\u011finiz s\u0131cakl\u0131kta muhafaza etmenin keyfini bug\u00fcn ya\u015famaya ba\u015flay\u0131n; konforu ve kaliteyi ertelemeyin.<\/strong><\/p>\n<\/section>\n","protected":false},"excerpt":{"rendered":"<div data-wtai-block-id=\"wtai_excerpt_subtitle\" class=\"wtai-section wtai-subtitle-section\">\n<p><em><strong>Her Zaman Yan\u0131nda, Her Zaman Taze \u2013 Is\u0131y\u0131 Uzun S\u00fcre Koruyan G\u00fc\u00e7l\u00fc Termos Deneyimi.<\/strong><\/em><\/p>\n<\/p><\/div>\n<div data-wtai-block-id=\"wtai_excerpt_introduction\" class=\"wtai-section wtai-introduction-section\">\n<p>G\u00fcn boyu yo\u011fun tempoda hareket ederken, i\u00e7ece\u011finizin tazeli\u011fini korumak pek kolay de\u011fildir. Ak\u0131ll\u0131 tasar\u0131m\u0131 ve vakumlu yap\u0131s\u0131yla Aquaflask Termos Kupa, s\u0131cak ya da so\u011fuk i\u00e7eceklerinizi diledi\u011finiz an elinizin alt\u0131nda tutar. Modern ve sade g\u00f6r\u00fcn\u00fcm\u00fcyle dikkat \u00e7eken \u00fcr\u00fcn, hem ofiste hem d\u0131\u015far\u0131da tempo tutan herkes i\u00e7in g\u00fc\u00e7l\u00fc bir tamamlay\u0131c\u0131. Enerjinizin d\u00fc\u015ft\u00fc\u011f\u00fc anda bir yudum s\u0131cak kahve ya da buz gibi bir i\u00e7ecekle g\u00fcn\u00fcn\u00fcze ivme kazand\u0131r\u0131n; hareket halindeyken kontroll\u00fc, g\u00fcvenli ve \u015f\u0131k bir \u00e7\u00f6z\u00fcme sahip olun.<\/p>\n<\/p><\/div>\n","protected":false},"featured_media":23707,"comment_status":"open","ping_status":"closed","template":"","meta":[],"product_brand":[],"product_cat":[261],"product_tag":[],"class_list":{"0":"post-35531","1":"product","2":"type-product","3":"status-publish","4":"has-post-thumbnail","6":"product_cat-spor-ve-acik-hava","8":"first","9":"instock","10":"shipping-taxable","11":"purchasable","12":"product-type-variable"},"bundled_by":["244447"],"bundle_stock_status":"instock","bundle_stock_quantity":null,"bundle_virtual":false,"bundle_layout":"","bundle_add_to_cart_form_location":"","bundle_editable_in_cart":false,"bundle_sold_individually_context":"","bundle_item_grouping":"","bundle_min_size":"","bundle_max_size":"","bundle_price":[],"bundled_items":[],"bundle_sell_ids":[],"yoast_head":"<!-- This site is optimized with the Yoast SEO plugin v25.2 - https:\/\/yoast.com\/wordpress\/plugins\/seo\/ -->\n<title>Ke\u015ffet Aquaflask Termos Kupa \u0130le G\u00fcn\u00fcn Tad\u0131n\u0131 \u00c7\u0131kar<\/title>\n<meta name=\"description\" content=\"Sade mat ye\u015fil y\u00fczeyi ve dayan\u0131kl\u0131 paslanmaz \u00e7elikten g\u00f6vdesiyle Aquaflask Termos Kupa, i\u00e7eceklerinizi saatlerce taze tutar. S\u0131zd\u0131rmaz kapak ve \u00e7ift cidarl\u0131 yal\u0131t\u0131m sayesinde g\u00fcn boyu rahat kullan\u0131m sunar.\" \/>\n<meta name=\"robots\" content=\"index, follow, max-snippet:-1, max-image-preview:large, max-video-preview:-1\" \/>\n<link rel=\"canonical\" href=\"https:\/\/demostore.ai\/tr\/urun\/aquaflask-termos-kupa\/\" \/>\n<meta property=\"og:type\" content=\"article\" \/>\n<meta property=\"og:title\" content=\"Ke\u015ffet Aquaflask Termos Kupa \u0130le G\u00fcn\u00fcn Tad\u0131n\u0131 \u00c7\u0131kar\" \/>\n<meta property=\"og:description\" content=\"Sade ve \u015f\u0131k tasar\u0131ma sahip Aquaflask Termos Kupa, s\u0131cak ve so\u011fuk i\u00e7eceklerinizi uzun s\u00fcre korur. Dayan\u0131kl\u0131 paslanmaz \u00e7elik ve s\u0131zd\u0131rmaz kapa\u011f\u0131yla ofiste, seyahatte veya d\u0131\u015far\u0131da g\u00fcven sa\u011flar.\" \/>\n<meta property=\"og:url\" content=\"https:\/\/demostore.ai\/tr\/urun\/aquaflask-termos-kupa\/\" \/>\n<meta property=\"og:site_name\" content=\"Trendy Thread\" \/>\n<meta property=\"article:modified_time\" content=\"2026-02-19T05:37:02+00:00\" \/>\n<meta property=\"og:image\" content=\"https:\/\/demostore.ai\/wp-content\/uploads\/2025\/06\/Reusable-water-bottle-1.png\" \/>\n\t<meta property=\"og:image:width\" content=\"1000\" \/>\n\t<meta property=\"og:image:height\" content=\"1000\" \/>\n\t<meta property=\"og:image:type\" content=\"image\/png\" \/>\n<meta name=\"twitter:card\" content=\"summary_large_image\" \/>\n<meta name=\"twitter:title\" content=\"Ke\u015ffet Aquaflask Termos Kupa \u0130le G\u00fcn\u00fcn Tad\u0131n\u0131 \u00c7\u0131kar\" \/>\n<meta name=\"twitter:description\" content=\"Sade ve \u015f\u0131k tasar\u0131ma sahip Aquaflask Termos Kupa, s\u0131cak ve so\u011fuk i\u00e7eceklerinizi uzun s\u00fcre korur. Dayan\u0131kl\u0131 paslanmaz \u00e7elik ve s\u0131zd\u0131rmaz kapa\u011f\u0131yla ofiste, seyahatte veya d\u0131\u015far\u0131da g\u00fcven sa\u011flar.\" \/>\n<meta name=\"twitter:label1\" content=\"Tahmini okuma s\u00fcresi\" \/>\n\t<meta name=\"twitter:data1\" content=\"1 dakika\" \/>\n<script type=\"application\/ld+json\" class=\"yoast-schema-graph\">{\"@context\":\"https:\/\/schema.org\",\"@graph\":[{\"@type\":\"WebPage\",\"@id\":\"https:\/\/demostore.ai\/tr\/urun\/aquaflask-termos-kupa\/\",\"url\":\"https:\/\/demostore.ai\/tr\/urun\/aquaflask-termos-kupa\/\",\"name\":\"Ke\u015ffet Aquaflask Termos Kupa \u0130le G\u00fcn\u00fcn Tad\u0131n\u0131 \u00c7\u0131kar\",\"isPartOf\":{\"@id\":\"https:\/\/demostore.ai\/tr\/#website\"},\"primaryImageOfPage\":{\"@id\":\"https:\/\/demostore.ai\/tr\/urun\/aquaflask-termos-kupa\/#primaryimage\"},\"image\":{\"@id\":\"https:\/\/demostore.ai\/tr\/urun\/aquaflask-termos-kupa\/#primaryimage\"},\"thumbnailUrl\":\"https:\/\/demostore.ai\/wp-content\/uploads\/2025\/06\/Reusable-water-bottle-1.png\",\"datePublished\":\"2025-06-16T01:14:12+00:00\",\"dateModified\":\"2026-02-19T05:37:02+00:00\",\"description\":\"Sade mat ye\u015fil y\u00fczeyi ve dayan\u0131kl\u0131 paslanmaz \u00e7elikten g\u00f6vdesiyle Aquaflask Termos Kupa, i\u00e7eceklerinizi saatlerce taze tutar. S\u0131zd\u0131rmaz kapak ve \u00e7ift cidarl\u0131 yal\u0131t\u0131m sayesinde g\u00fcn boyu rahat kullan\u0131m sunar.\",\"breadcrumb\":{\"@id\":\"https:\/\/demostore.ai\/tr\/urun\/aquaflask-termos-kupa\/#breadcrumb\"},\"inLanguage\":\"tr\",\"potentialAction\":[{\"@type\":\"ReadAction\",\"target\":[\"https:\/\/demostore.ai\/tr\/urun\/aquaflask-termos-kupa\/\"]}]},{\"@type\":\"ImageObject\",\"inLanguage\":\"tr\",\"@id\":\"https:\/\/demostore.ai\/tr\/urun\/aquaflask-termos-kupa\/#primaryimage\",\"url\":\"https:\/\/demostore.ai\/wp-content\/uploads\/2025\/06\/Reusable-water-bottle-1.png\",\"contentUrl\":\"https:\/\/demostore.ai\/wp-content\/uploads\/2025\/06\/Reusable-water-bottle-1.png\",\"width\":1000,\"height\":1000,\"caption\":\"Ye\u015fil renkli, paslanmaz \u00e7elik kapakl\u0131 Aquaflask Termos Kupa \u00fcr\u00fcn g\u00f6rseli.\"},{\"@type\":\"BreadcrumbList\",\"@id\":\"https:\/\/demostore.ai\/tr\/urun\/aquaflask-termos-kupa\/#breadcrumb\",\"itemListElement\":[{\"@type\":\"ListItem\",\"position\":1,\"name\":\"Ana Sayfa\",\"item\":\"https:\/\/demostore.ai\/tr\/\"},{\"@type\":\"ListItem\",\"position\":2,\"name\":\"Ma\u011faza\",\"item\":\"https:\/\/demostore.ai\/tr\/magaza\/\"},{\"@type\":\"ListItem\",\"position\":3,\"name\":\"Aquaflask Termos Kupa\"}]},{\"@type\":\"WebSite\",\"@id\":\"https:\/\/demostore.ai\/tr\/#website\",\"url\":\"https:\/\/demostore.ai\/tr\/\",\"name\":\"Trendy Thread\",\"description\":\"WriteText.ai Demo Ma\u011fazas\u0131\",\"publisher\":{\"@id\":\"https:\/\/demostore.ai\/tr\/#organization\"},\"potentialAction\":[{\"@type\":\"SearchAction\",\"target\":{\"@type\":\"EntryPoint\",\"urlTemplate\":\"https:\/\/demostore.ai\/tr\/?s={search_term_string}\"},\"query-input\":{\"@type\":\"PropertyValueSpecification\",\"valueRequired\":true,\"valueName\":\"search_term_string\"}}],\"inLanguage\":\"tr\"},{\"@type\":\"Organization\",\"@id\":\"https:\/\/demostore.ai\/tr\/#organization\",\"name\":\"WriteText.ai\",\"url\":\"https:\/\/demostore.ai\/tr\/\",\"logo\":{\"@type\":\"ImageObject\",\"inLanguage\":\"tr\",\"@id\":\"https:\/\/demostore.ai\/tr\/#\/schema\/logo\/image\/\",\"url\":\"https:\/\/demostore.ai\/wp-content\/uploads\/2025\/10\/writetext_logo.webp\",\"contentUrl\":\"https:\/\/demostore.ai\/wp-content\/uploads\/2025\/10\/writetext_logo.webp\",\"width\":200,\"height\":34,\"caption\":\"WriteText.ai\"},\"image\":{\"@id\":\"https:\/\/demostore.ai\/tr\/#\/schema\/logo\/image\/\"}}]}<\/script>\n<!-- \/ Yoast SEO plugin. -->","yoast_head_json":{"title":"Ke\u015ffet Aquaflask Termos Kupa \u0130le G\u00fcn\u00fcn Tad\u0131n\u0131 \u00c7\u0131kar","description":"Sade mat ye\u015fil y\u00fczeyi ve dayan\u0131kl\u0131 paslanmaz \u00e7elikten g\u00f6vdesiyle Aquaflask Termos Kupa, i\u00e7eceklerinizi saatlerce taze tutar. S\u0131zd\u0131rmaz kapak ve \u00e7ift cidarl\u0131 yal\u0131t\u0131m sayesinde g\u00fcn boyu rahat kullan\u0131m sunar.","robots":{"index":"index","follow":"follow","max-snippet":"max-snippet:-1","max-image-preview":"max-image-preview:large","max-video-preview":"max-video-preview:-1"},"canonical":"https:\/\/demostore.ai\/tr\/urun\/aquaflask-termos-kupa\/","og_type":"article","og_title":"Ke\u015ffet Aquaflask Termos Kupa \u0130le G\u00fcn\u00fcn Tad\u0131n\u0131 \u00c7\u0131kar","og_description":"Sade ve \u015f\u0131k tasar\u0131ma sahip Aquaflask Termos Kupa, s\u0131cak ve so\u011fuk i\u00e7eceklerinizi uzun s\u00fcre korur. Dayan\u0131kl\u0131 paslanmaz \u00e7elik ve s\u0131zd\u0131rmaz kapa\u011f\u0131yla ofiste, seyahatte veya d\u0131\u015far\u0131da g\u00fcven sa\u011flar.","og_url":"https:\/\/demostore.ai\/tr\/urun\/aquaflask-termos-kupa\/","og_site_name":"Trendy Thread","article_modified_time":"2026-02-19T05:37:02+00:00","og_image":[{"width":1000,"height":1000,"url":"https:\/\/demostore.ai\/wp-content\/uploads\/2025\/06\/Reusable-water-bottle-1.png","type":"image\/png"}],"twitter_card":"summary_large_image","twitter_title":"Ke\u015ffet Aquaflask Termos Kupa \u0130le G\u00fcn\u00fcn Tad\u0131n\u0131 \u00c7\u0131kar","twitter_description":"Sade ve \u015f\u0131k tasar\u0131ma sahip Aquaflask Termos Kupa, s\u0131cak ve so\u011fuk i\u00e7eceklerinizi uzun s\u00fcre korur. Dayan\u0131kl\u0131 paslanmaz \u00e7elik ve s\u0131zd\u0131rmaz kapa\u011f\u0131yla ofiste, seyahatte veya d\u0131\u015far\u0131da g\u00fcven sa\u011flar.","twitter_misc":{"Tahmini okuma s\u00fcresi":"1 dakika"},"schema":{"@context":"https:\/\/schema.org","@graph":[{"@type":"WebPage","@id":"https:\/\/demostore.ai\/tr\/urun\/aquaflask-termos-kupa\/","url":"https:\/\/demostore.ai\/tr\/urun\/aquaflask-termos-kupa\/","name":"Ke\u015ffet Aquaflask Termos Kupa \u0130le G\u00fcn\u00fcn Tad\u0131n\u0131 \u00c7\u0131kar","isPartOf":{"@id":"https:\/\/demostore.ai\/tr\/#website"},"primaryImageOfPage":{"@id":"https:\/\/demostore.ai\/tr\/urun\/aquaflask-termos-kupa\/#primaryimage"},"image":{"@id":"https:\/\/demostore.ai\/tr\/urun\/aquaflask-termos-kupa\/#primaryimage"},"thumbnailUrl":"https:\/\/demostore.ai\/wp-content\/uploads\/2025\/06\/Reusable-water-bottle-1.png","datePublished":"2025-06-16T01:14:12+00:00","dateModified":"2026-02-19T05:37:02+00:00","description":"Sade mat ye\u015fil y\u00fczeyi ve dayan\u0131kl\u0131 paslanmaz \u00e7elikten g\u00f6vdesiyle Aquaflask Termos Kupa, i\u00e7eceklerinizi saatlerce taze tutar. S\u0131zd\u0131rmaz kapak ve \u00e7ift cidarl\u0131 yal\u0131t\u0131m sayesinde g\u00fcn boyu rahat kullan\u0131m sunar.","breadcrumb":{"@id":"https:\/\/demostore.ai\/tr\/urun\/aquaflask-termos-kupa\/#breadcrumb"},"inLanguage":"tr","potentialAction":[{"@type":"ReadAction","target":["https:\/\/demostore.ai\/tr\/urun\/aquaflask-termos-kupa\/"]}]},{"@type":"ImageObject","inLanguage":"tr","@id":"https:\/\/demostore.ai\/tr\/urun\/aquaflask-termos-kupa\/#primaryimage","url":"https:\/\/demostore.ai\/wp-content\/uploads\/2025\/06\/Reusable-water-bottle-1.png","contentUrl":"https:\/\/demostore.ai\/wp-content\/uploads\/2025\/06\/Reusable-water-bottle-1.png","width":1000,"height":1000,"caption":"Ye\u015fil renkli, paslanmaz \u00e7elik kapakl\u0131 Aquaflask Termos Kupa \u00fcr\u00fcn g\u00f6rseli."},{"@type":"BreadcrumbList","@id":"https:\/\/demostore.ai\/tr\/urun\/aquaflask-termos-kupa\/#breadcrumb","itemListElement":[{"@type":"ListItem","position":1,"name":"Ana Sayfa","item":"https:\/\/demostore.ai\/tr\/"},{"@type":"ListItem","position":2,"name":"Ma\u011faza","item":"https:\/\/demostore.ai\/tr\/magaza\/"},{"@type":"ListItem","position":3,"name":"Aquaflask Termos Kupa"}]},{"@type":"WebSite","@id":"https:\/\/demostore.ai\/tr\/#website","url":"https:\/\/demostore.ai\/tr\/","name":"Trendy Thread","description":"WriteText.ai Demo Ma\u011fazas\u0131","publisher":{"@id":"https:\/\/demostore.ai\/tr\/#organization"},"potentialAction":[{"@type":"SearchAction","target":{"@type":"EntryPoint","urlTemplate":"https:\/\/demostore.ai\/tr\/?s={search_term_string}"},"query-input":{"@type":"PropertyValueSpecification","valueRequired":true,"valueName":"search_term_string"}}],"inLanguage":"tr"},{"@type":"Organization","@id":"https:\/\/demostore.ai\/tr\/#organization","name":"WriteText.ai","url":"https:\/\/demostore.ai\/tr\/","logo":{"@type":"ImageObject","inLanguage":"tr","@id":"https:\/\/demostore.ai\/tr\/#\/schema\/logo\/image\/","url":"https:\/\/demostore.ai\/wp-content\/uploads\/2025\/10\/writetext_logo.webp","contentUrl":"https:\/\/demostore.ai\/wp-content\/uploads\/2025\/10\/writetext_logo.webp","width":200,"height":34,"caption":"WriteText.ai"},"image":{"@id":"https:\/\/demostore.ai\/tr\/#\/schema\/logo\/image\/"}}]}},"_links":{"self":[{"href":"https:\/\/demostore.ai\/tr\/wp-json\/wp\/v2\/product\/35531","targetHints":{"allow":["GET"]}}],"collection":[{"href":"https:\/\/demostore.ai\/tr\/wp-json\/wp\/v2\/product"}],"about":[{"href":"https:\/\/demostore.ai\/tr\/wp-json\/wp\/v2\/types\/product"}],"replies":[{"embeddable":true,"href":"https:\/\/demostore.ai\/tr\/wp-json\/wp\/v2\/comments?post=35531"}],"wp:featuredmedia":[{"embeddable":true,"href":"https:\/\/demostore.ai\/tr\/wp-json\/wp\/v2\/media\/23707"}],"wp:attachment":[{"href":"https:\/\/demostore.ai\/tr\/wp-json\/wp\/v2\/media?parent=35531"}],"wp:term":[{"taxonomy":"product_brand","embeddable":true,"href":"https:\/\/demostore.ai\/tr\/wp-json\/wp\/v2\/product_brand?post=35531"},{"taxonomy":"product_cat","embeddable":true,"href":"https:\/\/demostore.ai\/tr\/wp-json\/wp\/v2\/product_cat?post=35531"},{"taxonomy":"product_tag","embeddable":true,"href":"https:\/\/demostore.ai\/tr\/wp-json\/wp\/v2\/product_tag?post=35531"}],"curies":[{"name":"wp","href":"https:\/\/api.w.org\/{rel}","templated":true}]}}