{"id":35367,"date":"2025-07-28T06:55:59","date_gmt":"2025-07-27T22:55:59","guid":{"rendered":"https:\/\/demostore.ai\/?post_type=product&#038;p=35367"},"modified":"2026-02-19T10:47:36","modified_gmt":"2026-02-19T02:47:36","slug":"beyaz-altin-elmas-yuzuk","status":"publish","type":"product","link":"https:\/\/demostore.ai\/tr\/urun\/beyaz-altin-elmas-yuzuk\/","title":{"rendered":"Beyaz Alt\u0131n Elmas Y\u00fcz\u00fck"},"content":{"rendered":"<section data-wtai-block-id=\"wtai_product_description_features\" class=\"wtai-section wtai-features-section\">\n<h2>\u00dcr\u00fcn \u00d6zellikleri<\/h2>\n<ul>\n<li><strong>Malzeme:<\/strong> Beyaz alt\u0131n g\u00f6vde, klasik ve de\u011ferli g\u00f6r\u00fcn\u00fcm<\/li>\n<li><strong>Ta\u015f:<\/strong> Parlak elmas dizilimi ile \u015f\u0131k ve g\u00f6z al\u0131c\u0131 detaylar<\/li>\n<li><strong>Tasar\u0131m:<\/strong> Zarif ve ak\u0131c\u0131 hatlara sahip \u00e7ift bantl\u0131 stil<\/li>\n<li><strong>Y\u00fczey:<\/strong> Y\u00fcksek kaliteli parlat\u0131lm\u0131\u015f y\u00fczey, uzun s\u00fcreli \u0131\u015f\u0131lt\u0131<\/li>\n<li><strong>\u0130\u015f\u00e7ilik:<\/strong> Usta zanaatkarlar taraf\u0131ndan \u00f6zenle haz\u0131rlanm\u0131\u015f klasik form<\/li>\n<li><strong>Konfor:<\/strong> Rahat g\u00fcn boyu kullan\u0131m i\u00e7in optimize edilmi\u015f ergonomik yap\u0131<\/li>\n<\/ul>\n<\/section>\n<div data-wtai-block-id=\"wtai_product_description_image_1753853427907\" class=\"wtai-section wtai-image_1753853427907-section\">\n<figure class=\"wtai-image-p wtai-align-center\" style=\"text-align:center\"><img decoding=\"async\" src=\"https:\/\/demostore.ai\/wp-content\/uploads\/2025\/07\/2-Ring-in-White-Gold-with-Two-Layered-Diamond-5-600x131.png\" alt=\"Beyaz alt\u0131n ve p\u0131rlantalarla s\u00fcslenmi\u015f elmas y\u00fcz\u00fck, \u015f\u0131k ve zarif tasar\u0131m.\" srcset=\"https:\/\/demostore.ai\/wp-content\/uploads\/2025\/07\/2-Ring-in-White-Gold-with-Two-Layered-Diamond-5.png 1000w, https:\/\/demostore.ai\/wp-content\/uploads\/2025\/07\/2-Ring-in-White-Gold-with-Two-Layered-Diamond-5-300x66.png 300w, https:\/\/demostore.ai\/wp-content\/uploads\/2025\/07\/2-Ring-in-White-Gold-with-Two-Layered-Diamond-5-768x168.png 768w, https:\/\/demostore.ai\/wp-content\/uploads\/2025\/07\/2-Ring-in-White-Gold-with-Two-Layered-Diamond-5-600x131.png 600w\"><figcaption>\n<p>\u0130ki s\u0131ra p\u0131rlanta dizilimiyle klasik \u015f\u0131kl\u0131\u011f\u0131 ve modern \u0131\u015f\u0131lt\u0131y\u0131 bir arada sunuyor.<\/p>\n<\/figcaption><\/figure>\n<\/p><\/div>\n<section data-wtai-block-id=\"wtai_product_description_use_cases\" class=\"wtai-section wtai-use_cases-section\">\n<h2>Kullan\u0131m Alanlar\u0131 ve Stil \u00d6nerileri<\/h2>\n<ul>\n<li>\u00d6zel g\u00fcnlerde klasik elbiselerle sofistike bir dokunu\u015f sa\u011flar.<\/li>\n<li>G\u00fcnl\u00fck kombinlerde sade tak\u0131larla tek ba\u015f\u0131na \u00f6ne \u00e7\u0131kabilir.<\/li>\n<li>Gece davetlerinde di\u011fer beyaz alt\u0131n tak\u0131larla zarif bir uyum yakalar.<\/li>\n<li>Anlaml\u0131 bir hediye tercihi olarak duygusal mesajlar sunar.<\/li>\n<li>\u0130ster tek ba\u015f\u0131na ister ince alt\u0131n y\u00fcz\u00fcklerle kombinlenerek tarz yarat\u0131r.<\/li>\n<\/ul>\n<\/section>\n<section data-wtai-block-id=\"wtai_product_description_custom_1754204236758\" class=\"wtai-section wtai-custom_1754204236758-section\">\n<h2>Beyaz Alt\u0131n Elmas Y\u00fcz\u00fc\u011f\u00fcn Uygun Oldu\u011fu Anlar<\/h2>\n<ul>\n<li><strong>Evlilik teklifi<\/strong>: Hayat\u0131n\u0131za anlam katacak romantik bir ba\u015flang\u0131\u00e7 i\u00e7in.<\/li>\n<li><strong>Y\u0131ld\u00f6n\u00fcm\u00fc kutlamas\u0131<\/strong>: Unutulmaz birlikteliklerin \u00f6zel simgesi olarak.<\/li>\n<li><strong>Do\u011fum g\u00fcn\u00fc hediyesi<\/strong>: Sevdiklerinizi \u015fa\u015f\u0131rtmak ve de\u011fer verdi\u011finizi hissettirmek i\u00e7in.<\/li>\n<li><strong>\u00d6zel davetler<\/strong>: \u015e\u0131k ve klasik tarz\u0131n\u0131zla g\u00f6z kama\u015ft\u0131rmak istedi\u011finiz ak\u015famlarda.<\/li>\n<li><strong>Ki\u015fisel ba\u015far\u0131lar\u0131n kutlan\u0131\u015f\u0131<\/strong>: Mezuniyet, terfi veya yeni bir ba\u015flang\u0131c\u0131 ta\u00e7land\u0131rmak i\u00e7in.<\/li>\n<li><strong>G\u00fcnl\u00fck stilinizi tamamlamak<\/strong>: Zarif par\u0131lt\u0131s\u0131yla g\u00fcndelik kombinlerinize farkl\u0131l\u0131k katmak i\u00e7in.<\/li>\n<\/ul>\n<\/section>\n<section data-wtai-block-id=\"wtai_product_description_custom_1753164383380\" class=\"wtai-section wtai-custom_1753164383380-section\">\n<h3>Beyaz Alt\u0131n Elmas Y\u00fcz\u00fc\u011f\u00fcn\u00fcz\u00fc Uzun \u00d6m\u00fcrl\u00fc Kullanmak \u0130\u00e7in \u0130pu\u00e7lar\u0131<\/h3>\n<ul>\n<li>Y\u00fcz\u00fc\u011f\u00fcn\u00fcz\u00fc d\u00fczenli aral\u0131klarla nazik\u00e7e \u0131l\u0131k su ve sabunla temizleyin, yumu\u015fak bir bezle kurulayarak parlakl\u0131\u011f\u0131n\u0131 koruyun.<\/li>\n<li>G\u00fcnl\u00fck kozmetik \u00fcr\u00fcnlerden, sert kimyasallardan ve a\u015f\u0131r\u0131 temastan uzak tutun; bak\u0131m s\u0131ras\u0131nda y\u00fcz\u00fc\u011f\u00fcn\u00fcz\u00fc \u00e7\u0131kar\u0131n.<\/li>\n<li>Kendi kutusunda ya da yumu\u015fak dokulu ayr\u0131 bir alan i\u00e7inde saklayarak \u00e7izik ve darbelere kar\u015f\u0131 koruyun.<\/li>\n<\/ul>\n<\/section>\n<div data-wtai-block-id=\"wtai_product_description_image_1753853450366\" class=\"wtai-section wtai-image_1753853450366-section\">\n<figure class=\"wtai-image-p wtai-align-center\" style=\"text-align:center\"><img decoding=\"async\" src=\"https:\/\/demostore.ai\/wp-content\/uploads\/2025\/07\/4-Ring-in-White-Gold-with-Two-Layered-Diamond-2-600x373.png\" alt=\"Beyaz alt\u0131n g\u00f6vdeli elmas y\u00fcz\u00fc\u011f\u00fcn yak\u0131n \u00e7ekim yan profili, detayl\u0131 i\u015f\u00e7ilik vurgulan\u0131yor.\" srcset=\"https:\/\/demostore.ai\/wp-content\/uploads\/2025\/07\/4-Ring-in-White-Gold-with-Two-Layered-Diamond-2.png 1000w, https:\/\/demostore.ai\/wp-content\/uploads\/2025\/07\/4-Ring-in-White-Gold-with-Two-Layered-Diamond-2-300x186.png 300w, https:\/\/demostore.ai\/wp-content\/uploads\/2025\/07\/4-Ring-in-White-Gold-with-Two-Layered-Diamond-2-768x477.png 768w, https:\/\/demostore.ai\/wp-content\/uploads\/2025\/07\/4-Ring-in-White-Gold-with-Two-Layered-Diamond-2-600x373.png 600w\"><figcaption>\n<p>Yuvarlak hatlar\u0131 ve detayl\u0131 i\u015f\u00e7ili\u011fiyle zamans\u0131z bir zarafet sergiliyor.<\/p>\n<\/figcaption><\/figure>\n<\/p><\/div>\n<section data-wtai-block-id=\"wtai_product_description_faqs\" class=\"wtai-section wtai-faqs-section\">\n<h2>S\u0131k\u00e7a Sorulan Sorular<\/h2>\n<p><strong>Y\u00fcz\u00fc\u011f\u00fcn malzemesi nedir?<\/strong> <br \/> \u00dcr\u00fcn dayan\u0131kl\u0131 ve zarif beyaz alt\u0131ndan \u00fcretilmi\u015ftir.<\/p>\n<p><strong>Elmas ta\u015flar kolayca \u00e7\u0131kar m\u0131?<\/strong> <br \/> Ta\u015flar g\u00fcvenli \u015fekilde monte edildi\u011fi i\u00e7in g\u00fcnl\u00fck kullan\u0131ma uygundur.<\/p>\n<p><strong>Y\u00fcz\u00fc\u011f\u00fc nas\u0131l muhafaza etmeliyim?<\/strong> <br \/> Kuru ve yumu\u015fak bir kutuda saklayarak \u0131\u015f\u0131lt\u0131s\u0131n\u0131 uzun s\u00fcre koruyabilirsiniz.<\/p>\n<p><strong>Hediye olarak uygun mudur?<\/strong> <br \/> Klasik ve anlaml\u0131 tasar\u0131m\u0131 ile de\u011ferli bir hediye se\u00e7ene\u011fidir.<\/p>\n<\/section>\n<section data-wtai-block-id=\"wtai_product_description_conclusion\" class=\"wtai-section wtai-conclusion-section\">\n<h2>\u015e\u0131kl\u0131\u011f\u0131n\u0131z\u0131 Tamamlay\u0131n<\/h2>\n<p><strong>Klasik ve zamans\u0131z detaylara sahip Beyaz Alt\u0131n Elmas Y\u00fcz\u00fck, her an\u0131n\u0131za de\u011fer katar. Zarif tasar\u0131m\u0131, hem \u00f6zel g\u00fcnlerde hem g\u00fcnl\u00fck kullan\u0131mda e\u015fsiz bir \u015f\u0131kl\u0131k sunar.<\/strong> <strong>Kendinizi veya sevdiklerinizi mutlu etmek i\u00e7in bug\u00fcnden vazge\u00e7ilmez par\u00e7an\u0131z olacak bu y\u00fcz\u00fc\u011f\u00fc tercih edin. \u015eimdi zaman\u0131, \u0131\u015f\u0131lt\u0131n\u0131z\u0131 ortaya \u00e7\u0131kar\u0131n.<\/strong><\/p>\n<\/section>\n","protected":false},"excerpt":{"rendered":"<div data-wtai-block-id=\"wtai_excerpt_subtitle\" class=\"wtai-section wtai-subtitle-section\">\n<p><em><strong>Zarafetin ve \u0131\u015f\u0131\u011f\u0131n zarif bulu\u015fmas\u0131, kal\u0131c\u0131 bir izlenim b\u0131rak\u0131r.<\/strong><\/em><\/p>\n<\/p><\/div>\n<div data-wtai-block-id=\"wtai_excerpt_introduction\" class=\"wtai-section wtai-introduction-section\">\n<p>Bazen bir detay, t\u00fcm bak\u0131\u015flar\u0131 \u00fczerinde toplar. Beyaz alt\u0131n\u0131n asaletini, elmas\u0131n saf \u0131\u015f\u0131lt\u0131s\u0131yla bulu\u015fturan bu klasik y\u00fcz\u00fck, her d\u00f6neme uygun zamans\u0131z bir \u015f\u0131kl\u0131k sunar. \u0130nce k\u0131vr\u0131mlar\u0131 ve g\u00f6z al\u0131c\u0131 ta\u015f dizilimiyle birlikte, sizi \u00f6zel hissettirmek i\u00e7in tasarland\u0131. Hayat\u0131n anlaml\u0131 anlar\u0131na e\u015flik eden bu zarif par\u00e7a, ki\u015fisel hikayenizin en de\u011ferli tamamlay\u0131c\u0131s\u0131 olmaya aday.<\/p>\n<\/p><\/div>\n","protected":false},"featured_media":33224,"comment_status":"open","ping_status":"closed","template":"","meta":[],"product_brand":[],"product_cat":[316],"product_tag":[],"class_list":{"0":"post-35367","1":"product","2":"type-product","3":"status-publish","4":"has-post-thumbnail","6":"product_cat-takilar","8":"first","9":"instock","10":"shipping-taxable","11":"purchasable","12":"product-type-simple"},"bundled_by":[],"bundle_stock_status":"instock","bundle_stock_quantity":null,"bundle_virtual":false,"bundle_layout":"","bundle_add_to_cart_form_location":"","bundle_editable_in_cart":false,"bundle_sold_individually_context":"","bundle_item_grouping":"","bundle_min_size":"","bundle_max_size":"","bundle_price":[],"bundled_items":[],"bundle_sell_ids":[],"yoast_head":"<!-- This site is optimized with the Yoast SEO plugin v25.2 - https:\/\/yoast.com\/wordpress\/plugins\/seo\/ -->\n<title>Buy Beyaz Alt\u0131n Elmas Y\u00fcz\u00fck ile Zamans\u0131z Zarafeti Yakalay\u0131n<\/title>\n<meta name=\"description\" content=\"Narin beyaz alt\u0131n g\u00f6vdesi ve parlak elmas dizilimiyle klasik \u015f\u0131kl\u0131k. Her an\u0131n\u0131zda zarafet ve g\u00f6z al\u0131c\u0131 bir dokunu\u015f i\u00e7in ideal y\u00fcz\u00fck.\" \/>\n<meta name=\"robots\" content=\"index, follow, max-snippet:-1, max-image-preview:large, max-video-preview:-1\" \/>\n<link rel=\"canonical\" href=\"https:\/\/demostore.ai\/tr\/urun\/beyaz-altin-elmas-yuzuk\/\" \/>\n<meta property=\"og:type\" content=\"article\" \/>\n<meta property=\"og:title\" content=\"Buy Beyaz Alt\u0131n Elmas Y\u00fcz\u00fck ile Zamans\u0131z Zarafeti Yakalay\u0131n\" \/>\n<meta property=\"og:description\" content=\"Zarif beyaz alt\u0131n ve \u0131\u015f\u0131lt\u0131l\u0131 elmaslar\u0131n birle\u015fimiyle klasik bir \u015f\u0131kl\u0131k. Hem g\u00fcnl\u00fck hem \u00f6zel anlarda kullan\u0131ma uygun, anlaml\u0131 ve g\u00f6z al\u0131c\u0131 y\u00fcz\u00fck.\" \/>\n<meta property=\"og:url\" content=\"https:\/\/demostore.ai\/tr\/urun\/beyaz-altin-elmas-yuzuk\/\" \/>\n<meta property=\"og:site_name\" content=\"Trendy Thread\" \/>\n<meta property=\"article:modified_time\" content=\"2026-02-19T02:47:36+00:00\" \/>\n<meta property=\"og:image\" content=\"https:\/\/demostore.ai\/wp-content\/uploads\/2025\/07\/1-Ring-in-White-Gold-with-Two-Layered-Diamond-6.png\" \/>\n\t<meta property=\"og:image:width\" content=\"1000\" \/>\n\t<meta property=\"og:image:height\" content=\"221\" \/>\n\t<meta property=\"og:image:type\" content=\"image\/png\" \/>\n<meta name=\"twitter:card\" content=\"summary_large_image\" \/>\n<meta name=\"twitter:title\" content=\"Buy Beyaz Alt\u0131n Elmas Y\u00fcz\u00fck ile Zamans\u0131z Zarafeti Yakalay\u0131n\" \/>\n<meta name=\"twitter:description\" content=\"Zarif beyaz alt\u0131n ve \u0131\u015f\u0131lt\u0131l\u0131 elmaslar\u0131n birle\u015fimiyle klasik bir \u015f\u0131kl\u0131k. Hem g\u00fcnl\u00fck hem \u00f6zel anlarda kullan\u0131ma uygun, anlaml\u0131 ve g\u00f6z al\u0131c\u0131 y\u00fcz\u00fck.\" \/>\n<meta name=\"twitter:label1\" content=\"Tahmini okuma s\u00fcresi\" \/>\n\t<meta name=\"twitter:data1\" content=\"1 dakika\" \/>\n<script type=\"application\/ld+json\" class=\"yoast-schema-graph\">{\"@context\":\"https:\/\/schema.org\",\"@graph\":[{\"@type\":\"WebPage\",\"@id\":\"https:\/\/demostore.ai\/tr\/urun\/beyaz-altin-elmas-yuzuk\/\",\"url\":\"https:\/\/demostore.ai\/tr\/urun\/beyaz-altin-elmas-yuzuk\/\",\"name\":\"Buy Beyaz Alt\u0131n Elmas Y\u00fcz\u00fck ile Zamans\u0131z Zarafeti Yakalay\u0131n\",\"isPartOf\":{\"@id\":\"https:\/\/demostore.ai\/tr\/#website\"},\"primaryImageOfPage\":{\"@id\":\"https:\/\/demostore.ai\/tr\/urun\/beyaz-altin-elmas-yuzuk\/#primaryimage\"},\"image\":{\"@id\":\"https:\/\/demostore.ai\/tr\/urun\/beyaz-altin-elmas-yuzuk\/#primaryimage\"},\"thumbnailUrl\":\"https:\/\/demostore.ai\/wp-content\/uploads\/2025\/07\/1-Ring-in-White-Gold-with-Two-Layered-Diamond-6.png\",\"datePublished\":\"2025-07-27T22:55:59+00:00\",\"dateModified\":\"2026-02-19T02:47:36+00:00\",\"description\":\"Narin beyaz alt\u0131n g\u00f6vdesi ve parlak elmas dizilimiyle klasik \u015f\u0131kl\u0131k. Her an\u0131n\u0131zda zarafet ve g\u00f6z al\u0131c\u0131 bir dokunu\u015f i\u00e7in ideal y\u00fcz\u00fck.\",\"breadcrumb\":{\"@id\":\"https:\/\/demostore.ai\/tr\/urun\/beyaz-altin-elmas-yuzuk\/#breadcrumb\"},\"inLanguage\":\"tr\",\"potentialAction\":[{\"@type\":\"ReadAction\",\"target\":[\"https:\/\/demostore.ai\/tr\/urun\/beyaz-altin-elmas-yuzuk\/\"]}]},{\"@type\":\"ImageObject\",\"inLanguage\":\"tr\",\"@id\":\"https:\/\/demostore.ai\/tr\/urun\/beyaz-altin-elmas-yuzuk\/#primaryimage\",\"url\":\"https:\/\/demostore.ai\/wp-content\/uploads\/2025\/07\/1-Ring-in-White-Gold-with-Two-Layered-Diamond-6.png\",\"contentUrl\":\"https:\/\/demostore.ai\/wp-content\/uploads\/2025\/07\/1-Ring-in-White-Gold-with-Two-Layered-Diamond-6.png\",\"width\":1000,\"height\":221,\"caption\":\"Beyaz alt\u0131n, \u00fczeri elmas ta\u015fl\u0131 \u015f\u0131k y\u00fcz\u00fck \u00fcr\u00fcn g\u00f6rseli\"},{\"@type\":\"BreadcrumbList\",\"@id\":\"https:\/\/demostore.ai\/tr\/urun\/beyaz-altin-elmas-yuzuk\/#breadcrumb\",\"itemListElement\":[{\"@type\":\"ListItem\",\"position\":1,\"name\":\"Ana Sayfa\",\"item\":\"https:\/\/demostore.ai\/tr\/\"},{\"@type\":\"ListItem\",\"position\":2,\"name\":\"Ma\u011faza\",\"item\":\"https:\/\/demostore.ai\/tr\/magaza\/\"},{\"@type\":\"ListItem\",\"position\":3,\"name\":\"Beyaz Alt\u0131n Elmas Y\u00fcz\u00fck\"}]},{\"@type\":\"WebSite\",\"@id\":\"https:\/\/demostore.ai\/tr\/#website\",\"url\":\"https:\/\/demostore.ai\/tr\/\",\"name\":\"Trendy Thread\",\"description\":\"WriteText.ai Demo Ma\u011fazas\u0131\",\"publisher\":{\"@id\":\"https:\/\/demostore.ai\/tr\/#organization\"},\"potentialAction\":[{\"@type\":\"SearchAction\",\"target\":{\"@type\":\"EntryPoint\",\"urlTemplate\":\"https:\/\/demostore.ai\/tr\/?s={search_term_string}\"},\"query-input\":{\"@type\":\"PropertyValueSpecification\",\"valueRequired\":true,\"valueName\":\"search_term_string\"}}],\"inLanguage\":\"tr\"},{\"@type\":\"Organization\",\"@id\":\"https:\/\/demostore.ai\/tr\/#organization\",\"name\":\"WriteText.ai\",\"url\":\"https:\/\/demostore.ai\/tr\/\",\"logo\":{\"@type\":\"ImageObject\",\"inLanguage\":\"tr\",\"@id\":\"https:\/\/demostore.ai\/tr\/#\/schema\/logo\/image\/\",\"url\":\"https:\/\/demostore.ai\/wp-content\/uploads\/2025\/10\/writetext_logo.webp\",\"contentUrl\":\"https:\/\/demostore.ai\/wp-content\/uploads\/2025\/10\/writetext_logo.webp\",\"width\":200,\"height\":34,\"caption\":\"WriteText.ai\"},\"image\":{\"@id\":\"https:\/\/demostore.ai\/tr\/#\/schema\/logo\/image\/\"}}]}<\/script>\n<!-- \/ Yoast SEO plugin. -->","yoast_head_json":{"title":"Buy Beyaz Alt\u0131n Elmas Y\u00fcz\u00fck ile Zamans\u0131z Zarafeti Yakalay\u0131n","description":"Narin beyaz alt\u0131n g\u00f6vdesi ve parlak elmas dizilimiyle klasik \u015f\u0131kl\u0131k. Her an\u0131n\u0131zda zarafet ve g\u00f6z al\u0131c\u0131 bir dokunu\u015f i\u00e7in ideal y\u00fcz\u00fck.","robots":{"index":"index","follow":"follow","max-snippet":"max-snippet:-1","max-image-preview":"max-image-preview:large","max-video-preview":"max-video-preview:-1"},"canonical":"https:\/\/demostore.ai\/tr\/urun\/beyaz-altin-elmas-yuzuk\/","og_type":"article","og_title":"Buy Beyaz Alt\u0131n Elmas Y\u00fcz\u00fck ile Zamans\u0131z Zarafeti Yakalay\u0131n","og_description":"Zarif beyaz alt\u0131n ve \u0131\u015f\u0131lt\u0131l\u0131 elmaslar\u0131n birle\u015fimiyle klasik bir \u015f\u0131kl\u0131k. Hem g\u00fcnl\u00fck hem \u00f6zel anlarda kullan\u0131ma uygun, anlaml\u0131 ve g\u00f6z al\u0131c\u0131 y\u00fcz\u00fck.","og_url":"https:\/\/demostore.ai\/tr\/urun\/beyaz-altin-elmas-yuzuk\/","og_site_name":"Trendy Thread","article_modified_time":"2026-02-19T02:47:36+00:00","og_image":[{"width":1000,"height":221,"url":"https:\/\/demostore.ai\/wp-content\/uploads\/2025\/07\/1-Ring-in-White-Gold-with-Two-Layered-Diamond-6.png","type":"image\/png"}],"twitter_card":"summary_large_image","twitter_title":"Buy Beyaz Alt\u0131n Elmas Y\u00fcz\u00fck ile Zamans\u0131z Zarafeti Yakalay\u0131n","twitter_description":"Zarif beyaz alt\u0131n ve \u0131\u015f\u0131lt\u0131l\u0131 elmaslar\u0131n birle\u015fimiyle klasik bir \u015f\u0131kl\u0131k. Hem g\u00fcnl\u00fck hem \u00f6zel anlarda kullan\u0131ma uygun, anlaml\u0131 ve g\u00f6z al\u0131c\u0131 y\u00fcz\u00fck.","twitter_misc":{"Tahmini okuma s\u00fcresi":"1 dakika"},"schema":{"@context":"https:\/\/schema.org","@graph":[{"@type":"WebPage","@id":"https:\/\/demostore.ai\/tr\/urun\/beyaz-altin-elmas-yuzuk\/","url":"https:\/\/demostore.ai\/tr\/urun\/beyaz-altin-elmas-yuzuk\/","name":"Buy Beyaz Alt\u0131n Elmas Y\u00fcz\u00fck ile Zamans\u0131z Zarafeti Yakalay\u0131n","isPartOf":{"@id":"https:\/\/demostore.ai\/tr\/#website"},"primaryImageOfPage":{"@id":"https:\/\/demostore.ai\/tr\/urun\/beyaz-altin-elmas-yuzuk\/#primaryimage"},"image":{"@id":"https:\/\/demostore.ai\/tr\/urun\/beyaz-altin-elmas-yuzuk\/#primaryimage"},"thumbnailUrl":"https:\/\/demostore.ai\/wp-content\/uploads\/2025\/07\/1-Ring-in-White-Gold-with-Two-Layered-Diamond-6.png","datePublished":"2025-07-27T22:55:59+00:00","dateModified":"2026-02-19T02:47:36+00:00","description":"Narin beyaz alt\u0131n g\u00f6vdesi ve parlak elmas dizilimiyle klasik \u015f\u0131kl\u0131k. Her an\u0131n\u0131zda zarafet ve g\u00f6z al\u0131c\u0131 bir dokunu\u015f i\u00e7in ideal y\u00fcz\u00fck.","breadcrumb":{"@id":"https:\/\/demostore.ai\/tr\/urun\/beyaz-altin-elmas-yuzuk\/#breadcrumb"},"inLanguage":"tr","potentialAction":[{"@type":"ReadAction","target":["https:\/\/demostore.ai\/tr\/urun\/beyaz-altin-elmas-yuzuk\/"]}]},{"@type":"ImageObject","inLanguage":"tr","@id":"https:\/\/demostore.ai\/tr\/urun\/beyaz-altin-elmas-yuzuk\/#primaryimage","url":"https:\/\/demostore.ai\/wp-content\/uploads\/2025\/07\/1-Ring-in-White-Gold-with-Two-Layered-Diamond-6.png","contentUrl":"https:\/\/demostore.ai\/wp-content\/uploads\/2025\/07\/1-Ring-in-White-Gold-with-Two-Layered-Diamond-6.png","width":1000,"height":221,"caption":"Beyaz alt\u0131n, \u00fczeri elmas ta\u015fl\u0131 \u015f\u0131k y\u00fcz\u00fck \u00fcr\u00fcn g\u00f6rseli"},{"@type":"BreadcrumbList","@id":"https:\/\/demostore.ai\/tr\/urun\/beyaz-altin-elmas-yuzuk\/#breadcrumb","itemListElement":[{"@type":"ListItem","position":1,"name":"Ana Sayfa","item":"https:\/\/demostore.ai\/tr\/"},{"@type":"ListItem","position":2,"name":"Ma\u011faza","item":"https:\/\/demostore.ai\/tr\/magaza\/"},{"@type":"ListItem","position":3,"name":"Beyaz Alt\u0131n Elmas Y\u00fcz\u00fck"}]},{"@type":"WebSite","@id":"https:\/\/demostore.ai\/tr\/#website","url":"https:\/\/demostore.ai\/tr\/","name":"Trendy Thread","description":"WriteText.ai Demo Ma\u011fazas\u0131","publisher":{"@id":"https:\/\/demostore.ai\/tr\/#organization"},"potentialAction":[{"@type":"SearchAction","target":{"@type":"EntryPoint","urlTemplate":"https:\/\/demostore.ai\/tr\/?s={search_term_string}"},"query-input":{"@type":"PropertyValueSpecification","valueRequired":true,"valueName":"search_term_string"}}],"inLanguage":"tr"},{"@type":"Organization","@id":"https:\/\/demostore.ai\/tr\/#organization","name":"WriteText.ai","url":"https:\/\/demostore.ai\/tr\/","logo":{"@type":"ImageObject","inLanguage":"tr","@id":"https:\/\/demostore.ai\/tr\/#\/schema\/logo\/image\/","url":"https:\/\/demostore.ai\/wp-content\/uploads\/2025\/10\/writetext_logo.webp","contentUrl":"https:\/\/demostore.ai\/wp-content\/uploads\/2025\/10\/writetext_logo.webp","width":200,"height":34,"caption":"WriteText.ai"},"image":{"@id":"https:\/\/demostore.ai\/tr\/#\/schema\/logo\/image\/"}}]}},"_links":{"self":[{"href":"https:\/\/demostore.ai\/tr\/wp-json\/wp\/v2\/product\/35367","targetHints":{"allow":["GET"]}}],"collection":[{"href":"https:\/\/demostore.ai\/tr\/wp-json\/wp\/v2\/product"}],"about":[{"href":"https:\/\/demostore.ai\/tr\/wp-json\/wp\/v2\/types\/product"}],"replies":[{"embeddable":true,"href":"https:\/\/demostore.ai\/tr\/wp-json\/wp\/v2\/comments?post=35367"}],"wp:featuredmedia":[{"embeddable":true,"href":"https:\/\/demostore.ai\/tr\/wp-json\/wp\/v2\/media\/33224"}],"wp:attachment":[{"href":"https:\/\/demostore.ai\/tr\/wp-json\/wp\/v2\/media?parent=35367"}],"wp:term":[{"taxonomy":"product_brand","embeddable":true,"href":"https:\/\/demostore.ai\/tr\/wp-json\/wp\/v2\/product_brand?post=35367"},{"taxonomy":"product_cat","embeddable":true,"href":"https:\/\/demostore.ai\/tr\/wp-json\/wp\/v2\/product_cat?post=35367"},{"taxonomy":"product_tag","embeddable":true,"href":"https:\/\/demostore.ai\/tr\/wp-json\/wp\/v2\/product_tag?post=35367"}],"curies":[{"name":"wp","href":"https:\/\/api.w.org\/{rel}","templated":true}]}}