{"id":248993,"date":"2026-04-13T15:19:02","date_gmt":"2026-04-13T07:19:02","guid":{"rendered":"https:\/\/demostore.ai\/product\/home-office-starter-bundle\/"},"modified":"2026-04-28T18:03:01","modified_gmt":"2026-04-28T10:03:01","slug":"zacetni-paket-za-domaco-pisarno","status":"publish","type":"product","link":"https:\/\/demostore.ai\/sl\/izdelek\/zacetni-paket-za-domaco-pisarno\/","title":{"rendered":"Za\u010detni paket za doma\u010do pisarno"},"content":{"rendered":"<section class=\"wtai-section wtai-features-section\" data-wtai-block-id=\"wtai_product_description_features\">\n<h2>All-in-One Workspace Features<\/h2>\n<ul>\n<li>Seamless setup with coordinated desk, task chair, monitor, and wireless keyboard for an instant, complete workspace that enhances productivity from day one.<\/li>\n<li>Contemporary design with a neutral wood desk surface, black steel legs, and sleek mesh-backed office chair blends effortlessly into any room or home office setting.<\/li>\n<li>Ergonomic support provided by the breathable mesh task chair and adjustable table height, helping to reduce fatigue and promote comfort during long work sessions.<\/li>\n<li>Crisp full HD visuals and wide-angle viewing with the Samsung Essential S3 24&#8243; IPS monitor for clear, vibrant on-screen experiences whether working or streaming.<\/li>\n<li>Wireless convenience offered by the Logitech K400 keyboard with built-in touchpad, allowing clutter-free operation and easy typing from anywhere in your workspace.<\/li>\n<li>Optimized cable management with desktop grommet and streamlined layout keeps cords tidy, supporting a distraction-free and organized environment.<\/li>\n<\/ul>\n<\/section>\n<div class=\"wtai-section wtai-image_1754207315479-section\" data-wtai-block-id=\"wtai_product_description_image_1754207315479\">\n<figure class=\"wtai-image-p wtai-align-center\" style=\"text-align: center;\"><img decoding=\"async\" src=\"https:\/\/demostore.ai\/wp-content\/uploads\/2025\/06\/Chair-2-600x909.png\" srcset=\"https:\/\/demostore.ai\/wp-content\/uploads\/2025\/06\/Chair-2.png 660w, https:\/\/demostore.ai\/wp-content\/uploads\/2025\/06\/Chair-2-198x300.png 198w, https:\/\/demostore.ai\/wp-content\/uploads\/2025\/06\/Chair-2-600x909.png 600w\" alt=\"Ergonomic office chair, ideal addition to a desk with monitor stand in a home office starter bundle setup.\" \/><figcaption>Breathable mesh backing and curved arms make this task chair set both supportive and inviting.<\/p>\n<\/figcaption><\/figure>\n<\/div>\n<section class=\"wtai-section wtai-technical_specifications-section\" data-wtai-block-id=\"wtai_product_description_technical_specifications\">\n<h2>Details<\/h2>\n<ul>\n<li>Desk dimensions: 47.24&#8243; W \u00d7 23.62&#8243; D \u00d7 29.53&#8243; H<\/li>\n<li>Chair adjustability: Height, tilt tension, and seat depth adjustable<\/li>\n<li>Monitor specs: 24&#8243; Full HD (1920 \u00d7 1080), IPS, 75Hz, HDMI input<\/li>\n<li>Keyboard range: Wireless up to 33 ft<\/li>\n<\/ul>\n<\/section>\n<div class=\"wtai-section wtai-image_1754207334585-section\" data-wtai-block-id=\"wtai_product_description_image_1754207334585\">\n<figure class=\"wtai-image-p wtai-align-center\" style=\"text-align: center;\"><img decoding=\"async\" src=\"https:\/\/demostore.ai\/wp-content\/uploads\/2025\/07\/monitor-01-600x491.png\" srcset=\"https:\/\/demostore.ai\/wp-content\/uploads\/2025\/07\/monitor-01.png 1000w, https:\/\/demostore.ai\/wp-content\/uploads\/2025\/07\/monitor-01-300x245.png 300w, https:\/\/demostore.ai\/wp-content\/uploads\/2025\/07\/monitor-01-768x628.png 768w, https:\/\/demostore.ai\/wp-content\/uploads\/2025\/07\/monitor-01-600x491.png 600w\" alt=\"Modern desk with monitor stand, featuring a widescreen display showing a mountain lake landscape.\" \/><figcaption>Crisp, vibrant visuals and sleek lines to complement any desk with monitor stand in your workspace.<\/p>\n<\/figcaption><\/figure>\n<\/div>\n<section class=\"wtai-section wtai-use_cases-section\" data-wtai-block-id=\"wtai_product_description_use_cases\">\n<h2>Where This Bundle Excels<\/h2>\n<ul>\n<li><strong>Remote work upgrade<\/strong>: Transform your living room, guest space, or spare corner into a functional office with everything you need in one move.<\/li>\n<li><strong>Student study solution<\/strong>: Create an inspiring place to focus for online learning, homework, or creative projects with this all-inclusive starter pack.<\/li>\n<li><strong>Family flex space<\/strong>: Accommodates varied users\u2014adults, teens, or kids\u2014thanks to ergonomic and adjustable features that suit evolving needs.<\/li>\n<li><strong>Temporary workspace<\/strong>: Ideal for those seeking flexible setups for short-term projects, job changes, or side hustles, without the hassle of sourcing separate pieces.<\/li>\n<\/ul>\n<\/section>\n<section class=\"wtai-section wtai-custom_1754207271771-section\" data-wtai-block-id=\"wtai_product_description_custom_1754207271771\">\n<h2>Simple Care Tips for Your Home Office Starter Bundle<\/h2>\n<ul>\n<li>Wipe down your ergonomic mesh chair and the desk surface daily with a soft cloth to keep them fresh and inviting.<\/li>\n<li>Keep the monitor and keyboard free from dust by gently dusting them each week\u2014this ensures clarity and smooth performance.<\/li>\n<li>Tuck your office starter pack in a spot out of direct sunlight to maintain the vibrant look of your workspace.<\/li>\n<li>Quickly blot up any spills on the chair, desk, or keyboard to protect your task chair set and keep your space looking its best.<\/li>\n<\/ul>\n<\/section>\n<section class=\"wtai-section wtai-faqs-section\" data-wtai-block-id=\"wtai_product_description_faqs\">\n<h2>Frequently Asked Questions<\/h2>\n<p><strong>Is assembly required for the desk and chair?<\/strong><br \/>\nYes, both the table and chair are shipped flat-packed and include instructions for easy, straightforward assembly.<\/p>\n<p><strong>Does the monitor support multiple device connections?<\/strong><br \/>\nThe Samsung Essential S3 monitor features HDMI input for quick connection to laptops, desktops, or streaming devices.<\/p>\n<p><strong>Is the keyboard compatible with all operating systems?<\/strong><br \/>\nThe Logitech K400 wireless keyboard works with most Windows, Android, and select Chrome OS devices.<\/p>\n<p><strong>Can the chair adjust to fit different desk heights?<\/strong><br \/>\nThe ergonomic mesh chair features adjustable height and seat depth to accommodate a variety of users and desk configurations.<\/p>\n<p><strong>Is there cable management included with the desk?<\/strong><br \/>\nYes, the table comes with a built-in grommet that helps keep cables organized and out of view for a tidy workspace.<\/p>\n<\/section>\n<section class=\"wtai-section wtai-conclusion-section\" data-wtai-block-id=\"wtai_product_description_conclusion\">\n<h2>Ready to Transform Your Home Office?<\/h2>\n<p><strong>With the Home Office Starter Bundle, you get more than just the basics\u2014this set truly brings comfort, style, and productivity together.<\/strong> <strong>Make every workday easier with a coordinated space that adapts to your needs and maximizes focus.<\/strong> <strong>Upgrade to a desk with monitor stand today and enjoy a workspace that motivates you from the moment you sit down. Don\u2019t wait\u2014your new favorite office is just a click away.<\/strong><\/p>\n<\/section>\n","protected":false},"excerpt":{"rendered":"<p>The Home Office Starter Bundle makes it easy to create a workspace that inspires focus and comfort, whether you\u2019re building your first home office or upgrading your setup. This all-in-one solution delivers a modern desk with monitor stand space, combining a sleek OFX ergonomic table and an airy ergonomic mesh office chair that provides breathability and all-day support for your toughest deadlines.<\/p>\n<p>With the Samsung Essential Monitor S3 offering stunning Full HD visuals and fluid motion at 75Hz, every meeting, project, and binge session feels crisp and clear. The Logitech K400 wireless keyboard brings clutter-free typing and intuitive navigation with its integrated touchpad, streamlining your workflow.<\/p>\n<p>Perfect as an office starter pack, this task chair set blends style and utility, transforming any room into a dedicated workspace. Unlock a new standard for daily productivity and comfort with a bundle designed to help you thrive.<\/p>\n","protected":false},"featured_media":244252,"comment_status":"open","ping_status":"closed","template":"","meta":[],"product_brand":[],"product_cat":[151],"product_tag":[],"class_list":{"0":"post-248993","1":"product","2":"type-product","3":"status-publish","4":"has-post-thumbnail","6":"product_cat-dom-dekor","8":"first","9":"instock","10":"shipping-taxable","11":"purchasable","12":"product-type-bundle"},"bundled_by":[],"bundle_stock_status":"instock","bundle_stock_quantity":"","bundle_virtual":false,"bundle_layout":"default","bundle_add_to_cart_form_location":"default","bundle_editable_in_cart":false,"bundle_sold_individually_context":"product","bundle_item_grouping":"parent","bundle_min_size":"","bundle_max_size":"","bundle_price":{"price":{"min":{"incl_tax":"0","excl_tax":"0"},"max":{"incl_tax":"0","excl_tax":"0"}},"regular_price":{"min":{"incl_tax":"0","excl_tax":"0"},"max":{"incl_tax":"0","excl_tax":"0"}}},"bundled_items":[{"bundled_item_id":671,"product_id":36757,"menu_order":0,"quantity_min":1,"quantity_max":1,"quantity_default":1,"priced_individually":false,"shipped_individually":false,"override_title":false,"title":"Ergonomski Pisalni Stol z Mre\u017eo","override_description":false,"description":"Ergonomski Pisalni Stol z Mre\u017eo","optional":false,"hide_thumbnail":false,"discount":"","override_variations":false,"allowed_variations":[""],"override_default_variation_attributes":false,"default_variation_attributes":[],"single_product_visibility":"visible","cart_visibility":"visible","order_visibility":"visible","single_product_price_visibility":"visible","cart_price_visibility":"visible","order_price_visibility":"visible","stock_status":"in_stock"},{"bundled_item_id":672,"product_id":38422,"menu_order":1,"quantity_min":1,"quantity_max":1,"quantity_default":1,"priced_individually":false,"shipped_individually":false,"override_title":false,"title":"OFX Ergonomska Miza","override_description":false,"description":"OFX Ergonomska Miza","optional":false,"hide_thumbnail":false,"discount":"","override_variations":false,"allowed_variations":[""],"override_default_variation_attributes":false,"default_variation_attributes":[],"single_product_visibility":"visible","cart_visibility":"visible","order_visibility":"visible","single_product_price_visibility":"visible","cart_price_visibility":"visible","order_price_visibility":"visible","stock_status":"in_stock"},{"bundled_item_id":673,"product_id":46738,"menu_order":2,"quantity_min":1,"quantity_max":1,"quantity_default":1,"priced_individually":false,"shipped_individually":false,"override_title":false,"title":"Samsung Essential Monitor S3 24\u2033 \u2013 Full HD, IPS, 75Hz, HDMI","override_description":false,"description":"Samsung Essential Monitor S3 24\u2033 \u2013 Full HD, IPS, 75Hz, HDMI","optional":false,"hide_thumbnail":false,"discount":"","override_variations":false,"allowed_variations":[""],"override_default_variation_attributes":false,"default_variation_attributes":[],"single_product_visibility":"visible","cart_visibility":"visible","order_visibility":"visible","single_product_price_visibility":"visible","cart_price_visibility":"visible","order_price_visibility":"visible","stock_status":"in_stock"},{"bundled_item_id":674,"product_id":38522,"menu_order":3,"quantity_min":1,"quantity_max":1,"quantity_default":1,"priced_individually":false,"shipped_individually":false,"override_title":false,"title":"Logitech K400 Brez\u017ei\u010dna Tipkovnica","override_description":false,"description":"Logitech K400 Brez\u017ei\u010dna Tipkovnica","optional":false,"hide_thumbnail":false,"discount":"","override_variations":false,"allowed_variations":[""],"override_default_variation_attributes":false,"default_variation_attributes":[],"single_product_visibility":"visible","cart_visibility":"visible","order_visibility":"visible","single_product_price_visibility":"visible","cart_price_visibility":"visible","order_price_visibility":"visible","stock_status":"in_stock"}],"bundle_sell_ids":[],"yoast_head":"<!-- This site is optimized with the Yoast SEO plugin v25.2 - https:\/\/yoast.com\/wordpress\/plugins\/seo\/ -->\n<title>Home Office Starter Bundle for Organization and Comfort<\/title>\n<meta name=\"description\" content=\"Effortlessly coordinated workspace style. The Home Office Starter Bundle includes a desk with monitor stand, ergonomic chair, 24&quot; Full HD monitor, and wireless keyboard for a modern, productive setup.\" \/>\n<meta name=\"robots\" content=\"index, follow, max-snippet:-1, max-image-preview:large, max-video-preview:-1\" \/>\n<link rel=\"canonical\" href=\"https:\/\/demostore.ai\/sl\/izdelek\/zacetni-paket-za-domaco-pisarno\/\" \/>\n<meta property=\"og:type\" content=\"article\" \/>\n<meta property=\"og:title\" content=\"Home Office Starter Bundle for Organization and Comfort\" \/>\n<meta property=\"og:description\" content=\"Seamlessly styled coordination. The Home Office Starter Bundle delivers a task chair set with ergonomic comfort, a spacious desk with monitor stand, crisp full HD monitor, and wireless keyboard\u2014all in one simple package for focused productivity.\" \/>\n<meta property=\"og:url\" content=\"https:\/\/demostore.ai\/sl\/izdelek\/zacetni-paket-za-domaco-pisarno\/\" \/>\n<meta property=\"og:site_name\" content=\"Trendy Thread\" \/>\n<meta property=\"article:modified_time\" content=\"2026-04-28T10:03:01+00:00\" \/>\n<meta property=\"og:image\" content=\"https:\/\/demostore.ai\/wp-content\/uploads\/2026\/04\/Home-Office-Bundle.png\" \/>\n\t<meta property=\"og:image:width\" content=\"1000\" \/>\n\t<meta property=\"og:image:height\" content=\"1000\" \/>\n\t<meta property=\"og:image:type\" content=\"image\/png\" \/>\n<meta name=\"twitter:card\" content=\"summary_large_image\" \/>\n<meta name=\"twitter:title\" content=\"Home Office Starter Bundle for Organization and Comfort\" \/>\n<meta name=\"twitter:description\" content=\"Seamlessly styled coordination. The Home Office Starter Bundle delivers a task chair set with ergonomic comfort, a spacious desk with monitor stand, crisp full HD monitor, and wireless keyboard\u2014all in one simple package for focused productivity.\" \/>\n<meta name=\"twitter:label1\" content=\"Est. reading time\" \/>\n\t<meta name=\"twitter:data1\" content=\"4 minuta\" \/>\n<script type=\"application\/ld+json\" class=\"yoast-schema-graph\">{\"@context\":\"https:\/\/schema.org\",\"@graph\":[{\"@type\":\"WebPage\",\"@id\":\"https:\/\/demostore.ai\/sl\/izdelek\/zacetni-paket-za-domaco-pisarno\/\",\"url\":\"https:\/\/demostore.ai\/sl\/izdelek\/zacetni-paket-za-domaco-pisarno\/\",\"name\":\"Home Office Starter Bundle for Organization and Comfort\",\"isPartOf\":{\"@id\":\"https:\/\/demostore.ai\/sl\/#website\"},\"primaryImageOfPage\":{\"@id\":\"https:\/\/demostore.ai\/sl\/izdelek\/zacetni-paket-za-domaco-pisarno\/#primaryimage\"},\"image\":{\"@id\":\"https:\/\/demostore.ai\/sl\/izdelek\/zacetni-paket-za-domaco-pisarno\/#primaryimage\"},\"thumbnailUrl\":\"https:\/\/demostore.ai\/wp-content\/uploads\/2026\/04\/Home-Office-Bundle.png\",\"datePublished\":\"2026-04-13T07:19:02+00:00\",\"dateModified\":\"2026-04-28T10:03:01+00:00\",\"description\":\"Effortlessly coordinated workspace style. The Home Office Starter Bundle includes a desk with monitor stand, ergonomic chair, 24\\\" Full HD monitor, and wireless keyboard for a modern, productive setup.\",\"breadcrumb\":{\"@id\":\"https:\/\/demostore.ai\/sl\/izdelek\/zacetni-paket-za-domaco-pisarno\/#breadcrumb\"},\"inLanguage\":\"sl-SI\",\"potentialAction\":[{\"@type\":\"ReadAction\",\"target\":[\"https:\/\/demostore.ai\/sl\/izdelek\/zacetni-paket-za-domaco-pisarno\/\"]}]},{\"@type\":\"ImageObject\",\"inLanguage\":\"sl-SI\",\"@id\":\"https:\/\/demostore.ai\/sl\/izdelek\/zacetni-paket-za-domaco-pisarno\/#primaryimage\",\"url\":\"https:\/\/demostore.ai\/wp-content\/uploads\/2026\/04\/Home-Office-Bundle.png\",\"contentUrl\":\"https:\/\/demostore.ai\/wp-content\/uploads\/2026\/04\/Home-Office-Bundle.png\",\"width\":1000,\"height\":1000},{\"@type\":\"BreadcrumbList\",\"@id\":\"https:\/\/demostore.ai\/sl\/izdelek\/zacetni-paket-za-domaco-pisarno\/#breadcrumb\",\"itemListElement\":[{\"@type\":\"ListItem\",\"position\":1,\"name\":\"Doma\",\"item\":\"https:\/\/demostore.ai\/sl\/\"},{\"@type\":\"ListItem\",\"position\":2,\"name\":\"Trgovina\",\"item\":\"https:\/\/demostore.ai\/sl\/trgovina\/\"},{\"@type\":\"ListItem\",\"position\":3,\"name\":\"Za\u010detni paket za doma\u010do pisarno\"}]},{\"@type\":\"WebSite\",\"@id\":\"https:\/\/demostore.ai\/sl\/#website\",\"url\":\"https:\/\/demostore.ai\/sl\/\",\"name\":\"Trendy Thread\",\"description\":\"Demo trgovina WriteText.ai\",\"publisher\":{\"@id\":\"https:\/\/demostore.ai\/sl\/#organization\"},\"potentialAction\":[{\"@type\":\"SearchAction\",\"target\":{\"@type\":\"EntryPoint\",\"urlTemplate\":\"https:\/\/demostore.ai\/sl\/?s={search_term_string}\"},\"query-input\":{\"@type\":\"PropertyValueSpecification\",\"valueRequired\":true,\"valueName\":\"search_term_string\"}}],\"inLanguage\":\"sl-SI\"},{\"@type\":\"Organization\",\"@id\":\"https:\/\/demostore.ai\/sl\/#organization\",\"name\":\"WriteText.ai\",\"url\":\"https:\/\/demostore.ai\/sl\/\",\"logo\":{\"@type\":\"ImageObject\",\"inLanguage\":\"sl-SI\",\"@id\":\"https:\/\/demostore.ai\/sl\/#\/schema\/logo\/image\/\",\"url\":\"https:\/\/demostore.ai\/wp-content\/uploads\/2025\/10\/writetext_logo.webp\",\"contentUrl\":\"https:\/\/demostore.ai\/wp-content\/uploads\/2025\/10\/writetext_logo.webp\",\"width\":200,\"height\":34,\"caption\":\"WriteText.ai\"},\"image\":{\"@id\":\"https:\/\/demostore.ai\/sl\/#\/schema\/logo\/image\/\"}}]}<\/script>\n<!-- \/ Yoast SEO plugin. -->","yoast_head_json":{"title":"Home Office Starter Bundle for Organization and Comfort","description":"Effortlessly coordinated workspace style. The Home Office Starter Bundle includes a desk with monitor stand, ergonomic chair, 24\" Full HD monitor, and wireless keyboard for a modern, productive setup.","robots":{"index":"index","follow":"follow","max-snippet":"max-snippet:-1","max-image-preview":"max-image-preview:large","max-video-preview":"max-video-preview:-1"},"canonical":"https:\/\/demostore.ai\/sl\/izdelek\/zacetni-paket-za-domaco-pisarno\/","og_type":"article","og_title":"Home Office Starter Bundle for Organization and Comfort","og_description":"Seamlessly styled coordination. The Home Office Starter Bundle delivers a task chair set with ergonomic comfort, a spacious desk with monitor stand, crisp full HD monitor, and wireless keyboard\u2014all in one simple package for focused productivity.","og_url":"https:\/\/demostore.ai\/sl\/izdelek\/zacetni-paket-za-domaco-pisarno\/","og_site_name":"Trendy Thread","article_modified_time":"2026-04-28T10:03:01+00:00","og_image":[{"width":1000,"height":1000,"url":"https:\/\/demostore.ai\/wp-content\/uploads\/2026\/04\/Home-Office-Bundle.png","type":"image\/png"}],"twitter_card":"summary_large_image","twitter_title":"Home Office Starter Bundle for Organization and Comfort","twitter_description":"Seamlessly styled coordination. The Home Office Starter Bundle delivers a task chair set with ergonomic comfort, a spacious desk with monitor stand, crisp full HD monitor, and wireless keyboard\u2014all in one simple package for focused productivity.","twitter_misc":{"Est. reading time":"4 minuta"},"schema":{"@context":"https:\/\/schema.org","@graph":[{"@type":"WebPage","@id":"https:\/\/demostore.ai\/sl\/izdelek\/zacetni-paket-za-domaco-pisarno\/","url":"https:\/\/demostore.ai\/sl\/izdelek\/zacetni-paket-za-domaco-pisarno\/","name":"Home Office Starter Bundle for Organization and Comfort","isPartOf":{"@id":"https:\/\/demostore.ai\/sl\/#website"},"primaryImageOfPage":{"@id":"https:\/\/demostore.ai\/sl\/izdelek\/zacetni-paket-za-domaco-pisarno\/#primaryimage"},"image":{"@id":"https:\/\/demostore.ai\/sl\/izdelek\/zacetni-paket-za-domaco-pisarno\/#primaryimage"},"thumbnailUrl":"https:\/\/demostore.ai\/wp-content\/uploads\/2026\/04\/Home-Office-Bundle.png","datePublished":"2026-04-13T07:19:02+00:00","dateModified":"2026-04-28T10:03:01+00:00","description":"Effortlessly coordinated workspace style. The Home Office Starter Bundle includes a desk with monitor stand, ergonomic chair, 24\" Full HD monitor, and wireless keyboard for a modern, productive setup.","breadcrumb":{"@id":"https:\/\/demostore.ai\/sl\/izdelek\/zacetni-paket-za-domaco-pisarno\/#breadcrumb"},"inLanguage":"sl-SI","potentialAction":[{"@type":"ReadAction","target":["https:\/\/demostore.ai\/sl\/izdelek\/zacetni-paket-za-domaco-pisarno\/"]}]},{"@type":"ImageObject","inLanguage":"sl-SI","@id":"https:\/\/demostore.ai\/sl\/izdelek\/zacetni-paket-za-domaco-pisarno\/#primaryimage","url":"https:\/\/demostore.ai\/wp-content\/uploads\/2026\/04\/Home-Office-Bundle.png","contentUrl":"https:\/\/demostore.ai\/wp-content\/uploads\/2026\/04\/Home-Office-Bundle.png","width":1000,"height":1000},{"@type":"BreadcrumbList","@id":"https:\/\/demostore.ai\/sl\/izdelek\/zacetni-paket-za-domaco-pisarno\/#breadcrumb","itemListElement":[{"@type":"ListItem","position":1,"name":"Doma","item":"https:\/\/demostore.ai\/sl\/"},{"@type":"ListItem","position":2,"name":"Trgovina","item":"https:\/\/demostore.ai\/sl\/trgovina\/"},{"@type":"ListItem","position":3,"name":"Za\u010detni paket za doma\u010do pisarno"}]},{"@type":"WebSite","@id":"https:\/\/demostore.ai\/sl\/#website","url":"https:\/\/demostore.ai\/sl\/","name":"Trendy Thread","description":"Demo trgovina WriteText.ai","publisher":{"@id":"https:\/\/demostore.ai\/sl\/#organization"},"potentialAction":[{"@type":"SearchAction","target":{"@type":"EntryPoint","urlTemplate":"https:\/\/demostore.ai\/sl\/?s={search_term_string}"},"query-input":{"@type":"PropertyValueSpecification","valueRequired":true,"valueName":"search_term_string"}}],"inLanguage":"sl-SI"},{"@type":"Organization","@id":"https:\/\/demostore.ai\/sl\/#organization","name":"WriteText.ai","url":"https:\/\/demostore.ai\/sl\/","logo":{"@type":"ImageObject","inLanguage":"sl-SI","@id":"https:\/\/demostore.ai\/sl\/#\/schema\/logo\/image\/","url":"https:\/\/demostore.ai\/wp-content\/uploads\/2025\/10\/writetext_logo.webp","contentUrl":"https:\/\/demostore.ai\/wp-content\/uploads\/2025\/10\/writetext_logo.webp","width":200,"height":34,"caption":"WriteText.ai"},"image":{"@id":"https:\/\/demostore.ai\/sl\/#\/schema\/logo\/image\/"}}]}},"_links":{"self":[{"href":"https:\/\/demostore.ai\/sl\/wp-json\/wp\/v2\/product\/248993","targetHints":{"allow":["GET"]}}],"collection":[{"href":"https:\/\/demostore.ai\/sl\/wp-json\/wp\/v2\/product"}],"about":[{"href":"https:\/\/demostore.ai\/sl\/wp-json\/wp\/v2\/types\/product"}],"replies":[{"embeddable":true,"href":"https:\/\/demostore.ai\/sl\/wp-json\/wp\/v2\/comments?post=248993"}],"wp:featuredmedia":[{"embeddable":true,"href":"https:\/\/demostore.ai\/sl\/wp-json\/wp\/v2\/media\/244252"}],"wp:attachment":[{"href":"https:\/\/demostore.ai\/sl\/wp-json\/wp\/v2\/media?parent=248993"}],"wp:term":[{"taxonomy":"product_brand","embeddable":true,"href":"https:\/\/demostore.ai\/sl\/wp-json\/wp\/v2\/product_brand?post=248993"},{"taxonomy":"product_cat","embeddable":true,"href":"https:\/\/demostore.ai\/sl\/wp-json\/wp\/v2\/product_cat?post=248993"},{"taxonomy":"product_tag","embeddable":true,"href":"https:\/\/demostore.ai\/sl\/wp-json\/wp\/v2\/product_tag?post=248993"}],"curies":[{"name":"wp","href":"https:\/\/api.w.org\/{rel}","templated":true}]}}